{"id":1465799,"date":"2025-11-12T16:22:22","date_gmt":"2025-11-12T16:22:22","guid":{"rendered":"https:\/\/talkpal.ai\/cviceni-pastske-gramatiky\/"},"modified":"2025-12-30T11:37:17","modified_gmt":"2025-12-30T11:37:17","slug":"cviceni-pastske-gramatiky","status":"publish","type":"page","link":"https:\/\/talkpal.ai\/cs\/cviceni-pastske-gramatiky\/","title":{"rendered":"Cvi\u010den\u00ed pa\u0161tsk\u00e9 gramatiky"},"content":{"rendered":"\r\n\r\n\r\n<section class=\"languageChallengeSection\">\r\n    <div class=\"languageInfoWrapper\">\r\n        \r\n        <h1>Cvi\u010den\u00ed pa\u0161tsk\u00e9 gramatiky<\/h1>\r\n        <p>Jste p\u0159ipraveni pono\u0159it se do pa\u0161tsk\u00e9 gramatiky? Procvi\u010den\u00ed n\u011bkolika z\u00e1klad\u016f v\u00e1m pom\u016f\u017ee se s t\u00edmto jedine\u010dn\u00fdm a kr\u00e1sn\u00fdm jazykem s\u017e\u00edt. Vyzkou\u0161ejte tato cvi\u010den\u00ed, abyste si pos\u00edlili sebev\u011bdom\u00ed a pobavili se u toho!<\/p>\r\n\r\n                            <a class=\"getStartedHidden\" href=\"https:\/\/app.talkpal.ai\/cs\/signup?lng=\">Za\u010dni<\/a>\r\n        \r\n    <\/div>\r\n\r\n    <figure>\r\n    <img decoding=\"async\" width=\"768\" height=\"768\" src=\"https:\/\/talkpal.ai\/wp-content\/uploads\/2023\/06\/welsh-768x768.png\" class=\"languageImage no-lazy\" alt=\"Language learning for better cognitive abilities\" fetchpriority=\"high\" sizes=\"(max-width: 768px) 150px, 768px\" srcset=\"https:\/\/talkpal.ai\/wp-content\/uploads\/2023\/06\/welsh-768x768.png 768w, https:\/\/talkpal.ai\/wp-content\/uploads\/2023\/06\/welsh-300x300.png 300w\" \/>\r\n    \r\n\r\n    <\/figure>\r\n\r\n            <a class=\"getStartedVisible\" href=\"https:\/\/app.talkpal.ai\/cs\/signup?lng=\">Za\u010dni<\/a>\r\n    \r\n<\/section><section class=\"promotionalBanner\">\r\n    <p class=\"promotionalText\">Nejefektivn\u011bj\u0161\u00ed <a href=\"https:\/\/talkpal.ai\/best-way-to-learn\/\">zp\u016fsob<\/a>, jak se nau\u010dit jazyk<\/p>\r\n    <a class=\"promotionalLink\" href=\"https:\/\/app.talkpal.ai\/cs\/signup?lng=\">Vyzkou\u0161ejte Talkpal zdarma<\/a>\r\n<\/section>\n<div class=\"wp-block-group pageContainerStyle\"><div class=\"wp-block-group__inner-container is-layout-constrained wp-block-group-is-layout-constrained\">\n<h2 class=\"wp-block-heading\" id=\"h-pashto-grammar-topics\">T\u00e9mata pa\u0161tsk\u00e9 gramatiky<\/h2>\n\n\n\n<p><a href=\"https:\/\/talkpal.ai\/cs\/nejvetsi-chyby-kterych-je-treba-se-vyvarovat-pri-uceni-noveho-jazyka\/\">Nau\u010dit se nov\u00fd jazyk<\/a> m\u016f\u017ee b\u00fdt n\u00e1ro\u010dn\u00e9, ale obohacuj\u00edc\u00ed \u00fasil\u00ed. <a href=\"https:\/\/talkpal.ai\/learn-pashto\/\">Pa\u0161t\u0161tina<\/a>, v\u00fdchodo\u00edr\u00e1nsk\u00fd jazyk, kter\u00fdm se mluv\u00ed hlavn\u011b v Afgh\u00e1nist\u00e1nu a P\u00e1kist\u00e1nu, nen\u00ed v\u00fdjimkou. <a href=\"https:\/\/talkpal.ai\/cs\/talkpal-pro-vzdelavani\/\">U\u010den\u00ed<\/a> pa\u0161t\u0161tiny s jej\u00edmi jedine\u010dn\u00fdmi vlastnostmi a strukturami vy\u017eaduje systematick\u00fd p\u0159\u00edstup k pochopen\u00ed jej\u00ed gramatiky. Tato p\u0159\u00edru\u010dka nasti\u0148uje kl\u00ed\u010dov\u00e9 oblasti <a href=\"https:\/\/talkpal.ai\/cs\/pastska-gramatika\/\">pa\u0161tsk\u00e9 gramatiky<\/a> v logick\u00e9m sledu pro <a href=\"https:\/\/talkpal.ai\/cs\/talkpal-pro-vzdelavani\/\">v\u00fduku jazyk\u016f<\/a>, po\u010d\u00ednaje z\u00e1klady, jako jsou podstatn\u00e1 jm\u00e9na a \u010dleny, a pokra\u010duje slo\u017eit\u011bj\u0161\u00edmi oblastmi, jako jsou \u010dasy a stavba v\u011bt.<\/p>\n\n\n\n<h3 class=\"wp-block-heading\" id=\"h-1-nouns\">1. Podstatn\u00e1 jm\u00e9na:<\/h3>\n\n\n\n<p>Za\u010dn\u011bte svou cestu pa\u0161t\u0161tinou t\u00edm, \u017ee se nau\u010d\u00edte podstatn\u00e1 jm\u00e9na. To zahrnuje pochopen\u00ed r\u016fzn\u00fdch kategori\u00ed podstatn\u00fdch jmen, jako jsou obecn\u00e1 a vlastn\u00ed jm\u00e9na, jejich gramatick\u00fd rod a tvary mno\u017en\u00e9ho \u010d\u00edsla.<\/p>\n\n\n\n<h3 class=\"wp-block-heading\" id=\"h-2-articles\">2. \u010cl\u00e1nky:<\/h3>\n\n\n\n<p>\u010cl\u00e1nky v pa\u0161t\u0161tin\u011b funguj\u00ed jinak ne\u017e v <a href=\"https:\/\/talkpal.ai\/ai-english-speaking-practice\/\">angli\u010dtin\u011b<\/a>. Pa\u0161t\u0161tina nem\u00e1 \u017e\u00e1dn\u00fd ur\u010dit\u00fd \u010dlen a neur\u010ditost je \u010dasto neozna\u010dena nebo zobrazena \u010d\u00edslic\u00ed &#8222;vybo\u010den\u00ed&#8220;, co\u017e znamen\u00e1 &#8222;a&#8220;. Nau\u010dte se, jak je ur\u010ditost vyj\u00e1d\u0159ena kontextem, ukazovac\u00edmi z\u00e1jmeny a slovosledem.<\/p>\n\n\n\n<h3 class=\"wp-block-heading\" id=\"h-3-adjectives\">3. P\u0159\u00eddavn\u00e1 jm\u00e9na:<\/h3>\n\n\n\n<p>P\u0159\u00eddavn\u00e1 jm\u00e9na v pa\u0161t\u0161tin\u011b obvykle p\u0159edch\u00e1zej\u00ed sv\u00fdm podstatn\u00fdm jm\u00e9n\u016fm. Budete se tak\u00e9 muset nau\u010dit o zvuku linkeru &#8222;-e&#8220; pou\u017e\u00edvan\u00e9m mezi podstatn\u00fdmi jm\u00e9ny a modifik\u00e1tory v mnoha kontextech a jak tvo\u0159it komparativy a superlativy, obvykle s &#8222;tar&#8220; a &#8222;tar tulo&#8220;.<\/p>\n\n\n\n<h3 class=\"wp-block-heading\" id=\"h-4-pronouns-determiners\">4. Z\u00e1jmena\/determinanty:<\/h3>\n\n\n\n<p>Z\u00e1jmena a determinanty jsou v pa\u0161t\u0161tin\u011b z\u00e1sadn\u00ed; Nahrazuj\u00ed podstatn\u00e1 jm\u00e9na a poskytuj\u00ed informace o osob\u011b, \u010d\u00edsle, pohlav\u00ed, vlastnictv\u00ed a mno\u017estv\u00ed. Pa\u0161tsk\u00e1 z\u00e1jmena maj\u00ed p\u0159\u00edm\u00e9 a \u0161ikm\u00e9 tvary a posedlost je \u010dasto ozna\u010dena \u010d\u00e1stic\u00ed &#8222;da&#8220; nebo pronomin\u00e1ln\u00edmi klitiky.<\/p>\n\n\n\n<h3 class=\"wp-block-heading\" id=\"h-5-verbs\">5. Slovesa:<\/h3>\n\n\n\n<p>Pa\u0161tsk\u00e1 slovesa maj\u00ed r\u016fzn\u00e9 tvary v z\u00e1vislosti na \u010dase, vidu, n\u00e1lad\u011b, hlasu, osob\u011b a \u010d\u00edsle. Mnoho sloves je slo\u017een\u00fdch, \u010dasto se pou\u017e\u00edv\u00e1 &#8222;kol&#8220; do nebo &#8222;kedal&#8220; be done. Za\u010dn\u011bte s p\u0159\u00edtomn\u00fdm \u010dasem a rozkazovac\u00edm zp\u016fsobem a postupn\u011b zkoumejte minul\u00fd a budouc\u00ed \u010das.<\/p>\n\n\n\n<h3 class=\"wp-block-heading\" id=\"h-6-tenses\">6. \u010casy:<\/h3>\n\n\n\n<p>Po zvl\u00e1dnut\u00ed slovesn\u00fdch tvar\u016f se pono\u0159te hloub\u011bji do syst\u00e9mu pa\u0161tsk\u00e9ho \u010dasu a vidu. To zahrnuje pochopen\u00ed sou\u010dasnosti, minulosti a budoucnosti, stejn\u011b jako kontrastu mezi nedokonav\u00fdmi a dokonav\u00fdmi aspekty a t\u00edm, jak jsou pou\u017e\u00edv\u00e1ny v r\u016fzn\u00fdch kontextech.<\/p>\n\n\n\n<h3 class=\"wp-block-heading\" id=\"h-7-tense-comparison\">7. Srovn\u00e1n\u00ed \u010das\u016f:<\/h3>\n\n\n\n<p>Porovn\u00e1v\u00e1n\u00ed \u010das\u016f v pa\u0161t\u0161tin\u011b pom\u00e1h\u00e1 pochopit aspekt a sled ud\u00e1lost\u00ed. Porovn\u00e1n\u00ed stejn\u00e9ho slovesa v r\u016fzn\u00fdch \u010dasech, zejm\u00e9na dokonav\u00e9ho a nedokonav\u00e9ho minul\u00e9ho, umo\u017en\u00ed l\u00e9pe porozum\u011bt pa\u0161t\u0161tin\u011b.<\/p>\n\n\n\n<h3 class=\"wp-block-heading\" id=\"h-8-progressive\">8. Progresivn\u00ed:<\/h3>\n\n\n\n<p>Progresivn\u00ed aspekt v pa\u0161t\u0161tin\u011b je \u010dasto vyj\u00e1d\u0159en p\u0159\u00edtomn\u00fdm \u010dasem prost\u00fdm, zejm\u00e9na u slo\u017een\u00fdch sloves jako &#8222;kar kol&#8220; pr\u00e1ce. M\u016f\u017ee b\u00fdt tak\u00e9 explicitn\u011b vyj\u00e1d\u0159ena pomoc\u00ed participi\u00e1ln\u00edch p\u0159\u00eddavn\u00fdch jmen, jako je &#8222;rawan&#8220;, kter\u00e1 jdou ruku v ruce se slovesem &#8222;b\u00fdt&#8220;.<\/p>\n\n\n\n<h3 class=\"wp-block-heading\" id=\"h-9-perfect-progressive\">9. Perfektn\u00ed progresivn\u00ed:<\/h3>\n\n\n\n<p>Tento v\u00fdznam je b\u011b\u017en\u011b vyj\u00e1d\u0159en \u010dasov\u00fdmi v\u00fdrazy a vidov\u00fdmi konstrukcemi, nap\u0159\u00edklad &#8222;keghegi &#8230; che + p\u0159\u00edtomnost&#8220; se d\u011bje, \u017ee &#8230;, nebo kombinac\u00ed participi\u00e1ln\u00edch tvar\u016f s minul\u00fdmi tvary slova &#8222;b\u00fdt&#8220;, v z\u00e1vislosti na slovesu a kontextu.<\/p>\n\n\n\n<h3 class=\"wp-block-heading\" id=\"h-10-conditionals\">10. Kondicion\u00e1ly:<\/h3>\n\n\n\n<p>Podmi\u0148ovac\u00ed zp\u016fsob vyjad\u0159uje hypotetick\u00e9 situace a jejich mo\u017en\u00e9 v\u00fdsledky. V pa\u0161t\u0161tin\u011b pou\u017eijte &#8222;ka&#8220; pro if. Re\u00e1ln\u00e9 podm\u00ednky \u010dasto pou\u017e\u00edvaj\u00ed sou\u010dasn\u00e9 nebo budouc\u00ed formy, zat\u00edmco hypotetick\u00e9 nebo kontrafaktu\u00e1ln\u00ed podm\u00ednky pou\u017e\u00edvaj\u00ed minul\u00e9 formy a mohou zahrnovat \u010d\u00e1stici &#8222;ba&#8220; k vyj\u00e1d\u0159en\u00ed by.<\/p>\n\n\n\n<h3 class=\"wp-block-heading\" id=\"h-11-adverbs\">11. P\u0159\u00edslovce:<\/h3>\n\n\n\n<p>P\u0159\u00edslovce v pa\u0161t\u0161tin\u011b modifikuj\u00ed slovesa, p\u0159\u00eddavn\u00e1 jm\u00e9na nebo jin\u00e1 p\u0159\u00edslovce. Poskytuj\u00ed informace o zp\u016fsobu, m\u00edst\u011b, \u010dase, stupni a dal\u0161\u00edch a \u010dasto jsou tvo\u0159eny z p\u0159\u00eddavn\u00fdch jmen nebo vyj\u00e1d\u0159eny p\u0159edlo\u017ekov\u00fdmi vazbami.<\/p>\n\n\n\n<h3 class=\"wp-block-heading\" id=\"h-12-prepositions\">12. P\u0159edlo\u017eky:<\/h3>\n\n\n\n<p>P\u0159edlo\u017eky spojuj\u00ed slova a fr\u00e1ze dohromady. V pa\u0161t\u0161tin\u011b pat\u0159\u00ed mezi b\u011b\u017en\u00e9 p\u0159edlo\u017eky &#8222;pa&#8220;, &#8222;la&#8220;, &#8222;tar&#8220;, &#8222;par&#8220; a &#8222;da&#8220;. Vyjad\u0159uj\u00ed vztahy \u010dasu, m\u00edsta, sm\u011bru, zdroje, vlastnictv\u00ed a dal\u0161\u00edch a mohou vy\u017eadovat nep\u0159\u00edm\u00e9 tvary z\u00e1jmen.<\/p>\n\n\n\n<h3 class=\"wp-block-heading\" id=\"h-13-sentences\">13. V\u011bty:<\/h3>\n\n\n\n<p>Nakonec si procvi\u010dte vytv\u00e1\u0159en\u00ed v\u011bt. Pa\u0161t\u0161tina se obvykle \u0159\u00edd\u00ed po\u0159ad\u00edm sloves podm\u011btem a p\u0159edm\u011btem, p\u0159i\u010dem\u017e sloveso je \u010dasto na konci. To bude zahrnovat pou\u017eit\u00ed v\u0161ech d\u0159\u00edve nau\u010den\u00fdch gramatick\u00fdch bod\u016f v kontextu, \u010d\u00edm\u017e bude zaji\u0161t\u011bno komplexn\u00ed porozum\u011bn\u00ed pa\u0161t\u0161tin\u011b.<\/p>\n<\/div><\/div>\n\r\n<section class=\"learnNavigationSection\">\r\n            \r\n        <a href=\"https:\/\/talkpal.ai\/cs\/naucte-se-paststinu\/\">\r\n            <div class=\"learnNavigationWrapper\">\r\n                <div class=\"learnNavigationContent\">\r\n                    <img decoding=\"async\" src=\"https:\/\/talkpal.ai\/wp-content\/uploads\/2025\/11\/Pashto.png\" alt=\"Afghan Flag\">\r\n                    <div>\r\n                        <h4>O u\u010den\u00ed pa\u0161t\u0161tiny<\/h4>\r\n                        <p>Zjist\u011bte v\u0161e o pa\u0161tsk\u00e9 gramatice.<\/p>\r\n                    <\/div>\r\n                <\/div>\r\n            <\/div>\r\n        <\/a>\r\n\r\n        \r\n        <a href=\"https:\/\/talkpal.ai\/cs\/pastska-gramatika\/\">\r\n            <div class=\"learnNavigationWrapper\">\r\n                <div class=\"learnNavigationContent\">\r\n                    <img decoding=\"async\" src=\"https:\/\/talkpal.ai\/wp-content\/uploads\/2025\/11\/Pashto.png\" alt=\"Afghan Flag\">\r\n                    <div>\r\n                        <h4>Lekce pa\u0161tsk\u00e9 gramatiky<\/h4>\r\n                        <p>Procvi\u010dujte si pa\u0161tskou gramatiku.<\/p>\r\n                    <\/div>\r\n                <\/div>\r\n            <\/div>\r\n        <\/a>\r\n\r\n            <\/section>","protected":false},"excerpt":{"rendered":"<p>T\u00e9mata pa\u0161tsk\u00e9 gramatiky Nau\u010dit se nov\u00fd jazyk m\u016f\u017ee b\u00fdt n\u00e1ro\u010dn\u00e9, ale obohacuj\u00edc\u00ed \u00fasil\u00ed. Pa\u0161t\u0161tina, v\u00fdchodo\u00edr\u00e1nsk\u00fd jazyk, kter\u00fdm se mluv\u00ed hlavn\u011b v Afgh\u00e1nist\u00e1nu a P\u00e1kist\u00e1nu, nen\u00ed v\u00fdjimkou. U\u010den\u00ed pa\u0161t\u0161tiny s jej\u00edmi jedine\u010dn\u00fdmi vlastnostmi a strukturami vy\u017eaduje systematick\u00fd p\u0159\u00edstup k pochopen\u00ed jej\u00ed gramatiky. Tato p\u0159\u00edru\u010dka nasti\u0148uje kl\u00ed\u010dov\u00e9 oblasti pa\u0161tsk\u00e9 gramatiky v logick\u00e9m sledu pro v\u00fduku jazyk\u016f, po\u010d\u00ednaje [&hellip;]<\/p>\n","protected":false},"author":20,"featured_media":0,"parent":0,"menu_order":0,"comment_status":"closed","ping_status":"closed","template":"LearningContentPage.php","meta":{"_acf_changed":false,"footnotes":""},"class_list":["post-1465799","page","type-page","status-publish","hentry"],"acf":[],"yoast_head":"<!-- This site is optimized with the Yoast SEO Premium plugin v27.2 (Yoast SEO v27.2) - https:\/\/yoast.com\/product\/yoast-seo-premium-wordpress\/ -->\n<title>Cvi\u010den\u00ed pa\u0161tsk\u00e9 gramatiky - Talkpal<\/title>\n<meta name=\"description\" content=\"Zvl\u00e1dn\u011bte pa\u0161tunskou gramatiku s komplexn\u00edmi cvi\u010den\u00edmi zahrnuj\u00edc\u00edmi podstatn\u00e1 jm\u00e9na, slovesa, \u010dasy a strukturu v\u011bt pro efektivn\u00ed v\u00fduku jazyka.\" \/>\n<meta name=\"robots\" content=\"index, follow, max-snippet:-1, max-image-preview:large, max-video-preview:-1\" \/>\n<link rel=\"canonical\" href=\"https:\/\/talkpal.ai\/cs\/cviceni-pastske-gramatiky\/\" \/>\n<meta property=\"og:locale\" content=\"cs_CZ\" \/>\n<meta property=\"og:type\" content=\"article\" \/>\n<meta property=\"og:title\" content=\"Cvi\u010den\u00ed pa\u0161tsk\u00e9 gramatiky\" \/>\n<meta property=\"og:description\" content=\"T\u00e9mata pa\u0161tsk\u00e9 gramatiky Nau\u010dit se nov\u00fd jazyk m\u016f\u017ee b\u00fdt n\u00e1ro\u010dn\u00e9, ale obohacuj\u00edc\u00ed \u00fasil\u00ed. Pa\u0161t\u0161tina, v\u00fdchodo\u00edr\u00e1nsk\u00fd jazyk, kter\u00fdm se mluv\u00ed hlavn\u011b v\" \/>\n<meta property=\"og:url\" content=\"https:\/\/talkpal.ai\/cs\/cviceni-pastske-gramatiky\/\" \/>\n<meta property=\"og:site_name\" content=\"Talkpal\" \/>\n<meta property=\"article:publisher\" content=\"https:\/\/www.facebook.com\/profile.php?id=100090733639311\" \/>\n<meta property=\"article:modified_time\" content=\"2025-12-30T11:37:17+00:00\" \/>\n<meta property=\"og:image\" content=\"https:\/\/talkpal.ai\/wp-content\/uploads\/2025\/02\/Progress-tab-16_9.png\" \/>\n\t<meta property=\"og:image:width\" content=\"2880\" \/>\n\t<meta property=\"og:image:height\" content=\"1620\" \/>\n\t<meta property=\"og:image:type\" content=\"image\/png\" \/>\n<meta name=\"twitter:card\" content=\"summary_large_image\" \/>\n<meta name=\"twitter:site\" content=\"@talkpalai\" \/>\n<meta name=\"twitter:label1\" content=\"Odhadovan\u00e1 doba \u010dten\u00ed\" \/>\n\t<meta name=\"twitter:data1\" content=\"4 minuty\" \/>\n<script type=\"application\/ld+json\" class=\"yoast-schema-graph\">{\"@context\":\"https:\/\/schema.org\",\"@graph\":[{\"@type\":\"WebPage\",\"@id\":\"https:\/\/talkpal.ai\/cs\/cviceni-pastske-gramatiky\/\",\"url\":\"https:\/\/talkpal.ai\/cs\/cviceni-pastske-gramatiky\/\",\"name\":\"Cvi\u010den\u00ed pa\u0161tsk\u00e9 gramatiky - Talkpal\",\"isPartOf\":{\"@id\":\"https:\/\/talkpal.ai\/cs\/#website\"},\"datePublished\":\"2025-11-12T16:22:22+00:00\",\"dateModified\":\"2025-12-30T11:37:17+00:00\",\"description\":\"Zvl\u00e1dn\u011bte pa\u0161tunskou gramatiku s komplexn\u00edmi cvi\u010den\u00edmi zahrnuj\u00edc\u00edmi podstatn\u00e1 jm\u00e9na, slovesa, \u010dasy a strukturu v\u011bt pro efektivn\u00ed v\u00fduku jazyka.\",\"breadcrumb\":{\"@id\":\"https:\/\/talkpal.ai\/cs\/cviceni-pastske-gramatiky\/#breadcrumb\"},\"inLanguage\":\"cs\",\"potentialAction\":[{\"@type\":\"ReadAction\",\"target\":[\"https:\/\/talkpal.ai\/cs\/cviceni-pastske-gramatiky\/\"]}]},{\"@type\":\"BreadcrumbList\",\"@id\":\"https:\/\/talkpal.ai\/cs\/cviceni-pastske-gramatiky\/#breadcrumb\",\"itemListElement\":[{\"@type\":\"ListItem\",\"position\":1,\"name\":\"Homepage\",\"item\":\"https:\/\/talkpal.ai\/cs\/\"},{\"@type\":\"ListItem\",\"position\":2,\"name\":\"Cvi\u010den\u00ed pa\u0161tsk\u00e9 gramatiky\"}]},{\"@type\":\"WebSite\",\"@id\":\"https:\/\/talkpal.ai\/cs\/#website\",\"url\":\"https:\/\/talkpal.ai\/cs\/\",\"name\":\"Talkpal\",\"description\":\"AI Language Learning\",\"publisher\":{\"@id\":\"https:\/\/talkpal.ai\/cs\/#organization\"},\"alternateName\":\"Talkpal AI\",\"potentialAction\":[{\"@type\":\"SearchAction\",\"target\":{\"@type\":\"EntryPoint\",\"urlTemplate\":\"https:\/\/talkpal.ai\/cs\/?s={search_term_string}\"},\"query-input\":{\"@type\":\"PropertyValueSpecification\",\"valueRequired\":true,\"valueName\":\"search_term_string\"}}],\"inLanguage\":\"cs\"},{\"@type\":\"Organization\",\"@id\":\"https:\/\/talkpal.ai\/cs\/#organization\",\"name\":\"Talkpal, Inc.\",\"alternateName\":\"Talkpal AI\",\"url\":\"https:\/\/talkpal.ai\/cs\/\",\"logo\":{\"@type\":\"ImageObject\",\"inLanguage\":\"cs\",\"@id\":\"https:\/\/talkpal.ai\/cs\/#\/schema\/logo\/image\/\",\"url\":\"https:\/\/talkpal.ai\/wp-content\/uploads\/2024\/03\/Talkpal-Logo-Icon.png\",\"contentUrl\":\"https:\/\/talkpal.ai\/wp-content\/uploads\/2024\/03\/Talkpal-Logo-Icon.png\",\"width\":2880,\"height\":2880,\"caption\":\"Talkpal, Inc.\"},\"image\":{\"@id\":\"https:\/\/talkpal.ai\/cs\/#\/schema\/logo\/image\/\"},\"sameAs\":[\"https:\/\/www.facebook.com\/profile.php?id=100090733639311\",\"https:\/\/x.com\/talkpalai\",\"https:\/\/www.linkedin.com\/company\/talkpal\/\",\"https:\/\/www.youtube.com\/@TalkPal\/\",\"https:\/\/www.tiktok.com\/@talkpal\",\"https:\/\/www.instagram.com\/talkpal_ai\/\",\"https:\/\/www.crunchbase.com\/organization\/talkpal-9cde\",\"https:\/\/www.g2.com\/products\/talkpal-for-business\/\",\"https:\/\/www.trustpilot.com\/review\/talkpal.ai\",\"https:\/\/www.capterra.com\/p\/10006800\/TalkPal\/\"],\"description\":\"Talkpal is a language learning web and mobile education app, powered by the latest AI technologies, that provides engaging experiences to its customers in many different languages to help them improve their language skills. Users can chat about unlimited amount of topics with the app and use other modes to practice their language learning.\",\"email\":\"support@talkpal.ai\",\"legalName\":\"Talkpal, Inc.\",\"foundingDate\":\"2023-04-03\",\"duns\":\"118989042\",\"numberOfEmployees\":{\"@type\":\"QuantitativeValue\",\"minValue\":\"11\",\"maxValue\":\"50\"},\"publishingPrinciples\":\"https:\/\/talkpal.ai\/publishing-principles\/\",\"actionableFeedbackPolicy\":\"https:\/\/talkpal.ai\/actionable-feedback-policy\/\",\"correctionsPolicy\":\"https:\/\/talkpal.ai\/corrections-policy\/\",\"ethicsPolicy\":\"https:\/\/talkpal.ai\/ethics-policy\/\",\"diversityPolicy\":\"https:\/\/talkpal.ai\/diversity-policy\/\",\"diversityStaffingReport\":\"https:\/\/talkpal.ai\/diversity-policy\/\"}]}<\/script>\n<!-- \/ Yoast SEO Premium plugin. -->","yoast_head_json":{"title":"Cvi\u010den\u00ed pa\u0161tsk\u00e9 gramatiky - Talkpal","description":"Zvl\u00e1dn\u011bte pa\u0161tunskou gramatiku s komplexn\u00edmi cvi\u010den\u00edmi zahrnuj\u00edc\u00edmi podstatn\u00e1 jm\u00e9na, slovesa, \u010dasy a strukturu v\u011bt pro efektivn\u00ed v\u00fduku jazyka.","robots":{"index":"index","follow":"follow","max-snippet":"max-snippet:-1","max-image-preview":"max-image-preview:large","max-video-preview":"max-video-preview:-1"},"canonical":"https:\/\/talkpal.ai\/cs\/cviceni-pastske-gramatiky\/","og_locale":"cs_CZ","og_type":"article","og_title":"Cvi\u010den\u00ed pa\u0161tsk\u00e9 gramatiky","og_description":"T\u00e9mata pa\u0161tsk\u00e9 gramatiky Nau\u010dit se nov\u00fd jazyk m\u016f\u017ee b\u00fdt n\u00e1ro\u010dn\u00e9, ale obohacuj\u00edc\u00ed \u00fasil\u00ed. Pa\u0161t\u0161tina, v\u00fdchodo\u00edr\u00e1nsk\u00fd jazyk, kter\u00fdm se mluv\u00ed hlavn\u011b v","og_url":"https:\/\/talkpal.ai\/cs\/cviceni-pastske-gramatiky\/","og_site_name":"Talkpal","article_publisher":"https:\/\/www.facebook.com\/profile.php?id=100090733639311","article_modified_time":"2025-12-30T11:37:17+00:00","og_image":[{"width":2880,"height":1620,"url":"https:\/\/talkpal.ai\/wp-content\/uploads\/2025\/02\/Progress-tab-16_9.png","type":"image\/png"}],"twitter_card":"summary_large_image","twitter_site":"@talkpalai","twitter_misc":{"Odhadovan\u00e1 doba \u010dten\u00ed":"4 minuty"},"schema":{"@context":"https:\/\/schema.org","@graph":[{"@type":"WebPage","@id":"https:\/\/talkpal.ai\/cs\/cviceni-pastske-gramatiky\/","url":"https:\/\/talkpal.ai\/cs\/cviceni-pastske-gramatiky\/","name":"Cvi\u010den\u00ed pa\u0161tsk\u00e9 gramatiky - Talkpal","isPartOf":{"@id":"https:\/\/talkpal.ai\/cs\/#website"},"datePublished":"2025-11-12T16:22:22+00:00","dateModified":"2025-12-30T11:37:17+00:00","description":"Zvl\u00e1dn\u011bte pa\u0161tunskou gramatiku s komplexn\u00edmi cvi\u010den\u00edmi zahrnuj\u00edc\u00edmi podstatn\u00e1 jm\u00e9na, slovesa, \u010dasy a strukturu v\u011bt pro efektivn\u00ed v\u00fduku jazyka.","breadcrumb":{"@id":"https:\/\/talkpal.ai\/cs\/cviceni-pastske-gramatiky\/#breadcrumb"},"inLanguage":"cs","potentialAction":[{"@type":"ReadAction","target":["https:\/\/talkpal.ai\/cs\/cviceni-pastske-gramatiky\/"]}]},{"@type":"BreadcrumbList","@id":"https:\/\/talkpal.ai\/cs\/cviceni-pastske-gramatiky\/#breadcrumb","itemListElement":[{"@type":"ListItem","position":1,"name":"Homepage","item":"https:\/\/talkpal.ai\/cs\/"},{"@type":"ListItem","position":2,"name":"Cvi\u010den\u00ed pa\u0161tsk\u00e9 gramatiky"}]},{"@type":"WebSite","@id":"https:\/\/talkpal.ai\/cs\/#website","url":"https:\/\/talkpal.ai\/cs\/","name":"Talkpal","description":"AI Language Learning","publisher":{"@id":"https:\/\/talkpal.ai\/cs\/#organization"},"alternateName":"Talkpal AI","potentialAction":[{"@type":"SearchAction","target":{"@type":"EntryPoint","urlTemplate":"https:\/\/talkpal.ai\/cs\/?s={search_term_string}"},"query-input":{"@type":"PropertyValueSpecification","valueRequired":true,"valueName":"search_term_string"}}],"inLanguage":"cs"},{"@type":"Organization","@id":"https:\/\/talkpal.ai\/cs\/#organization","name":"Talkpal, Inc.","alternateName":"Talkpal AI","url":"https:\/\/talkpal.ai\/cs\/","logo":{"@type":"ImageObject","inLanguage":"cs","@id":"https:\/\/talkpal.ai\/cs\/#\/schema\/logo\/image\/","url":"https:\/\/talkpal.ai\/wp-content\/uploads\/2024\/03\/Talkpal-Logo-Icon.png","contentUrl":"https:\/\/talkpal.ai\/wp-content\/uploads\/2024\/03\/Talkpal-Logo-Icon.png","width":2880,"height":2880,"caption":"Talkpal, Inc."},"image":{"@id":"https:\/\/talkpal.ai\/cs\/#\/schema\/logo\/image\/"},"sameAs":["https:\/\/www.facebook.com\/profile.php?id=100090733639311","https:\/\/x.com\/talkpalai","https:\/\/www.linkedin.com\/company\/talkpal\/","https:\/\/www.youtube.com\/@TalkPal\/","https:\/\/www.tiktok.com\/@talkpal","https:\/\/www.instagram.com\/talkpal_ai\/","https:\/\/www.crunchbase.com\/organization\/talkpal-9cde","https:\/\/www.g2.com\/products\/talkpal-for-business\/","https:\/\/www.trustpilot.com\/review\/talkpal.ai","https:\/\/www.capterra.com\/p\/10006800\/TalkPal\/"],"description":"Talkpal is a language learning web and mobile education app, powered by the latest AI technologies, that provides engaging experiences to its customers in many different languages to help them improve their language skills. Users can chat about unlimited amount of topics with the app and use other modes to practice their language learning.","email":"support@talkpal.ai","legalName":"Talkpal, Inc.","foundingDate":"2023-04-03","duns":"118989042","numberOfEmployees":{"@type":"QuantitativeValue","minValue":"11","maxValue":"50"},"publishingPrinciples":"https:\/\/talkpal.ai\/publishing-principles\/","actionableFeedbackPolicy":"https:\/\/talkpal.ai\/actionable-feedback-policy\/","correctionsPolicy":"https:\/\/talkpal.ai\/corrections-policy\/","ethicsPolicy":"https:\/\/talkpal.ai\/ethics-policy\/","diversityPolicy":"https:\/\/talkpal.ai\/diversity-policy\/","diversityStaffingReport":"https:\/\/talkpal.ai\/diversity-policy\/"}]}},"_links":{"self":[{"href":"https:\/\/talkpal.ai\/cs\/wp-json\/wp\/v2\/pages\/1465799","targetHints":{"allow":["GET"]}}],"collection":[{"href":"https:\/\/talkpal.ai\/cs\/wp-json\/wp\/v2\/pages"}],"about":[{"href":"https:\/\/talkpal.ai\/cs\/wp-json\/wp\/v2\/types\/page"}],"author":[{"embeddable":true,"href":"https:\/\/talkpal.ai\/cs\/wp-json\/wp\/v2\/users\/20"}],"replies":[{"embeddable":true,"href":"https:\/\/talkpal.ai\/cs\/wp-json\/wp\/v2\/comments?post=1465799"}],"version-history":[{"count":0,"href":"https:\/\/talkpal.ai\/cs\/wp-json\/wp\/v2\/pages\/1465799\/revisions"}],"wp:attachment":[{"href":"https:\/\/talkpal.ai\/cs\/wp-json\/wp\/v2\/media?parent=1465799"}],"curies":[{"name":"wp","href":"https:\/\/api.w.org\/{rel}","templated":true}]}}