{"id":1465793,"date":"2025-11-12T16:07:26","date_gmt":"2025-11-12T16:07:26","guid":{"rendered":"https:\/\/talkpal.ai\/oriya-gramatika\/"},"modified":"2025-12-30T12:45:41","modified_gmt":"2025-12-30T12:45:41","slug":"oriya-gramatika","status":"publish","type":"page","link":"https:\/\/talkpal.ai\/cs\/oriya-gramatika\/","title":{"rendered":"Odijsk\u00e1 gramatika"},"content":{"rendered":"\r\n\r\n\r\n<section class=\"languageChallengeSection\">\r\n    <div class=\"languageInfoWrapper\">\r\n        \r\n        <h1>Odijsk\u00e1 gramatika<\/h1>\r\n        <p>Odijsk\u00e1 <a href=\"https:\/\/talkpal.ai\/sq\/gramatika\/\">gramatika<\/a> se m\u016f\u017ee zpo\u010d\u00e1tku zd\u00e1t n\u00e1ro\u010dn\u00e1, ale jej\u00ed jedine\u010dn\u00e9 vlastnosti d\u011blaj\u00ed u\u010den\u00ed jazyka velmi obohacuj\u00edc\u00edm z\u00e1\u017eitkem. P\u0159i zkoum\u00e1n\u00ed abecedy, mutac\u00ed a gramatick\u00fdch pravidel z\u00edsk\u00e1te p\u0159ehled o bohat\u00e9 jazykov\u00e9 tradici. Za\u010dn\u011bte svou cestu a objevte kr\u00e1su Odie!<\/p>\r\n\r\n                            <a class=\"getStartedHidden\" href=\"https:\/\/app.talkpal.ai\/cs\/signup?lng=\">Za\u010dni<\/a>\r\n        \r\n    <\/div>\r\n\r\n    <figure>\r\n    <img decoding=\"async\" width=\"768\" height=\"768\" src=\"https:\/\/talkpal.ai\/wp-content\/uploads\/2023\/06\/welsh-768x768.png\" class=\"languageImage no-lazy\" alt=\"Language learning for better cognitive abilities\" fetchpriority=\"high\" sizes=\"(max-width: 768px) 150px, 768px\" srcset=\"https:\/\/talkpal.ai\/wp-content\/uploads\/2023\/06\/welsh-768x768.png 768w, https:\/\/talkpal.ai\/wp-content\/uploads\/2023\/06\/welsh-300x300.png 300w\" \/>\r\n    \r\n\r\n    <\/figure>\r\n\r\n            <a class=\"getStartedVisible\" href=\"https:\/\/app.talkpal.ai\/cs\/signup?lng=\">Za\u010dni<\/a>\r\n    \r\n<\/section><section class=\"promotionalBanner\">\r\n    <p class=\"promotionalText\">Nejefektivn\u011bj\u0161\u00ed <a href=\"https:\/\/talkpal.ai\/best-way-to-learn\/\">zp\u016fsob<\/a>, jak se nau\u010dit jazyk<\/p>\r\n    <a class=\"promotionalLink\" href=\"https:\/\/app.talkpal.ai\/cs\/signup?lng=\">Vyzkou\u0161ejte Talkpal zdarma<\/a>\r\n<\/section>\n<div class=\"wp-block-group pageContainerStyle\"><div class=\"wp-block-group__inner-container is-layout-constrained wp-block-group-is-layout-constrained\">\n<h2 class=\"wp-block-heading\" id=\"h-navigating-the-intricacies-of-odia-grammar\">Orientace v slo\u017eitostech odijsk\u00e9 gramatiky<\/h2>\n\n\n\n<p><a href=\"https:\/\/talkpal.ai\/learn-oriya\/\">Odia<\/a>, zn\u00e1m\u00e1 tak\u00e9 jako <a href=\"https:\/\/talkpal.ai\/learn-odia\/\">Odia<\/a>, je indo\u00e1rijsk\u00fd jazyk s bohatou liter\u00e1rn\u00ed tradic\u00ed a hlubok\u00fdmi kulturn\u00edmi ko\u0159eny ve v\u00fdchodn\u00ed Indii. Nab\u00edz\u00ed vzru\u0161uj\u00edc\u00ed lingvistick\u00fd z\u00e1\u017eitek pro studenty, kte\u0159\u00ed cht\u011bj\u00ed prozkoumat jeho charakteristick\u00fd gramatick\u00fd syst\u00e9m. Kdy\u017e se vyd\u00e1te do \u0159\u00ed\u0161e Odia, nejen obohat\u00edte sv\u016fj jazykov\u00fd reperto\u00e1r, ale tak\u00e9 p\u0159iv\u00edt\u00e1te fascinuj\u00edc\u00ed kulturn\u00ed cestu. A\u010dkoliv se gramatika od\u0161tina m\u016f\u017ee na prvn\u00ed pohled zd\u00e1t slo\u017eit\u00e1, jej\u00ed rozd\u011blen\u00ed na z\u00e1kladn\u00ed \u010d\u00e1sti \u010din\u00ed u\u010den\u00ed jazyka p\u0159\u00edstupn\u011bj\u0161\u00edm. V tomto \u010dl\u00e1nku prozkoum\u00e1me fascinuj\u00edc\u00ed sv\u011bt gramatiky odij\u0161tiny a nab\u00eddneme tipy, jak zvl\u00e1dnout jej\u00ed slo\u017eitosti.<\/p>\n\n\n\n<h3 class=\"wp-block-heading\" id=\"h-1-odia-alphabet-and-phonetics\">1. Odijsk\u00e1 abeceda a fonetika<\/h3>\n\n\n\n<p>Odijsk\u00e9 p\u00edsmo je abugida s 11 samohl\u00e1skami a asi 35 souhl\u00e1skami, spolu s diakritikou a konjunktn\u00edmi souhl\u00e1skami. Zahrnuje retroflexn\u00ed a aspirovan\u00e9 zvuky, kter\u00e9 jsou charakteristick\u00e9 pro indo\u00e1rijsk\u00e9 <a href=\"https:\/\/talkpal.ai\/what-language-is-spoken-on-the-international-space-station\/\">jazyky<\/a>. Znalost p\u00edsma, samohl\u00e1skov\u00fdch znak\u016f a shluk\u016f spojek je z\u00e1sadn\u00ed pro zvl\u00e1dnut\u00ed v\u00fdslovnosti a \u010dten\u00ed. Procvi\u010dujte \u010dten\u00ed a psan\u00ed v od\u0161tin\u011b, abyste si osvojili vztah mezi zvukem a symbolem.<\/p>\n\n\n\n<h3 class=\"wp-block-heading\" id=\"h-2-case-markers-and-postpositions-a-distinctive-odia-feature\">2. Ozna\u010dova\u010de p\u0159\u00edpad\u016f a postpozice: charakteristick\u00fd znak odijsk\u00e9ho jazyka<\/h3>\n\n\n\n<p>V\u00fdrazn\u00fdm rysem odijsk\u00e9 gramatiky je pou\u017eit\u00ed p\u00e1dov\u00fdch zna\u010dek a postpozic m\u00edsto p\u0159edlo\u017eek. Mezi b\u011b\u017en\u00e9 markery pat\u0159\u00ed ku pro akuzativ a dativ, ra pro genitiv, re pro lokativ, ru pro ablativ, saha pro komitativ, dwara pro instrument\u00e1ln\u00ed nebo agentivn\u00ed a pain pro \u00fa\u010del. Pochopen\u00ed, jak se tyto zna\u010dky p\u0159ipojuj\u00ed k podstatn\u00fdm jm\u00e9n\u016fm a z\u00e1jmen\u016fm, je z\u00e1sadn\u00ed pro p\u0159esnou komunikaci v od\u0161tin\u011b.<\/p>\n\n\n\n<h3 class=\"wp-block-heading\" id=\"h-3-nouns-and-pronouns-gender-and-cases\">3. Podstatn\u00e1 jm\u00e9na a z\u00e1jmena: rod a p\u00e1dy<\/h3>\n\n\n\n<p>Odijsk\u00e1 podstatn\u00e1 jm\u00e9na nemaj\u00ed gramatick\u00fd rod a mno\u017en\u00e9 \u010d\u00edslo se li\u0161\u00ed podle typu podstatn\u00e9ho jm\u00e9na a kontextu. Lidsk\u00e1 a \u017eivotn\u00e1 podstatn\u00e1 jm\u00e9na \u010dasto maj\u00ed p\u0159\u00edponu -mane v mno\u017en\u00e9m \u010d\u00edsle, zat\u00edmco ne\u017eivotn\u00e1 podstatn\u00e1 jm\u00e9na mohou pou\u017e\u00edvat -gudika nebo z\u016fstat neozna\u010den\u00e1, pokud je mno\u017en\u00e9 \u010d\u00edslo z\u0159ejm\u00e9 z kontextu. Z\u00e1jmena zahrnuj\u00ed osobn\u00ed, p\u0159ivlast\u0148ovac\u00ed, zvratn\u00e9, ukazovac\u00ed a t\u00e1zac\u00ed mno\u017einy s \u010destn\u00fdm vyznamen\u00e1n\u00edm: mu I, tume you neform\u00e1ln\u00ed, apana you zdvo\u0159il\u00e1, se he nebo ona, semane they. Mezi p\u0159ivlast\u0148ovac\u00ed z\u00e1jmena pat\u0159\u00ed <a href=\"https:\/\/talkpal.ai\/locations\/language-courses-in-mora\/\">mora<\/a> my, tora ur, apanangkara your polite, tara his or her. Sezn\u00e1men\u00ed se s t\u011bmito tvary a jejich variantami s p\u00e1dy v\u00fdrazn\u011b zlep\u0161\u00ed va\u0161e znalosti gramatiky od\u00ed\u0161tiny.<\/p>\n\n\n\n<h3 class=\"wp-block-heading\" id=\"h-4-verbs-structure-and-conjugation\">4. Slovesa: struktura a \u010dasov\u00e1n\u00ed<\/h3>\n\n\n\n<p>Odijsk\u00e1 slovesa se flexuj\u00ed pro \u010das, aspekt, zp\u016fsob a souhlas, p\u0159i\u010dem\u017e \u010destn\u00e9 \u00farovn\u011b ovliv\u0148uj\u00ed tvary sloves. Z\u00e1kladn\u00ed tvarace \u010dasov\u00fdch aspekt\u016f zahrnuj\u00ed p\u0159\u00edtomn\u00fd \u010das pr\u016fb\u011bhov\u00fd na -uchi, prost\u00fd minul\u00fd \u010das na -ila a budoucnost na -iba, spolu se slo\u017een\u00fdmi konstrukcemi a pomocn\u00fdmi tvary. Aktivn\u011b se pou\u017e\u00edvaj\u00ed podm\u00edn\u011bn\u00e9 a rozkazovac\u00ed zp\u016fsoby. Nau\u010den\u00ed se vzor\u016f \u010dasov\u00e1n\u00ed a jejich vz\u00e1jemn\u00e9ho vztahu k osob\u011b a zdvo\u0159ilosti zlep\u0161\u00ed va\u0161i schopnost efektivn\u011b komunikovat v od\u0161tin\u011b.<\/p>\n\n\n\n<h3 class=\"wp-block-heading\" id=\"h-5-adjectives-agreement-and-placement\">5. P\u0159\u00eddavn\u00e1 jm\u00e9na: Shoda a um\u00edst\u011bn\u00ed<\/h3>\n\n\n\n<p>V odijsk\u00e9 gramatice obvykle p\u0159edch\u00e1zej\u00ed podstatn\u00e9 jm\u00e9no, kter\u00e9 upravuj\u00ed, a obecn\u011b se nem\u011bn\u00ed podle \u010d\u00edsla ani rodu. Stup\u0148ov\u00e1n\u00ed stup\u0148ovit\u00fdch t\u00f3n\u016f a superlativ\u016f se b\u011b\u017en\u011b tvo\u0159\u00ed s p\u0159\u00edslovci jako adhika more a sabutharu most, i kdy\u017e tvary tatsama mohou tak\u00e9 pou\u017e\u00edvat p\u0159\u00edpony ve form\u00e1ln\u00edch rejst\u0159\u00edc\u00edch. Zvl\u00e1dnut\u00ed t\u011bchto vzorc\u016f pom\u00e1h\u00e1 \u0159e\u010di zn\u00edt p\u0159irozen\u011b a idiomaticky.<\/p>\n\n\n\n<p><strong>P\u0159\u00edklady:<\/strong><\/p>\n\n\n\n<p><strong>\u2013 Bada Prema (Velk\u00e1 l\u00e1ska)  <\/strong><\/p>\n\n\n\n<p><strong>\u2013 Chhota pilamane (mal\u00e9 d\u011bti)<\/strong><\/p>\n\n\n\n<h3 class=\"wp-block-heading\" id=\"h-6-engaging-with-the-language\">6. Zapojen\u00ed do jazyka<\/h3>\n\n\n\n<p>Nej\u00fa\u010dinn\u011bj\u0161\u00ed zp\u016fsob, jak pln\u011b pochopit a osvojit gramatiku odij\u0161tiny, je konzistentn\u011b se zapojovat do jazyka. \u010cten\u00edm literatury v odij\u0161tin\u011b, sledov\u00e1n\u00edm film\u016f nebo televizn\u00edch seri\u00e1l\u016f v odij\u0161tin\u011b, sledov\u00e1n\u00edm zpr\u00e1v v odij\u0161tin\u011b a aktivn\u00ed komunikac\u00ed s rodil\u00fdmi mluv\u010d\u00edmi si pos\u00edl\u00edte porozum\u011bn\u00ed gramatice a z\u00e1rove\u0148 roz\u0161i\u0159ujete slovn\u00ed z\u00e1sobu.<\/p>\n\n\n\n<h3 class=\"wp-block-heading\" id=\"h-conclusion\">Z\u00e1v\u011br<\/h3>\n\n\n\n<p>A\u010dkoliv se gramatika odij\u0161tiny m\u016f\u017ee zd\u00e1t slo\u017eit\u00e1, m\u016f\u017eete se v tomto kr\u00e1sn\u00e9m jazyce st\u00e1t zdatn\u00fdmi d\u00edky odhodl\u00e1n\u00ed, praxi a nad\u0161en\u00ed. Zam\u011b\u0159en\u00ed na z\u00e1kladn\u00ed pravidla a zapojen\u00ed se do jazyka v r\u016fzn\u00fdch kontextech rychle zlep\u0161\u00ed <a href=\"https:\/\/talkpal.ai\/cs\/gramatika\/\">sv\u00e9 gramatick\u00e9 dovednosti<\/a> odij\u0161tiny. Hodn\u011b \u0161t\u011bst\u00ed na va\u0161\u00ed jazykov\u00e9 cest\u011b odij\u0161tina a u\u017eijte si odpl\u00e9t\u00e1n\u00ed elegantn\u00edho, ale z\u00e1rove\u0148 fascinuj\u00edc\u00edho sv\u011bta odijsk\u00e9 gramatiky!<\/p>\n<\/div><\/div>\n\r\n<section class=\"learnNavigationSection\">\r\n            \r\n        <a href=\"https:\/\/talkpal.ai\/cs\/naucte-se-oriya\/\">\r\n            <div class=\"learnNavigationWrapper\">\r\n                <div class=\"learnNavigationContent\">\r\n                    <img decoding=\"async\" src=\"https:\/\/talkpal.ai\/wp-content\/uploads\/2025\/11\/Oriya.png\" alt=\"Indian Simplified Flag\">\r\n                    <div>\r\n                        <h4>O Odia Learning<\/h4>\r\n                        <p>Zjist\u011bte v\u0161e o odijsk\u00e9 gramatice.<\/p>\r\n                    <\/div>\r\n                <\/div>\r\n            <\/div>\r\n        <\/a>\r\n\r\n        \r\n        <a href=\"https:\/\/talkpal.ai\/cs\/gramaticka-cviceni-oriya\/\">\r\n            <div class=\"learnNavigationWrapper\">\r\n                <div class=\"learnNavigationContent\">\r\n                    <img decoding=\"async\" src=\"https:\/\/talkpal.ai\/wp-content\/uploads\/2025\/11\/Oriya.png\" alt=\"Indian Simplified Flag\">\r\n                    <div>\r\n                        <h4>Cvi\u010den\u00ed z odijsk\u00e9 gramatiky<\/h4>\r\n                        <p>Procvi\u010dujte gramatiku odij\u0161tiny.<\/p>\r\n                    <\/div>\r\n                <\/div>\r\n            <\/div>\r\n        <\/a>\r\n\r\n            <\/section>","protected":false},"excerpt":{"rendered":"<p>Orientace v slo\u017eitostech odijsk\u00e9 gramatiky Odia, zn\u00e1m\u00e1 tak\u00e9 jako Odia, je indo\u00e1rijsk\u00fd jazyk s bohatou liter\u00e1rn\u00ed tradic\u00ed a hlubok\u00fdmi kulturn\u00edmi ko\u0159eny ve v\u00fdchodn\u00ed Indii. Nab\u00edz\u00ed vzru\u0161uj\u00edc\u00ed lingvistick\u00fd z\u00e1\u017eitek pro studenty, kte\u0159\u00ed cht\u011bj\u00ed prozkoumat jeho charakteristick\u00fd gramatick\u00fd syst\u00e9m. Kdy\u017e se vyd\u00e1te do \u0159\u00ed\u0161e Odia, nejen obohat\u00edte sv\u016fj jazykov\u00fd reperto\u00e1r, ale tak\u00e9 p\u0159iv\u00edt\u00e1te fascinuj\u00edc\u00ed kulturn\u00ed cestu. A\u010dkoliv [&hellip;]<\/p>\n","protected":false},"author":20,"featured_media":0,"parent":0,"menu_order":0,"comment_status":"closed","ping_status":"closed","template":"LearningContentPage.php","meta":{"_acf_changed":false,"footnotes":""},"class_list":["post-1465793","page","type-page","status-publish","hentry"],"acf":[],"yoast_head":"<!-- This site is optimized with the Yoast SEO Premium plugin v27.2 (Yoast SEO v27.2) - https:\/\/yoast.com\/product\/yoast-seo-premium-wordpress\/ -->\n<title>Odijsk\u00e1 gramatika - Talkpal<\/title>\n<meta name=\"description\" content=\"Zvl\u00e1dn\u011bte z\u00e1klady odijsk\u00e9 gramatiky, v\u010detn\u011b abecedy, p\u00e1dov\u00fdch zna\u010dek a sloves, pomoc\u00ed na\u0161eho komplexn\u00edho pr\u016fvodce v\u00fdukou jazyka.\" \/>\n<meta name=\"robots\" content=\"index, follow, max-snippet:-1, max-image-preview:large, max-video-preview:-1\" \/>\n<link rel=\"canonical\" href=\"https:\/\/talkpal.ai\/cs\/oriya-gramatika\/\" \/>\n<meta property=\"og:locale\" content=\"cs_CZ\" \/>\n<meta property=\"og:type\" content=\"article\" \/>\n<meta property=\"og:title\" content=\"Odijsk\u00e1 gramatika\" \/>\n<meta property=\"og:description\" content=\"Orientace v slo\u017eitostech odijsk\u00e9 gramatiky Odia, zn\u00e1m\u00e1 tak\u00e9 jako Odia, je indo\u00e1rijsk\u00fd jazyk s bohatou liter\u00e1rn\u00ed tradic\u00ed a hlubok\u00fdmi kulturn\u00edmi ko\u0159eny ve\" \/>\n<meta property=\"og:url\" content=\"https:\/\/talkpal.ai\/cs\/oriya-gramatika\/\" \/>\n<meta property=\"og:site_name\" content=\"Talkpal\" \/>\n<meta property=\"article:publisher\" content=\"https:\/\/www.facebook.com\/profile.php?id=100090733639311\" \/>\n<meta property=\"article:modified_time\" content=\"2025-12-30T12:45:41+00:00\" \/>\n<meta property=\"og:image\" content=\"https:\/\/talkpal.ai\/wp-content\/uploads\/2025\/02\/Progress-tab-16_9.png\" \/>\n\t<meta property=\"og:image:width\" content=\"2880\" \/>\n\t<meta property=\"og:image:height\" content=\"1620\" \/>\n\t<meta property=\"og:image:type\" content=\"image\/png\" \/>\n<meta name=\"twitter:card\" content=\"summary_large_image\" \/>\n<meta name=\"twitter:site\" content=\"@talkpalai\" \/>\n<meta name=\"twitter:label1\" content=\"Odhadovan\u00e1 doba \u010dten\u00ed\" \/>\n\t<meta name=\"twitter:data1\" content=\"4 minuty\" \/>\n<script type=\"application\/ld+json\" class=\"yoast-schema-graph\">{\"@context\":\"https:\/\/schema.org\",\"@graph\":[{\"@type\":\"WebPage\",\"@id\":\"https:\/\/talkpal.ai\/cs\/oriya-gramatika\/\",\"url\":\"https:\/\/talkpal.ai\/cs\/oriya-gramatika\/\",\"name\":\"Odijsk\u00e1 gramatika - Talkpal\",\"isPartOf\":{\"@id\":\"https:\/\/talkpal.ai\/cs\/#website\"},\"datePublished\":\"2025-11-12T16:07:26+00:00\",\"dateModified\":\"2025-12-30T12:45:41+00:00\",\"description\":\"Zvl\u00e1dn\u011bte z\u00e1klady odijsk\u00e9 gramatiky, v\u010detn\u011b abecedy, p\u00e1dov\u00fdch zna\u010dek a sloves, pomoc\u00ed na\u0161eho komplexn\u00edho pr\u016fvodce v\u00fdukou jazyka.\",\"breadcrumb\":{\"@id\":\"https:\/\/talkpal.ai\/cs\/oriya-gramatika\/#breadcrumb\"},\"inLanguage\":\"cs\",\"potentialAction\":[{\"@type\":\"ReadAction\",\"target\":[\"https:\/\/talkpal.ai\/cs\/oriya-gramatika\/\"]}]},{\"@type\":\"BreadcrumbList\",\"@id\":\"https:\/\/talkpal.ai\/cs\/oriya-gramatika\/#breadcrumb\",\"itemListElement\":[{\"@type\":\"ListItem\",\"position\":1,\"name\":\"Homepage\",\"item\":\"https:\/\/talkpal.ai\/cs\/\"},{\"@type\":\"ListItem\",\"position\":2,\"name\":\"Odijsk\u00e1 gramatika\"}]},{\"@type\":\"WebSite\",\"@id\":\"https:\/\/talkpal.ai\/cs\/#website\",\"url\":\"https:\/\/talkpal.ai\/cs\/\",\"name\":\"Talkpal\",\"description\":\"AI Language Learning\",\"publisher\":{\"@id\":\"https:\/\/talkpal.ai\/cs\/#organization\"},\"alternateName\":\"Talkpal AI\",\"potentialAction\":[{\"@type\":\"SearchAction\",\"target\":{\"@type\":\"EntryPoint\",\"urlTemplate\":\"https:\/\/talkpal.ai\/cs\/?s={search_term_string}\"},\"query-input\":{\"@type\":\"PropertyValueSpecification\",\"valueRequired\":true,\"valueName\":\"search_term_string\"}}],\"inLanguage\":\"cs\"},{\"@type\":\"Organization\",\"@id\":\"https:\/\/talkpal.ai\/cs\/#organization\",\"name\":\"Talkpal, Inc.\",\"alternateName\":\"Talkpal AI\",\"url\":\"https:\/\/talkpal.ai\/cs\/\",\"logo\":{\"@type\":\"ImageObject\",\"inLanguage\":\"cs\",\"@id\":\"https:\/\/talkpal.ai\/cs\/#\/schema\/logo\/image\/\",\"url\":\"https:\/\/talkpal.ai\/wp-content\/uploads\/2024\/03\/Talkpal-Logo-Icon.png\",\"contentUrl\":\"https:\/\/talkpal.ai\/wp-content\/uploads\/2024\/03\/Talkpal-Logo-Icon.png\",\"width\":2880,\"height\":2880,\"caption\":\"Talkpal, Inc.\"},\"image\":{\"@id\":\"https:\/\/talkpal.ai\/cs\/#\/schema\/logo\/image\/\"},\"sameAs\":[\"https:\/\/www.facebook.com\/profile.php?id=100090733639311\",\"https:\/\/x.com\/talkpalai\",\"https:\/\/www.linkedin.com\/company\/talkpal\/\",\"https:\/\/www.youtube.com\/@TalkPal\/\",\"https:\/\/www.tiktok.com\/@talkpal\",\"https:\/\/www.instagram.com\/talkpal_ai\/\",\"https:\/\/www.crunchbase.com\/organization\/talkpal-9cde\",\"https:\/\/www.g2.com\/products\/talkpal-for-business\/\",\"https:\/\/www.trustpilot.com\/review\/talkpal.ai\",\"https:\/\/www.capterra.com\/p\/10006800\/TalkPal\/\"],\"description\":\"Talkpal is a language learning web and mobile education app, powered by the latest AI technologies, that provides engaging experiences to its customers in many different languages to help them improve their language skills. Users can chat about unlimited amount of topics with the app and use other modes to practice their language learning.\",\"email\":\"support@talkpal.ai\",\"legalName\":\"Talkpal, Inc.\",\"foundingDate\":\"2023-04-03\",\"duns\":\"118989042\",\"numberOfEmployees\":{\"@type\":\"QuantitativeValue\",\"minValue\":\"11\",\"maxValue\":\"50\"},\"publishingPrinciples\":\"https:\/\/talkpal.ai\/publishing-principles\/\",\"actionableFeedbackPolicy\":\"https:\/\/talkpal.ai\/actionable-feedback-policy\/\",\"correctionsPolicy\":\"https:\/\/talkpal.ai\/corrections-policy\/\",\"ethicsPolicy\":\"https:\/\/talkpal.ai\/ethics-policy\/\",\"diversityPolicy\":\"https:\/\/talkpal.ai\/diversity-policy\/\",\"diversityStaffingReport\":\"https:\/\/talkpal.ai\/diversity-policy\/\"}]}<\/script>\n<!-- \/ Yoast SEO Premium plugin. -->","yoast_head_json":{"title":"Odijsk\u00e1 gramatika - Talkpal","description":"Zvl\u00e1dn\u011bte z\u00e1klady odijsk\u00e9 gramatiky, v\u010detn\u011b abecedy, p\u00e1dov\u00fdch zna\u010dek a sloves, pomoc\u00ed na\u0161eho komplexn\u00edho pr\u016fvodce v\u00fdukou jazyka.","robots":{"index":"index","follow":"follow","max-snippet":"max-snippet:-1","max-image-preview":"max-image-preview:large","max-video-preview":"max-video-preview:-1"},"canonical":"https:\/\/talkpal.ai\/cs\/oriya-gramatika\/","og_locale":"cs_CZ","og_type":"article","og_title":"Odijsk\u00e1 gramatika","og_description":"Orientace v slo\u017eitostech odijsk\u00e9 gramatiky Odia, zn\u00e1m\u00e1 tak\u00e9 jako Odia, je indo\u00e1rijsk\u00fd jazyk s bohatou liter\u00e1rn\u00ed tradic\u00ed a hlubok\u00fdmi kulturn\u00edmi ko\u0159eny ve","og_url":"https:\/\/talkpal.ai\/cs\/oriya-gramatika\/","og_site_name":"Talkpal","article_publisher":"https:\/\/www.facebook.com\/profile.php?id=100090733639311","article_modified_time":"2025-12-30T12:45:41+00:00","og_image":[{"width":2880,"height":1620,"url":"https:\/\/talkpal.ai\/wp-content\/uploads\/2025\/02\/Progress-tab-16_9.png","type":"image\/png"}],"twitter_card":"summary_large_image","twitter_site":"@talkpalai","twitter_misc":{"Odhadovan\u00e1 doba \u010dten\u00ed":"4 minuty"},"schema":{"@context":"https:\/\/schema.org","@graph":[{"@type":"WebPage","@id":"https:\/\/talkpal.ai\/cs\/oriya-gramatika\/","url":"https:\/\/talkpal.ai\/cs\/oriya-gramatika\/","name":"Odijsk\u00e1 gramatika - Talkpal","isPartOf":{"@id":"https:\/\/talkpal.ai\/cs\/#website"},"datePublished":"2025-11-12T16:07:26+00:00","dateModified":"2025-12-30T12:45:41+00:00","description":"Zvl\u00e1dn\u011bte z\u00e1klady odijsk\u00e9 gramatiky, v\u010detn\u011b abecedy, p\u00e1dov\u00fdch zna\u010dek a sloves, pomoc\u00ed na\u0161eho komplexn\u00edho pr\u016fvodce v\u00fdukou jazyka.","breadcrumb":{"@id":"https:\/\/talkpal.ai\/cs\/oriya-gramatika\/#breadcrumb"},"inLanguage":"cs","potentialAction":[{"@type":"ReadAction","target":["https:\/\/talkpal.ai\/cs\/oriya-gramatika\/"]}]},{"@type":"BreadcrumbList","@id":"https:\/\/talkpal.ai\/cs\/oriya-gramatika\/#breadcrumb","itemListElement":[{"@type":"ListItem","position":1,"name":"Homepage","item":"https:\/\/talkpal.ai\/cs\/"},{"@type":"ListItem","position":2,"name":"Odijsk\u00e1 gramatika"}]},{"@type":"WebSite","@id":"https:\/\/talkpal.ai\/cs\/#website","url":"https:\/\/talkpal.ai\/cs\/","name":"Talkpal","description":"AI Language Learning","publisher":{"@id":"https:\/\/talkpal.ai\/cs\/#organization"},"alternateName":"Talkpal AI","potentialAction":[{"@type":"SearchAction","target":{"@type":"EntryPoint","urlTemplate":"https:\/\/talkpal.ai\/cs\/?s={search_term_string}"},"query-input":{"@type":"PropertyValueSpecification","valueRequired":true,"valueName":"search_term_string"}}],"inLanguage":"cs"},{"@type":"Organization","@id":"https:\/\/talkpal.ai\/cs\/#organization","name":"Talkpal, Inc.","alternateName":"Talkpal AI","url":"https:\/\/talkpal.ai\/cs\/","logo":{"@type":"ImageObject","inLanguage":"cs","@id":"https:\/\/talkpal.ai\/cs\/#\/schema\/logo\/image\/","url":"https:\/\/talkpal.ai\/wp-content\/uploads\/2024\/03\/Talkpal-Logo-Icon.png","contentUrl":"https:\/\/talkpal.ai\/wp-content\/uploads\/2024\/03\/Talkpal-Logo-Icon.png","width":2880,"height":2880,"caption":"Talkpal, Inc."},"image":{"@id":"https:\/\/talkpal.ai\/cs\/#\/schema\/logo\/image\/"},"sameAs":["https:\/\/www.facebook.com\/profile.php?id=100090733639311","https:\/\/x.com\/talkpalai","https:\/\/www.linkedin.com\/company\/talkpal\/","https:\/\/www.youtube.com\/@TalkPal\/","https:\/\/www.tiktok.com\/@talkpal","https:\/\/www.instagram.com\/talkpal_ai\/","https:\/\/www.crunchbase.com\/organization\/talkpal-9cde","https:\/\/www.g2.com\/products\/talkpal-for-business\/","https:\/\/www.trustpilot.com\/review\/talkpal.ai","https:\/\/www.capterra.com\/p\/10006800\/TalkPal\/"],"description":"Talkpal is a language learning web and mobile education app, powered by the latest AI technologies, that provides engaging experiences to its customers in many different languages to help them improve their language skills. Users can chat about unlimited amount of topics with the app and use other modes to practice their language learning.","email":"support@talkpal.ai","legalName":"Talkpal, Inc.","foundingDate":"2023-04-03","duns":"118989042","numberOfEmployees":{"@type":"QuantitativeValue","minValue":"11","maxValue":"50"},"publishingPrinciples":"https:\/\/talkpal.ai\/publishing-principles\/","actionableFeedbackPolicy":"https:\/\/talkpal.ai\/actionable-feedback-policy\/","correctionsPolicy":"https:\/\/talkpal.ai\/corrections-policy\/","ethicsPolicy":"https:\/\/talkpal.ai\/ethics-policy\/","diversityPolicy":"https:\/\/talkpal.ai\/diversity-policy\/","diversityStaffingReport":"https:\/\/talkpal.ai\/diversity-policy\/"}]}},"_links":{"self":[{"href":"https:\/\/talkpal.ai\/cs\/wp-json\/wp\/v2\/pages\/1465793","targetHints":{"allow":["GET"]}}],"collection":[{"href":"https:\/\/talkpal.ai\/cs\/wp-json\/wp\/v2\/pages"}],"about":[{"href":"https:\/\/talkpal.ai\/cs\/wp-json\/wp\/v2\/types\/page"}],"author":[{"embeddable":true,"href":"https:\/\/talkpal.ai\/cs\/wp-json\/wp\/v2\/users\/20"}],"replies":[{"embeddable":true,"href":"https:\/\/talkpal.ai\/cs\/wp-json\/wp\/v2\/comments?post=1465793"}],"version-history":[{"count":0,"href":"https:\/\/talkpal.ai\/cs\/wp-json\/wp\/v2\/pages\/1465793\/revisions"}],"wp:attachment":[{"href":"https:\/\/talkpal.ai\/cs\/wp-json\/wp\/v2\/media?parent=1465793"}],"curies":[{"name":"wp","href":"https:\/\/api.w.org\/{rel}","templated":true}]}}