{"id":1465786,"date":"2025-11-12T15:57:33","date_gmt":"2025-11-12T15:57:33","guid":{"rendered":"https:\/\/talkpal.ai\/mongolska-gramaticka-cviceni\/"},"modified":"2025-12-30T12:41:00","modified_gmt":"2025-12-30T12:41:00","slug":"mongolska-gramaticka-cviceni","status":"publish","type":"page","link":"https:\/\/talkpal.ai\/cs\/mongolska-gramaticka-cviceni\/","title":{"rendered":"Mongolsk\u00e1 gramatick\u00e1 cvi\u010den\u00ed"},"content":{"rendered":"\r\n\r\n\r\n<section class=\"languageChallengeSection\">\r\n    <div class=\"languageInfoWrapper\">\r\n        \r\n        <h1>Mongolsk\u00e1 gramatick\u00e1 cvi\u010den\u00ed<\/h1>\r\n        <p>Jste p\u0159ipraveni pono\u0159it se do mongolsk\u00e9 gramatiky? Procvi\u010den\u00ed n\u011bkolika z\u00e1klad\u016f v\u00e1m pom\u016f\u017ee se s t\u00edmto jedine\u010dn\u00fdm a kr\u00e1sn\u00fdm jazykem s\u017e\u00edt. Vyzkou\u0161ejte tato cvi\u010den\u00ed, abyste si pos\u00edlili sebev\u011bdom\u00ed a pobavili se u toho!<\/p>\r\n\r\n                            <a class=\"getStartedHidden\" href=\"https:\/\/app.talkpal.ai\/cs\/signup?lng=\">Za\u010dni<\/a>\r\n        \r\n    <\/div>\r\n\r\n    <figure>\r\n    <img decoding=\"async\" width=\"768\" height=\"768\" src=\"https:\/\/talkpal.ai\/wp-content\/uploads\/2023\/06\/welsh-768x768.png\" class=\"languageImage no-lazy\" alt=\"Language learning for better cognitive abilities\" fetchpriority=\"high\" sizes=\"(max-width: 768px) 150px, 768px\" srcset=\"https:\/\/talkpal.ai\/wp-content\/uploads\/2023\/06\/welsh-768x768.png 768w, https:\/\/talkpal.ai\/wp-content\/uploads\/2023\/06\/welsh-300x300.png 300w\" \/>\r\n    \r\n\r\n    <\/figure>\r\n\r\n            <a class=\"getStartedVisible\" href=\"https:\/\/app.talkpal.ai\/cs\/signup?lng=\">Za\u010dni<\/a>\r\n    \r\n<\/section><section class=\"promotionalBanner\">\r\n    <p class=\"promotionalText\">Nejefektivn\u011bj\u0161\u00ed <a href=\"https:\/\/talkpal.ai\/best-way-to-learn\/\">zp\u016fsob<\/a>, jak se nau\u010dit jazyk<\/p>\r\n    <a class=\"promotionalLink\" href=\"https:\/\/app.talkpal.ai\/cs\/signup?lng=\">Vyzkou\u0161ejte Talkpal zdarma<\/a>\r\n<\/section>\n<div class=\"wp-block-group pageContainerStyle\"><div class=\"wp-block-group__inner-container is-layout-constrained wp-block-group-is-layout-constrained\">\n<h2 class=\"wp-block-heading\" id=\"h-mongolian-grammar-topics\">Mongolsk\u00e1 gramatika T\u00e9mata<\/h2>\n\n\n\n<p><a href=\"https:\/\/talkpal.ai\/cs\/nejvetsi-chyby-kterych-je-treba-se-vyvarovat-pri-uceni-noveho-jazyka\/\">Nau\u010dit se nov\u00fd jazyk<\/a> m\u016f\u017ee b\u00fdt n\u00e1ro\u010dn\u00e9, ale obohacuj\u00edc\u00ed \u00fasil\u00ed. Mongol\u0161tina, <a href=\"https:\/\/talkpal.ai\/learn-mongolian\/\">mongolsk\u00fd<\/a> jazyk, kter\u00fdm se mluv\u00ed hlavn\u011b v Mongolsku a \u010d\u00e1stech severn\u00ed \u010c\u00edny, nen\u00ed v\u00fdjimkou. D\u00edky sv\u00fdm jedine\u010dn\u00fdm vlastnostem a struktur\u00e1m, jako je harmonie samohl\u00e1sek, aglutina\u010dn\u00ed morfologie, bohat\u00e9 zna\u010den\u00ed p\u00e1d\u016f a postpozice, <a href=\"https:\/\/talkpal.ai\/cs\/talkpal-pro-vzdelavani\/\">vy\u017eaduje u\u010den\u00ed<\/a> mongol\u0161tiny systematick\u00fd p\u0159\u00edstup k pochopen\u00ed jej\u00ed gramatiky. Tato p\u0159\u00edru\u010dka nasti\u0148uje kl\u00ed\u010dov\u00e9 oblasti <a href=\"https:\/\/talkpal.ai\/cs\/mongolska-gramatika\/\">mongolsk\u00e9 gramatiky<\/a> v logick\u00e9m po\u0159ad\u00ed pro <a href=\"https:\/\/talkpal.ai\/cs\/talkpal-pro-vzdelavani\/\">v\u00fduku jazyk\u016f<\/a>, po\u010d\u00ednaje z\u00e1klady, jako jsou podstatn\u00e1 jm\u00e9na a \u010dleny, a pokra\u010duje slo\u017eit\u011bj\u0161\u00edmi oblastmi, jako jsou \u010dasy a stavba v\u011bt.<\/p>\n\n\n\n<h3 class=\"wp-block-heading\" id=\"h-1-nouns\">1. Podstatn\u00e1 jm\u00e9na:<\/h3>\n\n\n\n<p>Za\u010dn\u011bte svou cestu mongolsk\u00fdm jazykem t\u00edm, \u017ee se nau\u010d\u00edte podstatn\u00e1 jm\u00e9na. To zahrnuje porozum\u011bn\u00ed r\u016fzn\u00fdm kategori\u00edm podstatn\u00fdch jmen, jako jsou obecn\u00e1 a vlastn\u00ed podstatn\u00e1 jm\u00e9na, a tak\u00e9 jejich tvar\u016fm mno\u017en\u00e9ho \u010d\u00edsla. Setk\u00e1te se tak\u00e9 s velk\u00fdmi a mal\u00fdmi p\u00edsmeny, kter\u00e9 ozna\u010duj\u00ed gramatick\u00e9 role, jako je podm\u011bt, objekt, m\u00edsto a sm\u011br.<\/p>\n\n\n\n<h3 class=\"wp-block-heading\" id=\"h-2-articles\">2. \u010cl\u00e1nky:<\/h3>\n\n\n\n<p>\u010cl\u00e1nky v mongol\u0161tin\u011b se nepou\u017e\u00edvaj\u00ed tak, jak jsou v <a href=\"https:\/\/talkpal.ai\/ai-english-speaking-practice\/\">angli\u010dtin\u011b<\/a>. Mongol\u0161tina nem\u00e1 ur\u010dit\u00e9 ani neur\u010dit\u00e9 \u010dleny. M\u00edsto toho je ur\u010ditost vyj\u00e1d\u0159ena kontextem, slovosledem, ukazovac\u00edmi z\u00e1jmeny jako tento a tamten a n\u011bkdy i p\u00e1dov\u00fdm ozna\u010den\u00edm, jako je akuzativ pro ur\u010dit\u00e9 p\u0159\u00edm\u00e9 p\u0159edm\u011bty.<\/p>\n\n\n\n<h3 class=\"wp-block-heading\" id=\"h-3-adjectives\">3. P\u0159\u00eddavn\u00e1 jm\u00e9na:<\/h3>\n\n\n\n<p>P\u0159\u00eddavn\u00e1 jm\u00e9na v mongol\u0161tin\u011b obvykle p\u0159edch\u00e1zej\u00ed podstatn\u00fdm jm\u00e9n\u016fm, co\u017e se u n\u011bkter\u00fdch student\u016f li\u0161\u00ed od angli\u010dtiny. Neshoduj\u00ed se ani pohlav\u00edm, ani po\u010dtem. Budete se tak\u00e9 muset nau\u010dit tvo\u0159it stup\u0148ova\u010de a superlativy, \u010dasto se slovy jako more a most nebo pomoc\u00ed srovn\u00e1vac\u00edch konstrukc\u00ed pomoc\u00ed than.<\/p>\n\n\n\n<h3 class=\"wp-block-heading\" id=\"h-4-pronouns-determiners\">4. Z\u00e1jmena\/determinanty:<\/h3>\n\n\n\n<p>Z\u00e1jmena a determinanty jsou v mongol\u0161tin\u011b z\u00e1sadn\u00ed; Nahrazuj\u00ed podstatn\u00e1 jm\u00e9na a poskytuj\u00ed informace o mno\u017estv\u00ed, vlastnictv\u00ed a dal\u0161\u00edch. Vlastnictv\u00ed se b\u011b\u017en\u011b zobrazuje u genitivn\u00edch tvar\u016f a p\u0159ivlast\u0148ovac\u00edch z\u00e1jmen a podm\u011btov\u00e1 z\u00e1jmena mohou b\u00fdt vypu\u0161t\u011bna, pokud jsou pochopena z kontextu. Ukazovac\u00ed z\u00e1jmena jako tento a tamten, \u010d\u00edsla a kvantifik\u00e1tory jsou kl\u00ed\u010dov\u00fdmi determinanty, kter\u00e9 je t\u0159eba zvl\u00e1dnout.<\/p>\n\n\n\n<h3 class=\"wp-block-heading\" id=\"h-5-verbs\">5. Slovesa:<\/h3>\n\n\n\n<p>Mongolsk\u00e1 slovesa maj\u00ed r\u016fzn\u00e9 tvary v z\u00e1vislosti na \u010dase, vidu a n\u00e1lad\u011b, \u010dasto jsou tvo\u0159ena p\u0159\u00edponami a pomocn\u00fdmi p\u00edsmeny. Shoda osob je omezen\u00e1 a t\u00e9mata jsou \u010dasto vynech\u00e1na, pokud jsou jasn\u00e1. Za\u010dn\u011bte se z\u00e1kladn\u00edmi neminul\u00fdmi a minul\u00fdmi formami, pot\u00e9 prozkoumejte obvykl\u00e9, budouc\u00ed z\u00e1m\u011brn\u00e9 a mod\u00e1ln\u00ed pou\u017eit\u00ed.<\/p>\n\n\n\n<h3 class=\"wp-block-heading\" id=\"h-6-tenses\">6. \u010casy:<\/h3>\n\n\n\n<p>Po zvl\u00e1dnut\u00ed slovesn\u00fdch kmen\u016f a z\u00e1kladn\u00edch tvar\u016f se pono\u0159te hloub\u011bji do mongolsk\u00e9ho \u010dasu a vidu. To zahrnuje pochopen\u00ed rozd\u00edl\u016f mezi obvykl\u00fdm \u010dten\u00edm v p\u0159\u00edtomnosti, progresivn\u00ed p\u0159\u00edtomnosti, prost\u00e9 minulosti, p\u0159edminul\u00e9m a minul\u00e9m nebo budouc\u00edm \u010dten\u00ed a jak se pou\u017e\u00edvaj\u00ed v r\u016fzn\u00fdch kontextech.<\/p>\n\n\n\n<h3 class=\"wp-block-heading\" id=\"h-7-tense-comparison\">7. Srovn\u00e1n\u00ed \u010das\u016f:<\/h3>\n\n\n\n<p>Porovn\u00e1v\u00e1n\u00ed \u010das\u016f v mongol\u0161tin\u011b pom\u00e1h\u00e1 pochopit posloupnost a nuance akc\u00ed. Porovn\u00e1n\u00ed stejn\u00e9ho slovesa v obvykl\u00fdch, progresivn\u00edch, minul\u00fdch a neminul\u00fdch tvarech umo\u017en\u00ed l\u00e9pe porozum\u011bt v\u00fdznamov\u00fdm rozd\u00edl\u016fm a pou\u017eit\u00ed.<\/p>\n\n\n\n<h3 class=\"wp-block-heading\" id=\"h-8-progressive\">8. Progresivn\u00ed:<\/h3>\n\n\n\n<p>Progresivn\u00ed se v mongol\u0161tin\u011b pou\u017e\u00edv\u00e1 k vyj\u00e1d\u0159en\u00ed prob\u00edhaj\u00edc\u00edch akc\u00ed. Tvo\u0159\u00ed se pou\u017eit\u00edm kmene slovesa s p\u0159\u00edponou konverb a pomocn\u00fdm slovem <a href=\"https:\/\/talkpal.ai\/culture\/how-do-you-conjugate-the-verb-to-be-in-the-past-tense-in-somali\/\">to be<\/a>, b\u011b\u017en\u011b vyj\u00e1d\u0159en\u00fdm formou ekvivalentn\u00ed to be do.<\/p>\n\n\n\n<h3 class=\"wp-block-heading\" id=\"h-9-perfect-progressive\">9. Perfektn\u00ed progresivn\u00ed:<\/h3>\n\n\n\n<p>Tento v\u00fdznam se pou\u017e\u00edv\u00e1 k vyj\u00e1d\u0159en\u00ed akc\u00ed, kter\u00e9 prob\u00edhaj\u00ed a\u017e do ur\u010dit\u00e9ho bodu. V mongol\u0161tin\u011b je vyj\u00e1d\u0159eno p\u0159\u00edslovcem plus pomocn\u00fdmi v\u00fdrazy jako to have come nebo to have been, kter\u00e9 vyjad\u0159uj\u00ed pokra\u010dov\u00e1n\u00ed a\u017e do sou\u010dasnosti nebo a\u017e k minul\u00e9mu referen\u010dn\u00edmu bodu.<\/p>\n\n\n\n<h3 class=\"wp-block-heading\" id=\"h-10-conditionals\">10. Kondicion\u00e1ly:<\/h3>\n\n\n\n<p>Podmi\u0148ovac\u00ed zp\u016fsob vyjad\u0159uje hypotetick\u00e9 situace a jejich mo\u017en\u00e9 v\u00fdsledky. Jsou d\u016fle\u017eitou sou\u010d\u00e1st\u00ed mongolsk\u00e9 gramatiky a obvykle se tvo\u0159\u00ed s podm\u00edn\u011bn\u00fdmi p\u0159\u00edponami ekvivalentn\u00edmi k if, spolu s konstrukcemi, kter\u00e9 vyjad\u0159uj\u00ed skute\u010dn\u00e9, potenci\u00e1ln\u00ed nebo kontrafaktu\u00e1ln\u00ed situace.<\/p>\n\n\n\n<h3 class=\"wp-block-heading\" id=\"h-11-adverbs\">11. P\u0159\u00edslovce:<\/h3>\n\n\n\n<p>P\u0159\u00edslovce v mongol\u0161tin\u011b modifikuj\u00ed slovesa, p\u0159\u00eddavn\u00e1 jm\u00e9na nebo jin\u00e1 p\u0159\u00edslovce. Poskytuj\u00ed informace o zp\u016fsobu, m\u00edst\u011b, \u010dase, stupni a dal\u0161\u00ed. Mnoho p\u0159\u00edslovc\u00ed zp\u016fsob\u016f je odvozeno od p\u0159\u00eddavn\u00fdch jmen s p\u0159\u00edslove\u010dn\u00fdmi p\u0159\u00edponami a existuje mnoho b\u011b\u017en\u00fdch p\u0159\u00edslove\u010dn\u00fdch ur\u010den\u00ed pro \u010das a frekvenci.<\/p>\n\n\n\n<h3 class=\"wp-block-heading\" id=\"h-12-prepositions\">12. P\u0159edlo\u017eky:<\/h3>\n\n\n\n<p>P\u0159edlo\u017eky jsou v mongol\u0161tin\u011b realizov\u00e1ny p\u0159edev\u0161\u00edm jako postpozice a p\u00e1dov\u00e9 koncovky. Spojuj\u00ed slova a fr\u00e1ze dohromady a vyjad\u0159uj\u00ed vztahy \u010dasu, m\u00edsta, sm\u011bru, \u00fa\u010delu, p\u0159\u00ed\u010diny a dal\u0161\u00edch. Z\u00e1sadn\u00ed je nau\u010dit se b\u011b\u017en\u00e9 postpozice a funkce p\u0159\u00edpadov\u00e9ho syst\u00e9mu.<\/p>\n\n\n\n<h3 class=\"wp-block-heading\" id=\"h-13-sentences\">13. V\u011bty:<\/h3>\n\n\n\n<p>Nakonec si procvi\u010dte vytv\u00e1\u0159en\u00ed v\u011bt. Mongol\u0161tina se obvykle \u0159\u00edd\u00ed slovosledem slovesn\u00fdch sloves podm\u011btov\u00e9ho p\u0159edm\u011btu, pou\u017e\u00edv\u00e1 zv\u00fdraz\u0148ov\u00e1n\u00ed t\u00e9mat pomoc\u00ed \u010d\u00e1stic a tvo\u0159\u00ed ot\u00e1zky t\u00e1zac\u00edmi \u010d\u00e1sticemi a intonac\u00ed. To bude zahrnovat pou\u017eit\u00ed v\u0161ech d\u0159\u00edve nau\u010den\u00fdch gramatick\u00fdch bod\u016f v kontextu, \u010d\u00edm\u017e bude zaji\u0161t\u011bno komplexn\u00ed porozum\u011bn\u00ed mongolsk\u00e9mu jazyku.<\/p>\n<\/div><\/div>\n\r\n<section class=\"learnNavigationSection\">\r\n            \r\n        <a href=\"https:\/\/talkpal.ai\/cs\/naucte-se-mongolsky\/\">\r\n            <div class=\"learnNavigationWrapper\">\r\n                <div class=\"learnNavigationContent\">\r\n                    <img decoding=\"async\" src=\"https:\/\/talkpal.ai\/wp-content\/uploads\/2025\/11\/Mongolian.png\" alt=\"Mongolian Flag\">\r\n                    <div>\r\n                        <h4>O mongolsk\u00e9m u\u010den\u00ed<\/h4>\r\n                        <p>Zjist\u011bte v\u0161e o mongolsk\u00e9 gramatice.<\/p>\r\n                    <\/div>\r\n                <\/div>\r\n            <\/div>\r\n        <\/a>\r\n\r\n        \r\n        <a href=\"https:\/\/talkpal.ai\/cs\/mongolska-gramatika\/\">\r\n            <div class=\"learnNavigationWrapper\">\r\n                <div class=\"learnNavigationContent\">\r\n                    <img decoding=\"async\" src=\"https:\/\/talkpal.ai\/wp-content\/uploads\/2025\/11\/Mongolian.png\" alt=\"Mongolian Flag\">\r\n                    <div>\r\n                        <h4>Lekce mongolsk\u00e9 gramatiky<\/h4>\r\n                        <p>Procvi\u010dte si mongolskou gramatiku.<\/p>\r\n                    <\/div>\r\n                <\/div>\r\n            <\/div>\r\n        <\/a>\r\n\r\n            <\/section>","protected":false},"excerpt":{"rendered":"<p>Mongolsk\u00e1 gramatika T\u00e9mata Nau\u010dit se nov\u00fd jazyk m\u016f\u017ee b\u00fdt n\u00e1ro\u010dn\u00e9, ale obohacuj\u00edc\u00ed \u00fasil\u00ed. Mongol\u0161tina, mongolsk\u00fd jazyk, kter\u00fdm se mluv\u00ed hlavn\u011b v Mongolsku a \u010d\u00e1stech severn\u00ed \u010c\u00edny, nen\u00ed v\u00fdjimkou. D\u00edky sv\u00fdm jedine\u010dn\u00fdm vlastnostem a struktur\u00e1m, jako je harmonie samohl\u00e1sek, aglutina\u010dn\u00ed morfologie, bohat\u00e9 zna\u010den\u00ed p\u00e1d\u016f a postpozice, vy\u017eaduje u\u010den\u00ed mongol\u0161tiny systematick\u00fd p\u0159\u00edstup k pochopen\u00ed jej\u00ed gramatiky. Tato [&hellip;]<\/p>\n","protected":false},"author":20,"featured_media":0,"parent":0,"menu_order":0,"comment_status":"closed","ping_status":"closed","template":"LearningContentPage.php","meta":{"_acf_changed":false,"footnotes":""},"class_list":["post-1465786","page","type-page","status-publish","hentry"],"acf":[],"yoast_head":"<!-- This site is optimized with the Yoast SEO Premium plugin v27.2 (Yoast SEO v27.2) - https:\/\/yoast.com\/product\/yoast-seo-premium-wordpress\/ -->\n<title>Mongolsk\u00e1 gramatick\u00e1 cvi\u010den\u00ed - Talkpal<\/title>\n<meta name=\"description\" content=\"Zvl\u00e1dn\u011bte mongolskou gramatiku pomoc\u00ed interaktivn\u00edch cvi\u010den\u00ed a lekc\u00ed s podporou um\u011bl\u00e9 inteligence, kter\u00e9 jsou navr\u017eeny tak, aby zlep\u0161ily va\u0161i plynulost a porozum\u011bn\u00ed jazyku.\" \/>\n<meta name=\"robots\" content=\"index, follow, max-snippet:-1, max-image-preview:large, max-video-preview:-1\" \/>\n<link rel=\"canonical\" href=\"https:\/\/talkpal.ai\/cs\/mongolska-gramaticka-cviceni\/\" \/>\n<meta property=\"og:locale\" content=\"cs_CZ\" \/>\n<meta property=\"og:type\" content=\"article\" \/>\n<meta property=\"og:title\" content=\"Mongolsk\u00e1 gramatick\u00e1 cvi\u010den\u00ed\" \/>\n<meta property=\"og:description\" content=\"Mongolsk\u00e1 gramatika T\u00e9mata Nau\u010dit se nov\u00fd jazyk m\u016f\u017ee b\u00fdt n\u00e1ro\u010dn\u00e9, ale obohacuj\u00edc\u00ed \u00fasil\u00ed. Mongol\u0161tina, mongolsk\u00fd jazyk, kter\u00fdm se mluv\u00ed hlavn\u011b v Mongolsku\" \/>\n<meta property=\"og:url\" content=\"https:\/\/talkpal.ai\/cs\/mongolska-gramaticka-cviceni\/\" \/>\n<meta property=\"og:site_name\" content=\"Talkpal\" \/>\n<meta property=\"article:publisher\" content=\"https:\/\/www.facebook.com\/profile.php?id=100090733639311\" \/>\n<meta property=\"article:modified_time\" content=\"2025-12-30T12:41:00+00:00\" \/>\n<meta property=\"og:image\" content=\"https:\/\/talkpal.ai\/wp-content\/uploads\/2025\/02\/Progress-tab-16_9.png\" \/>\n\t<meta property=\"og:image:width\" content=\"2880\" \/>\n\t<meta property=\"og:image:height\" content=\"1620\" \/>\n\t<meta property=\"og:image:type\" content=\"image\/png\" \/>\n<meta name=\"twitter:card\" content=\"summary_large_image\" \/>\n<meta name=\"twitter:site\" content=\"@talkpalai\" \/>\n<meta name=\"twitter:label1\" content=\"Odhadovan\u00e1 doba \u010dten\u00ed\" \/>\n\t<meta name=\"twitter:data1\" content=\"5 minut\" \/>\n<script type=\"application\/ld+json\" class=\"yoast-schema-graph\">{\"@context\":\"https:\/\/schema.org\",\"@graph\":[{\"@type\":\"WebPage\",\"@id\":\"https:\/\/talkpal.ai\/cs\/mongolska-gramaticka-cviceni\/\",\"url\":\"https:\/\/talkpal.ai\/cs\/mongolska-gramaticka-cviceni\/\",\"name\":\"Mongolsk\u00e1 gramatick\u00e1 cvi\u010den\u00ed - Talkpal\",\"isPartOf\":{\"@id\":\"https:\/\/talkpal.ai\/cs\/#website\"},\"datePublished\":\"2025-11-12T15:57:33+00:00\",\"dateModified\":\"2025-12-30T12:41:00+00:00\",\"description\":\"Zvl\u00e1dn\u011bte mongolskou gramatiku pomoc\u00ed interaktivn\u00edch cvi\u010den\u00ed a lekc\u00ed s podporou um\u011bl\u00e9 inteligence, kter\u00e9 jsou navr\u017eeny tak, aby zlep\u0161ily va\u0161i plynulost a porozum\u011bn\u00ed jazyku.\",\"breadcrumb\":{\"@id\":\"https:\/\/talkpal.ai\/cs\/mongolska-gramaticka-cviceni\/#breadcrumb\"},\"inLanguage\":\"cs\",\"potentialAction\":[{\"@type\":\"ReadAction\",\"target\":[\"https:\/\/talkpal.ai\/cs\/mongolska-gramaticka-cviceni\/\"]}]},{\"@type\":\"BreadcrumbList\",\"@id\":\"https:\/\/talkpal.ai\/cs\/mongolska-gramaticka-cviceni\/#breadcrumb\",\"itemListElement\":[{\"@type\":\"ListItem\",\"position\":1,\"name\":\"Homepage\",\"item\":\"https:\/\/talkpal.ai\/cs\/\"},{\"@type\":\"ListItem\",\"position\":2,\"name\":\"Mongolsk\u00e1 gramatick\u00e1 cvi\u010den\u00ed\"}]},{\"@type\":\"WebSite\",\"@id\":\"https:\/\/talkpal.ai\/cs\/#website\",\"url\":\"https:\/\/talkpal.ai\/cs\/\",\"name\":\"Talkpal\",\"description\":\"AI Language Learning\",\"publisher\":{\"@id\":\"https:\/\/talkpal.ai\/cs\/#organization\"},\"alternateName\":\"Talkpal AI\",\"potentialAction\":[{\"@type\":\"SearchAction\",\"target\":{\"@type\":\"EntryPoint\",\"urlTemplate\":\"https:\/\/talkpal.ai\/cs\/?s={search_term_string}\"},\"query-input\":{\"@type\":\"PropertyValueSpecification\",\"valueRequired\":true,\"valueName\":\"search_term_string\"}}],\"inLanguage\":\"cs\"},{\"@type\":\"Organization\",\"@id\":\"https:\/\/talkpal.ai\/cs\/#organization\",\"name\":\"Talkpal, Inc.\",\"alternateName\":\"Talkpal AI\",\"url\":\"https:\/\/talkpal.ai\/cs\/\",\"logo\":{\"@type\":\"ImageObject\",\"inLanguage\":\"cs\",\"@id\":\"https:\/\/talkpal.ai\/cs\/#\/schema\/logo\/image\/\",\"url\":\"https:\/\/talkpal.ai\/wp-content\/uploads\/2024\/03\/Talkpal-Logo-Icon.png\",\"contentUrl\":\"https:\/\/talkpal.ai\/wp-content\/uploads\/2024\/03\/Talkpal-Logo-Icon.png\",\"width\":2880,\"height\":2880,\"caption\":\"Talkpal, Inc.\"},\"image\":{\"@id\":\"https:\/\/talkpal.ai\/cs\/#\/schema\/logo\/image\/\"},\"sameAs\":[\"https:\/\/www.facebook.com\/profile.php?id=100090733639311\",\"https:\/\/x.com\/talkpalai\",\"https:\/\/www.linkedin.com\/company\/talkpal\/\",\"https:\/\/www.youtube.com\/@TalkPal\/\",\"https:\/\/www.tiktok.com\/@talkpal\",\"https:\/\/www.instagram.com\/talkpal_ai\/\",\"https:\/\/www.crunchbase.com\/organization\/talkpal-9cde\",\"https:\/\/www.g2.com\/products\/talkpal-for-business\/\",\"https:\/\/www.trustpilot.com\/review\/talkpal.ai\",\"https:\/\/www.capterra.com\/p\/10006800\/TalkPal\/\"],\"description\":\"Talkpal is a language learning web and mobile education app, powered by the latest AI technologies, that provides engaging experiences to its customers in many different languages to help them improve their language skills. Users can chat about unlimited amount of topics with the app and use other modes to practice their language learning.\",\"email\":\"support@talkpal.ai\",\"legalName\":\"Talkpal, Inc.\",\"foundingDate\":\"2023-04-03\",\"duns\":\"118989042\",\"numberOfEmployees\":{\"@type\":\"QuantitativeValue\",\"minValue\":\"11\",\"maxValue\":\"50\"},\"publishingPrinciples\":\"https:\/\/talkpal.ai\/publishing-principles\/\",\"actionableFeedbackPolicy\":\"https:\/\/talkpal.ai\/actionable-feedback-policy\/\",\"correctionsPolicy\":\"https:\/\/talkpal.ai\/corrections-policy\/\",\"ethicsPolicy\":\"https:\/\/talkpal.ai\/ethics-policy\/\",\"diversityPolicy\":\"https:\/\/talkpal.ai\/diversity-policy\/\",\"diversityStaffingReport\":\"https:\/\/talkpal.ai\/diversity-policy\/\"}]}<\/script>\n<!-- \/ Yoast SEO Premium plugin. -->","yoast_head_json":{"title":"Mongolsk\u00e1 gramatick\u00e1 cvi\u010den\u00ed - Talkpal","description":"Zvl\u00e1dn\u011bte mongolskou gramatiku pomoc\u00ed interaktivn\u00edch cvi\u010den\u00ed a lekc\u00ed s podporou um\u011bl\u00e9 inteligence, kter\u00e9 jsou navr\u017eeny tak, aby zlep\u0161ily va\u0161i plynulost a porozum\u011bn\u00ed jazyku.","robots":{"index":"index","follow":"follow","max-snippet":"max-snippet:-1","max-image-preview":"max-image-preview:large","max-video-preview":"max-video-preview:-1"},"canonical":"https:\/\/talkpal.ai\/cs\/mongolska-gramaticka-cviceni\/","og_locale":"cs_CZ","og_type":"article","og_title":"Mongolsk\u00e1 gramatick\u00e1 cvi\u010den\u00ed","og_description":"Mongolsk\u00e1 gramatika T\u00e9mata Nau\u010dit se nov\u00fd jazyk m\u016f\u017ee b\u00fdt n\u00e1ro\u010dn\u00e9, ale obohacuj\u00edc\u00ed \u00fasil\u00ed. Mongol\u0161tina, mongolsk\u00fd jazyk, kter\u00fdm se mluv\u00ed hlavn\u011b v Mongolsku","og_url":"https:\/\/talkpal.ai\/cs\/mongolska-gramaticka-cviceni\/","og_site_name":"Talkpal","article_publisher":"https:\/\/www.facebook.com\/profile.php?id=100090733639311","article_modified_time":"2025-12-30T12:41:00+00:00","og_image":[{"width":2880,"height":1620,"url":"https:\/\/talkpal.ai\/wp-content\/uploads\/2025\/02\/Progress-tab-16_9.png","type":"image\/png"}],"twitter_card":"summary_large_image","twitter_site":"@talkpalai","twitter_misc":{"Odhadovan\u00e1 doba \u010dten\u00ed":"5 minut"},"schema":{"@context":"https:\/\/schema.org","@graph":[{"@type":"WebPage","@id":"https:\/\/talkpal.ai\/cs\/mongolska-gramaticka-cviceni\/","url":"https:\/\/talkpal.ai\/cs\/mongolska-gramaticka-cviceni\/","name":"Mongolsk\u00e1 gramatick\u00e1 cvi\u010den\u00ed - Talkpal","isPartOf":{"@id":"https:\/\/talkpal.ai\/cs\/#website"},"datePublished":"2025-11-12T15:57:33+00:00","dateModified":"2025-12-30T12:41:00+00:00","description":"Zvl\u00e1dn\u011bte mongolskou gramatiku pomoc\u00ed interaktivn\u00edch cvi\u010den\u00ed a lekc\u00ed s podporou um\u011bl\u00e9 inteligence, kter\u00e9 jsou navr\u017eeny tak, aby zlep\u0161ily va\u0161i plynulost a porozum\u011bn\u00ed jazyku.","breadcrumb":{"@id":"https:\/\/talkpal.ai\/cs\/mongolska-gramaticka-cviceni\/#breadcrumb"},"inLanguage":"cs","potentialAction":[{"@type":"ReadAction","target":["https:\/\/talkpal.ai\/cs\/mongolska-gramaticka-cviceni\/"]}]},{"@type":"BreadcrumbList","@id":"https:\/\/talkpal.ai\/cs\/mongolska-gramaticka-cviceni\/#breadcrumb","itemListElement":[{"@type":"ListItem","position":1,"name":"Homepage","item":"https:\/\/talkpal.ai\/cs\/"},{"@type":"ListItem","position":2,"name":"Mongolsk\u00e1 gramatick\u00e1 cvi\u010den\u00ed"}]},{"@type":"WebSite","@id":"https:\/\/talkpal.ai\/cs\/#website","url":"https:\/\/talkpal.ai\/cs\/","name":"Talkpal","description":"AI Language Learning","publisher":{"@id":"https:\/\/talkpal.ai\/cs\/#organization"},"alternateName":"Talkpal AI","potentialAction":[{"@type":"SearchAction","target":{"@type":"EntryPoint","urlTemplate":"https:\/\/talkpal.ai\/cs\/?s={search_term_string}"},"query-input":{"@type":"PropertyValueSpecification","valueRequired":true,"valueName":"search_term_string"}}],"inLanguage":"cs"},{"@type":"Organization","@id":"https:\/\/talkpal.ai\/cs\/#organization","name":"Talkpal, Inc.","alternateName":"Talkpal AI","url":"https:\/\/talkpal.ai\/cs\/","logo":{"@type":"ImageObject","inLanguage":"cs","@id":"https:\/\/talkpal.ai\/cs\/#\/schema\/logo\/image\/","url":"https:\/\/talkpal.ai\/wp-content\/uploads\/2024\/03\/Talkpal-Logo-Icon.png","contentUrl":"https:\/\/talkpal.ai\/wp-content\/uploads\/2024\/03\/Talkpal-Logo-Icon.png","width":2880,"height":2880,"caption":"Talkpal, Inc."},"image":{"@id":"https:\/\/talkpal.ai\/cs\/#\/schema\/logo\/image\/"},"sameAs":["https:\/\/www.facebook.com\/profile.php?id=100090733639311","https:\/\/x.com\/talkpalai","https:\/\/www.linkedin.com\/company\/talkpal\/","https:\/\/www.youtube.com\/@TalkPal\/","https:\/\/www.tiktok.com\/@talkpal","https:\/\/www.instagram.com\/talkpal_ai\/","https:\/\/www.crunchbase.com\/organization\/talkpal-9cde","https:\/\/www.g2.com\/products\/talkpal-for-business\/","https:\/\/www.trustpilot.com\/review\/talkpal.ai","https:\/\/www.capterra.com\/p\/10006800\/TalkPal\/"],"description":"Talkpal is a language learning web and mobile education app, powered by the latest AI technologies, that provides engaging experiences to its customers in many different languages to help them improve their language skills. Users can chat about unlimited amount of topics with the app and use other modes to practice their language learning.","email":"support@talkpal.ai","legalName":"Talkpal, Inc.","foundingDate":"2023-04-03","duns":"118989042","numberOfEmployees":{"@type":"QuantitativeValue","minValue":"11","maxValue":"50"},"publishingPrinciples":"https:\/\/talkpal.ai\/publishing-principles\/","actionableFeedbackPolicy":"https:\/\/talkpal.ai\/actionable-feedback-policy\/","correctionsPolicy":"https:\/\/talkpal.ai\/corrections-policy\/","ethicsPolicy":"https:\/\/talkpal.ai\/ethics-policy\/","diversityPolicy":"https:\/\/talkpal.ai\/diversity-policy\/","diversityStaffingReport":"https:\/\/talkpal.ai\/diversity-policy\/"}]}},"_links":{"self":[{"href":"https:\/\/talkpal.ai\/cs\/wp-json\/wp\/v2\/pages\/1465786","targetHints":{"allow":["GET"]}}],"collection":[{"href":"https:\/\/talkpal.ai\/cs\/wp-json\/wp\/v2\/pages"}],"about":[{"href":"https:\/\/talkpal.ai\/cs\/wp-json\/wp\/v2\/types\/page"}],"author":[{"embeddable":true,"href":"https:\/\/talkpal.ai\/cs\/wp-json\/wp\/v2\/users\/20"}],"replies":[{"embeddable":true,"href":"https:\/\/talkpal.ai\/cs\/wp-json\/wp\/v2\/comments?post=1465786"}],"version-history":[{"count":0,"href":"https:\/\/talkpal.ai\/cs\/wp-json\/wp\/v2\/pages\/1465786\/revisions"}],"wp:attachment":[{"href":"https:\/\/talkpal.ai\/cs\/wp-json\/wp\/v2\/media?parent=1465786"}],"curies":[{"name":"wp","href":"https:\/\/api.w.org\/{rel}","templated":true}]}}