{"id":1465785,"date":"2025-11-12T12:26:29","date_gmt":"2025-11-12T12:26:29","guid":{"rendered":"https:\/\/talkpal.ai\/malajalamska-gramatika\/"},"modified":"2025-12-30T13:55:22","modified_gmt":"2025-12-30T13:55:22","slug":"malajalamska-gramatika","status":"publish","type":"page","link":"https:\/\/talkpal.ai\/cs\/malajalamska-gramatika\/","title":{"rendered":"Malaj\u00e1lamsk\u00e1 gramatika"},"content":{"rendered":"\r\n\r\n\r\n<section class=\"languageChallengeSection\">\r\n    <div class=\"languageInfoWrapper\">\r\n        \r\n        <h1>Malaj\u00e1lamsk\u00e1 gramatika<\/h1>\r\n        <p><a href=\"https:\/\/talkpal.ai\/malayalam-grammar\/\">Malaj\u00e1lamsk\u00e1 gramatika<\/a> se m\u016f\u017ee na prvn\u00ed pohled zd\u00e1t n\u00e1ro\u010dn\u00e1, ale d\u00edky sv\u00fdm jedine\u010dn\u00fdm vlastnostem je u\u010den\u00ed jazyka obohacuj\u00edc\u00ed zku\u0161enost\u00ed. P\u0159i zkoum\u00e1n\u00ed abecedy, mutac\u00ed a gramatick\u00fdch pravidel z\u00edsk\u00e1te p\u0159ehled o bohat\u00e9 jazykov\u00e9 tradici. Vydejte se na cestu a objevte kr\u00e1sy Malaj\u00e1lamu!<\/p>\r\n\r\n                            <a class=\"getStartedHidden\" href=\"https:\/\/app.talkpal.ai\/cs\/signup?lng=\">Za\u010dni<\/a>\r\n        \r\n    <\/div>\r\n\r\n    <figure>\r\n    <img decoding=\"async\" width=\"768\" height=\"768\" src=\"https:\/\/talkpal.ai\/wp-content\/uploads\/2023\/06\/welsh-768x768.png\" class=\"languageImage no-lazy\" alt=\"Language learning for better cognitive abilities\" fetchpriority=\"high\" sizes=\"(max-width: 768px) 150px, 768px\" srcset=\"https:\/\/talkpal.ai\/wp-content\/uploads\/2023\/06\/welsh-768x768.png 768w, https:\/\/talkpal.ai\/wp-content\/uploads\/2023\/06\/welsh-300x300.png 300w\" \/>\r\n    \r\n\r\n    <\/figure>\r\n\r\n            <a class=\"getStartedVisible\" href=\"https:\/\/app.talkpal.ai\/cs\/signup?lng=\">Za\u010dni<\/a>\r\n    \r\n<\/section><section class=\"promotionalBanner\">\r\n    <p class=\"promotionalText\">Nejefektivn\u011bj\u0161\u00ed <a href=\"https:\/\/talkpal.ai\/best-way-to-learn\/\">zp\u016fsob<\/a>, jak se nau\u010dit jazyk<\/p>\r\n    <a class=\"promotionalLink\" href=\"https:\/\/app.talkpal.ai\/cs\/signup?lng=\">Vyzkou\u0161ejte Talkpal zdarma<\/a>\r\n<\/section>\n<div class=\"wp-block-group pageContainerStyle\"><div class=\"wp-block-group__inner-container is-layout-constrained wp-block-group-is-layout-constrained\">\n<h2 class=\"wp-block-heading\" id=\"h-navigating-the-intricacies-of-malayalam-grammar\">Navigace ve slo\u017eitosti malaj\u00e1lamsk\u00e9 gramatiky<\/h2>\n\n\n\n<p><a href=\"https:\/\/talkpal.ai\/cs\/naucte-se-malajalamsky\/\">Malaj\u00e1lam\u0161tina, dr\u00e1vidsk\u00fd<\/a> jazyk s bohatou histori\u00ed a hlubok\u00fdmi kulturn\u00edmi ko\u0159eny v Kerale a diaspo\u0159e, nab\u00edz\u00ed vzru\u0161uj\u00edc\u00ed lingvistick\u00fd z\u00e1\u017eitek pro ty, kte\u0159\u00ed tou\u017e\u00ed prozkoumat jeho jedine\u010dn\u00fd gramatick\u00fd syst\u00e9m. Kdy\u017e se vyd\u00e1te do \u0159\u00ed\u0161e malaj\u00e1lam\u0161tiny, obohat\u00edte nejen sv\u016fj jazykov\u00fd reperto\u00e1r, ale tak\u00e9 se vyd\u00e1te na fascinuj\u00edc\u00ed kulturn\u00ed cestu. I kdy\u017e se malaj\u00e1lamsk\u00e1 gramatika m\u016f\u017ee na prvn\u00ed pohled zd\u00e1t slo\u017eit\u00e1, jej\u00ed rozd\u011blen\u00ed na z\u00e1kladn\u00ed slo\u017eky \u010din\u00ed u\u010den\u00ed jazyka p\u0159\u00edstupn\u011bj\u0161\u00edm. V tomto \u010dl\u00e1nku prozkoum\u00e1me podmaniv\u00fd sv\u011bt malaj\u00e1lamsk\u00e9 gramatiky a poskytneme tipy, jak zvl\u00e1dnout jej\u00ed slo\u017eitosti.<\/p>\n\n\n\n<h3 class=\"wp-block-heading\" id=\"h-1-malayalam-alphabet-and-phonetics\">1. Malaj\u00e1lamsk\u00e1 abeceda a fonetika<\/h3>\n\n\n\n<p>Malaj\u00e1lamsk\u00e9 p\u00edsmo je abugida, kter\u00e1 se vyzna\u010duje nez\u00e1visl\u00fdmi samohl\u00e1skami, souhl\u00e1skami s inherentn\u00edmi samohl\u00e1skami a z\u00e1visl\u00fdmi samohl\u00e1skami. <a href=\"https:\/\/talkpal.ai\/talkpal-discount-for-students\/\">Studenti<\/a> by se m\u011bli sezn\u00e1mit s jeho samohl\u00e1skami a souhl\u00e1skami, v\u010detn\u011b charakteristick\u00fdch zvuk\u016f, jako jsou retroflexn\u00ed souhl\u00e1sky a pozoruhodn\u00fd zvuk &#8222;zh&#8220;. Mezi kl\u00ed\u010dov\u00e9 koncepty psan\u00ed pat\u0159\u00ed inherentn\u00ed samohl\u00e1ska a, znak virama zvan\u00fd chandrakkala k potla\u010den\u00ed samohl\u00e1sek, spojky souhl\u00e1sek a speci\u00e1ln\u00ed p\u00edsmena chillu. Chcete-li se nau\u010dit malaj\u00e1lamskou gramatiku, je d\u016fle\u017eit\u00e9 procvi\u010dit si \u010dten\u00ed a psan\u00ed v malaj\u00e1lam\u0161tin\u011b.<\/p>\n\n\n\n<h3 class=\"wp-block-heading\" id=\"h-2-sandhi-and-assimilation-a-peculiar-malayalam-feature\">2. Sandhi a asimilace: Zvl\u00e1\u0161tn\u00ed malaj\u00e1lamsk\u00fd rys<\/h3>\n\n\n\n<p>Jedn\u00edm z nejpozoruhodn\u011bj\u0161\u00edch aspekt\u016f malaj\u00e1lamsk\u00e9 fonologie je p\u0159evaha sandhi, asimilace a geminace souhl\u00e1sek v morf\u00e9mech a hranic\u00edch slov. Zvuky se mohou m\u011bnit, kdy\u017e se p\u0159id\u00e1vaj\u00ed p\u0159\u00edpony nebo kdy\u017e se slova kombinuj\u00ed do slo\u017eenin, a nosov\u00e9 t\u00f3ny se \u010dasto asimiluj\u00ed do n\u00e1sleduj\u00edc\u00edch souhl\u00e1sek. Pochopen\u00ed toho, kdy a jak k t\u011bmto zm\u011bn\u00e1m doch\u00e1z\u00ed, je \u017eivotn\u011b d\u016fle\u017eit\u00e9 pro p\u0159irozenou v\u00fdslovnost a p\u0159esnou komunikaci v malaj\u00e1lam\u0161tin\u011b.<\/p>\n\n\n\n<h3 class=\"wp-block-heading\" id=\"h-3-nouns-and-pronouns-gender-and-cases\">3. Podstatn\u00e1 jm\u00e9na a z\u00e1jmena: rod a p\u00e1dy<\/h3>\n\n\n\n<p>Malaj\u00e1lamsk\u00e1 podstatn\u00e1 jm\u00e9na obvykle neozna\u010duj\u00ed gramatick\u00fd rod a v mno\u017en\u00e9m \u010d\u00edsle se \u010dasto pou\u017e\u00edv\u00e1 p\u0159\u00edpona -kal, s ur\u010dit\u00fdmi nepravidelnostmi a alternativami. P\u00e1dov\u00e9 vztahy jsou vyj\u00e1d\u0159eny sufixy a postpozicemi, jako je akuzativ -e, dativ -kku nebo -inu, genitiv -ude, instrument\u00e1l -al, lok\u00e1l -il, ablativ -il ninnu, sociativ -ote a vokativ -e. Z\u00e1jmena v malaj\u00e1lam\u0161tin\u011b zahrnuj\u00ed osobn\u00ed z\u00e1jmena jako njan, ni, ningal, nammal, avan, aval a \u010destn\u00e9 avar, stejn\u011b jako p\u0159ivlast\u0148ovac\u00ed tvary prost\u0159ednictv\u00edm genitivu, zvratn\u00e9ho tan nebo tanne, ukazovac\u00ed z\u00e1jmena jako i a aa a t\u00e1zac\u00ed z\u00e1jmena jako aar, entu, evide a eppol. Sezn\u00e1men\u00ed se s t\u011bmito z\u00e1jmeny a jejich tvary v\u00fdrazn\u011b zv\u00fd\u0161\u00ed va\u0161e ch\u00e1p\u00e1n\u00ed malaj\u00e1lamsk\u00e9 gramatiky.<\/p>\n\n\n\n<h3 class=\"wp-block-heading\" id=\"h-4-verbs-structure-and-conjugation\">4. Slovesa: struktura a \u010dasov\u00e1n\u00ed<\/h3>\n\n\n\n<p>Malaj\u00e1lamsk\u00e1 slovesa se sklo\u0148uj\u00ed p\u0159edev\u0161\u00edm pro \u010das, aspekt, n\u00e1ladu a polaritu, nikoli pro osobu nebo \u010d\u00edslo. Z\u00e1kladn\u00ed tvary \u010dasov\u00fdch aspekt\u016f zahrnuj\u00ed p\u0159\u00edtomn\u00fd \u010das pr\u016fb\u011bhov\u00fd -unnu, minul\u00fd -i nebo -u a budouc\u00ed -um. Negace se b\u011b\u017en\u011b tvo\u0159\u00ed pomoc\u00ed -illa a d\u016fle\u017eit\u00e9 n\u00e1lady zahrnuj\u00ed rozkazovac\u00ed zp\u016fsob a kondicion\u00e1l, \u010dasto sestaven\u00e9 z konektor\u016f jako -enkil nebo -al. Pomocn\u00e1 slovesa a p\u0159\u00ed\u010dest\u00ed jsou pro jazyk \u00fast\u0159edn\u00ed, p\u0159i\u010dem\u017e tvary jako -unna, -iya a -aya se pou\u017e\u00edvaj\u00ed k vytvo\u0159en\u00ed vzta\u017en\u00fdch v\u011bt a perifrastick\u00fdch konstrukc\u00ed. U\u010den\u00ed se t\u011bmto vzorc\u016fm zlep\u0161\u00ed va\u0161i schopnost efektivn\u011b komunikovat v malaj\u00e1lam\u0161tin\u011b.<\/p>\n\n\n\n<h3 class=\"wp-block-heading\" id=\"h-5-adjectives-agreement-and-placement\">5. P\u0159\u00eddavn\u00e1 jm\u00e9na: Shoda a um\u00edst\u011bn\u00ed<\/h3>\n\n\n\n<p>V malaj\u00e1lamsk\u00e9 gramatice p\u0159\u00eddavn\u00e1 jm\u00e9na obvykle p\u0159edch\u00e1zej\u00ed podstatn\u00e9mu jm\u00e9nu, kter\u00e9 modifikuj\u00ed, a neshoduj\u00ed se rodem ani \u010d\u00edslem s podstatn\u00fdm jm\u00e9nem. Mnoho popisn\u00fdch v\u00fdznam\u016f je vyj\u00e1d\u0159eno participi\u00e1ln\u00edmi nebo genitivn\u00edmi konstrukcemi a komparativy a superlativy jsou \u010dasto tvo\u0159eny analyticky, nap\u0159\u00edklad s kooduthal pro komparativ a etavum pro superlativ. Pochopen\u00ed t\u011bchto vzorc\u016f je nezbytn\u00e9 pro p\u0159irozen\u011bj\u0161\u00ed komunikaci.<\/p>\n\n\n\n<p><strong>P\u0159\u00edklady:<\/strong><\/p>\n\n\n\n<p><strong>\u2013 Valiya Sneham (Velk\u00e1 l\u00e1ska)<\/strong><\/p>\n\n\n\n<p><strong>\u2013 Cheriya Kuttikal (Mal\u00e9 d\u011bti)<\/strong><\/p>\n\n\n\n<h3 class=\"wp-block-heading\" id=\"h-6-engaging-with-the-language\">6. Zapojen\u00ed do jazyka<\/h3>\n\n\n\n<p>Nej\u00fa\u010dinn\u011bj\u0161\u00edm zp\u016fsobem, jak pln\u011b porozum\u011bt a osvojit si malaj\u00e1lamskou gramatiku, je d\u016fsledn\u011b se zab\u00fdvat jazykem. \u010cten\u00edm malaj\u00e1lamsk\u00e9 literatury a novin, sledov\u00e1n\u00edm malaj\u00e1lamsk\u00fdch film\u016f nebo televizn\u00edch seri\u00e1l\u016f, poslechem p\u00edsn\u00ed a r\u00e1dia a aktivn\u00ed komunikac\u00ed s rodil\u00fdmi mluv\u010d\u00edmi pos\u00edl\u00edte sv\u00e9 porozum\u011bn\u00ed gramatice a z\u00e1rove\u0148 si roz\u0161\u00ed\u0159\u00edte slovn\u00ed z\u00e1sobu.<\/p>\n\n\n\n<h3 class=\"wp-block-heading\" id=\"h-conclusion\">Z\u00e1v\u011br<\/h3>\n\n\n\n<p>A\u010dkoli se malaj\u00e1lamsk\u00e1 gramatika m\u016f\u017ee zd\u00e1t slo\u017eit\u00e1, m\u016f\u017eete se v tomto kr\u00e1sn\u00e9m jazyce zdokonalit s odhodl\u00e1n\u00edm, prax\u00ed a nad\u0161en\u00edm. Zam\u011b\u0159en\u00edm se na z\u00e1kladn\u00ed pravidla a zapojen\u00edm se do jazyka v r\u016fzn\u00fdch kontextech rychle zlep\u0161\u00edte sv\u00e9 malaj\u00e1lamsk\u00e9 <a href=\"https:\/\/talkpal.ai\/cs\/gramatika\/\">gramatick\u00e9 dovednosti<\/a>. Ashamsakal (hodn\u011b \u0161t\u011bst\u00ed) na va\u0161\u00ed cest\u011b za malaj\u00e1lamsk\u00fdm jazykem a u\u017eijte si odhalov\u00e1n\u00ed z\u00e1hadn\u00e9ho, ale podmaniv\u00e9ho sv\u011bta malaj\u00e1lamsk\u00e9 gramatiky!<\/p>\n<\/div><\/div>\n\r\n<section class=\"learnNavigationSection\">\r\n            \r\n        <a href=\"https:\/\/talkpal.ai\/cs\/naucte-se-malajalamsky\/\">\r\n            <div class=\"learnNavigationWrapper\">\r\n                <div class=\"learnNavigationContent\">\r\n                    <img decoding=\"async\" src=\"https:\/\/talkpal.ai\/wp-content\/uploads\/2025\/11\/Malayalam.png\" alt=\"Indian Simplified Flag\">\r\n                    <div>\r\n                        <h4>O malaj\u00e1lamsk\u00e9m u\u010den\u00ed<\/h4>\r\n                        <p>Zjist\u011bte v\u0161e o malaj\u00e1lamsk\u00e9 gramatice.<\/p>\r\n                    <\/div>\r\n                <\/div>\r\n            <\/div>\r\n        <\/a>\r\n\r\n        \r\n        <a href=\"https:\/\/talkpal.ai\/cs\/malajalamska-gramaticka-cviceni\/\">\r\n            <div class=\"learnNavigationWrapper\">\r\n                <div class=\"learnNavigationContent\">\r\n                    <img decoding=\"async\" src=\"https:\/\/talkpal.ai\/wp-content\/uploads\/2025\/11\/Malayalam.png\" alt=\"Indian Simplified Flag\">\r\n                    <div>\r\n                        <h4>Malaj\u00e1lamsk\u00e9 gramatick\u00e9 cvi\u010den\u00ed<\/h4>\r\n                        <p>Procvi\u010dujte malaj\u00e1lamskou gramatiku.<\/p>\r\n                    <\/div>\r\n                <\/div>\r\n            <\/div>\r\n        <\/a>\r\n\r\n            <\/section>","protected":false},"excerpt":{"rendered":"<p>Navigace ve slo\u017eitosti malaj\u00e1lamsk\u00e9 gramatiky Malaj\u00e1lam\u0161tina, dr\u00e1vidsk\u00fd jazyk s bohatou histori\u00ed a hlubok\u00fdmi kulturn\u00edmi ko\u0159eny v Kerale a diaspo\u0159e, nab\u00edz\u00ed vzru\u0161uj\u00edc\u00ed lingvistick\u00fd z\u00e1\u017eitek pro ty, kte\u0159\u00ed tou\u017e\u00ed prozkoumat jeho jedine\u010dn\u00fd gramatick\u00fd syst\u00e9m. Kdy\u017e se vyd\u00e1te do \u0159\u00ed\u0161e malaj\u00e1lam\u0161tiny, obohat\u00edte nejen sv\u016fj jazykov\u00fd reperto\u00e1r, ale tak\u00e9 se vyd\u00e1te na fascinuj\u00edc\u00ed kulturn\u00ed cestu. I kdy\u017e se malaj\u00e1lamsk\u00e1 [&hellip;]<\/p>\n","protected":false},"author":20,"featured_media":0,"parent":0,"menu_order":0,"comment_status":"closed","ping_status":"closed","template":"LearningContentPage.php","meta":{"_acf_changed":false,"footnotes":""},"class_list":["post-1465785","page","type-page","status-publish","hentry"],"acf":[],"yoast_head":"<!-- This site is optimized with the Yoast SEO Premium plugin v27.2 (Yoast SEO v27.2) - https:\/\/yoast.com\/product\/yoast-seo-premium-wordpress\/ -->\n<title>Malaj\u00e1lamsk\u00e1 gramatika - Talkpal<\/title>\n<meta name=\"description\" content=\"Zvl\u00e1dn\u011bte pravidla malajalamsk\u00e9 gramatiky v\u010detn\u011b abecedy, podstatn\u00fdch jmen a sloves pomoc\u00ed na\u0161eho komplexn\u00edho pr\u016fvodce v\u00fdukou jazyka AI.\" \/>\n<meta name=\"robots\" content=\"index, follow, max-snippet:-1, max-image-preview:large, max-video-preview:-1\" \/>\n<link rel=\"canonical\" href=\"https:\/\/talkpal.ai\/cs\/malajalamska-gramatika\/\" \/>\n<meta property=\"og:locale\" content=\"cs_CZ\" \/>\n<meta property=\"og:type\" content=\"article\" \/>\n<meta property=\"og:title\" content=\"Malaj\u00e1lamsk\u00e1 gramatika\" \/>\n<meta property=\"og:description\" content=\"Navigace ve slo\u017eitosti malaj\u00e1lamsk\u00e9 gramatiky Malaj\u00e1lam\u0161tina, dr\u00e1vidsk\u00fd jazyk s bohatou histori\u00ed a hlubok\u00fdmi kulturn\u00edmi ko\u0159eny v Kerale a diaspo\u0159e, nab\u00edz\u00ed\" \/>\n<meta property=\"og:url\" content=\"https:\/\/talkpal.ai\/cs\/malajalamska-gramatika\/\" \/>\n<meta property=\"og:site_name\" content=\"Talkpal\" \/>\n<meta property=\"article:publisher\" content=\"https:\/\/www.facebook.com\/profile.php?id=100090733639311\" \/>\n<meta property=\"article:modified_time\" content=\"2025-12-30T13:55:22+00:00\" \/>\n<meta property=\"og:image\" content=\"https:\/\/talkpal.ai\/wp-content\/uploads\/2025\/02\/Progress-tab-16_9.png\" \/>\n\t<meta property=\"og:image:width\" content=\"2880\" \/>\n\t<meta property=\"og:image:height\" content=\"1620\" \/>\n\t<meta property=\"og:image:type\" content=\"image\/png\" \/>\n<meta name=\"twitter:card\" content=\"summary_large_image\" \/>\n<meta name=\"twitter:site\" content=\"@talkpalai\" \/>\n<meta name=\"twitter:label1\" content=\"Odhadovan\u00e1 doba \u010dten\u00ed\" \/>\n\t<meta name=\"twitter:data1\" content=\"4 minuty\" \/>\n<script type=\"application\/ld+json\" class=\"yoast-schema-graph\">{\"@context\":\"https:\/\/schema.org\",\"@graph\":[{\"@type\":\"WebPage\",\"@id\":\"https:\/\/talkpal.ai\/cs\/malajalamska-gramatika\/\",\"url\":\"https:\/\/talkpal.ai\/cs\/malajalamska-gramatika\/\",\"name\":\"Malaj\u00e1lamsk\u00e1 gramatika - Talkpal\",\"isPartOf\":{\"@id\":\"https:\/\/talkpal.ai\/cs\/#website\"},\"datePublished\":\"2025-11-12T12:26:29+00:00\",\"dateModified\":\"2025-12-30T13:55:22+00:00\",\"description\":\"Zvl\u00e1dn\u011bte pravidla malajalamsk\u00e9 gramatiky v\u010detn\u011b abecedy, podstatn\u00fdch jmen a sloves pomoc\u00ed na\u0161eho komplexn\u00edho pr\u016fvodce v\u00fdukou jazyka AI.\",\"breadcrumb\":{\"@id\":\"https:\/\/talkpal.ai\/cs\/malajalamska-gramatika\/#breadcrumb\"},\"inLanguage\":\"cs\",\"potentialAction\":[{\"@type\":\"ReadAction\",\"target\":[\"https:\/\/talkpal.ai\/cs\/malajalamska-gramatika\/\"]}]},{\"@type\":\"BreadcrumbList\",\"@id\":\"https:\/\/talkpal.ai\/cs\/malajalamska-gramatika\/#breadcrumb\",\"itemListElement\":[{\"@type\":\"ListItem\",\"position\":1,\"name\":\"Homepage\",\"item\":\"https:\/\/talkpal.ai\/cs\/\"},{\"@type\":\"ListItem\",\"position\":2,\"name\":\"Malaj\u00e1lamsk\u00e1 gramatika\"}]},{\"@type\":\"WebSite\",\"@id\":\"https:\/\/talkpal.ai\/cs\/#website\",\"url\":\"https:\/\/talkpal.ai\/cs\/\",\"name\":\"Talkpal\",\"description\":\"AI Language Learning\",\"publisher\":{\"@id\":\"https:\/\/talkpal.ai\/cs\/#organization\"},\"alternateName\":\"Talkpal AI\",\"potentialAction\":[{\"@type\":\"SearchAction\",\"target\":{\"@type\":\"EntryPoint\",\"urlTemplate\":\"https:\/\/talkpal.ai\/cs\/?s={search_term_string}\"},\"query-input\":{\"@type\":\"PropertyValueSpecification\",\"valueRequired\":true,\"valueName\":\"search_term_string\"}}],\"inLanguage\":\"cs\"},{\"@type\":\"Organization\",\"@id\":\"https:\/\/talkpal.ai\/cs\/#organization\",\"name\":\"Talkpal, Inc.\",\"alternateName\":\"Talkpal AI\",\"url\":\"https:\/\/talkpal.ai\/cs\/\",\"logo\":{\"@type\":\"ImageObject\",\"inLanguage\":\"cs\",\"@id\":\"https:\/\/talkpal.ai\/cs\/#\/schema\/logo\/image\/\",\"url\":\"https:\/\/talkpal.ai\/wp-content\/uploads\/2024\/03\/Talkpal-Logo-Icon.png\",\"contentUrl\":\"https:\/\/talkpal.ai\/wp-content\/uploads\/2024\/03\/Talkpal-Logo-Icon.png\",\"width\":2880,\"height\":2880,\"caption\":\"Talkpal, Inc.\"},\"image\":{\"@id\":\"https:\/\/talkpal.ai\/cs\/#\/schema\/logo\/image\/\"},\"sameAs\":[\"https:\/\/www.facebook.com\/profile.php?id=100090733639311\",\"https:\/\/x.com\/talkpalai\",\"https:\/\/www.linkedin.com\/company\/talkpal\/\",\"https:\/\/www.youtube.com\/@TalkPal\/\",\"https:\/\/www.tiktok.com\/@talkpal\",\"https:\/\/www.instagram.com\/talkpal_ai\/\",\"https:\/\/www.crunchbase.com\/organization\/talkpal-9cde\",\"https:\/\/www.g2.com\/products\/talkpal-for-business\/\",\"https:\/\/www.trustpilot.com\/review\/talkpal.ai\",\"https:\/\/www.capterra.com\/p\/10006800\/TalkPal\/\"],\"description\":\"Talkpal is a language learning web and mobile education app, powered by the latest AI technologies, that provides engaging experiences to its customers in many different languages to help them improve their language skills. Users can chat about unlimited amount of topics with the app and use other modes to practice their language learning.\",\"email\":\"support@talkpal.ai\",\"legalName\":\"Talkpal, Inc.\",\"foundingDate\":\"2023-04-03\",\"duns\":\"118989042\",\"numberOfEmployees\":{\"@type\":\"QuantitativeValue\",\"minValue\":\"11\",\"maxValue\":\"50\"},\"publishingPrinciples\":\"https:\/\/talkpal.ai\/publishing-principles\/\",\"actionableFeedbackPolicy\":\"https:\/\/talkpal.ai\/actionable-feedback-policy\/\",\"correctionsPolicy\":\"https:\/\/talkpal.ai\/corrections-policy\/\",\"ethicsPolicy\":\"https:\/\/talkpal.ai\/ethics-policy\/\",\"diversityPolicy\":\"https:\/\/talkpal.ai\/diversity-policy\/\",\"diversityStaffingReport\":\"https:\/\/talkpal.ai\/diversity-policy\/\"}]}<\/script>\n<!-- \/ Yoast SEO Premium plugin. -->","yoast_head_json":{"title":"Malaj\u00e1lamsk\u00e1 gramatika - Talkpal","description":"Zvl\u00e1dn\u011bte pravidla malajalamsk\u00e9 gramatiky v\u010detn\u011b abecedy, podstatn\u00fdch jmen a sloves pomoc\u00ed na\u0161eho komplexn\u00edho pr\u016fvodce v\u00fdukou jazyka AI.","robots":{"index":"index","follow":"follow","max-snippet":"max-snippet:-1","max-image-preview":"max-image-preview:large","max-video-preview":"max-video-preview:-1"},"canonical":"https:\/\/talkpal.ai\/cs\/malajalamska-gramatika\/","og_locale":"cs_CZ","og_type":"article","og_title":"Malaj\u00e1lamsk\u00e1 gramatika","og_description":"Navigace ve slo\u017eitosti malaj\u00e1lamsk\u00e9 gramatiky Malaj\u00e1lam\u0161tina, dr\u00e1vidsk\u00fd jazyk s bohatou histori\u00ed a hlubok\u00fdmi kulturn\u00edmi ko\u0159eny v Kerale a diaspo\u0159e, nab\u00edz\u00ed","og_url":"https:\/\/talkpal.ai\/cs\/malajalamska-gramatika\/","og_site_name":"Talkpal","article_publisher":"https:\/\/www.facebook.com\/profile.php?id=100090733639311","article_modified_time":"2025-12-30T13:55:22+00:00","og_image":[{"width":2880,"height":1620,"url":"https:\/\/talkpal.ai\/wp-content\/uploads\/2025\/02\/Progress-tab-16_9.png","type":"image\/png"}],"twitter_card":"summary_large_image","twitter_site":"@talkpalai","twitter_misc":{"Odhadovan\u00e1 doba \u010dten\u00ed":"4 minuty"},"schema":{"@context":"https:\/\/schema.org","@graph":[{"@type":"WebPage","@id":"https:\/\/talkpal.ai\/cs\/malajalamska-gramatika\/","url":"https:\/\/talkpal.ai\/cs\/malajalamska-gramatika\/","name":"Malaj\u00e1lamsk\u00e1 gramatika - Talkpal","isPartOf":{"@id":"https:\/\/talkpal.ai\/cs\/#website"},"datePublished":"2025-11-12T12:26:29+00:00","dateModified":"2025-12-30T13:55:22+00:00","description":"Zvl\u00e1dn\u011bte pravidla malajalamsk\u00e9 gramatiky v\u010detn\u011b abecedy, podstatn\u00fdch jmen a sloves pomoc\u00ed na\u0161eho komplexn\u00edho pr\u016fvodce v\u00fdukou jazyka AI.","breadcrumb":{"@id":"https:\/\/talkpal.ai\/cs\/malajalamska-gramatika\/#breadcrumb"},"inLanguage":"cs","potentialAction":[{"@type":"ReadAction","target":["https:\/\/talkpal.ai\/cs\/malajalamska-gramatika\/"]}]},{"@type":"BreadcrumbList","@id":"https:\/\/talkpal.ai\/cs\/malajalamska-gramatika\/#breadcrumb","itemListElement":[{"@type":"ListItem","position":1,"name":"Homepage","item":"https:\/\/talkpal.ai\/cs\/"},{"@type":"ListItem","position":2,"name":"Malaj\u00e1lamsk\u00e1 gramatika"}]},{"@type":"WebSite","@id":"https:\/\/talkpal.ai\/cs\/#website","url":"https:\/\/talkpal.ai\/cs\/","name":"Talkpal","description":"AI Language Learning","publisher":{"@id":"https:\/\/talkpal.ai\/cs\/#organization"},"alternateName":"Talkpal AI","potentialAction":[{"@type":"SearchAction","target":{"@type":"EntryPoint","urlTemplate":"https:\/\/talkpal.ai\/cs\/?s={search_term_string}"},"query-input":{"@type":"PropertyValueSpecification","valueRequired":true,"valueName":"search_term_string"}}],"inLanguage":"cs"},{"@type":"Organization","@id":"https:\/\/talkpal.ai\/cs\/#organization","name":"Talkpal, Inc.","alternateName":"Talkpal AI","url":"https:\/\/talkpal.ai\/cs\/","logo":{"@type":"ImageObject","inLanguage":"cs","@id":"https:\/\/talkpal.ai\/cs\/#\/schema\/logo\/image\/","url":"https:\/\/talkpal.ai\/wp-content\/uploads\/2024\/03\/Talkpal-Logo-Icon.png","contentUrl":"https:\/\/talkpal.ai\/wp-content\/uploads\/2024\/03\/Talkpal-Logo-Icon.png","width":2880,"height":2880,"caption":"Talkpal, Inc."},"image":{"@id":"https:\/\/talkpal.ai\/cs\/#\/schema\/logo\/image\/"},"sameAs":["https:\/\/www.facebook.com\/profile.php?id=100090733639311","https:\/\/x.com\/talkpalai","https:\/\/www.linkedin.com\/company\/talkpal\/","https:\/\/www.youtube.com\/@TalkPal\/","https:\/\/www.tiktok.com\/@talkpal","https:\/\/www.instagram.com\/talkpal_ai\/","https:\/\/www.crunchbase.com\/organization\/talkpal-9cde","https:\/\/www.g2.com\/products\/talkpal-for-business\/","https:\/\/www.trustpilot.com\/review\/talkpal.ai","https:\/\/www.capterra.com\/p\/10006800\/TalkPal\/"],"description":"Talkpal is a language learning web and mobile education app, powered by the latest AI technologies, that provides engaging experiences to its customers in many different languages to help them improve their language skills. Users can chat about unlimited amount of topics with the app and use other modes to practice their language learning.","email":"support@talkpal.ai","legalName":"Talkpal, Inc.","foundingDate":"2023-04-03","duns":"118989042","numberOfEmployees":{"@type":"QuantitativeValue","minValue":"11","maxValue":"50"},"publishingPrinciples":"https:\/\/talkpal.ai\/publishing-principles\/","actionableFeedbackPolicy":"https:\/\/talkpal.ai\/actionable-feedback-policy\/","correctionsPolicy":"https:\/\/talkpal.ai\/corrections-policy\/","ethicsPolicy":"https:\/\/talkpal.ai\/ethics-policy\/","diversityPolicy":"https:\/\/talkpal.ai\/diversity-policy\/","diversityStaffingReport":"https:\/\/talkpal.ai\/diversity-policy\/"}]}},"_links":{"self":[{"href":"https:\/\/talkpal.ai\/cs\/wp-json\/wp\/v2\/pages\/1465785","targetHints":{"allow":["GET"]}}],"collection":[{"href":"https:\/\/talkpal.ai\/cs\/wp-json\/wp\/v2\/pages"}],"about":[{"href":"https:\/\/talkpal.ai\/cs\/wp-json\/wp\/v2\/types\/page"}],"author":[{"embeddable":true,"href":"https:\/\/talkpal.ai\/cs\/wp-json\/wp\/v2\/users\/20"}],"replies":[{"embeddable":true,"href":"https:\/\/talkpal.ai\/cs\/wp-json\/wp\/v2\/comments?post=1465785"}],"version-history":[{"count":0,"href":"https:\/\/talkpal.ai\/cs\/wp-json\/wp\/v2\/pages\/1465785\/revisions"}],"wp:attachment":[{"href":"https:\/\/talkpal.ai\/cs\/wp-json\/wp\/v2\/media?parent=1465785"}],"curies":[{"name":"wp","href":"https:\/\/api.w.org\/{rel}","templated":true}]}}