{"id":1465782,"date":"2025-11-12T15:41:46","date_gmt":"2025-11-12T15:41:46","guid":{"rendered":"https:\/\/talkpal.ai\/cviceni-z-maltske-gramatiky\/"},"modified":"2025-12-30T13:41:11","modified_gmt":"2025-12-30T13:41:11","slug":"cviceni-z-maltske-gramatiky","status":"publish","type":"page","link":"https:\/\/talkpal.ai\/cs\/cviceni-z-maltske-gramatiky\/","title":{"rendered":"Cvi\u010den\u00ed z maltsk\u00e9 gramatiky"},"content":{"rendered":"\r\n\r\n\r\n<section class=\"languageChallengeSection\">\r\n    <div class=\"languageInfoWrapper\">\r\n        \r\n        <h1>Cvi\u010den\u00ed z maltsk\u00e9 gramatiky<\/h1>\r\n        <p>Jste p\u0159ipraveni pono\u0159it se do maltsk\u00e9 gramatiky? Procvi\u010den\u00ed n\u011bkolika z\u00e1klad\u016f v\u00e1m pom\u016f\u017ee se s t\u00edmto jedine\u010dn\u00fdm a kr\u00e1sn\u00fdm jazykem s\u017e\u00edt. Vyzkou\u0161ejte tato cvi\u010den\u00ed, abyste si pos\u00edlili sebev\u011bdom\u00ed a pobavili se u toho!<\/p>\r\n\r\n                            <a class=\"getStartedHidden\" href=\"https:\/\/app.talkpal.ai\/cs\/signup?lng=\">Za\u010dni<\/a>\r\n        \r\n    <\/div>\r\n\r\n    <figure>\r\n    <img decoding=\"async\" width=\"768\" height=\"768\" src=\"https:\/\/talkpal.ai\/wp-content\/uploads\/2023\/06\/welsh-768x768.png\" class=\"languageImage no-lazy\" alt=\"Language learning for better cognitive abilities\" fetchpriority=\"high\" sizes=\"(max-width: 768px) 150px, 768px\" srcset=\"https:\/\/talkpal.ai\/wp-content\/uploads\/2023\/06\/welsh-768x768.png 768w, https:\/\/talkpal.ai\/wp-content\/uploads\/2023\/06\/welsh-300x300.png 300w\" \/>\r\n    \r\n\r\n    <\/figure>\r\n\r\n            <a class=\"getStartedVisible\" href=\"https:\/\/app.talkpal.ai\/cs\/signup?lng=\">Za\u010dni<\/a>\r\n    \r\n<\/section><section class=\"promotionalBanner\">\r\n    <p class=\"promotionalText\">Nejefektivn\u011bj\u0161\u00ed <a href=\"https:\/\/talkpal.ai\/best-way-to-learn\/\">zp\u016fsob<\/a>, jak se nau\u010dit jazyk<\/p>\r\n    <a class=\"promotionalLink\" href=\"https:\/\/app.talkpal.ai\/cs\/signup?lng=\">Vyzkou\u0161ejte Talkpal zdarma<\/a>\r\n<\/section>\n<div class=\"wp-block-group pageContainerStyle\"><div class=\"wp-block-group__inner-container is-layout-constrained wp-block-group-is-layout-constrained\">\n<h2 class=\"wp-block-heading\" id=\"h-maltese-grammar-topics\">T\u00e9mata maltsk\u00e9 gramatiky<\/h2>\n\n\n\n<p><a href=\"https:\/\/talkpal.ai\/cs\/nejvetsi-chyby-kterych-je-treba-se-vyvarovat-pri-uceni-noveho-jazyka\/\">Nau\u010dit se nov\u00fd jazyk<\/a> m\u016f\u017ee b\u00fdt n\u00e1ro\u010dn\u00e9, ale obohacuj\u00edc\u00ed \u00fasil\u00ed. <a href=\"https:\/\/talkpal.ai\/learn-maltese\/\">Malt\u0161tina<\/a>, semitsk\u00fd jazyk se siln\u00fdm rom\u00e1nsk\u00fdm a anglick\u00fdm vlivem, kter\u00fdm se mluv\u00ed hlavn\u011b na Malt\u011b, nen\u00ed v\u00fdjimkou. <a href=\"https:\/\/talkpal.ai\/cs\/talkpal-pro-vzdelavani\/\">U\u010den\u00ed<\/a> malt\u0161tiny s jej\u00edmi jedine\u010dn\u00fdmi vlastnostmi a strukturami vy\u017eaduje systematick\u00fd p\u0159\u00edstup k pochopen\u00ed jej\u00ed gramatiky. Tato p\u0159\u00edru\u010dka popisuje kl\u00ed\u010dov\u00e9 oblasti <a href=\"https:\/\/talkpal.ai\/cs\/maltska-gramatika\/\">maltsk\u00e9 gramatiky<\/a> v logick\u00e9m po\u0159ad\u00ed pro <a href=\"https:\/\/talkpal.ai\/cs\/talkpal-pro-vzdelavani\/\">v\u00fduku jazyk\u016f<\/a>, po\u010d\u00ednaje z\u00e1klady, jako jsou podstatn\u00e1 jm\u00e9na a \u010dleny, a pokra\u010duje slo\u017eit\u011bj\u0161\u00edmi oblastmi, jako jsou \u010dasy a stavba v\u011bt.<\/p>\n\n\n\n<h3 class=\"wp-block-heading\" id=\"h-1-nouns\">1. Podstatn\u00e1 jm\u00e9na:<\/h3>\n\n\n\n<p>Za\u010dn\u011bte svou cestu malt\u0161tinou t\u00edm, \u017ee se nau\u010d\u00edte podstatn\u00e1 jm\u00e9na. To zahrnuje porozum\u011bn\u00ed r\u016fzn\u00fdm kategori\u00edm podstatn\u00fdch jmen, jako jsou obecn\u00e1 a vlastn\u00ed podstatn\u00e1 jm\u00e9na, a tak\u00e9 jejich tvar\u016fm mno\u017en\u00e9ho \u010d\u00edsla.<\/p>\n\n\n\n<h3 class=\"wp-block-heading\" id=\"h-2-articles\">2. \u010cl\u00e1nky:<\/h3>\n\n\n\n<p>\u010cl\u00e1nky v malt\u0161tin\u011b se pou\u017e\u00edvaj\u00ed jinak ne\u017e v <a href=\"https:\/\/talkpal.ai\/ai-english-speaking-practice\/\">angli\u010dtin\u011b<\/a>. Pochopen\u00ed toho, jak spr\u00e1vn\u011b pou\u017e\u00edvat ur\u010dit\u00fd \u010dlen il, v\u010detn\u011b jeho asimilace a absence neur\u010dit\u00e9ho \u010dlenu, je p\u0159i stavb\u011b v\u011bty z\u00e1sadn\u00ed.<\/p>\n\n\n\n<h3 class=\"wp-block-heading\" id=\"h-3-adjectives\">3. P\u0159\u00eddavn\u00e1 jm\u00e9na:<\/h3>\n\n\n\n<p>P\u0159\u00eddavn\u00e1 jm\u00e9na v malt\u0161tin\u011b n\u00e1sleduj\u00ed za sv\u00fdmi podstatn\u00fdmi jm\u00e9ny, co\u017e se li\u0161\u00ed od angli\u010dtiny. Budete se tak\u00e9 muset nau\u010dit vzorce shody a jak tvo\u0159it komparativy a superlativy s aktar nebo iktar a pevn\u00e9 tvary jako a\u0127jar.<\/p>\n\n\n\n<h3 class=\"wp-block-heading\" id=\"h-4-pronouns-determiners\">4. Z\u00e1jmena\/determinanty:<\/h3>\n\n\n\n<p>Z\u00e1jmena a determinanty jsou v malt\u0161tin\u011b z\u00e1sadn\u00ed; Nahrazuj\u00ed podstatn\u00e1 jm\u00e9na a poskytuj\u00ed informace o mno\u017estv\u00ed, vlastnictv\u00ed a dal\u0161\u00edch. Jejich spr\u00e1vn\u00e9 pou\u017eit\u00ed zahrnuje samostatn\u00e9 tvary, p\u0159edm\u011btn\u00e1 klitika, p\u0159ivlast\u0148ovac\u00ed z\u00e1jmena zalo\u017een\u00e1 na ta&#8216; a z\u00e1jmenn\u00e9 koncovky na p\u0159edlo\u017ek\u00e1ch.<\/p>\n\n\n\n<h3 class=\"wp-block-heading\" id=\"h-5-verbs\">5. Slovesa:<\/h3>\n\n\n\n<p>Maltsk\u00e1 slovesa maj\u00ed r\u016fzn\u00e9 tvary v z\u00e1vislosti na \u010dase, vidu, n\u00e1lad\u011b a hlasu. Za\u010dn\u011bte s imperfektem pro p\u0159\u00edtomn\u00fd v\u00fdznam a budouc\u00edm ukazatelem se, pak prozkoumejte dokonalost pro minulost a <a href=\"https:\/\/talkpal.ai\/ja\/grammar_exercises\/imperatif-%e3%83%95%e3%83%a9%e3%83%b3%e3%82%b9%e3%81%ae%e6%96%87%e6%b3%95%e3%81%ae%e3%81%9f%e3%82%81%e3%81%ae%e6%bc%94%e7%bf%92\/\">imperativ<\/a>.<\/p>\n\n\n\n<h3 class=\"wp-block-heading\" id=\"h-6-tenses\">6. \u010casy:<\/h3>\n\n\n\n<p>Po zvl\u00e1dnut\u00ed slovesn\u00fdch tvar\u016f se pono\u0159te hloub\u011bji do maltsk\u00fdch \u010das\u016f a aspekt\u016f. To zahrnuje pochopen\u00ed rozd\u00edl\u016f mezi dokonal\u00fdm a nedokonal\u00fdm, jak je ozna\u010dov\u00e1na budoucnost a jak se pou\u017e\u00edvaj\u00ed v r\u016fzn\u00fdch kontextech.<\/p>\n\n\n\n<h3 class=\"wp-block-heading\" id=\"h-7-tense-comparison\">7. Srovn\u00e1n\u00ed \u010das\u016f:<\/h3>\n\n\n\n<p>Porovn\u00e1v\u00e1n\u00ed \u010das\u016f v malt\u0161tin\u011b pom\u00e1h\u00e1 pochopit sled ud\u00e1lost\u00ed. Porovn\u00e1n\u00ed stejn\u00e9ho slovesa v perfektu, nedokonal\u00e9m a budouc\u00edm \u010dase v\u00e1m umo\u017en\u00ed l\u00e9pe porozum\u011bt maltsk\u00e9mu jazyku.<\/p>\n\n\n\n<h3 class=\"wp-block-heading\" id=\"h-8-progressive\">8. Progresivn\u00ed:<\/h3>\n\n\n\n<p>Progresivn\u00ed se v malt\u0161tin\u011b pou\u017e\u00edv\u00e1 k vyj\u00e1d\u0159en\u00ed prob\u00edhaj\u00edc\u00edch akc\u00ed. Vznik\u00e1 pou\u017eit\u00edm qed n\u00e1sledovan\u00e9ho imperfektem.<\/p>\n\n\n\n<h3 class=\"wp-block-heading\" id=\"h-9-perfect-progressive\">9. Perfektn\u00ed progresivn\u00ed:<\/h3>\n\n\n\n<p>Tento \u010das se pou\u017e\u00edv\u00e1 k vyj\u00e1d\u0159en\u00ed d\u011bj\u016f, kter\u00e9 prob\u00edhaly a\u017e do ur\u010dit\u00e9ho bodu. V malt\u0161tin\u011b se b\u011b\u017en\u011b vyjad\u0159uje slovem ilni nebo ilna plus trv\u00e1n\u00ed a qed s imperfektum.<\/p>\n\n\n\n<h3 class=\"wp-block-heading\" id=\"h-10-conditionals\">10. Kondicion\u00e1ly:<\/h3>\n\n\n\n<p>Podmi\u0148ovac\u00ed zp\u016fsob vyjad\u0159uje hypotetick\u00e9 situace a jejich mo\u017en\u00e9 v\u00fdsledky. Jsou d\u016fle\u017eitou sou\u010d\u00e1st\u00ed maltsk\u00e9 gramatiky a \u010dasto pou\u017e\u00edvaj\u00ed jekk pro if a kieku pro kontrafaktu\u00e1ly.<\/p>\n\n\n\n<h3 class=\"wp-block-heading\" id=\"h-11-adverbs\">11. P\u0159\u00edslovce:<\/h3>\n\n\n\n<p>P\u0159\u00edslovce v malt\u0161tin\u011b modifikuj\u00ed slovesa, p\u0159\u00eddavn\u00e1 jm\u00e9na nebo jin\u00e1 p\u0159\u00edslovce. Poskytuj\u00ed informace o zp\u016fsobu, m\u00edst\u011b, \u010dase, stupni a dal\u0161\u00ed.<\/p>\n\n\n\n<h3 class=\"wp-block-heading\" id=\"h-12-prepositions\">12. P\u0159edlo\u017eky:<\/h3>\n\n\n\n<p>P\u0159edlo\u017eky spojuj\u00ed slova a fr\u00e1ze dohromady. Vyjad\u0159uj\u00ed vztahy \u010dasu, m\u00edsta, sm\u011bru a dal\u0161\u00edch v\u011bc\u00ed a v malt\u0161tin\u011b maj\u00ed z\u00e1jmenn\u00e9 koncovky a \u010dasto se zkracuj\u00ed na ur\u010dit\u00fd \u010dlen.<\/p>\n\n\n\n<h3 class=\"wp-block-heading\" id=\"h-13-sentences\">13. V\u011bty:<\/h3>\n\n\n\n<p>Nakonec si procvi\u010dte vytv\u00e1\u0159en\u00ed v\u011bt. To bude zahrnovat pou\u017eit\u00ed v\u0161ech d\u0159\u00edve nau\u010den\u00fdch gramatick\u00fdch bod\u016f v kontextu, \u010d\u00edm\u017e bude zaji\u0161t\u011bno komplexn\u00ed porozum\u011bn\u00ed maltsk\u00e9mu jazyku.<\/p>\n<\/div><\/div>\n\r\n<section class=\"learnNavigationSection\">\r\n            \r\n        <a href=\"https:\/\/talkpal.ai\/cs\/naucte-se-maltsky\/\">\r\n            <div class=\"learnNavigationWrapper\">\r\n                <div class=\"learnNavigationContent\">\r\n                    <img decoding=\"async\" src=\"https:\/\/talkpal.ai\/wp-content\/uploads\/2025\/11\/Maltese.png\" alt=\"Maltese Flag\">\r\n                    <div>\r\n                        <h4>O maltsk\u00e9m u\u010den\u00ed<\/h4>\r\n                        <p>Zjist\u011bte v\u0161e o maltsk\u00e9 gramatice.<\/p>\r\n                    <\/div>\r\n                <\/div>\r\n            <\/div>\r\n        <\/a>\r\n\r\n        \r\n        <a href=\"https:\/\/talkpal.ai\/cs\/maltska-gramatika\/\">\r\n            <div class=\"learnNavigationWrapper\">\r\n                <div class=\"learnNavigationContent\">\r\n                    <img decoding=\"async\" src=\"https:\/\/talkpal.ai\/wp-content\/uploads\/2025\/11\/Maltese.png\" alt=\"Maltese Flag\">\r\n                    <div>\r\n                        <h4>Lekce maltsk\u00e9 gramatiky<\/h4>\r\n                        <p>Procvi\u010dte si maltskou gramatiku.<\/p>\r\n                    <\/div>\r\n                <\/div>\r\n            <\/div>\r\n        <\/a>\r\n\r\n            <\/section>","protected":false},"excerpt":{"rendered":"<p>T\u00e9mata maltsk\u00e9 gramatiky Nau\u010dit se nov\u00fd jazyk m\u016f\u017ee b\u00fdt n\u00e1ro\u010dn\u00e9, ale obohacuj\u00edc\u00ed \u00fasil\u00ed. Malt\u0161tina, semitsk\u00fd jazyk se siln\u00fdm rom\u00e1nsk\u00fdm a anglick\u00fdm vlivem, kter\u00fdm se mluv\u00ed hlavn\u011b na Malt\u011b, nen\u00ed v\u00fdjimkou. U\u010den\u00ed malt\u0161tiny s jej\u00edmi jedine\u010dn\u00fdmi vlastnostmi a strukturami vy\u017eaduje systematick\u00fd p\u0159\u00edstup k pochopen\u00ed jej\u00ed gramatiky. Tato p\u0159\u00edru\u010dka popisuje kl\u00ed\u010dov\u00e9 oblasti maltsk\u00e9 gramatiky v logick\u00e9m po\u0159ad\u00ed [&hellip;]<\/p>\n","protected":false},"author":20,"featured_media":0,"parent":0,"menu_order":0,"comment_status":"closed","ping_status":"closed","template":"LearningContentPage.php","meta":{"_acf_changed":false,"footnotes":""},"class_list":["post-1465782","page","type-page","status-publish","hentry"],"acf":[],"yoast_head":"<!-- This site is optimized with the Yoast SEO Premium plugin v27.2 (Yoast SEO v27.2) - https:\/\/yoast.com\/product\/yoast-seo-premium-wordpress\/ -->\n<title>Cvi\u010den\u00ed z maltsk\u00e9 gramatiky - Talkpal<\/title>\n<meta name=\"description\" content=\"Osvojte si maltskou gramatiku pomoc\u00ed strukturovan\u00fdch cvi\u010den\u00ed na podstatn\u00e1 jm\u00e9na, slovesa a \u010dasy, kter\u00e1 v\u00e1m pomohou z\u00edskat jistotu a plynulost.\" \/>\n<meta name=\"robots\" content=\"index, follow, max-snippet:-1, max-image-preview:large, max-video-preview:-1\" \/>\n<link rel=\"canonical\" href=\"https:\/\/talkpal.ai\/cs\/cviceni-z-maltske-gramatiky\/\" \/>\n<meta property=\"og:locale\" content=\"cs_CZ\" \/>\n<meta property=\"og:type\" content=\"article\" \/>\n<meta property=\"og:title\" content=\"Cvi\u010den\u00ed z maltsk\u00e9 gramatiky\" \/>\n<meta property=\"og:description\" content=\"T\u00e9mata maltsk\u00e9 gramatiky Nau\u010dit se nov\u00fd jazyk m\u016f\u017ee b\u00fdt n\u00e1ro\u010dn\u00e9, ale obohacuj\u00edc\u00ed \u00fasil\u00ed. Malt\u0161tina, semitsk\u00fd jazyk se siln\u00fdm rom\u00e1nsk\u00fdm a anglick\u00fdm vlivem,\" \/>\n<meta property=\"og:url\" content=\"https:\/\/talkpal.ai\/cs\/cviceni-z-maltske-gramatiky\/\" \/>\n<meta property=\"og:site_name\" content=\"Talkpal\" \/>\n<meta property=\"article:publisher\" content=\"https:\/\/www.facebook.com\/profile.php?id=100090733639311\" \/>\n<meta property=\"article:modified_time\" content=\"2025-12-30T13:41:11+00:00\" \/>\n<meta property=\"og:image\" content=\"https:\/\/talkpal.ai\/wp-content\/uploads\/2025\/02\/Progress-tab-16_9.png\" \/>\n\t<meta property=\"og:image:width\" content=\"2880\" \/>\n\t<meta property=\"og:image:height\" content=\"1620\" \/>\n\t<meta property=\"og:image:type\" content=\"image\/png\" \/>\n<meta name=\"twitter:card\" content=\"summary_large_image\" \/>\n<meta name=\"twitter:site\" content=\"@talkpalai\" \/>\n<meta name=\"twitter:label1\" content=\"Odhadovan\u00e1 doba \u010dten\u00ed\" \/>\n\t<meta name=\"twitter:data1\" content=\"3 minuty\" \/>\n<script type=\"application\/ld+json\" class=\"yoast-schema-graph\">{\"@context\":\"https:\/\/schema.org\",\"@graph\":[{\"@type\":\"WebPage\",\"@id\":\"https:\/\/talkpal.ai\/cs\/cviceni-z-maltske-gramatiky\/\",\"url\":\"https:\/\/talkpal.ai\/cs\/cviceni-z-maltske-gramatiky\/\",\"name\":\"Cvi\u010den\u00ed z maltsk\u00e9 gramatiky - Talkpal\",\"isPartOf\":{\"@id\":\"https:\/\/talkpal.ai\/cs\/#website\"},\"datePublished\":\"2025-11-12T15:41:46+00:00\",\"dateModified\":\"2025-12-30T13:41:11+00:00\",\"description\":\"Osvojte si maltskou gramatiku pomoc\u00ed strukturovan\u00fdch cvi\u010den\u00ed na podstatn\u00e1 jm\u00e9na, slovesa a \u010dasy, kter\u00e1 v\u00e1m pomohou z\u00edskat jistotu a plynulost.\",\"breadcrumb\":{\"@id\":\"https:\/\/talkpal.ai\/cs\/cviceni-z-maltske-gramatiky\/#breadcrumb\"},\"inLanguage\":\"cs\",\"potentialAction\":[{\"@type\":\"ReadAction\",\"target\":[\"https:\/\/talkpal.ai\/cs\/cviceni-z-maltske-gramatiky\/\"]}]},{\"@type\":\"BreadcrumbList\",\"@id\":\"https:\/\/talkpal.ai\/cs\/cviceni-z-maltske-gramatiky\/#breadcrumb\",\"itemListElement\":[{\"@type\":\"ListItem\",\"position\":1,\"name\":\"Homepage\",\"item\":\"https:\/\/talkpal.ai\/cs\/\"},{\"@type\":\"ListItem\",\"position\":2,\"name\":\"Cvi\u010den\u00ed z maltsk\u00e9 gramatiky\"}]},{\"@type\":\"WebSite\",\"@id\":\"https:\/\/talkpal.ai\/cs\/#website\",\"url\":\"https:\/\/talkpal.ai\/cs\/\",\"name\":\"Talkpal\",\"description\":\"AI Language Learning\",\"publisher\":{\"@id\":\"https:\/\/talkpal.ai\/cs\/#organization\"},\"alternateName\":\"Talkpal AI\",\"potentialAction\":[{\"@type\":\"SearchAction\",\"target\":{\"@type\":\"EntryPoint\",\"urlTemplate\":\"https:\/\/talkpal.ai\/cs\/?s={search_term_string}\"},\"query-input\":{\"@type\":\"PropertyValueSpecification\",\"valueRequired\":true,\"valueName\":\"search_term_string\"}}],\"inLanguage\":\"cs\"},{\"@type\":\"Organization\",\"@id\":\"https:\/\/talkpal.ai\/cs\/#organization\",\"name\":\"Talkpal, Inc.\",\"alternateName\":\"Talkpal AI\",\"url\":\"https:\/\/talkpal.ai\/cs\/\",\"logo\":{\"@type\":\"ImageObject\",\"inLanguage\":\"cs\",\"@id\":\"https:\/\/talkpal.ai\/cs\/#\/schema\/logo\/image\/\",\"url\":\"https:\/\/talkpal.ai\/wp-content\/uploads\/2024\/03\/Talkpal-Logo-Icon.png\",\"contentUrl\":\"https:\/\/talkpal.ai\/wp-content\/uploads\/2024\/03\/Talkpal-Logo-Icon.png\",\"width\":2880,\"height\":2880,\"caption\":\"Talkpal, Inc.\"},\"image\":{\"@id\":\"https:\/\/talkpal.ai\/cs\/#\/schema\/logo\/image\/\"},\"sameAs\":[\"https:\/\/www.facebook.com\/profile.php?id=100090733639311\",\"https:\/\/x.com\/talkpalai\",\"https:\/\/www.linkedin.com\/company\/talkpal\/\",\"https:\/\/www.youtube.com\/@TalkPal\/\",\"https:\/\/www.tiktok.com\/@talkpal\",\"https:\/\/www.instagram.com\/talkpal_ai\/\",\"https:\/\/www.crunchbase.com\/organization\/talkpal-9cde\",\"https:\/\/www.g2.com\/products\/talkpal-for-business\/\",\"https:\/\/www.trustpilot.com\/review\/talkpal.ai\",\"https:\/\/www.capterra.com\/p\/10006800\/TalkPal\/\"],\"description\":\"Talkpal is a language learning web and mobile education app, powered by the latest AI technologies, that provides engaging experiences to its customers in many different languages to help them improve their language skills. Users can chat about unlimited amount of topics with the app and use other modes to practice their language learning.\",\"email\":\"support@talkpal.ai\",\"legalName\":\"Talkpal, Inc.\",\"foundingDate\":\"2023-04-03\",\"duns\":\"118989042\",\"numberOfEmployees\":{\"@type\":\"QuantitativeValue\",\"minValue\":\"11\",\"maxValue\":\"50\"},\"publishingPrinciples\":\"https:\/\/talkpal.ai\/publishing-principles\/\",\"actionableFeedbackPolicy\":\"https:\/\/talkpal.ai\/actionable-feedback-policy\/\",\"correctionsPolicy\":\"https:\/\/talkpal.ai\/corrections-policy\/\",\"ethicsPolicy\":\"https:\/\/talkpal.ai\/ethics-policy\/\",\"diversityPolicy\":\"https:\/\/talkpal.ai\/diversity-policy\/\",\"diversityStaffingReport\":\"https:\/\/talkpal.ai\/diversity-policy\/\"}]}<\/script>\n<!-- \/ Yoast SEO Premium plugin. -->","yoast_head_json":{"title":"Cvi\u010den\u00ed z maltsk\u00e9 gramatiky - Talkpal","description":"Osvojte si maltskou gramatiku pomoc\u00ed strukturovan\u00fdch cvi\u010den\u00ed na podstatn\u00e1 jm\u00e9na, slovesa a \u010dasy, kter\u00e1 v\u00e1m pomohou z\u00edskat jistotu a plynulost.","robots":{"index":"index","follow":"follow","max-snippet":"max-snippet:-1","max-image-preview":"max-image-preview:large","max-video-preview":"max-video-preview:-1"},"canonical":"https:\/\/talkpal.ai\/cs\/cviceni-z-maltske-gramatiky\/","og_locale":"cs_CZ","og_type":"article","og_title":"Cvi\u010den\u00ed z maltsk\u00e9 gramatiky","og_description":"T\u00e9mata maltsk\u00e9 gramatiky Nau\u010dit se nov\u00fd jazyk m\u016f\u017ee b\u00fdt n\u00e1ro\u010dn\u00e9, ale obohacuj\u00edc\u00ed \u00fasil\u00ed. Malt\u0161tina, semitsk\u00fd jazyk se siln\u00fdm rom\u00e1nsk\u00fdm a anglick\u00fdm vlivem,","og_url":"https:\/\/talkpal.ai\/cs\/cviceni-z-maltske-gramatiky\/","og_site_name":"Talkpal","article_publisher":"https:\/\/www.facebook.com\/profile.php?id=100090733639311","article_modified_time":"2025-12-30T13:41:11+00:00","og_image":[{"width":2880,"height":1620,"url":"https:\/\/talkpal.ai\/wp-content\/uploads\/2025\/02\/Progress-tab-16_9.png","type":"image\/png"}],"twitter_card":"summary_large_image","twitter_site":"@talkpalai","twitter_misc":{"Odhadovan\u00e1 doba \u010dten\u00ed":"3 minuty"},"schema":{"@context":"https:\/\/schema.org","@graph":[{"@type":"WebPage","@id":"https:\/\/talkpal.ai\/cs\/cviceni-z-maltske-gramatiky\/","url":"https:\/\/talkpal.ai\/cs\/cviceni-z-maltske-gramatiky\/","name":"Cvi\u010den\u00ed z maltsk\u00e9 gramatiky - Talkpal","isPartOf":{"@id":"https:\/\/talkpal.ai\/cs\/#website"},"datePublished":"2025-11-12T15:41:46+00:00","dateModified":"2025-12-30T13:41:11+00:00","description":"Osvojte si maltskou gramatiku pomoc\u00ed strukturovan\u00fdch cvi\u010den\u00ed na podstatn\u00e1 jm\u00e9na, slovesa a \u010dasy, kter\u00e1 v\u00e1m pomohou z\u00edskat jistotu a plynulost.","breadcrumb":{"@id":"https:\/\/talkpal.ai\/cs\/cviceni-z-maltske-gramatiky\/#breadcrumb"},"inLanguage":"cs","potentialAction":[{"@type":"ReadAction","target":["https:\/\/talkpal.ai\/cs\/cviceni-z-maltske-gramatiky\/"]}]},{"@type":"BreadcrumbList","@id":"https:\/\/talkpal.ai\/cs\/cviceni-z-maltske-gramatiky\/#breadcrumb","itemListElement":[{"@type":"ListItem","position":1,"name":"Homepage","item":"https:\/\/talkpal.ai\/cs\/"},{"@type":"ListItem","position":2,"name":"Cvi\u010den\u00ed z maltsk\u00e9 gramatiky"}]},{"@type":"WebSite","@id":"https:\/\/talkpal.ai\/cs\/#website","url":"https:\/\/talkpal.ai\/cs\/","name":"Talkpal","description":"AI Language Learning","publisher":{"@id":"https:\/\/talkpal.ai\/cs\/#organization"},"alternateName":"Talkpal AI","potentialAction":[{"@type":"SearchAction","target":{"@type":"EntryPoint","urlTemplate":"https:\/\/talkpal.ai\/cs\/?s={search_term_string}"},"query-input":{"@type":"PropertyValueSpecification","valueRequired":true,"valueName":"search_term_string"}}],"inLanguage":"cs"},{"@type":"Organization","@id":"https:\/\/talkpal.ai\/cs\/#organization","name":"Talkpal, Inc.","alternateName":"Talkpal AI","url":"https:\/\/talkpal.ai\/cs\/","logo":{"@type":"ImageObject","inLanguage":"cs","@id":"https:\/\/talkpal.ai\/cs\/#\/schema\/logo\/image\/","url":"https:\/\/talkpal.ai\/wp-content\/uploads\/2024\/03\/Talkpal-Logo-Icon.png","contentUrl":"https:\/\/talkpal.ai\/wp-content\/uploads\/2024\/03\/Talkpal-Logo-Icon.png","width":2880,"height":2880,"caption":"Talkpal, Inc."},"image":{"@id":"https:\/\/talkpal.ai\/cs\/#\/schema\/logo\/image\/"},"sameAs":["https:\/\/www.facebook.com\/profile.php?id=100090733639311","https:\/\/x.com\/talkpalai","https:\/\/www.linkedin.com\/company\/talkpal\/","https:\/\/www.youtube.com\/@TalkPal\/","https:\/\/www.tiktok.com\/@talkpal","https:\/\/www.instagram.com\/talkpal_ai\/","https:\/\/www.crunchbase.com\/organization\/talkpal-9cde","https:\/\/www.g2.com\/products\/talkpal-for-business\/","https:\/\/www.trustpilot.com\/review\/talkpal.ai","https:\/\/www.capterra.com\/p\/10006800\/TalkPal\/"],"description":"Talkpal is a language learning web and mobile education app, powered by the latest AI technologies, that provides engaging experiences to its customers in many different languages to help them improve their language skills. Users can chat about unlimited amount of topics with the app and use other modes to practice their language learning.","email":"support@talkpal.ai","legalName":"Talkpal, Inc.","foundingDate":"2023-04-03","duns":"118989042","numberOfEmployees":{"@type":"QuantitativeValue","minValue":"11","maxValue":"50"},"publishingPrinciples":"https:\/\/talkpal.ai\/publishing-principles\/","actionableFeedbackPolicy":"https:\/\/talkpal.ai\/actionable-feedback-policy\/","correctionsPolicy":"https:\/\/talkpal.ai\/corrections-policy\/","ethicsPolicy":"https:\/\/talkpal.ai\/ethics-policy\/","diversityPolicy":"https:\/\/talkpal.ai\/diversity-policy\/","diversityStaffingReport":"https:\/\/talkpal.ai\/diversity-policy\/"}]}},"_links":{"self":[{"href":"https:\/\/talkpal.ai\/cs\/wp-json\/wp\/v2\/pages\/1465782","targetHints":{"allow":["GET"]}}],"collection":[{"href":"https:\/\/talkpal.ai\/cs\/wp-json\/wp\/v2\/pages"}],"about":[{"href":"https:\/\/talkpal.ai\/cs\/wp-json\/wp\/v2\/types\/page"}],"author":[{"embeddable":true,"href":"https:\/\/talkpal.ai\/cs\/wp-json\/wp\/v2\/users\/20"}],"replies":[{"embeddable":true,"href":"https:\/\/talkpal.ai\/cs\/wp-json\/wp\/v2\/comments?post=1465782"}],"version-history":[{"count":0,"href":"https:\/\/talkpal.ai\/cs\/wp-json\/wp\/v2\/pages\/1465782\/revisions"}],"wp:attachment":[{"href":"https:\/\/talkpal.ai\/cs\/wp-json\/wp\/v2\/media?parent=1465782"}],"curies":[{"name":"wp","href":"https:\/\/api.w.org\/{rel}","templated":true}]}}