{"id":1465767,"date":"2025-11-11T15:06:48","date_gmt":"2025-11-11T15:06:48","guid":{"rendered":"https:\/\/talkpal.ai\/asamska-gramaticka-cviceni\/"},"modified":"2025-12-30T15:27:03","modified_gmt":"2025-12-30T15:27:03","slug":"asamska-gramaticka-cviceni","status":"publish","type":"page","link":"https:\/\/talkpal.ai\/cs\/asamska-gramaticka-cviceni\/","title":{"rendered":"\u00c1s\u00e1msk\u00e1 gramatick\u00e1 cvi\u010den\u00ed"},"content":{"rendered":"\r\n\r\n\r\n<section class=\"languageChallengeSection\">\r\n    <div class=\"languageInfoWrapper\">\r\n        \r\n        <h1>\u00c1s\u00e1msk\u00e1 gramatick\u00e1 cvi\u010den\u00ed<\/h1>\r\n        <p>Jste p\u0159ipraveni pono\u0159it se do \u00e1s\u00e1msk\u00e9 gramatiky? Procvi\u010den\u00ed n\u011bkolika z\u00e1klad\u016f v\u00e1m pom\u016f\u017ee se s t\u00edmto jedine\u010dn\u00fdm a kr\u00e1sn\u00fdm jazykem s\u017e\u00edt. Vyzkou\u0161ejte tato cvi\u010den\u00ed, abyste si pos\u00edlili sebev\u011bdom\u00ed a pobavili se u toho!<\/p>\r\n\r\n                            <a class=\"getStartedHidden\" href=\"https:\/\/app.talkpal.ai\/cs\/signup?lng=\">Za\u010dni<\/a>\r\n        \r\n    <\/div>\r\n\r\n    <figure>\r\n    <img decoding=\"async\" width=\"768\" height=\"768\" src=\"https:\/\/talkpal.ai\/wp-content\/uploads\/2023\/06\/welsh-768x768.png\" class=\"languageImage no-lazy\" alt=\"Language learning for better cognitive abilities\" fetchpriority=\"high\" sizes=\"(max-width: 768px) 150px, 768px\" srcset=\"https:\/\/talkpal.ai\/wp-content\/uploads\/2023\/06\/welsh-768x768.png 768w, https:\/\/talkpal.ai\/wp-content\/uploads\/2023\/06\/welsh-300x300.png 300w\" \/>\r\n    \r\n\r\n    <\/figure>\r\n\r\n            <a class=\"getStartedVisible\" href=\"https:\/\/app.talkpal.ai\/cs\/signup?lng=\">Za\u010dni<\/a>\r\n    \r\n<\/section><section class=\"promotionalBanner\">\r\n    <p class=\"promotionalText\">Nejefektivn\u011bj\u0161\u00ed <a href=\"https:\/\/talkpal.ai\/best-way-to-learn\/\">zp\u016fsob<\/a>, jak se nau\u010dit jazyk<\/p>\r\n    <a class=\"promotionalLink\" href=\"https:\/\/app.talkpal.ai\/cs\/signup?lng=\">Vyzkou\u0161ejte Talkpal zdarma<\/a>\r\n<\/section>\n<div class=\"wp-block-group pageContainerStyle\"><div class=\"wp-block-group__inner-container is-layout-constrained wp-block-group-is-layout-constrained\">\n<h2 class=\"wp-block-heading\" id=\"h-assamese-grammar-topics\">T\u00e9mata \u00e1s\u00e1msk\u00e9 gramatiky<\/h2>\n\n\n\n<p><a href=\"https:\/\/talkpal.ai\/cs\/nejvetsi-chyby-kterych-je-treba-se-vyvarovat-pri-uceni-noveho-jazyka\/\">Nau\u010dit se nov\u00fd jazyk<\/a> m\u016f\u017ee b\u00fdt n\u00e1ro\u010dn\u00e9, ale obohacuj\u00edc\u00ed \u00fasil\u00ed. <a href=\"https:\/\/talkpal.ai\/learn-assamese\/\">\u00c1s\u00e1m\u0161tina<\/a>, indo\u00e1rijsk\u00fd jazyk, kter\u00fdm se mluv\u00ed hlavn\u011b v \u00c1s\u00e1mu a sousedn\u00edch regionech, nen\u00ed v\u00fdjimkou. D\u00edky sv\u00fdm charakteristick\u00fdm rys\u016fm a struktur\u00e1m t\u011b\u017e\u00ed <a href=\"https:\/\/talkpal.ai\/cs\/talkpal-pro-vzdelavani\/\">u\u010den\u00ed<\/a> \u00e1s\u00e1m\u0161tiny ze systematick\u00e9ho p\u0159\u00edstupu k pochopen\u00ed jej\u00ed gramatiky. Tato p\u0159\u00edru\u010dka nasti\u0148uje kl\u00ed\u010dov\u00e9 oblasti <a href=\"https:\/\/talkpal.ai\/cs\/asamska-gramatika\/\">\u00e1s\u00e1msk\u00e9 gramatiky<\/a> v logick\u00e9m sledu pro <a href=\"https:\/\/talkpal.ai\/cs\/chatbot-s-umelou-inteligenci-pro-vyuku-jazyku\/\">v\u00fduku jazyk\u016f<\/a>, po\u010d\u00ednaje z\u00e1klady, jako jsou podstatn\u00e1 jm\u00e9na a determinanty, a pokra\u010duje slo\u017eit\u011bj\u0161\u00edmi oblastmi, jako jsou \u010dasy a stavba v\u011bt.<\/p>\n\n\n\n<h3 class=\"wp-block-heading\" id=\"h-1-nouns\">1. Podstatn\u00e1 jm\u00e9na:<\/h3>\n\n\n\n<p>Za\u010dn\u011bte svou cestu \u00e1s\u00e1m\u0161tinou t\u00edm, \u017ee se nau\u010d\u00edte podstatn\u00e1 jm\u00e9na. To zahrnuje porozum\u011bn\u00ed obecn\u00fdm a vlastn\u00edm podstatn\u00fdm jm\u00e9n\u016fm, po\u010ditateln\u00fdm a nepo\u010ditateln\u00fdm podstatn\u00fdm jm\u00e9n\u016fm, zp\u016fsobu tvo\u0159en\u00ed mno\u017en\u00e9ho \u010d\u00edsla a \u00faloze klasifik\u00e1tor\u016f \u010d\u00edsel. \u00c1s\u00e1m\u0161tina nem\u00e1 gramatick\u00fd rod.<\/p>\n\n\n\n<h3 class=\"wp-block-heading\" id=\"h-2-articles\">2. \u010cl\u00e1nky:<\/h3>\n\n\n\n<p>\u00c1s\u00e1m\u0161tina nepou\u017e\u00edv\u00e1 ur\u010dit\u00e9 nebo neur\u010dit\u00e9 \u010dleny jako <a href=\"https:\/\/talkpal.ai\/ai-english-speaking-practice\/\">angli\u010dtina<\/a>. Ur\u010ditost a neur\u010ditost jsou vyj\u00e1d\u0159eny kontextem, ukazovac\u00edmi z\u00e1jmeny a \u010d\u00edslovka jedna funguje jako neur\u010dit\u00fd ukazatel. Pochopen\u00ed t\u011bchto vzorc\u016f je p\u0159i stavb\u011b v\u011bt z\u00e1sadn\u00ed.<\/p>\n\n\n\n<h3 class=\"wp-block-heading\" id=\"h-3-adjectives\">3. P\u0159\u00eddavn\u00e1 jm\u00e9na:<\/h3>\n\n\n\n<p>V \u00e1s\u00e1m\u0161tin\u011b p\u0159\u00eddavn\u00e1 jm\u00e9na obvykle p\u0159edch\u00e1zej\u00ed podstatn\u00fdm jm\u00e9n\u016fm, kter\u00e1 modifikuj\u00ed. Nau\u010dte se, jak se p\u0159\u00edvlastky pou\u017e\u00edvaj\u00ed v p\u0159\u00edvlastkov\u00fdch a predikativn\u00edch pozic\u00edch, \u017ee se neshoduj\u00ed s rodem a jak tvo\u0159it komparativy a superlativy pomoc\u00ed \u010d\u00e1stic nebo perifrastick\u00fdch konstrukc\u00ed.<\/p>\n\n\n\n<h3 class=\"wp-block-heading\" id=\"h-4-pronouns-determiners\">4. Z\u00e1jmena\/determinanty:<\/h3>\n\n\n\n<p>Z\u00e1jmena a determinanty jsou v \u00e1s\u00e1m\u0161tin\u011b z\u00e1sadn\u00ed. Studujte osobn\u00ed, ukazovac\u00ed, t\u00e1zac\u00ed a p\u0159ivlast\u0148ovac\u00ed z\u00e1jmena, v\u010detn\u011b \u010d\u00edseln\u00fdch rozd\u00edl\u016f a \u00farovn\u00ed form\u00e1lnosti nebo \u010destnosti. Nau\u010dte se determin\u00e1tory veli\u010diny a pou\u017eit\u00ed klasifik\u00e1tor\u016f s \u010d\u00edslicemi.<\/p>\n\n\n\n<h3 class=\"wp-block-heading\" id=\"h-5-verbs\">5. Slovesa:<\/h3>\n\n\n\n<p>\u00c1s\u00e1msk\u00e1 slovesa m\u011bn\u00ed formu podle \u010dasu, vzhledu, n\u00e1lady, osoby a n\u011bkdy i \u010destn\u00e9 \u00farovn\u011b. Za\u010dn\u011bte z\u00e1kladn\u00edmi p\u0159\u00edtomn\u00fdmi tvary a postupn\u011b prozkoum\u00e1vejte minulost a budoucnost spolu s neur\u010dit\u00fdmi tvary, jako jsou p\u0159\u00ed\u010dest\u00ed a podstatn\u00e1 jm\u00e9na slovesn\u00fdch.<\/p>\n\n\n\n<h3 class=\"wp-block-heading\" id=\"h-6-tenses\">6. \u010casy:<\/h3>\n\n\n\n<p>Po zvl\u00e1dnut\u00ed slovesn\u00fdch tvar\u016f se pono\u0159te hloub\u011bji do \u00e1s\u00e1msk\u00e9ho \u010dasu a vidu. Pochopte, jak se sou\u010dasnost, minulost a budoucnost kombinuj\u00ed s aspekty jako dokonav\u00fd a progresivn\u00ed a jak se pou\u017e\u00edvaj\u00ed v r\u016fzn\u00fdch kontextech.<\/p>\n\n\n\n<h3 class=\"wp-block-heading\" id=\"h-7-tense-comparison\">7. Srovn\u00e1n\u00ed \u010das\u016f:<\/h3>\n\n\n\n<p>Porovn\u00e1v\u00e1n\u00ed \u010das\u016f a aspekt\u016f v \u00e1s\u00e1m\u0161tin\u011b pom\u00e1h\u00e1 pochopit sled a nuance ud\u00e1lost\u00ed. Porovn\u00e1n\u00ed stejn\u00e9ho slovesa nap\u0159\u00ed\u010d \u010dasy a vidy poskytne jasn\u011bj\u0161\u00ed p\u0159edstavu o pou\u017eit\u00ed.<\/p>\n\n\n\n<h3 class=\"wp-block-heading\" id=\"h-8-progressive\">8. Progresivn\u00ed:<\/h3>\n\n\n\n<p>Progresivn\u00ed aspekt v \u00e1s\u00e1m\u0161tin\u011b vyjad\u0159uje prob\u00edhaj\u00edc\u00ed akce. B\u011b\u017en\u011b se tvo\u0159\u00ed s p\u0159\u00ed\u010dest\u00edm slovesn\u00fdm spolu s vhodn\u00fdmi tvary slovesa b\u00fdt.<\/p>\n\n\n\n<h3 class=\"wp-block-heading\" id=\"h-9-perfect-progressive\">9. Perfektn\u00ed progresivn\u00ed:<\/h3>\n\n\n\n<p>Tento aspekt vyjad\u0159uje akce, kter\u00e9 prob\u00edhaly a\u017e do ur\u010dit\u00e9ho bodu. V \u00e1s\u00e1m\u0161tin\u011b se tvo\u0159\u00ed pomoc\u00ed participi\u00e1ln\u00edch tvar\u016f v kombinaci s pomocn\u00fdmi tvary slovesa b\u00fdt, aby se nazna\u010dila kontinuita a\u017e do referen\u010dn\u00edho \u010dasu.<\/p>\n\n\n\n<h3 class=\"wp-block-heading\" id=\"h-10-conditionals\">10. Kondicion\u00e1ly:<\/h3>\n\n\n\n<p>Podmi\u0148ovac\u00ed zp\u016fsob vyjad\u0159uje hypotetick\u00e9 situace a jejich mo\u017en\u00e9 v\u00fdsledky. Nau\u010dte se podm\u00edn\u011bn\u00e9 konstrukce pomoc\u00ed spojek, jako je if a how r\u016fzn\u00e9 \u010dasy a aspekty ovliv\u0148uj\u00ed v\u00fdznam a zdvo\u0159ilost.<\/p>\n\n\n\n<h3 class=\"wp-block-heading\" id=\"h-11-adverbs\">11. P\u0159\u00edslovce:<\/h3>\n\n\n\n<p>P\u0159\u00edslovce v \u00e1s\u00e1m\u0161tin\u011b modifikuj\u00ed slovesa, p\u0159\u00eddavn\u00e1 jm\u00e9na nebo jin\u00e1 p\u0159\u00edslovce. Mnoho p\u0159\u00edslove\u010dn\u00fdch ur\u010den\u00ed je tak\u00e9 vyj\u00e1d\u0159eno prost\u0159ednictv\u00edm postpozi\u010dn\u00edch fr\u00e1z\u00ed. Poskytuj\u00ed informace o zp\u016fsobu, m\u00edst\u011b, \u010dase, stupni a dal\u0161\u00ed.<\/p>\n\n\n\n<h3 class=\"wp-block-heading\" id=\"h-12-prepositions\">12. P\u0159edlo\u017eky:<\/h3>\n\n\n\n<p>\u00c1s\u00e1m\u0161tina prim\u00e1rn\u011b pou\u017e\u00edv\u00e1 postpozice, kter\u00e9 n\u00e1sleduj\u00ed po podstatn\u00e9m jm\u00e9nu, sp\u00ed\u0161e ne\u017e p\u0159edlo\u017eky. Tyto prvky spojuj\u00ed slova a fr\u00e1ze a vyjad\u0159uj\u00ed vztahy \u010dasu, m\u00edsta, sm\u011bru, vlastnictv\u00ed a dal\u0161\u00edch.<\/p>\n\n\n\n<h3 class=\"wp-block-heading\" id=\"h-13-sentences\">13. V\u011bty:<\/h3>\n\n\n\n<p>Nakonec si procvi\u010dte vytv\u00e1\u0159en\u00ed v\u011bt. \u00c1s\u00e1m\u0161tina se obvykle \u0159\u00edd\u00ed po\u0159ad\u00edm sloves podm\u011btov\u00e9ho objektu, pou\u017e\u00edv\u00e1 postpozice a m\u00e1 nastaven\u00e9 vzory pro negaci a zd\u016frazn\u011bn\u00ed. Pou\u017eit\u00ed v\u0161ech d\u0159\u00edve nau\u010den\u00fdch gramatick\u00fdch bod\u016f v kontextu zajist\u00ed komplexn\u00ed porozum\u011bn\u00ed \u00e1s\u00e1msk\u00e9mu jazyku.<\/p>\n<\/div><\/div>\n\r\n<section class=\"learnNavigationSection\">\r\n            \r\n        <a href=\"https:\/\/talkpal.ai\/cs\/naucte-se-asamstinu\/\">\r\n            <div class=\"learnNavigationWrapper\">\r\n                <div class=\"learnNavigationContent\">\r\n                    <img decoding=\"async\" src=\"https:\/\/talkpal.ai\/wp-content\/uploads\/2025\/11\/Assamese.png\" alt=\"Indian Simplified Flag\">\r\n                    <div>\r\n                        <h4>O \u00e1s\u00e1msk\u00e9m u\u010den\u00ed<\/h4>\r\n                        <p>Zjist\u011bte v\u0161e o \u00e1s\u00e1msk\u00e9 gramatice.<\/p>\r\n                    <\/div>\r\n                <\/div>\r\n            <\/div>\r\n        <\/a>\r\n\r\n        \r\n        <a href=\"https:\/\/talkpal.ai\/cs\/asamska-gramatika\/\">\r\n            <div class=\"learnNavigationWrapper\">\r\n                <div class=\"learnNavigationContent\">\r\n                    <img decoding=\"async\" src=\"https:\/\/talkpal.ai\/wp-content\/uploads\/2025\/11\/Assamese.png\" alt=\"Indian Simplified Flag\">\r\n                    <div>\r\n                        <h4>Lekce \u00e1s\u00e1msk\u00e9 gramatiky<\/h4>\r\n                        <p>Procvi\u010dujte \u00e1s\u00e1mskou gramatiku.<\/p>\r\n                    <\/div>\r\n                <\/div>\r\n            <\/div>\r\n        <\/a>\r\n\r\n            <\/section>","protected":false},"excerpt":{"rendered":"<p>T\u00e9mata \u00e1s\u00e1msk\u00e9 gramatiky Nau\u010dit se nov\u00fd jazyk m\u016f\u017ee b\u00fdt n\u00e1ro\u010dn\u00e9, ale obohacuj\u00edc\u00ed \u00fasil\u00ed. \u00c1s\u00e1m\u0161tina, indo\u00e1rijsk\u00fd jazyk, kter\u00fdm se mluv\u00ed hlavn\u011b v \u00c1s\u00e1mu a sousedn\u00edch regionech, nen\u00ed v\u00fdjimkou. D\u00edky sv\u00fdm charakteristick\u00fdm rys\u016fm a struktur\u00e1m t\u011b\u017e\u00ed u\u010den\u00ed \u00e1s\u00e1m\u0161tiny ze systematick\u00e9ho p\u0159\u00edstupu k pochopen\u00ed jej\u00ed gramatiky. Tato p\u0159\u00edru\u010dka nasti\u0148uje kl\u00ed\u010dov\u00e9 oblasti \u00e1s\u00e1msk\u00e9 gramatiky v logick\u00e9m sledu pro v\u00fduku [&hellip;]<\/p>\n","protected":false},"author":20,"featured_media":0,"parent":0,"menu_order":0,"comment_status":"closed","ping_status":"closed","template":"LearningContentPage.php","meta":{"_acf_changed":false,"footnotes":""},"class_list":["post-1465767","page","type-page","status-publish","hentry"],"acf":[],"yoast_head":"<!-- This site is optimized with the Yoast SEO Premium plugin v27.2 (Yoast SEO v27.2) - https:\/\/yoast.com\/product\/yoast-seo-premium-wordpress\/ -->\n<title>\u00c1s\u00e1msk\u00e1 gramatick\u00e1 cvi\u010den\u00ed - Talkpal<\/title>\n<meta name=\"description\" content=\"Zvl\u00e1dn\u011bte as\u00e1mskou gramatiku pomoc\u00ed interaktivn\u00edch cvi\u010den\u00ed navr\u017een\u00fdch tak, abyste dnes \u00fa\u010dinn\u011b zlep\u0161ili sv\u00e9 znalosti a jazykov\u00e9 dovednosti.\" \/>\n<meta name=\"robots\" content=\"index, follow, max-snippet:-1, max-image-preview:large, max-video-preview:-1\" \/>\n<link rel=\"canonical\" href=\"https:\/\/talkpal.ai\/cs\/asamska-gramaticka-cviceni\/\" \/>\n<meta property=\"og:locale\" content=\"cs_CZ\" \/>\n<meta property=\"og:type\" content=\"article\" \/>\n<meta property=\"og:title\" content=\"\u00c1s\u00e1msk\u00e1 gramatick\u00e1 cvi\u010den\u00ed\" \/>\n<meta property=\"og:description\" content=\"T\u00e9mata \u00e1s\u00e1msk\u00e9 gramatiky Nau\u010dit se nov\u00fd jazyk m\u016f\u017ee b\u00fdt n\u00e1ro\u010dn\u00e9, ale obohacuj\u00edc\u00ed \u00fasil\u00ed. \u00c1s\u00e1m\u0161tina, indo\u00e1rijsk\u00fd jazyk, kter\u00fdm se mluv\u00ed hlavn\u011b v \u00c1s\u00e1mu a\" \/>\n<meta property=\"og:url\" content=\"https:\/\/talkpal.ai\/cs\/asamska-gramaticka-cviceni\/\" \/>\n<meta property=\"og:site_name\" content=\"Talkpal\" \/>\n<meta property=\"article:publisher\" content=\"https:\/\/www.facebook.com\/profile.php?id=100090733639311\" \/>\n<meta property=\"article:modified_time\" content=\"2025-12-30T15:27:03+00:00\" \/>\n<meta property=\"og:image\" content=\"https:\/\/talkpal.ai\/wp-content\/uploads\/2025\/02\/Progress-tab-16_9.png\" \/>\n\t<meta property=\"og:image:width\" content=\"2880\" \/>\n\t<meta property=\"og:image:height\" content=\"1620\" \/>\n\t<meta property=\"og:image:type\" content=\"image\/png\" \/>\n<meta name=\"twitter:card\" content=\"summary_large_image\" \/>\n<meta name=\"twitter:site\" content=\"@talkpalai\" \/>\n<meta name=\"twitter:label1\" content=\"Odhadovan\u00e1 doba \u010dten\u00ed\" \/>\n\t<meta name=\"twitter:data1\" content=\"4 minuty\" \/>\n<script type=\"application\/ld+json\" class=\"yoast-schema-graph\">{\"@context\":\"https:\/\/schema.org\",\"@graph\":[{\"@type\":\"WebPage\",\"@id\":\"https:\/\/talkpal.ai\/cs\/asamska-gramaticka-cviceni\/\",\"url\":\"https:\/\/talkpal.ai\/cs\/asamska-gramaticka-cviceni\/\",\"name\":\"\u00c1s\u00e1msk\u00e1 gramatick\u00e1 cvi\u010den\u00ed - Talkpal\",\"isPartOf\":{\"@id\":\"https:\/\/talkpal.ai\/cs\/#website\"},\"datePublished\":\"2025-11-11T15:06:48+00:00\",\"dateModified\":\"2025-12-30T15:27:03+00:00\",\"description\":\"Zvl\u00e1dn\u011bte as\u00e1mskou gramatiku pomoc\u00ed interaktivn\u00edch cvi\u010den\u00ed navr\u017een\u00fdch tak, abyste dnes \u00fa\u010dinn\u011b zlep\u0161ili sv\u00e9 znalosti a jazykov\u00e9 dovednosti.\",\"breadcrumb\":{\"@id\":\"https:\/\/talkpal.ai\/cs\/asamska-gramaticka-cviceni\/#breadcrumb\"},\"inLanguage\":\"cs\",\"potentialAction\":[{\"@type\":\"ReadAction\",\"target\":[\"https:\/\/talkpal.ai\/cs\/asamska-gramaticka-cviceni\/\"]}]},{\"@type\":\"BreadcrumbList\",\"@id\":\"https:\/\/talkpal.ai\/cs\/asamska-gramaticka-cviceni\/#breadcrumb\",\"itemListElement\":[{\"@type\":\"ListItem\",\"position\":1,\"name\":\"Homepage\",\"item\":\"https:\/\/talkpal.ai\/cs\/\"},{\"@type\":\"ListItem\",\"position\":2,\"name\":\"\u00c1s\u00e1msk\u00e1 gramatick\u00e1 cvi\u010den\u00ed\"}]},{\"@type\":\"WebSite\",\"@id\":\"https:\/\/talkpal.ai\/cs\/#website\",\"url\":\"https:\/\/talkpal.ai\/cs\/\",\"name\":\"Talkpal\",\"description\":\"AI Language Learning\",\"publisher\":{\"@id\":\"https:\/\/talkpal.ai\/cs\/#organization\"},\"alternateName\":\"Talkpal AI\",\"potentialAction\":[{\"@type\":\"SearchAction\",\"target\":{\"@type\":\"EntryPoint\",\"urlTemplate\":\"https:\/\/talkpal.ai\/cs\/?s={search_term_string}\"},\"query-input\":{\"@type\":\"PropertyValueSpecification\",\"valueRequired\":true,\"valueName\":\"search_term_string\"}}],\"inLanguage\":\"cs\"},{\"@type\":\"Organization\",\"@id\":\"https:\/\/talkpal.ai\/cs\/#organization\",\"name\":\"Talkpal, Inc.\",\"alternateName\":\"Talkpal AI\",\"url\":\"https:\/\/talkpal.ai\/cs\/\",\"logo\":{\"@type\":\"ImageObject\",\"inLanguage\":\"cs\",\"@id\":\"https:\/\/talkpal.ai\/cs\/#\/schema\/logo\/image\/\",\"url\":\"https:\/\/talkpal.ai\/wp-content\/uploads\/2024\/03\/Talkpal-Logo-Icon.png\",\"contentUrl\":\"https:\/\/talkpal.ai\/wp-content\/uploads\/2024\/03\/Talkpal-Logo-Icon.png\",\"width\":2880,\"height\":2880,\"caption\":\"Talkpal, Inc.\"},\"image\":{\"@id\":\"https:\/\/talkpal.ai\/cs\/#\/schema\/logo\/image\/\"},\"sameAs\":[\"https:\/\/www.facebook.com\/profile.php?id=100090733639311\",\"https:\/\/x.com\/talkpalai\",\"https:\/\/www.linkedin.com\/company\/talkpal\/\",\"https:\/\/www.youtube.com\/@TalkPal\/\",\"https:\/\/www.tiktok.com\/@talkpal\",\"https:\/\/www.instagram.com\/talkpal_ai\/\",\"https:\/\/www.crunchbase.com\/organization\/talkpal-9cde\",\"https:\/\/www.g2.com\/products\/talkpal-for-business\/\",\"https:\/\/www.trustpilot.com\/review\/talkpal.ai\",\"https:\/\/www.capterra.com\/p\/10006800\/TalkPal\/\"],\"description\":\"Talkpal is a language learning web and mobile education app, powered by the latest AI technologies, that provides engaging experiences to its customers in many different languages to help them improve their language skills. Users can chat about unlimited amount of topics with the app and use other modes to practice their language learning.\",\"email\":\"support@talkpal.ai\",\"legalName\":\"Talkpal, Inc.\",\"foundingDate\":\"2023-04-03\",\"duns\":\"118989042\",\"numberOfEmployees\":{\"@type\":\"QuantitativeValue\",\"minValue\":\"11\",\"maxValue\":\"50\"},\"publishingPrinciples\":\"https:\/\/talkpal.ai\/publishing-principles\/\",\"actionableFeedbackPolicy\":\"https:\/\/talkpal.ai\/actionable-feedback-policy\/\",\"correctionsPolicy\":\"https:\/\/talkpal.ai\/corrections-policy\/\",\"ethicsPolicy\":\"https:\/\/talkpal.ai\/ethics-policy\/\",\"diversityPolicy\":\"https:\/\/talkpal.ai\/diversity-policy\/\",\"diversityStaffingReport\":\"https:\/\/talkpal.ai\/diversity-policy\/\"}]}<\/script>\n<!-- \/ Yoast SEO Premium plugin. -->","yoast_head_json":{"title":"\u00c1s\u00e1msk\u00e1 gramatick\u00e1 cvi\u010den\u00ed - Talkpal","description":"Zvl\u00e1dn\u011bte as\u00e1mskou gramatiku pomoc\u00ed interaktivn\u00edch cvi\u010den\u00ed navr\u017een\u00fdch tak, abyste dnes \u00fa\u010dinn\u011b zlep\u0161ili sv\u00e9 znalosti a jazykov\u00e9 dovednosti.","robots":{"index":"index","follow":"follow","max-snippet":"max-snippet:-1","max-image-preview":"max-image-preview:large","max-video-preview":"max-video-preview:-1"},"canonical":"https:\/\/talkpal.ai\/cs\/asamska-gramaticka-cviceni\/","og_locale":"cs_CZ","og_type":"article","og_title":"\u00c1s\u00e1msk\u00e1 gramatick\u00e1 cvi\u010den\u00ed","og_description":"T\u00e9mata \u00e1s\u00e1msk\u00e9 gramatiky Nau\u010dit se nov\u00fd jazyk m\u016f\u017ee b\u00fdt n\u00e1ro\u010dn\u00e9, ale obohacuj\u00edc\u00ed \u00fasil\u00ed. \u00c1s\u00e1m\u0161tina, indo\u00e1rijsk\u00fd jazyk, kter\u00fdm se mluv\u00ed hlavn\u011b v \u00c1s\u00e1mu a","og_url":"https:\/\/talkpal.ai\/cs\/asamska-gramaticka-cviceni\/","og_site_name":"Talkpal","article_publisher":"https:\/\/www.facebook.com\/profile.php?id=100090733639311","article_modified_time":"2025-12-30T15:27:03+00:00","og_image":[{"width":2880,"height":1620,"url":"https:\/\/talkpal.ai\/wp-content\/uploads\/2025\/02\/Progress-tab-16_9.png","type":"image\/png"}],"twitter_card":"summary_large_image","twitter_site":"@talkpalai","twitter_misc":{"Odhadovan\u00e1 doba \u010dten\u00ed":"4 minuty"},"schema":{"@context":"https:\/\/schema.org","@graph":[{"@type":"WebPage","@id":"https:\/\/talkpal.ai\/cs\/asamska-gramaticka-cviceni\/","url":"https:\/\/talkpal.ai\/cs\/asamska-gramaticka-cviceni\/","name":"\u00c1s\u00e1msk\u00e1 gramatick\u00e1 cvi\u010den\u00ed - Talkpal","isPartOf":{"@id":"https:\/\/talkpal.ai\/cs\/#website"},"datePublished":"2025-11-11T15:06:48+00:00","dateModified":"2025-12-30T15:27:03+00:00","description":"Zvl\u00e1dn\u011bte as\u00e1mskou gramatiku pomoc\u00ed interaktivn\u00edch cvi\u010den\u00ed navr\u017een\u00fdch tak, abyste dnes \u00fa\u010dinn\u011b zlep\u0161ili sv\u00e9 znalosti a jazykov\u00e9 dovednosti.","breadcrumb":{"@id":"https:\/\/talkpal.ai\/cs\/asamska-gramaticka-cviceni\/#breadcrumb"},"inLanguage":"cs","potentialAction":[{"@type":"ReadAction","target":["https:\/\/talkpal.ai\/cs\/asamska-gramaticka-cviceni\/"]}]},{"@type":"BreadcrumbList","@id":"https:\/\/talkpal.ai\/cs\/asamska-gramaticka-cviceni\/#breadcrumb","itemListElement":[{"@type":"ListItem","position":1,"name":"Homepage","item":"https:\/\/talkpal.ai\/cs\/"},{"@type":"ListItem","position":2,"name":"\u00c1s\u00e1msk\u00e1 gramatick\u00e1 cvi\u010den\u00ed"}]},{"@type":"WebSite","@id":"https:\/\/talkpal.ai\/cs\/#website","url":"https:\/\/talkpal.ai\/cs\/","name":"Talkpal","description":"AI Language Learning","publisher":{"@id":"https:\/\/talkpal.ai\/cs\/#organization"},"alternateName":"Talkpal AI","potentialAction":[{"@type":"SearchAction","target":{"@type":"EntryPoint","urlTemplate":"https:\/\/talkpal.ai\/cs\/?s={search_term_string}"},"query-input":{"@type":"PropertyValueSpecification","valueRequired":true,"valueName":"search_term_string"}}],"inLanguage":"cs"},{"@type":"Organization","@id":"https:\/\/talkpal.ai\/cs\/#organization","name":"Talkpal, Inc.","alternateName":"Talkpal AI","url":"https:\/\/talkpal.ai\/cs\/","logo":{"@type":"ImageObject","inLanguage":"cs","@id":"https:\/\/talkpal.ai\/cs\/#\/schema\/logo\/image\/","url":"https:\/\/talkpal.ai\/wp-content\/uploads\/2024\/03\/Talkpal-Logo-Icon.png","contentUrl":"https:\/\/talkpal.ai\/wp-content\/uploads\/2024\/03\/Talkpal-Logo-Icon.png","width":2880,"height":2880,"caption":"Talkpal, Inc."},"image":{"@id":"https:\/\/talkpal.ai\/cs\/#\/schema\/logo\/image\/"},"sameAs":["https:\/\/www.facebook.com\/profile.php?id=100090733639311","https:\/\/x.com\/talkpalai","https:\/\/www.linkedin.com\/company\/talkpal\/","https:\/\/www.youtube.com\/@TalkPal\/","https:\/\/www.tiktok.com\/@talkpal","https:\/\/www.instagram.com\/talkpal_ai\/","https:\/\/www.crunchbase.com\/organization\/talkpal-9cde","https:\/\/www.g2.com\/products\/talkpal-for-business\/","https:\/\/www.trustpilot.com\/review\/talkpal.ai","https:\/\/www.capterra.com\/p\/10006800\/TalkPal\/"],"description":"Talkpal is a language learning web and mobile education app, powered by the latest AI technologies, that provides engaging experiences to its customers in many different languages to help them improve their language skills. Users can chat about unlimited amount of topics with the app and use other modes to practice their language learning.","email":"support@talkpal.ai","legalName":"Talkpal, Inc.","foundingDate":"2023-04-03","duns":"118989042","numberOfEmployees":{"@type":"QuantitativeValue","minValue":"11","maxValue":"50"},"publishingPrinciples":"https:\/\/talkpal.ai\/publishing-principles\/","actionableFeedbackPolicy":"https:\/\/talkpal.ai\/actionable-feedback-policy\/","correctionsPolicy":"https:\/\/talkpal.ai\/corrections-policy\/","ethicsPolicy":"https:\/\/talkpal.ai\/ethics-policy\/","diversityPolicy":"https:\/\/talkpal.ai\/diversity-policy\/","diversityStaffingReport":"https:\/\/talkpal.ai\/diversity-policy\/"}]}},"_links":{"self":[{"href":"https:\/\/talkpal.ai\/cs\/wp-json\/wp\/v2\/pages\/1465767","targetHints":{"allow":["GET"]}}],"collection":[{"href":"https:\/\/talkpal.ai\/cs\/wp-json\/wp\/v2\/pages"}],"about":[{"href":"https:\/\/talkpal.ai\/cs\/wp-json\/wp\/v2\/types\/page"}],"author":[{"embeddable":true,"href":"https:\/\/talkpal.ai\/cs\/wp-json\/wp\/v2\/users\/20"}],"replies":[{"embeddable":true,"href":"https:\/\/talkpal.ai\/cs\/wp-json\/wp\/v2\/comments?post=1465767"}],"version-history":[{"count":0,"href":"https:\/\/talkpal.ai\/cs\/wp-json\/wp\/v2\/pages\/1465767\/revisions"}],"wp:attachment":[{"href":"https:\/\/talkpal.ai\/cs\/wp-json\/wp\/v2\/media?parent=1465767"}],"curies":[{"name":"wp","href":"https:\/\/api.w.org\/{rel}","templated":true}]}}