{"id":146560,"date":"2023-05-14T14:11:00","date_gmt":"2023-05-14T14:11:00","guid":{"rendered":"http:\/\/talkpal.ai\/kazasska-gramatika\/"},"modified":"2025-12-17T16:58:20","modified_gmt":"2025-12-17T16:58:20","slug":"kazasska-gramatika","status":"publish","type":"page","link":"https:\/\/talkpal.ai\/cs\/kazasska-gramatika\/","title":{"rendered":"Kaza\u0161sk\u00e1 gramatika"},"content":{"rendered":"\r\n\r\n\r\n<section class=\"languageChallengeSection\">\r\n    <div class=\"languageInfoWrapper\">\r\n        \r\n        <h1>Kaza\u0161sk\u00e1 gramatika<\/h1>\r\n        <p>U\u010den\u00ed kaza\u0161tiny otev\u00edr\u00e1 dve\u0159e do jazyka s bohatou histori\u00ed a kulturou, jeho\u017e j\u00e1dro tvo\u0159\u00ed fascinuj\u00edc\u00ed gramatick\u00fd syst\u00e9m. I kdy\u017e se <a href=\"https:\/\/talkpal.ai\/kazakh-grammar\/\">kaza\u0161sk\u00e1 gramatika<\/a> m\u016f\u017ee zd\u00e1t na prvn\u00ed pohled slo\u017eit\u00e1, pochopen\u00ed jej\u00edch z\u00e1kladn\u00edch rys\u016f, jako je harmonie samohl\u00e1sek, p\u00e1dy podstatn\u00fdch jmen a \u010dasov\u00e1n\u00ed sloves, \u010din\u00ed zvl\u00e1dnut\u00ed jazyka dosa\u017eiteln\u00fdm a p\u0159\u00ednosn\u00fdm. Pono\u0159te se a objevte, v \u010dem je Kazachst\u00e1n jedine\u010dn\u00fd!<\/p>\r\n\r\n                            <a class=\"getStartedHidden\" href=\"https:\/\/app.talkpal.ai\/cs\/signup?lng=\">Za\u010dni<\/a>\r\n        \r\n    <\/div>\r\n\r\n    <figure>\r\n    <img decoding=\"async\" width=\"768\" height=\"768\" src=\"https:\/\/talkpal.ai\/wp-content\/uploads\/2023\/06\/Khazak-768x768.png\" class=\"languageImage no-lazy\" alt=\"Language learning for increased negotiation skills\" fetchpriority=\"high\" sizes=\"(max-width: 768px) 150px, 768px\" srcset=\"https:\/\/talkpal.ai\/wp-content\/uploads\/2023\/06\/Khazak-768x768.png 768w, https:\/\/talkpal.ai\/wp-content\/uploads\/2023\/06\/Khazak-300x300.png 300w\" \/>\r\n    \r\n\r\n    <\/figure>\r\n\r\n            <a class=\"getStartedVisible\" href=\"https:\/\/app.talkpal.ai\/cs\/signup?lng=\">Za\u010dni<\/a>\r\n    \r\n<\/section>\r\n<section class=\"promotionalBanner\">\r\n    <p class=\"promotionalText\">Nejefektivn\u011bj\u0161\u00ed <a href=\"https:\/\/talkpal.ai\/best-way-to-learn\/\">zp\u016fsob<\/a>, jak se nau\u010dit jazyk<\/p>\r\n    <a class=\"promotionalLink\" href=\"https:\/\/app.talkpal.ai\/cs\/signup?lng=\">Vyzkou\u0161ejte Talkpal zdarma<\/a>\r\n<\/section>\n<div class=\"wp-block-group pageContainerStyle\"><div class=\"wp-block-group__inner-container is-layout-constrained wp-block-group-is-layout-constrained\">\n<h2 class=\"wp-block-heading\" id=\"h-kazakh-grammar-unlocking-the-secrets-of-the-kazakh-language\">Kaza\u0161sk\u00e1 gramatika: Odemyk\u00e1n\u00ed tajemstv\u00ed kaza\u0161sk\u00e9ho jazyka<\/h2>\n\n\n\n<p>Pokud jde o u\u010den\u00ed kaza\u0161sk\u00e9ho jazyka, pochopen\u00ed z\u00e1klad\u016f kaza\u0161sk\u00e9 gramatiky je nezbytn\u00e9 pro odhalen\u00ed jej\u00edch tajemstv\u00ed. I kdy\u017e se to na prvn\u00ed pohled m\u016f\u017ee zd\u00e1t zastra\u0161uj\u00edc\u00ed, gramatick\u00fd syst\u00e9m se m\u016f\u017ee pochlubit jedine\u010dn\u00fdmi vlastnostmi, d\u00edky nim\u017e je jazyk fascinuj\u00edc\u00ed. Tento \u010dl\u00e1nek se sna\u017e\u00ed objasnit kl\u00ed\u010dov\u00e9 aspekty kaza\u0161sk\u00e9 gramatiky a poskytnout konverza\u010dn\u00ed a neform\u00e1ln\u00ed \u00favod do bohat\u00e9 struktury jazyka.<\/p>\n\n\n\n<h3 class=\"wp-block-heading\" id=\"h-1-nouns-harmony-in-cases-and-declensions\">1. Podstatn\u00e1 jm\u00e9na \u2013 harmonie v p\u00e1dech a sklo\u0148ov\u00e1n\u00ed<\/h3>\n\n\n\n<p>Jednou z prvn\u00edch v\u011bc\u00ed, kterou je t\u0159eba v kaza\u0161sk\u00e9 gramatice zv\u00e1\u017eit, je struktura podstatn\u00e9ho jm\u00e9na. Jazyk pou\u017e\u00edv\u00e1 syst\u00e9m harmonie samohl\u00e1sek, kde jsou samohl\u00e1sky bu\u010f vp\u0159edu, nebo vzadu a up\u0159ednost\u0148uj\u00ed se harmonick\u00e9 kombinace. Tento syst\u00e9m souvis\u00ed s mno\u017en\u00fdmi jm\u00e9ny, kter\u00e1 jsou tvo\u0159ena r\u016fzn\u00fdmi p\u0159\u00edponami, kter\u00e9 odpov\u00eddaj\u00ed harmonick\u00e9 skupin\u011b po\u010d\u00e1te\u010dn\u00edho podstatn\u00e9ho jm\u00e9na.<\/p>\n\n\n\n<p>Kaza\u0161sk\u00e1 podstatn\u00e1 jm\u00e9na se \u0159\u00edd\u00ed sedmi p\u00e1dy: nominativ, genitiv, dativ, akuzativ, lok\u00e1l, ablativ a instrument\u00e1l. I kdy\u017e je to zpo\u010d\u00e1tku skli\u010duj\u00edc\u00ed, zvl\u00e1dnut\u00ed t\u011bchto p\u0159\u00edpad\u016f je z\u00e1sadn\u00ed pro vytv\u00e1\u0159en\u00ed p\u0159esn\u00fdch v\u011btn\u00fdch struktur. P\u0159\u00edpady ur\u010duj\u00ed vztahy mezi slovy, co\u017e umo\u017e\u0148uje flexibilitu ve slovosledu bez ztr\u00e1ty v\u00fdznamu.<\/p>\n\n\n\n<h3 class=\"wp-block-heading\" id=\"h-2-adjectives-agreement-and-comparison\">2. P\u0159\u00eddavn\u00e1 jm\u00e9na \u2013 shoda a srovn\u00e1n\u00ed<\/h3>\n\n\n\n<p>Kaza\u0161sk\u00e1 p\u0159\u00eddavn\u00e1 jm\u00e9na se pou\u017e\u00edvaj\u00ed k popisu a poskytnut\u00ed v\u00edce informac\u00ed o podstatn\u00fdch jm\u00e9nech. Mus\u00ed souhlasit s podstatn\u00fdm jm\u00e9nem, kter\u00e9 upravuj\u00ed, pokud jde o p\u00e1d a \u010d\u00edslo. Krom\u011b toho lze p\u0159\u00eddavn\u00e1 jm\u00e9na porovn\u00e1vat pomoc\u00ed srovn\u00e1vac\u00edch a superlativn\u00edch stup\u0148\u016f, kter\u00fdch se dosahuje p\u0159id\u00e1n\u00edm odpov\u00eddaj\u00edc\u00edch p\u0159\u00edpon, aby se vyj\u00e1d\u0159ily r\u016fzn\u00e9 \u00farovn\u011b d\u016frazu.<\/p>\n\n\n\n<p>Nap\u0159\u00edklad slovo &#8222;kr\u00e1sn\u00fd&#8220; je v kaza\u0161tin\u011b &#8222;\u0441\u044b\u04a3\u0448\u044b&#8220;. P\u0159i popisu kr\u00e1sn\u00e9 zahrady (\u0431\u0430\u049b) se pou\u017e\u00edv\u00e1 v\u011bta &#8222;\u0441\u044b\u04a3\u0448\u044b \u0431\u0430\u049b&#8220;. Chcete-li \u0159\u00edci &#8222;kr\u00e1sn\u011bj\u0161\u00ed&#8220;, pou\u017eijte &#8222;\u0441\u044b\u04a3\u0448\u044b\u0440\u0430\u049b&#8220;, zat\u00edmco &#8222;nejkr\u00e1sn\u011bj\u0161\u00ed&#8220; by se vytvo\u0159ilo pomoc\u00ed &#8222;\u0441\u044b\u04a3\u0448\u044b&#8220;. Chcete-li \u0159\u00edci &#8222;nejkr\u00e1sn\u011bj\u0161\u00ed zahrada&#8220;, pou\u017eijte &#8222;\u0441\u044b\u04a3\u0448\u044b \u0431\u0430\u049b&#8220;.<\/p>\n\n\n\n<h3 class=\"wp-block-heading\" id=\"h-3-verbs-tense-mood-and-aspect\">3. Slovesa \u2013 \u010das, zp\u016fsob a vid<\/h3>\n\n\n\n<p>Slovesa v kaza\u0161tin\u011b zobrazuj\u00ed \u010das, n\u00e1ladu a vid. Jazyk obsahuje t\u0159i hlavn\u00ed \u010dasy: minulost, p\u0159\u00edtomnost a budoucnost. Ka\u017ed\u00fd \u010das m\u00e1 odli\u0161n\u00e9 tvary zalo\u017een\u00e9 na podm\u011btn\u00e9m z\u00e1jmenu, n\u00e1lad\u011b (jako je rozkazovac\u00ed nebo podmi\u0148ovac\u00ed zp\u016fsob) a vidu (zda je d\u011bj dokonav\u00fd, odr\u00e1\u017eej\u00edc\u00ed dokon\u010den\u00fd d\u011bj, nebo nedokonav\u00fd, ozna\u010duj\u00edc\u00ed prob\u00edhaj\u00edc\u00ed nebo navykl\u00fd d\u011bj).<\/p>\n\n\n\n<h3 class=\"wp-block-heading\" id=\"h-4-pronouns-personal-and-demonstrative\">4. Z\u00e1jmena \u2013 osobn\u00ed a ukazovac\u00ed<\/h3>\n\n\n\n<p>Z\u00e1jmena v kaza\u0161sk\u00e9 gramatice zahrnuj\u00ed osobn\u00ed, p\u0159ivlast\u0148ovac\u00ed, ukazovac\u00ed, t\u00e1zac\u00ed a relativn\u00ed varianty. Mus\u00ed souhlasit s velk\u00fdm a velk\u00fdm p\u00edsmenem a \u010d\u00edslem s podstatn\u00fdm jm\u00e9nem, na kter\u00e9 odkazuj\u00ed nebo kter\u00e9 nahrazuj\u00ed. Nap\u0159\u00edklad ukazovac\u00ed z\u00e1jmena maj\u00ed t\u0159i tvary: proxim\u00e1ln\u00ed (\u0431\u04b1\u043b), medi\u00e1ln\u00ed (\u043e\u0441\u044b) a dist\u00e1ln\u00ed (\u0430\u043d\u0430\u0443), v z\u00e1vislosti na vzd\u00e1lenosti od mluv\u010d\u00edho.<\/p>\n\n\n\n<h3 class=\"wp-block-heading\" id=\"h-5-embracing-the-uniqueness-of-kazakh-grammar\">5. P\u0159ijet\u00ed jedine\u010dnosti kaza\u0161sk\u00e9 gramatiky<\/h3>\n\n\n\n<p>A\u017e se vyd\u00e1te na cestu za kaza\u0161sk\u00fdm jazykem, nezapome\u0148te, \u017ee nejde o to, abyste zvl\u00e1dli v\u0161echny nuance najednou. S pot\u011b\u0161en\u00edm objevujte jedine\u010dn\u00fd gramatick\u00fd syst\u00e9m, kter\u00fd odli\u0161uje kaza\u0161tinu od ostatn\u00edch, a v\u011bnujte \u010das jej\u00edmu pochopen\u00ed, ani\u017e byste se c\u00edtili zahlceni.<\/p>\n\n\n\n<p>Pokud ocen\u00edte a prozkoum\u00e1te zvl\u00e1\u0161tnosti kaza\u0161sk\u00e9 gramatiky, m\u016f\u017eete skute\u010dn\u011b odhalit kr\u00e1su tohoto jazyka a z\u00edskat lep\u0161\u00ed p\u0159\u00edstup k bohat\u00e9mu kulturn\u00edmu d\u011bdictv\u00ed, kter\u00e9 zt\u011bles\u0148uje. \u0421\u04d9\u0442\u0442\u0456 \u043e\u049b\u0443 \u2013 \u0160\u0165astn\u00e9 u\u010den\u00ed!<\/p>\n<\/div><\/div>\n\r\n<section class=\"learnNavigationSection\">\r\n            \r\n        <a href=\"https:\/\/talkpal.ai\/cs\/naucte-se-kazastinu\/\">\r\n            <div class=\"learnNavigationWrapper\">\r\n                <div class=\"learnNavigationContent\">\r\n                    <img decoding=\"async\" src=\"https:\/\/talkpal.ai\/wp-content\/uploads\/2024\/08\/Kazakh.jpg\" alt=\"Kazakh Flag\">\r\n                    <div>\r\n                        <h4>O kaza\u0161sk\u00e9m vzd\u011bl\u00e1v\u00e1n\u00ed<\/h4>\r\n                        <p>Zjist\u011bte v\u0161e o kaza\u0161sk\u00e9 gramatice.<\/p>\r\n                    <\/div>\r\n                <\/div>\r\n            <\/div>\r\n        <\/a>\r\n\r\n        \r\n        <a href=\"https:\/\/talkpal.ai\/cs\/cviceni-na-kazasskou-gramatiku\/\">\r\n            <div class=\"learnNavigationWrapper\">\r\n                <div class=\"learnNavigationContent\">\r\n                    <img decoding=\"async\" src=\"https:\/\/talkpal.ai\/wp-content\/uploads\/2024\/08\/Kazakh.jpg\" alt=\"Kazakh Flag\">\r\n                    <div>\r\n                        <h4>Cvi\u010den\u00ed z kaza\u0161sk\u00e9 gramatiky<\/h4>\r\n                        <p>Procvi\u010dte si kaza\u0161skou gramatiku.<\/p>\r\n                    <\/div>\r\n                <\/div>\r\n            <\/div>\r\n        <\/a>\r\n\r\n        \r\n        <a href=\"https:\/\/talkpal.ai\/vocabulary_language\/kazakh\/\">\r\n            <div class=\"learnNavigationWrapper\">\r\n                <div class=\"learnNavigationContent\">\r\n                    <img decoding=\"async\" src=\"https:\/\/talkpal.ai\/wp-content\/uploads\/2024\/08\/Kazakh.jpg\" alt=\"Kazakh Flag\">\r\n                    <div>\r\n                        <h4>Kaza\u0161sk\u00e1 slovn\u00ed z\u00e1soba<\/h4>\r\n                        <p>Roz\u0161i\u0159te si kaza\u0161skou slovn\u00ed z\u00e1sobu.<\/p>\r\n                    <\/div>\r\n                <\/div>\r\n            <\/div>\r\n        <\/a>\r\n\r\n            <\/section>","protected":false},"excerpt":{"rendered":"<p>Kaza\u0161sk\u00e1 gramatika: Odemyk\u00e1n\u00ed tajemstv\u00ed kaza\u0161sk\u00e9ho jazyka Pokud jde o u\u010den\u00ed kaza\u0161sk\u00e9ho jazyka, pochopen\u00ed z\u00e1klad\u016f kaza\u0161sk\u00e9 gramatiky je nezbytn\u00e9 pro odhalen\u00ed jej\u00edch tajemstv\u00ed. I kdy\u017e se to na prvn\u00ed pohled m\u016f\u017ee zd\u00e1t zastra\u0161uj\u00edc\u00ed, gramatick\u00fd syst\u00e9m se m\u016f\u017ee pochlubit jedine\u010dn\u00fdmi vlastnostmi, d\u00edky nim\u017e je jazyk fascinuj\u00edc\u00ed. Tento \u010dl\u00e1nek se sna\u017e\u00ed objasnit kl\u00ed\u010dov\u00e9 aspekty kaza\u0161sk\u00e9 gramatiky a poskytnout [&hellip;]<\/p>\n","protected":false},"author":1,"featured_media":114246,"parent":0,"menu_order":0,"comment_status":"closed","ping_status":"closed","template":"LearningContentPage.php","meta":{"_acf_changed":false,"footnotes":""},"class_list":["post-146560","page","type-page","status-publish","has-post-thumbnail","hentry"],"acf":[],"yoast_head":"<!-- This site is optimized with the Yoast SEO Premium plugin v27.2 (Yoast SEO v27.2) - https:\/\/yoast.com\/product\/yoast-seo-premium-wordpress\/ -->\n<title>Kaza\u0161sk\u00e1 gramatika - Talkpal<\/title>\n<meta name=\"description\" content=\"Ovl\u00e1dn\u011bte kaza\u0161skou gramatiku bez n\u00e1mahy - nau\u010dte se z\u00e1kladn\u00ed pravidla, procvi\u010dte si stavbu v\u011bt a rychle zlep\u0161ete svou plynulost\" \/>\n<meta name=\"robots\" content=\"index, follow, max-snippet:-1, max-image-preview:large, max-video-preview:-1\" \/>\n<link rel=\"canonical\" href=\"https:\/\/talkpal.ai\/cs\/kazasska-gramatika\/\" \/>\n<meta property=\"og:locale\" content=\"cs_CZ\" \/>\n<meta property=\"og:type\" content=\"article\" \/>\n<meta property=\"og:title\" content=\"Kaza\u0161sk\u00e1 gramatika\" \/>\n<meta property=\"og:description\" content=\"Kaza\u0161sk\u00e1 gramatika: Odemyk\u00e1n\u00ed tajemstv\u00ed kaza\u0161sk\u00e9ho jazyka Pokud jde o u\u010den\u00ed kaza\u0161sk\u00e9ho jazyka, pochopen\u00ed z\u00e1klad\u016f kaza\u0161sk\u00e9 gramatiky je nezbytn\u00e9 pro\" \/>\n<meta property=\"og:url\" content=\"https:\/\/talkpal.ai\/cs\/kazasska-gramatika\/\" \/>\n<meta property=\"og:site_name\" content=\"Talkpal\" \/>\n<meta property=\"article:publisher\" content=\"https:\/\/www.facebook.com\/profile.php?id=100090733639311\" \/>\n<meta property=\"article:modified_time\" content=\"2025-12-17T16:58:20+00:00\" \/>\n<meta property=\"og:image\" content=\"https:\/\/talkpal.ai\/wp-content\/uploads\/2023\/05\/kazakhstan.png\" \/>\n\t<meta property=\"og:image:width\" content=\"512\" \/>\n\t<meta property=\"og:image:height\" content=\"512\" \/>\n\t<meta property=\"og:image:type\" content=\"image\/png\" \/>\n<meta name=\"twitter:card\" content=\"summary_large_image\" \/>\n<meta name=\"twitter:site\" content=\"@talkpalai\" \/>\n<meta name=\"twitter:label1\" content=\"Odhadovan\u00e1 doba \u010dten\u00ed\" \/>\n\t<meta name=\"twitter:data1\" content=\"3 minuty\" \/>\n<script type=\"application\/ld+json\" class=\"yoast-schema-graph\">{\"@context\":\"https:\/\/schema.org\",\"@graph\":[{\"@type\":\"WebPage\",\"@id\":\"https:\/\/talkpal.ai\/cs\/kazasska-gramatika\/\",\"url\":\"https:\/\/talkpal.ai\/cs\/kazasska-gramatika\/\",\"name\":\"Kaza\u0161sk\u00e1 gramatika - Talkpal\",\"isPartOf\":{\"@id\":\"https:\/\/talkpal.ai\/cs\/#website\"},\"primaryImageOfPage\":{\"@id\":\"https:\/\/talkpal.ai\/cs\/kazasska-gramatika\/#primaryimage\"},\"image\":{\"@id\":\"https:\/\/talkpal.ai\/cs\/kazasska-gramatika\/#primaryimage\"},\"thumbnailUrl\":\"https:\/\/talkpal.ai\/wp-content\/uploads\/2023\/05\/kazakhstan.png\",\"datePublished\":\"2023-05-14T14:11:00+00:00\",\"dateModified\":\"2025-12-17T16:58:20+00:00\",\"description\":\"Ovl\u00e1dn\u011bte kaza\u0161skou gramatiku bez n\u00e1mahy - nau\u010dte se z\u00e1kladn\u00ed pravidla, procvi\u010dte si stavbu v\u011bt a rychle zlep\u0161ete svou plynulost\",\"breadcrumb\":{\"@id\":\"https:\/\/talkpal.ai\/cs\/kazasska-gramatika\/#breadcrumb\"},\"inLanguage\":\"cs\",\"potentialAction\":[{\"@type\":\"ReadAction\",\"target\":[\"https:\/\/talkpal.ai\/cs\/kazasska-gramatika\/\"]}]},{\"@type\":\"ImageObject\",\"inLanguage\":\"cs\",\"@id\":\"https:\/\/talkpal.ai\/cs\/kazasska-gramatika\/#primaryimage\",\"url\":\"https:\/\/talkpal.ai\/wp-content\/uploads\/2023\/05\/kazakhstan.png\",\"contentUrl\":\"https:\/\/talkpal.ai\/wp-content\/uploads\/2023\/05\/kazakhstan.png\",\"width\":512,\"height\":512},{\"@type\":\"BreadcrumbList\",\"@id\":\"https:\/\/talkpal.ai\/cs\/kazasska-gramatika\/#breadcrumb\",\"itemListElement\":[{\"@type\":\"ListItem\",\"position\":1,\"name\":\"Homepage\",\"item\":\"https:\/\/talkpal.ai\/cs\/\"},{\"@type\":\"ListItem\",\"position\":2,\"name\":\"Kaza\u0161sk\u00e1 gramatika\"}]},{\"@type\":\"WebSite\",\"@id\":\"https:\/\/talkpal.ai\/cs\/#website\",\"url\":\"https:\/\/talkpal.ai\/cs\/\",\"name\":\"Talkpal\",\"description\":\"AI Language Learning\",\"publisher\":{\"@id\":\"https:\/\/talkpal.ai\/cs\/#organization\"},\"alternateName\":\"Talkpal AI\",\"potentialAction\":[{\"@type\":\"SearchAction\",\"target\":{\"@type\":\"EntryPoint\",\"urlTemplate\":\"https:\/\/talkpal.ai\/cs\/?s={search_term_string}\"},\"query-input\":{\"@type\":\"PropertyValueSpecification\",\"valueRequired\":true,\"valueName\":\"search_term_string\"}}],\"inLanguage\":\"cs\"},{\"@type\":\"Organization\",\"@id\":\"https:\/\/talkpal.ai\/cs\/#organization\",\"name\":\"Talkpal, Inc.\",\"alternateName\":\"Talkpal AI\",\"url\":\"https:\/\/talkpal.ai\/cs\/\",\"logo\":{\"@type\":\"ImageObject\",\"inLanguage\":\"cs\",\"@id\":\"https:\/\/talkpal.ai\/cs\/#\/schema\/logo\/image\/\",\"url\":\"https:\/\/talkpal.ai\/wp-content\/uploads\/2024\/03\/Talkpal-Logo-Icon.png\",\"contentUrl\":\"https:\/\/talkpal.ai\/wp-content\/uploads\/2024\/03\/Talkpal-Logo-Icon.png\",\"width\":2880,\"height\":2880,\"caption\":\"Talkpal, Inc.\"},\"image\":{\"@id\":\"https:\/\/talkpal.ai\/cs\/#\/schema\/logo\/image\/\"},\"sameAs\":[\"https:\/\/www.facebook.com\/profile.php?id=100090733639311\",\"https:\/\/x.com\/talkpalai\",\"https:\/\/www.linkedin.com\/company\/talkpal\/\",\"https:\/\/www.youtube.com\/@TalkPal\/\",\"https:\/\/www.tiktok.com\/@talkpal\",\"https:\/\/www.instagram.com\/talkpal_ai\/\",\"https:\/\/www.crunchbase.com\/organization\/talkpal-9cde\",\"https:\/\/www.g2.com\/products\/talkpal-for-business\/\",\"https:\/\/www.trustpilot.com\/review\/talkpal.ai\",\"https:\/\/www.capterra.com\/p\/10006800\/TalkPal\/\"],\"description\":\"Talkpal is a language learning web and mobile education app, powered by the latest AI technologies, that provides engaging experiences to its customers in many different languages to help them improve their language skills. Users can chat about unlimited amount of topics with the app and use other modes to practice their language learning.\",\"email\":\"support@talkpal.ai\",\"legalName\":\"Talkpal, Inc.\",\"foundingDate\":\"2023-04-03\",\"duns\":\"118989042\",\"numberOfEmployees\":{\"@type\":\"QuantitativeValue\",\"minValue\":\"11\",\"maxValue\":\"50\"},\"publishingPrinciples\":\"https:\/\/talkpal.ai\/publishing-principles\/\",\"actionableFeedbackPolicy\":\"https:\/\/talkpal.ai\/actionable-feedback-policy\/\",\"correctionsPolicy\":\"https:\/\/talkpal.ai\/corrections-policy\/\",\"ethicsPolicy\":\"https:\/\/talkpal.ai\/ethics-policy\/\",\"diversityPolicy\":\"https:\/\/talkpal.ai\/diversity-policy\/\",\"diversityStaffingReport\":\"https:\/\/talkpal.ai\/diversity-policy\/\"}]}<\/script>\n<!-- \/ Yoast SEO Premium plugin. -->","yoast_head_json":{"title":"Kaza\u0161sk\u00e1 gramatika - Talkpal","description":"Ovl\u00e1dn\u011bte kaza\u0161skou gramatiku bez n\u00e1mahy - nau\u010dte se z\u00e1kladn\u00ed pravidla, procvi\u010dte si stavbu v\u011bt a rychle zlep\u0161ete svou plynulost","robots":{"index":"index","follow":"follow","max-snippet":"max-snippet:-1","max-image-preview":"max-image-preview:large","max-video-preview":"max-video-preview:-1"},"canonical":"https:\/\/talkpal.ai\/cs\/kazasska-gramatika\/","og_locale":"cs_CZ","og_type":"article","og_title":"Kaza\u0161sk\u00e1 gramatika","og_description":"Kaza\u0161sk\u00e1 gramatika: Odemyk\u00e1n\u00ed tajemstv\u00ed kaza\u0161sk\u00e9ho jazyka Pokud jde o u\u010den\u00ed kaza\u0161sk\u00e9ho jazyka, pochopen\u00ed z\u00e1klad\u016f kaza\u0161sk\u00e9 gramatiky je nezbytn\u00e9 pro","og_url":"https:\/\/talkpal.ai\/cs\/kazasska-gramatika\/","og_site_name":"Talkpal","article_publisher":"https:\/\/www.facebook.com\/profile.php?id=100090733639311","article_modified_time":"2025-12-17T16:58:20+00:00","og_image":[{"width":512,"height":512,"url":"https:\/\/talkpal.ai\/wp-content\/uploads\/2023\/05\/kazakhstan.png","type":"image\/png"}],"twitter_card":"summary_large_image","twitter_site":"@talkpalai","twitter_misc":{"Odhadovan\u00e1 doba \u010dten\u00ed":"3 minuty"},"schema":{"@context":"https:\/\/schema.org","@graph":[{"@type":"WebPage","@id":"https:\/\/talkpal.ai\/cs\/kazasska-gramatika\/","url":"https:\/\/talkpal.ai\/cs\/kazasska-gramatika\/","name":"Kaza\u0161sk\u00e1 gramatika - Talkpal","isPartOf":{"@id":"https:\/\/talkpal.ai\/cs\/#website"},"primaryImageOfPage":{"@id":"https:\/\/talkpal.ai\/cs\/kazasska-gramatika\/#primaryimage"},"image":{"@id":"https:\/\/talkpal.ai\/cs\/kazasska-gramatika\/#primaryimage"},"thumbnailUrl":"https:\/\/talkpal.ai\/wp-content\/uploads\/2023\/05\/kazakhstan.png","datePublished":"2023-05-14T14:11:00+00:00","dateModified":"2025-12-17T16:58:20+00:00","description":"Ovl\u00e1dn\u011bte kaza\u0161skou gramatiku bez n\u00e1mahy - nau\u010dte se z\u00e1kladn\u00ed pravidla, procvi\u010dte si stavbu v\u011bt a rychle zlep\u0161ete svou plynulost","breadcrumb":{"@id":"https:\/\/talkpal.ai\/cs\/kazasska-gramatika\/#breadcrumb"},"inLanguage":"cs","potentialAction":[{"@type":"ReadAction","target":["https:\/\/talkpal.ai\/cs\/kazasska-gramatika\/"]}]},{"@type":"ImageObject","inLanguage":"cs","@id":"https:\/\/talkpal.ai\/cs\/kazasska-gramatika\/#primaryimage","url":"https:\/\/talkpal.ai\/wp-content\/uploads\/2023\/05\/kazakhstan.png","contentUrl":"https:\/\/talkpal.ai\/wp-content\/uploads\/2023\/05\/kazakhstan.png","width":512,"height":512},{"@type":"BreadcrumbList","@id":"https:\/\/talkpal.ai\/cs\/kazasska-gramatika\/#breadcrumb","itemListElement":[{"@type":"ListItem","position":1,"name":"Homepage","item":"https:\/\/talkpal.ai\/cs\/"},{"@type":"ListItem","position":2,"name":"Kaza\u0161sk\u00e1 gramatika"}]},{"@type":"WebSite","@id":"https:\/\/talkpal.ai\/cs\/#website","url":"https:\/\/talkpal.ai\/cs\/","name":"Talkpal","description":"AI Language Learning","publisher":{"@id":"https:\/\/talkpal.ai\/cs\/#organization"},"alternateName":"Talkpal AI","potentialAction":[{"@type":"SearchAction","target":{"@type":"EntryPoint","urlTemplate":"https:\/\/talkpal.ai\/cs\/?s={search_term_string}"},"query-input":{"@type":"PropertyValueSpecification","valueRequired":true,"valueName":"search_term_string"}}],"inLanguage":"cs"},{"@type":"Organization","@id":"https:\/\/talkpal.ai\/cs\/#organization","name":"Talkpal, Inc.","alternateName":"Talkpal AI","url":"https:\/\/talkpal.ai\/cs\/","logo":{"@type":"ImageObject","inLanguage":"cs","@id":"https:\/\/talkpal.ai\/cs\/#\/schema\/logo\/image\/","url":"https:\/\/talkpal.ai\/wp-content\/uploads\/2024\/03\/Talkpal-Logo-Icon.png","contentUrl":"https:\/\/talkpal.ai\/wp-content\/uploads\/2024\/03\/Talkpal-Logo-Icon.png","width":2880,"height":2880,"caption":"Talkpal, Inc."},"image":{"@id":"https:\/\/talkpal.ai\/cs\/#\/schema\/logo\/image\/"},"sameAs":["https:\/\/www.facebook.com\/profile.php?id=100090733639311","https:\/\/x.com\/talkpalai","https:\/\/www.linkedin.com\/company\/talkpal\/","https:\/\/www.youtube.com\/@TalkPal\/","https:\/\/www.tiktok.com\/@talkpal","https:\/\/www.instagram.com\/talkpal_ai\/","https:\/\/www.crunchbase.com\/organization\/talkpal-9cde","https:\/\/www.g2.com\/products\/talkpal-for-business\/","https:\/\/www.trustpilot.com\/review\/talkpal.ai","https:\/\/www.capterra.com\/p\/10006800\/TalkPal\/"],"description":"Talkpal is a language learning web and mobile education app, powered by the latest AI technologies, that provides engaging experiences to its customers in many different languages to help them improve their language skills. Users can chat about unlimited amount of topics with the app and use other modes to practice their language learning.","email":"support@talkpal.ai","legalName":"Talkpal, Inc.","foundingDate":"2023-04-03","duns":"118989042","numberOfEmployees":{"@type":"QuantitativeValue","minValue":"11","maxValue":"50"},"publishingPrinciples":"https:\/\/talkpal.ai\/publishing-principles\/","actionableFeedbackPolicy":"https:\/\/talkpal.ai\/actionable-feedback-policy\/","correctionsPolicy":"https:\/\/talkpal.ai\/corrections-policy\/","ethicsPolicy":"https:\/\/talkpal.ai\/ethics-policy\/","diversityPolicy":"https:\/\/talkpal.ai\/diversity-policy\/","diversityStaffingReport":"https:\/\/talkpal.ai\/diversity-policy\/"}]}},"_links":{"self":[{"href":"https:\/\/talkpal.ai\/cs\/wp-json\/wp\/v2\/pages\/146560","targetHints":{"allow":["GET"]}}],"collection":[{"href":"https:\/\/talkpal.ai\/cs\/wp-json\/wp\/v2\/pages"}],"about":[{"href":"https:\/\/talkpal.ai\/cs\/wp-json\/wp\/v2\/types\/page"}],"author":[{"embeddable":true,"href":"https:\/\/talkpal.ai\/cs\/wp-json\/wp\/v2\/users\/1"}],"replies":[{"embeddable":true,"href":"https:\/\/talkpal.ai\/cs\/wp-json\/wp\/v2\/comments?post=146560"}],"version-history":[{"count":0,"href":"https:\/\/talkpal.ai\/cs\/wp-json\/wp\/v2\/pages\/146560\/revisions"}],"wp:featuredmedia":[{"embeddable":true,"href":"https:\/\/talkpal.ai\/cs\/wp-json\/wp\/v2\/media\/114246"}],"wp:attachment":[{"href":"https:\/\/talkpal.ai\/cs\/wp-json\/wp\/v2\/media?parent=146560"}],"curies":[{"name":"wp","href":"https:\/\/api.w.org\/{rel}","templated":true}]}}