{"id":146233,"date":"2023-05-14T14:10:42","date_gmt":"2023-05-14T14:10:42","guid":{"rendered":"http:\/\/talkpal.ai\/litevska-gramatika\/"},"modified":"2025-12-12T10:52:17","modified_gmt":"2025-12-12T10:52:17","slug":"litevska-gramatika","status":"publish","type":"page","link":"https:\/\/talkpal.ai\/cs\/litevska-gramatika\/","title":{"rendered":"Litevsk\u00e1 gramatika"},"content":{"rendered":"\r\n\r\n\r\n<section class=\"languageChallengeSection\">\r\n    <div class=\"languageInfoWrapper\">\r\n        \r\n        <h1>Litevsk\u00e1 gramatika<\/h1>\r\n        <p>Vydejte se na cestu do litevsk\u00e9 gramatiky a objevte jeden z nejstar\u0161\u00edch a nejzaj\u00edmav\u011bj\u0161\u00edch jazyk\u016f v Evrop\u011b. Nau\u010dte se z\u00e1kladn\u00ed pravidla a vzory pro vybudov\u00e1n\u00ed pevn\u00fdch jazykov\u00fdch z\u00e1klad\u016f. Pono\u0159te se do litev\u0161tiny a za\u010dn\u011bte ji ovl\u00e1dat je\u0161t\u011b dnes!<\/p>\r\n\r\n                            <a class=\"getStartedHidden\" href=\"https:\/\/app.talkpal.ai\/cs\/signup?lng=\">Za\u010dni<\/a>\r\n        \r\n    <\/div>\r\n\r\n    <figure>\r\n    <img decoding=\"async\" width=\"768\" height=\"768\" src=\"https:\/\/talkpal.ai\/wp-content\/uploads\/2023\/06\/lithuenian-768x768.png\" class=\"languageImage no-lazy\" alt=\"Language learning for boosting creativity\" fetchpriority=\"high\" sizes=\"(max-width: 768px) 150px, 768px\" srcset=\"https:\/\/talkpal.ai\/wp-content\/uploads\/2023\/06\/lithuenian-768x768.png 768w, https:\/\/talkpal.ai\/wp-content\/uploads\/2023\/06\/lithuenian-300x300.png 300w\" \/>\r\n    \r\n\r\n    <\/figure>\r\n\r\n            <a class=\"getStartedVisible\" href=\"https:\/\/app.talkpal.ai\/cs\/signup?lng=\">Za\u010dni<\/a>\r\n    \r\n<\/section>\r\n<section class=\"promotionalBanner\">\r\n    <p class=\"promotionalText\">Nejefektivn\u011bj\u0161\u00ed zp\u016fsob, jak se nau\u010dit jazyk<\/p>\r\n    <a class=\"promotionalLink\" href=\"https:\/\/app.talkpal.ai\/cs\/signup?lng=\">Vyzkou\u0161ejte Talkpal zdarma<\/a>\r\n<\/section>\n<div class=\"wp-block-group pageContainerStyle\"><div class=\"wp-block-group__inner-container is-layout-constrained wp-block-group-is-layout-constrained\">\n<h2 class=\"wp-block-heading\" id=\"h-lithuanian-grammar-a-fascinating-journey-through-language\">Litevsk\u00e1 gramatika: Fascinuj\u00edc\u00ed cesta jazykem<\/h2>\n\n\n\n<p>Uva\u017eovali jste n\u011bkdy o studiu litev\u0161tiny nebo v\u00e1s prost\u011b zaujala jej\u00ed jedine\u010dn\u00e1 <a href=\"https:\/\/talkpal.ai\/sq\/gramatika\/\">gramatika<\/a>? Tak to si p\u0159ijdete na sv\u00e9! <a href=\"https:\/\/talkpal.ai\/lithuanian-grammar\/\">Litevsk\u00e1 gramatika<\/a> se m\u016f\u017ee na prvn\u00ed pohled zd\u00e1t zvl\u00e1\u0161tn\u00ed, ale nenechte se m\u00fdlit \u2013 je uk\u00e1zkou vynikaj\u00edc\u00ed lingvistick\u00e9 logiky. V tomto \u010dl\u00e1nku se sezn\u00e1m\u00edme s r\u016fzn\u00fdmi aspekty litevsk\u00e9 gramatiky a umo\u017en\u00edme v\u00e1m ocenit jej\u00ed kouzlo.<\/p>\n\n\n\n<p>Nejprve stru\u010dn\u00e9 pozad\u00ed: <a href=\"https:\/\/talkpal.ai\/learn-lithuanian\/\">litev\u0161tina<\/a> je baltsk\u00fd jazyk, kter\u00fdm se mluv\u00ed p\u0159edev\u0161\u00edm v Litv\u011b, ale setk\u00e1v\u00e1me se s n\u00edm i v sousedn\u00edch zem\u00edch. Jako jeden z nejstar\u0161\u00edch \u017eij\u00edc\u00edch indoevropsk\u00fdch jazyk\u016f si zachov\u00e1v\u00e1 archaick\u00e9 rysy, co\u017e umo\u017e\u0148uje nahl\u00e9dnout do v\u00fdvoje dal\u0161\u00edch jazyk\u016f v r\u00e1mci jazykov\u00e9 rodiny. D\u00edky tomuto historick\u00e9mu v\u00fdznamu je litev\u0161tina obzvl\u00e1\u0161t\u011b podmaniv\u00e1 pro milovn\u00edky jazyk\u016f.<\/p>\n\n\n\n<p>Nyn\u00ed se v\u011bnujme n\u011bkter\u00fdm kl\u00ed\u010dov\u00fdm aspekt\u016fm litevsk\u00e9 gramatiky.<\/p>\n\n\n\n<h3 class=\"wp-block-heading\" id=\"h-1-nouns-cases-and-declensions\">1. Podstatn\u00e1 jm\u00e9na, p\u00e1dy a sklo\u0148ov\u00e1n\u00ed<\/h3>\n\n\n\n<p>Jedn\u00edm z nejv\u00fdznamn\u011bj\u0161\u00edch rys\u016f litevsk\u00e9 gramatiky je jej\u00ed slo\u017eit\u00fd syst\u00e9m p\u00e1d\u016f. Podstatn\u00e1 jm\u00e9na maj\u00ed r\u016fzn\u00e9 tvary v z\u00e1vislosti na jejich funkci ve v\u011bt\u011b a na tom, zda odr\u00e1\u017eej\u00ed podm\u011bt, p\u0159edm\u011bt nebo p\u0159\u00edjemce d\u011bje. Litev\u0161tina m\u00e1 sedm p\u00e1d\u016f: nominativ, genitiv, dativ, akuzativ, instrument\u00e1l, lok\u00e1l a vokativ.<\/p>\n\n\n\n<p>Vezm\u011bme si jako p\u0159\u00edklad podstatn\u00e9 jm\u00e9no &#8222;d\u00edt\u011b&#8220;. Podle toho, jakou roli ve v\u011bt\u011b hraje, se m\u016f\u017ee zm\u011bnit na &#8222;vaiko&#8220;, &#8222;vaikui&#8220;, &#8222;vaik\u0105&#8220; atd. Nav\u00edc jsou koncovky ovlivn\u011bny rodem podstatn\u00e9ho jm\u00e9na (mu\u017esk\u00fd nebo \u017eensk\u00fd) a d\u00e1le se d\u011bl\u00ed na deklinace, co\u017e \u010din\u00ed jazyk je\u0161t\u011b univerz\u00e1ln\u011bj\u0161\u00edm.<\/p>\n\n\n\n<h3 class=\"wp-block-heading\" id=\"h-2-verb-conjugation-and-tenses\">2. \u010casov\u00e1n\u00ed sloves a \u010das\u016f<\/h3>\n\n\n\n<p>Litevsk\u00e1 slovesa m\u011bn\u00ed koncovky v z\u00e1vislosti na osob\u011b a \u010d\u00edsle (jednotn\u00e9m nebo mno\u017en\u00e9m \u010d\u00edsle) podm\u011btu. Nap\u0159\u00edklad sloveso &#8222;eiti&#8220; (j\u00edt) se m\u016f\u017ee zm\u011bnit na &#8222;einu&#8220; (jdu), &#8222;einate&#8220; (ty &#8211; mno\u017en\u00e9 \u010d\u00edslo &#8211; jde\u0161), &#8222;eina&#8220; (oni jdou) a dal\u0161\u00ed tvary.<\/p>\n\n\n\n<p>Litev\u0161tina m\u00e1 \u010dty\u0159i hlavn\u00ed \u010dasy: p\u0159\u00edtomn\u00fd, minul\u00fd, minul\u00fd iterativn\u00ed a budouc\u00ed. Zaj\u00edmav\u00e9 je, \u017ee jazyk obsahuje tak\u00e9 vidov\u00e9 zna\u010dky: perfektivn\u00ed a nedokonav\u00e9. Tyto zna\u010dky poskytuj\u00ed dal\u0161\u00ed informace o tom, zda je akce dokon\u010dena nebo prob\u00edh\u00e1. Nap\u0159\u00edklad &#8222;ne\u0161ti&#8220; (n\u00e9st &#8211; imperfektivum) versus &#8222;nat&#8220; (n\u00e9st &#8211; perfektivum).<\/p>\n\n\n\n<h3 class=\"wp-block-heading\" id=\"h-3-sentence-structure-and-word-order\">3. V\u011btn\u00e1 stavba a slovosled<\/h3>\n\n\n\n<p>A\u010dkoli se litev\u0161tina obecn\u011b \u0159\u00edd\u00ed slovosledem SVO (podm\u011bt-sloveso-objekt), jej\u00ed p\u00e1dov\u00fd syst\u00e9m umo\u017e\u0148uje zna\u010dnou flexibilitu. Na rozd\u00edl od angli\u010dtiny, kde po\u0159ad\u00ed slov obvykle ur\u010duje v\u00fdznam v\u011bty, v litev\u0161tin\u011b p\u0159esouv\u00e1n\u00ed slov v\u00fdznam nem\u011bn\u00ed. Nap\u0159\u00edklad &#8222;kat\u0117 valgo \u017euv\u012f&#8220; (ko\u010dka j\u00ed rybu) m\u016f\u017ee b\u00fdt tak\u00e9 &#8222;\u017euv\u012f valgo kat\u0117&#8220;, ani\u017e by se ztratil nebo zm\u011bnil jeho v\u00fdznam.<\/p>\n\n\n\n<p>Tato flexibilita v\u00e1m umo\u017e\u0148uje hr\u00e1t si se strukturou v\u011bt, zd\u016fraz\u0148ovat ur\u010dit\u00e9 prvky nebo vytv\u00e1\u0159et nuance, jak se v jazyce zdokonalujete.<\/p>\n\n\n\n<h3 class=\"wp-block-heading\" id=\"h-4-adjectives-adverbs-and-agreement-rules\">4. P\u0159\u00eddavn\u00e1 jm\u00e9na, p\u0159\u00edslovce a pravidla shody<\/h3>\n\n\n\n<p>Stejn\u011b jako v mnoha jin\u00fdch jazyc\u00edch i v litev\u0161tin\u011b p\u0159\u00eddavn\u00e1 jm\u00e9na a p\u0159\u00edslovce popisuj\u00ed podstatn\u00e1 jm\u00e9na a slovesa, ale \u0159\u00edd\u00ed se tak\u00e9 specifick\u00fdmi pravidly shody. Zejm\u00e9na p\u0159\u00eddavn\u00e1 jm\u00e9na mus\u00ed souhlasit s podstatn\u00fdm jm\u00e9nem, kter\u00e9 modifikuj\u00ed v p\u00e1du, rodu a \u010d\u00edsle. Jakmile pochop\u00edte p\u00e1dy podstatn\u00fdch jmen a \u010dasov\u00e1n\u00ed sloves, budou tato pravidla p\u0159irozen\u011bj\u0161\u00ed.<\/p>\n\n\n\n<p>Tak co, jste p\u0159ipraveni pono\u0159it se do litevsk\u00e9 gramatiky? S vytrvalost\u00ed, ob\u011btavost\u00ed a spr\u00e1vn\u00fdmi zdroji je v\u00fduka litev\u0161tiny \u2013 bohat\u00e9 na historii a kulturn\u00ed d\u011bdictv\u00ed \u2013 nesm\u00edrn\u011b obohacuj\u00edc\u00ed zku\u0161enost\u00ed. \u0158e\u0161te jazyk krok za krokem, d\u016fsledn\u011b procvi\u010dujte a z\u016fsta\u0148te otev\u0159en\u00ed u\u010dit se ze sv\u00fdch chyb. S\u0117km\u0117s! (Hodn\u011b \u0161t\u011bst\u00ed!)<\/p>\n<\/div><\/div>\n\r\n<section class=\"learnNavigationSection\">\r\n            \r\n        <a href=\"https:\/\/talkpal.ai\/cs\/naucte-se-litevsky\/\">\r\n            <div class=\"learnNavigationWrapper\">\r\n                <div class=\"learnNavigationContent\">\r\n                    <img decoding=\"async\" src=\"https:\/\/talkpal.ai\/wp-content\/uploads\/2024\/08\/Lithuanian.jpg\" alt=\"Lithuanian Flag\">\r\n                    <div>\r\n                        <h4>O v\u00fduce litev\u0161tiny<\/h4>\r\n                        <p>Zjist\u011bte v\u0161e o litevsk\u00e9 gramatice.<\/p>\r\n                    <\/div>\r\n                <\/div>\r\n            <\/div>\r\n        <\/a>\r\n\r\n        \r\n        <a href=\"https:\/\/talkpal.ai\/cs\/cviceni-z-litevske-gramatiky\/\">\r\n            <div class=\"learnNavigationWrapper\">\r\n                <div class=\"learnNavigationContent\">\r\n                    <img decoding=\"async\" src=\"https:\/\/talkpal.ai\/wp-content\/uploads\/2024\/08\/Lithuanian.jpg\" alt=\"Lithuanian Flag\">\r\n                    <div>\r\n                        <h4>Cvi\u010den\u00ed z litevsk\u00e9 gramatiky<\/h4>\r\n                        <p>Procvi\u010dte si litevskou gramatiku.<\/p>\r\n                    <\/div>\r\n                <\/div>\r\n            <\/div>\r\n        <\/a>\r\n\r\n        \r\n        <a href=\"https:\/\/talkpal.ai\/vocabulary_language\/lithuanian\/\">\r\n            <div class=\"learnNavigationWrapper\">\r\n                <div class=\"learnNavigationContent\">\r\n                    <img decoding=\"async\" src=\"https:\/\/talkpal.ai\/wp-content\/uploads\/2024\/08\/Lithuanian.jpg\" alt=\"Lithuanian Flag\">\r\n                    <div>\r\n                        <h4>Litevsk\u00e1 slovn\u00ed z\u00e1soba<\/h4>\r\n                        <p>Roz\u0161i\u0159te si slovn\u00ed z\u00e1sobu litev\u0161tiny.<\/p>\r\n                    <\/div>\r\n                <\/div>\r\n            <\/div>\r\n        <\/a>\r\n\r\n            <\/section>","protected":false},"excerpt":{"rendered":"<p>Litevsk\u00e1 gramatika: Fascinuj\u00edc\u00ed cesta jazykem Uva\u017eovali jste n\u011bkdy o studiu litev\u0161tiny nebo v\u00e1s prost\u011b zaujala jej\u00ed jedine\u010dn\u00e1 gramatika? Tak to si p\u0159ijdete na sv\u00e9! Litevsk\u00e1 gramatika se m\u016f\u017ee na prvn\u00ed pohled zd\u00e1t zvl\u00e1\u0161tn\u00ed, ale nenechte se m\u00fdlit \u2013 je uk\u00e1zkou vynikaj\u00edc\u00ed lingvistick\u00e9 logiky. V tomto \u010dl\u00e1nku se sezn\u00e1m\u00edme s r\u016fzn\u00fdmi aspekty litevsk\u00e9 gramatiky a umo\u017en\u00edme [&hellip;]<\/p>\n","protected":false},"author":1,"featured_media":114826,"parent":0,"menu_order":0,"comment_status":"closed","ping_status":"closed","template":"LearningContentPage.php","meta":{"_acf_changed":false,"footnotes":""},"class_list":["post-146233","page","type-page","status-publish","has-post-thumbnail","hentry"],"acf":[],"yoast_head":"<!-- This site is optimized with the Yoast SEO Premium plugin v27.2 (Yoast SEO v27.2) - https:\/\/yoast.com\/product\/yoast-seo-premium-wordpress\/ -->\n<title>Litevsk\u00e1 gramatika - Talkpal<\/title>\n<meta name=\"description\" content=\"Zjist\u011bte, jak litevsk\u00e1 gramatika odr\u00e1\u017e\u00ed historick\u00e9 bohatstv\u00ed a logiku, co\u017e z n\u00ed \u010din\u00ed ide\u00e1ln\u00ed studium pro milovn\u00edky jazyka.\" \/>\n<meta name=\"robots\" content=\"index, follow, max-snippet:-1, max-image-preview:large, max-video-preview:-1\" \/>\n<link rel=\"canonical\" href=\"https:\/\/talkpal.ai\/cs\/litevska-gramatika\/\" \/>\n<meta property=\"og:locale\" content=\"cs_CZ\" \/>\n<meta property=\"og:type\" content=\"article\" \/>\n<meta property=\"og:title\" content=\"Litevsk\u00e1 gramatika\" \/>\n<meta property=\"og:description\" content=\"Litevsk\u00e1 gramatika: Fascinuj\u00edc\u00ed cesta jazykem Uva\u017eovali jste n\u011bkdy o studiu litev\u0161tiny nebo v\u00e1s prost\u011b zaujala jej\u00ed jedine\u010dn\u00e1 gramatika? Tak to si\" \/>\n<meta property=\"og:url\" content=\"https:\/\/talkpal.ai\/cs\/litevska-gramatika\/\" \/>\n<meta property=\"og:site_name\" content=\"Talkpal\" \/>\n<meta property=\"article:publisher\" content=\"https:\/\/www.facebook.com\/profile.php?id=100090733639311\" \/>\n<meta property=\"article:modified_time\" content=\"2025-12-12T10:52:17+00:00\" \/>\n<meta property=\"og:image\" content=\"https:\/\/talkpal.ai\/wp-content\/uploads\/2023\/05\/Lithuanian.png\" \/>\n\t<meta property=\"og:image:width\" content=\"512\" \/>\n\t<meta property=\"og:image:height\" content=\"512\" \/>\n\t<meta property=\"og:image:type\" content=\"image\/png\" \/>\n<meta name=\"twitter:card\" content=\"summary_large_image\" \/>\n<meta name=\"twitter:site\" content=\"@talkpalai\" \/>\n<meta name=\"twitter:label1\" content=\"Odhadovan\u00e1 doba \u010dten\u00ed\" \/>\n\t<meta name=\"twitter:data1\" content=\"3 minuty\" \/>\n<script type=\"application\/ld+json\" class=\"yoast-schema-graph\">{\"@context\":\"https:\/\/schema.org\",\"@graph\":[{\"@type\":\"WebPage\",\"@id\":\"https:\/\/talkpal.ai\/cs\/litevska-gramatika\/\",\"url\":\"https:\/\/talkpal.ai\/cs\/litevska-gramatika\/\",\"name\":\"Litevsk\u00e1 gramatika - Talkpal\",\"isPartOf\":{\"@id\":\"https:\/\/talkpal.ai\/cs\/#website\"},\"primaryImageOfPage\":{\"@id\":\"https:\/\/talkpal.ai\/cs\/litevska-gramatika\/#primaryimage\"},\"image\":{\"@id\":\"https:\/\/talkpal.ai\/cs\/litevska-gramatika\/#primaryimage\"},\"thumbnailUrl\":\"https:\/\/talkpal.ai\/wp-content\/uploads\/2023\/05\/Lithuanian.png\",\"datePublished\":\"2023-05-14T14:10:42+00:00\",\"dateModified\":\"2025-12-12T10:52:17+00:00\",\"description\":\"Zjist\u011bte, jak litevsk\u00e1 gramatika odr\u00e1\u017e\u00ed historick\u00e9 bohatstv\u00ed a logiku, co\u017e z n\u00ed \u010din\u00ed ide\u00e1ln\u00ed studium pro milovn\u00edky jazyka.\",\"breadcrumb\":{\"@id\":\"https:\/\/talkpal.ai\/cs\/litevska-gramatika\/#breadcrumb\"},\"inLanguage\":\"cs\",\"potentialAction\":[{\"@type\":\"ReadAction\",\"target\":[\"https:\/\/talkpal.ai\/cs\/litevska-gramatika\/\"]}]},{\"@type\":\"ImageObject\",\"inLanguage\":\"cs\",\"@id\":\"https:\/\/talkpal.ai\/cs\/litevska-gramatika\/#primaryimage\",\"url\":\"https:\/\/talkpal.ai\/wp-content\/uploads\/2023\/05\/Lithuanian.png\",\"contentUrl\":\"https:\/\/talkpal.ai\/wp-content\/uploads\/2023\/05\/Lithuanian.png\",\"width\":512,\"height\":512},{\"@type\":\"BreadcrumbList\",\"@id\":\"https:\/\/talkpal.ai\/cs\/litevska-gramatika\/#breadcrumb\",\"itemListElement\":[{\"@type\":\"ListItem\",\"position\":1,\"name\":\"Homepage\",\"item\":\"https:\/\/talkpal.ai\/cs\/\"},{\"@type\":\"ListItem\",\"position\":2,\"name\":\"Litevsk\u00e1 gramatika\"}]},{\"@type\":\"WebSite\",\"@id\":\"https:\/\/talkpal.ai\/cs\/#website\",\"url\":\"https:\/\/talkpal.ai\/cs\/\",\"name\":\"Talkpal\",\"description\":\"AI Language Learning\",\"publisher\":{\"@id\":\"https:\/\/talkpal.ai\/cs\/#organization\"},\"alternateName\":\"Talkpal AI\",\"potentialAction\":[{\"@type\":\"SearchAction\",\"target\":{\"@type\":\"EntryPoint\",\"urlTemplate\":\"https:\/\/talkpal.ai\/cs\/?s={search_term_string}\"},\"query-input\":{\"@type\":\"PropertyValueSpecification\",\"valueRequired\":true,\"valueName\":\"search_term_string\"}}],\"inLanguage\":\"cs\"},{\"@type\":\"Organization\",\"@id\":\"https:\/\/talkpal.ai\/cs\/#organization\",\"name\":\"Talkpal, Inc.\",\"alternateName\":\"Talkpal AI\",\"url\":\"https:\/\/talkpal.ai\/cs\/\",\"logo\":{\"@type\":\"ImageObject\",\"inLanguage\":\"cs\",\"@id\":\"https:\/\/talkpal.ai\/cs\/#\/schema\/logo\/image\/\",\"url\":\"https:\/\/talkpal.ai\/wp-content\/uploads\/2024\/03\/Talkpal-Logo-Icon.png\",\"contentUrl\":\"https:\/\/talkpal.ai\/wp-content\/uploads\/2024\/03\/Talkpal-Logo-Icon.png\",\"width\":2880,\"height\":2880,\"caption\":\"Talkpal, Inc.\"},\"image\":{\"@id\":\"https:\/\/talkpal.ai\/cs\/#\/schema\/logo\/image\/\"},\"sameAs\":[\"https:\/\/www.facebook.com\/profile.php?id=100090733639311\",\"https:\/\/x.com\/talkpalai\",\"https:\/\/www.linkedin.com\/company\/talkpal\/\",\"https:\/\/www.youtube.com\/@TalkPal\/\",\"https:\/\/www.tiktok.com\/@talkpal\",\"https:\/\/www.instagram.com\/talkpal_ai\/\",\"https:\/\/www.crunchbase.com\/organization\/talkpal-9cde\",\"https:\/\/www.g2.com\/products\/talkpal-for-business\/\",\"https:\/\/www.trustpilot.com\/review\/talkpal.ai\",\"https:\/\/www.capterra.com\/p\/10006800\/TalkPal\/\"],\"description\":\"Talkpal is a language learning web and mobile education app, powered by the latest AI technologies, that provides engaging experiences to its customers in many different languages to help them improve their language skills. Users can chat about unlimited amount of topics with the app and use other modes to practice their language learning.\",\"email\":\"support@talkpal.ai\",\"legalName\":\"Talkpal, Inc.\",\"foundingDate\":\"2023-04-03\",\"duns\":\"118989042\",\"numberOfEmployees\":{\"@type\":\"QuantitativeValue\",\"minValue\":\"11\",\"maxValue\":\"50\"},\"publishingPrinciples\":\"https:\/\/talkpal.ai\/publishing-principles\/\",\"actionableFeedbackPolicy\":\"https:\/\/talkpal.ai\/actionable-feedback-policy\/\",\"correctionsPolicy\":\"https:\/\/talkpal.ai\/corrections-policy\/\",\"ethicsPolicy\":\"https:\/\/talkpal.ai\/ethics-policy\/\",\"diversityPolicy\":\"https:\/\/talkpal.ai\/diversity-policy\/\",\"diversityStaffingReport\":\"https:\/\/talkpal.ai\/diversity-policy\/\"}]}<\/script>\n<!-- \/ Yoast SEO Premium plugin. -->","yoast_head_json":{"title":"Litevsk\u00e1 gramatika - Talkpal","description":"Zjist\u011bte, jak litevsk\u00e1 gramatika odr\u00e1\u017e\u00ed historick\u00e9 bohatstv\u00ed a logiku, co\u017e z n\u00ed \u010din\u00ed ide\u00e1ln\u00ed studium pro milovn\u00edky jazyka.","robots":{"index":"index","follow":"follow","max-snippet":"max-snippet:-1","max-image-preview":"max-image-preview:large","max-video-preview":"max-video-preview:-1"},"canonical":"https:\/\/talkpal.ai\/cs\/litevska-gramatika\/","og_locale":"cs_CZ","og_type":"article","og_title":"Litevsk\u00e1 gramatika","og_description":"Litevsk\u00e1 gramatika: Fascinuj\u00edc\u00ed cesta jazykem Uva\u017eovali jste n\u011bkdy o studiu litev\u0161tiny nebo v\u00e1s prost\u011b zaujala jej\u00ed jedine\u010dn\u00e1 gramatika? Tak to si","og_url":"https:\/\/talkpal.ai\/cs\/litevska-gramatika\/","og_site_name":"Talkpal","article_publisher":"https:\/\/www.facebook.com\/profile.php?id=100090733639311","article_modified_time":"2025-12-12T10:52:17+00:00","og_image":[{"width":512,"height":512,"url":"https:\/\/talkpal.ai\/wp-content\/uploads\/2023\/05\/Lithuanian.png","type":"image\/png"}],"twitter_card":"summary_large_image","twitter_site":"@talkpalai","twitter_misc":{"Odhadovan\u00e1 doba \u010dten\u00ed":"3 minuty"},"schema":{"@context":"https:\/\/schema.org","@graph":[{"@type":"WebPage","@id":"https:\/\/talkpal.ai\/cs\/litevska-gramatika\/","url":"https:\/\/talkpal.ai\/cs\/litevska-gramatika\/","name":"Litevsk\u00e1 gramatika - Talkpal","isPartOf":{"@id":"https:\/\/talkpal.ai\/cs\/#website"},"primaryImageOfPage":{"@id":"https:\/\/talkpal.ai\/cs\/litevska-gramatika\/#primaryimage"},"image":{"@id":"https:\/\/talkpal.ai\/cs\/litevska-gramatika\/#primaryimage"},"thumbnailUrl":"https:\/\/talkpal.ai\/wp-content\/uploads\/2023\/05\/Lithuanian.png","datePublished":"2023-05-14T14:10:42+00:00","dateModified":"2025-12-12T10:52:17+00:00","description":"Zjist\u011bte, jak litevsk\u00e1 gramatika odr\u00e1\u017e\u00ed historick\u00e9 bohatstv\u00ed a logiku, co\u017e z n\u00ed \u010din\u00ed ide\u00e1ln\u00ed studium pro milovn\u00edky jazyka.","breadcrumb":{"@id":"https:\/\/talkpal.ai\/cs\/litevska-gramatika\/#breadcrumb"},"inLanguage":"cs","potentialAction":[{"@type":"ReadAction","target":["https:\/\/talkpal.ai\/cs\/litevska-gramatika\/"]}]},{"@type":"ImageObject","inLanguage":"cs","@id":"https:\/\/talkpal.ai\/cs\/litevska-gramatika\/#primaryimage","url":"https:\/\/talkpal.ai\/wp-content\/uploads\/2023\/05\/Lithuanian.png","contentUrl":"https:\/\/talkpal.ai\/wp-content\/uploads\/2023\/05\/Lithuanian.png","width":512,"height":512},{"@type":"BreadcrumbList","@id":"https:\/\/talkpal.ai\/cs\/litevska-gramatika\/#breadcrumb","itemListElement":[{"@type":"ListItem","position":1,"name":"Homepage","item":"https:\/\/talkpal.ai\/cs\/"},{"@type":"ListItem","position":2,"name":"Litevsk\u00e1 gramatika"}]},{"@type":"WebSite","@id":"https:\/\/talkpal.ai\/cs\/#website","url":"https:\/\/talkpal.ai\/cs\/","name":"Talkpal","description":"AI Language Learning","publisher":{"@id":"https:\/\/talkpal.ai\/cs\/#organization"},"alternateName":"Talkpal AI","potentialAction":[{"@type":"SearchAction","target":{"@type":"EntryPoint","urlTemplate":"https:\/\/talkpal.ai\/cs\/?s={search_term_string}"},"query-input":{"@type":"PropertyValueSpecification","valueRequired":true,"valueName":"search_term_string"}}],"inLanguage":"cs"},{"@type":"Organization","@id":"https:\/\/talkpal.ai\/cs\/#organization","name":"Talkpal, Inc.","alternateName":"Talkpal AI","url":"https:\/\/talkpal.ai\/cs\/","logo":{"@type":"ImageObject","inLanguage":"cs","@id":"https:\/\/talkpal.ai\/cs\/#\/schema\/logo\/image\/","url":"https:\/\/talkpal.ai\/wp-content\/uploads\/2024\/03\/Talkpal-Logo-Icon.png","contentUrl":"https:\/\/talkpal.ai\/wp-content\/uploads\/2024\/03\/Talkpal-Logo-Icon.png","width":2880,"height":2880,"caption":"Talkpal, Inc."},"image":{"@id":"https:\/\/talkpal.ai\/cs\/#\/schema\/logo\/image\/"},"sameAs":["https:\/\/www.facebook.com\/profile.php?id=100090733639311","https:\/\/x.com\/talkpalai","https:\/\/www.linkedin.com\/company\/talkpal\/","https:\/\/www.youtube.com\/@TalkPal\/","https:\/\/www.tiktok.com\/@talkpal","https:\/\/www.instagram.com\/talkpal_ai\/","https:\/\/www.crunchbase.com\/organization\/talkpal-9cde","https:\/\/www.g2.com\/products\/talkpal-for-business\/","https:\/\/www.trustpilot.com\/review\/talkpal.ai","https:\/\/www.capterra.com\/p\/10006800\/TalkPal\/"],"description":"Talkpal is a language learning web and mobile education app, powered by the latest AI technologies, that provides engaging experiences to its customers in many different languages to help them improve their language skills. Users can chat about unlimited amount of topics with the app and use other modes to practice their language learning.","email":"support@talkpal.ai","legalName":"Talkpal, Inc.","foundingDate":"2023-04-03","duns":"118989042","numberOfEmployees":{"@type":"QuantitativeValue","minValue":"11","maxValue":"50"},"publishingPrinciples":"https:\/\/talkpal.ai\/publishing-principles\/","actionableFeedbackPolicy":"https:\/\/talkpal.ai\/actionable-feedback-policy\/","correctionsPolicy":"https:\/\/talkpal.ai\/corrections-policy\/","ethicsPolicy":"https:\/\/talkpal.ai\/ethics-policy\/","diversityPolicy":"https:\/\/talkpal.ai\/diversity-policy\/","diversityStaffingReport":"https:\/\/talkpal.ai\/diversity-policy\/"}]}},"_links":{"self":[{"href":"https:\/\/talkpal.ai\/cs\/wp-json\/wp\/v2\/pages\/146233","targetHints":{"allow":["GET"]}}],"collection":[{"href":"https:\/\/talkpal.ai\/cs\/wp-json\/wp\/v2\/pages"}],"about":[{"href":"https:\/\/talkpal.ai\/cs\/wp-json\/wp\/v2\/types\/page"}],"author":[{"embeddable":true,"href":"https:\/\/talkpal.ai\/cs\/wp-json\/wp\/v2\/users\/1"}],"replies":[{"embeddable":true,"href":"https:\/\/talkpal.ai\/cs\/wp-json\/wp\/v2\/comments?post=146233"}],"version-history":[{"count":0,"href":"https:\/\/talkpal.ai\/cs\/wp-json\/wp\/v2\/pages\/146233\/revisions"}],"wp:featuredmedia":[{"embeddable":true,"href":"https:\/\/talkpal.ai\/cs\/wp-json\/wp\/v2\/media\/114826"}],"wp:attachment":[{"href":"https:\/\/talkpal.ai\/cs\/wp-json\/wp\/v2\/media?parent=146233"}],"curies":[{"name":"wp","href":"https:\/\/api.w.org\/{rel}","templated":true}]}}