{"id":1462034,"date":"2025-10-22T19:55:16","date_gmt":"2025-10-22T19:55:16","guid":{"rendered":"https:\/\/talkpal.ai\/talkpal-sleva-pro-ucitele\/"},"modified":"2026-01-22T14:59:58","modified_gmt":"2026-01-22T14:59:58","slug":"talkpal-sleva-pro-ucitele","status":"publish","type":"page","link":"https:\/\/talkpal.ai\/cs\/talkpal-sleva-pro-ucitele\/","title":{"rendered":"Talkpal sleva pro u\u010ditele"},"content":{"rendered":"<section class=\"languageChallengeSection\">\r\n    <div class=\"languageInfoWrapper\">\r\n        \r\n        <h1>Talkpal sleva pro u\u010ditele<\/h1>\r\n        <p>Jste u\u010ditel a chcete pos\u00edlit sv\u00e9 vlastn\u00ed jazykov\u00e9 dovednosti? Talkpal nab\u00edz\u00ed exkluzivn\u00ed u\u010ditelskou slevu 79 %, kter\u00e1 v\u00e1m pom\u016f\u017ee u\u010dit se rychleji a chyt\u0159eji. Odemkn\u011bte v\u0161echny pr\u00e9miov\u00e9 funkce, procvi\u010dte si skute\u010dn\u00e9 konverzace s um\u011blou inteligenc\u00ed a vybudujte si plynulost \u2013 za polovi\u010dn\u00ed cenu.<\/p>\r\n\r\n                    <a class=\"getStartedHidden\" href=\"https:\/\/app.talkpal.ai\/signup?discount=50\">\r\n                Z\u00edskat slevu            <\/a>\r\n            <\/div>\r\n\r\n            <figure>\r\n            <img decoding=\"async\" class=\"no-lazy\" src=\"https:\/\/talkpal.ai\/wp-content\/uploads\/2026\/01\/curly-girl-with-phone-yellow-background.webp\" alt=\"\" fetchpriority=\"high\" \/>\r\n        <\/figure>\r\n        \r\n                    <a class=\"getStartedVisible\" href=\"https:\/\/app.talkpal.ai\/signup?discount=50\">\r\n                Z\u00edskat slevu            <\/a>\r\n        <\/section><section class=\"featureSection\">\r\n    <div class=\"featureIntroduce\">\r\n        <a class=\"introduceLink\" href=\"https:\/\/app.talkpal.ai\/cs\/signup?lng=\">\r\n            <img decoding=\"async\" src=\"https:\/\/talkpal.ai\/wp-content\/themes\/talkpal\/assets\/img\/Sparkle.svg\" alt=\"\" \/>nejpokro\u010dilej\u0161\u00ed\n  Um\u011bl\u00e1 inteligence<\/a>\r\n        <h3 class=\"featureTitle\">Rozd\u00edl v talkpalu<\/h3>\r\n    <\/div>\r\n            <div class=\"introduceWrapper\">\r\n                            <a class=\"introducCard\" href=\"https:\/\/app.talkpal.ai\/cs\/signup?lng=\">\r\n\r\n                    \r\n                                                <img decoding=\"async\" src=\"https:\/\/talkpal.ai\/wp-content\/uploads\/2025\/05\/Immersive_conversations.png\" alt=\"Immersive Conversation Screenshot\" \/>\r\n                        <h4 class=\"introduceTitle\">Personalizovan\u00e9 vzd\u011bl\u00e1v\u00e1n\u00ed<\/h4>\r\n                        <p class=\"cardText\">Ka\u017ed\u00fd u\u010ditel se u\u010d\u00ed jinak \u2013 a ka\u017ed\u00e1 cesta u\u010den\u00ed je jedine\u010dn\u00e1. Talkpal vyu\u017e\u00edv\u00e1 pokro\u010dilou um\u011blou inteligenci k anal\u00fdze toho, jak miliony student\u016f studuj\u00ed jazyky, a p\u0159izp\u016fsobuje se va\u0161emu osobn\u00edmu stylu, c\u00edl\u016fm a rozvrhu. V\u00fdsledek: personalizovan\u00e9, efektivn\u00ed a poutav\u00e9 prost\u0159ed\u00ed pro u\u010ditele, jako jste vy.<\/p>\r\n                    \r\n                <\/a>\r\n                            <a class=\"introducCard\" href=\"https:\/\/app.talkpal.ai\/cs\/signup?lng=\">\r\n\r\n                    \r\n                                                <img decoding=\"async\" src=\"https:\/\/talkpal.ai\/wp-content\/uploads\/2025\/05\/Realtime_feedback.png\" alt=\"Feedback Screenshot\" \/>\r\n                        <h4 class=\"introduceTitle\">Nejmodern\u011bj\u0161\u00ed technologie<\/h4>\r\n                        <p class=\"cardText\">Na\u0161\u00edm posl\u00e1n\u00edm je zp\u0159\u00edstupnit personalizovan\u00e9 jazykov\u00e9 vzd\u011bl\u00e1v\u00e1n\u00ed pedagog\u016fm kombinac\u00ed \u0161pi\u010dkov\u00e9 um\u011bl\u00e9 inteligence s osv\u011bd\u010den\u00fdmi v\u00fdukov\u00fdmi metodami. S Talkpal nechod\u00edte jen na lekce \u2013 n\u00e1sledujete p\u0159izp\u016fsobenou cestu, kter\u00e1 se p\u0159izp\u016fsob\u00ed va\u0161emu tempu, preferenc\u00edm a c\u00edl\u016fm.<\/p>\r\n                    \r\n                <\/a>\r\n                            <a class=\"introducCard\" href=\"https:\/\/app.talkpal.ai\/cs\/signup?lng=\">\r\n\r\n                    \r\n                                                <img decoding=\"async\" src=\"https:\/\/talkpal.ai\/wp-content\/uploads\/2025\/05\/Personalization.png\" alt=\"Personalization Screenshot\" \/>\r\n                        <h4 class=\"introduceTitle\">U\u010den\u00ed jako z\u00e1bava<\/h4>\r\n                        <p class=\"cardText\">V\u011b\u0159\u00edme, \u017ee studium jazyk\u016f by m\u011blo b\u00fdt motivuj\u00edc\u00ed a p\u0159\u00edjemn\u00e9. Proto v\u00e1s Talkpal udr\u017euje v kontaktu a inspiraci \u2013 tak\u017ee va\u0161e cvi\u010den\u00ed p\u016fsob\u00ed jako energizuj\u00edc\u00ed p\u0159est\u00e1vka, nikoli jako povinnost. P\u0159ipojte se k tis\u00edc\u016fm u\u010ditel\u016f, kte\u0159\u00ed zlep\u0161uj\u00ed sv\u00e9 vlastn\u00ed jazykov\u00e9 dovednosti pomoc\u00ed Talkpal.<\/p>\r\n                    \r\n                <\/a>\r\n                            <\/div>\r\n                     <a class=\"featureSectionLink\" href=\"https:\/\/app.talkpal.ai\/signup?discount=50\">\r\n                Z\u00edskat slevu            <\/a>\r\n                \r\n<\/section>\r\n\r\n\r\n<section class=\"smartFunSection\">\r\n            \r\n            <div class=\"smartFunCard\">\r\n                <div class=\"smartFunWrapper\"><img decoding=\"async\" src=\"https:\/\/talkpal.ai\/wp-content\/uploads\/2025\/05\/1.png\" alt=\"Learning Stats Screenshot\"><\/div>\r\n                <h3>P\u0159izp\u016fsobeno v\u00e1m<\/h3>\r\n                <p>Talkpal poskytuje relace poh\u00e1n\u011bn\u00e9 um\u011blou inteligenc\u00ed kalibrovan\u00e9 podle va\u0161\u00ed \u00farovn\u011b a tempa. Ka\u017ed\u00e1 lekce je navr\u017eena podle va\u0161ich individu\u00e1ln\u00edch pot\u0159eb a pom\u00e1h\u00e1 v\u00e1m dosahovat stabiln\u00edho a m\u011b\u0159iteln\u00e9ho pokroku \u2013 a to i p\u0159i nabit\u00e9m programu.<\/p>\r\n            <\/div>\r\n\r\n        \r\n            <div class=\"smartFunCard\">\r\n                <div class=\"smartFunWrapper\"><img decoding=\"async\" src=\"https:\/\/talkpal.ai\/wp-content\/uploads\/2025\/05\/2.png\" alt=\"Pronunciation Score Screenshot\"><\/div>\r\n                <h3>Efektivn\u00ed a \u00fa\u010dinn\u00e9<\/h3>\r\n                <p>Zdokonalte sv\u00e9 dovednosti \u010dten\u00ed, poslechu a mluven\u00ed efektivn\u011b. D\u00edky n\u00e1stroj\u016fm Talkpal je studium efektivn\u00ed a z\u00e1bavn\u00e9 pro pedagogy ze v\u0161ech prost\u0159ed\u00ed, s flexibiln\u00ed prax\u00ed, kterou m\u016f\u017eete za\u010dlenit do ka\u017ed\u00e9ho dne.<\/p>\r\n            <\/div>\r\n\r\n        \r\n            <div class=\"smartFunCard\">\r\n                <div class=\"smartFunWrapper\"><img decoding=\"async\" src=\"https:\/\/talkpal.ai\/wp-content\/uploads\/2025\/05\/3.png\" alt=\"Chat Topics Screenshot\"><\/div>\r\n                <h3>Udr\u017eujte si anga\u017eovanost<\/h3>\r\n                <p>Z\u016fsta\u0148te konzistentn\u00ed s gamifikovan\u00fdmi prvky, poutav\u00fdmi v\u00fdzvami a podn\u011btn\u00fdmi v\u00fdzvami. S Talkpal se procvi\u010dov\u00e1n\u00ed jazyk\u016f stane z\u00e1bavn\u00fdm ka\u017edodenn\u00edm zvykem \u2013 ne dal\u0161\u00edm \u00fakolem na va\u0161em seznamu \u00fakol\u016f.<\/p>\r\n            <\/div>\r\n\r\n        \r\n            <div class=\"smartFunCard\">\r\n                <div class=\"smartFunWrapper\"><img decoding=\"async\" src=\"https:\/\/talkpal.ai\/wp-content\/uploads\/2025\/05\/4.png\" alt=\"Dashboard Screenshot\"><\/div>\r\n                <h3>U\u017eijte si u\u010den\u00ed<\/h3>\r\n                <p>Zvl\u00e1dnut\u00ed nov\u00e9ho jazyka nemus\u00ed b\u00fdt zdlouhav\u00e9. Talkpal nab\u00edz\u00ed interaktivn\u00ed cvi\u010den\u00ed, \u017eiv\u00e9 postavy a dokonce i humorn\u00e9 konverzace s um\u011blou inteligenc\u00ed \u2013 d\u00edky \u010demu\u017e bude va\u0161e osobn\u00ed cesta za u\u010den\u00edm p\u0159\u00edjemn\u00e1 a inspirativn\u00ed.<\/p>\r\n            <\/div>\r\n\r\n            \r\n<\/section>\r\n\r\n<section class=\"promotionalBanner\">\r\n    <p class=\"promotionalText\">Talkpal pro u\u010ditele &#8211; Za\u010dn\u011bte se u\u010dit se zv\u00fdhodn\u011bnou cenou<\/p>\r\n                <a class=\"promotionalLink\" href=\"https:\/\/app.talkpal.ai\/signup?discount=50\">\r\n                Z\u00edskat slevu            <\/a>\r\n            \r\n<\/section>","protected":false},"excerpt":{"rendered":"","protected":false},"author":20,"featured_media":0,"parent":0,"menu_order":0,"comment_status":"closed","ping_status":"closed","template":"LearningContentPage.php","meta":{"_acf_changed":false,"footnotes":""},"class_list":["post-1462034","page","type-page","status-publish","hentry"],"acf":[],"yoast_head":"<!-- This site is optimized with the Yoast SEO Premium plugin v27.2 (Yoast SEO v27.2) - https:\/\/yoast.com\/product\/yoast-seo-premium-wordpress\/ -->\n<title>Talkpal sleva pro u\u010ditele - Talkpal<\/title>\n<meta name=\"description\" content=\"Odemkn\u011bte exkluzivn\u00ed u\u010ditelskou slevu 79 % na Talkpal Premium a ovl\u00e1dejte jazyky rychleji d\u00edky personalizovan\u00fdm lekc\u00edm AI.\" \/>\n<meta name=\"robots\" content=\"index, follow, max-snippet:-1, max-image-preview:large, max-video-preview:-1\" \/>\n<link rel=\"canonical\" href=\"https:\/\/talkpal.ai\/cs\/talkpal-sleva-pro-ucitele\/\" \/>\n<meta property=\"og:locale\" content=\"cs_CZ\" \/>\n<meta property=\"og:type\" content=\"article\" \/>\n<meta property=\"og:title\" content=\"Talkpal sleva pro u\u010ditele\" \/>\n<meta property=\"og:url\" content=\"https:\/\/talkpal.ai\/cs\/talkpal-sleva-pro-ucitele\/\" \/>\n<meta property=\"og:site_name\" content=\"Talkpal\" \/>\n<meta property=\"article:publisher\" content=\"https:\/\/www.facebook.com\/profile.php?id=100090733639311\" \/>\n<meta property=\"article:modified_time\" content=\"2026-01-22T14:59:58+00:00\" \/>\n<meta property=\"og:image\" content=\"https:\/\/talkpal.ai\/wp-content\/uploads\/2025\/02\/Progress-tab-16_9.png\" \/>\n\t<meta property=\"og:image:width\" content=\"2880\" \/>\n\t<meta property=\"og:image:height\" content=\"1620\" \/>\n\t<meta property=\"og:image:type\" content=\"image\/png\" \/>\n<meta name=\"twitter:card\" content=\"summary_large_image\" \/>\n<meta name=\"twitter:site\" content=\"@talkpalai\" \/>\n<script type=\"application\/ld+json\" class=\"yoast-schema-graph\">{\"@context\":\"https:\/\/schema.org\",\"@graph\":[{\"@type\":\"WebPage\",\"@id\":\"https:\/\/talkpal.ai\/cs\/talkpal-sleva-pro-ucitele\/\",\"url\":\"https:\/\/talkpal.ai\/cs\/talkpal-sleva-pro-ucitele\/\",\"name\":\"Talkpal sleva pro u\u010ditele - Talkpal\",\"isPartOf\":{\"@id\":\"https:\/\/talkpal.ai\/cs\/#website\"},\"datePublished\":\"2025-10-22T19:55:16+00:00\",\"dateModified\":\"2026-01-22T14:59:58+00:00\",\"description\":\"Odemkn\u011bte exkluzivn\u00ed u\u010ditelskou slevu 79 % na Talkpal Premium a ovl\u00e1dejte jazyky rychleji d\u00edky personalizovan\u00fdm lekc\u00edm AI.\",\"breadcrumb\":{\"@id\":\"https:\/\/talkpal.ai\/cs\/talkpal-sleva-pro-ucitele\/#breadcrumb\"},\"inLanguage\":\"cs\",\"potentialAction\":[{\"@type\":\"ReadAction\",\"target\":[\"https:\/\/talkpal.ai\/cs\/talkpal-sleva-pro-ucitele\/\"]}]},{\"@type\":\"BreadcrumbList\",\"@id\":\"https:\/\/talkpal.ai\/cs\/talkpal-sleva-pro-ucitele\/#breadcrumb\",\"itemListElement\":[{\"@type\":\"ListItem\",\"position\":1,\"name\":\"Homepage\",\"item\":\"https:\/\/talkpal.ai\/cs\/\"},{\"@type\":\"ListItem\",\"position\":2,\"name\":\"Talkpal sleva pro u\u010ditele\"}]},{\"@type\":\"WebSite\",\"@id\":\"https:\/\/talkpal.ai\/cs\/#website\",\"url\":\"https:\/\/talkpal.ai\/cs\/\",\"name\":\"Talkpal\",\"description\":\"AI Language Learning\",\"publisher\":{\"@id\":\"https:\/\/talkpal.ai\/cs\/#organization\"},\"alternateName\":\"Talkpal AI\",\"potentialAction\":[{\"@type\":\"SearchAction\",\"target\":{\"@type\":\"EntryPoint\",\"urlTemplate\":\"https:\/\/talkpal.ai\/cs\/?s={search_term_string}\"},\"query-input\":{\"@type\":\"PropertyValueSpecification\",\"valueRequired\":true,\"valueName\":\"search_term_string\"}}],\"inLanguage\":\"cs\"},{\"@type\":\"Organization\",\"@id\":\"https:\/\/talkpal.ai\/cs\/#organization\",\"name\":\"Talkpal, Inc.\",\"alternateName\":\"Talkpal AI\",\"url\":\"https:\/\/talkpal.ai\/cs\/\",\"logo\":{\"@type\":\"ImageObject\",\"inLanguage\":\"cs\",\"@id\":\"https:\/\/talkpal.ai\/cs\/#\/schema\/logo\/image\/\",\"url\":\"https:\/\/talkpal.ai\/wp-content\/uploads\/2024\/03\/Talkpal-Logo-Icon.png\",\"contentUrl\":\"https:\/\/talkpal.ai\/wp-content\/uploads\/2024\/03\/Talkpal-Logo-Icon.png\",\"width\":2880,\"height\":2880,\"caption\":\"Talkpal, Inc.\"},\"image\":{\"@id\":\"https:\/\/talkpal.ai\/cs\/#\/schema\/logo\/image\/\"},\"sameAs\":[\"https:\/\/www.facebook.com\/profile.php?id=100090733639311\",\"https:\/\/x.com\/talkpalai\",\"https:\/\/www.linkedin.com\/company\/talkpal\/\",\"https:\/\/www.youtube.com\/@TalkPal\/\",\"https:\/\/www.tiktok.com\/@talkpal\",\"https:\/\/www.instagram.com\/talkpal_ai\/\",\"https:\/\/www.crunchbase.com\/organization\/talkpal-9cde\",\"https:\/\/www.g2.com\/products\/talkpal-for-business\/\",\"https:\/\/www.trustpilot.com\/review\/talkpal.ai\",\"https:\/\/www.capterra.com\/p\/10006800\/TalkPal\/\"],\"description\":\"Talkpal is a language learning web and mobile education app, powered by the latest AI technologies, that provides engaging experiences to its customers in many different languages to help them improve their language skills. Users can chat about unlimited amount of topics with the app and use other modes to practice their language learning.\",\"email\":\"support@talkpal.ai\",\"legalName\":\"Talkpal, Inc.\",\"foundingDate\":\"2023-04-03\",\"duns\":\"118989042\",\"numberOfEmployees\":{\"@type\":\"QuantitativeValue\",\"minValue\":\"11\",\"maxValue\":\"50\"},\"publishingPrinciples\":\"https:\/\/talkpal.ai\/publishing-principles\/\",\"actionableFeedbackPolicy\":\"https:\/\/talkpal.ai\/actionable-feedback-policy\/\",\"correctionsPolicy\":\"https:\/\/talkpal.ai\/corrections-policy\/\",\"ethicsPolicy\":\"https:\/\/talkpal.ai\/ethics-policy\/\",\"diversityPolicy\":\"https:\/\/talkpal.ai\/diversity-policy\/\",\"diversityStaffingReport\":\"https:\/\/talkpal.ai\/diversity-policy\/\"}]}<\/script>\n<!-- \/ Yoast SEO Premium plugin. -->","yoast_head_json":{"title":"Talkpal sleva pro u\u010ditele - Talkpal","description":"Odemkn\u011bte exkluzivn\u00ed u\u010ditelskou slevu 79 % na Talkpal Premium a ovl\u00e1dejte jazyky rychleji d\u00edky personalizovan\u00fdm lekc\u00edm AI.","robots":{"index":"index","follow":"follow","max-snippet":"max-snippet:-1","max-image-preview":"max-image-preview:large","max-video-preview":"max-video-preview:-1"},"canonical":"https:\/\/talkpal.ai\/cs\/talkpal-sleva-pro-ucitele\/","og_locale":"cs_CZ","og_type":"article","og_title":"Talkpal sleva pro u\u010ditele","og_url":"https:\/\/talkpal.ai\/cs\/talkpal-sleva-pro-ucitele\/","og_site_name":"Talkpal","article_publisher":"https:\/\/www.facebook.com\/profile.php?id=100090733639311","article_modified_time":"2026-01-22T14:59:58+00:00","og_image":[{"width":2880,"height":1620,"url":"https:\/\/talkpal.ai\/wp-content\/uploads\/2025\/02\/Progress-tab-16_9.png","type":"image\/png"}],"twitter_card":"summary_large_image","twitter_site":"@talkpalai","schema":{"@context":"https:\/\/schema.org","@graph":[{"@type":"WebPage","@id":"https:\/\/talkpal.ai\/cs\/talkpal-sleva-pro-ucitele\/","url":"https:\/\/talkpal.ai\/cs\/talkpal-sleva-pro-ucitele\/","name":"Talkpal sleva pro u\u010ditele - Talkpal","isPartOf":{"@id":"https:\/\/talkpal.ai\/cs\/#website"},"datePublished":"2025-10-22T19:55:16+00:00","dateModified":"2026-01-22T14:59:58+00:00","description":"Odemkn\u011bte exkluzivn\u00ed u\u010ditelskou slevu 79 % na Talkpal Premium a ovl\u00e1dejte jazyky rychleji d\u00edky personalizovan\u00fdm lekc\u00edm AI.","breadcrumb":{"@id":"https:\/\/talkpal.ai\/cs\/talkpal-sleva-pro-ucitele\/#breadcrumb"},"inLanguage":"cs","potentialAction":[{"@type":"ReadAction","target":["https:\/\/talkpal.ai\/cs\/talkpal-sleva-pro-ucitele\/"]}]},{"@type":"BreadcrumbList","@id":"https:\/\/talkpal.ai\/cs\/talkpal-sleva-pro-ucitele\/#breadcrumb","itemListElement":[{"@type":"ListItem","position":1,"name":"Homepage","item":"https:\/\/talkpal.ai\/cs\/"},{"@type":"ListItem","position":2,"name":"Talkpal sleva pro u\u010ditele"}]},{"@type":"WebSite","@id":"https:\/\/talkpal.ai\/cs\/#website","url":"https:\/\/talkpal.ai\/cs\/","name":"Talkpal","description":"AI Language Learning","publisher":{"@id":"https:\/\/talkpal.ai\/cs\/#organization"},"alternateName":"Talkpal AI","potentialAction":[{"@type":"SearchAction","target":{"@type":"EntryPoint","urlTemplate":"https:\/\/talkpal.ai\/cs\/?s={search_term_string}"},"query-input":{"@type":"PropertyValueSpecification","valueRequired":true,"valueName":"search_term_string"}}],"inLanguage":"cs"},{"@type":"Organization","@id":"https:\/\/talkpal.ai\/cs\/#organization","name":"Talkpal, Inc.","alternateName":"Talkpal AI","url":"https:\/\/talkpal.ai\/cs\/","logo":{"@type":"ImageObject","inLanguage":"cs","@id":"https:\/\/talkpal.ai\/cs\/#\/schema\/logo\/image\/","url":"https:\/\/talkpal.ai\/wp-content\/uploads\/2024\/03\/Talkpal-Logo-Icon.png","contentUrl":"https:\/\/talkpal.ai\/wp-content\/uploads\/2024\/03\/Talkpal-Logo-Icon.png","width":2880,"height":2880,"caption":"Talkpal, Inc."},"image":{"@id":"https:\/\/talkpal.ai\/cs\/#\/schema\/logo\/image\/"},"sameAs":["https:\/\/www.facebook.com\/profile.php?id=100090733639311","https:\/\/x.com\/talkpalai","https:\/\/www.linkedin.com\/company\/talkpal\/","https:\/\/www.youtube.com\/@TalkPal\/","https:\/\/www.tiktok.com\/@talkpal","https:\/\/www.instagram.com\/talkpal_ai\/","https:\/\/www.crunchbase.com\/organization\/talkpal-9cde","https:\/\/www.g2.com\/products\/talkpal-for-business\/","https:\/\/www.trustpilot.com\/review\/talkpal.ai","https:\/\/www.capterra.com\/p\/10006800\/TalkPal\/"],"description":"Talkpal is a language learning web and mobile education app, powered by the latest AI technologies, that provides engaging experiences to its customers in many different languages to help them improve their language skills. Users can chat about unlimited amount of topics with the app and use other modes to practice their language learning.","email":"support@talkpal.ai","legalName":"Talkpal, Inc.","foundingDate":"2023-04-03","duns":"118989042","numberOfEmployees":{"@type":"QuantitativeValue","minValue":"11","maxValue":"50"},"publishingPrinciples":"https:\/\/talkpal.ai\/publishing-principles\/","actionableFeedbackPolicy":"https:\/\/talkpal.ai\/actionable-feedback-policy\/","correctionsPolicy":"https:\/\/talkpal.ai\/corrections-policy\/","ethicsPolicy":"https:\/\/talkpal.ai\/ethics-policy\/","diversityPolicy":"https:\/\/talkpal.ai\/diversity-policy\/","diversityStaffingReport":"https:\/\/talkpal.ai\/diversity-policy\/"}]}},"_links":{"self":[{"href":"https:\/\/talkpal.ai\/cs\/wp-json\/wp\/v2\/pages\/1462034","targetHints":{"allow":["GET"]}}],"collection":[{"href":"https:\/\/talkpal.ai\/cs\/wp-json\/wp\/v2\/pages"}],"about":[{"href":"https:\/\/talkpal.ai\/cs\/wp-json\/wp\/v2\/types\/page"}],"author":[{"embeddable":true,"href":"https:\/\/talkpal.ai\/cs\/wp-json\/wp\/v2\/users\/20"}],"replies":[{"embeddable":true,"href":"https:\/\/talkpal.ai\/cs\/wp-json\/wp\/v2\/comments?post=1462034"}],"version-history":[{"count":0,"href":"https:\/\/talkpal.ai\/cs\/wp-json\/wp\/v2\/pages\/1462034\/revisions"}],"wp:attachment":[{"href":"https:\/\/talkpal.ai\/cs\/wp-json\/wp\/v2\/media?parent=1462034"}],"curies":[{"name":"wp","href":"https:\/\/api.w.org\/{rel}","templated":true}]}}