{"id":1461957,"date":"2025-10-22T12:21:47","date_gmt":"2025-10-22T12:21:47","guid":{"rendered":"https:\/\/talkpal.ai\/sleva-talkpal-pro-studenty\/"},"modified":"2026-01-22T14:57:46","modified_gmt":"2026-01-22T14:57:46","slug":"sleva-talkpal-pro-studenty","status":"publish","type":"page","link":"https:\/\/talkpal.ai\/cs\/sleva-talkpal-pro-studenty\/","title":{"rendered":"Sleva Talkpal pro studenty"},"content":{"rendered":"<section class=\"languageChallengeSection\">\r\n    <div class=\"languageInfoWrapper\">\r\n        \r\n        <h1>Sleva Talkpal pro studenty<\/h1>\r\n        <p>Jste student a chcete zlep\u0161it sv\u00e9 jazykov\u00e9 dovednosti? Talkpal nab\u00edz\u00ed exkluzivn\u00ed 79% studentskou slevu, kter\u00e1 v\u00e1m pom\u016f\u017ee u\u010dit se rychleji a chyt\u0159eji. Z\u00edskejte p\u0159\u00edstup ke v\u0161em pr\u00e9miov\u00fdm funkc\u00edm, procvi\u010dujte si skute\u010dn\u00e9 konverzace s um\u011blou inteligenc\u00ed a dos\u00e1hn\u011bte plynulosti za polovi\u010dn\u00ed cenu.<\/p>\r\n\r\n                    <a class=\"getStartedHidden\" href=\"https:\/\/app.talkpal.ai\/signup?discount=50\">\r\n                Z\u00edskat slevu            <\/a>\r\n            <\/div>\r\n\r\n            <figure>\r\n            <img decoding=\"async\" class=\"no-lazy\" src=\"https:\/\/talkpal.ai\/wp-content\/uploads\/2026\/01\/group-with-phone-in-circle.webp\" alt=\"\" fetchpriority=\"high\" \/>\r\n        <\/figure>\r\n        \r\n                    <a class=\"getStartedVisible\" href=\"https:\/\/app.talkpal.ai\/signup?discount=50\">\r\n                Z\u00edskat slevu            <\/a>\r\n        <\/section><section class=\"featureSection\">\r\n    <div class=\"featureIntroduce\">\r\n        <a class=\"introduceLink\" href=\"https:\/\/app.talkpal.ai\/cs\/signup?lng=\">\r\n            <img decoding=\"async\" src=\"https:\/\/talkpal.ai\/wp-content\/themes\/talkpal\/assets\/img\/Sparkle.svg\" alt=\"\" \/>nejpokro\u010dilej\u0161\u00ed\n  Um\u011bl\u00e1 inteligence<\/a>\r\n        <h3 class=\"featureTitle\">Rozd\u00edl v talkpalu<\/h3>\r\n    <\/div>\r\n            <div class=\"introduceWrapper\">\r\n                            <a class=\"introducCard\" href=\"https:\/\/app.talkpal.ai\/cs\/signup?lng=\">\r\n\r\n                    \r\n                                                <img decoding=\"async\" src=\"https:\/\/talkpal.ai\/wp-content\/uploads\/2025\/05\/Immersive_conversations.png\" alt=\"Immersive Conversation Screenshot\" \/>\r\n                        <h4 class=\"introduceTitle\">Personalizovan\u00e9 vzd\u011bl\u00e1v\u00e1n\u00ed<\/h4>\r\n                        <p class=\"cardText\">Ka\u017ed\u00fd student se u\u010d\u00ed jinak, stejn\u011b jako jeho cesta ke zvl\u00e1dnut\u00ed nov\u00e9ho jazyka. V Talkpal pou\u017e\u00edv\u00e1me pokro\u010dilou technologii um\u011bl\u00e9 inteligence, abychom pochopili, jak se miliony student\u016f ka\u017ed\u00fd den u\u010d\u00ed jazyky. To n\u00e1m pom\u00e1h\u00e1 vytv\u00e1\u0159et personalizovan\u00e9, efektivn\u00ed a poutav\u00e9 vzd\u011bl\u00e1vac\u00ed prost\u0159ed\u00ed navr\u017een\u00e9 speci\u00e1ln\u011b pro studenty, jako jste vy.<\/p>\r\n                    \r\n                <\/a>\r\n                            <a class=\"introducCard\" href=\"https:\/\/app.talkpal.ai\/cs\/signup?lng=\">\r\n\r\n                    \r\n                                                <img decoding=\"async\" src=\"https:\/\/talkpal.ai\/wp-content\/uploads\/2025\/05\/Realtime_feedback.png\" alt=\"Feedback Screenshot\" \/>\r\n                        <h4 class=\"introduceTitle\">Nejmodern\u011bj\u0161\u00ed technologie<\/h4>\r\n                        <p class=\"cardText\">Na\u0161\u00edm posl\u00e1n\u00edm je zp\u0159\u00edstupnit personalizovan\u00e9 jazykov\u00e9 vzd\u011bl\u00e1v\u00e1n\u00ed v\u0161em student\u016fm kombinac\u00ed nejnov\u011bj\u0161\u00edch inovac\u00ed v oblasti um\u011bl\u00e9 inteligence s osv\u011bd\u010den\u00fdmi vzd\u011bl\u00e1vac\u00edmi metodami. S Talkpal nechod\u00edte jen na lekce \u2013 za\u017e\u00edv\u00e1te cestu \u0161itou na m\u00edru, kter\u00e1 se p\u0159izp\u016fsob\u00ed va\u0161emu tempu, stylu a c\u00edl\u016fm.<\/p>\r\n                    \r\n                <\/a>\r\n                            <a class=\"introducCard\" href=\"https:\/\/app.talkpal.ai\/cs\/signup?lng=\">\r\n\r\n                    \r\n                                                <img decoding=\"async\" src=\"https:\/\/talkpal.ai\/wp-content\/uploads\/2025\/05\/Personalization.png\" alt=\"Personalization Screenshot\" \/>\r\n                        <h4 class=\"introduceTitle\">U\u010den\u00ed jako z\u00e1bava<\/h4>\r\n                        <p class=\"cardText\">V\u011b\u0159\u00edme, \u017ee u\u010den\u00ed jazyka by m\u011blo b\u00fdt z\u00e1bavn\u00e9 a motivuj\u00edc\u00ed. Proto je Talkpal vytvo\u0159en tak, aby udr\u017eoval studenty zapojen\u00e9 a inspirovan\u00e9 \u2013 d\u00edky tomu jim u\u010den\u00ed p\u0159ipad\u00e1 m\u00e9n\u011b jako studium a v\u00edce jako vzru\u0161uj\u00edc\u00ed dobrodru\u017estv\u00ed. P\u0159ipojte se k tis\u00edc\u016fm student\u016f po cel\u00e9m sv\u011bt\u011b a za\u010dn\u011bte ovl\u00e1dat sv\u016fj dal\u0161\u00ed jazyk s Talkpal!<\/p>\r\n                    \r\n                <\/a>\r\n                            <\/div>\r\n                     <a class=\"featureSectionLink\" href=\"https:\/\/app.talkpal.ai\/signup?discount=50\">\r\n                Z\u00edskat slevu            <\/a>\r\n                \r\n<\/section>\r\n\r\n\r\n<section class=\"smartFunSection\">\r\n            \r\n            <div class=\"smartFunCard\">\r\n                <div class=\"smartFunWrapper\"><img decoding=\"async\" src=\"https:\/\/talkpal.ai\/wp-content\/uploads\/2025\/05\/1.png\" alt=\"Learning Stats Screenshot\"><\/div>\r\n                <h3>P\u0159izp\u016fsobeno v\u00e1m<\/h3>\r\n                <p>Talkpal vyu\u017e\u00edv\u00e1 technologii \u0159\u00edzenou um\u011blou inteligenc\u00ed k poskytov\u00e1n\u00ed personalizovan\u00fdch jazykov\u00fdch lekc\u00ed p\u0159izp\u016fsoben\u00fdch \u00farovni a tempu ka\u017ed\u00e9ho studenta. Ka\u017ed\u00e1 lekce je navr\u017eena tak, aby vyhovovala va\u0161im individu\u00e1ln\u00edm vzd\u011bl\u00e1vac\u00edm pot\u0159eb\u00e1m a pomohla v\u00e1m dos\u00e1hnout stabiln\u00edho pokroku.<\/p>\r\n            <\/div>\r\n\r\n        \r\n            <div class=\"smartFunCard\">\r\n                <div class=\"smartFunWrapper\"><img decoding=\"async\" src=\"https:\/\/talkpal.ai\/wp-content\/uploads\/2025\/05\/2.png\" alt=\"Pronunciation Score Screenshot\"><\/div>\r\n                <h3>Efektivn\u00ed a \u00fa\u010dinn\u00e9<\/h3>\r\n                <p>Zlep\u0161ete sv\u00e9 dovednosti \u010dten\u00ed, poslechu a mluven\u00ed efektivn\u011b s Talkpal. Na\u0161e inovativn\u00ed v\u00fdukov\u00e9 n\u00e1stroje jsou navr\u017eeny tak, aby studium jazyk\u016f bylo efektivn\u00ed a z\u00e1bavn\u00e9 pro studenty ze v\u0161ech prost\u0159ed\u00ed.<\/p>\r\n            <\/div>\r\n\r\n        \r\n            <div class=\"smartFunCard\">\r\n                <div class=\"smartFunWrapper\"><img decoding=\"async\" src=\"https:\/\/talkpal.ai\/wp-content\/uploads\/2025\/05\/3.png\" alt=\"Chat Topics Screenshot\"><\/div>\r\n                <h3>Udr\u017eujte si anga\u017eovanost<\/h3>\r\n                <p>Platforma kombinuje gamifikovan\u00e9 prvky, poutav\u00e9 v\u00fdzvy a ot\u00e1zky provokuj\u00edc\u00ed k zamy\u0161len\u00ed, aby studenti z\u016fstali motivovan\u00ed a konzistentn\u00ed. S Talkpal se u\u010den\u00ed jazyk\u016f st\u00e1v\u00e1 z\u00e1bavn\u00fdm ka\u017edodenn\u00edm zvykem \u2013 ne \u00fakolem.<\/p>\r\n            <\/div>\r\n\r\n        \r\n            <div class=\"smartFunCard\">\r\n                <div class=\"smartFunWrapper\"><img decoding=\"async\" src=\"https:\/\/talkpal.ai\/wp-content\/uploads\/2025\/05\/4.png\" alt=\"Dashboard Screenshot\"><\/div>\r\n                <h3>U\u017eijte si u\u010den\u00ed<\/h3>\r\n                <p>Zvl\u00e1dnut\u00ed nov\u00e9ho jazyka nemus\u00ed b\u00fdt zdlouhav\u00e9. Talkpal nab\u00edz\u00ed interaktivn\u00ed cvi\u010den\u00ed, \u017eiv\u00e9 postavy a dokonce i humorn\u00e9 konverzace s um\u011blou inteligenc\u00ed, d\u00edky nim\u017e se u\u010den\u00ed stane p\u0159\u00edjemnou a inspirativn\u00ed sou\u010d\u00e1st\u00ed dne ka\u017ed\u00e9ho studenta.<\/p>\r\n            <\/div>\r\n\r\n            \r\n<\/section>\r\n\r\n<section class=\"promotionalBanner\">\r\n    <p class=\"promotionalText\">Talkpal pro studenty &#8211; Za\u010dn\u011bte se u\u010dit se zv\u00fdhodn\u011bnou cenou<\/p>\r\n                <a class=\"promotionalLink\" href=\"https:\/\/app.talkpal.ai\/signup?discount=50\">\r\n                Z\u00edskat slevu            <\/a>\r\n            \r\n<\/section>","protected":false},"excerpt":{"rendered":"","protected":false},"author":10,"featured_media":0,"parent":0,"menu_order":0,"comment_status":"closed","ping_status":"closed","template":"LearningContentPage.php","meta":{"_acf_changed":false,"footnotes":""},"class_list":["post-1461957","page","type-page","status-publish","hentry"],"acf":[],"yoast_head":"<!-- This site is optimized with the Yoast SEO Premium plugin v27.2 (Yoast SEO v27.2) - https:\/\/yoast.com\/product\/yoast-seo-premium-wordpress\/ -->\n<title>Sleva Talkpal pro studenty - Talkpal<\/title>\n<meta name=\"description\" content=\"Z\u00edskejte exkluzivn\u00ed 79% studentskou slevu na Talkpalu a nau\u010dite se jazyky rychleji d\u00edky personalizovan\u00e9mu AI konverza\u010dn\u00edmu tr\u00e9ninku.\" \/>\n<meta name=\"robots\" content=\"index, follow, max-snippet:-1, max-image-preview:large, max-video-preview:-1\" \/>\n<link rel=\"canonical\" href=\"https:\/\/talkpal.ai\/cs\/sleva-talkpal-pro-studenty\/\" \/>\n<meta property=\"og:locale\" content=\"cs_CZ\" \/>\n<meta property=\"og:type\" content=\"article\" \/>\n<meta property=\"og:title\" content=\"Sleva Talkpal pro studenty\" \/>\n<meta property=\"og:url\" content=\"https:\/\/talkpal.ai\/cs\/sleva-talkpal-pro-studenty\/\" \/>\n<meta property=\"og:site_name\" content=\"Talkpal\" \/>\n<meta property=\"article:publisher\" content=\"https:\/\/www.facebook.com\/profile.php?id=100090733639311\" \/>\n<meta property=\"article:modified_time\" content=\"2026-01-22T14:57:46+00:00\" \/>\n<meta property=\"og:image\" content=\"https:\/\/talkpal.ai\/wp-content\/uploads\/2025\/02\/Progress-tab-16_9.png\" \/>\n\t<meta property=\"og:image:width\" content=\"2880\" \/>\n\t<meta property=\"og:image:height\" content=\"1620\" \/>\n\t<meta property=\"og:image:type\" content=\"image\/png\" \/>\n<meta name=\"twitter:card\" content=\"summary_large_image\" \/>\n<meta name=\"twitter:site\" content=\"@talkpalai\" \/>\n<script type=\"application\/ld+json\" class=\"yoast-schema-graph\">{\"@context\":\"https:\/\/schema.org\",\"@graph\":[{\"@type\":\"WebPage\",\"@id\":\"https:\/\/talkpal.ai\/cs\/sleva-talkpal-pro-studenty\/\",\"url\":\"https:\/\/talkpal.ai\/cs\/sleva-talkpal-pro-studenty\/\",\"name\":\"Sleva Talkpal pro studenty - Talkpal\",\"isPartOf\":{\"@id\":\"https:\/\/talkpal.ai\/cs\/#website\"},\"datePublished\":\"2025-10-22T12:21:47+00:00\",\"dateModified\":\"2026-01-22T14:57:46+00:00\",\"description\":\"Z\u00edskejte exkluzivn\u00ed 79% studentskou slevu na Talkpalu a nau\u010dite se jazyky rychleji d\u00edky personalizovan\u00e9mu AI konverza\u010dn\u00edmu tr\u00e9ninku.\",\"breadcrumb\":{\"@id\":\"https:\/\/talkpal.ai\/cs\/sleva-talkpal-pro-studenty\/#breadcrumb\"},\"inLanguage\":\"cs\",\"potentialAction\":[{\"@type\":\"ReadAction\",\"target\":[\"https:\/\/talkpal.ai\/cs\/sleva-talkpal-pro-studenty\/\"]}]},{\"@type\":\"BreadcrumbList\",\"@id\":\"https:\/\/talkpal.ai\/cs\/sleva-talkpal-pro-studenty\/#breadcrumb\",\"itemListElement\":[{\"@type\":\"ListItem\",\"position\":1,\"name\":\"Homepage\",\"item\":\"https:\/\/talkpal.ai\/cs\/\"},{\"@type\":\"ListItem\",\"position\":2,\"name\":\"Sleva Talkpal pro studenty\"}]},{\"@type\":\"WebSite\",\"@id\":\"https:\/\/talkpal.ai\/cs\/#website\",\"url\":\"https:\/\/talkpal.ai\/cs\/\",\"name\":\"Talkpal\",\"description\":\"AI Language Learning\",\"publisher\":{\"@id\":\"https:\/\/talkpal.ai\/cs\/#organization\"},\"alternateName\":\"Talkpal AI\",\"potentialAction\":[{\"@type\":\"SearchAction\",\"target\":{\"@type\":\"EntryPoint\",\"urlTemplate\":\"https:\/\/talkpal.ai\/cs\/?s={search_term_string}\"},\"query-input\":{\"@type\":\"PropertyValueSpecification\",\"valueRequired\":true,\"valueName\":\"search_term_string\"}}],\"inLanguage\":\"cs\"},{\"@type\":\"Organization\",\"@id\":\"https:\/\/talkpal.ai\/cs\/#organization\",\"name\":\"Talkpal, Inc.\",\"alternateName\":\"Talkpal AI\",\"url\":\"https:\/\/talkpal.ai\/cs\/\",\"logo\":{\"@type\":\"ImageObject\",\"inLanguage\":\"cs\",\"@id\":\"https:\/\/talkpal.ai\/cs\/#\/schema\/logo\/image\/\",\"url\":\"https:\/\/talkpal.ai\/wp-content\/uploads\/2024\/03\/Talkpal-Logo-Icon.png\",\"contentUrl\":\"https:\/\/talkpal.ai\/wp-content\/uploads\/2024\/03\/Talkpal-Logo-Icon.png\",\"width\":2880,\"height\":2880,\"caption\":\"Talkpal, Inc.\"},\"image\":{\"@id\":\"https:\/\/talkpal.ai\/cs\/#\/schema\/logo\/image\/\"},\"sameAs\":[\"https:\/\/www.facebook.com\/profile.php?id=100090733639311\",\"https:\/\/x.com\/talkpalai\",\"https:\/\/www.linkedin.com\/company\/talkpal\/\",\"https:\/\/www.youtube.com\/@TalkPal\/\",\"https:\/\/www.tiktok.com\/@talkpal\",\"https:\/\/www.instagram.com\/talkpal_ai\/\",\"https:\/\/www.crunchbase.com\/organization\/talkpal-9cde\",\"https:\/\/www.g2.com\/products\/talkpal-for-business\/\",\"https:\/\/www.trustpilot.com\/review\/talkpal.ai\",\"https:\/\/www.capterra.com\/p\/10006800\/TalkPal\/\"],\"description\":\"Talkpal is a language learning web and mobile education app, powered by the latest AI technologies, that provides engaging experiences to its customers in many different languages to help them improve their language skills. Users can chat about unlimited amount of topics with the app and use other modes to practice their language learning.\",\"email\":\"support@talkpal.ai\",\"legalName\":\"Talkpal, Inc.\",\"foundingDate\":\"2023-04-03\",\"duns\":\"118989042\",\"numberOfEmployees\":{\"@type\":\"QuantitativeValue\",\"minValue\":\"11\",\"maxValue\":\"50\"},\"publishingPrinciples\":\"https:\/\/talkpal.ai\/publishing-principles\/\",\"actionableFeedbackPolicy\":\"https:\/\/talkpal.ai\/actionable-feedback-policy\/\",\"correctionsPolicy\":\"https:\/\/talkpal.ai\/corrections-policy\/\",\"ethicsPolicy\":\"https:\/\/talkpal.ai\/ethics-policy\/\",\"diversityPolicy\":\"https:\/\/talkpal.ai\/diversity-policy\/\",\"diversityStaffingReport\":\"https:\/\/talkpal.ai\/diversity-policy\/\"}]}<\/script>\n<!-- \/ Yoast SEO Premium plugin. -->","yoast_head_json":{"title":"Sleva Talkpal pro studenty - Talkpal","description":"Z\u00edskejte exkluzivn\u00ed 79% studentskou slevu na Talkpalu a nau\u010dite se jazyky rychleji d\u00edky personalizovan\u00e9mu AI konverza\u010dn\u00edmu tr\u00e9ninku.","robots":{"index":"index","follow":"follow","max-snippet":"max-snippet:-1","max-image-preview":"max-image-preview:large","max-video-preview":"max-video-preview:-1"},"canonical":"https:\/\/talkpal.ai\/cs\/sleva-talkpal-pro-studenty\/","og_locale":"cs_CZ","og_type":"article","og_title":"Sleva Talkpal pro studenty","og_url":"https:\/\/talkpal.ai\/cs\/sleva-talkpal-pro-studenty\/","og_site_name":"Talkpal","article_publisher":"https:\/\/www.facebook.com\/profile.php?id=100090733639311","article_modified_time":"2026-01-22T14:57:46+00:00","og_image":[{"width":2880,"height":1620,"url":"https:\/\/talkpal.ai\/wp-content\/uploads\/2025\/02\/Progress-tab-16_9.png","type":"image\/png"}],"twitter_card":"summary_large_image","twitter_site":"@talkpalai","schema":{"@context":"https:\/\/schema.org","@graph":[{"@type":"WebPage","@id":"https:\/\/talkpal.ai\/cs\/sleva-talkpal-pro-studenty\/","url":"https:\/\/talkpal.ai\/cs\/sleva-talkpal-pro-studenty\/","name":"Sleva Talkpal pro studenty - Talkpal","isPartOf":{"@id":"https:\/\/talkpal.ai\/cs\/#website"},"datePublished":"2025-10-22T12:21:47+00:00","dateModified":"2026-01-22T14:57:46+00:00","description":"Z\u00edskejte exkluzivn\u00ed 79% studentskou slevu na Talkpalu a nau\u010dite se jazyky rychleji d\u00edky personalizovan\u00e9mu AI konverza\u010dn\u00edmu tr\u00e9ninku.","breadcrumb":{"@id":"https:\/\/talkpal.ai\/cs\/sleva-talkpal-pro-studenty\/#breadcrumb"},"inLanguage":"cs","potentialAction":[{"@type":"ReadAction","target":["https:\/\/talkpal.ai\/cs\/sleva-talkpal-pro-studenty\/"]}]},{"@type":"BreadcrumbList","@id":"https:\/\/talkpal.ai\/cs\/sleva-talkpal-pro-studenty\/#breadcrumb","itemListElement":[{"@type":"ListItem","position":1,"name":"Homepage","item":"https:\/\/talkpal.ai\/cs\/"},{"@type":"ListItem","position":2,"name":"Sleva Talkpal pro studenty"}]},{"@type":"WebSite","@id":"https:\/\/talkpal.ai\/cs\/#website","url":"https:\/\/talkpal.ai\/cs\/","name":"Talkpal","description":"AI Language Learning","publisher":{"@id":"https:\/\/talkpal.ai\/cs\/#organization"},"alternateName":"Talkpal AI","potentialAction":[{"@type":"SearchAction","target":{"@type":"EntryPoint","urlTemplate":"https:\/\/talkpal.ai\/cs\/?s={search_term_string}"},"query-input":{"@type":"PropertyValueSpecification","valueRequired":true,"valueName":"search_term_string"}}],"inLanguage":"cs"},{"@type":"Organization","@id":"https:\/\/talkpal.ai\/cs\/#organization","name":"Talkpal, Inc.","alternateName":"Talkpal AI","url":"https:\/\/talkpal.ai\/cs\/","logo":{"@type":"ImageObject","inLanguage":"cs","@id":"https:\/\/talkpal.ai\/cs\/#\/schema\/logo\/image\/","url":"https:\/\/talkpal.ai\/wp-content\/uploads\/2024\/03\/Talkpal-Logo-Icon.png","contentUrl":"https:\/\/talkpal.ai\/wp-content\/uploads\/2024\/03\/Talkpal-Logo-Icon.png","width":2880,"height":2880,"caption":"Talkpal, Inc."},"image":{"@id":"https:\/\/talkpal.ai\/cs\/#\/schema\/logo\/image\/"},"sameAs":["https:\/\/www.facebook.com\/profile.php?id=100090733639311","https:\/\/x.com\/talkpalai","https:\/\/www.linkedin.com\/company\/talkpal\/","https:\/\/www.youtube.com\/@TalkPal\/","https:\/\/www.tiktok.com\/@talkpal","https:\/\/www.instagram.com\/talkpal_ai\/","https:\/\/www.crunchbase.com\/organization\/talkpal-9cde","https:\/\/www.g2.com\/products\/talkpal-for-business\/","https:\/\/www.trustpilot.com\/review\/talkpal.ai","https:\/\/www.capterra.com\/p\/10006800\/TalkPal\/"],"description":"Talkpal is a language learning web and mobile education app, powered by the latest AI technologies, that provides engaging experiences to its customers in many different languages to help them improve their language skills. Users can chat about unlimited amount of topics with the app and use other modes to practice their language learning.","email":"support@talkpal.ai","legalName":"Talkpal, Inc.","foundingDate":"2023-04-03","duns":"118989042","numberOfEmployees":{"@type":"QuantitativeValue","minValue":"11","maxValue":"50"},"publishingPrinciples":"https:\/\/talkpal.ai\/publishing-principles\/","actionableFeedbackPolicy":"https:\/\/talkpal.ai\/actionable-feedback-policy\/","correctionsPolicy":"https:\/\/talkpal.ai\/corrections-policy\/","ethicsPolicy":"https:\/\/talkpal.ai\/ethics-policy\/","diversityPolicy":"https:\/\/talkpal.ai\/diversity-policy\/","diversityStaffingReport":"https:\/\/talkpal.ai\/diversity-policy\/"}]}},"_links":{"self":[{"href":"https:\/\/talkpal.ai\/cs\/wp-json\/wp\/v2\/pages\/1461957","targetHints":{"allow":["GET"]}}],"collection":[{"href":"https:\/\/talkpal.ai\/cs\/wp-json\/wp\/v2\/pages"}],"about":[{"href":"https:\/\/talkpal.ai\/cs\/wp-json\/wp\/v2\/types\/page"}],"author":[{"embeddable":true,"href":"https:\/\/talkpal.ai\/cs\/wp-json\/wp\/v2\/users\/10"}],"replies":[{"embeddable":true,"href":"https:\/\/talkpal.ai\/cs\/wp-json\/wp\/v2\/comments?post=1461957"}],"version-history":[{"count":0,"href":"https:\/\/talkpal.ai\/cs\/wp-json\/wp\/v2\/pages\/1461957\/revisions"}],"wp:attachment":[{"href":"https:\/\/talkpal.ai\/cs\/wp-json\/wp\/v2\/media?parent=1461957"}],"curies":[{"name":"wp","href":"https:\/\/api.w.org\/{rel}","templated":true}]}}