{"id":145736,"date":"2023-05-14T14:10:24","date_gmt":"2023-05-14T14:10:24","guid":{"rendered":"http:\/\/talkpal.ai\/lotysska-gramatika\/"},"modified":"2025-12-17T17:13:13","modified_gmt":"2025-12-17T17:13:13","slug":"lotysska-gramatika","status":"publish","type":"page","link":"https:\/\/talkpal.ai\/cs\/lotysska-gramatika\/","title":{"rendered":"Loty\u0161sk\u00e1 gramatika"},"content":{"rendered":"\r\n\r\n\r\n<section class=\"languageChallengeSection\">\r\n    <div class=\"languageInfoWrapper\">\r\n        \r\n        <h1>Loty\u0161sk\u00e1 gramatika<\/h1>\r\n        <p>Prozkoumejte jedine\u010dn\u00fd sv\u011bt loty\u0161sk\u00e9 gramatiky a odhalte kr\u00e1su jednoho z nej\u017eiv\u011bj\u0161\u00edch jazyk\u016f pobaltsk\u00e9ho regionu. Kdy\u017e pochop\u00edte jeho strukturu a pravidla, pos\u00edl\u00edte svou sebed\u016fv\u011bru a komunika\u010dn\u00ed dovednosti. Za\u010dn\u011bte se u\u010dit loty\u0161skou gramatiku je\u0161t\u011b dnes a ud\u011blejte prvn\u00ed krok k plynulosti jazyka!\n\n<\/p>\r\n\r\n                            <a class=\"getStartedHidden\" href=\"https:\/\/app.talkpal.ai\/cs\/signup?lng=\">Za\u010dni<\/a>\r\n        \r\n    <\/div>\r\n\r\n    <figure>\r\n    <img decoding=\"async\" width=\"768\" height=\"768\" src=\"https:\/\/talkpal.ai\/wp-content\/uploads\/2023\/06\/latvian-768x768.png\" class=\"languageImage no-lazy\" alt=\"Language learning to access more cultures\" fetchpriority=\"high\" sizes=\"(max-width: 768px) 150px, 768px\" srcset=\"https:\/\/talkpal.ai\/wp-content\/uploads\/2023\/06\/latvian-768x768.png 768w, https:\/\/talkpal.ai\/wp-content\/uploads\/2023\/06\/latvian-300x300.png 300w\" \/>\r\n    \r\n\r\n    <\/figure>\r\n\r\n            <a class=\"getStartedVisible\" href=\"https:\/\/app.talkpal.ai\/cs\/signup?lng=\">Za\u010dni<\/a>\r\n    \r\n<\/section>\r\n<section class=\"promotionalBanner\">\r\n    <p class=\"promotionalText\">Nejefektivn\u011bj\u0161\u00ed zp\u016fsob, jak se nau\u010dit jazyk<\/p>\r\n    <a class=\"promotionalLink\" href=\"https:\/\/app.talkpal.ai\/cs\/signup?lng=\">Vyzkou\u0161ejte Talkpal zdarma<\/a>\r\n<\/section>\n<div class=\"wp-block-group pageContainerStyle\"><div class=\"wp-block-group__inner-container is-layout-constrained wp-block-group-is-layout-constrained\">\n<h2 class=\"wp-block-heading\" id=\"h-the-ultimate-guide-to-latvian-grammar-navigating-the-intricacies-of-a-unique-language\">Nejlep\u0161\u00ed pr\u016fvodce loty\u0161skou gramatikou: Navigace ve spletitosti jedine\u010dn\u00e9ho jazyka<\/h2>\n\n\n\n<p><a href=\"https:\/\/talkpal.ai\/latvian-grammar\/\">Loty\u0161sk\u00e1 gramatika<\/a>, stejn\u011b jako jazyk s\u00e1m, p\u0159edstavuje bohatou a fascinuj\u00edc\u00ed tapis\u00e9rii jazykov\u00fdch prvk\u016f. Jako baltsk\u00fd jazyk <a href=\"https:\/\/talkpal.ai\/learn-latvian\/\">loty\u0161tina<\/a> fascinuje studenty sv\u00fdmi rozmanit\u00fdmi rysy a v\u00fdzvou i pro ty nejzdatn\u011bj\u0161\u00ed mluv\u010d\u00ed. V t\u00e9to p\u0159\u00edru\u010dce se sezn\u00e1m\u00edme s hlavn\u00edmi z\u00e1sadami loty\u0161sk\u00e9 gramatiky, objasn\u00edme jej\u00ed slo\u017eitost a podpo\u0159\u00edme v\u00e1s na cest\u011b k plynul\u00e9 znalosti tohoto podmaniv\u00e9ho jazyka. Za\u010dn\u011bme!<\/p>\n\n\n\n<h3 class=\"wp-block-heading\" id=\"h-the-nuts-and-bolts-latvian-sentence-structure\">Matice a \u0161rouby: loty\u0161sk\u00e1 v\u011btn\u00e1 struktura<\/h3>\n\n\n\n<p>Loty\u0161sk\u00e1 gramatika je ve sv\u00e9m j\u00e1dru pom\u011brn\u011b p\u0159\u00edmo\u010dar\u00e1. Jazyk se obecn\u011b \u0159\u00edd\u00ed v\u011btnou strukturou podm\u011bt-sloveso-p\u0159edm\u011bt (SVO), podobn\u011b jako <a href=\"https:\/\/talkpal.ai\/learn-english-with-ai\/\">angli\u010dtina<\/a> a mnoho dal\u0161\u00edch jazyk\u016f. Nap\u0159\u00edklad v\u011bta &#8222;J\u00edm jablko&#8220; se p\u0159ekl\u00e1d\u00e1 jako &#8222;Es \u0113du \u0101bolu&#8220; (Es \u0113du \u0101bolu). Jednoduch\u00e9, \u017ee? Jakmile se v\u0161ak dostaneme hloub\u011bji, naraz\u00edte na n\u011bkter\u00e9 zaj\u00edmav\u00e9 a charakteristick\u00e9 rysy loty\u0161sk\u00e9 gramatiky.<\/p>\n\n\n\n<h3 class=\"wp-block-heading\" id=\"h-meet-the-family-latvian-nouns-and-their-cases\">Seznamte se s rodinou: loty\u0161sk\u00e1 podstatn\u00e1 jm\u00e9na a jejich p\u00e1dy<\/h3>\n\n\n\n<p>Jednou z nejv\u00edce matouc\u00edch charakteristik loty\u0161sk\u00e9 gramatiky pro <a href=\"https:\/\/talkpal.ai\/english-speaking-course\/\">anglicky mluv\u00edc\u00ed<\/a> je pojem gramatick\u00fdch p\u00e1d\u016f. V loty\u0161tin\u011b existuje sedm p\u00e1d\u016f: nominativ, genitiv, dativ, akuzativ, lok\u00e1l, instrument\u00e1l a vokativ. Ka\u017ed\u00fd p\u00e1d m\u00e1 svou vlastn\u00ed funkci a ovliv\u0148uje podobu podstatn\u00fdch jmen, p\u0159\u00eddavn\u00fdch jmen, z\u00e1jmen a n\u011bkdy i sloves.<\/p>\n\n\n\n<p>Vezm\u011bme si nap\u0159\u00edklad slovo &#8222;\u0101bols&#8220; (\u0101bols), kter\u00e9 znamen\u00e1 &#8222;jablko&#8220;:<\/p>\n\n\n\n<p><strong>&#8211; Nominativn\u00ed p\u00e1d (pou\u017e\u00edv\u00e1 se pro p\u0159edm\u011bty): \u0101bols<\/strong><\/p>\n\n\n\n<p><strong>&#8211; Genitivn\u00ed p\u00e1d (pou\u017e\u00edv\u00e1 se pro dr\u017een\u00ed): \u0101bola<\/strong><\/p>\n\n\n\n<p><strong>&#8211; Dativ (pou\u017e\u00edv\u00e1 se pro nep\u0159\u00edm\u00e9 p\u0159edm\u011bty): \u0101bolam<\/strong><\/p>\n\n\n\n<p><strong>&#8211; Akuzativn\u00ed p\u00e1d (pou\u017e\u00edv\u00e1 se pro p\u0159\u00edm\u00e9 p\u0159edm\u011bty): \u0101bolu<\/strong><\/p>\n\n\n\n<p><strong>&#8211; Lokativn\u00ed p\u00e1d (pou\u017e\u00edv\u00e1 se pro ur\u010den\u00ed polohy): \u0101bol\u0101<\/strong><\/p>\n\n\n\n<p><strong>&#8211; P\u00e1d instrument\u00e1lu (pou\u017e\u00edv\u00e1 se pro prost\u0159edek, kter\u00fdm je \u010dinnost prov\u00e1d\u011bna): \u0101bolu\/-iem<\/strong><\/p>\n\n\n\n<p><strong>&#8211; Vokativ (pou\u017e\u00edv\u00e1 se pro osloven\u00ed n\u011bkoho nebo n\u011b\u010deho): \u0101bol<\/strong><\/p>\n\n\n\n<p>Je d\u016fle\u017eit\u00e9 se s t\u011bmito p\u0159\u00edpady sezn\u00e1mit, proto\u017ee mohou v\u00fdrazn\u011b zm\u011bnit v\u00fdznam va\u0161ich v\u011bt.<\/p>\n\n\n\n<h3 class=\"wp-block-heading\" id=\"h-playing-with-numbers-latvian-plurals-and-genders\">Hra s \u010d\u00edsly: loty\u0161sk\u00e9 mno\u017en\u00e9 \u010d\u00edslo a rod<\/h3>\n\n\n\n<p>P\u0159i tvo\u0159en\u00ed mno\u017en\u00e9ho \u010d\u00edsla v loty\u0161tin\u011b je nutn\u00e9 m\u00edt na pam\u011bti rod podstatn\u00e9ho jm\u00e9na. V loty\u0161tin\u011b maj\u00ed podstatn\u00e1 jm\u00e9na dva rody \u2013 mu\u017esk\u00fd a \u017eensk\u00fd. Rod ovliv\u0148uje koncovky podstatn\u00fdch jmen, p\u0159\u00eddavn\u00fdch jmen, \u010d\u00edslovek a n\u011bkter\u00fdch slovesn\u00fdch tvar\u016f.<\/p>\n\n\n\n<p>Obecn\u011b plat\u00ed, \u017ee podstatn\u00e1 jm\u00e9na mu\u017esk\u00e9ho rodu v nominativu mno\u017en\u00e9ho \u010d\u00edsla kon\u010d\u00ed na -i, zat\u00edmco podstatn\u00e1 jm\u00e9na \u017eensk\u00e9ho rodu kon\u010d\u00ed na -as. Nap\u0159\u00edklad &#8222;zirgs&#8220; (zirgs, podstatn\u00e9 jm\u00e9no mu\u017esk\u00e9ho rodu s v\u00fdznamem &#8222;k\u016f\u0148&#8220;) se st\u00e1v\u00e1 &#8222;zirgi&#8220; (zirgi, kon\u011b) a &#8222;sieviete&#8220; (sieviete, podstatn\u00e9 jm\u00e9no \u017eensk\u00e9ho rodu s v\u00fdznamem &#8222;\u017eena&#8220;) se st\u00e1v\u00e1 &#8222;sievietes&#8220; (sievietes, \u017eeny).<\/p>\n\n\n\n<p>Samoz\u0159ejm\u011b existuj\u00ed v\u00fdjimky, a proto je d\u016fle\u017eit\u00e9 nau\u010dit se podstatn\u00e1 jm\u00e9na spolu s jejich rody a zn\u00e1t nepravideln\u00fd plur\u00e1l.<\/p>\n\n\n\n<h3 class=\"wp-block-heading\" id=\"h-the-art-of-conjugation-latvian-verbs\">Um\u011bn\u00ed \u010dasov\u00e1n\u00ed: loty\u0161sk\u00e1 slovesa<\/h3>\n\n\n\n<p>Loty\u0161sk\u00e1 slovesa se mohou zpo\u010d\u00e1tku zd\u00e1t skli\u010duj\u00edc\u00ed kv\u016fli \u010detn\u00fdm \u010das\u016fm, n\u00e1lad\u00e1m a \u010dasov\u00e1n\u00ed. Kl\u00ed\u010dem k jejich pochopen\u00ed je v\u0161ak rozpozn\u00e1n\u00ed b\u011b\u017en\u00fdch vzorc\u016f a pravideln\u00e9 cvi\u010den\u00ed.<\/p>\n\n\n\n<p>V loty\u0161tin\u011b se slovesa d\u011bl\u00ed do t\u0159\u00ed skupin na z\u00e1klad\u011b jejich infinitivn\u00edch koncovek: -t, -ties a -ties\/-t. Ka\u017ed\u00e1 skupina m\u00e1 specifick\u00e1 pravidla konjugace. Vezm\u011bme si jako p\u0159\u00edklad sloveso &#8222;las\u012bt&#8220; (las\u012bt, &#8222;\u010d\u00edst&#8220;):<\/p>\n\n\n\n<p><strong>P\u0159\u00edtomn\u00fd \u010das: Es lasu (Es lasu, &#8222;\u010dtu&#8220;)<\/strong><\/p>\n\n\n\n<p><strong>Minul\u00fd \u010das: Es las\u012bju (Es las\u012bju, &#8222;\u010detl jsem&#8220;)<\/strong><\/p>\n\n\n\n<p><strong>Budouc\u00ed \u010das: Es las\u012b\u0161u (Es las\u012b\u0161u, &#8222;budu \u010d\u00edst&#8220;)<\/strong><\/p>\n\n\n\n<p>Jak vid\u00edte, konce se m\u011bn\u00ed podle \u010dasu. A to jsme je\u0161t\u011b ani zdaleka neprobrali loty\u0161skou slovesnou vazbu! Nenechte se v\u0161ak odradit. S prax\u00ed a trp\u011blivost\u00ed za\u010dnete rozpozn\u00e1vat vzorce a tuto v\u00fdzvu p\u0159ekon\u00e1te.<\/p>\n\n\n\n<h3 class=\"wp-block-heading\" id=\"h-the-finishing-touches-latvian-adjectives-adverbs-and-more\">Z\u00e1v\u011bre\u010dn\u00e9 \u00fapravy: loty\u0161sk\u00e1 p\u0159\u00eddavn\u00e1 jm\u00e9na, p\u0159\u00edslovce a dal\u0161\u00ed<\/h3>\n\n\n\n<p>Pokud jde o loty\u0161sk\u00e1 p\u0159\u00eddavn\u00e1 jm\u00e9na a p\u0159\u00edslovce, hraj\u00ed z\u00e1sadn\u00ed roli p\u0159i p\u0159id\u00e1v\u00e1n\u00ed hloubky a slo\u017eitosti va\u0161\u00ed \u0159e\u010di. P\u0159\u00eddavn\u00e1 jm\u00e9na mus\u00ed souhlasit s podstatn\u00fdmi jm\u00e9ny, kter\u00e1 modifikuj\u00ed, pokud jde o rod a p\u00e1d, p\u0159i\u010dem\u017e koncovky se podle toho li\u0161\u00ed.<\/p>\n\n\n\n<p>Nap\u0159\u00edklad &#8222;gar\u0161\u012bgs&#8220; (gar\u0161\u012bgs) znamen\u00e1 &#8222;chutn\u00fd&#8220; a m\u016f\u017eete se s n\u00edm setkat jako &#8222;gar\u0161\u012bgs \u0101bols&#8220; (gar\u0161\u012bgs \u0101bols, &#8222;chutn\u00e9 jablko&#8220;) nebo &#8222;gar\u0161\u012bga zupa&#8220; (gar\u0161\u012bga zupa, &#8222;chutn\u00e1 pol\u00e9vka&#8220;), s r\u016fzn\u00fdmi koncovkami pro mu\u017esk\u00fd a \u017eensk\u00fd rod podstatn\u00fdch jmen.<\/p>\n\n\n\n<p>P\u0159\u00edslovce se obvykle \u0159\u00edd\u00ed podobn\u00fdmi vzory, \u010dasto odvozen\u00fdmi od p\u0159\u00eddavn\u00fdch jmen. V loty\u0161tin\u011b v\u011bt\u0161ina p\u0159\u00edslovc\u00ed kon\u010d\u00ed na -i, co\u017e je stejn\u00fd tvar jako akuzativ p\u0159\u00eddavn\u00fdch jmen v jednotn\u00e9m rod\u011b.<\/p>\n\n\n\n<p>Z\u00e1v\u011brem lze \u0159\u00edci, \u017ee slo\u017eitost a zvl\u00e1\u0161tnosti loty\u0161sk\u00e9 gramatiky jsou sice n\u00e1ro\u010dn\u00e9, ale dod\u00e1vaj\u00ed jazyku jeho podmanivou kr\u00e1su a charakter. D\u00edky kombinaci vytrvalosti, zv\u011bdavosti a praktick\u00e9ho vyu\u017eit\u00ed se brzy nau\u010d\u00edte loty\u0161skou gramatiku s lehkost\u00ed a jistotou. \u0160\u0165astn\u00e9 u\u010den\u00ed!<\/p>\n<\/div><\/div>\n\r\n<section class=\"learnNavigationSection\">\r\n            \r\n        <a href=\"https:\/\/talkpal.ai\/cs\/naucte-se-lotyssky\/\">\r\n            <div class=\"learnNavigationWrapper\">\r\n                <div class=\"learnNavigationContent\">\r\n                    <img decoding=\"async\" src=\"https:\/\/talkpal.ai\/wp-content\/uploads\/2024\/08\/Latvian.jpg\" alt=\"Latvian Flag\">\r\n                    <div>\r\n                        <h4>O v\u00fduce loty\u0161tiny<\/h4>\r\n                        <p>Zjist\u011bte v\u0161e o loty\u0161sk\u00e9 gramatice.<\/p>\r\n                    <\/div>\r\n                <\/div>\r\n            <\/div>\r\n        <\/a>\r\n\r\n        \r\n        <a href=\"https:\/\/talkpal.ai\/cs\/cviceni-lotysske-gramatiky\/\">\r\n            <div class=\"learnNavigationWrapper\">\r\n                <div class=\"learnNavigationContent\">\r\n                    <img decoding=\"async\" src=\"https:\/\/talkpal.ai\/wp-content\/uploads\/2024\/08\/Latvian.jpg\" alt=\"Latvian Flag\">\r\n                    <div>\r\n                        <h4>Cvi\u010den\u00ed z loty\u0161sk\u00e9 gramatiky<\/h4>\r\n                        <p>Procvi\u010dte si loty\u0161skou gramatiku.<\/p>\r\n                    <\/div>\r\n                <\/div>\r\n            <\/div>\r\n        <\/a>\r\n\r\n        \r\n        <a href=\"https:\/\/talkpal.ai\/vocabulary_language\/latvian\/\">\r\n            <div class=\"learnNavigationWrapper\">\r\n                <div class=\"learnNavigationContent\">\r\n                    <img decoding=\"async\" src=\"https:\/\/talkpal.ai\/wp-content\/uploads\/2024\/08\/Latvian.jpg\" alt=\"Latvian Flag\">\r\n                    <div>\r\n                        <h4>Loty\u0161sk\u00e1 slovn\u00ed z\u00e1soba<\/h4>\r\n                        <p>Roz\u0161i\u0159te si loty\u0161skou slovn\u00ed z\u00e1sobu.<\/p>\r\n                    <\/div>\r\n                <\/div>\r\n            <\/div>\r\n        <\/a>\r\n\r\n            <\/section>","protected":false},"excerpt":{"rendered":"<p>Nejlep\u0161\u00ed pr\u016fvodce loty\u0161skou gramatikou: Navigace ve spletitosti jedine\u010dn\u00e9ho jazyka Loty\u0161sk\u00e1 gramatika, stejn\u011b jako jazyk s\u00e1m, p\u0159edstavuje bohatou a fascinuj\u00edc\u00ed tapis\u00e9rii jazykov\u00fdch prvk\u016f. Jako baltsk\u00fd jazyk loty\u0161tina fascinuje studenty sv\u00fdmi rozmanit\u00fdmi rysy a v\u00fdzvou i pro ty nejzdatn\u011bj\u0161\u00ed mluv\u010d\u00ed. V t\u00e9to p\u0159\u00edru\u010dce se sezn\u00e1m\u00edme s hlavn\u00edmi z\u00e1sadami loty\u0161sk\u00e9 gramatiky, objasn\u00edme jej\u00ed slo\u017eitost a podpo\u0159\u00edme v\u00e1s na [&hellip;]<\/p>\n","protected":false},"author":1,"featured_media":115058,"parent":0,"menu_order":0,"comment_status":"closed","ping_status":"closed","template":"LearningContentPage.php","meta":{"_acf_changed":false,"footnotes":""},"class_list":["post-145736","page","type-page","status-publish","has-post-thumbnail","hentry"],"acf":[],"yoast_head":"<!-- This site is optimized with the Yoast SEO Premium plugin v27.2 (Yoast SEO v27.2) - https:\/\/yoast.com\/product\/yoast-seo-premium-wordpress\/ -->\n<title>Loty\u0161sk\u00e1 gramatika - Talkpal<\/title>\n<meta name=\"description\" content=\"Ovl\u00e1dn\u011bte loty\u0161skou gramatiku s jistotou - nau\u010dte se pravidla, procvi\u010dte si jejich pou\u017e\u00edv\u00e1n\u00ed a zvy\u0161te jazykovou spr\u00e1vnost jednodu\u0161e pomoc\u00ed Talkpals personalizovan\u00fdm veden\u00edm um\u011bl\u00e9 inteligence.\" \/>\n<meta name=\"robots\" content=\"index, follow, max-snippet:-1, max-image-preview:large, max-video-preview:-1\" \/>\n<link rel=\"canonical\" href=\"https:\/\/talkpal.ai\/cs\/lotysska-gramatika\/\" \/>\n<meta property=\"og:locale\" content=\"cs_CZ\" \/>\n<meta property=\"og:type\" content=\"article\" \/>\n<meta property=\"og:title\" content=\"Loty\u0161sk\u00e1 gramatika\" \/>\n<meta property=\"og:description\" content=\"Nejlep\u0161\u00ed pr\u016fvodce loty\u0161skou gramatikou: Navigace ve spletitosti jedine\u010dn\u00e9ho jazyka Loty\u0161sk\u00e1 gramatika, stejn\u011b jako jazyk s\u00e1m, p\u0159edstavuje bohatou a\" \/>\n<meta property=\"og:url\" content=\"https:\/\/talkpal.ai\/cs\/lotysska-gramatika\/\" \/>\n<meta property=\"og:site_name\" content=\"Talkpal\" \/>\n<meta property=\"article:publisher\" content=\"https:\/\/www.facebook.com\/profile.php?id=100090733639311\" \/>\n<meta property=\"article:modified_time\" content=\"2025-12-17T17:13:13+00:00\" \/>\n<meta property=\"og:image\" content=\"https:\/\/talkpal.ai\/wp-content\/uploads\/2023\/05\/latvia.png\" \/>\n\t<meta property=\"og:image:width\" content=\"512\" \/>\n\t<meta property=\"og:image:height\" content=\"512\" \/>\n\t<meta property=\"og:image:type\" content=\"image\/png\" \/>\n<meta name=\"twitter:card\" content=\"summary_large_image\" \/>\n<meta name=\"twitter:site\" content=\"@talkpalai\" \/>\n<meta name=\"twitter:label1\" content=\"Odhadovan\u00e1 doba \u010dten\u00ed\" \/>\n\t<meta name=\"twitter:data1\" content=\"5 minut\" \/>\n<script type=\"application\/ld+json\" class=\"yoast-schema-graph\">{\"@context\":\"https:\/\/schema.org\",\"@graph\":[{\"@type\":\"WebPage\",\"@id\":\"https:\/\/talkpal.ai\/cs\/lotysska-gramatika\/\",\"url\":\"https:\/\/talkpal.ai\/cs\/lotysska-gramatika\/\",\"name\":\"Loty\u0161sk\u00e1 gramatika - Talkpal\",\"isPartOf\":{\"@id\":\"https:\/\/talkpal.ai\/cs\/#website\"},\"primaryImageOfPage\":{\"@id\":\"https:\/\/talkpal.ai\/cs\/lotysska-gramatika\/#primaryimage\"},\"image\":{\"@id\":\"https:\/\/talkpal.ai\/cs\/lotysska-gramatika\/#primaryimage\"},\"thumbnailUrl\":\"https:\/\/talkpal.ai\/wp-content\/uploads\/2023\/05\/latvia.png\",\"datePublished\":\"2023-05-14T14:10:24+00:00\",\"dateModified\":\"2025-12-17T17:13:13+00:00\",\"description\":\"Ovl\u00e1dn\u011bte loty\u0161skou gramatiku s jistotou - nau\u010dte se pravidla, procvi\u010dte si jejich pou\u017e\u00edv\u00e1n\u00ed a zvy\u0161te jazykovou spr\u00e1vnost jednodu\u0161e pomoc\u00ed Talkpals personalizovan\u00fdm veden\u00edm um\u011bl\u00e9 inteligence.\",\"breadcrumb\":{\"@id\":\"https:\/\/talkpal.ai\/cs\/lotysska-gramatika\/#breadcrumb\"},\"inLanguage\":\"cs\",\"potentialAction\":[{\"@type\":\"ReadAction\",\"target\":[\"https:\/\/talkpal.ai\/cs\/lotysska-gramatika\/\"]}]},{\"@type\":\"ImageObject\",\"inLanguage\":\"cs\",\"@id\":\"https:\/\/talkpal.ai\/cs\/lotysska-gramatika\/#primaryimage\",\"url\":\"https:\/\/talkpal.ai\/wp-content\/uploads\/2023\/05\/latvia.png\",\"contentUrl\":\"https:\/\/talkpal.ai\/wp-content\/uploads\/2023\/05\/latvia.png\",\"width\":512,\"height\":512},{\"@type\":\"BreadcrumbList\",\"@id\":\"https:\/\/talkpal.ai\/cs\/lotysska-gramatika\/#breadcrumb\",\"itemListElement\":[{\"@type\":\"ListItem\",\"position\":1,\"name\":\"Homepage\",\"item\":\"https:\/\/talkpal.ai\/cs\/\"},{\"@type\":\"ListItem\",\"position\":2,\"name\":\"Loty\u0161sk\u00e1 gramatika\"}]},{\"@type\":\"WebSite\",\"@id\":\"https:\/\/talkpal.ai\/cs\/#website\",\"url\":\"https:\/\/talkpal.ai\/cs\/\",\"name\":\"Talkpal\",\"description\":\"AI Language Learning\",\"publisher\":{\"@id\":\"https:\/\/talkpal.ai\/cs\/#organization\"},\"alternateName\":\"Talkpal AI\",\"potentialAction\":[{\"@type\":\"SearchAction\",\"target\":{\"@type\":\"EntryPoint\",\"urlTemplate\":\"https:\/\/talkpal.ai\/cs\/?s={search_term_string}\"},\"query-input\":{\"@type\":\"PropertyValueSpecification\",\"valueRequired\":true,\"valueName\":\"search_term_string\"}}],\"inLanguage\":\"cs\"},{\"@type\":\"Organization\",\"@id\":\"https:\/\/talkpal.ai\/cs\/#organization\",\"name\":\"Talkpal, Inc.\",\"alternateName\":\"Talkpal AI\",\"url\":\"https:\/\/talkpal.ai\/cs\/\",\"logo\":{\"@type\":\"ImageObject\",\"inLanguage\":\"cs\",\"@id\":\"https:\/\/talkpal.ai\/cs\/#\/schema\/logo\/image\/\",\"url\":\"https:\/\/talkpal.ai\/wp-content\/uploads\/2024\/03\/Talkpal-Logo-Icon.png\",\"contentUrl\":\"https:\/\/talkpal.ai\/wp-content\/uploads\/2024\/03\/Talkpal-Logo-Icon.png\",\"width\":2880,\"height\":2880,\"caption\":\"Talkpal, Inc.\"},\"image\":{\"@id\":\"https:\/\/talkpal.ai\/cs\/#\/schema\/logo\/image\/\"},\"sameAs\":[\"https:\/\/www.facebook.com\/profile.php?id=100090733639311\",\"https:\/\/x.com\/talkpalai\",\"https:\/\/www.linkedin.com\/company\/talkpal\/\",\"https:\/\/www.youtube.com\/@TalkPal\/\",\"https:\/\/www.tiktok.com\/@talkpal\",\"https:\/\/www.instagram.com\/talkpal_ai\/\",\"https:\/\/www.crunchbase.com\/organization\/talkpal-9cde\",\"https:\/\/www.g2.com\/products\/talkpal-for-business\/\",\"https:\/\/www.trustpilot.com\/review\/talkpal.ai\",\"https:\/\/www.capterra.com\/p\/10006800\/TalkPal\/\"],\"description\":\"Talkpal is a language learning web and mobile education app, powered by the latest AI technologies, that provides engaging experiences to its customers in many different languages to help them improve their language skills. Users can chat about unlimited amount of topics with the app and use other modes to practice their language learning.\",\"email\":\"support@talkpal.ai\",\"legalName\":\"Talkpal, Inc.\",\"foundingDate\":\"2023-04-03\",\"duns\":\"118989042\",\"numberOfEmployees\":{\"@type\":\"QuantitativeValue\",\"minValue\":\"11\",\"maxValue\":\"50\"},\"publishingPrinciples\":\"https:\/\/talkpal.ai\/publishing-principles\/\",\"actionableFeedbackPolicy\":\"https:\/\/talkpal.ai\/actionable-feedback-policy\/\",\"correctionsPolicy\":\"https:\/\/talkpal.ai\/corrections-policy\/\",\"ethicsPolicy\":\"https:\/\/talkpal.ai\/ethics-policy\/\",\"diversityPolicy\":\"https:\/\/talkpal.ai\/diversity-policy\/\",\"diversityStaffingReport\":\"https:\/\/talkpal.ai\/diversity-policy\/\"}]}<\/script>\n<!-- \/ Yoast SEO Premium plugin. -->","yoast_head_json":{"title":"Loty\u0161sk\u00e1 gramatika - Talkpal","description":"Ovl\u00e1dn\u011bte loty\u0161skou gramatiku s jistotou - nau\u010dte se pravidla, procvi\u010dte si jejich pou\u017e\u00edv\u00e1n\u00ed a zvy\u0161te jazykovou spr\u00e1vnost jednodu\u0161e pomoc\u00ed Talkpals personalizovan\u00fdm veden\u00edm um\u011bl\u00e9 inteligence.","robots":{"index":"index","follow":"follow","max-snippet":"max-snippet:-1","max-image-preview":"max-image-preview:large","max-video-preview":"max-video-preview:-1"},"canonical":"https:\/\/talkpal.ai\/cs\/lotysska-gramatika\/","og_locale":"cs_CZ","og_type":"article","og_title":"Loty\u0161sk\u00e1 gramatika","og_description":"Nejlep\u0161\u00ed pr\u016fvodce loty\u0161skou gramatikou: Navigace ve spletitosti jedine\u010dn\u00e9ho jazyka Loty\u0161sk\u00e1 gramatika, stejn\u011b jako jazyk s\u00e1m, p\u0159edstavuje bohatou a","og_url":"https:\/\/talkpal.ai\/cs\/lotysska-gramatika\/","og_site_name":"Talkpal","article_publisher":"https:\/\/www.facebook.com\/profile.php?id=100090733639311","article_modified_time":"2025-12-17T17:13:13+00:00","og_image":[{"width":512,"height":512,"url":"https:\/\/talkpal.ai\/wp-content\/uploads\/2023\/05\/latvia.png","type":"image\/png"}],"twitter_card":"summary_large_image","twitter_site":"@talkpalai","twitter_misc":{"Odhadovan\u00e1 doba \u010dten\u00ed":"5 minut"},"schema":{"@context":"https:\/\/schema.org","@graph":[{"@type":"WebPage","@id":"https:\/\/talkpal.ai\/cs\/lotysska-gramatika\/","url":"https:\/\/talkpal.ai\/cs\/lotysska-gramatika\/","name":"Loty\u0161sk\u00e1 gramatika - Talkpal","isPartOf":{"@id":"https:\/\/talkpal.ai\/cs\/#website"},"primaryImageOfPage":{"@id":"https:\/\/talkpal.ai\/cs\/lotysska-gramatika\/#primaryimage"},"image":{"@id":"https:\/\/talkpal.ai\/cs\/lotysska-gramatika\/#primaryimage"},"thumbnailUrl":"https:\/\/talkpal.ai\/wp-content\/uploads\/2023\/05\/latvia.png","datePublished":"2023-05-14T14:10:24+00:00","dateModified":"2025-12-17T17:13:13+00:00","description":"Ovl\u00e1dn\u011bte loty\u0161skou gramatiku s jistotou - nau\u010dte se pravidla, procvi\u010dte si jejich pou\u017e\u00edv\u00e1n\u00ed a zvy\u0161te jazykovou spr\u00e1vnost jednodu\u0161e pomoc\u00ed Talkpals personalizovan\u00fdm veden\u00edm um\u011bl\u00e9 inteligence.","breadcrumb":{"@id":"https:\/\/talkpal.ai\/cs\/lotysska-gramatika\/#breadcrumb"},"inLanguage":"cs","potentialAction":[{"@type":"ReadAction","target":["https:\/\/talkpal.ai\/cs\/lotysska-gramatika\/"]}]},{"@type":"ImageObject","inLanguage":"cs","@id":"https:\/\/talkpal.ai\/cs\/lotysska-gramatika\/#primaryimage","url":"https:\/\/talkpal.ai\/wp-content\/uploads\/2023\/05\/latvia.png","contentUrl":"https:\/\/talkpal.ai\/wp-content\/uploads\/2023\/05\/latvia.png","width":512,"height":512},{"@type":"BreadcrumbList","@id":"https:\/\/talkpal.ai\/cs\/lotysska-gramatika\/#breadcrumb","itemListElement":[{"@type":"ListItem","position":1,"name":"Homepage","item":"https:\/\/talkpal.ai\/cs\/"},{"@type":"ListItem","position":2,"name":"Loty\u0161sk\u00e1 gramatika"}]},{"@type":"WebSite","@id":"https:\/\/talkpal.ai\/cs\/#website","url":"https:\/\/talkpal.ai\/cs\/","name":"Talkpal","description":"AI Language Learning","publisher":{"@id":"https:\/\/talkpal.ai\/cs\/#organization"},"alternateName":"Talkpal AI","potentialAction":[{"@type":"SearchAction","target":{"@type":"EntryPoint","urlTemplate":"https:\/\/talkpal.ai\/cs\/?s={search_term_string}"},"query-input":{"@type":"PropertyValueSpecification","valueRequired":true,"valueName":"search_term_string"}}],"inLanguage":"cs"},{"@type":"Organization","@id":"https:\/\/talkpal.ai\/cs\/#organization","name":"Talkpal, Inc.","alternateName":"Talkpal AI","url":"https:\/\/talkpal.ai\/cs\/","logo":{"@type":"ImageObject","inLanguage":"cs","@id":"https:\/\/talkpal.ai\/cs\/#\/schema\/logo\/image\/","url":"https:\/\/talkpal.ai\/wp-content\/uploads\/2024\/03\/Talkpal-Logo-Icon.png","contentUrl":"https:\/\/talkpal.ai\/wp-content\/uploads\/2024\/03\/Talkpal-Logo-Icon.png","width":2880,"height":2880,"caption":"Talkpal, Inc."},"image":{"@id":"https:\/\/talkpal.ai\/cs\/#\/schema\/logo\/image\/"},"sameAs":["https:\/\/www.facebook.com\/profile.php?id=100090733639311","https:\/\/x.com\/talkpalai","https:\/\/www.linkedin.com\/company\/talkpal\/","https:\/\/www.youtube.com\/@TalkPal\/","https:\/\/www.tiktok.com\/@talkpal","https:\/\/www.instagram.com\/talkpal_ai\/","https:\/\/www.crunchbase.com\/organization\/talkpal-9cde","https:\/\/www.g2.com\/products\/talkpal-for-business\/","https:\/\/www.trustpilot.com\/review\/talkpal.ai","https:\/\/www.capterra.com\/p\/10006800\/TalkPal\/"],"description":"Talkpal is a language learning web and mobile education app, powered by the latest AI technologies, that provides engaging experiences to its customers in many different languages to help them improve their language skills. Users can chat about unlimited amount of topics with the app and use other modes to practice their language learning.","email":"support@talkpal.ai","legalName":"Talkpal, Inc.","foundingDate":"2023-04-03","duns":"118989042","numberOfEmployees":{"@type":"QuantitativeValue","minValue":"11","maxValue":"50"},"publishingPrinciples":"https:\/\/talkpal.ai\/publishing-principles\/","actionableFeedbackPolicy":"https:\/\/talkpal.ai\/actionable-feedback-policy\/","correctionsPolicy":"https:\/\/talkpal.ai\/corrections-policy\/","ethicsPolicy":"https:\/\/talkpal.ai\/ethics-policy\/","diversityPolicy":"https:\/\/talkpal.ai\/diversity-policy\/","diversityStaffingReport":"https:\/\/talkpal.ai\/diversity-policy\/"}]}},"_links":{"self":[{"href":"https:\/\/talkpal.ai\/cs\/wp-json\/wp\/v2\/pages\/145736","targetHints":{"allow":["GET"]}}],"collection":[{"href":"https:\/\/talkpal.ai\/cs\/wp-json\/wp\/v2\/pages"}],"about":[{"href":"https:\/\/talkpal.ai\/cs\/wp-json\/wp\/v2\/types\/page"}],"author":[{"embeddable":true,"href":"https:\/\/talkpal.ai\/cs\/wp-json\/wp\/v2\/users\/1"}],"replies":[{"embeddable":true,"href":"https:\/\/talkpal.ai\/cs\/wp-json\/wp\/v2\/comments?post=145736"}],"version-history":[{"count":0,"href":"https:\/\/talkpal.ai\/cs\/wp-json\/wp\/v2\/pages\/145736\/revisions"}],"wp:featuredmedia":[{"embeddable":true,"href":"https:\/\/talkpal.ai\/cs\/wp-json\/wp\/v2\/media\/115058"}],"wp:attachment":[{"href":"https:\/\/talkpal.ai\/cs\/wp-json\/wp\/v2\/media?parent=145736"}],"curies":[{"name":"wp","href":"https:\/\/api.w.org\/{rel}","templated":true}]}}