{"id":145566,"date":"2023-05-14T14:09:47","date_gmt":"2023-05-14T14:09:47","guid":{"rendered":"http:\/\/talkpal.ai\/kannadska-gramatika\/"},"modified":"2025-12-11T16:23:34","modified_gmt":"2025-12-11T16:23:34","slug":"kannadska-gramatika","status":"publish","type":"page","link":"https:\/\/talkpal.ai\/cs\/kannadska-gramatika\/","title":{"rendered":"Kannadsk\u00e1 gramatika"},"content":{"rendered":"\r\n\r\n\r\n<section class=\"languageChallengeSection\">\r\n    <div class=\"languageInfoWrapper\">\r\n        \r\n        <h1>Kannadsk\u00e1 gramatika<\/h1>\r\n        <p>T\u011b\u0161\u00edte se na kannad\u0161tinu? Pono\u0159te se do gramatiky kannad\u0161tiny, kter\u00e1 obsahuje bohat\u00e9 slovesn\u00e9 vazby, rodov\u00e1 podstatn\u00e1 jm\u00e9na a logick\u00fd syst\u00e9m p\u00e1d\u016f, kter\u00fd o\u017eivuje jazyk. Za\u010dn\u011bte se u\u010dit je\u0161t\u011b dnes &#8211; zvl\u00e1dnut\u00ed gramatiky kannad\u0161tiny v\u00e1m poskytne n\u00e1stroje, kter\u00e9 v\u00e1m umo\u017en\u00ed hluboce se s\u017e\u00edt s \u017eivou kulturou Karn\u00e1taky a s jistotou komunikovat v jednom z nejv\u00fdrazn\u011bj\u0161\u00edch jazyk\u016f ji\u017en\u00ed Indie!<\/p>\r\n\r\n                            <a class=\"getStartedHidden\" href=\"https:\/\/app.talkpal.ai\/cs\/signup?lng=\">Za\u010dni<\/a>\r\n        \r\n    <\/div>\r\n\r\n    <figure>\r\n    <img decoding=\"async\" width=\"768\" height=\"768\" src=\"https:\/\/talkpal.ai\/wp-content\/uploads\/2023\/06\/Kannada-768x768.png\" class=\"languageImage no-lazy\" alt=\"Language learning for increased mental flexibility\" fetchpriority=\"high\" sizes=\"(max-width: 768px) 150px, 768px\" srcset=\"https:\/\/talkpal.ai\/wp-content\/uploads\/2023\/06\/Kannada-768x768.png 768w, https:\/\/talkpal.ai\/wp-content\/uploads\/2023\/06\/Kannada-300x300.png 300w\" \/>\r\n    \r\n\r\n    <\/figure>\r\n\r\n            <a class=\"getStartedVisible\" href=\"https:\/\/app.talkpal.ai\/cs\/signup?lng=\">Za\u010dni<\/a>\r\n    \r\n<\/section>\r\n<section class=\"promotionalBanner\">\r\n    <p class=\"promotionalText\">Nejefektivn\u011bj\u0161\u00ed zp\u016fsob, jak se nau\u010dit jazyk<\/p>\r\n    <a class=\"promotionalLink\" href=\"https:\/\/app.talkpal.ai\/cs\/signup?lng=\">Vyzkou\u0161ejte Talkpal zdarma<\/a>\r\n<\/section>\n<div class=\"wp-block-group pageContainerStyle\"><div class=\"wp-block-group__inner-container is-layout-constrained wp-block-group-is-layout-constrained\">\n<h2 class=\"wp-block-heading\" id=\"h-kannada-grammar-an-insight-into-the-richness-of-the-dravidian-language\">Kannadsk\u00e1 gramatika: Vhled do bohatstv\u00ed dr\u00e1vidsk\u00e9ho jazyka<\/h2>\n\n\n\n<p>P\u0159em\u00fd\u0161leli jste n\u011bkdy o jazykov\u00e9 rozmanitosti Indie? Jako jazykov\u00fd nad\u0161enec nebo zv\u00eddav\u00fd student by v\u00e1s mohlo zaj\u00edmat bl\u00ed\u017ee jeden z klasick\u00fdch jazyk\u016f Indie \u2013 <a href=\"https:\/\/talkpal.ai\/learn-kannada\/\">kannad\u0161tina<\/a>. <a href=\"https:\/\/talkpal.ai\/learn-kannada\/\">Kannad\u0161tina<\/a> je dr\u00e1vidsk\u00fd jazyk, kter\u00fdm se mluv\u00ed p\u0159ev\u00e1\u017en\u011b v ji\u017en\u00edm st\u00e1t\u011b Karnataka. Je to rodn\u00fd jazyk p\u0159ibli\u017en\u011b 44 milion\u016f lid\u00ed, co\u017e z n\u011bj \u010din\u00ed jeden z hlavn\u00edch indick\u00fdch jazyk\u016f. Poj\u010fme se pono\u0159it do fascinuj\u00edc\u00edho sv\u011bta gramatiky kannad\u0161tiny a dozv\u011bd\u011bt se v\u00edce o tomto kr\u00e1sn\u00e9m jazyce.<\/p>\n\n\n\n<h3 class=\"wp-block-heading\" id=\"h-the-linguistic-alphabet-kannada-script\">Lingvistick\u00e1 abeceda: Kannadsk\u00e9 p\u00edsmo<\/h3>\n\n\n\n<p>Kannadsk\u00e9 p\u00edsmo, zn\u00e1m\u00e9 tak\u00e9 jako &#8222;\u0c95\u0ca8\u0ccd\u0ca8\u0ca1 \u0cb2\u0cbf\u0caa\u0cbf&#8220; (Kannada Lipi), je abugida &#8211; syst\u00e9m p\u00edsma se slabi\u010dn\u00fdmi abecedami. Ka\u017ed\u00e9 p\u00edsmeno p\u0159edstavuje jinou kombinaci souhl\u00e1sky a samohl\u00e1sky. P\u00edsmo se skl\u00e1d\u00e1 ze 49 znak\u016f, z toho 34 souhl\u00e1sek a 13 samohl\u00e1sek. Kannadsk\u00e9 p\u00edsmo s vizu\u00e1ln\u011b odli\u0161n\u00fdm vzhledem je \u00fa\u017easn\u011b jedine\u010dn\u00fdm zp\u016fsobem, jak vyj\u00e1d\u0159it zvuky a v\u00fdznamy jazyka.<\/p>\n\n\n\n<h3 class=\"wp-block-heading\" id=\"h-nouns-pronouns-and-cases-more-than-meets-the-eye\">Podstatn\u00e1 jm\u00e9na, z\u00e1jmena a p\u00e1dy \u2013 v\u00edc, ne\u017e se na prvn\u00ed pohled zd\u00e1<\/h3>\n\n\n\n<p>Kannadsk\u00e1 podstatn\u00e1 jm\u00e9na jsou jedine\u010dn\u00e1 d\u00edky sv\u00e9mu sklo\u0148ovac\u00edmu syst\u00e9mu \u2013 \u0159\u00edd\u00ed se p\u00e1dov\u00fdm syst\u00e9mem podobn\u011b jako ostatn\u00ed dr\u00e1vidsk\u00e9 <a href=\"https:\/\/talkpal.ai\/what-language-is-spoken-on-the-international-space-station\/\">jazyky<\/a>. V kannad\u0161tin\u011b existuje osm p\u00e1d\u016f, kter\u00e9 pom\u00e1haj\u00ed definovat vztah mezi podstatn\u00fdm jm\u00e9nem a ostatn\u00edmi slovy ve v\u011bt\u011b: nominativ, akuzativ, instrument\u00e1l, dativ, ablativ, genitiv, lok\u00e1l a vokativ. Podstatn\u00e1 jm\u00e9na v kannad\u0161tin\u011b jsou tak\u00e9 klasifikov\u00e1na podle rodu (mu\u017esk\u00fd, \u017eensk\u00fd a st\u0159edn\u00ed) a \u010d\u00edsla (jednotn\u00e9 \u010d\u00edslo, mno\u017en\u00e9 \u010d\u00edslo a du\u00e1l \u2013 vz\u00e1cn\u00fd rys mezi indick\u00fdmi jazyky).<\/p>\n\n\n\n<p>Z\u00e1jmena v kannad\u0161tin\u011b jsou tak\u00e9 fascinuj\u00edc\u00ed. Nesou rozli\u0161en\u00ed pro ka\u017edou osobu (prvn\u00ed, druhou a t\u0159et\u00ed), \u010d\u00edslo (jednotn\u00e9, mno\u017en\u00e9 a du\u00e1ln\u00ed) a pohlav\u00ed (mu\u017esk\u00fd, \u017eensk\u00fd a st\u0159edn\u00ed). Krom\u011b toho m\u00e1 kannad\u0161tina n\u011bkolik \u010destn\u00fdch forem osloven\u00ed, kter\u00e9 dokl\u00e1daj\u00ed kulturn\u00ed aspekty \u00facty a zdvo\u0159ilosti v tomto jazyce.<\/p>\n\n\n\n<h3 class=\"wp-block-heading\" id=\"h-venturing-into-verbs-tenses-aspects-and-moods\">Pustit se do sloves: \u010dasy, aspekty a n\u00e1lady<\/h3>\n\n\n\n<p>Kannadsk\u00e1 slovesa se vyzna\u010duj\u00ed bohat\u00fdm syst\u00e9mem \u010dasov\u00e1n\u00ed. Slovesa se \u010dasuj\u00ed podle \u010dasu (minul\u00fd, p\u0159\u00edtomn\u00fd a budouc\u00ed), vidu (dokonav\u00fd nebo nedokonav\u00fd) a n\u00e1lady (indikativn\u00ed, rozkazovac\u00ed a kondicion\u00e1l). Dal\u0161\u00ed slo\u017eitost je p\u0159id\u00e1na p\u0159\u00edtomnost\u00ed kauzativn\u00edch sloves a trpn\u00e9ho a \u010dinn\u00e9ho rodu. Konjugace z\u00e1vis\u00ed na osob\u011b, \u010d\u00edsle a pohlav\u00ed, d\u00edky \u010demu\u017e jsou formy sloves v kannad\u0161tin\u011b vysoce sklo\u0148ovan\u00e9 a slo\u017eit\u00e9.<\/p>\n\n\n\n<h3 class=\"wp-block-heading\" id=\"h-adjectives-adverbs-and-more\">P\u0159\u00eddavn\u00e1 jm\u00e9na, p\u0159\u00edslovce a dal\u0161\u00ed<\/h3>\n\n\n\n<p>Kannadsk\u00e1 p\u0159\u00eddavn\u00e1 jm\u00e9na a \u010d\u00edslovky souhlas\u00ed s podstatn\u00fdmi jm\u00e9ny, kter\u00e1 modifikuj\u00ed, pokud jde o rod, \u010d\u00edslo a p\u00e1d. P\u0159\u00eddavn\u00e1 jm\u00e9na lze sklo\u0148ovat stejn\u00fdm zp\u016fsobem jako podstatn\u00e1 jm\u00e9na a lze je dokonce kombinovat a tvo\u0159it p\u0159\u00edslovce. Jazyk tak\u00e9 pou\u017e\u00edv\u00e1 r\u016fzn\u00e9 spojky, \u010d\u00e1stice a p\u0159edlo\u017eky, aby spojil v\u011bty a jejich slo\u017eky do soudr\u017en\u00e9ho a v\u00fdrazov\u00e9ho celku.<\/p>\n\n\n\n<h3 class=\"wp-block-heading\" id=\"h-embracing-the-beauty-of-kannada-grammar\">P\u0159ijet\u00ed kr\u00e1sy kannadsk\u00e9 gramatiky<\/h3>\n\n\n\n<p>Sv\u011bt kannadsk\u00e9 gramatiky je stejn\u011b fascinuj\u00edc\u00ed jako slo\u017eit\u00fd. Slo\u017eit\u00fd p\u00e1dov\u00fd syst\u00e9m, jedine\u010dn\u00e9 p\u00edsmo a vysoce sklo\u0148ovan\u00e9 slovesn\u00e9 tvary dod\u00e1vaj\u00ed kannad\u0161tin\u011b jej\u00ed kouzlo a bohatost. Pono\u0159en\u00edm se do \u0159\u00ed\u0161e tohoto n\u00e1dhern\u00e9ho jazyka z\u00edsk\u00e1te hlub\u0161\u00ed pochopen\u00ed jazykov\u00e9 a kulturn\u00ed rozmanitosti Indie.<\/p>\n\n\n\n<p>Pro\u010d tedy neprozkoumat kr\u00e1sy Kannady d\u00e1le? S v\u00e1\u0161n\u00ed a zv\u011bdavost\u00ed se mo\u017en\u00e1 brzy p\u0159istihnete, \u017ee si u\u017e\u00edv\u00e1te n\u00e1dhernou literaturu, film a hudbu v tomto majest\u00e1tn\u00edm jazyce. \u0160\u0165astn\u00e9 u\u010den\u00ed!<\/p>\n<\/div><\/div>\n\r\n<section class=\"learnNavigationSection\">\r\n            \r\n        <a href=\"https:\/\/talkpal.ai\/cs\/naucte-se-kannadsky\/\">\r\n            <div class=\"learnNavigationWrapper\">\r\n                <div class=\"learnNavigationContent\">\r\n                    <img decoding=\"async\" src=\"https:\/\/talkpal.ai\/wp-content\/uploads\/2024\/08\/Kannada.jpg\" alt=\"Indian Simplified Flag\">\r\n                    <div>\r\n                        <h4>O u\u010den\u00ed kannad\u0161tiny<\/h4>\r\n                        <p>Zjist\u011bte v\u0161e o kannadsk\u00e9 gramatice.<\/p>\r\n                    <\/div>\r\n                <\/div>\r\n            <\/div>\r\n        <\/a>\r\n\r\n        \r\n        <a href=\"https:\/\/talkpal.ai\/cs\/cviceni-na-gramatiku-kannadstiny\/\">\r\n            <div class=\"learnNavigationWrapper\">\r\n                <div class=\"learnNavigationContent\">\r\n                    <img decoding=\"async\" src=\"https:\/\/talkpal.ai\/wp-content\/uploads\/2024\/08\/Kannada.jpg\" alt=\"Indian Simplified Flag\">\r\n                    <div>\r\n                        <h4>Cvi\u010den\u00ed z gramatiky kannad\u0161tiny<\/h4>\r\n                        <p>Procvi\u010dte si gramatiku kannad\u0161tiny .<\/p>\r\n                    <\/div>\r\n                <\/div>\r\n            <\/div>\r\n        <\/a>\r\n\r\n        \r\n        <a href=\"https:\/\/talkpal.ai\/vocabulary_language\/kannada\/\">\r\n            <div class=\"learnNavigationWrapper\">\r\n                <div class=\"learnNavigationContent\">\r\n                    <img decoding=\"async\" src=\"https:\/\/talkpal.ai\/wp-content\/uploads\/2024\/08\/Kannada.jpg\" alt=\"Indian Simplified Flag\">\r\n                    <div>\r\n                        <h4>Kannadsk\u00e1 slovn\u00ed z\u00e1soba<\/h4>\r\n                        <p>Roz\u0161i\u0159te si slovn\u00ed z\u00e1sobu v kannad\u0161tin\u011b.<\/p>\r\n                    <\/div>\r\n                <\/div>\r\n            <\/div>\r\n        <\/a>\r\n\r\n            <\/section>","protected":false},"excerpt":{"rendered":"<p>Kannadsk\u00e1 gramatika: Vhled do bohatstv\u00ed dr\u00e1vidsk\u00e9ho jazyka P\u0159em\u00fd\u0161leli jste n\u011bkdy o jazykov\u00e9 rozmanitosti Indie? Jako jazykov\u00fd nad\u0161enec nebo zv\u00eddav\u00fd student by v\u00e1s mohlo zaj\u00edmat bl\u00ed\u017ee jeden z klasick\u00fdch jazyk\u016f Indie \u2013 kannad\u0161tina. Kannad\u0161tina je dr\u00e1vidsk\u00fd jazyk, kter\u00fdm se mluv\u00ed p\u0159ev\u00e1\u017en\u011b v ji\u017en\u00edm st\u00e1t\u011b Karnataka. Je to rodn\u00fd jazyk p\u0159ibli\u017en\u011b 44 milion\u016f lid\u00ed, co\u017e z n\u011bj [&hellip;]<\/p>\n","protected":false},"author":1,"featured_media":113670,"parent":0,"menu_order":0,"comment_status":"closed","ping_status":"closed","template":"LearningContentPage.php","meta":{"_acf_changed":false,"footnotes":""},"class_list":["post-145566","page","type-page","status-publish","has-post-thumbnail","hentry"],"acf":[],"yoast_head":"<!-- This site is optimized with the Yoast SEO Premium plugin v27.2 (Yoast SEO v27.2) - https:\/\/yoast.com\/product\/yoast-seo-premium-wordpress\/ -->\n<title>Kannadsk\u00e1 gramatika - Talkpal<\/title>\n<meta name=\"description\" content=\"U\u010dte se s jistotou gramatiku kannad\u0161tiny - pochopte kl\u00ed\u010dov\u00e1 pravidla, zdokonalte stavbu v\u011bt a zvy\u0161te plynulost\" \/>\n<meta name=\"robots\" content=\"index, follow, max-snippet:-1, max-image-preview:large, max-video-preview:-1\" \/>\n<link rel=\"canonical\" href=\"https:\/\/talkpal.ai\/cs\/kannadska-gramatika\/\" \/>\n<meta property=\"og:locale\" content=\"cs_CZ\" \/>\n<meta property=\"og:type\" content=\"article\" \/>\n<meta property=\"og:title\" content=\"Kannadsk\u00e1 gramatika\" \/>\n<meta property=\"og:description\" content=\"Kannadsk\u00e1 gramatika: Vhled do bohatstv\u00ed dr\u00e1vidsk\u00e9ho jazyka P\u0159em\u00fd\u0161leli jste n\u011bkdy o jazykov\u00e9 rozmanitosti Indie? Jako jazykov\u00fd nad\u0161enec nebo zv\u00eddav\u00fd\" \/>\n<meta property=\"og:url\" content=\"https:\/\/talkpal.ai\/cs\/kannadska-gramatika\/\" \/>\n<meta property=\"og:site_name\" content=\"Talkpal\" \/>\n<meta property=\"article:publisher\" content=\"https:\/\/www.facebook.com\/profile.php?id=100090733639311\" \/>\n<meta property=\"article:modified_time\" content=\"2025-12-11T16:23:34+00:00\" \/>\n<meta property=\"og:image\" content=\"https:\/\/talkpal.ai\/wp-content\/uploads\/2023\/05\/Kannada-india.png\" \/>\n\t<meta property=\"og:image:width\" content=\"512\" \/>\n\t<meta property=\"og:image:height\" content=\"512\" \/>\n\t<meta property=\"og:image:type\" content=\"image\/png\" \/>\n<meta name=\"twitter:card\" content=\"summary_large_image\" \/>\n<meta name=\"twitter:site\" content=\"@talkpalai\" \/>\n<meta name=\"twitter:label1\" content=\"Odhadovan\u00e1 doba \u010dten\u00ed\" \/>\n\t<meta name=\"twitter:data1\" content=\"3 minuty\" \/>\n<script type=\"application\/ld+json\" class=\"yoast-schema-graph\">{\"@context\":\"https:\/\/schema.org\",\"@graph\":[{\"@type\":\"WebPage\",\"@id\":\"https:\/\/talkpal.ai\/cs\/kannadska-gramatika\/\",\"url\":\"https:\/\/talkpal.ai\/cs\/kannadska-gramatika\/\",\"name\":\"Kannadsk\u00e1 gramatika - Talkpal\",\"isPartOf\":{\"@id\":\"https:\/\/talkpal.ai\/cs\/#website\"},\"primaryImageOfPage\":{\"@id\":\"https:\/\/talkpal.ai\/cs\/kannadska-gramatika\/#primaryimage\"},\"image\":{\"@id\":\"https:\/\/talkpal.ai\/cs\/kannadska-gramatika\/#primaryimage\"},\"thumbnailUrl\":\"https:\/\/talkpal.ai\/wp-content\/uploads\/2023\/05\/Kannada-india.png\",\"datePublished\":\"2023-05-14T14:09:47+00:00\",\"dateModified\":\"2025-12-11T16:23:34+00:00\",\"description\":\"U\u010dte se s jistotou gramatiku kannad\u0161tiny - pochopte kl\u00ed\u010dov\u00e1 pravidla, zdokonalte stavbu v\u011bt a zvy\u0161te plynulost\",\"breadcrumb\":{\"@id\":\"https:\/\/talkpal.ai\/cs\/kannadska-gramatika\/#breadcrumb\"},\"inLanguage\":\"cs\",\"potentialAction\":[{\"@type\":\"ReadAction\",\"target\":[\"https:\/\/talkpal.ai\/cs\/kannadska-gramatika\/\"]}]},{\"@type\":\"ImageObject\",\"inLanguage\":\"cs\",\"@id\":\"https:\/\/talkpal.ai\/cs\/kannadska-gramatika\/#primaryimage\",\"url\":\"https:\/\/talkpal.ai\/wp-content\/uploads\/2023\/05\/Kannada-india.png\",\"contentUrl\":\"https:\/\/talkpal.ai\/wp-content\/uploads\/2023\/05\/Kannada-india.png\",\"width\":512,\"height\":512},{\"@type\":\"BreadcrumbList\",\"@id\":\"https:\/\/talkpal.ai\/cs\/kannadska-gramatika\/#breadcrumb\",\"itemListElement\":[{\"@type\":\"ListItem\",\"position\":1,\"name\":\"Homepage\",\"item\":\"https:\/\/talkpal.ai\/cs\/\"},{\"@type\":\"ListItem\",\"position\":2,\"name\":\"Kannadsk\u00e1 gramatika\"}]},{\"@type\":\"WebSite\",\"@id\":\"https:\/\/talkpal.ai\/cs\/#website\",\"url\":\"https:\/\/talkpal.ai\/cs\/\",\"name\":\"Talkpal\",\"description\":\"AI Language Learning\",\"publisher\":{\"@id\":\"https:\/\/talkpal.ai\/cs\/#organization\"},\"alternateName\":\"Talkpal AI\",\"potentialAction\":[{\"@type\":\"SearchAction\",\"target\":{\"@type\":\"EntryPoint\",\"urlTemplate\":\"https:\/\/talkpal.ai\/cs\/?s={search_term_string}\"},\"query-input\":{\"@type\":\"PropertyValueSpecification\",\"valueRequired\":true,\"valueName\":\"search_term_string\"}}],\"inLanguage\":\"cs\"},{\"@type\":\"Organization\",\"@id\":\"https:\/\/talkpal.ai\/cs\/#organization\",\"name\":\"Talkpal, Inc.\",\"alternateName\":\"Talkpal AI\",\"url\":\"https:\/\/talkpal.ai\/cs\/\",\"logo\":{\"@type\":\"ImageObject\",\"inLanguage\":\"cs\",\"@id\":\"https:\/\/talkpal.ai\/cs\/#\/schema\/logo\/image\/\",\"url\":\"https:\/\/talkpal.ai\/wp-content\/uploads\/2024\/03\/Talkpal-Logo-Icon.png\",\"contentUrl\":\"https:\/\/talkpal.ai\/wp-content\/uploads\/2024\/03\/Talkpal-Logo-Icon.png\",\"width\":2880,\"height\":2880,\"caption\":\"Talkpal, Inc.\"},\"image\":{\"@id\":\"https:\/\/talkpal.ai\/cs\/#\/schema\/logo\/image\/\"},\"sameAs\":[\"https:\/\/www.facebook.com\/profile.php?id=100090733639311\",\"https:\/\/x.com\/talkpalai\",\"https:\/\/www.linkedin.com\/company\/talkpal\/\",\"https:\/\/www.youtube.com\/@TalkPal\/\",\"https:\/\/www.tiktok.com\/@talkpal\",\"https:\/\/www.instagram.com\/talkpal_ai\/\",\"https:\/\/www.crunchbase.com\/organization\/talkpal-9cde\",\"https:\/\/www.g2.com\/products\/talkpal-for-business\/\",\"https:\/\/www.trustpilot.com\/review\/talkpal.ai\",\"https:\/\/www.capterra.com\/p\/10006800\/TalkPal\/\"],\"description\":\"Talkpal is a language learning web and mobile education app, powered by the latest AI technologies, that provides engaging experiences to its customers in many different languages to help them improve their language skills. Users can chat about unlimited amount of topics with the app and use other modes to practice their language learning.\",\"email\":\"support@talkpal.ai\",\"legalName\":\"Talkpal, Inc.\",\"foundingDate\":\"2023-04-03\",\"duns\":\"118989042\",\"numberOfEmployees\":{\"@type\":\"QuantitativeValue\",\"minValue\":\"11\",\"maxValue\":\"50\"},\"publishingPrinciples\":\"https:\/\/talkpal.ai\/publishing-principles\/\",\"actionableFeedbackPolicy\":\"https:\/\/talkpal.ai\/actionable-feedback-policy\/\",\"correctionsPolicy\":\"https:\/\/talkpal.ai\/corrections-policy\/\",\"ethicsPolicy\":\"https:\/\/talkpal.ai\/ethics-policy\/\",\"diversityPolicy\":\"https:\/\/talkpal.ai\/diversity-policy\/\",\"diversityStaffingReport\":\"https:\/\/talkpal.ai\/diversity-policy\/\"}]}<\/script>\n<!-- \/ Yoast SEO Premium plugin. -->","yoast_head_json":{"title":"Kannadsk\u00e1 gramatika - Talkpal","description":"U\u010dte se s jistotou gramatiku kannad\u0161tiny - pochopte kl\u00ed\u010dov\u00e1 pravidla, zdokonalte stavbu v\u011bt a zvy\u0161te plynulost","robots":{"index":"index","follow":"follow","max-snippet":"max-snippet:-1","max-image-preview":"max-image-preview:large","max-video-preview":"max-video-preview:-1"},"canonical":"https:\/\/talkpal.ai\/cs\/kannadska-gramatika\/","og_locale":"cs_CZ","og_type":"article","og_title":"Kannadsk\u00e1 gramatika","og_description":"Kannadsk\u00e1 gramatika: Vhled do bohatstv\u00ed dr\u00e1vidsk\u00e9ho jazyka P\u0159em\u00fd\u0161leli jste n\u011bkdy o jazykov\u00e9 rozmanitosti Indie? Jako jazykov\u00fd nad\u0161enec nebo zv\u00eddav\u00fd","og_url":"https:\/\/talkpal.ai\/cs\/kannadska-gramatika\/","og_site_name":"Talkpal","article_publisher":"https:\/\/www.facebook.com\/profile.php?id=100090733639311","article_modified_time":"2025-12-11T16:23:34+00:00","og_image":[{"width":512,"height":512,"url":"https:\/\/talkpal.ai\/wp-content\/uploads\/2023\/05\/Kannada-india.png","type":"image\/png"}],"twitter_card":"summary_large_image","twitter_site":"@talkpalai","twitter_misc":{"Odhadovan\u00e1 doba \u010dten\u00ed":"3 minuty"},"schema":{"@context":"https:\/\/schema.org","@graph":[{"@type":"WebPage","@id":"https:\/\/talkpal.ai\/cs\/kannadska-gramatika\/","url":"https:\/\/talkpal.ai\/cs\/kannadska-gramatika\/","name":"Kannadsk\u00e1 gramatika - Talkpal","isPartOf":{"@id":"https:\/\/talkpal.ai\/cs\/#website"},"primaryImageOfPage":{"@id":"https:\/\/talkpal.ai\/cs\/kannadska-gramatika\/#primaryimage"},"image":{"@id":"https:\/\/talkpal.ai\/cs\/kannadska-gramatika\/#primaryimage"},"thumbnailUrl":"https:\/\/talkpal.ai\/wp-content\/uploads\/2023\/05\/Kannada-india.png","datePublished":"2023-05-14T14:09:47+00:00","dateModified":"2025-12-11T16:23:34+00:00","description":"U\u010dte se s jistotou gramatiku kannad\u0161tiny - pochopte kl\u00ed\u010dov\u00e1 pravidla, zdokonalte stavbu v\u011bt a zvy\u0161te plynulost","breadcrumb":{"@id":"https:\/\/talkpal.ai\/cs\/kannadska-gramatika\/#breadcrumb"},"inLanguage":"cs","potentialAction":[{"@type":"ReadAction","target":["https:\/\/talkpal.ai\/cs\/kannadska-gramatika\/"]}]},{"@type":"ImageObject","inLanguage":"cs","@id":"https:\/\/talkpal.ai\/cs\/kannadska-gramatika\/#primaryimage","url":"https:\/\/talkpal.ai\/wp-content\/uploads\/2023\/05\/Kannada-india.png","contentUrl":"https:\/\/talkpal.ai\/wp-content\/uploads\/2023\/05\/Kannada-india.png","width":512,"height":512},{"@type":"BreadcrumbList","@id":"https:\/\/talkpal.ai\/cs\/kannadska-gramatika\/#breadcrumb","itemListElement":[{"@type":"ListItem","position":1,"name":"Homepage","item":"https:\/\/talkpal.ai\/cs\/"},{"@type":"ListItem","position":2,"name":"Kannadsk\u00e1 gramatika"}]},{"@type":"WebSite","@id":"https:\/\/talkpal.ai\/cs\/#website","url":"https:\/\/talkpal.ai\/cs\/","name":"Talkpal","description":"AI Language Learning","publisher":{"@id":"https:\/\/talkpal.ai\/cs\/#organization"},"alternateName":"Talkpal AI","potentialAction":[{"@type":"SearchAction","target":{"@type":"EntryPoint","urlTemplate":"https:\/\/talkpal.ai\/cs\/?s={search_term_string}"},"query-input":{"@type":"PropertyValueSpecification","valueRequired":true,"valueName":"search_term_string"}}],"inLanguage":"cs"},{"@type":"Organization","@id":"https:\/\/talkpal.ai\/cs\/#organization","name":"Talkpal, Inc.","alternateName":"Talkpal AI","url":"https:\/\/talkpal.ai\/cs\/","logo":{"@type":"ImageObject","inLanguage":"cs","@id":"https:\/\/talkpal.ai\/cs\/#\/schema\/logo\/image\/","url":"https:\/\/talkpal.ai\/wp-content\/uploads\/2024\/03\/Talkpal-Logo-Icon.png","contentUrl":"https:\/\/talkpal.ai\/wp-content\/uploads\/2024\/03\/Talkpal-Logo-Icon.png","width":2880,"height":2880,"caption":"Talkpal, Inc."},"image":{"@id":"https:\/\/talkpal.ai\/cs\/#\/schema\/logo\/image\/"},"sameAs":["https:\/\/www.facebook.com\/profile.php?id=100090733639311","https:\/\/x.com\/talkpalai","https:\/\/www.linkedin.com\/company\/talkpal\/","https:\/\/www.youtube.com\/@TalkPal\/","https:\/\/www.tiktok.com\/@talkpal","https:\/\/www.instagram.com\/talkpal_ai\/","https:\/\/www.crunchbase.com\/organization\/talkpal-9cde","https:\/\/www.g2.com\/products\/talkpal-for-business\/","https:\/\/www.trustpilot.com\/review\/talkpal.ai","https:\/\/www.capterra.com\/p\/10006800\/TalkPal\/"],"description":"Talkpal is a language learning web and mobile education app, powered by the latest AI technologies, that provides engaging experiences to its customers in many different languages to help them improve their language skills. Users can chat about unlimited amount of topics with the app and use other modes to practice their language learning.","email":"support@talkpal.ai","legalName":"Talkpal, Inc.","foundingDate":"2023-04-03","duns":"118989042","numberOfEmployees":{"@type":"QuantitativeValue","minValue":"11","maxValue":"50"},"publishingPrinciples":"https:\/\/talkpal.ai\/publishing-principles\/","actionableFeedbackPolicy":"https:\/\/talkpal.ai\/actionable-feedback-policy\/","correctionsPolicy":"https:\/\/talkpal.ai\/corrections-policy\/","ethicsPolicy":"https:\/\/talkpal.ai\/ethics-policy\/","diversityPolicy":"https:\/\/talkpal.ai\/diversity-policy\/","diversityStaffingReport":"https:\/\/talkpal.ai\/diversity-policy\/"}]}},"_links":{"self":[{"href":"https:\/\/talkpal.ai\/cs\/wp-json\/wp\/v2\/pages\/145566","targetHints":{"allow":["GET"]}}],"collection":[{"href":"https:\/\/talkpal.ai\/cs\/wp-json\/wp\/v2\/pages"}],"about":[{"href":"https:\/\/talkpal.ai\/cs\/wp-json\/wp\/v2\/types\/page"}],"author":[{"embeddable":true,"href":"https:\/\/talkpal.ai\/cs\/wp-json\/wp\/v2\/users\/1"}],"replies":[{"embeddable":true,"href":"https:\/\/talkpal.ai\/cs\/wp-json\/wp\/v2\/comments?post=145566"}],"version-history":[{"count":0,"href":"https:\/\/talkpal.ai\/cs\/wp-json\/wp\/v2\/pages\/145566\/revisions"}],"wp:featuredmedia":[{"embeddable":true,"href":"https:\/\/talkpal.ai\/cs\/wp-json\/wp\/v2\/media\/113670"}],"wp:attachment":[{"href":"https:\/\/talkpal.ai\/cs\/wp-json\/wp\/v2\/media?parent=145566"}],"curies":[{"name":"wp","href":"https:\/\/api.w.org\/{rel}","templated":true}]}}