{"id":145222,"date":"2023-05-14T14:09:29","date_gmt":"2023-05-14T14:09:29","guid":{"rendered":"http:\/\/talkpal.ai\/indoneska-gramatika\/"},"modified":"2025-12-13T15:43:55","modified_gmt":"2025-12-13T15:43:55","slug":"indoneska-gramatika","status":"publish","type":"page","link":"https:\/\/talkpal.ai\/cs\/indoneska-gramatika\/","title":{"rendered":"Indon\u00e9sk\u00e1 gramatika"},"content":{"rendered":"\r\n\r\n\r\n<section class=\"languageChallengeSection\">\r\n    <div class=\"languageInfoWrapper\">\r\n        \r\n        <h1>Indon\u00e9sk\u00e1 gramatika<\/h1>\r\n        <p>M\u00e1te z\u00e1jem o zvl\u00e1dnut\u00ed indon\u00e9\u0161tiny? Indon\u00e9\u0161tina je d\u00edky sv\u00e9 jednoduch\u00e9 gramatice &#8211; bez \u010dasov\u00e1n\u00ed sloves, bez rod\u016f podstatn\u00fdch jmen a s jednoduchou stavbou v\u011bt &#8211; jedn\u00edm z nejp\u0159\u00edv\u011btiv\u011bj\u0161\u00edch jazyk\u016f pro studenty. Za\u010dn\u011bte svou cestu je\u0161t\u011b dnes a zjist\u011bte, jak v\u00e1m porozum\u011bn\u00ed indon\u00e9sk\u00e9 gramatice m\u016f\u017ee rychle otev\u0159\u00edt sv\u011bt komunikace a \u017eiv\u00fdch kulturn\u00edch z\u00e1\u017eitk\u016f!<\/p>\r\n\r\n                            <a class=\"getStartedHidden\" href=\"https:\/\/app.talkpal.ai\/cs\/signup?lng=\">Za\u010dni<\/a>\r\n        \r\n    <\/div>\r\n\r\n    <figure>\r\n    <img decoding=\"async\" width=\"768\" height=\"768\" src=\"https:\/\/talkpal.ai\/wp-content\/uploads\/2023\/06\/indonesia-768x768.png\" class=\"languageImage no-lazy\" alt=\"Language learning for personal achievement\" fetchpriority=\"high\" sizes=\"(max-width: 768px) 150px, 768px\" srcset=\"https:\/\/talkpal.ai\/wp-content\/uploads\/2023\/06\/indonesia-768x768.png 768w, https:\/\/talkpal.ai\/wp-content\/uploads\/2023\/06\/indonesia-300x300.png 300w\" \/>\r\n    \r\n\r\n    <\/figure>\r\n\r\n            <a class=\"getStartedVisible\" href=\"https:\/\/app.talkpal.ai\/cs\/signup?lng=\">Za\u010dni<\/a>\r\n    \r\n<\/section>\r\n<section class=\"promotionalBanner\">\r\n    <p class=\"promotionalText\"><\/p>\r\n    <a class=\"promotionalLink\" href=\"https:\/\/app.talkpal.ai\/cs\/signup?lng=\"><\/a>\r\n<\/section>\n<div class=\"wp-block-group pageContainerStyle\"><div class=\"wp-block-group__inner-container is-layout-constrained wp-block-group-is-layout-constrained\">\n<h2 class=\"wp-block-heading\" id=\"h-the-wonders-of-indonesian-grammar-a-guide-for-language-learners\">Z\u00e1zraky indon\u00e9sk\u00e9 gramatiky: Pr\u016fvodce pro studenty jazyk\u016f<\/h2>\n\n\n\n<p><a href=\"https:\/\/talkpal.ai\/indonesian-grammar\/\">Indon\u00e9sk\u00e1 gramatika<\/a> &#8211; jednoduch\u00e1 a p\u0159esto elegantn\u00ed, vst\u0159\u00edcn\u00e1 a p\u0159esto poutav\u00e1, p\u0159\u00edstupn\u00e1 a p\u0159esto strhuj\u00edc\u00ed. A\u017e se vyd\u00e1te na cestu za pozn\u00e1n\u00edm indon\u00e9\u0161tiny, bu\u010fte si jisti, \u017ee osvojen\u00ed si jej\u00ed gramatiky bude p\u0159\u00edjemn\u00fdm z\u00e1\u017eitkem. T\u00edmto \u010dl\u00e1nkem se v\u00e1m sna\u017e\u00edme poskytnout pochopen\u00ed kl\u00ed\u010dov\u00fdch aspekt\u016f indon\u00e9sk\u00e9 gramatiky a pomoci v\u00e1m pochopit kr\u00e1su tohoto jazyka jihov\u00fdchodn\u00ed Asie.<\/p>\n\n\n\n<p>Poj\u010fme se pono\u0159it do z\u00e1kladn\u00edch prvk\u016f indon\u00e9sk\u00e9 gramatiky s vysv\u011btlen\u00edmi a p\u0159\u00edklady, kter\u00e9 n\u00e1dhern\u011b objas\u0148uj\u00ed pravidla a pojmy. Pohodln\u011b se usa\u010fte, uvoln\u011bte se a dovolte n\u00e1m, abychom pro v\u00e1s odhalili fascinuj\u00edc\u00ed tajemstv\u00ed indon\u00e9sk\u00e9 gramatiky.<\/p>\n\n\n\n<h3 class=\"wp-block-heading\" id=\"h-1-nouns-no-genders-no-plurals-no-stress\">1. Podstatn\u00e1 jm\u00e9na: bez rod\u016f, bez mno\u017en\u00e9ho \u010d\u00edsla, bez p\u0159\u00edzvuku!<\/h3>\n\n\n\n<p>Jedn\u00edm z nejv\u00edce osv\u011b\u017euj\u00edc\u00edch aspekt\u016f indon\u00e9sk\u00e9 gramatiky je jednoduchost syst\u00e9mu podstatn\u00fdch jmen. Indon\u00e9sk\u00e1 podstatn\u00e1 jm\u00e9na nemaj\u00ed rod ani mno\u017en\u00e9 \u010d\u00edslo. To znamen\u00e1, \u017ee se \u0159ekne &#8222;anjing&#8220; (pes), a\u0165 u\u017e jde o jedno \u0161t\u011bn\u011b, nebo o skupinu dosp\u011bl\u00fdch ps\u016f.<\/p>\n\n\n\n<p>Pro ur\u010den\u00ed mno\u017en\u00e9ho \u010d\u00edsla m\u016f\u017eete bu\u010f zopakovat podstatn\u00e9 jm\u00e9no (nap\u0159. &#8222;anak-anak&#8220; pro &#8222;d\u011bti&#8220;), nebo pou\u017e\u00edt mno\u017en\u00e9 \u010d\u00edslo, nap\u0159. &#8222;banyak&#8220; (mnoho) nebo &#8222;beberapa&#8220; (n\u011bkolik). A je to! Nen\u00ed to v porovn\u00e1n\u00ed s jin\u00fdmi <a href=\"https:\/\/talkpal.ai\/what-language-is-spoken-on-the-international-space-station\/\">jazyky<\/a> z\u00e1van \u010derstv\u00e9ho vzduchu?<\/p>\n\n\n\n<h3 class=\"wp-block-heading\" id=\"h-2-pronouns-staying-humble-and-respectful\">2. Z\u00e1jmena: Z\u016fstat pokorn\u00fd a uctiv\u00fd<\/h3>\n\n\n\n<p>Indon\u00e9sk\u00e1 <a href=\"https:\/\/talkpal.ai\/sq\/gramatika\/\">gramatika<\/a> pou\u017e\u00edv\u00e1 r\u016fzn\u00e1 z\u00e1jmena na z\u00e1klad\u011b r\u016fzn\u00e9 \u00farovn\u011b form\u00e1lnosti. Pou\u017e\u00edv\u00e1n\u00ed vhodn\u00e9ho z\u00e1jmena p\u0159i oslovov\u00e1n\u00ed n\u011bkoho je nezbytn\u00e9 pro projeven\u00ed \u00facty a pokory. Nap\u0159\u00edklad &#8222;aku&#8220; (j\u00e1\/j\u00e1) je neform\u00e1ln\u00ed a intimn\u00ed, &#8222;saya&#8220; je zdvo\u0159il\u00e9 a neutr\u00e1ln\u00ed a &#8222;saya&#8220; je form\u00e1ln\u00ed a pokorn\u00e9. Podobn\u011b &#8222;kamu&#8220; (vy) je neform\u00e1ln\u00ed, &#8222;Anda&#8220; je zdvo\u0159il\u00e9 a &#8222;Bapak\/Ibu&#8220; (pane\/pan\u00ed) je vyhrazeno pro velmi form\u00e1ln\u00ed situace.<\/p>\n\n\n\n<p>Nezapome\u0148te, \u017ee v nov\u00fdch nebo nejist\u00fdch situac\u00edch je v\u017edy dobr\u00e9 chovat se zdvo\u0159ile.<\/p>\n\n\n\n<h3 class=\"wp-block-heading\" id=\"h-3-verbs-no-conjugations-but-prefixes-and-suffixes-galore\">3. Slovesa: \u017d\u00e1dn\u00e9 \u010dasov\u00e1n\u00ed, ale spousta p\u0159edpon a p\u0159\u00edpon!<\/h3>\n\n\n\n<p>Indon\u00e9sk\u00e1 slovesa z\u016fst\u00e1vaj\u00ed nezm\u011bn\u011bna bez ohledu na \u010das, n\u00e1ladu nebo podm\u011bt, tak\u017ee jsou mnohem jednodu\u0161\u0161\u00ed ne\u017e slovesa v mnoha jin\u00fdch jazyc\u00edch. Budete v\u0161ak muset zvl\u00e1dnout pou\u017e\u00edv\u00e1n\u00ed p\u0159edpon a p\u0159\u00edpon, kter\u00e9 m\u011bn\u00ed v\u00fdznam slovesa.<\/p>\n\n\n\n<p>Mezi b\u011b\u017en\u00e9 p\u0159edpony pat\u0159\u00ed &#8222;me-&#8220; (aktivn\u00ed slovesa), &#8222;di-&#8220; (pasivn\u00ed slovesa) a &#8222;ber-&#8220; (stativn\u00ed slovesa). Mezi b\u011b\u017en\u00e9 p\u0159\u00edpony pat\u0159\u00ed &#8222;-kan&#8220; (p\u0159\u00ed\u010dinn\u00e1 slovesa) a &#8222;-i&#8220; (p\u0159echodn\u00e1 slovesa). Nap\u0159\u00edklad &#8222;makan&#8220; znamen\u00e1 &#8222;j\u00edst&#8220;, &#8222;memakan&#8220; znamen\u00e1 &#8222;konzumovat&#8220; a &#8222;dimakan&#8220; znamen\u00e1 &#8222;b\u00fdt sn\u011bden&#8220;.<\/p>\n\n\n\n<h3 class=\"wp-block-heading\" id=\"h-4-word-order-subject-verb-object-simplicity\">4. Slovosled: Jednoduchost podm\u011btu-sloveso-p\u0159edm\u011btu!<\/h3>\n\n\n\n<p>Indon\u00e9sk\u00e1 gramatika se \u0159\u00edd\u00ed p\u0159\u00edmo\u010dar\u00fdm slovosledem podm\u011bt-sloveso-objekt (SVO), podobn\u011b jako <a href=\"https:\/\/talkpal.ai\/learn-english-with-ai\/\">angli\u010dtina<\/a>. D\u00edky tomu je stavba v\u011bt a porozum\u011bn\u00ed pro <a href=\"https:\/\/talkpal.ai\/english-speaking-course\/\">anglicky mluv\u00edc\u00ed<\/a> mnohem snaz\u0161\u00ed. Nap\u0159\u00edklad &#8222;Saya memakan pisang&#8220; se p\u0159\u00edmo p\u0159ekl\u00e1d\u00e1 jako &#8222;J\u00e1 (podm\u011bt) j\u00edm (sloveso) ban\u00e1n (p\u0159edm\u011bt)&#8220;.<\/p>\n\n\n\n<h3 class=\"wp-block-heading\" id=\"h-5-immerse-yourself-in-indonesian-practice-makes-perfect\">5. Pono\u0159te se do indon\u00e9\u0161tiny: Cvi\u010den\u00ed d\u011bl\u00e1 mistra<\/h3>\n\n\n\n<p>Kr\u00e1sa indon\u00e9sk\u00e9 gramatiky spo\u010d\u00edv\u00e1 v jej\u00ed jednoduchosti a p\u0159\u00edstupnosti. Pravideln\u00e9 procvi\u010dov\u00e1n\u00ed prost\u0159ednictv\u00edm \u010dten\u00ed, psan\u00ed, poslechu a mluven\u00ed v\u00e1m pom\u016f\u017ee zvl\u00e1dnout jazyk a jeho gramatiku. P\u0159ijm\u011bte v\u00fdzvy, p\u0159ekonejte slo\u017eitosti a odhalte skute\u010dn\u00e9 kouzlo indon\u00e9\u0161tiny.<\/p>\n\n\n\n<p>Jste tedy p\u0159ipraveni pono\u0159it se do z\u00e1zrak\u016f indon\u00e9sk\u00e9 gramatiky? P\u0159istupujte k n\u011bmu s d\u016fv\u011brou a zv\u011bdavost\u00ed a s odhodl\u00e1n\u00edm a nad\u0161en\u00edm se brzy m\u016f\u017eete st\u00e1t v\u00fdmluvn\u00fdm indon\u00e9sk\u00fdm mluv\u010d\u00edm. Selamat belajar! (\u0160\u0165astn\u00e9 studium!)<\/p>\n<\/div><\/div>\n\r\n<section class=\"learnNavigationSection\">\r\n            \r\n        <a href=\"https:\/\/talkpal.ai\/cs\/naucte-se-indonesky\/\">\r\n            <div class=\"learnNavigationWrapper\">\r\n                <div class=\"learnNavigationContent\">\r\n                    <img decoding=\"async\" src=\"https:\/\/talkpal.ai\/wp-content\/uploads\/2024\/08\/Indonesian.jpg\" alt=\"Indonesian Flag\">\r\n                    <div>\r\n                        <h4>O u\u010den\u00ed indon\u00e9\u0161tiny<\/h4>\r\n                        <p>Zjist\u011bte v\u0161e o indon\u00e9sk\u00e9 gramatice.<\/p>\r\n                    <\/div>\r\n                <\/div>\r\n            <\/div>\r\n        <\/a>\r\n\r\n        \r\n        <a href=\"https:\/\/talkpal.ai\/cs\/indoneska-gramaticka-cviceni\/\">\r\n            <div class=\"learnNavigationWrapper\">\r\n                <div class=\"learnNavigationContent\">\r\n                    <img decoding=\"async\" src=\"https:\/\/talkpal.ai\/wp-content\/uploads\/2024\/08\/Indonesian.jpg\" alt=\"Indonesian Flag\">\r\n                    <div>\r\n                        <h4>Cvi\u010den\u00ed z indon\u00e9sk\u00e9 gramatiky<\/h4>\r\n                        <p>Procvi\u010dte si indon\u00e9skou gramatiku.<\/p>\r\n                    <\/div>\r\n                <\/div>\r\n            <\/div>\r\n        <\/a>\r\n\r\n        \r\n        <a href=\"https:\/\/talkpal.ai\/vocabulary_language\/indonesian\/\">\r\n            <div class=\"learnNavigationWrapper\">\r\n                <div class=\"learnNavigationContent\">\r\n                    <img decoding=\"async\" src=\"https:\/\/talkpal.ai\/wp-content\/uploads\/2024\/08\/Indonesian.jpg\" alt=\"Indonesian Flag\">\r\n                    <div>\r\n                        <h4>Indon\u00e9sk\u00e1 slovn\u00ed z\u00e1soba<\/h4>\r\n                        <p>Roz\u0161i\u0159te si slovn\u00ed z\u00e1sobu indon\u00e9\u0161tiny.<\/p>\r\n                    <\/div>\r\n                <\/div>\r\n            <\/div>\r\n        <\/a>\r\n\r\n            <\/section>","protected":false},"excerpt":{"rendered":"<p>Z\u00e1zraky indon\u00e9sk\u00e9 gramatiky: Pr\u016fvodce pro studenty jazyk\u016f Indon\u00e9sk\u00e1 gramatika &#8211; jednoduch\u00e1 a p\u0159esto elegantn\u00ed, vst\u0159\u00edcn\u00e1 a p\u0159esto poutav\u00e1, p\u0159\u00edstupn\u00e1 a p\u0159esto strhuj\u00edc\u00ed. A\u017e se vyd\u00e1te na cestu za pozn\u00e1n\u00edm indon\u00e9\u0161tiny, bu\u010fte si jisti, \u017ee osvojen\u00ed si jej\u00ed gramatiky bude p\u0159\u00edjemn\u00fdm z\u00e1\u017eitkem. T\u00edmto \u010dl\u00e1nkem se v\u00e1m sna\u017e\u00edme poskytnout pochopen\u00ed kl\u00ed\u010dov\u00fdch aspekt\u016f indon\u00e9sk\u00e9 gramatiky a pomoci v\u00e1m [&hellip;]<\/p>\n","protected":false},"author":1,"featured_media":113900,"parent":0,"menu_order":0,"comment_status":"closed","ping_status":"closed","template":"LearningContentPage.php","meta":{"_acf_changed":false,"footnotes":""},"class_list":["post-145222","page","type-page","status-publish","has-post-thumbnail","hentry"],"acf":[],"yoast_head":"<!-- This site is optimized with the Yoast SEO Premium plugin v27.2 (Yoast SEO v27.2) - https:\/\/yoast.com\/product\/yoast-seo-premium-wordpress\/ -->\n<title>Indon\u00e9sk\u00e1 gramatika - Talkpal<\/title>\n<meta name=\"description\" content=\"Zvl\u00e1dn\u011bte indon\u00e9skou gramatiku bez n\u00e1mahy pomoc\u00ed aplikace pro v\u00fduku jazyk\u016f s um\u011blou inteligenc\u00ed Talkpal. Komunikujte s jistotou pomoc\u00ed Talkpalnav\u00e1d\u011bn\u00ed pomoc\u00ed um\u011bl\u00e9 inteligence.\" \/>\n<meta name=\"robots\" content=\"index, follow, max-snippet:-1, max-image-preview:large, max-video-preview:-1\" \/>\n<link rel=\"canonical\" href=\"https:\/\/talkpal.ai\/cs\/indoneska-gramatika\/\" \/>\n<meta property=\"og:locale\" content=\"cs_CZ\" \/>\n<meta property=\"og:type\" content=\"article\" \/>\n<meta property=\"og:title\" content=\"Indon\u00e9sk\u00e1 gramatika\" \/>\n<meta property=\"og:description\" content=\"Z\u00e1zraky indon\u00e9sk\u00e9 gramatiky: Pr\u016fvodce pro studenty jazyk\u016f Indon\u00e9sk\u00e1 gramatika - jednoduch\u00e1 a p\u0159esto elegantn\u00ed, vst\u0159\u00edcn\u00e1 a p\u0159esto poutav\u00e1, p\u0159\u00edstupn\u00e1 a\" \/>\n<meta property=\"og:url\" content=\"https:\/\/talkpal.ai\/cs\/indoneska-gramatika\/\" \/>\n<meta property=\"og:site_name\" content=\"Talkpal\" \/>\n<meta property=\"article:publisher\" content=\"https:\/\/www.facebook.com\/profile.php?id=100090733639311\" \/>\n<meta property=\"article:modified_time\" content=\"2025-12-13T15:43:55+00:00\" \/>\n<meta property=\"og:image\" content=\"https:\/\/talkpal.ai\/wp-content\/uploads\/2023\/05\/indonesia.png\" \/>\n\t<meta property=\"og:image:width\" content=\"512\" \/>\n\t<meta property=\"og:image:height\" content=\"512\" \/>\n\t<meta property=\"og:image:type\" content=\"image\/png\" \/>\n<meta name=\"twitter:card\" content=\"summary_large_image\" \/>\n<meta name=\"twitter:site\" content=\"@talkpalai\" \/>\n<meta name=\"twitter:label1\" content=\"Odhadovan\u00e1 doba \u010dten\u00ed\" \/>\n\t<meta name=\"twitter:data1\" content=\"3 minuty\" \/>\n<script type=\"application\/ld+json\" class=\"yoast-schema-graph\">{\"@context\":\"https:\/\/schema.org\",\"@graph\":[{\"@type\":\"WebPage\",\"@id\":\"https:\/\/talkpal.ai\/cs\/indoneska-gramatika\/\",\"url\":\"https:\/\/talkpal.ai\/cs\/indoneska-gramatika\/\",\"name\":\"Indon\u00e9sk\u00e1 gramatika - Talkpal\",\"isPartOf\":{\"@id\":\"https:\/\/talkpal.ai\/cs\/#website\"},\"primaryImageOfPage\":{\"@id\":\"https:\/\/talkpal.ai\/cs\/indoneska-gramatika\/#primaryimage\"},\"image\":{\"@id\":\"https:\/\/talkpal.ai\/cs\/indoneska-gramatika\/#primaryimage\"},\"thumbnailUrl\":\"https:\/\/talkpal.ai\/wp-content\/uploads\/2023\/05\/indonesia.png\",\"datePublished\":\"2023-05-14T14:09:29+00:00\",\"dateModified\":\"2025-12-13T15:43:55+00:00\",\"description\":\"Zvl\u00e1dn\u011bte indon\u00e9skou gramatiku bez n\u00e1mahy pomoc\u00ed aplikace pro v\u00fduku jazyk\u016f s um\u011blou inteligenc\u00ed Talkpal. Komunikujte s jistotou pomoc\u00ed Talkpalnav\u00e1d\u011bn\u00ed pomoc\u00ed um\u011bl\u00e9 inteligence.\",\"breadcrumb\":{\"@id\":\"https:\/\/talkpal.ai\/cs\/indoneska-gramatika\/#breadcrumb\"},\"inLanguage\":\"cs\",\"potentialAction\":[{\"@type\":\"ReadAction\",\"target\":[\"https:\/\/talkpal.ai\/cs\/indoneska-gramatika\/\"]}]},{\"@type\":\"ImageObject\",\"inLanguage\":\"cs\",\"@id\":\"https:\/\/talkpal.ai\/cs\/indoneska-gramatika\/#primaryimage\",\"url\":\"https:\/\/talkpal.ai\/wp-content\/uploads\/2023\/05\/indonesia.png\",\"contentUrl\":\"https:\/\/talkpal.ai\/wp-content\/uploads\/2023\/05\/indonesia.png\",\"width\":512,\"height\":512},{\"@type\":\"BreadcrumbList\",\"@id\":\"https:\/\/talkpal.ai\/cs\/indoneska-gramatika\/#breadcrumb\",\"itemListElement\":[{\"@type\":\"ListItem\",\"position\":1,\"name\":\"Homepage\",\"item\":\"https:\/\/talkpal.ai\/cs\/\"},{\"@type\":\"ListItem\",\"position\":2,\"name\":\"Indon\u00e9sk\u00e1 gramatika\"}]},{\"@type\":\"WebSite\",\"@id\":\"https:\/\/talkpal.ai\/cs\/#website\",\"url\":\"https:\/\/talkpal.ai\/cs\/\",\"name\":\"Talkpal\",\"description\":\"AI Language Learning\",\"publisher\":{\"@id\":\"https:\/\/talkpal.ai\/cs\/#organization\"},\"alternateName\":\"Talkpal AI\",\"potentialAction\":[{\"@type\":\"SearchAction\",\"target\":{\"@type\":\"EntryPoint\",\"urlTemplate\":\"https:\/\/talkpal.ai\/cs\/?s={search_term_string}\"},\"query-input\":{\"@type\":\"PropertyValueSpecification\",\"valueRequired\":true,\"valueName\":\"search_term_string\"}}],\"inLanguage\":\"cs\"},{\"@type\":\"Organization\",\"@id\":\"https:\/\/talkpal.ai\/cs\/#organization\",\"name\":\"Talkpal, Inc.\",\"alternateName\":\"Talkpal AI\",\"url\":\"https:\/\/talkpal.ai\/cs\/\",\"logo\":{\"@type\":\"ImageObject\",\"inLanguage\":\"cs\",\"@id\":\"https:\/\/talkpal.ai\/cs\/#\/schema\/logo\/image\/\",\"url\":\"https:\/\/talkpal.ai\/wp-content\/uploads\/2024\/03\/Talkpal-Logo-Icon.png\",\"contentUrl\":\"https:\/\/talkpal.ai\/wp-content\/uploads\/2024\/03\/Talkpal-Logo-Icon.png\",\"width\":2880,\"height\":2880,\"caption\":\"Talkpal, Inc.\"},\"image\":{\"@id\":\"https:\/\/talkpal.ai\/cs\/#\/schema\/logo\/image\/\"},\"sameAs\":[\"https:\/\/www.facebook.com\/profile.php?id=100090733639311\",\"https:\/\/x.com\/talkpalai\",\"https:\/\/www.linkedin.com\/company\/talkpal\/\",\"https:\/\/www.youtube.com\/@TalkPal\/\",\"https:\/\/www.tiktok.com\/@talkpal\",\"https:\/\/www.instagram.com\/talkpal_ai\/\",\"https:\/\/www.crunchbase.com\/organization\/talkpal-9cde\",\"https:\/\/www.g2.com\/products\/talkpal-for-business\/\",\"https:\/\/www.trustpilot.com\/review\/talkpal.ai\",\"https:\/\/www.capterra.com\/p\/10006800\/TalkPal\/\"],\"description\":\"Talkpal is a language learning web and mobile education app, powered by the latest AI technologies, that provides engaging experiences to its customers in many different languages to help them improve their language skills. Users can chat about unlimited amount of topics with the app and use other modes to practice their language learning.\",\"email\":\"support@talkpal.ai\",\"legalName\":\"Talkpal, Inc.\",\"foundingDate\":\"2023-04-03\",\"duns\":\"118989042\",\"numberOfEmployees\":{\"@type\":\"QuantitativeValue\",\"minValue\":\"11\",\"maxValue\":\"50\"},\"publishingPrinciples\":\"https:\/\/talkpal.ai\/publishing-principles\/\",\"actionableFeedbackPolicy\":\"https:\/\/talkpal.ai\/actionable-feedback-policy\/\",\"correctionsPolicy\":\"https:\/\/talkpal.ai\/corrections-policy\/\",\"ethicsPolicy\":\"https:\/\/talkpal.ai\/ethics-policy\/\",\"diversityPolicy\":\"https:\/\/talkpal.ai\/diversity-policy\/\",\"diversityStaffingReport\":\"https:\/\/talkpal.ai\/diversity-policy\/\"}]}<\/script>\n<!-- \/ Yoast SEO Premium plugin. -->","yoast_head_json":{"title":"Indon\u00e9sk\u00e1 gramatika - Talkpal","description":"Zvl\u00e1dn\u011bte indon\u00e9skou gramatiku bez n\u00e1mahy pomoc\u00ed aplikace pro v\u00fduku jazyk\u016f s um\u011blou inteligenc\u00ed Talkpal. Komunikujte s jistotou pomoc\u00ed Talkpalnav\u00e1d\u011bn\u00ed pomoc\u00ed um\u011bl\u00e9 inteligence.","robots":{"index":"index","follow":"follow","max-snippet":"max-snippet:-1","max-image-preview":"max-image-preview:large","max-video-preview":"max-video-preview:-1"},"canonical":"https:\/\/talkpal.ai\/cs\/indoneska-gramatika\/","og_locale":"cs_CZ","og_type":"article","og_title":"Indon\u00e9sk\u00e1 gramatika","og_description":"Z\u00e1zraky indon\u00e9sk\u00e9 gramatiky: Pr\u016fvodce pro studenty jazyk\u016f Indon\u00e9sk\u00e1 gramatika - jednoduch\u00e1 a p\u0159esto elegantn\u00ed, vst\u0159\u00edcn\u00e1 a p\u0159esto poutav\u00e1, p\u0159\u00edstupn\u00e1 a","og_url":"https:\/\/talkpal.ai\/cs\/indoneska-gramatika\/","og_site_name":"Talkpal","article_publisher":"https:\/\/www.facebook.com\/profile.php?id=100090733639311","article_modified_time":"2025-12-13T15:43:55+00:00","og_image":[{"width":512,"height":512,"url":"https:\/\/talkpal.ai\/wp-content\/uploads\/2023\/05\/indonesia.png","type":"image\/png"}],"twitter_card":"summary_large_image","twitter_site":"@talkpalai","twitter_misc":{"Odhadovan\u00e1 doba \u010dten\u00ed":"3 minuty"},"schema":{"@context":"https:\/\/schema.org","@graph":[{"@type":"WebPage","@id":"https:\/\/talkpal.ai\/cs\/indoneska-gramatika\/","url":"https:\/\/talkpal.ai\/cs\/indoneska-gramatika\/","name":"Indon\u00e9sk\u00e1 gramatika - Talkpal","isPartOf":{"@id":"https:\/\/talkpal.ai\/cs\/#website"},"primaryImageOfPage":{"@id":"https:\/\/talkpal.ai\/cs\/indoneska-gramatika\/#primaryimage"},"image":{"@id":"https:\/\/talkpal.ai\/cs\/indoneska-gramatika\/#primaryimage"},"thumbnailUrl":"https:\/\/talkpal.ai\/wp-content\/uploads\/2023\/05\/indonesia.png","datePublished":"2023-05-14T14:09:29+00:00","dateModified":"2025-12-13T15:43:55+00:00","description":"Zvl\u00e1dn\u011bte indon\u00e9skou gramatiku bez n\u00e1mahy pomoc\u00ed aplikace pro v\u00fduku jazyk\u016f s um\u011blou inteligenc\u00ed Talkpal. Komunikujte s jistotou pomoc\u00ed Talkpalnav\u00e1d\u011bn\u00ed pomoc\u00ed um\u011bl\u00e9 inteligence.","breadcrumb":{"@id":"https:\/\/talkpal.ai\/cs\/indoneska-gramatika\/#breadcrumb"},"inLanguage":"cs","potentialAction":[{"@type":"ReadAction","target":["https:\/\/talkpal.ai\/cs\/indoneska-gramatika\/"]}]},{"@type":"ImageObject","inLanguage":"cs","@id":"https:\/\/talkpal.ai\/cs\/indoneska-gramatika\/#primaryimage","url":"https:\/\/talkpal.ai\/wp-content\/uploads\/2023\/05\/indonesia.png","contentUrl":"https:\/\/talkpal.ai\/wp-content\/uploads\/2023\/05\/indonesia.png","width":512,"height":512},{"@type":"BreadcrumbList","@id":"https:\/\/talkpal.ai\/cs\/indoneska-gramatika\/#breadcrumb","itemListElement":[{"@type":"ListItem","position":1,"name":"Homepage","item":"https:\/\/talkpal.ai\/cs\/"},{"@type":"ListItem","position":2,"name":"Indon\u00e9sk\u00e1 gramatika"}]},{"@type":"WebSite","@id":"https:\/\/talkpal.ai\/cs\/#website","url":"https:\/\/talkpal.ai\/cs\/","name":"Talkpal","description":"AI Language Learning","publisher":{"@id":"https:\/\/talkpal.ai\/cs\/#organization"},"alternateName":"Talkpal AI","potentialAction":[{"@type":"SearchAction","target":{"@type":"EntryPoint","urlTemplate":"https:\/\/talkpal.ai\/cs\/?s={search_term_string}"},"query-input":{"@type":"PropertyValueSpecification","valueRequired":true,"valueName":"search_term_string"}}],"inLanguage":"cs"},{"@type":"Organization","@id":"https:\/\/talkpal.ai\/cs\/#organization","name":"Talkpal, Inc.","alternateName":"Talkpal AI","url":"https:\/\/talkpal.ai\/cs\/","logo":{"@type":"ImageObject","inLanguage":"cs","@id":"https:\/\/talkpal.ai\/cs\/#\/schema\/logo\/image\/","url":"https:\/\/talkpal.ai\/wp-content\/uploads\/2024\/03\/Talkpal-Logo-Icon.png","contentUrl":"https:\/\/talkpal.ai\/wp-content\/uploads\/2024\/03\/Talkpal-Logo-Icon.png","width":2880,"height":2880,"caption":"Talkpal, Inc."},"image":{"@id":"https:\/\/talkpal.ai\/cs\/#\/schema\/logo\/image\/"},"sameAs":["https:\/\/www.facebook.com\/profile.php?id=100090733639311","https:\/\/x.com\/talkpalai","https:\/\/www.linkedin.com\/company\/talkpal\/","https:\/\/www.youtube.com\/@TalkPal\/","https:\/\/www.tiktok.com\/@talkpal","https:\/\/www.instagram.com\/talkpal_ai\/","https:\/\/www.crunchbase.com\/organization\/talkpal-9cde","https:\/\/www.g2.com\/products\/talkpal-for-business\/","https:\/\/www.trustpilot.com\/review\/talkpal.ai","https:\/\/www.capterra.com\/p\/10006800\/TalkPal\/"],"description":"Talkpal is a language learning web and mobile education app, powered by the latest AI technologies, that provides engaging experiences to its customers in many different languages to help them improve their language skills. Users can chat about unlimited amount of topics with the app and use other modes to practice their language learning.","email":"support@talkpal.ai","legalName":"Talkpal, Inc.","foundingDate":"2023-04-03","duns":"118989042","numberOfEmployees":{"@type":"QuantitativeValue","minValue":"11","maxValue":"50"},"publishingPrinciples":"https:\/\/talkpal.ai\/publishing-principles\/","actionableFeedbackPolicy":"https:\/\/talkpal.ai\/actionable-feedback-policy\/","correctionsPolicy":"https:\/\/talkpal.ai\/corrections-policy\/","ethicsPolicy":"https:\/\/talkpal.ai\/ethics-policy\/","diversityPolicy":"https:\/\/talkpal.ai\/diversity-policy\/","diversityStaffingReport":"https:\/\/talkpal.ai\/diversity-policy\/"}]}},"_links":{"self":[{"href":"https:\/\/talkpal.ai\/cs\/wp-json\/wp\/v2\/pages\/145222","targetHints":{"allow":["GET"]}}],"collection":[{"href":"https:\/\/talkpal.ai\/cs\/wp-json\/wp\/v2\/pages"}],"about":[{"href":"https:\/\/talkpal.ai\/cs\/wp-json\/wp\/v2\/types\/page"}],"author":[{"embeddable":true,"href":"https:\/\/talkpal.ai\/cs\/wp-json\/wp\/v2\/users\/1"}],"replies":[{"embeddable":true,"href":"https:\/\/talkpal.ai\/cs\/wp-json\/wp\/v2\/comments?post=145222"}],"version-history":[{"count":0,"href":"https:\/\/talkpal.ai\/cs\/wp-json\/wp\/v2\/pages\/145222\/revisions"}],"wp:featuredmedia":[{"embeddable":true,"href":"https:\/\/talkpal.ai\/cs\/wp-json\/wp\/v2\/media\/113900"}],"wp:attachment":[{"href":"https:\/\/talkpal.ai\/cs\/wp-json\/wp\/v2\/media?parent=145222"}],"curies":[{"name":"wp","href":"https:\/\/api.w.org\/{rel}","templated":true}]}}