{"id":144922,"date":"2023-05-14T14:09:11","date_gmt":"2023-05-14T14:09:11","guid":{"rendered":"http:\/\/talkpal.ai\/islandska-gramatika\/"},"modified":"2025-12-12T10:52:17","modified_gmt":"2025-12-12T10:52:17","slug":"islandska-gramatika","status":"publish","type":"page","link":"https:\/\/talkpal.ai\/cs\/islandska-gramatika\/","title":{"rendered":"Islandsk\u00e1 gramatika"},"content":{"rendered":"\r\n\r\n\r\n<section class=\"languageChallengeSection\">\r\n    <div class=\"languageInfoWrapper\">\r\n        \r\n        <h1>Islandsk\u00e1 gramatika<\/h1>\r\n        <p>Prozkoumejte fascinuj\u00edc\u00ed strukturu island\u0161tiny a nau\u010dte se jej\u00ed z\u00e1kladn\u00ed gramatick\u00e1 pravidla. Zvl\u00e1dnut\u00ed islandsk\u00e9 gramatiky v\u00e1m pom\u016f\u017ee efektivn\u011b komunikovat a l\u00e9pe se sezn\u00e1mit s jedine\u010dnou islandskou kulturou a histori\u00ed. Za\u010dn\u011bte se u\u010dit islandskou gramatiku je\u0161t\u011b dnes a ud\u011blejte prvn\u00ed krok k plynulosti!<\/p>\r\n\r\n                            <a class=\"getStartedHidden\" href=\"https:\/\/app.talkpal.ai\/cs\/signup?lng=\">Za\u010dni<\/a>\r\n        \r\n    <\/div>\r\n\r\n    <figure>\r\n    <img decoding=\"async\" width=\"768\" height=\"768\" src=\"https:\/\/talkpal.ai\/wp-content\/uploads\/2023\/06\/Icelandic-768x768.png\" class=\"languageImage no-lazy\" alt=\"Language learning for better job opportunities\" fetchpriority=\"high\" sizes=\"(max-width: 768px) 150px, 768px\" srcset=\"https:\/\/talkpal.ai\/wp-content\/uploads\/2023\/06\/Icelandic-768x768.png 768w, https:\/\/talkpal.ai\/wp-content\/uploads\/2023\/06\/Icelandic-300x300.png 300w\" \/>\r\n    \r\n\r\n    <\/figure>\r\n\r\n            <a class=\"getStartedVisible\" href=\"https:\/\/app.talkpal.ai\/cs\/signup?lng=\">Za\u010dni<\/a>\r\n    \r\n<\/section>\r\n<section class=\"promotionalBanner\">\r\n    <p class=\"promotionalText\">Nejefektivn\u011bj\u0161\u00ed zp\u016fsob, jak se nau\u010dit jazyk<\/p>\r\n    <a class=\"promotionalLink\" href=\"https:\/\/app.talkpal.ai\/cs\/signup?lng=\">Vyzkou\u0161ejte Talkpal zdarma<\/a>\r\n<\/section>\n<div class=\"wp-block-group pageContainerStyle\"><div class=\"wp-block-group__inner-container is-layout-constrained wp-block-group-is-layout-constrained\">\n<h2 class=\"wp-block-heading\" id=\"h-the-magic-of-icelandic-grammar-unlocking-the-secrets-of-the-viking-tongue\">Kouzlo islandsk\u00e9 gramatiky: Odhalen\u00ed tajemstv\u00ed vikingsk\u00e9ho jazyka<\/h2>\n\n\n\n<h3 class=\"wp-block-heading\" id=\"h-introduction-icelandic-the-land-of-fire-and-ice\">\u00davod: Island, zem\u011b ohn\u011b a ledu<\/h3>\n\n\n\n<p><a href=\"https:\/\/talkpal.ai\/learn-icelandic\/\">Islandsk\u00fd<\/a> jazyk, kter\u00fdm mluv\u00ed obyvatel\u00e9 \u00fa\u017easn\u00e9ho ostrovn\u00edho st\u00e1tu Island, je proslul\u00fd svou bohatou histori\u00ed, podmanivou b\u00e1snickou tradic\u00ed a v\u00fdjime\u010dnou schopnost\u00ed p\u0159izp\u016fsobit se a vyv\u00edjet se s dobou. Island\u0161tina, kter\u00e1 poch\u00e1z\u00ed ze star\u00e9 sever\u0161tiny, m\u00e1 zvl\u00e1\u0161tn\u00ed kouzlo, kter\u00e9 uchv\u00e1t\u00ed milovn\u00edky jazyk\u016f a cti\u017e\u00e1dostiv\u00e9 polygloty. Tak\u017ee, zapn\u011bte si bezpe\u010dnostn\u00ed p\u00e1sy, p\u0159\u00e1tel\u00e9! Chyst\u00e1me se pono\u0159it do kr\u00e1sn\u00e9ho a slo\u017eit\u00e9ho sv\u011bta islandsk\u00e9 gramatiky, odhalit jej\u00ed tajemstv\u00ed a objevit skryt\u00e9 poklady.<\/p>\n\n\n\n<h3 class=\"wp-block-heading\" id=\"h-1-runic-scripts-to-latin-alphabet-a-story-of-transformation\">1. Runov\u00e9 p\u00edsmo do latinky: P\u0159\u00edb\u011bh transformace<\/h3>\n\n\n\n<p>Islandsk\u00e1 abeceda je dobrodru\u017estv\u00edm <a href=\"https:\/\/talkpal.ai\/locations\/language-courses-in-sama\/\">sama<\/a> o sob\u011b, skl\u00e1d\u00e1 se z 32 znak\u016f, kter\u00e9 poch\u00e1zej\u00ed z r\u016fzn\u00fdch historick\u00fdch ko\u0159en\u016f. A\u010dkoli je abeceda zalo\u017eena p\u0159edev\u0161\u00edm na latince, zachov\u00e1v\u00e1 si n\u011bkter\u00e9 charakteristick\u00e9 znaky z runov\u00e9ho p\u00edsma sv\u00fdch d\u00e1vn\u00fdch seversk\u00fdch p\u0159edch\u016fdc\u016f. Zvl\u00e1dnut\u00ed t\u011bchto znak\u016f je prvn\u00ed p\u0159ek\u00e1\u017ekou p\u0159i u\u010den\u00ed jazyka, ale s prax\u00ed se z v\u00e1s v m\u017eiku stane mistr!<\/p>\n\n\n\n<h3 class=\"wp-block-heading\" id=\"h-2-noun-mastery-getting-to-the-roots-of-icelandic-grammar\">2. Mistrovstv\u00ed podstatn\u00fdch jmen: Ke ko\u0159en\u016fm islandsk\u00e9 gramatiky<\/h3>\n\n\n\n<p>Jedn\u00edm ze z\u00e1kladn\u00edch rys\u016f islandsk\u00e9 gramatiky je sklo\u0148ov\u00e1n\u00ed podstatn\u00fdch jmen rodem, \u010d\u00edslem a p\u00e1dem. Islandsk\u00e1 podstatn\u00e1 jm\u00e9na mohou b\u00fdt \u017eensk\u00e1, mu\u017esk\u00e1 nebo st\u0159edn\u00ed a ka\u017ed\u00fd rod m\u00e1 sv\u016fj jedine\u010dn\u00fd soubor pravidel pro sklo\u0148ov\u00e1n\u00ed. I kdy\u017e se to m\u016f\u017ee zd\u00e1t jako lingvistick\u00e1 j\u00edzda na horsk\u00e9 dr\u00e1ze, pochopen\u00ed t\u011bchto slo\u017eitost\u00ed je nezbytn\u00e9 pro pochopen\u00ed jazyka jako celku. Z\u00edskan\u00e9 znalosti v\u00e1m otev\u0159ou sv\u011bt mo\u017enost\u00ed, jak vyj\u00e1d\u0159it celou \u0159adu jemn\u00fdch a slo\u017eit\u00fdch v\u00fdznam\u016f &#8211; skute\u010dnou kr\u00e1su islandsk\u00e9 gramatiky!<\/p>\n\n\n\n<h3 class=\"wp-block-heading\" id=\"h-3-the-mighty-verb-icelandic-s-unsung-hero\">3. Mocn\u00e9 sloveso: islandsk\u00fd neop\u011bvovan\u00fd hrdina<\/h3>\n\n\n\n<p>Stejn\u011b jako podstatn\u00e1 jm\u00e9na proch\u00e1zej\u00ed islandsk\u00e1 slovesa rozs\u00e1hlou transformac\u00ed v z\u00e1vislosti na \u010dase, n\u00e1lad\u011b, osob\u011b a \u010d\u00edsle podm\u011btu. Tento slo\u017eit\u00fd syst\u00e9m m\u016f\u017ee b\u00fdt zpo\u010d\u00e1tku skli\u010duj\u00edc\u00ed, ale m\u011bjte se mnou strpen\u00ed! Kdy\u017e se nau\u010d\u00edte pravideln\u00e9 vzory a nepravideln\u00e9 zvl\u00e1\u0161tnosti, zjist\u00edte, jak elegantn\u00ed a v\u0161estrann\u00e1 m\u016f\u017ee b\u00fdt islandsk\u00e1 slovesn\u00e1 vazba. Dobyt\u00ed islandsk\u00fdch sloves odemkne s\u00edlu vyjad\u0159ovat my\u0161lenky, pocity a \u010diny s p\u0159esnost\u00ed a kreativitou.<\/p>\n\n\n\n<h3 class=\"wp-block-heading\" id=\"h-4-word-order-icelandic-s-flexible-backbone\">4. Po\u0159ad\u00ed slov: Pru\u017en\u00e1 p\u00e1te\u0159 island\u0161tiny<\/h3>\n\n\n\n<p>Na rozd\u00edl od rigidity n\u011bkter\u00fdch prvk\u016f islandsk\u00e9 gramatiky nab\u00edz\u00ed jazyk flexibilitu p\u0159i slovosledu. To znamen\u00e1, \u017ee podm\u011bt, sloveso a p\u0159edm\u011bt m\u016f\u017eete um\u00edstit v r\u016fzn\u00fdch uspo\u0159\u00e1d\u00e1n\u00edch, pokud zachov\u00e1te shodu v rod\u011b, \u010d\u00edsle, p\u00e1du a dal\u0161\u00edch &#8211; uvoln\u00edte v sob\u011b um\u011blce! P\u0159izp\u016fsoben\u00ed v\u011bt t\u00edmto hrav\u00fdm zp\u016fsobem m\u016f\u017ee pomoci vytvo\u0159it d\u016fraz, nuance a konverza\u010dn\u00ed t\u00f3n, d\u00edky \u010demu\u017e bude v\u00e1\u0161 projev poutav\u011bj\u0161\u00ed a p\u0159\u00edjemn\u011bj\u0161\u00ed.<\/p>\n\n\n\n<h3 class=\"wp-block-heading\" id=\"h-5-embrace-the-culture-discover-the-pulse-of-the-icelandic-language\">5. P\u0159ijm\u011bte kulturu: Objevte tep islandsk\u00e9ho jazyka<\/h3>\n\n\n\n<p><a href=\"https:\/\/talkpal.ai\/learn-icelandic\/\">Islandsk\u00fd<\/a> jazyk nelze odd\u011blit od jeho kulturn\u00edch ko\u0159en\u016f, proto\u017ee je pevn\u011b spjat se s\u00e1gami, Eddami a jedine\u010dnou histori\u00ed a sv\u011bton\u00e1zorem n\u00e1roda. Chcete-li se skute\u010dn\u011b pono\u0159it do jazyka, p\u0159ijm\u011bte jeho kontext cel\u00fdm srdcem. Pono\u0159te se do jeho folkl\u00f3ru, hltejte jeho liter\u00e1rn\u00ed poklady a zapojte se do rozhovoru s rodil\u00fdmi mluv\u010d\u00edmi. Tento p\u0159\u00edstup je kl\u00ed\u010dem k dosa\u017een\u00ed jak jazykov\u00fdch znalost\u00ed, tak hlub\u0161\u00edho spojen\u00ed s islandsk\u00fdm lidem a jeho bohat\u00fdm kulturn\u00edm d\u011bdictv\u00edm.<\/p>\n\n\n\n<h3 class=\"wp-block-heading\" id=\"h-conclusion-an-icelandic-grammar-journey-worth-taking\">Z\u00e1v\u011br: Islandsk\u00e1 gramatick\u00e1 cesta, kterou stoj\u00ed za to podniknout<\/h3>\n\n\n\n<p>A\u010dkoli se <a href=\"https:\/\/talkpal.ai\/icelandic-grammar\/\">islandsk\u00e1 gramatika<\/a> m\u016f\u017ee zd\u00e1t jako impozantn\u00ed v\u00fdzva, odm\u011bna je bohat\u00e1 pro ty, kte\u0159\u00ed se do n\u00ed pust\u00ed. S vytrvalost\u00ed, z\u00e1jmem o kulturu a velkou d\u00e1vkou zv\u011bdavosti se v\u00e1m poda\u0159\u00ed proniknout do slo\u017eitost\u00ed islandsk\u00e9ho jazyka. P\u0159ipojte se tedy k n\u00e1m v tomto dobrodru\u017estv\u00ed a odhalte kouzlo islandsk\u00e9 gramatiky, krok za krokem.<\/p>\n<\/div><\/div>\n\r\n<section class=\"learnNavigationSection\">\r\n            \r\n        <a href=\"https:\/\/talkpal.ai\/cs\/naucte-se-islandsky\/\">\r\n            <div class=\"learnNavigationWrapper\">\r\n                <div class=\"learnNavigationContent\">\r\n                    <img decoding=\"async\" src=\"https:\/\/talkpal.ai\/wp-content\/uploads\/2024\/08\/Icelandic.jpg\" alt=\"Iceland Flag\">\r\n                    <div>\r\n                        <h4>O islandsk\u00e9m vzd\u011bl\u00e1v\u00e1n\u00ed<\/h4>\r\n                        <p>Zjist\u011bte v\u0161e o islandsk\u00e9 gramatice.<\/p>\r\n                    <\/div>\r\n                <\/div>\r\n            <\/div>\r\n        <\/a>\r\n\r\n        \r\n        <a href=\"https:\/\/talkpal.ai\/cs\/cviceni-islandske-gramatiky\/\">\r\n            <div class=\"learnNavigationWrapper\">\r\n                <div class=\"learnNavigationContent\">\r\n                    <img decoding=\"async\" src=\"https:\/\/talkpal.ai\/wp-content\/uploads\/2024\/08\/Icelandic.jpg\" alt=\"Iceland Flag\">\r\n                    <div>\r\n                        <h4>Cvi\u010den\u00ed z islandsk\u00e9 gramatiky<\/h4>\r\n                        <p>Procvi\u010dte si islandskou gramatiku.<\/p>\r\n                    <\/div>\r\n                <\/div>\r\n            <\/div>\r\n        <\/a>\r\n\r\n        \r\n        <a href=\"https:\/\/talkpal.ai\/vocabulary_language\/icelandic\/\">\r\n            <div class=\"learnNavigationWrapper\">\r\n                <div class=\"learnNavigationContent\">\r\n                    <img decoding=\"async\" src=\"https:\/\/talkpal.ai\/wp-content\/uploads\/2024\/08\/Icelandic.jpg\" alt=\"Iceland Flag\">\r\n                    <div>\r\n                        <h4>Islandsk\u00e1 slovn\u00ed z\u00e1soba<\/h4>\r\n                        <p>Roz\u0161i\u0159te si islandskou slovn\u00ed z\u00e1sobu.<\/p>\r\n                    <\/div>\r\n                <\/div>\r\n            <\/div>\r\n        <\/a>\r\n\r\n            <\/section>","protected":false},"excerpt":{"rendered":"<p>Kouzlo islandsk\u00e9 gramatiky: Odhalen\u00ed tajemstv\u00ed vikingsk\u00e9ho jazyka \u00davod: Island, zem\u011b ohn\u011b a ledu Islandsk\u00fd jazyk, kter\u00fdm mluv\u00ed obyvatel\u00e9 \u00fa\u017easn\u00e9ho ostrovn\u00edho st\u00e1tu Island, je proslul\u00fd svou bohatou histori\u00ed, podmanivou b\u00e1snickou tradic\u00ed a v\u00fdjime\u010dnou schopnost\u00ed p\u0159izp\u016fsobit se a vyv\u00edjet se s dobou. Island\u0161tina, kter\u00e1 poch\u00e1z\u00ed ze star\u00e9 sever\u0161tiny, m\u00e1 zvl\u00e1\u0161tn\u00ed kouzlo, kter\u00e9 uchv\u00e1t\u00ed milovn\u00edky jazyk\u016f a cti\u017e\u00e1dostiv\u00e9 [&hellip;]<\/p>\n","protected":false},"author":1,"featured_media":113387,"parent":0,"menu_order":0,"comment_status":"closed","ping_status":"closed","template":"LearningContentPage.php","meta":{"_acf_changed":false,"footnotes":""},"class_list":["post-144922","page","type-page","status-publish","has-post-thumbnail","hentry"],"acf":[],"yoast_head":"<!-- This site is optimized with the Yoast SEO Premium plugin v27.2 (Yoast SEO v27.2) - https:\/\/yoast.com\/product\/yoast-seo-premium-wordpress\/ -->\n<title>Islandsk\u00e1 gramatika - Talkpal<\/title>\n<meta name=\"description\" content=\"Nau\u010dte se jasn\u011b islandskou gramatiku - pochopte kl\u00ed\u010dov\u00e1 gramatick\u00e1 pravidla, tvo\u0159te spr\u00e1vn\u00e9 v\u011bty a rychle si zvy\u0161te sebev\u011bdom\u00ed pomoc\u00ed Talkpals lekcemi s um\u011blou inteligenc\u00ed.\" \/>\n<meta name=\"robots\" content=\"index, follow, max-snippet:-1, max-image-preview:large, max-video-preview:-1\" \/>\n<link rel=\"canonical\" href=\"https:\/\/talkpal.ai\/cs\/islandska-gramatika\/\" \/>\n<meta property=\"og:locale\" content=\"cs_CZ\" \/>\n<meta property=\"og:type\" content=\"article\" \/>\n<meta property=\"og:title\" content=\"Islandsk\u00e1 gramatika\" \/>\n<meta property=\"og:description\" content=\"Kouzlo islandsk\u00e9 gramatiky: Odhalen\u00ed tajemstv\u00ed vikingsk\u00e9ho jazyka \u00davod: Island, zem\u011b ohn\u011b a ledu Islandsk\u00fd jazyk, kter\u00fdm mluv\u00ed obyvatel\u00e9 \u00fa\u017easn\u00e9ho\" \/>\n<meta property=\"og:url\" content=\"https:\/\/talkpal.ai\/cs\/islandska-gramatika\/\" \/>\n<meta property=\"og:site_name\" content=\"Talkpal\" \/>\n<meta property=\"article:publisher\" content=\"https:\/\/www.facebook.com\/profile.php?id=100090733639311\" \/>\n<meta property=\"article:modified_time\" content=\"2025-12-12T10:52:17+00:00\" \/>\n<meta property=\"og:image\" content=\"https:\/\/talkpal.ai\/wp-content\/uploads\/2023\/05\/iceland.png\" \/>\n\t<meta property=\"og:image:width\" content=\"512\" \/>\n\t<meta property=\"og:image:height\" content=\"512\" \/>\n\t<meta property=\"og:image:type\" content=\"image\/png\" \/>\n<meta name=\"twitter:card\" content=\"summary_large_image\" \/>\n<meta name=\"twitter:site\" content=\"@talkpalai\" \/>\n<meta name=\"twitter:label1\" content=\"Odhadovan\u00e1 doba \u010dten\u00ed\" \/>\n\t<meta name=\"twitter:data1\" content=\"4 minuty\" \/>\n<script type=\"application\/ld+json\" class=\"yoast-schema-graph\">{\"@context\":\"https:\/\/schema.org\",\"@graph\":[{\"@type\":\"WebPage\",\"@id\":\"https:\/\/talkpal.ai\/cs\/islandska-gramatika\/\",\"url\":\"https:\/\/talkpal.ai\/cs\/islandska-gramatika\/\",\"name\":\"Islandsk\u00e1 gramatika - Talkpal\",\"isPartOf\":{\"@id\":\"https:\/\/talkpal.ai\/cs\/#website\"},\"primaryImageOfPage\":{\"@id\":\"https:\/\/talkpal.ai\/cs\/islandska-gramatika\/#primaryimage\"},\"image\":{\"@id\":\"https:\/\/talkpal.ai\/cs\/islandska-gramatika\/#primaryimage\"},\"thumbnailUrl\":\"https:\/\/talkpal.ai\/wp-content\/uploads\/2023\/05\/iceland.png\",\"datePublished\":\"2023-05-14T14:09:11+00:00\",\"dateModified\":\"2025-12-12T10:52:17+00:00\",\"description\":\"Nau\u010dte se jasn\u011b islandskou gramatiku - pochopte kl\u00ed\u010dov\u00e1 gramatick\u00e1 pravidla, tvo\u0159te spr\u00e1vn\u00e9 v\u011bty a rychle si zvy\u0161te sebev\u011bdom\u00ed pomoc\u00ed Talkpals lekcemi s um\u011blou inteligenc\u00ed.\",\"breadcrumb\":{\"@id\":\"https:\/\/talkpal.ai\/cs\/islandska-gramatika\/#breadcrumb\"},\"inLanguage\":\"cs\",\"potentialAction\":[{\"@type\":\"ReadAction\",\"target\":[\"https:\/\/talkpal.ai\/cs\/islandska-gramatika\/\"]}]},{\"@type\":\"ImageObject\",\"inLanguage\":\"cs\",\"@id\":\"https:\/\/talkpal.ai\/cs\/islandska-gramatika\/#primaryimage\",\"url\":\"https:\/\/talkpal.ai\/wp-content\/uploads\/2023\/05\/iceland.png\",\"contentUrl\":\"https:\/\/talkpal.ai\/wp-content\/uploads\/2023\/05\/iceland.png\",\"width\":512,\"height\":512},{\"@type\":\"BreadcrumbList\",\"@id\":\"https:\/\/talkpal.ai\/cs\/islandska-gramatika\/#breadcrumb\",\"itemListElement\":[{\"@type\":\"ListItem\",\"position\":1,\"name\":\"Homepage\",\"item\":\"https:\/\/talkpal.ai\/cs\/\"},{\"@type\":\"ListItem\",\"position\":2,\"name\":\"Islandsk\u00e1 gramatika\"}]},{\"@type\":\"WebSite\",\"@id\":\"https:\/\/talkpal.ai\/cs\/#website\",\"url\":\"https:\/\/talkpal.ai\/cs\/\",\"name\":\"Talkpal\",\"description\":\"AI Language Learning\",\"publisher\":{\"@id\":\"https:\/\/talkpal.ai\/cs\/#organization\"},\"alternateName\":\"Talkpal AI\",\"potentialAction\":[{\"@type\":\"SearchAction\",\"target\":{\"@type\":\"EntryPoint\",\"urlTemplate\":\"https:\/\/talkpal.ai\/cs\/?s={search_term_string}\"},\"query-input\":{\"@type\":\"PropertyValueSpecification\",\"valueRequired\":true,\"valueName\":\"search_term_string\"}}],\"inLanguage\":\"cs\"},{\"@type\":\"Organization\",\"@id\":\"https:\/\/talkpal.ai\/cs\/#organization\",\"name\":\"Talkpal, Inc.\",\"alternateName\":\"Talkpal AI\",\"url\":\"https:\/\/talkpal.ai\/cs\/\",\"logo\":{\"@type\":\"ImageObject\",\"inLanguage\":\"cs\",\"@id\":\"https:\/\/talkpal.ai\/cs\/#\/schema\/logo\/image\/\",\"url\":\"https:\/\/talkpal.ai\/wp-content\/uploads\/2024\/03\/Talkpal-Logo-Icon.png\",\"contentUrl\":\"https:\/\/talkpal.ai\/wp-content\/uploads\/2024\/03\/Talkpal-Logo-Icon.png\",\"width\":2880,\"height\":2880,\"caption\":\"Talkpal, Inc.\"},\"image\":{\"@id\":\"https:\/\/talkpal.ai\/cs\/#\/schema\/logo\/image\/\"},\"sameAs\":[\"https:\/\/www.facebook.com\/profile.php?id=100090733639311\",\"https:\/\/x.com\/talkpalai\",\"https:\/\/www.linkedin.com\/company\/talkpal\/\",\"https:\/\/www.youtube.com\/@TalkPal\/\",\"https:\/\/www.tiktok.com\/@talkpal\",\"https:\/\/www.instagram.com\/talkpal_ai\/\",\"https:\/\/www.crunchbase.com\/organization\/talkpal-9cde\",\"https:\/\/www.g2.com\/products\/talkpal-for-business\/\",\"https:\/\/www.trustpilot.com\/review\/talkpal.ai\",\"https:\/\/www.capterra.com\/p\/10006800\/TalkPal\/\"],\"description\":\"Talkpal is a language learning web and mobile education app, powered by the latest AI technologies, that provides engaging experiences to its customers in many different languages to help them improve their language skills. Users can chat about unlimited amount of topics with the app and use other modes to practice their language learning.\",\"email\":\"support@talkpal.ai\",\"legalName\":\"Talkpal, Inc.\",\"foundingDate\":\"2023-04-03\",\"duns\":\"118989042\",\"numberOfEmployees\":{\"@type\":\"QuantitativeValue\",\"minValue\":\"11\",\"maxValue\":\"50\"},\"publishingPrinciples\":\"https:\/\/talkpal.ai\/publishing-principles\/\",\"actionableFeedbackPolicy\":\"https:\/\/talkpal.ai\/actionable-feedback-policy\/\",\"correctionsPolicy\":\"https:\/\/talkpal.ai\/corrections-policy\/\",\"ethicsPolicy\":\"https:\/\/talkpal.ai\/ethics-policy\/\",\"diversityPolicy\":\"https:\/\/talkpal.ai\/diversity-policy\/\",\"diversityStaffingReport\":\"https:\/\/talkpal.ai\/diversity-policy\/\"}]}<\/script>\n<!-- \/ Yoast SEO Premium plugin. -->","yoast_head_json":{"title":"Islandsk\u00e1 gramatika - Talkpal","description":"Nau\u010dte se jasn\u011b islandskou gramatiku - pochopte kl\u00ed\u010dov\u00e1 gramatick\u00e1 pravidla, tvo\u0159te spr\u00e1vn\u00e9 v\u011bty a rychle si zvy\u0161te sebev\u011bdom\u00ed pomoc\u00ed Talkpals lekcemi s um\u011blou inteligenc\u00ed.","robots":{"index":"index","follow":"follow","max-snippet":"max-snippet:-1","max-image-preview":"max-image-preview:large","max-video-preview":"max-video-preview:-1"},"canonical":"https:\/\/talkpal.ai\/cs\/islandska-gramatika\/","og_locale":"cs_CZ","og_type":"article","og_title":"Islandsk\u00e1 gramatika","og_description":"Kouzlo islandsk\u00e9 gramatiky: Odhalen\u00ed tajemstv\u00ed vikingsk\u00e9ho jazyka \u00davod: Island, zem\u011b ohn\u011b a ledu Islandsk\u00fd jazyk, kter\u00fdm mluv\u00ed obyvatel\u00e9 \u00fa\u017easn\u00e9ho","og_url":"https:\/\/talkpal.ai\/cs\/islandska-gramatika\/","og_site_name":"Talkpal","article_publisher":"https:\/\/www.facebook.com\/profile.php?id=100090733639311","article_modified_time":"2025-12-12T10:52:17+00:00","og_image":[{"width":512,"height":512,"url":"https:\/\/talkpal.ai\/wp-content\/uploads\/2023\/05\/iceland.png","type":"image\/png"}],"twitter_card":"summary_large_image","twitter_site":"@talkpalai","twitter_misc":{"Odhadovan\u00e1 doba \u010dten\u00ed":"4 minuty"},"schema":{"@context":"https:\/\/schema.org","@graph":[{"@type":"WebPage","@id":"https:\/\/talkpal.ai\/cs\/islandska-gramatika\/","url":"https:\/\/talkpal.ai\/cs\/islandska-gramatika\/","name":"Islandsk\u00e1 gramatika - Talkpal","isPartOf":{"@id":"https:\/\/talkpal.ai\/cs\/#website"},"primaryImageOfPage":{"@id":"https:\/\/talkpal.ai\/cs\/islandska-gramatika\/#primaryimage"},"image":{"@id":"https:\/\/talkpal.ai\/cs\/islandska-gramatika\/#primaryimage"},"thumbnailUrl":"https:\/\/talkpal.ai\/wp-content\/uploads\/2023\/05\/iceland.png","datePublished":"2023-05-14T14:09:11+00:00","dateModified":"2025-12-12T10:52:17+00:00","description":"Nau\u010dte se jasn\u011b islandskou gramatiku - pochopte kl\u00ed\u010dov\u00e1 gramatick\u00e1 pravidla, tvo\u0159te spr\u00e1vn\u00e9 v\u011bty a rychle si zvy\u0161te sebev\u011bdom\u00ed pomoc\u00ed Talkpals lekcemi s um\u011blou inteligenc\u00ed.","breadcrumb":{"@id":"https:\/\/talkpal.ai\/cs\/islandska-gramatika\/#breadcrumb"},"inLanguage":"cs","potentialAction":[{"@type":"ReadAction","target":["https:\/\/talkpal.ai\/cs\/islandska-gramatika\/"]}]},{"@type":"ImageObject","inLanguage":"cs","@id":"https:\/\/talkpal.ai\/cs\/islandska-gramatika\/#primaryimage","url":"https:\/\/talkpal.ai\/wp-content\/uploads\/2023\/05\/iceland.png","contentUrl":"https:\/\/talkpal.ai\/wp-content\/uploads\/2023\/05\/iceland.png","width":512,"height":512},{"@type":"BreadcrumbList","@id":"https:\/\/talkpal.ai\/cs\/islandska-gramatika\/#breadcrumb","itemListElement":[{"@type":"ListItem","position":1,"name":"Homepage","item":"https:\/\/talkpal.ai\/cs\/"},{"@type":"ListItem","position":2,"name":"Islandsk\u00e1 gramatika"}]},{"@type":"WebSite","@id":"https:\/\/talkpal.ai\/cs\/#website","url":"https:\/\/talkpal.ai\/cs\/","name":"Talkpal","description":"AI Language Learning","publisher":{"@id":"https:\/\/talkpal.ai\/cs\/#organization"},"alternateName":"Talkpal AI","potentialAction":[{"@type":"SearchAction","target":{"@type":"EntryPoint","urlTemplate":"https:\/\/talkpal.ai\/cs\/?s={search_term_string}"},"query-input":{"@type":"PropertyValueSpecification","valueRequired":true,"valueName":"search_term_string"}}],"inLanguage":"cs"},{"@type":"Organization","@id":"https:\/\/talkpal.ai\/cs\/#organization","name":"Talkpal, Inc.","alternateName":"Talkpal AI","url":"https:\/\/talkpal.ai\/cs\/","logo":{"@type":"ImageObject","inLanguage":"cs","@id":"https:\/\/talkpal.ai\/cs\/#\/schema\/logo\/image\/","url":"https:\/\/talkpal.ai\/wp-content\/uploads\/2024\/03\/Talkpal-Logo-Icon.png","contentUrl":"https:\/\/talkpal.ai\/wp-content\/uploads\/2024\/03\/Talkpal-Logo-Icon.png","width":2880,"height":2880,"caption":"Talkpal, Inc."},"image":{"@id":"https:\/\/talkpal.ai\/cs\/#\/schema\/logo\/image\/"},"sameAs":["https:\/\/www.facebook.com\/profile.php?id=100090733639311","https:\/\/x.com\/talkpalai","https:\/\/www.linkedin.com\/company\/talkpal\/","https:\/\/www.youtube.com\/@TalkPal\/","https:\/\/www.tiktok.com\/@talkpal","https:\/\/www.instagram.com\/talkpal_ai\/","https:\/\/www.crunchbase.com\/organization\/talkpal-9cde","https:\/\/www.g2.com\/products\/talkpal-for-business\/","https:\/\/www.trustpilot.com\/review\/talkpal.ai","https:\/\/www.capterra.com\/p\/10006800\/TalkPal\/"],"description":"Talkpal is a language learning web and mobile education app, powered by the latest AI technologies, that provides engaging experiences to its customers in many different languages to help them improve their language skills. Users can chat about unlimited amount of topics with the app and use other modes to practice their language learning.","email":"support@talkpal.ai","legalName":"Talkpal, Inc.","foundingDate":"2023-04-03","duns":"118989042","numberOfEmployees":{"@type":"QuantitativeValue","minValue":"11","maxValue":"50"},"publishingPrinciples":"https:\/\/talkpal.ai\/publishing-principles\/","actionableFeedbackPolicy":"https:\/\/talkpal.ai\/actionable-feedback-policy\/","correctionsPolicy":"https:\/\/talkpal.ai\/corrections-policy\/","ethicsPolicy":"https:\/\/talkpal.ai\/ethics-policy\/","diversityPolicy":"https:\/\/talkpal.ai\/diversity-policy\/","diversityStaffingReport":"https:\/\/talkpal.ai\/diversity-policy\/"}]}},"_links":{"self":[{"href":"https:\/\/talkpal.ai\/cs\/wp-json\/wp\/v2\/pages\/144922","targetHints":{"allow":["GET"]}}],"collection":[{"href":"https:\/\/talkpal.ai\/cs\/wp-json\/wp\/v2\/pages"}],"about":[{"href":"https:\/\/talkpal.ai\/cs\/wp-json\/wp\/v2\/types\/page"}],"author":[{"embeddable":true,"href":"https:\/\/talkpal.ai\/cs\/wp-json\/wp\/v2\/users\/1"}],"replies":[{"embeddable":true,"href":"https:\/\/talkpal.ai\/cs\/wp-json\/wp\/v2\/comments?post=144922"}],"version-history":[{"count":0,"href":"https:\/\/talkpal.ai\/cs\/wp-json\/wp\/v2\/pages\/144922\/revisions"}],"wp:featuredmedia":[{"embeddable":true,"href":"https:\/\/talkpal.ai\/cs\/wp-json\/wp\/v2\/media\/113387"}],"wp:attachment":[{"href":"https:\/\/talkpal.ai\/cs\/wp-json\/wp\/v2\/media?parent=144922"}],"curies":[{"name":"wp","href":"https:\/\/api.w.org\/{rel}","templated":true}]}}