{"id":144636,"date":"2023-05-14T14:08:53","date_gmt":"2023-05-14T14:08:53","guid":{"rendered":"http:\/\/talkpal.ai\/madarska-gramatika\/"},"modified":"2025-12-12T10:49:09","modified_gmt":"2025-12-12T10:49:09","slug":"madarska-gramatika","status":"publish","type":"page","link":"https:\/\/talkpal.ai\/cs\/madarska-gramatika\/","title":{"rendered":"Ma\u010farsk\u00e1 gramatika"},"content":{"rendered":"\r\n\r\n\r\n<section class=\"languageChallengeSection\">\r\n    <div class=\"languageInfoWrapper\">\r\n        \r\n        <h1>Ma\u010farsk\u00e1 gramatika<\/h1>\r\n        <p>Jste p\u0159ipraveni p\u0159ijmout skute\u010dn\u011b jedine\u010dnou jazykovou v\u00fdzvu? Pono\u0159te se do ma\u010farsk\u00e9 gramatiky a odhalte jej\u00ed pozoruhodn\u00e9 vlastnosti. Za\u010dn\u011bte se u\u010dit je\u0161t\u011b dnes a zjist\u011bte, jak v\u00e1m zvl\u00e1dnut\u00ed ma\u010farsk\u00e9 gramatiky otev\u00edr\u00e1 dve\u0159e ke smyslupln\u00e9 konverzaci a hlubok\u00e9mu pozn\u00e1n\u00ed bohat\u00e9ho jazykov\u00e9ho d\u011bdictv\u00ed Ma\u010farska!<\/p>\r\n\r\n                            <a class=\"getStartedHidden\" href=\"https:\/\/app.talkpal.ai\/cs\/signup?lng=\">Za\u010dni<\/a>\r\n        \r\n    <\/div>\r\n\r\n    <figure>\r\n    <img decoding=\"async\" width=\"768\" height=\"768\" src=\"https:\/\/talkpal.ai\/wp-content\/uploads\/2023\/06\/hungarian-768x768.png\" class=\"languageImage no-lazy\" alt=\"Language learning strategies for advanced learners\" fetchpriority=\"high\" sizes=\"(max-width: 768px) 150px, 768px\" srcset=\"https:\/\/talkpal.ai\/wp-content\/uploads\/2023\/06\/hungarian-768x768.png 768w, https:\/\/talkpal.ai\/wp-content\/uploads\/2023\/06\/hungarian-300x300.png 300w\" \/>\r\n    \r\n\r\n    <\/figure>\r\n\r\n            <a class=\"getStartedVisible\" href=\"https:\/\/app.talkpal.ai\/cs\/signup?lng=\">Za\u010dni<\/a>\r\n    \r\n<\/section>\r\n<section class=\"promotionalBanner\">\r\n    <p class=\"promotionalText\">Nejefektivn\u011bj\u0161\u00ed <a href=\"https:\/\/talkpal.ai\/best-way-to-learn\/\">zp\u016fsob<\/a>, jak se nau\u010dit jazyk<\/p>\r\n    <a class=\"promotionalLink\" href=\"https:\/\/app.talkpal.ai\/cs\/signup?lng=\">Vyzkou\u0161ejte Talkpal zdarma<\/a>\r\n<\/section>\n<div class=\"wp-block-group pageContainerStyle\"><div class=\"wp-block-group__inner-container is-layout-constrained wp-block-group-is-layout-constrained\">\n<h2 class=\"wp-block-heading\" id=\"h-title-unlocking-the-secrets-of-hungarian-grammar\">N\u00e1zev: Odemyk\u00e1n\u00ed tajemstv\u00ed ma\u010farsk\u00e9 gramatiky<\/h2>\n\n\n\n<p>Ma\u010far\u0161tina, ugrofinsk\u00fd jazyk, vynik\u00e1 sv\u00fdm jedine\u010dn\u00fdm gramatick\u00fdm syst\u00e9mem, co\u017e z n\u00ed \u010din\u00ed fascinuj\u00edc\u00ed v\u00fdzvu pro jazykov\u00e9 nad\u0161ence. Studium ma\u010far\u0161tiny nejen roz\u0161\u00ed\u0159\u00ed va\u0161e jazykov\u00e9 znalosti, ale tak\u00e9 v\u00e1m umo\u017en\u00ed proniknout do podmaniv\u00e9 kultury a historie Ma\u010farska. I kdy\u017e se <a href=\"https:\/\/talkpal.ai\/hungarian-grammar\/\">ma\u010farsk\u00e1 gramatika<\/a> m\u016f\u017ee zpo\u010d\u00e1tku zd\u00e1t zastra\u0161uj\u00edc\u00ed, jej\u00ed rozd\u011blen\u00ed na zvl\u00e1dnuteln\u00e9 slo\u017eky \u010din\u00ed proces u\u010den\u00ed p\u0159\u00edstupn\u011bj\u0161\u00edm. V tomto \u010dl\u00e1nku v\u00e1s sezn\u00e1m\u00edme se zaj\u00edmav\u00fdm sv\u011btem ma\u010farsk\u00e9 gramatiky a nab\u00eddneme v\u00e1m n\u00e1vod, jak zvl\u00e1dnout jej\u00ed slo\u017eitosti.<\/p>\n\n\n\n<h3 class=\"wp-block-heading\" id=\"h-1-word-order-a-flexible-feature\">1. Slovosled: Flexibiln\u00ed funkce<\/h3>\n\n\n\n<p>Na rozd\u00edl od mnoha jin\u00fdch jazyk\u016f m\u00e1 ma\u010far\u0161tina pom\u011brn\u011b flexibiln\u00ed slovosled. Zat\u00edmco typick\u00e1 ma\u010farsk\u00e1 v\u011bta se \u0159\u00edd\u00ed vzorem podm\u011bt-sloveso-p\u0159edm\u011bt (SVO), b\u011b\u017en\u00e9 jsou i jin\u00e9 slovosledy, kter\u00e9 se pou\u017e\u00edvaj\u00ed ke zd\u016frazn\u011bn\u00ed r\u016fzn\u00fdch \u010d\u00e1st\u00ed v\u011bty. Sezn\u00e1men\u00ed se s t\u011bmito variantami v\u00e1m umo\u017en\u00ed efektivn\u011bji porozum\u011bt a konstruovat ma\u010farsk\u00e9 v\u011bty.<\/p>\n\n\n\n<h3 class=\"wp-block-heading\" id=\"h-2-nouns-and-cases-the-role-of-suffixes\">2. Podstatn\u00e1 jm\u00e9na a p\u00e1dy: \u00faloha p\u0159\u00edpon<\/h3>\n\n\n\n<p>Ma\u010farsk\u00e1 podstatn\u00e1 jm\u00e9na nemaj\u00ed gramatick\u00fd rod, co\u017e zjednodu\u0161uje v\u011btnou stavbu. Podstatn\u00e1 jm\u00e9na a dal\u0161\u00ed slovn\u00ed druhy v ma\u010farsk\u00e9 gramatice v\u0161ak vyu\u017e\u00edvaj\u00ed nep\u0159ebern\u00e9 mno\u017estv\u00ed p\u0159\u00edpon k ozna\u010den\u00ed p\u00e1d\u016f, dr\u017een\u00ed a mno\u017en\u00e9ho \u010d\u00edsla. Nau\u010dte se tyto p\u0159\u00edpony a jejich pou\u017eit\u00ed v\u00fdrazn\u011b zlep\u0161it svou schopnost komunikovat v ma\u010far\u0161tin\u011b.<\/p>\n\n\n\n<p>P\u0159\u00edklady:<\/p>\n\n\n\n<p><strong>&#8211; h\u00e1z (d\u016fm) &#8211; h\u00e1zak (domy)<\/strong><\/p>\n\n\n\n<p><strong>&#8211; h\u00e1zban (v dom\u011b) &#8211; h\u00e1zakban (v domech)<\/strong><\/p>\n\n\n\n<h3 class=\"wp-block-heading\" id=\"h-3-verbs-conjugation-and-tense\">3. Slovesa: \u010dasov\u00e1n\u00ed a \u010das<\/h3>\n\n\n\n<p>Ma\u010farsk\u00e1 slovesa se \u010dasuj\u00ed podle \u010dasu, zp\u016fsobu, podm\u011btu a ur\u010ditosti. A\u010dkoli v ma\u010far\u0161tin\u011b existuje n\u011bkolik \u010das\u016f, je dobr\u00e9 se nau\u010dit t\u0159i z\u00e1kladn\u00ed \u010dasy &#8211; p\u0159\u00edtomn\u00fd, minul\u00fd a budouc\u00ed. Seznamte se se vzorci \u010dasov\u00e1n\u00ed pravideln\u00fdch sloves a nau\u010dte se b\u011b\u017en\u00e1 nepravideln\u00e1 slovesa, abyste zlep\u0161ili sv\u00e9 verb\u00e1ln\u00ed komunika\u010dn\u00ed dovednosti.<\/p>\n\n\n\n<h3 class=\"wp-block-heading\" id=\"h-4-adjectives-agreement-and-placement\">4. P\u0159\u00eddavn\u00e1 jm\u00e9na: Dohoda a um\u00edst\u011bn\u00ed<\/h3>\n\n\n\n<p>V ma\u010farsk\u00e9 gramatice mus\u00ed p\u0159\u00eddavn\u00e1 jm\u00e9na souhlasit s podstatn\u00fdm jm\u00e9nem, kter\u00e9 modifikuj\u00ed, pokud jde o \u010d\u00edslo (jednotn\u00e9 nebo mno\u017en\u00e9 \u010d\u00edslo). P\u0159\u00eddavn\u00e1 jm\u00e9na se v\u0161ak nemus\u00ed shodovat s podstatn\u00fdm jm\u00e9nem pro gramatick\u00fd p\u00e1d. P\u0159\u00eddavn\u00e1 jm\u00e9na obvykle p\u0159edch\u00e1zej\u00ed podstatn\u00e9mu jm\u00e9nu a poskytuj\u00ed popisn\u00fd kontext v\u011bty.<\/p>\n\n\n\n<p>P\u0159\u00edklady:<\/p>\n\n\n\n<p><strong>&#8211; piros alma (\u010derven\u00e9 jablko)<\/strong><\/p>\n\n\n\n<p><strong>&#8211; sz\u00e9p vir\u00e1gok (kr\u00e1sn\u00e9 kv\u011btiny)<\/strong><\/p>\n\n\n\n<h3 class=\"wp-block-heading\" id=\"h-5-vowel-harmony-a-unique-feature\">5. Harmonie samohl\u00e1sek: Jedine\u010dn\u00e1 vlastnost<\/h3>\n\n\n\n<p>Charakteristick\u00fdm aspektem ma\u010farsk\u00e9 gramatiky je harmonie samohl\u00e1sek, kter\u00e1 zahrnuje shodu samohl\u00e1sek ve slovech. Harmonie samohl\u00e1sek ovliv\u0148uje zp\u016fsob, jak\u00fdm se tvo\u0159\u00ed p\u0159\u00edpony a jak se p\u0159ipojuj\u00ed ke slov\u016fm. Pochopen\u00ed a procvi\u010dov\u00e1n\u00ed harmonie samohl\u00e1sek u\u010din\u00ed va\u0161i psanou a mluvenou ma\u010far\u0161tinu p\u0159esn\u011bj\u0161\u00ed a p\u0159irozen\u011bj\u0161\u00ed.<\/p>\n\n\n\n<h3 class=\"wp-block-heading\" id=\"h-6-engaging-with-the-language\">6. Zapojen\u00ed do jazyka<\/h3>\n\n\n\n<p>Nej\u00fa\u010dinn\u011bj\u0161\u00edm zp\u016fsobem, jak pln\u011b pochopit a zvnit\u0159nit ma\u010farskou gramatiku, je d\u016fsledn\u011b se jazykem zab\u00fdvat. \u010cten\u00edm ma\u010farsk\u00e9 literatury, sledov\u00e1n\u00edm film\u016f pro rodil\u00e9 mluv\u010d\u00ed nebo aktivn\u00ed konverzac\u00ed s rodil\u00fdmi mluv\u010d\u00edmi si pos\u00edl\u00edte porozum\u011bn\u00ed gramatice a z\u00e1rove\u0148 si roz\u0161\u00ed\u0159\u00edte slovn\u00ed z\u00e1sobu.<\/p>\n\n\n\n<h3 class=\"wp-block-heading\" id=\"h-conclusion\">Z\u00e1v\u011br<\/h3>\n\n\n\n<p>A\u010dkoli se ma\u010farsk\u00e1 gramatika m\u016f\u017ee zd\u00e1t slo\u017eit\u00e1, p\u0159\u00edstup k n\u00ed krok za krokem a d\u016fsledn\u00e9 procvi\u010dov\u00e1n\u00ed v\u00e1m pom\u016f\u017ee zdokonalit se v tomto fascinuj\u00edc\u00edm jazyce. P\u0159ijm\u011bte tuto v\u00fdzvu na sv\u00e9 cest\u011b za ma\u010far\u0161tinou a brzy se budete s jistotou orientovat ve slo\u017eitostech jej\u00ed gramatiky. \u0160\u0165astn\u00e9 studium a u\u017eijte si objevov\u00e1n\u00ed z\u00e1zrak\u016f ma\u010farsk\u00e9 gramatiky!<\/p>\n<\/div><\/div>\n\r\n<section class=\"learnNavigationSection\">\r\n            \r\n        <a href=\"https:\/\/talkpal.ai\/cs\/naucte-se-madarsky\/\">\r\n            <div class=\"learnNavigationWrapper\">\r\n                <div class=\"learnNavigationContent\">\r\n                    <img decoding=\"async\" src=\"https:\/\/talkpal.ai\/wp-content\/uploads\/2024\/08\/Hungarian.jpg\" alt=\"Hungarian Flag\">\r\n                    <div>\r\n                        <h4>O ma\u010farsk\u00e9m vzd\u011bl\u00e1v\u00e1n\u00ed<\/h4>\r\n                        <p>Zjist\u011bte v\u0161e o ma\u010farsk\u00e9 gramatice.<\/p>\r\n                    <\/div>\r\n                <\/div>\r\n            <\/div>\r\n        <\/a>\r\n\r\n        \r\n        <a href=\"https:\/\/talkpal.ai\/cs\/cviceni-z-madarske-gramatiky\/\">\r\n            <div class=\"learnNavigationWrapper\">\r\n                <div class=\"learnNavigationContent\">\r\n                    <img decoding=\"async\" src=\"https:\/\/talkpal.ai\/wp-content\/uploads\/2024\/08\/Hungarian.jpg\" alt=\"Hungarian Flag\">\r\n                    <div>\r\n                        <h4>Cvi\u010den\u00ed z ma\u010farsk\u00e9 gramatiky<\/h4>\r\n                        <p>Procvi\u010dte si ma\u010farskou gramatiku.<\/p>\r\n                    <\/div>\r\n                <\/div>\r\n            <\/div>\r\n        <\/a>\r\n\r\n        \r\n        <a href=\"https:\/\/talkpal.ai\/vocabulary_language\/hungarian\/\">\r\n            <div class=\"learnNavigationWrapper\">\r\n                <div class=\"learnNavigationContent\">\r\n                    <img decoding=\"async\" src=\"https:\/\/talkpal.ai\/wp-content\/uploads\/2024\/08\/Hungarian.jpg\" alt=\"Hungarian Flag\">\r\n                    <div>\r\n                        <h4>Ma\u010farsk\u00e1 slovn\u00ed z\u00e1soba<\/h4>\r\n                        <p>Roz\u0161i\u0159te si slovn\u00ed z\u00e1sobu ma\u010far\u0161tiny.<\/p>\r\n                    <\/div>\r\n                <\/div>\r\n            <\/div>\r\n        <\/a>\r\n\r\n            <\/section>","protected":false},"excerpt":{"rendered":"<p>N\u00e1zev: Odemyk\u00e1n\u00ed tajemstv\u00ed ma\u010farsk\u00e9 gramatiky Ma\u010far\u0161tina, ugrofinsk\u00fd jazyk, vynik\u00e1 sv\u00fdm jedine\u010dn\u00fdm gramatick\u00fdm syst\u00e9mem, co\u017e z n\u00ed \u010din\u00ed fascinuj\u00edc\u00ed v\u00fdzvu pro jazykov\u00e9 nad\u0161ence. Studium ma\u010far\u0161tiny nejen roz\u0161\u00ed\u0159\u00ed va\u0161e jazykov\u00e9 znalosti, ale tak\u00e9 v\u00e1m umo\u017en\u00ed proniknout do podmaniv\u00e9 kultury a historie Ma\u010farska. I kdy\u017e se ma\u010farsk\u00e1 gramatika m\u016f\u017ee zpo\u010d\u00e1tku zd\u00e1t zastra\u0161uj\u00edc\u00ed, jej\u00ed rozd\u011blen\u00ed na zvl\u00e1dnuteln\u00e9 slo\u017eky \u010din\u00ed [&hellip;]<\/p>\n","protected":false},"author":1,"featured_media":113155,"parent":0,"menu_order":0,"comment_status":"closed","ping_status":"closed","template":"LearningContentPage.php","meta":{"_acf_changed":false,"footnotes":""},"class_list":["post-144636","page","type-page","status-publish","has-post-thumbnail","hentry"],"acf":[],"yoast_head":"<!-- This site is optimized with the Yoast SEO Premium plugin v27.2 (Yoast SEO v27.2) - https:\/\/yoast.com\/product\/yoast-seo-premium-wordpress\/ -->\n<title>Ma\u010farsk\u00e1 gramatika - Talkpal<\/title>\n<meta name=\"description\" content=\"Zvl\u00e1dn\u011bte ma\u010farskou gramatiku - nau\u010dte se gramatick\u00e1 pravidla a procvi\u010dte si tvorbu v\u011bt. Z\u00edskejte u\u017eite\u010dn\u00e9 pokyny od Talkpal AI.\" \/>\n<meta name=\"robots\" content=\"index, follow, max-snippet:-1, max-image-preview:large, max-video-preview:-1\" \/>\n<link rel=\"canonical\" href=\"https:\/\/talkpal.ai\/cs\/madarska-gramatika\/\" \/>\n<meta property=\"og:locale\" content=\"cs_CZ\" \/>\n<meta property=\"og:type\" content=\"article\" \/>\n<meta property=\"og:title\" content=\"Ma\u010farsk\u00e1 gramatika\" \/>\n<meta property=\"og:description\" content=\"N\u00e1zev: Odemyk\u00e1n\u00ed tajemstv\u00ed ma\u010farsk\u00e9 gramatiky Ma\u010far\u0161tina, ugrofinsk\u00fd jazyk, vynik\u00e1 sv\u00fdm jedine\u010dn\u00fdm gramatick\u00fdm syst\u00e9mem, co\u017e z n\u00ed \u010din\u00ed fascinuj\u00edc\u00ed v\u00fdzvu\" \/>\n<meta property=\"og:url\" content=\"https:\/\/talkpal.ai\/cs\/madarska-gramatika\/\" \/>\n<meta property=\"og:site_name\" content=\"Talkpal\" \/>\n<meta property=\"article:publisher\" content=\"https:\/\/www.facebook.com\/profile.php?id=100090733639311\" \/>\n<meta property=\"article:modified_time\" content=\"2025-12-12T10:49:09+00:00\" \/>\n<meta property=\"og:image\" content=\"https:\/\/talkpal.ai\/wp-content\/uploads\/2023\/05\/Hungarian.png\" \/>\n\t<meta property=\"og:image:width\" content=\"512\" \/>\n\t<meta property=\"og:image:height\" content=\"512\" \/>\n\t<meta property=\"og:image:type\" content=\"image\/png\" \/>\n<meta name=\"twitter:card\" content=\"summary_large_image\" \/>\n<meta name=\"twitter:site\" content=\"@talkpalai\" \/>\n<meta name=\"twitter:label1\" content=\"Odhadovan\u00e1 doba \u010dten\u00ed\" \/>\n\t<meta name=\"twitter:data1\" content=\"3 minuty\" \/>\n<script type=\"application\/ld+json\" class=\"yoast-schema-graph\">{\"@context\":\"https:\/\/schema.org\",\"@graph\":[{\"@type\":\"WebPage\",\"@id\":\"https:\/\/talkpal.ai\/cs\/madarska-gramatika\/\",\"url\":\"https:\/\/talkpal.ai\/cs\/madarska-gramatika\/\",\"name\":\"Ma\u010farsk\u00e1 gramatika - Talkpal\",\"isPartOf\":{\"@id\":\"https:\/\/talkpal.ai\/cs\/#website\"},\"primaryImageOfPage\":{\"@id\":\"https:\/\/talkpal.ai\/cs\/madarska-gramatika\/#primaryimage\"},\"image\":{\"@id\":\"https:\/\/talkpal.ai\/cs\/madarska-gramatika\/#primaryimage\"},\"thumbnailUrl\":\"https:\/\/talkpal.ai\/wp-content\/uploads\/2023\/05\/Hungarian.png\",\"datePublished\":\"2023-05-14T14:08:53+00:00\",\"dateModified\":\"2025-12-12T10:49:09+00:00\",\"description\":\"Zvl\u00e1dn\u011bte ma\u010farskou gramatiku - nau\u010dte se gramatick\u00e1 pravidla a procvi\u010dte si tvorbu v\u011bt. Z\u00edskejte u\u017eite\u010dn\u00e9 pokyny od Talkpal AI.\",\"breadcrumb\":{\"@id\":\"https:\/\/talkpal.ai\/cs\/madarska-gramatika\/#breadcrumb\"},\"inLanguage\":\"cs\",\"potentialAction\":[{\"@type\":\"ReadAction\",\"target\":[\"https:\/\/talkpal.ai\/cs\/madarska-gramatika\/\"]}]},{\"@type\":\"ImageObject\",\"inLanguage\":\"cs\",\"@id\":\"https:\/\/talkpal.ai\/cs\/madarska-gramatika\/#primaryimage\",\"url\":\"https:\/\/talkpal.ai\/wp-content\/uploads\/2023\/05\/Hungarian.png\",\"contentUrl\":\"https:\/\/talkpal.ai\/wp-content\/uploads\/2023\/05\/Hungarian.png\",\"width\":512,\"height\":512},{\"@type\":\"BreadcrumbList\",\"@id\":\"https:\/\/talkpal.ai\/cs\/madarska-gramatika\/#breadcrumb\",\"itemListElement\":[{\"@type\":\"ListItem\",\"position\":1,\"name\":\"Homepage\",\"item\":\"https:\/\/talkpal.ai\/cs\/\"},{\"@type\":\"ListItem\",\"position\":2,\"name\":\"Ma\u010farsk\u00e1 gramatika\"}]},{\"@type\":\"WebSite\",\"@id\":\"https:\/\/talkpal.ai\/cs\/#website\",\"url\":\"https:\/\/talkpal.ai\/cs\/\",\"name\":\"Talkpal\",\"description\":\"AI Language Learning\",\"publisher\":{\"@id\":\"https:\/\/talkpal.ai\/cs\/#organization\"},\"alternateName\":\"Talkpal AI\",\"potentialAction\":[{\"@type\":\"SearchAction\",\"target\":{\"@type\":\"EntryPoint\",\"urlTemplate\":\"https:\/\/talkpal.ai\/cs\/?s={search_term_string}\"},\"query-input\":{\"@type\":\"PropertyValueSpecification\",\"valueRequired\":true,\"valueName\":\"search_term_string\"}}],\"inLanguage\":\"cs\"},{\"@type\":\"Organization\",\"@id\":\"https:\/\/talkpal.ai\/cs\/#organization\",\"name\":\"Talkpal, Inc.\",\"alternateName\":\"Talkpal AI\",\"url\":\"https:\/\/talkpal.ai\/cs\/\",\"logo\":{\"@type\":\"ImageObject\",\"inLanguage\":\"cs\",\"@id\":\"https:\/\/talkpal.ai\/cs\/#\/schema\/logo\/image\/\",\"url\":\"https:\/\/talkpal.ai\/wp-content\/uploads\/2024\/03\/Talkpal-Logo-Icon.png\",\"contentUrl\":\"https:\/\/talkpal.ai\/wp-content\/uploads\/2024\/03\/Talkpal-Logo-Icon.png\",\"width\":2880,\"height\":2880,\"caption\":\"Talkpal, Inc.\"},\"image\":{\"@id\":\"https:\/\/talkpal.ai\/cs\/#\/schema\/logo\/image\/\"},\"sameAs\":[\"https:\/\/www.facebook.com\/profile.php?id=100090733639311\",\"https:\/\/x.com\/talkpalai\",\"https:\/\/www.linkedin.com\/company\/talkpal\/\",\"https:\/\/www.youtube.com\/@TalkPal\/\",\"https:\/\/www.tiktok.com\/@talkpal\",\"https:\/\/www.instagram.com\/talkpal_ai\/\",\"https:\/\/www.crunchbase.com\/organization\/talkpal-9cde\",\"https:\/\/www.g2.com\/products\/talkpal-for-business\/\",\"https:\/\/www.trustpilot.com\/review\/talkpal.ai\",\"https:\/\/www.capterra.com\/p\/10006800\/TalkPal\/\"],\"description\":\"Talkpal is a language learning web and mobile education app, powered by the latest AI technologies, that provides engaging experiences to its customers in many different languages to help them improve their language skills. Users can chat about unlimited amount of topics with the app and use other modes to practice their language learning.\",\"email\":\"support@talkpal.ai\",\"legalName\":\"Talkpal, Inc.\",\"foundingDate\":\"2023-04-03\",\"duns\":\"118989042\",\"numberOfEmployees\":{\"@type\":\"QuantitativeValue\",\"minValue\":\"11\",\"maxValue\":\"50\"},\"publishingPrinciples\":\"https:\/\/talkpal.ai\/publishing-principles\/\",\"actionableFeedbackPolicy\":\"https:\/\/talkpal.ai\/actionable-feedback-policy\/\",\"correctionsPolicy\":\"https:\/\/talkpal.ai\/corrections-policy\/\",\"ethicsPolicy\":\"https:\/\/talkpal.ai\/ethics-policy\/\",\"diversityPolicy\":\"https:\/\/talkpal.ai\/diversity-policy\/\",\"diversityStaffingReport\":\"https:\/\/talkpal.ai\/diversity-policy\/\"}]}<\/script>\n<!-- \/ Yoast SEO Premium plugin. -->","yoast_head_json":{"title":"Ma\u010farsk\u00e1 gramatika - Talkpal","description":"Zvl\u00e1dn\u011bte ma\u010farskou gramatiku - nau\u010dte se gramatick\u00e1 pravidla a procvi\u010dte si tvorbu v\u011bt. Z\u00edskejte u\u017eite\u010dn\u00e9 pokyny od Talkpal AI.","robots":{"index":"index","follow":"follow","max-snippet":"max-snippet:-1","max-image-preview":"max-image-preview:large","max-video-preview":"max-video-preview:-1"},"canonical":"https:\/\/talkpal.ai\/cs\/madarska-gramatika\/","og_locale":"cs_CZ","og_type":"article","og_title":"Ma\u010farsk\u00e1 gramatika","og_description":"N\u00e1zev: Odemyk\u00e1n\u00ed tajemstv\u00ed ma\u010farsk\u00e9 gramatiky Ma\u010far\u0161tina, ugrofinsk\u00fd jazyk, vynik\u00e1 sv\u00fdm jedine\u010dn\u00fdm gramatick\u00fdm syst\u00e9mem, co\u017e z n\u00ed \u010din\u00ed fascinuj\u00edc\u00ed v\u00fdzvu","og_url":"https:\/\/talkpal.ai\/cs\/madarska-gramatika\/","og_site_name":"Talkpal","article_publisher":"https:\/\/www.facebook.com\/profile.php?id=100090733639311","article_modified_time":"2025-12-12T10:49:09+00:00","og_image":[{"width":512,"height":512,"url":"https:\/\/talkpal.ai\/wp-content\/uploads\/2023\/05\/Hungarian.png","type":"image\/png"}],"twitter_card":"summary_large_image","twitter_site":"@talkpalai","twitter_misc":{"Odhadovan\u00e1 doba \u010dten\u00ed":"3 minuty"},"schema":{"@context":"https:\/\/schema.org","@graph":[{"@type":"WebPage","@id":"https:\/\/talkpal.ai\/cs\/madarska-gramatika\/","url":"https:\/\/talkpal.ai\/cs\/madarska-gramatika\/","name":"Ma\u010farsk\u00e1 gramatika - Talkpal","isPartOf":{"@id":"https:\/\/talkpal.ai\/cs\/#website"},"primaryImageOfPage":{"@id":"https:\/\/talkpal.ai\/cs\/madarska-gramatika\/#primaryimage"},"image":{"@id":"https:\/\/talkpal.ai\/cs\/madarska-gramatika\/#primaryimage"},"thumbnailUrl":"https:\/\/talkpal.ai\/wp-content\/uploads\/2023\/05\/Hungarian.png","datePublished":"2023-05-14T14:08:53+00:00","dateModified":"2025-12-12T10:49:09+00:00","description":"Zvl\u00e1dn\u011bte ma\u010farskou gramatiku - nau\u010dte se gramatick\u00e1 pravidla a procvi\u010dte si tvorbu v\u011bt. Z\u00edskejte u\u017eite\u010dn\u00e9 pokyny od Talkpal AI.","breadcrumb":{"@id":"https:\/\/talkpal.ai\/cs\/madarska-gramatika\/#breadcrumb"},"inLanguage":"cs","potentialAction":[{"@type":"ReadAction","target":["https:\/\/talkpal.ai\/cs\/madarska-gramatika\/"]}]},{"@type":"ImageObject","inLanguage":"cs","@id":"https:\/\/talkpal.ai\/cs\/madarska-gramatika\/#primaryimage","url":"https:\/\/talkpal.ai\/wp-content\/uploads\/2023\/05\/Hungarian.png","contentUrl":"https:\/\/talkpal.ai\/wp-content\/uploads\/2023\/05\/Hungarian.png","width":512,"height":512},{"@type":"BreadcrumbList","@id":"https:\/\/talkpal.ai\/cs\/madarska-gramatika\/#breadcrumb","itemListElement":[{"@type":"ListItem","position":1,"name":"Homepage","item":"https:\/\/talkpal.ai\/cs\/"},{"@type":"ListItem","position":2,"name":"Ma\u010farsk\u00e1 gramatika"}]},{"@type":"WebSite","@id":"https:\/\/talkpal.ai\/cs\/#website","url":"https:\/\/talkpal.ai\/cs\/","name":"Talkpal","description":"AI Language Learning","publisher":{"@id":"https:\/\/talkpal.ai\/cs\/#organization"},"alternateName":"Talkpal AI","potentialAction":[{"@type":"SearchAction","target":{"@type":"EntryPoint","urlTemplate":"https:\/\/talkpal.ai\/cs\/?s={search_term_string}"},"query-input":{"@type":"PropertyValueSpecification","valueRequired":true,"valueName":"search_term_string"}}],"inLanguage":"cs"},{"@type":"Organization","@id":"https:\/\/talkpal.ai\/cs\/#organization","name":"Talkpal, Inc.","alternateName":"Talkpal AI","url":"https:\/\/talkpal.ai\/cs\/","logo":{"@type":"ImageObject","inLanguage":"cs","@id":"https:\/\/talkpal.ai\/cs\/#\/schema\/logo\/image\/","url":"https:\/\/talkpal.ai\/wp-content\/uploads\/2024\/03\/Talkpal-Logo-Icon.png","contentUrl":"https:\/\/talkpal.ai\/wp-content\/uploads\/2024\/03\/Talkpal-Logo-Icon.png","width":2880,"height":2880,"caption":"Talkpal, Inc."},"image":{"@id":"https:\/\/talkpal.ai\/cs\/#\/schema\/logo\/image\/"},"sameAs":["https:\/\/www.facebook.com\/profile.php?id=100090733639311","https:\/\/x.com\/talkpalai","https:\/\/www.linkedin.com\/company\/talkpal\/","https:\/\/www.youtube.com\/@TalkPal\/","https:\/\/www.tiktok.com\/@talkpal","https:\/\/www.instagram.com\/talkpal_ai\/","https:\/\/www.crunchbase.com\/organization\/talkpal-9cde","https:\/\/www.g2.com\/products\/talkpal-for-business\/","https:\/\/www.trustpilot.com\/review\/talkpal.ai","https:\/\/www.capterra.com\/p\/10006800\/TalkPal\/"],"description":"Talkpal is a language learning web and mobile education app, powered by the latest AI technologies, that provides engaging experiences to its customers in many different languages to help them improve their language skills. Users can chat about unlimited amount of topics with the app and use other modes to practice their language learning.","email":"support@talkpal.ai","legalName":"Talkpal, Inc.","foundingDate":"2023-04-03","duns":"118989042","numberOfEmployees":{"@type":"QuantitativeValue","minValue":"11","maxValue":"50"},"publishingPrinciples":"https:\/\/talkpal.ai\/publishing-principles\/","actionableFeedbackPolicy":"https:\/\/talkpal.ai\/actionable-feedback-policy\/","correctionsPolicy":"https:\/\/talkpal.ai\/corrections-policy\/","ethicsPolicy":"https:\/\/talkpal.ai\/ethics-policy\/","diversityPolicy":"https:\/\/talkpal.ai\/diversity-policy\/","diversityStaffingReport":"https:\/\/talkpal.ai\/diversity-policy\/"}]}},"_links":{"self":[{"href":"https:\/\/talkpal.ai\/cs\/wp-json\/wp\/v2\/pages\/144636","targetHints":{"allow":["GET"]}}],"collection":[{"href":"https:\/\/talkpal.ai\/cs\/wp-json\/wp\/v2\/pages"}],"about":[{"href":"https:\/\/talkpal.ai\/cs\/wp-json\/wp\/v2\/types\/page"}],"author":[{"embeddable":true,"href":"https:\/\/talkpal.ai\/cs\/wp-json\/wp\/v2\/users\/1"}],"replies":[{"embeddable":true,"href":"https:\/\/talkpal.ai\/cs\/wp-json\/wp\/v2\/comments?post=144636"}],"version-history":[{"count":0,"href":"https:\/\/talkpal.ai\/cs\/wp-json\/wp\/v2\/pages\/144636\/revisions"}],"wp:featuredmedia":[{"embeddable":true,"href":"https:\/\/talkpal.ai\/cs\/wp-json\/wp\/v2\/media\/113155"}],"wp:attachment":[{"href":"https:\/\/talkpal.ai\/cs\/wp-json\/wp\/v2\/media?parent=144636"}],"curies":[{"name":"wp","href":"https:\/\/api.w.org\/{rel}","templated":true}]}}