{"id":144285,"date":"2023-05-14T14:04:48","date_gmt":"2023-05-14T14:04:48","guid":{"rendered":"http:\/\/talkpal.ai\/hebrejska-gramatika\/"},"modified":"2025-12-13T15:40:44","modified_gmt":"2025-12-13T15:40:44","slug":"hebrejska-gramatika","status":"publish","type":"page","link":"https:\/\/talkpal.ai\/cs\/hebrejska-gramatika\/","title":{"rendered":"Hebrejsk\u00e1 gramatika"},"content":{"rendered":"\r\n\r\n\r\n<section class=\"languageChallengeSection\">\r\n    <div class=\"languageInfoWrapper\">\r\n        \r\n        <h1>Hebrejsk\u00e1 gramatika<\/h1>\r\n        <p>Nau\u010dte se hebrejskou gramatiku a odhalte tajemstv\u00ed jazyka s hlubok\u00fdmi historick\u00fdmi ko\u0159eny a modern\u00edm v\u00fdznamem. P\u0159ijm\u011bte v\u00fdzvu a spojte se s \u017eivou kulturou prost\u0159ednictv\u00edm kr\u00e1sy hebrejsk\u00e9 gramatiky!<\/p>\r\n\r\n                            <a class=\"getStartedHidden\" href=\"https:\/\/app.talkpal.ai\/cs\/signup?lng=\">Za\u010dni<\/a>\r\n        \r\n    <\/div>\r\n\r\n    <figure>\r\n    <img decoding=\"async\" width=\"768\" height=\"768\" src=\"https:\/\/talkpal.ai\/wp-content\/uploads\/2023\/06\/hebrew-768x768.png\" class=\"languageImage no-lazy\" alt=\"Language learning for proficient communication\" fetchpriority=\"high\" sizes=\"(max-width: 768px) 150px, 768px\" srcset=\"https:\/\/talkpal.ai\/wp-content\/uploads\/2023\/06\/hebrew-768x768.png 768w, https:\/\/talkpal.ai\/wp-content\/uploads\/2023\/06\/hebrew-300x300.png 300w\" \/>\r\n    \r\n\r\n    <\/figure>\r\n\r\n            <a class=\"getStartedVisible\" href=\"https:\/\/app.talkpal.ai\/cs\/signup?lng=\">Za\u010dni<\/a>\r\n    \r\n<\/section>\r\n<section class=\"promotionalBanner\">\r\n    <p class=\"promotionalText\">Nejefektivn\u011bj\u0161\u00ed zp\u016fsob, jak se nau\u010dit jazyk<\/p>\r\n    <a class=\"promotionalLink\" href=\"https:\/\/app.talkpal.ai\/cs\/signup?lng=\">Vyzkou\u0161ejte Talkpal zdarma<\/a>\r\n<\/section>\n<div class=\"wp-block-group pageContainerStyle\"><div class=\"wp-block-group__inner-container is-layout-constrained wp-block-group-is-layout-constrained\">\n<h2 class=\"wp-block-heading\" id=\"h-mastering-hebrew-grammar-your-ultimate-guide\">Zvl\u00e1dnut\u00ed hebrejsk\u00e9 gramatiky: V\u00e1\u0161 dokonal\u00fd pr\u016fvodce<\/h2>\n\n\n\n<p>\u0160alom, <a href=\"https:\/\/talkpal.ai\/talkpal-discount-for-language-enthusiasts\/\">jazykov\u00ed nad\u0161enci<\/a>! Jste p\u0159ipraveni pono\u0159it se do fascinuj\u00edc\u00edho sv\u011bta hebrejsk\u00e9 gramatiky? Jste na spr\u00e1vn\u00e9m m\u00edst\u011b. Tento \u010dl\u00e1nek pln\u00fd snadno srozumiteln\u00fdch informac\u00ed a konverza\u010dn\u00edho t\u00f3nu v\u00e1s provede fascinuj\u00edc\u00ed \u0159\u00ed\u0161\u00ed hebrejsk\u00e9 gramatiky. Brzy budete schopni sestavovat v\u011bty a v\u00e9st smysluplnou konverzaci s rodil\u00fdmi mluv\u010d\u00edmi. Za\u010dn\u011bme tedy va\u0161i cestu ke zvl\u00e1dnut\u00ed hebrejsk\u00e9 gramatiky!<\/p>\n\n\n\n<p><strong>Ale nejprve, pro\u010d hebrejsk\u00e1 gramatika?<\/strong><\/p>\n\n\n\n<p>Pokud se u\u010d\u00edte hebrejsky, je pro plynul\u00e9 mluven\u00ed, \u010dten\u00ed a psan\u00ed nezbytn\u00e9 m\u00edt pevn\u00e9 z\u00e1klady gramatiky. I kdy\u017e se <a href=\"https:\/\/talkpal.ai\/hebrew-grammar\/\">hebrejsk\u00e1 gramatika<\/a> m\u016f\u017ee zpo\u010d\u00e1tku zd\u00e1t slo\u017eit\u00e1, po rozd\u011blen\u00ed na men\u0161\u00ed, l\u00e9pe zvl\u00e1dnuteln\u00e9 \u010d\u00e1sti se st\u00e1v\u00e1 p\u0159\u00edstupn\u011bj\u0161\u00ed. Vydejme se tedy na tuto vzru\u0161uj\u00edc\u00ed cestu!<\/p>\n\n\n\n<h3 class=\"wp-block-heading\" id=\"h-1-nouns-gender-and-number\">1. Podstatn\u00e1 jm\u00e9na, rod a \u010d\u00edslo<\/h3>\n\n\n\n<p>Hebrejsk\u00e1 podstatn\u00e1 jm\u00e9na maj\u00ed dva rody \u2013 mu\u017esk\u00fd a \u017eensk\u00fd \u2013 a mohou b\u00fdt v jednotn\u00e9m nebo mno\u017en\u00e9m \u010d\u00edsle. Ur\u010den\u00ed rodu podstatn\u00e9ho jm\u00e9na je z\u00e1kladem pro spr\u00e1vnou stavbu v\u011bty, proto\u017ee ovliv\u0148uje dal\u0161\u00ed \u010d\u00e1sti \u0159e\u010di, jako jsou slovesa a p\u0159\u00eddavn\u00e1 jm\u00e9na.  <\/p>\n\n\n\n<p>Obecn\u00e9 pravidlo: pokud podstatn\u00e9 jm\u00e9no kon\u010d\u00ed na &#8222;\u05d4&#8220; (hej) nebo &#8222;\u05ea&#8220; (tav), jedn\u00e1 se obvykle o \u017eensk\u00fd rod. Existuj\u00ed v\u0161ak v\u00fdjimky, tak\u017ee zapamatov\u00e1n\u00ed rod\u016f podstatn\u00fdch jmen p\u0159i u\u010den\u00ed slovn\u00ed z\u00e1soby je kl\u00ed\u010dov\u00e9.<\/p>\n\n\n\n<p>Hebrejsk\u00e1 podstatn\u00e1 jm\u00e9na maj\u00ed nav\u00edc r\u016fzn\u00e9 tvary v z\u00e1vislosti na \u010d\u00edsle. Mno\u017en\u00e9 \u010d\u00edslo podstatn\u00fdch jmen mu\u017esk\u00e9ho rodu obvykle kon\u010d\u00ed na &#8222;\u05d9\u05dd&#8220; (yim), zat\u00edmco mno\u017en\u00e9 \u010d\u00edslo podstatn\u00fdch jmen \u017eensk\u00e9ho rodu kon\u010d\u00ed na &#8222;\u05d5\u05ea&#8220; (ot).<\/p>\n\n\n\n<h3 class=\"wp-block-heading\" id=\"h-2-adjectives-agreement-and-definite-articles\">2. P\u0159\u00eddavn\u00e1 jm\u00e9na, shoda a ur\u010dit\u00e9 \u010dleny<\/h3>\n\n\n\n<p>P\u0159\u00eddavn\u00e1 jm\u00e9na v hebrej\u0161tin\u011b se mus\u00ed shodovat v rod\u011b a \u010d\u00edsle s podstatn\u00fdm jm\u00e9nem, kter\u00e9 modifikuj\u00ed. Pokud chcete, aby p\u0159\u00eddavn\u00e9 jm\u00e9no bylo \u017eensk\u00e9ho rodu, p\u0159idejte na konec &#8222;\u05d4&#8220; (hej), pokud ho je\u0161t\u011b nem\u00e1. Chcete-li vytvo\u0159it p\u0159\u00eddavn\u00e9 jm\u00e9no v mno\u017en\u00e9m \u010d\u00edsle, postupujte podle stejn\u00e9ho principu jako u podstatn\u00fdch jmen: p\u0159idejte &#8222;\u05d9\u05dd&#8220; pro mu\u017esk\u00fd rod a &#8222;\u05d5\u05ea&#8220; pro \u017eensk\u00fd rod.<\/p>\n\n\n\n<p>Ur\u010dit\u00fd \u010dlen &#8222;the&#8220; se v hebrej\u0161tin\u011b p\u00ed\u0161e &#8222;\u05d4&#8220; (hej) a p\u0159id\u00e1v\u00e1 se jako p\u0159edpona k podstatn\u00e9mu nebo p\u0159\u00eddavn\u00e9mu jm\u00e9nu. Nap\u0159\u00edklad &#8222;\u05d4\u05e1\u05e4\u05e8&#8220; (haSefer &#8211; kniha) nebo &#8222;\u05d4\u05db\u05d3\u05d5\u05e8 \u05d4\u05d2\u05d3\u05d5\u05dc&#8220; (hakadur hagadol &#8211; velk\u00e1 koule).<\/p>\n\n\n\n<h3 class=\"wp-block-heading\" id=\"h-3-verbs-tense-and-conjugation\">3. Slovesa, \u010dasov\u00e1n\u00ed a \u010dasov\u00e1n\u00ed<\/h3>\n\n\n\n<p>Hebrejsk\u00e1 slovesa hraj\u00ed v gramatice z\u00e1sadn\u00ed roli a d\u011bl\u00ed se do sedmi konjuga\u010dn\u00edch skupin zvan\u00fdch &#8222;binyanim&#8220;. Ka\u017ed\u00fd binyan ovliv\u0148uje v\u00fdznam slovesa a jeho roli ve v\u011bt\u011b.<\/p>\n\n\n\n<p>Pro stru\u010dn\u00fd p\u0159ehled si probereme p\u0159\u00edtomn\u00fd \u010das pravideln\u00fdch sloves:<\/p>\n\n\n\n<p><strong>&#8211; \u05d0\u05e0\u05d9 \u05e7\u05d5\u05e8\u05d0\/\u05ea (ani kore\/et &#8211; \u010dtu, masc.\/fem.)<\/strong><\/p>\n\n\n\n<p><strong>&#8211; \u05d0\u05ea\/\u05d4 \u05e7\u05d5\u05e8\u05d0\/\u05ea (ata\/at kore\/et &#8211; \u010dte\u0161, masc.\/fem.)<\/strong><\/p>\n\n\n\n<p><strong>&#8211; \u05d4\u05d5\u05d0\/\u05d4\u05d9\u05d0 \u05e7\u05d5\u05e8\u05d0\/\u05ea (hu\/hi kore\/et &#8211; \u010dte)<\/strong><\/p>\n\n\n\n<p>Pamatujte, \u017ee toto je jen za\u010d\u00e1tek! S postupem \u010dasu se objev\u00ed mnoho dal\u0161\u00edch \u010das\u016f, nepravideln\u00fdch sloves a binyansk\u00fdch slo\u017eitost\u00ed.<\/p>\n\n\n\n<h3 class=\"wp-block-heading\" id=\"h-4-pronouns-prepositions-and-more\">4. Z\u00e1jmena, p\u0159edlo\u017eky a dal\u0161\u00ed!<\/h3>\n\n\n\n<p>Hebrejsk\u00e1 <a href=\"https:\/\/talkpal.ai\/sq\/gramatika\/\">gramatika<\/a> zahrnuje dal\u0161\u00ed slo\u017eky, jako jsou z\u00e1jmena (\u05d0\u05e0\u05d9, \u05d0\u05ea\u05d4, \u05d4\u05d5\u05d0, \u05d4\u05d9\u05d0 atd.), p\u0159edlo\u017eky (\u05d1, \u05dc, \u05de, \u05e2\u05dc atd.) a idiomatick\u00e9 v\u00fdrazy. Zvl\u00e1dnut\u00ed ka\u017ed\u00e9ho prvku je pro dosa\u017een\u00ed komplexn\u00ed znalosti hebrej\u0161tiny z\u00e1sadn\u00ed, proto postupujte postupn\u011b.<\/p>\n\n\n\n<p>Z\u00e1v\u011brem lze \u0159\u00edci, \u017ee ke zvl\u00e1dnut\u00ed hebrejsk\u00e9 gramatiky neexistuje \u017e\u00e1dn\u00e1 zkratka. Vy\u017eaduje vytrvalost, praxi a trp\u011blivost. Jakmile v\u0161ak pochop\u00edte jej\u00ed slo\u017eitosti, vychutn\u00e1te si nuance <a href=\"https:\/\/talkpal.ai\/cs\/nemcina-konverzace-naucte-se-plynule-mluvit-rychle-a-snadno\/\">konverzace<\/a> v hebrej\u0161tin\u011b, pozn\u00e1te bohatou kulturu a historii a prohloub\u00edte sv\u016fj cit pro tento jazyk. \u05d1\u05d4\u05e6\u05dc\u05d7\u05d4 (behatzlacha &#8211; hodn\u011b \u0161t\u011bst\u00ed)!<\/p>\n<\/div><\/div>\n\r\n<section class=\"learnNavigationSection\">\r\n            \r\n        <a href=\"https:\/\/talkpal.ai\/cs\/naucte-se-hebrejsky\/\">\r\n            <div class=\"learnNavigationWrapper\">\r\n                <div class=\"learnNavigationContent\">\r\n                    <img decoding=\"async\" src=\"https:\/\/talkpal.ai\/wp-content\/uploads\/2024\/08\/Hebrew.jpg\" alt=\"Israel Flag\">\r\n                    <div>\r\n                        <h4>O u\u010den\u00ed hebrej\u0161tiny<\/h4>\r\n                        <p>Zjist\u011bte v\u0161e o hebrejsk\u00e9 gramatice.<\/p>\r\n                    <\/div>\r\n                <\/div>\r\n            <\/div>\r\n        <\/a>\r\n\r\n        \r\n        <a href=\"https:\/\/talkpal.ai\/cs\/cviceni-hebrejske-gramatiky\/\">\r\n            <div class=\"learnNavigationWrapper\">\r\n                <div class=\"learnNavigationContent\">\r\n                    <img decoding=\"async\" src=\"https:\/\/talkpal.ai\/wp-content\/uploads\/2024\/08\/Hebrew.jpg\" alt=\"Israel Flag\">\r\n                    <div>\r\n                        <h4>Cvi\u010den\u00ed z hebrejsk\u00e9 gramatiky<\/h4>\r\n                        <p>Procvi\u010dte si hebrejskou gramatiku.<\/p>\r\n                    <\/div>\r\n                <\/div>\r\n            <\/div>\r\n        <\/a>\r\n\r\n        \r\n        <a href=\"https:\/\/talkpal.ai\/vocabulary_language\/hebrew\/\">\r\n            <div class=\"learnNavigationWrapper\">\r\n                <div class=\"learnNavigationContent\">\r\n                    <img decoding=\"async\" src=\"https:\/\/talkpal.ai\/wp-content\/uploads\/2024\/08\/Hebrew.jpg\" alt=\"Israel Flag\">\r\n                    <div>\r\n                        <h4>Hebrejsk\u00e1 slovn\u00ed z\u00e1soba<\/h4>\r\n                        <p>Roz\u0161i\u0159te si hebrejskou slovn\u00ed z\u00e1sobu.<\/p>\r\n                    <\/div>\r\n                <\/div>\r\n            <\/div>\r\n        <\/a>\r\n\r\n            <\/section>","protected":false},"excerpt":{"rendered":"<p>Zvl\u00e1dnut\u00ed hebrejsk\u00e9 gramatiky: V\u00e1\u0161 dokonal\u00fd pr\u016fvodce \u0160alom, jazykov\u00ed nad\u0161enci! Jste p\u0159ipraveni pono\u0159it se do fascinuj\u00edc\u00edho sv\u011bta hebrejsk\u00e9 gramatiky? Jste na spr\u00e1vn\u00e9m m\u00edst\u011b. Tento \u010dl\u00e1nek pln\u00fd snadno srozumiteln\u00fdch informac\u00ed a konverza\u010dn\u00edho t\u00f3nu v\u00e1s provede fascinuj\u00edc\u00ed \u0159\u00ed\u0161\u00ed hebrejsk\u00e9 gramatiky. Brzy budete schopni sestavovat v\u011bty a v\u00e9st smysluplnou konverzaci s rodil\u00fdmi mluv\u010d\u00edmi. Za\u010dn\u011bme tedy va\u0161i cestu ke zvl\u00e1dnut\u00ed [&hellip;]<\/p>\n","protected":false},"author":1,"featured_media":112912,"parent":0,"menu_order":0,"comment_status":"closed","ping_status":"closed","template":"LearningContentPage.php","meta":{"_acf_changed":false,"footnotes":""},"class_list":["post-144285","page","type-page","status-publish","has-post-thumbnail","hentry"],"acf":[],"yoast_head":"<!-- This site is optimized with the Yoast SEO Premium plugin v27.2 (Yoast SEO v27.2) - https:\/\/yoast.com\/product\/yoast-seo-premium-wordpress\/ -->\n<title>Hebrejsk\u00e1 gramatika - Talkpal<\/title>\n<meta name=\"description\" content=\"Zlep\u0161ete si s jistotou hebrejskou gramatiku - nau\u010dte se kl\u00ed\u010dov\u00e1 pravidla, tvo\u0159te spr\u00e1vn\u00e9 v\u011bty a komunikujte srozumiteln\u011b. Talkpals jednoduch\u00fdmi lekcemi hebrej\u0161tiny.\" \/>\n<meta name=\"robots\" content=\"index, follow, max-snippet:-1, max-image-preview:large, max-video-preview:-1\" \/>\n<link rel=\"canonical\" href=\"https:\/\/talkpal.ai\/cs\/hebrejska-gramatika\/\" \/>\n<meta property=\"og:locale\" content=\"cs_CZ\" \/>\n<meta property=\"og:type\" content=\"article\" \/>\n<meta property=\"og:title\" content=\"Hebrejsk\u00e1 gramatika\" \/>\n<meta property=\"og:description\" content=\"Zvl\u00e1dnut\u00ed hebrejsk\u00e9 gramatiky: V\u00e1\u0161 dokonal\u00fd pr\u016fvodce \u0160alom, jazykov\u00ed nad\u0161enci! Jste p\u0159ipraveni pono\u0159it se do fascinuj\u00edc\u00edho sv\u011bta hebrejsk\u00e9 gramatiky? Jste\" \/>\n<meta property=\"og:url\" content=\"https:\/\/talkpal.ai\/cs\/hebrejska-gramatika\/\" \/>\n<meta property=\"og:site_name\" content=\"Talkpal\" \/>\n<meta property=\"article:publisher\" content=\"https:\/\/www.facebook.com\/profile.php?id=100090733639311\" \/>\n<meta property=\"article:modified_time\" content=\"2025-12-13T15:40:44+00:00\" \/>\n<meta property=\"og:image\" content=\"https:\/\/talkpal.ai\/wp-content\/uploads\/2023\/05\/israel.png\" \/>\n\t<meta property=\"og:image:width\" content=\"512\" \/>\n\t<meta property=\"og:image:height\" content=\"512\" \/>\n\t<meta property=\"og:image:type\" content=\"image\/png\" \/>\n<meta name=\"twitter:card\" content=\"summary_large_image\" \/>\n<meta name=\"twitter:site\" content=\"@talkpalai\" \/>\n<meta name=\"twitter:label1\" content=\"Odhadovan\u00e1 doba \u010dten\u00ed\" \/>\n\t<meta name=\"twitter:data1\" content=\"3 minuty\" \/>\n<script type=\"application\/ld+json\" class=\"yoast-schema-graph\">{\"@context\":\"https:\/\/schema.org\",\"@graph\":[{\"@type\":\"WebPage\",\"@id\":\"https:\/\/talkpal.ai\/cs\/hebrejska-gramatika\/\",\"url\":\"https:\/\/talkpal.ai\/cs\/hebrejska-gramatika\/\",\"name\":\"Hebrejsk\u00e1 gramatika - Talkpal\",\"isPartOf\":{\"@id\":\"https:\/\/talkpal.ai\/cs\/#website\"},\"primaryImageOfPage\":{\"@id\":\"https:\/\/talkpal.ai\/cs\/hebrejska-gramatika\/#primaryimage\"},\"image\":{\"@id\":\"https:\/\/talkpal.ai\/cs\/hebrejska-gramatika\/#primaryimage\"},\"thumbnailUrl\":\"https:\/\/talkpal.ai\/wp-content\/uploads\/2023\/05\/israel.png\",\"datePublished\":\"2023-05-14T14:04:48+00:00\",\"dateModified\":\"2025-12-13T15:40:44+00:00\",\"description\":\"Zlep\u0161ete si s jistotou hebrejskou gramatiku - nau\u010dte se kl\u00ed\u010dov\u00e1 pravidla, tvo\u0159te spr\u00e1vn\u00e9 v\u011bty a komunikujte srozumiteln\u011b. Talkpals jednoduch\u00fdmi lekcemi hebrej\u0161tiny.\",\"breadcrumb\":{\"@id\":\"https:\/\/talkpal.ai\/cs\/hebrejska-gramatika\/#breadcrumb\"},\"inLanguage\":\"cs\",\"potentialAction\":[{\"@type\":\"ReadAction\",\"target\":[\"https:\/\/talkpal.ai\/cs\/hebrejska-gramatika\/\"]}]},{\"@type\":\"ImageObject\",\"inLanguage\":\"cs\",\"@id\":\"https:\/\/talkpal.ai\/cs\/hebrejska-gramatika\/#primaryimage\",\"url\":\"https:\/\/talkpal.ai\/wp-content\/uploads\/2023\/05\/israel.png\",\"contentUrl\":\"https:\/\/talkpal.ai\/wp-content\/uploads\/2023\/05\/israel.png\",\"width\":512,\"height\":512},{\"@type\":\"BreadcrumbList\",\"@id\":\"https:\/\/talkpal.ai\/cs\/hebrejska-gramatika\/#breadcrumb\",\"itemListElement\":[{\"@type\":\"ListItem\",\"position\":1,\"name\":\"Homepage\",\"item\":\"https:\/\/talkpal.ai\/cs\/\"},{\"@type\":\"ListItem\",\"position\":2,\"name\":\"Hebrejsk\u00e1 gramatika\"}]},{\"@type\":\"WebSite\",\"@id\":\"https:\/\/talkpal.ai\/cs\/#website\",\"url\":\"https:\/\/talkpal.ai\/cs\/\",\"name\":\"Talkpal\",\"description\":\"AI Language Learning\",\"publisher\":{\"@id\":\"https:\/\/talkpal.ai\/cs\/#organization\"},\"alternateName\":\"Talkpal AI\",\"potentialAction\":[{\"@type\":\"SearchAction\",\"target\":{\"@type\":\"EntryPoint\",\"urlTemplate\":\"https:\/\/talkpal.ai\/cs\/?s={search_term_string}\"},\"query-input\":{\"@type\":\"PropertyValueSpecification\",\"valueRequired\":true,\"valueName\":\"search_term_string\"}}],\"inLanguage\":\"cs\"},{\"@type\":\"Organization\",\"@id\":\"https:\/\/talkpal.ai\/cs\/#organization\",\"name\":\"Talkpal, Inc.\",\"alternateName\":\"Talkpal AI\",\"url\":\"https:\/\/talkpal.ai\/cs\/\",\"logo\":{\"@type\":\"ImageObject\",\"inLanguage\":\"cs\",\"@id\":\"https:\/\/talkpal.ai\/cs\/#\/schema\/logo\/image\/\",\"url\":\"https:\/\/talkpal.ai\/wp-content\/uploads\/2024\/03\/Talkpal-Logo-Icon.png\",\"contentUrl\":\"https:\/\/talkpal.ai\/wp-content\/uploads\/2024\/03\/Talkpal-Logo-Icon.png\",\"width\":2880,\"height\":2880,\"caption\":\"Talkpal, Inc.\"},\"image\":{\"@id\":\"https:\/\/talkpal.ai\/cs\/#\/schema\/logo\/image\/\"},\"sameAs\":[\"https:\/\/www.facebook.com\/profile.php?id=100090733639311\",\"https:\/\/x.com\/talkpalai\",\"https:\/\/www.linkedin.com\/company\/talkpal\/\",\"https:\/\/www.youtube.com\/@TalkPal\/\",\"https:\/\/www.tiktok.com\/@talkpal\",\"https:\/\/www.instagram.com\/talkpal_ai\/\",\"https:\/\/www.crunchbase.com\/organization\/talkpal-9cde\",\"https:\/\/www.g2.com\/products\/talkpal-for-business\/\",\"https:\/\/www.trustpilot.com\/review\/talkpal.ai\",\"https:\/\/www.capterra.com\/p\/10006800\/TalkPal\/\"],\"description\":\"Talkpal is a language learning web and mobile education app, powered by the latest AI technologies, that provides engaging experiences to its customers in many different languages to help them improve their language skills. Users can chat about unlimited amount of topics with the app and use other modes to practice their language learning.\",\"email\":\"support@talkpal.ai\",\"legalName\":\"Talkpal, Inc.\",\"foundingDate\":\"2023-04-03\",\"duns\":\"118989042\",\"numberOfEmployees\":{\"@type\":\"QuantitativeValue\",\"minValue\":\"11\",\"maxValue\":\"50\"},\"publishingPrinciples\":\"https:\/\/talkpal.ai\/publishing-principles\/\",\"actionableFeedbackPolicy\":\"https:\/\/talkpal.ai\/actionable-feedback-policy\/\",\"correctionsPolicy\":\"https:\/\/talkpal.ai\/corrections-policy\/\",\"ethicsPolicy\":\"https:\/\/talkpal.ai\/ethics-policy\/\",\"diversityPolicy\":\"https:\/\/talkpal.ai\/diversity-policy\/\",\"diversityStaffingReport\":\"https:\/\/talkpal.ai\/diversity-policy\/\"}]}<\/script>\n<!-- \/ Yoast SEO Premium plugin. -->","yoast_head_json":{"title":"Hebrejsk\u00e1 gramatika - Talkpal","description":"Zlep\u0161ete si s jistotou hebrejskou gramatiku - nau\u010dte se kl\u00ed\u010dov\u00e1 pravidla, tvo\u0159te spr\u00e1vn\u00e9 v\u011bty a komunikujte srozumiteln\u011b. Talkpals jednoduch\u00fdmi lekcemi hebrej\u0161tiny.","robots":{"index":"index","follow":"follow","max-snippet":"max-snippet:-1","max-image-preview":"max-image-preview:large","max-video-preview":"max-video-preview:-1"},"canonical":"https:\/\/talkpal.ai\/cs\/hebrejska-gramatika\/","og_locale":"cs_CZ","og_type":"article","og_title":"Hebrejsk\u00e1 gramatika","og_description":"Zvl\u00e1dnut\u00ed hebrejsk\u00e9 gramatiky: V\u00e1\u0161 dokonal\u00fd pr\u016fvodce \u0160alom, jazykov\u00ed nad\u0161enci! Jste p\u0159ipraveni pono\u0159it se do fascinuj\u00edc\u00edho sv\u011bta hebrejsk\u00e9 gramatiky? Jste","og_url":"https:\/\/talkpal.ai\/cs\/hebrejska-gramatika\/","og_site_name":"Talkpal","article_publisher":"https:\/\/www.facebook.com\/profile.php?id=100090733639311","article_modified_time":"2025-12-13T15:40:44+00:00","og_image":[{"width":512,"height":512,"url":"https:\/\/talkpal.ai\/wp-content\/uploads\/2023\/05\/israel.png","type":"image\/png"}],"twitter_card":"summary_large_image","twitter_site":"@talkpalai","twitter_misc":{"Odhadovan\u00e1 doba \u010dten\u00ed":"3 minuty"},"schema":{"@context":"https:\/\/schema.org","@graph":[{"@type":"WebPage","@id":"https:\/\/talkpal.ai\/cs\/hebrejska-gramatika\/","url":"https:\/\/talkpal.ai\/cs\/hebrejska-gramatika\/","name":"Hebrejsk\u00e1 gramatika - Talkpal","isPartOf":{"@id":"https:\/\/talkpal.ai\/cs\/#website"},"primaryImageOfPage":{"@id":"https:\/\/talkpal.ai\/cs\/hebrejska-gramatika\/#primaryimage"},"image":{"@id":"https:\/\/talkpal.ai\/cs\/hebrejska-gramatika\/#primaryimage"},"thumbnailUrl":"https:\/\/talkpal.ai\/wp-content\/uploads\/2023\/05\/israel.png","datePublished":"2023-05-14T14:04:48+00:00","dateModified":"2025-12-13T15:40:44+00:00","description":"Zlep\u0161ete si s jistotou hebrejskou gramatiku - nau\u010dte se kl\u00ed\u010dov\u00e1 pravidla, tvo\u0159te spr\u00e1vn\u00e9 v\u011bty a komunikujte srozumiteln\u011b. Talkpals jednoduch\u00fdmi lekcemi hebrej\u0161tiny.","breadcrumb":{"@id":"https:\/\/talkpal.ai\/cs\/hebrejska-gramatika\/#breadcrumb"},"inLanguage":"cs","potentialAction":[{"@type":"ReadAction","target":["https:\/\/talkpal.ai\/cs\/hebrejska-gramatika\/"]}]},{"@type":"ImageObject","inLanguage":"cs","@id":"https:\/\/talkpal.ai\/cs\/hebrejska-gramatika\/#primaryimage","url":"https:\/\/talkpal.ai\/wp-content\/uploads\/2023\/05\/israel.png","contentUrl":"https:\/\/talkpal.ai\/wp-content\/uploads\/2023\/05\/israel.png","width":512,"height":512},{"@type":"BreadcrumbList","@id":"https:\/\/talkpal.ai\/cs\/hebrejska-gramatika\/#breadcrumb","itemListElement":[{"@type":"ListItem","position":1,"name":"Homepage","item":"https:\/\/talkpal.ai\/cs\/"},{"@type":"ListItem","position":2,"name":"Hebrejsk\u00e1 gramatika"}]},{"@type":"WebSite","@id":"https:\/\/talkpal.ai\/cs\/#website","url":"https:\/\/talkpal.ai\/cs\/","name":"Talkpal","description":"AI Language Learning","publisher":{"@id":"https:\/\/talkpal.ai\/cs\/#organization"},"alternateName":"Talkpal AI","potentialAction":[{"@type":"SearchAction","target":{"@type":"EntryPoint","urlTemplate":"https:\/\/talkpal.ai\/cs\/?s={search_term_string}"},"query-input":{"@type":"PropertyValueSpecification","valueRequired":true,"valueName":"search_term_string"}}],"inLanguage":"cs"},{"@type":"Organization","@id":"https:\/\/talkpal.ai\/cs\/#organization","name":"Talkpal, Inc.","alternateName":"Talkpal AI","url":"https:\/\/talkpal.ai\/cs\/","logo":{"@type":"ImageObject","inLanguage":"cs","@id":"https:\/\/talkpal.ai\/cs\/#\/schema\/logo\/image\/","url":"https:\/\/talkpal.ai\/wp-content\/uploads\/2024\/03\/Talkpal-Logo-Icon.png","contentUrl":"https:\/\/talkpal.ai\/wp-content\/uploads\/2024\/03\/Talkpal-Logo-Icon.png","width":2880,"height":2880,"caption":"Talkpal, Inc."},"image":{"@id":"https:\/\/talkpal.ai\/cs\/#\/schema\/logo\/image\/"},"sameAs":["https:\/\/www.facebook.com\/profile.php?id=100090733639311","https:\/\/x.com\/talkpalai","https:\/\/www.linkedin.com\/company\/talkpal\/","https:\/\/www.youtube.com\/@TalkPal\/","https:\/\/www.tiktok.com\/@talkpal","https:\/\/www.instagram.com\/talkpal_ai\/","https:\/\/www.crunchbase.com\/organization\/talkpal-9cde","https:\/\/www.g2.com\/products\/talkpal-for-business\/","https:\/\/www.trustpilot.com\/review\/talkpal.ai","https:\/\/www.capterra.com\/p\/10006800\/TalkPal\/"],"description":"Talkpal is a language learning web and mobile education app, powered by the latest AI technologies, that provides engaging experiences to its customers in many different languages to help them improve their language skills. Users can chat about unlimited amount of topics with the app and use other modes to practice their language learning.","email":"support@talkpal.ai","legalName":"Talkpal, Inc.","foundingDate":"2023-04-03","duns":"118989042","numberOfEmployees":{"@type":"QuantitativeValue","minValue":"11","maxValue":"50"},"publishingPrinciples":"https:\/\/talkpal.ai\/publishing-principles\/","actionableFeedbackPolicy":"https:\/\/talkpal.ai\/actionable-feedback-policy\/","correctionsPolicy":"https:\/\/talkpal.ai\/corrections-policy\/","ethicsPolicy":"https:\/\/talkpal.ai\/ethics-policy\/","diversityPolicy":"https:\/\/talkpal.ai\/diversity-policy\/","diversityStaffingReport":"https:\/\/talkpal.ai\/diversity-policy\/"}]}},"_links":{"self":[{"href":"https:\/\/talkpal.ai\/cs\/wp-json\/wp\/v2\/pages\/144285","targetHints":{"allow":["GET"]}}],"collection":[{"href":"https:\/\/talkpal.ai\/cs\/wp-json\/wp\/v2\/pages"}],"about":[{"href":"https:\/\/talkpal.ai\/cs\/wp-json\/wp\/v2\/types\/page"}],"author":[{"embeddable":true,"href":"https:\/\/talkpal.ai\/cs\/wp-json\/wp\/v2\/users\/1"}],"replies":[{"embeddable":true,"href":"https:\/\/talkpal.ai\/cs\/wp-json\/wp\/v2\/comments?post=144285"}],"version-history":[{"count":0,"href":"https:\/\/talkpal.ai\/cs\/wp-json\/wp\/v2\/pages\/144285\/revisions"}],"wp:featuredmedia":[{"embeddable":true,"href":"https:\/\/talkpal.ai\/cs\/wp-json\/wp\/v2\/media\/112912"}],"wp:attachment":[{"href":"https:\/\/talkpal.ai\/cs\/wp-json\/wp\/v2\/media?parent=144285"}],"curies":[{"name":"wp","href":"https:\/\/api.w.org\/{rel}","templated":true}]}}