{"id":144025,"date":"2023-05-14T14:03:43","date_gmt":"2023-05-14T14:03:43","guid":{"rendered":"http:\/\/talkpal.ai\/galicijska-gramatika\/"},"modified":"2025-12-13T15:36:37","modified_gmt":"2025-12-13T15:36:37","slug":"galicijska-gramatika","status":"publish","type":"page","link":"https:\/\/talkpal.ai\/cs\/galicijska-gramatika\/","title":{"rendered":"Galicijsk\u00e1 gramatika"},"content":{"rendered":"\r\n\r\n\r\n<section class=\"languageChallengeSection\">\r\n    <div class=\"languageInfoWrapper\">\r\n        \r\n        <h1>Galicijsk\u00e1 gramatika<\/h1>\r\n        <p>Objevte kouzlo galicij\u0161tiny zvl\u00e1dnut\u00edm jej\u00edch z\u00e1kladn\u00edch gramatick\u00fdch pravidel. Porozum\u011bn\u00ed galicijsk\u00e9 gramatice v\u00e1m otev\u0159e dve\u0159e ke smyslupln\u00e9 komunikaci a hlub\u0161\u00edmu pozn\u00e1n\u00ed \u017eiv\u00e9 kultury Galicie. Za\u010dn\u011bte se u\u010dit galicijskou gramatiku je\u0161t\u011b dnes a ud\u011blejte prvn\u00ed krok k plynulosti jazyka!<\/p>\r\n\r\n                            <a class=\"getStartedHidden\" href=\"https:\/\/app.talkpal.ai\/cs\/signup?lng=\">Za\u010dni<\/a>\r\n        \r\n    <\/div>\r\n\r\n    <figure>\r\n    <img decoding=\"async\" width=\"768\" height=\"768\" src=\"https:\/\/talkpal.ai\/wp-content\/uploads\/2023\/06\/galician-768x768.png\" class=\"languageImage no-lazy\" alt=\"Language immersion powerful learning method\" fetchpriority=\"high\" sizes=\"(max-width: 768px) 150px, 768px\" srcset=\"https:\/\/talkpal.ai\/wp-content\/uploads\/2023\/06\/galician-768x768.png 768w, https:\/\/talkpal.ai\/wp-content\/uploads\/2023\/06\/galician-300x300.png 300w\" \/>\r\n    \r\n\r\n    <\/figure>\r\n\r\n            <a class=\"getStartedVisible\" href=\"https:\/\/app.talkpal.ai\/cs\/signup?lng=\">Za\u010dni<\/a>\r\n    \r\n<\/section>\r\n<section class=\"promotionalBanner\">\r\n    <p class=\"promotionalText\">Nejefektivn\u011bj\u0161\u00ed <a href=\"https:\/\/talkpal.ai\/best-way-to-learn\/\">zp\u016fsob<\/a>, jak se nau\u010dit jazyk<\/p>\r\n    <a class=\"promotionalLink\" href=\"https:\/\/app.talkpal.ai\/cs\/signup?lng=\">Vyzkou\u0161ejte Talkpal zdarma<\/a>\r\n<\/section>\n<div class=\"wp-block-group pageContainerStyle\"><div class=\"wp-block-group__inner-container is-layout-constrained wp-block-group-is-layout-constrained\">\n<h2 class=\"wp-block-heading\" id=\"h-galician-grammar-unlocking-the-beauty-of-a-romance-language\">Galicijsk\u00e1 gramatika: Odemyk\u00e1n\u00ed kr\u00e1sy rom\u00e1nsk\u00e9ho jazyka<\/h2>\n\n\n\n<p><a href=\"https:\/\/talkpal.ai\/learn-galician\/\">Galicij\u0161tina<\/a>, rom\u00e1nsk\u00fd jazyk, kter\u00fdm mluv\u00ed v\u00edce ne\u017e dva miliony lid\u00ed v severoz\u00e1padn\u00edm \u0160pan\u011blsku, je jedine\u010dn\u00fd a podmaniv\u00fd dialekt, kter\u00fd sd\u00edl\u00ed podobnosti s portugal\u0161tinou. M\u00e1 v\u00fdraznou fonologii, fascinuj\u00edc\u00ed historii a \u017eivou b\u00e1snickou tradici. Pro zvl\u00e1dnut\u00ed tohoto okouzluj\u00edc\u00edho jazyka je nezbytn\u00e9 porozum\u011bt jeho gramatice. V tomto \u010dl\u00e1nku se sezn\u00e1m\u00edme se z\u00e1kladn\u00edmi aspekty galicijsk\u00e9 gramatiky a poskytneme v\u00e1m tipy, kter\u00e9 v\u00e1m pomohou zdokonalit se v t\u00e9to jazykov\u00e9 v\u00fduce.<\/p>\n\n\n\n<h3 class=\"wp-block-heading\" id=\"h-key-components-of-galician-grammar\">Kl\u00ed\u010dov\u00e9 sou\u010d\u00e1sti galicijsk\u00e9 gramatiky:<\/h3>\n\n\n\n<p><a href=\"https:\/\/talkpal.ai\/galician-grammar\/\">Galicijsk\u00e1 gramatika<\/a>, stejn\u011b jako ostatn\u00ed rom\u00e1nsk\u00e9 <a href=\"https:\/\/talkpal.ai\/what-language-is-spoken-on-the-international-space-station\/\">jazyky<\/a>, se skl\u00e1d\u00e1 z r\u016fzn\u00fdch pravidel a struktur, kter\u00e9 ur\u010duj\u00ed jej\u00ed spr\u00e1vn\u00e9 pou\u017eit\u00ed. Zde je n\u011bkolik z\u00e1kladn\u00edch aspekt\u016f galicijsk\u00e9 gramatiky, kter\u00e9 byste m\u011bli zn\u00e1t:<\/p>\n\n\n\n<p><strong>1. Podstatn\u00e1 jm\u00e9na:<\/strong> Galicijsk\u00e1 podstatn\u00e1 jm\u00e9na maj\u00ed dva gramatick\u00e9 rody (mu\u017esk\u00fd a \u017eensk\u00fd) a sklo\u0148uj\u00ed se pro \u010d\u00edslo (jednotn\u00e9 a mno\u017en\u00e9 \u010d\u00edslo). Rod podstatn\u00e9ho jm\u00e9na ovliv\u0148uje tvar \u010dlen\u016f, p\u0159\u00eddavn\u00fdch jmen a z\u00e1jmen, kter\u00e1 jej doprov\u00e1zej\u00ed.<\/p>\n\n\n\n<p><strong>2. \u010cleny:<\/strong> Galicij\u0161tina m\u00e1 ur\u010dit\u00e9 \u010dleny (o, os, a, as) a neur\u010dit\u00e9 \u010dleny (un, uns, unha, unhas). Ur\u010dit\u00e9 \u010dleny se pou\u017e\u00edvaj\u00ed k odkazov\u00e1n\u00ed na konkr\u00e9tn\u00ed p\u0159edm\u011bty nebo osoby, zat\u00edmco neur\u010dit\u00e9 \u010dleny se pou\u017e\u00edvaj\u00ed pro obecn\u00e9 nebo nekonkr\u00e9tn\u00ed odkazy.<\/p>\n\n\n\n<p>3. P\u0159\u00eddavn\u00e1 jm\u00e9na a <strong>p\u0159\u00edslovce: P\u0159\u00eddavn\u00e1 jm\u00e9na<\/strong> v galicij\u0161tin\u011b se obvykle shoduj\u00ed v rod\u011b a \u010d\u00edsle s podstatn\u00fdmi jm\u00e9ny, kter\u00e1 modifikuj\u00ed. P\u0159\u00edslovce jsou naopak nem\u011bnn\u00e1 a nem\u011bn\u00ed se podle rodu nebo \u010d\u00edsla podstatn\u00e9ho jm\u00e9na.<\/p>\n\n\n\n<p><strong>4. Slovesa:<\/strong> Galicijsk\u00e1 slovesa se \u010dasuj\u00ed ve t\u0159ech pravideln\u00fdch vzorech (ar, er, ir) a r\u016fzn\u00fdch nepravideln\u00fdch vzorech. Slovesa se sklo\u0148uj\u00ed podle \u010dasu (p\u0159\u00edtomn\u00fd, minul\u00fd, budouc\u00ed atd.), n\u00e1lady (indikativ, <a href=\"https:\/\/talkpal.ai\/ja\/grammar_exercises\/konjunktiv-%e3%83%89%e3%82%a4%e3%83%84%e6%96%87%e6%b3%95%e3%81%ae%e6%bc%94%e7%bf%92\/\">konjunktiv<\/a>, rozkazovac\u00ed zp\u016fsob), vidu (dokonavost, nedokonavost) a hlasu (\u010dinn\u00fd, trpn\u00fd). Z\u00e1jmena jsou p\u0159i \u010dasov\u00e1n\u00ed sloves \u010dasto vynech\u00e1na, proto\u017ee slovesn\u00fd tvar obvykle ozna\u010duje podm\u011bt.<\/p>\n\n\n\n<p><strong>5. V\u011btn\u00e1 struktura:<\/strong> Galicij\u0161tina obvykle pou\u017e\u00edv\u00e1 slovosled podm\u011bt-sloveso-objekt (SVO) nebo sloveso-podm\u011bt-objekt (VSO) v z\u00e1vislosti na d\u016frazu a kontextu. Tento slovosled je v\u0161ak flexibiln\u00ed.<\/p>\n\n\n\n<h3 class=\"wp-block-heading\" id=\"h-tips-for-learning-galician-grammar\">Tipy pro v\u00fduku galicijsk\u00e9 gramatiky:<\/h3>\n\n\n\n<p>Chcete-li vyniknout na sv\u00e9 cest\u011b za v\u00fdukou galicijsk\u00e9 gramatiky, zva\u017ete tyto u\u017eite\u010dn\u00e9 strategie:<\/p>\n\n\n\n<p><strong>1. Pravideln\u00e1 praxe:<\/strong> D\u016fslednost je kl\u00ed\u010dov\u00e1. Ka\u017ed\u00fd den nebo t\u00fdden v\u011bnujte konkr\u00e9tn\u00ed \u010das <a href=\"https:\/\/talkpal.ai\/grammar\/\">procvi\u010dov\u00e1n\u00ed gramatiky<\/a>, \u010dten\u00ed a psan\u00ed v galicij\u0161tin\u011b.<\/p>\n\n\n\n<p><strong>2. Pou\u017e\u00edvejte nativn\u00ed zdroje:<\/strong> Pono\u0159te se do autentick\u00fdch galicijsk\u00fdch materi\u00e1l\u016f, jako je literatura, novinov\u00e9 \u010dl\u00e1nky a filmy. To v\u00e1m nejen pom\u016f\u017ee vid\u011bt galicijskou gramatiku v kontextu, ale tak\u00e9 zlep\u0161\u00ed va\u0161e dovednosti \u010dten\u00ed a poslechu.<\/p>\n\n\n\n<p>3. Nau\u010dte se rody podstatn\u00fdch jmen a \u010dleny: Seznamte se s galicijsk\u00fdmi <strong>rody podstatn\u00fdch jmen a<\/strong> spr\u00e1vn\u00fdm pou\u017e\u00edv\u00e1n\u00edm \u010dlen\u016f. To je z\u00e1sadn\u00ed pro vytv\u00e1\u0159en\u00ed p\u0159esn\u00fdch a souvisl\u00fdch v\u011bt.<\/p>\n\n\n\n<p>4. Spojte se s <strong>rodil\u00fdmi mluv\u010d\u00edmi: Spojte se s rodil\u00fdmi mluv\u010d\u00edmi<\/strong> galicij\u0161tiny prost\u0159ednictv\u00edm jazykov\u00fdch v\u00fdm\u011bnn\u00fdch program\u016f, soci\u00e1ln\u00edch m\u00e9di\u00ed nebo online f\u00f3r. To poskytuje p\u0159\u00edle\u017eitosti procvi\u010dit si gramatiku v re\u00e1ln\u00fdch konverzac\u00edch a z\u00edskat cennou zp\u011btnou vazbu.<\/p>\n\n\n\n<p><strong>5. Trp\u011blivost a vytrvalost:<\/strong> Nau\u010dit se nov\u00fd jazyk vy\u017eaduje \u010das, odhodl\u00e1n\u00ed a trp\u011blivost. P\u0159ijm\u011bte v\u00fdzvy a oslavte sv\u016fj pokrok na cest\u011b.<\/p>\n\n\n\n<h2 class=\"wp-block-heading\" id=\"h-conclusion\">Z\u00e1v\u011br:<\/h2>\n\n\n\n<p>Galicijsk\u00e1 <a href=\"https:\/\/talkpal.ai\/sq\/gramatika\/\">gramatika<\/a> se sv\u00fdmi jedine\u010dn\u00fdmi vlastnostmi a spojen\u00edm s rom\u00e1nskou jazykovou rodinou je kl\u00ed\u010dem ke zvl\u00e1dnut\u00ed tohoto podmaniv\u00e9ho dialektu. Pochop\u00edte-li jeho kl\u00ed\u010dov\u00e9 slo\u017eky a budete-li se \u0159\u00eddit na\u0161imi strategiemi u\u010den\u00ed, budete na dobr\u00e9 cest\u011b k jazykov\u00e9 zdatnosti. Vydejte se tedy na tuto vzru\u0161uj\u00edc\u00ed cestu a odhalte z\u00e1zraky galicijsk\u00e9ho jazyka!<\/p>\n<\/div><\/div>\n\r\n<section class=\"learnNavigationSection\">\r\n            \r\n        <a href=\"https:\/\/talkpal.ai\/cs\/naucte-se-galicijsky\/\">\r\n            <div class=\"learnNavigationWrapper\">\r\n                <div class=\"learnNavigationContent\">\r\n                    <img decoding=\"async\" src=\"https:\/\/talkpal.ai\/wp-content\/uploads\/2024\/08\/Galician.jpg\" alt=\"Galicia Flag\">\r\n                    <div>\r\n                        <h4>O v\u00fduce galicij\u0161tiny<\/h4>\r\n                        <p>Zjist\u011bte v\u0161e o galicijsk\u00e9 gramatice.<\/p>\r\n                    <\/div>\r\n                <\/div>\r\n            <\/div>\r\n        <\/a>\r\n\r\n        \r\n        <a href=\"https:\/\/talkpal.ai\/cs\/galicijska-gramaticka-cviceni\/\">\r\n            <div class=\"learnNavigationWrapper\">\r\n                <div class=\"learnNavigationContent\">\r\n                    <img decoding=\"async\" src=\"https:\/\/talkpal.ai\/wp-content\/uploads\/2024\/08\/Galician.jpg\" alt=\"Galicia Flag\">\r\n                    <div>\r\n                        <h4>Cvi\u010den\u00ed z galicijsk\u00e9 gramatiky<\/h4>\r\n                        <p>Procvi\u010dte si galicijskou gramatiku.<\/p>\r\n                    <\/div>\r\n                <\/div>\r\n            <\/div>\r\n        <\/a>\r\n\r\n        \r\n        <a href=\"https:\/\/talkpal.ai\/vocabulary_language\/galician\/\">\r\n            <div class=\"learnNavigationWrapper\">\r\n                <div class=\"learnNavigationContent\">\r\n                    <img decoding=\"async\" src=\"https:\/\/talkpal.ai\/wp-content\/uploads\/2024\/08\/Galician.jpg\" alt=\"Galicia Flag\">\r\n                    <div>\r\n                        <h4>Galicijsk\u00e1 slovn\u00ed z\u00e1soba<\/h4>\r\n                        <p>Roz\u0161i\u0159te si slovn\u00ed z\u00e1sobu galicij\u0161tiny.<\/p>\r\n                    <\/div>\r\n                <\/div>\r\n            <\/div>\r\n        <\/a>\r\n\r\n            <\/section>","protected":false},"excerpt":{"rendered":"<p>Galicijsk\u00e1 gramatika: Odemyk\u00e1n\u00ed kr\u00e1sy rom\u00e1nsk\u00e9ho jazyka Galicij\u0161tina, rom\u00e1nsk\u00fd jazyk, kter\u00fdm mluv\u00ed v\u00edce ne\u017e dva miliony lid\u00ed v severoz\u00e1padn\u00edm \u0160pan\u011blsku, je jedine\u010dn\u00fd a podmaniv\u00fd dialekt, kter\u00fd sd\u00edl\u00ed podobnosti s portugal\u0161tinou. M\u00e1 v\u00fdraznou fonologii, fascinuj\u00edc\u00ed historii a \u017eivou b\u00e1snickou tradici. Pro zvl\u00e1dnut\u00ed tohoto okouzluj\u00edc\u00edho jazyka je nezbytn\u00e9 porozum\u011bt jeho gramatice. V tomto \u010dl\u00e1nku se sezn\u00e1m\u00edme se z\u00e1kladn\u00edmi [&hellip;]<\/p>\n","protected":false},"author":1,"featured_media":111941,"parent":0,"menu_order":0,"comment_status":"closed","ping_status":"closed","template":"LearningContentPage.php","meta":{"_acf_changed":false,"footnotes":""},"class_list":["post-144025","page","type-page","status-publish","has-post-thumbnail","hentry"],"acf":[],"yoast_head":"<!-- This site is optimized with the Yoast SEO Premium plugin v27.2 (Yoast SEO v27.2) - https:\/\/yoast.com\/product\/yoast-seo-premium-wordpress\/ -->\n<title>Galicijsk\u00e1 gramatika - Talkpal<\/title>\n<meta name=\"description\" content=\"Snadno si osvojte galicijskou gramatiku - nau\u010dte se pravidla, sestavujte spr\u00e1vn\u00e9 v\u011bty a komunikujte srozumiteln\u011b\" \/>\n<meta name=\"robots\" content=\"index, follow, max-snippet:-1, max-image-preview:large, max-video-preview:-1\" \/>\n<link rel=\"canonical\" href=\"https:\/\/talkpal.ai\/cs\/galicijska-gramatika\/\" \/>\n<meta property=\"og:locale\" content=\"cs_CZ\" \/>\n<meta property=\"og:type\" content=\"article\" \/>\n<meta property=\"og:title\" content=\"Galicijsk\u00e1 gramatika\" \/>\n<meta property=\"og:description\" content=\"Galicijsk\u00e1 gramatika: Odemyk\u00e1n\u00ed kr\u00e1sy rom\u00e1nsk\u00e9ho jazyka Galicij\u0161tina, rom\u00e1nsk\u00fd jazyk, kter\u00fdm mluv\u00ed v\u00edce ne\u017e dva miliony lid\u00ed v severoz\u00e1padn\u00edm \u0160pan\u011blsku,\" \/>\n<meta property=\"og:url\" content=\"https:\/\/talkpal.ai\/cs\/galicijska-gramatika\/\" \/>\n<meta property=\"og:site_name\" content=\"Talkpal\" \/>\n<meta property=\"article:publisher\" content=\"https:\/\/www.facebook.com\/profile.php?id=100090733639311\" \/>\n<meta property=\"article:modified_time\" content=\"2025-12-13T15:36:37+00:00\" \/>\n<meta property=\"og:image\" content=\"https:\/\/talkpal.ai\/wp-content\/uploads\/2023\/05\/Galician-spain.png\" \/>\n\t<meta property=\"og:image:width\" content=\"512\" \/>\n\t<meta property=\"og:image:height\" content=\"512\" \/>\n\t<meta property=\"og:image:type\" content=\"image\/png\" \/>\n<meta name=\"twitter:card\" content=\"summary_large_image\" \/>\n<meta name=\"twitter:site\" content=\"@talkpalai\" \/>\n<meta name=\"twitter:label1\" content=\"Odhadovan\u00e1 doba \u010dten\u00ed\" \/>\n\t<meta name=\"twitter:data1\" content=\"3 minuty\" \/>\n<script type=\"application\/ld+json\" class=\"yoast-schema-graph\">{\"@context\":\"https:\/\/schema.org\",\"@graph\":[{\"@type\":\"WebPage\",\"@id\":\"https:\/\/talkpal.ai\/cs\/galicijska-gramatika\/\",\"url\":\"https:\/\/talkpal.ai\/cs\/galicijska-gramatika\/\",\"name\":\"Galicijsk\u00e1 gramatika - Talkpal\",\"isPartOf\":{\"@id\":\"https:\/\/talkpal.ai\/cs\/#website\"},\"primaryImageOfPage\":{\"@id\":\"https:\/\/talkpal.ai\/cs\/galicijska-gramatika\/#primaryimage\"},\"image\":{\"@id\":\"https:\/\/talkpal.ai\/cs\/galicijska-gramatika\/#primaryimage\"},\"thumbnailUrl\":\"https:\/\/talkpal.ai\/wp-content\/uploads\/2023\/05\/Galician-spain.png\",\"datePublished\":\"2023-05-14T14:03:43+00:00\",\"dateModified\":\"2025-12-13T15:36:37+00:00\",\"description\":\"Snadno si osvojte galicijskou gramatiku - nau\u010dte se pravidla, sestavujte spr\u00e1vn\u00e9 v\u011bty a komunikujte srozumiteln\u011b\",\"breadcrumb\":{\"@id\":\"https:\/\/talkpal.ai\/cs\/galicijska-gramatika\/#breadcrumb\"},\"inLanguage\":\"cs\",\"potentialAction\":[{\"@type\":\"ReadAction\",\"target\":[\"https:\/\/talkpal.ai\/cs\/galicijska-gramatika\/\"]}]},{\"@type\":\"ImageObject\",\"inLanguage\":\"cs\",\"@id\":\"https:\/\/talkpal.ai\/cs\/galicijska-gramatika\/#primaryimage\",\"url\":\"https:\/\/talkpal.ai\/wp-content\/uploads\/2023\/05\/Galician-spain.png\",\"contentUrl\":\"https:\/\/talkpal.ai\/wp-content\/uploads\/2023\/05\/Galician-spain.png\",\"width\":512,\"height\":512},{\"@type\":\"BreadcrumbList\",\"@id\":\"https:\/\/talkpal.ai\/cs\/galicijska-gramatika\/#breadcrumb\",\"itemListElement\":[{\"@type\":\"ListItem\",\"position\":1,\"name\":\"Homepage\",\"item\":\"https:\/\/talkpal.ai\/cs\/\"},{\"@type\":\"ListItem\",\"position\":2,\"name\":\"Galicijsk\u00e1 gramatika\"}]},{\"@type\":\"WebSite\",\"@id\":\"https:\/\/talkpal.ai\/cs\/#website\",\"url\":\"https:\/\/talkpal.ai\/cs\/\",\"name\":\"Talkpal\",\"description\":\"AI Language Learning\",\"publisher\":{\"@id\":\"https:\/\/talkpal.ai\/cs\/#organization\"},\"alternateName\":\"Talkpal AI\",\"potentialAction\":[{\"@type\":\"SearchAction\",\"target\":{\"@type\":\"EntryPoint\",\"urlTemplate\":\"https:\/\/talkpal.ai\/cs\/?s={search_term_string}\"},\"query-input\":{\"@type\":\"PropertyValueSpecification\",\"valueRequired\":true,\"valueName\":\"search_term_string\"}}],\"inLanguage\":\"cs\"},{\"@type\":\"Organization\",\"@id\":\"https:\/\/talkpal.ai\/cs\/#organization\",\"name\":\"Talkpal, Inc.\",\"alternateName\":\"Talkpal AI\",\"url\":\"https:\/\/talkpal.ai\/cs\/\",\"logo\":{\"@type\":\"ImageObject\",\"inLanguage\":\"cs\",\"@id\":\"https:\/\/talkpal.ai\/cs\/#\/schema\/logo\/image\/\",\"url\":\"https:\/\/talkpal.ai\/wp-content\/uploads\/2024\/03\/Talkpal-Logo-Icon.png\",\"contentUrl\":\"https:\/\/talkpal.ai\/wp-content\/uploads\/2024\/03\/Talkpal-Logo-Icon.png\",\"width\":2880,\"height\":2880,\"caption\":\"Talkpal, Inc.\"},\"image\":{\"@id\":\"https:\/\/talkpal.ai\/cs\/#\/schema\/logo\/image\/\"},\"sameAs\":[\"https:\/\/www.facebook.com\/profile.php?id=100090733639311\",\"https:\/\/x.com\/talkpalai\",\"https:\/\/www.linkedin.com\/company\/talkpal\/\",\"https:\/\/www.youtube.com\/@TalkPal\/\",\"https:\/\/www.tiktok.com\/@talkpal\",\"https:\/\/www.instagram.com\/talkpal_ai\/\",\"https:\/\/www.crunchbase.com\/organization\/talkpal-9cde\",\"https:\/\/www.g2.com\/products\/talkpal-for-business\/\",\"https:\/\/www.trustpilot.com\/review\/talkpal.ai\",\"https:\/\/www.capterra.com\/p\/10006800\/TalkPal\/\"],\"description\":\"Talkpal is a language learning web and mobile education app, powered by the latest AI technologies, that provides engaging experiences to its customers in many different languages to help them improve their language skills. Users can chat about unlimited amount of topics with the app and use other modes to practice their language learning.\",\"email\":\"support@talkpal.ai\",\"legalName\":\"Talkpal, Inc.\",\"foundingDate\":\"2023-04-03\",\"duns\":\"118989042\",\"numberOfEmployees\":{\"@type\":\"QuantitativeValue\",\"minValue\":\"11\",\"maxValue\":\"50\"},\"publishingPrinciples\":\"https:\/\/talkpal.ai\/publishing-principles\/\",\"actionableFeedbackPolicy\":\"https:\/\/talkpal.ai\/actionable-feedback-policy\/\",\"correctionsPolicy\":\"https:\/\/talkpal.ai\/corrections-policy\/\",\"ethicsPolicy\":\"https:\/\/talkpal.ai\/ethics-policy\/\",\"diversityPolicy\":\"https:\/\/talkpal.ai\/diversity-policy\/\",\"diversityStaffingReport\":\"https:\/\/talkpal.ai\/diversity-policy\/\"}]}<\/script>\n<!-- \/ Yoast SEO Premium plugin. -->","yoast_head_json":{"title":"Galicijsk\u00e1 gramatika - Talkpal","description":"Snadno si osvojte galicijskou gramatiku - nau\u010dte se pravidla, sestavujte spr\u00e1vn\u00e9 v\u011bty a komunikujte srozumiteln\u011b","robots":{"index":"index","follow":"follow","max-snippet":"max-snippet:-1","max-image-preview":"max-image-preview:large","max-video-preview":"max-video-preview:-1"},"canonical":"https:\/\/talkpal.ai\/cs\/galicijska-gramatika\/","og_locale":"cs_CZ","og_type":"article","og_title":"Galicijsk\u00e1 gramatika","og_description":"Galicijsk\u00e1 gramatika: Odemyk\u00e1n\u00ed kr\u00e1sy rom\u00e1nsk\u00e9ho jazyka Galicij\u0161tina, rom\u00e1nsk\u00fd jazyk, kter\u00fdm mluv\u00ed v\u00edce ne\u017e dva miliony lid\u00ed v severoz\u00e1padn\u00edm \u0160pan\u011blsku,","og_url":"https:\/\/talkpal.ai\/cs\/galicijska-gramatika\/","og_site_name":"Talkpal","article_publisher":"https:\/\/www.facebook.com\/profile.php?id=100090733639311","article_modified_time":"2025-12-13T15:36:37+00:00","og_image":[{"width":512,"height":512,"url":"https:\/\/talkpal.ai\/wp-content\/uploads\/2023\/05\/Galician-spain.png","type":"image\/png"}],"twitter_card":"summary_large_image","twitter_site":"@talkpalai","twitter_misc":{"Odhadovan\u00e1 doba \u010dten\u00ed":"3 minuty"},"schema":{"@context":"https:\/\/schema.org","@graph":[{"@type":"WebPage","@id":"https:\/\/talkpal.ai\/cs\/galicijska-gramatika\/","url":"https:\/\/talkpal.ai\/cs\/galicijska-gramatika\/","name":"Galicijsk\u00e1 gramatika - Talkpal","isPartOf":{"@id":"https:\/\/talkpal.ai\/cs\/#website"},"primaryImageOfPage":{"@id":"https:\/\/talkpal.ai\/cs\/galicijska-gramatika\/#primaryimage"},"image":{"@id":"https:\/\/talkpal.ai\/cs\/galicijska-gramatika\/#primaryimage"},"thumbnailUrl":"https:\/\/talkpal.ai\/wp-content\/uploads\/2023\/05\/Galician-spain.png","datePublished":"2023-05-14T14:03:43+00:00","dateModified":"2025-12-13T15:36:37+00:00","description":"Snadno si osvojte galicijskou gramatiku - nau\u010dte se pravidla, sestavujte spr\u00e1vn\u00e9 v\u011bty a komunikujte srozumiteln\u011b","breadcrumb":{"@id":"https:\/\/talkpal.ai\/cs\/galicijska-gramatika\/#breadcrumb"},"inLanguage":"cs","potentialAction":[{"@type":"ReadAction","target":["https:\/\/talkpal.ai\/cs\/galicijska-gramatika\/"]}]},{"@type":"ImageObject","inLanguage":"cs","@id":"https:\/\/talkpal.ai\/cs\/galicijska-gramatika\/#primaryimage","url":"https:\/\/talkpal.ai\/wp-content\/uploads\/2023\/05\/Galician-spain.png","contentUrl":"https:\/\/talkpal.ai\/wp-content\/uploads\/2023\/05\/Galician-spain.png","width":512,"height":512},{"@type":"BreadcrumbList","@id":"https:\/\/talkpal.ai\/cs\/galicijska-gramatika\/#breadcrumb","itemListElement":[{"@type":"ListItem","position":1,"name":"Homepage","item":"https:\/\/talkpal.ai\/cs\/"},{"@type":"ListItem","position":2,"name":"Galicijsk\u00e1 gramatika"}]},{"@type":"WebSite","@id":"https:\/\/talkpal.ai\/cs\/#website","url":"https:\/\/talkpal.ai\/cs\/","name":"Talkpal","description":"AI Language Learning","publisher":{"@id":"https:\/\/talkpal.ai\/cs\/#organization"},"alternateName":"Talkpal AI","potentialAction":[{"@type":"SearchAction","target":{"@type":"EntryPoint","urlTemplate":"https:\/\/talkpal.ai\/cs\/?s={search_term_string}"},"query-input":{"@type":"PropertyValueSpecification","valueRequired":true,"valueName":"search_term_string"}}],"inLanguage":"cs"},{"@type":"Organization","@id":"https:\/\/talkpal.ai\/cs\/#organization","name":"Talkpal, Inc.","alternateName":"Talkpal AI","url":"https:\/\/talkpal.ai\/cs\/","logo":{"@type":"ImageObject","inLanguage":"cs","@id":"https:\/\/talkpal.ai\/cs\/#\/schema\/logo\/image\/","url":"https:\/\/talkpal.ai\/wp-content\/uploads\/2024\/03\/Talkpal-Logo-Icon.png","contentUrl":"https:\/\/talkpal.ai\/wp-content\/uploads\/2024\/03\/Talkpal-Logo-Icon.png","width":2880,"height":2880,"caption":"Talkpal, Inc."},"image":{"@id":"https:\/\/talkpal.ai\/cs\/#\/schema\/logo\/image\/"},"sameAs":["https:\/\/www.facebook.com\/profile.php?id=100090733639311","https:\/\/x.com\/talkpalai","https:\/\/www.linkedin.com\/company\/talkpal\/","https:\/\/www.youtube.com\/@TalkPal\/","https:\/\/www.tiktok.com\/@talkpal","https:\/\/www.instagram.com\/talkpal_ai\/","https:\/\/www.crunchbase.com\/organization\/talkpal-9cde","https:\/\/www.g2.com\/products\/talkpal-for-business\/","https:\/\/www.trustpilot.com\/review\/talkpal.ai","https:\/\/www.capterra.com\/p\/10006800\/TalkPal\/"],"description":"Talkpal is a language learning web and mobile education app, powered by the latest AI technologies, that provides engaging experiences to its customers in many different languages to help them improve their language skills. Users can chat about unlimited amount of topics with the app and use other modes to practice their language learning.","email":"support@talkpal.ai","legalName":"Talkpal, Inc.","foundingDate":"2023-04-03","duns":"118989042","numberOfEmployees":{"@type":"QuantitativeValue","minValue":"11","maxValue":"50"},"publishingPrinciples":"https:\/\/talkpal.ai\/publishing-principles\/","actionableFeedbackPolicy":"https:\/\/talkpal.ai\/actionable-feedback-policy\/","correctionsPolicy":"https:\/\/talkpal.ai\/corrections-policy\/","ethicsPolicy":"https:\/\/talkpal.ai\/ethics-policy\/","diversityPolicy":"https:\/\/talkpal.ai\/diversity-policy\/","diversityStaffingReport":"https:\/\/talkpal.ai\/diversity-policy\/"}]}},"_links":{"self":[{"href":"https:\/\/talkpal.ai\/cs\/wp-json\/wp\/v2\/pages\/144025","targetHints":{"allow":["GET"]}}],"collection":[{"href":"https:\/\/talkpal.ai\/cs\/wp-json\/wp\/v2\/pages"}],"about":[{"href":"https:\/\/talkpal.ai\/cs\/wp-json\/wp\/v2\/types\/page"}],"author":[{"embeddable":true,"href":"https:\/\/talkpal.ai\/cs\/wp-json\/wp\/v2\/users\/1"}],"replies":[{"embeddable":true,"href":"https:\/\/talkpal.ai\/cs\/wp-json\/wp\/v2\/comments?post=144025"}],"version-history":[{"count":0,"href":"https:\/\/talkpal.ai\/cs\/wp-json\/wp\/v2\/pages\/144025\/revisions"}],"wp:featuredmedia":[{"embeddable":true,"href":"https:\/\/talkpal.ai\/cs\/wp-json\/wp\/v2\/media\/111941"}],"wp:attachment":[{"href":"https:\/\/talkpal.ai\/cs\/wp-json\/wp\/v2\/media?parent=144025"}],"curies":[{"name":"wp","href":"https:\/\/api.w.org\/{rel}","templated":true}]}}