{"id":143677,"date":"2023-05-14T14:03:23","date_gmt":"2023-05-14T14:03:23","guid":{"rendered":"http:\/\/talkpal.ai\/danska-gramatika\/"},"modified":"2025-12-13T15:27:55","modified_gmt":"2025-12-13T15:27:55","slug":"danska-gramatika","status":"publish","type":"page","link":"https:\/\/talkpal.ai\/cs\/danska-gramatika\/","title":{"rendered":"D\u00e1nsk\u00e1 gramatika"},"content":{"rendered":"\r\n\r\n\r\n<section class=\"languageChallengeSection\">\r\n    <div class=\"languageInfoWrapper\">\r\n        \r\n        <h1>D\u00e1nsk\u00e1 gramatika<\/h1>\r\n        <p>Odhalte z\u00e1klady d\u00e1nsk\u00e9 gramatiky a za\u010dn\u011bte s jistotou komunikovat v tomto okouzluj\u00edc\u00edm skandin\u00e1vsk\u00e9m jazyce. Zvl\u00e1dnut\u00edm z\u00e1kladn\u00edch pravidel a struktur z\u00edsk\u00e1te dovednosti pot\u0159ebn\u00e9 k nav\u00e1z\u00e1n\u00ed kontaktu s d\u00e1nsk\u00fdmi mluv\u010d\u00edmi a pozn\u00e1te jejich bohatou kulturu na vlastn\u00ed k\u016f\u017ei. Za\u010dn\u011bte se u\u010dit d\u00e1nskou gramatiku je\u0161t\u011b dnes a ud\u011blejte prvn\u00ed krok k plynulosti jazyka!\n\n<\/p>\r\n\r\n                            <a class=\"getStartedHidden\" href=\"https:\/\/app.talkpal.ai\/cs\/signup?lng=\">Za\u010dni<\/a>\r\n        \r\n    <\/div>\r\n\r\n    <figure>\r\n    <img decoding=\"async\" width=\"768\" height=\"768\" src=\"https:\/\/talkpal.ai\/wp-content\/uploads\/2023\/06\/danish-768x768.png\" class=\"languageImage no-lazy\" alt=\"Language learning for career enhancement\" fetchpriority=\"high\" sizes=\"(max-width: 768px) 150px, 768px\" srcset=\"https:\/\/talkpal.ai\/wp-content\/uploads\/2023\/06\/danish-768x768.png 768w, https:\/\/talkpal.ai\/wp-content\/uploads\/2023\/06\/danish-300x300.png 300w\" \/>\r\n    \r\n\r\n    <\/figure>\r\n\r\n            <a class=\"getStartedVisible\" href=\"https:\/\/app.talkpal.ai\/cs\/signup?lng=\">Za\u010dni<\/a>\r\n    \r\n<\/section>\r\n<section class=\"promotionalBanner\">\r\n    <p class=\"promotionalText\">Nejefektivn\u011bj\u0161\u00ed zp\u016fsob, jak se nau\u010dit jazyk<\/p>\r\n    <a class=\"promotionalLink\" href=\"https:\/\/app.talkpal.ai\/cs\/signup?lng=\">Vyzkou\u0161ejte Talkpal zdarma<\/a>\r\n<\/section>\n<div class=\"wp-block-group pageContainerStyle\"><div class=\"wp-block-group__inner-container is-layout-constrained wp-block-group-is-layout-constrained\">\n<h2 class=\"wp-block-heading\" id=\"h-delving-into-the-depths-of-danish-grammar-unraveling-its-idiosyncrasies-and-charm\">Pono\u0159te se do hlubin d\u00e1nsk\u00e9 gramatiky: Odhalen\u00ed jej\u00edch zvl\u00e1\u0161tnost\u00ed a kouzla<\/h2>\n\n\n\n<p>Pamatujete si na dobu, kdy se u\u010den\u00ed anglick\u00e9 gramatiky zd\u00e1lo jako t\u011b\u017ek\u00fd boj s mno\u017estv\u00edm pravidel, v\u00fdjimek a slo\u017eit\u00e9 terminologie? Pokud jste se nyn\u00ed rozhodli nau\u010dit se d\u00e1nsk\u00fd jazyk, p\u0159ipravte se na dal\u0161\u00ed strhuj\u00edc\u00ed cestu slo\u017eitost\u00ed a pot\u011b\u0161en\u00edm d\u00e1nsk\u00e9 gramatiky.<\/p>\n\n\n\n<p><a href=\"https:\/\/talkpal.ai\/learn-danish\/\">D\u00e1n\u0161tina<\/a>, severogerm\u00e1nsk\u00fd jazyk, sd\u00edl\u00ed podobnosti s <a href=\"https:\/\/talkpal.ai\/what-language-is-spoken-on-the-international-space-station\/\">jazyky<\/a>, jako je <a href=\"https:\/\/talkpal.ai\/learn-norwegian\/\">nor\u0161tina<\/a> a \u0161v\u00e9d\u0161tina. M\u00e1 v\u0161ak sv\u00e9 vlastn\u00ed jedine\u010dn\u00e9 vlastnosti, kter\u00e9 z n\u011bj d\u011blaj\u00ed klenot, kter\u00fd stoj\u00ed za to prozkoumat do hloubky. Za\u010dn\u011bme t\u00edm, \u017ee odhal\u00edme z\u00e1zraky d\u00e1nsk\u00e9 gramatiky, jedno pravidlo po druh\u00e9m.<\/p>\n\n\n\n<p><strong>Pozoruhodn\u00fdm rysem d\u00e1nsk\u00e9 gramatiky<\/strong> je jej\u00ed jednoduchost, pokud jde o slovosled. D\u00e1n\u0161tina se \u0159\u00edd\u00ed strukturou podm\u011bt-sloveso-objekt (SVO), stejn\u011b jako <a href=\"https:\/\/talkpal.ai\/learn-english-with-ai\/\">angli\u010dtina<\/a>, tak\u017ee je pro <a href=\"https:\/\/talkpal.ai\/english-speaking-course\/\">anglicky mluv\u00edc\u00ed<\/a> relativn\u011b snadn\u00e9 porozum\u011bt. Je tu v\u0161ak jeden zvrat &#8211; pou\u017eit\u00ed slovosledu V2 v hlavn\u00edch v\u011bt\u00e1ch, co\u017e znamen\u00e1, \u017ee sloveso mus\u00ed b\u00fdt v\u017edy druh\u00fdm prvkem. Toto pravidlo dod\u00e1v\u00e1 d\u00e1nsk\u00e9mu jazyku n\u00e1dech jedine\u010dnosti.<\/p>\n\n\n\n<p>Dal\u0161\u00edm roztomil\u00fdm aspektem d\u00e1nsk\u00e9 gramatiky je <strong>jej\u00ed dvourodov\u00fd syst\u00e9m<\/strong>. Zat\u00edmco n\u011bkter\u00e9 jazyky, jako je <a href=\"https:\/\/talkpal.ai\/learn-french\/\">francouz\u0161tina<\/a> nebo <a href=\"https:\/\/talkpal.ai\/learn-spanish\/\">\u0161pan\u011bl\u0161tina<\/a>, se skl\u00e1daj\u00ed z odd\u011blen\u00fdch rod\u016f pro mu\u017esk\u00fd a \u017eensk\u00fd rod, d\u00e1n\u0161tina to zjednodu\u0161uje pou\u017eit\u00edm dvou hlavn\u00edch rod\u016f: spole\u010dn\u00e9ho a st\u0159edn\u00edho rodu. V d\u00e1n\u0161tin\u011b pat\u0159\u00ed v\u011bt\u0161ina podstatn\u00fdch jmen do kategorie &#8222;obecn\u00fd&#8220;, tak\u017ee shoda s p\u0159\u00eddavn\u00fdmi jm\u00e9ny a \u010dleny je pom\u011brn\u011b jednoduch\u00e1.<\/p>\n\n\n\n<p>Pono\u0159te se do \u0159\u00ed\u0161e <strong>\u010dasov\u00e1n\u00ed sloves<\/strong> a zjist\u00edte, \u017ee d\u00e1n\u0161tina svou jednoduchost\u00ed zasti\u0148uje ostatn\u00ed jazyky. D\u00e1nsk\u00e1 slovesa se nem\u011bn\u00ed v z\u00e1vislosti na podm\u011btu, tak\u017ee je snadn\u00e9 si je zapamatovat a porozum\u011bt r\u016fzn\u00fdm tvar\u016fm. Pravideln\u00e1 slovesa se \u0159\u00edd\u00ed p\u0159edv\u00eddateln\u00fdmi vzory a dokonce i nepravideln\u00e1 slovesa p\u0159edstavuj\u00ed mal\u00fd probl\u00e9m, proto\u017ee jejich nepravidelnosti jsou velmi jemn\u00e9.<\/p>\n\n\n\n<p><a href=\"https:\/\/talkpal.ai\/danish-grammar\/\">D\u00e1nsk\u00e1 gramatika<\/a> nab\u00edz\u00ed jedine\u010dnou vlastnost <strong>s pou\u017eit\u00edm neur\u010dit\u00fdch, \u010dlen\u016f a ukazovac\u00edch z\u00e1jmen<\/strong>. Neur\u010dit\u00fd \u010dlen je v angli\u010dtin\u011b ekvivalentem slova &#8222;a&#8220; nebo &#8222;an&#8220; a v d\u00e1n\u0161tin\u011b m\u016f\u017ee m\u00edt tvar &#8222;en&#8220; pro obecn\u00fd rod nebo &#8222;et&#8220; pro st\u0159edn\u00ed rod podstatn\u00fdch jmen. Ur\u010dit\u00fd \u010dlen, podobn\u011b jako v angli\u010dtin\u011b &#8222;the&#8220;, se p\u0159ipojuje na konec podstatn\u00e9ho jm\u00e9na a spojuje se v jedno slovo. Ukazovac\u00ed z\u00e1jmena, kter\u00e1 ozna\u010duj\u00ed konkr\u00e9tn\u00ed podstatn\u00e1 jm\u00e9na, se tak\u00e9 m\u011bn\u00ed podle rodu podstatn\u00e9ho jm\u00e9na a dod\u00e1vaj\u00ed jim ur\u010ditou m\u00edru specifi\u010dnosti a p\u016fvabu.<\/p>\n\n\n\n<p>Nezapom\u00ednejme na kr\u00e1su <strong>d\u00e1nsk\u00e9 v\u00fdslovnosti<\/strong>, kter\u00e1 vy\u017eaduje znalost v\u00fdrazn\u00fdch samohl\u00e1sek a m\u011bk\u010den\u00fdch souhl\u00e1sek. Pou\u017eit\u00ed st\u00f8d (hlasivkov\u00e1 zar\u00e1\u017eka) ji d\u00e1le odli\u0161uje od ostatn\u00edch germ\u00e1nsk\u00fdch jazyk\u016f a d\u00e1v\u00e1 d\u00e1n\u0161tin\u011b jej\u00ed jedine\u010dn\u00fd zvuk a p\u016fvab.<\/p>\n\n\n\n<p>Pono\u0159en\u00edm se do d\u00e1nsk\u00e9 gramatiky se nejen nau\u010d\u00edte nov\u00fd jazyk, ale tak\u00e9 obohat\u00edte sv\u00e9 kulturn\u00ed znalosti a porozum\u011bn\u00ed D\u00e1nsku a jeho obyvatel\u016fm. A\u010dkoli je d\u00e1nsk\u00e1 gramatika n\u011bkdy n\u00e1ro\u010dn\u00e1, nab\u00edz\u00ed jedine\u010dnou v\u00fduku, kter\u00e1 otev\u00edr\u00e1 dve\u0159e nes\u010detn\u00fdm kouzl\u016fm a v\u00fdst\u0159ednostem, kter\u00e9 z n\u00ed d\u011blaj\u00ed neodolateln\u00fd jazyk k prozkoum\u00e1n\u00ed. Popadn\u011bte tedy sv\u00e9 jazykov\u00e9 knihy a vydejte se na dobrodru\u017estv\u00ed s d\u00e1nskou gramatikou, kter\u00e9 slibuje, \u017ee v\u00e1s zaujme a inspiruje na ka\u017ed\u00e9m kroku!<\/p>\n<\/div><\/div>\n\r\n<section class=\"learnNavigationSection\">\r\n            \r\n        <a href=\"https:\/\/talkpal.ai\/cs\/naucte-se-dansky\/\">\r\n            <div class=\"learnNavigationWrapper\">\r\n                <div class=\"learnNavigationContent\">\r\n                    <img decoding=\"async\" src=\"https:\/\/talkpal.ai\/wp-content\/uploads\/2024\/08\/Danish.jpg\" alt=\"Danish Flag\">\r\n                    <div>\r\n                        <h4>O d\u00e1nsk\u00e9m vzd\u011bl\u00e1v\u00e1n\u00ed<\/h4>\r\n                        <p>Zjist\u011bte v\u0161e o d\u00e1nsk\u00e9 gramatice.<\/p>\r\n                    <\/div>\r\n                <\/div>\r\n            <\/div>\r\n        <\/a>\r\n\r\n        \r\n        <a href=\"https:\/\/talkpal.ai\/cs\/danska-gramaticka-cviceni\/\">\r\n            <div class=\"learnNavigationWrapper\">\r\n                <div class=\"learnNavigationContent\">\r\n                    <img decoding=\"async\" src=\"https:\/\/talkpal.ai\/wp-content\/uploads\/2024\/08\/Danish.jpg\" alt=\"Danish Flag\">\r\n                    <div>\r\n                        <h4>Cvi\u010den\u00ed z d\u00e1nsk\u00e9 gramatiky<\/h4>\r\n                        <p>Procvi\u010dte si d\u00e1nskou gramatiku.<\/p>\r\n                    <\/div>\r\n                <\/div>\r\n            <\/div>\r\n        <\/a>\r\n\r\n        \r\n        <a href=\"https:\/\/talkpal.ai\/vocabulary_language\/danish\/\">\r\n            <div class=\"learnNavigationWrapper\">\r\n                <div class=\"learnNavigationContent\">\r\n                    <img decoding=\"async\" src=\"https:\/\/talkpal.ai\/wp-content\/uploads\/2024\/08\/Danish.jpg\" alt=\"Danish Flag\">\r\n                    <div>\r\n                        <h4>D\u00e1nsk\u00e1 slovn\u00ed z\u00e1soba<\/h4>\r\n                        <p>Roz\u0161i\u0159te si slovn\u00ed z\u00e1sobu d\u00e1n\u0161tiny.<\/p>\r\n                    <\/div>\r\n                <\/div>\r\n            <\/div>\r\n        <\/a>\r\n\r\n            <\/section>","protected":false},"excerpt":{"rendered":"<p>Pono\u0159te se do hlubin d\u00e1nsk\u00e9 gramatiky: Odhalen\u00ed jej\u00edch zvl\u00e1\u0161tnost\u00ed a kouzla Pamatujete si na dobu, kdy se u\u010den\u00ed anglick\u00e9 gramatiky zd\u00e1lo jako t\u011b\u017ek\u00fd boj s mno\u017estv\u00edm pravidel, v\u00fdjimek a slo\u017eit\u00e9 terminologie? Pokud jste se nyn\u00ed rozhodli nau\u010dit se d\u00e1nsk\u00fd jazyk, p\u0159ipravte se na dal\u0161\u00ed strhuj\u00edc\u00ed cestu slo\u017eitost\u00ed a pot\u011b\u0161en\u00edm d\u00e1nsk\u00e9 gramatiky. D\u00e1n\u0161tina, severogerm\u00e1nsk\u00fd jazyk, sd\u00edl\u00ed [&hellip;]<\/p>\n","protected":false},"author":1,"featured_media":110912,"parent":0,"menu_order":0,"comment_status":"closed","ping_status":"closed","template":"LearningContentPage.php","meta":{"_acf_changed":false,"footnotes":""},"class_list":["post-143677","page","type-page","status-publish","has-post-thumbnail","hentry"],"acf":[],"yoast_head":"<!-- This site is optimized with the Yoast SEO Premium plugin v27.2 (Yoast SEO v27.2) - https:\/\/yoast.com\/product\/yoast-seo-premium-wordpress\/ -->\n<title>D\u00e1nsk\u00e1 gramatika - Talkpal<\/title>\n<meta name=\"description\" content=\"Prozkoumejte slo\u017eitosti d\u00e1nsk\u00e9 gramatiky a objevte jej\u00ed jedine\u010dn\u00e1 pravidla a vlastnosti. Nau\u010dte se bez probl\u00e9m\u016f ovl\u00e1dat jazyk.\" \/>\n<meta name=\"robots\" content=\"index, follow, max-snippet:-1, max-image-preview:large, max-video-preview:-1\" \/>\n<link rel=\"canonical\" href=\"https:\/\/talkpal.ai\/cs\/danska-gramatika\/\" \/>\n<meta property=\"og:locale\" content=\"cs_CZ\" \/>\n<meta property=\"og:type\" content=\"article\" \/>\n<meta property=\"og:title\" content=\"D\u00e1nsk\u00e1 gramatika\" \/>\n<meta property=\"og:description\" content=\"Pono\u0159te se do hlubin d\u00e1nsk\u00e9 gramatiky: Odhalen\u00ed jej\u00edch zvl\u00e1\u0161tnost\u00ed a kouzla Pamatujete si na dobu, kdy se u\u010den\u00ed anglick\u00e9 gramatiky zd\u00e1lo jako t\u011b\u017ek\u00fd boj s\" \/>\n<meta property=\"og:url\" content=\"https:\/\/talkpal.ai\/cs\/danska-gramatika\/\" \/>\n<meta property=\"og:site_name\" content=\"Talkpal\" \/>\n<meta property=\"article:publisher\" content=\"https:\/\/www.facebook.com\/profile.php?id=100090733639311\" \/>\n<meta property=\"article:modified_time\" content=\"2025-12-13T15:27:55+00:00\" \/>\n<meta property=\"og:image\" content=\"https:\/\/talkpal.ai\/wp-content\/uploads\/2023\/05\/denmark.png\" \/>\n\t<meta property=\"og:image:width\" content=\"512\" \/>\n\t<meta property=\"og:image:height\" content=\"512\" \/>\n\t<meta property=\"og:image:type\" content=\"image\/png\" \/>\n<meta name=\"twitter:card\" content=\"summary_large_image\" \/>\n<meta name=\"twitter:site\" content=\"@talkpalai\" \/>\n<meta name=\"twitter:label1\" content=\"Odhadovan\u00e1 doba \u010dten\u00ed\" \/>\n\t<meta name=\"twitter:data1\" content=\"3 minuty\" \/>\n<script type=\"application\/ld+json\" class=\"yoast-schema-graph\">{\"@context\":\"https:\/\/schema.org\",\"@graph\":[{\"@type\":\"WebPage\",\"@id\":\"https:\/\/talkpal.ai\/cs\/danska-gramatika\/\",\"url\":\"https:\/\/talkpal.ai\/cs\/danska-gramatika\/\",\"name\":\"D\u00e1nsk\u00e1 gramatika - Talkpal\",\"isPartOf\":{\"@id\":\"https:\/\/talkpal.ai\/cs\/#website\"},\"primaryImageOfPage\":{\"@id\":\"https:\/\/talkpal.ai\/cs\/danska-gramatika\/#primaryimage\"},\"image\":{\"@id\":\"https:\/\/talkpal.ai\/cs\/danska-gramatika\/#primaryimage\"},\"thumbnailUrl\":\"https:\/\/talkpal.ai\/wp-content\/uploads\/2023\/05\/denmark.png\",\"datePublished\":\"2023-05-14T14:03:23+00:00\",\"dateModified\":\"2025-12-13T15:27:55+00:00\",\"description\":\"Prozkoumejte slo\u017eitosti d\u00e1nsk\u00e9 gramatiky a objevte jej\u00ed jedine\u010dn\u00e1 pravidla a vlastnosti. Nau\u010dte se bez probl\u00e9m\u016f ovl\u00e1dat jazyk.\",\"breadcrumb\":{\"@id\":\"https:\/\/talkpal.ai\/cs\/danska-gramatika\/#breadcrumb\"},\"inLanguage\":\"cs\",\"potentialAction\":[{\"@type\":\"ReadAction\",\"target\":[\"https:\/\/talkpal.ai\/cs\/danska-gramatika\/\"]}]},{\"@type\":\"ImageObject\",\"inLanguage\":\"cs\",\"@id\":\"https:\/\/talkpal.ai\/cs\/danska-gramatika\/#primaryimage\",\"url\":\"https:\/\/talkpal.ai\/wp-content\/uploads\/2023\/05\/denmark.png\",\"contentUrl\":\"https:\/\/talkpal.ai\/wp-content\/uploads\/2023\/05\/denmark.png\",\"width\":512,\"height\":512},{\"@type\":\"BreadcrumbList\",\"@id\":\"https:\/\/talkpal.ai\/cs\/danska-gramatika\/#breadcrumb\",\"itemListElement\":[{\"@type\":\"ListItem\",\"position\":1,\"name\":\"Homepage\",\"item\":\"https:\/\/talkpal.ai\/cs\/\"},{\"@type\":\"ListItem\",\"position\":2,\"name\":\"D\u00e1nsk\u00e1 gramatika\"}]},{\"@type\":\"WebSite\",\"@id\":\"https:\/\/talkpal.ai\/cs\/#website\",\"url\":\"https:\/\/talkpal.ai\/cs\/\",\"name\":\"Talkpal\",\"description\":\"AI Language Learning\",\"publisher\":{\"@id\":\"https:\/\/talkpal.ai\/cs\/#organization\"},\"alternateName\":\"Talkpal AI\",\"potentialAction\":[{\"@type\":\"SearchAction\",\"target\":{\"@type\":\"EntryPoint\",\"urlTemplate\":\"https:\/\/talkpal.ai\/cs\/?s={search_term_string}\"},\"query-input\":{\"@type\":\"PropertyValueSpecification\",\"valueRequired\":true,\"valueName\":\"search_term_string\"}}],\"inLanguage\":\"cs\"},{\"@type\":\"Organization\",\"@id\":\"https:\/\/talkpal.ai\/cs\/#organization\",\"name\":\"Talkpal, Inc.\",\"alternateName\":\"Talkpal AI\",\"url\":\"https:\/\/talkpal.ai\/cs\/\",\"logo\":{\"@type\":\"ImageObject\",\"inLanguage\":\"cs\",\"@id\":\"https:\/\/talkpal.ai\/cs\/#\/schema\/logo\/image\/\",\"url\":\"https:\/\/talkpal.ai\/wp-content\/uploads\/2024\/03\/Talkpal-Logo-Icon.png\",\"contentUrl\":\"https:\/\/talkpal.ai\/wp-content\/uploads\/2024\/03\/Talkpal-Logo-Icon.png\",\"width\":2880,\"height\":2880,\"caption\":\"Talkpal, Inc.\"},\"image\":{\"@id\":\"https:\/\/talkpal.ai\/cs\/#\/schema\/logo\/image\/\"},\"sameAs\":[\"https:\/\/www.facebook.com\/profile.php?id=100090733639311\",\"https:\/\/x.com\/talkpalai\",\"https:\/\/www.linkedin.com\/company\/talkpal\/\",\"https:\/\/www.youtube.com\/@TalkPal\/\",\"https:\/\/www.tiktok.com\/@talkpal\",\"https:\/\/www.instagram.com\/talkpal_ai\/\",\"https:\/\/www.crunchbase.com\/organization\/talkpal-9cde\",\"https:\/\/www.g2.com\/products\/talkpal-for-business\/\",\"https:\/\/www.trustpilot.com\/review\/talkpal.ai\",\"https:\/\/www.capterra.com\/p\/10006800\/TalkPal\/\"],\"description\":\"Talkpal is a language learning web and mobile education app, powered by the latest AI technologies, that provides engaging experiences to its customers in many different languages to help them improve their language skills. Users can chat about unlimited amount of topics with the app and use other modes to practice their language learning.\",\"email\":\"support@talkpal.ai\",\"legalName\":\"Talkpal, Inc.\",\"foundingDate\":\"2023-04-03\",\"duns\":\"118989042\",\"numberOfEmployees\":{\"@type\":\"QuantitativeValue\",\"minValue\":\"11\",\"maxValue\":\"50\"},\"publishingPrinciples\":\"https:\/\/talkpal.ai\/publishing-principles\/\",\"actionableFeedbackPolicy\":\"https:\/\/talkpal.ai\/actionable-feedback-policy\/\",\"correctionsPolicy\":\"https:\/\/talkpal.ai\/corrections-policy\/\",\"ethicsPolicy\":\"https:\/\/talkpal.ai\/ethics-policy\/\",\"diversityPolicy\":\"https:\/\/talkpal.ai\/diversity-policy\/\",\"diversityStaffingReport\":\"https:\/\/talkpal.ai\/diversity-policy\/\"}]}<\/script>\n<!-- \/ Yoast SEO Premium plugin. -->","yoast_head_json":{"title":"D\u00e1nsk\u00e1 gramatika - Talkpal","description":"Prozkoumejte slo\u017eitosti d\u00e1nsk\u00e9 gramatiky a objevte jej\u00ed jedine\u010dn\u00e1 pravidla a vlastnosti. Nau\u010dte se bez probl\u00e9m\u016f ovl\u00e1dat jazyk.","robots":{"index":"index","follow":"follow","max-snippet":"max-snippet:-1","max-image-preview":"max-image-preview:large","max-video-preview":"max-video-preview:-1"},"canonical":"https:\/\/talkpal.ai\/cs\/danska-gramatika\/","og_locale":"cs_CZ","og_type":"article","og_title":"D\u00e1nsk\u00e1 gramatika","og_description":"Pono\u0159te se do hlubin d\u00e1nsk\u00e9 gramatiky: Odhalen\u00ed jej\u00edch zvl\u00e1\u0161tnost\u00ed a kouzla Pamatujete si na dobu, kdy se u\u010den\u00ed anglick\u00e9 gramatiky zd\u00e1lo jako t\u011b\u017ek\u00fd boj s","og_url":"https:\/\/talkpal.ai\/cs\/danska-gramatika\/","og_site_name":"Talkpal","article_publisher":"https:\/\/www.facebook.com\/profile.php?id=100090733639311","article_modified_time":"2025-12-13T15:27:55+00:00","og_image":[{"width":512,"height":512,"url":"https:\/\/talkpal.ai\/wp-content\/uploads\/2023\/05\/denmark.png","type":"image\/png"}],"twitter_card":"summary_large_image","twitter_site":"@talkpalai","twitter_misc":{"Odhadovan\u00e1 doba \u010dten\u00ed":"3 minuty"},"schema":{"@context":"https:\/\/schema.org","@graph":[{"@type":"WebPage","@id":"https:\/\/talkpal.ai\/cs\/danska-gramatika\/","url":"https:\/\/talkpal.ai\/cs\/danska-gramatika\/","name":"D\u00e1nsk\u00e1 gramatika - Talkpal","isPartOf":{"@id":"https:\/\/talkpal.ai\/cs\/#website"},"primaryImageOfPage":{"@id":"https:\/\/talkpal.ai\/cs\/danska-gramatika\/#primaryimage"},"image":{"@id":"https:\/\/talkpal.ai\/cs\/danska-gramatika\/#primaryimage"},"thumbnailUrl":"https:\/\/talkpal.ai\/wp-content\/uploads\/2023\/05\/denmark.png","datePublished":"2023-05-14T14:03:23+00:00","dateModified":"2025-12-13T15:27:55+00:00","description":"Prozkoumejte slo\u017eitosti d\u00e1nsk\u00e9 gramatiky a objevte jej\u00ed jedine\u010dn\u00e1 pravidla a vlastnosti. Nau\u010dte se bez probl\u00e9m\u016f ovl\u00e1dat jazyk.","breadcrumb":{"@id":"https:\/\/talkpal.ai\/cs\/danska-gramatika\/#breadcrumb"},"inLanguage":"cs","potentialAction":[{"@type":"ReadAction","target":["https:\/\/talkpal.ai\/cs\/danska-gramatika\/"]}]},{"@type":"ImageObject","inLanguage":"cs","@id":"https:\/\/talkpal.ai\/cs\/danska-gramatika\/#primaryimage","url":"https:\/\/talkpal.ai\/wp-content\/uploads\/2023\/05\/denmark.png","contentUrl":"https:\/\/talkpal.ai\/wp-content\/uploads\/2023\/05\/denmark.png","width":512,"height":512},{"@type":"BreadcrumbList","@id":"https:\/\/talkpal.ai\/cs\/danska-gramatika\/#breadcrumb","itemListElement":[{"@type":"ListItem","position":1,"name":"Homepage","item":"https:\/\/talkpal.ai\/cs\/"},{"@type":"ListItem","position":2,"name":"D\u00e1nsk\u00e1 gramatika"}]},{"@type":"WebSite","@id":"https:\/\/talkpal.ai\/cs\/#website","url":"https:\/\/talkpal.ai\/cs\/","name":"Talkpal","description":"AI Language Learning","publisher":{"@id":"https:\/\/talkpal.ai\/cs\/#organization"},"alternateName":"Talkpal AI","potentialAction":[{"@type":"SearchAction","target":{"@type":"EntryPoint","urlTemplate":"https:\/\/talkpal.ai\/cs\/?s={search_term_string}"},"query-input":{"@type":"PropertyValueSpecification","valueRequired":true,"valueName":"search_term_string"}}],"inLanguage":"cs"},{"@type":"Organization","@id":"https:\/\/talkpal.ai\/cs\/#organization","name":"Talkpal, Inc.","alternateName":"Talkpal AI","url":"https:\/\/talkpal.ai\/cs\/","logo":{"@type":"ImageObject","inLanguage":"cs","@id":"https:\/\/talkpal.ai\/cs\/#\/schema\/logo\/image\/","url":"https:\/\/talkpal.ai\/wp-content\/uploads\/2024\/03\/Talkpal-Logo-Icon.png","contentUrl":"https:\/\/talkpal.ai\/wp-content\/uploads\/2024\/03\/Talkpal-Logo-Icon.png","width":2880,"height":2880,"caption":"Talkpal, Inc."},"image":{"@id":"https:\/\/talkpal.ai\/cs\/#\/schema\/logo\/image\/"},"sameAs":["https:\/\/www.facebook.com\/profile.php?id=100090733639311","https:\/\/x.com\/talkpalai","https:\/\/www.linkedin.com\/company\/talkpal\/","https:\/\/www.youtube.com\/@TalkPal\/","https:\/\/www.tiktok.com\/@talkpal","https:\/\/www.instagram.com\/talkpal_ai\/","https:\/\/www.crunchbase.com\/organization\/talkpal-9cde","https:\/\/www.g2.com\/products\/talkpal-for-business\/","https:\/\/www.trustpilot.com\/review\/talkpal.ai","https:\/\/www.capterra.com\/p\/10006800\/TalkPal\/"],"description":"Talkpal is a language learning web and mobile education app, powered by the latest AI technologies, that provides engaging experiences to its customers in many different languages to help them improve their language skills. Users can chat about unlimited amount of topics with the app and use other modes to practice their language learning.","email":"support@talkpal.ai","legalName":"Talkpal, Inc.","foundingDate":"2023-04-03","duns":"118989042","numberOfEmployees":{"@type":"QuantitativeValue","minValue":"11","maxValue":"50"},"publishingPrinciples":"https:\/\/talkpal.ai\/publishing-principles\/","actionableFeedbackPolicy":"https:\/\/talkpal.ai\/actionable-feedback-policy\/","correctionsPolicy":"https:\/\/talkpal.ai\/corrections-policy\/","ethicsPolicy":"https:\/\/talkpal.ai\/ethics-policy\/","diversityPolicy":"https:\/\/talkpal.ai\/diversity-policy\/","diversityStaffingReport":"https:\/\/talkpal.ai\/diversity-policy\/"}]}},"_links":{"self":[{"href":"https:\/\/talkpal.ai\/cs\/wp-json\/wp\/v2\/pages\/143677","targetHints":{"allow":["GET"]}}],"collection":[{"href":"https:\/\/talkpal.ai\/cs\/wp-json\/wp\/v2\/pages"}],"about":[{"href":"https:\/\/talkpal.ai\/cs\/wp-json\/wp\/v2\/types\/page"}],"author":[{"embeddable":true,"href":"https:\/\/talkpal.ai\/cs\/wp-json\/wp\/v2\/users\/1"}],"replies":[{"embeddable":true,"href":"https:\/\/talkpal.ai\/cs\/wp-json\/wp\/v2\/comments?post=143677"}],"version-history":[{"count":0,"href":"https:\/\/talkpal.ai\/cs\/wp-json\/wp\/v2\/pages\/143677\/revisions"}],"wp:featuredmedia":[{"embeddable":true,"href":"https:\/\/talkpal.ai\/cs\/wp-json\/wp\/v2\/media\/110912"}],"wp:attachment":[{"href":"https:\/\/talkpal.ai\/cs\/wp-json\/wp\/v2\/media?parent=143677"}],"curies":[{"name":"wp","href":"https:\/\/api.w.org\/{rel}","templated":true}]}}