{"id":143059,"date":"2023-05-14T14:02:30","date_gmt":"2023-05-14T14:02:30","guid":{"rendered":"http:\/\/talkpal.ai\/recka-gramatika\/"},"modified":"2025-12-13T15:14:17","modified_gmt":"2025-12-13T15:14:17","slug":"recka-gramatika","status":"publish","type":"page","link":"https:\/\/talkpal.ai\/cs\/recka-gramatika\/","title":{"rendered":"\u0158eck\u00e1 gramatika"},"content":{"rendered":"\r\n\r\n\r\n<section class=\"languageChallengeSection\">\r\n    <div class=\"languageInfoWrapper\">\r\n        \r\n        <h1>\u0158eck\u00e1 gramatika<\/h1>\r\n        <p>Nau\u010dte se \u0159eckou gramatiku a pronikn\u011bte do sv\u011bta jednoho z nejstar\u0161\u00edch a nejvlivn\u011bj\u0161\u00edch jazyk\u016f lidstva. \u0158e\u010dtina v\u00e1s sezn\u00e1m\u00ed se svou jedine\u010dnou abecedou, v\u00fdrazn\u00fdmi slovesn\u00fdmi vazbami a syst\u00e9mem p\u00e1d\u016f podstatn\u00fdch jmen, kter\u00e9 utv\u00e1\u0159ej\u00ed v\u00fdznam. B\u011bhem pr\u016fzkumu odhal\u00edte ko\u0159eny mnoha anglick\u00fdch slov a sezn\u00e1m\u00edte se s bohat\u00fdm kulturn\u00edm d\u011bdictv\u00edm. Pono\u0159te se a u\u017eijte si obohacuj\u00edc\u00ed v\u00fdzvu v podob\u011b v\u00fduky \u0159eck\u00e9 gramatiky!<\/p>\r\n\r\n                            <a class=\"getStartedHidden\" href=\"https:\/\/app.talkpal.ai\/cs\/signup?lng=\">Za\u010dni<\/a>\r\n        \r\n    <\/div>\r\n\r\n    <figure>\r\n    <img decoding=\"async\" width=\"768\" height=\"768\" src=\"https:\/\/talkpal.ai\/wp-content\/uploads\/2023\/06\/greek-768x768.png\" class=\"languageImage no-lazy\" alt=\"Language learning to boost personal capability\" fetchpriority=\"high\" sizes=\"(max-width: 768px) 150px, 768px\" srcset=\"https:\/\/talkpal.ai\/wp-content\/uploads\/2023\/06\/greek-768x768.png 768w, https:\/\/talkpal.ai\/wp-content\/uploads\/2023\/06\/greek-300x300.png 300w\" \/>\r\n    \r\n\r\n    <\/figure>\r\n\r\n            <a class=\"getStartedVisible\" href=\"https:\/\/app.talkpal.ai\/cs\/signup?lng=\">Za\u010dni<\/a>\r\n    \r\n<\/section>\r\n<section class=\"promotionalBanner\">\r\n    <p class=\"promotionalText\">Nejefektivn\u011bj\u0161\u00ed zp\u016fsob, jak se nau\u010dit jazyk<\/p>\r\n    <a class=\"promotionalLink\" href=\"https:\/\/app.talkpal.ai\/cs\/signup?lng=\">Vyzkou\u0161ejte Talkpal zdarma<\/a>\r\n<\/section>\n<div class=\"wp-block-group pageContainerStyle\"><div class=\"wp-block-group__inner-container is-layout-constrained wp-block-group-is-layout-constrained\">\n<h2 class=\"wp-block-heading\" id=\"h-demystifying-greek-grammar-a-comprehensive-guide\">Demystifikace \u0159eck\u00e9 gramatiky: Komplexn\u00ed pr\u016fvodce<\/h2>\n\n\n\n<p>\u0158e\u010dtina, elegantn\u00ed a starobyl\u00fd jazyk, zauj\u00edm\u00e1 zvl\u00e1\u0161tn\u00ed m\u00edsto v lingvistick\u00e9 historii a dodnes z\u016fst\u00e1v\u00e1 vlivn\u00e1. D\u00edky pevn\u00fdm z\u00e1klad\u016fm \u0159eck\u00e9 gramatiky z\u00edsk\u00e1te p\u0159\u00edstup k bohat\u00fdm kulturn\u00edm a historick\u00fdm zdroj\u016fm a z\u00e1rove\u0148 odemknete dal\u0161\u00ed v\u00fdznamovou vrstvu anglick\u00e9 slovn\u00ed z\u00e1soby. Na rozd\u00edl od v\u0161eobecn\u00e9ho p\u0159esv\u011bd\u010den\u00ed nen\u00ed <a href=\"https:\/\/talkpal.ai\/greek-grammar\/\">\u0159eck\u00e1 gramatika<\/a> tak zastra\u0161uj\u00edc\u00ed, jak se na prvn\u00ed pohled m\u016f\u017ee zd\u00e1t. V tomto \u010dl\u00e1nku v\u00e1m pom\u016f\u017eeme zorientovat se v z\u00e1kladn\u00edch slo\u017ek\u00e1ch \u0159eck\u00e9 gramatiky, abyste se k tomuto jazyku mohli p\u0159ibl\u00ed\u017eit s jistotou a nad\u0161en\u00edm.<\/p>\n\n\n\n<h3 class=\"wp-block-heading\" id=\"h-1-understanding-greek-nouns-cases-and-articles\">1. Porozum\u011bn\u00ed \u0159eck\u00fdm podstatn\u00fdm jm\u00e9n\u016fm, p\u00e1d\u016fm a \u010dlen\u016fm<\/h3>\n\n\n\n<p>\u0158eck\u00e1 podstatn\u00e1 jm\u00e9na se d\u011bl\u00ed na t\u0159i rody: mu\u017esk\u00fd, \u017eensk\u00fd a st\u0159edn\u00ed. Ka\u017ed\u00e9 podstatn\u00e9 jm\u00e9no pat\u0159\u00ed do jedn\u00e9 ze t\u0159\u00ed deklina\u010dn\u00edch skupin, kter\u00e9 ur\u010duj\u00ed koncovky podstatn\u00e9ho jm\u00e9na na z\u00e1klad\u011b jeho rodu, \u010d\u00edsla (jednotn\u00e9 nebo mno\u017en\u00e9 \u010d\u00edslo) a p\u00e1du. V \u0159e\u010dtin\u011b existuje p\u011bt p\u00e1d\u016f: nominativ, genitiv, dativ, akuzativ a vokativ.<\/p>\n\n\n\n<p>Z\u00e1kladn\u00ed aspekt \u0159eck\u00e9 gramatiky se to\u010d\u00ed kolem \u010dl\u00e1nku. Podobn\u011b jako anglick\u00e9 &#8222;the&#8220; je i <a href=\"https:\/\/talkpal.ai\/learn-greek\/\">\u0159eck\u00fd<\/a> \u010dlen ur\u010dit\u00fd kl\u00ed\u010dov\u00fd pro porozum\u011bn\u00ed \u0159eck\u00fdm text\u016fm. <a href=\"https:\/\/talkpal.ai\/learn-greek\/\">\u0158eck\u00fd<\/a> \u010dlen mus\u00ed souhlasit s podstatn\u00fdm jm\u00e9nem v rod\u011b, \u010d\u00edsle a p\u00e1du. \u0158e\u010dtina m\u00e1 tak\u00e9 neur\u010dit\u00fd \u010dlen, kter\u00fd funguje podobn\u011b jako &#8222;a&#8220; nebo &#8222;an&#8220; v \u010de\u0161tin\u011b.<\/p>\n\n\n\n<h3 class=\"wp-block-heading\" id=\"h-2-tackling-greek-verbs-conjugation-and-moods\">2. \u0158e\u0161en\u00ed \u0159eck\u00fdch sloves: \u010dasov\u00e1n\u00ed a zp\u016fsoby<\/h3>\n\n\n\n<p>\u0158eck\u00e1 slovesa jsou charakterizov\u00e1na sv\u00fdm \u010dasem, hlasem, n\u00e1ladou, osobou a \u010d\u00edslem. Slovesa v \u0159e\u010dtin\u011b se \u010dasuj\u00ed podle \u010dasu, kter\u00fd ozna\u010duje, kdy doch\u00e1z\u00ed k d\u011bji. \u0158eck\u00e9 sloveso m\u00e1 sedm hlavn\u00edch \u010d\u00e1st\u00ed, z nich\u017e ka\u017ed\u00e1 odpov\u00edd\u00e1 jednomu \u010dasu:<\/p>\n\n\n\n<p><strong>&#8211; Sou\u010dasnost<\/strong><\/p>\n\n\n\n<p><strong>&#8211; Budoucnost<\/strong><\/p>\n\n\n\n<p><strong>&#8211; Aorist (minul\u00fd \u010das prost\u00fd)<\/strong><\/p>\n\n\n\n<p><strong>&#8211; Perfektn\u00ed<\/strong><\/p>\n\n\n\n<p><strong>&#8211; Budouc\u00ed perfektum<\/strong><\/p>\n\n\n\n<p><strong>&#8211; Pluperfektum<\/strong><\/p>\n\n\n\n<p><strong>&#8211; Aorist pasivn\u00ed<\/strong><\/p>\n\n\n\n<p>Krom\u011b toho maj\u00ed \u0159eck\u00e1 slovesa r\u016fzn\u00e9 n\u00e1lady, kter\u00e9 vyjad\u0159uj\u00ed postoj mluv\u010d\u00edho k dan\u00e9mu d\u011bji. Tyto n\u00e1lady jsou rozkazovac\u00ed, indikativn\u00ed a konjunktivn\u00ed.<\/p>\n\n\n\n<h3 class=\"wp-block-heading\" id=\"h-3-crafting-expressive-sentences-with-greek-adjectives-and-adverbs\">3. Tvorba expresivn\u00edch v\u011bt s \u0159eck\u00fdmi p\u0159\u00eddavn\u00fdmi jm\u00e9ny a p\u0159\u00edslovci<\/h3>\n\n\n\n<p>\u0158eck\u00e1 p\u0159\u00eddavn\u00e1 jm\u00e9na dod\u00e1vaj\u00ed va\u0161im v\u011bt\u00e1m barvu a popis. Podobn\u011b jako podstatn\u00e1 jm\u00e9na se p\u0159\u00eddavn\u00e1 jm\u00e9na v \u0159e\u010dtin\u011b mus\u00ed shodovat v rod\u011b, \u010d\u00edsle a p\u00e1d\u011b s podstatn\u00fdm jm\u00e9nem, kter\u00e9 popisuj\u00ed. P\u0159\u00eddavn\u00e1 jm\u00e9na nav\u00edc pat\u0159\u00ed do jednoho ze t\u0159\u00ed sklo\u0148ov\u00e1n\u00ed, kter\u00e9 ur\u010duje jejich koncovky.<\/p>\n\n\n\n<p>\u0158eck\u00e1 p\u0159\u00edslovce modifikuj\u00ed slovesa, p\u0159\u00eddavn\u00e1 jm\u00e9na nebo jin\u00e1 p\u0159\u00edslovce. Vyjad\u0159uj\u00ed, jak, kdy, kde nebo v jak\u00e9m rozsahu je akce prov\u00e1d\u011bna. Na rozd\u00edl od p\u0159\u00eddavn\u00fdch jmen se p\u0159\u00edslovce nemus\u00ed shodovat s podstatn\u00fdmi jm\u00e9ny v rod\u011b, \u010d\u00edsle nebo p\u00e1du. V mnoha p\u0159\u00edpadech se p\u0159\u00edslovce tvo\u0159\u00ed p\u0159id\u00e1n\u00edm specifick\u00fdch koncovek ke ko\u0159en\u016fm p\u0159\u00eddavn\u00fdch jmen.<\/p>\n\n\n\n<h3 class=\"wp-block-heading\" id=\"h-4-exploring-greek-pronouns-and-greek-sentence-structure\">4. Zkoum\u00e1n\u00ed \u0159eck\u00fdch z\u00e1jmen a \u0159eck\u00e9 v\u011btn\u00e9 struktury<\/h3>\n\n\n\n<p>Z\u00e1jmena hraj\u00ed v \u0159eck\u00e9 gramatice v\u00fdznamnou roli, proto\u017ee nahrazuj\u00ed podstatn\u00e1 jm\u00e9na a mus\u00ed souhlasit s podstatn\u00fdm jm\u00e9nem, kter\u00e9 p\u0159edstavuj\u00ed v rod\u011b, \u010d\u00edsle a p\u00e1du. V \u0159e\u010dtin\u011b existuj\u00ed osobn\u00ed, reflexivn\u00ed, ukazovac\u00ed, vzta\u017en\u00e1, t\u00e1zac\u00ed a <a href=\"https:\/\/talkpal.ai\/culture\/what-are-the-indefinite-pronouns-in-czech\/\">neur\u010dit\u00e1 z\u00e1jmena<\/a>.<\/p>\n\n\n\n<p>Struktura \u0159eck\u00e9 v\u011bty se prim\u00e1rn\u011b \u0159\u00edd\u00ed po\u0159ad\u00edm podm\u011bt-sloveso-p\u0159edm\u011bt (SVO). Vzhledem ke sv\u00e9 vysoce flektivn\u00ed povaze v\u0161ak \u0159e\u010dtina nab\u00edz\u00ed v\u011bt\u0161\u00ed flexibilitu ve slovosledu, co\u017e umo\u017e\u0148uje d\u016fraz a poetick\u00e9 vyj\u00e1d\u0159en\u00ed. Tato flexibilita se m\u016f\u017ee zpo\u010d\u00e1tku zd\u00e1t n\u00e1ro\u010dn\u00e1, ale jakmile se sezn\u00e1m\u00edte s nuancemi jazyka, stane se p\u0159\u00edstupn\u011bj\u0161\u00ed.<\/p>\n\n\n\n<h3 class=\"wp-block-heading\" id=\"h-conclusion\">Z\u00e1v\u011br<\/h3>\n\n\n\n<p>A\u017e se vyd\u00e1te na cestu za zvl\u00e1dnut\u00edm \u0159eck\u00e9 gramatiky, nezapome\u0148te, \u017ee praxe a vytrvalost jsou pro \u00fasp\u011bch kl\u00ed\u010dov\u00e9. Ud\u011blejte si \u010das na rozlu\u0161t\u011bn\u00ed slo\u017eitosti \u0159eck\u00fdch podstatn\u00fdch jmen, sloves, p\u0159\u00eddavn\u00fdch jmen, p\u0159\u00edslovc\u00ed a v\u011btn\u00e9 struktury. Kdy\u017e se pono\u0159\u00edte hloub\u011bji do tohoto fascinuj\u00edc\u00edho jazyka, zjist\u00edte, \u017ee \u0159eck\u00e1 gramatika se st\u00e1v\u00e1 zn\u00e1m\u011bj\u0161\u00ed a m\u00e9n\u011b zastra\u0161uj\u00edc\u00ed. Hodn\u011b \u0161t\u011bst\u00ed a \u03ba\u03b1\u03bb\u03ae \u03b5\u03c0\u03b9\u03c4\u03c5\u03c7\u03af\u03b1!<\/p>\n<\/div><\/div>\n\r\n<section class=\"learnNavigationSection\">\r\n            \r\n        <a href=\"https:\/\/talkpal.ai\/cs\/naucte-se-recky\/\">\r\n            <div class=\"learnNavigationWrapper\">\r\n                <div class=\"learnNavigationContent\">\r\n                    <img decoding=\"async\" src=\"https:\/\/talkpal.ai\/wp-content\/uploads\/2024\/08\/Greek.jpg\" alt=\"Greek Flag\">\r\n                    <div>\r\n                        <h4>O \u0159eck\u00e9m vzd\u011bl\u00e1v\u00e1n\u00ed<\/h4>\r\n                        <p>Zjist\u011bte v\u0161e o \u0159eck\u00e9 gramatice.<\/p>\r\n                    <\/div>\r\n                <\/div>\r\n            <\/div>\r\n        <\/a>\r\n\r\n        \r\n        <a href=\"https:\/\/talkpal.ai\/cs\/cviceni-recke-gramatiky\/\">\r\n            <div class=\"learnNavigationWrapper\">\r\n                <div class=\"learnNavigationContent\">\r\n                    <img decoding=\"async\" src=\"https:\/\/talkpal.ai\/wp-content\/uploads\/2024\/08\/Greek.jpg\" alt=\"Greek Flag\">\r\n                    <div>\r\n                        <h4>Cvi\u010den\u00ed z \u0159eck\u00e9 gramatiky<\/h4>\r\n                        <p>Procvi\u010dte si \u0159eckou gramatiku.<\/p>\r\n                    <\/div>\r\n                <\/div>\r\n            <\/div>\r\n        <\/a>\r\n\r\n        \r\n        <a href=\"https:\/\/talkpal.ai\/vocabulary_language\/greek\/\">\r\n            <div class=\"learnNavigationWrapper\">\r\n                <div class=\"learnNavigationContent\">\r\n                    <img decoding=\"async\" src=\"https:\/\/talkpal.ai\/wp-content\/uploads\/2024\/08\/Greek.jpg\" alt=\"Greek Flag\">\r\n                    <div>\r\n                        <h4>\u0158eck\u00e1 slovn\u00ed z\u00e1soba<\/h4>\r\n                        <p>Roz\u0161i\u0159te si \u0159eckou slovn\u00ed z\u00e1sobu.<\/p>\r\n                    <\/div>\r\n                <\/div>\r\n            <\/div>\r\n        <\/a>\r\n\r\n            <\/section>","protected":false},"excerpt":{"rendered":"<p>Demystifikace \u0159eck\u00e9 gramatiky: Komplexn\u00ed pr\u016fvodce \u0158e\u010dtina, elegantn\u00ed a starobyl\u00fd jazyk, zauj\u00edm\u00e1 zvl\u00e1\u0161tn\u00ed m\u00edsto v lingvistick\u00e9 historii a dodnes z\u016fst\u00e1v\u00e1 vlivn\u00e1. D\u00edky pevn\u00fdm z\u00e1klad\u016fm \u0159eck\u00e9 gramatiky z\u00edsk\u00e1te p\u0159\u00edstup k bohat\u00fdm kulturn\u00edm a historick\u00fdm zdroj\u016fm a z\u00e1rove\u0148 odemknete dal\u0161\u00ed v\u00fdznamovou vrstvu anglick\u00e9 slovn\u00ed z\u00e1soby. Na rozd\u00edl od v\u0161eobecn\u00e9ho p\u0159esv\u011bd\u010den\u00ed nen\u00ed \u0159eck\u00e1 gramatika tak zastra\u0161uj\u00edc\u00ed, jak se na [&hellip;]<\/p>\n","protected":false},"author":1,"featured_media":112673,"parent":0,"menu_order":0,"comment_status":"closed","ping_status":"closed","template":"LearningContentPage.php","meta":{"_acf_changed":false,"footnotes":""},"class_list":["post-143059","page","type-page","status-publish","has-post-thumbnail","hentry"],"acf":[],"yoast_head":"<!-- This site is optimized with the Yoast SEO Premium plugin v27.2 (Yoast SEO v27.2) - https:\/\/yoast.com\/product\/yoast-seo-premium-wordpress\/ -->\n<title>\u0158eck\u00e1 gramatika - Talkpal<\/title>\n<meta name=\"description\" content=\"Ovl\u00e1dn\u011bte \u0159eckou gramatiku s jistotou - nau\u010dte se d\u016fle\u017eit\u00e1 pravidla, procvi\u010dte si tvorbu v\u011bt a rychle si upevn\u011bte sv\u00e9 dovednosti pomoc\u00ed Talkpal AI.\" \/>\n<meta name=\"robots\" content=\"index, follow, max-snippet:-1, max-image-preview:large, max-video-preview:-1\" \/>\n<link rel=\"canonical\" href=\"https:\/\/talkpal.ai\/cs\/recka-gramatika\/\" \/>\n<meta property=\"og:locale\" content=\"cs_CZ\" \/>\n<meta property=\"og:type\" content=\"article\" \/>\n<meta property=\"og:title\" content=\"\u0158eck\u00e1 gramatika\" \/>\n<meta property=\"og:description\" content=\"Demystifikace \u0159eck\u00e9 gramatiky: Komplexn\u00ed pr\u016fvodce \u0158e\u010dtina, elegantn\u00ed a starobyl\u00fd jazyk, zauj\u00edm\u00e1 zvl\u00e1\u0161tn\u00ed m\u00edsto v lingvistick\u00e9 historii a dodnes z\u016fst\u00e1v\u00e1\" \/>\n<meta property=\"og:url\" content=\"https:\/\/talkpal.ai\/cs\/recka-gramatika\/\" \/>\n<meta property=\"og:site_name\" content=\"Talkpal\" \/>\n<meta property=\"article:publisher\" content=\"https:\/\/www.facebook.com\/profile.php?id=100090733639311\" \/>\n<meta property=\"article:modified_time\" content=\"2025-12-13T15:14:17+00:00\" \/>\n<meta property=\"og:image\" content=\"https:\/\/talkpal.ai\/wp-content\/uploads\/2023\/05\/greece.png\" \/>\n\t<meta property=\"og:image:width\" content=\"512\" \/>\n\t<meta property=\"og:image:height\" content=\"512\" \/>\n\t<meta property=\"og:image:type\" content=\"image\/png\" \/>\n<meta name=\"twitter:card\" content=\"summary_large_image\" \/>\n<meta name=\"twitter:site\" content=\"@talkpalai\" \/>\n<meta name=\"twitter:label1\" content=\"Odhadovan\u00e1 doba \u010dten\u00ed\" \/>\n\t<meta name=\"twitter:data1\" content=\"4 minuty\" \/>\n<script type=\"application\/ld+json\" class=\"yoast-schema-graph\">{\"@context\":\"https:\/\/schema.org\",\"@graph\":[{\"@type\":\"WebPage\",\"@id\":\"https:\/\/talkpal.ai\/cs\/recka-gramatika\/\",\"url\":\"https:\/\/talkpal.ai\/cs\/recka-gramatika\/\",\"name\":\"\u0158eck\u00e1 gramatika - Talkpal\",\"isPartOf\":{\"@id\":\"https:\/\/talkpal.ai\/cs\/#website\"},\"primaryImageOfPage\":{\"@id\":\"https:\/\/talkpal.ai\/cs\/recka-gramatika\/#primaryimage\"},\"image\":{\"@id\":\"https:\/\/talkpal.ai\/cs\/recka-gramatika\/#primaryimage\"},\"thumbnailUrl\":\"https:\/\/talkpal.ai\/wp-content\/uploads\/2023\/05\/greece.png\",\"datePublished\":\"2023-05-14T14:02:30+00:00\",\"dateModified\":\"2025-12-13T15:14:17+00:00\",\"description\":\"Ovl\u00e1dn\u011bte \u0159eckou gramatiku s jistotou - nau\u010dte se d\u016fle\u017eit\u00e1 pravidla, procvi\u010dte si tvorbu v\u011bt a rychle si upevn\u011bte sv\u00e9 dovednosti pomoc\u00ed Talkpal AI.\",\"breadcrumb\":{\"@id\":\"https:\/\/talkpal.ai\/cs\/recka-gramatika\/#breadcrumb\"},\"inLanguage\":\"cs\",\"potentialAction\":[{\"@type\":\"ReadAction\",\"target\":[\"https:\/\/talkpal.ai\/cs\/recka-gramatika\/\"]}]},{\"@type\":\"ImageObject\",\"inLanguage\":\"cs\",\"@id\":\"https:\/\/talkpal.ai\/cs\/recka-gramatika\/#primaryimage\",\"url\":\"https:\/\/talkpal.ai\/wp-content\/uploads\/2023\/05\/greece.png\",\"contentUrl\":\"https:\/\/talkpal.ai\/wp-content\/uploads\/2023\/05\/greece.png\",\"width\":512,\"height\":512},{\"@type\":\"BreadcrumbList\",\"@id\":\"https:\/\/talkpal.ai\/cs\/recka-gramatika\/#breadcrumb\",\"itemListElement\":[{\"@type\":\"ListItem\",\"position\":1,\"name\":\"Homepage\",\"item\":\"https:\/\/talkpal.ai\/cs\/\"},{\"@type\":\"ListItem\",\"position\":2,\"name\":\"\u0158eck\u00e1 gramatika\"}]},{\"@type\":\"WebSite\",\"@id\":\"https:\/\/talkpal.ai\/cs\/#website\",\"url\":\"https:\/\/talkpal.ai\/cs\/\",\"name\":\"Talkpal\",\"description\":\"AI Language Learning\",\"publisher\":{\"@id\":\"https:\/\/talkpal.ai\/cs\/#organization\"},\"alternateName\":\"Talkpal AI\",\"potentialAction\":[{\"@type\":\"SearchAction\",\"target\":{\"@type\":\"EntryPoint\",\"urlTemplate\":\"https:\/\/talkpal.ai\/cs\/?s={search_term_string}\"},\"query-input\":{\"@type\":\"PropertyValueSpecification\",\"valueRequired\":true,\"valueName\":\"search_term_string\"}}],\"inLanguage\":\"cs\"},{\"@type\":\"Organization\",\"@id\":\"https:\/\/talkpal.ai\/cs\/#organization\",\"name\":\"Talkpal, Inc.\",\"alternateName\":\"Talkpal AI\",\"url\":\"https:\/\/talkpal.ai\/cs\/\",\"logo\":{\"@type\":\"ImageObject\",\"inLanguage\":\"cs\",\"@id\":\"https:\/\/talkpal.ai\/cs\/#\/schema\/logo\/image\/\",\"url\":\"https:\/\/talkpal.ai\/wp-content\/uploads\/2024\/03\/Talkpal-Logo-Icon.png\",\"contentUrl\":\"https:\/\/talkpal.ai\/wp-content\/uploads\/2024\/03\/Talkpal-Logo-Icon.png\",\"width\":2880,\"height\":2880,\"caption\":\"Talkpal, Inc.\"},\"image\":{\"@id\":\"https:\/\/talkpal.ai\/cs\/#\/schema\/logo\/image\/\"},\"sameAs\":[\"https:\/\/www.facebook.com\/profile.php?id=100090733639311\",\"https:\/\/x.com\/talkpalai\",\"https:\/\/www.linkedin.com\/company\/talkpal\/\",\"https:\/\/www.youtube.com\/@TalkPal\/\",\"https:\/\/www.tiktok.com\/@talkpal\",\"https:\/\/www.instagram.com\/talkpal_ai\/\",\"https:\/\/www.crunchbase.com\/organization\/talkpal-9cde\",\"https:\/\/www.g2.com\/products\/talkpal-for-business\/\",\"https:\/\/www.trustpilot.com\/review\/talkpal.ai\",\"https:\/\/www.capterra.com\/p\/10006800\/TalkPal\/\"],\"description\":\"Talkpal is a language learning web and mobile education app, powered by the latest AI technologies, that provides engaging experiences to its customers in many different languages to help them improve their language skills. Users can chat about unlimited amount of topics with the app and use other modes to practice their language learning.\",\"email\":\"support@talkpal.ai\",\"legalName\":\"Talkpal, Inc.\",\"foundingDate\":\"2023-04-03\",\"duns\":\"118989042\",\"numberOfEmployees\":{\"@type\":\"QuantitativeValue\",\"minValue\":\"11\",\"maxValue\":\"50\"},\"publishingPrinciples\":\"https:\/\/talkpal.ai\/publishing-principles\/\",\"actionableFeedbackPolicy\":\"https:\/\/talkpal.ai\/actionable-feedback-policy\/\",\"correctionsPolicy\":\"https:\/\/talkpal.ai\/corrections-policy\/\",\"ethicsPolicy\":\"https:\/\/talkpal.ai\/ethics-policy\/\",\"diversityPolicy\":\"https:\/\/talkpal.ai\/diversity-policy\/\",\"diversityStaffingReport\":\"https:\/\/talkpal.ai\/diversity-policy\/\"}]}<\/script>\n<!-- \/ Yoast SEO Premium plugin. -->","yoast_head_json":{"title":"\u0158eck\u00e1 gramatika - Talkpal","description":"Ovl\u00e1dn\u011bte \u0159eckou gramatiku s jistotou - nau\u010dte se d\u016fle\u017eit\u00e1 pravidla, procvi\u010dte si tvorbu v\u011bt a rychle si upevn\u011bte sv\u00e9 dovednosti pomoc\u00ed Talkpal AI.","robots":{"index":"index","follow":"follow","max-snippet":"max-snippet:-1","max-image-preview":"max-image-preview:large","max-video-preview":"max-video-preview:-1"},"canonical":"https:\/\/talkpal.ai\/cs\/recka-gramatika\/","og_locale":"cs_CZ","og_type":"article","og_title":"\u0158eck\u00e1 gramatika","og_description":"Demystifikace \u0159eck\u00e9 gramatiky: Komplexn\u00ed pr\u016fvodce \u0158e\u010dtina, elegantn\u00ed a starobyl\u00fd jazyk, zauj\u00edm\u00e1 zvl\u00e1\u0161tn\u00ed m\u00edsto v lingvistick\u00e9 historii a dodnes z\u016fst\u00e1v\u00e1","og_url":"https:\/\/talkpal.ai\/cs\/recka-gramatika\/","og_site_name":"Talkpal","article_publisher":"https:\/\/www.facebook.com\/profile.php?id=100090733639311","article_modified_time":"2025-12-13T15:14:17+00:00","og_image":[{"width":512,"height":512,"url":"https:\/\/talkpal.ai\/wp-content\/uploads\/2023\/05\/greece.png","type":"image\/png"}],"twitter_card":"summary_large_image","twitter_site":"@talkpalai","twitter_misc":{"Odhadovan\u00e1 doba \u010dten\u00ed":"4 minuty"},"schema":{"@context":"https:\/\/schema.org","@graph":[{"@type":"WebPage","@id":"https:\/\/talkpal.ai\/cs\/recka-gramatika\/","url":"https:\/\/talkpal.ai\/cs\/recka-gramatika\/","name":"\u0158eck\u00e1 gramatika - Talkpal","isPartOf":{"@id":"https:\/\/talkpal.ai\/cs\/#website"},"primaryImageOfPage":{"@id":"https:\/\/talkpal.ai\/cs\/recka-gramatika\/#primaryimage"},"image":{"@id":"https:\/\/talkpal.ai\/cs\/recka-gramatika\/#primaryimage"},"thumbnailUrl":"https:\/\/talkpal.ai\/wp-content\/uploads\/2023\/05\/greece.png","datePublished":"2023-05-14T14:02:30+00:00","dateModified":"2025-12-13T15:14:17+00:00","description":"Ovl\u00e1dn\u011bte \u0159eckou gramatiku s jistotou - nau\u010dte se d\u016fle\u017eit\u00e1 pravidla, procvi\u010dte si tvorbu v\u011bt a rychle si upevn\u011bte sv\u00e9 dovednosti pomoc\u00ed Talkpal AI.","breadcrumb":{"@id":"https:\/\/talkpal.ai\/cs\/recka-gramatika\/#breadcrumb"},"inLanguage":"cs","potentialAction":[{"@type":"ReadAction","target":["https:\/\/talkpal.ai\/cs\/recka-gramatika\/"]}]},{"@type":"ImageObject","inLanguage":"cs","@id":"https:\/\/talkpal.ai\/cs\/recka-gramatika\/#primaryimage","url":"https:\/\/talkpal.ai\/wp-content\/uploads\/2023\/05\/greece.png","contentUrl":"https:\/\/talkpal.ai\/wp-content\/uploads\/2023\/05\/greece.png","width":512,"height":512},{"@type":"BreadcrumbList","@id":"https:\/\/talkpal.ai\/cs\/recka-gramatika\/#breadcrumb","itemListElement":[{"@type":"ListItem","position":1,"name":"Homepage","item":"https:\/\/talkpal.ai\/cs\/"},{"@type":"ListItem","position":2,"name":"\u0158eck\u00e1 gramatika"}]},{"@type":"WebSite","@id":"https:\/\/talkpal.ai\/cs\/#website","url":"https:\/\/talkpal.ai\/cs\/","name":"Talkpal","description":"AI Language Learning","publisher":{"@id":"https:\/\/talkpal.ai\/cs\/#organization"},"alternateName":"Talkpal AI","potentialAction":[{"@type":"SearchAction","target":{"@type":"EntryPoint","urlTemplate":"https:\/\/talkpal.ai\/cs\/?s={search_term_string}"},"query-input":{"@type":"PropertyValueSpecification","valueRequired":true,"valueName":"search_term_string"}}],"inLanguage":"cs"},{"@type":"Organization","@id":"https:\/\/talkpal.ai\/cs\/#organization","name":"Talkpal, Inc.","alternateName":"Talkpal AI","url":"https:\/\/talkpal.ai\/cs\/","logo":{"@type":"ImageObject","inLanguage":"cs","@id":"https:\/\/talkpal.ai\/cs\/#\/schema\/logo\/image\/","url":"https:\/\/talkpal.ai\/wp-content\/uploads\/2024\/03\/Talkpal-Logo-Icon.png","contentUrl":"https:\/\/talkpal.ai\/wp-content\/uploads\/2024\/03\/Talkpal-Logo-Icon.png","width":2880,"height":2880,"caption":"Talkpal, Inc."},"image":{"@id":"https:\/\/talkpal.ai\/cs\/#\/schema\/logo\/image\/"},"sameAs":["https:\/\/www.facebook.com\/profile.php?id=100090733639311","https:\/\/x.com\/talkpalai","https:\/\/www.linkedin.com\/company\/talkpal\/","https:\/\/www.youtube.com\/@TalkPal\/","https:\/\/www.tiktok.com\/@talkpal","https:\/\/www.instagram.com\/talkpal_ai\/","https:\/\/www.crunchbase.com\/organization\/talkpal-9cde","https:\/\/www.g2.com\/products\/talkpal-for-business\/","https:\/\/www.trustpilot.com\/review\/talkpal.ai","https:\/\/www.capterra.com\/p\/10006800\/TalkPal\/"],"description":"Talkpal is a language learning web and mobile education app, powered by the latest AI technologies, that provides engaging experiences to its customers in many different languages to help them improve their language skills. Users can chat about unlimited amount of topics with the app and use other modes to practice their language learning.","email":"support@talkpal.ai","legalName":"Talkpal, Inc.","foundingDate":"2023-04-03","duns":"118989042","numberOfEmployees":{"@type":"QuantitativeValue","minValue":"11","maxValue":"50"},"publishingPrinciples":"https:\/\/talkpal.ai\/publishing-principles\/","actionableFeedbackPolicy":"https:\/\/talkpal.ai\/actionable-feedback-policy\/","correctionsPolicy":"https:\/\/talkpal.ai\/corrections-policy\/","ethicsPolicy":"https:\/\/talkpal.ai\/ethics-policy\/","diversityPolicy":"https:\/\/talkpal.ai\/diversity-policy\/","diversityStaffingReport":"https:\/\/talkpal.ai\/diversity-policy\/"}]}},"_links":{"self":[{"href":"https:\/\/talkpal.ai\/cs\/wp-json\/wp\/v2\/pages\/143059","targetHints":{"allow":["GET"]}}],"collection":[{"href":"https:\/\/talkpal.ai\/cs\/wp-json\/wp\/v2\/pages"}],"about":[{"href":"https:\/\/talkpal.ai\/cs\/wp-json\/wp\/v2\/types\/page"}],"author":[{"embeddable":true,"href":"https:\/\/talkpal.ai\/cs\/wp-json\/wp\/v2\/users\/1"}],"replies":[{"embeddable":true,"href":"https:\/\/talkpal.ai\/cs\/wp-json\/wp\/v2\/comments?post=143059"}],"version-history":[{"count":0,"href":"https:\/\/talkpal.ai\/cs\/wp-json\/wp\/v2\/pages\/143059\/revisions"}],"wp:featuredmedia":[{"embeddable":true,"href":"https:\/\/talkpal.ai\/cs\/wp-json\/wp\/v2\/media\/112673"}],"wp:attachment":[{"href":"https:\/\/talkpal.ai\/cs\/wp-json\/wp\/v2\/media?parent=143059"}],"curies":[{"name":"wp","href":"https:\/\/api.w.org\/{rel}","templated":true}]}}