{"id":142729,"date":"2023-05-14T14:01:53","date_gmt":"2023-05-14T14:01:53","guid":{"rendered":"http:\/\/talkpal.ai\/estonska-gramatika\/"},"modified":"2025-12-13T15:31:55","modified_gmt":"2025-12-13T15:31:55","slug":"estonska-gramatika","status":"publish","type":"page","link":"https:\/\/talkpal.ai\/cs\/estonska-gramatika\/","title":{"rendered":"Estonsk\u00e1 gramatika"},"content":{"rendered":"\r\n\r\n\r\n<section class=\"languageChallengeSection\">\r\n    <div class=\"languageInfoWrapper\">\r\n        \r\n        <h1>Estonsk\u00e1 gramatika<\/h1>\r\n        <p>P\u0159em\u00fd\u0161l\u00edte o studiu eston\u0161tiny? Vstupte do sv\u011bta estonsk\u00e9 gramatiky, kde aglutinace, samohl\u00e1skov\u00e1 harmonie a \u0161irok\u00e1 \u0161k\u00e1la p\u00e1d\u016f podstatn\u00fdch jmen vytv\u00e1\u0159ej\u00ed skute\u010dn\u011b osobit\u00fd jazykov\u00fd z\u00e1\u017eitek. Za\u010dn\u011bte objevovat ji\u017e dnes &#8211; zvl\u00e1dnut\u00ed estonsk\u00e9 gramatiky nejen zlep\u0161\u00ed va\u0161i plynulost, ale tak\u00e9 v\u00e1s sezn\u00e1m\u00ed s bohatou kulturou a histori\u00ed Estonska!<\/p>\r\n\r\n                            <a class=\"getStartedHidden\" href=\"https:\/\/app.talkpal.ai\/cs\/signup?lng=\">Za\u010dni<\/a>\r\n        \r\n    <\/div>\r\n\r\n    <figure>\r\n    <img decoding=\"async\" width=\"768\" height=\"768\" src=\"https:\/\/talkpal.ai\/wp-content\/uploads\/2023\/06\/Estonian-768x768.png\" class=\"languageImage no-lazy\" alt=\"Secret tricks of language learning\" fetchpriority=\"high\" sizes=\"(max-width: 768px) 150px, 768px\" srcset=\"https:\/\/talkpal.ai\/wp-content\/uploads\/2023\/06\/Estonian-768x768.png 768w, https:\/\/talkpal.ai\/wp-content\/uploads\/2023\/06\/Estonian-300x300.png 300w\" \/>\r\n    \r\n\r\n    <\/figure>\r\n\r\n            <a class=\"getStartedVisible\" href=\"https:\/\/app.talkpal.ai\/cs\/signup?lng=\">Za\u010dni<\/a>\r\n    \r\n<\/section>\r\n<section class=\"promotionalBanner\">\r\n    <p class=\"promotionalText\">Nejefektivn\u011bj\u0161\u00ed zp\u016fsob, jak se nau\u010dit jazyk<\/p>\r\n    <a class=\"promotionalLink\" href=\"https:\/\/app.talkpal.ai\/cs\/signup?lng=\">Vyzkou\u0161ejte Talkpal zdarma<\/a>\r\n<\/section>\n<div class=\"wp-block-group pageContainerStyle\"><div class=\"wp-block-group__inner-container is-layout-constrained wp-block-group-is-layout-constrained\">\n<h2 class=\"wp-block-heading\" id=\"h-estonian-grammar-the-gateway-to-a-unique-language-journey\">Estonsk\u00e1 gramatika: br\u00e1na k jedine\u010dn\u00e9 jazykov\u00e9 cest\u011b<\/h2>\n\n\n\n<p>V\u00edtejte ve fascinuj\u00edc\u00edm sv\u011bt\u011b eston\u0161tiny! S v\u00edce ne\u017e milionem rodil\u00fdch mluv\u010d\u00edch v\u00e1m <a href=\"https:\/\/talkpal.ai\/learn-estonian\/\">eston\u0161tina<\/a> nab\u00edz\u00ed jedine\u010dnou p\u0159\u00edle\u017eitost roz\u0161\u00ed\u0159it si jazykov\u00e9 obzory a objevit \u017eivou kulturu. A\u010dkoli se slo\u017eitost estonsk\u00e9 gramatiky m\u016f\u017ee zd\u00e1t na prvn\u00ed pohled skli\u010duj\u00edc\u00ed, tento p\u0159\u00e1telsk\u00fd pr\u016fvodce pro za\u010d\u00e1te\u010dn\u00edky je zde proto, aby jednoduch\u00fdm a poutav\u00fdm zp\u016fsobem vysv\u011btlil z\u00e1klady estonsk\u00e9 gramatiky.<\/p>\n\n\n\n<h3 class=\"wp-block-heading\" id=\"h-1-embracing-the-estonian-alphabet\">1. Osvojen\u00ed si estonsk\u00e9 abecedy<\/h3>\n\n\n\n<p>Cesta ke zvl\u00e1dnut\u00ed eston\u0161tiny za\u010d\u00edn\u00e1 u jej\u00ed abecedy. <a href=\"https:\/\/talkpal.ai\/learn-estonian\/\">Eston\u0161tina<\/a> pou\u017e\u00edv\u00e1 latinku dopln\u011bnou dev\u00edti speci\u00e1ln\u00edmi znaky: \u00c4, \u00d6, \u00dc, \u00d5, \u0160, \u017d, a jejich mal\u00fdmi prot\u011bj\u0161ky. Sezn\u00e1men\u00ed se s t\u011bmito znaky vytvo\u0159\u00ed pevn\u00fd z\u00e1klad pro v\u00fduku eston\u0161tiny.<\/p>\n\n\n\n<h3 class=\"wp-block-heading\" id=\"h-2-getting-a-grip-on-estonian-nouns\">2. Zvl\u00e1dnut\u00ed estonsk\u00fdch podstatn\u00fdch jmen<\/h3>\n\n\n\n<p>Na rozd\u00edl od mnoha evropsk\u00fdch jazyk\u016f eston\u0161tina nerozli\u0161uje mezi mu\u017esk\u00fdm a \u017eensk\u00fdm rodem. Podstatn\u00e1 jm\u00e9na jsou m\u00edsto toho klasifikov\u00e1na jako jednotn\u00e9 nebo mno\u017en\u00e9 \u010d\u00edslo a ka\u017ed\u00e9 podstatn\u00e9 jm\u00e9no m\u00e1 14 p\u00e1d\u016f. I kdy\u017e se to m\u016f\u017ee zd\u00e1t ohromuj\u00edc\u00ed, je t\u0159eba si uv\u011bdomit, \u017ee morfologick\u00e1 struktura podstatn\u00fdch jmen je pom\u011brn\u011b pravideln\u00e1, co\u017e usnad\u0148uje u\u010den\u00ed. Pro za\u010d\u00e1tek se zam\u011b\u0159te na zvl\u00e1dnut\u00ed nejb\u011b\u017en\u011bj\u0161\u00edch p\u0159\u00edpad\u016f: nominativ, genitiv a partitiv.<\/p>\n\n\n\n<h3 class=\"wp-block-heading\" id=\"h-3-conquering-estonian-verb-conjugation\">3. Dobyt\u00ed estonsk\u00e9 slovesn\u00e9 konjugace<\/h3>\n\n\n\n<p>Estonsk\u00e1 slovesa se \u010dasuj\u00ed na z\u00e1klad\u011b \u010dasu, osoby a \u010d\u00edsla. Existuj\u00ed pouze t\u0159i \u010dasy: p\u0159\u00edtomn\u00fd, minul\u00fd (zak\u00f3dovan\u00fd p\u0159\u00ed\u010dest\u00edm minul\u00fdm) a budouc\u00ed (vyj\u00e1d\u0159en\u00fd tvarem slovesa v p\u0159\u00edtomn\u00e9m \u010dase v kombinaci s pomocn\u00fdm budouc\u00edm \u010dasem).<\/p>\n\n\n\n<p>Zde jsou nap\u0159\u00edklad konjugace slovesa &#8222;lugema&#8220; (\u010d\u00edst):<\/p>\n\n\n\n<p><strong>&#8211; P\u0159\u00edtomni: Ma loen (\u010ctu)<\/strong><\/p>\n\n\n\n<p><strong>&#8211; Minulost: Ma lugesin (\u010detl jsem\/\u010detla jsem)<\/strong><\/p>\n\n\n\n<p><strong>&#8211; Budoucnost: Ma loen raamatuid (budu \u010d\u00edst knihy)<\/strong><\/p>\n\n\n\n<h3 class=\"wp-block-heading\" id=\"h-4-unraveling-the-mystery-of-estonian-pronouns\">4. Rozlu\u0161t\u011bn\u00ed tajemstv\u00ed estonsk\u00fdch z\u00e1jmen<\/h3>\n\n\n\n<p>Z\u00e1jmena v eston\u0161tin\u011b slou\u017e\u00ed k nahrazen\u00ed podstatn\u00fdch jmen a \u010din\u00ed \u0159e\u010d plynulej\u0161\u00ed a dynami\u010dt\u011bj\u0161\u00ed. Zam\u011b\u0159te se na u\u010den\u00ed osobn\u00edch a p\u0159ivlast\u0148ovac\u00edch z\u00e1jmen:<\/p>\n\n\n\n<p><strong>&#8211; Osobn\u00ed z\u00e1jmena: mina (j\u00e1), sina (ty, neform\u00e1ln\u00ed), tema (on\/ona), meie (my), teie (vy, mno\u017en\u00e9 \u010d\u00edslo\/form\u00e1ln\u00ed), nemad (oni).<\/strong><\/p>\n\n\n\n<p><strong>&#8211; P\u0159ivlast\u0148ovac\u00ed z\u00e1jmena: minu (m\u016fj), sinu (v\u00e1\u0161, neform\u00e1ln\u00ed), tema (jeho\/jej\u00ed), meie (n\u00e1\u0161), teie (v\u00e1\u0161, mno\u017en\u00e9 \u010d\u00edslo\/form\u00e1ln\u00ed), nende (jejich)<\/strong><\/p>\n\n\n\n<h3 class=\"wp-block-heading\" id=\"h-5-no-articles-no-problem\">5. \u017d\u00e1dn\u00e9 \u010dl\u00e1nky, \u017e\u00e1dn\u00fd probl\u00e9m!<\/h3>\n\n\n\n<p>Eston\u0161tina nepou\u017e\u00edv\u00e1 ur\u010dit\u00e9 nebo neur\u010dit\u00e9 \u010dleny, co\u017e v\u00e1m umo\u017en\u00ed vydechnout \u00falevou. Nap\u0159\u00edklad:<\/p>\n\n\n\n<p><strong>&#8211; Koer &#8211; &#8222;pes&#8220; nebo &#8222;pes&#8220;<\/strong><\/p>\n\n\n\n<p><strong>&#8211; Maja &#8211; &#8222;d\u016fm&#8220; nebo &#8222;d\u016fm&#8220;<\/strong><\/p>\n\n\n\n<p>Zvl\u00e1dnut\u00ed estonsk\u00e9 gramatiky je vzru\u0161uj\u00edc\u00ed a obohacuj\u00edc\u00ed proces, kter\u00fd otev\u00edr\u00e1 dve\u0159e k bohat\u00e9mu kulturn\u00edmu z\u00e1\u017eitku. Pamatujte, \u017ee procvi\u010dov\u00e1n\u00ed je kl\u00ed\u010dov\u00e9, proto se pono\u0159te do estonsk\u00e9 gramatiky, zapojte se do pr\u00e1ce s rodil\u00fdmi mluv\u010d\u00edmi a vybudujte si pevn\u00e9 z\u00e1klady pro svou jazykovou cestu. Edu! (Hodn\u011b \u0161t\u011bst\u00ed!)<\/p>\n<\/div><\/div>\n\r\n<section class=\"learnNavigationSection\">\r\n            \r\n        <a href=\"https:\/\/talkpal.ai\/cs\/naucte-se-estonsky\/\">\r\n            <div class=\"learnNavigationWrapper\">\r\n                <div class=\"learnNavigationContent\">\r\n                    <img decoding=\"async\" src=\"https:\/\/talkpal.ai\/wp-content\/uploads\/2024\/08\/Estonian.jpg\" alt=\"Estonian Flag\">\r\n                    <div>\r\n                        <h4>O studiu eston\u0161tiny<\/h4>\r\n                        <p>Zjist\u011bte v\u0161e o estonsk\u00e9 gramatice.<\/p>\r\n                    <\/div>\r\n                <\/div>\r\n            <\/div>\r\n        <\/a>\r\n\r\n        \r\n        <a href=\"https:\/\/talkpal.ai\/cs\/estonska-gramaticka-cviceni\/\">\r\n            <div class=\"learnNavigationWrapper\">\r\n                <div class=\"learnNavigationContent\">\r\n                    <img decoding=\"async\" src=\"https:\/\/talkpal.ai\/wp-content\/uploads\/2024\/08\/Estonian.jpg\" alt=\"Estonian Flag\">\r\n                    <div>\r\n                        <h4>Cvi\u010den\u00ed z estonsk\u00e9 gramatiky<\/h4>\r\n                        <p>Procvi\u010dte si estonskou gramatiku.<\/p>\r\n                    <\/div>\r\n                <\/div>\r\n            <\/div>\r\n        <\/a>\r\n\r\n        \r\n        <a href=\"https:\/\/talkpal.ai\/vocabulary_language\/estonian\/\">\r\n            <div class=\"learnNavigationWrapper\">\r\n                <div class=\"learnNavigationContent\">\r\n                    <img decoding=\"async\" src=\"https:\/\/talkpal.ai\/wp-content\/uploads\/2024\/08\/Estonian.jpg\" alt=\"Estonian Flag\">\r\n                    <div>\r\n                        <h4>Estonsk\u00e1 slovn\u00ed z\u00e1soba<\/h4>\r\n                        <p>Roz\u0161i\u0159te si slovn\u00ed z\u00e1sobu eston\u0161tiny.<\/p>\r\n                    <\/div>\r\n                <\/div>\r\n            <\/div>\r\n        <\/a>\r\n\r\n            <\/section>","protected":false},"excerpt":{"rendered":"<p>Estonsk\u00e1 gramatika: br\u00e1na k jedine\u010dn\u00e9 jazykov\u00e9 cest\u011b V\u00edtejte ve fascinuj\u00edc\u00edm sv\u011bt\u011b eston\u0161tiny! S v\u00edce ne\u017e milionem rodil\u00fdch mluv\u010d\u00edch v\u00e1m eston\u0161tina nab\u00edz\u00ed jedine\u010dnou p\u0159\u00edle\u017eitost roz\u0161\u00ed\u0159it si jazykov\u00e9 obzory a objevit \u017eivou kulturu. A\u010dkoli se slo\u017eitost estonsk\u00e9 gramatiky m\u016f\u017ee zd\u00e1t na prvn\u00ed pohled skli\u010duj\u00edc\u00ed, tento p\u0159\u00e1telsk\u00fd pr\u016fvodce pro za\u010d\u00e1te\u010dn\u00edky je zde proto, aby jednoduch\u00fdm a poutav\u00fdm zp\u016fsobem [&hellip;]<\/p>\n","protected":false},"author":1,"featured_media":112430,"parent":0,"menu_order":0,"comment_status":"closed","ping_status":"closed","template":"LearningContentPage.php","meta":{"_acf_changed":false,"footnotes":""},"class_list":["post-142729","page","type-page","status-publish","has-post-thumbnail","hentry"],"acf":[],"yoast_head":"<!-- This site is optimized with the Yoast SEO Premium plugin v27.2 (Yoast SEO v27.2) - https:\/\/yoast.com\/product\/yoast-seo-premium-wordpress\/ -->\n<title>Estonsk\u00e1 gramatika - Talkpal<\/title>\n<meta name=\"description\" content=\"Prozkoumejte z\u00e1kladn\u00ed pojmy estonsk\u00e9 gramatiky, v\u010detn\u011b p\u00e1d\u016f, sloves, struktury v\u011bt, v\u00fdslovnosti a tip\u016f.\" \/>\n<meta name=\"robots\" content=\"index, follow, max-snippet:-1, max-image-preview:large, max-video-preview:-1\" \/>\n<link rel=\"canonical\" href=\"https:\/\/talkpal.ai\/cs\/estonska-gramatika\/\" \/>\n<meta property=\"og:locale\" content=\"cs_CZ\" \/>\n<meta property=\"og:type\" content=\"article\" \/>\n<meta property=\"og:title\" content=\"Estonsk\u00e1 gramatika\" \/>\n<meta property=\"og:description\" content=\"Estonsk\u00e1 gramatika: br\u00e1na k jedine\u010dn\u00e9 jazykov\u00e9 cest\u011b V\u00edtejte ve fascinuj\u00edc\u00edm sv\u011bt\u011b eston\u0161tiny! S v\u00edce ne\u017e milionem rodil\u00fdch mluv\u010d\u00edch v\u00e1m eston\u0161tina nab\u00edz\u00ed\" \/>\n<meta property=\"og:url\" content=\"https:\/\/talkpal.ai\/cs\/estonska-gramatika\/\" \/>\n<meta property=\"og:site_name\" content=\"Talkpal\" \/>\n<meta property=\"article:publisher\" content=\"https:\/\/www.facebook.com\/profile.php?id=100090733639311\" \/>\n<meta property=\"article:modified_time\" content=\"2025-12-13T15:31:55+00:00\" \/>\n<meta property=\"og:image\" content=\"https:\/\/talkpal.ai\/wp-content\/uploads\/2023\/05\/estonia.png\" \/>\n\t<meta property=\"og:image:width\" content=\"512\" \/>\n\t<meta property=\"og:image:height\" content=\"512\" \/>\n\t<meta property=\"og:image:type\" content=\"image\/png\" \/>\n<meta name=\"twitter:card\" content=\"summary_large_image\" \/>\n<meta name=\"twitter:site\" content=\"@talkpalai\" \/>\n<meta name=\"twitter:label1\" content=\"Odhadovan\u00e1 doba \u010dten\u00ed\" \/>\n\t<meta name=\"twitter:data1\" content=\"3 minuty\" \/>\n<script type=\"application\/ld+json\" class=\"yoast-schema-graph\">{\"@context\":\"https:\/\/schema.org\",\"@graph\":[{\"@type\":\"WebPage\",\"@id\":\"https:\/\/talkpal.ai\/cs\/estonska-gramatika\/\",\"url\":\"https:\/\/talkpal.ai\/cs\/estonska-gramatika\/\",\"name\":\"Estonsk\u00e1 gramatika - Talkpal\",\"isPartOf\":{\"@id\":\"https:\/\/talkpal.ai\/cs\/#website\"},\"primaryImageOfPage\":{\"@id\":\"https:\/\/talkpal.ai\/cs\/estonska-gramatika\/#primaryimage\"},\"image\":{\"@id\":\"https:\/\/talkpal.ai\/cs\/estonska-gramatika\/#primaryimage\"},\"thumbnailUrl\":\"https:\/\/talkpal.ai\/wp-content\/uploads\/2023\/05\/estonia.png\",\"datePublished\":\"2023-05-14T14:01:53+00:00\",\"dateModified\":\"2025-12-13T15:31:55+00:00\",\"description\":\"Prozkoumejte z\u00e1kladn\u00ed pojmy estonsk\u00e9 gramatiky, v\u010detn\u011b p\u00e1d\u016f, sloves, struktury v\u011bt, v\u00fdslovnosti a tip\u016f.\",\"breadcrumb\":{\"@id\":\"https:\/\/talkpal.ai\/cs\/estonska-gramatika\/#breadcrumb\"},\"inLanguage\":\"cs\",\"potentialAction\":[{\"@type\":\"ReadAction\",\"target\":[\"https:\/\/talkpal.ai\/cs\/estonska-gramatika\/\"]}]},{\"@type\":\"ImageObject\",\"inLanguage\":\"cs\",\"@id\":\"https:\/\/talkpal.ai\/cs\/estonska-gramatika\/#primaryimage\",\"url\":\"https:\/\/talkpal.ai\/wp-content\/uploads\/2023\/05\/estonia.png\",\"contentUrl\":\"https:\/\/talkpal.ai\/wp-content\/uploads\/2023\/05\/estonia.png\",\"width\":512,\"height\":512},{\"@type\":\"BreadcrumbList\",\"@id\":\"https:\/\/talkpal.ai\/cs\/estonska-gramatika\/#breadcrumb\",\"itemListElement\":[{\"@type\":\"ListItem\",\"position\":1,\"name\":\"Homepage\",\"item\":\"https:\/\/talkpal.ai\/cs\/\"},{\"@type\":\"ListItem\",\"position\":2,\"name\":\"Estonsk\u00e1 gramatika\"}]},{\"@type\":\"WebSite\",\"@id\":\"https:\/\/talkpal.ai\/cs\/#website\",\"url\":\"https:\/\/talkpal.ai\/cs\/\",\"name\":\"Talkpal\",\"description\":\"AI Language Learning\",\"publisher\":{\"@id\":\"https:\/\/talkpal.ai\/cs\/#organization\"},\"alternateName\":\"Talkpal AI\",\"potentialAction\":[{\"@type\":\"SearchAction\",\"target\":{\"@type\":\"EntryPoint\",\"urlTemplate\":\"https:\/\/talkpal.ai\/cs\/?s={search_term_string}\"},\"query-input\":{\"@type\":\"PropertyValueSpecification\",\"valueRequired\":true,\"valueName\":\"search_term_string\"}}],\"inLanguage\":\"cs\"},{\"@type\":\"Organization\",\"@id\":\"https:\/\/talkpal.ai\/cs\/#organization\",\"name\":\"Talkpal, Inc.\",\"alternateName\":\"Talkpal AI\",\"url\":\"https:\/\/talkpal.ai\/cs\/\",\"logo\":{\"@type\":\"ImageObject\",\"inLanguage\":\"cs\",\"@id\":\"https:\/\/talkpal.ai\/cs\/#\/schema\/logo\/image\/\",\"url\":\"https:\/\/talkpal.ai\/wp-content\/uploads\/2024\/03\/Talkpal-Logo-Icon.png\",\"contentUrl\":\"https:\/\/talkpal.ai\/wp-content\/uploads\/2024\/03\/Talkpal-Logo-Icon.png\",\"width\":2880,\"height\":2880,\"caption\":\"Talkpal, Inc.\"},\"image\":{\"@id\":\"https:\/\/talkpal.ai\/cs\/#\/schema\/logo\/image\/\"},\"sameAs\":[\"https:\/\/www.facebook.com\/profile.php?id=100090733639311\",\"https:\/\/x.com\/talkpalai\",\"https:\/\/www.linkedin.com\/company\/talkpal\/\",\"https:\/\/www.youtube.com\/@TalkPal\/\",\"https:\/\/www.tiktok.com\/@talkpal\",\"https:\/\/www.instagram.com\/talkpal_ai\/\",\"https:\/\/www.crunchbase.com\/organization\/talkpal-9cde\",\"https:\/\/www.g2.com\/products\/talkpal-for-business\/\",\"https:\/\/www.trustpilot.com\/review\/talkpal.ai\",\"https:\/\/www.capterra.com\/p\/10006800\/TalkPal\/\"],\"description\":\"Talkpal is a language learning web and mobile education app, powered by the latest AI technologies, that provides engaging experiences to its customers in many different languages to help them improve their language skills. Users can chat about unlimited amount of topics with the app and use other modes to practice their language learning.\",\"email\":\"support@talkpal.ai\",\"legalName\":\"Talkpal, Inc.\",\"foundingDate\":\"2023-04-03\",\"duns\":\"118989042\",\"numberOfEmployees\":{\"@type\":\"QuantitativeValue\",\"minValue\":\"11\",\"maxValue\":\"50\"},\"publishingPrinciples\":\"https:\/\/talkpal.ai\/publishing-principles\/\",\"actionableFeedbackPolicy\":\"https:\/\/talkpal.ai\/actionable-feedback-policy\/\",\"correctionsPolicy\":\"https:\/\/talkpal.ai\/corrections-policy\/\",\"ethicsPolicy\":\"https:\/\/talkpal.ai\/ethics-policy\/\",\"diversityPolicy\":\"https:\/\/talkpal.ai\/diversity-policy\/\",\"diversityStaffingReport\":\"https:\/\/talkpal.ai\/diversity-policy\/\"}]}<\/script>\n<!-- \/ Yoast SEO Premium plugin. -->","yoast_head_json":{"title":"Estonsk\u00e1 gramatika - Talkpal","description":"Prozkoumejte z\u00e1kladn\u00ed pojmy estonsk\u00e9 gramatiky, v\u010detn\u011b p\u00e1d\u016f, sloves, struktury v\u011bt, v\u00fdslovnosti a tip\u016f.","robots":{"index":"index","follow":"follow","max-snippet":"max-snippet:-1","max-image-preview":"max-image-preview:large","max-video-preview":"max-video-preview:-1"},"canonical":"https:\/\/talkpal.ai\/cs\/estonska-gramatika\/","og_locale":"cs_CZ","og_type":"article","og_title":"Estonsk\u00e1 gramatika","og_description":"Estonsk\u00e1 gramatika: br\u00e1na k jedine\u010dn\u00e9 jazykov\u00e9 cest\u011b V\u00edtejte ve fascinuj\u00edc\u00edm sv\u011bt\u011b eston\u0161tiny! S v\u00edce ne\u017e milionem rodil\u00fdch mluv\u010d\u00edch v\u00e1m eston\u0161tina nab\u00edz\u00ed","og_url":"https:\/\/talkpal.ai\/cs\/estonska-gramatika\/","og_site_name":"Talkpal","article_publisher":"https:\/\/www.facebook.com\/profile.php?id=100090733639311","article_modified_time":"2025-12-13T15:31:55+00:00","og_image":[{"width":512,"height":512,"url":"https:\/\/talkpal.ai\/wp-content\/uploads\/2023\/05\/estonia.png","type":"image\/png"}],"twitter_card":"summary_large_image","twitter_site":"@talkpalai","twitter_misc":{"Odhadovan\u00e1 doba \u010dten\u00ed":"3 minuty"},"schema":{"@context":"https:\/\/schema.org","@graph":[{"@type":"WebPage","@id":"https:\/\/talkpal.ai\/cs\/estonska-gramatika\/","url":"https:\/\/talkpal.ai\/cs\/estonska-gramatika\/","name":"Estonsk\u00e1 gramatika - Talkpal","isPartOf":{"@id":"https:\/\/talkpal.ai\/cs\/#website"},"primaryImageOfPage":{"@id":"https:\/\/talkpal.ai\/cs\/estonska-gramatika\/#primaryimage"},"image":{"@id":"https:\/\/talkpal.ai\/cs\/estonska-gramatika\/#primaryimage"},"thumbnailUrl":"https:\/\/talkpal.ai\/wp-content\/uploads\/2023\/05\/estonia.png","datePublished":"2023-05-14T14:01:53+00:00","dateModified":"2025-12-13T15:31:55+00:00","description":"Prozkoumejte z\u00e1kladn\u00ed pojmy estonsk\u00e9 gramatiky, v\u010detn\u011b p\u00e1d\u016f, sloves, struktury v\u011bt, v\u00fdslovnosti a tip\u016f.","breadcrumb":{"@id":"https:\/\/talkpal.ai\/cs\/estonska-gramatika\/#breadcrumb"},"inLanguage":"cs","potentialAction":[{"@type":"ReadAction","target":["https:\/\/talkpal.ai\/cs\/estonska-gramatika\/"]}]},{"@type":"ImageObject","inLanguage":"cs","@id":"https:\/\/talkpal.ai\/cs\/estonska-gramatika\/#primaryimage","url":"https:\/\/talkpal.ai\/wp-content\/uploads\/2023\/05\/estonia.png","contentUrl":"https:\/\/talkpal.ai\/wp-content\/uploads\/2023\/05\/estonia.png","width":512,"height":512},{"@type":"BreadcrumbList","@id":"https:\/\/talkpal.ai\/cs\/estonska-gramatika\/#breadcrumb","itemListElement":[{"@type":"ListItem","position":1,"name":"Homepage","item":"https:\/\/talkpal.ai\/cs\/"},{"@type":"ListItem","position":2,"name":"Estonsk\u00e1 gramatika"}]},{"@type":"WebSite","@id":"https:\/\/talkpal.ai\/cs\/#website","url":"https:\/\/talkpal.ai\/cs\/","name":"Talkpal","description":"AI Language Learning","publisher":{"@id":"https:\/\/talkpal.ai\/cs\/#organization"},"alternateName":"Talkpal AI","potentialAction":[{"@type":"SearchAction","target":{"@type":"EntryPoint","urlTemplate":"https:\/\/talkpal.ai\/cs\/?s={search_term_string}"},"query-input":{"@type":"PropertyValueSpecification","valueRequired":true,"valueName":"search_term_string"}}],"inLanguage":"cs"},{"@type":"Organization","@id":"https:\/\/talkpal.ai\/cs\/#organization","name":"Talkpal, Inc.","alternateName":"Talkpal AI","url":"https:\/\/talkpal.ai\/cs\/","logo":{"@type":"ImageObject","inLanguage":"cs","@id":"https:\/\/talkpal.ai\/cs\/#\/schema\/logo\/image\/","url":"https:\/\/talkpal.ai\/wp-content\/uploads\/2024\/03\/Talkpal-Logo-Icon.png","contentUrl":"https:\/\/talkpal.ai\/wp-content\/uploads\/2024\/03\/Talkpal-Logo-Icon.png","width":2880,"height":2880,"caption":"Talkpal, Inc."},"image":{"@id":"https:\/\/talkpal.ai\/cs\/#\/schema\/logo\/image\/"},"sameAs":["https:\/\/www.facebook.com\/profile.php?id=100090733639311","https:\/\/x.com\/talkpalai","https:\/\/www.linkedin.com\/company\/talkpal\/","https:\/\/www.youtube.com\/@TalkPal\/","https:\/\/www.tiktok.com\/@talkpal","https:\/\/www.instagram.com\/talkpal_ai\/","https:\/\/www.crunchbase.com\/organization\/talkpal-9cde","https:\/\/www.g2.com\/products\/talkpal-for-business\/","https:\/\/www.trustpilot.com\/review\/talkpal.ai","https:\/\/www.capterra.com\/p\/10006800\/TalkPal\/"],"description":"Talkpal is a language learning web and mobile education app, powered by the latest AI technologies, that provides engaging experiences to its customers in many different languages to help them improve their language skills. Users can chat about unlimited amount of topics with the app and use other modes to practice their language learning.","email":"support@talkpal.ai","legalName":"Talkpal, Inc.","foundingDate":"2023-04-03","duns":"118989042","numberOfEmployees":{"@type":"QuantitativeValue","minValue":"11","maxValue":"50"},"publishingPrinciples":"https:\/\/talkpal.ai\/publishing-principles\/","actionableFeedbackPolicy":"https:\/\/talkpal.ai\/actionable-feedback-policy\/","correctionsPolicy":"https:\/\/talkpal.ai\/corrections-policy\/","ethicsPolicy":"https:\/\/talkpal.ai\/ethics-policy\/","diversityPolicy":"https:\/\/talkpal.ai\/diversity-policy\/","diversityStaffingReport":"https:\/\/talkpal.ai\/diversity-policy\/"}]}},"_links":{"self":[{"href":"https:\/\/talkpal.ai\/cs\/wp-json\/wp\/v2\/pages\/142729","targetHints":{"allow":["GET"]}}],"collection":[{"href":"https:\/\/talkpal.ai\/cs\/wp-json\/wp\/v2\/pages"}],"about":[{"href":"https:\/\/talkpal.ai\/cs\/wp-json\/wp\/v2\/types\/page"}],"author":[{"embeddable":true,"href":"https:\/\/talkpal.ai\/cs\/wp-json\/wp\/v2\/users\/1"}],"replies":[{"embeddable":true,"href":"https:\/\/talkpal.ai\/cs\/wp-json\/wp\/v2\/comments?post=142729"}],"version-history":[{"count":0,"href":"https:\/\/talkpal.ai\/cs\/wp-json\/wp\/v2\/pages\/142729\/revisions"}],"wp:featuredmedia":[{"embeddable":true,"href":"https:\/\/talkpal.ai\/cs\/wp-json\/wp\/v2\/media\/112430"}],"wp:attachment":[{"href":"https:\/\/talkpal.ai\/cs\/wp-json\/wp\/v2\/media?parent=142729"}],"curies":[{"name":"wp","href":"https:\/\/api.w.org\/{rel}","templated":true}]}}