{"id":142358,"date":"2023-05-14T14:01:16","date_gmt":"2023-05-14T14:01:16","guid":{"rendered":"http:\/\/talkpal.ai\/chorvatska-gramatika\/"},"modified":"2025-12-11T16:41:50","modified_gmt":"2025-12-11T16:41:50","slug":"chorvatska-gramatika","status":"publish","type":"page","link":"https:\/\/talkpal.ai\/cs\/chorvatska-gramatika\/","title":{"rendered":"Chorvatsk\u00e1 gramatika"},"content":{"rendered":"\r\n\r\n\r\n<section class=\"languageChallengeSection\">\r\n    <div class=\"languageInfoWrapper\">\r\n        \r\n        <h1>Chorvatsk\u00e1 gramatika<\/h1>\r\n        <p>Objevte fascinuj\u00edc\u00ed strukturu chorvat\u0161tiny a nau\u010dte se jej\u00ed z\u00e1kladn\u00ed gramatick\u00e1 pravidla. Zvl\u00e1dnut\u00ed chorvatsk\u00e9 gramatiky v\u00e1m otev\u0159e nov\u00e9 mo\u017enosti komunikace a pom\u016f\u017ee v\u00e1m l\u00e9pe poznat kulturu a d\u011bdictv\u00ed t\u00e9to zem\u011b. Za\u010dn\u011bte se u\u010dit chorvatskou gramatiku je\u0161t\u011b dnes a ud\u011blejte prvn\u00ed krok k plynulosti!<\/p>\r\n\r\n                            <a class=\"getStartedHidden\" href=\"https:\/\/app.talkpal.ai\/cs\/signup?lng=\">Za\u010dni<\/a>\r\n        \r\n    <\/div>\r\n\r\n    <figure>\r\n    <img decoding=\"async\" width=\"768\" height=\"768\" src=\"https:\/\/talkpal.ai\/wp-content\/uploads\/2023\/06\/croatian-768x768.png\" class=\"languageImage no-lazy\" alt=\"Language learning for successful interaction\" fetchpriority=\"high\" sizes=\"(max-width: 768px) 150px, 768px\" srcset=\"https:\/\/talkpal.ai\/wp-content\/uploads\/2023\/06\/croatian-768x768.png 768w, https:\/\/talkpal.ai\/wp-content\/uploads\/2023\/06\/croatian-300x300.png 300w\" \/>\r\n    \r\n\r\n    <\/figure>\r\n\r\n            <a class=\"getStartedVisible\" href=\"https:\/\/app.talkpal.ai\/cs\/signup?lng=\">Za\u010dni<\/a>\r\n    \r\n<\/section>\r\n<section class=\"promotionalBanner\">\r\n    <p class=\"promotionalText\">Nejefektivn\u011bj\u0161\u00ed <a href=\"https:\/\/talkpal.ai\/best-way-to-learn\/\">zp\u016fsob<\/a>, jak se nau\u010dit jazyk<\/p>\r\n    <a class=\"promotionalLink\" href=\"https:\/\/app.talkpal.ai\/cs\/signup?lng=\">Vyzkou\u0161ejte Talkpal zdarma<\/a>\r\n<\/section>\n<div class=\"wp-block-group pageContainerStyle\"><div class=\"wp-block-group__inner-container is-layout-constrained wp-block-group-is-layout-constrained\">\n<h2 class=\"wp-block-heading\" id=\"h-a-journey-through-croatian-grammar-unraveling-the-complexities-made-easy\">Cesta chorvatskou gramatikou: Snadn\u00e9 rozlu\u0161t\u011bn\u00ed slo\u017eitost\u00ed<\/h2>\n\n\n\n<p><a href=\"https:\/\/talkpal.ai\/croatian-grammar\/\">Chorvatsk\u00e1 gramatika<\/a>: l\u00e1kav\u00e1 a zastra\u0161uj\u00edc\u00ed, jednoduch\u00e1 a slo\u017eit\u00e1, tajemn\u00e1 a fascinuj\u00edc\u00ed. Kdy\u017e se vyd\u00e1te na cestu u\u010den\u00ed se chorvatsk\u00e9mu jazyku, m\u016f\u017eete se c\u00edtit zahlceni my\u0161lenkou na pochopen\u00ed jeho gramatick\u00fdch slo\u017eitost\u00ed. Ale nebojte se, neohro\u017een\u00ed lingvisto, proto\u017ee jsme tu, abychom v\u00e1s vedli na ka\u017ed\u00e9m kroku!<\/p>\n\n\n\n<p>V tomto \u010dl\u00e1nku poskytneme z\u00e1kladn\u00ed znalosti chorvatsk\u00fdch gramatick\u00fdch pojm\u016f a poskytneme tipy a triky pro zvl\u00e1dnut\u00ed tohoto kr\u00e1sn\u00e9ho slovansk\u00e9ho jazyka. Pohodln\u011b se usa\u010fte, uvoln\u011bte se a poj\u010fme tuto zd\u00e1nliv\u011b komplikovanou z\u00e1le\u017eitost zjednodu\u0161it!<\/p>\n\n\n\n<h3 class=\"wp-block-heading\" id=\"h-1-heavenly-nouns-declining-in-style\">1. Nebesk\u00e1 podstatn\u00e1 jm\u00e9na: Klesaj\u00edc\u00ed styl<\/h3>\n\n\n\n<p>Pokud zn\u00e1te <a href=\"https:\/\/talkpal.ai\/what-language-is-spoken-on-the-international-space-station\/\">jazyky<\/a>, jako je <a href=\"https:\/\/talkpal.ai\/locations\/language-courses-in-latina\/\">latina<\/a> nebo n\u011bm\u010dina, nebude pro v\u00e1s pojem deklinace podstatn\u00fdch jmen ni\u010d\u00edm nov\u00fdm. Chorvatsk\u00e1 <a href=\"https:\/\/talkpal.ai\/sq\/gramatika\/\">gramatika<\/a> je postavena na z\u00e1kladech sklo\u0148ov\u00e1n\u00ed s celkem sedmi p\u00e1dy. Ano, sly\u0161eli jste spr\u00e1vn\u011b! Ka\u017ed\u00e9 podstatn\u00e9 jm\u00e9no v chorvat\u0161tin\u011b m\u016f\u017ee m\u00edt a\u017e sedm r\u016fzn\u00fdch tvar\u016f v z\u00e1vislosti na jeho roli ve v\u011bt\u011b. Ale pro\u010d ten povyk, pt\u00e1te se? Sni\u017euje pot\u0159ebu p\u0159edlo\u017eek, d\u00edky \u010demu\u017e je jazyk p\u0159esn\u011bj\u0161\u00ed.  <\/p>\n\n\n\n<p>Zde je stru\u010dn\u00fd p\u0159ehled p\u0159\u00edpad\u016f:<\/p>\n\n\n\n<p><strong>&#8211; Nominativ:<\/strong> Podm\u011bt v\u011bty<\/p>\n\n\n\n<p><strong>&#8211; Genitiv:<\/strong> Ozna\u010duje vlastnictv\u00ed nebo p\u016fvod<\/p>\n\n\n\n<p><strong>&#8211; Dativ:<\/strong> Nep\u0159\u00edm\u00fd p\u0159edm\u011bt nebo c\u00edl<\/p>\n\n\n\n<p><strong>&#8211; Akuzativ:<\/strong> P\u0159\u00edm\u00fd p\u0159edm\u011bt nebo c\u00edl<\/p>\n\n\n\n<p><strong>&#8211; Vokativ:<\/strong> Pou\u017e\u00edv\u00e1 se pro osloven\u00ed nebo osloven\u00ed n\u011bkoho<\/p>\n\n\n\n<p><strong>&#8211; Lok\u00e1ln\u00ed:<\/strong> Ozna\u010duje m\u00edsto<\/p>\n\n\n\n<p><strong>&#8211; Instrument\u00e1ln\u00ed n\u00e1stroje:<\/strong> Ozna\u010duje prost\u0159edek, zp\u016fsob nebo doprovod.<\/p>\n\n\n\n<p>Ne\u017e za\u010dnete panika\u0159it, pamatujte, \u017ee cvi\u010den\u00ed d\u011bl\u00e1 mistra. Pravideln\u00e9 vystavov\u00e1n\u00ed se jazyku a jeho pou\u017e\u00edv\u00e1n\u00ed v\u00e1m pom\u016f\u017ee postupn\u011b si osvojit tato sklo\u0148ov\u00e1n\u00ed a st\u00e1t se chorvatsk\u00fdm gramatick\u00fdm nad\u0161encem!<\/p>\n\n\n\n<h3 class=\"wp-block-heading\" id=\"h-2-adorable-adjectives-agreements-galore\">2. Rozko\u0161n\u00e1 p\u0159\u00eddavn\u00e1 jm\u00e9na: Spousta dohod<\/h3>\n\n\n\n<p>Ve sv\u011bt\u011b chorvatsk\u00e9 gramatiky jsou p\u0159\u00eddavn\u00e1 jm\u00e9na r\u00e1da p\u0159\u00edjemn\u00e1. M\u011bn\u00ed se podle rodu, \u010d\u00edsla a velikosti podstatn\u00e9ho jm\u00e9na, kter\u00e9 upravuj\u00ed. To znamen\u00e1, \u017ee mus\u00edte upravit tvar p\u0159\u00eddavn\u00e9ho jm\u00e9na podle toho, zda je podstatn\u00e9 jm\u00e9no rodu mu\u017esk\u00e9ho, \u017eensk\u00e9ho nebo st\u0159edn\u00edho, a tak\u00e9 podle toho, zda je v jednotn\u00e9m nebo mno\u017en\u00e9m \u010d\u00edsle.<\/p>\n\n\n\n<p>Bojujete s dohodou? Mal\u00e1 rada: soust\u0159e\u010fte se na to, abyste se nau\u010dili ko\u0159en p\u0159\u00eddavn\u00e9ho jm\u00e9na, a zbytek u\u017e p\u016fjde s\u00e1m. Nap\u0159\u00edklad ko\u0159en p\u0159\u00eddavn\u00e9ho jm\u00e9na &#8222;kr\u00e1sn\u00fd&#8220; je &#8222;lijep-&#8220; a pomoc\u00ed r\u016fzn\u00fdch koncovek m\u016f\u017eete vytvo\u0159it tvary jako &#8222;lijepa&#8220; (\u017eensk\u00fd rod, nominativ) nebo &#8222;lijepim&#8220; (mu\u017esk\u00fd\/ st\u0159edn\u00ed rod, instrument\u00e1l).<\/p>\n\n\n\n<h3 class=\"wp-block-heading\" id=\"h-3-vibrant-verbs-conjugating-to-perfection\">3. Z\u00e1\u0159iv\u00e1 slovesa: \u010casov\u00e1n\u00ed k dokonalosti<\/h3>\n\n\n\n<p>Za\u010d\u00edn\u00e1te zde vid\u011bt n\u011bjak\u00fd vzorec? Stejn\u011b jako podstatn\u00e1 jm\u00e9na a p\u0159\u00eddavn\u00e1 jm\u00e9na jsou i chorvatsk\u00e1 slovesa pln\u00e1 variac\u00ed. V tomto jazyce se slovesa \u010dasuj\u00ed na z\u00e1klad\u011b \u010dasu, n\u00e1lady, vidu, osoby a \u010d\u00edsla.<\/p>\n\n\n\n<p>V chorvat\u0161tin\u011b existuj\u00ed t\u0159i hlavn\u00ed \u010dasy: minulost, p\u0159\u00edtomnost a budoucnost. Zat\u00edmco p\u0159\u00edtomn\u00fd \u010das se m\u016f\u017ee zd\u00e1t relativn\u011b snadno pochopiteln\u00fd, minul\u00fd a budouc\u00ed \u010das mohou b\u00fdt slo\u017eit\u00e9. Ale nebojte se! Procvi\u010dov\u00e1n\u00ed a sezn\u00e1men\u00ed se s jazykem v\u00e1m pom\u016f\u017ee tyto p\u0159ek\u00e1\u017eky rychle p\u0159ekonat.<\/p>\n\n\n\n<h3 class=\"wp-block-heading\" id=\"h-4-prepositions-cases-dynamic-duo\">4. P\u0159edlo\u017eky + p\u00e1dy = dynamick\u00e9 duo!<\/h3>\n\n\n\n<p>Chorvatsk\u00e9 p\u0159edlo\u017eky mohou b\u00fdt trochu o\u0161emetn\u00e9, proto\u017ee jsou \u00fazce spojeny s p\u00e1dy podstatn\u00fdch jmen. Nap\u0159\u00edklad p\u0159edlo\u017eka &#8222;u&#8220; (v, do) se pou\u017e\u00edv\u00e1 s akuzativem, pokud ozna\u010duje pohyb nebo sm\u011br, ale pokud zn\u00e1zor\u0148uje polohu, pak se pou\u017e\u00edv\u00e1 s lok\u00e1lem.<\/p>\n\n\n\n<p>Abyste se vyhnuli zmatk\u016fm, spojte p\u0159edlo\u017eku s p\u00e1dem, kter\u00fd vy\u017eaduje. Pamatujte si nap\u0159\u00edklad &#8222;u + lok\u00e1l = v&#8220; a &#8222;u + akuzativ = do&#8220;.<\/p>\n\n\n\n<h3 class=\"wp-block-heading\" id=\"h-5-tame-the-complexities-practice-makes-perfect\">5. Zkro\u0165te slo\u017eitosti: Cvi\u010den\u00ed d\u011bl\u00e1 mistra<\/h3>\n\n\n\n<p>Na prvn\u00ed pohled se chorvatsk\u00e1 gramatika m\u016f\u017ee zd\u00e1t jako labyrint, ale m\u011bjte na pam\u011bti, \u017ee procvi\u010dov\u00e1n\u00ed je tajnou ingredienc\u00ed \u00fasp\u011bchu. Pono\u0159te se do jazyka \u010dten\u00edm, psan\u00edm, poslechem a konverzac\u00ed. Prom\u011b\u0148te v\u00fdzvy v triumfy t\u00edm, \u017ee umo\u017en\u00edte sv\u00e9mu mozku vst\u0159ebat a p\u0159izp\u016fsobit se nov\u00e9mu jazykov\u00e9mu prost\u0159ed\u00ed.<\/p>\n\n\n\n<p>Kdy\u017e u\u017e jste se pono\u0159ili do okouzluj\u00edc\u00edch vod chorvatsk\u00e9 gramatiky, jste p\u0159ipraveni pono\u0159it se hloub\u011bji? P\u0159ijm\u011bte slo\u017eitosti, vychutnejte si nuance a nezapome\u0148te, \u017ee s vytrvalost\u00ed a v\u00e1\u0161n\u00ed m\u016f\u017eete odhalit skute\u010dnou kr\u00e1su chorvatsk\u00e9ho jazyka. Sretno! (Hodn\u011b \u0161t\u011bst\u00ed!)<\/p>\n<\/div><\/div>\n\r\n<section class=\"learnNavigationSection\">\r\n            \r\n        <a href=\"https:\/\/talkpal.ai\/cs\/naucte-se-chorvatsky\/\">\r\n            <div class=\"learnNavigationWrapper\">\r\n                <div class=\"learnNavigationContent\">\r\n                    <img decoding=\"async\" src=\"https:\/\/talkpal.ai\/wp-content\/uploads\/2024\/08\/Croatian.jpg\" alt=\"Croatian Flag\">\r\n                    <div>\r\n                        <h4>O v\u00fduce chorvat\u0161tiny<\/h4>\r\n                        <p>Zjist\u011bte v\u0161e o chorvatsk\u00e9 gramatice.<\/p>\r\n                    <\/div>\r\n                <\/div>\r\n            <\/div>\r\n        <\/a>\r\n\r\n        \r\n        <a href=\"https:\/\/talkpal.ai\/cs\/cviceni-chorvatske-gramatiky\/\">\r\n            <div class=\"learnNavigationWrapper\">\r\n                <div class=\"learnNavigationContent\">\r\n                    <img decoding=\"async\" src=\"https:\/\/talkpal.ai\/wp-content\/uploads\/2024\/08\/Croatian.jpg\" alt=\"Croatian Flag\">\r\n                    <div>\r\n                        <h4>Cvi\u010den\u00ed z chorvatsk\u00e9 gramatiky<\/h4>\r\n                        <p>Procvi\u010dte si chorvatskou gramatiku.<\/p>\r\n                    <\/div>\r\n                <\/div>\r\n            <\/div>\r\n        <\/a>\r\n\r\n        \r\n        <a href=\"https:\/\/talkpal.ai\/vocabulary_language\/croatian\/\">\r\n            <div class=\"learnNavigationWrapper\">\r\n                <div class=\"learnNavigationContent\">\r\n                    <img decoding=\"async\" src=\"https:\/\/talkpal.ai\/wp-content\/uploads\/2024\/08\/Croatian.jpg\" alt=\"Croatian Flag\">\r\n                    <div>\r\n                        <h4>Chorvatsk\u00e1 slovn\u00ed z\u00e1soba<\/h4>\r\n                        <p>Roz\u0161i\u0159te si slovn\u00ed z\u00e1sobu chorvat\u0161tiny.<\/p>\r\n                    <\/div>\r\n                <\/div>\r\n            <\/div>\r\n        <\/a>\r\n\r\n            <\/section>","protected":false},"excerpt":{"rendered":"<p>Cesta chorvatskou gramatikou: Snadn\u00e9 rozlu\u0161t\u011bn\u00ed slo\u017eitost\u00ed Chorvatsk\u00e1 gramatika: l\u00e1kav\u00e1 a zastra\u0161uj\u00edc\u00ed, jednoduch\u00e1 a slo\u017eit\u00e1, tajemn\u00e1 a fascinuj\u00edc\u00ed. Kdy\u017e se vyd\u00e1te na cestu u\u010den\u00ed se chorvatsk\u00e9mu jazyku, m\u016f\u017eete se c\u00edtit zahlceni my\u0161lenkou na pochopen\u00ed jeho gramatick\u00fdch slo\u017eitost\u00ed. Ale nebojte se, neohro\u017een\u00ed lingvisto, proto\u017ee jsme tu, abychom v\u00e1s vedli na ka\u017ed\u00e9m kroku! V tomto \u010dl\u00e1nku poskytneme z\u00e1kladn\u00ed [&hellip;]<\/p>\n","protected":false},"author":1,"featured_media":110083,"parent":0,"menu_order":0,"comment_status":"closed","ping_status":"closed","template":"LearningContentPage.php","meta":{"_acf_changed":false,"footnotes":""},"class_list":["post-142358","page","type-page","status-publish","has-post-thumbnail","hentry"],"acf":[],"yoast_head":"<!-- This site is optimized with the Yoast SEO Premium plugin v27.2 (Yoast SEO v27.2) - https:\/\/yoast.com\/product\/yoast-seo-premium-wordpress\/ -->\n<title>Chorvatsk\u00e1 gramatika - Talkpal<\/title>\n<meta name=\"description\" content=\"Prozkoumejte chorvatskou gramatiku a zlep\u0161ete sv\u00e9 znalosti jazyka pomoc\u00ed z\u00e1kladn\u00edch tip\u016f a zdroj\u016f.\" \/>\n<meta name=\"robots\" content=\"index, follow, max-snippet:-1, max-image-preview:large, max-video-preview:-1\" \/>\n<link rel=\"canonical\" href=\"https:\/\/talkpal.ai\/cs\/chorvatska-gramatika\/\" \/>\n<meta property=\"og:locale\" content=\"cs_CZ\" \/>\n<meta property=\"og:type\" content=\"article\" \/>\n<meta property=\"og:title\" content=\"Chorvatsk\u00e1 gramatika\" \/>\n<meta property=\"og:description\" content=\"Cesta chorvatskou gramatikou: Snadn\u00e9 rozlu\u0161t\u011bn\u00ed slo\u017eitost\u00ed Chorvatsk\u00e1 gramatika: l\u00e1kav\u00e1 a zastra\u0161uj\u00edc\u00ed, jednoduch\u00e1 a slo\u017eit\u00e1, tajemn\u00e1 a fascinuj\u00edc\u00ed. Kdy\u017e\" \/>\n<meta property=\"og:url\" content=\"https:\/\/talkpal.ai\/cs\/chorvatska-gramatika\/\" \/>\n<meta property=\"og:site_name\" content=\"Talkpal\" \/>\n<meta property=\"article:publisher\" content=\"https:\/\/www.facebook.com\/profile.php?id=100090733639311\" \/>\n<meta property=\"article:modified_time\" content=\"2025-12-11T16:41:50+00:00\" \/>\n<meta property=\"og:image\" content=\"https:\/\/talkpal.ai\/wp-content\/uploads\/2023\/05\/croatia.png\" \/>\n\t<meta property=\"og:image:width\" content=\"512\" \/>\n\t<meta property=\"og:image:height\" content=\"512\" \/>\n\t<meta property=\"og:image:type\" content=\"image\/png\" \/>\n<meta name=\"twitter:card\" content=\"summary_large_image\" \/>\n<meta name=\"twitter:site\" content=\"@talkpalai\" \/>\n<meta name=\"twitter:label1\" content=\"Odhadovan\u00e1 doba \u010dten\u00ed\" \/>\n\t<meta name=\"twitter:data1\" content=\"4 minuty\" \/>\n<script type=\"application\/ld+json\" class=\"yoast-schema-graph\">{\"@context\":\"https:\/\/schema.org\",\"@graph\":[{\"@type\":\"WebPage\",\"@id\":\"https:\/\/talkpal.ai\/cs\/chorvatska-gramatika\/\",\"url\":\"https:\/\/talkpal.ai\/cs\/chorvatska-gramatika\/\",\"name\":\"Chorvatsk\u00e1 gramatika - Talkpal\",\"isPartOf\":{\"@id\":\"https:\/\/talkpal.ai\/cs\/#website\"},\"primaryImageOfPage\":{\"@id\":\"https:\/\/talkpal.ai\/cs\/chorvatska-gramatika\/#primaryimage\"},\"image\":{\"@id\":\"https:\/\/talkpal.ai\/cs\/chorvatska-gramatika\/#primaryimage\"},\"thumbnailUrl\":\"https:\/\/talkpal.ai\/wp-content\/uploads\/2023\/05\/croatia.png\",\"datePublished\":\"2023-05-14T14:01:16+00:00\",\"dateModified\":\"2025-12-11T16:41:50+00:00\",\"description\":\"Prozkoumejte chorvatskou gramatiku a zlep\u0161ete sv\u00e9 znalosti jazyka pomoc\u00ed z\u00e1kladn\u00edch tip\u016f a zdroj\u016f.\",\"breadcrumb\":{\"@id\":\"https:\/\/talkpal.ai\/cs\/chorvatska-gramatika\/#breadcrumb\"},\"inLanguage\":\"cs\",\"potentialAction\":[{\"@type\":\"ReadAction\",\"target\":[\"https:\/\/talkpal.ai\/cs\/chorvatska-gramatika\/\"]}]},{\"@type\":\"ImageObject\",\"inLanguage\":\"cs\",\"@id\":\"https:\/\/talkpal.ai\/cs\/chorvatska-gramatika\/#primaryimage\",\"url\":\"https:\/\/talkpal.ai\/wp-content\/uploads\/2023\/05\/croatia.png\",\"contentUrl\":\"https:\/\/talkpal.ai\/wp-content\/uploads\/2023\/05\/croatia.png\",\"width\":512,\"height\":512},{\"@type\":\"BreadcrumbList\",\"@id\":\"https:\/\/talkpal.ai\/cs\/chorvatska-gramatika\/#breadcrumb\",\"itemListElement\":[{\"@type\":\"ListItem\",\"position\":1,\"name\":\"Homepage\",\"item\":\"https:\/\/talkpal.ai\/cs\/\"},{\"@type\":\"ListItem\",\"position\":2,\"name\":\"Chorvatsk\u00e1 gramatika\"}]},{\"@type\":\"WebSite\",\"@id\":\"https:\/\/talkpal.ai\/cs\/#website\",\"url\":\"https:\/\/talkpal.ai\/cs\/\",\"name\":\"Talkpal\",\"description\":\"AI Language Learning\",\"publisher\":{\"@id\":\"https:\/\/talkpal.ai\/cs\/#organization\"},\"alternateName\":\"Talkpal AI\",\"potentialAction\":[{\"@type\":\"SearchAction\",\"target\":{\"@type\":\"EntryPoint\",\"urlTemplate\":\"https:\/\/talkpal.ai\/cs\/?s={search_term_string}\"},\"query-input\":{\"@type\":\"PropertyValueSpecification\",\"valueRequired\":true,\"valueName\":\"search_term_string\"}}],\"inLanguage\":\"cs\"},{\"@type\":\"Organization\",\"@id\":\"https:\/\/talkpal.ai\/cs\/#organization\",\"name\":\"Talkpal, Inc.\",\"alternateName\":\"Talkpal AI\",\"url\":\"https:\/\/talkpal.ai\/cs\/\",\"logo\":{\"@type\":\"ImageObject\",\"inLanguage\":\"cs\",\"@id\":\"https:\/\/talkpal.ai\/cs\/#\/schema\/logo\/image\/\",\"url\":\"https:\/\/talkpal.ai\/wp-content\/uploads\/2024\/03\/Talkpal-Logo-Icon.png\",\"contentUrl\":\"https:\/\/talkpal.ai\/wp-content\/uploads\/2024\/03\/Talkpal-Logo-Icon.png\",\"width\":2880,\"height\":2880,\"caption\":\"Talkpal, Inc.\"},\"image\":{\"@id\":\"https:\/\/talkpal.ai\/cs\/#\/schema\/logo\/image\/\"},\"sameAs\":[\"https:\/\/www.facebook.com\/profile.php?id=100090733639311\",\"https:\/\/x.com\/talkpalai\",\"https:\/\/www.linkedin.com\/company\/talkpal\/\",\"https:\/\/www.youtube.com\/@TalkPal\/\",\"https:\/\/www.tiktok.com\/@talkpal\",\"https:\/\/www.instagram.com\/talkpal_ai\/\",\"https:\/\/www.crunchbase.com\/organization\/talkpal-9cde\",\"https:\/\/www.g2.com\/products\/talkpal-for-business\/\",\"https:\/\/www.trustpilot.com\/review\/talkpal.ai\",\"https:\/\/www.capterra.com\/p\/10006800\/TalkPal\/\"],\"description\":\"Talkpal is a language learning web and mobile education app, powered by the latest AI technologies, that provides engaging experiences to its customers in many different languages to help them improve their language skills. Users can chat about unlimited amount of topics with the app and use other modes to practice their language learning.\",\"email\":\"support@talkpal.ai\",\"legalName\":\"Talkpal, Inc.\",\"foundingDate\":\"2023-04-03\",\"duns\":\"118989042\",\"numberOfEmployees\":{\"@type\":\"QuantitativeValue\",\"minValue\":\"11\",\"maxValue\":\"50\"},\"publishingPrinciples\":\"https:\/\/talkpal.ai\/publishing-principles\/\",\"actionableFeedbackPolicy\":\"https:\/\/talkpal.ai\/actionable-feedback-policy\/\",\"correctionsPolicy\":\"https:\/\/talkpal.ai\/corrections-policy\/\",\"ethicsPolicy\":\"https:\/\/talkpal.ai\/ethics-policy\/\",\"diversityPolicy\":\"https:\/\/talkpal.ai\/diversity-policy\/\",\"diversityStaffingReport\":\"https:\/\/talkpal.ai\/diversity-policy\/\"}]}<\/script>\n<!-- \/ Yoast SEO Premium plugin. -->","yoast_head_json":{"title":"Chorvatsk\u00e1 gramatika - Talkpal","description":"Prozkoumejte chorvatskou gramatiku a zlep\u0161ete sv\u00e9 znalosti jazyka pomoc\u00ed z\u00e1kladn\u00edch tip\u016f a zdroj\u016f.","robots":{"index":"index","follow":"follow","max-snippet":"max-snippet:-1","max-image-preview":"max-image-preview:large","max-video-preview":"max-video-preview:-1"},"canonical":"https:\/\/talkpal.ai\/cs\/chorvatska-gramatika\/","og_locale":"cs_CZ","og_type":"article","og_title":"Chorvatsk\u00e1 gramatika","og_description":"Cesta chorvatskou gramatikou: Snadn\u00e9 rozlu\u0161t\u011bn\u00ed slo\u017eitost\u00ed Chorvatsk\u00e1 gramatika: l\u00e1kav\u00e1 a zastra\u0161uj\u00edc\u00ed, jednoduch\u00e1 a slo\u017eit\u00e1, tajemn\u00e1 a fascinuj\u00edc\u00ed. Kdy\u017e","og_url":"https:\/\/talkpal.ai\/cs\/chorvatska-gramatika\/","og_site_name":"Talkpal","article_publisher":"https:\/\/www.facebook.com\/profile.php?id=100090733639311","article_modified_time":"2025-12-11T16:41:50+00:00","og_image":[{"width":512,"height":512,"url":"https:\/\/talkpal.ai\/wp-content\/uploads\/2023\/05\/croatia.png","type":"image\/png"}],"twitter_card":"summary_large_image","twitter_site":"@talkpalai","twitter_misc":{"Odhadovan\u00e1 doba \u010dten\u00ed":"4 minuty"},"schema":{"@context":"https:\/\/schema.org","@graph":[{"@type":"WebPage","@id":"https:\/\/talkpal.ai\/cs\/chorvatska-gramatika\/","url":"https:\/\/talkpal.ai\/cs\/chorvatska-gramatika\/","name":"Chorvatsk\u00e1 gramatika - Talkpal","isPartOf":{"@id":"https:\/\/talkpal.ai\/cs\/#website"},"primaryImageOfPage":{"@id":"https:\/\/talkpal.ai\/cs\/chorvatska-gramatika\/#primaryimage"},"image":{"@id":"https:\/\/talkpal.ai\/cs\/chorvatska-gramatika\/#primaryimage"},"thumbnailUrl":"https:\/\/talkpal.ai\/wp-content\/uploads\/2023\/05\/croatia.png","datePublished":"2023-05-14T14:01:16+00:00","dateModified":"2025-12-11T16:41:50+00:00","description":"Prozkoumejte chorvatskou gramatiku a zlep\u0161ete sv\u00e9 znalosti jazyka pomoc\u00ed z\u00e1kladn\u00edch tip\u016f a zdroj\u016f.","breadcrumb":{"@id":"https:\/\/talkpal.ai\/cs\/chorvatska-gramatika\/#breadcrumb"},"inLanguage":"cs","potentialAction":[{"@type":"ReadAction","target":["https:\/\/talkpal.ai\/cs\/chorvatska-gramatika\/"]}]},{"@type":"ImageObject","inLanguage":"cs","@id":"https:\/\/talkpal.ai\/cs\/chorvatska-gramatika\/#primaryimage","url":"https:\/\/talkpal.ai\/wp-content\/uploads\/2023\/05\/croatia.png","contentUrl":"https:\/\/talkpal.ai\/wp-content\/uploads\/2023\/05\/croatia.png","width":512,"height":512},{"@type":"BreadcrumbList","@id":"https:\/\/talkpal.ai\/cs\/chorvatska-gramatika\/#breadcrumb","itemListElement":[{"@type":"ListItem","position":1,"name":"Homepage","item":"https:\/\/talkpal.ai\/cs\/"},{"@type":"ListItem","position":2,"name":"Chorvatsk\u00e1 gramatika"}]},{"@type":"WebSite","@id":"https:\/\/talkpal.ai\/cs\/#website","url":"https:\/\/talkpal.ai\/cs\/","name":"Talkpal","description":"AI Language Learning","publisher":{"@id":"https:\/\/talkpal.ai\/cs\/#organization"},"alternateName":"Talkpal AI","potentialAction":[{"@type":"SearchAction","target":{"@type":"EntryPoint","urlTemplate":"https:\/\/talkpal.ai\/cs\/?s={search_term_string}"},"query-input":{"@type":"PropertyValueSpecification","valueRequired":true,"valueName":"search_term_string"}}],"inLanguage":"cs"},{"@type":"Organization","@id":"https:\/\/talkpal.ai\/cs\/#organization","name":"Talkpal, Inc.","alternateName":"Talkpal AI","url":"https:\/\/talkpal.ai\/cs\/","logo":{"@type":"ImageObject","inLanguage":"cs","@id":"https:\/\/talkpal.ai\/cs\/#\/schema\/logo\/image\/","url":"https:\/\/talkpal.ai\/wp-content\/uploads\/2024\/03\/Talkpal-Logo-Icon.png","contentUrl":"https:\/\/talkpal.ai\/wp-content\/uploads\/2024\/03\/Talkpal-Logo-Icon.png","width":2880,"height":2880,"caption":"Talkpal, Inc."},"image":{"@id":"https:\/\/talkpal.ai\/cs\/#\/schema\/logo\/image\/"},"sameAs":["https:\/\/www.facebook.com\/profile.php?id=100090733639311","https:\/\/x.com\/talkpalai","https:\/\/www.linkedin.com\/company\/talkpal\/","https:\/\/www.youtube.com\/@TalkPal\/","https:\/\/www.tiktok.com\/@talkpal","https:\/\/www.instagram.com\/talkpal_ai\/","https:\/\/www.crunchbase.com\/organization\/talkpal-9cde","https:\/\/www.g2.com\/products\/talkpal-for-business\/","https:\/\/www.trustpilot.com\/review\/talkpal.ai","https:\/\/www.capterra.com\/p\/10006800\/TalkPal\/"],"description":"Talkpal is a language learning web and mobile education app, powered by the latest AI technologies, that provides engaging experiences to its customers in many different languages to help them improve their language skills. Users can chat about unlimited amount of topics with the app and use other modes to practice their language learning.","email":"support@talkpal.ai","legalName":"Talkpal, Inc.","foundingDate":"2023-04-03","duns":"118989042","numberOfEmployees":{"@type":"QuantitativeValue","minValue":"11","maxValue":"50"},"publishingPrinciples":"https:\/\/talkpal.ai\/publishing-principles\/","actionableFeedbackPolicy":"https:\/\/talkpal.ai\/actionable-feedback-policy\/","correctionsPolicy":"https:\/\/talkpal.ai\/corrections-policy\/","ethicsPolicy":"https:\/\/talkpal.ai\/ethics-policy\/","diversityPolicy":"https:\/\/talkpal.ai\/diversity-policy\/","diversityStaffingReport":"https:\/\/talkpal.ai\/diversity-policy\/"}]}},"_links":{"self":[{"href":"https:\/\/talkpal.ai\/cs\/wp-json\/wp\/v2\/pages\/142358","targetHints":{"allow":["GET"]}}],"collection":[{"href":"https:\/\/talkpal.ai\/cs\/wp-json\/wp\/v2\/pages"}],"about":[{"href":"https:\/\/talkpal.ai\/cs\/wp-json\/wp\/v2\/types\/page"}],"author":[{"embeddable":true,"href":"https:\/\/talkpal.ai\/cs\/wp-json\/wp\/v2\/users\/1"}],"replies":[{"embeddable":true,"href":"https:\/\/talkpal.ai\/cs\/wp-json\/wp\/v2\/comments?post=142358"}],"version-history":[{"count":0,"href":"https:\/\/talkpal.ai\/cs\/wp-json\/wp\/v2\/pages\/142358\/revisions"}],"wp:featuredmedia":[{"embeddable":true,"href":"https:\/\/talkpal.ai\/cs\/wp-json\/wp\/v2\/media\/110083"}],"wp:attachment":[{"href":"https:\/\/talkpal.ai\/cs\/wp-json\/wp\/v2\/media?parent=142358"}],"curies":[{"name":"wp","href":"https:\/\/api.w.org\/{rel}","templated":true}]}}