{"id":142104,"date":"2023-05-14T14:00:56","date_gmt":"2023-05-14T14:00:56","guid":{"rendered":"http:\/\/talkpal.ai\/katalanska-gramatika\/"},"modified":"2025-05-22T18:36:41","modified_gmt":"2025-05-22T18:36:41","slug":"katalanska-gramatika","status":"publish","type":"page","link":"https:\/\/talkpal.ai\/cs\/katalanska-gramatika\/","title":{"rendered":"Katal\u00e1nsk\u00e1 gramatika"},"content":{"rendered":"\r\n\r\n\r\n<section class=\"languageChallengeSection\">\r\n    <div class=\"languageInfoWrapper\">\r\n        \r\n        <h1>Katal\u00e1nsk\u00e1 gramatika<\/h1>\r\n        <p>Pono\u0159te se do sv\u011bta katal\u00e1nsk\u00e9 gramatiky a objevte jedine\u010dnou strukturu tohoto \u017eiv\u00e9ho rom\u00e1nsk\u00e9ho jazyka. Zvl\u00e1dnut\u00ed z\u00e1klad\u016f v\u00e1m pom\u016f\u017ee efektivn\u011bji komunikovat a nav\u00e1zat hlub\u0161\u00ed kontakt s katal\u00e1nskou kulturou. Za\u010dn\u011bte se u\u010dit katal\u00e1nskou gramatiku je\u0161t\u011b dnes a ud\u011blejte prvn\u00ed krok k plynulosti jazyka!\n\n<\/p>\r\n\r\n                            <a class=\"getStartedHidden\" href=\"https:\/\/app.talkpal.ai\/cs\/signup?lng=\">Za\u010dni<\/a>\r\n        \r\n    <\/div>\r\n\r\n    <figure>\r\n    <img decoding=\"async\" width=\"768\" height=\"768\" src=\"https:\/\/talkpal.ai\/wp-content\/uploads\/2023\/06\/catalan-768x768.png\" class=\"languageImage no-lazy\" alt=\"Language learning techniques for fast learning\" fetchpriority=\"high\" sizes=\"(max-width: 768px) 150px, 768px\" srcset=\"https:\/\/talkpal.ai\/wp-content\/uploads\/2023\/06\/catalan-768x768.png 768w, https:\/\/talkpal.ai\/wp-content\/uploads\/2023\/06\/catalan-300x300.png 300w\" \/>\r\n    \r\n\r\n    <\/figure>\r\n\r\n            <a class=\"getStartedVisible\" href=\"https:\/\/app.talkpal.ai\/cs\/signup?lng=\">Za\u010dni<\/a>\r\n    \r\n<\/section>\r\n<section class=\"promotionalBanner\">\r\n    <p class=\"promotionalText\">Nejefektivn\u011bj\u0161\u00ed zp\u016fsob, jak se nau\u010dit jazyk<\/p>\r\n    <a class=\"promotionalLink\" href=\"https:\/\/app.talkpal.ai\/cs\/signup?lng=\">Vyzkou\u0161ejte Talkpal zdarma<\/a>\r\n<\/section>\n<div class=\"wp-block-group pageContainerStyle\"><div class=\"wp-block-group__inner-container is-layout-constrained wp-block-group-is-layout-constrained\">\n<h2 class=\"wp-block-heading\" id=\"h-catalan-grammar-a-quick-guide-for-language-enthusiasts\">Katal\u00e1nsk\u00e1 gramatika: Stru\u010dn\u00fd pr\u016fvodce pro jazykov\u00e9 nad\u0161ence<\/h2>\n\n\n\n<p>Pl\u00e1nujete se nau\u010dit katal\u00e1n\u0161tinu nebo jste jen zv\u011bdav\u00ed na tento kr\u00e1sn\u00fd rom\u00e1nsk\u00fd jazyk? U\u017e nehledejte! Jsme zde, abychom v\u00e1s rychle provedli katal\u00e1nskou gramatikou a vybavili v\u00e1s z\u00e1klady. Poj\u010fme se pono\u0159it do tohoto okouzluj\u00edc\u00edho jazyka a prozkoumat, jak funguje na gramatick\u00e9 \u00farovni.<\/p>\n\n\n\n<p><a href=\"https:\/\/talkpal.ai\/learn-catalan\/\">Katal\u00e1n\u0161tina<\/a>, kterou mluv\u00ed p\u0159ibli\u017en\u011b 10 milion\u016f lid\u00ed p\u0159ev\u00e1\u017en\u011b v Katal\u00e1nsku, Valencii a na Bale\u00e1rsk\u00fdch ostrovech, m\u00e1 jedine\u010dnou sm\u011bs vliv\u016f latiny, \u0161pan\u011bl\u0161tiny a francouz\u0161tiny. Stejn\u011b jako vy a j\u00e1, i <a href=\"https:\/\/talkpal.ai\/what-language-is-spoken-on-the-international-space-station\/\">jazyky<\/a> se d\u00e1le obohacuj\u00ed t\u00edm, \u017ee si od sebe v pr\u016fb\u011bhu \u010dasu vyp\u016fj\u010duj\u00ed r\u016fzn\u00e9 nuance. Jak vzru\u0161uj\u00edc\u00ed!<\/p>\n\n\n\n<p><strong>Nyn\u00ed se nau\u010d\u00edme n\u011bkter\u00e9 z\u00e1kladn\u00ed aspekty katal\u00e1nsk\u00e9 gramatiky:<\/strong><\/p>\n\n\n\n<h3 class=\"wp-block-heading\" id=\"h-1-nouns-and-gender\">1. Podstatn\u00e1 jm\u00e9na a rod:<\/h3>\n\n\n\n<p>Zp\u00edvejte se mnou &#8211; &#8222;Ka\u017ed\u00e9 podstatn\u00e9 jm\u00e9no m\u00e1 moc! Stejn\u011b jako v jin\u00fdch rom\u00e1nsk\u00fdch jazyc\u00edch jsou i v katal\u00e1n\u0161tin\u011b podstatn\u00e1 jm\u00e9na bu\u010f mu\u017esk\u00e9ho, nebo \u017eensk\u00e9ho rodu a tento &#8222;rod&#8220; ovliv\u0148uje jejich pou\u017eit\u00ed s \u010dleny a p\u0159\u00eddavn\u00fdmi jm\u00e9ny. Nebojte se! Podstatn\u00e1 jm\u00e9na zakon\u010den\u00e1 na &#8222;-a&#8220; jsou v\u011bt\u0161inou rodu \u017eensk\u00e9ho, zat\u00edmco podstatn\u00e1 jm\u00e9na zakon\u010den\u00e1 na &#8222;-o&#8220; (nebo jin\u00e9 souhl\u00e1sky) jsou rodu mu\u017esk\u00e9ho. D\u00e1vejte si v\u0161ak pozor na v\u00fdjimky \u2013 r\u00e1di se k v\u00e1m p\u0159ipl\u00ed\u017e\u00ed!<\/p>\n\n\n\n<h3 class=\"wp-block-heading\" id=\"h-2-articles\">2. \u010cl\u00e1nky:<\/h3>\n\n\n\n<p>Bez \u010dl\u00e1nk\u016f by byl \u017eivot nudn\u00fd, \u017ee? Pokud jde o katal\u00e1n\u0161tinu, m\u00e1me \u010dleny ur\u010dit\u00e9, kter\u00e9 ozna\u010duj\u00ed konkr\u00e9tn\u00ed v\u011bci nebo osoby (nap\u0159. \u201epes\u201c nebo \u201ekniha\u201c), a \u010dleny neur\u010dit\u00e9, kter\u00e9 ozna\u010duj\u00ed obecn\u00e9 odkazy (nap\u0159. \u201epes\u201c nebo \u201ekniha\u201c).  <\/p>\n\n\n\n<p>Ur\u010dit\u00e9 \u010dleny v katal\u00e1n\u0161tin\u011b jsou &#8222;el&#8220; pro podstatn\u00e1 jm\u00e9na mu\u017esk\u00e9ho rodu v jednotn\u00e9m \u010d\u00edsle, &#8222;la&#8220; pro podstatn\u00e1 jm\u00e9na \u017eensk\u00e9ho rodu v jednotn\u00e9m \u010d\u00edsle, &#8222;els&#8220; pro podstatn\u00e1 jm\u00e9na mu\u017esk\u00e9ho rodu v mno\u017en\u00e9m \u010d\u00edsle a &#8222;les&#8220; pro podstatn\u00e1 jm\u00e9na \u017eensk\u00e9ho rodu v mno\u017en\u00e9m \u010d\u00edsle. Neur\u010dit\u00e9 \u010dleny jsou naopak &#8222;un&#8220; pro podstatn\u00e1 jm\u00e9na mu\u017esk\u00e9ho rodu v jednotn\u00e9m \u010d\u00edsle a &#8222;una&#8220; pro podstatn\u00e1 jm\u00e9na \u017eensk\u00e9ho rodu v jednotn\u00e9m \u010d\u00edsle. V mno\u017en\u00e9m \u010d\u00edsle neexistuj\u00ed \u017e\u00e1dn\u00e9 konkr\u00e9tn\u00ed neur\u010dit\u00e9 \u010dleny. Snadn\u00e9, \u017ee?<\/p>\n\n\n\n<h3 class=\"wp-block-heading\" id=\"h-3-adjectives\">3. P\u0159\u00eddavn\u00e1 jm\u00e9na:<\/h3>\n\n\n\n<p>P\u0159\u00eddavn\u00e1 jm\u00e9na dod\u00e1vaj\u00ed va\u0161im v\u011bt\u00e1m chu\u0165 t\u00edm, \u017ee popisuj\u00ed podstatn\u00e1 jm\u00e9na, a v katal\u00e1n\u0161tin\u011b se shoduj\u00ed v rod\u011b a \u010d\u00edsle s podstatn\u00fdmi jm\u00e9ny, kter\u00e1 upravuj\u00ed. Ve v\u011bt\u0161in\u011b p\u0159\u00edpad\u016f jsou p\u0159\u00eddavn\u00e1 jm\u00e9na zakon\u010den\u00e1 na &#8222;-o&#8220; mu\u017esk\u00e9ho rodu a p\u0159\u00eddavn\u00e1 jm\u00e9na zakon\u010den\u00e1 na &#8222;-a&#8220; \u017eensk\u00e9ho rodu. Pro vytvo\u0159en\u00ed mno\u017en\u00e9ho \u010d\u00edsla zm\u011b\u0148te &#8222;-o&#8220; na &#8222;-os&#8220; (mu\u017esk\u00fd rod) a &#8222;-a&#8220; na &#8222;-es&#8220; (\u017eensk\u00fd rod). M\u011bjte na pam\u011bti, \u017ee n\u011bkter\u00e1 p\u0159\u00eddavn\u00e1 jm\u00e9na maj\u00ed jedine\u010dn\u00fd tvar pro oba rody a m\u011bn\u00ed se pouze zna\u010dka mno\u017en\u00e9ho \u010d\u00edsla. Zn\u00ed to z\u00e1bavn\u011b, \u017ee?<\/p>\n\n\n\n<h3 class=\"wp-block-heading\" id=\"h-4-verbs-and-conjugation\">4. Slovesa a \u010dasov\u00e1n\u00ed:<\/h3>\n\n\n\n<p>Srdce ka\u017ed\u00e9ho jazyka! Slovesa se v katal\u00e1n\u0161tin\u011b d\u011bl\u00ed do t\u0159\u00ed skupin podle koncovek infinitivu: &#8222;-ar&#8220;, &#8222;-er&#8220; a &#8222;-ir&#8220;. Ka\u017ed\u00e1 skupina m\u00e1 sv\u016fj odli\u0161n\u00fd vzor \u010dasov\u00e1n\u00ed, n\u00e1lad a z\u00e1jmen \u2013 stejn\u011b jako tanec v r\u016fzn\u00fdch rytmech. Katal\u00e1n\u0161tina m\u00e1 tak\u00e9 pomocn\u00e1 slovesa (jako &#8222;m\u00edt&#8220; a &#8222;b\u00fdt&#8220;), kter\u00e1 se kombinuj\u00ed s jin\u00fdmi slovesy a vytv\u00e1\u0159ej\u00ed slo\u017een\u00e9 \u010dasy a <a href=\"https:\/\/talkpal.ai\/sk\/grammar\/pasivny-hlas-v-anglickej-gramatike\/\">pasivn\u00ed hlas<\/a>. Obujte si tedy tane\u010dn\u00ed boty a za\u010dn\u011bte objevovat \u017eiv\u00fd sv\u011bt katal\u00e1nsk\u00fdch sloves.<\/p>\n\n\n\n<h3 class=\"wp-block-heading\" id=\"h-5-word-order\">5. Slovosled:<\/h3>\n\n\n\n<p>Za\u0159a\u010fme tato slova do spr\u00e1vn\u00e9ho po\u0159ad\u00ed! Katal\u00e1n\u0161tina se obvykle \u0159\u00edd\u00ed slovosledem podm\u011bt-sloveso-p\u0159edm\u011bt (SVO), stejn\u011b jako <a href=\"https:\/\/talkpal.ai\/learn-english-with-ai\/\">angli\u010dtina<\/a>. Flexibilita ve slovosledu je v\u0161ak povolena pro zd\u016frazn\u011bn\u00ed nebo stylistick\u00e9 \u00fa\u010dely. P\u0159\u00eddavn\u00e1 jm\u00e9na obvykle n\u00e1sleduj\u00ed po podstatn\u00e9m jm\u00e9nu, kter\u00e9 popisuj\u00ed, ale m\u016f\u017eete je vid\u011bt p\u0159ed podstatn\u00fdm jm\u00e9nem, abyste zd\u016fraznili jejich d\u016fle\u017eitost. Pamatujte, \u017ee cvi\u010den\u00ed d\u011bl\u00e1 mistra, pokud jde o zvl\u00e1dnut\u00ed slovosledu v katal\u00e1n\u0161tin\u011b.<\/p>\n\n\n\n<h3 class=\"wp-block-heading\" id=\"h-6-pronouns-and-prepositions\">6. Z\u00e1jmena a p\u0159edlo\u017eky:<\/h3>\n\n\n\n<p>Posledn\u00ed zoufal\u00fd pokus! Katal\u00e1n\u0161tina m\u00e1 podm\u011btn\u00e1 z\u00e1jmena (j\u00e1, ty, on, ona atd.) a p\u0159edm\u011btn\u00e1 z\u00e1jmena (j\u00e1, ty, on, ona atd.), kter\u00e1 mohou proch\u00e1zet r\u016fzn\u00fdmi zm\u011bnami v z\u00e1vislosti na jejich funkci ve v\u011bt\u011b. Krom\u011b toho v\u00e1m katal\u00e1nsk\u00e9 p\u0159edlo\u017eky (nap\u0159. &#8222;a&#8220;, &#8222;de&#8220;, &#8222;en&#8220;, &#8222;amb&#8220;) pom\u00e1haj\u00ed spojovat slova a fr\u00e1ze a ukazovat vztahy mezi nimi.<\/p>\n\n\n\n<p>P\u00e1ni! Nyn\u00ed ji\u017e m\u00e1te z\u00e1klady katal\u00e1nsk\u00e9 gramatiky za sebou. Pokra\u010dujte ve zkoum\u00e1n\u00ed, kladen\u00ed ot\u00e1zek a procvi\u010dov\u00e1n\u00ed tohoto kr\u00e1sn\u00e9ho jazyka. Pamatujte, \u017ee u\u010dit se nov\u00fd jazyk je jako vydat se na vzru\u0161uj\u00edc\u00ed cestu. \u010cek\u00e1 v\u00e1s spousta vzestup\u016f a p\u00e1d\u016f, ale odm\u011bna za tu n\u00e1mahu stoj\u00ed. Dobrou chu\u0165!<\/p>\n<\/div><\/div>\n\r\n<section class=\"learnNavigationSection\">\r\n            \r\n        <a href=\"https:\/\/talkpal.ai\/cs\/naucte-se-katalansky\/\">\r\n            <div class=\"learnNavigationWrapper\">\r\n                <div class=\"learnNavigationContent\">\r\n                    <img decoding=\"async\" src=\"https:\/\/talkpal.ai\/wp-content\/uploads\/2024\/08\/Catalan.jpg\" alt=\"Catalan Flag\">\r\n                    <div>\r\n                        <h4>O katal\u00e1nsk\u00e9 v\u00fduce<\/h4>\r\n                        <p>Zjist\u011bte v\u0161e o katal\u00e1nsk\u00e9 gramatice.<\/p>\r\n                    <\/div>\r\n                <\/div>\r\n            <\/div>\r\n        <\/a>\r\n\r\n        \r\n        <a href=\"https:\/\/talkpal.ai\/cs\/cviceni-z-katalanske-gramatiky\/\">\r\n            <div class=\"learnNavigationWrapper\">\r\n                <div class=\"learnNavigationContent\">\r\n                    <img decoding=\"async\" src=\"https:\/\/talkpal.ai\/wp-content\/uploads\/2024\/08\/Catalan.jpg\" alt=\"Catalan Flag\">\r\n                    <div>\r\n                        <h4>Cvi\u010den\u00ed z katal\u00e1nsk\u00e9 gramatiky<\/h4>\r\n                        <p>Procvi\u010dte si katal\u00e1nskou gramatiku.<\/p>\r\n                    <\/div>\r\n                <\/div>\r\n            <\/div>\r\n        <\/a>\r\n\r\n        \r\n        <a href=\"https:\/\/talkpal.ai\/vocabulary_language\/catalan\/\">\r\n            <div class=\"learnNavigationWrapper\">\r\n                <div class=\"learnNavigationContent\">\r\n                    <img decoding=\"async\" src=\"https:\/\/talkpal.ai\/wp-content\/uploads\/2024\/08\/Catalan.jpg\" alt=\"Catalan Flag\">\r\n                    <div>\r\n                        <h4>Slovn\u00ed z\u00e1soba katal\u00e1n\u0161tiny<\/h4>\r\n                        <p>Roz\u0161i\u0159te si slovn\u00ed z\u00e1sobu katal\u00e1n\u0161tiny.<\/p>\r\n                    <\/div>\r\n                <\/div>\r\n            <\/div>\r\n        <\/a>\r\n\r\n            <\/section>","protected":false},"excerpt":{"rendered":"<p>Katal\u00e1nsk\u00e1 gramatika: Stru\u010dn\u00fd pr\u016fvodce pro jazykov\u00e9 nad\u0161ence Pl\u00e1nujete se nau\u010dit katal\u00e1n\u0161tinu nebo jste jen zv\u011bdav\u00ed na tento kr\u00e1sn\u00fd rom\u00e1nsk\u00fd jazyk? U\u017e nehledejte! Jsme zde, abychom v\u00e1s rychle provedli katal\u00e1nskou gramatikou a vybavili v\u00e1s z\u00e1klady. Poj\u010fme se pono\u0159it do tohoto okouzluj\u00edc\u00edho jazyka a prozkoumat, jak funguje na gramatick\u00e9 \u00farovni. Katal\u00e1n\u0161tina, kterou mluv\u00ed p\u0159ibli\u017en\u011b 10 milion\u016f lid\u00ed [&hellip;]<\/p>\n","protected":false},"author":1,"featured_media":142112,"parent":0,"menu_order":0,"comment_status":"closed","ping_status":"closed","template":"LearningContentPage.php","meta":{"_acf_changed":false,"footnotes":""},"class_list":["post-142104","page","type-page","status-publish","has-post-thumbnail","hentry"],"acf":[],"yoast_head":"<!-- This site is optimized with the Yoast SEO Premium plugin v27.2 (Yoast SEO v27.2) - https:\/\/yoast.com\/product\/yoast-seo-premium-wordpress\/ -->\n<title>Katal\u00e1nsk\u00e1 gramatika - Talkpal<\/title>\n<meta name=\"description\" content=\"Objevte z\u00e1klady katal\u00e1nsk\u00e9 gramatiky a za\u010dn\u011bte svou cestu do tohoto kr\u00e1sn\u00e9ho rom\u00e1nsk\u00e9ho jazyka je\u0161t\u011b dnes!\" \/>\n<meta name=\"robots\" content=\"index, follow, max-snippet:-1, max-image-preview:large, max-video-preview:-1\" \/>\n<link rel=\"canonical\" href=\"https:\/\/talkpal.ai\/cs\/katalanska-gramatika\/\" \/>\n<meta property=\"og:locale\" content=\"cs_CZ\" \/>\n<meta property=\"og:type\" content=\"article\" \/>\n<meta property=\"og:title\" content=\"Katal\u00e1nsk\u00e1 gramatika\" \/>\n<meta property=\"og:description\" content=\"Katal\u00e1nsk\u00e1 gramatika: Stru\u010dn\u00fd pr\u016fvodce pro jazykov\u00e9 nad\u0161ence Pl\u00e1nujete se nau\u010dit katal\u00e1n\u0161tinu nebo jste jen zv\u011bdav\u00ed na tento kr\u00e1sn\u00fd rom\u00e1nsk\u00fd jazyk? U\u017e\" \/>\n<meta property=\"og:url\" content=\"https:\/\/talkpal.ai\/cs\/katalanska-gramatika\/\" \/>\n<meta property=\"og:site_name\" content=\"Talkpal\" \/>\n<meta property=\"article:publisher\" content=\"https:\/\/www.facebook.com\/profile.php?id=100090733639311\" \/>\n<meta property=\"article:modified_time\" content=\"2025-05-22T18:36:41+00:00\" \/>\n<meta property=\"og:image\" content=\"https:\/\/talkpal.ai\/wp-content\/uploads\/2023\/08\/Catalan.png\" \/>\n\t<meta property=\"og:image:width\" content=\"479\" \/>\n\t<meta property=\"og:image:height\" content=\"479\" \/>\n\t<meta property=\"og:image:type\" content=\"image\/png\" \/>\n<meta name=\"twitter:card\" content=\"summary_large_image\" \/>\n<meta name=\"twitter:site\" content=\"@talkpalai\" \/>\n<meta name=\"twitter:label1\" content=\"Odhadovan\u00e1 doba \u010dten\u00ed\" \/>\n\t<meta name=\"twitter:data1\" content=\"4 minuty\" \/>\n<script type=\"application\/ld+json\" class=\"yoast-schema-graph\">{\"@context\":\"https:\/\/schema.org\",\"@graph\":[{\"@type\":\"WebPage\",\"@id\":\"https:\/\/talkpal.ai\/cs\/katalanska-gramatika\/\",\"url\":\"https:\/\/talkpal.ai\/cs\/katalanska-gramatika\/\",\"name\":\"Katal\u00e1nsk\u00e1 gramatika - Talkpal\",\"isPartOf\":{\"@id\":\"https:\/\/talkpal.ai\/cs\/#website\"},\"primaryImageOfPage\":{\"@id\":\"https:\/\/talkpal.ai\/cs\/katalanska-gramatika\/#primaryimage\"},\"image\":{\"@id\":\"https:\/\/talkpal.ai\/cs\/katalanska-gramatika\/#primaryimage\"},\"thumbnailUrl\":\"https:\/\/talkpal.ai\/wp-content\/uploads\/2023\/08\/Catalan.png\",\"datePublished\":\"2023-05-14T14:00:56+00:00\",\"dateModified\":\"2025-05-22T18:36:41+00:00\",\"description\":\"Objevte z\u00e1klady katal\u00e1nsk\u00e9 gramatiky a za\u010dn\u011bte svou cestu do tohoto kr\u00e1sn\u00e9ho rom\u00e1nsk\u00e9ho jazyka je\u0161t\u011b dnes!\",\"breadcrumb\":{\"@id\":\"https:\/\/talkpal.ai\/cs\/katalanska-gramatika\/#breadcrumb\"},\"inLanguage\":\"cs\",\"potentialAction\":[{\"@type\":\"ReadAction\",\"target\":[\"https:\/\/talkpal.ai\/cs\/katalanska-gramatika\/\"]}]},{\"@type\":\"ImageObject\",\"inLanguage\":\"cs\",\"@id\":\"https:\/\/talkpal.ai\/cs\/katalanska-gramatika\/#primaryimage\",\"url\":\"https:\/\/talkpal.ai\/wp-content\/uploads\/2023\/08\/Catalan.png\",\"contentUrl\":\"https:\/\/talkpal.ai\/wp-content\/uploads\/2023\/08\/Catalan.png\",\"width\":479,\"height\":479},{\"@type\":\"BreadcrumbList\",\"@id\":\"https:\/\/talkpal.ai\/cs\/katalanska-gramatika\/#breadcrumb\",\"itemListElement\":[{\"@type\":\"ListItem\",\"position\":1,\"name\":\"Homepage\",\"item\":\"https:\/\/talkpal.ai\/cs\/\"},{\"@type\":\"ListItem\",\"position\":2,\"name\":\"Katal\u00e1nsk\u00e1 gramatika\"}]},{\"@type\":\"WebSite\",\"@id\":\"https:\/\/talkpal.ai\/cs\/#website\",\"url\":\"https:\/\/talkpal.ai\/cs\/\",\"name\":\"Talkpal\",\"description\":\"AI Language Learning\",\"publisher\":{\"@id\":\"https:\/\/talkpal.ai\/cs\/#organization\"},\"alternateName\":\"Talkpal AI\",\"potentialAction\":[{\"@type\":\"SearchAction\",\"target\":{\"@type\":\"EntryPoint\",\"urlTemplate\":\"https:\/\/talkpal.ai\/cs\/?s={search_term_string}\"},\"query-input\":{\"@type\":\"PropertyValueSpecification\",\"valueRequired\":true,\"valueName\":\"search_term_string\"}}],\"inLanguage\":\"cs\"},{\"@type\":\"Organization\",\"@id\":\"https:\/\/talkpal.ai\/cs\/#organization\",\"name\":\"Talkpal, Inc.\",\"alternateName\":\"Talkpal AI\",\"url\":\"https:\/\/talkpal.ai\/cs\/\",\"logo\":{\"@type\":\"ImageObject\",\"inLanguage\":\"cs\",\"@id\":\"https:\/\/talkpal.ai\/cs\/#\/schema\/logo\/image\/\",\"url\":\"https:\/\/talkpal.ai\/wp-content\/uploads\/2024\/03\/Talkpal-Logo-Icon.png\",\"contentUrl\":\"https:\/\/talkpal.ai\/wp-content\/uploads\/2024\/03\/Talkpal-Logo-Icon.png\",\"width\":2880,\"height\":2880,\"caption\":\"Talkpal, Inc.\"},\"image\":{\"@id\":\"https:\/\/talkpal.ai\/cs\/#\/schema\/logo\/image\/\"},\"sameAs\":[\"https:\/\/www.facebook.com\/profile.php?id=100090733639311\",\"https:\/\/x.com\/talkpalai\",\"https:\/\/www.linkedin.com\/company\/talkpal\/\",\"https:\/\/www.youtube.com\/@TalkPal\/\",\"https:\/\/www.tiktok.com\/@talkpal\",\"https:\/\/www.instagram.com\/talkpal_ai\/\",\"https:\/\/www.crunchbase.com\/organization\/talkpal-9cde\",\"https:\/\/www.g2.com\/products\/talkpal-for-business\/\",\"https:\/\/www.trustpilot.com\/review\/talkpal.ai\",\"https:\/\/www.capterra.com\/p\/10006800\/TalkPal\/\"],\"description\":\"Talkpal is a language learning web and mobile education app, powered by the latest AI technologies, that provides engaging experiences to its customers in many different languages to help them improve their language skills. Users can chat about unlimited amount of topics with the app and use other modes to practice their language learning.\",\"email\":\"support@talkpal.ai\",\"legalName\":\"Talkpal, Inc.\",\"foundingDate\":\"2023-04-03\",\"duns\":\"118989042\",\"numberOfEmployees\":{\"@type\":\"QuantitativeValue\",\"minValue\":\"11\",\"maxValue\":\"50\"},\"publishingPrinciples\":\"https:\/\/talkpal.ai\/publishing-principles\/\",\"actionableFeedbackPolicy\":\"https:\/\/talkpal.ai\/actionable-feedback-policy\/\",\"correctionsPolicy\":\"https:\/\/talkpal.ai\/corrections-policy\/\",\"ethicsPolicy\":\"https:\/\/talkpal.ai\/ethics-policy\/\",\"diversityPolicy\":\"https:\/\/talkpal.ai\/diversity-policy\/\",\"diversityStaffingReport\":\"https:\/\/talkpal.ai\/diversity-policy\/\"}]}<\/script>\n<!-- \/ Yoast SEO Premium plugin. -->","yoast_head_json":{"title":"Katal\u00e1nsk\u00e1 gramatika - Talkpal","description":"Objevte z\u00e1klady katal\u00e1nsk\u00e9 gramatiky a za\u010dn\u011bte svou cestu do tohoto kr\u00e1sn\u00e9ho rom\u00e1nsk\u00e9ho jazyka je\u0161t\u011b dnes!","robots":{"index":"index","follow":"follow","max-snippet":"max-snippet:-1","max-image-preview":"max-image-preview:large","max-video-preview":"max-video-preview:-1"},"canonical":"https:\/\/talkpal.ai\/cs\/katalanska-gramatika\/","og_locale":"cs_CZ","og_type":"article","og_title":"Katal\u00e1nsk\u00e1 gramatika","og_description":"Katal\u00e1nsk\u00e1 gramatika: Stru\u010dn\u00fd pr\u016fvodce pro jazykov\u00e9 nad\u0161ence Pl\u00e1nujete se nau\u010dit katal\u00e1n\u0161tinu nebo jste jen zv\u011bdav\u00ed na tento kr\u00e1sn\u00fd rom\u00e1nsk\u00fd jazyk? U\u017e","og_url":"https:\/\/talkpal.ai\/cs\/katalanska-gramatika\/","og_site_name":"Talkpal","article_publisher":"https:\/\/www.facebook.com\/profile.php?id=100090733639311","article_modified_time":"2025-05-22T18:36:41+00:00","og_image":[{"width":479,"height":479,"url":"https:\/\/talkpal.ai\/wp-content\/uploads\/2023\/08\/Catalan.png","type":"image\/png"}],"twitter_card":"summary_large_image","twitter_site":"@talkpalai","twitter_misc":{"Odhadovan\u00e1 doba \u010dten\u00ed":"4 minuty"},"schema":{"@context":"https:\/\/schema.org","@graph":[{"@type":"WebPage","@id":"https:\/\/talkpal.ai\/cs\/katalanska-gramatika\/","url":"https:\/\/talkpal.ai\/cs\/katalanska-gramatika\/","name":"Katal\u00e1nsk\u00e1 gramatika - Talkpal","isPartOf":{"@id":"https:\/\/talkpal.ai\/cs\/#website"},"primaryImageOfPage":{"@id":"https:\/\/talkpal.ai\/cs\/katalanska-gramatika\/#primaryimage"},"image":{"@id":"https:\/\/talkpal.ai\/cs\/katalanska-gramatika\/#primaryimage"},"thumbnailUrl":"https:\/\/talkpal.ai\/wp-content\/uploads\/2023\/08\/Catalan.png","datePublished":"2023-05-14T14:00:56+00:00","dateModified":"2025-05-22T18:36:41+00:00","description":"Objevte z\u00e1klady katal\u00e1nsk\u00e9 gramatiky a za\u010dn\u011bte svou cestu do tohoto kr\u00e1sn\u00e9ho rom\u00e1nsk\u00e9ho jazyka je\u0161t\u011b dnes!","breadcrumb":{"@id":"https:\/\/talkpal.ai\/cs\/katalanska-gramatika\/#breadcrumb"},"inLanguage":"cs","potentialAction":[{"@type":"ReadAction","target":["https:\/\/talkpal.ai\/cs\/katalanska-gramatika\/"]}]},{"@type":"ImageObject","inLanguage":"cs","@id":"https:\/\/talkpal.ai\/cs\/katalanska-gramatika\/#primaryimage","url":"https:\/\/talkpal.ai\/wp-content\/uploads\/2023\/08\/Catalan.png","contentUrl":"https:\/\/talkpal.ai\/wp-content\/uploads\/2023\/08\/Catalan.png","width":479,"height":479},{"@type":"BreadcrumbList","@id":"https:\/\/talkpal.ai\/cs\/katalanska-gramatika\/#breadcrumb","itemListElement":[{"@type":"ListItem","position":1,"name":"Homepage","item":"https:\/\/talkpal.ai\/cs\/"},{"@type":"ListItem","position":2,"name":"Katal\u00e1nsk\u00e1 gramatika"}]},{"@type":"WebSite","@id":"https:\/\/talkpal.ai\/cs\/#website","url":"https:\/\/talkpal.ai\/cs\/","name":"Talkpal","description":"AI Language Learning","publisher":{"@id":"https:\/\/talkpal.ai\/cs\/#organization"},"alternateName":"Talkpal AI","potentialAction":[{"@type":"SearchAction","target":{"@type":"EntryPoint","urlTemplate":"https:\/\/talkpal.ai\/cs\/?s={search_term_string}"},"query-input":{"@type":"PropertyValueSpecification","valueRequired":true,"valueName":"search_term_string"}}],"inLanguage":"cs"},{"@type":"Organization","@id":"https:\/\/talkpal.ai\/cs\/#organization","name":"Talkpal, Inc.","alternateName":"Talkpal AI","url":"https:\/\/talkpal.ai\/cs\/","logo":{"@type":"ImageObject","inLanguage":"cs","@id":"https:\/\/talkpal.ai\/cs\/#\/schema\/logo\/image\/","url":"https:\/\/talkpal.ai\/wp-content\/uploads\/2024\/03\/Talkpal-Logo-Icon.png","contentUrl":"https:\/\/talkpal.ai\/wp-content\/uploads\/2024\/03\/Talkpal-Logo-Icon.png","width":2880,"height":2880,"caption":"Talkpal, Inc."},"image":{"@id":"https:\/\/talkpal.ai\/cs\/#\/schema\/logo\/image\/"},"sameAs":["https:\/\/www.facebook.com\/profile.php?id=100090733639311","https:\/\/x.com\/talkpalai","https:\/\/www.linkedin.com\/company\/talkpal\/","https:\/\/www.youtube.com\/@TalkPal\/","https:\/\/www.tiktok.com\/@talkpal","https:\/\/www.instagram.com\/talkpal_ai\/","https:\/\/www.crunchbase.com\/organization\/talkpal-9cde","https:\/\/www.g2.com\/products\/talkpal-for-business\/","https:\/\/www.trustpilot.com\/review\/talkpal.ai","https:\/\/www.capterra.com\/p\/10006800\/TalkPal\/"],"description":"Talkpal is a language learning web and mobile education app, powered by the latest AI technologies, that provides engaging experiences to its customers in many different languages to help them improve their language skills. Users can chat about unlimited amount of topics with the app and use other modes to practice their language learning.","email":"support@talkpal.ai","legalName":"Talkpal, Inc.","foundingDate":"2023-04-03","duns":"118989042","numberOfEmployees":{"@type":"QuantitativeValue","minValue":"11","maxValue":"50"},"publishingPrinciples":"https:\/\/talkpal.ai\/publishing-principles\/","actionableFeedbackPolicy":"https:\/\/talkpal.ai\/actionable-feedback-policy\/","correctionsPolicy":"https:\/\/talkpal.ai\/corrections-policy\/","ethicsPolicy":"https:\/\/talkpal.ai\/ethics-policy\/","diversityPolicy":"https:\/\/talkpal.ai\/diversity-policy\/","diversityStaffingReport":"https:\/\/talkpal.ai\/diversity-policy\/"}]}},"_links":{"self":[{"href":"https:\/\/talkpal.ai\/cs\/wp-json\/wp\/v2\/pages\/142104","targetHints":{"allow":["GET"]}}],"collection":[{"href":"https:\/\/talkpal.ai\/cs\/wp-json\/wp\/v2\/pages"}],"about":[{"href":"https:\/\/talkpal.ai\/cs\/wp-json\/wp\/v2\/types\/page"}],"author":[{"embeddable":true,"href":"https:\/\/talkpal.ai\/cs\/wp-json\/wp\/v2\/users\/1"}],"replies":[{"embeddable":true,"href":"https:\/\/talkpal.ai\/cs\/wp-json\/wp\/v2\/comments?post=142104"}],"version-history":[{"count":0,"href":"https:\/\/talkpal.ai\/cs\/wp-json\/wp\/v2\/pages\/142104\/revisions"}],"wp:featuredmedia":[{"embeddable":true,"href":"https:\/\/talkpal.ai\/cs\/wp-json\/wp\/v2\/media\/142112"}],"wp:attachment":[{"href":"https:\/\/talkpal.ai\/cs\/wp-json\/wp\/v2\/media?parent=142104"}],"curies":[{"name":"wp","href":"https:\/\/api.w.org\/{rel}","templated":true}]}}