{"id":141683,"date":"2023-05-14T14:00:39","date_gmt":"2023-05-14T14:00:39","guid":{"rendered":"http:\/\/talkpal.ai\/bulharska-gramatika\/"},"modified":"2025-05-22T14:36:50","modified_gmt":"2025-05-22T14:36:50","slug":"bulharska-gramatika","status":"publish","type":"page","link":"https:\/\/talkpal.ai\/cs\/bulharska-gramatika\/","title":{"rendered":"Bulharsk\u00e1 gramatika"},"content":{"rendered":"\r\n\r\n\r\n<section class=\"languageChallengeSection\">\r\n    <div class=\"languageInfoWrapper\">\r\n        \r\n        <h1>Bulharsk\u00e1 gramatika<\/h1>\r\n        <p>Prozkoumejte jedine\u010dn\u00e9 rysy bulharsk\u00e9 gramatiky a z\u00edskejte n\u00e1stroje, kter\u00e9 v\u00e1m pomohou s jistotou komunikovat v tomto \u017eiv\u00e9m slovansk\u00e9m jazyce. Pochop\u00edte-li z\u00e1kladn\u00ed pravidla tohoto jazyka, zv\u00fd\u0161\u00edte svou schopnost komunikovat s rodil\u00fdmi mluv\u010d\u00edmi a proniknete hloub\u011bji do bohat\u00e9ho bulharsk\u00e9ho d\u011bdictv\u00ed. Za\u010dn\u011bte svou cestu k bulharsk\u00e9 gramatice dnes a ud\u011blejte prvn\u00ed krok ke zvl\u00e1dnut\u00ed jazyka!<\/p>\r\n\r\n                            <a class=\"getStartedHidden\" href=\"https:\/\/app.talkpal.ai\/cs\/signup?lng=\">Za\u010dni<\/a>\r\n        \r\n    <\/div>\r\n\r\n    <figure>\r\n    <img decoding=\"async\" width=\"768\" height=\"768\" src=\"https:\/\/talkpal.ai\/wp-content\/uploads\/2023\/06\/bulgarian-768x768.png\" class=\"languageImage no-lazy\" alt=\"Language learning for deeper cultural understanding\" fetchpriority=\"high\" sizes=\"(max-width: 768px) 150px, 768px\" srcset=\"https:\/\/talkpal.ai\/wp-content\/uploads\/2023\/06\/bulgarian-768x768.png 768w, https:\/\/talkpal.ai\/wp-content\/uploads\/2023\/06\/bulgarian-300x300.png 300w\" \/>\r\n    \r\n\r\n    <\/figure>\r\n\r\n            <a class=\"getStartedVisible\" href=\"https:\/\/app.talkpal.ai\/cs\/signup?lng=\">Za\u010dni<\/a>\r\n    \r\n<\/section>\r\n<section class=\"promotionalBanner\">\r\n    <p class=\"promotionalText\">Nejefektivn\u011bj\u0161\u00ed zp\u016fsob, jak se nau\u010dit jazyk<\/p>\r\n    <a class=\"promotionalLink\" href=\"https:\/\/app.talkpal.ai\/cs\/signup?lng=\">Vyzkou\u0161ejte Talkpal zdarma<\/a>\r\n<\/section>\n<div class=\"wp-block-group pageContainerStyle\"><div class=\"wp-block-group__inner-container is-layout-constrained wp-block-group-is-layout-constrained\">\n<h2 class=\"wp-block-heading\" id=\"h-the-ultimate-guide-to-bulgarian-grammar-navigating-the-intricacies-of-a-rich-language\">Nejlep\u0161\u00ed pr\u016fvodce bulharskou gramatikou: Navigace ve spletitosti bohat\u00e9ho jazyka<\/h2>\n\n\n\n<p><a href=\"https:\/\/talkpal.ai\/bulgarian-grammar\/\">Bulharsk\u00e1 gramatika<\/a>, stejn\u011b jako jazyk samotn\u00fd, je fascinuj\u00edc\u00ed sm\u011bs\u00ed jednoduchosti, slo\u017eitosti a bohat\u00e9 kulturn\u00ed historie. Bulhar\u0161tina jako jeden z nejstar\u0161\u00edch slovansk\u00fdch jazyk\u016f nab\u00edz\u00ed student\u016fm jazykov\u00e9 vzru\u0161en\u00ed a je v\u00fdzvou i pro ty nejzdatn\u011bj\u0161\u00ed mluv\u010d\u00ed. V t\u00e9to p\u0159\u00edru\u010dce se sezn\u00e1m\u00edme s hlavn\u00edmi z\u00e1sadami bulharsk\u00e9 gramatiky, objasn\u00edme jej\u00ed slo\u017eitost a pom\u016f\u017eeme v\u00e1m na cest\u011b ke zvl\u00e1dnut\u00ed tohoto kr\u00e1sn\u00e9ho jazyka. Pono\u0159me se do toho!<\/p>\n\n\n\n<h2 class=\"wp-block-heading\" id=\"h-the-nuts-and-bolts-bulgarian-sentence-structure\">\u0160rouby a matice: Bulharsk\u00e1 v\u011btn\u00e1 struktura<\/h2>\n\n\n\n<p>Bulharsk\u00e1 <a href=\"https:\/\/talkpal.ai\/sq\/gramatika\/\">gramatika<\/a> je v j\u00e1dru pom\u011brn\u011b p\u0159\u00edmo\u010dar\u00e1. Jazyk se \u0159\u00edd\u00ed v\u011btnou strukturou podm\u011bt-sloveso-objekt (SVO), podobn\u011b jako <a href=\"https:\/\/talkpal.ai\/learn-english-with-ai\/\">angli\u010dtina<\/a> a mnoho dal\u0161\u00edch jazyk\u016f. Nap\u0159\u00edklad v\u011bta &#8222;J\u00edm jablko&#8220; se p\u0159ekl\u00e1d\u00e1 jako &#8222;\u0410\u0437 \u044f\u043c \u044f\u0431\u044a\u043b\u043a\u0430&#8220; (Az yam yabalka). Jednoduch\u00e9, \u017ee? Jakmile se v\u0161ak dostaneme hloub\u011bji, zjist\u00edme, \u017ee bulharsk\u00e1 gramatika je pln\u00e1 p\u0159ekvapen\u00ed a jedine\u010dn\u00fdch vlastnost\u00ed.<\/p>\n\n\n\n<h3 class=\"wp-block-heading\" id=\"h-meet-the-family-bulgarian-nouns-and-their-genders\">Seznamte se s rodinou: bulharsk\u00e1 podstatn\u00e1 jm\u00e9na a jejich rody<\/h3>\n\n\n\n<p>Jedn\u00edm z nejv\u00edce matouc\u00edch aspekt\u016f bulharsk\u00e9 gramatiky pro <a href=\"https:\/\/talkpal.ai\/english-speaking-course\/\">anglicky mluv\u00edc\u00ed<\/a> je pojem gramatick\u00e9ho rodu. V bulhar\u0161tin\u011b je ka\u017ed\u00e9 podstatn\u00e9 jm\u00e9no p\u0159i\u0159azeno k jednomu ze t\u0159\u00ed rod\u016f &#8211; mu\u017esk\u00e9mu, \u017eensk\u00e9mu a st\u0159edn\u00edmu. Je d\u016fle\u017eit\u00e9 rozpoznat rod podstatn\u00e9ho jm\u00e9na, proto\u017ee m\u00e1 vliv na tvar p\u0159\u00eddavn\u00fdch jmen a z\u00e1jmen a na \u010dasov\u00e1n\u00ed sloves, kter\u00e1 po n\u011bm n\u00e1sleduj\u00ed.<\/p>\n\n\n\n<p>Jak tedy ur\u010d\u00edte rod podstatn\u00e9ho jm\u00e9na? Obecn\u011b plat\u00ed, \u017ee v\u0161e z\u00e1le\u017e\u00ed na konci:<\/p>\n\n\n\n<p><strong>&#8211; Podstatn\u00e1 jm\u00e9na mu\u017esk\u00e9ho rodu obvykle kon\u010d\u00ed na souhl\u00e1sku.<\/strong><\/p>\n\n\n\n<p><strong>&#8211; Podstatn\u00e1 jm\u00e9na \u017eensk\u00e9ho rodu obvykle kon\u010d\u00ed na -\u0430 (-a) nebo -\u044f (-ya).<\/strong><\/p>\n\n\n\n<p><strong>&#8211; Podstatn\u00e1 jm\u00e9na st\u0159edn\u00edho rodu \u010dasto kon\u010d\u00ed na -\u043e (-o) nebo -\u0435 (-\u0435).<\/strong><\/p>\n\n\n\n<p>Nap\u0159\u00edklad &#8222;\u043c\u044a\u0436&#8220; (mazh) znamen\u00e1 &#8222;mu\u017e&#8220; a je mu\u017esk\u00e9ho rodu, &#8222;\u0436\u0435\u043d\u0430&#8220; (zhena) znamen\u00e1 &#8222;\u017eena&#8220; a je \u017eensk\u00e9ho rodu a &#8222;\u0434\u0435\u0442\u0435&#8220; (dete) znamen\u00e1 &#8222;d\u00edt\u011b&#8220; a je st\u0159edn\u00edho rodu.<\/p>\n\n\n\n<p>Samoz\u0159ejm\u011b existuj\u00ed v\u00fdjimky, a proto je d\u016fle\u017eit\u00e9 u\u010dit se podstatn\u00e1 jm\u00e9na spolu s jejich rody.<\/p>\n\n\n\n<h3 class=\"wp-block-heading\" id=\"h-playing-with-numbers-bulgarian-plurals\">Hra s \u010d\u00edsly: bulhar\u0161tina mno\u017en\u00e9 \u010d\u00edslo<\/h3>\n\n\n\n<p>Jakmile jste zvl\u00e1dli rod bulharsk\u00fdch podstatn\u00fdch jmen, je \u010das vypo\u0159\u00e1dat se s jejich mno\u017en\u00fdm \u010d\u00edslem. Obecn\u011b se mno\u017en\u00e9 \u010d\u00edslo tvo\u0159\u00ed p\u0159id\u00e1n\u00edm specifick\u00fdch koncovek, kter\u00e9 odpov\u00eddaj\u00ed rodu podstatn\u00e9ho jm\u00e9na:<\/p>\n\n\n\n<p><strong>&#8211; Podstatn\u00e1 jm\u00e9na mu\u017esk\u00e9ho rodu m\u011bn\u00ed posledn\u00ed souhl\u00e1sku na -\u0438 (-i) nebo p\u0159id\u00e1vaj\u00ed -\u043e\u0432\u0435 (-ove).<\/strong><\/p>\n\n\n\n<p><strong>&#8211; Podstatn\u00e1 jm\u00e9na \u017eensk\u00e9ho rodu nahrazuj\u00ed -\u0430 nebo -\u044f koncovkou -\u0438 nebo -\u0435.<\/strong><\/p>\n\n\n\n<p><strong>&#8211; Podstatn\u00e1 jm\u00e9na st\u0159edn\u00edho rodu nahrazuj\u00ed koncovku -\u043e nebo -\u0435 koncovkou -\u0430.<\/strong><\/p>\n\n\n\n<p>Nap\u0159\u00edklad z &#8222;\u0443\u0447\u0435\u043d\u0438\u043a&#8220; (u\u010denik, mu\u017esk\u00fd rod) se st\u00e1v\u00e1 &#8222;\u0443\u0447\u0435\u043d\u0438\u0446\u0438&#8220; (uchenici, <a href=\"https:\/\/talkpal.ai\/talkpal-discount-for-students\/\">studenti<\/a>) a z &#8222;\u043a\u043d\u0438\u0433\u0430&#8220; (kniga, \u017eensk\u00fd rod) se st\u00e1v\u00e1 &#8222;\u043a\u043d\u0438\u0433\u0438&#8220; (knigi, knihy).<\/p>\n\n\n\n<p>Toto pravidlo m\u00e1 v\u00fdjimky, tak\u017ee d\u00e1vejte pozor na nepravideln\u00e9 mno\u017en\u00e9 \u010d\u00edslo a podle toho roz\u0161i\u0159ujte svou slovn\u00ed z\u00e1sobu.<\/p>\n\n\n\n<h3 class=\"wp-block-heading\" id=\"h-the-art-of-conjugation-bulgarian-verbs\">Um\u011bn\u00ed \u010dasov\u00e1n\u00ed: bulharsk\u00e1 slovesa<\/h3>\n\n\n\n<p>Bulharsk\u00e1 slovesa mohou b\u00fdt zastra\u0161uj\u00edc\u00ed kv\u016fli velk\u00e9mu po\u010dtu \u010das\u016f, n\u00e1lad a \u010dasov\u00e1n\u00ed. Kl\u00ed\u010dem k jejich rozlu\u0161t\u011bn\u00ed je v\u0161ak rozpozn\u00e1v\u00e1n\u00ed vzorc\u016f a pravideln\u00e9 cvi\u010den\u00ed.<\/p>\n\n\n\n<p>V bulhar\u0161tin\u011b se slovesa d\u011bl\u00ed do t\u0159\u00ed skupin na z\u00e1klad\u011b jejich infinitivn\u00ed koncovky, -\u0430 (-a), -\u0435 (-\u0435) nebo -\u0438 (-i). Ka\u017ed\u00e1 skupina m\u00e1 sv\u00e1 specifick\u00e1 pravidla \u010dasov\u00e1n\u00ed. Vezm\u011bme si nap\u0159\u00edklad sloveso &#8222;\u043f\u0438\u0448\u0430&#8220; (pisha, &#8222;ps\u00e1t&#8220;):<\/p>\n\n\n\n<p><strong>P\u0159\u00edtomn\u00fd \u010das: (Az pisha, &#8222;p\u00ed\u0161u&#8220;)<\/strong><\/p>\n\n\n\n<p><strong>Minul\u00fd \u010das: (Az pisah, &#8222;napsal jsem&#8220;)<\/strong><\/p>\n\n\n\n<p><strong>Budouc\u00ed \u010das: \u0410\u0437 \u0449\u0435 \u043f\u0438\u0448\u0430 (Az shte pisha, &#8222;nap\u00ed\u0161u&#8220;).<\/strong><\/p>\n\n\n\n<p>Jak vid\u00edte, konce se m\u011bn\u00ed podle \u010dasu. A to jsme se je\u0161t\u011b ani nepo\u0161kr\u00e1bali na povrch bulharsk\u00e9ho slovesa! Nenechte se t\u00edm v\u0161ak zahltit. S prax\u00ed a trp\u011blivost\u00ed za\u010dnete rozpozn\u00e1vat vzorce a tuto v\u00fdzvu p\u0159ekon\u00e1te.<\/p>\n\n\n\n<h3 class=\"wp-block-heading\" id=\"h-the-finishing-touches-bulgarian-adjectives-adverbs-and-more\">Z\u00e1v\u011bre\u010dn\u00e9 \u00fapravy: bulharsk\u00e1 p\u0159\u00eddavn\u00e1 jm\u00e9na, p\u0159\u00edslovce a dal\u0161\u00ed<\/h3>\n\n\n\n<p>Pokud jde o bulharsk\u00e1 p\u0159\u00eddavn\u00e1 jm\u00e9na a p\u0159\u00edslovce, hraj\u00ed z\u00e1sadn\u00ed roli p\u0159i p\u0159id\u00e1v\u00e1n\u00ed hloubky a slo\u017eitosti va\u0161\u00ed \u0159e\u010di. P\u0159\u00eddavn\u00e1 jm\u00e9na se mus\u00ed shodovat s podstatn\u00fdmi jm\u00e9ny, kter\u00e1 modifikuj\u00ed, pokud jde o rod, a obvykle se setk\u00e1te se t\u0159emi tvary &#8211; mu\u017esk\u00fdm, \u017eensk\u00fdm a st\u0159edn\u00edm.<\/p>\n\n\n\n<p>Nap\u0159\u00edklad &#8222;\u0434\u043e\u0431\u044a\u0440&#8220; (dobur) znamen\u00e1 &#8222;dobr\u00fd&#8220; a vyskytuje se jako &#8222;\u0434\u043e\u0431\u044a\u0440 \u043c\u044a\u0436&#8220; (dobur mazh, &#8222;dobr\u00fd mu\u017e&#8220;), &#8222;\u0434\u043e\u0431\u0440\u0430 \u0436\u0435\u043d\u0430&#8220; (dobra zhena, &#8222;dobr\u00e1 \u017eena&#8220;) a &#8222;\u0434\u043e\u0431\u0440\u043e \u0434\u0435\u0442\u0435&#8220; (dobro dete, &#8222;dobr\u00e9 d\u00edt\u011b&#8220;). P\u0159\u00edslovce se \u0159\u00edd\u00ed podobn\u00fdmi vzory, \u010dasto odvozen\u00fdmi od p\u0159\u00eddavn\u00fdch jmen.<\/p>\n\n\n\n<p>Z\u00e1v\u011brem lze \u0159\u00edci, \u017ee slo\u017eitosti a zvl\u00e1\u0161tnosti bulharsk\u00e9 gramatiky jsou sice slo\u017eit\u00e9, ale dod\u00e1vaj\u00ed jazyku jeho podmanivou kr\u00e1su a charakter. D\u00edky kombinaci vytrvalosti, zv\u011bdavosti a praktick\u00e9ho vyu\u017eit\u00ed se brzy nau\u010d\u00edte bulharskou gramatiku s lehkost\u00ed a jistotou. \u0160\u0165astn\u00e9 u\u010den\u00ed!<\/p>\n<\/div><\/div>\n\r\n<section class=\"learnNavigationSection\">\r\n            \r\n        <a href=\"https:\/\/talkpal.ai\/cs\/naucte-se-bulharsky\/\">\r\n            <div class=\"learnNavigationWrapper\">\r\n                <div class=\"learnNavigationContent\">\r\n                    <img decoding=\"async\" src=\"https:\/\/talkpal.ai\/wp-content\/uploads\/2024\/08\/Bulgarian.jpg\" alt=\"Bulgarian Flag\">\r\n                    <div>\r\n                        <h4>O studiu bulhar\u0161tiny<\/h4>\r\n                        <p>Zjist\u011bte v\u0161e o bulharsk\u00e9 gramatice.<\/p>\r\n                    <\/div>\r\n                <\/div>\r\n            <\/div>\r\n        <\/a>\r\n\r\n        \r\n        <a href=\"https:\/\/talkpal.ai\/cs\/bulharska-gramaticka-cviceni\/\">\r\n            <div class=\"learnNavigationWrapper\">\r\n                <div class=\"learnNavigationContent\">\r\n                    <img decoding=\"async\" src=\"https:\/\/talkpal.ai\/wp-content\/uploads\/2024\/08\/Bulgarian.jpg\" alt=\"Bulgarian Flag\">\r\n                    <div>\r\n                        <h4>Cvi\u010den\u00ed z bulharsk\u00e9 gramatiky<\/h4>\r\n                        <p>Procvi\u010dte si bulharskou gramatiku.<\/p>\r\n                    <\/div>\r\n                <\/div>\r\n            <\/div>\r\n        <\/a>\r\n\r\n        \r\n        <a href=\"https:\/\/talkpal.ai\/vocabulary_language\/bulgarian\/\">\r\n            <div class=\"learnNavigationWrapper\">\r\n                <div class=\"learnNavigationContent\">\r\n                    <img decoding=\"async\" src=\"https:\/\/talkpal.ai\/wp-content\/uploads\/2024\/08\/Bulgarian.jpg\" alt=\"Bulgarian Flag\">\r\n                    <div>\r\n                        <h4>Bulharsk\u00e1 slovn\u00ed z\u00e1soba<\/h4>\r\n                        <p>Roz\u0161i\u0159te si slovn\u00ed z\u00e1sobu bulhar\u0161tiny.<\/p>\r\n                    <\/div>\r\n                <\/div>\r\n            <\/div>\r\n        <\/a>\r\n\r\n            <\/section>","protected":false},"excerpt":{"rendered":"<p>Nejlep\u0161\u00ed pr\u016fvodce bulharskou gramatikou: Navigace ve spletitosti bohat\u00e9ho jazyka Bulharsk\u00e1 gramatika, stejn\u011b jako jazyk samotn\u00fd, je fascinuj\u00edc\u00ed sm\u011bs\u00ed jednoduchosti, slo\u017eitosti a bohat\u00e9 kulturn\u00ed historie. Bulhar\u0161tina jako jeden z nejstar\u0161\u00edch slovansk\u00fdch jazyk\u016f nab\u00edz\u00ed student\u016fm jazykov\u00e9 vzru\u0161en\u00ed a je v\u00fdzvou i pro ty nejzdatn\u011bj\u0161\u00ed mluv\u010d\u00ed. V t\u00e9to p\u0159\u00edru\u010dce se sezn\u00e1m\u00edme s hlavn\u00edmi z\u00e1sadami bulharsk\u00e9 gramatiky, objasn\u00edme jej\u00ed [&hellip;]<\/p>\n","protected":false},"author":1,"featured_media":111155,"parent":0,"menu_order":0,"comment_status":"closed","ping_status":"closed","template":"LearningContentPage.php","meta":{"_acf_changed":false,"footnotes":""},"class_list":["post-141683","page","type-page","status-publish","has-post-thumbnail","hentry"],"acf":[],"yoast_head":"<!-- This site is optimized with the Yoast SEO Premium plugin v27.2 (Yoast SEO v27.2) - https:\/\/yoast.com\/product\/yoast-seo-premium-wordpress\/ -->\n<title>Bulharsk\u00e1 gramatika - Talkpal<\/title>\n<meta name=\"description\" content=\"Prozkoumejte z\u00e1klady bulharsk\u00e9 gramatiky pro lep\u0161\u00ed porozum\u011bn\u00ed jazyku a komunika\u010dn\u00ed dovednosti.\" \/>\n<meta name=\"robots\" content=\"index, follow, max-snippet:-1, max-image-preview:large, max-video-preview:-1\" \/>\n<link rel=\"canonical\" href=\"https:\/\/talkpal.ai\/cs\/bulharska-gramatika\/\" \/>\n<meta property=\"og:locale\" content=\"cs_CZ\" \/>\n<meta property=\"og:type\" content=\"article\" \/>\n<meta property=\"og:title\" content=\"Bulharsk\u00e1 gramatika\" \/>\n<meta property=\"og:description\" content=\"Nejlep\u0161\u00ed pr\u016fvodce bulharskou gramatikou: Navigace ve spletitosti bohat\u00e9ho jazyka Bulharsk\u00e1 gramatika, stejn\u011b jako jazyk samotn\u00fd, je fascinuj\u00edc\u00ed sm\u011bs\u00ed\" \/>\n<meta property=\"og:url\" content=\"https:\/\/talkpal.ai\/cs\/bulharska-gramatika\/\" \/>\n<meta property=\"og:site_name\" content=\"Talkpal\" \/>\n<meta property=\"article:publisher\" content=\"https:\/\/www.facebook.com\/profile.php?id=100090733639311\" \/>\n<meta property=\"article:modified_time\" content=\"2025-05-22T14:36:50+00:00\" \/>\n<meta property=\"og:image\" content=\"https:\/\/talkpal.ai\/wp-content\/uploads\/2023\/05\/bulgaria.png\" \/>\n\t<meta property=\"og:image:width\" content=\"512\" \/>\n\t<meta property=\"og:image:height\" content=\"512\" \/>\n\t<meta property=\"og:image:type\" content=\"image\/png\" \/>\n<meta name=\"twitter:card\" content=\"summary_large_image\" \/>\n<meta name=\"twitter:site\" content=\"@talkpalai\" \/>\n<meta name=\"twitter:label1\" content=\"Odhadovan\u00e1 doba \u010dten\u00ed\" \/>\n\t<meta name=\"twitter:data1\" content=\"4 minuty\" \/>\n<script type=\"application\/ld+json\" class=\"yoast-schema-graph\">{\"@context\":\"https:\/\/schema.org\",\"@graph\":[{\"@type\":\"WebPage\",\"@id\":\"https:\/\/talkpal.ai\/cs\/bulharska-gramatika\/\",\"url\":\"https:\/\/talkpal.ai\/cs\/bulharska-gramatika\/\",\"name\":\"Bulharsk\u00e1 gramatika - Talkpal\",\"isPartOf\":{\"@id\":\"https:\/\/talkpal.ai\/cs\/#website\"},\"primaryImageOfPage\":{\"@id\":\"https:\/\/talkpal.ai\/cs\/bulharska-gramatika\/#primaryimage\"},\"image\":{\"@id\":\"https:\/\/talkpal.ai\/cs\/bulharska-gramatika\/#primaryimage\"},\"thumbnailUrl\":\"https:\/\/talkpal.ai\/wp-content\/uploads\/2023\/05\/bulgaria.png\",\"datePublished\":\"2023-05-14T14:00:39+00:00\",\"dateModified\":\"2025-05-22T14:36:50+00:00\",\"description\":\"Prozkoumejte z\u00e1klady bulharsk\u00e9 gramatiky pro lep\u0161\u00ed porozum\u011bn\u00ed jazyku a komunika\u010dn\u00ed dovednosti.\",\"breadcrumb\":{\"@id\":\"https:\/\/talkpal.ai\/cs\/bulharska-gramatika\/#breadcrumb\"},\"inLanguage\":\"cs\",\"potentialAction\":[{\"@type\":\"ReadAction\",\"target\":[\"https:\/\/talkpal.ai\/cs\/bulharska-gramatika\/\"]}]},{\"@type\":\"ImageObject\",\"inLanguage\":\"cs\",\"@id\":\"https:\/\/talkpal.ai\/cs\/bulharska-gramatika\/#primaryimage\",\"url\":\"https:\/\/talkpal.ai\/wp-content\/uploads\/2023\/05\/bulgaria.png\",\"contentUrl\":\"https:\/\/talkpal.ai\/wp-content\/uploads\/2023\/05\/bulgaria.png\",\"width\":512,\"height\":512},{\"@type\":\"BreadcrumbList\",\"@id\":\"https:\/\/talkpal.ai\/cs\/bulharska-gramatika\/#breadcrumb\",\"itemListElement\":[{\"@type\":\"ListItem\",\"position\":1,\"name\":\"Homepage\",\"item\":\"https:\/\/talkpal.ai\/cs\/\"},{\"@type\":\"ListItem\",\"position\":2,\"name\":\"Bulharsk\u00e1 gramatika\"}]},{\"@type\":\"WebSite\",\"@id\":\"https:\/\/talkpal.ai\/cs\/#website\",\"url\":\"https:\/\/talkpal.ai\/cs\/\",\"name\":\"Talkpal\",\"description\":\"AI Language Learning\",\"publisher\":{\"@id\":\"https:\/\/talkpal.ai\/cs\/#organization\"},\"alternateName\":\"Talkpal AI\",\"potentialAction\":[{\"@type\":\"SearchAction\",\"target\":{\"@type\":\"EntryPoint\",\"urlTemplate\":\"https:\/\/talkpal.ai\/cs\/?s={search_term_string}\"},\"query-input\":{\"@type\":\"PropertyValueSpecification\",\"valueRequired\":true,\"valueName\":\"search_term_string\"}}],\"inLanguage\":\"cs\"},{\"@type\":\"Organization\",\"@id\":\"https:\/\/talkpal.ai\/cs\/#organization\",\"name\":\"Talkpal, Inc.\",\"alternateName\":\"Talkpal AI\",\"url\":\"https:\/\/talkpal.ai\/cs\/\",\"logo\":{\"@type\":\"ImageObject\",\"inLanguage\":\"cs\",\"@id\":\"https:\/\/talkpal.ai\/cs\/#\/schema\/logo\/image\/\",\"url\":\"https:\/\/talkpal.ai\/wp-content\/uploads\/2024\/03\/Talkpal-Logo-Icon.png\",\"contentUrl\":\"https:\/\/talkpal.ai\/wp-content\/uploads\/2024\/03\/Talkpal-Logo-Icon.png\",\"width\":2880,\"height\":2880,\"caption\":\"Talkpal, Inc.\"},\"image\":{\"@id\":\"https:\/\/talkpal.ai\/cs\/#\/schema\/logo\/image\/\"},\"sameAs\":[\"https:\/\/www.facebook.com\/profile.php?id=100090733639311\",\"https:\/\/x.com\/talkpalai\",\"https:\/\/www.linkedin.com\/company\/talkpal\/\",\"https:\/\/www.youtube.com\/@TalkPal\/\",\"https:\/\/www.tiktok.com\/@talkpal\",\"https:\/\/www.instagram.com\/talkpal_ai\/\",\"https:\/\/www.crunchbase.com\/organization\/talkpal-9cde\",\"https:\/\/www.g2.com\/products\/talkpal-for-business\/\",\"https:\/\/www.trustpilot.com\/review\/talkpal.ai\",\"https:\/\/www.capterra.com\/p\/10006800\/TalkPal\/\"],\"description\":\"Talkpal is a language learning web and mobile education app, powered by the latest AI technologies, that provides engaging experiences to its customers in many different languages to help them improve their language skills. Users can chat about unlimited amount of topics with the app and use other modes to practice their language learning.\",\"email\":\"support@talkpal.ai\",\"legalName\":\"Talkpal, Inc.\",\"foundingDate\":\"2023-04-03\",\"duns\":\"118989042\",\"numberOfEmployees\":{\"@type\":\"QuantitativeValue\",\"minValue\":\"11\",\"maxValue\":\"50\"},\"publishingPrinciples\":\"https:\/\/talkpal.ai\/publishing-principles\/\",\"actionableFeedbackPolicy\":\"https:\/\/talkpal.ai\/actionable-feedback-policy\/\",\"correctionsPolicy\":\"https:\/\/talkpal.ai\/corrections-policy\/\",\"ethicsPolicy\":\"https:\/\/talkpal.ai\/ethics-policy\/\",\"diversityPolicy\":\"https:\/\/talkpal.ai\/diversity-policy\/\",\"diversityStaffingReport\":\"https:\/\/talkpal.ai\/diversity-policy\/\"}]}<\/script>\n<!-- \/ Yoast SEO Premium plugin. -->","yoast_head_json":{"title":"Bulharsk\u00e1 gramatika - Talkpal","description":"Prozkoumejte z\u00e1klady bulharsk\u00e9 gramatiky pro lep\u0161\u00ed porozum\u011bn\u00ed jazyku a komunika\u010dn\u00ed dovednosti.","robots":{"index":"index","follow":"follow","max-snippet":"max-snippet:-1","max-image-preview":"max-image-preview:large","max-video-preview":"max-video-preview:-1"},"canonical":"https:\/\/talkpal.ai\/cs\/bulharska-gramatika\/","og_locale":"cs_CZ","og_type":"article","og_title":"Bulharsk\u00e1 gramatika","og_description":"Nejlep\u0161\u00ed pr\u016fvodce bulharskou gramatikou: Navigace ve spletitosti bohat\u00e9ho jazyka Bulharsk\u00e1 gramatika, stejn\u011b jako jazyk samotn\u00fd, je fascinuj\u00edc\u00ed sm\u011bs\u00ed","og_url":"https:\/\/talkpal.ai\/cs\/bulharska-gramatika\/","og_site_name":"Talkpal","article_publisher":"https:\/\/www.facebook.com\/profile.php?id=100090733639311","article_modified_time":"2025-05-22T14:36:50+00:00","og_image":[{"width":512,"height":512,"url":"https:\/\/talkpal.ai\/wp-content\/uploads\/2023\/05\/bulgaria.png","type":"image\/png"}],"twitter_card":"summary_large_image","twitter_site":"@talkpalai","twitter_misc":{"Odhadovan\u00e1 doba \u010dten\u00ed":"4 minuty"},"schema":{"@context":"https:\/\/schema.org","@graph":[{"@type":"WebPage","@id":"https:\/\/talkpal.ai\/cs\/bulharska-gramatika\/","url":"https:\/\/talkpal.ai\/cs\/bulharska-gramatika\/","name":"Bulharsk\u00e1 gramatika - Talkpal","isPartOf":{"@id":"https:\/\/talkpal.ai\/cs\/#website"},"primaryImageOfPage":{"@id":"https:\/\/talkpal.ai\/cs\/bulharska-gramatika\/#primaryimage"},"image":{"@id":"https:\/\/talkpal.ai\/cs\/bulharska-gramatika\/#primaryimage"},"thumbnailUrl":"https:\/\/talkpal.ai\/wp-content\/uploads\/2023\/05\/bulgaria.png","datePublished":"2023-05-14T14:00:39+00:00","dateModified":"2025-05-22T14:36:50+00:00","description":"Prozkoumejte z\u00e1klady bulharsk\u00e9 gramatiky pro lep\u0161\u00ed porozum\u011bn\u00ed jazyku a komunika\u010dn\u00ed dovednosti.","breadcrumb":{"@id":"https:\/\/talkpal.ai\/cs\/bulharska-gramatika\/#breadcrumb"},"inLanguage":"cs","potentialAction":[{"@type":"ReadAction","target":["https:\/\/talkpal.ai\/cs\/bulharska-gramatika\/"]}]},{"@type":"ImageObject","inLanguage":"cs","@id":"https:\/\/talkpal.ai\/cs\/bulharska-gramatika\/#primaryimage","url":"https:\/\/talkpal.ai\/wp-content\/uploads\/2023\/05\/bulgaria.png","contentUrl":"https:\/\/talkpal.ai\/wp-content\/uploads\/2023\/05\/bulgaria.png","width":512,"height":512},{"@type":"BreadcrumbList","@id":"https:\/\/talkpal.ai\/cs\/bulharska-gramatika\/#breadcrumb","itemListElement":[{"@type":"ListItem","position":1,"name":"Homepage","item":"https:\/\/talkpal.ai\/cs\/"},{"@type":"ListItem","position":2,"name":"Bulharsk\u00e1 gramatika"}]},{"@type":"WebSite","@id":"https:\/\/talkpal.ai\/cs\/#website","url":"https:\/\/talkpal.ai\/cs\/","name":"Talkpal","description":"AI Language Learning","publisher":{"@id":"https:\/\/talkpal.ai\/cs\/#organization"},"alternateName":"Talkpal AI","potentialAction":[{"@type":"SearchAction","target":{"@type":"EntryPoint","urlTemplate":"https:\/\/talkpal.ai\/cs\/?s={search_term_string}"},"query-input":{"@type":"PropertyValueSpecification","valueRequired":true,"valueName":"search_term_string"}}],"inLanguage":"cs"},{"@type":"Organization","@id":"https:\/\/talkpal.ai\/cs\/#organization","name":"Talkpal, Inc.","alternateName":"Talkpal AI","url":"https:\/\/talkpal.ai\/cs\/","logo":{"@type":"ImageObject","inLanguage":"cs","@id":"https:\/\/talkpal.ai\/cs\/#\/schema\/logo\/image\/","url":"https:\/\/talkpal.ai\/wp-content\/uploads\/2024\/03\/Talkpal-Logo-Icon.png","contentUrl":"https:\/\/talkpal.ai\/wp-content\/uploads\/2024\/03\/Talkpal-Logo-Icon.png","width":2880,"height":2880,"caption":"Talkpal, Inc."},"image":{"@id":"https:\/\/talkpal.ai\/cs\/#\/schema\/logo\/image\/"},"sameAs":["https:\/\/www.facebook.com\/profile.php?id=100090733639311","https:\/\/x.com\/talkpalai","https:\/\/www.linkedin.com\/company\/talkpal\/","https:\/\/www.youtube.com\/@TalkPal\/","https:\/\/www.tiktok.com\/@talkpal","https:\/\/www.instagram.com\/talkpal_ai\/","https:\/\/www.crunchbase.com\/organization\/talkpal-9cde","https:\/\/www.g2.com\/products\/talkpal-for-business\/","https:\/\/www.trustpilot.com\/review\/talkpal.ai","https:\/\/www.capterra.com\/p\/10006800\/TalkPal\/"],"description":"Talkpal is a language learning web and mobile education app, powered by the latest AI technologies, that provides engaging experiences to its customers in many different languages to help them improve their language skills. Users can chat about unlimited amount of topics with the app and use other modes to practice their language learning.","email":"support@talkpal.ai","legalName":"Talkpal, Inc.","foundingDate":"2023-04-03","duns":"118989042","numberOfEmployees":{"@type":"QuantitativeValue","minValue":"11","maxValue":"50"},"publishingPrinciples":"https:\/\/talkpal.ai\/publishing-principles\/","actionableFeedbackPolicy":"https:\/\/talkpal.ai\/actionable-feedback-policy\/","correctionsPolicy":"https:\/\/talkpal.ai\/corrections-policy\/","ethicsPolicy":"https:\/\/talkpal.ai\/ethics-policy\/","diversityPolicy":"https:\/\/talkpal.ai\/diversity-policy\/","diversityStaffingReport":"https:\/\/talkpal.ai\/diversity-policy\/"}]}},"_links":{"self":[{"href":"https:\/\/talkpal.ai\/cs\/wp-json\/wp\/v2\/pages\/141683","targetHints":{"allow":["GET"]}}],"collection":[{"href":"https:\/\/talkpal.ai\/cs\/wp-json\/wp\/v2\/pages"}],"about":[{"href":"https:\/\/talkpal.ai\/cs\/wp-json\/wp\/v2\/types\/page"}],"author":[{"embeddable":true,"href":"https:\/\/talkpal.ai\/cs\/wp-json\/wp\/v2\/users\/1"}],"replies":[{"embeddable":true,"href":"https:\/\/talkpal.ai\/cs\/wp-json\/wp\/v2\/comments?post=141683"}],"version-history":[{"count":0,"href":"https:\/\/talkpal.ai\/cs\/wp-json\/wp\/v2\/pages\/141683\/revisions"}],"wp:featuredmedia":[{"embeddable":true,"href":"https:\/\/talkpal.ai\/cs\/wp-json\/wp\/v2\/media\/111155"}],"wp:attachment":[{"href":"https:\/\/talkpal.ai\/cs\/wp-json\/wp\/v2\/media?parent=141683"}],"curies":[{"name":"wp","href":"https:\/\/api.w.org\/{rel}","templated":true}]}}