{"id":141345,"date":"2023-05-14T14:00:03","date_gmt":"2023-05-14T14:00:03","guid":{"rendered":"http:\/\/talkpal.ai\/bosenska-gramatika\/"},"modified":"2025-05-22T14:41:36","modified_gmt":"2025-05-22T14:41:36","slug":"bosenska-gramatika","status":"publish","type":"page","link":"https:\/\/talkpal.ai\/cs\/bosenska-gramatika\/","title":{"rendered":"Bosensk\u00e1 gramatika"},"content":{"rendered":"\r\n\r\n\r\n<section class=\"languageChallengeSection\">\r\n    <div class=\"languageInfoWrapper\">\r\n        \r\n        <h1>Bosensk\u00e1 gramatika<\/h1>\r\n        <p>Osvojte si z\u00e1klady bosensk\u00e9 gramatiky a odhalte bohat\u00fd a v\u00fdrazn\u00fd sv\u011bt bosensk\u00e9ho jazyka. Dobr\u00e1 znalost bosensk\u00e9 gramatiky v\u00e1m pom\u016f\u017ee s jistotou komunikovat a l\u00e9pe si v\u00e1\u017eit t\u00e9to kultury. Za\u010dn\u011bte se u\u010dit bosenskou gramatiku je\u0161t\u011b dnes a ud\u011blejte prvn\u00ed krok k plynulosti v\u00fduky!<\/p>\r\n\r\n                            <a class=\"getStartedHidden\" href=\"https:\/\/app.talkpal.ai\/cs\/signup?lng=\">Za\u010dni<\/a>\r\n        \r\n    <\/div>\r\n\r\n    <figure>\r\n    <img decoding=\"async\" width=\"768\" height=\"768\" src=\"https:\/\/talkpal.ai\/wp-content\/uploads\/2023\/06\/bosinian-768x768.png\" class=\"languageImage no-lazy\" alt=\"Language learning for increasing employability\" fetchpriority=\"high\" sizes=\"(max-width: 768px) 150px, 768px\" srcset=\"https:\/\/talkpal.ai\/wp-content\/uploads\/2023\/06\/bosinian-768x768.png 768w, https:\/\/talkpal.ai\/wp-content\/uploads\/2023\/06\/bosinian-300x300.png 300w\" \/>\r\n    \r\n\r\n    <\/figure>\r\n\r\n            <a class=\"getStartedVisible\" href=\"https:\/\/app.talkpal.ai\/cs\/signup?lng=\">Za\u010dni<\/a>\r\n    \r\n<\/section>\r\n<section class=\"promotionalBanner\">\r\n    <p class=\"promotionalText\">Nejefektivn\u011bj\u0161\u00ed <a href=\"https:\/\/talkpal.ai\/best-way-to-learn\/\">zp\u016fsob<\/a>, jak se nau\u010dit jazyk<\/p>\r\n    <a class=\"promotionalLink\" href=\"https:\/\/app.talkpal.ai\/cs\/signup?lng=\">Vyzkou\u0161ejte Talkpal zdarma<\/a>\r\n<\/section>\n<div class=\"wp-block-group pageContainerStyle\"><div class=\"wp-block-group__inner-container is-layout-constrained wp-block-group-is-layout-constrained\">\n<h2 class=\"wp-block-heading\" id=\"h-bosnian-grammar-a-guide-to-understanding-its-unique-features\">Bosensk\u00e1 gramatika: Pr\u016fvodce k pochopen\u00ed jej\u00edch jedine\u010dn\u00fdch rys\u016f<\/h2>\n\n\n\n<p>U\u010d\u00edte se bosensky a t\u00e1pete v gramatice tohoto jazyka? Nebojte se! V tomto \u010dl\u00e1nku se pono\u0159\u00edme do taj\u016f bosensk\u00e9 gramatiky a pom\u016f\u017eeme v\u00e1m pochopit jej\u00ed jedine\u010dn\u00e9 vlastnosti, a to v\u0161e p\u0159i zachov\u00e1n\u00ed jednoduchosti a poutavosti. Jste p\u0159ipraveni vydat se na tuto vzru\u0161uj\u00edc\u00ed jazykovou cestu? Za\u010dn\u011bme!<\/p>\n\n\n\n<h3 class=\"wp-block-heading\" id=\"h-the-fundamentals-nouns-and-pronouns\">Z\u00e1klady: Podstatn\u00e1 jm\u00e9na a z\u00e1jmena<\/h3>\n\n\n\n<p>Nejd\u0159\u00edve je t\u0159eba v\u011bd\u011bt, \u017ee <a href=\"https:\/\/talkpal.ai\/learn-bosnian\/\">bosen\u0161tina<\/a> m\u00e1 stejn\u011b jako ostatn\u00ed slovansk\u00e9 <a href=\"https:\/\/talkpal.ai\/what-language-is-spoken-on-the-international-space-station\/\">jazyky<\/a> t\u0159i gramatick\u00e9 rody: mu\u017esk\u00fd, \u017eensk\u00fd a st\u0159edn\u00ed. Jak pozn\u00e1te, ke kter\u00e9mu rodu podstatn\u00e9 jm\u00e9no pat\u0159\u00ed? To je snadn\u00e9! V\u0161e se to\u010d\u00ed kolem konce. Zde je stru\u010dn\u00fd pr\u016fvodce:<\/p>\n\n\n\n<p><strong>&#8211; Podstatn\u00e1 jm\u00e9na mu\u017esk\u00e9ho rodu obvykle kon\u010d\u00ed na souhl\u00e1sku,<\/strong><\/p>\n\n\n\n<p><strong>&#8211; Podstatn\u00e1 jm\u00e9na \u017eensk\u00e9ho rodu obvykle kon\u010d\u00ed na -a,<\/strong><\/p>\n\n\n\n<p><strong>&#8211; Podstatn\u00e1 jm\u00e9na st\u0159edn\u00edho rodu nej\u010dast\u011bji kon\u010d\u00ed na -o nebo -e.<\/strong><\/p>\n\n\n\n<p>M\u011bjte na pam\u011bti, \u017ee se jedn\u00e1 o obecn\u00e1 pravidla a mohou existovat v\u00fdjimky. Nyn\u00ed si promluvme o z\u00e1jmenech. Osobn\u00ed z\u00e1jmena se v bosen\u0161tin\u011b m\u011bn\u00ed podle rodu, \u010d\u00edsla (jednotn\u00e9 nebo mno\u017en\u00e9 \u010d\u00edslo) a p\u00e1du podstatn\u00e9ho jm\u00e9na (v\u00edce o p\u00e1dech pozd\u011bji). V bosen\u0161tin\u011b existuje sedm osobn\u00edch z\u00e1jmen: ja (j\u00e1), ti (vy, jednotn\u00e9 \u010d\u00edslo\/neform\u00e1ln\u00ed), on (on), ona (ona), <a href=\"https:\/\/talkpal.ai\/locations\/language-courses-in-ono\/\">ono<\/a> (to), mi (my) a vi (ty, mno\u017en\u00e9\/form\u00e1ln\u00ed). Pamatujte, \u017ee bosen\u0161tina m\u00e1 neform\u00e1ln\u00ed i form\u00e1ln\u00ed zp\u016fsob oslovov\u00e1n\u00ed lid\u00ed \u2013 tak\u017ee se ujist\u011bte, \u017ee pou\u017e\u00edv\u00e1te spr\u00e1vn\u00e9 z\u00e1jmeno, kdy\u017e s n\u011bk\u00fdm mluv\u00edte!<\/p>\n\n\n\n<h3 class=\"wp-block-heading\" id=\"h-next-up-verb-conjugation\">Dal\u0161\u00ed: \u010casov\u00e1n\u00ed sloves<\/h3>\n\n\n\n<p>Slovesa jsou p\u00e1te\u0159\u00ed ka\u017ed\u00e9ho jazyka a bosen\u0161tina nen\u00ed v\u00fdjimkou. Bosensk\u00e1 slovesa maj\u00ed dva hlavn\u00ed vzory \u010dasov\u00e1n\u00ed: jeden pro slovesa, kter\u00e1 kon\u010d\u00ed na -ti (prvn\u00ed \u010dasov\u00e1n\u00ed) a druh\u00fd pro slovesa kon\u010d\u00edc\u00ed na -\u0107i (druh\u00e9 \u010dasov\u00e1n\u00ed). V obou p\u0159\u00edpadech se koncovky sloves m\u011bn\u00ed v z\u00e1vislosti na rod\u011b, \u010d\u00edsle a \u010dase podm\u011btu.<\/p>\n\n\n\n<p>Kdy\u017e u\u017e mluv\u00edme o \u010dasech, bosen\u0161tina m\u00e1 t\u0159i jednoduch\u00e9 \u010dasy: p\u0159\u00edtomn\u00fd, minul\u00fd a budouc\u00ed. P\u0159\u00edtomn\u00fd \u010das se tvo\u0159\u00ed p\u0159id\u00e1n\u00edm specifick\u00fdch koncovek do kmene slovesa. Minul\u00fd \u010das se naopak tvo\u0159\u00ed pomoc\u00ed pomocn\u00e9ho slovesa &#8222;biti&#8220; (b\u00fdt) v infinitivn\u00edm tvaru &#8222;bio&#8220; a p\u0159\u00ed\u010dest\u00ed minul\u00e9ho. Nakonec se budouc\u00ed \u010das vytvo\u0159\u00ed spojen\u00edm pomocn\u00e9ho slovesa &#8222;htjeti&#8220; (bude) a infinitivn\u00edho tvaru hlavn\u00edho slovesa.<\/p>\n\n\n\n<h3 class=\"wp-block-heading\" id=\"h-the-magic-of-cases\">Kouzlo pouzder<\/h3>\n\n\n\n<p><a href=\"https:\/\/talkpal.ai\/bosnian-grammar\/\">Bosensk\u00e1 gramatika<\/a> pou\u017e\u00edv\u00e1 p\u00e1dov\u00fd syst\u00e9m, co\u017e znamen\u00e1, \u017ee podstatn\u00e1 jm\u00e9na, z\u00e1jmena, p\u0159\u00eddavn\u00e1 jm\u00e9na a n\u011bkdy i slovesa m\u011bn\u00ed sv\u00e9 tvary podle sv\u00e9 funkce ve v\u011bt\u011b. V bosen\u0161tin\u011b existuje sedm p\u00e1d\u016f: nominativ, genitiv, dativ, akuzativ, vokativ, instrument\u00e1l a lok\u00e1l.<\/p>\n\n\n\n<p>Nenechte se t\u011bmito pojmy zastra\u0161it! Je to jen ot\u00e1zka praxe. Ka\u017ed\u00fd p\u0159\u00edpad slou\u017e\u00ed ur\u010dit\u00e9mu \u00fa\u010delu a odpov\u00edd\u00e1 na konkr\u00e9tn\u00ed ot\u00e1zky:<\/p>\n\n\n\n<p><strong>1. Nominativ:<\/strong> Podm\u011bt v\u011bty. Kdo nebo co d\u011bl\u00e1 akci?<\/p>\n\n\n\n<p><strong>2. Genitiv:<\/strong> Ozna\u010duje vlastnictv\u00ed, p\u016fvod nebo \u010d\u00e1st n\u011b\u010deho. \u010c\u00ed nebo z \u010deho?<\/p>\n\n\n\n<p><strong>3. Dativ:<\/strong> Nep\u0159\u00edm\u00fd p\u0159edm\u011bt \u2013 komu nebo komu je n\u011bco d\u00e1no nebo vykon\u00e1no?<\/p>\n\n\n\n<p><strong>4. Akuzativ:<\/strong> P\u0159\u00edm\u00fd p\u0159edm\u011bt \u2013 kdo nebo co p\u0159ij\u00edm\u00e1 akci?<\/p>\n\n\n\n<p><strong>5. Vokativ:<\/strong> Pou\u017e\u00edv\u00e1 se k p\u0159\u00edm\u00e9mu osloven\u00ed n\u011bkoho nebo n\u011b\u010deho \u2013 Hej, ty!<\/p>\n\n\n\n<p><strong>6. Instrument\u00e1ln\u00ed:<\/strong> P\u0159edstavuje prost\u0159edek nebo metodu akce \u2013 \u010d\u00edm nebo k\u00fdm?<\/p>\n\n\n\n<p><strong>7. Lok\u00e1l:<\/strong> Ukazuje um\u00edst\u011bn\u00ed nebo polohu n\u011b\u010deho \u2013 kde nebo na \u010dem?<\/p>\n\n\n\n<h3 class=\"wp-block-heading\" id=\"h-loving-the-adjectives\">Milov\u00e1n\u00ed p\u0159\u00eddavn\u00fdch jmen<\/h3>\n\n\n\n<p>P\u0159\u00eddavn\u00e1 jm\u00e9na v bosen\u0161tin\u011b souhlas\u00ed s podstatn\u00fdm jm\u00e9nem, kter\u00e9 modifikuj\u00ed, pokud jde o rod, \u010d\u00edslo a p\u00e1d. To znamen\u00e1, \u017ee p\u0159\u00eddavn\u00e1 jm\u00e9na, stejn\u011b jako podstatn\u00e1 jm\u00e9na a z\u00e1jmena, maj\u00ed r\u016fzn\u00e9 tvary v z\u00e1vislosti na podstatn\u00e9m jm\u00e9nu, kter\u00e9 popisuj\u00ed.<\/p>\n\n\n\n<p>Pokud nap\u0159\u00edklad chcete v bosen\u0161tin\u011b \u0159\u00edci &#8222;velk\u00fd d\u016fm&#8220; (co\u017e je podstatn\u00e9 jm\u00e9no \u017eensk\u00e9ho rodu), \u0159eknete &#8222;velika ku\u0107a&#8220;. Pokud v\u0161ak mluv\u00edte o &#8222;velk\u00e9m aut\u011b&#8220; (podstatn\u00e9 jm\u00e9no mu\u017esk\u00e9ho rodu), \u0159eknete &#8222;veliki auto&#8220;.<\/p>\n\n\n\n<h3 class=\"wp-block-heading\" id=\"h-final-thoughts\">Z\u00e1v\u011bre\u010dn\u00e9 my\u0161lenky<\/h3>\n\n\n\n<p>Bosensk\u00e1 <a href=\"https:\/\/talkpal.ai\/sq\/gramatika\/\">gramatika<\/a> se sv\u00fdm rodem, p\u00e1dy a \u010dasov\u00e1n\u00edm sloves se m\u016f\u017ee zpo\u010d\u00e1tku zd\u00e1t slo\u017eit\u00e1, ale pamatujte: cvi\u010den\u00ed d\u011bl\u00e1 mistra! Jde o to pochopit syst\u00e9m a pou\u017e\u00edvat ho v re\u00e1ln\u00fdch situac\u00edch. Bu\u010fte trp\u011bliv\u00ed, tr\u00e9nujte a brzy zjist\u00edte, \u017ee kr\u00e1sn\u00fd jazyk Bosny ovl\u00e1d\u00e1te. Sretno! (Hodn\u011b \u0161t\u011bst\u00ed!)<\/p>\n<\/div><\/div>\n\r\n<section class=\"learnNavigationSection\">\r\n            \r\n        <a href=\"https:\/\/talkpal.ai\/cs\/naucte-se-bosensky\/\">\r\n            <div class=\"learnNavigationWrapper\">\r\n                <div class=\"learnNavigationContent\">\r\n                    <img decoding=\"async\" src=\"https:\/\/talkpal.ai\/wp-content\/uploads\/2024\/08\/Bosnian.jpg\" alt=\"Bosnian Flag\">\r\n                    <div>\r\n                        <h4>O bosensk\u00e9m vzd\u011bl\u00e1v\u00e1n\u00ed<\/h4>\r\n                        <p>Zjist\u011bte v\u0161e o bosensk\u00e9 gramatice.<\/p>\r\n                    <\/div>\r\n                <\/div>\r\n            <\/div>\r\n        <\/a>\r\n\r\n        \r\n        <a href=\"https:\/\/talkpal.ai\/cs\/cviceni-na-bosenskou-gramatiku\/\">\r\n            <div class=\"learnNavigationWrapper\">\r\n                <div class=\"learnNavigationContent\">\r\n                    <img decoding=\"async\" src=\"https:\/\/talkpal.ai\/wp-content\/uploads\/2024\/08\/Bosnian.jpg\" alt=\"Bosnian Flag\">\r\n                    <div>\r\n                        <h4>Cvi\u010den\u00ed z bosensk\u00e9 gramatiky<\/h4>\r\n                        <p>Procvi\u010dte si bosenskou gramatiku.<\/p>\r\n                    <\/div>\r\n                <\/div>\r\n            <\/div>\r\n        <\/a>\r\n\r\n        \r\n        <a href=\"https:\/\/talkpal.ai\/vocabulary_language\/bosnian\/\">\r\n            <div class=\"learnNavigationWrapper\">\r\n                <div class=\"learnNavigationContent\">\r\n                    <img decoding=\"async\" src=\"https:\/\/talkpal.ai\/wp-content\/uploads\/2024\/08\/Bosnian.jpg\" alt=\"Bosnian Flag\">\r\n                    <div>\r\n                        <h4>Bosensk\u00e1 slovn\u00ed z\u00e1soba<\/h4>\r\n                        <p>Roz\u0161i\u0159te si slovn\u00ed z\u00e1sobu bosensk\u00e9ho jazyka.<\/p>\r\n                    <\/div>\r\n                <\/div>\r\n            <\/div>\r\n        <\/a>\r\n\r\n            <\/section>","protected":false},"excerpt":{"rendered":"<p>Bosensk\u00e1 gramatika: Pr\u016fvodce k pochopen\u00ed jej\u00edch jedine\u010dn\u00fdch rys\u016f U\u010d\u00edte se bosensky a t\u00e1pete v gramatice tohoto jazyka? Nebojte se! V tomto \u010dl\u00e1nku se pono\u0159\u00edme do taj\u016f bosensk\u00e9 gramatiky a pom\u016f\u017eeme v\u00e1m pochopit jej\u00ed jedine\u010dn\u00e9 vlastnosti, a to v\u0161e p\u0159i zachov\u00e1n\u00ed jednoduchosti a poutavosti. Jste p\u0159ipraveni vydat se na tuto vzru\u0161uj\u00edc\u00ed jazykovou cestu? Za\u010dn\u011bme! Z\u00e1klady: Podstatn\u00e1 [&hellip;]<\/p>\n","protected":false},"author":1,"featured_media":111366,"parent":0,"menu_order":0,"comment_status":"closed","ping_status":"closed","template":"LearningContentPage.php","meta":{"_acf_changed":false,"footnotes":""},"class_list":["post-141345","page","type-page","status-publish","has-post-thumbnail","hentry"],"acf":[],"yoast_head":"<!-- This site is optimized with the Yoast SEO Premium plugin v27.2 (Yoast SEO v27.2) - https:\/\/yoast.com\/product\/yoast-seo-premium-wordpress\/ -->\n<title>Bosensk\u00e1 gramatika - Talkpal<\/title>\n<meta name=\"description\" content=\"Ovl\u00e1dejte bosenskou gramatiku bez n\u00e1mahy pomoc\u00ed Talkpal, jazykov\u00fdm u\u010ditelem poh\u00e1n\u011bn\u00fdm um\u011blou inteligenc\u00ed. Objevte snadn\u00e1 vysv\u011btlen\u00ed, praktick\u00e9 tipy a interaktivn\u00ed cvi\u010den\u00ed!\" \/>\n<meta name=\"robots\" content=\"index, follow, max-snippet:-1, max-image-preview:large, max-video-preview:-1\" \/>\n<link rel=\"canonical\" href=\"https:\/\/talkpal.ai\/cs\/bosenska-gramatika\/\" \/>\n<meta property=\"og:locale\" content=\"cs_CZ\" \/>\n<meta property=\"og:type\" content=\"article\" \/>\n<meta property=\"og:title\" content=\"Bosensk\u00e1 gramatika\" \/>\n<meta property=\"og:description\" content=\"Bosensk\u00e1 gramatika: Pr\u016fvodce k pochopen\u00ed jej\u00edch jedine\u010dn\u00fdch rys\u016f U\u010d\u00edte se bosensky a t\u00e1pete v gramatice tohoto jazyka? Nebojte se! V tomto \u010dl\u00e1nku se\" \/>\n<meta property=\"og:url\" content=\"https:\/\/talkpal.ai\/cs\/bosenska-gramatika\/\" \/>\n<meta property=\"og:site_name\" content=\"Talkpal\" \/>\n<meta property=\"article:publisher\" content=\"https:\/\/www.facebook.com\/profile.php?id=100090733639311\" \/>\n<meta property=\"article:modified_time\" content=\"2025-05-22T14:41:36+00:00\" \/>\n<meta property=\"og:image\" content=\"https:\/\/talkpal.ai\/wp-content\/uploads\/2023\/05\/bosnia-and-herzegovina.png\" \/>\n\t<meta property=\"og:image:width\" content=\"512\" \/>\n\t<meta property=\"og:image:height\" content=\"512\" \/>\n\t<meta property=\"og:image:type\" content=\"image\/png\" \/>\n<meta name=\"twitter:card\" content=\"summary_large_image\" \/>\n<meta name=\"twitter:site\" content=\"@talkpalai\" \/>\n<meta name=\"twitter:label1\" content=\"Odhadovan\u00e1 doba \u010dten\u00ed\" \/>\n\t<meta name=\"twitter:data1\" content=\"4 minuty\" \/>\n<script type=\"application\/ld+json\" class=\"yoast-schema-graph\">{\"@context\":\"https:\/\/schema.org\",\"@graph\":[{\"@type\":\"WebPage\",\"@id\":\"https:\/\/talkpal.ai\/cs\/bosenska-gramatika\/\",\"url\":\"https:\/\/talkpal.ai\/cs\/bosenska-gramatika\/\",\"name\":\"Bosensk\u00e1 gramatika - Talkpal\",\"isPartOf\":{\"@id\":\"https:\/\/talkpal.ai\/cs\/#website\"},\"primaryImageOfPage\":{\"@id\":\"https:\/\/talkpal.ai\/cs\/bosenska-gramatika\/#primaryimage\"},\"image\":{\"@id\":\"https:\/\/talkpal.ai\/cs\/bosenska-gramatika\/#primaryimage\"},\"thumbnailUrl\":\"https:\/\/talkpal.ai\/wp-content\/uploads\/2023\/05\/bosnia-and-herzegovina.png\",\"datePublished\":\"2023-05-14T14:00:03+00:00\",\"dateModified\":\"2025-05-22T14:41:36+00:00\",\"description\":\"Ovl\u00e1dejte bosenskou gramatiku bez n\u00e1mahy pomoc\u00ed Talkpal, jazykov\u00fdm u\u010ditelem poh\u00e1n\u011bn\u00fdm um\u011blou inteligenc\u00ed. Objevte snadn\u00e1 vysv\u011btlen\u00ed, praktick\u00e9 tipy a interaktivn\u00ed cvi\u010den\u00ed!\",\"breadcrumb\":{\"@id\":\"https:\/\/talkpal.ai\/cs\/bosenska-gramatika\/#breadcrumb\"},\"inLanguage\":\"cs\",\"potentialAction\":[{\"@type\":\"ReadAction\",\"target\":[\"https:\/\/talkpal.ai\/cs\/bosenska-gramatika\/\"]}]},{\"@type\":\"ImageObject\",\"inLanguage\":\"cs\",\"@id\":\"https:\/\/talkpal.ai\/cs\/bosenska-gramatika\/#primaryimage\",\"url\":\"https:\/\/talkpal.ai\/wp-content\/uploads\/2023\/05\/bosnia-and-herzegovina.png\",\"contentUrl\":\"https:\/\/talkpal.ai\/wp-content\/uploads\/2023\/05\/bosnia-and-herzegovina.png\",\"width\":512,\"height\":512},{\"@type\":\"BreadcrumbList\",\"@id\":\"https:\/\/talkpal.ai\/cs\/bosenska-gramatika\/#breadcrumb\",\"itemListElement\":[{\"@type\":\"ListItem\",\"position\":1,\"name\":\"Homepage\",\"item\":\"https:\/\/talkpal.ai\/cs\/\"},{\"@type\":\"ListItem\",\"position\":2,\"name\":\"Bosensk\u00e1 gramatika\"}]},{\"@type\":\"WebSite\",\"@id\":\"https:\/\/talkpal.ai\/cs\/#website\",\"url\":\"https:\/\/talkpal.ai\/cs\/\",\"name\":\"Talkpal\",\"description\":\"AI Language Learning\",\"publisher\":{\"@id\":\"https:\/\/talkpal.ai\/cs\/#organization\"},\"alternateName\":\"Talkpal AI\",\"potentialAction\":[{\"@type\":\"SearchAction\",\"target\":{\"@type\":\"EntryPoint\",\"urlTemplate\":\"https:\/\/talkpal.ai\/cs\/?s={search_term_string}\"},\"query-input\":{\"@type\":\"PropertyValueSpecification\",\"valueRequired\":true,\"valueName\":\"search_term_string\"}}],\"inLanguage\":\"cs\"},{\"@type\":\"Organization\",\"@id\":\"https:\/\/talkpal.ai\/cs\/#organization\",\"name\":\"Talkpal, Inc.\",\"alternateName\":\"Talkpal AI\",\"url\":\"https:\/\/talkpal.ai\/cs\/\",\"logo\":{\"@type\":\"ImageObject\",\"inLanguage\":\"cs\",\"@id\":\"https:\/\/talkpal.ai\/cs\/#\/schema\/logo\/image\/\",\"url\":\"https:\/\/talkpal.ai\/wp-content\/uploads\/2024\/03\/Talkpal-Logo-Icon.png\",\"contentUrl\":\"https:\/\/talkpal.ai\/wp-content\/uploads\/2024\/03\/Talkpal-Logo-Icon.png\",\"width\":2880,\"height\":2880,\"caption\":\"Talkpal, Inc.\"},\"image\":{\"@id\":\"https:\/\/talkpal.ai\/cs\/#\/schema\/logo\/image\/\"},\"sameAs\":[\"https:\/\/www.facebook.com\/profile.php?id=100090733639311\",\"https:\/\/x.com\/talkpalai\",\"https:\/\/www.linkedin.com\/company\/talkpal\/\",\"https:\/\/www.youtube.com\/@TalkPal\/\",\"https:\/\/www.tiktok.com\/@talkpal\",\"https:\/\/www.instagram.com\/talkpal_ai\/\",\"https:\/\/www.crunchbase.com\/organization\/talkpal-9cde\",\"https:\/\/www.g2.com\/products\/talkpal-for-business\/\",\"https:\/\/www.trustpilot.com\/review\/talkpal.ai\",\"https:\/\/www.capterra.com\/p\/10006800\/TalkPal\/\"],\"description\":\"Talkpal is a language learning web and mobile education app, powered by the latest AI technologies, that provides engaging experiences to its customers in many different languages to help them improve their language skills. Users can chat about unlimited amount of topics with the app and use other modes to practice their language learning.\",\"email\":\"support@talkpal.ai\",\"legalName\":\"Talkpal, Inc.\",\"foundingDate\":\"2023-04-03\",\"duns\":\"118989042\",\"numberOfEmployees\":{\"@type\":\"QuantitativeValue\",\"minValue\":\"11\",\"maxValue\":\"50\"},\"publishingPrinciples\":\"https:\/\/talkpal.ai\/publishing-principles\/\",\"actionableFeedbackPolicy\":\"https:\/\/talkpal.ai\/actionable-feedback-policy\/\",\"correctionsPolicy\":\"https:\/\/talkpal.ai\/corrections-policy\/\",\"ethicsPolicy\":\"https:\/\/talkpal.ai\/ethics-policy\/\",\"diversityPolicy\":\"https:\/\/talkpal.ai\/diversity-policy\/\",\"diversityStaffingReport\":\"https:\/\/talkpal.ai\/diversity-policy\/\"}]}<\/script>\n<!-- \/ Yoast SEO Premium plugin. -->","yoast_head_json":{"title":"Bosensk\u00e1 gramatika - Talkpal","description":"Ovl\u00e1dejte bosenskou gramatiku bez n\u00e1mahy pomoc\u00ed Talkpal, jazykov\u00fdm u\u010ditelem poh\u00e1n\u011bn\u00fdm um\u011blou inteligenc\u00ed. Objevte snadn\u00e1 vysv\u011btlen\u00ed, praktick\u00e9 tipy a interaktivn\u00ed cvi\u010den\u00ed!","robots":{"index":"index","follow":"follow","max-snippet":"max-snippet:-1","max-image-preview":"max-image-preview:large","max-video-preview":"max-video-preview:-1"},"canonical":"https:\/\/talkpal.ai\/cs\/bosenska-gramatika\/","og_locale":"cs_CZ","og_type":"article","og_title":"Bosensk\u00e1 gramatika","og_description":"Bosensk\u00e1 gramatika: Pr\u016fvodce k pochopen\u00ed jej\u00edch jedine\u010dn\u00fdch rys\u016f U\u010d\u00edte se bosensky a t\u00e1pete v gramatice tohoto jazyka? Nebojte se! V tomto \u010dl\u00e1nku se","og_url":"https:\/\/talkpal.ai\/cs\/bosenska-gramatika\/","og_site_name":"Talkpal","article_publisher":"https:\/\/www.facebook.com\/profile.php?id=100090733639311","article_modified_time":"2025-05-22T14:41:36+00:00","og_image":[{"width":512,"height":512,"url":"https:\/\/talkpal.ai\/wp-content\/uploads\/2023\/05\/bosnia-and-herzegovina.png","type":"image\/png"}],"twitter_card":"summary_large_image","twitter_site":"@talkpalai","twitter_misc":{"Odhadovan\u00e1 doba \u010dten\u00ed":"4 minuty"},"schema":{"@context":"https:\/\/schema.org","@graph":[{"@type":"WebPage","@id":"https:\/\/talkpal.ai\/cs\/bosenska-gramatika\/","url":"https:\/\/talkpal.ai\/cs\/bosenska-gramatika\/","name":"Bosensk\u00e1 gramatika - Talkpal","isPartOf":{"@id":"https:\/\/talkpal.ai\/cs\/#website"},"primaryImageOfPage":{"@id":"https:\/\/talkpal.ai\/cs\/bosenska-gramatika\/#primaryimage"},"image":{"@id":"https:\/\/talkpal.ai\/cs\/bosenska-gramatika\/#primaryimage"},"thumbnailUrl":"https:\/\/talkpal.ai\/wp-content\/uploads\/2023\/05\/bosnia-and-herzegovina.png","datePublished":"2023-05-14T14:00:03+00:00","dateModified":"2025-05-22T14:41:36+00:00","description":"Ovl\u00e1dejte bosenskou gramatiku bez n\u00e1mahy pomoc\u00ed Talkpal, jazykov\u00fdm u\u010ditelem poh\u00e1n\u011bn\u00fdm um\u011blou inteligenc\u00ed. Objevte snadn\u00e1 vysv\u011btlen\u00ed, praktick\u00e9 tipy a interaktivn\u00ed cvi\u010den\u00ed!","breadcrumb":{"@id":"https:\/\/talkpal.ai\/cs\/bosenska-gramatika\/#breadcrumb"},"inLanguage":"cs","potentialAction":[{"@type":"ReadAction","target":["https:\/\/talkpal.ai\/cs\/bosenska-gramatika\/"]}]},{"@type":"ImageObject","inLanguage":"cs","@id":"https:\/\/talkpal.ai\/cs\/bosenska-gramatika\/#primaryimage","url":"https:\/\/talkpal.ai\/wp-content\/uploads\/2023\/05\/bosnia-and-herzegovina.png","contentUrl":"https:\/\/talkpal.ai\/wp-content\/uploads\/2023\/05\/bosnia-and-herzegovina.png","width":512,"height":512},{"@type":"BreadcrumbList","@id":"https:\/\/talkpal.ai\/cs\/bosenska-gramatika\/#breadcrumb","itemListElement":[{"@type":"ListItem","position":1,"name":"Homepage","item":"https:\/\/talkpal.ai\/cs\/"},{"@type":"ListItem","position":2,"name":"Bosensk\u00e1 gramatika"}]},{"@type":"WebSite","@id":"https:\/\/talkpal.ai\/cs\/#website","url":"https:\/\/talkpal.ai\/cs\/","name":"Talkpal","description":"AI Language Learning","publisher":{"@id":"https:\/\/talkpal.ai\/cs\/#organization"},"alternateName":"Talkpal AI","potentialAction":[{"@type":"SearchAction","target":{"@type":"EntryPoint","urlTemplate":"https:\/\/talkpal.ai\/cs\/?s={search_term_string}"},"query-input":{"@type":"PropertyValueSpecification","valueRequired":true,"valueName":"search_term_string"}}],"inLanguage":"cs"},{"@type":"Organization","@id":"https:\/\/talkpal.ai\/cs\/#organization","name":"Talkpal, Inc.","alternateName":"Talkpal AI","url":"https:\/\/talkpal.ai\/cs\/","logo":{"@type":"ImageObject","inLanguage":"cs","@id":"https:\/\/talkpal.ai\/cs\/#\/schema\/logo\/image\/","url":"https:\/\/talkpal.ai\/wp-content\/uploads\/2024\/03\/Talkpal-Logo-Icon.png","contentUrl":"https:\/\/talkpal.ai\/wp-content\/uploads\/2024\/03\/Talkpal-Logo-Icon.png","width":2880,"height":2880,"caption":"Talkpal, Inc."},"image":{"@id":"https:\/\/talkpal.ai\/cs\/#\/schema\/logo\/image\/"},"sameAs":["https:\/\/www.facebook.com\/profile.php?id=100090733639311","https:\/\/x.com\/talkpalai","https:\/\/www.linkedin.com\/company\/talkpal\/","https:\/\/www.youtube.com\/@TalkPal\/","https:\/\/www.tiktok.com\/@talkpal","https:\/\/www.instagram.com\/talkpal_ai\/","https:\/\/www.crunchbase.com\/organization\/talkpal-9cde","https:\/\/www.g2.com\/products\/talkpal-for-business\/","https:\/\/www.trustpilot.com\/review\/talkpal.ai","https:\/\/www.capterra.com\/p\/10006800\/TalkPal\/"],"description":"Talkpal is a language learning web and mobile education app, powered by the latest AI technologies, that provides engaging experiences to its customers in many different languages to help them improve their language skills. Users can chat about unlimited amount of topics with the app and use other modes to practice their language learning.","email":"support@talkpal.ai","legalName":"Talkpal, Inc.","foundingDate":"2023-04-03","duns":"118989042","numberOfEmployees":{"@type":"QuantitativeValue","minValue":"11","maxValue":"50"},"publishingPrinciples":"https:\/\/talkpal.ai\/publishing-principles\/","actionableFeedbackPolicy":"https:\/\/talkpal.ai\/actionable-feedback-policy\/","correctionsPolicy":"https:\/\/talkpal.ai\/corrections-policy\/","ethicsPolicy":"https:\/\/talkpal.ai\/ethics-policy\/","diversityPolicy":"https:\/\/talkpal.ai\/diversity-policy\/","diversityStaffingReport":"https:\/\/talkpal.ai\/diversity-policy\/"}]}},"_links":{"self":[{"href":"https:\/\/talkpal.ai\/cs\/wp-json\/wp\/v2\/pages\/141345","targetHints":{"allow":["GET"]}}],"collection":[{"href":"https:\/\/talkpal.ai\/cs\/wp-json\/wp\/v2\/pages"}],"about":[{"href":"https:\/\/talkpal.ai\/cs\/wp-json\/wp\/v2\/types\/page"}],"author":[{"embeddable":true,"href":"https:\/\/talkpal.ai\/cs\/wp-json\/wp\/v2\/users\/1"}],"replies":[{"embeddable":true,"href":"https:\/\/talkpal.ai\/cs\/wp-json\/wp\/v2\/comments?post=141345"}],"version-history":[{"count":0,"href":"https:\/\/talkpal.ai\/cs\/wp-json\/wp\/v2\/pages\/141345\/revisions"}],"wp:featuredmedia":[{"embeddable":true,"href":"https:\/\/talkpal.ai\/cs\/wp-json\/wp\/v2\/media\/111366"}],"wp:attachment":[{"href":"https:\/\/talkpal.ai\/cs\/wp-json\/wp\/v2\/media?parent=141345"}],"curies":[{"name":"wp","href":"https:\/\/api.w.org\/{rel}","templated":true}]}}