{"id":141107,"date":"2023-05-14T13:59:42","date_gmt":"2023-05-14T13:59:42","guid":{"rendered":"http:\/\/talkpal.ai\/beloruska-gramatika\/"},"modified":"2025-05-22T13:50:02","modified_gmt":"2025-05-22T13:50:02","slug":"beloruska-gramatika","status":"publish","type":"page","link":"https:\/\/talkpal.ai\/cs\/beloruska-gramatika\/","title":{"rendered":"B\u011blorusk\u00e1 gramatika"},"content":{"rendered":"\r\n\r\n\r\n<section class=\"languageChallengeSection\">\r\n    <div class=\"languageInfoWrapper\">\r\n        \r\n        <h1>B\u011blorusk\u00e1 gramatika<\/h1>\r\n        <p>Objevte kr\u00e1su a bohatstv\u00ed b\u011blorusk\u00e9ho jazyka t\u00edm, \u017ee se nau\u010d\u00edte jeho z\u00e1kladn\u00ed gramatick\u00e1 pravidla. Dobr\u00e1 znalost b\u011blorusk\u00e9 gramatiky v\u00e1m pom\u016f\u017ee komunikovat s jistotou a nav\u00e1zat kontakt s b\u011bloruskou kulturou. Pono\u0159te se do n\u00ed a za\u010dn\u011bte svou cestu ke zvl\u00e1dnut\u00ed b\u011bloru\u0161tiny je\u0161t\u011b dnes!<\/p>\r\n\r\n                            <a class=\"getStartedHidden\" href=\"https:\/\/app.talkpal.ai\/cs\/signup?lng=\">Za\u010dni<\/a>\r\n        \r\n    <\/div>\r\n\r\n    <figure>\r\n    <img decoding=\"async\" width=\"768\" height=\"768\" src=\"https:\/\/talkpal.ai\/wp-content\/uploads\/2023\/06\/belarusian-768x768.png\" class=\"languageImage no-lazy\" alt=\"Language learning for academic excellence\" fetchpriority=\"high\" sizes=\"(max-width: 768px) 150px, 768px\" srcset=\"https:\/\/talkpal.ai\/wp-content\/uploads\/2023\/06\/belarusian-768x768.png 768w, https:\/\/talkpal.ai\/wp-content\/uploads\/2023\/06\/belarusian-300x300.png 300w\" \/>\r\n    \r\n\r\n    <\/figure>\r\n\r\n            <a class=\"getStartedVisible\" href=\"https:\/\/app.talkpal.ai\/cs\/signup?lng=\">Za\u010dni<\/a>\r\n    \r\n<\/section>\r\n<section class=\"promotionalBanner\">\r\n    <p class=\"promotionalText\">Nejefektivn\u011bj\u0161\u00ed <a href=\"https:\/\/talkpal.ai\/best-way-to-learn\/\">zp\u016fsob<\/a>, jak se nau\u010dit jazyk<\/p>\r\n    <a class=\"promotionalLink\" href=\"https:\/\/app.talkpal.ai\/cs\/signup?lng=\">Vyzkou\u0161ejte Talkpal zdarma<\/a>\r\n<\/section>\n<div class=\"wp-block-group pageContainerStyle\"><div class=\"wp-block-group__inner-container is-layout-constrained wp-block-group-is-layout-constrained\">\n<h2 class=\"wp-block-heading\" id=\"h-belarusian-grammar-a-closer-look-at-the-slavic-language-s-intricacies\">B\u011blorusk\u00e1 gramatika: bli\u017e\u0161\u00ed pohled na slo\u017eitosti slovansk\u00e9ho jazyka<\/h2>\n\n\n\n<p>Jste cti\u017e\u00e1dostiv\u00fd polyglot s fascinac\u00ed slovansk\u00fdmi <a href=\"https:\/\/talkpal.ai\/what-language-is-spoken-on-the-international-space-station\/\">jazyky<\/a>? Nebo jste jen zv\u011bdav\u00ed na gramatick\u00e9 slo\u017eitosti jazyk\u016f z t\u00e9to zaj\u00edmav\u00e9 oblasti? Pokud ano, p\u0159ipoutejte se! V tomto \u010dl\u00e1nku prozkoum\u00e1me \u00fa\u017easn\u00fd sv\u011bt b\u011blorusk\u00e9 gramatiky, m\u00e9n\u011b zn\u00e1m\u00e9ho, ale fascinuj\u00edc\u00edho \u010dlena slovansk\u00e9 jazykov\u00e9 rodiny.<\/p>\n\n\n\n<p>Poj\u010fme se do toho pono\u0159it, ano?<\/p>\n\n\n\n<h3 class=\"wp-block-heading\" id=\"h-first-things-first-what-is-belarusian\">Za prv\u00e9: Co je to b\u011bloru\u0161tina?<\/h3>\n\n\n\n<p><a href=\"https:\/\/talkpal.ai\/learn-belarusian\/\">B\u011bloru\u0161tina<\/a> je \u00fa\u0159edn\u00edm jazykem B\u011bloruska, vnitrozemsk\u00e9ho st\u00e1tu le\u017e\u00edc\u00edho ve v\u00fdchodn\u00ed Evrop\u011b mezi Ruskem, Ukrajinou, Polskem, Litvou a Loty\u0161skem. S p\u0159ibli\u017en\u011b 7,9 miliony mluv\u010d\u00edch m\u00e1 <a href=\"https:\/\/talkpal.ai\/learn-belarusian\/\">b\u011bloru\u0161tina<\/a> roztomil\u00e9 kouzlo pro lingvisty i jazykov\u00e9 nad\u0161ence. Jako slovansk\u00fd jazyk m\u00e1 b\u011bloru\u0161tina mnoho podobnost\u00ed s ru\u0161tinou, ukrajin\u0161tinou a pol\u0161tinou; Zahrnuje v\u0161ak tak\u00e9 sv\u00e9 vlastn\u00ed jedine\u010dn\u00e9 vlastnosti, kter\u00e9 jej odli\u0161uj\u00ed od jeho sourozenc\u016f.<\/p>\n\n\n\n<h3 class=\"wp-block-heading\" id=\"h-the-building-blocks-nouns-pronouns-and-cases\">Stavebn\u00ed bloky: podstatn\u00e1 jm\u00e9na, z\u00e1jmena a p\u00e1dy<\/h3>\n\n\n\n<p>Stejn\u011b jako ostatn\u00ed slovansk\u00e9 jazyky se i <a href=\"https:\/\/talkpal.ai\/belarusian-grammar\/\">b\u011blorusk\u00e1 gramatika<\/a> to\u010d\u00ed kolem sklo\u0148ov\u00e1n\u00ed slov. To znamen\u00e1, \u017ee koncovky slov se m\u011bn\u00ed podle jejich gramatick\u00e9 funkce ve v\u011bt\u011b. Nejv\u00edce se to projevuje u podstatn\u00fdch jmen, z\u00e1jmen a p\u0159\u00eddavn\u00fdch jmen, kdy\u017e se pou\u017e\u00edvaj\u00ed v r\u016fzn\u00fdch p\u00e1dech. B\u011bloru\u0161tina m\u00e1 \u0161est p\u0159\u00edpad\u016f, kter\u00e9 jsou n\u00e1sleduj\u00edc\u00ed:<\/p>\n\n\n\n<p><strong>1. Nominativ &#8211; ozna\u010duje podm\u011bt v\u011bty<\/strong><\/p>\n\n\n\n<p><strong>2. Genitiv &#8211; vyjad\u0159uje vlastnictv\u00ed nebo p\u0159edm\u011bt negace<\/strong><\/p>\n\n\n\n<p><strong>3. Dativ &#8211; ozna\u010duje nep\u0159\u00edm\u00fd p\u0159edm\u011bt v\u011bty<\/strong><\/p>\n\n\n\n<p><strong>4. Akuzativ &#8211; ozna\u010duje p\u0159\u00edm\u00fd p\u0159edm\u011bt v\u011bty<\/strong><\/p>\n\n\n\n<p><strong>5. Instrument\u00e1l &#8211; vyjad\u0159uje prost\u0159edek nebo zp\u016fsob, jak\u00fdm je \u010dinnost prov\u00e1d\u011bna.<\/strong><\/p>\n\n\n\n<p><strong>6. P\u0159edlo\u017ekov\u00fd nebo lok\u00e1lov\u00fd &#8211; ur\u010duje m\u00edsto nebo p\u0159edm\u011bt p\u0159edlo\u017eek<\/strong><\/p>\n\n\n\n<p>Krom\u011b p\u00e1d\u016f maj\u00ed b\u011blorusk\u00e1 podstatn\u00e1 jm\u00e9na tak\u00e9 t\u0159i rody (mu\u017esk\u00fd, \u017eensk\u00fd a st\u0159edn\u00ed) a dv\u011b \u010d\u00edsla (jednotn\u00e9 a mno\u017en\u00e9 \u010d\u00edslo). Ka\u017ed\u00e1 kombinace rodu a \u010d\u00edsla m\u00e1 v ka\u017ed\u00e9m p\u0159\u00edpad\u011b specifick\u00e9 koncovky, tak\u017ee je d\u016fle\u017eit\u00e9 si je zapamatovat, abyste mohli sestavit gramaticky spr\u00e1vn\u00e9 v\u011bty.<\/p>\n\n\n\n<h3 class=\"wp-block-heading\" id=\"h-let-s-talk-verbs-tenses-aspects-and-moods\">Mluvme o slovesech: \u010casy, aspekty a n\u00e1lady<\/h3>\n\n\n\n<p>B\u011blorusk\u00e1 slovesa jsou \u00fa\u017easn\u011b slo\u017eit\u00e1, pln\u00e1 nuanc\u00ed a slo\u017eitosti. Maj\u00ed t\u0159i \u010dasy (minul\u00fd, p\u0159\u00edtomn\u00fd a budouc\u00ed), dva aspekty (dokonav\u00fd a nedokonav\u00fd) a tak\u00e9 t\u0159i zp\u016fsoby (indikativn\u00ed, rozkazovac\u00ed a kondicion\u00e1l). To, co odli\u0161uje b\u011blorusk\u00e1 slovesa od ostatn\u00edch slovansk\u00fdch jazyk\u016f, je jejich rozs\u00e1hl\u00e9 pou\u017e\u00edv\u00e1n\u00ed vidu.<\/p>\n\n\n\n<p>Aspekt se vztahuje k tomu, zda je d\u011bj vn\u00edm\u00e1n jako dokon\u010den\u00fd (dokonav\u00fd) nebo pokra\u010duj\u00edc\u00ed (nedokonav\u00fd). Mnoho sloves se vyskytuje ve dvojic\u00edch, kter\u00e9 ozna\u010duj\u00ed r\u016fzn\u00e9 aspekty, \u010dasto pomoc\u00ed jedine\u010dn\u00e9 p\u0159edpony nebo p\u0159\u00edpony. Zvl\u00e1dnut\u00ed aspektu je nezbytn\u00e9 pro pochopen\u00ed jemnost\u00ed b\u011blorusk\u00e9ho jazyka.<\/p>\n\n\n\n<h3 class=\"wp-block-heading\" id=\"h-adjectives-adverbs-and-other-delights\">P\u0159\u00eddavn\u00e1 jm\u00e9na, p\u0159\u00edslovce a jin\u00e9 po\u017eitky<\/h3>\n\n\n\n<p>B\u011blorusk\u00e1 p\u0159\u00eddavn\u00e1 jm\u00e9na souhlas\u00ed s podstatn\u00fdmi jm\u00e9ny, kter\u00e1 modifikuj\u00ed, pokud jde o rod, \u010d\u00edslo a p\u00e1d. Maj\u00ed tak\u00e9 komparativy a superlativy, kter\u00e9 vyjad\u0159uj\u00ed r\u016fzn\u00e9 stupn\u011b vlastnost\u00ed. Mnoho p\u0159\u00edslovc\u00ed je nav\u00edc odvozeno od p\u0159\u00eddavn\u00fdch jmen jednoduch\u00fdm p\u0159id\u00e1n\u00edm p\u0159\u00edpony &#8222;-\u0430&#8220; pro mu\u017esk\u00fd rod a &#8222;-\u044b&#8220; pro \u017eensk\u00fd rod.<\/p>\n\n\n\n<p>B\u011bloru\u0161tina tak\u00e9 obsahuje fascinuj\u00edc\u00ed \u0159adu spojek, p\u0159edlo\u017eek, \u010d\u00edslovek a \u010d\u00e1stic, kter\u00e9 v\u00e1m pomohou vytv\u00e1\u0159et propracovan\u00e9 a expresivn\u00ed v\u011bty. S dostate\u010dn\u00fdm tr\u00e9ninkem budete brzy schopni spl\u00e9tat slova jako prav\u00fd b\u011blorusk\u00fd mistr slova.<\/p>\n\n\n\n<h3 class=\"wp-block-heading\" id=\"h-in-closing-the-magic-of-belarusian-grammar\">Z\u00e1v\u011brem: Kouzlo b\u011blorusk\u00e9 gramatiky<\/h3>\n\n\n\n<p>Na prvn\u00ed pohled se <a href=\"https:\/\/talkpal.ai\/belarusian-grammar\/\">b\u011blorusk\u00e1 gramatika<\/a> m\u016f\u017ee zd\u00e1t skli\u010duj\u00edc\u00ed. Kdy\u017e se v\u0161ak pono\u0159\u00edte hloub\u011bji do jeho bohat\u00e9 tapiserie p\u00e1d\u016f, aspekt\u016f a dal\u0161\u00edch jazykov\u00fdch zvl\u00e1\u0161tnost\u00ed, objev\u00edte jazyk pln\u00fd hloubky, nuanc\u00ed a expresivity. P\u0159ijet\u00ed v\u00fdzvy b\u011blorusk\u00e9 gramatiky v\u00e1m nejen umo\u017en\u00ed l\u00e9pe porozum\u011bt slovansk\u00e9 rodin\u011b obecn\u011b, ale tak\u00e9 v\u00e1m umo\u017en\u00ed p\u0159\u00edstup ke kr\u00e1sn\u00e9 a \u017eiv\u00e9 kultu\u0159e, kter\u00e1 \u010dek\u00e1 na va\u0161e prozkoum\u00e1n\u00ed.<\/p>\n\n\n\n<p>Nyn\u00ed, vyzbrojeni nov\u011b nabyt\u00fdmi znalostmi b\u011blorusk\u00e9 gramatiky, pro\u010d se nepono\u0159it hloub\u011bji do tohoto fascinuj\u00edc\u00edho jazyka? Kdo v\u00ed &#8211; mo\u017en\u00e1 se jednoho dne budete proch\u00e1zet ulicemi Minsku a bez probl\u00e9m\u016f si pov\u00eddat s m\u00edstn\u00edmi obyvateli v jejich rodn\u00e9m jazyce. \u0160\u0165astn\u00e9 u\u010den\u00ed!<\/p>\n<\/div><\/div>\n\r\n<section class=\"learnNavigationSection\">\r\n            \r\n        <a href=\"https:\/\/talkpal.ai\/cs\/naucte-se-belorusky\/\">\r\n            <div class=\"learnNavigationWrapper\">\r\n                <div class=\"learnNavigationContent\">\r\n                    <img decoding=\"async\" src=\"https:\/\/talkpal.ai\/wp-content\/uploads\/2024\/08\/Belarusian.jpg\" alt=\"Belarusian Flag\">\r\n                    <div>\r\n                        <h4>O b\u011blorusk\u00e9m vzd\u011bl\u00e1v\u00e1n\u00ed<\/h4>\r\n                        <p>Zjist\u011bte v\u0161e o b\u011blorusk\u00e9 gramatice.<\/p>\r\n                    <\/div>\r\n                <\/div>\r\n            <\/div>\r\n        <\/a>\r\n\r\n        \r\n        <a href=\"https:\/\/talkpal.ai\/cs\/cviceni-na-beloruskou-gramatiku\/\">\r\n            <div class=\"learnNavigationWrapper\">\r\n                <div class=\"learnNavigationContent\">\r\n                    <img decoding=\"async\" src=\"https:\/\/talkpal.ai\/wp-content\/uploads\/2024\/08\/Belarusian.jpg\" alt=\"Belarusian Flag\">\r\n                    <div>\r\n                        <h4>Cvi\u010den\u00ed z b\u011blorusk\u00e9 gramatiky<\/h4>\r\n                        <p>Procvi\u010dte si b\u011bloruskou gramatiku.<\/p>\r\n                    <\/div>\r\n                <\/div>\r\n            <\/div>\r\n        <\/a>\r\n\r\n        \r\n        <a href=\"https:\/\/talkpal.ai\/vocabulary_language\/belarusian\/\">\r\n            <div class=\"learnNavigationWrapper\">\r\n                <div class=\"learnNavigationContent\">\r\n                    <img decoding=\"async\" src=\"https:\/\/talkpal.ai\/wp-content\/uploads\/2024\/08\/Belarusian.jpg\" alt=\"Belarusian Flag\">\r\n                    <div>\r\n                        <h4>B\u011blorusk\u00e1 slovn\u00ed z\u00e1soba<\/h4>\r\n                        <p>Roz\u0161i\u0159te si slovn\u00ed z\u00e1sobu b\u011blorusk\u00e9ho jazyka.<\/p>\r\n                    <\/div>\r\n                <\/div>\r\n            <\/div>\r\n        <\/a>\r\n\r\n            <\/section>","protected":false},"excerpt":{"rendered":"<p>B\u011blorusk\u00e1 gramatika: bli\u017e\u0161\u00ed pohled na slo\u017eitosti slovansk\u00e9ho jazyka Jste cti\u017e\u00e1dostiv\u00fd polyglot s fascinac\u00ed slovansk\u00fdmi jazyky? Nebo jste jen zv\u011bdav\u00ed na gramatick\u00e9 slo\u017eitosti jazyk\u016f z t\u00e9to zaj\u00edmav\u00e9 oblasti? Pokud ano, p\u0159ipoutejte se! V tomto \u010dl\u00e1nku prozkoum\u00e1me \u00fa\u017easn\u00fd sv\u011bt b\u011blorusk\u00e9 gramatiky, m\u00e9n\u011b zn\u00e1m\u00e9ho, ale fascinuj\u00edc\u00edho \u010dlena slovansk\u00e9 jazykov\u00e9 rodiny. Poj\u010fme se do toho pono\u0159it, ano? Za prv\u00e9: [&hellip;]<\/p>\n","protected":false},"author":1,"featured_media":110549,"parent":0,"menu_order":0,"comment_status":"closed","ping_status":"closed","template":"LearningContentPage.php","meta":{"_acf_changed":false,"footnotes":""},"class_list":["post-141107","page","type-page","status-publish","has-post-thumbnail","hentry"],"acf":[],"yoast_head":"<!-- This site is optimized with the Yoast SEO Premium plugin v27.2 (Yoast SEO v27.2) - https:\/\/yoast.com\/product\/yoast-seo-premium-wordpress\/ -->\n<title>B\u011blorusk\u00e1 gramatika - Talkpal<\/title>\n<meta name=\"description\" content=\"Zvl\u00e1dn\u011bte b\u011bloruskou gramatiku bez n\u00e1mahy s Talkpal, jazykov\u00fdm u\u010ditelem s um\u011blou inteligenc\u00ed. Z\u00edskejte jasn\u00e1 vysv\u011btlen\u00ed, u\u017eite\u010dn\u00e9 tipy a interaktivn\u00ed cvi\u010den\u00ed!\" \/>\n<meta name=\"robots\" content=\"index, follow, max-snippet:-1, max-image-preview:large, max-video-preview:-1\" \/>\n<link rel=\"canonical\" href=\"https:\/\/talkpal.ai\/cs\/beloruska-gramatika\/\" \/>\n<meta property=\"og:locale\" content=\"cs_CZ\" \/>\n<meta property=\"og:type\" content=\"article\" \/>\n<meta property=\"og:title\" content=\"B\u011blorusk\u00e1 gramatika\" \/>\n<meta property=\"og:description\" content=\"B\u011blorusk\u00e1 gramatika: bli\u017e\u0161\u00ed pohled na slo\u017eitosti slovansk\u00e9ho jazyka Jste cti\u017e\u00e1dostiv\u00fd polyglot s fascinac\u00ed slovansk\u00fdmi jazyky? Nebo jste jen zv\u011bdav\u00ed na\" \/>\n<meta property=\"og:url\" content=\"https:\/\/talkpal.ai\/cs\/beloruska-gramatika\/\" \/>\n<meta property=\"og:site_name\" content=\"Talkpal\" \/>\n<meta property=\"article:publisher\" content=\"https:\/\/www.facebook.com\/profile.php?id=100090733639311\" \/>\n<meta property=\"article:modified_time\" content=\"2025-05-22T13:50:02+00:00\" \/>\n<meta property=\"og:image\" content=\"https:\/\/talkpal.ai\/wp-content\/uploads\/2023\/05\/belarus.png\" \/>\n\t<meta property=\"og:image:width\" content=\"512\" \/>\n\t<meta property=\"og:image:height\" content=\"512\" \/>\n\t<meta property=\"og:image:type\" content=\"image\/png\" \/>\n<meta name=\"twitter:card\" content=\"summary_large_image\" \/>\n<meta name=\"twitter:site\" content=\"@talkpalai\" \/>\n<meta name=\"twitter:label1\" content=\"Odhadovan\u00e1 doba \u010dten\u00ed\" \/>\n\t<meta name=\"twitter:data1\" content=\"4 minuty\" \/>\n<script type=\"application\/ld+json\" class=\"yoast-schema-graph\">{\"@context\":\"https:\/\/schema.org\",\"@graph\":[{\"@type\":\"WebPage\",\"@id\":\"https:\/\/talkpal.ai\/cs\/beloruska-gramatika\/\",\"url\":\"https:\/\/talkpal.ai\/cs\/beloruska-gramatika\/\",\"name\":\"B\u011blorusk\u00e1 gramatika - Talkpal\",\"isPartOf\":{\"@id\":\"https:\/\/talkpal.ai\/cs\/#website\"},\"primaryImageOfPage\":{\"@id\":\"https:\/\/talkpal.ai\/cs\/beloruska-gramatika\/#primaryimage\"},\"image\":{\"@id\":\"https:\/\/talkpal.ai\/cs\/beloruska-gramatika\/#primaryimage\"},\"thumbnailUrl\":\"https:\/\/talkpal.ai\/wp-content\/uploads\/2023\/05\/belarus.png\",\"datePublished\":\"2023-05-14T13:59:42+00:00\",\"dateModified\":\"2025-05-22T13:50:02+00:00\",\"description\":\"Zvl\u00e1dn\u011bte b\u011bloruskou gramatiku bez n\u00e1mahy s Talkpal, jazykov\u00fdm u\u010ditelem s um\u011blou inteligenc\u00ed. Z\u00edskejte jasn\u00e1 vysv\u011btlen\u00ed, u\u017eite\u010dn\u00e9 tipy a interaktivn\u00ed cvi\u010den\u00ed!\",\"breadcrumb\":{\"@id\":\"https:\/\/talkpal.ai\/cs\/beloruska-gramatika\/#breadcrumb\"},\"inLanguage\":\"cs\",\"potentialAction\":[{\"@type\":\"ReadAction\",\"target\":[\"https:\/\/talkpal.ai\/cs\/beloruska-gramatika\/\"]}]},{\"@type\":\"ImageObject\",\"inLanguage\":\"cs\",\"@id\":\"https:\/\/talkpal.ai\/cs\/beloruska-gramatika\/#primaryimage\",\"url\":\"https:\/\/talkpal.ai\/wp-content\/uploads\/2023\/05\/belarus.png\",\"contentUrl\":\"https:\/\/talkpal.ai\/wp-content\/uploads\/2023\/05\/belarus.png\",\"width\":512,\"height\":512},{\"@type\":\"BreadcrumbList\",\"@id\":\"https:\/\/talkpal.ai\/cs\/beloruska-gramatika\/#breadcrumb\",\"itemListElement\":[{\"@type\":\"ListItem\",\"position\":1,\"name\":\"Homepage\",\"item\":\"https:\/\/talkpal.ai\/cs\/\"},{\"@type\":\"ListItem\",\"position\":2,\"name\":\"B\u011blorusk\u00e1 gramatika\"}]},{\"@type\":\"WebSite\",\"@id\":\"https:\/\/talkpal.ai\/cs\/#website\",\"url\":\"https:\/\/talkpal.ai\/cs\/\",\"name\":\"Talkpal\",\"description\":\"AI Language Learning\",\"publisher\":{\"@id\":\"https:\/\/talkpal.ai\/cs\/#organization\"},\"alternateName\":\"Talkpal AI\",\"potentialAction\":[{\"@type\":\"SearchAction\",\"target\":{\"@type\":\"EntryPoint\",\"urlTemplate\":\"https:\/\/talkpal.ai\/cs\/?s={search_term_string}\"},\"query-input\":{\"@type\":\"PropertyValueSpecification\",\"valueRequired\":true,\"valueName\":\"search_term_string\"}}],\"inLanguage\":\"cs\"},{\"@type\":\"Organization\",\"@id\":\"https:\/\/talkpal.ai\/cs\/#organization\",\"name\":\"Talkpal, Inc.\",\"alternateName\":\"Talkpal AI\",\"url\":\"https:\/\/talkpal.ai\/cs\/\",\"logo\":{\"@type\":\"ImageObject\",\"inLanguage\":\"cs\",\"@id\":\"https:\/\/talkpal.ai\/cs\/#\/schema\/logo\/image\/\",\"url\":\"https:\/\/talkpal.ai\/wp-content\/uploads\/2024\/03\/Talkpal-Logo-Icon.png\",\"contentUrl\":\"https:\/\/talkpal.ai\/wp-content\/uploads\/2024\/03\/Talkpal-Logo-Icon.png\",\"width\":2880,\"height\":2880,\"caption\":\"Talkpal, Inc.\"},\"image\":{\"@id\":\"https:\/\/talkpal.ai\/cs\/#\/schema\/logo\/image\/\"},\"sameAs\":[\"https:\/\/www.facebook.com\/profile.php?id=100090733639311\",\"https:\/\/x.com\/talkpalai\",\"https:\/\/www.linkedin.com\/company\/talkpal\/\",\"https:\/\/www.youtube.com\/@TalkPal\/\",\"https:\/\/www.tiktok.com\/@talkpal\",\"https:\/\/www.instagram.com\/talkpal_ai\/\",\"https:\/\/www.crunchbase.com\/organization\/talkpal-9cde\",\"https:\/\/www.g2.com\/products\/talkpal-for-business\/\",\"https:\/\/www.trustpilot.com\/review\/talkpal.ai\",\"https:\/\/www.capterra.com\/p\/10006800\/TalkPal\/\"],\"description\":\"Talkpal is a language learning web and mobile education app, powered by the latest AI technologies, that provides engaging experiences to its customers in many different languages to help them improve their language skills. Users can chat about unlimited amount of topics with the app and use other modes to practice their language learning.\",\"email\":\"support@talkpal.ai\",\"legalName\":\"Talkpal, Inc.\",\"foundingDate\":\"2023-04-03\",\"duns\":\"118989042\",\"numberOfEmployees\":{\"@type\":\"QuantitativeValue\",\"minValue\":\"11\",\"maxValue\":\"50\"},\"publishingPrinciples\":\"https:\/\/talkpal.ai\/publishing-principles\/\",\"actionableFeedbackPolicy\":\"https:\/\/talkpal.ai\/actionable-feedback-policy\/\",\"correctionsPolicy\":\"https:\/\/talkpal.ai\/corrections-policy\/\",\"ethicsPolicy\":\"https:\/\/talkpal.ai\/ethics-policy\/\",\"diversityPolicy\":\"https:\/\/talkpal.ai\/diversity-policy\/\",\"diversityStaffingReport\":\"https:\/\/talkpal.ai\/diversity-policy\/\"}]}<\/script>\n<!-- \/ Yoast SEO Premium plugin. -->","yoast_head_json":{"title":"B\u011blorusk\u00e1 gramatika - Talkpal","description":"Zvl\u00e1dn\u011bte b\u011bloruskou gramatiku bez n\u00e1mahy s Talkpal, jazykov\u00fdm u\u010ditelem s um\u011blou inteligenc\u00ed. Z\u00edskejte jasn\u00e1 vysv\u011btlen\u00ed, u\u017eite\u010dn\u00e9 tipy a interaktivn\u00ed cvi\u010den\u00ed!","robots":{"index":"index","follow":"follow","max-snippet":"max-snippet:-1","max-image-preview":"max-image-preview:large","max-video-preview":"max-video-preview:-1"},"canonical":"https:\/\/talkpal.ai\/cs\/beloruska-gramatika\/","og_locale":"cs_CZ","og_type":"article","og_title":"B\u011blorusk\u00e1 gramatika","og_description":"B\u011blorusk\u00e1 gramatika: bli\u017e\u0161\u00ed pohled na slo\u017eitosti slovansk\u00e9ho jazyka Jste cti\u017e\u00e1dostiv\u00fd polyglot s fascinac\u00ed slovansk\u00fdmi jazyky? Nebo jste jen zv\u011bdav\u00ed na","og_url":"https:\/\/talkpal.ai\/cs\/beloruska-gramatika\/","og_site_name":"Talkpal","article_publisher":"https:\/\/www.facebook.com\/profile.php?id=100090733639311","article_modified_time":"2025-05-22T13:50:02+00:00","og_image":[{"width":512,"height":512,"url":"https:\/\/talkpal.ai\/wp-content\/uploads\/2023\/05\/belarus.png","type":"image\/png"}],"twitter_card":"summary_large_image","twitter_site":"@talkpalai","twitter_misc":{"Odhadovan\u00e1 doba \u010dten\u00ed":"4 minuty"},"schema":{"@context":"https:\/\/schema.org","@graph":[{"@type":"WebPage","@id":"https:\/\/talkpal.ai\/cs\/beloruska-gramatika\/","url":"https:\/\/talkpal.ai\/cs\/beloruska-gramatika\/","name":"B\u011blorusk\u00e1 gramatika - Talkpal","isPartOf":{"@id":"https:\/\/talkpal.ai\/cs\/#website"},"primaryImageOfPage":{"@id":"https:\/\/talkpal.ai\/cs\/beloruska-gramatika\/#primaryimage"},"image":{"@id":"https:\/\/talkpal.ai\/cs\/beloruska-gramatika\/#primaryimage"},"thumbnailUrl":"https:\/\/talkpal.ai\/wp-content\/uploads\/2023\/05\/belarus.png","datePublished":"2023-05-14T13:59:42+00:00","dateModified":"2025-05-22T13:50:02+00:00","description":"Zvl\u00e1dn\u011bte b\u011bloruskou gramatiku bez n\u00e1mahy s Talkpal, jazykov\u00fdm u\u010ditelem s um\u011blou inteligenc\u00ed. Z\u00edskejte jasn\u00e1 vysv\u011btlen\u00ed, u\u017eite\u010dn\u00e9 tipy a interaktivn\u00ed cvi\u010den\u00ed!","breadcrumb":{"@id":"https:\/\/talkpal.ai\/cs\/beloruska-gramatika\/#breadcrumb"},"inLanguage":"cs","potentialAction":[{"@type":"ReadAction","target":["https:\/\/talkpal.ai\/cs\/beloruska-gramatika\/"]}]},{"@type":"ImageObject","inLanguage":"cs","@id":"https:\/\/talkpal.ai\/cs\/beloruska-gramatika\/#primaryimage","url":"https:\/\/talkpal.ai\/wp-content\/uploads\/2023\/05\/belarus.png","contentUrl":"https:\/\/talkpal.ai\/wp-content\/uploads\/2023\/05\/belarus.png","width":512,"height":512},{"@type":"BreadcrumbList","@id":"https:\/\/talkpal.ai\/cs\/beloruska-gramatika\/#breadcrumb","itemListElement":[{"@type":"ListItem","position":1,"name":"Homepage","item":"https:\/\/talkpal.ai\/cs\/"},{"@type":"ListItem","position":2,"name":"B\u011blorusk\u00e1 gramatika"}]},{"@type":"WebSite","@id":"https:\/\/talkpal.ai\/cs\/#website","url":"https:\/\/talkpal.ai\/cs\/","name":"Talkpal","description":"AI Language Learning","publisher":{"@id":"https:\/\/talkpal.ai\/cs\/#organization"},"alternateName":"Talkpal AI","potentialAction":[{"@type":"SearchAction","target":{"@type":"EntryPoint","urlTemplate":"https:\/\/talkpal.ai\/cs\/?s={search_term_string}"},"query-input":{"@type":"PropertyValueSpecification","valueRequired":true,"valueName":"search_term_string"}}],"inLanguage":"cs"},{"@type":"Organization","@id":"https:\/\/talkpal.ai\/cs\/#organization","name":"Talkpal, Inc.","alternateName":"Talkpal AI","url":"https:\/\/talkpal.ai\/cs\/","logo":{"@type":"ImageObject","inLanguage":"cs","@id":"https:\/\/talkpal.ai\/cs\/#\/schema\/logo\/image\/","url":"https:\/\/talkpal.ai\/wp-content\/uploads\/2024\/03\/Talkpal-Logo-Icon.png","contentUrl":"https:\/\/talkpal.ai\/wp-content\/uploads\/2024\/03\/Talkpal-Logo-Icon.png","width":2880,"height":2880,"caption":"Talkpal, Inc."},"image":{"@id":"https:\/\/talkpal.ai\/cs\/#\/schema\/logo\/image\/"},"sameAs":["https:\/\/www.facebook.com\/profile.php?id=100090733639311","https:\/\/x.com\/talkpalai","https:\/\/www.linkedin.com\/company\/talkpal\/","https:\/\/www.youtube.com\/@TalkPal\/","https:\/\/www.tiktok.com\/@talkpal","https:\/\/www.instagram.com\/talkpal_ai\/","https:\/\/www.crunchbase.com\/organization\/talkpal-9cde","https:\/\/www.g2.com\/products\/talkpal-for-business\/","https:\/\/www.trustpilot.com\/review\/talkpal.ai","https:\/\/www.capterra.com\/p\/10006800\/TalkPal\/"],"description":"Talkpal is a language learning web and mobile education app, powered by the latest AI technologies, that provides engaging experiences to its customers in many different languages to help them improve their language skills. Users can chat about unlimited amount of topics with the app and use other modes to practice their language learning.","email":"support@talkpal.ai","legalName":"Talkpal, Inc.","foundingDate":"2023-04-03","duns":"118989042","numberOfEmployees":{"@type":"QuantitativeValue","minValue":"11","maxValue":"50"},"publishingPrinciples":"https:\/\/talkpal.ai\/publishing-principles\/","actionableFeedbackPolicy":"https:\/\/talkpal.ai\/actionable-feedback-policy\/","correctionsPolicy":"https:\/\/talkpal.ai\/corrections-policy\/","ethicsPolicy":"https:\/\/talkpal.ai\/ethics-policy\/","diversityPolicy":"https:\/\/talkpal.ai\/diversity-policy\/","diversityStaffingReport":"https:\/\/talkpal.ai\/diversity-policy\/"}]}},"_links":{"self":[{"href":"https:\/\/talkpal.ai\/cs\/wp-json\/wp\/v2\/pages\/141107","targetHints":{"allow":["GET"]}}],"collection":[{"href":"https:\/\/talkpal.ai\/cs\/wp-json\/wp\/v2\/pages"}],"about":[{"href":"https:\/\/talkpal.ai\/cs\/wp-json\/wp\/v2\/types\/page"}],"author":[{"embeddable":true,"href":"https:\/\/talkpal.ai\/cs\/wp-json\/wp\/v2\/users\/1"}],"replies":[{"embeddable":true,"href":"https:\/\/talkpal.ai\/cs\/wp-json\/wp\/v2\/comments?post=141107"}],"version-history":[{"count":0,"href":"https:\/\/talkpal.ai\/cs\/wp-json\/wp\/v2\/pages\/141107\/revisions"}],"wp:featuredmedia":[{"embeddable":true,"href":"https:\/\/talkpal.ai\/cs\/wp-json\/wp\/v2\/media\/110549"}],"wp:attachment":[{"href":"https:\/\/talkpal.ai\/cs\/wp-json\/wp\/v2\/media?parent=141107"}],"curies":[{"name":"wp","href":"https:\/\/api.w.org\/{rel}","templated":true}]}}