{"id":140784,"date":"2023-05-14T13:59:24","date_gmt":"2023-05-14T13:59:24","guid":{"rendered":"http:\/\/talkpal.ai\/afrikanska-gramatika\/"},"modified":"2025-05-22T19:05:27","modified_gmt":"2025-05-22T19:05:27","slug":"afrikanska-gramatika","status":"publish","type":"page","link":"https:\/\/talkpal.ai\/cs\/afrikanska-gramatika\/","title":{"rendered":"Afrik\u00e1nsk\u00e1 gramatika"},"content":{"rendered":"\r\n\r\n\r\n<section class=\"languageChallengeSection\">\r\n    <div class=\"languageInfoWrapper\">\r\n        \r\n        <h1>Afrik\u00e1nsk\u00e1 gramatika<\/h1>\r\n        <p>Objevte jednoduchou kr\u00e1su afrik\u00e1n\u0161tiny t\u00edm, \u017ee se nau\u010d\u00edte jej\u00ed z\u00e1kladn\u00ed gramatick\u00e1 pravidla. Zvl\u00e1dnut\u00ed afrik\u00e1nsk\u00e9 gramatiky v\u00e1m umo\u017en\u00ed efektivn\u011b komunikovat a vychutnat si bohatou kulturu mluv\u010d\u00edch t\u00e9to zem\u011b. Za\u010dn\u011bte svou cestu k afrik\u00e1nsk\u00e9 gramatice je\u0161t\u011b dnes a ud\u011blejte prvn\u00ed krok k plynulosti!<\/p>\r\n\r\n                            <a class=\"getStartedHidden\" href=\"https:\/\/app.talkpal.ai\/cs\/signup?lng=\">Za\u010dni<\/a>\r\n        \r\n    <\/div>\r\n\r\n    <figure>\r\n    <img decoding=\"async\" width=\"768\" height=\"768\" src=\"https:\/\/talkpal.ai\/wp-content\/uploads\/2023\/06\/TalkPal-Afrikaans-768x768.png\" class=\"languageImage no-lazy\" alt=\"Language learning for global awareness\" fetchpriority=\"high\" sizes=\"(max-width: 768px) 150px, 768px\" srcset=\"https:\/\/talkpal.ai\/wp-content\/uploads\/2023\/06\/TalkPal-Afrikaans-768x768.png 768w, https:\/\/talkpal.ai\/wp-content\/uploads\/2023\/06\/TalkPal-Afrikaans-300x300.png 300w\" \/>\r\n    \r\n\r\n    <\/figure>\r\n\r\n            <a class=\"getStartedVisible\" href=\"https:\/\/app.talkpal.ai\/cs\/signup?lng=\">Za\u010dni<\/a>\r\n    \r\n<\/section>\r\n<section class=\"promotionalBanner\">\r\n    <p class=\"promotionalText\">Nejefektivn\u011bj\u0161\u00ed zp\u016fsob, jak se nau\u010dit jazyk<\/p>\r\n    <a class=\"promotionalLink\" href=\"https:\/\/app.talkpal.ai\/cs\/signup?lng=\">Vyzkou\u0161ejte Talkpal zdarma<\/a>\r\n<\/section>\n<div class=\"wp-block-group pageContainerStyle\"><div class=\"wp-block-group__inner-container is-layout-constrained wp-block-group-is-layout-constrained\">\n<h2 class=\"wp-block-heading\" id=\"h-mastering-afrikaans-grammar-your-ultimate-guide\">Zvl\u00e1dnut\u00ed afrik\u00e1nsk\u00e9 gramatiky: V\u00e1\u0161 dokonal\u00fd pr\u016fvodce<\/h2>\n\n\n\n<p><strong>Goeie dag<\/strong>, <a href=\"https:\/\/talkpal.ai\/talkpal-discount-for-language-enthusiasts\/\">jazykov\u00ed nad\u0161enci<\/a>! Jste p\u0159ipraveni vydat se na cestu do sv\u011bta afrik\u00e1nsk\u00e9 gramatiky? Jste na spr\u00e1vn\u00e9m m\u00edst\u011b. Tento \u010dl\u00e1nek pln\u00fd snadno srozumiteln\u00fdch informac\u00ed a konverza\u010dn\u00edho t\u00f3nu v\u00e1s provede fascinuj\u00edc\u00ed \u0159\u00ed\u0161\u00ed afrik\u00e1nsk\u00e9 gramatiky. Brzy budete schopni sestavovat v\u011bty a v\u00e9st smysluplnou konverzaci s rodil\u00fdmi mluv\u010d\u00edmi. Tak za\u010dneme!<\/p>\n\n\n\n<p><strong>Ale nejprve, pro\u010d afrik\u00e1nsk\u00e1 gramatika?<\/strong><\/p>\n\n\n\n<p>Pokud se u\u010d\u00edte afrik\u00e1n\u0161tinu, je pro plynul\u00e9 mluven\u00ed, \u010dten\u00ed a psan\u00ed kl\u00ed\u010dov\u00e1 siln\u00e1 <a href=\"https:\/\/talkpal.ai\/sq\/gramatika\/\">gramatika<\/a>. A\u010dkoli se <a href=\"https:\/\/talkpal.ai\/es\/gramatica-afrikaans\/\">afrik\u00e1nsk\u00e1 gramatika<\/a> m\u016f\u017ee zd\u00e1t na prvn\u00ed pohled slo\u017eit\u00e1, je pom\u011brn\u011b jednoduch\u00e1, jakmile ji rozd\u011bl\u00edte na men\u0161\u00ed, l\u00e9pe zvl\u00e1dnuteln\u00e9 \u010d\u00e1sti. Za\u010dn\u011bme tedy va\u0161i cestu ke zvl\u00e1dnut\u00ed afrik\u00e1nsk\u00e9 gramatiky!<\/p>\n\n\n\n<h3 class=\"wp-block-heading\" id=\"h-1-nouns-gender-and-articles\">1. Podstatn\u00e1 jm\u00e9na, rod a \u010dleny<\/h3>\n\n\n\n<p>Na rozd\u00edl od mnoha jin\u00fdch jazyk\u016f nemaj\u00ed podstatn\u00e1 jm\u00e9na afrik\u00e1n\u0161tiny rod, tak\u017ee je jednodu\u0161\u0161\u00ed se je nau\u010dit. Ur\u010dit\u00fd \u010dlen &#8222;die&#8220; (the) se pou\u017e\u00edv\u00e1 pro v\u0161echna podstatn\u00e1 jm\u00e9na, zat\u00edmco neur\u010dit\u00e9 \u010dleny &#8220; &#8218;n &#8220; nebo &#8222;een&#8220; (a\/an) jsou rovn\u011b\u017e rodov\u011b neutr\u00e1ln\u00ed.  <\/p>\n\n\n\n<p>Nap\u0159\u00edklad:<\/p>\n\n\n\n<p>&#8211; die hond (pes)<\/p>\n\n\n\n<p>&#8211; &#8218;n hond (pes)<\/p>\n\n\n\n<h3 class=\"wp-block-heading\" id=\"h-2-adjectives\">2. P\u0159\u00eddavn\u00e1 jm\u00e9na<\/h3>\n\n\n\n<p>V afrik\u00e1n\u0161tin\u011b p\u0159\u00eddavn\u00e1 jm\u00e9na obvykle p\u0159edch\u00e1zej\u00ed podstatn\u00e9mu jm\u00e9nu, kter\u00e9 modifikuj\u00ed, a shoduj\u00ed se s podstatn\u00fdm jm\u00e9nem v \u010d\u00edsle. P\u0159\u00eddavn\u00e1 jm\u00e9na nemaj\u00ed shodu s rodem. Nap\u0159\u00edklad:<\/p>\n\n\n\n<p>&#8211; &#8218;n groot huis (velk\u00fd d\u016fm)<\/p>\n\n\n\n<p>&#8211; twee groot huise (dva velk\u00e9 domy)<\/p>\n\n\n\n<p>N\u011bkter\u00e1 p\u0159\u00eddavn\u00e1 jm\u00e9na vy\u017eaduj\u00ed p\u0159i popisu mno\u017en\u00e9ho \u010d\u00edsla podstatn\u00e9ho jm\u00e9na p\u0159\u00eddavn\u00e9 jm\u00e9no &#8222;-e&#8220;:<\/p>\n\n\n\n<p>&#8211; &#8218;n ou man (star\u00fd mu\u017e)<\/p>\n\n\n\n<p>&#8211; twee ou manne (dva sta\u0159\u00ed mu\u017ei)<\/p>\n\n\n\n<h3 class=\"wp-block-heading\" id=\"h-3-verbs-and-tense\">3. Slovesa a \u010das<\/h3>\n\n\n\n<p>Afrik\u00e1nsk\u00e1 slovesa se pom\u011brn\u011b snadno u\u010d\u00ed, proto\u017ee se ne\u010dasuj\u00ed na z\u00e1klad\u011b podm\u011btu v\u011bty. <a href=\"https:\/\/talkpal.ai\/learn-afrikaans\/\">Afrik\u00e1n\u0161tina<\/a> m\u00e1 tak\u00e9 m\u00e9n\u011b \u010das\u016f ne\u017e mnoho jin\u00fdch jazyk\u016f. Abychom v\u00e1m p\u0159ibl\u00ed\u017eili afrik\u00e1nsk\u00e1 slovesa, probereme pravideln\u00e1 slovesa v p\u0159\u00edtomn\u00e9m \u010dase:<\/p>\n\n\n\n<p>&#8211; Ek <a href=\"https:\/\/talkpal.ai\/locations\/language-courses-in-leer\/\">leer<\/a> (U\u010d\u00edm se)<\/p>\n\n\n\n<p>&#8211; Jy\/u leer (u\u010d\u00ed\u0161 se, neform\u00e1ln\u00ed\/form\u00e1ln\u00ed)<\/p>\n\n\n\n<p>&#8211; Hy\/sy\/dit leer (u\u010d\u00ed se)<\/p>\n\n\n\n<p>&#8211; Ons\/julle leer (my\/vy v\u0161ichni se u\u010d\u00edme)<\/p>\n\n\n\n<p>&#8211; Hulle leer (u\u010d\u00ed se)<\/p>\n\n\n\n<p>Pamatujte, \u017ee toto je jen \u0161pi\u010dka ledovce! Jak budete postupovat ve studiu, setk\u00e1te se s r\u016fzn\u00fdmi dal\u0161\u00edmi \u010dasy a n\u011bkter\u00fdmi nepravideln\u00fdmi slovesy.<\/p>\n\n\n\n<h3 class=\"wp-block-heading\" id=\"h-4-pronouns-prepositions-and-more\">4. Z\u00e1jmena, p\u0159edlo\u017eky a dal\u0161\u00ed!<\/h3>\n\n\n\n<p>Afrik\u00e1nsk\u00e1 gramatika zahrnuje dal\u0161\u00ed slo\u017eky, jako jsou z\u00e1jmena (ek, jy, hy, sy atd.), p\u0159edlo\u017eky (in, op, met atd.) a idiomatick\u00e9 v\u00fdrazy. P\u0159i studiu jazyka je t\u0159eba zvl\u00e1dnout v\u0161echny tyto prvky, abyste dos\u00e1hli plynul\u00e9ho ovl\u00e1d\u00e1n\u00ed jazyka.<\/p>\n\n\n\n<p>Z\u00e1v\u011brem lze \u0159\u00edci, \u017ee zvl\u00e1dnut\u00ed afrik\u00e1nsk\u00e9 gramatiky vy\u017eaduje vytrvalost, praxi a trp\u011blivost. Jakmile si v\u0161ak osvoj\u00edte slo\u017eitosti jazyka, budete na dobr\u00e9 cest\u011b ke konverzaci s rodil\u00fdmi mluv\u010d\u00edmi, pozn\u00e1n\u00ed bohat\u00e9 kultury a historie afrik\u00e1nsky mluv\u00edc\u00edho sv\u011bta a prohlouben\u00ed l\u00e1sky k tomuto jazyku. Sterkte (hodn\u011b \u0161t\u011bst\u00ed)!<\/p>\n<\/div><\/div>\n\r\n<section class=\"learnNavigationSection\">\r\n            \r\n        <a href=\"https:\/\/talkpal.ai\/cs\/naucte-se-afrikansky\/\">\r\n            <div class=\"learnNavigationWrapper\">\r\n                <div class=\"learnNavigationContent\">\r\n                    <img decoding=\"async\" src=\"https:\/\/talkpal.ai\/wp-content\/uploads\/2024\/08\/Afrikaans.jpg\" alt=\"South Africa Flag\">\r\n                    <div>\r\n                        <h4>O v\u00fduce afrik\u00e1n\u0161tiny<\/h4>\r\n                        <p>Zjist\u011bte v\u0161e o gramatice afrik\u00e1n\u0161tiny .<\/p>\r\n                    <\/div>\r\n                <\/div>\r\n            <\/div>\r\n        <\/a>\r\n\r\n        \r\n        <a href=\"https:\/\/talkpal.ai\/cs\/afrikanska-gramaticka-cviceni\/\">\r\n            <div class=\"learnNavigationWrapper\">\r\n                <div class=\"learnNavigationContent\">\r\n                    <img decoding=\"async\" src=\"https:\/\/talkpal.ai\/wp-content\/uploads\/2024\/08\/Afrikaans.jpg\" alt=\"South Africa Flag\">\r\n                    <div>\r\n                        <h4>Cvi\u010den\u00ed z afrik\u00e1nsk\u00e9 gramatiky<\/h4>\r\n                        <p>Procvi\u010dte si afrik\u00e1nskou gramatiku.<\/p>\r\n                    <\/div>\r\n                <\/div>\r\n            <\/div>\r\n        <\/a>\r\n\r\n        \r\n        <a href=\"https:\/\/talkpal.ai\/vocabulary_language\/afrikaans\/\">\r\n            <div class=\"learnNavigationWrapper\">\r\n                <div class=\"learnNavigationContent\">\r\n                    <img decoding=\"async\" src=\"https:\/\/talkpal.ai\/wp-content\/uploads\/2024\/08\/Afrikaans.jpg\" alt=\"South Africa Flag\">\r\n                    <div>\r\n                        <h4>Slovn\u00ed z\u00e1soba afrik\u00e1n\u0161tiny<\/h4>\r\n                        <p>Roz\u0161i\u0159te si slovn\u00ed z\u00e1sobu afrik\u00e1n\u0161tiny.<\/p>\r\n                    <\/div>\r\n                <\/div>\r\n            <\/div>\r\n        <\/a>\r\n\r\n            <\/section>","protected":false},"excerpt":{"rendered":"<p>Zvl\u00e1dnut\u00ed afrik\u00e1nsk\u00e9 gramatiky: V\u00e1\u0161 dokonal\u00fd pr\u016fvodce Goeie dag, jazykov\u00ed nad\u0161enci! Jste p\u0159ipraveni vydat se na cestu do sv\u011bta afrik\u00e1nsk\u00e9 gramatiky? Jste na spr\u00e1vn\u00e9m m\u00edst\u011b. Tento \u010dl\u00e1nek pln\u00fd snadno srozumiteln\u00fdch informac\u00ed a konverza\u010dn\u00edho t\u00f3nu v\u00e1s provede fascinuj\u00edc\u00ed \u0159\u00ed\u0161\u00ed afrik\u00e1nsk\u00e9 gramatiky. Brzy budete schopni sestavovat v\u011bty a v\u00e9st smysluplnou konverzaci s rodil\u00fdmi mluv\u010d\u00edmi. Tak za\u010dneme! Ale nejprve, [&hellip;]<\/p>\n","protected":false},"author":1,"featured_media":108875,"parent":0,"menu_order":0,"comment_status":"closed","ping_status":"closed","template":"LearningContentPage.php","meta":{"_acf_changed":false,"footnotes":""},"class_list":["post-140784","page","type-page","status-publish","has-post-thumbnail","hentry"],"acf":[],"yoast_head":"<!-- This site is optimized with the Yoast SEO Premium plugin v27.2 (Yoast SEO v27.2) - https:\/\/yoast.com\/product\/yoast-seo-premium-wordpress\/ -->\n<title>Afrik\u00e1nsk\u00e1 gramatika - Talkpal<\/title>\n<meta name=\"description\" content=\"Prozkoumejte afrik\u00e1nskou gramatiku s na\u0161\u00edm pr\u016fvodcem pro za\u010d\u00e1te\u010dn\u00edky. Osvojte si stavbu v\u011bty a zlep\u0161ete sv\u00e9 konverza\u010dn\u00ed dovednosti.\" \/>\n<meta name=\"robots\" content=\"index, follow, max-snippet:-1, max-image-preview:large, max-video-preview:-1\" \/>\n<link rel=\"canonical\" href=\"https:\/\/talkpal.ai\/cs\/afrikanska-gramatika\/\" \/>\n<meta property=\"og:locale\" content=\"cs_CZ\" \/>\n<meta property=\"og:type\" content=\"article\" \/>\n<meta property=\"og:title\" content=\"Afrik\u00e1nsk\u00e1 gramatika\" \/>\n<meta property=\"og:description\" content=\"Zvl\u00e1dnut\u00ed afrik\u00e1nsk\u00e9 gramatiky: V\u00e1\u0161 dokonal\u00fd pr\u016fvodce Goeie dag, jazykov\u00ed nad\u0161enci! Jste p\u0159ipraveni vydat se na cestu do sv\u011bta afrik\u00e1nsk\u00e9 gramatiky? Jste\" \/>\n<meta property=\"og:url\" content=\"https:\/\/talkpal.ai\/cs\/afrikanska-gramatika\/\" \/>\n<meta property=\"og:site_name\" content=\"Talkpal\" \/>\n<meta property=\"article:publisher\" content=\"https:\/\/www.facebook.com\/profile.php?id=100090733639311\" \/>\n<meta property=\"article:modified_time\" content=\"2025-05-22T19:05:27+00:00\" \/>\n<meta property=\"og:image\" content=\"https:\/\/talkpal.ai\/wp-content\/uploads\/2023\/05\/south-africa.png\" \/>\n\t<meta property=\"og:image:width\" content=\"512\" \/>\n\t<meta property=\"og:image:height\" content=\"512\" \/>\n\t<meta property=\"og:image:type\" content=\"image\/png\" \/>\n<meta name=\"twitter:card\" content=\"summary_large_image\" \/>\n<meta name=\"twitter:site\" content=\"@talkpalai\" \/>\n<meta name=\"twitter:label1\" content=\"Odhadovan\u00e1 doba \u010dten\u00ed\" \/>\n\t<meta name=\"twitter:data1\" content=\"3 minuty\" \/>\n<script type=\"application\/ld+json\" class=\"yoast-schema-graph\">{\"@context\":\"https:\/\/schema.org\",\"@graph\":[{\"@type\":\"WebPage\",\"@id\":\"https:\/\/talkpal.ai\/cs\/afrikanska-gramatika\/\",\"url\":\"https:\/\/talkpal.ai\/cs\/afrikanska-gramatika\/\",\"name\":\"Afrik\u00e1nsk\u00e1 gramatika - Talkpal\",\"isPartOf\":{\"@id\":\"https:\/\/talkpal.ai\/cs\/#website\"},\"primaryImageOfPage\":{\"@id\":\"https:\/\/talkpal.ai\/cs\/afrikanska-gramatika\/#primaryimage\"},\"image\":{\"@id\":\"https:\/\/talkpal.ai\/cs\/afrikanska-gramatika\/#primaryimage\"},\"thumbnailUrl\":\"https:\/\/talkpal.ai\/wp-content\/uploads\/2023\/05\/south-africa.png\",\"datePublished\":\"2023-05-14T13:59:24+00:00\",\"dateModified\":\"2025-05-22T19:05:27+00:00\",\"description\":\"Prozkoumejte afrik\u00e1nskou gramatiku s na\u0161\u00edm pr\u016fvodcem pro za\u010d\u00e1te\u010dn\u00edky. Osvojte si stavbu v\u011bty a zlep\u0161ete sv\u00e9 konverza\u010dn\u00ed dovednosti.\",\"breadcrumb\":{\"@id\":\"https:\/\/talkpal.ai\/cs\/afrikanska-gramatika\/#breadcrumb\"},\"inLanguage\":\"cs\",\"potentialAction\":[{\"@type\":\"ReadAction\",\"target\":[\"https:\/\/talkpal.ai\/cs\/afrikanska-gramatika\/\"]}]},{\"@type\":\"ImageObject\",\"inLanguage\":\"cs\",\"@id\":\"https:\/\/talkpal.ai\/cs\/afrikanska-gramatika\/#primaryimage\",\"url\":\"https:\/\/talkpal.ai\/wp-content\/uploads\/2023\/05\/south-africa.png\",\"contentUrl\":\"https:\/\/talkpal.ai\/wp-content\/uploads\/2023\/05\/south-africa.png\",\"width\":512,\"height\":512},{\"@type\":\"BreadcrumbList\",\"@id\":\"https:\/\/talkpal.ai\/cs\/afrikanska-gramatika\/#breadcrumb\",\"itemListElement\":[{\"@type\":\"ListItem\",\"position\":1,\"name\":\"Homepage\",\"item\":\"https:\/\/talkpal.ai\/cs\/\"},{\"@type\":\"ListItem\",\"position\":2,\"name\":\"Afrik\u00e1nsk\u00e1 gramatika\"}]},{\"@type\":\"WebSite\",\"@id\":\"https:\/\/talkpal.ai\/cs\/#website\",\"url\":\"https:\/\/talkpal.ai\/cs\/\",\"name\":\"Talkpal\",\"description\":\"AI Language Learning\",\"publisher\":{\"@id\":\"https:\/\/talkpal.ai\/cs\/#organization\"},\"alternateName\":\"Talkpal AI\",\"potentialAction\":[{\"@type\":\"SearchAction\",\"target\":{\"@type\":\"EntryPoint\",\"urlTemplate\":\"https:\/\/talkpal.ai\/cs\/?s={search_term_string}\"},\"query-input\":{\"@type\":\"PropertyValueSpecification\",\"valueRequired\":true,\"valueName\":\"search_term_string\"}}],\"inLanguage\":\"cs\"},{\"@type\":\"Organization\",\"@id\":\"https:\/\/talkpal.ai\/cs\/#organization\",\"name\":\"Talkpal, Inc.\",\"alternateName\":\"Talkpal AI\",\"url\":\"https:\/\/talkpal.ai\/cs\/\",\"logo\":{\"@type\":\"ImageObject\",\"inLanguage\":\"cs\",\"@id\":\"https:\/\/talkpal.ai\/cs\/#\/schema\/logo\/image\/\",\"url\":\"https:\/\/talkpal.ai\/wp-content\/uploads\/2024\/03\/Talkpal-Logo-Icon.png\",\"contentUrl\":\"https:\/\/talkpal.ai\/wp-content\/uploads\/2024\/03\/Talkpal-Logo-Icon.png\",\"width\":2880,\"height\":2880,\"caption\":\"Talkpal, Inc.\"},\"image\":{\"@id\":\"https:\/\/talkpal.ai\/cs\/#\/schema\/logo\/image\/\"},\"sameAs\":[\"https:\/\/www.facebook.com\/profile.php?id=100090733639311\",\"https:\/\/x.com\/talkpalai\",\"https:\/\/www.linkedin.com\/company\/talkpal\/\",\"https:\/\/www.youtube.com\/@TalkPal\/\",\"https:\/\/www.tiktok.com\/@talkpal\",\"https:\/\/www.instagram.com\/talkpal_ai\/\",\"https:\/\/www.crunchbase.com\/organization\/talkpal-9cde\",\"https:\/\/www.g2.com\/products\/talkpal-for-business\/\",\"https:\/\/www.trustpilot.com\/review\/talkpal.ai\",\"https:\/\/www.capterra.com\/p\/10006800\/TalkPal\/\"],\"description\":\"Talkpal is a language learning web and mobile education app, powered by the latest AI technologies, that provides engaging experiences to its customers in many different languages to help them improve their language skills. Users can chat about unlimited amount of topics with the app and use other modes to practice their language learning.\",\"email\":\"support@talkpal.ai\",\"legalName\":\"Talkpal, Inc.\",\"foundingDate\":\"2023-04-03\",\"duns\":\"118989042\",\"numberOfEmployees\":{\"@type\":\"QuantitativeValue\",\"minValue\":\"11\",\"maxValue\":\"50\"},\"publishingPrinciples\":\"https:\/\/talkpal.ai\/publishing-principles\/\",\"actionableFeedbackPolicy\":\"https:\/\/talkpal.ai\/actionable-feedback-policy\/\",\"correctionsPolicy\":\"https:\/\/talkpal.ai\/corrections-policy\/\",\"ethicsPolicy\":\"https:\/\/talkpal.ai\/ethics-policy\/\",\"diversityPolicy\":\"https:\/\/talkpal.ai\/diversity-policy\/\",\"diversityStaffingReport\":\"https:\/\/talkpal.ai\/diversity-policy\/\"}]}<\/script>\n<!-- \/ Yoast SEO Premium plugin. -->","yoast_head_json":{"title":"Afrik\u00e1nsk\u00e1 gramatika - Talkpal","description":"Prozkoumejte afrik\u00e1nskou gramatiku s na\u0161\u00edm pr\u016fvodcem pro za\u010d\u00e1te\u010dn\u00edky. Osvojte si stavbu v\u011bty a zlep\u0161ete sv\u00e9 konverza\u010dn\u00ed dovednosti.","robots":{"index":"index","follow":"follow","max-snippet":"max-snippet:-1","max-image-preview":"max-image-preview:large","max-video-preview":"max-video-preview:-1"},"canonical":"https:\/\/talkpal.ai\/cs\/afrikanska-gramatika\/","og_locale":"cs_CZ","og_type":"article","og_title":"Afrik\u00e1nsk\u00e1 gramatika","og_description":"Zvl\u00e1dnut\u00ed afrik\u00e1nsk\u00e9 gramatiky: V\u00e1\u0161 dokonal\u00fd pr\u016fvodce Goeie dag, jazykov\u00ed nad\u0161enci! Jste p\u0159ipraveni vydat se na cestu do sv\u011bta afrik\u00e1nsk\u00e9 gramatiky? Jste","og_url":"https:\/\/talkpal.ai\/cs\/afrikanska-gramatika\/","og_site_name":"Talkpal","article_publisher":"https:\/\/www.facebook.com\/profile.php?id=100090733639311","article_modified_time":"2025-05-22T19:05:27+00:00","og_image":[{"width":512,"height":512,"url":"https:\/\/talkpal.ai\/wp-content\/uploads\/2023\/05\/south-africa.png","type":"image\/png"}],"twitter_card":"summary_large_image","twitter_site":"@talkpalai","twitter_misc":{"Odhadovan\u00e1 doba \u010dten\u00ed":"3 minuty"},"schema":{"@context":"https:\/\/schema.org","@graph":[{"@type":"WebPage","@id":"https:\/\/talkpal.ai\/cs\/afrikanska-gramatika\/","url":"https:\/\/talkpal.ai\/cs\/afrikanska-gramatika\/","name":"Afrik\u00e1nsk\u00e1 gramatika - Talkpal","isPartOf":{"@id":"https:\/\/talkpal.ai\/cs\/#website"},"primaryImageOfPage":{"@id":"https:\/\/talkpal.ai\/cs\/afrikanska-gramatika\/#primaryimage"},"image":{"@id":"https:\/\/talkpal.ai\/cs\/afrikanska-gramatika\/#primaryimage"},"thumbnailUrl":"https:\/\/talkpal.ai\/wp-content\/uploads\/2023\/05\/south-africa.png","datePublished":"2023-05-14T13:59:24+00:00","dateModified":"2025-05-22T19:05:27+00:00","description":"Prozkoumejte afrik\u00e1nskou gramatiku s na\u0161\u00edm pr\u016fvodcem pro za\u010d\u00e1te\u010dn\u00edky. Osvojte si stavbu v\u011bty a zlep\u0161ete sv\u00e9 konverza\u010dn\u00ed dovednosti.","breadcrumb":{"@id":"https:\/\/talkpal.ai\/cs\/afrikanska-gramatika\/#breadcrumb"},"inLanguage":"cs","potentialAction":[{"@type":"ReadAction","target":["https:\/\/talkpal.ai\/cs\/afrikanska-gramatika\/"]}]},{"@type":"ImageObject","inLanguage":"cs","@id":"https:\/\/talkpal.ai\/cs\/afrikanska-gramatika\/#primaryimage","url":"https:\/\/talkpal.ai\/wp-content\/uploads\/2023\/05\/south-africa.png","contentUrl":"https:\/\/talkpal.ai\/wp-content\/uploads\/2023\/05\/south-africa.png","width":512,"height":512},{"@type":"BreadcrumbList","@id":"https:\/\/talkpal.ai\/cs\/afrikanska-gramatika\/#breadcrumb","itemListElement":[{"@type":"ListItem","position":1,"name":"Homepage","item":"https:\/\/talkpal.ai\/cs\/"},{"@type":"ListItem","position":2,"name":"Afrik\u00e1nsk\u00e1 gramatika"}]},{"@type":"WebSite","@id":"https:\/\/talkpal.ai\/cs\/#website","url":"https:\/\/talkpal.ai\/cs\/","name":"Talkpal","description":"AI Language Learning","publisher":{"@id":"https:\/\/talkpal.ai\/cs\/#organization"},"alternateName":"Talkpal AI","potentialAction":[{"@type":"SearchAction","target":{"@type":"EntryPoint","urlTemplate":"https:\/\/talkpal.ai\/cs\/?s={search_term_string}"},"query-input":{"@type":"PropertyValueSpecification","valueRequired":true,"valueName":"search_term_string"}}],"inLanguage":"cs"},{"@type":"Organization","@id":"https:\/\/talkpal.ai\/cs\/#organization","name":"Talkpal, Inc.","alternateName":"Talkpal AI","url":"https:\/\/talkpal.ai\/cs\/","logo":{"@type":"ImageObject","inLanguage":"cs","@id":"https:\/\/talkpal.ai\/cs\/#\/schema\/logo\/image\/","url":"https:\/\/talkpal.ai\/wp-content\/uploads\/2024\/03\/Talkpal-Logo-Icon.png","contentUrl":"https:\/\/talkpal.ai\/wp-content\/uploads\/2024\/03\/Talkpal-Logo-Icon.png","width":2880,"height":2880,"caption":"Talkpal, Inc."},"image":{"@id":"https:\/\/talkpal.ai\/cs\/#\/schema\/logo\/image\/"},"sameAs":["https:\/\/www.facebook.com\/profile.php?id=100090733639311","https:\/\/x.com\/talkpalai","https:\/\/www.linkedin.com\/company\/talkpal\/","https:\/\/www.youtube.com\/@TalkPal\/","https:\/\/www.tiktok.com\/@talkpal","https:\/\/www.instagram.com\/talkpal_ai\/","https:\/\/www.crunchbase.com\/organization\/talkpal-9cde","https:\/\/www.g2.com\/products\/talkpal-for-business\/","https:\/\/www.trustpilot.com\/review\/talkpal.ai","https:\/\/www.capterra.com\/p\/10006800\/TalkPal\/"],"description":"Talkpal is a language learning web and mobile education app, powered by the latest AI technologies, that provides engaging experiences to its customers in many different languages to help them improve their language skills. Users can chat about unlimited amount of topics with the app and use other modes to practice their language learning.","email":"support@talkpal.ai","legalName":"Talkpal, Inc.","foundingDate":"2023-04-03","duns":"118989042","numberOfEmployees":{"@type":"QuantitativeValue","minValue":"11","maxValue":"50"},"publishingPrinciples":"https:\/\/talkpal.ai\/publishing-principles\/","actionableFeedbackPolicy":"https:\/\/talkpal.ai\/actionable-feedback-policy\/","correctionsPolicy":"https:\/\/talkpal.ai\/corrections-policy\/","ethicsPolicy":"https:\/\/talkpal.ai\/ethics-policy\/","diversityPolicy":"https:\/\/talkpal.ai\/diversity-policy\/","diversityStaffingReport":"https:\/\/talkpal.ai\/diversity-policy\/"}]}},"_links":{"self":[{"href":"https:\/\/talkpal.ai\/cs\/wp-json\/wp\/v2\/pages\/140784","targetHints":{"allow":["GET"]}}],"collection":[{"href":"https:\/\/talkpal.ai\/cs\/wp-json\/wp\/v2\/pages"}],"about":[{"href":"https:\/\/talkpal.ai\/cs\/wp-json\/wp\/v2\/types\/page"}],"author":[{"embeddable":true,"href":"https:\/\/talkpal.ai\/cs\/wp-json\/wp\/v2\/users\/1"}],"replies":[{"embeddable":true,"href":"https:\/\/talkpal.ai\/cs\/wp-json\/wp\/v2\/comments?post=140784"}],"version-history":[{"count":0,"href":"https:\/\/talkpal.ai\/cs\/wp-json\/wp\/v2\/pages\/140784\/revisions"}],"wp:featuredmedia":[{"embeddable":true,"href":"https:\/\/talkpal.ai\/cs\/wp-json\/wp\/v2\/media\/108875"}],"wp:attachment":[{"href":"https:\/\/talkpal.ai\/cs\/wp-json\/wp\/v2\/media?parent=140784"}],"curies":[{"name":"wp","href":"https:\/\/api.w.org\/{rel}","templated":true}]}}