{"id":140439,"date":"2023-05-14T13:54:14","date_gmt":"2023-05-14T13:54:14","guid":{"rendered":"http:\/\/talkpal.ai\/armenska-gramatika\/"},"modified":"2025-05-21T10:55:50","modified_gmt":"2025-05-21T10:55:50","slug":"armenska-gramatika","status":"publish","type":"page","link":"https:\/\/talkpal.ai\/cs\/armenska-gramatika\/","title":{"rendered":"Arm\u00e9nsk\u00e1 gramatika"},"content":{"rendered":"\r\n\r\n\r\n<section class=\"languageChallengeSection\">\r\n    <div class=\"languageInfoWrapper\">\r\n        \r\n        <h1>Arm\u00e9nsk\u00e1 gramatika<\/h1>\r\n        <p>Jste p\u0159ipraveni prozkoumat nov\u00fd jazyk? <a href=\"https:\/\/talkpal.ai\/armenian-grammar\/\">Arm\u00e9nsk\u00e1 gramatika<\/a> je va\u0161\u00ed branou do sv\u011bta fascinuj\u00edc\u00edch vzor\u016f a jedine\u010dn\u00fdch tradic! Kdy\u017e se nau\u010d\u00edte arm\u00e9nskou gramatiku, nejen\u017ee si osvoj\u00edte jazyk, ale tak\u00e9 se sezn\u00e1m\u00edte s hlubok\u00fdm kulturn\u00edm d\u011bdictv\u00edm Arm\u00e9nie. Poj\u010fme se spole\u010dn\u011b pono\u0159it a u\u017e\u00edt si cestu do arm\u00e9n\u0161tiny!<\/p>\r\n\r\n                            <a class=\"getStartedHidden\" href=\"https:\/\/app.talkpal.ai\/cs\/signup?lng=\">Za\u010dni<\/a>\r\n        \r\n    <\/div>\r\n\r\n    <figure>\r\n    <img decoding=\"async\" width=\"768\" height=\"768\" src=\"https:\/\/talkpal.ai\/wp-content\/uploads\/2023\/06\/armenian-768x768.png\" class=\"languageImage no-lazy\" alt=\"Language learning for higher cognition\" fetchpriority=\"high\" sizes=\"(max-width: 768px) 150px, 768px\" srcset=\"https:\/\/talkpal.ai\/wp-content\/uploads\/2023\/06\/armenian-768x768.png 768w, https:\/\/talkpal.ai\/wp-content\/uploads\/2023\/06\/armenian-300x300.png 300w\" \/>\r\n    \r\n\r\n    <\/figure>\r\n\r\n            <a class=\"getStartedVisible\" href=\"https:\/\/app.talkpal.ai\/cs\/signup?lng=\">Za\u010dni<\/a>\r\n    \r\n<\/section>\r\n<section class=\"promotionalBanner\">\r\n    <p class=\"promotionalText\">Nejefektivn\u011bj\u0161\u00ed zp\u016fsob, jak se nau\u010dit jazyk<\/p>\r\n    <a class=\"promotionalLink\" href=\"https:\/\/app.talkpal.ai\/cs\/signup?lng=\">Vyzkou\u0161ejte Talkpal zdarma<\/a>\r\n<\/section>\n<div class=\"wp-block-group pageContainerStyle\"><div class=\"wp-block-group__inner-container is-layout-constrained wp-block-group-is-layout-constrained\">\n<h2 class=\"wp-block-heading\" id=\"h-discovering-the-richness-of-armenian-grammar\">Objevov\u00e1n\u00ed bohatstv\u00ed arm\u00e9nsk\u00e9 gramatiky<\/h2>\n\n\n\n<p><a href=\"https:\/\/talkpal.ai\/learn-armenian\/\">Arm\u00e9n\u0161tina<\/a>, jedine\u010dn\u00fd a fascinuj\u00edc\u00ed jazyk, zauj\u00edm\u00e1 v indoevropsk\u00e9 rodin\u011b v\u00fdrazn\u00e9 m\u00edsto. Studium arm\u00e9n\u0161tiny nejen obohat\u00ed v\u00e1\u0161 jazykov\u00fd reperto\u00e1r, ale tak\u00e9 v\u00e1m umo\u017en\u00ed pono\u0159it se do bohat\u00e9 historie a kultury Arm\u00e9nie. I kdy\u017e se arm\u00e9nsk\u00e1 gramatika m\u016f\u017ee na prvn\u00ed pohled zd\u00e1t skli\u010duj\u00edc\u00ed, jej\u00ed rozd\u011blen\u00ed na z\u00e1kladn\u00ed slo\u017eky proces zjednodu\u0161uje. V tomto \u010dl\u00e1nku v\u00e1s sezn\u00e1m\u00edme s podmaniv\u00fdm sv\u011btem arm\u00e9nsk\u00e9 gramatiky a porad\u00edme v\u00e1m, jak si osvojit jej\u00ed slo\u017eitosti.<\/p>\n\n\n\n<h3 class=\"wp-block-heading\" id=\"h-1-the-armenian-alphabet\">1. Arm\u00e9nsk\u00e1 abeceda<\/h3>\n\n\n\n<p>Arm\u00e9n\u0161tina m\u00e1 svou odli\u0161nou abecedu, kter\u00e1 se skl\u00e1d\u00e1 z 39 p\u00edsmen, z nich\u017e ka\u017ed\u00e9 p\u0159edstavuje konkr\u00e9tn\u00ed fon\u00e9m nebo kombinaci fon\u00e9m\u016f. Chcete-li se nau\u010dit arm\u00e9nskou gramatiku, je d\u016fle\u017eit\u00e9 sezn\u00e1mit se s t\u00edmto jedine\u010dn\u00fdm syst\u00e9mem psan\u00ed procvi\u010dov\u00e1n\u00edm \u010dten\u00ed a psan\u00ed arm\u00e9nsk\u00fdch text\u016f.<\/p>\n\n\n\n<h3 class=\"wp-block-heading\" id=\"h-2-nouns-gender-and-cases\">2. Podstatn\u00e1 jm\u00e9na: rod a p\u00e1dy<\/h3>\n\n\n\n<p>Arm\u00e9nsk\u00e1 podstatn\u00e1 jm\u00e9na nemaj\u00ed gramatick\u00fd rod jako mnoho jin\u00fdch jazyk\u016f. Maj\u00ed v\u0161ak n\u011bkolik p\u00e1d\u016f, v\u010detn\u011b nominativu, akuzativu, dativu, genitivu, instrument\u00e1lu, ablativu a lok\u00e1lu. Nau\u010dit se pravidla pro tvo\u0159en\u00ed t\u011bchto p\u00e1d\u016f v\u00e1m umo\u017en\u00ed l\u00e9pe porozum\u011bt a strukturovat arm\u00e9nsk\u00e9 v\u011bty.<\/p>\n\n\n\n<h3 class=\"wp-block-heading\" id=\"h-3-verbs-conjugation-and-tense\">3. Slovesa: \u010dasov\u00e1n\u00ed a \u010das<\/h3>\n\n\n\n<p>Arm\u00e9nsk\u00e1 slovesa se \u010dasuj\u00ed podle \u010dasu, zp\u016fsobu a vidu. V arm\u00e9n\u0161tin\u011b existuje sedm z\u00e1kladn\u00edch \u010das\u016f, v\u010detn\u011b p\u0159\u00edtomn\u00e9ho, nedokonav\u00e9ho, perfekta, aoristu, budouc\u00edho, pluperfektu a p\u0159edbudouc\u00edho \u010dasu. Pravideln\u00e1 slovesa se \u0159\u00edd\u00ed specifick\u00fdmi vzorci \u010dasov\u00e1n\u00ed, tak\u017ee se je pom\u011brn\u011b snadno nau\u010d\u00edte, jakmile pochop\u00edte pravidla.<\/p>\n\n\n\n<h3 class=\"wp-block-heading\" id=\"h-4-adjectives-agreement-and-placement\">4. P\u0159\u00eddavn\u00e1 jm\u00e9na: Dohoda a um\u00edst\u011bn\u00ed<\/h3>\n\n\n\n<p>V arm\u00e9nsk\u00e9 gramatice se p\u0159\u00eddavn\u00e1 jm\u00e9na obvykle vyskytuj\u00ed p\u0159ed podstatn\u00fdm jm\u00e9nem, kter\u00e9 modifikuj\u00ed, a nemus\u00ed souhlasit s podstatn\u00fdm jm\u00e9nem. P\u0159\u00eddavn\u00e1 jm\u00e9na v\u0161ak mohou b\u00fdt sklo\u0148ov\u00e1na, pokud jsou pou\u017e\u00edv\u00e1na v\u011bcn\u011b (jako podstatn\u00e9 jm\u00e9no) nebo jim p\u0159edch\u00e1zej\u00ed ur\u010dit\u00e1 ukazovac\u00ed a p\u0159ivlast\u0148ovac\u00ed z\u00e1jmena.<\/p>\n\n\n\n<p><strong>P\u0159\u00edklady:<\/strong><\/p>\n\n\n\n<p>&#8211; \u057d\u0578\u0582\u0580\u0562 \u057f\u0561\u0573\u0561\u0580 (surb tachar) &#8211; svat\u00fd chr\u00e1m<\/p>\n\n\n\n<p>&#8211; \u0561\u0575\u057d \u0574\u0565\u056e \u057f\u0578\u0582\u0576 (ays <a href=\"https:\/\/talkpal.ai\/locations\/language-courses-in-metz\/\">metz<\/a> tun) &#8211; tento velk\u00fd d\u016fm<\/p>\n\n\n\n<h3 class=\"wp-block-heading\" id=\"h-5-evidentiality-in-verbs\">5. Pr\u016fkaznost u sloves<\/h3>\n\n\n\n<p>Jedn\u00edm z jedine\u010dn\u00fdch aspekt\u016f arm\u00e9nsk\u00e9 gramatiky je pou\u017e\u00edv\u00e1n\u00ed d\u016fkazn\u00edch sloves. Tato vlastnost ukazuje zdroj znalost\u00ed mluv\u010d\u00edho (osobn\u00ed zku\u0161enost, z doslechu nebo z odvozen\u00ed) t\u00fdkaj\u00edc\u00ed se d\u011bje ve v\u011bt\u011b. V\u011bnov\u00e1n\u00ed pozornosti t\u011bmto nuanc\u00edm v\u00e1m m\u016f\u017ee pomoci poskytnout kontext a jasnost ve va\u0161\u00ed konverzaci.<\/p>\n\n\n\n<h3 class=\"wp-block-heading\" id=\"h-6-engaging-with-the-language\">6. Zapojen\u00ed do jazyka<\/h3>\n\n\n\n<p>Nej\u00fa\u010dinn\u011bj\u0161\u00edm zp\u016fsobem, jak porozum\u011bt a osvojit si arm\u00e9nskou gramatiku, je pravideln\u00e1 interakce s jazykem. \u010cten\u00edm arm\u00e9nsk\u00e9 literatury, sledov\u00e1n\u00edm film\u016f nebo televizn\u00edch seri\u00e1l\u016f a aktivn\u00ed komunikac\u00ed s rodil\u00fdmi mluv\u010d\u00edmi si pos\u00edl\u00edte porozum\u011bn\u00ed gramatice a z\u00e1rove\u0148 si roz\u0161\u00ed\u0159\u00edte slovn\u00ed z\u00e1sobu.<\/p>\n\n\n\n<h3 class=\"wp-block-heading\" id=\"h-conclusion\">Z\u00e1v\u011br<\/h3>\n\n\n\n<p>A\u010dkoli se arm\u00e9nsk\u00e1 gramatika m\u016f\u017ee zd\u00e1t slo\u017eit\u00e1, p\u0159\u00edstup k n\u00ed krok za krokem a d\u016fsledn\u00e9 procvi\u010dov\u00e1n\u00ed v\u00e1m pom\u016f\u017ee zdokonalit se v tomto kr\u00e1sn\u00e9m jazyce. P\u0159ijm\u011bte tuto v\u00fdzvu a brzy zjist\u00edte, \u017ee se s rostouc\u00ed jistotou orientujete v nuanc\u00edch arm\u00e9nsk\u00e9 gramatiky. \u0160\u0165astn\u00e9 studium a u\u017eijte si objevov\u00e1n\u00ed bohatstv\u00ed arm\u00e9nsk\u00e9 gramatiky!<\/p>\n<\/div><\/div>\n\r\n<section class=\"learnNavigationSection\">\r\n            \r\n        <a href=\"https:\/\/talkpal.ai\/cs\/naucte-se-armensky\/\">\r\n            <div class=\"learnNavigationWrapper\">\r\n                <div class=\"learnNavigationContent\">\r\n                    <img decoding=\"async\" src=\"https:\/\/talkpal.ai\/wp-content\/uploads\/2024\/08\/Armenian.jpg\" alt=\"Armenian Flag\">\r\n                    <div>\r\n                        <h4>O arm\u00e9nsk\u00e9m vzd\u011bl\u00e1v\u00e1n\u00ed<\/h4>\r\n                        <p>Zjist\u011bte v\u0161e o arm\u00e9nsk\u00e9 gramatice.<\/p>\r\n                    <\/div>\r\n                <\/div>\r\n            <\/div>\r\n        <\/a>\r\n\r\n        \r\n        <a href=\"https:\/\/talkpal.ai\/cs\/armenska-gramaticka-cviceni\/\">\r\n            <div class=\"learnNavigationWrapper\">\r\n                <div class=\"learnNavigationContent\">\r\n                    <img decoding=\"async\" src=\"https:\/\/talkpal.ai\/wp-content\/uploads\/2024\/08\/Armenian.jpg\" alt=\"Armenian Flag\">\r\n                    <div>\r\n                        <h4>Cvi\u010den\u00ed z arm\u00e9nsk\u00e9 gramatiky<\/h4>\r\n                        <p>Procvi\u010dte si arm\u00e9nskou gramatiku.<\/p>\r\n                    <\/div>\r\n                <\/div>\r\n            <\/div>\r\n        <\/a>\r\n\r\n        \r\n        <a href=\"https:\/\/talkpal.ai\/vocabulary_language\/armenian\/\">\r\n            <div class=\"learnNavigationWrapper\">\r\n                <div class=\"learnNavigationContent\">\r\n                    <img decoding=\"async\" src=\"https:\/\/talkpal.ai\/wp-content\/uploads\/2024\/08\/Armenian.jpg\" alt=\"Armenian Flag\">\r\n                    <div>\r\n                        <h4>Arm\u00e9nsk\u00e1 slovn\u00ed z\u00e1soba<\/h4>\r\n                        <p>Roz\u0161i\u0159te si slovn\u00ed z\u00e1sobu arm\u00e9n\u0161tiny.<\/p>\r\n                    <\/div>\r\n                <\/div>\r\n            <\/div>\r\n        <\/a>\r\n\r\n            <\/section>","protected":false},"excerpt":{"rendered":"<p>Objevov\u00e1n\u00ed bohatstv\u00ed arm\u00e9nsk\u00e9 gramatiky Arm\u00e9n\u0161tina, jedine\u010dn\u00fd a fascinuj\u00edc\u00ed jazyk, zauj\u00edm\u00e1 v indoevropsk\u00e9 rodin\u011b v\u00fdrazn\u00e9 m\u00edsto. Studium arm\u00e9n\u0161tiny nejen obohat\u00ed v\u00e1\u0161 jazykov\u00fd reperto\u00e1r, ale tak\u00e9 v\u00e1m umo\u017en\u00ed pono\u0159it se do bohat\u00e9 historie a kultury Arm\u00e9nie. I kdy\u017e se arm\u00e9nsk\u00e1 gramatika m\u016f\u017ee na prvn\u00ed pohled zd\u00e1t skli\u010duj\u00edc\u00ed, jej\u00ed rozd\u011blen\u00ed na z\u00e1kladn\u00ed slo\u017eky proces zjednodu\u0161uje. V tomto \u010dl\u00e1nku [&hellip;]<\/p>\n","protected":false},"author":1,"featured_media":109087,"parent":0,"menu_order":0,"comment_status":"closed","ping_status":"closed","template":"LearningContentPage.php","meta":{"_acf_changed":false,"footnotes":""},"class_list":["post-140439","page","type-page","status-publish","has-post-thumbnail","hentry"],"acf":[],"yoast_head":"<!-- This site is optimized with the Yoast SEO Premium plugin v27.2 (Yoast SEO v27.2) - https:\/\/yoast.com\/product\/yoast-seo-premium-wordpress\/ -->\n<title>Arm\u00e9nsk\u00e1 gramatika - Talkpal<\/title>\n<meta name=\"description\" content=\"Odhalte tajemstv\u00ed arm\u00e9nsk\u00e9 gramatiky a poznejte bohatou kulturu Arm\u00e9nie a z\u00e1rove\u0148 si osvojte tento fascinuj\u00edc\u00ed jazyk.\" \/>\n<meta name=\"robots\" content=\"index, follow, max-snippet:-1, max-image-preview:large, max-video-preview:-1\" \/>\n<link rel=\"canonical\" href=\"https:\/\/talkpal.ai\/cs\/armenska-gramatika\/\" \/>\n<meta property=\"og:locale\" content=\"cs_CZ\" \/>\n<meta property=\"og:type\" content=\"article\" \/>\n<meta property=\"og:title\" content=\"Arm\u00e9nsk\u00e1 gramatika\" \/>\n<meta property=\"og:description\" content=\"Objevov\u00e1n\u00ed bohatstv\u00ed arm\u00e9nsk\u00e9 gramatiky Arm\u00e9n\u0161tina, jedine\u010dn\u00fd a fascinuj\u00edc\u00ed jazyk, zauj\u00edm\u00e1 v indoevropsk\u00e9 rodin\u011b v\u00fdrazn\u00e9 m\u00edsto. Studium arm\u00e9n\u0161tiny nejen\" \/>\n<meta property=\"og:url\" content=\"https:\/\/talkpal.ai\/cs\/armenska-gramatika\/\" \/>\n<meta property=\"og:site_name\" content=\"Talkpal\" \/>\n<meta property=\"article:publisher\" content=\"https:\/\/www.facebook.com\/profile.php?id=100090733639311\" \/>\n<meta property=\"article:modified_time\" content=\"2025-05-21T10:55:50+00:00\" \/>\n<meta property=\"og:image\" content=\"https:\/\/talkpal.ai\/wp-content\/uploads\/2023\/05\/armenia.png\" \/>\n\t<meta property=\"og:image:width\" content=\"512\" \/>\n\t<meta property=\"og:image:height\" content=\"512\" \/>\n\t<meta property=\"og:image:type\" content=\"image\/png\" \/>\n<meta name=\"twitter:card\" content=\"summary_large_image\" \/>\n<meta name=\"twitter:site\" content=\"@talkpalai\" \/>\n<meta name=\"twitter:label1\" content=\"Odhadovan\u00e1 doba \u010dten\u00ed\" \/>\n\t<meta name=\"twitter:data1\" content=\"3 minuty\" \/>\n<script type=\"application\/ld+json\" class=\"yoast-schema-graph\">{\"@context\":\"https:\/\/schema.org\",\"@graph\":[{\"@type\":\"WebPage\",\"@id\":\"https:\/\/talkpal.ai\/cs\/armenska-gramatika\/\",\"url\":\"https:\/\/talkpal.ai\/cs\/armenska-gramatika\/\",\"name\":\"Arm\u00e9nsk\u00e1 gramatika - Talkpal\",\"isPartOf\":{\"@id\":\"https:\/\/talkpal.ai\/cs\/#website\"},\"primaryImageOfPage\":{\"@id\":\"https:\/\/talkpal.ai\/cs\/armenska-gramatika\/#primaryimage\"},\"image\":{\"@id\":\"https:\/\/talkpal.ai\/cs\/armenska-gramatika\/#primaryimage\"},\"thumbnailUrl\":\"https:\/\/talkpal.ai\/wp-content\/uploads\/2023\/05\/armenia.png\",\"datePublished\":\"2023-05-14T13:54:14+00:00\",\"dateModified\":\"2025-05-21T10:55:50+00:00\",\"description\":\"Odhalte tajemstv\u00ed arm\u00e9nsk\u00e9 gramatiky a poznejte bohatou kulturu Arm\u00e9nie a z\u00e1rove\u0148 si osvojte tento fascinuj\u00edc\u00ed jazyk.\",\"breadcrumb\":{\"@id\":\"https:\/\/talkpal.ai\/cs\/armenska-gramatika\/#breadcrumb\"},\"inLanguage\":\"cs\",\"potentialAction\":[{\"@type\":\"ReadAction\",\"target\":[\"https:\/\/talkpal.ai\/cs\/armenska-gramatika\/\"]}]},{\"@type\":\"ImageObject\",\"inLanguage\":\"cs\",\"@id\":\"https:\/\/talkpal.ai\/cs\/armenska-gramatika\/#primaryimage\",\"url\":\"https:\/\/talkpal.ai\/wp-content\/uploads\/2023\/05\/armenia.png\",\"contentUrl\":\"https:\/\/talkpal.ai\/wp-content\/uploads\/2023\/05\/armenia.png\",\"width\":512,\"height\":512},{\"@type\":\"BreadcrumbList\",\"@id\":\"https:\/\/talkpal.ai\/cs\/armenska-gramatika\/#breadcrumb\",\"itemListElement\":[{\"@type\":\"ListItem\",\"position\":1,\"name\":\"Homepage\",\"item\":\"https:\/\/talkpal.ai\/cs\/\"},{\"@type\":\"ListItem\",\"position\":2,\"name\":\"Arm\u00e9nsk\u00e1 gramatika\"}]},{\"@type\":\"WebSite\",\"@id\":\"https:\/\/talkpal.ai\/cs\/#website\",\"url\":\"https:\/\/talkpal.ai\/cs\/\",\"name\":\"Talkpal\",\"description\":\"AI Language Learning\",\"publisher\":{\"@id\":\"https:\/\/talkpal.ai\/cs\/#organization\"},\"alternateName\":\"Talkpal AI\",\"potentialAction\":[{\"@type\":\"SearchAction\",\"target\":{\"@type\":\"EntryPoint\",\"urlTemplate\":\"https:\/\/talkpal.ai\/cs\/?s={search_term_string}\"},\"query-input\":{\"@type\":\"PropertyValueSpecification\",\"valueRequired\":true,\"valueName\":\"search_term_string\"}}],\"inLanguage\":\"cs\"},{\"@type\":\"Organization\",\"@id\":\"https:\/\/talkpal.ai\/cs\/#organization\",\"name\":\"Talkpal, Inc.\",\"alternateName\":\"Talkpal AI\",\"url\":\"https:\/\/talkpal.ai\/cs\/\",\"logo\":{\"@type\":\"ImageObject\",\"inLanguage\":\"cs\",\"@id\":\"https:\/\/talkpal.ai\/cs\/#\/schema\/logo\/image\/\",\"url\":\"https:\/\/talkpal.ai\/wp-content\/uploads\/2024\/03\/Talkpal-Logo-Icon.png\",\"contentUrl\":\"https:\/\/talkpal.ai\/wp-content\/uploads\/2024\/03\/Talkpal-Logo-Icon.png\",\"width\":2880,\"height\":2880,\"caption\":\"Talkpal, Inc.\"},\"image\":{\"@id\":\"https:\/\/talkpal.ai\/cs\/#\/schema\/logo\/image\/\"},\"sameAs\":[\"https:\/\/www.facebook.com\/profile.php?id=100090733639311\",\"https:\/\/x.com\/talkpalai\",\"https:\/\/www.linkedin.com\/company\/talkpal\/\",\"https:\/\/www.youtube.com\/@TalkPal\/\",\"https:\/\/www.tiktok.com\/@talkpal\",\"https:\/\/www.instagram.com\/talkpal_ai\/\",\"https:\/\/www.crunchbase.com\/organization\/talkpal-9cde\",\"https:\/\/www.g2.com\/products\/talkpal-for-business\/\",\"https:\/\/www.trustpilot.com\/review\/talkpal.ai\",\"https:\/\/www.capterra.com\/p\/10006800\/TalkPal\/\"],\"description\":\"Talkpal is a language learning web and mobile education app, powered by the latest AI technologies, that provides engaging experiences to its customers in many different languages to help them improve their language skills. Users can chat about unlimited amount of topics with the app and use other modes to practice their language learning.\",\"email\":\"support@talkpal.ai\",\"legalName\":\"Talkpal, Inc.\",\"foundingDate\":\"2023-04-03\",\"duns\":\"118989042\",\"numberOfEmployees\":{\"@type\":\"QuantitativeValue\",\"minValue\":\"11\",\"maxValue\":\"50\"},\"publishingPrinciples\":\"https:\/\/talkpal.ai\/publishing-principles\/\",\"actionableFeedbackPolicy\":\"https:\/\/talkpal.ai\/actionable-feedback-policy\/\",\"correctionsPolicy\":\"https:\/\/talkpal.ai\/corrections-policy\/\",\"ethicsPolicy\":\"https:\/\/talkpal.ai\/ethics-policy\/\",\"diversityPolicy\":\"https:\/\/talkpal.ai\/diversity-policy\/\",\"diversityStaffingReport\":\"https:\/\/talkpal.ai\/diversity-policy\/\"}]}<\/script>\n<!-- \/ Yoast SEO Premium plugin. -->","yoast_head_json":{"title":"Arm\u00e9nsk\u00e1 gramatika - Talkpal","description":"Odhalte tajemstv\u00ed arm\u00e9nsk\u00e9 gramatiky a poznejte bohatou kulturu Arm\u00e9nie a z\u00e1rove\u0148 si osvojte tento fascinuj\u00edc\u00ed jazyk.","robots":{"index":"index","follow":"follow","max-snippet":"max-snippet:-1","max-image-preview":"max-image-preview:large","max-video-preview":"max-video-preview:-1"},"canonical":"https:\/\/talkpal.ai\/cs\/armenska-gramatika\/","og_locale":"cs_CZ","og_type":"article","og_title":"Arm\u00e9nsk\u00e1 gramatika","og_description":"Objevov\u00e1n\u00ed bohatstv\u00ed arm\u00e9nsk\u00e9 gramatiky Arm\u00e9n\u0161tina, jedine\u010dn\u00fd a fascinuj\u00edc\u00ed jazyk, zauj\u00edm\u00e1 v indoevropsk\u00e9 rodin\u011b v\u00fdrazn\u00e9 m\u00edsto. Studium arm\u00e9n\u0161tiny nejen","og_url":"https:\/\/talkpal.ai\/cs\/armenska-gramatika\/","og_site_name":"Talkpal","article_publisher":"https:\/\/www.facebook.com\/profile.php?id=100090733639311","article_modified_time":"2025-05-21T10:55:50+00:00","og_image":[{"width":512,"height":512,"url":"https:\/\/talkpal.ai\/wp-content\/uploads\/2023\/05\/armenia.png","type":"image\/png"}],"twitter_card":"summary_large_image","twitter_site":"@talkpalai","twitter_misc":{"Odhadovan\u00e1 doba \u010dten\u00ed":"3 minuty"},"schema":{"@context":"https:\/\/schema.org","@graph":[{"@type":"WebPage","@id":"https:\/\/talkpal.ai\/cs\/armenska-gramatika\/","url":"https:\/\/talkpal.ai\/cs\/armenska-gramatika\/","name":"Arm\u00e9nsk\u00e1 gramatika - Talkpal","isPartOf":{"@id":"https:\/\/talkpal.ai\/cs\/#website"},"primaryImageOfPage":{"@id":"https:\/\/talkpal.ai\/cs\/armenska-gramatika\/#primaryimage"},"image":{"@id":"https:\/\/talkpal.ai\/cs\/armenska-gramatika\/#primaryimage"},"thumbnailUrl":"https:\/\/talkpal.ai\/wp-content\/uploads\/2023\/05\/armenia.png","datePublished":"2023-05-14T13:54:14+00:00","dateModified":"2025-05-21T10:55:50+00:00","description":"Odhalte tajemstv\u00ed arm\u00e9nsk\u00e9 gramatiky a poznejte bohatou kulturu Arm\u00e9nie a z\u00e1rove\u0148 si osvojte tento fascinuj\u00edc\u00ed jazyk.","breadcrumb":{"@id":"https:\/\/talkpal.ai\/cs\/armenska-gramatika\/#breadcrumb"},"inLanguage":"cs","potentialAction":[{"@type":"ReadAction","target":["https:\/\/talkpal.ai\/cs\/armenska-gramatika\/"]}]},{"@type":"ImageObject","inLanguage":"cs","@id":"https:\/\/talkpal.ai\/cs\/armenska-gramatika\/#primaryimage","url":"https:\/\/talkpal.ai\/wp-content\/uploads\/2023\/05\/armenia.png","contentUrl":"https:\/\/talkpal.ai\/wp-content\/uploads\/2023\/05\/armenia.png","width":512,"height":512},{"@type":"BreadcrumbList","@id":"https:\/\/talkpal.ai\/cs\/armenska-gramatika\/#breadcrumb","itemListElement":[{"@type":"ListItem","position":1,"name":"Homepage","item":"https:\/\/talkpal.ai\/cs\/"},{"@type":"ListItem","position":2,"name":"Arm\u00e9nsk\u00e1 gramatika"}]},{"@type":"WebSite","@id":"https:\/\/talkpal.ai\/cs\/#website","url":"https:\/\/talkpal.ai\/cs\/","name":"Talkpal","description":"AI Language Learning","publisher":{"@id":"https:\/\/talkpal.ai\/cs\/#organization"},"alternateName":"Talkpal AI","potentialAction":[{"@type":"SearchAction","target":{"@type":"EntryPoint","urlTemplate":"https:\/\/talkpal.ai\/cs\/?s={search_term_string}"},"query-input":{"@type":"PropertyValueSpecification","valueRequired":true,"valueName":"search_term_string"}}],"inLanguage":"cs"},{"@type":"Organization","@id":"https:\/\/talkpal.ai\/cs\/#organization","name":"Talkpal, Inc.","alternateName":"Talkpal AI","url":"https:\/\/talkpal.ai\/cs\/","logo":{"@type":"ImageObject","inLanguage":"cs","@id":"https:\/\/talkpal.ai\/cs\/#\/schema\/logo\/image\/","url":"https:\/\/talkpal.ai\/wp-content\/uploads\/2024\/03\/Talkpal-Logo-Icon.png","contentUrl":"https:\/\/talkpal.ai\/wp-content\/uploads\/2024\/03\/Talkpal-Logo-Icon.png","width":2880,"height":2880,"caption":"Talkpal, Inc."},"image":{"@id":"https:\/\/talkpal.ai\/cs\/#\/schema\/logo\/image\/"},"sameAs":["https:\/\/www.facebook.com\/profile.php?id=100090733639311","https:\/\/x.com\/talkpalai","https:\/\/www.linkedin.com\/company\/talkpal\/","https:\/\/www.youtube.com\/@TalkPal\/","https:\/\/www.tiktok.com\/@talkpal","https:\/\/www.instagram.com\/talkpal_ai\/","https:\/\/www.crunchbase.com\/organization\/talkpal-9cde","https:\/\/www.g2.com\/products\/talkpal-for-business\/","https:\/\/www.trustpilot.com\/review\/talkpal.ai","https:\/\/www.capterra.com\/p\/10006800\/TalkPal\/"],"description":"Talkpal is a language learning web and mobile education app, powered by the latest AI technologies, that provides engaging experiences to its customers in many different languages to help them improve their language skills. Users can chat about unlimited amount of topics with the app and use other modes to practice their language learning.","email":"support@talkpal.ai","legalName":"Talkpal, Inc.","foundingDate":"2023-04-03","duns":"118989042","numberOfEmployees":{"@type":"QuantitativeValue","minValue":"11","maxValue":"50"},"publishingPrinciples":"https:\/\/talkpal.ai\/publishing-principles\/","actionableFeedbackPolicy":"https:\/\/talkpal.ai\/actionable-feedback-policy\/","correctionsPolicy":"https:\/\/talkpal.ai\/corrections-policy\/","ethicsPolicy":"https:\/\/talkpal.ai\/ethics-policy\/","diversityPolicy":"https:\/\/talkpal.ai\/diversity-policy\/","diversityStaffingReport":"https:\/\/talkpal.ai\/diversity-policy\/"}]}},"_links":{"self":[{"href":"https:\/\/talkpal.ai\/cs\/wp-json\/wp\/v2\/pages\/140439","targetHints":{"allow":["GET"]}}],"collection":[{"href":"https:\/\/talkpal.ai\/cs\/wp-json\/wp\/v2\/pages"}],"about":[{"href":"https:\/\/talkpal.ai\/cs\/wp-json\/wp\/v2\/types\/page"}],"author":[{"embeddable":true,"href":"https:\/\/talkpal.ai\/cs\/wp-json\/wp\/v2\/users\/1"}],"replies":[{"embeddable":true,"href":"https:\/\/talkpal.ai\/cs\/wp-json\/wp\/v2\/comments?post=140439"}],"version-history":[{"count":0,"href":"https:\/\/talkpal.ai\/cs\/wp-json\/wp\/v2\/pages\/140439\/revisions"}],"wp:featuredmedia":[{"embeddable":true,"href":"https:\/\/talkpal.ai\/cs\/wp-json\/wp\/v2\/media\/109087"}],"wp:attachment":[{"href":"https:\/\/talkpal.ai\/cs\/wp-json\/wp\/v2\/media?parent=140439"}],"curies":[{"name":"wp","href":"https:\/\/api.w.org\/{rel}","templated":true}]}}