{"id":140137,"date":"2023-05-14T13:53:48","date_gmt":"2023-05-14T13:53:48","guid":{"rendered":"http:\/\/talkpal.ai\/azerbajdzanska-gramatika\/"},"modified":"2025-05-22T08:22:59","modified_gmt":"2025-05-22T08:22:59","slug":"azerbajdzanska-gramatika","status":"publish","type":"page","link":"https:\/\/talkpal.ai\/cs\/azerbajdzanska-gramatika\/","title":{"rendered":"\u00c1zerb\u00e1jd\u017e\u00e1nsk\u00e1 gramatika"},"content":{"rendered":"\r\n\r\n\r\n<section class=\"languageChallengeSection\">\r\n    <div class=\"languageInfoWrapper\">\r\n        \r\n        <h1>\u00c1zerb\u00e1jd\u017e\u00e1nsk\u00e1 gramatika<\/h1>\r\n        <p>Jste p\u0159ipraveni odhalit kr\u00e1su \u00e1zerb\u00e1jd\u017e\u00e1nsk\u00e9ho jazyka? Pono\u0159te se do \u00e1zerb\u00e1jd\u017e\u00e1nsk\u00e9 gramatiky a objevte jej\u00ed jedine\u010dnou strukturu, od harmonie samohl\u00e1sek a\u017e po expresivn\u00ed tvary sloves. Za\u010dn\u011bte se u\u010dit je\u0161t\u011b dnes a vyzkou\u0161ejte si, jak v\u00e1m zvl\u00e1dnut\u00ed gramatiky skute\u010dn\u011b otev\u0159e cestu k plynul\u00e9 konverzaci a hlub\u0161\u00edmu porozum\u011bn\u00ed \u00e1zerb\u00e1jd\u017e\u00e1nsk\u00e9 kultu\u0159e!<\/p>\r\n\r\n                            <a class=\"getStartedHidden\" href=\"https:\/\/app.talkpal.ai\/cs\/signup?lng=\">Za\u010dni<\/a>\r\n        \r\n    <\/div>\r\n\r\n    <figure>\r\n    <img decoding=\"async\" width=\"768\" height=\"768\" src=\"https:\/\/talkpal.ai\/wp-content\/uploads\/2023\/06\/azerbaijani-768x768.png\" class=\"languageImage no-lazy\" alt=\"Language learning for enhanced cognitive skills\" fetchpriority=\"high\" sizes=\"(max-width: 768px) 150px, 768px\" srcset=\"https:\/\/talkpal.ai\/wp-content\/uploads\/2023\/06\/azerbaijani-768x768.png 768w, https:\/\/talkpal.ai\/wp-content\/uploads\/2023\/06\/azerbaijani-300x300.png 300w\" \/>\r\n    \r\n\r\n    <\/figure>\r\n\r\n            <a class=\"getStartedVisible\" href=\"https:\/\/app.talkpal.ai\/cs\/signup?lng=\">Za\u010dni<\/a>\r\n    \r\n<\/section>\r\n<section class=\"promotionalBanner\">\r\n    <p class=\"promotionalText\">Nejefektivn\u011bj\u0161\u00ed zp\u016fsob, jak se nau\u010dit jazyk<\/p>\r\n    <a class=\"promotionalLink\" href=\"https:\/\/app.talkpal.ai\/cs\/signup?lng=\">Vyzkou\u0161ejte Talkpal zdarma<\/a>\r\n<\/section>\n<div class=\"wp-block-group pageContainerStyle\"><div class=\"wp-block-group__inner-container is-layout-constrained wp-block-group-is-layout-constrained\">\n<h2 class=\"wp-block-heading\" id=\"h-a-comprehensive-guide-to-azerbaijani-grammar\">Komplexn\u00ed pr\u016fvodce \u00e1zerb\u00e1jd\u017e\u00e1nskou gramatikou<\/h2>\n\n\n\n<p>P\u0159em\u00fd\u0161leli jste n\u011bkdy o tom, \u017ee byste se nau\u010dili \u00e1zerb\u00e1jd\u017e\u00e1nsky? <a href=\"https:\/\/talkpal.ai\/learn-azerbaijani\/\">\u00c1zerb\u00e1jd\u017e\u00e1n\u0161tina<\/a> je ofici\u00e1ln\u00edm jazykem \u00c1zerb\u00e1jd\u017e\u00e1nu, kter\u00fdm mluv\u00ed miliony lid\u00ed v oblasti Kavkazu, a je jedine\u010dn\u00fdm a fascinuj\u00edc\u00edm jazykem. D\u00edky bohat\u00e9 historii, rozmanit\u00e9 kultu\u0159e a sm\u011bsici vliv\u016f z ture\u010dtiny, ru\u0161tiny a per\u0161tiny poskytuje <a href=\"https:\/\/talkpal.ai\/learn-azerbaijani\/\">\u00e1zerb\u00e1jd\u017e\u00e1n\u0161tina<\/a> jedine\u010dn\u00fd jazykov\u00fd z\u00e1\u017eitek. Ale neboj se, p\u0159\u00edteli! V tomto \u010dl\u00e1nku odhal\u00edme z\u00e1zraky \u00e1zerb\u00e1jd\u017e\u00e1nsk\u00e9 gramatiky, zp\u0159\u00edstupn\u00edme ji a trouf\u00e1m si \u0159\u00edci, \u017ee zp\u0159\u00edjemn\u00edme jazykov\u00fdm nad\u0161enc\u016fm, jako jste vy.<\/p>\n\n\n\n<p><strong>Za\u010dn\u011bme, ano?<\/strong><\/p>\n\n\n\n<h3 class=\"wp-block-heading\" id=\"h-1-the-azerbaijani-alphabet-a-fusion-of-beauty-and-simplicity\">1. \u00c1zerb\u00e1jd\u017e\u00e1nsk\u00e1 abeceda: spojen\u00ed kr\u00e1sy a jednoduchosti<\/h3>\n\n\n\n<p>\u00c1zerb\u00e1jd\u017e\u00e1nsk\u00e1 abeceda je zalo\u017eena na latinsk\u00e9m p\u00edsmu, kter\u00e9 se skl\u00e1d\u00e1 z 32 p\u00edsmen. Nebojte se, nebudete muset lu\u0161tit z\u00e1hadn\u00e9 znaky, proto\u017ee se velmi podobaj\u00ed anglick\u00e9 abeced\u011b. N\u011bkter\u00e1 p\u00edsmena v\u0161ak maj\u00ed jedine\u010dn\u00e9 p\u0159\u00edzvuky a diakritick\u00e1 znam\u00e9nka, kter\u00e1 reprezentuj\u00ed specifick\u00e9 \u00e1zerb\u00e1jd\u017e\u00e1nsk\u00e9 zvuky. Jak\u00fd je kl\u00ed\u010dov\u00fd z\u00e1v\u011br? Zvl\u00e1dnut\u00ed abecedy je prvn\u00edm mal\u00fdm, ale nezbytn\u00fdm krokem p\u0159i u\u010den\u00ed se jazyku.<\/p>\n\n\n\n<h3 class=\"wp-block-heading\" id=\"h-2-word-order-simple-as-s-o-v\">2. Slovosled: Jednoduch\u00fd jako S-O-V!<\/h3>\n\n\n\n<p>Na rozd\u00edl od angli\u010dtiny, kter\u00e1 se \u0159\u00edd\u00ed slovosledem podm\u011bt-sloveso-p\u0159edm\u011bt (SVO), \u00e1zerb\u00e1jd\u017e\u00e1n\u0161tina je jazyk SOV. To znamen\u00e1, \u017ee podm\u011bt obvykle najdete na za\u010d\u00e1tku v\u011bty, n\u00e1sleduje p\u0159edm\u011bt a kon\u010d\u00ed slovesem. Zpo\u010d\u00e1tku se to m\u016f\u017ee zd\u00e1t trochu zvl\u00e1\u0161tn\u00ed, ale v\u011b\u0159te mi, \u017ee to zvl\u00e1dnete b\u011bhem chvilky! Nap\u0159\u00edklad v angli\u010dtin\u011b \u0159\u00edk\u00e1me &#8222;I love Azerbaijan&#8220;. V \u00e1zerb\u00e1jd\u017e\u00e1n\u0161tin\u011b by tato v\u011bta zn\u011bla &#8222;M\u0259n Az\u0259rbaycan\u0131 sevir\u0259m&#8220; (doslova &#8222;J\u00e1 \u00c1zerb\u00e1jd\u017e\u00e1n miluji&#8220;). Hra\u010dka, \u017ee?<\/p>\n\n\n\n<h3 class=\"wp-block-heading\" id=\"h-3-noun-cases-a-colorful-display-of-linguistic-variety\">3. P\u00e1dy podstatn\u00fdch jmen: pestr\u00e1 p\u0159ehl\u00eddka jazykov\u00e9 rozmanitosti<\/h3>\n\n\n\n<p>Jedn\u00edm z nejv\u00fdrazn\u011bj\u0161\u00edch rys\u016f \u00e1zerb\u00e1jd\u017e\u00e1nsk\u00e9 gramatiky jsou p\u00e1dy podstatn\u00fdch jmen. Jazyk se m\u016f\u017ee pochlubit \u0161esti odli\u0161n\u00fdmi p\u0159\u00edpady, z nich\u017e ka\u017ed\u00fd pln\u00ed specifickou funkci. Jsou to: nominativ, genitiv, dativ, akuzativ, lokativ a ablativ. M\u016f\u017ee to zn\u00edt d\u011bsiv\u011b, ale nebojte se! Stejn\u011b jako malov\u00e1n\u00ed obr\u00e1zku r\u016fzn\u00fdmi barvami dod\u00e1vaj\u00ed tyto p\u0159\u00edpady va\u0161im v\u011bt\u00e1m hloubku a v\u00fdznam. Nap\u0159\u00edklad slovo &#8222;kitab&#8220; (kniha) se m\u016f\u017ee zm\u011bnit na &#8222;kitab\u0131n&#8220; (knihy) a vyj\u00e1d\u0159it tak vlastnictv\u00ed. Kdy\u017e se s t\u011bmito p\u0159\u00edpady postupn\u011b sezn\u00e1m\u00edte, za\u010dnete si uv\u011bdomovat jejich v\u00fdznam v jazyce.<\/p>\n\n\n\n<h3 class=\"wp-block-heading\" id=\"h-4-verb-conjugation-express-yourself-with-ease\">4. \u010casov\u00e1n\u00ed sloves: Vyj\u00e1d\u0159ete se s lehkost\u00ed<\/h3>\n\n\n\n<p>\u00c1zerb\u00e1jd\u017e\u00e1nsk\u00e1 slovesa jsou bohat\u00e1 a expresivn\u00ed, co\u017e v\u00e1m umo\u017en\u00ed sd\u011blit \u0161irokou \u0161k\u00e1lu akc\u00ed, emoc\u00ed, z\u00e1m\u011br\u016f a dal\u0161\u00edch. Kl\u00ed\u010d ke zvl\u00e1dnut\u00ed \u010dasov\u00e1n\u00ed \u00e1zerb\u00e1jd\u017e\u00e1nsk\u00fdch sloves spo\u010d\u00edv\u00e1 v pochopen\u00ed infinitivu (z\u00e1kladn\u00ed, ne\u010dasovan\u00e9 formy slovesa) a r\u016fzn\u00fdch p\u0159\u00edpon, kter\u00e9 ozna\u010duj\u00ed \u010das, osobu a \u010d\u00edslo. Nap\u0159\u00edklad z infinitivu &#8222;g\u00f6rm\u0259k&#8220; (vid\u011bt) se d\u00edky kouzlu konjugace m\u016f\u017ee st\u00e1t &#8222;g\u00f6r\u00fcr\u0259m&#8220; (vid\u00edm) nebo &#8222;g\u00f6rd\u00fcm&#8220; (vid\u011bl jsem). Cvi\u010den\u00ed d\u011bl\u00e1 mistra, tak\u017ee se mu v\u011bnujte a za chv\u00edli budete v konjugaci sloves jako doma!<\/p>\n\n\n\n<h3 class=\"wp-block-heading\" id=\"h-5-it-s-all-about-the-context-dig-deep-into-the-azerbaijani-mindset\">5. Z\u00e1le\u017e\u00ed na kontextu: Pronikn\u011bte do \u00e1zerb\u00e1jd\u017e\u00e1nsk\u00e9ho my\u0161len\u00ed!<\/h3>\n\n\n\n<p>Kdy\u017e za\u010d\u00edn\u00e1te skl\u00e1dat v\u011bty a pono\u0159it se do \u00e1zerb\u00e1jd\u017e\u00e1nsk\u00e9ho jazyka, m\u011bjte v\u017edy na pam\u011bti, \u017ee kontext je z\u00e1sadn\u00ed. \u00c1zerb\u00e1jd\u017e\u00e1nsk\u00e1 kultura, historie a sv\u011bton\u00e1zor hraj\u00ed velkou roli p\u0159i utv\u00e1\u0159en\u00ed jazyka. Proto, jak se \u0159\u00edk\u00e1, &#8222;kdy\u017e jsi v \u0158\u00edm\u011b, d\u011blej to, co d\u011blaj\u00ed \u0158\u00edman\u00e9&#8220;. Pono\u0159te se do \u00e1zerb\u00e1jd\u017e\u00e1nsk\u00e9ho my\u0161len\u00ed, abyste z\u00edskali skute\u010dn\u00fd smysl pro jazyk. Spojte se s rodil\u00fdmi mluv\u010d\u00edmi, prozkoumejte m\u00edstn\u00ed literaturu a osvojte si zvl\u00e1\u0161tnosti jazyka. V\u011b\u0159te mi, \u017ee si nejen zlep\u0161\u00edte jazykov\u00e9 znalosti, ale z\u00edsk\u00e1te i nezapomenuteln\u00e9 z\u00e1\u017eitky a vzpom\u00ednky.<\/p>\n\n\n\n<p>Z\u00e1v\u011brem lze \u0159\u00edci, \u017ee <a href=\"https:\/\/talkpal.ai\/azerbaijani-grammar\/\">\u00e1zerb\u00e1jd\u017e\u00e1nsk\u00e1 gramatika<\/a> se zpo\u010d\u00e1tku m\u016f\u017ee zd\u00e1t n\u00e1ro\u010dn\u00e1, ale s odhodl\u00e1n\u00edm, cvi\u010den\u00edm a velk\u00fdm z\u00e1jmem o kulturu budete v m\u017eiku profesion\u00e1ly! Tak pro\u010d \u010dekat? Pono\u0159te se a vydejte se na toto vzru\u0161uj\u00edc\u00ed lingvistick\u00e9 dobrodru\u017estv\u00ed, kter\u00e9 v\u00e1s zanech\u00e1 v \u00fa\u017easu nad kr\u00e1sou a hloubkou \u00e1zerb\u00e1jd\u017e\u00e1nsk\u00e9ho jazyka.<\/p>\n<\/div><\/div>\n\r\n<section class=\"learnNavigationSection\">\r\n            \r\n        <a href=\"https:\/\/talkpal.ai\/cs\/naucte-se-azerbajdzansky\/\">\r\n            <div class=\"learnNavigationWrapper\">\r\n                <div class=\"learnNavigationContent\">\r\n                    <img decoding=\"async\" src=\"https:\/\/talkpal.ai\/wp-content\/uploads\/2024\/08\/Azerbaijani.jpg\" alt=\"Azerbaijani Flag\">\r\n                    <div>\r\n                        <h4>O \u00e1zerb\u00e1jd\u017e\u00e1nsk\u00e9m vzd\u011bl\u00e1v\u00e1n\u00ed<\/h4>\r\n                        <p>Zjist\u011bte v\u0161e o \u00e1zerb\u00e1jd\u017e\u00e1nsk\u00e9 gramatice.<\/p>\r\n                    <\/div>\r\n                <\/div>\r\n            <\/div>\r\n        <\/a>\r\n\r\n        \r\n        <a href=\"https:\/\/talkpal.ai\/cs\/azerbajdzanska-gramaticka-cviceni\/\">\r\n            <div class=\"learnNavigationWrapper\">\r\n                <div class=\"learnNavigationContent\">\r\n                    <img decoding=\"async\" src=\"https:\/\/talkpal.ai\/wp-content\/uploads\/2024\/08\/Azerbaijani.jpg\" alt=\"Azerbaijani Flag\">\r\n                    <div>\r\n                        <h4>Cvi\u010den\u00ed z \u00e1zerb\u00e1jd\u017e\u00e1nsk\u00e9 gramatiky<\/h4>\r\n                        <p>Procvi\u010dte si \u00e1zerb\u00e1jd\u017e\u00e1nskou gramatiku.<\/p>\r\n                    <\/div>\r\n                <\/div>\r\n            <\/div>\r\n        <\/a>\r\n\r\n        \r\n        <a href=\"https:\/\/talkpal.ai\/vocabulary_language\/azerbaijani\/\">\r\n            <div class=\"learnNavigationWrapper\">\r\n                <div class=\"learnNavigationContent\">\r\n                    <img decoding=\"async\" src=\"https:\/\/talkpal.ai\/wp-content\/uploads\/2024\/08\/Azerbaijani.jpg\" alt=\"Azerbaijani Flag\">\r\n                    <div>\r\n                        <h4>\u00c1zerb\u00e1jd\u017e\u00e1nsk\u00e1 slovn\u00ed z\u00e1soba<\/h4>\r\n                        <p>Roz\u0161i\u0159te si slovn\u00ed z\u00e1sobu \u00e1zerb\u00e1jd\u017e\u00e1n\u0161tiny.<\/p>\r\n                    <\/div>\r\n                <\/div>\r\n            <\/div>\r\n        <\/a>\r\n\r\n            <\/section>","protected":false},"excerpt":{"rendered":"<p>Komplexn\u00ed pr\u016fvodce \u00e1zerb\u00e1jd\u017e\u00e1nskou gramatikou P\u0159em\u00fd\u0161leli jste n\u011bkdy o tom, \u017ee byste se nau\u010dili \u00e1zerb\u00e1jd\u017e\u00e1nsky? \u00c1zerb\u00e1jd\u017e\u00e1n\u0161tina je ofici\u00e1ln\u00edm jazykem \u00c1zerb\u00e1jd\u017e\u00e1nu, kter\u00fdm mluv\u00ed miliony lid\u00ed v oblasti Kavkazu, a je jedine\u010dn\u00fdm a fascinuj\u00edc\u00edm jazykem. D\u00edky bohat\u00e9 historii, rozmanit\u00e9 kultu\u0159e a sm\u011bsici vliv\u016f z ture\u010dtiny, ru\u0161tiny a per\u0161tiny poskytuje \u00e1zerb\u00e1jd\u017e\u00e1n\u0161tina jedine\u010dn\u00fd jazykov\u00fd z\u00e1\u017eitek. Ale neboj se, p\u0159\u00edteli! V [&hellip;]<\/p>\n","protected":false},"author":1,"featured_media":109367,"parent":0,"menu_order":0,"comment_status":"closed","ping_status":"closed","template":"LearningContentPage.php","meta":{"_acf_changed":false,"footnotes":""},"class_list":["post-140137","page","type-page","status-publish","has-post-thumbnail","hentry"],"acf":[],"yoast_head":"<!-- This site is optimized with the Yoast SEO Premium plugin v27.2 (Yoast SEO v27.2) - https:\/\/yoast.com\/product\/yoast-seo-premium-wordpress\/ -->\n<title>\u00c1zerb\u00e1jd\u017e\u00e1nsk\u00e1 gramatika - Talkpal<\/title>\n<meta name=\"description\" content=\"Ovl\u00e1dejte \u00e1zerb\u00e1jd\u017e\u00e1nskou gramatiku bez n\u00e1mahy pomoc\u00ed Talkpal, va\u0161eho u\u010ditele s um\u011blou inteligenc\u00ed. Objevte snadn\u00e1 vysv\u011btlen\u00ed, interaktivn\u00ed cvi\u010den\u00ed a praktick\u00e9 tipy.\" \/>\n<meta name=\"robots\" content=\"index, follow, max-snippet:-1, max-image-preview:large, max-video-preview:-1\" \/>\n<link rel=\"canonical\" href=\"https:\/\/talkpal.ai\/cs\/azerbajdzanska-gramatika\/\" \/>\n<meta property=\"og:locale\" content=\"cs_CZ\" \/>\n<meta property=\"og:type\" content=\"article\" \/>\n<meta property=\"og:title\" content=\"\u00c1zerb\u00e1jd\u017e\u00e1nsk\u00e1 gramatika\" \/>\n<meta property=\"og:description\" content=\"Komplexn\u00ed pr\u016fvodce \u00e1zerb\u00e1jd\u017e\u00e1nskou gramatikou P\u0159em\u00fd\u0161leli jste n\u011bkdy o tom, \u017ee byste se nau\u010dili \u00e1zerb\u00e1jd\u017e\u00e1nsky? \u00c1zerb\u00e1jd\u017e\u00e1n\u0161tina je ofici\u00e1ln\u00edm jazykem\" \/>\n<meta property=\"og:url\" content=\"https:\/\/talkpal.ai\/cs\/azerbajdzanska-gramatika\/\" \/>\n<meta property=\"og:site_name\" content=\"Talkpal\" \/>\n<meta property=\"article:publisher\" content=\"https:\/\/www.facebook.com\/profile.php?id=100090733639311\" \/>\n<meta property=\"article:modified_time\" content=\"2025-05-22T08:22:59+00:00\" \/>\n<meta property=\"og:image\" content=\"https:\/\/talkpal.ai\/wp-content\/uploads\/2023\/05\/azerbaijan.png\" \/>\n\t<meta property=\"og:image:width\" content=\"512\" \/>\n\t<meta property=\"og:image:height\" content=\"512\" \/>\n\t<meta property=\"og:image:type\" content=\"image\/png\" \/>\n<meta name=\"twitter:card\" content=\"summary_large_image\" \/>\n<meta name=\"twitter:site\" content=\"@talkpalai\" \/>\n<meta name=\"twitter:label1\" content=\"Odhadovan\u00e1 doba \u010dten\u00ed\" \/>\n\t<meta name=\"twitter:data1\" content=\"4 minuty\" \/>\n<script type=\"application\/ld+json\" class=\"yoast-schema-graph\">{\"@context\":\"https:\/\/schema.org\",\"@graph\":[{\"@type\":\"WebPage\",\"@id\":\"https:\/\/talkpal.ai\/cs\/azerbajdzanska-gramatika\/\",\"url\":\"https:\/\/talkpal.ai\/cs\/azerbajdzanska-gramatika\/\",\"name\":\"\u00c1zerb\u00e1jd\u017e\u00e1nsk\u00e1 gramatika - Talkpal\",\"isPartOf\":{\"@id\":\"https:\/\/talkpal.ai\/cs\/#website\"},\"primaryImageOfPage\":{\"@id\":\"https:\/\/talkpal.ai\/cs\/azerbajdzanska-gramatika\/#primaryimage\"},\"image\":{\"@id\":\"https:\/\/talkpal.ai\/cs\/azerbajdzanska-gramatika\/#primaryimage\"},\"thumbnailUrl\":\"https:\/\/talkpal.ai\/wp-content\/uploads\/2023\/05\/azerbaijan.png\",\"datePublished\":\"2023-05-14T13:53:48+00:00\",\"dateModified\":\"2025-05-22T08:22:59+00:00\",\"description\":\"Ovl\u00e1dejte \u00e1zerb\u00e1jd\u017e\u00e1nskou gramatiku bez n\u00e1mahy pomoc\u00ed Talkpal, va\u0161eho u\u010ditele s um\u011blou inteligenc\u00ed. Objevte snadn\u00e1 vysv\u011btlen\u00ed, interaktivn\u00ed cvi\u010den\u00ed a praktick\u00e9 tipy.\",\"breadcrumb\":{\"@id\":\"https:\/\/talkpal.ai\/cs\/azerbajdzanska-gramatika\/#breadcrumb\"},\"inLanguage\":\"cs\",\"potentialAction\":[{\"@type\":\"ReadAction\",\"target\":[\"https:\/\/talkpal.ai\/cs\/azerbajdzanska-gramatika\/\"]}]},{\"@type\":\"ImageObject\",\"inLanguage\":\"cs\",\"@id\":\"https:\/\/talkpal.ai\/cs\/azerbajdzanska-gramatika\/#primaryimage\",\"url\":\"https:\/\/talkpal.ai\/wp-content\/uploads\/2023\/05\/azerbaijan.png\",\"contentUrl\":\"https:\/\/talkpal.ai\/wp-content\/uploads\/2023\/05\/azerbaijan.png\",\"width\":512,\"height\":512},{\"@type\":\"BreadcrumbList\",\"@id\":\"https:\/\/talkpal.ai\/cs\/azerbajdzanska-gramatika\/#breadcrumb\",\"itemListElement\":[{\"@type\":\"ListItem\",\"position\":1,\"name\":\"Homepage\",\"item\":\"https:\/\/talkpal.ai\/cs\/\"},{\"@type\":\"ListItem\",\"position\":2,\"name\":\"\u00c1zerb\u00e1jd\u017e\u00e1nsk\u00e1 gramatika\"}]},{\"@type\":\"WebSite\",\"@id\":\"https:\/\/talkpal.ai\/cs\/#website\",\"url\":\"https:\/\/talkpal.ai\/cs\/\",\"name\":\"Talkpal\",\"description\":\"AI Language Learning\",\"publisher\":{\"@id\":\"https:\/\/talkpal.ai\/cs\/#organization\"},\"alternateName\":\"Talkpal AI\",\"potentialAction\":[{\"@type\":\"SearchAction\",\"target\":{\"@type\":\"EntryPoint\",\"urlTemplate\":\"https:\/\/talkpal.ai\/cs\/?s={search_term_string}\"},\"query-input\":{\"@type\":\"PropertyValueSpecification\",\"valueRequired\":true,\"valueName\":\"search_term_string\"}}],\"inLanguage\":\"cs\"},{\"@type\":\"Organization\",\"@id\":\"https:\/\/talkpal.ai\/cs\/#organization\",\"name\":\"Talkpal, Inc.\",\"alternateName\":\"Talkpal AI\",\"url\":\"https:\/\/talkpal.ai\/cs\/\",\"logo\":{\"@type\":\"ImageObject\",\"inLanguage\":\"cs\",\"@id\":\"https:\/\/talkpal.ai\/cs\/#\/schema\/logo\/image\/\",\"url\":\"https:\/\/talkpal.ai\/wp-content\/uploads\/2024\/03\/Talkpal-Logo-Icon.png\",\"contentUrl\":\"https:\/\/talkpal.ai\/wp-content\/uploads\/2024\/03\/Talkpal-Logo-Icon.png\",\"width\":2880,\"height\":2880,\"caption\":\"Talkpal, Inc.\"},\"image\":{\"@id\":\"https:\/\/talkpal.ai\/cs\/#\/schema\/logo\/image\/\"},\"sameAs\":[\"https:\/\/www.facebook.com\/profile.php?id=100090733639311\",\"https:\/\/x.com\/talkpalai\",\"https:\/\/www.linkedin.com\/company\/talkpal\/\",\"https:\/\/www.youtube.com\/@TalkPal\/\",\"https:\/\/www.tiktok.com\/@talkpal\",\"https:\/\/www.instagram.com\/talkpal_ai\/\",\"https:\/\/www.crunchbase.com\/organization\/talkpal-9cde\",\"https:\/\/www.g2.com\/products\/talkpal-for-business\/\",\"https:\/\/www.trustpilot.com\/review\/talkpal.ai\",\"https:\/\/www.capterra.com\/p\/10006800\/TalkPal\/\"],\"description\":\"Talkpal is a language learning web and mobile education app, powered by the latest AI technologies, that provides engaging experiences to its customers in many different languages to help them improve their language skills. Users can chat about unlimited amount of topics with the app and use other modes to practice their language learning.\",\"email\":\"support@talkpal.ai\",\"legalName\":\"Talkpal, Inc.\",\"foundingDate\":\"2023-04-03\",\"duns\":\"118989042\",\"numberOfEmployees\":{\"@type\":\"QuantitativeValue\",\"minValue\":\"11\",\"maxValue\":\"50\"},\"publishingPrinciples\":\"https:\/\/talkpal.ai\/publishing-principles\/\",\"actionableFeedbackPolicy\":\"https:\/\/talkpal.ai\/actionable-feedback-policy\/\",\"correctionsPolicy\":\"https:\/\/talkpal.ai\/corrections-policy\/\",\"ethicsPolicy\":\"https:\/\/talkpal.ai\/ethics-policy\/\",\"diversityPolicy\":\"https:\/\/talkpal.ai\/diversity-policy\/\",\"diversityStaffingReport\":\"https:\/\/talkpal.ai\/diversity-policy\/\"}]}<\/script>\n<!-- \/ Yoast SEO Premium plugin. -->","yoast_head_json":{"title":"\u00c1zerb\u00e1jd\u017e\u00e1nsk\u00e1 gramatika - Talkpal","description":"Ovl\u00e1dejte \u00e1zerb\u00e1jd\u017e\u00e1nskou gramatiku bez n\u00e1mahy pomoc\u00ed Talkpal, va\u0161eho u\u010ditele s um\u011blou inteligenc\u00ed. Objevte snadn\u00e1 vysv\u011btlen\u00ed, interaktivn\u00ed cvi\u010den\u00ed a praktick\u00e9 tipy.","robots":{"index":"index","follow":"follow","max-snippet":"max-snippet:-1","max-image-preview":"max-image-preview:large","max-video-preview":"max-video-preview:-1"},"canonical":"https:\/\/talkpal.ai\/cs\/azerbajdzanska-gramatika\/","og_locale":"cs_CZ","og_type":"article","og_title":"\u00c1zerb\u00e1jd\u017e\u00e1nsk\u00e1 gramatika","og_description":"Komplexn\u00ed pr\u016fvodce \u00e1zerb\u00e1jd\u017e\u00e1nskou gramatikou P\u0159em\u00fd\u0161leli jste n\u011bkdy o tom, \u017ee byste se nau\u010dili \u00e1zerb\u00e1jd\u017e\u00e1nsky? \u00c1zerb\u00e1jd\u017e\u00e1n\u0161tina je ofici\u00e1ln\u00edm jazykem","og_url":"https:\/\/talkpal.ai\/cs\/azerbajdzanska-gramatika\/","og_site_name":"Talkpal","article_publisher":"https:\/\/www.facebook.com\/profile.php?id=100090733639311","article_modified_time":"2025-05-22T08:22:59+00:00","og_image":[{"width":512,"height":512,"url":"https:\/\/talkpal.ai\/wp-content\/uploads\/2023\/05\/azerbaijan.png","type":"image\/png"}],"twitter_card":"summary_large_image","twitter_site":"@talkpalai","twitter_misc":{"Odhadovan\u00e1 doba \u010dten\u00ed":"4 minuty"},"schema":{"@context":"https:\/\/schema.org","@graph":[{"@type":"WebPage","@id":"https:\/\/talkpal.ai\/cs\/azerbajdzanska-gramatika\/","url":"https:\/\/talkpal.ai\/cs\/azerbajdzanska-gramatika\/","name":"\u00c1zerb\u00e1jd\u017e\u00e1nsk\u00e1 gramatika - Talkpal","isPartOf":{"@id":"https:\/\/talkpal.ai\/cs\/#website"},"primaryImageOfPage":{"@id":"https:\/\/talkpal.ai\/cs\/azerbajdzanska-gramatika\/#primaryimage"},"image":{"@id":"https:\/\/talkpal.ai\/cs\/azerbajdzanska-gramatika\/#primaryimage"},"thumbnailUrl":"https:\/\/talkpal.ai\/wp-content\/uploads\/2023\/05\/azerbaijan.png","datePublished":"2023-05-14T13:53:48+00:00","dateModified":"2025-05-22T08:22:59+00:00","description":"Ovl\u00e1dejte \u00e1zerb\u00e1jd\u017e\u00e1nskou gramatiku bez n\u00e1mahy pomoc\u00ed Talkpal, va\u0161eho u\u010ditele s um\u011blou inteligenc\u00ed. Objevte snadn\u00e1 vysv\u011btlen\u00ed, interaktivn\u00ed cvi\u010den\u00ed a praktick\u00e9 tipy.","breadcrumb":{"@id":"https:\/\/talkpal.ai\/cs\/azerbajdzanska-gramatika\/#breadcrumb"},"inLanguage":"cs","potentialAction":[{"@type":"ReadAction","target":["https:\/\/talkpal.ai\/cs\/azerbajdzanska-gramatika\/"]}]},{"@type":"ImageObject","inLanguage":"cs","@id":"https:\/\/talkpal.ai\/cs\/azerbajdzanska-gramatika\/#primaryimage","url":"https:\/\/talkpal.ai\/wp-content\/uploads\/2023\/05\/azerbaijan.png","contentUrl":"https:\/\/talkpal.ai\/wp-content\/uploads\/2023\/05\/azerbaijan.png","width":512,"height":512},{"@type":"BreadcrumbList","@id":"https:\/\/talkpal.ai\/cs\/azerbajdzanska-gramatika\/#breadcrumb","itemListElement":[{"@type":"ListItem","position":1,"name":"Homepage","item":"https:\/\/talkpal.ai\/cs\/"},{"@type":"ListItem","position":2,"name":"\u00c1zerb\u00e1jd\u017e\u00e1nsk\u00e1 gramatika"}]},{"@type":"WebSite","@id":"https:\/\/talkpal.ai\/cs\/#website","url":"https:\/\/talkpal.ai\/cs\/","name":"Talkpal","description":"AI Language Learning","publisher":{"@id":"https:\/\/talkpal.ai\/cs\/#organization"},"alternateName":"Talkpal AI","potentialAction":[{"@type":"SearchAction","target":{"@type":"EntryPoint","urlTemplate":"https:\/\/talkpal.ai\/cs\/?s={search_term_string}"},"query-input":{"@type":"PropertyValueSpecification","valueRequired":true,"valueName":"search_term_string"}}],"inLanguage":"cs"},{"@type":"Organization","@id":"https:\/\/talkpal.ai\/cs\/#organization","name":"Talkpal, Inc.","alternateName":"Talkpal AI","url":"https:\/\/talkpal.ai\/cs\/","logo":{"@type":"ImageObject","inLanguage":"cs","@id":"https:\/\/talkpal.ai\/cs\/#\/schema\/logo\/image\/","url":"https:\/\/talkpal.ai\/wp-content\/uploads\/2024\/03\/Talkpal-Logo-Icon.png","contentUrl":"https:\/\/talkpal.ai\/wp-content\/uploads\/2024\/03\/Talkpal-Logo-Icon.png","width":2880,"height":2880,"caption":"Talkpal, Inc."},"image":{"@id":"https:\/\/talkpal.ai\/cs\/#\/schema\/logo\/image\/"},"sameAs":["https:\/\/www.facebook.com\/profile.php?id=100090733639311","https:\/\/x.com\/talkpalai","https:\/\/www.linkedin.com\/company\/talkpal\/","https:\/\/www.youtube.com\/@TalkPal\/","https:\/\/www.tiktok.com\/@talkpal","https:\/\/www.instagram.com\/talkpal_ai\/","https:\/\/www.crunchbase.com\/organization\/talkpal-9cde","https:\/\/www.g2.com\/products\/talkpal-for-business\/","https:\/\/www.trustpilot.com\/review\/talkpal.ai","https:\/\/www.capterra.com\/p\/10006800\/TalkPal\/"],"description":"Talkpal is a language learning web and mobile education app, powered by the latest AI technologies, that provides engaging experiences to its customers in many different languages to help them improve their language skills. Users can chat about unlimited amount of topics with the app and use other modes to practice their language learning.","email":"support@talkpal.ai","legalName":"Talkpal, Inc.","foundingDate":"2023-04-03","duns":"118989042","numberOfEmployees":{"@type":"QuantitativeValue","minValue":"11","maxValue":"50"},"publishingPrinciples":"https:\/\/talkpal.ai\/publishing-principles\/","actionableFeedbackPolicy":"https:\/\/talkpal.ai\/actionable-feedback-policy\/","correctionsPolicy":"https:\/\/talkpal.ai\/corrections-policy\/","ethicsPolicy":"https:\/\/talkpal.ai\/ethics-policy\/","diversityPolicy":"https:\/\/talkpal.ai\/diversity-policy\/","diversityStaffingReport":"https:\/\/talkpal.ai\/diversity-policy\/"}]}},"_links":{"self":[{"href":"https:\/\/talkpal.ai\/cs\/wp-json\/wp\/v2\/pages\/140137","targetHints":{"allow":["GET"]}}],"collection":[{"href":"https:\/\/talkpal.ai\/cs\/wp-json\/wp\/v2\/pages"}],"about":[{"href":"https:\/\/talkpal.ai\/cs\/wp-json\/wp\/v2\/types\/page"}],"author":[{"embeddable":true,"href":"https:\/\/talkpal.ai\/cs\/wp-json\/wp\/v2\/users\/1"}],"replies":[{"embeddable":true,"href":"https:\/\/talkpal.ai\/cs\/wp-json\/wp\/v2\/comments?post=140137"}],"version-history":[{"count":0,"href":"https:\/\/talkpal.ai\/cs\/wp-json\/wp\/v2\/pages\/140137\/revisions"}],"wp:featuredmedia":[{"embeddable":true,"href":"https:\/\/talkpal.ai\/cs\/wp-json\/wp\/v2\/media\/109367"}],"wp:attachment":[{"href":"https:\/\/talkpal.ai\/cs\/wp-json\/wp\/v2\/media?parent=140137"}],"curies":[{"name":"wp","href":"https:\/\/api.w.org\/{rel}","templated":true}]}}