{"id":139866,"date":"2023-05-14T13:52:49","date_gmt":"2023-05-14T13:52:49","guid":{"rendered":"http:\/\/talkpal.ai\/ruska-gramatika\/"},"modified":"2025-12-13T15:18:10","modified_gmt":"2025-12-13T15:18:10","slug":"ruska-gramatika","status":"publish","type":"page","link":"https:\/\/talkpal.ai\/cs\/ruska-gramatika\/","title":{"rendered":"Rusk\u00e1 gramatika"},"content":{"rendered":"\r\n\r\n\r\n<section class=\"languageChallengeSection\">\r\n    <div class=\"languageInfoWrapper\">\r\n        \r\n        <h1>Rusk\u00e1 gramatika<\/h1>\r\n        <p>Za\u010dn\u011bte sv\u00e9 dobrodru\u017estv\u00ed s ru\u0161tinou a otev\u0159ete si dve\u0159e do bohat\u00e9 kultury a historie. Zvl\u00e1dnut\u00ed rusk\u00e9 gramatiky a slovn\u00ed z\u00e1soby roz\u0161\u00ed\u0159\u00ed va\u0161e mo\u017enosti cestov\u00e1n\u00ed, kari\u00e9ry a komunikace. Za\u010dn\u011bte se u\u010dit rusky je\u0161t\u011b dnes a ud\u011blejte prvn\u00ed krok k plynul\u00e9 v\u00fduce!\n\n<\/p>\r\n\r\n                            <a class=\"getStartedHidden\" href=\"https:\/\/app.talkpal.ai\/cs\/signup?lng=\">Za\u010dni<\/a>\r\n        \r\n    <\/div>\r\n\r\n    <figure>\r\n    <img decoding=\"async\" width=\"768\" height=\"768\" src=\"https:\/\/talkpal.ai\/wp-content\/uploads\/2023\/06\/russian-768x768.png\" class=\"languageImage no-lazy\" alt=\"Language learning for multicultural understanding\" fetchpriority=\"high\" sizes=\"(max-width: 768px) 150px, 768px\" srcset=\"https:\/\/talkpal.ai\/wp-content\/uploads\/2023\/06\/russian-768x768.png 768w, https:\/\/talkpal.ai\/wp-content\/uploads\/2023\/06\/russian-300x300.png 300w\" \/>\r\n    \r\n\r\n    <\/figure>\r\n\r\n            <a class=\"getStartedVisible\" href=\"https:\/\/app.talkpal.ai\/cs\/signup?lng=\">Za\u010dni<\/a>\r\n    \r\n<\/section>\r\n<section class=\"promotionalBanner\">\r\n    <p class=\"promotionalText\">Nejefektivn\u011bj\u0161\u00ed zp\u016fsob, jak se nau\u010dit jazyk<\/p>\r\n    <a class=\"promotionalLink\" href=\"https:\/\/app.talkpal.ai\/cs\/signup?lng=\">Vyzkou\u0161ejte Talkpal zdarma<\/a>\r\n<\/section>\n<div class=\"wp-block-group pageContainerStyle\"><div class=\"wp-block-group__inner-container is-layout-constrained wp-block-group-is-layout-constrained\">\n<h1 class=\"wp-block-heading\" id=\"h-russian-grammar-unlock-the-secrets-to-mastering-russian\">Rusk\u00e1 gramatika: Odhalte tajemstv\u00ed zvl\u00e1dnut\u00ed ru\u0161tiny<\/h1>\n\n\n\n<p>Gratulujeme k odv\u00e1\u017en\u00e9mu kroku k v\u00fduce ru\u0161tiny! S v\u00edce ne\u017e 258 miliony mluv\u010d\u00edch po cel\u00e9m sv\u011bt\u011b je <a href=\"https:\/\/talkpal.ai\/learn-russian\/\">ru\u0161tina<\/a> fascinuj\u00edc\u00edm a obohacuj\u00edc\u00edm jazykem, kter\u00fd nab\u00edz\u00ed vhled do bohat\u00e9 kultury a historie. Pokud jde o ruskou gramatiku, m\u016f\u017ee se to zd\u00e1t zastra\u0161uj\u00edc\u00ed, ale nebojte se! Tato p\u0159\u00edv\u011btiv\u00e1 p\u0159\u00edru\u010dka pro za\u010d\u00e1te\u010dn\u00edky v\u00e1m jednoduch\u00fdm a poutav\u00fdm zp\u016fsobem vysv\u011btl\u00ed z\u00e1klady rusk\u00e9 gramatiky.<\/p>\n\n\n\n<h3 class=\"wp-block-heading\" id=\"h-1-the-russian-alphabet-your-starting-point\">1. Rusk\u00e1 abeceda: V\u00e1\u0161 v\u00fdchoz\u00ed bod<\/h3>\n\n\n\n<p>Kl\u00ed\u010dem k orientaci v rusk\u00e9 gramatice je zvl\u00e1dnut\u00ed cyrilice. S 33 p\u00edsmeny, 10 samohl\u00e1skami a 21 souhl\u00e1skami tvo\u0159\u00ed z\u00e1klad pro \u010dten\u00ed, psan\u00ed a porozum\u011bn\u00ed jazyku. Sezn\u00e1men\u00ed se s abecedou vytvo\u0159\u00ed pevn\u00fd z\u00e1klad, na kter\u00e9m m\u016f\u017eete stav\u011bt sv\u00e9 dovednosti rusk\u00e9 gramatiky.<\/p>\n\n\n\n<h3 class=\"wp-block-heading\" id=\"h-2-nouns-and-cases-the-core-of-russian-grammar\">2. Podstatn\u00e1 jm\u00e9na a p\u00e1dy: J\u00e1dro rusk\u00e9 gramatiky<\/h3>\n\n\n\n<p><a href=\"https:\/\/talkpal.ai\/russian-grammar\/\">Rusk\u00e1 gramatika<\/a> klade d\u016fraz na pou\u017eit\u00ed p\u00e1d\u016f k vyj\u00e1d\u0159en\u00ed v\u00fdznamu a kontextu. Rusk\u00e1 podstatn\u00e1 jm\u00e9na maj\u00ed \u0161est p\u00e1d\u016f \u2013 nominativ, genitiv, dativ, akuzativ, instrument\u00e1l a p\u0159edlo\u017eku \u2013 a m\u011bn\u00ed sv\u00e9 koncovky, aby uk\u00e1zala svou funkci ve v\u011bt\u011b. Slovosled se tak st\u00e1v\u00e1 m\u00e9n\u011b kritick\u00fdm ne\u017e v angli\u010dtin\u011b. Nap\u0159\u00edklad:<\/p>\n\n\n\n<p>\u010cesky: D\u00e1v\u00e1m knihu p\u0159\u00edteli.<\/p>\n\n\n\n<p>rusky: \u042f \u0434\u0430\u044e \u0434\u0440\u0443\u0433\u0443 \u043a\u043d\u0438\u0433\u0443 (Ya dayu drugu knigu)<\/p>\n\n\n\n<p>&#8222;\u0434\u0440\u0443\u0433\u0443&#8220; (p\u0159\u00edteli) a &#8222;\u043a\u043d\u0438\u0433\u0443&#8220; (kniha) jsou zde v dativu a akuzativu.<\/p>\n\n\n\n<h3 class=\"wp-block-heading\" id=\"h-3-mastering-gender-and-plurals\">3. Zvl\u00e1dnut\u00ed rodu a mno\u017en\u00e9ho \u010d\u00edsla<\/h3>\n\n\n\n<p>V rusk\u00e9 gramatice se podstatn\u00fdm jm\u00e9n\u016fm p\u0159i\u0159azuje jeden ze t\u0159\u00ed rod\u016f: mu\u017esk\u00fd, \u017eensk\u00fd nebo st\u0159edn\u00ed. Koncovka podstatn\u00e9ho jm\u00e9na obvykle ozna\u010duje jeho rod:<\/p>\n\n\n\n<p>&#8211; Mu\u017esk\u00fd rod: kon\u010d\u00ed na souhl\u00e1sku nebo &#8222;-\u0439&#8220;<\/p>\n\n\n\n<p>&#8211; \u017densk\u00fd rod: kon\u010d\u00ed na &#8222;-\u0430&#8220; nebo &#8222;-\u044f&#8220;<\/p>\n\n\n\n<p>&#8211; St\u0159edn\u00ed rod: kon\u010d\u00ed na &#8222;-\u043e&#8220; nebo &#8222;-\u0435&#8220;.<\/p>\n\n\n\n<p>P\u0159i tvorb\u011b mno\u017en\u00e9ho \u010d\u00edsla se koncovky podstatn\u00fdch jmen m\u011bn\u00ed v z\u00e1vislosti na jejich rodu a p\u00e1du, ve kter\u00e9m se nach\u00e1zej\u00ed.<\/p>\n\n\n\n<h3 class=\"wp-block-heading\" id=\"h-4-conquer-verb-conjugation\">4. Dobyjte \u010dasov\u00e1n\u00ed sloves<\/h3>\n\n\n\n<p>Stejn\u011b jako mnoho jazyk\u016f i rusk\u00e1 slovesa m\u011bn\u00ed tvar (\u010dasov\u00e1n\u00ed) v z\u00e1vislosti na \u010dase, osob\u011b a \u010d\u00edsle. Rusk\u00e1 slovesa maj\u00ed tak\u00e9 dva aspekty: dokonav\u00fd a nedokonav\u00fd. Dokonav\u00fd vid signalizuje dokon\u010denou \u010dinnost, zat\u00edmco nedokonav\u00fd aspekt se vztahuje k prob\u00edhaj\u00edc\u00edm nebo navykl\u00fdm \u010dinnostem.<\/p>\n\n\n\n<p>Nejprve se zam\u011b\u0159te na pochopen\u00ed \u010dasov\u00e1n\u00ed p\u0159\u00edtomn\u00e9ho \u010dasu u nedokonav\u00fdch sloves a minul\u00e9ho \u010dasu u obou aspekt\u016f. Nap\u0159\u00edklad:<\/p>\n\n\n\n<p>P\u0159\u00edtomn\u00fd \u010das (imperfektivum): (Ya chitayu) &#8211; &#8222;\u010dtu&#8220; nebo &#8222;\u010dtu&#8220;.<\/p>\n\n\n\n<p>Minul\u00fd \u010das (imperfektivum): \u042f \u0447\u0438\u0442\u0430\u043b (Ya chital) &#8211; &#8222;\u010detl jsem&#8220;.<\/p>\n\n\n\n<p>Minul\u00fd \u010das (perfektivum): (Ya prochital) &#8211; &#8222;\u010detl jsem&#8220; nebo &#8222;\u010detl jsem (a do\u010detl)&#8220;.<\/p>\n\n\n\n<h3 class=\"wp-block-heading\" id=\"h-5-embrace-russian-pronouns\">5. P\u0159ijm\u011bte rusk\u00e1 z\u00e1jmena<\/h3>\n\n\n\n<p>Z\u00e1jmena v rusk\u00e9 gramatice nahrazuj\u00ed podstatn\u00e1 jm\u00e9na a jsou kl\u00ed\u010dov\u00e1 pro plynulou \u0159e\u010d. Pono\u0159te se do u\u010den\u00ed osobn\u00edch a p\u0159ivlast\u0148ovac\u00edch z\u00e1jmen, jako jsou:<\/p>\n\n\n\n<p>Osobn\u00ed z\u00e1jmena: \u044f (j\u00e1), \u0442\u044b (ty, neform\u00e1ln\u00ed), \u043e\u043d\/\u043e\u043d\u0430\/\u043e\u043d\u043e (on\/ona\/ono), \u0432\u044b (ty, form\u00e1ln\u00ed nebo mno\u017en\u00e9 \u010d\u00edslo), \u043c\u044b (my), \u043e\u043d\u0438 (oni)<\/p>\n\n\n\n<p>P\u0159ivlast\u0148ovac\u00ed z\u00e1jmena: \u043c\u043e\u0439\/\u043c\u043e\u044f\/\u043c\u043e\u0451 (m\u016fj), \u0442\u0432\u043e\u0439\/\u0442\u0432\u043e\u044f\/\u0442\u0432\u043e\u0451 (tv\u016fj, neform\u00e1ln\u00ed), \u0435\u0433\u043e\/\u0435\u0451\/\u0438\u0445 (jeho\/jej\u00ed\/jejich), \u0432\u0430\u0448\/\u0432\u0430\u0448\u0430\/\u0432\u0430\u0448\u0435 (tv\u016fj, form\u00e1ln\u00ed nebo mno\u017en\u00e9 \u010d\u00edslo), \u043d\u0430\u0448\/\u043d\u0430\u0448\u0430\/\u043d\u0430\u0448\u0435 (na\u0161e)<\/p>\n\n\n\n<p>Nezapome\u0148te, \u017ee rusk\u00e1 z\u00e1jmena se mus\u00ed shodovat s rodem a p\u00e1dem podstatn\u00e9ho jm\u00e9na, kter\u00e9 nahrazuj\u00ed.<\/p>\n\n\n\n<p>Blahop\u0159ejeme! Ud\u011blali jste prvn\u00ed kroky ke zvl\u00e1dnut\u00ed slo\u017eitost\u00ed rusk\u00e9 gramatiky. Pamatujte, \u017ee praxe je kl\u00ed\u010dov\u00e1, tak\u017ee se pono\u0159te hloub\u011bji do jazyka, zapojte se do pr\u00e1ce s rodil\u00fdmi mluv\u010d\u00edmi a upevn\u011bte sv\u00e9 z\u00e1klady u\u010den\u00ed. \u0423\u0434\u0430\u0447\u0438! (Hodn\u011b \u0161t\u011bst\u00ed!)<\/p>\n<\/div><\/div>\n\r\n<section class=\"learnNavigationSection\">\r\n            \r\n        <a href=\"https:\/\/talkpal.ai\/cs\/naucte-se-rusky\/\">\r\n            <div class=\"learnNavigationWrapper\">\r\n                <div class=\"learnNavigationContent\">\r\n                    <img decoding=\"async\" src=\"https:\/\/talkpal.ai\/wp-content\/uploads\/2024\/08\/Russian.jpg\" alt=\"Russian Flag\">\r\n                    <div>\r\n                        <h4>O v\u00fduce ru\u0161tiny<\/h4>\r\n                        <p>Zjist\u011bte v\u0161e o rusk\u00e9 gramatice.<\/p>\r\n                    <\/div>\r\n                <\/div>\r\n            <\/div>\r\n        <\/a>\r\n\r\n        \r\n        <a href=\"https:\/\/talkpal.ai\/cs\/cviceni-z-ruske-gramatiky\/\">\r\n            <div class=\"learnNavigationWrapper\">\r\n                <div class=\"learnNavigationContent\">\r\n                    <img decoding=\"async\" src=\"https:\/\/talkpal.ai\/wp-content\/uploads\/2024\/08\/Russian.jpg\" alt=\"Russian Flag\">\r\n                    <div>\r\n                        <h4>Cvi\u010den\u00ed z rusk\u00e9 gramatiky<\/h4>\r\n                        <p>Procvi\u010dte si ruskou gramatiku.<\/p>\r\n                    <\/div>\r\n                <\/div>\r\n            <\/div>\r\n        <\/a>\r\n\r\n        \r\n        <a href=\"https:\/\/talkpal.ai\/vocabulary_language\/russian\/\">\r\n            <div class=\"learnNavigationWrapper\">\r\n                <div class=\"learnNavigationContent\">\r\n                    <img decoding=\"async\" src=\"https:\/\/talkpal.ai\/wp-content\/uploads\/2024\/08\/Russian.jpg\" alt=\"Russian Flag\">\r\n                    <div>\r\n                        <h4>Rusk\u00e1 slovn\u00ed z\u00e1soba<\/h4>\r\n                        <p>Roz\u0161i\u0159te si slovn\u00ed z\u00e1sobu ru\u0161tiny.<\/p>\r\n                    <\/div>\r\n                <\/div>\r\n            <\/div>\r\n        <\/a>\r\n\r\n            <\/section>","protected":false},"excerpt":{"rendered":"<p>Rusk\u00e1 gramatika: Odhalte tajemstv\u00ed zvl\u00e1dnut\u00ed ru\u0161tiny Gratulujeme k odv\u00e1\u017en\u00e9mu kroku k v\u00fduce ru\u0161tiny! S v\u00edce ne\u017e 258 miliony mluv\u010d\u00edch po cel\u00e9m sv\u011bt\u011b je ru\u0161tina fascinuj\u00edc\u00edm a obohacuj\u00edc\u00edm jazykem, kter\u00fd nab\u00edz\u00ed vhled do bohat\u00e9 kultury a historie. Pokud jde o ruskou gramatiku, m\u016f\u017ee se to zd\u00e1t zastra\u0161uj\u00edc\u00ed, ale nebojte se! Tato p\u0159\u00edv\u011btiv\u00e1 p\u0159\u00edru\u010dka pro za\u010d\u00e1te\u010dn\u00edky v\u00e1m [&hellip;]<\/p>\n","protected":false},"author":1,"featured_media":108006,"parent":0,"menu_order":0,"comment_status":"closed","ping_status":"closed","template":"LearningContentPage.php","meta":{"_acf_changed":false,"footnotes":""},"class_list":["post-139866","page","type-page","status-publish","has-post-thumbnail","hentry"],"acf":[],"yoast_head":"<!-- This site is optimized with the Yoast SEO Premium plugin v27.2 (Yoast SEO v27.2) - https:\/\/yoast.com\/product\/yoast-seo-premium-wordpress\/ -->\n<title>Rusk\u00e1 gramatika - Talkpal<\/title>\n<meta name=\"description\" content=\"Pronikn\u011bte do sv\u011bta rusk\u00e9 gramatiky s na\u0161\u00edm pr\u016fvodcem pro za\u010d\u00e1te\u010dn\u00edky. Osvojte si cyrilici a prohlubte sv\u00e9 jazykov\u00e9 znalosti.\" \/>\n<meta name=\"robots\" content=\"index, follow, max-snippet:-1, max-image-preview:large, max-video-preview:-1\" \/>\n<link rel=\"canonical\" href=\"https:\/\/talkpal.ai\/cs\/ruska-gramatika\/\" \/>\n<meta property=\"og:locale\" content=\"cs_CZ\" \/>\n<meta property=\"og:type\" content=\"article\" \/>\n<meta property=\"og:title\" content=\"Rusk\u00e1 gramatika\" \/>\n<meta property=\"og:description\" content=\"Rusk\u00e1 gramatika: Odhalte tajemstv\u00ed zvl\u00e1dnut\u00ed ru\u0161tiny Gratulujeme k odv\u00e1\u017en\u00e9mu kroku k v\u00fduce ru\u0161tiny! S v\u00edce ne\u017e 258 miliony mluv\u010d\u00edch po cel\u00e9m sv\u011bt\u011b je\" \/>\n<meta property=\"og:url\" content=\"https:\/\/talkpal.ai\/cs\/ruska-gramatika\/\" \/>\n<meta property=\"og:site_name\" content=\"Talkpal\" \/>\n<meta property=\"article:publisher\" content=\"https:\/\/www.facebook.com\/profile.php?id=100090733639311\" \/>\n<meta property=\"article:modified_time\" content=\"2025-12-13T15:18:10+00:00\" \/>\n<meta property=\"og:image\" content=\"https:\/\/talkpal.ai\/wp-content\/uploads\/2023\/04\/rusia.png\" \/>\n\t<meta property=\"og:image:width\" content=\"512\" \/>\n\t<meta property=\"og:image:height\" content=\"512\" \/>\n\t<meta property=\"og:image:type\" content=\"image\/png\" \/>\n<meta name=\"twitter:card\" content=\"summary_large_image\" \/>\n<meta name=\"twitter:site\" content=\"@talkpalai\" \/>\n<meta name=\"twitter:label1\" content=\"Odhadovan\u00e1 doba \u010dten\u00ed\" \/>\n\t<meta name=\"twitter:data1\" content=\"3 minuty\" \/>\n<script type=\"application\/ld+json\" class=\"yoast-schema-graph\">{\"@context\":\"https:\/\/schema.org\",\"@graph\":[{\"@type\":\"WebPage\",\"@id\":\"https:\/\/talkpal.ai\/cs\/ruska-gramatika\/\",\"url\":\"https:\/\/talkpal.ai\/cs\/ruska-gramatika\/\",\"name\":\"Rusk\u00e1 gramatika - Talkpal\",\"isPartOf\":{\"@id\":\"https:\/\/talkpal.ai\/cs\/#website\"},\"primaryImageOfPage\":{\"@id\":\"https:\/\/talkpal.ai\/cs\/ruska-gramatika\/#primaryimage\"},\"image\":{\"@id\":\"https:\/\/talkpal.ai\/cs\/ruska-gramatika\/#primaryimage\"},\"thumbnailUrl\":\"https:\/\/talkpal.ai\/wp-content\/uploads\/2023\/04\/rusia.png\",\"datePublished\":\"2023-05-14T13:52:49+00:00\",\"dateModified\":\"2025-12-13T15:18:10+00:00\",\"description\":\"Pronikn\u011bte do sv\u011bta rusk\u00e9 gramatiky s na\u0161\u00edm pr\u016fvodcem pro za\u010d\u00e1te\u010dn\u00edky. Osvojte si cyrilici a prohlubte sv\u00e9 jazykov\u00e9 znalosti.\",\"breadcrumb\":{\"@id\":\"https:\/\/talkpal.ai\/cs\/ruska-gramatika\/#breadcrumb\"},\"inLanguage\":\"cs\",\"potentialAction\":[{\"@type\":\"ReadAction\",\"target\":[\"https:\/\/talkpal.ai\/cs\/ruska-gramatika\/\"]}]},{\"@type\":\"ImageObject\",\"inLanguage\":\"cs\",\"@id\":\"https:\/\/talkpal.ai\/cs\/ruska-gramatika\/#primaryimage\",\"url\":\"https:\/\/talkpal.ai\/wp-content\/uploads\/2023\/04\/rusia.png\",\"contentUrl\":\"https:\/\/talkpal.ai\/wp-content\/uploads\/2023\/04\/rusia.png\",\"width\":512,\"height\":512},{\"@type\":\"BreadcrumbList\",\"@id\":\"https:\/\/talkpal.ai\/cs\/ruska-gramatika\/#breadcrumb\",\"itemListElement\":[{\"@type\":\"ListItem\",\"position\":1,\"name\":\"Homepage\",\"item\":\"https:\/\/talkpal.ai\/cs\/\"},{\"@type\":\"ListItem\",\"position\":2,\"name\":\"Rusk\u00e1 gramatika\"}]},{\"@type\":\"WebSite\",\"@id\":\"https:\/\/talkpal.ai\/cs\/#website\",\"url\":\"https:\/\/talkpal.ai\/cs\/\",\"name\":\"Talkpal\",\"description\":\"AI Language Learning\",\"publisher\":{\"@id\":\"https:\/\/talkpal.ai\/cs\/#organization\"},\"alternateName\":\"Talkpal AI\",\"potentialAction\":[{\"@type\":\"SearchAction\",\"target\":{\"@type\":\"EntryPoint\",\"urlTemplate\":\"https:\/\/talkpal.ai\/cs\/?s={search_term_string}\"},\"query-input\":{\"@type\":\"PropertyValueSpecification\",\"valueRequired\":true,\"valueName\":\"search_term_string\"}}],\"inLanguage\":\"cs\"},{\"@type\":\"Organization\",\"@id\":\"https:\/\/talkpal.ai\/cs\/#organization\",\"name\":\"Talkpal, Inc.\",\"alternateName\":\"Talkpal AI\",\"url\":\"https:\/\/talkpal.ai\/cs\/\",\"logo\":{\"@type\":\"ImageObject\",\"inLanguage\":\"cs\",\"@id\":\"https:\/\/talkpal.ai\/cs\/#\/schema\/logo\/image\/\",\"url\":\"https:\/\/talkpal.ai\/wp-content\/uploads\/2024\/03\/Talkpal-Logo-Icon.png\",\"contentUrl\":\"https:\/\/talkpal.ai\/wp-content\/uploads\/2024\/03\/Talkpal-Logo-Icon.png\",\"width\":2880,\"height\":2880,\"caption\":\"Talkpal, Inc.\"},\"image\":{\"@id\":\"https:\/\/talkpal.ai\/cs\/#\/schema\/logo\/image\/\"},\"sameAs\":[\"https:\/\/www.facebook.com\/profile.php?id=100090733639311\",\"https:\/\/x.com\/talkpalai\",\"https:\/\/www.linkedin.com\/company\/talkpal\/\",\"https:\/\/www.youtube.com\/@TalkPal\/\",\"https:\/\/www.tiktok.com\/@talkpal\",\"https:\/\/www.instagram.com\/talkpal_ai\/\",\"https:\/\/www.crunchbase.com\/organization\/talkpal-9cde\",\"https:\/\/www.g2.com\/products\/talkpal-for-business\/\",\"https:\/\/www.trustpilot.com\/review\/talkpal.ai\",\"https:\/\/www.capterra.com\/p\/10006800\/TalkPal\/\"],\"description\":\"Talkpal is a language learning web and mobile education app, powered by the latest AI technologies, that provides engaging experiences to its customers in many different languages to help them improve their language skills. Users can chat about unlimited amount of topics with the app and use other modes to practice their language learning.\",\"email\":\"support@talkpal.ai\",\"legalName\":\"Talkpal, Inc.\",\"foundingDate\":\"2023-04-03\",\"duns\":\"118989042\",\"numberOfEmployees\":{\"@type\":\"QuantitativeValue\",\"minValue\":\"11\",\"maxValue\":\"50\"},\"publishingPrinciples\":\"https:\/\/talkpal.ai\/publishing-principles\/\",\"actionableFeedbackPolicy\":\"https:\/\/talkpal.ai\/actionable-feedback-policy\/\",\"correctionsPolicy\":\"https:\/\/talkpal.ai\/corrections-policy\/\",\"ethicsPolicy\":\"https:\/\/talkpal.ai\/ethics-policy\/\",\"diversityPolicy\":\"https:\/\/talkpal.ai\/diversity-policy\/\",\"diversityStaffingReport\":\"https:\/\/talkpal.ai\/diversity-policy\/\"}]}<\/script>\n<!-- \/ Yoast SEO Premium plugin. -->","yoast_head_json":{"title":"Rusk\u00e1 gramatika - Talkpal","description":"Pronikn\u011bte do sv\u011bta rusk\u00e9 gramatiky s na\u0161\u00edm pr\u016fvodcem pro za\u010d\u00e1te\u010dn\u00edky. Osvojte si cyrilici a prohlubte sv\u00e9 jazykov\u00e9 znalosti.","robots":{"index":"index","follow":"follow","max-snippet":"max-snippet:-1","max-image-preview":"max-image-preview:large","max-video-preview":"max-video-preview:-1"},"canonical":"https:\/\/talkpal.ai\/cs\/ruska-gramatika\/","og_locale":"cs_CZ","og_type":"article","og_title":"Rusk\u00e1 gramatika","og_description":"Rusk\u00e1 gramatika: Odhalte tajemstv\u00ed zvl\u00e1dnut\u00ed ru\u0161tiny Gratulujeme k odv\u00e1\u017en\u00e9mu kroku k v\u00fduce ru\u0161tiny! S v\u00edce ne\u017e 258 miliony mluv\u010d\u00edch po cel\u00e9m sv\u011bt\u011b je","og_url":"https:\/\/talkpal.ai\/cs\/ruska-gramatika\/","og_site_name":"Talkpal","article_publisher":"https:\/\/www.facebook.com\/profile.php?id=100090733639311","article_modified_time":"2025-12-13T15:18:10+00:00","og_image":[{"width":512,"height":512,"url":"https:\/\/talkpal.ai\/wp-content\/uploads\/2023\/04\/rusia.png","type":"image\/png"}],"twitter_card":"summary_large_image","twitter_site":"@talkpalai","twitter_misc":{"Odhadovan\u00e1 doba \u010dten\u00ed":"3 minuty"},"schema":{"@context":"https:\/\/schema.org","@graph":[{"@type":"WebPage","@id":"https:\/\/talkpal.ai\/cs\/ruska-gramatika\/","url":"https:\/\/talkpal.ai\/cs\/ruska-gramatika\/","name":"Rusk\u00e1 gramatika - Talkpal","isPartOf":{"@id":"https:\/\/talkpal.ai\/cs\/#website"},"primaryImageOfPage":{"@id":"https:\/\/talkpal.ai\/cs\/ruska-gramatika\/#primaryimage"},"image":{"@id":"https:\/\/talkpal.ai\/cs\/ruska-gramatika\/#primaryimage"},"thumbnailUrl":"https:\/\/talkpal.ai\/wp-content\/uploads\/2023\/04\/rusia.png","datePublished":"2023-05-14T13:52:49+00:00","dateModified":"2025-12-13T15:18:10+00:00","description":"Pronikn\u011bte do sv\u011bta rusk\u00e9 gramatiky s na\u0161\u00edm pr\u016fvodcem pro za\u010d\u00e1te\u010dn\u00edky. Osvojte si cyrilici a prohlubte sv\u00e9 jazykov\u00e9 znalosti.","breadcrumb":{"@id":"https:\/\/talkpal.ai\/cs\/ruska-gramatika\/#breadcrumb"},"inLanguage":"cs","potentialAction":[{"@type":"ReadAction","target":["https:\/\/talkpal.ai\/cs\/ruska-gramatika\/"]}]},{"@type":"ImageObject","inLanguage":"cs","@id":"https:\/\/talkpal.ai\/cs\/ruska-gramatika\/#primaryimage","url":"https:\/\/talkpal.ai\/wp-content\/uploads\/2023\/04\/rusia.png","contentUrl":"https:\/\/talkpal.ai\/wp-content\/uploads\/2023\/04\/rusia.png","width":512,"height":512},{"@type":"BreadcrumbList","@id":"https:\/\/talkpal.ai\/cs\/ruska-gramatika\/#breadcrumb","itemListElement":[{"@type":"ListItem","position":1,"name":"Homepage","item":"https:\/\/talkpal.ai\/cs\/"},{"@type":"ListItem","position":2,"name":"Rusk\u00e1 gramatika"}]},{"@type":"WebSite","@id":"https:\/\/talkpal.ai\/cs\/#website","url":"https:\/\/talkpal.ai\/cs\/","name":"Talkpal","description":"AI Language Learning","publisher":{"@id":"https:\/\/talkpal.ai\/cs\/#organization"},"alternateName":"Talkpal AI","potentialAction":[{"@type":"SearchAction","target":{"@type":"EntryPoint","urlTemplate":"https:\/\/talkpal.ai\/cs\/?s={search_term_string}"},"query-input":{"@type":"PropertyValueSpecification","valueRequired":true,"valueName":"search_term_string"}}],"inLanguage":"cs"},{"@type":"Organization","@id":"https:\/\/talkpal.ai\/cs\/#organization","name":"Talkpal, Inc.","alternateName":"Talkpal AI","url":"https:\/\/talkpal.ai\/cs\/","logo":{"@type":"ImageObject","inLanguage":"cs","@id":"https:\/\/talkpal.ai\/cs\/#\/schema\/logo\/image\/","url":"https:\/\/talkpal.ai\/wp-content\/uploads\/2024\/03\/Talkpal-Logo-Icon.png","contentUrl":"https:\/\/talkpal.ai\/wp-content\/uploads\/2024\/03\/Talkpal-Logo-Icon.png","width":2880,"height":2880,"caption":"Talkpal, Inc."},"image":{"@id":"https:\/\/talkpal.ai\/cs\/#\/schema\/logo\/image\/"},"sameAs":["https:\/\/www.facebook.com\/profile.php?id=100090733639311","https:\/\/x.com\/talkpalai","https:\/\/www.linkedin.com\/company\/talkpal\/","https:\/\/www.youtube.com\/@TalkPal\/","https:\/\/www.tiktok.com\/@talkpal","https:\/\/www.instagram.com\/talkpal_ai\/","https:\/\/www.crunchbase.com\/organization\/talkpal-9cde","https:\/\/www.g2.com\/products\/talkpal-for-business\/","https:\/\/www.trustpilot.com\/review\/talkpal.ai","https:\/\/www.capterra.com\/p\/10006800\/TalkPal\/"],"description":"Talkpal is a language learning web and mobile education app, powered by the latest AI technologies, that provides engaging experiences to its customers in many different languages to help them improve their language skills. Users can chat about unlimited amount of topics with the app and use other modes to practice their language learning.","email":"support@talkpal.ai","legalName":"Talkpal, Inc.","foundingDate":"2023-04-03","duns":"118989042","numberOfEmployees":{"@type":"QuantitativeValue","minValue":"11","maxValue":"50"},"publishingPrinciples":"https:\/\/talkpal.ai\/publishing-principles\/","actionableFeedbackPolicy":"https:\/\/talkpal.ai\/actionable-feedback-policy\/","correctionsPolicy":"https:\/\/talkpal.ai\/corrections-policy\/","ethicsPolicy":"https:\/\/talkpal.ai\/ethics-policy\/","diversityPolicy":"https:\/\/talkpal.ai\/diversity-policy\/","diversityStaffingReport":"https:\/\/talkpal.ai\/diversity-policy\/"}]}},"_links":{"self":[{"href":"https:\/\/talkpal.ai\/cs\/wp-json\/wp\/v2\/pages\/139866","targetHints":{"allow":["GET"]}}],"collection":[{"href":"https:\/\/talkpal.ai\/cs\/wp-json\/wp\/v2\/pages"}],"about":[{"href":"https:\/\/talkpal.ai\/cs\/wp-json\/wp\/v2\/types\/page"}],"author":[{"embeddable":true,"href":"https:\/\/talkpal.ai\/cs\/wp-json\/wp\/v2\/users\/1"}],"replies":[{"embeddable":true,"href":"https:\/\/talkpal.ai\/cs\/wp-json\/wp\/v2\/comments?post=139866"}],"version-history":[{"count":0,"href":"https:\/\/talkpal.ai\/cs\/wp-json\/wp\/v2\/pages\/139866\/revisions"}],"wp:featuredmedia":[{"embeddable":true,"href":"https:\/\/talkpal.ai\/cs\/wp-json\/wp\/v2\/media\/108006"}],"wp:attachment":[{"href":"https:\/\/talkpal.ai\/cs\/wp-json\/wp\/v2\/media?parent=139866"}],"curies":[{"name":"wp","href":"https:\/\/api.w.org\/{rel}","templated":true}]}}