{"id":135855,"date":"2023-06-16T10:51:16","date_gmt":"2023-06-16T10:51:16","guid":{"rendered":"http:\/\/talkpal.ai\/cviceni-z-ukrajinske-gramatiky\/"},"modified":"2025-12-17T16:22:11","modified_gmt":"2025-12-17T16:22:11","slug":"cviceni-z-ukrajinske-gramatiky","status":"publish","type":"page","link":"https:\/\/talkpal.ai\/cs\/cviceni-z-ukrajinske-gramatiky\/","title":{"rendered":"Cvi\u010den\u00ed z ukrajinsk\u00e9 gramatiky"},"content":{"rendered":"\r\n\r\n\r\n<section class=\"languageChallengeSection\">\r\n    <div class=\"languageInfoWrapper\">\r\n        \r\n        <h1>Cvi\u010den\u00ed z ukrajinsk\u00e9 gramatiky<\/h1>\r\n        <p>Chcete sv\u00e9 ukrajinsk\u00e9 dovednosti posunout na vy\u0161\u0161\u00ed \u00farove\u0148? Procvi\u010dov\u00e1n\u00ed gramatick\u00fdch cvi\u010den\u00ed je kl\u00ed\u010dov\u00fdm zp\u016fsobem, jak si osvojit strukturu v\u011bty, slovesn\u00e9 tvary a jedine\u010dn\u00e9 vzorce ukrajinsk\u00e9ho jazyka. Za\u010dn\u011bte pracovat na ukrajinsk\u00e9 gramatice je\u0161t\u011b dnes a sledujte, jak s ka\u017ed\u00fdm cvi\u010den\u00edm roste va\u0161e sebev\u011bdom\u00ed a plynulost!<\/p>\r\n\r\n                            <a class=\"getStartedHidden\" href=\"https:\/\/app.talkpal.ai\/cs\/signup?lng=\">Za\u010dni<\/a>\r\n        \r\n    <\/div>\r\n\r\n    <figure>\r\n    <img decoding=\"async\" width=\"768\" height=\"768\" src=\"https:\/\/talkpal.ai\/wp-content\/uploads\/2023\/06\/Ukrainian-768x768.png\" class=\"languageImage no-lazy\" alt=\"Language learning - Your doorway to the world\" fetchpriority=\"high\" sizes=\"(max-width: 768px) 150px, 768px\" srcset=\"https:\/\/talkpal.ai\/wp-content\/uploads\/2023\/06\/Ukrainian-768x768.png 768w, https:\/\/talkpal.ai\/wp-content\/uploads\/2023\/06\/Ukrainian-300x300.png 300w\" \/>\r\n    \r\n\r\n    <\/figure>\r\n\r\n            <a class=\"getStartedVisible\" href=\"https:\/\/app.talkpal.ai\/cs\/signup?lng=\">Za\u010dni<\/a>\r\n    \r\n<\/section>\r\n\r\n\r\n<!-- <section class=\"grammarSection\">\r\n    <div class=\"grammarLinks\">\r\n            <\/div>\r\n<\/section> -->\r\n\r\n\r\n\r\n\r\n<section class=\"promotionalBanner\">\r\n    <p class=\"promotionalText\">Nejefektivn\u011bj\u0161\u00ed <a href=\"https:\/\/talkpal.ai\/best-way-to-learn\/\">zp\u016fsob<\/a>, jak se nau\u010dit jazyk<\/p>\r\n    <a class=\"promotionalLink\" href=\"https:\/\/app.talkpal.ai\/cs\/signup?lng=\">Vyzkou\u0161ejte Talkpal zdarma<\/a>\r\n<\/section>\n<div class=\"wp-block-group pageContainerStyle\"><div class=\"wp-block-group__inner-container is-layout-constrained wp-block-group-is-layout-constrained\">\n<h2 class=\"wp-block-heading\" id=\"h-ukrainian-grammar-topics\">T\u00e9mata ukrajinsk\u00e9 gramatiky<\/h2>\n\n\n\n<p>Nau\u010dit se nov\u00fd jazyk m\u016f\u017ee b\u00fdt vzru\u0161uj\u00edc\u00ed, ale n\u00e1ro\u010dn\u00e9 \u00fasil\u00ed a <a href=\"https:\/\/talkpal.ai\/learn-ukrainian\/\">ukrajin\u0161tina<\/a> nen\u00ed v\u00fdjimkou. <a href=\"https:\/\/talkpal.ai\/learn-ukrainian\/\">Ukrajin\u0161tina<\/a>, v\u00fdchodoslovansk\u00fd jazyk, je \u00fa\u0159edn\u00edm jazykem Ukrajiny a m\u016f\u017ee se pochlubit bohatou histori\u00ed a rozmanitou gramatickou strukturou. Na cest\u011b ke zdokonalov\u00e1n\u00ed se v ukrajin\u0161tin\u011b budete muset zvl\u00e1dnout n\u011bkolik kl\u00ed\u010dov\u00fdch gramatick\u00fdch t\u00e9mat, v\u010detn\u011b \u010das\u016f, sloves, podstatn\u00fdch jmen, \u010dlen\u016f, z\u00e1jmen, p\u0159\u00eddavn\u00fdch jmen, p\u0159\u00edslovc\u00ed, p\u0159edlo\u017eek a v\u011btn\u00e9 struktury. Pochopen\u00ed a spr\u00e1vn\u00e9 uplat\u0148ov\u00e1n\u00ed t\u011bchto gramatick\u00fdch pravidel v\u00fdrazn\u011b zlep\u0161\u00ed va\u0161i plynulost v jazyce. Poj\u010fme se tedy pono\u0159it do jednotliv\u00fdch t\u00e9mat a prozkoumat, v jak\u00e9m po\u0159ad\u00ed byste se je m\u011bli u\u010dit.<\/p>\n\n\n\n<h3 class=\"wp-block-heading\" id=\"h-1-nouns\">1. Podstatn\u00e1 jm\u00e9na:<\/h3>\n\n\n\n<p>Za\u010dn\u011bte t\u00edm, \u017ee se nau\u010d\u00edte ukrajinsk\u00e1 podstatn\u00e1 jm\u00e9na, proto\u017ee jsou z\u00e1kladem jazyka. Seznamte se s jejich rodem (mu\u017esk\u00fdm, \u017eensk\u00fdm a st\u0159edn\u00edm) a jejich tvary mno\u017en\u00e9ho \u010d\u00edsla. Pochopen\u00ed sklo\u0148ov\u00e1n\u00ed podstatn\u00fdch jmen (p\u00e1d\u016f) je z\u00e1sadn\u00ed pro spr\u00e1vn\u00e9 tvo\u0159en\u00ed v\u011bt.<\/p>\n\n\n\n<h3 class=\"wp-block-heading\" id=\"h-2-pronouns\">2. Z\u00e1jmena:<\/h3>\n\n\n\n<p>D\u00e1le se nau\u010dte z\u00e1jmena \u2013 slova, kter\u00e1 nahrazuj\u00ed podstatn\u00e1 jm\u00e9na ve v\u011bt\u011b. Maj\u00ed tak\u00e9 rozli\u0161en\u00fd rod a p\u00e1d, tak\u017ee je nutn\u00e9 nau\u010dit se pou\u017e\u00edvat vhodn\u00e9 tvary v z\u00e1vislosti na podstatn\u00e9m jm\u00e9nu, kter\u00e9 nahrazuj\u00ed.<\/p>\n\n\n\n<h3 class=\"wp-block-heading\" id=\"h-3-verbs\">3. Slovesa:<\/h3>\n\n\n\n<p>Slovesa jsou d\u011bjov\u00e1 slova ve v\u011bt\u011b. V ukrajin\u0161tin\u011b maj\u00ed slovesa r\u016fzn\u00e9 tvary v z\u00e1vislosti na \u010dase, zp\u016fsobu a vidu. Za\u010dn\u011bte t\u00edm, \u017ee se nau\u010d\u00edte indikativn\u00ed tvary sloves v p\u0159\u00edtomn\u00e9m \u010dase, kter\u00e9 v\u00e1m pomohou pochopit z\u00e1kladn\u00ed v\u011btnou strukturu.<\/p>\n\n\n\n<h3 class=\"wp-block-heading\" id=\"h-4-tenses-indicative\">4. Indikativn\u00ed \u010dasy:<\/h3>\n\n\n\n<p>Jakmile si osvoj\u00edte slovesa v p\u0159\u00edtomn\u00e9m \u010dase, p\u0159ejd\u011bte k u\u010den\u00ed minul\u00e9ho a budouc\u00edho \u010dasu v oznamovac\u00edm zp\u016fsobu. To v\u00e1m umo\u017en\u00ed komunikovat o ud\u00e1lostech, kter\u00e9 ji\u017e nastaly nebo nastanou v budoucnu.<\/p>\n\n\n\n<h3 class=\"wp-block-heading\" id=\"h-5-tenses-subjunctive\">5. Konjunktiv \u010das\u016f:<\/h3>\n\n\n\n<p>Po zvl\u00e1dnut\u00ed indikativn\u00edho zp\u016fsobu prozkoumejte <a href=\"https:\/\/talkpal.ai\/ja\/grammar_exercises\/konjunktiv-%e3%83%89%e3%82%a4%e3%83%84%e6%96%87%e6%b3%95%e3%81%ae%e6%bc%94%e7%bf%92\/\">konjunktiv<\/a>, kter\u00fd vyjad\u0159uje hypotetick\u00e9 situace, p\u0159\u00e1n\u00ed nebo n\u00e1vrhy. <a href=\"https:\/\/talkpal.ai\/ja\/grammar_exercises\/konjunktiv-%e3%83%89%e3%82%a4%e3%83%84%e6%96%87%e6%b3%95%e3%81%ae%e6%bc%94%e7%bf%92\/\">Konjunktiv<\/a> se v ukrajin\u0161tin\u011b vyskytuje hlavn\u011b v minul\u00e9m a budouc\u00edm \u010dase.<\/p>\n\n\n\n<h3 class=\"wp-block-heading\" id=\"h-6-tense-comparison\">6. Srovn\u00e1n\u00ed \u010das\u016f:<\/h3>\n\n\n\n<p>Nau\u010dte se porovn\u00e1vat \u010dasy v ukrajin\u0161tin\u011b, abyste vyj\u00e1d\u0159ili r\u016fzn\u00e9 stupn\u011b jistoty nebo mo\u017enosti. To v\u00e1m pom\u016f\u017ee pochopit a vytvo\u0159it slo\u017eit\u011bj\u0161\u00ed v\u011bty.<\/p>\n\n\n\n<h3 class=\"wp-block-heading\" id=\"h-7-adjectives\">7. P\u0159\u00eddavn\u00e1 jm\u00e9na:<\/h3>\n\n\n\n<p>P\u0159\u00eddavn\u00e1 jm\u00e9na popisuj\u00ed vlastnosti podstatn\u00fdch jmen. Shoduj\u00ed se v rod\u011b, \u010d\u00edsle a p\u00e1d\u011b s podstatn\u00fdm jm\u00e9nem, kter\u00e9 upravuj\u00ed. U\u010den\u00ed p\u0159\u00eddavn\u00fdch jmen v\u00e1m pom\u016f\u017ee p\u0159idat do v\u011bt v\u00edce podrobnost\u00ed.<\/p>\n\n\n\n<h3 class=\"wp-block-heading\" id=\"h-8-adverbs\">8. P\u0159\u00edslovce:<\/h3>\n\n\n\n<p>P\u0159\u00edslovce popisuj\u00ed zp\u016fsob, m\u00edsto nebo \u010das d\u011bje. Nespadaj\u00ed jako p\u0159\u00eddavn\u00e1 jm\u00e9na, ale hraj\u00ed z\u00e1sadn\u00ed roli p\u0159i vytv\u00e1\u0159en\u00ed informativn\u011bj\u0161\u00edch a poutav\u011bj\u0161\u00edch v\u011bt.<\/p>\n\n\n\n<h3 class=\"wp-block-heading\" id=\"h-9-prepositions\">9. P\u0159edlo\u017eky:<\/h3>\n\n\n\n<p>P\u0159edlo\u017eky ukazuj\u00ed vztah mezi slovy ve v\u011bt\u011b (nap\u0159. m\u00edsto, sm\u011br nebo \u010das). Nau\u010dte se spr\u00e1vn\u011b pou\u017e\u00edvat p\u0159edlo\u017eky, abyste se vyhnuli zmatk\u016fm a vyj\u00e1d\u0159ili zam\u00fd\u0161len\u00fd v\u00fdznam.<\/p>\n\n\n\n<h3 class=\"wp-block-heading\" id=\"h-10-sentence-structure\">10. V\u011btn\u00e1 stavba:<\/h3>\n\n\n\n<p>Nakonec se seznamte s ukrajinskou v\u011btnou strukturou. To zahrnuje pochopen\u00ed slovosledu podm\u011bt-sloveso-objekt (SVO) a jak pou\u017e\u00edvat p\u00e1dy a dal\u0161\u00ed gramatick\u00e9 prvky k vytvo\u0159en\u00ed jasn\u00fdch a souvisl\u00fdch v\u011bt.<\/p>\n\n\n\n<h3 class=\"wp-block-heading\" id=\"h-11-articles\">11. \u010cl\u00e1nky:<\/h3>\n\n\n\n<p>Ukrajin\u0161tina nem\u00e1 \u010dleny jako &#8222;the&#8220; nebo &#8222;a&#8220; v \u010de\u0161tin\u011b, ale je nezbytn\u00e9 pochopit, jak se v jazyce vyjad\u0159uje ur\u010ditost a neur\u010ditost, obvykle pomoc\u00ed ukazovac\u00edch z\u00e1jmen nebo kontextu.<\/p>\n\n\n\n<p>T\u00edm, \u017ee se nau\u010d\u00edte tato gramatick\u00e1 t\u00e9mata v navrhovan\u00e9m po\u0159ad\u00ed, si postupn\u011b vybudujete pevn\u00e9 z\u00e1klady v ukrajin\u0161tin\u011b a pokro\u010d\u00edte sm\u011brem k plynulosti jazyka.<\/p>\n<\/div><\/div>\n\r\n<section class=\"learnNavigationSection\">\r\n            \r\n        <a href=\"https:\/\/talkpal.ai\/cs\/naucte-se-ukrajinsky\/\">\r\n            <div class=\"learnNavigationWrapper\">\r\n                <div class=\"learnNavigationContent\">\r\n                    <img decoding=\"async\" src=\"https:\/\/talkpal.ai\/wp-content\/uploads\/2024\/08\/Ukrainian.jpg\" alt=\"Ukrainian Flag\">\r\n                    <div>\r\n                        <h4>O ukrajinsk\u00e9m vzd\u011bl\u00e1v\u00e1n\u00ed<\/h4>\r\n                        <p>Zjist\u011bte v\u0161e o ukrajinsk\u00e9 gramatice.<\/p>\r\n                    <\/div>\r\n                <\/div>\r\n            <\/div>\r\n        <\/a>\r\n\r\n        \r\n        <a href=\"https:\/\/talkpal.ai\/cs\/ukrajinska-gramatika\/\">\r\n            <div class=\"learnNavigationWrapper\">\r\n                <div class=\"learnNavigationContent\">\r\n                    <img decoding=\"async\" src=\"https:\/\/talkpal.ai\/wp-content\/uploads\/2024\/08\/Ukrainian.jpg\" alt=\"Ukrainian Flag\">\r\n                    <div>\r\n                        <h4>Lekce ukrajinsk\u00e9 gramatiky<\/h4>\r\n                        <p>Procvi\u010dte si ukrajinskou gramatiku.<\/p>\r\n                    <\/div>\r\n                <\/div>\r\n            <\/div>\r\n        <\/a>\r\n\r\n        \r\n        <a href=\"https:\/\/talkpal.ai\/vocabulary_language\/ukrainian\/\">\r\n            <div class=\"learnNavigationWrapper\">\r\n                <div class=\"learnNavigationContent\">\r\n                    <img decoding=\"async\" src=\"https:\/\/talkpal.ai\/wp-content\/uploads\/2024\/08\/Ukrainian.jpg\" alt=\"Ukrainian Flag\">\r\n                    <div>\r\n                        <h4>Ukrajinsk\u00e1 slovn\u00ed z\u00e1soba<\/h4>\r\n                        <p>Roz\u0161i\u0159te si slovn\u00ed z\u00e1sobu ukrajin\u0161tiny.<\/p>\r\n                    <\/div>\r\n                <\/div>\r\n            <\/div>\r\n        <\/a>\r\n\r\n            <\/section>","protected":false},"excerpt":{"rendered":"<p>T\u00e9mata ukrajinsk\u00e9 gramatiky Nau\u010dit se nov\u00fd jazyk m\u016f\u017ee b\u00fdt vzru\u0161uj\u00edc\u00ed, ale n\u00e1ro\u010dn\u00e9 \u00fasil\u00ed a ukrajin\u0161tina nen\u00ed v\u00fdjimkou. Ukrajin\u0161tina, v\u00fdchodoslovansk\u00fd jazyk, je \u00fa\u0159edn\u00edm jazykem Ukrajiny a m\u016f\u017ee se pochlubit bohatou histori\u00ed a rozmanitou gramatickou strukturou. Na cest\u011b ke zdokonalov\u00e1n\u00ed se v ukrajin\u0161tin\u011b budete muset zvl\u00e1dnout n\u011bkolik kl\u00ed\u010dov\u00fdch gramatick\u00fdch t\u00e9mat, v\u010detn\u011b \u010das\u016f, sloves, podstatn\u00fdch jmen, \u010dlen\u016f, z\u00e1jmen, [&hellip;]<\/p>\n","protected":false},"author":6,"featured_media":108554,"parent":0,"menu_order":0,"comment_status":"closed","ping_status":"closed","template":"LearningContentPage.php","meta":{"_acf_changed":false,"footnotes":""},"class_list":["post-135855","page","type-page","status-publish","has-post-thumbnail","hentry"],"acf":[],"yoast_head":"<!-- This site is optimized with the Yoast SEO Premium plugin v27.2 (Yoast SEO v27.2) - https:\/\/yoast.com\/product\/yoast-seo-premium-wordpress\/ -->\n<title>Cvi\u010den\u00ed z ukrajinsk\u00e9 gramatiky - Talkpal<\/title>\n<meta name=\"description\" content=\"Zlep\u0161ete sv\u00e9 znalosti ukrajin\u0161tiny pomoc\u00ed poutav\u00fdch cvi\u010den\u00ed z ukrajinsk\u00e9 gramatiky, kter\u00e1 pokr\u00fdvaj\u00ed z\u00e1kladn\u00ed gramatick\u00e1 t\u00e9mata pro plynulost.\" \/>\n<meta name=\"robots\" content=\"index, follow, max-snippet:-1, max-image-preview:large, max-video-preview:-1\" \/>\n<link rel=\"canonical\" href=\"https:\/\/talkpal.ai\/cs\/cviceni-z-ukrajinske-gramatiky\/\" \/>\n<meta property=\"og:locale\" content=\"cs_CZ\" \/>\n<meta property=\"og:type\" content=\"article\" \/>\n<meta property=\"og:title\" content=\"Cvi\u010den\u00ed z ukrajinsk\u00e9 gramatiky\" \/>\n<meta property=\"og:description\" content=\"T\u00e9mata ukrajinsk\u00e9 gramatiky Nau\u010dit se nov\u00fd jazyk m\u016f\u017ee b\u00fdt vzru\u0161uj\u00edc\u00ed, ale n\u00e1ro\u010dn\u00e9 \u00fasil\u00ed a ukrajin\u0161tina nen\u00ed v\u00fdjimkou. Ukrajin\u0161tina, v\u00fdchodoslovansk\u00fd\" \/>\n<meta property=\"og:url\" content=\"https:\/\/talkpal.ai\/cs\/cviceni-z-ukrajinske-gramatiky\/\" \/>\n<meta property=\"og:site_name\" content=\"Talkpal\" \/>\n<meta property=\"article:publisher\" content=\"https:\/\/www.facebook.com\/profile.php?id=100090733639311\" \/>\n<meta property=\"article:modified_time\" content=\"2025-12-17T16:22:11+00:00\" \/>\n<meta property=\"og:image\" content=\"https:\/\/talkpal.ai\/wp-content\/uploads\/2023\/04\/ukraine.png\" \/>\n\t<meta property=\"og:image:width\" content=\"512\" \/>\n\t<meta property=\"og:image:height\" content=\"512\" \/>\n\t<meta property=\"og:image:type\" content=\"image\/png\" \/>\n<meta name=\"twitter:card\" content=\"summary_large_image\" \/>\n<meta name=\"twitter:site\" content=\"@talkpalai\" \/>\n<meta name=\"twitter:label1\" content=\"Odhadovan\u00e1 doba \u010dten\u00ed\" \/>\n\t<meta name=\"twitter:data1\" content=\"3 minuty\" \/>\n<script type=\"application\/ld+json\" class=\"yoast-schema-graph\">{\"@context\":\"https:\/\/schema.org\",\"@graph\":[{\"@type\":\"WebPage\",\"@id\":\"https:\/\/talkpal.ai\/cs\/cviceni-z-ukrajinske-gramatiky\/\",\"url\":\"https:\/\/talkpal.ai\/cs\/cviceni-z-ukrajinske-gramatiky\/\",\"name\":\"Cvi\u010den\u00ed z ukrajinsk\u00e9 gramatiky - Talkpal\",\"isPartOf\":{\"@id\":\"https:\/\/talkpal.ai\/cs\/#website\"},\"primaryImageOfPage\":{\"@id\":\"https:\/\/talkpal.ai\/cs\/cviceni-z-ukrajinske-gramatiky\/#primaryimage\"},\"image\":{\"@id\":\"https:\/\/talkpal.ai\/cs\/cviceni-z-ukrajinske-gramatiky\/#primaryimage\"},\"thumbnailUrl\":\"https:\/\/talkpal.ai\/wp-content\/uploads\/2023\/04\/ukraine.png\",\"datePublished\":\"2023-06-16T10:51:16+00:00\",\"dateModified\":\"2025-12-17T16:22:11+00:00\",\"description\":\"Zlep\u0161ete sv\u00e9 znalosti ukrajin\u0161tiny pomoc\u00ed poutav\u00fdch cvi\u010den\u00ed z ukrajinsk\u00e9 gramatiky, kter\u00e1 pokr\u00fdvaj\u00ed z\u00e1kladn\u00ed gramatick\u00e1 t\u00e9mata pro plynulost.\",\"breadcrumb\":{\"@id\":\"https:\/\/talkpal.ai\/cs\/cviceni-z-ukrajinske-gramatiky\/#breadcrumb\"},\"inLanguage\":\"cs\",\"potentialAction\":[{\"@type\":\"ReadAction\",\"target\":[\"https:\/\/talkpal.ai\/cs\/cviceni-z-ukrajinske-gramatiky\/\"]}]},{\"@type\":\"ImageObject\",\"inLanguage\":\"cs\",\"@id\":\"https:\/\/talkpal.ai\/cs\/cviceni-z-ukrajinske-gramatiky\/#primaryimage\",\"url\":\"https:\/\/talkpal.ai\/wp-content\/uploads\/2023\/04\/ukraine.png\",\"contentUrl\":\"https:\/\/talkpal.ai\/wp-content\/uploads\/2023\/04\/ukraine.png\",\"width\":512,\"height\":512,\"caption\":\"TalkPal Ukrainian Flag\"},{\"@type\":\"BreadcrumbList\",\"@id\":\"https:\/\/talkpal.ai\/cs\/cviceni-z-ukrajinske-gramatiky\/#breadcrumb\",\"itemListElement\":[{\"@type\":\"ListItem\",\"position\":1,\"name\":\"Homepage\",\"item\":\"https:\/\/talkpal.ai\/cs\/\"},{\"@type\":\"ListItem\",\"position\":2,\"name\":\"Cvi\u010den\u00ed z ukrajinsk\u00e9 gramatiky\"}]},{\"@type\":\"WebSite\",\"@id\":\"https:\/\/talkpal.ai\/cs\/#website\",\"url\":\"https:\/\/talkpal.ai\/cs\/\",\"name\":\"Talkpal\",\"description\":\"AI Language Learning\",\"publisher\":{\"@id\":\"https:\/\/talkpal.ai\/cs\/#organization\"},\"alternateName\":\"Talkpal AI\",\"potentialAction\":[{\"@type\":\"SearchAction\",\"target\":{\"@type\":\"EntryPoint\",\"urlTemplate\":\"https:\/\/talkpal.ai\/cs\/?s={search_term_string}\"},\"query-input\":{\"@type\":\"PropertyValueSpecification\",\"valueRequired\":true,\"valueName\":\"search_term_string\"}}],\"inLanguage\":\"cs\"},{\"@type\":\"Organization\",\"@id\":\"https:\/\/talkpal.ai\/cs\/#organization\",\"name\":\"Talkpal, Inc.\",\"alternateName\":\"Talkpal AI\",\"url\":\"https:\/\/talkpal.ai\/cs\/\",\"logo\":{\"@type\":\"ImageObject\",\"inLanguage\":\"cs\",\"@id\":\"https:\/\/talkpal.ai\/cs\/#\/schema\/logo\/image\/\",\"url\":\"https:\/\/talkpal.ai\/wp-content\/uploads\/2024\/03\/Talkpal-Logo-Icon.png\",\"contentUrl\":\"https:\/\/talkpal.ai\/wp-content\/uploads\/2024\/03\/Talkpal-Logo-Icon.png\",\"width\":2880,\"height\":2880,\"caption\":\"Talkpal, Inc.\"},\"image\":{\"@id\":\"https:\/\/talkpal.ai\/cs\/#\/schema\/logo\/image\/\"},\"sameAs\":[\"https:\/\/www.facebook.com\/profile.php?id=100090733639311\",\"https:\/\/x.com\/talkpalai\",\"https:\/\/www.linkedin.com\/company\/talkpal\/\",\"https:\/\/www.youtube.com\/@TalkPal\/\",\"https:\/\/www.tiktok.com\/@talkpal\",\"https:\/\/www.instagram.com\/talkpal_ai\/\",\"https:\/\/www.crunchbase.com\/organization\/talkpal-9cde\",\"https:\/\/www.g2.com\/products\/talkpal-for-business\/\",\"https:\/\/www.trustpilot.com\/review\/talkpal.ai\",\"https:\/\/www.capterra.com\/p\/10006800\/TalkPal\/\"],\"description\":\"Talkpal is a language learning web and mobile education app, powered by the latest AI technologies, that provides engaging experiences to its customers in many different languages to help them improve their language skills. Users can chat about unlimited amount of topics with the app and use other modes to practice their language learning.\",\"email\":\"support@talkpal.ai\",\"legalName\":\"Talkpal, Inc.\",\"foundingDate\":\"2023-04-03\",\"duns\":\"118989042\",\"numberOfEmployees\":{\"@type\":\"QuantitativeValue\",\"minValue\":\"11\",\"maxValue\":\"50\"},\"publishingPrinciples\":\"https:\/\/talkpal.ai\/publishing-principles\/\",\"actionableFeedbackPolicy\":\"https:\/\/talkpal.ai\/actionable-feedback-policy\/\",\"correctionsPolicy\":\"https:\/\/talkpal.ai\/corrections-policy\/\",\"ethicsPolicy\":\"https:\/\/talkpal.ai\/ethics-policy\/\",\"diversityPolicy\":\"https:\/\/talkpal.ai\/diversity-policy\/\",\"diversityStaffingReport\":\"https:\/\/talkpal.ai\/diversity-policy\/\"}]}<\/script>\n<!-- \/ Yoast SEO Premium plugin. -->","yoast_head_json":{"title":"Cvi\u010den\u00ed z ukrajinsk\u00e9 gramatiky - Talkpal","description":"Zlep\u0161ete sv\u00e9 znalosti ukrajin\u0161tiny pomoc\u00ed poutav\u00fdch cvi\u010den\u00ed z ukrajinsk\u00e9 gramatiky, kter\u00e1 pokr\u00fdvaj\u00ed z\u00e1kladn\u00ed gramatick\u00e1 t\u00e9mata pro plynulost.","robots":{"index":"index","follow":"follow","max-snippet":"max-snippet:-1","max-image-preview":"max-image-preview:large","max-video-preview":"max-video-preview:-1"},"canonical":"https:\/\/talkpal.ai\/cs\/cviceni-z-ukrajinske-gramatiky\/","og_locale":"cs_CZ","og_type":"article","og_title":"Cvi\u010den\u00ed z ukrajinsk\u00e9 gramatiky","og_description":"T\u00e9mata ukrajinsk\u00e9 gramatiky Nau\u010dit se nov\u00fd jazyk m\u016f\u017ee b\u00fdt vzru\u0161uj\u00edc\u00ed, ale n\u00e1ro\u010dn\u00e9 \u00fasil\u00ed a ukrajin\u0161tina nen\u00ed v\u00fdjimkou. Ukrajin\u0161tina, v\u00fdchodoslovansk\u00fd","og_url":"https:\/\/talkpal.ai\/cs\/cviceni-z-ukrajinske-gramatiky\/","og_site_name":"Talkpal","article_publisher":"https:\/\/www.facebook.com\/profile.php?id=100090733639311","article_modified_time":"2025-12-17T16:22:11+00:00","og_image":[{"width":512,"height":512,"url":"https:\/\/talkpal.ai\/wp-content\/uploads\/2023\/04\/ukraine.png","type":"image\/png"}],"twitter_card":"summary_large_image","twitter_site":"@talkpalai","twitter_misc":{"Odhadovan\u00e1 doba \u010dten\u00ed":"3 minuty"},"schema":{"@context":"https:\/\/schema.org","@graph":[{"@type":"WebPage","@id":"https:\/\/talkpal.ai\/cs\/cviceni-z-ukrajinske-gramatiky\/","url":"https:\/\/talkpal.ai\/cs\/cviceni-z-ukrajinske-gramatiky\/","name":"Cvi\u010den\u00ed z ukrajinsk\u00e9 gramatiky - Talkpal","isPartOf":{"@id":"https:\/\/talkpal.ai\/cs\/#website"},"primaryImageOfPage":{"@id":"https:\/\/talkpal.ai\/cs\/cviceni-z-ukrajinske-gramatiky\/#primaryimage"},"image":{"@id":"https:\/\/talkpal.ai\/cs\/cviceni-z-ukrajinske-gramatiky\/#primaryimage"},"thumbnailUrl":"https:\/\/talkpal.ai\/wp-content\/uploads\/2023\/04\/ukraine.png","datePublished":"2023-06-16T10:51:16+00:00","dateModified":"2025-12-17T16:22:11+00:00","description":"Zlep\u0161ete sv\u00e9 znalosti ukrajin\u0161tiny pomoc\u00ed poutav\u00fdch cvi\u010den\u00ed z ukrajinsk\u00e9 gramatiky, kter\u00e1 pokr\u00fdvaj\u00ed z\u00e1kladn\u00ed gramatick\u00e1 t\u00e9mata pro plynulost.","breadcrumb":{"@id":"https:\/\/talkpal.ai\/cs\/cviceni-z-ukrajinske-gramatiky\/#breadcrumb"},"inLanguage":"cs","potentialAction":[{"@type":"ReadAction","target":["https:\/\/talkpal.ai\/cs\/cviceni-z-ukrajinske-gramatiky\/"]}]},{"@type":"ImageObject","inLanguage":"cs","@id":"https:\/\/talkpal.ai\/cs\/cviceni-z-ukrajinske-gramatiky\/#primaryimage","url":"https:\/\/talkpal.ai\/wp-content\/uploads\/2023\/04\/ukraine.png","contentUrl":"https:\/\/talkpal.ai\/wp-content\/uploads\/2023\/04\/ukraine.png","width":512,"height":512,"caption":"TalkPal Ukrainian Flag"},{"@type":"BreadcrumbList","@id":"https:\/\/talkpal.ai\/cs\/cviceni-z-ukrajinske-gramatiky\/#breadcrumb","itemListElement":[{"@type":"ListItem","position":1,"name":"Homepage","item":"https:\/\/talkpal.ai\/cs\/"},{"@type":"ListItem","position":2,"name":"Cvi\u010den\u00ed z ukrajinsk\u00e9 gramatiky"}]},{"@type":"WebSite","@id":"https:\/\/talkpal.ai\/cs\/#website","url":"https:\/\/talkpal.ai\/cs\/","name":"Talkpal","description":"AI Language Learning","publisher":{"@id":"https:\/\/talkpal.ai\/cs\/#organization"},"alternateName":"Talkpal AI","potentialAction":[{"@type":"SearchAction","target":{"@type":"EntryPoint","urlTemplate":"https:\/\/talkpal.ai\/cs\/?s={search_term_string}"},"query-input":{"@type":"PropertyValueSpecification","valueRequired":true,"valueName":"search_term_string"}}],"inLanguage":"cs"},{"@type":"Organization","@id":"https:\/\/talkpal.ai\/cs\/#organization","name":"Talkpal, Inc.","alternateName":"Talkpal AI","url":"https:\/\/talkpal.ai\/cs\/","logo":{"@type":"ImageObject","inLanguage":"cs","@id":"https:\/\/talkpal.ai\/cs\/#\/schema\/logo\/image\/","url":"https:\/\/talkpal.ai\/wp-content\/uploads\/2024\/03\/Talkpal-Logo-Icon.png","contentUrl":"https:\/\/talkpal.ai\/wp-content\/uploads\/2024\/03\/Talkpal-Logo-Icon.png","width":2880,"height":2880,"caption":"Talkpal, Inc."},"image":{"@id":"https:\/\/talkpal.ai\/cs\/#\/schema\/logo\/image\/"},"sameAs":["https:\/\/www.facebook.com\/profile.php?id=100090733639311","https:\/\/x.com\/talkpalai","https:\/\/www.linkedin.com\/company\/talkpal\/","https:\/\/www.youtube.com\/@TalkPal\/","https:\/\/www.tiktok.com\/@talkpal","https:\/\/www.instagram.com\/talkpal_ai\/","https:\/\/www.crunchbase.com\/organization\/talkpal-9cde","https:\/\/www.g2.com\/products\/talkpal-for-business\/","https:\/\/www.trustpilot.com\/review\/talkpal.ai","https:\/\/www.capterra.com\/p\/10006800\/TalkPal\/"],"description":"Talkpal is a language learning web and mobile education app, powered by the latest AI technologies, that provides engaging experiences to its customers in many different languages to help them improve their language skills. Users can chat about unlimited amount of topics with the app and use other modes to practice their language learning.","email":"support@talkpal.ai","legalName":"Talkpal, Inc.","foundingDate":"2023-04-03","duns":"118989042","numberOfEmployees":{"@type":"QuantitativeValue","minValue":"11","maxValue":"50"},"publishingPrinciples":"https:\/\/talkpal.ai\/publishing-principles\/","actionableFeedbackPolicy":"https:\/\/talkpal.ai\/actionable-feedback-policy\/","correctionsPolicy":"https:\/\/talkpal.ai\/corrections-policy\/","ethicsPolicy":"https:\/\/talkpal.ai\/ethics-policy\/","diversityPolicy":"https:\/\/talkpal.ai\/diversity-policy\/","diversityStaffingReport":"https:\/\/talkpal.ai\/diversity-policy\/"}]}},"_links":{"self":[{"href":"https:\/\/talkpal.ai\/cs\/wp-json\/wp\/v2\/pages\/135855","targetHints":{"allow":["GET"]}}],"collection":[{"href":"https:\/\/talkpal.ai\/cs\/wp-json\/wp\/v2\/pages"}],"about":[{"href":"https:\/\/talkpal.ai\/cs\/wp-json\/wp\/v2\/types\/page"}],"author":[{"embeddable":true,"href":"https:\/\/talkpal.ai\/cs\/wp-json\/wp\/v2\/users\/6"}],"replies":[{"embeddable":true,"href":"https:\/\/talkpal.ai\/cs\/wp-json\/wp\/v2\/comments?post=135855"}],"version-history":[{"count":0,"href":"https:\/\/talkpal.ai\/cs\/wp-json\/wp\/v2\/pages\/135855\/revisions"}],"wp:featuredmedia":[{"embeddable":true,"href":"https:\/\/talkpal.ai\/cs\/wp-json\/wp\/v2\/media\/108554"}],"wp:attachment":[{"href":"https:\/\/talkpal.ai\/cs\/wp-json\/wp\/v2\/media?parent=135855"}],"curies":[{"name":"wp","href":"https:\/\/api.w.org\/{rel}","templated":true}]}}