{"id":135512,"date":"2023-06-16T10:42:00","date_gmt":"2023-06-16T10:42:00","guid":{"rendered":"http:\/\/talkpal.ai\/cviceni-portugalske-gramatiky\/"},"modified":"2025-12-17T16:20:14","modified_gmt":"2025-12-17T16:20:14","slug":"cviceni-portugalske-gramatiky","status":"publish","type":"page","link":"https:\/\/talkpal.ai\/cs\/cviceni-portugalske-gramatiky\/","title":{"rendered":"Cvi\u010den\u00ed portugalsk\u00e9 gramatiky"},"content":{"rendered":"\r\n\r\n\r\n<section class=\"languageChallengeSection\">\r\n    <div class=\"languageInfoWrapper\">\r\n        \r\n        <h1>Cvi\u010den\u00ed portugalsk\u00e9 gramatiky<\/h1>\r\n        <p>Chcete si zlep\u0161it sv\u00e9 znalosti portugal\u0161tiny? P\u0159ejd\u011bte k procvi\u010dov\u00e1n\u00ed gramatiky a osvojte si strukturu v\u011bt, \u010dasov\u00e1n\u00ed sloves a jedine\u010dn\u00e9 vzorce portugalsk\u00e9ho jazyka. Za\u010dn\u011bte procvi\u010dovat portugalskou gramatiku a s ka\u017ed\u00fdm cvi\u010den\u00edm uvid\u00edte, jak roste va\u0161e sebed\u016fv\u011bra a plynulost!<\/p>\r\n\r\n                            <a class=\"getStartedHidden\" href=\"https:\/\/app.talkpal.ai\/cs\/signup?lng=\">Za\u010dni<\/a>\r\n        \r\n    <\/div>\r\n\r\n    <figure>\r\n    <img decoding=\"async\" width=\"768\" height=\"768\" src=\"https:\/\/talkpal.ai\/wp-content\/uploads\/2023\/06\/portuguese-768x768.png\" class=\"languageImage no-lazy\" alt=\"Language learning for broader world view\" fetchpriority=\"high\" sizes=\"(max-width: 768px) 150px, 768px\" srcset=\"https:\/\/talkpal.ai\/wp-content\/uploads\/2023\/06\/portuguese-768x768.png 768w, https:\/\/talkpal.ai\/wp-content\/uploads\/2023\/06\/portuguese-300x300.png 300w\" \/>\r\n    \r\n\r\n    <\/figure>\r\n\r\n            <a class=\"getStartedVisible\" href=\"https:\/\/app.talkpal.ai\/cs\/signup?lng=\">Za\u010dni<\/a>\r\n    \r\n<\/section>\r\n\r\n\r\n<!-- <section class=\"grammarSection\">\r\n    <div class=\"grammarLinks\">\r\n            <\/div>\r\n<\/section> -->\r\n\r\n\r\n\r\n\r\n<section class=\"promotionalBanner\">\r\n    <p class=\"promotionalText\">Nejefektivn\u011bj\u0161\u00ed zp\u016fsob, jak se nau\u010dit jazyk<\/p>\r\n    <a class=\"promotionalLink\" href=\"https:\/\/app.talkpal.ai\/cs\/signup?lng=\">Vyzkou\u0161ejte Talkpal zdarma<\/a>\r\n<\/section>\n<div class=\"wp-block-group pageContainerStyle\"><div class=\"wp-block-group__inner-container is-layout-constrained wp-block-group-is-layout-constrained\">\n<h2 class=\"wp-block-heading\" id=\"h-portuguese-grammar-topics\">T\u00e9mata portugalsk\u00e9 gramatiky<\/h2>\n\n\n\n<p>U\u010den\u00ed se nov\u00e9mu jazyku m\u016f\u017ee b\u00fdt vzru\u0161uj\u00edc\u00ed a obohacuj\u00edc\u00ed zku\u0161enost a <a href=\"https:\/\/talkpal.ai\/learn-portuguese\/\">portugal\u0161tina<\/a> nen\u00ed v\u00fdjimkou. Jako \u0161est\u00fd nejroz\u0161\u00ed\u0159en\u011bj\u0161\u00ed jazyk na sv\u011bt\u011b nab\u00edz\u00ed \u0159adu p\u0159\u00edle\u017eitost\u00ed k osobn\u00edmu i profesn\u00edmu r\u016fstu. Pochopen\u00ed a zvl\u00e1dnut\u00ed jeho jazykov\u00fdch slo\u017eitost\u00ed a gramatiky m\u016f\u017ee otev\u0159\u00edt dve\u0159e k bohat\u00fdm kulturn\u00edm z\u00e1\u017eitk\u016fm v zem\u00edch, jako je Portugalsko, Braz\u00edlie a r\u016fzn\u00e9 africk\u00e9 n\u00e1rody. Abychom v\u00e1m usnadnili cestu do sv\u011bta portugal\u0161tiny, tato p\u0159\u00edru\u010dka nasti\u0148uje posloupnost gramatick\u00fdch t\u00e9mat, kter\u00e1 byste m\u011bli dodr\u017eovat, a zajist\u00ed, \u017ee si vybudujete pevn\u00e9 z\u00e1klady a budete postupovat pohodln\u00fdm tempem.<\/p>\n\n\n\n<h3 class=\"wp-block-heading\" id=\"h-1-articles\">1. \u010cl\u00e1nky:<\/h3>\n\n\n\n<p>Za\u010dn\u011bte u\u010den\u00edm ur\u010dit\u00fdch a neur\u010dit\u00fdch \u010dlen\u016f, kter\u00e9 jsou z\u00e1kladn\u00edmi stavebn\u00edmi kameny jazyka. Ty poskytuj\u00ed r\u00e1mec pro pochopen\u00ed rodu a po\u010dtu podstatn\u00fdch jmen ve v\u011bt\u00e1ch.<\/p>\n\n\n\n<h3 class=\"wp-block-heading\" id=\"h-2-nouns\">2. Podstatn\u00e1 jm\u00e9na:<\/h3>\n\n\n\n<p>Seznamte se s portugalsk\u00fdmi podstatn\u00fdmi jm\u00e9ny, v\u010detn\u011b jejich rodu (mu\u017esk\u00e9ho nebo \u017eensk\u00e9ho) a \u010d\u00edsla (jednotn\u00e9 nebo mno\u017en\u00e9 \u010d\u00edslo). Tyto znalosti budou kl\u00ed\u010dov\u00e9 pro tvo\u0159en\u00ed souvisl\u00fdch v\u011bt a shod s dal\u0161\u00edmi prvky, jako jsou p\u0159\u00eddavn\u00e1 jm\u00e9na.<\/p>\n\n\n\n<h3 class=\"wp-block-heading\" id=\"h-3-adjectives\">3. P\u0159\u00eddavn\u00e1 jm\u00e9na:<\/h3>\n\n\n\n<p>Nau\u010dte se popisovat podstatn\u00e1 jm\u00e9na pomoc\u00ed p\u0159\u00eddavn\u00fdch jmen, kter\u00e1 mus\u00ed souhlasit s podstatn\u00fdm jm\u00e9nem v rod\u011b a \u010d\u00edsle. Zlep\u0161\u00edte tak svou schopnost vyjad\u0159ovat my\u0161lenky a popisovat p\u0159edm\u011bty nebo lidi v portugal\u0161tin\u011b.<\/p>\n\n\n\n<h3 class=\"wp-block-heading\" id=\"h-4-pronouns\">4. Z\u00e1jmena:<\/h3>\n\n\n\n<p>Pono\u0159te se do sv\u011bta z\u00e1jmen, v\u010detn\u011b osobn\u00edch, p\u0159ivlast\u0148ovac\u00edch, ukazovac\u00edch a vzta\u017en\u00fdch z\u00e1jmen. Nahrazuj\u00ed podstatn\u00e1 jm\u00e9na ve v\u011bt\u00e1ch a pom\u00e1haj\u00ed vyhnout se zbyte\u010dn\u00e9mu opakov\u00e1n\u00ed.<\/p>\n\n\n\n<h3 class=\"wp-block-heading\" id=\"h-5-verbs\">5. Slovesa:<\/h3>\n\n\n\n<p>Porozum\u011bt r\u016fzn\u00fdm \u010dasov\u00e1n\u00edm sloves v portugal\u0161tin\u011b, kter\u00e1 jsou nezbytn\u00e1 pro vyj\u00e1d\u0159en\u00ed d\u011bj\u016f, ud\u00e1lost\u00ed a stav\u016f. Za\u010dn\u011bte s pravideln\u00fdmi slovesy a pot\u00e9 p\u0159ejd\u011bte k nepravideln\u00fdm sloves\u016fm a jejich r\u016fzn\u00fdm \u010dasov\u00e1n\u00edm.<\/p>\n\n\n\n<h3 class=\"wp-block-heading\" id=\"h-6-tenses-indicative\">6. Indikativn\u00ed \u010dasy:<\/h3>\n\n\n\n<p>Nau\u010dte se orienta\u010dn\u00ed n\u00e1ladu, kter\u00e1 se pou\u017e\u00edv\u00e1 k vyj\u00e1d\u0159en\u00ed fakt\u016f nebo jistoty. To zahrnuje porozum\u011bn\u00ed r\u016fzn\u00fdm \u010das\u016fm, jako je p\u0159\u00edtomnost, minulost a budoucnost, a tak\u00e9 jejich \u010dasov\u00e1n\u00ed pro r\u016fzn\u00e9 typy sloves.<\/p>\n\n\n\n<h3 class=\"wp-block-heading\" id=\"h-7-tenses-subjunctive\">7. Konjunktiv \u010das\u016f:<\/h3>\n\n\n\n<p>Pono\u0159te se do konjunktivu, kter\u00fd vyjad\u0159uje pochybnosti, mo\u017enosti nebo nejistotu. To zahrnuje u\u010den\u00ed p\u0159\u00edtomn\u00e9ho, minul\u00e9ho a budouc\u00edho konjunktivu a jejich p\u0159\u00edslu\u0161n\u00fdch \u010dasov\u00e1n\u00ed.<\/p>\n\n\n\n<h3 class=\"wp-block-heading\" id=\"h-8-tense-comparison\">8. Srovn\u00e1n\u00ed \u010das\u016f:<\/h3>\n\n\n\n<p>Studujte, jak porovn\u00e1vat a kontrastovat r\u016fzn\u00e9 \u010dasy v indikativn\u00edm i konjunktivn\u00edm zp\u016fsobu. To v\u00e1m pom\u016f\u017ee zvolit vhodn\u00fd \u010das pro r\u016fzn\u00e9 kontexty a situace.<\/p>\n\n\n\n<h3 class=\"wp-block-heading\" id=\"h-9-adverbs\">9. P\u0159\u00edslovce:<\/h3>\n\n\n\n<p>Seznamte se s p\u0159\u00edslovci, kter\u00e1 upravuj\u00ed slovesa, p\u0159\u00eddavn\u00e1 jm\u00e9na nebo jin\u00e1 p\u0159\u00edslovce a poskytuj\u00ed dal\u0161\u00ed informace o zp\u016fsobu, m\u00edst\u011b nebo \u010dase d\u011bje.<\/p>\n\n\n\n<h3 class=\"wp-block-heading\" id=\"h-10-prepositions\">10. P\u0159edlo\u017eky:<\/h3>\n\n\n\n<p>Seznamte se s pou\u017e\u00edv\u00e1n\u00edm p\u0159edlo\u017eek, kter\u00e9 vytv\u00e1\u0159ej\u00ed vztahy mezi slovy ve v\u011bt\u011b, jako je m\u00edsto, sm\u011br, \u010das nebo \u00fa\u010del.<\/p>\n\n\n\n<h3 class=\"wp-block-heading\" id=\"h-11-sentence-structure\">11. V\u011btn\u00e1 stavba:<\/h3>\n\n\n\n<p>Nakonec pochopte z\u00e1kladn\u00ed v\u011btnou strukturu v portugal\u0161tin\u011b, v\u010detn\u011b slovosledu, negace a tvo\u0159en\u00ed ot\u00e1zek. To v\u00e1m umo\u017en\u00ed vytv\u00e1\u0159et smyslupln\u00e9 a gramaticky spr\u00e1vn\u00e9 v\u011bty, co\u017e umo\u017en\u00ed efektivn\u00ed komunikaci v portugalsk\u00e9m jazyce.<\/p>\n<\/div><\/div>\n\r\n<section class=\"learnNavigationSection\">\r\n            \r\n        <a href=\"https:\/\/talkpal.ai\/cs\/naucte-se-portugalsky\/\">\r\n            <div class=\"learnNavigationWrapper\">\r\n                <div class=\"learnNavigationContent\">\r\n                    <img decoding=\"async\" src=\"https:\/\/talkpal.ai\/wp-content\/uploads\/2024\/08\/Portuguese.jpg\" alt=\"Portuguese Flag\">\r\n                    <div>\r\n                        <h4>O vzd\u011bl\u00e1v\u00e1n\u00ed v Portugalsku<\/h4>\r\n                        <p>Zjist\u011bte v\u0161e o portugalsk\u00e9 gramatice.<\/p>\r\n                    <\/div>\r\n                <\/div>\r\n            <\/div>\r\n        <\/a>\r\n\r\n        \r\n        <a href=\"https:\/\/talkpal.ai\/cs\/portugalska-gramatika\/\">\r\n            <div class=\"learnNavigationWrapper\">\r\n                <div class=\"learnNavigationContent\">\r\n                    <img decoding=\"async\" src=\"https:\/\/talkpal.ai\/wp-content\/uploads\/2024\/08\/Portuguese.jpg\" alt=\"Portuguese Flag\">\r\n                    <div>\r\n                        <h4>Lekce portugalsk\u00e9 gramatiky<\/h4>\r\n                        <p>Procvi\u010dte si portugalskou gramatiku.<\/p>\r\n                    <\/div>\r\n                <\/div>\r\n            <\/div>\r\n        <\/a>\r\n\r\n        \r\n        <a href=\"https:\/\/talkpal.ai\/vocabulary_language\/portuguese\/\">\r\n            <div class=\"learnNavigationWrapper\">\r\n                <div class=\"learnNavigationContent\">\r\n                    <img decoding=\"async\" src=\"https:\/\/talkpal.ai\/wp-content\/uploads\/2024\/08\/Portuguese.jpg\" alt=\"Portuguese Flag\">\r\n                    <div>\r\n                        <h4>Portugalsk\u00e1 slovn\u00ed z\u00e1soba<\/h4>\r\n                        <p>Roz\u0161i\u0159te si slovn\u00ed z\u00e1sobu portugal\u0161tiny.<\/p>\r\n                    <\/div>\r\n                <\/div>\r\n            <\/div>\r\n        <\/a>\r\n\r\n            <\/section>","protected":false},"excerpt":{"rendered":"<p>T\u00e9mata portugalsk\u00e9 gramatiky U\u010den\u00ed se nov\u00e9mu jazyku m\u016f\u017ee b\u00fdt vzru\u0161uj\u00edc\u00ed a obohacuj\u00edc\u00ed zku\u0161enost a portugal\u0161tina nen\u00ed v\u00fdjimkou. Jako \u0161est\u00fd nejroz\u0161\u00ed\u0159en\u011bj\u0161\u00ed jazyk na sv\u011bt\u011b nab\u00edz\u00ed \u0159adu p\u0159\u00edle\u017eitost\u00ed k osobn\u00edmu i profesn\u00edmu r\u016fstu. Pochopen\u00ed a zvl\u00e1dnut\u00ed jeho jazykov\u00fdch slo\u017eitost\u00ed a gramatiky m\u016f\u017ee otev\u0159\u00edt dve\u0159e k bohat\u00fdm kulturn\u00edm z\u00e1\u017eitk\u016fm v zem\u00edch, jako je Portugalsko, Braz\u00edlie a r\u016fzn\u00e9 africk\u00e9 [&hellip;]<\/p>\n","protected":false},"author":6,"featured_media":107765,"parent":0,"menu_order":0,"comment_status":"closed","ping_status":"closed","template":"LearningContentPage.php","meta":{"_acf_changed":false,"footnotes":""},"class_list":["post-135512","page","type-page","status-publish","has-post-thumbnail","hentry"],"acf":[],"yoast_head":"<!-- This site is optimized with the Yoast SEO Premium plugin v27.2 (Yoast SEO v27.2) - https:\/\/yoast.com\/product\/yoast-seo-premium-wordpress\/ -->\n<title>Cvi\u010den\u00ed portugalsk\u00e9 gramatiky - Talkpal<\/title>\n<meta name=\"description\" content=\"Posilte sv\u00e9 znalosti portugalsk\u00e9 gramatiky pomoc\u00ed interaktivn\u00edch cvi\u010den\u00ed ur\u010den\u00fdch pro v\u0161echny \u00farovn\u011b.\" \/>\n<meta name=\"robots\" content=\"index, follow, max-snippet:-1, max-image-preview:large, max-video-preview:-1\" \/>\n<link rel=\"canonical\" href=\"https:\/\/talkpal.ai\/cs\/cviceni-portugalske-gramatiky\/\" \/>\n<meta property=\"og:locale\" content=\"cs_CZ\" \/>\n<meta property=\"og:type\" content=\"article\" \/>\n<meta property=\"og:title\" content=\"Cvi\u010den\u00ed portugalsk\u00e9 gramatiky\" \/>\n<meta property=\"og:description\" content=\"T\u00e9mata portugalsk\u00e9 gramatiky U\u010den\u00ed se nov\u00e9mu jazyku m\u016f\u017ee b\u00fdt vzru\u0161uj\u00edc\u00ed a obohacuj\u00edc\u00ed zku\u0161enost a portugal\u0161tina nen\u00ed v\u00fdjimkou. Jako \u0161est\u00fd nejroz\u0161\u00ed\u0159en\u011bj\u0161\u00ed\" \/>\n<meta property=\"og:url\" content=\"https:\/\/talkpal.ai\/cs\/cviceni-portugalske-gramatiky\/\" \/>\n<meta property=\"og:site_name\" content=\"Talkpal\" \/>\n<meta property=\"article:publisher\" content=\"https:\/\/www.facebook.com\/profile.php?id=100090733639311\" \/>\n<meta property=\"article:modified_time\" content=\"2025-12-17T16:20:14+00:00\" \/>\n<meta property=\"og:image\" content=\"https:\/\/talkpal.ai\/wp-content\/uploads\/2023\/04\/portugal.png\" \/>\n\t<meta property=\"og:image:width\" content=\"512\" \/>\n\t<meta property=\"og:image:height\" content=\"512\" \/>\n\t<meta property=\"og:image:type\" content=\"image\/png\" \/>\n<meta name=\"twitter:card\" content=\"summary_large_image\" \/>\n<meta name=\"twitter:site\" content=\"@talkpalai\" \/>\n<meta name=\"twitter:label1\" content=\"Odhadovan\u00e1 doba \u010dten\u00ed\" \/>\n\t<meta name=\"twitter:data1\" content=\"3 minuty\" \/>\n<script type=\"application\/ld+json\" class=\"yoast-schema-graph\">{\"@context\":\"https:\/\/schema.org\",\"@graph\":[{\"@type\":\"WebPage\",\"@id\":\"https:\/\/talkpal.ai\/cs\/cviceni-portugalske-gramatiky\/\",\"url\":\"https:\/\/talkpal.ai\/cs\/cviceni-portugalske-gramatiky\/\",\"name\":\"Cvi\u010den\u00ed portugalsk\u00e9 gramatiky - Talkpal\",\"isPartOf\":{\"@id\":\"https:\/\/talkpal.ai\/cs\/#website\"},\"primaryImageOfPage\":{\"@id\":\"https:\/\/talkpal.ai\/cs\/cviceni-portugalske-gramatiky\/#primaryimage\"},\"image\":{\"@id\":\"https:\/\/talkpal.ai\/cs\/cviceni-portugalske-gramatiky\/#primaryimage\"},\"thumbnailUrl\":\"https:\/\/talkpal.ai\/wp-content\/uploads\/2023\/04\/portugal.png\",\"datePublished\":\"2023-06-16T10:42:00+00:00\",\"dateModified\":\"2025-12-17T16:20:14+00:00\",\"description\":\"Posilte sv\u00e9 znalosti portugalsk\u00e9 gramatiky pomoc\u00ed interaktivn\u00edch cvi\u010den\u00ed ur\u010den\u00fdch pro v\u0161echny \u00farovn\u011b.\",\"breadcrumb\":{\"@id\":\"https:\/\/talkpal.ai\/cs\/cviceni-portugalske-gramatiky\/#breadcrumb\"},\"inLanguage\":\"cs\",\"potentialAction\":[{\"@type\":\"ReadAction\",\"target\":[\"https:\/\/talkpal.ai\/cs\/cviceni-portugalske-gramatiky\/\"]}]},{\"@type\":\"ImageObject\",\"inLanguage\":\"cs\",\"@id\":\"https:\/\/talkpal.ai\/cs\/cviceni-portugalske-gramatiky\/#primaryimage\",\"url\":\"https:\/\/talkpal.ai\/wp-content\/uploads\/2023\/04\/portugal.png\",\"contentUrl\":\"https:\/\/talkpal.ai\/wp-content\/uploads\/2023\/04\/portugal.png\",\"width\":512,\"height\":512},{\"@type\":\"BreadcrumbList\",\"@id\":\"https:\/\/talkpal.ai\/cs\/cviceni-portugalske-gramatiky\/#breadcrumb\",\"itemListElement\":[{\"@type\":\"ListItem\",\"position\":1,\"name\":\"Homepage\",\"item\":\"https:\/\/talkpal.ai\/cs\/\"},{\"@type\":\"ListItem\",\"position\":2,\"name\":\"Cvi\u010den\u00ed portugalsk\u00e9 gramatiky\"}]},{\"@type\":\"WebSite\",\"@id\":\"https:\/\/talkpal.ai\/cs\/#website\",\"url\":\"https:\/\/talkpal.ai\/cs\/\",\"name\":\"Talkpal\",\"description\":\"AI Language Learning\",\"publisher\":{\"@id\":\"https:\/\/talkpal.ai\/cs\/#organization\"},\"alternateName\":\"Talkpal AI\",\"potentialAction\":[{\"@type\":\"SearchAction\",\"target\":{\"@type\":\"EntryPoint\",\"urlTemplate\":\"https:\/\/talkpal.ai\/cs\/?s={search_term_string}\"},\"query-input\":{\"@type\":\"PropertyValueSpecification\",\"valueRequired\":true,\"valueName\":\"search_term_string\"}}],\"inLanguage\":\"cs\"},{\"@type\":\"Organization\",\"@id\":\"https:\/\/talkpal.ai\/cs\/#organization\",\"name\":\"Talkpal, Inc.\",\"alternateName\":\"Talkpal AI\",\"url\":\"https:\/\/talkpal.ai\/cs\/\",\"logo\":{\"@type\":\"ImageObject\",\"inLanguage\":\"cs\",\"@id\":\"https:\/\/talkpal.ai\/cs\/#\/schema\/logo\/image\/\",\"url\":\"https:\/\/talkpal.ai\/wp-content\/uploads\/2024\/03\/Talkpal-Logo-Icon.png\",\"contentUrl\":\"https:\/\/talkpal.ai\/wp-content\/uploads\/2024\/03\/Talkpal-Logo-Icon.png\",\"width\":2880,\"height\":2880,\"caption\":\"Talkpal, Inc.\"},\"image\":{\"@id\":\"https:\/\/talkpal.ai\/cs\/#\/schema\/logo\/image\/\"},\"sameAs\":[\"https:\/\/www.facebook.com\/profile.php?id=100090733639311\",\"https:\/\/x.com\/talkpalai\",\"https:\/\/www.linkedin.com\/company\/talkpal\/\",\"https:\/\/www.youtube.com\/@TalkPal\/\",\"https:\/\/www.tiktok.com\/@talkpal\",\"https:\/\/www.instagram.com\/talkpal_ai\/\",\"https:\/\/www.crunchbase.com\/organization\/talkpal-9cde\",\"https:\/\/www.g2.com\/products\/talkpal-for-business\/\",\"https:\/\/www.trustpilot.com\/review\/talkpal.ai\",\"https:\/\/www.capterra.com\/p\/10006800\/TalkPal\/\"],\"description\":\"Talkpal is a language learning web and mobile education app, powered by the latest AI technologies, that provides engaging experiences to its customers in many different languages to help them improve their language skills. Users can chat about unlimited amount of topics with the app and use other modes to practice their language learning.\",\"email\":\"support@talkpal.ai\",\"legalName\":\"Talkpal, Inc.\",\"foundingDate\":\"2023-04-03\",\"duns\":\"118989042\",\"numberOfEmployees\":{\"@type\":\"QuantitativeValue\",\"minValue\":\"11\",\"maxValue\":\"50\"},\"publishingPrinciples\":\"https:\/\/talkpal.ai\/publishing-principles\/\",\"actionableFeedbackPolicy\":\"https:\/\/talkpal.ai\/actionable-feedback-policy\/\",\"correctionsPolicy\":\"https:\/\/talkpal.ai\/corrections-policy\/\",\"ethicsPolicy\":\"https:\/\/talkpal.ai\/ethics-policy\/\",\"diversityPolicy\":\"https:\/\/talkpal.ai\/diversity-policy\/\",\"diversityStaffingReport\":\"https:\/\/talkpal.ai\/diversity-policy\/\"}]}<\/script>\n<!-- \/ Yoast SEO Premium plugin. -->","yoast_head_json":{"title":"Cvi\u010den\u00ed portugalsk\u00e9 gramatiky - Talkpal","description":"Posilte sv\u00e9 znalosti portugalsk\u00e9 gramatiky pomoc\u00ed interaktivn\u00edch cvi\u010den\u00ed ur\u010den\u00fdch pro v\u0161echny \u00farovn\u011b.","robots":{"index":"index","follow":"follow","max-snippet":"max-snippet:-1","max-image-preview":"max-image-preview:large","max-video-preview":"max-video-preview:-1"},"canonical":"https:\/\/talkpal.ai\/cs\/cviceni-portugalske-gramatiky\/","og_locale":"cs_CZ","og_type":"article","og_title":"Cvi\u010den\u00ed portugalsk\u00e9 gramatiky","og_description":"T\u00e9mata portugalsk\u00e9 gramatiky U\u010den\u00ed se nov\u00e9mu jazyku m\u016f\u017ee b\u00fdt vzru\u0161uj\u00edc\u00ed a obohacuj\u00edc\u00ed zku\u0161enost a portugal\u0161tina nen\u00ed v\u00fdjimkou. Jako \u0161est\u00fd nejroz\u0161\u00ed\u0159en\u011bj\u0161\u00ed","og_url":"https:\/\/talkpal.ai\/cs\/cviceni-portugalske-gramatiky\/","og_site_name":"Talkpal","article_publisher":"https:\/\/www.facebook.com\/profile.php?id=100090733639311","article_modified_time":"2025-12-17T16:20:14+00:00","og_image":[{"width":512,"height":512,"url":"https:\/\/talkpal.ai\/wp-content\/uploads\/2023\/04\/portugal.png","type":"image\/png"}],"twitter_card":"summary_large_image","twitter_site":"@talkpalai","twitter_misc":{"Odhadovan\u00e1 doba \u010dten\u00ed":"3 minuty"},"schema":{"@context":"https:\/\/schema.org","@graph":[{"@type":"WebPage","@id":"https:\/\/talkpal.ai\/cs\/cviceni-portugalske-gramatiky\/","url":"https:\/\/talkpal.ai\/cs\/cviceni-portugalske-gramatiky\/","name":"Cvi\u010den\u00ed portugalsk\u00e9 gramatiky - Talkpal","isPartOf":{"@id":"https:\/\/talkpal.ai\/cs\/#website"},"primaryImageOfPage":{"@id":"https:\/\/talkpal.ai\/cs\/cviceni-portugalske-gramatiky\/#primaryimage"},"image":{"@id":"https:\/\/talkpal.ai\/cs\/cviceni-portugalske-gramatiky\/#primaryimage"},"thumbnailUrl":"https:\/\/talkpal.ai\/wp-content\/uploads\/2023\/04\/portugal.png","datePublished":"2023-06-16T10:42:00+00:00","dateModified":"2025-12-17T16:20:14+00:00","description":"Posilte sv\u00e9 znalosti portugalsk\u00e9 gramatiky pomoc\u00ed interaktivn\u00edch cvi\u010den\u00ed ur\u010den\u00fdch pro v\u0161echny \u00farovn\u011b.","breadcrumb":{"@id":"https:\/\/talkpal.ai\/cs\/cviceni-portugalske-gramatiky\/#breadcrumb"},"inLanguage":"cs","potentialAction":[{"@type":"ReadAction","target":["https:\/\/talkpal.ai\/cs\/cviceni-portugalske-gramatiky\/"]}]},{"@type":"ImageObject","inLanguage":"cs","@id":"https:\/\/talkpal.ai\/cs\/cviceni-portugalske-gramatiky\/#primaryimage","url":"https:\/\/talkpal.ai\/wp-content\/uploads\/2023\/04\/portugal.png","contentUrl":"https:\/\/talkpal.ai\/wp-content\/uploads\/2023\/04\/portugal.png","width":512,"height":512},{"@type":"BreadcrumbList","@id":"https:\/\/talkpal.ai\/cs\/cviceni-portugalske-gramatiky\/#breadcrumb","itemListElement":[{"@type":"ListItem","position":1,"name":"Homepage","item":"https:\/\/talkpal.ai\/cs\/"},{"@type":"ListItem","position":2,"name":"Cvi\u010den\u00ed portugalsk\u00e9 gramatiky"}]},{"@type":"WebSite","@id":"https:\/\/talkpal.ai\/cs\/#website","url":"https:\/\/talkpal.ai\/cs\/","name":"Talkpal","description":"AI Language Learning","publisher":{"@id":"https:\/\/talkpal.ai\/cs\/#organization"},"alternateName":"Talkpal AI","potentialAction":[{"@type":"SearchAction","target":{"@type":"EntryPoint","urlTemplate":"https:\/\/talkpal.ai\/cs\/?s={search_term_string}"},"query-input":{"@type":"PropertyValueSpecification","valueRequired":true,"valueName":"search_term_string"}}],"inLanguage":"cs"},{"@type":"Organization","@id":"https:\/\/talkpal.ai\/cs\/#organization","name":"Talkpal, Inc.","alternateName":"Talkpal AI","url":"https:\/\/talkpal.ai\/cs\/","logo":{"@type":"ImageObject","inLanguage":"cs","@id":"https:\/\/talkpal.ai\/cs\/#\/schema\/logo\/image\/","url":"https:\/\/talkpal.ai\/wp-content\/uploads\/2024\/03\/Talkpal-Logo-Icon.png","contentUrl":"https:\/\/talkpal.ai\/wp-content\/uploads\/2024\/03\/Talkpal-Logo-Icon.png","width":2880,"height":2880,"caption":"Talkpal, Inc."},"image":{"@id":"https:\/\/talkpal.ai\/cs\/#\/schema\/logo\/image\/"},"sameAs":["https:\/\/www.facebook.com\/profile.php?id=100090733639311","https:\/\/x.com\/talkpalai","https:\/\/www.linkedin.com\/company\/talkpal\/","https:\/\/www.youtube.com\/@TalkPal\/","https:\/\/www.tiktok.com\/@talkpal","https:\/\/www.instagram.com\/talkpal_ai\/","https:\/\/www.crunchbase.com\/organization\/talkpal-9cde","https:\/\/www.g2.com\/products\/talkpal-for-business\/","https:\/\/www.trustpilot.com\/review\/talkpal.ai","https:\/\/www.capterra.com\/p\/10006800\/TalkPal\/"],"description":"Talkpal is a language learning web and mobile education app, powered by the latest AI technologies, that provides engaging experiences to its customers in many different languages to help them improve their language skills. Users can chat about unlimited amount of topics with the app and use other modes to practice their language learning.","email":"support@talkpal.ai","legalName":"Talkpal, Inc.","foundingDate":"2023-04-03","duns":"118989042","numberOfEmployees":{"@type":"QuantitativeValue","minValue":"11","maxValue":"50"},"publishingPrinciples":"https:\/\/talkpal.ai\/publishing-principles\/","actionableFeedbackPolicy":"https:\/\/talkpal.ai\/actionable-feedback-policy\/","correctionsPolicy":"https:\/\/talkpal.ai\/corrections-policy\/","ethicsPolicy":"https:\/\/talkpal.ai\/ethics-policy\/","diversityPolicy":"https:\/\/talkpal.ai\/diversity-policy\/","diversityStaffingReport":"https:\/\/talkpal.ai\/diversity-policy\/"}]}},"_links":{"self":[{"href":"https:\/\/talkpal.ai\/cs\/wp-json\/wp\/v2\/pages\/135512","targetHints":{"allow":["GET"]}}],"collection":[{"href":"https:\/\/talkpal.ai\/cs\/wp-json\/wp\/v2\/pages"}],"about":[{"href":"https:\/\/talkpal.ai\/cs\/wp-json\/wp\/v2\/types\/page"}],"author":[{"embeddable":true,"href":"https:\/\/talkpal.ai\/cs\/wp-json\/wp\/v2\/users\/6"}],"replies":[{"embeddable":true,"href":"https:\/\/talkpal.ai\/cs\/wp-json\/wp\/v2\/comments?post=135512"}],"version-history":[{"count":0,"href":"https:\/\/talkpal.ai\/cs\/wp-json\/wp\/v2\/pages\/135512\/revisions"}],"wp:featuredmedia":[{"embeddable":true,"href":"https:\/\/talkpal.ai\/cs\/wp-json\/wp\/v2\/media\/107765"}],"wp:attachment":[{"href":"https:\/\/talkpal.ai\/cs\/wp-json\/wp\/v2\/media?parent=135512"}],"curies":[{"name":"wp","href":"https:\/\/api.w.org\/{rel}","templated":true}]}}