{"id":135154,"date":"2023-06-16T10:27:33","date_gmt":"2023-06-16T10:27:33","guid":{"rendered":"http:\/\/talkpal.ai\/cviceni-na-korejskou-gramatiku\/"},"modified":"2025-12-17T16:49:41","modified_gmt":"2025-12-17T16:49:41","slug":"cviceni-na-korejskou-gramatiku","status":"publish","type":"page","link":"https:\/\/talkpal.ai\/cs\/cviceni-na-korejskou-gramatiku\/","title":{"rendered":"Cvi\u010den\u00ed na korejskou gramatiku"},"content":{"rendered":"\r\n\r\n\r\n<section class=\"languageChallengeSection\">\r\n    <div class=\"languageInfoWrapper\">\r\n        \r\n        <h1>Cvi\u010den\u00ed na korejskou gramatiku<\/h1>\r\n        <p>Chcete si zlep\u0161it sv\u00e9 znalosti korej\u0161tiny? Zam\u011b\u0159en\u00ed na gramatick\u00e1 cvi\u010den\u00ed je skv\u011bl\u00fd <a href=\"https:\/\/talkpal.ai\/best-way-to-learn\/\">zp\u016fsob<\/a>, jak si osvojit stavbu v\u011bty, koncovky sloves a ka\u017edodenn\u00ed fr\u00e1ze. Pono\u0159te se do korejsk\u00e9 gramatiky a pravideln\u011b ji procvi\u010dujte &#8211; ka\u017ed\u00e9 cvi\u010den\u00ed v\u00e1s p\u0159ibl\u00ed\u017e\u00ed p\u0159irozen\u00e9 a jist\u00e9 komunikaci. Za\u010dn\u011bte je\u0161t\u011b dnes a sledujte, jak va\u0161e znalosti korej\u0161tiny postupn\u011b rostou!<\/p>\r\n\r\n                            <a class=\"getStartedHidden\" href=\"https:\/\/app.talkpal.ai\/cs\/signup?lng=\">Za\u010dni<\/a>\r\n        \r\n    <\/div>\r\n\r\n    <figure>\r\n    <img decoding=\"async\" width=\"768\" height=\"768\" src=\"https:\/\/talkpal.ai\/wp-content\/uploads\/2023\/06\/korean-768x768.png\" class=\"languageImage no-lazy\" alt=\"Line-by-line learning for language acquisition\" fetchpriority=\"high\" sizes=\"(max-width: 768px) 150px, 768px\" srcset=\"https:\/\/talkpal.ai\/wp-content\/uploads\/2023\/06\/korean-768x768.png 768w, https:\/\/talkpal.ai\/wp-content\/uploads\/2023\/06\/korean-300x300.png 300w\" \/>\r\n    \r\n\r\n    <\/figure>\r\n\r\n            <a class=\"getStartedVisible\" href=\"https:\/\/app.talkpal.ai\/cs\/signup?lng=\">Za\u010dni<\/a>\r\n    \r\n<\/section>\r\n\r\n\r\n<!-- <section class=\"grammarSection\">\r\n    <div class=\"grammarLinks\">\r\n            <\/div>\r\n<\/section> -->\r\n\r\n\r\n\r\n\r\n<section class=\"promotionalBanner\">\r\n    <p class=\"promotionalText\">Nejefektivn\u011bj\u0161\u00ed zp\u016fsob, jak se nau\u010dit jazyk<\/p>\r\n    <a class=\"promotionalLink\" href=\"https:\/\/app.talkpal.ai\/cs\/signup?lng=\">Vyzkou\u0161ejte Talkpal zdarma<\/a>\r\n<\/section>\n<div class=\"wp-block-group pageContainerStyle\"><div class=\"wp-block-group__inner-container is-layout-constrained wp-block-group-is-layout-constrained\">\n<h2 class=\"wp-block-heading\" id=\"h-korean-grammar-topics\">T\u00e9mata korejsk\u00e9 gramatiky<\/h2>\n\n\n\n<p>U\u010den\u00ed korej\u0161tiny m\u016f\u017ee b\u00fdt vzru\u0161uj\u00edc\u00ed a obohacuj\u00edc\u00ed zku\u0161enost\u00ed, proto\u017ee otev\u00edr\u00e1 nov\u00e9 kulturn\u00ed a profesn\u00ed p\u0159\u00edle\u017eitosti. <a href=\"https:\/\/talkpal.ai\/learn-korean\/\">Korej\u0161tina<\/a> m\u00e1 bohatou historii a mluv\u00ed j\u00ed miliony lid\u00ed po cel\u00e9m sv\u011bt\u011b. Jedn\u00edm z kl\u00ed\u010dov\u00fdch aspekt\u016f u\u010den\u00ed jak\u00e9hokoli jazyka je porozum\u011bn\u00ed jeho gramatice. V p\u0159\u00edpad\u011b korej\u0161tiny je <a href=\"https:\/\/talkpal.ai\/sq\/gramatika\/\">gramatika<\/a> zcela odli\u0161n\u00e1 od mnoha z\u00e1padn\u00edch jazyk\u016f, ale p\u0159i spr\u00e1vn\u00e9m p\u0159\u00edstupu ji lze uchopit systematicky. V tomto \u010dl\u00e1nku prozkoum\u00e1me r\u016fzn\u00e1 t\u00e9mata korejsk\u00e9 gramatiky, v\u010detn\u011b \u010das\u016f, sloves, podstatn\u00fdch jmen, \u010dlen\u016f, z\u00e1jmen, p\u0159\u00eddavn\u00fdch jmen, p\u0159\u00edslovc\u00ed, p\u0159edlo\u017eek a v\u011btn\u00e9 struktury. Pochopen\u00edm a zvl\u00e1dnut\u00edm t\u011bchto pojm\u016f budete na dobr\u00e9 cest\u011b k tomu, abyste se stali zdatn\u00fdmi v korej\u0161tin\u011b.<\/p>\n\n\n\n<h3 class=\"wp-block-heading\" id=\"h-1-nouns\">1. Podstatn\u00e1 jm\u00e9na:<\/h3>\n\n\n\n<p>V korej\u0161tin\u011b jsou podstatn\u00e1 jm\u00e9na z\u00e1kladn\u00edmi stavebn\u00edmi kameny v\u011bt. P\u0159edstavuj\u00ed lidi, m\u00edsta, v\u011bci nebo my\u0161lenky. Korejsk\u00e1 podstatn\u00e1 jm\u00e9na nemaj\u00ed rodov\u00e9 ani \u010d\u00edseln\u00e9 rozd\u00edly, tak\u017ee je pom\u011brn\u011b snadn\u00e9 se je nau\u010dit. Sezn\u00e1men\u00ed se s b\u011b\u017en\u00fdmi korejsk\u00fdmi podstatn\u00fdmi jm\u00e9ny v\u00e1m pom\u016f\u017ee vybudovat siln\u00fd z\u00e1klad slovn\u00ed z\u00e1soby.<\/p>\n\n\n\n<h3 class=\"wp-block-heading\" id=\"h-2-verbs\">2. Slovesa:<\/h3>\n\n\n\n<p>Korejsk\u00e1 slovesa jsou rozhoduj\u00edc\u00ed pro vyj\u00e1d\u0159en\u00ed akc\u00ed a stav\u016f byt\u00ed. Obvykle se objevuj\u00ed na konci v\u011bty a maj\u00ed r\u016fzn\u00e9 podoby v z\u00e1vislosti na \u010dase a \u00farovni zdvo\u0159ilosti. Pochopen\u00ed pravidel \u010dasov\u00e1n\u00ed r\u016fzn\u00fdch slovesn\u00fdch tvar\u016f je nezbytn\u00e9 pro efektivn\u00ed komunikaci v korej\u0161tin\u011b.<\/p>\n\n\n\n<h3 class=\"wp-block-heading\" id=\"h-3-adjectives\">3. P\u0159\u00eddavn\u00e1 jm\u00e9na:<\/h3>\n\n\n\n<p>V korej\u0161tin\u011b se p\u0159\u00eddavn\u00e1 jm\u00e9na pou\u017e\u00edvaj\u00ed k popisu podstatn\u00fdch jmen a maj\u00ed podobn\u00e1 pravidla \u010dasov\u00e1n\u00ed jako slovesa. Mohou b\u00fdt pou\u017eity p\u0159ed nebo za podstatn\u00fdm jm\u00e9nem a jejich forma se m\u016f\u017ee m\u011bnit v z\u00e1vislosti na \u010dase a \u00farovni zdvo\u0159ilosti. U\u010den\u00ed b\u011b\u017en\u00fdch p\u0159\u00eddavn\u00fdch jmen a jejich pou\u017e\u00edv\u00e1n\u00ed zlep\u0161\u00ed va\u0161e popisn\u00e9 schopnosti v korej\u0161tin\u011b.<\/p>\n\n\n\n<h3 class=\"wp-block-heading\" id=\"h-4-adverbs\">4. P\u0159\u00edslovce:<\/h3>\n\n\n\n<p>P\u0159\u00edslovce v korej\u0161tin\u011b poskytuj\u00ed dal\u0161\u00ed informace o slovesech, p\u0159\u00eddavn\u00fdch jm\u00e9nech nebo jin\u00fdch p\u0159\u00edslovc\u00edch. Obvykle p\u0159edch\u00e1zej\u00ed slovu, kter\u00e9 modifikuj\u00ed, a nemaj\u00ed specifick\u00e1 pravidla \u010dasov\u00e1n\u00ed. Za\u010dlen\u011bn\u00ed p\u0159\u00edslovc\u00ed do korejsk\u00fdch v\u011bt m\u016f\u017ee va\u0161emu v\u00fdrazu dodat hloubku a nuance.<\/p>\n\n\n\n<h3 class=\"wp-block-heading\" id=\"h-5-pronouns\">5. Z\u00e1jmena:<\/h3>\n\n\n\n<p>Korejsk\u00e1 z\u00e1jmena pom\u00e1haj\u00ed vyhnout se nadbyte\u010dnosti a \u010din\u00ed v\u011bty stru\u010dn\u011bj\u0161\u00edmi. Nahrazuj\u00ed podstatn\u00e1 jm\u00e9na, kter\u00e1 ji\u017e byla zm\u00edn\u011bna nebo jsou ch\u00e1p\u00e1na v kontextu. Korejsk\u00e1 z\u00e1jmena maj\u00ed r\u016fzn\u00e9 tvary v z\u00e1vislosti na spole\u010densk\u00e9m postaven\u00ed a pohlav\u00ed subjektu, co\u017e z nich \u010din\u00ed d\u016fle\u017eit\u00fd aspekt jazyka, kter\u00fd je t\u0159eba zvl\u00e1dnout.<\/p>\n\n\n\n<h3 class=\"wp-block-heading\" id=\"h-6-prepositions\">6. P\u0159edlo\u017eky:<\/h3>\n\n\n\n<p>V korej\u0161tin\u011b se p\u0159edlo\u017eky pou\u017e\u00edvaj\u00ed k vyj\u00e1d\u0159en\u00ed vztah\u016f mezi podstatn\u00fdmi jm\u00e9ny ve v\u011bt\u011b, jako je um\u00edst\u011bn\u00ed, sm\u011br nebo vlastnictv\u00ed. Na rozd\u00edl od angli\u010dtiny p\u0159ich\u00e1zej\u00ed korejsk\u00e9 p\u0159edlo\u017eky obvykle po podstatn\u00e9m jm\u00e9nu, kter\u00e9 modifikuj\u00ed, a tvo\u0159\u00ed jeden celek naz\u00fdvan\u00fd postpozi\u010dn\u00ed fr\u00e1ze. Pochopen\u00ed spr\u00e1vn\u00e9ho pou\u017eit\u00ed t\u011bchto \u010d\u00e1stic je z\u00e1sadn\u00ed pro konstrukci koherentn\u00edch korejsk\u00fdch v\u011bt.<\/p>\n\n\n\n<h3 class=\"wp-block-heading\" id=\"h-7-sentence-structure\">7. V\u011btn\u00e1 stavba:<\/h3>\n\n\n\n<p>Z\u00e1kladn\u00ed strukturou korejsk\u00e9 v\u011bty je podm\u011bt-objekt-sloveso (SOV). To znamen\u00e1, \u017ee sloveso je obvykle posledn\u00ed ve v\u011bt\u011b, co\u017e m\u016f\u017ee b\u00fdt pro <a href=\"https:\/\/talkpal.ai\/english-speaking-course\/\">anglicky mluv\u00edc\u00ed<\/a> v\u00fdraznou zm\u011bnu. Nau\u010dit se spr\u00e1vn\u00fd slovosled a v\u011btnou strukturu v\u00e1m umo\u017en\u00ed efektivn\u011bji komunikovat v korej\u0161tin\u011b.<\/p>\n\n\n\n<h3 class=\"wp-block-heading\" id=\"h-8-tenses-indicative-and-subjunctive\">8. \u010casy indikativn\u00ed a konjunktivn\u00ed:<\/h3>\n\n\n\n<p>Korej\u0161tina m\u00e1 r\u016fzn\u00e9 slovesn\u00e9 tvary k vyj\u00e1d\u0159en\u00ed minul\u00fdch, sou\u010dasn\u00fdch a budouc\u00edch akc\u00ed nebo stav\u016f. Indikativn\u00ed zp\u016fsob se pou\u017e\u00edv\u00e1 pro konstatov\u00e1n\u00ed fakt\u016f, zat\u00edmco <a href=\"https:\/\/talkpal.ai\/ja\/grammar_exercises\/konjunktiv-%e3%83%89%e3%82%a4%e3%83%84%e6%96%87%e6%b3%95%e3%81%ae%e6%bc%94%e7%bf%92\/\">konjunktiv<\/a> vyjad\u0159uje nejistotu, mo\u017enost nebo hypotetick\u00e9 situace. Spr\u00e1vn\u00e9 rozpozn\u00e1n\u00ed a pou\u017e\u00edv\u00e1n\u00ed t\u011bchto slovesn\u00fdch tvar\u016f je nezbytn\u00e9 pro srozumitelnou komunikaci v korej\u0161tin\u011b.<\/p>\n\n\n\n<h3 class=\"wp-block-heading\" id=\"h-9-tense-comparison\">9. Srovn\u00e1n\u00ed \u010das\u016f:<\/h3>\n\n\n\n<p>Porovn\u00e1v\u00e1n\u00ed ud\u00e1lost\u00ed v r\u016fzn\u00fdch \u010dasov\u00fdch r\u00e1mc\u00edch vy\u017eaduje pochopen\u00ed nuanc\u00ed \u010dasov\u00e1n\u00ed korejsk\u00fdch sloves. Kdy\u017e se nau\u010d\u00edte porovn\u00e1vat minul\u00e9, sou\u010dasn\u00e9 a budouc\u00ed ud\u00e1losti pomoc\u00ed vhodn\u00fdch slovesn\u00fdch tvar\u016f, m\u016f\u017eete v korej\u0161tin\u011b vyj\u00e1d\u0159it slo\u017eit\u00e9 my\u0161lenky a vztahy.<\/p>\n\n\n\n<h3 class=\"wp-block-heading\" id=\"h-10-articles\">10. \u010cl\u00e1nky:<\/h3>\n\n\n\n<p>Na rozd\u00edl od angli\u010dtiny nem\u00e1 korej\u0161tina ur\u010dit\u00e9 nebo neur\u010dit\u00e9 \u010dleny. M\u00edsto toho se jazyk spol\u00e9h\u00e1 na kontext a pou\u017eit\u00ed specifick\u00fdch \u010d\u00e1stic k vyj\u00e1d\u0159en\u00ed ur\u010ditosti nebo neur\u010ditosti podstatn\u00e9ho jm\u00e9na. Zvl\u00e1dnut\u00ed t\u011bchto \u010d\u00e1stic v\u00e1m umo\u017en\u00ed p\u0159esn\u011bji se vyjad\u0159ovat v korej\u0161tin\u011b.<\/p>\n<\/div><\/div>\n\r\n<section class=\"learnNavigationSection\">\r\n            \r\n        <a href=\"https:\/\/talkpal.ai\/cs\/naucte-se-korejsky\/\">\r\n            <div class=\"learnNavigationWrapper\">\r\n                <div class=\"learnNavigationContent\">\r\n                    <img decoding=\"async\" src=\"https:\/\/talkpal.ai\/wp-content\/uploads\/2024\/08\/Korean.jpg\" alt=\"Korean Flag\">\r\n                    <div>\r\n                        <h4>O v\u00fduce korej\u0161tiny<\/h4>\r\n                        <p>Zjist\u011bte v\u0161e o korejsk\u00e9 gramatice.<\/p>\r\n                    <\/div>\r\n                <\/div>\r\n            <\/div>\r\n        <\/a>\r\n\r\n        \r\n        <a href=\"https:\/\/talkpal.ai\/cs\/korejska-gramatika\/\">\r\n            <div class=\"learnNavigationWrapper\">\r\n                <div class=\"learnNavigationContent\">\r\n                    <img decoding=\"async\" src=\"https:\/\/talkpal.ai\/wp-content\/uploads\/2024\/08\/Korean.jpg\" alt=\"Korean Flag\">\r\n                    <div>\r\n                        <h4>Lekce korejsk\u00e9 gramatiky<\/h4>\r\n                        <p>Procvi\u010dte si korejskou gramatiku.<\/p>\r\n                    <\/div>\r\n                <\/div>\r\n            <\/div>\r\n        <\/a>\r\n\r\n        \r\n        <a href=\"https:\/\/talkpal.ai\/vocabulary_language\/korean\/\">\r\n            <div class=\"learnNavigationWrapper\">\r\n                <div class=\"learnNavigationContent\">\r\n                    <img decoding=\"async\" src=\"https:\/\/talkpal.ai\/wp-content\/uploads\/2024\/08\/Korean.jpg\" alt=\"Korean Flag\">\r\n                    <div>\r\n                        <h4>Korejsk\u00e1 slovn\u00ed z\u00e1soba<\/h4>\r\n                        <p>Roz\u0161i\u0159te si korejskou slovn\u00ed z\u00e1sobu.<\/p>\r\n                    <\/div>\r\n                <\/div>\r\n            <\/div>\r\n        <\/a>\r\n\r\n            <\/section>","protected":false},"excerpt":{"rendered":"<p>T\u00e9mata korejsk\u00e9 gramatiky U\u010den\u00ed korej\u0161tiny m\u016f\u017ee b\u00fdt vzru\u0161uj\u00edc\u00ed a obohacuj\u00edc\u00ed zku\u0161enost\u00ed, proto\u017ee otev\u00edr\u00e1 nov\u00e9 kulturn\u00ed a profesn\u00ed p\u0159\u00edle\u017eitosti. Korej\u0161tina m\u00e1 bohatou historii a mluv\u00ed j\u00ed miliony lid\u00ed po cel\u00e9m sv\u011bt\u011b. Jedn\u00edm z kl\u00ed\u010dov\u00fdch aspekt\u016f u\u010den\u00ed jak\u00e9hokoli jazyka je porozum\u011bn\u00ed jeho gramatice. V p\u0159\u00edpad\u011b korej\u0161tiny je gramatika zcela odli\u0161n\u00e1 od mnoha z\u00e1padn\u00edch jazyk\u016f, ale p\u0159i spr\u00e1vn\u00e9m [&hellip;]<\/p>\n","protected":false},"author":6,"featured_media":107533,"parent":0,"menu_order":0,"comment_status":"closed","ping_status":"closed","template":"LearningContentPage.php","meta":{"_acf_changed":false,"footnotes":""},"class_list":["post-135154","page","type-page","status-publish","has-post-thumbnail","hentry"],"acf":[],"yoast_head":"<!-- This site is optimized with the Yoast SEO Premium plugin v27.2 (Yoast SEO v27.2) - https:\/\/yoast.com\/product\/yoast-seo-premium-wordpress\/ -->\n<title>Cvi\u010den\u00ed na korejskou gramatiku - Talkpal<\/title>\n<meta name=\"description\" content=\"Snadno zlep\u0161ete svou korejskou gramatiku - procvi\u010dujte si interaktivn\u00ed cvi\u010den\u00ed, osvojte si jazykov\u00e9 vzorce a budujte sebev\u011bdom\u00ed\" \/>\n<meta name=\"robots\" content=\"index, follow, max-snippet:-1, max-image-preview:large, max-video-preview:-1\" \/>\n<link rel=\"canonical\" href=\"https:\/\/talkpal.ai\/cs\/cviceni-na-korejskou-gramatiku\/\" \/>\n<meta property=\"og:locale\" content=\"cs_CZ\" \/>\n<meta property=\"og:type\" content=\"article\" \/>\n<meta property=\"og:title\" content=\"Cvi\u010den\u00ed na korejskou gramatiku\" \/>\n<meta property=\"og:description\" content=\"T\u00e9mata korejsk\u00e9 gramatiky U\u010den\u00ed korej\u0161tiny m\u016f\u017ee b\u00fdt vzru\u0161uj\u00edc\u00ed a obohacuj\u00edc\u00ed zku\u0161enost\u00ed, proto\u017ee otev\u00edr\u00e1 nov\u00e9 kulturn\u00ed a profesn\u00ed p\u0159\u00edle\u017eitosti. Korej\u0161tina\" \/>\n<meta property=\"og:url\" content=\"https:\/\/talkpal.ai\/cs\/cviceni-na-korejskou-gramatiku\/\" \/>\n<meta property=\"og:site_name\" content=\"Talkpal\" \/>\n<meta property=\"article:publisher\" content=\"https:\/\/www.facebook.com\/profile.php?id=100090733639311\" \/>\n<meta property=\"article:modified_time\" content=\"2025-12-17T16:49:41+00:00\" \/>\n<meta property=\"og:image\" content=\"https:\/\/talkpal.ai\/wp-content\/uploads\/2023\/04\/south-korea.png\" \/>\n\t<meta property=\"og:image:width\" content=\"512\" \/>\n\t<meta property=\"og:image:height\" content=\"512\" \/>\n\t<meta property=\"og:image:type\" content=\"image\/png\" \/>\n<meta name=\"twitter:card\" content=\"summary_large_image\" \/>\n<meta name=\"twitter:site\" content=\"@talkpalai\" \/>\n<meta name=\"twitter:label1\" content=\"Odhadovan\u00e1 doba \u010dten\u00ed\" \/>\n\t<meta name=\"twitter:data1\" content=\"4 minuty\" \/>\n<script type=\"application\/ld+json\" class=\"yoast-schema-graph\">{\"@context\":\"https:\/\/schema.org\",\"@graph\":[{\"@type\":\"WebPage\",\"@id\":\"https:\/\/talkpal.ai\/cs\/cviceni-na-korejskou-gramatiku\/\",\"url\":\"https:\/\/talkpal.ai\/cs\/cviceni-na-korejskou-gramatiku\/\",\"name\":\"Cvi\u010den\u00ed na korejskou gramatiku - Talkpal\",\"isPartOf\":{\"@id\":\"https:\/\/talkpal.ai\/cs\/#website\"},\"primaryImageOfPage\":{\"@id\":\"https:\/\/talkpal.ai\/cs\/cviceni-na-korejskou-gramatiku\/#primaryimage\"},\"image\":{\"@id\":\"https:\/\/talkpal.ai\/cs\/cviceni-na-korejskou-gramatiku\/#primaryimage\"},\"thumbnailUrl\":\"https:\/\/talkpal.ai\/wp-content\/uploads\/2023\/04\/south-korea.png\",\"datePublished\":\"2023-06-16T10:27:33+00:00\",\"dateModified\":\"2025-12-17T16:49:41+00:00\",\"description\":\"Snadno zlep\u0161ete svou korejskou gramatiku - procvi\u010dujte si interaktivn\u00ed cvi\u010den\u00ed, osvojte si jazykov\u00e9 vzorce a budujte sebev\u011bdom\u00ed\",\"breadcrumb\":{\"@id\":\"https:\/\/talkpal.ai\/cs\/cviceni-na-korejskou-gramatiku\/#breadcrumb\"},\"inLanguage\":\"cs\",\"potentialAction\":[{\"@type\":\"ReadAction\",\"target\":[\"https:\/\/talkpal.ai\/cs\/cviceni-na-korejskou-gramatiku\/\"]}]},{\"@type\":\"ImageObject\",\"inLanguage\":\"cs\",\"@id\":\"https:\/\/talkpal.ai\/cs\/cviceni-na-korejskou-gramatiku\/#primaryimage\",\"url\":\"https:\/\/talkpal.ai\/wp-content\/uploads\/2023\/04\/south-korea.png\",\"contentUrl\":\"https:\/\/talkpal.ai\/wp-content\/uploads\/2023\/04\/south-korea.png\",\"width\":512,\"height\":512},{\"@type\":\"BreadcrumbList\",\"@id\":\"https:\/\/talkpal.ai\/cs\/cviceni-na-korejskou-gramatiku\/#breadcrumb\",\"itemListElement\":[{\"@type\":\"ListItem\",\"position\":1,\"name\":\"Homepage\",\"item\":\"https:\/\/talkpal.ai\/cs\/\"},{\"@type\":\"ListItem\",\"position\":2,\"name\":\"Cvi\u010den\u00ed na korejskou gramatiku\"}]},{\"@type\":\"WebSite\",\"@id\":\"https:\/\/talkpal.ai\/cs\/#website\",\"url\":\"https:\/\/talkpal.ai\/cs\/\",\"name\":\"Talkpal\",\"description\":\"AI Language Learning\",\"publisher\":{\"@id\":\"https:\/\/talkpal.ai\/cs\/#organization\"},\"alternateName\":\"Talkpal AI\",\"potentialAction\":[{\"@type\":\"SearchAction\",\"target\":{\"@type\":\"EntryPoint\",\"urlTemplate\":\"https:\/\/talkpal.ai\/cs\/?s={search_term_string}\"},\"query-input\":{\"@type\":\"PropertyValueSpecification\",\"valueRequired\":true,\"valueName\":\"search_term_string\"}}],\"inLanguage\":\"cs\"},{\"@type\":\"Organization\",\"@id\":\"https:\/\/talkpal.ai\/cs\/#organization\",\"name\":\"Talkpal, Inc.\",\"alternateName\":\"Talkpal AI\",\"url\":\"https:\/\/talkpal.ai\/cs\/\",\"logo\":{\"@type\":\"ImageObject\",\"inLanguage\":\"cs\",\"@id\":\"https:\/\/talkpal.ai\/cs\/#\/schema\/logo\/image\/\",\"url\":\"https:\/\/talkpal.ai\/wp-content\/uploads\/2024\/03\/Talkpal-Logo-Icon.png\",\"contentUrl\":\"https:\/\/talkpal.ai\/wp-content\/uploads\/2024\/03\/Talkpal-Logo-Icon.png\",\"width\":2880,\"height\":2880,\"caption\":\"Talkpal, Inc.\"},\"image\":{\"@id\":\"https:\/\/talkpal.ai\/cs\/#\/schema\/logo\/image\/\"},\"sameAs\":[\"https:\/\/www.facebook.com\/profile.php?id=100090733639311\",\"https:\/\/x.com\/talkpalai\",\"https:\/\/www.linkedin.com\/company\/talkpal\/\",\"https:\/\/www.youtube.com\/@TalkPal\/\",\"https:\/\/www.tiktok.com\/@talkpal\",\"https:\/\/www.instagram.com\/talkpal_ai\/\",\"https:\/\/www.crunchbase.com\/organization\/talkpal-9cde\",\"https:\/\/www.g2.com\/products\/talkpal-for-business\/\",\"https:\/\/www.trustpilot.com\/review\/talkpal.ai\",\"https:\/\/www.capterra.com\/p\/10006800\/TalkPal\/\"],\"description\":\"Talkpal is a language learning web and mobile education app, powered by the latest AI technologies, that provides engaging experiences to its customers in many different languages to help them improve their language skills. Users can chat about unlimited amount of topics with the app and use other modes to practice their language learning.\",\"email\":\"support@talkpal.ai\",\"legalName\":\"Talkpal, Inc.\",\"foundingDate\":\"2023-04-03\",\"duns\":\"118989042\",\"numberOfEmployees\":{\"@type\":\"QuantitativeValue\",\"minValue\":\"11\",\"maxValue\":\"50\"},\"publishingPrinciples\":\"https:\/\/talkpal.ai\/publishing-principles\/\",\"actionableFeedbackPolicy\":\"https:\/\/talkpal.ai\/actionable-feedback-policy\/\",\"correctionsPolicy\":\"https:\/\/talkpal.ai\/corrections-policy\/\",\"ethicsPolicy\":\"https:\/\/talkpal.ai\/ethics-policy\/\",\"diversityPolicy\":\"https:\/\/talkpal.ai\/diversity-policy\/\",\"diversityStaffingReport\":\"https:\/\/talkpal.ai\/diversity-policy\/\"}]}<\/script>\n<!-- \/ Yoast SEO Premium plugin. -->","yoast_head_json":{"title":"Cvi\u010den\u00ed na korejskou gramatiku - Talkpal","description":"Snadno zlep\u0161ete svou korejskou gramatiku - procvi\u010dujte si interaktivn\u00ed cvi\u010den\u00ed, osvojte si jazykov\u00e9 vzorce a budujte sebev\u011bdom\u00ed","robots":{"index":"index","follow":"follow","max-snippet":"max-snippet:-1","max-image-preview":"max-image-preview:large","max-video-preview":"max-video-preview:-1"},"canonical":"https:\/\/talkpal.ai\/cs\/cviceni-na-korejskou-gramatiku\/","og_locale":"cs_CZ","og_type":"article","og_title":"Cvi\u010den\u00ed na korejskou gramatiku","og_description":"T\u00e9mata korejsk\u00e9 gramatiky U\u010den\u00ed korej\u0161tiny m\u016f\u017ee b\u00fdt vzru\u0161uj\u00edc\u00ed a obohacuj\u00edc\u00ed zku\u0161enost\u00ed, proto\u017ee otev\u00edr\u00e1 nov\u00e9 kulturn\u00ed a profesn\u00ed p\u0159\u00edle\u017eitosti. Korej\u0161tina","og_url":"https:\/\/talkpal.ai\/cs\/cviceni-na-korejskou-gramatiku\/","og_site_name":"Talkpal","article_publisher":"https:\/\/www.facebook.com\/profile.php?id=100090733639311","article_modified_time":"2025-12-17T16:49:41+00:00","og_image":[{"width":512,"height":512,"url":"https:\/\/talkpal.ai\/wp-content\/uploads\/2023\/04\/south-korea.png","type":"image\/png"}],"twitter_card":"summary_large_image","twitter_site":"@talkpalai","twitter_misc":{"Odhadovan\u00e1 doba \u010dten\u00ed":"4 minuty"},"schema":{"@context":"https:\/\/schema.org","@graph":[{"@type":"WebPage","@id":"https:\/\/talkpal.ai\/cs\/cviceni-na-korejskou-gramatiku\/","url":"https:\/\/talkpal.ai\/cs\/cviceni-na-korejskou-gramatiku\/","name":"Cvi\u010den\u00ed na korejskou gramatiku - Talkpal","isPartOf":{"@id":"https:\/\/talkpal.ai\/cs\/#website"},"primaryImageOfPage":{"@id":"https:\/\/talkpal.ai\/cs\/cviceni-na-korejskou-gramatiku\/#primaryimage"},"image":{"@id":"https:\/\/talkpal.ai\/cs\/cviceni-na-korejskou-gramatiku\/#primaryimage"},"thumbnailUrl":"https:\/\/talkpal.ai\/wp-content\/uploads\/2023\/04\/south-korea.png","datePublished":"2023-06-16T10:27:33+00:00","dateModified":"2025-12-17T16:49:41+00:00","description":"Snadno zlep\u0161ete svou korejskou gramatiku - procvi\u010dujte si interaktivn\u00ed cvi\u010den\u00ed, osvojte si jazykov\u00e9 vzorce a budujte sebev\u011bdom\u00ed","breadcrumb":{"@id":"https:\/\/talkpal.ai\/cs\/cviceni-na-korejskou-gramatiku\/#breadcrumb"},"inLanguage":"cs","potentialAction":[{"@type":"ReadAction","target":["https:\/\/talkpal.ai\/cs\/cviceni-na-korejskou-gramatiku\/"]}]},{"@type":"ImageObject","inLanguage":"cs","@id":"https:\/\/talkpal.ai\/cs\/cviceni-na-korejskou-gramatiku\/#primaryimage","url":"https:\/\/talkpal.ai\/wp-content\/uploads\/2023\/04\/south-korea.png","contentUrl":"https:\/\/talkpal.ai\/wp-content\/uploads\/2023\/04\/south-korea.png","width":512,"height":512},{"@type":"BreadcrumbList","@id":"https:\/\/talkpal.ai\/cs\/cviceni-na-korejskou-gramatiku\/#breadcrumb","itemListElement":[{"@type":"ListItem","position":1,"name":"Homepage","item":"https:\/\/talkpal.ai\/cs\/"},{"@type":"ListItem","position":2,"name":"Cvi\u010den\u00ed na korejskou gramatiku"}]},{"@type":"WebSite","@id":"https:\/\/talkpal.ai\/cs\/#website","url":"https:\/\/talkpal.ai\/cs\/","name":"Talkpal","description":"AI Language Learning","publisher":{"@id":"https:\/\/talkpal.ai\/cs\/#organization"},"alternateName":"Talkpal AI","potentialAction":[{"@type":"SearchAction","target":{"@type":"EntryPoint","urlTemplate":"https:\/\/talkpal.ai\/cs\/?s={search_term_string}"},"query-input":{"@type":"PropertyValueSpecification","valueRequired":true,"valueName":"search_term_string"}}],"inLanguage":"cs"},{"@type":"Organization","@id":"https:\/\/talkpal.ai\/cs\/#organization","name":"Talkpal, Inc.","alternateName":"Talkpal AI","url":"https:\/\/talkpal.ai\/cs\/","logo":{"@type":"ImageObject","inLanguage":"cs","@id":"https:\/\/talkpal.ai\/cs\/#\/schema\/logo\/image\/","url":"https:\/\/talkpal.ai\/wp-content\/uploads\/2024\/03\/Talkpal-Logo-Icon.png","contentUrl":"https:\/\/talkpal.ai\/wp-content\/uploads\/2024\/03\/Talkpal-Logo-Icon.png","width":2880,"height":2880,"caption":"Talkpal, Inc."},"image":{"@id":"https:\/\/talkpal.ai\/cs\/#\/schema\/logo\/image\/"},"sameAs":["https:\/\/www.facebook.com\/profile.php?id=100090733639311","https:\/\/x.com\/talkpalai","https:\/\/www.linkedin.com\/company\/talkpal\/","https:\/\/www.youtube.com\/@TalkPal\/","https:\/\/www.tiktok.com\/@talkpal","https:\/\/www.instagram.com\/talkpal_ai\/","https:\/\/www.crunchbase.com\/organization\/talkpal-9cde","https:\/\/www.g2.com\/products\/talkpal-for-business\/","https:\/\/www.trustpilot.com\/review\/talkpal.ai","https:\/\/www.capterra.com\/p\/10006800\/TalkPal\/"],"description":"Talkpal is a language learning web and mobile education app, powered by the latest AI technologies, that provides engaging experiences to its customers in many different languages to help them improve their language skills. Users can chat about unlimited amount of topics with the app and use other modes to practice their language learning.","email":"support@talkpal.ai","legalName":"Talkpal, Inc.","foundingDate":"2023-04-03","duns":"118989042","numberOfEmployees":{"@type":"QuantitativeValue","minValue":"11","maxValue":"50"},"publishingPrinciples":"https:\/\/talkpal.ai\/publishing-principles\/","actionableFeedbackPolicy":"https:\/\/talkpal.ai\/actionable-feedback-policy\/","correctionsPolicy":"https:\/\/talkpal.ai\/corrections-policy\/","ethicsPolicy":"https:\/\/talkpal.ai\/ethics-policy\/","diversityPolicy":"https:\/\/talkpal.ai\/diversity-policy\/","diversityStaffingReport":"https:\/\/talkpal.ai\/diversity-policy\/"}]}},"_links":{"self":[{"href":"https:\/\/talkpal.ai\/cs\/wp-json\/wp\/v2\/pages\/135154","targetHints":{"allow":["GET"]}}],"collection":[{"href":"https:\/\/talkpal.ai\/cs\/wp-json\/wp\/v2\/pages"}],"about":[{"href":"https:\/\/talkpal.ai\/cs\/wp-json\/wp\/v2\/types\/page"}],"author":[{"embeddable":true,"href":"https:\/\/talkpal.ai\/cs\/wp-json\/wp\/v2\/users\/6"}],"replies":[{"embeddable":true,"href":"https:\/\/talkpal.ai\/cs\/wp-json\/wp\/v2\/comments?post=135154"}],"version-history":[{"count":0,"href":"https:\/\/talkpal.ai\/cs\/wp-json\/wp\/v2\/pages\/135154\/revisions"}],"wp:featuredmedia":[{"embeddable":true,"href":"https:\/\/talkpal.ai\/cs\/wp-json\/wp\/v2\/media\/107533"}],"wp:attachment":[{"href":"https:\/\/talkpal.ai\/cs\/wp-json\/wp\/v2\/media?parent=135154"}],"curies":[{"name":"wp","href":"https:\/\/api.w.org\/{rel}","templated":true}]}}