{"id":134740,"date":"2023-06-16T10:21:59","date_gmt":"2023-06-16T10:21:59","guid":{"rendered":"http:\/\/talkpal.ai\/cviceni-na-japonskou-gramatiku\/"},"modified":"2025-12-17T16:57:00","modified_gmt":"2025-12-17T16:57:00","slug":"cviceni-na-japonskou-gramatiku","status":"publish","type":"page","link":"https:\/\/talkpal.ai\/cs\/cviceni-na-japonskou-gramatiku\/","title":{"rendered":"Cvi\u010den\u00ed na japonskou gramatiku"},"content":{"rendered":"\r\n\r\n\r\n<section class=\"languageChallengeSection\">\r\n    <div class=\"languageInfoWrapper\">\r\n        \r\n        <h1>Cvi\u010den\u00ed na japonskou gramatiku<\/h1>\r\n        <p>Jste p\u0159ipraveni posunout se v japon\u0161tin\u011b na vy\u0161\u0161\u00ed \u00farove\u0148? Procvi\u010dov\u00e1n\u00ed gramatick\u00fdch cvi\u010den\u00ed je skv\u011bl\u00fd zp\u016fsob, jak pochopit vzory v\u011bt, spr\u00e1vn\u011b pou\u017e\u00edvat \u010d\u00e1stice a c\u00edtit se v jazyce jako doma. Vyzkou\u0161ejte si nov\u00e9 gramatick\u00e9 body a zjist\u011bte, jak v\u00e1s ka\u017ed\u00e9 cvi\u010den\u00ed p\u0159ibl\u00ed\u017e\u00ed k plynulosti &#8211; za\u010dn\u011bte procvi\u010dovat japonskou gramatiku je\u0161t\u011b dnes!<\/p>\r\n\r\n                            <a class=\"getStartedHidden\" href=\"https:\/\/app.talkpal.ai\/cs\/signup?lng=\">Za\u010dni<\/a>\r\n        \r\n    <\/div>\r\n\r\n    <figure>\r\n    <img decoding=\"async\" width=\"768\" height=\"768\" src=\"https:\/\/talkpal.ai\/wp-content\/uploads\/2023\/06\/japanese-768x768.png\" class=\"languageImage no-lazy\" alt=\"Language learning for world travelers\" fetchpriority=\"high\" sizes=\"(max-width: 768px) 150px, 768px\" srcset=\"https:\/\/talkpal.ai\/wp-content\/uploads\/2023\/06\/japanese-768x768.png 768w, https:\/\/talkpal.ai\/wp-content\/uploads\/2023\/06\/japanese-300x300.png 300w\" \/>\r\n    \r\n\r\n    <\/figure>\r\n\r\n            <a class=\"getStartedVisible\" href=\"https:\/\/app.talkpal.ai\/cs\/signup?lng=\">Za\u010dni<\/a>\r\n    \r\n<\/section>\r\n\r\n\r\n<!-- <section class=\"grammarSection\">\r\n    <div class=\"grammarLinks\">\r\n            <\/div>\r\n<\/section> -->\r\n\r\n\r\n\r\n\r\n<section class=\"promotionalBanner\">\r\n    <p class=\"promotionalText\">Nejefektivn\u011bj\u0161\u00ed zp\u016fsob, jak se nau\u010dit jazyk<\/p>\r\n    <a class=\"promotionalLink\" href=\"https:\/\/app.talkpal.ai\/cs\/signup?lng=\">Vyzkou\u0161ejte Talkpal zdarma<\/a>\r\n<\/section>\n<div class=\"wp-block-group pageContainerStyle\"><div class=\"wp-block-group__inner-container is-layout-constrained wp-block-group-is-layout-constrained\">\n<h2 class=\"wp-block-heading\" id=\"h-japanese-grammar-topics\">T\u00e9mata japonsk\u00e9 gramatiky<\/h2>\n\n\n\n<p>Studium japon\u0161tiny m\u016f\u017ee b\u00fdt vzru\u0161uj\u00edc\u00ed a obohacuj\u00edc\u00ed zku\u0161enost\u00ed, proto\u017ee otev\u00edr\u00e1 zcela nov\u00fd sv\u011bt kultury, komunikace a osobn\u00edho r\u016fstu. Japon\u0161tina m\u00e1 jedine\u010dnou strukturu a gramatick\u00fd syst\u00e9m, kter\u00fd se m\u016f\u017ee na prvn\u00ed pohled zd\u00e1t skli\u010duj\u00edc\u00ed, ale lze jej zvl\u00e1dnout d\u016fsledn\u00fdm procvi\u010dov\u00e1n\u00edm a dob\u0159e organizovan\u00fdm u\u010debn\u00edm pl\u00e1nem. Abychom v\u00e1m usnadnili cestu do sv\u011bta japon\u0161tiny, seskupili jsme z\u00e1kladn\u00ed gramatick\u00e1 t\u00e9mata do sekvence, kter\u00e1 v\u00e1m pom\u016f\u017ee vybudovat pevn\u00e9 z\u00e1klady a hladce postupovat. Pokud se zam\u011b\u0159\u00edte na tyto gramatick\u00e9 prvky, budete na dobr\u00e9 cest\u011b k dosa\u017een\u00ed znalosti japon\u0161tiny.<\/p>\n\n\n\n<h3 class=\"wp-block-heading\" id=\"h-1-particles\">1. \u010c\u00e1stice:<\/h3>\n\n\n\n<p>\u010c\u00e1stice jsou v japon\u0161tin\u011b z\u00e1sadn\u00ed, proto\u017ee ozna\u010duj\u00ed vztah mezi slovy ve v\u011bt\u011b. Funguj\u00ed jako p\u0159edlo\u017eky a postpozice v jin\u00fdch jazyc\u00edch. U\u010den\u00ed \u010d\u00e1stic jako \u306f (wa), \u304c (ga), \u3092 (wo), \u306b (ni), \u3067 (de) a \u3068 (to) v\u00e1m pom\u016f\u017ee tvo\u0159it z\u00e1kladn\u00ed v\u011bty a pochopit funkci ka\u017ed\u00e9ho slova.<\/p>\n\n\n\n<h3 class=\"wp-block-heading\" id=\"h-2-nouns\">2. Podstatn\u00e1 jm\u00e9na:<\/h3>\n\n\n\n<p>Sezn\u00e1men\u00ed se s b\u011b\u017en\u00fdmi podstatn\u00fdmi jm\u00e9ny v\u00e1m umo\u017en\u00ed <a href=\"https:\/\/talkpal.ai\/ko\/ai-%ec%96%b8%ec%96%b4-%ea%b5%90%ec%82%ac\/\">za\u010d\u00edt<\/a> budovat slovn\u00ed z\u00e1sobu. Japonsk\u00e1 podstatn\u00e1 jm\u00e9na nemaj\u00ed rod, \u010d\u00edslo ani \u010dleny, co\u017e zjednodu\u0161uje proces u\u010den\u00ed.<\/p>\n\n\n\n<h3 class=\"wp-block-heading\" id=\"h-3-pronouns\">3. Z\u00e1jmena:<\/h3>\n\n\n\n<p>Japonsk\u00e1 z\u00e1jmena se pou\u017e\u00edvaj\u00ed k ozna\u010den\u00ed lid\u00ed a v\u011bc\u00ed. Mezi b\u011b\u017en\u00e1 z\u00e1jmena pat\u0159\u00ed \u79c1 (watashi &#8211; j\u00e1), \u3042\u306a\u305f (anata &#8211; ty), \u5f7c (kare &#8211; on), \u5f7c\u5973 (kanojo &#8211; ona) a \u305d\u308c (sore &#8211; to).<\/p>\n\n\n\n<h3 class=\"wp-block-heading\" id=\"h-4-verb-conjugation\">4. \u010casov\u00e1n\u00ed sloves:<\/h3>\n\n\n\n<p>Japonsk\u00e1 slovesa maj\u00ed r\u016fzn\u00e9 \u010dasov\u00e1n\u00ed v z\u00e1vislosti na \u010dase, zdvo\u0159ilosti a dal\u0161\u00edch faktorech. Osvojen\u00ed si z\u00e1kladn\u00edch slovesn\u00fdch tvar\u016f, jako je slovn\u00edkov\u00e1 forma, -masu a -te forma, v\u00e1m pom\u016f\u017ee vyj\u00e1d\u0159it r\u016fzn\u00e9 akce a stavy.<\/p>\n\n\n\n<h3 class=\"wp-block-heading\" id=\"h-5-tenses\">5. \u010casy:<\/h3>\n\n\n\n<p>Japon\u0161tina m\u00e1 minul\u00fd a neminul\u00fd \u010das, p\u0159i\u010dem\u017e ten druh\u00fd se pou\u017e\u00edv\u00e1 pro sou\u010dasn\u00e9 a budouc\u00ed d\u011bje. Kdy\u017e pochop\u00edte, jak \u010dasovat slovesa v t\u011bchto \u010dasech, pom\u016f\u017ee v\u00e1m to p\u0159esn\u011b vyj\u00e1d\u0159it \u010das.<\/p>\n\n\n\n<h3 class=\"wp-block-heading\" id=\"h-6-adjectives\">6. P\u0159\u00eddavn\u00e1 jm\u00e9na:<\/h3>\n\n\n\n<p>Japonsk\u00e1 p\u0159\u00eddavn\u00e1 jm\u00e9na se d\u011bl\u00ed do dvou skupin: i-p\u0159\u00eddavn\u00e1 jm\u00e9na a na-p\u0159\u00eddavn\u00e1 jm\u00e9na. Nau\u010dit se jejich pravidla \u010dasov\u00e1n\u00ed a jak je pou\u017e\u00edvat ve v\u011bt\u00e1ch v\u00e1m pom\u016f\u017ee popsat p\u0159edm\u011bty, lidi a situace.<\/p>\n\n\n\n<h3 class=\"wp-block-heading\" id=\"h-7-adverbs\">7. P\u0159\u00edslovce:<\/h3>\n\n\n\n<p>P\u0159\u00edslovce upravuj\u00ed slovesa, p\u0159\u00eddavn\u00e1 jm\u00e9na a dal\u0161\u00ed p\u0159\u00edslovce a dod\u00e1vaj\u00ed va\u0161im v\u011bt\u00e1m nuance. Mezi b\u011b\u017en\u00e1 japonsk\u00e1 p\u0159\u00edslovce pat\u0159\u00ed \u901f\u304f (hayaku &#8211; rychle), \u3086\u3063\u304f\u308a (yukkuri &#8211; pomalu) a \u3068\u3066\u3082 (totemo &#8211; velmi).<\/p>\n\n\n\n<h3 class=\"wp-block-heading\" id=\"h-8-prepositions\">8. P\u0159edlo\u017eky:<\/h3>\n\n\n\n<p>Japon\u0161tina sice nem\u00e1 p\u0159edlo\u017eky ve stejn\u00e9m v\u00fdznamu jako <a href=\"https:\/\/talkpal.ai\/learn-english-with-ai\/\">angli\u010dtina<\/a>, ale n\u011bkter\u00e9 \u010d\u00e1stice funguj\u00ed podobn\u011b. Pozn\u00e1n\u00ed t\u011bchto \u010d\u00e1stic a jejich pou\u017eit\u00ed v\u00e1m pom\u016f\u017ee vyj\u00e1d\u0159it prostorov\u00e9 a \u010dasov\u00e9 vztahy.<\/p>\n\n\n\n<h3 class=\"wp-block-heading\" id=\"h-9-conjunctions\">9. Spojky:<\/h3>\n\n\n\n<p>Spojky se pou\u017e\u00edvaj\u00ed ke spojen\u00ed slov, fr\u00e1z\u00ed a v\u011bt. Mezi b\u011b\u017en\u00e9 japonsk\u00e9 spojky pat\u0159\u00ed \u305d\u3057\u3066 (soshite &#8211; a), \u3057\u304b\u3057 (shikashi &#8211; nicm\u00e9n\u011b) a \u3060\u304b\u3089 (dakara &#8211; tedy).<\/p>\n\n\n\n<h3 class=\"wp-block-heading\" id=\"h-10-sentence-structure\">10. V\u011btn\u00e1 stavba:<\/h3>\n\n\n\n<p>Japon\u0161tina se \u0159\u00edd\u00ed v\u011btnou strukturou podm\u011bt-objekt-sloveso (SOV). Pochopen\u00ed t\u00e9to struktury a dal\u0161\u00edch vzorc\u016f v\u011bt v\u00e1m pom\u016f\u017ee vytv\u00e1\u0159et p\u0159esn\u00e9 a slo\u017eit\u00e9 v\u011bty.<\/p>\n\n\n\n<h3 class=\"wp-block-heading\" id=\"h-11-honorifics\">11. \u010cestn\u00e9 tituly:<\/h3>\n\n\n\n<p>Japon\u0161tina m\u00e1 slo\u017eit\u00fd syst\u00e9m \u010destn\u00fdch titul\u016f, kter\u00e9 vyjad\u0159uj\u00ed zdvo\u0159ilost a \u00factu. Osvojen\u00ed si z\u00e1klad\u016f \u010destn\u00e9 \u0159e\u010di, jako je pou\u017e\u00edv\u00e1n\u00ed \u3067\u3059 (desu) a \u307e\u3059 (masu), v\u00e1m pom\u016f\u017ee orientovat se ve spole\u010densk\u00fdch situac\u00edch.<\/p>\n\n\n\n<h3 class=\"wp-block-heading\" id=\"h-12-expressions\">12. V\u00fdrazy:<\/h3>\n\n\n\n<p>Sezn\u00e1men\u00ed se s b\u011b\u017en\u00fdmi japonsk\u00fdmi v\u00fdrazy a idiomy v\u00e1m pom\u016f\u017ee zn\u00edt v konverzaci p\u0159irozen\u011bji a plynuleji.<\/p>\n\n\n\n<h3 class=\"wp-block-heading\" id=\"h-13-numbers\">13. \u010c\u00edsla:<\/h3>\n\n\n\n<p>Japon\u0161tina m\u00e1 jedine\u010dn\u00fd \u010d\u00edseln\u00fd syst\u00e9m s r\u016fzn\u00fdmi po\u010d\u00edtadly pro r\u016fzn\u00e9 p\u0159edm\u011bty. Nau\u010dit se po\u010d\u00edtat a pou\u017e\u00edvat \u010d\u00edsla v kontextu je nezbytn\u00e9 pro ka\u017edodenn\u00ed komunikaci.<\/p>\n\n\n\n<h3 class=\"wp-block-heading\" id=\"h-14-verbs\">14. Slovesa:<\/h3>\n\n\n\n<p>A kone\u010dn\u011b, roz\u0161\u00ed\u0159en\u00ed slovn\u00ed z\u00e1soby v\u00e1m umo\u017en\u00ed vyj\u00e1d\u0159it \u0161irokou \u0161k\u00e1lu akc\u00ed a stav\u016f, co\u017e v\u00e1m umo\u017en\u00ed efektivn\u011bji komunikovat v japon\u0161tin\u011b.<\/p>\n<\/div><\/div>\n\r\n<section class=\"learnNavigationSection\">\r\n            \r\n        <a href=\"https:\/\/talkpal.ai\/cs\/naucte-se-japonsky\/\">\r\n            <div class=\"learnNavigationWrapper\">\r\n                <div class=\"learnNavigationContent\">\r\n                    <img decoding=\"async\" src=\"https:\/\/talkpal.ai\/wp-content\/uploads\/2024\/08\/Japanese.jpg\" alt=\"Japanese Flag\">\r\n                    <div>\r\n                        <h4>O v\u00fduce japon\u0161tiny<\/h4>\r\n                        <p>Zjist\u011bte v\u0161e o japonsk\u00e9 gramatice.<\/p>\r\n                    <\/div>\r\n                <\/div>\r\n            <\/div>\r\n        <\/a>\r\n\r\n        \r\n        <a href=\"https:\/\/talkpal.ai\/cs\/japonska-gramatika\/\">\r\n            <div class=\"learnNavigationWrapper\">\r\n                <div class=\"learnNavigationContent\">\r\n                    <img decoding=\"async\" src=\"https:\/\/talkpal.ai\/wp-content\/uploads\/2024\/08\/Japanese.jpg\" alt=\"Japanese Flag\">\r\n                    <div>\r\n                        <h4>Lekce japonsk\u00e9 gramatiky<\/h4>\r\n                        <p>Procvi\u010dte si japonskou gramatiku.<\/p>\r\n                    <\/div>\r\n                <\/div>\r\n            <\/div>\r\n        <\/a>\r\n\r\n        \r\n        <a href=\"https:\/\/talkpal.ai\/vocabulary_language\/japanese\/\">\r\n            <div class=\"learnNavigationWrapper\">\r\n                <div class=\"learnNavigationContent\">\r\n                    <img decoding=\"async\" src=\"https:\/\/talkpal.ai\/wp-content\/uploads\/2024\/08\/Japanese.jpg\" alt=\"Japanese Flag\">\r\n                    <div>\r\n                        <h4>Japonsk\u00e1 slovn\u00ed z\u00e1soba<\/h4>\r\n                        <p>Roz\u0161i\u0159te si japonskou slovn\u00ed z\u00e1sobu.<\/p>\r\n                    <\/div>\r\n                <\/div>\r\n            <\/div>\r\n        <\/a>\r\n\r\n            <\/section>","protected":false},"excerpt":{"rendered":"<p>T\u00e9mata japonsk\u00e9 gramatiky Studium japon\u0161tiny m\u016f\u017ee b\u00fdt vzru\u0161uj\u00edc\u00ed a obohacuj\u00edc\u00ed zku\u0161enost\u00ed, proto\u017ee otev\u00edr\u00e1 zcela nov\u00fd sv\u011bt kultury, komunikace a osobn\u00edho r\u016fstu. Japon\u0161tina m\u00e1 jedine\u010dnou strukturu a gramatick\u00fd syst\u00e9m, kter\u00fd se m\u016f\u017ee na prvn\u00ed pohled zd\u00e1t skli\u010duj\u00edc\u00ed, ale lze jej zvl\u00e1dnout d\u016fsledn\u00fdm procvi\u010dov\u00e1n\u00edm a dob\u0159e organizovan\u00fdm u\u010debn\u00edm pl\u00e1nem. Abychom v\u00e1m usnadnili cestu do sv\u011bta japon\u0161tiny, seskupili [&hellip;]<\/p>\n","protected":false},"author":6,"featured_media":107222,"parent":0,"menu_order":0,"comment_status":"closed","ping_status":"closed","template":"LearningContentPage.php","meta":{"_acf_changed":false,"footnotes":""},"class_list":["post-134740","page","type-page","status-publish","has-post-thumbnail","hentry"],"acf":[],"yoast_head":"<!-- This site is optimized with the Yoast SEO Premium plugin v27.2 (Yoast SEO v27.2) - https:\/\/yoast.com\/product\/yoast-seo-premium-wordpress\/ -->\n<title>Cvi\u010den\u00ed na japonskou gramatiku - Talkpal<\/title>\n<meta name=\"description\" content=\"Zlep\u0161ete sv\u00e9 znalosti japonsk\u00e9 gramatiky - osvojte si struktury v\u011bt, procvi\u010dte si interaktivn\u00ed aktivity a zlep\u0161ete plynulost.\" \/>\n<meta name=\"robots\" content=\"index, follow, max-snippet:-1, max-image-preview:large, max-video-preview:-1\" \/>\n<link rel=\"canonical\" href=\"https:\/\/talkpal.ai\/cs\/cviceni-na-japonskou-gramatiku\/\" \/>\n<meta property=\"og:locale\" content=\"cs_CZ\" \/>\n<meta property=\"og:type\" content=\"article\" \/>\n<meta property=\"og:title\" content=\"Cvi\u010den\u00ed na japonskou gramatiku\" \/>\n<meta property=\"og:description\" content=\"T\u00e9mata japonsk\u00e9 gramatiky Studium japon\u0161tiny m\u016f\u017ee b\u00fdt vzru\u0161uj\u00edc\u00ed a obohacuj\u00edc\u00ed zku\u0161enost\u00ed, proto\u017ee otev\u00edr\u00e1 zcela nov\u00fd sv\u011bt kultury, komunikace a osobn\u00edho\" \/>\n<meta property=\"og:url\" content=\"https:\/\/talkpal.ai\/cs\/cviceni-na-japonskou-gramatiku\/\" \/>\n<meta property=\"og:site_name\" content=\"Talkpal\" \/>\n<meta property=\"article:publisher\" content=\"https:\/\/www.facebook.com\/profile.php?id=100090733639311\" \/>\n<meta property=\"article:modified_time\" content=\"2025-12-17T16:57:00+00:00\" \/>\n<meta property=\"og:image\" content=\"https:\/\/talkpal.ai\/wp-content\/uploads\/2023\/04\/japan.png\" \/>\n\t<meta property=\"og:image:width\" content=\"512\" \/>\n\t<meta property=\"og:image:height\" content=\"512\" \/>\n\t<meta property=\"og:image:type\" content=\"image\/png\" \/>\n<meta name=\"twitter:card\" content=\"summary_large_image\" \/>\n<meta name=\"twitter:site\" content=\"@talkpalai\" \/>\n<meta name=\"twitter:label1\" content=\"Odhadovan\u00e1 doba \u010dten\u00ed\" \/>\n\t<meta name=\"twitter:data1\" content=\"4 minuty\" \/>\n<script type=\"application\/ld+json\" class=\"yoast-schema-graph\">{\"@context\":\"https:\/\/schema.org\",\"@graph\":[{\"@type\":\"WebPage\",\"@id\":\"https:\/\/talkpal.ai\/cs\/cviceni-na-japonskou-gramatiku\/\",\"url\":\"https:\/\/talkpal.ai\/cs\/cviceni-na-japonskou-gramatiku\/\",\"name\":\"Cvi\u010den\u00ed na japonskou gramatiku - Talkpal\",\"isPartOf\":{\"@id\":\"https:\/\/talkpal.ai\/cs\/#website\"},\"primaryImageOfPage\":{\"@id\":\"https:\/\/talkpal.ai\/cs\/cviceni-na-japonskou-gramatiku\/#primaryimage\"},\"image\":{\"@id\":\"https:\/\/talkpal.ai\/cs\/cviceni-na-japonskou-gramatiku\/#primaryimage\"},\"thumbnailUrl\":\"https:\/\/talkpal.ai\/wp-content\/uploads\/2023\/04\/japan.png\",\"datePublished\":\"2023-06-16T10:21:59+00:00\",\"dateModified\":\"2025-12-17T16:57:00+00:00\",\"description\":\"Zlep\u0161ete sv\u00e9 znalosti japonsk\u00e9 gramatiky - osvojte si struktury v\u011bt, procvi\u010dte si interaktivn\u00ed aktivity a zlep\u0161ete plynulost.\",\"breadcrumb\":{\"@id\":\"https:\/\/talkpal.ai\/cs\/cviceni-na-japonskou-gramatiku\/#breadcrumb\"},\"inLanguage\":\"cs\",\"potentialAction\":[{\"@type\":\"ReadAction\",\"target\":[\"https:\/\/talkpal.ai\/cs\/cviceni-na-japonskou-gramatiku\/\"]}]},{\"@type\":\"ImageObject\",\"inLanguage\":\"cs\",\"@id\":\"https:\/\/talkpal.ai\/cs\/cviceni-na-japonskou-gramatiku\/#primaryimage\",\"url\":\"https:\/\/talkpal.ai\/wp-content\/uploads\/2023\/04\/japan.png\",\"contentUrl\":\"https:\/\/talkpal.ai\/wp-content\/uploads\/2023\/04\/japan.png\",\"width\":512,\"height\":512},{\"@type\":\"BreadcrumbList\",\"@id\":\"https:\/\/talkpal.ai\/cs\/cviceni-na-japonskou-gramatiku\/#breadcrumb\",\"itemListElement\":[{\"@type\":\"ListItem\",\"position\":1,\"name\":\"Homepage\",\"item\":\"https:\/\/talkpal.ai\/cs\/\"},{\"@type\":\"ListItem\",\"position\":2,\"name\":\"Cvi\u010den\u00ed na japonskou gramatiku\"}]},{\"@type\":\"WebSite\",\"@id\":\"https:\/\/talkpal.ai\/cs\/#website\",\"url\":\"https:\/\/talkpal.ai\/cs\/\",\"name\":\"Talkpal\",\"description\":\"AI Language Learning\",\"publisher\":{\"@id\":\"https:\/\/talkpal.ai\/cs\/#organization\"},\"alternateName\":\"Talkpal AI\",\"potentialAction\":[{\"@type\":\"SearchAction\",\"target\":{\"@type\":\"EntryPoint\",\"urlTemplate\":\"https:\/\/talkpal.ai\/cs\/?s={search_term_string}\"},\"query-input\":{\"@type\":\"PropertyValueSpecification\",\"valueRequired\":true,\"valueName\":\"search_term_string\"}}],\"inLanguage\":\"cs\"},{\"@type\":\"Organization\",\"@id\":\"https:\/\/talkpal.ai\/cs\/#organization\",\"name\":\"Talkpal, Inc.\",\"alternateName\":\"Talkpal AI\",\"url\":\"https:\/\/talkpal.ai\/cs\/\",\"logo\":{\"@type\":\"ImageObject\",\"inLanguage\":\"cs\",\"@id\":\"https:\/\/talkpal.ai\/cs\/#\/schema\/logo\/image\/\",\"url\":\"https:\/\/talkpal.ai\/wp-content\/uploads\/2024\/03\/Talkpal-Logo-Icon.png\",\"contentUrl\":\"https:\/\/talkpal.ai\/wp-content\/uploads\/2024\/03\/Talkpal-Logo-Icon.png\",\"width\":2880,\"height\":2880,\"caption\":\"Talkpal, Inc.\"},\"image\":{\"@id\":\"https:\/\/talkpal.ai\/cs\/#\/schema\/logo\/image\/\"},\"sameAs\":[\"https:\/\/www.facebook.com\/profile.php?id=100090733639311\",\"https:\/\/x.com\/talkpalai\",\"https:\/\/www.linkedin.com\/company\/talkpal\/\",\"https:\/\/www.youtube.com\/@TalkPal\/\",\"https:\/\/www.tiktok.com\/@talkpal\",\"https:\/\/www.instagram.com\/talkpal_ai\/\",\"https:\/\/www.crunchbase.com\/organization\/talkpal-9cde\",\"https:\/\/www.g2.com\/products\/talkpal-for-business\/\",\"https:\/\/www.trustpilot.com\/review\/talkpal.ai\",\"https:\/\/www.capterra.com\/p\/10006800\/TalkPal\/\"],\"description\":\"Talkpal is a language learning web and mobile education app, powered by the latest AI technologies, that provides engaging experiences to its customers in many different languages to help them improve their language skills. Users can chat about unlimited amount of topics with the app and use other modes to practice their language learning.\",\"email\":\"support@talkpal.ai\",\"legalName\":\"Talkpal, Inc.\",\"foundingDate\":\"2023-04-03\",\"duns\":\"118989042\",\"numberOfEmployees\":{\"@type\":\"QuantitativeValue\",\"minValue\":\"11\",\"maxValue\":\"50\"},\"publishingPrinciples\":\"https:\/\/talkpal.ai\/publishing-principles\/\",\"actionableFeedbackPolicy\":\"https:\/\/talkpal.ai\/actionable-feedback-policy\/\",\"correctionsPolicy\":\"https:\/\/talkpal.ai\/corrections-policy\/\",\"ethicsPolicy\":\"https:\/\/talkpal.ai\/ethics-policy\/\",\"diversityPolicy\":\"https:\/\/talkpal.ai\/diversity-policy\/\",\"diversityStaffingReport\":\"https:\/\/talkpal.ai\/diversity-policy\/\"}]}<\/script>\n<!-- \/ Yoast SEO Premium plugin. -->","yoast_head_json":{"title":"Cvi\u010den\u00ed na japonskou gramatiku - Talkpal","description":"Zlep\u0161ete sv\u00e9 znalosti japonsk\u00e9 gramatiky - osvojte si struktury v\u011bt, procvi\u010dte si interaktivn\u00ed aktivity a zlep\u0161ete plynulost.","robots":{"index":"index","follow":"follow","max-snippet":"max-snippet:-1","max-image-preview":"max-image-preview:large","max-video-preview":"max-video-preview:-1"},"canonical":"https:\/\/talkpal.ai\/cs\/cviceni-na-japonskou-gramatiku\/","og_locale":"cs_CZ","og_type":"article","og_title":"Cvi\u010den\u00ed na japonskou gramatiku","og_description":"T\u00e9mata japonsk\u00e9 gramatiky Studium japon\u0161tiny m\u016f\u017ee b\u00fdt vzru\u0161uj\u00edc\u00ed a obohacuj\u00edc\u00ed zku\u0161enost\u00ed, proto\u017ee otev\u00edr\u00e1 zcela nov\u00fd sv\u011bt kultury, komunikace a osobn\u00edho","og_url":"https:\/\/talkpal.ai\/cs\/cviceni-na-japonskou-gramatiku\/","og_site_name":"Talkpal","article_publisher":"https:\/\/www.facebook.com\/profile.php?id=100090733639311","article_modified_time":"2025-12-17T16:57:00+00:00","og_image":[{"width":512,"height":512,"url":"https:\/\/talkpal.ai\/wp-content\/uploads\/2023\/04\/japan.png","type":"image\/png"}],"twitter_card":"summary_large_image","twitter_site":"@talkpalai","twitter_misc":{"Odhadovan\u00e1 doba \u010dten\u00ed":"4 minuty"},"schema":{"@context":"https:\/\/schema.org","@graph":[{"@type":"WebPage","@id":"https:\/\/talkpal.ai\/cs\/cviceni-na-japonskou-gramatiku\/","url":"https:\/\/talkpal.ai\/cs\/cviceni-na-japonskou-gramatiku\/","name":"Cvi\u010den\u00ed na japonskou gramatiku - Talkpal","isPartOf":{"@id":"https:\/\/talkpal.ai\/cs\/#website"},"primaryImageOfPage":{"@id":"https:\/\/talkpal.ai\/cs\/cviceni-na-japonskou-gramatiku\/#primaryimage"},"image":{"@id":"https:\/\/talkpal.ai\/cs\/cviceni-na-japonskou-gramatiku\/#primaryimage"},"thumbnailUrl":"https:\/\/talkpal.ai\/wp-content\/uploads\/2023\/04\/japan.png","datePublished":"2023-06-16T10:21:59+00:00","dateModified":"2025-12-17T16:57:00+00:00","description":"Zlep\u0161ete sv\u00e9 znalosti japonsk\u00e9 gramatiky - osvojte si struktury v\u011bt, procvi\u010dte si interaktivn\u00ed aktivity a zlep\u0161ete plynulost.","breadcrumb":{"@id":"https:\/\/talkpal.ai\/cs\/cviceni-na-japonskou-gramatiku\/#breadcrumb"},"inLanguage":"cs","potentialAction":[{"@type":"ReadAction","target":["https:\/\/talkpal.ai\/cs\/cviceni-na-japonskou-gramatiku\/"]}]},{"@type":"ImageObject","inLanguage":"cs","@id":"https:\/\/talkpal.ai\/cs\/cviceni-na-japonskou-gramatiku\/#primaryimage","url":"https:\/\/talkpal.ai\/wp-content\/uploads\/2023\/04\/japan.png","contentUrl":"https:\/\/talkpal.ai\/wp-content\/uploads\/2023\/04\/japan.png","width":512,"height":512},{"@type":"BreadcrumbList","@id":"https:\/\/talkpal.ai\/cs\/cviceni-na-japonskou-gramatiku\/#breadcrumb","itemListElement":[{"@type":"ListItem","position":1,"name":"Homepage","item":"https:\/\/talkpal.ai\/cs\/"},{"@type":"ListItem","position":2,"name":"Cvi\u010den\u00ed na japonskou gramatiku"}]},{"@type":"WebSite","@id":"https:\/\/talkpal.ai\/cs\/#website","url":"https:\/\/talkpal.ai\/cs\/","name":"Talkpal","description":"AI Language Learning","publisher":{"@id":"https:\/\/talkpal.ai\/cs\/#organization"},"alternateName":"Talkpal AI","potentialAction":[{"@type":"SearchAction","target":{"@type":"EntryPoint","urlTemplate":"https:\/\/talkpal.ai\/cs\/?s={search_term_string}"},"query-input":{"@type":"PropertyValueSpecification","valueRequired":true,"valueName":"search_term_string"}}],"inLanguage":"cs"},{"@type":"Organization","@id":"https:\/\/talkpal.ai\/cs\/#organization","name":"Talkpal, Inc.","alternateName":"Talkpal AI","url":"https:\/\/talkpal.ai\/cs\/","logo":{"@type":"ImageObject","inLanguage":"cs","@id":"https:\/\/talkpal.ai\/cs\/#\/schema\/logo\/image\/","url":"https:\/\/talkpal.ai\/wp-content\/uploads\/2024\/03\/Talkpal-Logo-Icon.png","contentUrl":"https:\/\/talkpal.ai\/wp-content\/uploads\/2024\/03\/Talkpal-Logo-Icon.png","width":2880,"height":2880,"caption":"Talkpal, Inc."},"image":{"@id":"https:\/\/talkpal.ai\/cs\/#\/schema\/logo\/image\/"},"sameAs":["https:\/\/www.facebook.com\/profile.php?id=100090733639311","https:\/\/x.com\/talkpalai","https:\/\/www.linkedin.com\/company\/talkpal\/","https:\/\/www.youtube.com\/@TalkPal\/","https:\/\/www.tiktok.com\/@talkpal","https:\/\/www.instagram.com\/talkpal_ai\/","https:\/\/www.crunchbase.com\/organization\/talkpal-9cde","https:\/\/www.g2.com\/products\/talkpal-for-business\/","https:\/\/www.trustpilot.com\/review\/talkpal.ai","https:\/\/www.capterra.com\/p\/10006800\/TalkPal\/"],"description":"Talkpal is a language learning web and mobile education app, powered by the latest AI technologies, that provides engaging experiences to its customers in many different languages to help them improve their language skills. Users can chat about unlimited amount of topics with the app and use other modes to practice their language learning.","email":"support@talkpal.ai","legalName":"Talkpal, Inc.","foundingDate":"2023-04-03","duns":"118989042","numberOfEmployees":{"@type":"QuantitativeValue","minValue":"11","maxValue":"50"},"publishingPrinciples":"https:\/\/talkpal.ai\/publishing-principles\/","actionableFeedbackPolicy":"https:\/\/talkpal.ai\/actionable-feedback-policy\/","correctionsPolicy":"https:\/\/talkpal.ai\/corrections-policy\/","ethicsPolicy":"https:\/\/talkpal.ai\/ethics-policy\/","diversityPolicy":"https:\/\/talkpal.ai\/diversity-policy\/","diversityStaffingReport":"https:\/\/talkpal.ai\/diversity-policy\/"}]}},"_links":{"self":[{"href":"https:\/\/talkpal.ai\/cs\/wp-json\/wp\/v2\/pages\/134740","targetHints":{"allow":["GET"]}}],"collection":[{"href":"https:\/\/talkpal.ai\/cs\/wp-json\/wp\/v2\/pages"}],"about":[{"href":"https:\/\/talkpal.ai\/cs\/wp-json\/wp\/v2\/types\/page"}],"author":[{"embeddable":true,"href":"https:\/\/talkpal.ai\/cs\/wp-json\/wp\/v2\/users\/6"}],"replies":[{"embeddable":true,"href":"https:\/\/talkpal.ai\/cs\/wp-json\/wp\/v2\/comments?post=134740"}],"version-history":[{"count":0,"href":"https:\/\/talkpal.ai\/cs\/wp-json\/wp\/v2\/pages\/134740\/revisions"}],"wp:featuredmedia":[{"embeddable":true,"href":"https:\/\/talkpal.ai\/cs\/wp-json\/wp\/v2\/media\/107222"}],"wp:attachment":[{"href":"https:\/\/talkpal.ai\/cs\/wp-json\/wp\/v2\/media?parent=134740"}],"curies":[{"name":"wp","href":"https:\/\/api.w.org\/{rel}","templated":true}]}}