{"id":134443,"date":"2023-06-16T10:15:21","date_gmt":"2023-06-16T10:15:21","guid":{"rendered":"http:\/\/talkpal.ai\/cviceni-hindske-gramatiky\/"},"modified":"2025-12-17T16:18:44","modified_gmt":"2025-12-17T16:18:44","slug":"cviceni-hindske-gramatiky","status":"publish","type":"page","link":"https:\/\/talkpal.ai\/cs\/cviceni-hindske-gramatiky\/","title":{"rendered":"Cvi\u010den\u00ed hindsk\u00e9 gramatiky"},"content":{"rendered":"\r\n\r\n\r\n<section class=\"languageChallengeSection\">\r\n    <div class=\"languageInfoWrapper\">\r\n        \r\n        <h1>Cvi\u010den\u00ed hindsk\u00e9 gramatiky<\/h1>\r\n        <p>Chcete si b\u00fdt jist\u011bj\u0161\u00ed v hind\u0161tin\u011b? Procvi\u010dov\u00e1n\u00ed gramatick\u00fdch cvi\u010den\u00ed je skv\u011bl\u00fdm zp\u016fsobem, jak si osvojit strukturu v\u011bt, slovesn\u00e9 tvary a jedine\u010dn\u00e9 vzorce hind\u0161tiny. Za\u010dn\u011bte pracovat na hindsk\u00e9 gramatice je\u0161t\u011b dnes a s ka\u017ed\u00fdm cvi\u010den\u00edm uvid\u00edte, jak roste va\u0161e porozum\u011bn\u00ed a plynulost!\n\n<\/p>\r\n\r\n                            <a class=\"getStartedHidden\" href=\"https:\/\/app.talkpal.ai\/cs\/signup?lng=\">Za\u010dni<\/a>\r\n        \r\n    <\/div>\r\n\r\n    <figure>\r\n    <img decoding=\"async\" width=\"768\" height=\"768\" src=\"https:\/\/talkpal.ai\/wp-content\/uploads\/2023\/06\/hindi-768x768.png\" class=\"languageImage no-lazy\" alt=\"Language learning for mental agility\" fetchpriority=\"high\" sizes=\"(max-width: 768px) 150px, 768px\" srcset=\"https:\/\/talkpal.ai\/wp-content\/uploads\/2023\/06\/hindi-768x768.png 768w, https:\/\/talkpal.ai\/wp-content\/uploads\/2023\/06\/hindi-300x300.png 300w\" \/>\r\n    \r\n\r\n    <\/figure>\r\n\r\n            <a class=\"getStartedVisible\" href=\"https:\/\/app.talkpal.ai\/cs\/signup?lng=\">Za\u010dni<\/a>\r\n    \r\n<\/section>\r\n\r\n\r\n<!-- <section class=\"grammarSection\">\r\n    <div class=\"grammarLinks\">\r\n            <\/div>\r\n<\/section> -->\r\n\r\n\r\n\r\n\r\n<section class=\"promotionalBanner\">\r\n    <p class=\"promotionalText\">Nejefektivn\u011bj\u0161\u00ed zp\u016fsob, jak se nau\u010dit jazyk<\/p>\r\n    <a class=\"promotionalLink\" href=\"https:\/\/app.talkpal.ai\/cs\/signup?lng=\">Vyzkou\u0161ejte Talkpal zdarma<\/a>\r\n<\/section>\n<div class=\"wp-block-group pageContainerStyle\"><div class=\"wp-block-group__inner-container is-layout-constrained wp-block-group-is-layout-constrained\">\n<h2 class=\"wp-block-heading\" id=\"h-hindi-grammar-topics\">T\u00e9mata hindsk\u00e9 gramatiky<\/h2>\n\n\n\n<p>U\u010den\u00ed se nov\u00e9mu jazyku m\u016f\u017ee b\u00fdt vzru\u0161uj\u00edc\u00ed, ale n\u00e1ro\u010dn\u00e1 zku\u0161enost, zejm\u00e9na pokud jde o pochopen\u00ed a zvl\u00e1dnut\u00ed jeho gramatiky. <a href=\"https:\/\/talkpal.ai\/learn-hindi\/\">Hind\u0161tina<\/a>, kter\u00e1 je jedn\u00edm z nejroz\u0161\u00ed\u0159en\u011bj\u0161\u00edch jazyk\u016f na sv\u011bt\u011b, nab\u00edz\u00ed jedine\u010dn\u00fd a bohat\u00fd jazykov\u00fd z\u00e1\u017eitek. Kdy\u017e se vyd\u00e1te na cestu za u\u010den\u00edm hind\u0161tiny, je nezbytn\u00e9 pochopit z\u00e1kladn\u00ed gramatick\u00e1 t\u00e9mata, kter\u00e1 polo\u017e\u00ed pevn\u00fd z\u00e1klad pro va\u0161e <a href=\"https:\/\/talkpal.ai\/cs\/procvicovani-cestiny-nejlepsi-zpusoby-jak-zlepsit-sve-jazykove-dovednosti\/\">jazykov\u00e9 dovednosti<\/a>. Tato p\u0159\u00edru\u010dka v\u00e1s sezn\u00e1m\u00ed s kl\u00ed\u010dov\u00fdmi t\u00e9maty hindsk\u00e9 gramatiky seskupen\u00fdmi v po\u0159ad\u00ed, kter\u00e9 v\u00e1m usnadn\u00ed proces u\u010den\u00ed.<\/p>\n\n\n\n<h3 class=\"wp-block-heading\" id=\"h-1-nouns\">1. Podstatn\u00e1 jm\u00e9na:<\/h3>\n\n\n\n<p>Za\u010dn\u011bte svou cestu u\u010den\u00ed hind\u0161tiny podstatn\u00fdmi jm\u00e9ny, proto\u017ee jsou stavebn\u00edmi kameny ka\u017ed\u00e9ho jazyka. V hind\u0161tin\u011b jsou podstatn\u00e1 jm\u00e9na rozd\u011blena do dvou rod\u016f (mu\u017esk\u00e9ho a \u017eensk\u00e9ho) a mohou b\u00fdt v jednotn\u00e9m nebo mno\u017en\u00e9m \u010d\u00edsle. Pochopen\u00ed z\u00e1klad\u016f podstatn\u00fdch jmen v hind\u0161tin\u011b pom\u016f\u017ee p\u0159i tvo\u0159en\u00ed jednoduch\u00fdch v\u011bt a fr\u00e1z\u00ed.<\/p>\n\n\n\n<h3 class=\"wp-block-heading\" id=\"h-2-pronouns\">2. Z\u00e1jmena:<\/h3>\n\n\n\n<p>Z\u00e1jmena nahrazuj\u00ed podstatn\u00e1 jm\u00e9na ve v\u011bt\u011b a pom\u00e1haj\u00ed vyhnout se opakov\u00e1n\u00ed. Hindsk\u00e1 z\u00e1jmena se d\u011bl\u00ed do t\u0159\u00ed kategori\u00ed \u2013 osobn\u00ed, ukazovac\u00ed a t\u00e1zac\u00ed. Seznamte se s r\u016fzn\u00fdmi formami z\u00e1jmen, abyste zlep\u0161ili sv\u00e9 komunika\u010dn\u00ed dovednosti.<\/p>\n\n\n\n<h3 class=\"wp-block-heading\" id=\"h-3-adjectives\">3. P\u0159\u00eddavn\u00e1 jm\u00e9na:<\/h3>\n\n\n\n<p>P\u0159\u00eddavn\u00e1 jm\u00e9na popisuj\u00ed vlastnosti podstatn\u00fdch jmen a z\u00e1jmen. V hind\u0161tin\u011b se p\u0159\u00eddavn\u00e1 jm\u00e9na shoduj\u00ed s podstatn\u00fdm jm\u00e9nem, kter\u00e9 popisuj\u00ed v rod\u011b a \u010d\u00edsle. U\u010den\u00ed p\u0159\u00eddavn\u00fdch jmen v\u00e1m umo\u017en\u00ed \u017eiv\u011bji vyjad\u0159ovat sv\u00e9 my\u0161lenky a n\u00e1zory.<\/p>\n\n\n\n<h3 class=\"wp-block-heading\" id=\"h-4-verbs\">4. Slovesa:<\/h3>\n\n\n\n<p>Slovesa ozna\u010duj\u00ed akce nebo stavy byt\u00ed. Hindsk\u00e1 slovesa maj\u00ed t\u0159i hlavn\u00ed \u010dasy \u2013 minul\u00fd, p\u0159\u00edtomn\u00fd a budouc\u00ed \u2013 a mohou b\u00fdt indikativn\u00ed nebo konjunktivn\u00ed. D\u016fkladn\u00e9 porozum\u011bn\u00ed hindsk\u00fdm sloves\u016fm a jejich \u010dasov\u00e1n\u00ed v\u00e1m umo\u017en\u00ed p\u0159esn\u011b vyj\u00e1d\u0159it akce a ud\u00e1losti.<\/p>\n\n\n\n<h3 class=\"wp-block-heading\" id=\"h-5-tenses-indicative\">5. Indikativn\u00ed \u010dasy:<\/h3>\n\n\n\n<p>Indikativn\u00ed \u010dasy v hind\u0161tin\u011b vyjad\u0159uj\u00ed fakta nebo jistotu a pou\u017e\u00edvaj\u00ed se v ka\u017edodenn\u00ed konverzaci. Nau\u010dte se pravidla a \u010dasov\u00e1n\u00ed minul\u00e9ho, p\u0159\u00edtomn\u00e9ho a budouc\u00edho indikativu, abyste mohli jasn\u011b a efektivn\u011b komunikovat.<\/p>\n\n\n\n<h3 class=\"wp-block-heading\" id=\"h-6-tenses-subjunctive\">6. Konjunktiv \u010das\u016f:<\/h3>\n\n\n\n<p><a href=\"https:\/\/talkpal.ai\/ja\/grammar_exercises\/konjunktiv-%e3%83%89%e3%82%a4%e3%83%84%e6%96%87%e6%b3%95%e3%81%ae%e6%bc%94%e7%bf%92\/\">Konjunktiv<\/a> v hind\u0161tin\u011b p\u0159edstavuje akce nebo ud\u00e1losti, kter\u00e9 jsou nejist\u00e9, hypotetick\u00e9 nebo v rozporu se skute\u010dnost\u00ed. Zvl\u00e1dnut\u00ed konjunktivu v\u00e1m umo\u017en\u00ed vyj\u00e1d\u0159it pochybnosti, mo\u017enosti a p\u0159\u00e1n\u00ed.<\/p>\n\n\n\n<h3 class=\"wp-block-heading\" id=\"h-7-tense-comparison\">7. Srovn\u00e1n\u00ed \u010das\u016f:<\/h3>\n\n\n\n<p>Porovn\u00e1v\u00e1n\u00ed r\u016fzn\u00fdch \u010das\u016f v hind\u0161tin\u011b v\u00e1m pom\u016f\u017ee pochopit vztahy mezi akcemi a ud\u00e1lostmi v \u010dase. Procvi\u010dte si tvo\u0159en\u00ed v\u011bt pomoc\u00ed r\u016fzn\u00fdch \u010das\u016f, abyste rozvinuli komplexn\u00ed porozum\u011bn\u00ed \u010dasov\u00fdm vztah\u016fm.<\/p>\n\n\n\n<h3 class=\"wp-block-heading\" id=\"h-8-adverbs\">8. P\u0159\u00edslovce:<\/h3>\n\n\n\n<p>P\u0159\u00edslovce upravuj\u00ed slovesa, p\u0159\u00eddavn\u00e1 jm\u00e9na nebo jin\u00e1 p\u0159\u00edslovce a poskytuj\u00ed dal\u0161\u00ed informace o d\u011bj\u00edch nebo vlastnostech. Nau\u010dte se b\u011b\u017en\u00e1 hindsk\u00e1 p\u0159\u00edslovce a jejich um\u00edst\u011bn\u00ed ve v\u011bt\u00e1ch, abyste zlep\u0161ili sv\u00e9 popisn\u00e9 schopnosti.<\/p>\n\n\n\n<h3 class=\"wp-block-heading\" id=\"h-9-prepositions\">9. P\u0159edlo\u017eky:<\/h3>\n\n\n\n<p>P\u0159edlo\u017eky v hind\u0161tin\u011b spojuj\u00ed podstatn\u00e1 jm\u00e9na, z\u00e1jmena nebo fr\u00e1ze s jin\u00fdmi slovy ve v\u011bt\u011b. Ozna\u010duj\u00ed vztahy, jako je poloha, \u010das a sm\u011br. Seznamte se s hindsk\u00fdmi p\u0159edlo\u017ekami a jejich pou\u017eit\u00edm k vytv\u00e1\u0159en\u00ed slo\u017eit\u011bj\u0161\u00edch souv\u011bt\u00ed.<\/p>\n\n\n\n<h3 class=\"wp-block-heading\" id=\"h-10-articles\">10. \u010cl\u00e1nky:<\/h3>\n\n\n\n<p>Hind\u0161tina nem\u00e1 \u010dleny jako <a href=\"https:\/\/talkpal.ai\/learn-english-with-ai\/\">angli\u010dtina<\/a> (the, a, an), ale pou\u017e\u00edv\u00e1 postpozice k vyj\u00e1d\u0159en\u00ed podobn\u00fdch v\u00fdznam\u016f. Pochopen\u00ed pou\u017e\u00edv\u00e1n\u00ed postpozic v hind\u0161tin\u011b v\u00e1m pom\u016f\u017ee spr\u00e1vn\u011b vyj\u00e1d\u0159it ur\u010ditost a neur\u010ditost ve va\u0161ich v\u011bt\u00e1ch.<\/p>\n\n\n\n<h3 class=\"wp-block-heading\" id=\"h-11-sentence-structure\">11. V\u011btn\u00e1 stavba:<\/h3>\n\n\n\n<p>Nakonec se nau\u010dte z\u00e1kladn\u00ed v\u011btnou strukturu v hind\u0161tin\u011b, kter\u00e1 se \u0159\u00edd\u00ed vzorem podm\u011bt-objekt-sloveso (SOV). Porozum\u011bn\u00ed struktu\u0159e hindsk\u00e9 v\u011bty v\u00e1m umo\u017en\u00ed efektivn\u011b a srozumiteln\u011b komunikovat.<\/p>\n\n\n\n<p>Dodr\u017eov\u00e1n\u00edm t\u00e9to posloupnosti t\u00e9mat hindsk\u00e9 gramatiky budete dob\u0159e vybaveni k porozum\u011bn\u00ed, mluven\u00ed a psan\u00ed v hind\u0161tin\u011b, co\u017e v\u00e1m umo\u017en\u00ed pln\u011b se pono\u0159it do bohat\u00e9 kultury a tradic hindsky mluv\u00edc\u00edch oblast\u00ed.<\/p>\n<\/div><\/div>\n\r\n<section class=\"learnNavigationSection\">\r\n            \r\n        <a href=\"https:\/\/talkpal.ai\/cs\/naucte-se-hindsky\/\">\r\n            <div class=\"learnNavigationWrapper\">\r\n                <div class=\"learnNavigationContent\">\r\n                    <img decoding=\"async\" src=\"https:\/\/talkpal.ai\/wp-content\/uploads\/2024\/08\/Hindi.jpg\" alt=\"Indian Flag\">\r\n                    <div>\r\n                        <h4>O u\u010den\u00ed hind\u0161tiny<\/h4>\r\n                        <p>Zjist\u011bte v\u0161e o hindsk\u00e9 gramatice.<\/p>\r\n                    <\/div>\r\n                <\/div>\r\n            <\/div>\r\n        <\/a>\r\n\r\n        \r\n        <a href=\"https:\/\/talkpal.ai\/cs\/hindska-gramatika\/\">\r\n            <div class=\"learnNavigationWrapper\">\r\n                <div class=\"learnNavigationContent\">\r\n                    <img decoding=\"async\" src=\"https:\/\/talkpal.ai\/wp-content\/uploads\/2024\/08\/Hindi.jpg\" alt=\"Indian Flag\">\r\n                    <div>\r\n                        <h4>Lekce hindsk\u00e9 gramatiky<\/h4>\r\n                        <p>Procvi\u010dte si hindskou gramatiku.<\/p>\r\n                    <\/div>\r\n                <\/div>\r\n            <\/div>\r\n        <\/a>\r\n\r\n        \r\n        <a href=\"https:\/\/talkpal.ai\/vocabulary_language\/hindi\/\">\r\n            <div class=\"learnNavigationWrapper\">\r\n                <div class=\"learnNavigationContent\">\r\n                    <img decoding=\"async\" src=\"https:\/\/talkpal.ai\/wp-content\/uploads\/2024\/08\/Hindi.jpg\" alt=\"Indian Flag\">\r\n                    <div>\r\n                        <h4>Hindsk\u00e1 slovn\u00ed z\u00e1soba<\/h4>\r\n                        <p>Roz\u0161i\u0159te si slovn\u00ed z\u00e1sobu hind\u0161tiny.<\/p>\r\n                    <\/div>\r\n                <\/div>\r\n            <\/div>\r\n        <\/a>\r\n\r\n            <\/section>","protected":false},"excerpt":{"rendered":"<p>T\u00e9mata hindsk\u00e9 gramatiky U\u010den\u00ed se nov\u00e9mu jazyku m\u016f\u017ee b\u00fdt vzru\u0161uj\u00edc\u00ed, ale n\u00e1ro\u010dn\u00e1 zku\u0161enost, zejm\u00e9na pokud jde o pochopen\u00ed a zvl\u00e1dnut\u00ed jeho gramatiky. Hind\u0161tina, kter\u00e1 je jedn\u00edm z nejroz\u0161\u00ed\u0159en\u011bj\u0161\u00edch jazyk\u016f na sv\u011bt\u011b, nab\u00edz\u00ed jedine\u010dn\u00fd a bohat\u00fd jazykov\u00fd z\u00e1\u017eitek. Kdy\u017e se vyd\u00e1te na cestu za u\u010den\u00edm hind\u0161tiny, je nezbytn\u00e9 pochopit z\u00e1kladn\u00ed gramatick\u00e1 t\u00e9mata, kter\u00e1 polo\u017e\u00ed pevn\u00fd z\u00e1klad [&hellip;]<\/p>\n","protected":false},"author":6,"featured_media":188200,"parent":0,"menu_order":0,"comment_status":"closed","ping_status":"closed","template":"LearningContentPage.php","meta":{"_acf_changed":false,"footnotes":""},"class_list":["post-134443","page","type-page","status-publish","has-post-thumbnail","hentry"],"acf":[],"yoast_head":"<!-- This site is optimized with the Yoast SEO Premium plugin v27.2 (Yoast SEO v27.2) - https:\/\/yoast.com\/product\/yoast-seo-premium-wordpress\/ -->\n<title>Cvi\u010den\u00ed hindsk\u00e9 gramatiky - Talkpal<\/title>\n<meta name=\"description\" content=\"Snadn\u00e9 procvi\u010dov\u00e1n\u00ed hindsk\u00e9 gramatiky - vyzkou\u0161ejte interaktivn\u00ed cvi\u010den\u00ed, abyste si zlep\u0161ili sv\u00e9 dovednosti a u\u010dili se rychleji s Talkpal AI.\" \/>\n<meta name=\"robots\" content=\"index, follow, max-snippet:-1, max-image-preview:large, max-video-preview:-1\" \/>\n<link rel=\"canonical\" href=\"https:\/\/talkpal.ai\/cs\/cviceni-hindske-gramatiky\/\" \/>\n<meta property=\"og:locale\" content=\"cs_CZ\" \/>\n<meta property=\"og:type\" content=\"article\" \/>\n<meta property=\"og:title\" content=\"Cvi\u010den\u00ed hindsk\u00e9 gramatiky\" \/>\n<meta property=\"og:description\" content=\"T\u00e9mata hindsk\u00e9 gramatiky U\u010den\u00ed se nov\u00e9mu jazyku m\u016f\u017ee b\u00fdt vzru\u0161uj\u00edc\u00ed, ale n\u00e1ro\u010dn\u00e1 zku\u0161enost, zejm\u00e9na pokud jde o pochopen\u00ed a zvl\u00e1dnut\u00ed jeho gramatiky.\" \/>\n<meta property=\"og:url\" content=\"https:\/\/talkpal.ai\/cs\/cviceni-hindske-gramatiky\/\" \/>\n<meta property=\"og:site_name\" content=\"Talkpal\" \/>\n<meta property=\"article:publisher\" content=\"https:\/\/www.facebook.com\/profile.php?id=100090733639311\" \/>\n<meta property=\"article:modified_time\" content=\"2025-12-17T16:18:44+00:00\" \/>\n<meta property=\"og:image\" content=\"https:\/\/talkpal.ai\/wp-content\/uploads\/2024\/02\/india.png\" \/>\n\t<meta property=\"og:image:width\" content=\"517\" \/>\n\t<meta property=\"og:image:height\" content=\"517\" \/>\n\t<meta property=\"og:image:type\" content=\"image\/png\" \/>\n<meta name=\"twitter:card\" content=\"summary_large_image\" \/>\n<meta name=\"twitter:site\" content=\"@talkpalai\" \/>\n<meta name=\"twitter:label1\" content=\"Odhadovan\u00e1 doba \u010dten\u00ed\" \/>\n\t<meta name=\"twitter:data1\" content=\"4 minuty\" \/>\n<script type=\"application\/ld+json\" class=\"yoast-schema-graph\">{\"@context\":\"https:\/\/schema.org\",\"@graph\":[{\"@type\":\"WebPage\",\"@id\":\"https:\/\/talkpal.ai\/cs\/cviceni-hindske-gramatiky\/\",\"url\":\"https:\/\/talkpal.ai\/cs\/cviceni-hindske-gramatiky\/\",\"name\":\"Cvi\u010den\u00ed hindsk\u00e9 gramatiky - Talkpal\",\"isPartOf\":{\"@id\":\"https:\/\/talkpal.ai\/cs\/#website\"},\"primaryImageOfPage\":{\"@id\":\"https:\/\/talkpal.ai\/cs\/cviceni-hindske-gramatiky\/#primaryimage\"},\"image\":{\"@id\":\"https:\/\/talkpal.ai\/cs\/cviceni-hindske-gramatiky\/#primaryimage\"},\"thumbnailUrl\":\"https:\/\/talkpal.ai\/wp-content\/uploads\/2024\/02\/india.png\",\"datePublished\":\"2023-06-16T10:15:21+00:00\",\"dateModified\":\"2025-12-17T16:18:44+00:00\",\"description\":\"Snadn\u00e9 procvi\u010dov\u00e1n\u00ed hindsk\u00e9 gramatiky - vyzkou\u0161ejte interaktivn\u00ed cvi\u010den\u00ed, abyste si zlep\u0161ili sv\u00e9 dovednosti a u\u010dili se rychleji s Talkpal AI.\",\"breadcrumb\":{\"@id\":\"https:\/\/talkpal.ai\/cs\/cviceni-hindske-gramatiky\/#breadcrumb\"},\"inLanguage\":\"cs\",\"potentialAction\":[{\"@type\":\"ReadAction\",\"target\":[\"https:\/\/talkpal.ai\/cs\/cviceni-hindske-gramatiky\/\"]}]},{\"@type\":\"ImageObject\",\"inLanguage\":\"cs\",\"@id\":\"https:\/\/talkpal.ai\/cs\/cviceni-hindske-gramatiky\/#primaryimage\",\"url\":\"https:\/\/talkpal.ai\/wp-content\/uploads\/2024\/02\/india.png\",\"contentUrl\":\"https:\/\/talkpal.ai\/wp-content\/uploads\/2024\/02\/india.png\",\"width\":517,\"height\":517,\"caption\":\"TalkPal Indian Flag\"},{\"@type\":\"BreadcrumbList\",\"@id\":\"https:\/\/talkpal.ai\/cs\/cviceni-hindske-gramatiky\/#breadcrumb\",\"itemListElement\":[{\"@type\":\"ListItem\",\"position\":1,\"name\":\"Homepage\",\"item\":\"https:\/\/talkpal.ai\/cs\/\"},{\"@type\":\"ListItem\",\"position\":2,\"name\":\"Cvi\u010den\u00ed hindsk\u00e9 gramatiky\"}]},{\"@type\":\"WebSite\",\"@id\":\"https:\/\/talkpal.ai\/cs\/#website\",\"url\":\"https:\/\/talkpal.ai\/cs\/\",\"name\":\"Talkpal\",\"description\":\"AI Language Learning\",\"publisher\":{\"@id\":\"https:\/\/talkpal.ai\/cs\/#organization\"},\"alternateName\":\"Talkpal AI\",\"potentialAction\":[{\"@type\":\"SearchAction\",\"target\":{\"@type\":\"EntryPoint\",\"urlTemplate\":\"https:\/\/talkpal.ai\/cs\/?s={search_term_string}\"},\"query-input\":{\"@type\":\"PropertyValueSpecification\",\"valueRequired\":true,\"valueName\":\"search_term_string\"}}],\"inLanguage\":\"cs\"},{\"@type\":\"Organization\",\"@id\":\"https:\/\/talkpal.ai\/cs\/#organization\",\"name\":\"Talkpal, Inc.\",\"alternateName\":\"Talkpal AI\",\"url\":\"https:\/\/talkpal.ai\/cs\/\",\"logo\":{\"@type\":\"ImageObject\",\"inLanguage\":\"cs\",\"@id\":\"https:\/\/talkpal.ai\/cs\/#\/schema\/logo\/image\/\",\"url\":\"https:\/\/talkpal.ai\/wp-content\/uploads\/2024\/03\/Talkpal-Logo-Icon.png\",\"contentUrl\":\"https:\/\/talkpal.ai\/wp-content\/uploads\/2024\/03\/Talkpal-Logo-Icon.png\",\"width\":2880,\"height\":2880,\"caption\":\"Talkpal, Inc.\"},\"image\":{\"@id\":\"https:\/\/talkpal.ai\/cs\/#\/schema\/logo\/image\/\"},\"sameAs\":[\"https:\/\/www.facebook.com\/profile.php?id=100090733639311\",\"https:\/\/x.com\/talkpalai\",\"https:\/\/www.linkedin.com\/company\/talkpal\/\",\"https:\/\/www.youtube.com\/@TalkPal\/\",\"https:\/\/www.tiktok.com\/@talkpal\",\"https:\/\/www.instagram.com\/talkpal_ai\/\",\"https:\/\/www.crunchbase.com\/organization\/talkpal-9cde\",\"https:\/\/www.g2.com\/products\/talkpal-for-business\/\",\"https:\/\/www.trustpilot.com\/review\/talkpal.ai\",\"https:\/\/www.capterra.com\/p\/10006800\/TalkPal\/\"],\"description\":\"Talkpal is a language learning web and mobile education app, powered by the latest AI technologies, that provides engaging experiences to its customers in many different languages to help them improve their language skills. Users can chat about unlimited amount of topics with the app and use other modes to practice their language learning.\",\"email\":\"support@talkpal.ai\",\"legalName\":\"Talkpal, Inc.\",\"foundingDate\":\"2023-04-03\",\"duns\":\"118989042\",\"numberOfEmployees\":{\"@type\":\"QuantitativeValue\",\"minValue\":\"11\",\"maxValue\":\"50\"},\"publishingPrinciples\":\"https:\/\/talkpal.ai\/publishing-principles\/\",\"actionableFeedbackPolicy\":\"https:\/\/talkpal.ai\/actionable-feedback-policy\/\",\"correctionsPolicy\":\"https:\/\/talkpal.ai\/corrections-policy\/\",\"ethicsPolicy\":\"https:\/\/talkpal.ai\/ethics-policy\/\",\"diversityPolicy\":\"https:\/\/talkpal.ai\/diversity-policy\/\",\"diversityStaffingReport\":\"https:\/\/talkpal.ai\/diversity-policy\/\"}]}<\/script>\n<!-- \/ Yoast SEO Premium plugin. -->","yoast_head_json":{"title":"Cvi\u010den\u00ed hindsk\u00e9 gramatiky - Talkpal","description":"Snadn\u00e9 procvi\u010dov\u00e1n\u00ed hindsk\u00e9 gramatiky - vyzkou\u0161ejte interaktivn\u00ed cvi\u010den\u00ed, abyste si zlep\u0161ili sv\u00e9 dovednosti a u\u010dili se rychleji s Talkpal AI.","robots":{"index":"index","follow":"follow","max-snippet":"max-snippet:-1","max-image-preview":"max-image-preview:large","max-video-preview":"max-video-preview:-1"},"canonical":"https:\/\/talkpal.ai\/cs\/cviceni-hindske-gramatiky\/","og_locale":"cs_CZ","og_type":"article","og_title":"Cvi\u010den\u00ed hindsk\u00e9 gramatiky","og_description":"T\u00e9mata hindsk\u00e9 gramatiky U\u010den\u00ed se nov\u00e9mu jazyku m\u016f\u017ee b\u00fdt vzru\u0161uj\u00edc\u00ed, ale n\u00e1ro\u010dn\u00e1 zku\u0161enost, zejm\u00e9na pokud jde o pochopen\u00ed a zvl\u00e1dnut\u00ed jeho gramatiky.","og_url":"https:\/\/talkpal.ai\/cs\/cviceni-hindske-gramatiky\/","og_site_name":"Talkpal","article_publisher":"https:\/\/www.facebook.com\/profile.php?id=100090733639311","article_modified_time":"2025-12-17T16:18:44+00:00","og_image":[{"width":517,"height":517,"url":"https:\/\/talkpal.ai\/wp-content\/uploads\/2024\/02\/india.png","type":"image\/png"}],"twitter_card":"summary_large_image","twitter_site":"@talkpalai","twitter_misc":{"Odhadovan\u00e1 doba \u010dten\u00ed":"4 minuty"},"schema":{"@context":"https:\/\/schema.org","@graph":[{"@type":"WebPage","@id":"https:\/\/talkpal.ai\/cs\/cviceni-hindske-gramatiky\/","url":"https:\/\/talkpal.ai\/cs\/cviceni-hindske-gramatiky\/","name":"Cvi\u010den\u00ed hindsk\u00e9 gramatiky - Talkpal","isPartOf":{"@id":"https:\/\/talkpal.ai\/cs\/#website"},"primaryImageOfPage":{"@id":"https:\/\/talkpal.ai\/cs\/cviceni-hindske-gramatiky\/#primaryimage"},"image":{"@id":"https:\/\/talkpal.ai\/cs\/cviceni-hindske-gramatiky\/#primaryimage"},"thumbnailUrl":"https:\/\/talkpal.ai\/wp-content\/uploads\/2024\/02\/india.png","datePublished":"2023-06-16T10:15:21+00:00","dateModified":"2025-12-17T16:18:44+00:00","description":"Snadn\u00e9 procvi\u010dov\u00e1n\u00ed hindsk\u00e9 gramatiky - vyzkou\u0161ejte interaktivn\u00ed cvi\u010den\u00ed, abyste si zlep\u0161ili sv\u00e9 dovednosti a u\u010dili se rychleji s Talkpal AI.","breadcrumb":{"@id":"https:\/\/talkpal.ai\/cs\/cviceni-hindske-gramatiky\/#breadcrumb"},"inLanguage":"cs","potentialAction":[{"@type":"ReadAction","target":["https:\/\/talkpal.ai\/cs\/cviceni-hindske-gramatiky\/"]}]},{"@type":"ImageObject","inLanguage":"cs","@id":"https:\/\/talkpal.ai\/cs\/cviceni-hindske-gramatiky\/#primaryimage","url":"https:\/\/talkpal.ai\/wp-content\/uploads\/2024\/02\/india.png","contentUrl":"https:\/\/talkpal.ai\/wp-content\/uploads\/2024\/02\/india.png","width":517,"height":517,"caption":"TalkPal Indian Flag"},{"@type":"BreadcrumbList","@id":"https:\/\/talkpal.ai\/cs\/cviceni-hindske-gramatiky\/#breadcrumb","itemListElement":[{"@type":"ListItem","position":1,"name":"Homepage","item":"https:\/\/talkpal.ai\/cs\/"},{"@type":"ListItem","position":2,"name":"Cvi\u010den\u00ed hindsk\u00e9 gramatiky"}]},{"@type":"WebSite","@id":"https:\/\/talkpal.ai\/cs\/#website","url":"https:\/\/talkpal.ai\/cs\/","name":"Talkpal","description":"AI Language Learning","publisher":{"@id":"https:\/\/talkpal.ai\/cs\/#organization"},"alternateName":"Talkpal AI","potentialAction":[{"@type":"SearchAction","target":{"@type":"EntryPoint","urlTemplate":"https:\/\/talkpal.ai\/cs\/?s={search_term_string}"},"query-input":{"@type":"PropertyValueSpecification","valueRequired":true,"valueName":"search_term_string"}}],"inLanguage":"cs"},{"@type":"Organization","@id":"https:\/\/talkpal.ai\/cs\/#organization","name":"Talkpal, Inc.","alternateName":"Talkpal AI","url":"https:\/\/talkpal.ai\/cs\/","logo":{"@type":"ImageObject","inLanguage":"cs","@id":"https:\/\/talkpal.ai\/cs\/#\/schema\/logo\/image\/","url":"https:\/\/talkpal.ai\/wp-content\/uploads\/2024\/03\/Talkpal-Logo-Icon.png","contentUrl":"https:\/\/talkpal.ai\/wp-content\/uploads\/2024\/03\/Talkpal-Logo-Icon.png","width":2880,"height":2880,"caption":"Talkpal, Inc."},"image":{"@id":"https:\/\/talkpal.ai\/cs\/#\/schema\/logo\/image\/"},"sameAs":["https:\/\/www.facebook.com\/profile.php?id=100090733639311","https:\/\/x.com\/talkpalai","https:\/\/www.linkedin.com\/company\/talkpal\/","https:\/\/www.youtube.com\/@TalkPal\/","https:\/\/www.tiktok.com\/@talkpal","https:\/\/www.instagram.com\/talkpal_ai\/","https:\/\/www.crunchbase.com\/organization\/talkpal-9cde","https:\/\/www.g2.com\/products\/talkpal-for-business\/","https:\/\/www.trustpilot.com\/review\/talkpal.ai","https:\/\/www.capterra.com\/p\/10006800\/TalkPal\/"],"description":"Talkpal is a language learning web and mobile education app, powered by the latest AI technologies, that provides engaging experiences to its customers in many different languages to help them improve their language skills. Users can chat about unlimited amount of topics with the app and use other modes to practice their language learning.","email":"support@talkpal.ai","legalName":"Talkpal, Inc.","foundingDate":"2023-04-03","duns":"118989042","numberOfEmployees":{"@type":"QuantitativeValue","minValue":"11","maxValue":"50"},"publishingPrinciples":"https:\/\/talkpal.ai\/publishing-principles\/","actionableFeedbackPolicy":"https:\/\/talkpal.ai\/actionable-feedback-policy\/","correctionsPolicy":"https:\/\/talkpal.ai\/corrections-policy\/","ethicsPolicy":"https:\/\/talkpal.ai\/ethics-policy\/","diversityPolicy":"https:\/\/talkpal.ai\/diversity-policy\/","diversityStaffingReport":"https:\/\/talkpal.ai\/diversity-policy\/"}]}},"_links":{"self":[{"href":"https:\/\/talkpal.ai\/cs\/wp-json\/wp\/v2\/pages\/134443","targetHints":{"allow":["GET"]}}],"collection":[{"href":"https:\/\/talkpal.ai\/cs\/wp-json\/wp\/v2\/pages"}],"about":[{"href":"https:\/\/talkpal.ai\/cs\/wp-json\/wp\/v2\/types\/page"}],"author":[{"embeddable":true,"href":"https:\/\/talkpal.ai\/cs\/wp-json\/wp\/v2\/users\/6"}],"replies":[{"embeddable":true,"href":"https:\/\/talkpal.ai\/cs\/wp-json\/wp\/v2\/comments?post=134443"}],"version-history":[{"count":0,"href":"https:\/\/talkpal.ai\/cs\/wp-json\/wp\/v2\/pages\/134443\/revisions"}],"wp:featuredmedia":[{"embeddable":true,"href":"https:\/\/talkpal.ai\/cs\/wp-json\/wp\/v2\/media\/188200"}],"wp:attachment":[{"href":"https:\/\/talkpal.ai\/cs\/wp-json\/wp\/v2\/media?parent=134443"}],"curies":[{"name":"wp","href":"https:\/\/api.w.org\/{rel}","templated":true}]}}