{"id":134214,"date":"2023-06-16T10:07:13","date_gmt":"2023-06-16T10:07:13","guid":{"rendered":"http:\/\/talkpal.ai\/cviceni-z-finske-gramatiky\/"},"modified":"2025-12-17T15:33:05","modified_gmt":"2025-12-17T15:33:05","slug":"cviceni-z-finske-gramatiky","status":"publish","type":"page","link":"https:\/\/talkpal.ai\/cs\/cviceni-z-finske-gramatiky\/","title":{"rendered":"Cvi\u010den\u00ed z finsk\u00e9 gramatiky"},"content":{"rendered":"\r\n\r\n\r\n<section class=\"languageChallengeSection\">\r\n    <div class=\"languageInfoWrapper\">\r\n        \r\n        <h1>Cvi\u010den\u00ed z finsk\u00e9 gramatiky<\/h1>\r\n        <p>Jste p\u0159ipraveni zvl\u00e1dnout jedine\u010dnou strukturu fin\u0161tiny? Procvi\u010dov\u00e1n\u00ed gramatick\u00fdch cvi\u010den\u00ed je skv\u011bl\u00fd <a href=\"https:\/\/talkpal.ai\/best-way-to-learn\/\">zp\u016fsob<\/a>, jak si osvojit koncovky slov, p\u00e1dy a vzory v\u011bt, kter\u00e9 d\u011blaj\u00ed fin\u0161tinu v\u00fdjime\u010dnou. Pono\u0159te se do finsk\u00e9 gramatiky je\u0161t\u011b dnes a s ka\u017ed\u00fdm cvi\u010den\u00edm uvid\u00edte, jak va\u0161e dovednosti a sebed\u016fv\u011bra rostou!<\/p>\r\n\r\n                            <a class=\"getStartedHidden\" href=\"https:\/\/app.talkpal.ai\/cs\/signup?lng=\">Za\u010dni<\/a>\r\n        \r\n    <\/div>\r\n\r\n    <figure>\r\n    <img decoding=\"async\" width=\"768\" height=\"768\" src=\"https:\/\/talkpal.ai\/wp-content\/uploads\/2023\/06\/Finnish-768x768.png\" class=\"languageImage no-lazy\" alt=\"Develop your language aptitude learning\" fetchpriority=\"high\" sizes=\"(max-width: 768px) 150px, 768px\" srcset=\"https:\/\/talkpal.ai\/wp-content\/uploads\/2023\/06\/Finnish-768x768.png 768w, https:\/\/talkpal.ai\/wp-content\/uploads\/2023\/06\/Finnish-300x300.png 300w\" \/>\r\n    \r\n\r\n    <\/figure>\r\n\r\n            <a class=\"getStartedVisible\" href=\"https:\/\/app.talkpal.ai\/cs\/signup?lng=\">Za\u010dni<\/a>\r\n    \r\n<\/section>\r\n\r\n\r\n<!-- <section class=\"grammarSection\">\r\n    <div class=\"grammarLinks\">\r\n            <\/div>\r\n<\/section> -->\r\n\r\n\r\n\r\n\r\n<section class=\"promotionalBanner\">\r\n    <p class=\"promotionalText\">Nejefektivn\u011bj\u0161\u00ed zp\u016fsob, jak se nau\u010dit jazyk<\/p>\r\n    <a class=\"promotionalLink\" href=\"https:\/\/app.talkpal.ai\/cs\/signup?lng=\">Vyzkou\u0161ejte Talkpal zdarma<\/a>\r\n<\/section>\n<div class=\"wp-block-group pageContainerStyle\"><div class=\"wp-block-group__inner-container is-layout-constrained wp-block-group-is-layout-constrained\">\n<h2 class=\"wp-block-heading\" id=\"h-finnish-grammar-topics\">T\u00e9mata finsk\u00e9 gramatiky<\/h2>\n\n\n\n<p>Studium fin\u0161tiny m\u016f\u017ee b\u00fdt pro jazykov\u00e9 nad\u0161ence obohacuj\u00edc\u00edm z\u00e1\u017eitkem, proto\u017ee se jedn\u00e1 o jedine\u010dn\u00fd a fascinuj\u00edc\u00ed jazyk s bohatou kulturn\u00ed histori\u00ed. <a href=\"https:\/\/talkpal.ai\/finnish-grammar\/\">Finsk\u00e1 gramatika<\/a> se m\u016f\u017ee na prvn\u00ed pohled zd\u00e1t n\u00e1ro\u010dn\u00e1, ale se systematick\u00fdm p\u0159\u00edstupem a zam\u011b\u0159en\u00edm na z\u00e1kladn\u00ed t\u00e9mata m\u016f\u017eete d\u011blat st\u00e1l\u00e9 pokroky a nakonec se v tomto kr\u00e1sn\u00e9m jazyce nau\u010dit plynn\u011b. V t\u00e9to p\u0159\u00edru\u010dce probereme t\u00e9mata finsk\u00e9 gramatiky v po\u0159ad\u00ed, kter\u00e9 v\u00e1m pom\u016f\u017ee efektivn\u011b se nau\u010dit jazyk, zahrnuj\u00edc\u00ed \u010dasy, slovesa, podstatn\u00e1 jm\u00e9na, \u010dleny, p\u0159\u00eddavn\u00e1 jm\u00e9na, p\u0159\u00edslovce, postpozice a v\u011btnou strukturu.<\/p>\n\n\n\n<h3 class=\"wp-block-heading\" id=\"h-1-nouns\">1. Podstatn\u00e1 jm\u00e9na:<\/h3>\n\n\n\n<p>Za\u010dn\u011bte t\u00edm, \u017ee se nau\u010d\u00edte finsk\u00e1 podstatn\u00e1 jm\u00e9na, proto\u017ee tvo\u0159\u00ed z\u00e1klad pro stavbu v\u011bt. Finsk\u00e1 podstatn\u00e1 jm\u00e9na maj\u00ed 15 p\u00e1d\u016f, kter\u00e9 jsou nezbytn\u00e9 pro pochopen\u00ed struktury jazyka. Seznamte se s r\u016fzn\u00fdmi p\u00e1dy podstatn\u00fdch jmen a jejich rol\u00ed ve v\u011bt\u011b.<\/p>\n\n\n\n<h3 class=\"wp-block-heading\" id=\"h-2-articles\">2. \u010cl\u00e1nky:<\/h3>\n\n\n\n<p><a href=\"https:\/\/talkpal.ai\/learn-finnish\/\">Fin\u0161tina<\/a> nem\u00e1 \u010dleny jako &#8222;the&#8220; nebo &#8222;a&#8220; v \u010de\u0161tin\u011b, co\u017e student\u016fm usnad\u0148uje v\u00fduku. M\u00edsto toho je v\u00fdznam podstatn\u00e9ho jm\u00e9na ur\u010den kontextem a koncovkami p\u00e1du.<\/p>\n\n\n\n<h3 class=\"wp-block-heading\" id=\"h-3-adjectives\">3. P\u0159\u00eddavn\u00e1 jm\u00e9na:<\/h3>\n\n\n\n<p>P\u0159\u00eddavn\u00e1 jm\u00e9na popisuj\u00ed podstatn\u00e1 jm\u00e9na a shoduj\u00ed se s nimi v p\u00e1dech a \u010d\u00edslech. Nau\u010dte se tvo\u0159it a pou\u017e\u00edvat p\u0159\u00eddavn\u00e1 jm\u00e9na, aby va\u0161e v\u011bty byly popisn\u011bj\u0161\u00ed a expresivn\u011bj\u0161\u00ed.<\/p>\n\n\n\n<h3 class=\"wp-block-heading\" id=\"h-4-verbs\">4. Slovesa:<\/h3>\n\n\n\n<p>Finsk\u00e1 slovesa jsou kl\u00ed\u010dov\u00e1 pro vyjad\u0159ov\u00e1n\u00ed d\u011bj\u016f a stav\u016f. Seznamte se se z\u00e1kladn\u00edmi vzorci \u010dasov\u00e1n\u00ed sloves a nej\u010dast\u011bj\u0161\u00edmi nepravideln\u00fdmi slovesy.<\/p>\n\n\n\n<h3 class=\"wp-block-heading\" id=\"h-5-tenses-indicative\">5. Indikativn\u00ed \u010dasy:<\/h3>\n\n\n\n<p>Pochopte orienta\u010dn\u00ed n\u00e1ladu, kter\u00e1 se pou\u017e\u00edv\u00e1 k vyj\u00e1d\u0159en\u00ed v\u00fdrok\u016f, fakt\u016f a n\u00e1zor\u016f. Fin\u0161tina m\u00e1 v indikativn\u00edm zp\u016fsobu \u010dty\u0159i hlavn\u00ed \u010dasy: p\u0159\u00edtomn\u00fd, minul\u00fd (nedokonav\u00fd), perfektum a p\u0159edfektum. Nau\u010dte se, jak tyto \u010dasy spr\u00e1vn\u011b tvo\u0159it a pou\u017e\u00edvat.<\/p>\n\n\n\n<h3 class=\"wp-block-heading\" id=\"h-6-tenses-potential\">6. Potenci\u00e1l \u010das\u016f:<\/h3>\n\n\n\n<p>Potenci\u00e1ln\u00ed n\u00e1lada se pou\u017e\u00edv\u00e1 k vyj\u00e1d\u0159en\u00ed mo\u017enosti, pravd\u011bpodobnosti nebo pochybnosti. M\u00e1 dva \u010dasy: p\u0159\u00edtomn\u00fd potenci\u00e1l a minul\u00fd potenci\u00e1l. Nau\u010dte se, jak tvo\u0159it a pou\u017e\u00edvat tyto \u010dasy, abyste do sv\u00fdch v\u011bt p\u0159idali nuance.<\/p>\n\n\n\n<h3 class=\"wp-block-heading\" id=\"h-7-tenses-imperative\">7. Rozkazovac\u00ed zp\u016fsob \u010das\u016f:<\/h3>\n\n\n\n<p>Rozkazovac\u00ed zp\u016fsob se pou\u017e\u00edv\u00e1 k zad\u00e1v\u00e1n\u00ed p\u0159\u00edkaz\u016f a \u017e\u00e1dostem. Nau\u010dte se tvo\u0159it rozkazovac\u00ed zp\u016fsob ve fin\u0161tin\u011b a vhodn\u011b ho pou\u017e\u00edvat v r\u016fzn\u00fdch situac\u00edch.<\/p>\n\n\n\n<h3 class=\"wp-block-heading\" id=\"h-8-tense-comparison\">8. Srovn\u00e1n\u00ed \u010das\u016f:<\/h3>\n\n\n\n<p>Pochopte, jak porovn\u00e1vat r\u016fzn\u00e9 \u010dasy a n\u00e1lady ve fin\u0161tin\u011b. Tato dovednost v\u00e1m umo\u017en\u00ed vyj\u00e1d\u0159it slo\u017eit\u00e9 my\u0161lenky a vztahy mezi ud\u00e1lostmi.<\/p>\n\n\n\n<h3 class=\"wp-block-heading\" id=\"h-9-adverbs\">9. P\u0159\u00edslovce:<\/h3>\n\n\n\n<p>P\u0159\u00edslovce modifikuj\u00ed slovesa, p\u0159\u00eddavn\u00e1 jm\u00e9na nebo jin\u00e1 p\u0159\u00edslovce a poskytuj\u00ed dal\u0161\u00ed informace o d\u011bj\u00edch nebo vlastnostech. Nau\u010dte se r\u016fzn\u00e9 typy p\u0159\u00edslovc\u00ed a nau\u010dte se, jak je efektivn\u011b pou\u017e\u00edvat ve v\u011bt\u00e1ch.<\/p>\n\n\n\n<h3 class=\"wp-block-heading\" id=\"h-10-postpositions\">10. Postpozice:<\/h3>\n\n\n\n<p>Fin\u0161tina pou\u017e\u00edv\u00e1 postpozice m\u00edsto p\u0159edlo\u017eek k ozna\u010den\u00ed vztah\u016f mezi slovy. Nau\u010dte se nej\u010dast\u011bj\u0161\u00ed postpozice a jak funguj\u00ed ve v\u011bt\u011b.<\/p>\n\n\n\n<h3 class=\"wp-block-heading\" id=\"h-11-sentence-structure\">11. V\u011btn\u00e1 stavba:<\/h3>\n\n\n\n<p>Nakonec si prostudujte z\u00e1kladn\u00ed v\u011btnou strukturu fin\u0161tiny, kter\u00e1 se \u0159\u00edd\u00ed vzorem podm\u011bt-sloveso-p\u0159edm\u011bt (SVO). Nau\u010dte se vytv\u00e1\u0159et jednoduch\u00e9 i slo\u017eit\u00e9 v\u011bty pomoc\u00ed gramatick\u00fdch t\u00e9mat, kter\u00e1 jste se nau\u010dili, a procvi\u010dte si jejich kombinov\u00e1n\u00ed, abyste p\u0159esn\u011b a plynule vyj\u00e1d\u0159ili sv\u00e9 my\u0161lenky.<\/p>\n<\/div><\/div>\n\r\n<section class=\"learnNavigationSection\">\r\n            \r\n        <a href=\"https:\/\/talkpal.ai\/cs\/naucte-se-finsky\/\">\r\n            <div class=\"learnNavigationWrapper\">\r\n                <div class=\"learnNavigationContent\">\r\n                    <img decoding=\"async\" src=\"https:\/\/talkpal.ai\/wp-content\/uploads\/2024\/08\/Finnish.jpg\" alt=\"Finnish Flag\">\r\n                    <div>\r\n                        <h4>O finsk\u00e9m vzd\u011bl\u00e1v\u00e1n\u00ed<\/h4>\r\n                        <p>Zjist\u011bte v\u0161e o finsk\u00e9 gramatice.<\/p>\r\n                    <\/div>\r\n                <\/div>\r\n            <\/div>\r\n        <\/a>\r\n\r\n        \r\n        <a href=\"https:\/\/talkpal.ai\/cs\/finska-gramatika\/\">\r\n            <div class=\"learnNavigationWrapper\">\r\n                <div class=\"learnNavigationContent\">\r\n                    <img decoding=\"async\" src=\"https:\/\/talkpal.ai\/wp-content\/uploads\/2024\/08\/Finnish.jpg\" alt=\"Finnish Flag\">\r\n                    <div>\r\n                        <h4>Lekce finsk\u00e9 gramatiky<\/h4>\r\n                        <p>Procvi\u010dte si finskou gramatiku.<\/p>\r\n                    <\/div>\r\n                <\/div>\r\n            <\/div>\r\n        <\/a>\r\n\r\n        \r\n        <a href=\"https:\/\/talkpal.ai\/vocabulary_language\/finnish\/\">\r\n            <div class=\"learnNavigationWrapper\">\r\n                <div class=\"learnNavigationContent\">\r\n                    <img decoding=\"async\" src=\"https:\/\/talkpal.ai\/wp-content\/uploads\/2024\/08\/Finnish.jpg\" alt=\"Finnish Flag\">\r\n                    <div>\r\n                        <h4>Finsk\u00e1 slovn\u00ed z\u00e1soba<\/h4>\r\n                        <p>Roz\u0161i\u0159te si slovn\u00ed z\u00e1sobu fin\u0161tiny.<\/p>\r\n                    <\/div>\r\n                <\/div>\r\n            <\/div>\r\n        <\/a>\r\n\r\n            <\/section>\n<p><\/p>\n","protected":false},"excerpt":{"rendered":"<p>T\u00e9mata finsk\u00e9 gramatiky Studium fin\u0161tiny m\u016f\u017ee b\u00fdt pro jazykov\u00e9 nad\u0161ence obohacuj\u00edc\u00edm z\u00e1\u017eitkem, proto\u017ee se jedn\u00e1 o jedine\u010dn\u00fd a fascinuj\u00edc\u00ed jazyk s bohatou kulturn\u00ed histori\u00ed. Finsk\u00e1 gramatika se m\u016f\u017ee na prvn\u00ed pohled zd\u00e1t n\u00e1ro\u010dn\u00e1, ale se systematick\u00fdm p\u0159\u00edstupem a zam\u011b\u0159en\u00edm na z\u00e1kladn\u00ed t\u00e9mata m\u016f\u017eete d\u011blat st\u00e1l\u00e9 pokroky a nakonec se v tomto kr\u00e1sn\u00e9m jazyce nau\u010dit plynn\u011b. [&hellip;]<\/p>\n","protected":false},"author":6,"featured_media":106620,"parent":0,"menu_order":0,"comment_status":"closed","ping_status":"closed","template":"LearningContentPage.php","meta":{"_acf_changed":false,"footnotes":""},"class_list":["post-134214","page","type-page","status-publish","has-post-thumbnail","hentry"],"acf":[],"yoast_head":"<!-- This site is optimized with the Yoast SEO Premium plugin v27.2 (Yoast SEO v27.2) - https:\/\/yoast.com\/product\/yoast-seo-premium-wordpress\/ -->\n<title>Cvi\u010den\u00ed z finsk\u00e9 gramatiky - Talkpal<\/title>\n<meta name=\"description\" content=\"Procvi\u010dte si a zlep\u0161ete sv\u00e9 znalosti finsk\u00e9 gramatiky pomoc\u00ed t\u011bchto interaktivn\u00edch a efektivn\u00edch cvi\u010den\u00ed. Vhodn\u00e9 pro v\u0161echny \u00farovn\u011b v\u00fduky.\" \/>\n<meta name=\"robots\" content=\"index, follow, max-snippet:-1, max-image-preview:large, max-video-preview:-1\" \/>\n<link rel=\"canonical\" href=\"https:\/\/talkpal.ai\/cs\/cviceni-z-finske-gramatiky\/\" \/>\n<meta property=\"og:locale\" content=\"cs_CZ\" \/>\n<meta property=\"og:type\" content=\"article\" \/>\n<meta property=\"og:title\" content=\"Cvi\u010den\u00ed z finsk\u00e9 gramatiky\" \/>\n<meta property=\"og:description\" content=\"T\u00e9mata finsk\u00e9 gramatiky Studium fin\u0161tiny m\u016f\u017ee b\u00fdt pro jazykov\u00e9 nad\u0161ence obohacuj\u00edc\u00edm z\u00e1\u017eitkem, proto\u017ee se jedn\u00e1 o jedine\u010dn\u00fd a fascinuj\u00edc\u00ed jazyk s bohatou\" \/>\n<meta property=\"og:url\" content=\"https:\/\/talkpal.ai\/cs\/cviceni-z-finske-gramatiky\/\" \/>\n<meta property=\"og:site_name\" content=\"Talkpal\" \/>\n<meta property=\"article:publisher\" content=\"https:\/\/www.facebook.com\/profile.php?id=100090733639311\" \/>\n<meta property=\"article:modified_time\" content=\"2025-12-17T15:33:05+00:00\" \/>\n<meta property=\"og:image\" content=\"https:\/\/talkpal.ai\/wp-content\/uploads\/2023\/04\/finland.png\" \/>\n\t<meta property=\"og:image:width\" content=\"512\" \/>\n\t<meta property=\"og:image:height\" content=\"512\" \/>\n\t<meta property=\"og:image:type\" content=\"image\/png\" \/>\n<meta name=\"twitter:card\" content=\"summary_large_image\" \/>\n<meta name=\"twitter:site\" content=\"@talkpalai\" \/>\n<meta name=\"twitter:label1\" content=\"Odhadovan\u00e1 doba \u010dten\u00ed\" \/>\n\t<meta name=\"twitter:data1\" content=\"3 minuty\" \/>\n<script type=\"application\/ld+json\" class=\"yoast-schema-graph\">{\"@context\":\"https:\/\/schema.org\",\"@graph\":[{\"@type\":\"WebPage\",\"@id\":\"https:\/\/talkpal.ai\/cs\/cviceni-z-finske-gramatiky\/\",\"url\":\"https:\/\/talkpal.ai\/cs\/cviceni-z-finske-gramatiky\/\",\"name\":\"Cvi\u010den\u00ed z finsk\u00e9 gramatiky - Talkpal\",\"isPartOf\":{\"@id\":\"https:\/\/talkpal.ai\/cs\/#website\"},\"primaryImageOfPage\":{\"@id\":\"https:\/\/talkpal.ai\/cs\/cviceni-z-finske-gramatiky\/#primaryimage\"},\"image\":{\"@id\":\"https:\/\/talkpal.ai\/cs\/cviceni-z-finske-gramatiky\/#primaryimage\"},\"thumbnailUrl\":\"https:\/\/talkpal.ai\/wp-content\/uploads\/2023\/04\/finland.png\",\"datePublished\":\"2023-06-16T10:07:13+00:00\",\"dateModified\":\"2025-12-17T15:33:05+00:00\",\"description\":\"Procvi\u010dte si a zlep\u0161ete sv\u00e9 znalosti finsk\u00e9 gramatiky pomoc\u00ed t\u011bchto interaktivn\u00edch a efektivn\u00edch cvi\u010den\u00ed. Vhodn\u00e9 pro v\u0161echny \u00farovn\u011b v\u00fduky.\",\"breadcrumb\":{\"@id\":\"https:\/\/talkpal.ai\/cs\/cviceni-z-finske-gramatiky\/#breadcrumb\"},\"inLanguage\":\"cs\",\"potentialAction\":[{\"@type\":\"ReadAction\",\"target\":[\"https:\/\/talkpal.ai\/cs\/cviceni-z-finske-gramatiky\/\"]}]},{\"@type\":\"ImageObject\",\"inLanguage\":\"cs\",\"@id\":\"https:\/\/talkpal.ai\/cs\/cviceni-z-finske-gramatiky\/#primaryimage\",\"url\":\"https:\/\/talkpal.ai\/wp-content\/uploads\/2023\/04\/finland.png\",\"contentUrl\":\"https:\/\/talkpal.ai\/wp-content\/uploads\/2023\/04\/finland.png\",\"width\":512,\"height\":512,\"caption\":\"TalkPal finland Flag\"},{\"@type\":\"BreadcrumbList\",\"@id\":\"https:\/\/talkpal.ai\/cs\/cviceni-z-finske-gramatiky\/#breadcrumb\",\"itemListElement\":[{\"@type\":\"ListItem\",\"position\":1,\"name\":\"Homepage\",\"item\":\"https:\/\/talkpal.ai\/cs\/\"},{\"@type\":\"ListItem\",\"position\":2,\"name\":\"Cvi\u010den\u00ed z finsk\u00e9 gramatiky\"}]},{\"@type\":\"WebSite\",\"@id\":\"https:\/\/talkpal.ai\/cs\/#website\",\"url\":\"https:\/\/talkpal.ai\/cs\/\",\"name\":\"Talkpal\",\"description\":\"AI Language Learning\",\"publisher\":{\"@id\":\"https:\/\/talkpal.ai\/cs\/#organization\"},\"alternateName\":\"Talkpal AI\",\"potentialAction\":[{\"@type\":\"SearchAction\",\"target\":{\"@type\":\"EntryPoint\",\"urlTemplate\":\"https:\/\/talkpal.ai\/cs\/?s={search_term_string}\"},\"query-input\":{\"@type\":\"PropertyValueSpecification\",\"valueRequired\":true,\"valueName\":\"search_term_string\"}}],\"inLanguage\":\"cs\"},{\"@type\":\"Organization\",\"@id\":\"https:\/\/talkpal.ai\/cs\/#organization\",\"name\":\"Talkpal, Inc.\",\"alternateName\":\"Talkpal AI\",\"url\":\"https:\/\/talkpal.ai\/cs\/\",\"logo\":{\"@type\":\"ImageObject\",\"inLanguage\":\"cs\",\"@id\":\"https:\/\/talkpal.ai\/cs\/#\/schema\/logo\/image\/\",\"url\":\"https:\/\/talkpal.ai\/wp-content\/uploads\/2024\/03\/Talkpal-Logo-Icon.png\",\"contentUrl\":\"https:\/\/talkpal.ai\/wp-content\/uploads\/2024\/03\/Talkpal-Logo-Icon.png\",\"width\":2880,\"height\":2880,\"caption\":\"Talkpal, Inc.\"},\"image\":{\"@id\":\"https:\/\/talkpal.ai\/cs\/#\/schema\/logo\/image\/\"},\"sameAs\":[\"https:\/\/www.facebook.com\/profile.php?id=100090733639311\",\"https:\/\/x.com\/talkpalai\",\"https:\/\/www.linkedin.com\/company\/talkpal\/\",\"https:\/\/www.youtube.com\/@TalkPal\/\",\"https:\/\/www.tiktok.com\/@talkpal\",\"https:\/\/www.instagram.com\/talkpal_ai\/\",\"https:\/\/www.crunchbase.com\/organization\/talkpal-9cde\",\"https:\/\/www.g2.com\/products\/talkpal-for-business\/\",\"https:\/\/www.trustpilot.com\/review\/talkpal.ai\",\"https:\/\/www.capterra.com\/p\/10006800\/TalkPal\/\"],\"description\":\"Talkpal is a language learning web and mobile education app, powered by the latest AI technologies, that provides engaging experiences to its customers in many different languages to help them improve their language skills. Users can chat about unlimited amount of topics with the app and use other modes to practice their language learning.\",\"email\":\"support@talkpal.ai\",\"legalName\":\"Talkpal, Inc.\",\"foundingDate\":\"2023-04-03\",\"duns\":\"118989042\",\"numberOfEmployees\":{\"@type\":\"QuantitativeValue\",\"minValue\":\"11\",\"maxValue\":\"50\"},\"publishingPrinciples\":\"https:\/\/talkpal.ai\/publishing-principles\/\",\"actionableFeedbackPolicy\":\"https:\/\/talkpal.ai\/actionable-feedback-policy\/\",\"correctionsPolicy\":\"https:\/\/talkpal.ai\/corrections-policy\/\",\"ethicsPolicy\":\"https:\/\/talkpal.ai\/ethics-policy\/\",\"diversityPolicy\":\"https:\/\/talkpal.ai\/diversity-policy\/\",\"diversityStaffingReport\":\"https:\/\/talkpal.ai\/diversity-policy\/\"}]}<\/script>\n<!-- \/ Yoast SEO Premium plugin. -->","yoast_head_json":{"title":"Cvi\u010den\u00ed z finsk\u00e9 gramatiky - Talkpal","description":"Procvi\u010dte si a zlep\u0161ete sv\u00e9 znalosti finsk\u00e9 gramatiky pomoc\u00ed t\u011bchto interaktivn\u00edch a efektivn\u00edch cvi\u010den\u00ed. Vhodn\u00e9 pro v\u0161echny \u00farovn\u011b v\u00fduky.","robots":{"index":"index","follow":"follow","max-snippet":"max-snippet:-1","max-image-preview":"max-image-preview:large","max-video-preview":"max-video-preview:-1"},"canonical":"https:\/\/talkpal.ai\/cs\/cviceni-z-finske-gramatiky\/","og_locale":"cs_CZ","og_type":"article","og_title":"Cvi\u010den\u00ed z finsk\u00e9 gramatiky","og_description":"T\u00e9mata finsk\u00e9 gramatiky Studium fin\u0161tiny m\u016f\u017ee b\u00fdt pro jazykov\u00e9 nad\u0161ence obohacuj\u00edc\u00edm z\u00e1\u017eitkem, proto\u017ee se jedn\u00e1 o jedine\u010dn\u00fd a fascinuj\u00edc\u00ed jazyk s bohatou","og_url":"https:\/\/talkpal.ai\/cs\/cviceni-z-finske-gramatiky\/","og_site_name":"Talkpal","article_publisher":"https:\/\/www.facebook.com\/profile.php?id=100090733639311","article_modified_time":"2025-12-17T15:33:05+00:00","og_image":[{"width":512,"height":512,"url":"https:\/\/talkpal.ai\/wp-content\/uploads\/2023\/04\/finland.png","type":"image\/png"}],"twitter_card":"summary_large_image","twitter_site":"@talkpalai","twitter_misc":{"Odhadovan\u00e1 doba \u010dten\u00ed":"3 minuty"},"schema":{"@context":"https:\/\/schema.org","@graph":[{"@type":"WebPage","@id":"https:\/\/talkpal.ai\/cs\/cviceni-z-finske-gramatiky\/","url":"https:\/\/talkpal.ai\/cs\/cviceni-z-finske-gramatiky\/","name":"Cvi\u010den\u00ed z finsk\u00e9 gramatiky - Talkpal","isPartOf":{"@id":"https:\/\/talkpal.ai\/cs\/#website"},"primaryImageOfPage":{"@id":"https:\/\/talkpal.ai\/cs\/cviceni-z-finske-gramatiky\/#primaryimage"},"image":{"@id":"https:\/\/talkpal.ai\/cs\/cviceni-z-finske-gramatiky\/#primaryimage"},"thumbnailUrl":"https:\/\/talkpal.ai\/wp-content\/uploads\/2023\/04\/finland.png","datePublished":"2023-06-16T10:07:13+00:00","dateModified":"2025-12-17T15:33:05+00:00","description":"Procvi\u010dte si a zlep\u0161ete sv\u00e9 znalosti finsk\u00e9 gramatiky pomoc\u00ed t\u011bchto interaktivn\u00edch a efektivn\u00edch cvi\u010den\u00ed. Vhodn\u00e9 pro v\u0161echny \u00farovn\u011b v\u00fduky.","breadcrumb":{"@id":"https:\/\/talkpal.ai\/cs\/cviceni-z-finske-gramatiky\/#breadcrumb"},"inLanguage":"cs","potentialAction":[{"@type":"ReadAction","target":["https:\/\/talkpal.ai\/cs\/cviceni-z-finske-gramatiky\/"]}]},{"@type":"ImageObject","inLanguage":"cs","@id":"https:\/\/talkpal.ai\/cs\/cviceni-z-finske-gramatiky\/#primaryimage","url":"https:\/\/talkpal.ai\/wp-content\/uploads\/2023\/04\/finland.png","contentUrl":"https:\/\/talkpal.ai\/wp-content\/uploads\/2023\/04\/finland.png","width":512,"height":512,"caption":"TalkPal finland Flag"},{"@type":"BreadcrumbList","@id":"https:\/\/talkpal.ai\/cs\/cviceni-z-finske-gramatiky\/#breadcrumb","itemListElement":[{"@type":"ListItem","position":1,"name":"Homepage","item":"https:\/\/talkpal.ai\/cs\/"},{"@type":"ListItem","position":2,"name":"Cvi\u010den\u00ed z finsk\u00e9 gramatiky"}]},{"@type":"WebSite","@id":"https:\/\/talkpal.ai\/cs\/#website","url":"https:\/\/talkpal.ai\/cs\/","name":"Talkpal","description":"AI Language Learning","publisher":{"@id":"https:\/\/talkpal.ai\/cs\/#organization"},"alternateName":"Talkpal AI","potentialAction":[{"@type":"SearchAction","target":{"@type":"EntryPoint","urlTemplate":"https:\/\/talkpal.ai\/cs\/?s={search_term_string}"},"query-input":{"@type":"PropertyValueSpecification","valueRequired":true,"valueName":"search_term_string"}}],"inLanguage":"cs"},{"@type":"Organization","@id":"https:\/\/talkpal.ai\/cs\/#organization","name":"Talkpal, Inc.","alternateName":"Talkpal AI","url":"https:\/\/talkpal.ai\/cs\/","logo":{"@type":"ImageObject","inLanguage":"cs","@id":"https:\/\/talkpal.ai\/cs\/#\/schema\/logo\/image\/","url":"https:\/\/talkpal.ai\/wp-content\/uploads\/2024\/03\/Talkpal-Logo-Icon.png","contentUrl":"https:\/\/talkpal.ai\/wp-content\/uploads\/2024\/03\/Talkpal-Logo-Icon.png","width":2880,"height":2880,"caption":"Talkpal, Inc."},"image":{"@id":"https:\/\/talkpal.ai\/cs\/#\/schema\/logo\/image\/"},"sameAs":["https:\/\/www.facebook.com\/profile.php?id=100090733639311","https:\/\/x.com\/talkpalai","https:\/\/www.linkedin.com\/company\/talkpal\/","https:\/\/www.youtube.com\/@TalkPal\/","https:\/\/www.tiktok.com\/@talkpal","https:\/\/www.instagram.com\/talkpal_ai\/","https:\/\/www.crunchbase.com\/organization\/talkpal-9cde","https:\/\/www.g2.com\/products\/talkpal-for-business\/","https:\/\/www.trustpilot.com\/review\/talkpal.ai","https:\/\/www.capterra.com\/p\/10006800\/TalkPal\/"],"description":"Talkpal is a language learning web and mobile education app, powered by the latest AI technologies, that provides engaging experiences to its customers in many different languages to help them improve their language skills. Users can chat about unlimited amount of topics with the app and use other modes to practice their language learning.","email":"support@talkpal.ai","legalName":"Talkpal, Inc.","foundingDate":"2023-04-03","duns":"118989042","numberOfEmployees":{"@type":"QuantitativeValue","minValue":"11","maxValue":"50"},"publishingPrinciples":"https:\/\/talkpal.ai\/publishing-principles\/","actionableFeedbackPolicy":"https:\/\/talkpal.ai\/actionable-feedback-policy\/","correctionsPolicy":"https:\/\/talkpal.ai\/corrections-policy\/","ethicsPolicy":"https:\/\/talkpal.ai\/ethics-policy\/","diversityPolicy":"https:\/\/talkpal.ai\/diversity-policy\/","diversityStaffingReport":"https:\/\/talkpal.ai\/diversity-policy\/"}]}},"_links":{"self":[{"href":"https:\/\/talkpal.ai\/cs\/wp-json\/wp\/v2\/pages\/134214","targetHints":{"allow":["GET"]}}],"collection":[{"href":"https:\/\/talkpal.ai\/cs\/wp-json\/wp\/v2\/pages"}],"about":[{"href":"https:\/\/talkpal.ai\/cs\/wp-json\/wp\/v2\/types\/page"}],"author":[{"embeddable":true,"href":"https:\/\/talkpal.ai\/cs\/wp-json\/wp\/v2\/users\/6"}],"replies":[{"embeddable":true,"href":"https:\/\/talkpal.ai\/cs\/wp-json\/wp\/v2\/comments?post=134214"}],"version-history":[{"count":0,"href":"https:\/\/talkpal.ai\/cs\/wp-json\/wp\/v2\/pages\/134214\/revisions"}],"wp:featuredmedia":[{"embeddable":true,"href":"https:\/\/talkpal.ai\/cs\/wp-json\/wp\/v2\/media\/106620"}],"wp:attachment":[{"href":"https:\/\/talkpal.ai\/cs\/wp-json\/wp\/v2\/media?parent=134214"}],"curies":[{"name":"wp","href":"https:\/\/api.w.org\/{rel}","templated":true}]}}