{"id":133686,"date":"2023-06-16T10:01:38","date_gmt":"2023-06-16T10:01:38","guid":{"rendered":"http:\/\/talkpal.ai\/cviceni-na-svedskou-gramatiku\/"},"modified":"2025-12-17T15:30:58","modified_gmt":"2025-12-17T15:30:58","slug":"cviceni-na-svedskou-gramatiku","status":"publish","type":"page","link":"https:\/\/talkpal.ai\/cs\/cviceni-na-svedskou-gramatiku\/","title":{"rendered":"Cvi\u010den\u00ed na \u0161v\u00e9dskou gramatiku"},"content":{"rendered":"\r\n\r\n\r\n<section class=\"languageChallengeSection\">\r\n    <div class=\"languageInfoWrapper\">\r\n        \r\n        <h1>Cvi\u010den\u00ed na \u0161v\u00e9dskou gramatiku<\/h1>\r\n        <p>Jste p\u0159ipraveni zlep\u0161it svou \u0161v\u00e9d\u0161tinu? Procvi\u010dov\u00e1n\u00ed gramatick\u00fdch cvi\u010den\u00ed je skv\u011bl\u00fdm zp\u016fsobem, jak si osvojit strukturu v\u011bt, slovesn\u00e9 tvary a jedine\u010dn\u00e9 vzorce \u0161v\u00e9dsk\u00e9ho jazyka. Za\u010dn\u011bte pracovat na \u0161v\u00e9dsk\u00e9 gramatice je\u0161t\u011b dnes a sledujte, jak va\u0161e dovednosti a sebed\u016fv\u011bra rostou s ka\u017ed\u00fdm cvi\u010den\u00edm!\n\n<\/p>\r\n\r\n                            <a class=\"getStartedHidden\" href=\"https:\/\/app.talkpal.ai\/cs\/signup?lng=\">Za\u010dni<\/a>\r\n        \r\n    <\/div>\r\n\r\n    <figure>\r\n    <img decoding=\"async\" width=\"768\" height=\"768\" src=\"https:\/\/talkpal.ai\/wp-content\/uploads\/2023\/06\/swedish-768x768.png\" class=\"languageImage no-lazy\" alt=\"Language learning for improved concentration\" fetchpriority=\"high\" sizes=\"(max-width: 768px) 150px, 768px\" srcset=\"https:\/\/talkpal.ai\/wp-content\/uploads\/2023\/06\/swedish-768x768.png 768w, https:\/\/talkpal.ai\/wp-content\/uploads\/2023\/06\/swedish-300x300.png 300w\" \/>\r\n    \r\n\r\n    <\/figure>\r\n\r\n            <a class=\"getStartedVisible\" href=\"https:\/\/app.talkpal.ai\/cs\/signup?lng=\">Za\u010dni<\/a>\r\n    \r\n<\/section>\r\n\r\n\r\n<!-- <section class=\"grammarSection\">\r\n    <div class=\"grammarLinks\">\r\n            <\/div>\r\n<\/section> -->\r\n\r\n\r\n\r\n\r\n<section class=\"promotionalBanner\">\r\n    <p class=\"promotionalText\">Nejefektivn\u011bj\u0161\u00ed zp\u016fsob, jak se nau\u010dit jazyk<\/p>\r\n    <a class=\"promotionalLink\" href=\"https:\/\/app.talkpal.ai\/cs\/signup?lng=\">Vyzkou\u0161ejte Talkpal zdarma<\/a>\r\n<\/section>\n<div class=\"wp-block-group pageContainerStyle\"><div class=\"wp-block-group__inner-container is-layout-constrained wp-block-group-is-layout-constrained\">\n<h2 class=\"wp-block-heading\" id=\"h-swedish-grammar-topics\">T\u00e9mata \u0161v\u00e9dsk\u00e9 gramatiky<\/h2>\n\n\n\n<p>Studium \u0161v\u00e9d\u0161tiny, ofici\u00e1ln\u00edho jazyka \u0160v\u00e9dska a jednoho z \u00fa\u0159edn\u00edch jazyk\u016f <a href=\"https:\/\/talkpal.ai\/learn-finnish\/\">Finska<\/a>, m\u016f\u017ee b\u00fdt obohacuj\u00edc\u00ed zku\u0161enost\u00ed. Nejen, \u017ee v\u00e1s sezn\u00e1m\u00ed s bohatou kulturou a histori\u00ed, ale tak\u00e9 v\u00e1m usnadn\u00ed komunikaci s v\u00edce ne\u017e 10 miliony rodil\u00fdch mluv\u010d\u00edch. Pro efektivn\u00ed v\u00fduku \u0161v\u00e9d\u0161tiny je d\u016fle\u017eit\u00e9 porozum\u011bt r\u016fzn\u00fdm gramatick\u00fdm t\u00e9mat\u016fm a jejich vz\u00e1jemn\u00fdm souvislostem. Tato p\u0159\u00edru\u010dka v\u00e1m poskytne p\u0159ehled kl\u00ed\u010dov\u00fdch t\u00e9mat \u0161v\u00e9dsk\u00e9 gramatiky uspo\u0159\u00e1dan\u00fdch v po\u0159ad\u00ed, kter\u00e9 v\u00e1m pom\u016f\u017ee postupn\u011b a efektivn\u011b budovat va\u0161e <a href=\"https:\/\/talkpal.ai\/cs\/procvicovani-cestiny-nejlepsi-zpusoby-jak-zlepsit-sve-jazykove-dovednosti\/\">jazykov\u00e9 dovednosti<\/a>.<\/p>\n\n\n\n<h3 class=\"wp-block-heading\" id=\"h-1-nouns\">1. Podstatn\u00e1 jm\u00e9na:<\/h3>\n\n\n\n<p>Za\u010dn\u011bte svou cestu \u0161v\u00e9d\u0161tinou t\u00edm, \u017ee se sezn\u00e1m\u00edte s podstatn\u00fdmi jm\u00e9ny, proto\u017ee jsou stavebn\u00edmi kameny ka\u017ed\u00e9ho jazyka. Ve \u0161v\u00e9d\u0161tin\u011b maj\u00ed podstatn\u00e1 jm\u00e9na dva rody (b\u011b\u017en\u00fd a st\u0159edn\u00ed), kter\u00e9 ovliv\u0148uj\u00ed \u010dleny a p\u0159\u00eddavn\u00e1 jm\u00e9na, kter\u00e1 se s nimi pou\u017e\u00edvaj\u00ed. Maj\u00ed tak\u00e9 tvary jednotn\u00e9ho a mno\u017en\u00e9ho \u010d\u00edsla, stejn\u011b jako ur\u010dit\u00e9 a neur\u010dit\u00e9 tvary.<\/p>\n\n\n\n<h3 class=\"wp-block-heading\" id=\"h-2-articles\">2. \u010cl\u00e1nky:<\/h3>\n\n\n\n<p>Jakmile porozum\u00edte podstatn\u00fdm jm\u00e9n\u016fm, p\u0159ejd\u011bte k \u010dlen\u016fm, kter\u00e9 jsou z\u00e1sadn\u00ed pro ur\u010den\u00ed rodu a \u010d\u00edsla podstatn\u00e9ho jm\u00e9na. \u0160v\u00e9d\u0161tina m\u00e1 ur\u010dit\u00e9 a neur\u010dit\u00e9 \u010dleny, kter\u00e9 souhlas\u00ed s rodem a \u010d\u00edslem podstatn\u00e9ho jm\u00e9na, kter\u00e9 modifikuj\u00ed.<\/p>\n\n\n\n<h3 class=\"wp-block-heading\" id=\"h-3-adjectives\">3. P\u0159\u00eddavn\u00e1 jm\u00e9na:<\/h3>\n\n\n\n<p>P\u0159\u00eddavn\u00e1 jm\u00e9na se pou\u017e\u00edvaj\u00ed k popisu podstatn\u00fdch jmen a shoduj\u00ed se v rod\u011b, po\u010dtu a ur\u010ditosti s podstatn\u00fdm jm\u00e9nem, kter\u00e9 modifikuj\u00ed. U\u010den\u00ed p\u0159\u00eddavn\u00fdch jmen v\u00e1m pom\u016f\u017ee vyj\u00e1d\u0159it slo\u017eit\u011bj\u0161\u00ed my\u0161lenky a popisy ve \u0161v\u00e9d\u0161tin\u011b.<\/p>\n\n\n\n<h3 class=\"wp-block-heading\" id=\"h-4-pronouns\">4. Z\u00e1jmena:<\/h3>\n\n\n\n<p>Z\u00e1jmena nahrazuj\u00ed podstatn\u00e1 jm\u00e9na ve v\u011bt\u00e1ch a jsou nezbytn\u00e1 pro to, aby va\u0161e \u0159e\u010d byla plynulej\u0161\u00ed a p\u0159irozen\u011bj\u0161\u00ed. \u0160v\u00e9d\u0161tina m\u00e1 osobn\u00ed, p\u0159ivlast\u0148ovac\u00ed, zvratn\u00e1 a <a href=\"https:\/\/talkpal.ai\/cs\/grammar_exercises\/cviceni-vztazna-zajmena-pro-anglickou-gramatiku\/\">vzta\u017en\u00e1 z\u00e1jmena<\/a>, z nich\u017e ka\u017ed\u00e9 m\u00e1 sv\u00e1 vlastn\u00ed pravidla pro shodu a pou\u017eit\u00ed.<\/p>\n\n\n\n<h3 class=\"wp-block-heading\" id=\"h-5-verbs\">5. Slovesa:<\/h3>\n\n\n\n<p>Slovesa vyjad\u0159uj\u00ed d\u011bje, ud\u00e1losti nebo stavy byt\u00ed a jsou kl\u00ed\u010dovou sou\u010d\u00e1st\u00ed ka\u017ed\u00e9ho jazyka. Ve \u0161v\u00e9d\u0161tin\u011b se slovesa \u010dasuj\u00ed podle \u010dasu a n\u00e1lady. Za\u010dn\u011bte t\u00edm, \u017ee se nau\u010d\u00edte indikativ p\u0159\u00edtomn\u00e9ho \u010dasu, co\u017e je nejb\u011b\u017en\u011bj\u0161\u00ed a neju\u017eite\u010dn\u011bj\u0161\u00ed forma.<\/p>\n\n\n\n<h3 class=\"wp-block-heading\" id=\"h-6-tenses-indicative\">6. Indikativn\u00ed \u010dasy:<\/h3>\n\n\n\n<p>Pokra\u010dujeme od p\u0159\u00edtomn\u00e9ho \u010dasu a nau\u010dte se minul\u00fd a budouc\u00ed \u010das v indikativn\u00edm zp\u016fsobu. Ty v\u00e1m umo\u017en\u00ed mluvit o ud\u00e1lostech a akc\u00edch, kter\u00e9 se staly nebo stanou, a roz\u0161\u00ed\u0159\u00ed va\u0161i schopnost komunikovat ve \u0161v\u00e9d\u0161tin\u011b.<\/p>\n\n\n\n<h3 class=\"wp-block-heading\" id=\"h-7-tenses-subjunctive\">7. Konjunktiv \u010das\u016f:<\/h3>\n\n\n\n<p>A\u010dkoli je <a href=\"https:\/\/talkpal.ai\/ja\/grammar_exercises\/konjunktiv-%e3%83%89%e3%82%a4%e3%83%84%e6%96%87%e6%b3%95%e3%81%ae%e6%bc%94%e7%bf%92\/\">konjunktiv<\/a> m\u00e9n\u011b \u010dast\u00fd ne\u017e indikativ, pou\u017e\u00edv\u00e1 se k vyj\u00e1d\u0159en\u00ed hypotetick\u00fdch nebo nejist\u00fdch ud\u00e1lost\u00ed. U\u010den\u00ed se konjunktivn\u00edch tvar\u016f sloves zlep\u0161\u00ed va\u0161i schopnost vyjad\u0159ovat jemn\u011bj\u0161\u00ed my\u0161lenky.<\/p>\n\n\n\n<h3 class=\"wp-block-heading\" id=\"h-8-tense-comparison\">8. Srovn\u00e1n\u00ed \u010das\u016f:<\/h3>\n\n\n\n<p>Pochopen\u00ed toho, jak porovn\u00e1vat r\u016fzn\u00e9 \u010dasy, v\u00e1m umo\u017en\u00ed vyj\u00e1d\u0159it slo\u017eit\u011bj\u0161\u00ed p\u0159edstavy o \u010dase a ud\u00e1lostech. To zahrnuje znalost toho, jak pou\u017e\u00edvat minul\u00fd a budouc\u00ed \u010das spole\u010dn\u011b, a tak\u00e9 pochopen\u00ed toho, jak r\u016fzn\u00e9 \u010dasy interaguj\u00ed ve slo\u017eit\u00fdch v\u011bt\u00e1ch.<\/p>\n\n\n\n<h3 class=\"wp-block-heading\" id=\"h-9-adverbs\">9. P\u0159\u00edslovce:<\/h3>\n\n\n\n<p>P\u0159\u00edslovce modifikuj\u00ed slovesa, p\u0159\u00eddavn\u00e1 jm\u00e9na nebo jin\u00e1 p\u0159\u00edslovce a poskytuj\u00ed dal\u0161\u00ed informace o d\u011bj\u00edch nebo vlastnostech. U\u010den\u00ed \u0161v\u00e9dsk\u00fdch p\u0159\u00edslovc\u00ed v\u00e1m pom\u016f\u017ee vyj\u00e1d\u0159it my\u0161lenky p\u0159esn\u011bji a efektivn\u011bji.<\/p>\n\n\n\n<h3 class=\"wp-block-heading\" id=\"h-10-prepositions\">10. P\u0159edlo\u017eky:<\/h3>\n\n\n\n<p>P\u0159edlo\u017eky spojuj\u00ed podstatn\u00e1 jm\u00e9na, z\u00e1jmena a fr\u00e1ze s jin\u00fdmi slovy ve v\u011bt\u011b a vyjad\u0159uj\u00ed vztahy, jako je m\u00edsto, sm\u011br a \u010das. Zvl\u00e1dnut\u00ed p\u0159edlo\u017eek je z\u00e1sadn\u00ed pro vytv\u00e1\u0159en\u00ed jasn\u00fdch a smyslupln\u00fdch v\u011bt ve \u0161v\u00e9d\u0161tin\u011b.<\/p>\n\n\n\n<h3 class=\"wp-block-heading\" id=\"h-11-sentence-structure\">11. V\u011btn\u00e1 stavba:<\/h3>\n\n\n\n<p>A kone\u010dn\u011b, pochopen\u00ed z\u00e1kladn\u00edch pravidel \u0161v\u00e9dsk\u00e9 v\u011btn\u00e9 struktury spoj\u00ed v\u0161echna p\u0159edchoz\u00ed gramatick\u00e1 t\u00e9mata, co\u017e v\u00e1m umo\u017en\u00ed vytv\u00e1\u0159et dob\u0159e utv\u00e1\u0159en\u00e9 v\u011bty a p\u0159esn\u011b a efektivn\u011b se v jazyce vyjad\u0159ovat.<\/p>\n<\/div><\/div>\n\r\n<section class=\"learnNavigationSection\">\r\n            \r\n        <a href=\"https:\/\/talkpal.ai\/cs\/naucte-se-svedsky\/\">\r\n            <div class=\"learnNavigationWrapper\">\r\n                <div class=\"learnNavigationContent\">\r\n                    <img decoding=\"async\" src=\"https:\/\/talkpal.ai\/wp-content\/uploads\/2024\/08\/Swedish.jpg\" alt=\"Swedish Flag\">\r\n                    <div>\r\n                        <h4>O \u0161v\u00e9dsk\u00e9m vzd\u011bl\u00e1v\u00e1n\u00ed<\/h4>\r\n                        <p>Zjist\u011bte v\u0161e o \u0161v\u00e9dsk\u00e9 gramatice.<\/p>\r\n                    <\/div>\r\n                <\/div>\r\n            <\/div>\r\n        <\/a>\r\n\r\n        \r\n        <a href=\"https:\/\/talkpal.ai\/cs\/svedska-gramatika\/\">\r\n            <div class=\"learnNavigationWrapper\">\r\n                <div class=\"learnNavigationContent\">\r\n                    <img decoding=\"async\" src=\"https:\/\/talkpal.ai\/wp-content\/uploads\/2024\/08\/Swedish.jpg\" alt=\"Swedish Flag\">\r\n                    <div>\r\n                        <h4>Cvi\u010den\u00ed ze \u0161v\u00e9dsk\u00e9 gramatiky<\/h4>\r\n                        <p>Procvi\u010dte si \u0161v\u00e9dskou gramatiku.<\/p>\r\n                    <\/div>\r\n                <\/div>\r\n            <\/div>\r\n        <\/a>\r\n\r\n        \r\n        <a href=\"https:\/\/talkpal.ai\/vocabulary_language\/swedish\/\">\r\n            <div class=\"learnNavigationWrapper\">\r\n                <div class=\"learnNavigationContent\">\r\n                    <img decoding=\"async\" src=\"https:\/\/talkpal.ai\/wp-content\/uploads\/2024\/08\/Swedish.jpg\" alt=\"Swedish Flag\">\r\n                    <div>\r\n                        <h4>\u0160v\u00e9dsk\u00e1 slovn\u00ed z\u00e1soba<\/h4>\r\n                        <p>Roz\u0161i\u0159te si \u0161v\u00e9dskou slovn\u00ed z\u00e1sobu.<\/p>\r\n                    <\/div>\r\n                <\/div>\r\n            <\/div>\r\n        <\/a>\r\n\r\n            <\/section>","protected":false},"excerpt":{"rendered":"<p>T\u00e9mata \u0161v\u00e9dsk\u00e9 gramatiky Studium \u0161v\u00e9d\u0161tiny, ofici\u00e1ln\u00edho jazyka \u0160v\u00e9dska a jednoho z \u00fa\u0159edn\u00edch jazyk\u016f Finska, m\u016f\u017ee b\u00fdt obohacuj\u00edc\u00ed zku\u0161enost\u00ed. Nejen, \u017ee v\u00e1s sezn\u00e1m\u00ed s bohatou kulturou a histori\u00ed, ale tak\u00e9 v\u00e1m usnadn\u00ed komunikaci s v\u00edce ne\u017e 10 miliony rodil\u00fdch mluv\u010d\u00edch. Pro efektivn\u00ed v\u00fduku \u0161v\u00e9d\u0161tiny je d\u016fle\u017eit\u00e9 porozum\u011bt r\u016fzn\u00fdm gramatick\u00fdm t\u00e9mat\u016fm a jejich vz\u00e1jemn\u00fdm souvislostem. Tato p\u0159\u00edru\u010dka [&hellip;]<\/p>\n","protected":false},"author":6,"featured_media":108274,"parent":0,"menu_order":0,"comment_status":"closed","ping_status":"closed","template":"LearningContentPage.php","meta":{"_acf_changed":false,"footnotes":""},"class_list":["post-133686","page","type-page","status-publish","has-post-thumbnail","hentry"],"acf":[],"yoast_head":"<!-- This site is optimized with the Yoast SEO Premium plugin v27.2 (Yoast SEO v27.2) - https:\/\/yoast.com\/product\/yoast-seo-premium-wordpress\/ -->\n<title>Cvi\u010den\u00ed na \u0161v\u00e9dskou gramatiku - Talkpal<\/title>\n<meta name=\"description\" content=\"Zlep\u0161ete sv\u00e9 jazykov\u00e9 dovednosti pomoc\u00ed poutav\u00fdch cvi\u010den\u00ed \u0161v\u00e9dsk\u00e9 gramatiky ur\u010den\u00fdch pro v\u0161echny \u00farovn\u011b student\u016f.\" \/>\n<meta name=\"robots\" content=\"index, follow, max-snippet:-1, max-image-preview:large, max-video-preview:-1\" \/>\n<link rel=\"canonical\" href=\"https:\/\/talkpal.ai\/cs\/cviceni-na-svedskou-gramatiku\/\" \/>\n<meta property=\"og:locale\" content=\"cs_CZ\" \/>\n<meta property=\"og:type\" content=\"article\" \/>\n<meta property=\"og:title\" content=\"Cvi\u010den\u00ed na \u0161v\u00e9dskou gramatiku\" \/>\n<meta property=\"og:description\" content=\"T\u00e9mata \u0161v\u00e9dsk\u00e9 gramatiky Studium \u0161v\u00e9d\u0161tiny, ofici\u00e1ln\u00edho jazyka \u0160v\u00e9dska a jednoho z \u00fa\u0159edn\u00edch jazyk\u016f Finska, m\u016f\u017ee b\u00fdt obohacuj\u00edc\u00ed zku\u0161enost\u00ed. Nejen, \u017ee v\u00e1s\" \/>\n<meta property=\"og:url\" content=\"https:\/\/talkpal.ai\/cs\/cviceni-na-svedskou-gramatiku\/\" \/>\n<meta property=\"og:site_name\" content=\"Talkpal\" \/>\n<meta property=\"article:publisher\" content=\"https:\/\/www.facebook.com\/profile.php?id=100090733639311\" \/>\n<meta property=\"article:modified_time\" content=\"2025-12-17T15:30:58+00:00\" \/>\n<meta property=\"og:image\" content=\"https:\/\/talkpal.ai\/wp-content\/uploads\/2023\/04\/sweden.png\" \/>\n\t<meta property=\"og:image:width\" content=\"512\" \/>\n\t<meta property=\"og:image:height\" content=\"512\" \/>\n\t<meta property=\"og:image:type\" content=\"image\/png\" \/>\n<meta name=\"twitter:card\" content=\"summary_large_image\" \/>\n<meta name=\"twitter:site\" content=\"@talkpalai\" \/>\n<meta name=\"twitter:label1\" content=\"Odhadovan\u00e1 doba \u010dten\u00ed\" \/>\n\t<meta name=\"twitter:data1\" content=\"4 minuty\" \/>\n<script type=\"application\/ld+json\" class=\"yoast-schema-graph\">{\"@context\":\"https:\/\/schema.org\",\"@graph\":[{\"@type\":\"WebPage\",\"@id\":\"https:\/\/talkpal.ai\/cs\/cviceni-na-svedskou-gramatiku\/\",\"url\":\"https:\/\/talkpal.ai\/cs\/cviceni-na-svedskou-gramatiku\/\",\"name\":\"Cvi\u010den\u00ed na \u0161v\u00e9dskou gramatiku - Talkpal\",\"isPartOf\":{\"@id\":\"https:\/\/talkpal.ai\/cs\/#website\"},\"primaryImageOfPage\":{\"@id\":\"https:\/\/talkpal.ai\/cs\/cviceni-na-svedskou-gramatiku\/#primaryimage\"},\"image\":{\"@id\":\"https:\/\/talkpal.ai\/cs\/cviceni-na-svedskou-gramatiku\/#primaryimage\"},\"thumbnailUrl\":\"https:\/\/talkpal.ai\/wp-content\/uploads\/2023\/04\/sweden.png\",\"datePublished\":\"2023-06-16T10:01:38+00:00\",\"dateModified\":\"2025-12-17T15:30:58+00:00\",\"description\":\"Zlep\u0161ete sv\u00e9 jazykov\u00e9 dovednosti pomoc\u00ed poutav\u00fdch cvi\u010den\u00ed \u0161v\u00e9dsk\u00e9 gramatiky ur\u010den\u00fdch pro v\u0161echny \u00farovn\u011b student\u016f.\",\"breadcrumb\":{\"@id\":\"https:\/\/talkpal.ai\/cs\/cviceni-na-svedskou-gramatiku\/#breadcrumb\"},\"inLanguage\":\"cs\",\"potentialAction\":[{\"@type\":\"ReadAction\",\"target\":[\"https:\/\/talkpal.ai\/cs\/cviceni-na-svedskou-gramatiku\/\"]}]},{\"@type\":\"ImageObject\",\"inLanguage\":\"cs\",\"@id\":\"https:\/\/talkpal.ai\/cs\/cviceni-na-svedskou-gramatiku\/#primaryimage\",\"url\":\"https:\/\/talkpal.ai\/wp-content\/uploads\/2023\/04\/sweden.png\",\"contentUrl\":\"https:\/\/talkpal.ai\/wp-content\/uploads\/2023\/04\/sweden.png\",\"width\":512,\"height\":512},{\"@type\":\"BreadcrumbList\",\"@id\":\"https:\/\/talkpal.ai\/cs\/cviceni-na-svedskou-gramatiku\/#breadcrumb\",\"itemListElement\":[{\"@type\":\"ListItem\",\"position\":1,\"name\":\"Homepage\",\"item\":\"https:\/\/talkpal.ai\/cs\/\"},{\"@type\":\"ListItem\",\"position\":2,\"name\":\"Cvi\u010den\u00ed na \u0161v\u00e9dskou gramatiku\"}]},{\"@type\":\"WebSite\",\"@id\":\"https:\/\/talkpal.ai\/cs\/#website\",\"url\":\"https:\/\/talkpal.ai\/cs\/\",\"name\":\"Talkpal\",\"description\":\"AI Language Learning\",\"publisher\":{\"@id\":\"https:\/\/talkpal.ai\/cs\/#organization\"},\"alternateName\":\"Talkpal AI\",\"potentialAction\":[{\"@type\":\"SearchAction\",\"target\":{\"@type\":\"EntryPoint\",\"urlTemplate\":\"https:\/\/talkpal.ai\/cs\/?s={search_term_string}\"},\"query-input\":{\"@type\":\"PropertyValueSpecification\",\"valueRequired\":true,\"valueName\":\"search_term_string\"}}],\"inLanguage\":\"cs\"},{\"@type\":\"Organization\",\"@id\":\"https:\/\/talkpal.ai\/cs\/#organization\",\"name\":\"Talkpal, Inc.\",\"alternateName\":\"Talkpal AI\",\"url\":\"https:\/\/talkpal.ai\/cs\/\",\"logo\":{\"@type\":\"ImageObject\",\"inLanguage\":\"cs\",\"@id\":\"https:\/\/talkpal.ai\/cs\/#\/schema\/logo\/image\/\",\"url\":\"https:\/\/talkpal.ai\/wp-content\/uploads\/2024\/03\/Talkpal-Logo-Icon.png\",\"contentUrl\":\"https:\/\/talkpal.ai\/wp-content\/uploads\/2024\/03\/Talkpal-Logo-Icon.png\",\"width\":2880,\"height\":2880,\"caption\":\"Talkpal, Inc.\"},\"image\":{\"@id\":\"https:\/\/talkpal.ai\/cs\/#\/schema\/logo\/image\/\"},\"sameAs\":[\"https:\/\/www.facebook.com\/profile.php?id=100090733639311\",\"https:\/\/x.com\/talkpalai\",\"https:\/\/www.linkedin.com\/company\/talkpal\/\",\"https:\/\/www.youtube.com\/@TalkPal\/\",\"https:\/\/www.tiktok.com\/@talkpal\",\"https:\/\/www.instagram.com\/talkpal_ai\/\",\"https:\/\/www.crunchbase.com\/organization\/talkpal-9cde\",\"https:\/\/www.g2.com\/products\/talkpal-for-business\/\",\"https:\/\/www.trustpilot.com\/review\/talkpal.ai\",\"https:\/\/www.capterra.com\/p\/10006800\/TalkPal\/\"],\"description\":\"Talkpal is a language learning web and mobile education app, powered by the latest AI technologies, that provides engaging experiences to its customers in many different languages to help them improve their language skills. Users can chat about unlimited amount of topics with the app and use other modes to practice their language learning.\",\"email\":\"support@talkpal.ai\",\"legalName\":\"Talkpal, Inc.\",\"foundingDate\":\"2023-04-03\",\"duns\":\"118989042\",\"numberOfEmployees\":{\"@type\":\"QuantitativeValue\",\"minValue\":\"11\",\"maxValue\":\"50\"},\"publishingPrinciples\":\"https:\/\/talkpal.ai\/publishing-principles\/\",\"actionableFeedbackPolicy\":\"https:\/\/talkpal.ai\/actionable-feedback-policy\/\",\"correctionsPolicy\":\"https:\/\/talkpal.ai\/corrections-policy\/\",\"ethicsPolicy\":\"https:\/\/talkpal.ai\/ethics-policy\/\",\"diversityPolicy\":\"https:\/\/talkpal.ai\/diversity-policy\/\",\"diversityStaffingReport\":\"https:\/\/talkpal.ai\/diversity-policy\/\"}]}<\/script>\n<!-- \/ Yoast SEO Premium plugin. -->","yoast_head_json":{"title":"Cvi\u010den\u00ed na \u0161v\u00e9dskou gramatiku - Talkpal","description":"Zlep\u0161ete sv\u00e9 jazykov\u00e9 dovednosti pomoc\u00ed poutav\u00fdch cvi\u010den\u00ed \u0161v\u00e9dsk\u00e9 gramatiky ur\u010den\u00fdch pro v\u0161echny \u00farovn\u011b student\u016f.","robots":{"index":"index","follow":"follow","max-snippet":"max-snippet:-1","max-image-preview":"max-image-preview:large","max-video-preview":"max-video-preview:-1"},"canonical":"https:\/\/talkpal.ai\/cs\/cviceni-na-svedskou-gramatiku\/","og_locale":"cs_CZ","og_type":"article","og_title":"Cvi\u010den\u00ed na \u0161v\u00e9dskou gramatiku","og_description":"T\u00e9mata \u0161v\u00e9dsk\u00e9 gramatiky Studium \u0161v\u00e9d\u0161tiny, ofici\u00e1ln\u00edho jazyka \u0160v\u00e9dska a jednoho z \u00fa\u0159edn\u00edch jazyk\u016f Finska, m\u016f\u017ee b\u00fdt obohacuj\u00edc\u00ed zku\u0161enost\u00ed. Nejen, \u017ee v\u00e1s","og_url":"https:\/\/talkpal.ai\/cs\/cviceni-na-svedskou-gramatiku\/","og_site_name":"Talkpal","article_publisher":"https:\/\/www.facebook.com\/profile.php?id=100090733639311","article_modified_time":"2025-12-17T15:30:58+00:00","og_image":[{"width":512,"height":512,"url":"https:\/\/talkpal.ai\/wp-content\/uploads\/2023\/04\/sweden.png","type":"image\/png"}],"twitter_card":"summary_large_image","twitter_site":"@talkpalai","twitter_misc":{"Odhadovan\u00e1 doba \u010dten\u00ed":"4 minuty"},"schema":{"@context":"https:\/\/schema.org","@graph":[{"@type":"WebPage","@id":"https:\/\/talkpal.ai\/cs\/cviceni-na-svedskou-gramatiku\/","url":"https:\/\/talkpal.ai\/cs\/cviceni-na-svedskou-gramatiku\/","name":"Cvi\u010den\u00ed na \u0161v\u00e9dskou gramatiku - Talkpal","isPartOf":{"@id":"https:\/\/talkpal.ai\/cs\/#website"},"primaryImageOfPage":{"@id":"https:\/\/talkpal.ai\/cs\/cviceni-na-svedskou-gramatiku\/#primaryimage"},"image":{"@id":"https:\/\/talkpal.ai\/cs\/cviceni-na-svedskou-gramatiku\/#primaryimage"},"thumbnailUrl":"https:\/\/talkpal.ai\/wp-content\/uploads\/2023\/04\/sweden.png","datePublished":"2023-06-16T10:01:38+00:00","dateModified":"2025-12-17T15:30:58+00:00","description":"Zlep\u0161ete sv\u00e9 jazykov\u00e9 dovednosti pomoc\u00ed poutav\u00fdch cvi\u010den\u00ed \u0161v\u00e9dsk\u00e9 gramatiky ur\u010den\u00fdch pro v\u0161echny \u00farovn\u011b student\u016f.","breadcrumb":{"@id":"https:\/\/talkpal.ai\/cs\/cviceni-na-svedskou-gramatiku\/#breadcrumb"},"inLanguage":"cs","potentialAction":[{"@type":"ReadAction","target":["https:\/\/talkpal.ai\/cs\/cviceni-na-svedskou-gramatiku\/"]}]},{"@type":"ImageObject","inLanguage":"cs","@id":"https:\/\/talkpal.ai\/cs\/cviceni-na-svedskou-gramatiku\/#primaryimage","url":"https:\/\/talkpal.ai\/wp-content\/uploads\/2023\/04\/sweden.png","contentUrl":"https:\/\/talkpal.ai\/wp-content\/uploads\/2023\/04\/sweden.png","width":512,"height":512},{"@type":"BreadcrumbList","@id":"https:\/\/talkpal.ai\/cs\/cviceni-na-svedskou-gramatiku\/#breadcrumb","itemListElement":[{"@type":"ListItem","position":1,"name":"Homepage","item":"https:\/\/talkpal.ai\/cs\/"},{"@type":"ListItem","position":2,"name":"Cvi\u010den\u00ed na \u0161v\u00e9dskou gramatiku"}]},{"@type":"WebSite","@id":"https:\/\/talkpal.ai\/cs\/#website","url":"https:\/\/talkpal.ai\/cs\/","name":"Talkpal","description":"AI Language Learning","publisher":{"@id":"https:\/\/talkpal.ai\/cs\/#organization"},"alternateName":"Talkpal AI","potentialAction":[{"@type":"SearchAction","target":{"@type":"EntryPoint","urlTemplate":"https:\/\/talkpal.ai\/cs\/?s={search_term_string}"},"query-input":{"@type":"PropertyValueSpecification","valueRequired":true,"valueName":"search_term_string"}}],"inLanguage":"cs"},{"@type":"Organization","@id":"https:\/\/talkpal.ai\/cs\/#organization","name":"Talkpal, Inc.","alternateName":"Talkpal AI","url":"https:\/\/talkpal.ai\/cs\/","logo":{"@type":"ImageObject","inLanguage":"cs","@id":"https:\/\/talkpal.ai\/cs\/#\/schema\/logo\/image\/","url":"https:\/\/talkpal.ai\/wp-content\/uploads\/2024\/03\/Talkpal-Logo-Icon.png","contentUrl":"https:\/\/talkpal.ai\/wp-content\/uploads\/2024\/03\/Talkpal-Logo-Icon.png","width":2880,"height":2880,"caption":"Talkpal, Inc."},"image":{"@id":"https:\/\/talkpal.ai\/cs\/#\/schema\/logo\/image\/"},"sameAs":["https:\/\/www.facebook.com\/profile.php?id=100090733639311","https:\/\/x.com\/talkpalai","https:\/\/www.linkedin.com\/company\/talkpal\/","https:\/\/www.youtube.com\/@TalkPal\/","https:\/\/www.tiktok.com\/@talkpal","https:\/\/www.instagram.com\/talkpal_ai\/","https:\/\/www.crunchbase.com\/organization\/talkpal-9cde","https:\/\/www.g2.com\/products\/talkpal-for-business\/","https:\/\/www.trustpilot.com\/review\/talkpal.ai","https:\/\/www.capterra.com\/p\/10006800\/TalkPal\/"],"description":"Talkpal is a language learning web and mobile education app, powered by the latest AI technologies, that provides engaging experiences to its customers in many different languages to help them improve their language skills. Users can chat about unlimited amount of topics with the app and use other modes to practice their language learning.","email":"support@talkpal.ai","legalName":"Talkpal, Inc.","foundingDate":"2023-04-03","duns":"118989042","numberOfEmployees":{"@type":"QuantitativeValue","minValue":"11","maxValue":"50"},"publishingPrinciples":"https:\/\/talkpal.ai\/publishing-principles\/","actionableFeedbackPolicy":"https:\/\/talkpal.ai\/actionable-feedback-policy\/","correctionsPolicy":"https:\/\/talkpal.ai\/corrections-policy\/","ethicsPolicy":"https:\/\/talkpal.ai\/ethics-policy\/","diversityPolicy":"https:\/\/talkpal.ai\/diversity-policy\/","diversityStaffingReport":"https:\/\/talkpal.ai\/diversity-policy\/"}]}},"_links":{"self":[{"href":"https:\/\/talkpal.ai\/cs\/wp-json\/wp\/v2\/pages\/133686","targetHints":{"allow":["GET"]}}],"collection":[{"href":"https:\/\/talkpal.ai\/cs\/wp-json\/wp\/v2\/pages"}],"about":[{"href":"https:\/\/talkpal.ai\/cs\/wp-json\/wp\/v2\/types\/page"}],"author":[{"embeddable":true,"href":"https:\/\/talkpal.ai\/cs\/wp-json\/wp\/v2\/users\/6"}],"replies":[{"embeddable":true,"href":"https:\/\/talkpal.ai\/cs\/wp-json\/wp\/v2\/comments?post=133686"}],"version-history":[{"count":0,"href":"https:\/\/talkpal.ai\/cs\/wp-json\/wp\/v2\/pages\/133686\/revisions"}],"wp:featuredmedia":[{"embeddable":true,"href":"https:\/\/talkpal.ai\/cs\/wp-json\/wp\/v2\/media\/108274"}],"wp:attachment":[{"href":"https:\/\/talkpal.ai\/cs\/wp-json\/wp\/v2\/media?parent=133686"}],"curies":[{"name":"wp","href":"https:\/\/api.w.org\/{rel}","templated":true}]}}