{"id":133252,"date":"2023-06-16T09:41:10","date_gmt":"2023-06-16T09:41:10","guid":{"rendered":"http:\/\/talkpal.ai\/cviceni-z-nizozemske-gramatiky\/"},"modified":"2025-12-17T15:28:40","modified_gmt":"2025-12-17T15:28:40","slug":"cviceni-z-nizozemske-gramatiky","status":"publish","type":"page","link":"https:\/\/talkpal.ai\/cs\/cviceni-z-nizozemske-gramatiky\/","title":{"rendered":"Cvi\u010den\u00ed z nizozemsk\u00e9 gramatiky"},"content":{"rendered":"\r\n\r\n\r\n<section class=\"languageChallengeSection\">\r\n    <div class=\"languageInfoWrapper\">\r\n        \r\n        <h1>Cvi\u010den\u00ed z nizozemsk\u00e9 gramatiky<\/h1>\r\n        <p>Chcete si b\u00fdt jist\u011bj\u0161\u00ed v nizozem\u0161tin\u011b? Procvi\u010dov\u00e1n\u00ed gramatick\u00fdch cvi\u010den\u00ed je skv\u011bl\u00fdm zp\u016fsobem, jak si osvojit strukturu v\u011bt, \u010dasov\u00e1n\u00ed sloves a jedine\u010dn\u00e9 vzorce nizozemsk\u00e9ho jazyka. Za\u010dn\u011bte pracovat na nizozemsk\u00e9 gramatice je\u0161t\u011b dnes a sledujte, jak s ka\u017ed\u00fdm cvi\u010den\u00edm rostou va\u0161e dovednosti a plynulost!\n\n<\/p>\r\n\r\n                            <a class=\"getStartedHidden\" href=\"https:\/\/app.talkpal.ai\/cs\/signup?lng=\">Za\u010dni<\/a>\r\n        \r\n    <\/div>\r\n\r\n    <figure>\r\n    <img decoding=\"async\" width=\"768\" height=\"768\" src=\"https:\/\/talkpal.ai\/wp-content\/uploads\/2023\/06\/Dutch-768x768.png\" class=\"languageImage no-lazy\" alt=\"Developing skills through language learning\" fetchpriority=\"high\" sizes=\"(max-width: 768px) 150px, 768px\" srcset=\"https:\/\/talkpal.ai\/wp-content\/uploads\/2023\/06\/Dutch-768x768.png 768w, https:\/\/talkpal.ai\/wp-content\/uploads\/2023\/06\/Dutch-300x300.png 300w\" \/>\r\n    \r\n\r\n    <\/figure>\r\n\r\n            <a class=\"getStartedVisible\" href=\"https:\/\/app.talkpal.ai\/cs\/signup?lng=\">Za\u010dni<\/a>\r\n    \r\n<\/section>\r\n\r\n\r\n<!-- <section class=\"grammarSection\">\r\n    <div class=\"grammarLinks\">\r\n            <\/div>\r\n<\/section> -->\r\n\r\n\r\n\r\n\r\n<section class=\"promotionalBanner\">\r\n    <p class=\"promotionalText\">Nejefektivn\u011bj\u0161\u00ed <a href=\"https:\/\/talkpal.ai\/best-way-to-learn\/\">zp\u016fsob<\/a>, jak se nau\u010dit jazyk<\/p>\r\n    <a class=\"promotionalLink\" href=\"https:\/\/app.talkpal.ai\/cs\/signup?lng=\">Vyzkou\u0161ejte Talkpal zdarma<\/a>\r\n<\/section>\n<div class=\"wp-block-group pageContainerStyle\"><div class=\"wp-block-group__inner-container is-layout-constrained wp-block-group-is-layout-constrained\">\n<h2 class=\"wp-block-heading\" id=\"h-dutch-grammar-topics\">T\u00e9mata nizozemsk\u00e9 gramatiky<\/h2>\n\n\n\n<p>Studium nizozem\u0161tiny m\u016f\u017ee b\u00fdt vzru\u0161uj\u00edc\u00ed a obohacuj\u00edc\u00ed zku\u0161enost\u00ed, proto\u017ee otev\u00edr\u00e1 dve\u0159e bohat\u00e9 kultu\u0159e, historii a p\u0159\u00edle\u017eitostem k osobn\u00edmu a profesn\u00edmu r\u016fstu. Nizozem\u0161tina, i kdy\u017e je bl\u00edzce p\u0159\u00edbuzn\u00e1 angli\u010dtin\u011b a n\u011bm\u010din\u011b, m\u00e1 sv\u00e1 vlastn\u00ed jedine\u010dn\u00e1 gramatick\u00e1 pravidla a strukturu, co\u017e se m\u016f\u017ee na prvn\u00ed pohled zd\u00e1t n\u00e1ro\u010dn\u00e9. S odhodl\u00e1n\u00edm a spr\u00e1vn\u00fdm p\u0159\u00edstupem v\u0161ak zvl\u00e1dnete holand\u0161tinu a plynule komunikovat s rodil\u00fdmi mluv\u010d\u00edmi. V t\u00e9to p\u0159\u00edru\u010dce prozkoum\u00e1me n\u011bkter\u00e1 z\u00e1kladn\u00ed t\u00e9mata nizozemsk\u00e9 gramatiky seskupen\u00e1 v po\u0159ad\u00ed, kter\u00e9 v\u00e1m pom\u016f\u017ee nau\u010dit se jazyk systematicky a efektivn\u011b.<\/p>\n\n\n\n<h3 class=\"wp-block-heading\" id=\"h-1-nouns-and-articles\">1. Podstatn\u00e1 jm\u00e9na a \u010dleny:<\/h3>\n\n\n\n<p>Za\u010dn\u011bte t\u00edm, \u017ee se sezn\u00e1m\u00edte s nizozemsk\u00fdmi podstatn\u00fdmi jm\u00e9ny a jejich klasifikac\u00ed rodu (b\u011b\u017en\u00fd a st\u0159edn\u00ed). Nau\u010dte se ur\u010dit\u00e9 a neur\u010dit\u00e9 \u010dleny, kter\u00e9 je doprov\u00e1zej\u00ed, a tak\u00e9 tvary mno\u017en\u00e9ho \u010d\u00edsla a zdrobn\u011bliny.<\/p>\n\n\n\n<h3 class=\"wp-block-heading\" id=\"h-2-adjectives\">2. P\u0159\u00eddavn\u00e1 jm\u00e9na:<\/h3>\n\n\n\n<p>D\u00e1le si prostudujte pravidla pro shodu p\u0159\u00eddavn\u00fdch jmen s podstatn\u00fdmi jm\u00e9ny z hlediska rodu, \u010d\u00edsla a p\u0159\u00edtomnosti ur\u010dit\u00fdch \u010dlen\u016f. Nau\u010dte se, jak se na z\u00e1klad\u011b t\u011bchto faktor\u016f sklo\u0148uj\u00ed p\u0159\u00eddavn\u00e1 jm\u00e9na a jak pou\u017e\u00edvat komparativy a superlativy.<\/p>\n\n\n\n<h3 class=\"wp-block-heading\" id=\"h-3-pronouns\">3. Z\u00e1jmena:<\/h3>\n\n\n\n<p>Pono\u0159te se do sv\u011bta nizozemsk\u00fdch z\u00e1jmen, v\u010detn\u011b osobn\u00edch, p\u0159ivlast\u0148ovac\u00edch, ukazovac\u00edch, zvratn\u00fdch a vzta\u017en\u00fdch z\u00e1jmen. Pochopte, jak nahrazuj\u00ed podstatn\u00e1 jm\u00e9na a jak se s nimi shoduj\u00ed, pokud jde o rod a \u010d\u00edslo.<\/p>\n\n\n\n<h3 class=\"wp-block-heading\" id=\"h-4-verbs\">4. Slovesa:<\/h3>\n\n\n\n<p>Nyn\u00ed se zam\u011b\u0159te na nizozemsk\u00e1 slovesa a jejich \u010dasov\u00e1n\u00ed v p\u0159\u00edtomn\u00e9m, minul\u00e9m a budouc\u00edm \u010dase. Nau\u010dte se rozd\u00edl mezi siln\u00fdmi, slab\u00fdmi a nepravideln\u00fdmi slovesy a seznamte se s pravidly pro tvo\u0159en\u00ed p\u0159edfektu a p\u0159edfekta.<\/p>\n\n\n\n<h3 class=\"wp-block-heading\" id=\"h-5-tenses-indicative\">5. Indikativn\u00ed \u010dasy:<\/h3>\n\n\n\n<p>Prostudujte si orienta\u010dn\u00ed n\u00e1ladu v nizozem\u0161tin\u011b, kter\u00e1 se pou\u017e\u00edv\u00e1 k vyj\u00e1d\u0159en\u00ed fakt\u016f a pravd\u011bpodobnosti. Nau\u010dte se \u010dasovat slovesa v p\u0159\u00edtomn\u00e9m, minul\u00e9m a budouc\u00edm \u010dase v tomto rozpolo\u017een\u00ed, stejn\u011b jako podmi\u0148ovac\u00ed a rozkazovac\u00ed zp\u016fsob.<\/p>\n\n\n\n<h3 class=\"wp-block-heading\" id=\"h-6-tenses-subjunctive\">6. Konjunktiv \u010das\u016f:<\/h3>\n\n\n\n<p>A\u010dkoli je <a href=\"https:\/\/talkpal.ai\/ja\/grammar_exercises\/konjunktiv-%e3%83%89%e3%82%a4%e3%83%84%e6%96%87%e6%b3%95%e3%81%ae%e6%bc%94%e7%bf%92\/\">konjunktiv<\/a> v modern\u00ed nizozem\u0161tin\u011b m\u00e9n\u011b \u010dast\u00fd, je nezbytn\u00fd pro porozum\u011bn\u00ed star\u0161\u00edm text\u016fm a form\u00e1ln\u00edmu jazyku. Nau\u010dte se, jak v nizozem\u0161tin\u011b tvo\u0159it <a href=\"https:\/\/talkpal.ai\/ja\/grammar_exercises\/konjunktiv-%e3%83%89%e3%82%a4%e3%83%84%e6%96%87%e6%b3%95%e3%81%ae%e6%bc%94%e7%bf%92\/\">konjunktiv<\/a> a kdy ho pou\u017e\u00edt.<\/p>\n\n\n\n<h3 class=\"wp-block-heading\" id=\"h-7-tense-comparison\">7. Srovn\u00e1n\u00ed \u010das\u016f:<\/h3>\n\n\n\n<p>Po zvl\u00e1dnut\u00ed r\u016fzn\u00fdch \u010das\u016f se zam\u011b\u0159te na pochopen\u00ed rozd\u00edl\u016f a podobnost\u00ed mezi nimi. Nau\u010dte se, jak spr\u00e1vn\u011b pou\u017e\u00edvat jednotliv\u00e9 \u010dasy v kontextu a jak na sebe vz\u00e1jemn\u011b p\u016fsob\u00ed.<\/p>\n\n\n\n<h3 class=\"wp-block-heading\" id=\"h-8-adverbs\">8. P\u0159\u00edslovce:<\/h3>\n\n\n\n<p>Studium nizozemsk\u00fdch p\u0159\u00edslovc\u00ed a jejich r\u016fzn\u00fdch funkc\u00ed ve v\u011bt\u00e1ch. Nau\u010dte se, jak tvo\u0159it p\u0159\u00edslovce z p\u0159\u00eddavn\u00fdch jmen a jak je pou\u017e\u00edvat k \u00faprav\u011b sloves, p\u0159\u00eddavn\u00fdch jmen a dal\u0161\u00edch p\u0159\u00edslovc\u00ed.<\/p>\n\n\n\n<h3 class=\"wp-block-heading\" id=\"h-9-prepositions\">9. P\u0159edlo\u017eky:<\/h3>\n\n\n\n<p>Rozv\u00edjejte dobr\u00e9 porozum\u011bn\u00ed nizozemsk\u00fdm p\u0159edlo\u017ek\u00e1m a jejich pou\u017eit\u00ed s podstatn\u00fdmi jm\u00e9ny, z\u00e1jmeny a slovesy. Zjist\u011bte, jak vyjad\u0159uj\u00ed vztahy v \u010dase, prostoru a dal\u0161\u00edch kontextech.<\/p>\n\n\n\n<h3 class=\"wp-block-heading\" id=\"h-10-sentence-structure\">10. V\u011btn\u00e1 stavba:<\/h3>\n\n\n\n<p>Nakonec to v\u0161e spojte dohromady studiem holandsk\u00e9 v\u011btn\u00e9 struktury a slovosledu. Nau\u010dte se pravidla pro konstrukci jednoduch\u00fdch a slo\u017eit\u00fdch v\u011bt, v\u010detn\u011b v\u011bt oznamovac\u00edch, t\u00e1zac\u00edch, rozkazovac\u00edch a zvola\u010dn\u00edch.<\/p>\n\n\n\n<p>Dodr\u017eov\u00e1n\u00edm t\u00e9to posloupnosti gramatick\u00fdch t\u00e9mat a v\u011bnov\u00e1n\u00edm \u010dasu procvi\u010dov\u00e1n\u00ed a opakov\u00e1n\u00ed budete na dobr\u00e9 cest\u011b ke zvl\u00e1dnut\u00ed nizozemsk\u00e9ho jazyka. Pamatujte, \u017ee d\u016fslednost a trp\u011blivost jsou kl\u00ed\u010dem k u\u010den\u00ed se jak\u00e9mukoli nov\u00e9mu jazyku. Hodn\u011b \u0161t\u011bst\u00ed a u\u017eijte si cestu!<\/p>\n<\/div><\/div>\n\r\n<section class=\"learnNavigationSection\">\r\n            \r\n        <a href=\"https:\/\/talkpal.ai\/cs\/naucte-se-holandsky\/\">\r\n            <div class=\"learnNavigationWrapper\">\r\n                <div class=\"learnNavigationContent\">\r\n                    <img decoding=\"async\" src=\"https:\/\/talkpal.ai\/wp-content\/uploads\/2024\/08\/Dutch.jpg\" alt=\"Netherlands Flag\">\r\n                    <div>\r\n                        <h4>O nizozemsk\u00e9m vzd\u011bl\u00e1v\u00e1n\u00ed<\/h4>\r\n                        <p>Zjist\u011bte v\u0161e o holandsk\u00e9 gramatice.<\/p>\r\n                    <\/div>\r\n                <\/div>\r\n            <\/div>\r\n        <\/a>\r\n\r\n        \r\n        <a href=\"https:\/\/talkpal.ai\/cs\/holandska-gramatika\/\">\r\n            <div class=\"learnNavigationWrapper\">\r\n                <div class=\"learnNavigationContent\">\r\n                    <img decoding=\"async\" src=\"https:\/\/talkpal.ai\/wp-content\/uploads\/2024\/08\/Dutch.jpg\" alt=\"Netherlands Flag\">\r\n                    <div>\r\n                        <h4>Lekce nizozemsk\u00e9 gramatiky<\/h4>\r\n                        <p>Procvi\u010dte si nizozemskou gramatiku.<\/p>\r\n                    <\/div>\r\n                <\/div>\r\n            <\/div>\r\n        <\/a>\r\n\r\n        \r\n        <a href=\"https:\/\/talkpal.ai\/vocabulary_language\/dutch\/\">\r\n            <div class=\"learnNavigationWrapper\">\r\n                <div class=\"learnNavigationContent\">\r\n                    <img decoding=\"async\" src=\"https:\/\/talkpal.ai\/wp-content\/uploads\/2024\/08\/Dutch.jpg\" alt=\"Netherlands Flag\">\r\n                    <div>\r\n                        <h4>Nizozemsk\u00e1 slovn\u00ed z\u00e1soba<\/h4>\r\n                        <p>Roz\u0161i\u0159te si slovn\u00ed z\u00e1sobu nizozem\u0161tiny.<\/p>\r\n                    <\/div>\r\n                <\/div>\r\n            <\/div>\r\n        <\/a>\r\n\r\n            <\/section>","protected":false},"excerpt":{"rendered":"<p>T\u00e9mata nizozemsk\u00e9 gramatiky Studium nizozem\u0161tiny m\u016f\u017ee b\u00fdt vzru\u0161uj\u00edc\u00ed a obohacuj\u00edc\u00ed zku\u0161enost\u00ed, proto\u017ee otev\u00edr\u00e1 dve\u0159e bohat\u00e9 kultu\u0159e, historii a p\u0159\u00edle\u017eitostem k osobn\u00edmu a profesn\u00edmu r\u016fstu. Nizozem\u0161tina, i kdy\u017e je bl\u00edzce p\u0159\u00edbuzn\u00e1 angli\u010dtin\u011b a n\u011bm\u010din\u011b, m\u00e1 sv\u00e1 vlastn\u00ed jedine\u010dn\u00e1 gramatick\u00e1 pravidla a strukturu, co\u017e se m\u016f\u017ee na prvn\u00ed pohled zd\u00e1t n\u00e1ro\u010dn\u00e9. S odhodl\u00e1n\u00edm a spr\u00e1vn\u00fdm p\u0159\u00edstupem v\u0161ak [&hellip;]<\/p>\n","protected":false},"author":6,"featured_media":106303,"parent":0,"menu_order":0,"comment_status":"closed","ping_status":"closed","template":"LearningContentPage.php","meta":{"_acf_changed":false,"footnotes":""},"class_list":["post-133252","page","type-page","status-publish","has-post-thumbnail","hentry"],"acf":[],"yoast_head":"<!-- This site is optimized with the Yoast SEO Premium plugin v27.2 (Yoast SEO v27.2) - https:\/\/yoast.com\/product\/yoast-seo-premium-wordpress\/ -->\n<title>Cvi\u010den\u00ed z nizozemsk\u00e9 gramatiky - Talkpal<\/title>\n<meta name=\"description\" content=\"Zlep\u0161ete sv\u00e9 jazykov\u00e9 dovednosti pomoc\u00ed interaktivn\u00edch cvi\u010den\u00ed z nizozemsk\u00e9 gramatiky od spole\u010dnosti Talkpal, va\u0161eho jazykov\u00e9ho u\u010ditele s um\u011blou inteligenc\u00ed.\" \/>\n<meta name=\"robots\" content=\"index, follow, max-snippet:-1, max-image-preview:large, max-video-preview:-1\" \/>\n<link rel=\"canonical\" href=\"https:\/\/talkpal.ai\/cs\/cviceni-z-nizozemske-gramatiky\/\" \/>\n<meta property=\"og:locale\" content=\"cs_CZ\" \/>\n<meta property=\"og:type\" content=\"article\" \/>\n<meta property=\"og:title\" content=\"Cvi\u010den\u00ed z nizozemsk\u00e9 gramatiky\" \/>\n<meta property=\"og:description\" content=\"T\u00e9mata nizozemsk\u00e9 gramatiky Studium nizozem\u0161tiny m\u016f\u017ee b\u00fdt vzru\u0161uj\u00edc\u00ed a obohacuj\u00edc\u00ed zku\u0161enost\u00ed, proto\u017ee otev\u00edr\u00e1 dve\u0159e bohat\u00e9 kultu\u0159e, historii a\" \/>\n<meta property=\"og:url\" content=\"https:\/\/talkpal.ai\/cs\/cviceni-z-nizozemske-gramatiky\/\" \/>\n<meta property=\"og:site_name\" content=\"Talkpal\" \/>\n<meta property=\"article:publisher\" content=\"https:\/\/www.facebook.com\/profile.php?id=100090733639311\" \/>\n<meta property=\"article:modified_time\" content=\"2025-12-17T15:28:40+00:00\" \/>\n<meta property=\"og:image\" content=\"https:\/\/talkpal.ai\/wp-content\/uploads\/2023\/04\/netherlands-dutch.png\" \/>\n\t<meta property=\"og:image:width\" content=\"512\" \/>\n\t<meta property=\"og:image:height\" content=\"512\" \/>\n\t<meta property=\"og:image:type\" content=\"image\/png\" \/>\n<meta name=\"twitter:card\" content=\"summary_large_image\" \/>\n<meta name=\"twitter:site\" content=\"@talkpalai\" \/>\n<meta name=\"twitter:label1\" content=\"Odhadovan\u00e1 doba \u010dten\u00ed\" \/>\n\t<meta name=\"twitter:data1\" content=\"3 minuty\" \/>\n<script type=\"application\/ld+json\" class=\"yoast-schema-graph\">{\"@context\":\"https:\/\/schema.org\",\"@graph\":[{\"@type\":\"WebPage\",\"@id\":\"https:\/\/talkpal.ai\/cs\/cviceni-z-nizozemske-gramatiky\/\",\"url\":\"https:\/\/talkpal.ai\/cs\/cviceni-z-nizozemske-gramatiky\/\",\"name\":\"Cvi\u010den\u00ed z nizozemsk\u00e9 gramatiky - Talkpal\",\"isPartOf\":{\"@id\":\"https:\/\/talkpal.ai\/cs\/#website\"},\"primaryImageOfPage\":{\"@id\":\"https:\/\/talkpal.ai\/cs\/cviceni-z-nizozemske-gramatiky\/#primaryimage\"},\"image\":{\"@id\":\"https:\/\/talkpal.ai\/cs\/cviceni-z-nizozemske-gramatiky\/#primaryimage\"},\"thumbnailUrl\":\"https:\/\/talkpal.ai\/wp-content\/uploads\/2023\/04\/netherlands-dutch.png\",\"datePublished\":\"2023-06-16T09:41:10+00:00\",\"dateModified\":\"2025-12-17T15:28:40+00:00\",\"description\":\"Zlep\u0161ete sv\u00e9 jazykov\u00e9 dovednosti pomoc\u00ed interaktivn\u00edch cvi\u010den\u00ed z nizozemsk\u00e9 gramatiky od spole\u010dnosti Talkpal, va\u0161eho jazykov\u00e9ho u\u010ditele s um\u011blou inteligenc\u00ed.\",\"breadcrumb\":{\"@id\":\"https:\/\/talkpal.ai\/cs\/cviceni-z-nizozemske-gramatiky\/#breadcrumb\"},\"inLanguage\":\"cs\",\"potentialAction\":[{\"@type\":\"ReadAction\",\"target\":[\"https:\/\/talkpal.ai\/cs\/cviceni-z-nizozemske-gramatiky\/\"]}]},{\"@type\":\"ImageObject\",\"inLanguage\":\"cs\",\"@id\":\"https:\/\/talkpal.ai\/cs\/cviceni-z-nizozemske-gramatiky\/#primaryimage\",\"url\":\"https:\/\/talkpal.ai\/wp-content\/uploads\/2023\/04\/netherlands-dutch.png\",\"contentUrl\":\"https:\/\/talkpal.ai\/wp-content\/uploads\/2023\/04\/netherlands-dutch.png\",\"width\":512,\"height\":512},{\"@type\":\"BreadcrumbList\",\"@id\":\"https:\/\/talkpal.ai\/cs\/cviceni-z-nizozemske-gramatiky\/#breadcrumb\",\"itemListElement\":[{\"@type\":\"ListItem\",\"position\":1,\"name\":\"Homepage\",\"item\":\"https:\/\/talkpal.ai\/cs\/\"},{\"@type\":\"ListItem\",\"position\":2,\"name\":\"Cvi\u010den\u00ed z nizozemsk\u00e9 gramatiky\"}]},{\"@type\":\"WebSite\",\"@id\":\"https:\/\/talkpal.ai\/cs\/#website\",\"url\":\"https:\/\/talkpal.ai\/cs\/\",\"name\":\"Talkpal\",\"description\":\"AI Language Learning\",\"publisher\":{\"@id\":\"https:\/\/talkpal.ai\/cs\/#organization\"},\"alternateName\":\"Talkpal AI\",\"potentialAction\":[{\"@type\":\"SearchAction\",\"target\":{\"@type\":\"EntryPoint\",\"urlTemplate\":\"https:\/\/talkpal.ai\/cs\/?s={search_term_string}\"},\"query-input\":{\"@type\":\"PropertyValueSpecification\",\"valueRequired\":true,\"valueName\":\"search_term_string\"}}],\"inLanguage\":\"cs\"},{\"@type\":\"Organization\",\"@id\":\"https:\/\/talkpal.ai\/cs\/#organization\",\"name\":\"Talkpal, Inc.\",\"alternateName\":\"Talkpal AI\",\"url\":\"https:\/\/talkpal.ai\/cs\/\",\"logo\":{\"@type\":\"ImageObject\",\"inLanguage\":\"cs\",\"@id\":\"https:\/\/talkpal.ai\/cs\/#\/schema\/logo\/image\/\",\"url\":\"https:\/\/talkpal.ai\/wp-content\/uploads\/2024\/03\/Talkpal-Logo-Icon.png\",\"contentUrl\":\"https:\/\/talkpal.ai\/wp-content\/uploads\/2024\/03\/Talkpal-Logo-Icon.png\",\"width\":2880,\"height\":2880,\"caption\":\"Talkpal, Inc.\"},\"image\":{\"@id\":\"https:\/\/talkpal.ai\/cs\/#\/schema\/logo\/image\/\"},\"sameAs\":[\"https:\/\/www.facebook.com\/profile.php?id=100090733639311\",\"https:\/\/x.com\/talkpalai\",\"https:\/\/www.linkedin.com\/company\/talkpal\/\",\"https:\/\/www.youtube.com\/@TalkPal\/\",\"https:\/\/www.tiktok.com\/@talkpal\",\"https:\/\/www.instagram.com\/talkpal_ai\/\",\"https:\/\/www.crunchbase.com\/organization\/talkpal-9cde\",\"https:\/\/www.g2.com\/products\/talkpal-for-business\/\",\"https:\/\/www.trustpilot.com\/review\/talkpal.ai\",\"https:\/\/www.capterra.com\/p\/10006800\/TalkPal\/\"],\"description\":\"Talkpal is a language learning web and mobile education app, powered by the latest AI technologies, that provides engaging experiences to its customers in many different languages to help them improve their language skills. Users can chat about unlimited amount of topics with the app and use other modes to practice their language learning.\",\"email\":\"support@talkpal.ai\",\"legalName\":\"Talkpal, Inc.\",\"foundingDate\":\"2023-04-03\",\"duns\":\"118989042\",\"numberOfEmployees\":{\"@type\":\"QuantitativeValue\",\"minValue\":\"11\",\"maxValue\":\"50\"},\"publishingPrinciples\":\"https:\/\/talkpal.ai\/publishing-principles\/\",\"actionableFeedbackPolicy\":\"https:\/\/talkpal.ai\/actionable-feedback-policy\/\",\"correctionsPolicy\":\"https:\/\/talkpal.ai\/corrections-policy\/\",\"ethicsPolicy\":\"https:\/\/talkpal.ai\/ethics-policy\/\",\"diversityPolicy\":\"https:\/\/talkpal.ai\/diversity-policy\/\",\"diversityStaffingReport\":\"https:\/\/talkpal.ai\/diversity-policy\/\"}]}<\/script>\n<!-- \/ Yoast SEO Premium plugin. -->","yoast_head_json":{"title":"Cvi\u010den\u00ed z nizozemsk\u00e9 gramatiky - Talkpal","description":"Zlep\u0161ete sv\u00e9 jazykov\u00e9 dovednosti pomoc\u00ed interaktivn\u00edch cvi\u010den\u00ed z nizozemsk\u00e9 gramatiky od spole\u010dnosti Talkpal, va\u0161eho jazykov\u00e9ho u\u010ditele s um\u011blou inteligenc\u00ed.","robots":{"index":"index","follow":"follow","max-snippet":"max-snippet:-1","max-image-preview":"max-image-preview:large","max-video-preview":"max-video-preview:-1"},"canonical":"https:\/\/talkpal.ai\/cs\/cviceni-z-nizozemske-gramatiky\/","og_locale":"cs_CZ","og_type":"article","og_title":"Cvi\u010den\u00ed z nizozemsk\u00e9 gramatiky","og_description":"T\u00e9mata nizozemsk\u00e9 gramatiky Studium nizozem\u0161tiny m\u016f\u017ee b\u00fdt vzru\u0161uj\u00edc\u00ed a obohacuj\u00edc\u00ed zku\u0161enost\u00ed, proto\u017ee otev\u00edr\u00e1 dve\u0159e bohat\u00e9 kultu\u0159e, historii a","og_url":"https:\/\/talkpal.ai\/cs\/cviceni-z-nizozemske-gramatiky\/","og_site_name":"Talkpal","article_publisher":"https:\/\/www.facebook.com\/profile.php?id=100090733639311","article_modified_time":"2025-12-17T15:28:40+00:00","og_image":[{"width":512,"height":512,"url":"https:\/\/talkpal.ai\/wp-content\/uploads\/2023\/04\/netherlands-dutch.png","type":"image\/png"}],"twitter_card":"summary_large_image","twitter_site":"@talkpalai","twitter_misc":{"Odhadovan\u00e1 doba \u010dten\u00ed":"3 minuty"},"schema":{"@context":"https:\/\/schema.org","@graph":[{"@type":"WebPage","@id":"https:\/\/talkpal.ai\/cs\/cviceni-z-nizozemske-gramatiky\/","url":"https:\/\/talkpal.ai\/cs\/cviceni-z-nizozemske-gramatiky\/","name":"Cvi\u010den\u00ed z nizozemsk\u00e9 gramatiky - Talkpal","isPartOf":{"@id":"https:\/\/talkpal.ai\/cs\/#website"},"primaryImageOfPage":{"@id":"https:\/\/talkpal.ai\/cs\/cviceni-z-nizozemske-gramatiky\/#primaryimage"},"image":{"@id":"https:\/\/talkpal.ai\/cs\/cviceni-z-nizozemske-gramatiky\/#primaryimage"},"thumbnailUrl":"https:\/\/talkpal.ai\/wp-content\/uploads\/2023\/04\/netherlands-dutch.png","datePublished":"2023-06-16T09:41:10+00:00","dateModified":"2025-12-17T15:28:40+00:00","description":"Zlep\u0161ete sv\u00e9 jazykov\u00e9 dovednosti pomoc\u00ed interaktivn\u00edch cvi\u010den\u00ed z nizozemsk\u00e9 gramatiky od spole\u010dnosti Talkpal, va\u0161eho jazykov\u00e9ho u\u010ditele s um\u011blou inteligenc\u00ed.","breadcrumb":{"@id":"https:\/\/talkpal.ai\/cs\/cviceni-z-nizozemske-gramatiky\/#breadcrumb"},"inLanguage":"cs","potentialAction":[{"@type":"ReadAction","target":["https:\/\/talkpal.ai\/cs\/cviceni-z-nizozemske-gramatiky\/"]}]},{"@type":"ImageObject","inLanguage":"cs","@id":"https:\/\/talkpal.ai\/cs\/cviceni-z-nizozemske-gramatiky\/#primaryimage","url":"https:\/\/talkpal.ai\/wp-content\/uploads\/2023\/04\/netherlands-dutch.png","contentUrl":"https:\/\/talkpal.ai\/wp-content\/uploads\/2023\/04\/netherlands-dutch.png","width":512,"height":512},{"@type":"BreadcrumbList","@id":"https:\/\/talkpal.ai\/cs\/cviceni-z-nizozemske-gramatiky\/#breadcrumb","itemListElement":[{"@type":"ListItem","position":1,"name":"Homepage","item":"https:\/\/talkpal.ai\/cs\/"},{"@type":"ListItem","position":2,"name":"Cvi\u010den\u00ed z nizozemsk\u00e9 gramatiky"}]},{"@type":"WebSite","@id":"https:\/\/talkpal.ai\/cs\/#website","url":"https:\/\/talkpal.ai\/cs\/","name":"Talkpal","description":"AI Language Learning","publisher":{"@id":"https:\/\/talkpal.ai\/cs\/#organization"},"alternateName":"Talkpal AI","potentialAction":[{"@type":"SearchAction","target":{"@type":"EntryPoint","urlTemplate":"https:\/\/talkpal.ai\/cs\/?s={search_term_string}"},"query-input":{"@type":"PropertyValueSpecification","valueRequired":true,"valueName":"search_term_string"}}],"inLanguage":"cs"},{"@type":"Organization","@id":"https:\/\/talkpal.ai\/cs\/#organization","name":"Talkpal, Inc.","alternateName":"Talkpal AI","url":"https:\/\/talkpal.ai\/cs\/","logo":{"@type":"ImageObject","inLanguage":"cs","@id":"https:\/\/talkpal.ai\/cs\/#\/schema\/logo\/image\/","url":"https:\/\/talkpal.ai\/wp-content\/uploads\/2024\/03\/Talkpal-Logo-Icon.png","contentUrl":"https:\/\/talkpal.ai\/wp-content\/uploads\/2024\/03\/Talkpal-Logo-Icon.png","width":2880,"height":2880,"caption":"Talkpal, Inc."},"image":{"@id":"https:\/\/talkpal.ai\/cs\/#\/schema\/logo\/image\/"},"sameAs":["https:\/\/www.facebook.com\/profile.php?id=100090733639311","https:\/\/x.com\/talkpalai","https:\/\/www.linkedin.com\/company\/talkpal\/","https:\/\/www.youtube.com\/@TalkPal\/","https:\/\/www.tiktok.com\/@talkpal","https:\/\/www.instagram.com\/talkpal_ai\/","https:\/\/www.crunchbase.com\/organization\/talkpal-9cde","https:\/\/www.g2.com\/products\/talkpal-for-business\/","https:\/\/www.trustpilot.com\/review\/talkpal.ai","https:\/\/www.capterra.com\/p\/10006800\/TalkPal\/"],"description":"Talkpal is a language learning web and mobile education app, powered by the latest AI technologies, that provides engaging experiences to its customers in many different languages to help them improve their language skills. Users can chat about unlimited amount of topics with the app and use other modes to practice their language learning.","email":"support@talkpal.ai","legalName":"Talkpal, Inc.","foundingDate":"2023-04-03","duns":"118989042","numberOfEmployees":{"@type":"QuantitativeValue","minValue":"11","maxValue":"50"},"publishingPrinciples":"https:\/\/talkpal.ai\/publishing-principles\/","actionableFeedbackPolicy":"https:\/\/talkpal.ai\/actionable-feedback-policy\/","correctionsPolicy":"https:\/\/talkpal.ai\/corrections-policy\/","ethicsPolicy":"https:\/\/talkpal.ai\/ethics-policy\/","diversityPolicy":"https:\/\/talkpal.ai\/diversity-policy\/","diversityStaffingReport":"https:\/\/talkpal.ai\/diversity-policy\/"}]}},"_links":{"self":[{"href":"https:\/\/talkpal.ai\/cs\/wp-json\/wp\/v2\/pages\/133252","targetHints":{"allow":["GET"]}}],"collection":[{"href":"https:\/\/talkpal.ai\/cs\/wp-json\/wp\/v2\/pages"}],"about":[{"href":"https:\/\/talkpal.ai\/cs\/wp-json\/wp\/v2\/types\/page"}],"author":[{"embeddable":true,"href":"https:\/\/talkpal.ai\/cs\/wp-json\/wp\/v2\/users\/6"}],"replies":[{"embeddable":true,"href":"https:\/\/talkpal.ai\/cs\/wp-json\/wp\/v2\/comments?post=133252"}],"version-history":[{"count":0,"href":"https:\/\/talkpal.ai\/cs\/wp-json\/wp\/v2\/pages\/133252\/revisions"}],"wp:featuredmedia":[{"embeddable":true,"href":"https:\/\/talkpal.ai\/cs\/wp-json\/wp\/v2\/media\/106303"}],"wp:attachment":[{"href":"https:\/\/talkpal.ai\/cs\/wp-json\/wp\/v2\/media?parent=133252"}],"curies":[{"name":"wp","href":"https:\/\/api.w.org\/{rel}","templated":true}]}}