{"id":132884,"date":"2023-06-16T09:39:29","date_gmt":"2023-06-16T09:39:29","guid":{"rendered":"http:\/\/talkpal.ai\/cviceni-cinske-gramatiky\/"},"modified":"2025-05-22T21:25:36","modified_gmt":"2025-05-22T21:25:36","slug":"cviceni-cinske-gramatiky","status":"publish","type":"page","link":"https:\/\/talkpal.ai\/cs\/cviceni-cinske-gramatiky\/","title":{"rendered":"Cvi\u010den\u00ed \u010d\u00ednsk\u00e9 gramatiky"},"content":{"rendered":"\r\n\r\n\r\n<section class=\"languageChallengeSection\">\r\n    <div class=\"languageInfoWrapper\">\r\n        \r\n        <h1>Cvi\u010den\u00ed \u010d\u00ednsk\u00e9 gramatiky<\/h1>\r\n        <p>Chcete zlep\u0161it sv\u00e9 znalosti \u010d\u00edn\u0161tiny? Zam\u011b\u0159en\u00ed na gramatick\u00e1 cvi\u010den\u00ed v\u00e1m pom\u016f\u017ee pochopit strukturu v\u011bty, osvojit si z\u00e1kladn\u00ed vzorce a pos\u00edlit si jistotu v ka\u017edodenn\u00ed konverzaci. Za\u010dn\u011bte procvi\u010dovat \u010d\u00ednskou gramatiku je\u0161t\u011b dnes a s ka\u017ed\u00fdm cvi\u010den\u00edm postupujte k plynulosti!<\/p>\r\n\r\n                            <a class=\"getStartedHidden\" href=\"https:\/\/app.talkpal.ai\/cs\/signup?lng=\">Za\u010dni<\/a>\r\n        \r\n    <\/div>\r\n\r\n    <figure>\r\n    <img decoding=\"async\" width=\"768\" height=\"768\" src=\"https:\/\/talkpal.ai\/wp-content\/uploads\/2023\/06\/chinese-768x768.png\" class=\"languageImage no-lazy\" alt=\"Language learning for flexible communication\" fetchpriority=\"high\" sizes=\"(max-width: 768px) 150px, 768px\" srcset=\"https:\/\/talkpal.ai\/wp-content\/uploads\/2023\/06\/chinese-768x768.png 768w, https:\/\/talkpal.ai\/wp-content\/uploads\/2023\/06\/chinese-300x300.png 300w\" \/>\r\n    \r\n\r\n    <\/figure>\r\n\r\n            <a class=\"getStartedVisible\" href=\"https:\/\/app.talkpal.ai\/cs\/signup?lng=\">Za\u010dni<\/a>\r\n    \r\n<\/section>\r\n\r\n\r\n<!-- <section class=\"grammarSection\">\r\n    <div class=\"grammarLinks\">\r\n            <\/div>\r\n<\/section> -->\r\n\r\n\r\n\r\n\r\n<section class=\"promotionalBanner\">\r\n    <p class=\"promotionalText\">Nejefektivn\u011bj\u0161\u00ed zp\u016fsob, jak se nau\u010dit jazyk<\/p>\r\n    <a class=\"promotionalLink\" href=\"https:\/\/app.talkpal.ai\/cs\/signup?lng=\">Vyzkou\u0161ejte Talkpal zdarma<\/a>\r\n<\/section>\n<div class=\"wp-block-group pageContainerStyle\"><div class=\"wp-block-group__inner-container is-layout-constrained wp-block-group-is-layout-constrained\">\n<h2 class=\"wp-block-heading\" id=\"h-chinese-grammar-topics\">T\u00e9mata \u010d\u00ednsk\u00e9 gramatiky<\/h2>\n\n\n\n<p><a href=\"https:\/\/talkpal.ai\/chinese-grammar\/\">\u010c\u00ednsk\u00e1 gramatika<\/a> se m\u016f\u017ee na prvn\u00ed pohled zd\u00e1t zastra\u0161uj\u00edc\u00ed, ale pro zvl\u00e1dnut\u00ed jazyka je nezbytn\u00e1. D\u00edky sv\u00e9mu jedine\u010dn\u00e9mu syst\u00e9mu znak\u016f a t\u00f3nov\u00e9 povaze se <a href=\"https:\/\/talkpal.ai\/chinese-grammar\/\">\u010d\u00ednsk\u00e1 gramatika<\/a> \u0159\u00edd\u00ed jin\u00fdm souborem pravidel ne\u017e <a href=\"https:\/\/talkpal.ai\/what-language-is-spoken-on-the-international-space-station\/\">jazyky<\/a>, jako je <a href=\"https:\/\/talkpal.ai\/learn-english-with-ai\/\">angli\u010dtina<\/a>. Osvojen\u00ed si t\u011bchto pravidel ve spr\u00e1vn\u00e9m po\u0159ad\u00ed v\u00e1m pom\u016f\u017ee efektivn\u011bji pokro\u010dit ve studiu jazyk\u016f. N\u00e1sleduj\u00edc\u00ed t\u00e9mata budou prob\u00edr\u00e1na v doporu\u010den\u00e9m po\u0159ad\u00ed v\u00fduky: \u010casy, Slovesa, Podstatn\u00e1 jm\u00e9na, \u010cleny, Z\u00e1jmena, P\u0159\u00eddavn\u00e1 jm\u00e9na, P\u0159\u00edslovce, P\u0159edlo\u017eky a V\u011btn\u00e1 stavba. Tato p\u0159\u00edru\u010dka poskytne stru\u010dn\u00e9 vysv\u011btlen\u00ed jednotliv\u00fdch t\u00e9mat, kter\u00e1 v\u00e1m pomohou l\u00e9pe porozum\u011bt jejich funkc\u00edm v \u010d\u00ednsk\u00e9m jazyce.<\/p>\n\n\n\n<h3 class=\"wp-block-heading\" id=\"h-1-tenses\">1. \u010casy:<\/h3>\n\n\n\n<p>Na rozd\u00edl od angli\u010dtiny nem\u00e1 <a href=\"https:\/\/talkpal.ai\/learn-chinese\/\">\u010d\u00edn\u0161tina<\/a> slo\u017eit\u00e9 \u010dasov\u00e1n\u00ed sloves, kter\u00e1 by ozna\u010dovala \u010das. M\u00edsto toho pou\u017e\u00edv\u00e1 \u010dasov\u00e1 slova nebo \u010d\u00e1stice, aby uk\u00e1zal, kdy se akce odehr\u00e1v\u00e1. Chcete-li vyj\u00e1d\u0159it minul\u00e9, sou\u010dasn\u00e9 nebo budouc\u00ed \u010dinnosti, m\u011bli byste se nejprve sezn\u00e1mit s b\u011b\u017en\u00fdmi \u010dasov\u00fdmi slovy, jako jsou &#8222;v\u010dera&#8220;, &#8222;dnes&#8220; a &#8222;z\u00edtra&#8220;.<\/p>\n\n\n\n<h3 class=\"wp-block-heading\" id=\"h-2-verbs\">2. Slovesa:<\/h3>\n\n\n\n<p>Jakmile porozum\u00edte \u010das\u016fm, je nezbytn\u00e9 nau\u010dit se z\u00e1kladn\u00ed slovesa v \u010d\u00edn\u0161tin\u011b. Slovesa jsou kl\u00ed\u010dov\u00e1, proto\u017ee vyjad\u0159uj\u00ed d\u011bj a stavy, a \u010dasto z\u016fst\u00e1vaj\u00ed v r\u016fzn\u00fdch \u010dasech nezm\u011bn\u011bna. Zam\u011b\u0159te se na osvojen\u00ed si nejb\u011b\u017en\u011bj\u0161\u00edch sloves a jejich vhodn\u00e9 pou\u017eit\u00ed.<\/p>\n\n\n\n<h3 class=\"wp-block-heading\" id=\"h-3-nouns\">3. Podstatn\u00e1 jm\u00e9na:<\/h3>\n\n\n\n<p>Podstatn\u00e1 jm\u00e9na jsou stavebn\u00edmi kameny jazyka, kter\u00e9 p\u0159edstavuj\u00ed lidi, m\u00edsta, v\u011bci nebo my\u0161lenky. V \u010d\u00edn\u0161tin\u011b jsou podstatn\u00e1 jm\u00e9na obecn\u011b p\u0159\u00edmo\u010dar\u00e1 a m\u016f\u017eete <a href=\"https:\/\/talkpal.ai\/ko\/ai-%ec%96%b8%ec%96%b4-%ea%b5%90%ec%82%ac\/\">za\u010d\u00edt<\/a> t\u00edm, \u017ee se nau\u010d\u00edte ta nejb\u011b\u017en\u011bj\u0161\u00ed a neju\u017eite\u010dn\u011bj\u0161\u00ed, abyste si roz\u0161\u00ed\u0159ili slovn\u00ed z\u00e1sobu.<\/p>\n\n\n\n<h3 class=\"wp-block-heading\" id=\"h-4-articles\">4. \u010cl\u00e1nky:<\/h3>\n\n\n\n<p><a href=\"https:\/\/talkpal.ai\/learn-chinese\/\">\u010c\u00edn\u0161tina<\/a> nem\u00e1 \u010dleny jako &#8222;a&#8220; nebo &#8222;the&#8220; v angli\u010dtin\u011b. Existuj\u00ed v\u0161ak m\u00edrov\u00e1 slova, kter\u00e1 doprov\u00e1zej\u00ed podstatn\u00e1 jm\u00e9na k ozna\u010den\u00ed mno\u017estv\u00ed. Tato slova m\u00edry jsou nezbytn\u00e1 p\u0159i diskusi o \u010d\u00e1stk\u00e1ch nebo po\u010dtech konkr\u00e9tn\u00edch polo\u017eek.<\/p>\n\n\n\n<h3 class=\"wp-block-heading\" id=\"h-5-pronouns\">5. Z\u00e1jmena:<\/h3>\n\n\n\n<p>Z\u00e1jmena se pou\u017e\u00edvaj\u00ed k nahrazen\u00ed podstatn\u00fdch jmen ve v\u011bt\u011b a jsou z\u00e1sadn\u00ed pro to, abyste se vyhnuli opakov\u00e1n\u00ed. V \u010d\u00edn\u0161tin\u011b se z\u00e1jmena m\u011bn\u00ed na z\u00e1klad\u011b jejich funkce ve v\u011bt\u011b, jako je podm\u011bt, p\u0159edm\u011bt nebo p\u0159ivlast\u0148ovac\u00ed z\u00e1jmeno. Nau\u010dte se r\u016fzn\u00e1 z\u00e1jmena a jejich spr\u00e1vn\u00e9 pou\u017eit\u00ed, abyste zlep\u0161ili stavbu v\u011bt.<\/p>\n\n\n\n<h3 class=\"wp-block-heading\" id=\"h-6-adjectives\">6. P\u0159\u00eddavn\u00e1 jm\u00e9na:<\/h3>\n\n\n\n<p>P\u0159\u00eddavn\u00e1 jm\u00e9na se pou\u017e\u00edvaj\u00ed k popisu nebo \u00faprav\u011b podstatn\u00fdch jmen a hraj\u00ed v\u00fdznamnou roli v tom, aby va\u0161e v\u011bty byly v\u00fdrazn\u011bj\u0161\u00ed a poutav\u011bj\u0161\u00ed. Nau\u010dte se nejb\u011b\u017en\u011bj\u0161\u00ed p\u0159\u00eddavn\u00e1 jm\u00e9na a jejich um\u00edst\u011bn\u00ed ve vztahu k podstatn\u00e9mu jm\u00e9nu ve v\u011bt\u011b.<\/p>\n\n\n\n<h3 class=\"wp-block-heading\" id=\"h-7-adverbs\">7. P\u0159\u00edslovce:<\/h3>\n\n\n\n<p>P\u0159\u00edslovce jsou nezbytn\u00e1 pro poskytov\u00e1n\u00ed dal\u0161\u00edch informac\u00ed o slovesech, p\u0159\u00eddavn\u00fdch jm\u00e9nech nebo jin\u00fdch p\u0159\u00edslovc\u00edch. Mohou popsat, jak, kdy nebo kde dojde k akci. Seznamte se s b\u011b\u017en\u00fdmi p\u0159\u00edslovci a jejich pou\u017eit\u00edm, abyste zlep\u0161ili sv\u00e9 popisn\u00e9 schopnosti.<\/p>\n\n\n\n<h3 class=\"wp-block-heading\" id=\"h-8-prepositions\">8. P\u0159edlo\u017eky:<\/h3>\n\n\n\n<p>P\u0159edlo\u017eky se pou\u017e\u00edvaj\u00ed k ozna\u010den\u00ed vztahu mezi podstatn\u00fdmi jm\u00e9ny nebo z\u00e1jmeny ve v\u011bt\u011b. \u010casto vyjad\u0159uj\u00ed prostorov\u00e9 nebo \u010dasov\u00e9 vztahy, nap\u0159\u00edklad &#8222;in&#8220;, &#8222;on&#8220; nebo &#8222;at&#8220;. U\u010den\u00ed se nejb\u011b\u017en\u011bj\u0161\u00edch p\u0159edlo\u017eek a jejich spr\u00e1vn\u00e9 pou\u017e\u00edv\u00e1n\u00ed v\u00fdrazn\u011b zlep\u0161\u00ed strukturu v\u011bty.<\/p>\n\n\n\n<h3 class=\"wp-block-heading\" id=\"h-9-sentence-structure\">9. V\u011btn\u00e1 stavba:<\/h3>\n\n\n\n<p>A kone\u010dn\u011b, pochopen\u00ed struktury \u010d\u00ednsk\u00fdch v\u011bt je kl\u00ed\u010dem k vytv\u00e1\u0159en\u00ed souvisl\u00fdch a gramaticky spr\u00e1vn\u00fdch v\u011bt. \u010c\u00edn\u0161tina se \u0159\u00edd\u00ed strukturou podm\u011bt-sloveso-objekt (SVO), podobn\u011b jako angli\u010dtina. Existuj\u00ed v\u0161ak rozd\u00edly ve slovosledu a um\u00edst\u011bn\u00ed r\u016fzn\u00fdch gramatick\u00fdch prvk\u016f. Nau\u010dte se z\u00e1kladn\u00ed vzorce v\u011bt a procvi\u010dte si vytv\u00e1\u0159en\u00ed v\u011bt s prvky, kter\u00e9 jste se nau\u010dili, jako jsou \u010dasy, slovesa, podstatn\u00e1 jm\u00e9na, z\u00e1jmena, p\u0159\u00eddavn\u00e1 jm\u00e9na, p\u0159\u00edslovce a p\u0159edlo\u017eky.<\/p>\n\n\n\n<p>Dodr\u017eov\u00e1n\u00edm t\u00e9to posloupnosti a zam\u011b\u0159en\u00edm se na ka\u017ed\u00e9 t\u00e9ma si vyvinete pevn\u00e9 z\u00e1klady \u010d\u00ednsk\u00e9 gramatiky a budete na dobr\u00e9 cest\u011b k plynulosti jazyka.<\/p>\n<\/div><\/div>\n\r\n<section class=\"learnNavigationSection\">\r\n            \r\n        <a href=\"https:\/\/talkpal.ai\/cs\/naucte-se-cinsky\/\">\r\n            <div class=\"learnNavigationWrapper\">\r\n                <div class=\"learnNavigationContent\">\r\n                    <img decoding=\"async\" src=\"https:\/\/talkpal.ai\/wp-content\/uploads\/2024\/08\/Chinese.jpg\" alt=\"Chinese Flag\u00a0\">\r\n                    <div>\r\n                        <h4>O u\u010den\u00ed \u010d\u00edn\u0161tiny<\/h4>\r\n                        <p>Zjist\u011bte v\u0161e o \u010d\u00ednsk\u00e9 gramatice.<\/p>\r\n                    <\/div>\r\n                <\/div>\r\n            <\/div>\r\n        <\/a>\r\n\r\n        \r\n        <a href=\"https:\/\/talkpal.ai\/cs\/cinska-gramatika\/\">\r\n            <div class=\"learnNavigationWrapper\">\r\n                <div class=\"learnNavigationContent\">\r\n                    <img decoding=\"async\" src=\"https:\/\/talkpal.ai\/wp-content\/uploads\/2024\/08\/Chinese.jpg\" alt=\"Chinese Flag\u00a0\">\r\n                    <div>\r\n                        <h4>Lekce \u010d\u00ednsk\u00e9 gramatiky<\/h4>\r\n                        <p>Procvi\u010dte si \u010d\u00ednskou gramatiku.<\/p>\r\n                    <\/div>\r\n                <\/div>\r\n            <\/div>\r\n        <\/a>\r\n\r\n        \r\n        <a href=\"https:\/\/talkpal.ai\/vocabulary_language\/chinese\/\">\r\n            <div class=\"learnNavigationWrapper\">\r\n                <div class=\"learnNavigationContent\">\r\n                    <img decoding=\"async\" src=\"https:\/\/talkpal.ai\/wp-content\/uploads\/2024\/08\/Chinese.jpg\" alt=\"Chinese Flag\u00a0\">\r\n                    <div>\r\n                        <h4>\u010c\u00ednsk\u00e1 slovn\u00ed z\u00e1soba<\/h4>\r\n                        <p>Roz\u0161i\u0159te si slovn\u00ed z\u00e1sobu \u010d\u00edn\u0161tiny.<\/p>\r\n                    <\/div>\r\n                <\/div>\r\n            <\/div>\r\n        <\/a>\r\n\r\n            <\/section>","protected":false},"excerpt":{"rendered":"<p>T\u00e9mata \u010d\u00ednsk\u00e9 gramatiky \u010c\u00ednsk\u00e1 gramatika se m\u016f\u017ee na prvn\u00ed pohled zd\u00e1t zastra\u0161uj\u00edc\u00ed, ale pro zvl\u00e1dnut\u00ed jazyka je nezbytn\u00e1. D\u00edky sv\u00e9mu jedine\u010dn\u00e9mu syst\u00e9mu znak\u016f a t\u00f3nov\u00e9 povaze se \u010d\u00ednsk\u00e1 gramatika \u0159\u00edd\u00ed jin\u00fdm souborem pravidel ne\u017e jazyky, jako je angli\u010dtina. Osvojen\u00ed si t\u011bchto pravidel ve spr\u00e1vn\u00e9m po\u0159ad\u00ed v\u00e1m pom\u016f\u017ee efektivn\u011bji pokro\u010dit ve studiu jazyk\u016f. N\u00e1sleduj\u00edc\u00ed t\u00e9mata budou [&hellip;]<\/p>\n","protected":false},"author":6,"featured_media":106033,"parent":0,"menu_order":0,"comment_status":"closed","ping_status":"closed","template":"LearningContentPage.php","meta":{"_acf_changed":false,"footnotes":""},"class_list":["post-132884","page","type-page","status-publish","has-post-thumbnail","hentry"],"acf":[],"yoast_head":"<!-- This site is optimized with the Yoast SEO Premium plugin v27.2 (Yoast SEO v27.2) - https:\/\/yoast.com\/product\/yoast-seo-premium-wordpress\/ -->\n<title>Cvi\u010den\u00ed \u010d\u00ednsk\u00e9 gramatiky - Talkpal<\/title>\n<meta name=\"description\" content=\"Osvojte si \u010d\u00ednskou gramatiku pomoc\u00ed na\u0161eho komplexn\u00edho pr\u016fvodce zahrnuj\u00edc\u00edho \u010dasy, slovesa a dal\u0161\u00ed informace, kter\u00e9 zlep\u0161\u00ed va\u0161e jazykov\u00e9 dovednosti.\" \/>\n<meta name=\"robots\" content=\"index, follow, max-snippet:-1, max-image-preview:large, max-video-preview:-1\" \/>\n<link rel=\"canonical\" href=\"https:\/\/talkpal.ai\/cs\/cviceni-cinske-gramatiky\/\" \/>\n<meta property=\"og:locale\" content=\"cs_CZ\" \/>\n<meta property=\"og:type\" content=\"article\" \/>\n<meta property=\"og:title\" content=\"Cvi\u010den\u00ed \u010d\u00ednsk\u00e9 gramatiky\" \/>\n<meta property=\"og:description\" content=\"T\u00e9mata \u010d\u00ednsk\u00e9 gramatiky \u010c\u00ednsk\u00e1 gramatika se m\u016f\u017ee na prvn\u00ed pohled zd\u00e1t zastra\u0161uj\u00edc\u00ed, ale pro zvl\u00e1dnut\u00ed jazyka je nezbytn\u00e1. D\u00edky sv\u00e9mu jedine\u010dn\u00e9mu syst\u00e9mu\" \/>\n<meta property=\"og:url\" content=\"https:\/\/talkpal.ai\/cs\/cviceni-cinske-gramatiky\/\" \/>\n<meta property=\"og:site_name\" content=\"Talkpal\" \/>\n<meta property=\"article:publisher\" content=\"https:\/\/www.facebook.com\/profile.php?id=100090733639311\" \/>\n<meta property=\"article:modified_time\" content=\"2025-05-22T21:25:36+00:00\" \/>\n<meta property=\"og:image\" content=\"https:\/\/talkpal.ai\/wp-content\/uploads\/2023\/04\/china.png\" \/>\n\t<meta property=\"og:image:width\" content=\"512\" \/>\n\t<meta property=\"og:image:height\" content=\"512\" \/>\n\t<meta property=\"og:image:type\" content=\"image\/png\" \/>\n<meta name=\"twitter:card\" content=\"summary_large_image\" \/>\n<meta name=\"twitter:site\" content=\"@talkpalai\" \/>\n<meta name=\"twitter:label1\" content=\"Odhadovan\u00e1 doba \u010dten\u00ed\" \/>\n\t<meta name=\"twitter:data1\" content=\"4 minuty\" \/>\n<script type=\"application\/ld+json\" class=\"yoast-schema-graph\">{\"@context\":\"https:\/\/schema.org\",\"@graph\":[{\"@type\":\"WebPage\",\"@id\":\"https:\/\/talkpal.ai\/cs\/cviceni-cinske-gramatiky\/\",\"url\":\"https:\/\/talkpal.ai\/cs\/cviceni-cinske-gramatiky\/\",\"name\":\"Cvi\u010den\u00ed \u010d\u00ednsk\u00e9 gramatiky - Talkpal\",\"isPartOf\":{\"@id\":\"https:\/\/talkpal.ai\/cs\/#website\"},\"primaryImageOfPage\":{\"@id\":\"https:\/\/talkpal.ai\/cs\/cviceni-cinske-gramatiky\/#primaryimage\"},\"image\":{\"@id\":\"https:\/\/talkpal.ai\/cs\/cviceni-cinske-gramatiky\/#primaryimage\"},\"thumbnailUrl\":\"https:\/\/talkpal.ai\/wp-content\/uploads\/2023\/04\/china.png\",\"datePublished\":\"2023-06-16T09:39:29+00:00\",\"dateModified\":\"2025-05-22T21:25:36+00:00\",\"description\":\"Osvojte si \u010d\u00ednskou gramatiku pomoc\u00ed na\u0161eho komplexn\u00edho pr\u016fvodce zahrnuj\u00edc\u00edho \u010dasy, slovesa a dal\u0161\u00ed informace, kter\u00e9 zlep\u0161\u00ed va\u0161e jazykov\u00e9 dovednosti.\",\"breadcrumb\":{\"@id\":\"https:\/\/talkpal.ai\/cs\/cviceni-cinske-gramatiky\/#breadcrumb\"},\"inLanguage\":\"cs\",\"potentialAction\":[{\"@type\":\"ReadAction\",\"target\":[\"https:\/\/talkpal.ai\/cs\/cviceni-cinske-gramatiky\/\"]}]},{\"@type\":\"ImageObject\",\"inLanguage\":\"cs\",\"@id\":\"https:\/\/talkpal.ai\/cs\/cviceni-cinske-gramatiky\/#primaryimage\",\"url\":\"https:\/\/talkpal.ai\/wp-content\/uploads\/2023\/04\/china.png\",\"contentUrl\":\"https:\/\/talkpal.ai\/wp-content\/uploads\/2023\/04\/china.png\",\"width\":512,\"height\":512},{\"@type\":\"BreadcrumbList\",\"@id\":\"https:\/\/talkpal.ai\/cs\/cviceni-cinske-gramatiky\/#breadcrumb\",\"itemListElement\":[{\"@type\":\"ListItem\",\"position\":1,\"name\":\"Homepage\",\"item\":\"https:\/\/talkpal.ai\/cs\/\"},{\"@type\":\"ListItem\",\"position\":2,\"name\":\"Cvi\u010den\u00ed \u010d\u00ednsk\u00e9 gramatiky\"}]},{\"@type\":\"WebSite\",\"@id\":\"https:\/\/talkpal.ai\/cs\/#website\",\"url\":\"https:\/\/talkpal.ai\/cs\/\",\"name\":\"Talkpal\",\"description\":\"AI Language Learning\",\"publisher\":{\"@id\":\"https:\/\/talkpal.ai\/cs\/#organization\"},\"alternateName\":\"Talkpal AI\",\"potentialAction\":[{\"@type\":\"SearchAction\",\"target\":{\"@type\":\"EntryPoint\",\"urlTemplate\":\"https:\/\/talkpal.ai\/cs\/?s={search_term_string}\"},\"query-input\":{\"@type\":\"PropertyValueSpecification\",\"valueRequired\":true,\"valueName\":\"search_term_string\"}}],\"inLanguage\":\"cs\"},{\"@type\":\"Organization\",\"@id\":\"https:\/\/talkpal.ai\/cs\/#organization\",\"name\":\"Talkpal, Inc.\",\"alternateName\":\"Talkpal AI\",\"url\":\"https:\/\/talkpal.ai\/cs\/\",\"logo\":{\"@type\":\"ImageObject\",\"inLanguage\":\"cs\",\"@id\":\"https:\/\/talkpal.ai\/cs\/#\/schema\/logo\/image\/\",\"url\":\"https:\/\/talkpal.ai\/wp-content\/uploads\/2024\/03\/Talkpal-Logo-Icon.png\",\"contentUrl\":\"https:\/\/talkpal.ai\/wp-content\/uploads\/2024\/03\/Talkpal-Logo-Icon.png\",\"width\":2880,\"height\":2880,\"caption\":\"Talkpal, Inc.\"},\"image\":{\"@id\":\"https:\/\/talkpal.ai\/cs\/#\/schema\/logo\/image\/\"},\"sameAs\":[\"https:\/\/www.facebook.com\/profile.php?id=100090733639311\",\"https:\/\/x.com\/talkpalai\",\"https:\/\/www.linkedin.com\/company\/talkpal\/\",\"https:\/\/www.youtube.com\/@TalkPal\/\",\"https:\/\/www.tiktok.com\/@talkpal\",\"https:\/\/www.instagram.com\/talkpal_ai\/\",\"https:\/\/www.crunchbase.com\/organization\/talkpal-9cde\",\"https:\/\/www.g2.com\/products\/talkpal-for-business\/\",\"https:\/\/www.trustpilot.com\/review\/talkpal.ai\",\"https:\/\/www.capterra.com\/p\/10006800\/TalkPal\/\"],\"description\":\"Talkpal is a language learning web and mobile education app, powered by the latest AI technologies, that provides engaging experiences to its customers in many different languages to help them improve their language skills. Users can chat about unlimited amount of topics with the app and use other modes to practice their language learning.\",\"email\":\"support@talkpal.ai\",\"legalName\":\"Talkpal, Inc.\",\"foundingDate\":\"2023-04-03\",\"duns\":\"118989042\",\"numberOfEmployees\":{\"@type\":\"QuantitativeValue\",\"minValue\":\"11\",\"maxValue\":\"50\"},\"publishingPrinciples\":\"https:\/\/talkpal.ai\/publishing-principles\/\",\"actionableFeedbackPolicy\":\"https:\/\/talkpal.ai\/actionable-feedback-policy\/\",\"correctionsPolicy\":\"https:\/\/talkpal.ai\/corrections-policy\/\",\"ethicsPolicy\":\"https:\/\/talkpal.ai\/ethics-policy\/\",\"diversityPolicy\":\"https:\/\/talkpal.ai\/diversity-policy\/\",\"diversityStaffingReport\":\"https:\/\/talkpal.ai\/diversity-policy\/\"}]}<\/script>\n<!-- \/ Yoast SEO Premium plugin. -->","yoast_head_json":{"title":"Cvi\u010den\u00ed \u010d\u00ednsk\u00e9 gramatiky - Talkpal","description":"Osvojte si \u010d\u00ednskou gramatiku pomoc\u00ed na\u0161eho komplexn\u00edho pr\u016fvodce zahrnuj\u00edc\u00edho \u010dasy, slovesa a dal\u0161\u00ed informace, kter\u00e9 zlep\u0161\u00ed va\u0161e jazykov\u00e9 dovednosti.","robots":{"index":"index","follow":"follow","max-snippet":"max-snippet:-1","max-image-preview":"max-image-preview:large","max-video-preview":"max-video-preview:-1"},"canonical":"https:\/\/talkpal.ai\/cs\/cviceni-cinske-gramatiky\/","og_locale":"cs_CZ","og_type":"article","og_title":"Cvi\u010den\u00ed \u010d\u00ednsk\u00e9 gramatiky","og_description":"T\u00e9mata \u010d\u00ednsk\u00e9 gramatiky \u010c\u00ednsk\u00e1 gramatika se m\u016f\u017ee na prvn\u00ed pohled zd\u00e1t zastra\u0161uj\u00edc\u00ed, ale pro zvl\u00e1dnut\u00ed jazyka je nezbytn\u00e1. D\u00edky sv\u00e9mu jedine\u010dn\u00e9mu syst\u00e9mu","og_url":"https:\/\/talkpal.ai\/cs\/cviceni-cinske-gramatiky\/","og_site_name":"Talkpal","article_publisher":"https:\/\/www.facebook.com\/profile.php?id=100090733639311","article_modified_time":"2025-05-22T21:25:36+00:00","og_image":[{"width":512,"height":512,"url":"https:\/\/talkpal.ai\/wp-content\/uploads\/2023\/04\/china.png","type":"image\/png"}],"twitter_card":"summary_large_image","twitter_site":"@talkpalai","twitter_misc":{"Odhadovan\u00e1 doba \u010dten\u00ed":"4 minuty"},"schema":{"@context":"https:\/\/schema.org","@graph":[{"@type":"WebPage","@id":"https:\/\/talkpal.ai\/cs\/cviceni-cinske-gramatiky\/","url":"https:\/\/talkpal.ai\/cs\/cviceni-cinske-gramatiky\/","name":"Cvi\u010den\u00ed \u010d\u00ednsk\u00e9 gramatiky - Talkpal","isPartOf":{"@id":"https:\/\/talkpal.ai\/cs\/#website"},"primaryImageOfPage":{"@id":"https:\/\/talkpal.ai\/cs\/cviceni-cinske-gramatiky\/#primaryimage"},"image":{"@id":"https:\/\/talkpal.ai\/cs\/cviceni-cinske-gramatiky\/#primaryimage"},"thumbnailUrl":"https:\/\/talkpal.ai\/wp-content\/uploads\/2023\/04\/china.png","datePublished":"2023-06-16T09:39:29+00:00","dateModified":"2025-05-22T21:25:36+00:00","description":"Osvojte si \u010d\u00ednskou gramatiku pomoc\u00ed na\u0161eho komplexn\u00edho pr\u016fvodce zahrnuj\u00edc\u00edho \u010dasy, slovesa a dal\u0161\u00ed informace, kter\u00e9 zlep\u0161\u00ed va\u0161e jazykov\u00e9 dovednosti.","breadcrumb":{"@id":"https:\/\/talkpal.ai\/cs\/cviceni-cinske-gramatiky\/#breadcrumb"},"inLanguage":"cs","potentialAction":[{"@type":"ReadAction","target":["https:\/\/talkpal.ai\/cs\/cviceni-cinske-gramatiky\/"]}]},{"@type":"ImageObject","inLanguage":"cs","@id":"https:\/\/talkpal.ai\/cs\/cviceni-cinske-gramatiky\/#primaryimage","url":"https:\/\/talkpal.ai\/wp-content\/uploads\/2023\/04\/china.png","contentUrl":"https:\/\/talkpal.ai\/wp-content\/uploads\/2023\/04\/china.png","width":512,"height":512},{"@type":"BreadcrumbList","@id":"https:\/\/talkpal.ai\/cs\/cviceni-cinske-gramatiky\/#breadcrumb","itemListElement":[{"@type":"ListItem","position":1,"name":"Homepage","item":"https:\/\/talkpal.ai\/cs\/"},{"@type":"ListItem","position":2,"name":"Cvi\u010den\u00ed \u010d\u00ednsk\u00e9 gramatiky"}]},{"@type":"WebSite","@id":"https:\/\/talkpal.ai\/cs\/#website","url":"https:\/\/talkpal.ai\/cs\/","name":"Talkpal","description":"AI Language Learning","publisher":{"@id":"https:\/\/talkpal.ai\/cs\/#organization"},"alternateName":"Talkpal AI","potentialAction":[{"@type":"SearchAction","target":{"@type":"EntryPoint","urlTemplate":"https:\/\/talkpal.ai\/cs\/?s={search_term_string}"},"query-input":{"@type":"PropertyValueSpecification","valueRequired":true,"valueName":"search_term_string"}}],"inLanguage":"cs"},{"@type":"Organization","@id":"https:\/\/talkpal.ai\/cs\/#organization","name":"Talkpal, Inc.","alternateName":"Talkpal AI","url":"https:\/\/talkpal.ai\/cs\/","logo":{"@type":"ImageObject","inLanguage":"cs","@id":"https:\/\/talkpal.ai\/cs\/#\/schema\/logo\/image\/","url":"https:\/\/talkpal.ai\/wp-content\/uploads\/2024\/03\/Talkpal-Logo-Icon.png","contentUrl":"https:\/\/talkpal.ai\/wp-content\/uploads\/2024\/03\/Talkpal-Logo-Icon.png","width":2880,"height":2880,"caption":"Talkpal, Inc."},"image":{"@id":"https:\/\/talkpal.ai\/cs\/#\/schema\/logo\/image\/"},"sameAs":["https:\/\/www.facebook.com\/profile.php?id=100090733639311","https:\/\/x.com\/talkpalai","https:\/\/www.linkedin.com\/company\/talkpal\/","https:\/\/www.youtube.com\/@TalkPal\/","https:\/\/www.tiktok.com\/@talkpal","https:\/\/www.instagram.com\/talkpal_ai\/","https:\/\/www.crunchbase.com\/organization\/talkpal-9cde","https:\/\/www.g2.com\/products\/talkpal-for-business\/","https:\/\/www.trustpilot.com\/review\/talkpal.ai","https:\/\/www.capterra.com\/p\/10006800\/TalkPal\/"],"description":"Talkpal is a language learning web and mobile education app, powered by the latest AI technologies, that provides engaging experiences to its customers in many different languages to help them improve their language skills. Users can chat about unlimited amount of topics with the app and use other modes to practice their language learning.","email":"support@talkpal.ai","legalName":"Talkpal, Inc.","foundingDate":"2023-04-03","duns":"118989042","numberOfEmployees":{"@type":"QuantitativeValue","minValue":"11","maxValue":"50"},"publishingPrinciples":"https:\/\/talkpal.ai\/publishing-principles\/","actionableFeedbackPolicy":"https:\/\/talkpal.ai\/actionable-feedback-policy\/","correctionsPolicy":"https:\/\/talkpal.ai\/corrections-policy\/","ethicsPolicy":"https:\/\/talkpal.ai\/ethics-policy\/","diversityPolicy":"https:\/\/talkpal.ai\/diversity-policy\/","diversityStaffingReport":"https:\/\/talkpal.ai\/diversity-policy\/"}]}},"_links":{"self":[{"href":"https:\/\/talkpal.ai\/cs\/wp-json\/wp\/v2\/pages\/132884","targetHints":{"allow":["GET"]}}],"collection":[{"href":"https:\/\/talkpal.ai\/cs\/wp-json\/wp\/v2\/pages"}],"about":[{"href":"https:\/\/talkpal.ai\/cs\/wp-json\/wp\/v2\/types\/page"}],"author":[{"embeddable":true,"href":"https:\/\/talkpal.ai\/cs\/wp-json\/wp\/v2\/users\/6"}],"replies":[{"embeddable":true,"href":"https:\/\/talkpal.ai\/cs\/wp-json\/wp\/v2\/comments?post=132884"}],"version-history":[{"count":0,"href":"https:\/\/talkpal.ai\/cs\/wp-json\/wp\/v2\/pages\/132884\/revisions"}],"wp:featuredmedia":[{"embeddable":true,"href":"https:\/\/talkpal.ai\/cs\/wp-json\/wp\/v2\/media\/106033"}],"wp:attachment":[{"href":"https:\/\/talkpal.ai\/cs\/wp-json\/wp\/v2\/media?parent=132884"}],"curies":[{"name":"wp","href":"https:\/\/api.w.org\/{rel}","templated":true}]}}