{"id":132559,"date":"2023-06-16T09:31:38","date_gmt":"2023-06-16T09:31:38","guid":{"rendered":"http:\/\/talkpal.ai\/cviceni-na-arabskou-gramatiku\/"},"modified":"2025-05-22T20:17:07","modified_gmt":"2025-05-22T20:17:07","slug":"cviceni-na-arabskou-gramatiku","status":"publish","type":"page","link":"https:\/\/talkpal.ai\/cs\/cviceni-na-arabskou-gramatiku\/","title":{"rendered":"Cvi\u010den\u00ed na arabskou gramatiku"},"content":{"rendered":"\r\n\r\n\r\n<section class=\"languageChallengeSection\">\r\n    <div class=\"languageInfoWrapper\">\r\n        \r\n        <h1>Cvi\u010den\u00ed na arabskou gramatiku<\/h1>\r\n        <p>Jste p\u0159ipraveni zlep\u0161it sv\u00e9 znalosti arab\u0161tiny? Procvi\u010dov\u00e1n\u00ed gramatick\u00fdch cvi\u010den\u00ed je nezbytn\u00e9 pro zvl\u00e1dnut\u00ed struktury v\u011bt, slovesn\u00fdch tvar\u016f a jedine\u010dn\u00fdch vzor\u016f arabsk\u00e9ho jazyka. Zam\u011b\u0159te se na tato cvi\u010den\u00ed, abyste si zv\u00fd\u0161ili sebev\u011bdom\u00ed, roz\u0161\u00ed\u0159ili slovn\u00ed z\u00e1sobu a usnadnili si vyjad\u0159ov\u00e1n\u00ed v arab\u0161tin\u011b. Za\u010dn\u011bte cvi\u010dit je\u0161t\u011b dnes a sledujte, jak va\u0161e jazykov\u00e9 znalosti rostou!<\/p>\r\n\r\n                            <a class=\"getStartedHidden\" href=\"https:\/\/app.talkpal.ai\/cs\/signup?lng=\">Za\u010dni<\/a>\r\n        \r\n    <\/div>\r\n\r\n    <figure>\r\n    <img decoding=\"async\" width=\"768\" height=\"768\" src=\"https:\/\/talkpal.ai\/wp-content\/uploads\/2023\/06\/arabic-768x768.png\" class=\"languageImage no-lazy\" alt=\"Language learning for linguistic diversity\" fetchpriority=\"high\" sizes=\"(max-width: 768px) 150px, 768px\" srcset=\"https:\/\/talkpal.ai\/wp-content\/uploads\/2023\/06\/arabic-768x768.png 768w, https:\/\/talkpal.ai\/wp-content\/uploads\/2023\/06\/arabic-300x300.png 300w\" \/>\r\n    \r\n\r\n    <\/figure>\r\n\r\n            <a class=\"getStartedVisible\" href=\"https:\/\/app.talkpal.ai\/cs\/signup?lng=\">Za\u010dni<\/a>\r\n    \r\n<\/section>\r\n\r\n\r\n<!-- <section class=\"grammarSection\">\r\n    <div class=\"grammarLinks\">\r\n            <\/div>\r\n<\/section> -->\r\n\r\n\r\n\r\n\r\n<section class=\"promotionalBanner\">\r\n    <p class=\"promotionalText\">Nejefektivn\u011bj\u0161\u00ed zp\u016fsob, jak se nau\u010dit jazyk<\/p>\r\n    <a class=\"promotionalLink\" href=\"https:\/\/app.talkpal.ai\/cs\/signup?lng=\">Vyzkou\u0161ejte Talkpal zdarma<\/a>\r\n<\/section>\n<div class=\"wp-block-group pageContainerStyle\"><div class=\"wp-block-group__inner-container is-layout-constrained wp-block-group-is-layout-constrained\">\n<h2 class=\"wp-block-heading\" id=\"h-arabic-grammar-topics\">T\u00e9mata arabsk\u00e9 gramatiky<\/h2>\n\n\n\n<p>Arab\u0161tina se svou bohatou histori\u00ed a kulturn\u00edm v\u00fdznamem je pro studenty jazyk\u016f fascinuj\u00edc\u00edm a obohacuj\u00edc\u00edm po\u010dinem. Arab\u0161tina je jedn\u00edm ze \u0161esti ofici\u00e1ln\u00edch jazyk\u016f <a href=\"https:\/\/talkpal.ai\/talkpal-discount-for-cultural-organization-members\/\">Organizace<\/a> spojen\u00fdch n\u00e1rod\u016f a mluv\u00ed j\u00ed v\u00edce ne\u017e 420 milion\u016f lid\u00ed na cel\u00e9m sv\u011bt\u011b a otev\u00edr\u00e1 tak mo\u017enosti glob\u00e1ln\u00ed komunikace a porozum\u011bn\u00ed. Zvl\u00e1dnut\u00ed jazyka v\u0161ak vy\u017eaduje d\u016fkladn\u00e9 pochopen\u00ed jeho jedine\u010dn\u00fdch gramatick\u00fdch pravidel a struktur. V tomto \u010dl\u00e1nku prozkoum\u00e1me z\u00e1kladn\u00ed t\u00e9mata arabsk\u00e9 gramatiky, kter\u00e1 v\u00e1m pomohou vybudovat pevn\u00e9 z\u00e1klady jazyka, od z\u00e1kladn\u00edch \u010das\u016f a \u010dasov\u00e1n\u00ed sloves a\u017e po slo\u017eit\u011bj\u0161\u00ed nomin\u00e1ln\u00ed a slovesn\u00e9 v\u011btn\u00e9 struktury.<\/p>\n\n\n\n<h3 class=\"wp-block-heading\" id=\"h-1-tenses-indicative\">1. Indikativn\u00ed \u010dasy:<\/h3>\n\n\n\n<p>Indikativ se pou\u017e\u00edv\u00e1 k vyj\u00e1d\u0159en\u00ed d\u011bj\u016f nebo stav\u016f v p\u0159\u00edtomnosti, minulosti nebo budoucnosti. V arab\u0161tin\u011b se \u010dasov\u00e1n\u00ed sloves m\u011bn\u00ed v z\u00e1vislosti na \u010dase. Za\u010dn\u011bte t\u00edm, \u017ee se nau\u010d\u00edte z\u00e1kladn\u00ed \u010dasov\u00e1n\u00ed pravideln\u00fdch sloves a sezn\u00e1m\u00edte se s r\u016fzn\u00fdmi vzorci pro p\u0159\u00edtomn\u00fd, minul\u00fd a budouc\u00ed \u010das.<\/p>\n\n\n\n<h3 class=\"wp-block-heading\" id=\"h-2-tenses-subjunctive\">2. Konjunktiv \u010das\u016f:<\/h3>\n\n\n\n<p><a href=\"https:\/\/talkpal.ai\/ja\/grammar_exercises\/konjunktiv-%e3%83%89%e3%82%a4%e3%83%84%e6%96%87%e6%b3%95%e3%81%ae%e6%bc%94%e7%bf%92\/\">Konjunktiv<\/a> se pou\u017e\u00edv\u00e1 k vyj\u00e1d\u0159en\u00ed nejistoty, pochybnosti nebo touhy. Je d\u016fle\u017eit\u00e9 nau\u010dit se konkr\u00e9tn\u00ed slovesn\u00e9 \u010dasy a jejich odli\u0161nosti od \u010dasu oznamovac\u00edho. To v\u00e1m pom\u016f\u017ee zprost\u0159edkovat ve va\u0161\u00ed komunikaci jemn\u011bj\u0161\u00ed my\u0161lenky a pocity.<\/p>\n\n\n\n<h3 class=\"wp-block-heading\" id=\"h-3-tense-comparison\">3. Srovn\u00e1n\u00ed \u010das\u016f:<\/h3>\n\n\n\n<p>Pochopen\u00ed rozd\u00edl\u016f mezi indikativn\u00edm a konjunktivn\u00edm \u010dasem je \u017eivotn\u011b d\u016fle\u017eit\u00e9. Zam\u011b\u0159te se na to, jak se modifikuje \u010dasov\u00e1n\u00ed sloves a kontext, ve kter\u00e9m se jednotliv\u00e9 \u010dasy pou\u017e\u00edvaj\u00ed.<\/p>\n\n\n\n<h3 class=\"wp-block-heading\" id=\"h-4-verbs\">4. Slovesa:<\/h3>\n\n\n\n<p>Arabsk\u00e1 slovesa jsou kategorizov\u00e1na do r\u016fzn\u00fdch tvar\u016f na z\u00e1klad\u011b jejich ko\u0159enov\u00fdch p\u00edsmen a vzor\u016f. Nau\u010dte se deset z\u00e1kladn\u00edch tvar\u016f sloves a pravidla jejich \u010dasov\u00e1n\u00ed, kter\u00e1 v\u00e1m pomohou spr\u00e1vn\u011b rozpoznat a pou\u017e\u00edvat slovesa v r\u016fzn\u00fdch situac\u00edch.<\/p>\n\n\n\n<h3 class=\"wp-block-heading\" id=\"h-5-nouns\">5. Podstatn\u00e1 jm\u00e9na:<\/h3>\n\n\n\n<p>Arabsk\u00e1 podstatn\u00e1 jm\u00e9na jsou bu\u010f mu\u017esk\u00e9ho nebo \u017eensk\u00e9ho rodu a jejich koncovky se m\u011bn\u00ed na z\u00e1klad\u011b jejich gramatick\u00e9 role ve v\u011bt\u011b. Nau\u010dte se r\u016fzn\u00e9 vzory podstatn\u00fdch jmen a to, jak je ovliv\u0148uj\u00ed zna\u010den\u00ed velk\u00fdch a mal\u00fdch p\u00edsmen a dal\u0161\u00ed gramatick\u00e9 prvky.<\/p>\n\n\n\n<h3 class=\"wp-block-heading\" id=\"h-6-articles\">6. \u010cl\u00e1nky:<\/h3>\n\n\n\n<p>Arab\u0161tina m\u00e1 ur\u010dit\u00e9 a neur\u010dit\u00e9 \u010dleny, kter\u00e9 hraj\u00ed kl\u00ed\u010dovou roli p\u0159i identifikaci podstatn\u00fdch jmen. Nau\u010dte se pravidla a pou\u017e\u00edv\u00e1n\u00ed ur\u010dit\u00e9ho \u010dlenu &#8222;al-&#8220; a absenci neur\u010dit\u00e9ho \u010dlenu v arab\u0161tin\u011b.<\/p>\n\n\n\n<h3 class=\"wp-block-heading\" id=\"h-7-definite-and-indefinite-articles\">7. Ur\u010dit\u00e9 a neur\u010dit\u00e9 \u010dleny:<\/h3>\n\n\n\n<p>Jak ji\u017e bylo zm\u00edn\u011bno d\u0159\u00edve, pochopen\u00ed pou\u017e\u00edv\u00e1n\u00ed ur\u010dit\u00fdch a neur\u010dit\u00fdch \u010dlen\u016f v arab\u0161tin\u011b je z\u00e1sadn\u00ed. Procvi\u010dte si jejich pou\u017e\u00edv\u00e1n\u00ed ve v\u011bt\u00e1ch s r\u016fzn\u00fdmi podstatn\u00fdmi jm\u00e9ny, abyste pos\u00edlili sv\u00e9 ch\u00e1p\u00e1n\u00ed pojmu.<\/p>\n\n\n\n<h3 class=\"wp-block-heading\" id=\"h-8-pronouns\">8. Z\u00e1jmena:<\/h3>\n\n\n\n<p>Arabsk\u00e1 z\u00e1jmena se d\u011bl\u00ed na osobn\u00ed, ukazovac\u00ed a <a href=\"https:\/\/talkpal.ai\/cs\/grammar_exercises\/cviceni-vztazna-zajmena-pro-anglickou-gramatiku\/\">vzta\u017en\u00e1 z\u00e1jmena<\/a>. Nau\u010dte se jejich tvary a pou\u017eit\u00ed a tak\u00e9 pravidla pro jejich p\u0159ipojov\u00e1n\u00ed ke sloves\u016fm, podstatn\u00fdm jm\u00e9n\u016fm a p\u0159edlo\u017ek\u00e1m.<\/p>\n\n\n\n<h3 class=\"wp-block-heading\" id=\"h-9-adjectives\">9. P\u0159\u00eddavn\u00e1 jm\u00e9na:<\/h3>\n\n\n\n<p>P\u0159\u00eddavn\u00e1 jm\u00e9na v arab\u0161tin\u011b souhlas\u00ed s podstatn\u00fdmi jm\u00e9ny, kter\u00e1 modifikuj\u00ed v rod\u011b a \u010d\u00edsle. Nau\u010dte se pravidla pro shodu p\u0159\u00eddavn\u00fdch jmen a z\u00e1kladn\u00ed vzorce p\u0159\u00eddavn\u00fdch jmen.<\/p>\n\n\n\n<h3 class=\"wp-block-heading\" id=\"h-10-adverbs\">10. P\u0159\u00edslovce:<\/h3>\n\n\n\n<p>Seznamte se s b\u011b\u017en\u00fdmi arabsk\u00fdmi p\u0159\u00edslovci a jejich um\u00edst\u011bn\u00edm ve v\u011bt\u00e1ch. Pochopen\u00ed funkce p\u0159\u00edslovc\u00ed v\u00e1m pom\u016f\u017ee sd\u011blit podrobn\u011bj\u0161\u00ed informace ve va\u0161\u00ed komunikaci.<\/p>\n\n\n\n<h3 class=\"wp-block-heading\" id=\"h-11-prepositions\">11. P\u0159edlo\u017eky:<\/h3>\n\n\n\n<p>Arabsk\u00e9 p\u0159edlo\u017eky jsou nezbytn\u00e9 pro spojov\u00e1n\u00ed slov a fr\u00e1z\u00ed a vyjad\u0159ov\u00e1n\u00ed vztah\u016f mezi nimi. Nau\u010dte se r\u016fzn\u00e9 p\u0159edlo\u017eky a jejich pou\u017eit\u00ed ve v\u011bt\u00e1ch.<\/p>\n\n\n\n<h3 class=\"wp-block-heading\" id=\"h-12-idaafa-genitive-construction\">12. Idaafa (genitivn\u00ed konstrukce):<\/h3>\n\n\n\n<p>Konstrukce Idaafa se pou\u017e\u00edv\u00e1 k vyj\u00e1d\u0159en\u00ed vlastnictv\u00ed nebo vztah\u016f mezi podstatn\u00fdmi jm\u00e9ny. Nau\u010dte se pravidla a vzory pro vytv\u00e1\u0159en\u00ed konstrukc\u00ed Idaafa, kter\u00e9 jsou ned\u00edlnou sou\u010d\u00e1st\u00ed arabsk\u00e9 gramatiky.<\/p>\n\n\n\n<h3 class=\"wp-block-heading\" id=\"h-13-sentence-structure\">13. V\u011btn\u00e1 stavba:<\/h3>\n\n\n\n<p>Arabsk\u00e9 v\u011bty mohou b\u00fdt bu\u010f nomin\u00e1ln\u00ed, nebo verb\u00e1ln\u00ed. Nau\u010dte se z\u00e1kladn\u00ed strukturu obou typ\u016f v\u011bt a procvi\u010dte si tvo\u0159en\u00ed v\u011bt s r\u016fzn\u00fdmi slo\u017ekami.<\/p>\n\n\n\n<h3 class=\"wp-block-heading\" id=\"h-14-nominal-and-verbal-sentences\">14. Nomin\u00e1ln\u00ed a slovesn\u00e9 v\u011bty:<\/h3>\n\n\n\n<p>Pono\u0159te se hloub\u011bji do rozd\u00edl\u016f mezi nomin\u00e1ln\u00edmi a slovesn\u00fdmi v\u011btami a nau\u010dte se, jak je efektivn\u011b pou\u017e\u00edvat v r\u016fzn\u00fdch kontextech.<\/p>\n\n\n\n<h3 class=\"wp-block-heading\" id=\"h-15-subject-and-predicate-in-arabic\">15. Podm\u011bt a p\u0159\u00edsudek v arab\u0161tin\u011b:<\/h3>\n\n\n\n<p>Pochopen\u00ed rol\u00ed podm\u011btu a p\u0159\u00edsudku v arabsk\u00fdch v\u011bt\u00e1ch je z\u00e1sadn\u00ed pro efektivn\u00ed komunikaci. Nau\u010dte se pravidla pro identifikaci a pou\u017e\u00edv\u00e1n\u00ed podm\u011bt\u016f a p\u0159\u00edsudk\u016f v r\u016fzn\u00fdch typech v\u011bt.<\/p>\n<\/div><\/div>\n\r\n<section class=\"learnNavigationSection\">\r\n            \r\n        <a href=\"https:\/\/talkpal.ai\/cs\/naucte-se-arabsky\/\">\r\n            <div class=\"learnNavigationWrapper\">\r\n                <div class=\"learnNavigationContent\">\r\n                    <img decoding=\"async\" src=\"https:\/\/talkpal.ai\/wp-content\/uploads\/2024\/08\/Arabic.jpg\" alt=\"Arabic Flag\">\r\n                    <div>\r\n                        <h4>O studiu arab\u0161tiny<\/h4>\r\n                        <p>Zjist\u011bte v\u0161e o arabsk\u00e9 gramatice.<\/p>\r\n                    <\/div>\r\n                <\/div>\r\n            <\/div>\r\n        <\/a>\r\n\r\n        \r\n        <a href=\"https:\/\/talkpal.ai\/cs\/arabska-gramatika\/\">\r\n            <div class=\"learnNavigationWrapper\">\r\n                <div class=\"learnNavigationContent\">\r\n                    <img decoding=\"async\" src=\"https:\/\/talkpal.ai\/wp-content\/uploads\/2024\/08\/Arabic.jpg\" alt=\"Arabic Flag\">\r\n                    <div>\r\n                        <h4>Lekce arabsk\u00e9 gramatiky<\/h4>\r\n                        <p>Procvi\u010dte si arabskou gramatiku.<\/p>\r\n                    <\/div>\r\n                <\/div>\r\n            <\/div>\r\n        <\/a>\r\n\r\n        \r\n        <a href=\"https:\/\/talkpal.ai\/vocabulary_language\/arabic\/\">\r\n            <div class=\"learnNavigationWrapper\">\r\n                <div class=\"learnNavigationContent\">\r\n                    <img decoding=\"async\" src=\"https:\/\/talkpal.ai\/wp-content\/uploads\/2024\/08\/Arabic.jpg\" alt=\"Arabic Flag\">\r\n                    <div>\r\n                        <h4>Arabsk\u00e1 slovn\u00ed z\u00e1soba<\/h4>\r\n                        <p>Roz\u0161i\u0159te si arabskou slovn\u00ed z\u00e1sobu.<\/p>\r\n                    <\/div>\r\n                <\/div>\r\n            <\/div>\r\n        <\/a>\r\n\r\n            <\/section>","protected":false},"excerpt":{"rendered":"<p>T\u00e9mata arabsk\u00e9 gramatiky Arab\u0161tina se svou bohatou histori\u00ed a kulturn\u00edm v\u00fdznamem je pro studenty jazyk\u016f fascinuj\u00edc\u00edm a obohacuj\u00edc\u00edm po\u010dinem. Arab\u0161tina je jedn\u00edm ze \u0161esti ofici\u00e1ln\u00edch jazyk\u016f Organizace spojen\u00fdch n\u00e1rod\u016f a mluv\u00ed j\u00ed v\u00edce ne\u017e 420 milion\u016f lid\u00ed na cel\u00e9m sv\u011bt\u011b a otev\u00edr\u00e1 tak mo\u017enosti glob\u00e1ln\u00ed komunikace a porozum\u011bn\u00ed. Zvl\u00e1dnut\u00ed jazyka v\u0161ak vy\u017eaduje d\u016fkladn\u00e9 pochopen\u00ed jeho [&hellip;]<\/p>\n","protected":false},"author":6,"featured_media":105821,"parent":0,"menu_order":0,"comment_status":"closed","ping_status":"closed","template":"LearningContentPage.php","meta":{"_acf_changed":false,"footnotes":""},"class_list":["post-132559","page","type-page","status-publish","has-post-thumbnail","hentry"],"acf":[],"yoast_head":"<!-- This site is optimized with the Yoast SEO Premium plugin v27.2 (Yoast SEO v27.2) - https:\/\/yoast.com\/product\/yoast-seo-premium-wordpress\/ -->\n<title>Cvi\u010den\u00ed na arabskou gramatiku - Talkpal<\/title>\n<meta name=\"description\" content=\"Zlep\u0161ete sv\u00e9 znalosti pomoc\u00ed cvi\u010den\u00ed z arabsk\u00e9 gramatiky, kter\u00e1 zahrnuj\u00ed z\u00e1kladn\u00ed pravidla a struktury pro zvl\u00e1dnut\u00ed jazyka.\" \/>\n<meta name=\"robots\" content=\"index, follow, max-snippet:-1, max-image-preview:large, max-video-preview:-1\" \/>\n<link rel=\"canonical\" href=\"https:\/\/talkpal.ai\/cs\/cviceni-na-arabskou-gramatiku\/\" \/>\n<meta property=\"og:locale\" content=\"cs_CZ\" \/>\n<meta property=\"og:type\" content=\"article\" \/>\n<meta property=\"og:title\" content=\"Cvi\u010den\u00ed na arabskou gramatiku\" \/>\n<meta property=\"og:description\" content=\"T\u00e9mata arabsk\u00e9 gramatiky Arab\u0161tina se svou bohatou histori\u00ed a kulturn\u00edm v\u00fdznamem je pro studenty jazyk\u016f fascinuj\u00edc\u00edm a obohacuj\u00edc\u00edm po\u010dinem. Arab\u0161tina je\" \/>\n<meta property=\"og:url\" content=\"https:\/\/talkpal.ai\/cs\/cviceni-na-arabskou-gramatiku\/\" \/>\n<meta property=\"og:site_name\" content=\"Talkpal\" \/>\n<meta property=\"article:publisher\" content=\"https:\/\/www.facebook.com\/profile.php?id=100090733639311\" \/>\n<meta property=\"article:modified_time\" content=\"2025-05-22T20:17:07+00:00\" \/>\n<meta property=\"og:image\" content=\"https:\/\/talkpal.ai\/wp-content\/uploads\/2023\/04\/arabic-united-arab-emirates.png\" \/>\n\t<meta property=\"og:image:width\" content=\"512\" \/>\n\t<meta property=\"og:image:height\" content=\"512\" \/>\n\t<meta property=\"og:image:type\" content=\"image\/png\" \/>\n<meta name=\"twitter:card\" content=\"summary_large_image\" \/>\n<meta name=\"twitter:site\" content=\"@talkpalai\" \/>\n<meta name=\"twitter:label1\" content=\"Odhadovan\u00e1 doba \u010dten\u00ed\" \/>\n\t<meta name=\"twitter:data1\" content=\"4 minuty\" \/>\n<script type=\"application\/ld+json\" class=\"yoast-schema-graph\">{\"@context\":\"https:\/\/schema.org\",\"@graph\":[{\"@type\":\"WebPage\",\"@id\":\"https:\/\/talkpal.ai\/cs\/cviceni-na-arabskou-gramatiku\/\",\"url\":\"https:\/\/talkpal.ai\/cs\/cviceni-na-arabskou-gramatiku\/\",\"name\":\"Cvi\u010den\u00ed na arabskou gramatiku - Talkpal\",\"isPartOf\":{\"@id\":\"https:\/\/talkpal.ai\/cs\/#website\"},\"primaryImageOfPage\":{\"@id\":\"https:\/\/talkpal.ai\/cs\/cviceni-na-arabskou-gramatiku\/#primaryimage\"},\"image\":{\"@id\":\"https:\/\/talkpal.ai\/cs\/cviceni-na-arabskou-gramatiku\/#primaryimage\"},\"thumbnailUrl\":\"https:\/\/talkpal.ai\/wp-content\/uploads\/2023\/04\/arabic-united-arab-emirates.png\",\"datePublished\":\"2023-06-16T09:31:38+00:00\",\"dateModified\":\"2025-05-22T20:17:07+00:00\",\"description\":\"Zlep\u0161ete sv\u00e9 znalosti pomoc\u00ed cvi\u010den\u00ed z arabsk\u00e9 gramatiky, kter\u00e1 zahrnuj\u00ed z\u00e1kladn\u00ed pravidla a struktury pro zvl\u00e1dnut\u00ed jazyka.\",\"breadcrumb\":{\"@id\":\"https:\/\/talkpal.ai\/cs\/cviceni-na-arabskou-gramatiku\/#breadcrumb\"},\"inLanguage\":\"cs\",\"potentialAction\":[{\"@type\":\"ReadAction\",\"target\":[\"https:\/\/talkpal.ai\/cs\/cviceni-na-arabskou-gramatiku\/\"]}]},{\"@type\":\"ImageObject\",\"inLanguage\":\"cs\",\"@id\":\"https:\/\/talkpal.ai\/cs\/cviceni-na-arabskou-gramatiku\/#primaryimage\",\"url\":\"https:\/\/talkpal.ai\/wp-content\/uploads\/2023\/04\/arabic-united-arab-emirates.png\",\"contentUrl\":\"https:\/\/talkpal.ai\/wp-content\/uploads\/2023\/04\/arabic-united-arab-emirates.png\",\"width\":512,\"height\":512},{\"@type\":\"BreadcrumbList\",\"@id\":\"https:\/\/talkpal.ai\/cs\/cviceni-na-arabskou-gramatiku\/#breadcrumb\",\"itemListElement\":[{\"@type\":\"ListItem\",\"position\":1,\"name\":\"Homepage\",\"item\":\"https:\/\/talkpal.ai\/cs\/\"},{\"@type\":\"ListItem\",\"position\":2,\"name\":\"Cvi\u010den\u00ed na arabskou gramatiku\"}]},{\"@type\":\"WebSite\",\"@id\":\"https:\/\/talkpal.ai\/cs\/#website\",\"url\":\"https:\/\/talkpal.ai\/cs\/\",\"name\":\"Talkpal\",\"description\":\"AI Language Learning\",\"publisher\":{\"@id\":\"https:\/\/talkpal.ai\/cs\/#organization\"},\"alternateName\":\"Talkpal AI\",\"potentialAction\":[{\"@type\":\"SearchAction\",\"target\":{\"@type\":\"EntryPoint\",\"urlTemplate\":\"https:\/\/talkpal.ai\/cs\/?s={search_term_string}\"},\"query-input\":{\"@type\":\"PropertyValueSpecification\",\"valueRequired\":true,\"valueName\":\"search_term_string\"}}],\"inLanguage\":\"cs\"},{\"@type\":\"Organization\",\"@id\":\"https:\/\/talkpal.ai\/cs\/#organization\",\"name\":\"Talkpal, Inc.\",\"alternateName\":\"Talkpal AI\",\"url\":\"https:\/\/talkpal.ai\/cs\/\",\"logo\":{\"@type\":\"ImageObject\",\"inLanguage\":\"cs\",\"@id\":\"https:\/\/talkpal.ai\/cs\/#\/schema\/logo\/image\/\",\"url\":\"https:\/\/talkpal.ai\/wp-content\/uploads\/2024\/03\/Talkpal-Logo-Icon.png\",\"contentUrl\":\"https:\/\/talkpal.ai\/wp-content\/uploads\/2024\/03\/Talkpal-Logo-Icon.png\",\"width\":2880,\"height\":2880,\"caption\":\"Talkpal, Inc.\"},\"image\":{\"@id\":\"https:\/\/talkpal.ai\/cs\/#\/schema\/logo\/image\/\"},\"sameAs\":[\"https:\/\/www.facebook.com\/profile.php?id=100090733639311\",\"https:\/\/x.com\/talkpalai\",\"https:\/\/www.linkedin.com\/company\/talkpal\/\",\"https:\/\/www.youtube.com\/@TalkPal\/\",\"https:\/\/www.tiktok.com\/@talkpal\",\"https:\/\/www.instagram.com\/talkpal_ai\/\",\"https:\/\/www.crunchbase.com\/organization\/talkpal-9cde\",\"https:\/\/www.g2.com\/products\/talkpal-for-business\/\",\"https:\/\/www.trustpilot.com\/review\/talkpal.ai\",\"https:\/\/www.capterra.com\/p\/10006800\/TalkPal\/\"],\"description\":\"Talkpal is a language learning web and mobile education app, powered by the latest AI technologies, that provides engaging experiences to its customers in many different languages to help them improve their language skills. Users can chat about unlimited amount of topics with the app and use other modes to practice their language learning.\",\"email\":\"support@talkpal.ai\",\"legalName\":\"Talkpal, Inc.\",\"foundingDate\":\"2023-04-03\",\"duns\":\"118989042\",\"numberOfEmployees\":{\"@type\":\"QuantitativeValue\",\"minValue\":\"11\",\"maxValue\":\"50\"},\"publishingPrinciples\":\"https:\/\/talkpal.ai\/publishing-principles\/\",\"actionableFeedbackPolicy\":\"https:\/\/talkpal.ai\/actionable-feedback-policy\/\",\"correctionsPolicy\":\"https:\/\/talkpal.ai\/corrections-policy\/\",\"ethicsPolicy\":\"https:\/\/talkpal.ai\/ethics-policy\/\",\"diversityPolicy\":\"https:\/\/talkpal.ai\/diversity-policy\/\",\"diversityStaffingReport\":\"https:\/\/talkpal.ai\/diversity-policy\/\"}]}<\/script>\n<!-- \/ Yoast SEO Premium plugin. -->","yoast_head_json":{"title":"Cvi\u010den\u00ed na arabskou gramatiku - Talkpal","description":"Zlep\u0161ete sv\u00e9 znalosti pomoc\u00ed cvi\u010den\u00ed z arabsk\u00e9 gramatiky, kter\u00e1 zahrnuj\u00ed z\u00e1kladn\u00ed pravidla a struktury pro zvl\u00e1dnut\u00ed jazyka.","robots":{"index":"index","follow":"follow","max-snippet":"max-snippet:-1","max-image-preview":"max-image-preview:large","max-video-preview":"max-video-preview:-1"},"canonical":"https:\/\/talkpal.ai\/cs\/cviceni-na-arabskou-gramatiku\/","og_locale":"cs_CZ","og_type":"article","og_title":"Cvi\u010den\u00ed na arabskou gramatiku","og_description":"T\u00e9mata arabsk\u00e9 gramatiky Arab\u0161tina se svou bohatou histori\u00ed a kulturn\u00edm v\u00fdznamem je pro studenty jazyk\u016f fascinuj\u00edc\u00edm a obohacuj\u00edc\u00edm po\u010dinem. Arab\u0161tina je","og_url":"https:\/\/talkpal.ai\/cs\/cviceni-na-arabskou-gramatiku\/","og_site_name":"Talkpal","article_publisher":"https:\/\/www.facebook.com\/profile.php?id=100090733639311","article_modified_time":"2025-05-22T20:17:07+00:00","og_image":[{"width":512,"height":512,"url":"https:\/\/talkpal.ai\/wp-content\/uploads\/2023\/04\/arabic-united-arab-emirates.png","type":"image\/png"}],"twitter_card":"summary_large_image","twitter_site":"@talkpalai","twitter_misc":{"Odhadovan\u00e1 doba \u010dten\u00ed":"4 minuty"},"schema":{"@context":"https:\/\/schema.org","@graph":[{"@type":"WebPage","@id":"https:\/\/talkpal.ai\/cs\/cviceni-na-arabskou-gramatiku\/","url":"https:\/\/talkpal.ai\/cs\/cviceni-na-arabskou-gramatiku\/","name":"Cvi\u010den\u00ed na arabskou gramatiku - Talkpal","isPartOf":{"@id":"https:\/\/talkpal.ai\/cs\/#website"},"primaryImageOfPage":{"@id":"https:\/\/talkpal.ai\/cs\/cviceni-na-arabskou-gramatiku\/#primaryimage"},"image":{"@id":"https:\/\/talkpal.ai\/cs\/cviceni-na-arabskou-gramatiku\/#primaryimage"},"thumbnailUrl":"https:\/\/talkpal.ai\/wp-content\/uploads\/2023\/04\/arabic-united-arab-emirates.png","datePublished":"2023-06-16T09:31:38+00:00","dateModified":"2025-05-22T20:17:07+00:00","description":"Zlep\u0161ete sv\u00e9 znalosti pomoc\u00ed cvi\u010den\u00ed z arabsk\u00e9 gramatiky, kter\u00e1 zahrnuj\u00ed z\u00e1kladn\u00ed pravidla a struktury pro zvl\u00e1dnut\u00ed jazyka.","breadcrumb":{"@id":"https:\/\/talkpal.ai\/cs\/cviceni-na-arabskou-gramatiku\/#breadcrumb"},"inLanguage":"cs","potentialAction":[{"@type":"ReadAction","target":["https:\/\/talkpal.ai\/cs\/cviceni-na-arabskou-gramatiku\/"]}]},{"@type":"ImageObject","inLanguage":"cs","@id":"https:\/\/talkpal.ai\/cs\/cviceni-na-arabskou-gramatiku\/#primaryimage","url":"https:\/\/talkpal.ai\/wp-content\/uploads\/2023\/04\/arabic-united-arab-emirates.png","contentUrl":"https:\/\/talkpal.ai\/wp-content\/uploads\/2023\/04\/arabic-united-arab-emirates.png","width":512,"height":512},{"@type":"BreadcrumbList","@id":"https:\/\/talkpal.ai\/cs\/cviceni-na-arabskou-gramatiku\/#breadcrumb","itemListElement":[{"@type":"ListItem","position":1,"name":"Homepage","item":"https:\/\/talkpal.ai\/cs\/"},{"@type":"ListItem","position":2,"name":"Cvi\u010den\u00ed na arabskou gramatiku"}]},{"@type":"WebSite","@id":"https:\/\/talkpal.ai\/cs\/#website","url":"https:\/\/talkpal.ai\/cs\/","name":"Talkpal","description":"AI Language Learning","publisher":{"@id":"https:\/\/talkpal.ai\/cs\/#organization"},"alternateName":"Talkpal AI","potentialAction":[{"@type":"SearchAction","target":{"@type":"EntryPoint","urlTemplate":"https:\/\/talkpal.ai\/cs\/?s={search_term_string}"},"query-input":{"@type":"PropertyValueSpecification","valueRequired":true,"valueName":"search_term_string"}}],"inLanguage":"cs"},{"@type":"Organization","@id":"https:\/\/talkpal.ai\/cs\/#organization","name":"Talkpal, Inc.","alternateName":"Talkpal AI","url":"https:\/\/talkpal.ai\/cs\/","logo":{"@type":"ImageObject","inLanguage":"cs","@id":"https:\/\/talkpal.ai\/cs\/#\/schema\/logo\/image\/","url":"https:\/\/talkpal.ai\/wp-content\/uploads\/2024\/03\/Talkpal-Logo-Icon.png","contentUrl":"https:\/\/talkpal.ai\/wp-content\/uploads\/2024\/03\/Talkpal-Logo-Icon.png","width":2880,"height":2880,"caption":"Talkpal, Inc."},"image":{"@id":"https:\/\/talkpal.ai\/cs\/#\/schema\/logo\/image\/"},"sameAs":["https:\/\/www.facebook.com\/profile.php?id=100090733639311","https:\/\/x.com\/talkpalai","https:\/\/www.linkedin.com\/company\/talkpal\/","https:\/\/www.youtube.com\/@TalkPal\/","https:\/\/www.tiktok.com\/@talkpal","https:\/\/www.instagram.com\/talkpal_ai\/","https:\/\/www.crunchbase.com\/organization\/talkpal-9cde","https:\/\/www.g2.com\/products\/talkpal-for-business\/","https:\/\/www.trustpilot.com\/review\/talkpal.ai","https:\/\/www.capterra.com\/p\/10006800\/TalkPal\/"],"description":"Talkpal is a language learning web and mobile education app, powered by the latest AI technologies, that provides engaging experiences to its customers in many different languages to help them improve their language skills. Users can chat about unlimited amount of topics with the app and use other modes to practice their language learning.","email":"support@talkpal.ai","legalName":"Talkpal, Inc.","foundingDate":"2023-04-03","duns":"118989042","numberOfEmployees":{"@type":"QuantitativeValue","minValue":"11","maxValue":"50"},"publishingPrinciples":"https:\/\/talkpal.ai\/publishing-principles\/","actionableFeedbackPolicy":"https:\/\/talkpal.ai\/actionable-feedback-policy\/","correctionsPolicy":"https:\/\/talkpal.ai\/corrections-policy\/","ethicsPolicy":"https:\/\/talkpal.ai\/ethics-policy\/","diversityPolicy":"https:\/\/talkpal.ai\/diversity-policy\/","diversityStaffingReport":"https:\/\/talkpal.ai\/diversity-policy\/"}]}},"_links":{"self":[{"href":"https:\/\/talkpal.ai\/cs\/wp-json\/wp\/v2\/pages\/132559","targetHints":{"allow":["GET"]}}],"collection":[{"href":"https:\/\/talkpal.ai\/cs\/wp-json\/wp\/v2\/pages"}],"about":[{"href":"https:\/\/talkpal.ai\/cs\/wp-json\/wp\/v2\/types\/page"}],"author":[{"embeddable":true,"href":"https:\/\/talkpal.ai\/cs\/wp-json\/wp\/v2\/users\/6"}],"replies":[{"embeddable":true,"href":"https:\/\/talkpal.ai\/cs\/wp-json\/wp\/v2\/comments?post=132559"}],"version-history":[{"count":0,"href":"https:\/\/talkpal.ai\/cs\/wp-json\/wp\/v2\/pages\/132559\/revisions"}],"wp:featuredmedia":[{"embeddable":true,"href":"https:\/\/talkpal.ai\/cs\/wp-json\/wp\/v2\/media\/105821"}],"wp:attachment":[{"href":"https:\/\/talkpal.ai\/cs\/wp-json\/wp\/v2\/media?parent=132559"}],"curies":[{"name":"wp","href":"https:\/\/api.w.org\/{rel}","templated":true}]}}