{"id":132042,"date":"2023-06-16T09:14:18","date_gmt":"2023-06-16T09:14:18","guid":{"rendered":"http:\/\/talkpal.ai\/cviceni-z-nemecke-gramatiky\/"},"modified":"2025-12-17T16:12:49","modified_gmt":"2025-12-17T16:12:49","slug":"cviceni-z-nemecke-gramatiky","status":"publish","type":"page","link":"https:\/\/talkpal.ai\/cs\/cviceni-z-nemecke-gramatiky\/","title":{"rendered":"Cvi\u010den\u00ed z n\u011bmeck\u00e9 gramatiky"},"content":{"rendered":"\r\n\r\n\r\n<section class=\"languageChallengeSection\">\r\n    <div class=\"languageInfoWrapper\">\r\n        \r\n        <h1>Cvi\u010den\u00ed z n\u011bmeck\u00e9 gramatiky<\/h1>\r\n        <p>Jste p\u0159ipraveni pos\u00edlit svou n\u011bmeckou gramatiku? Procvi\u010dov\u00e1n\u00ed gramatick\u00fdch cvi\u010den\u00ed je dokonal\u00fdm zp\u016fsobem, jak si osvojit n\u011bmeck\u00fd jazyk. Za\u010dn\u011bte na n\u011bm pracovat je\u0161t\u011b dnes a uvid\u00edte, jak s ka\u017ed\u00fdm cvi\u010den\u00edm roste va\u0161e sebev\u011bdom\u00ed a plynulost!\n\n<\/p>\r\n\r\n                            <a class=\"getStartedHidden\" href=\"https:\/\/app.talkpal.ai\/cs\/signup?lng=\">Za\u010dni<\/a>\r\n        \r\n    <\/div>\r\n\r\n    <figure>\r\n    <img decoding=\"async\" width=\"768\" height=\"768\" src=\"https:\/\/talkpal.ai\/wp-content\/uploads\/2023\/06\/german-768x768.png\" class=\"languageImage no-lazy\" alt=\"Language learning for global networking\" fetchpriority=\"high\" sizes=\"(max-width: 768px) 150px, 768px\" srcset=\"https:\/\/talkpal.ai\/wp-content\/uploads\/2023\/06\/german-768x768.png 768w, https:\/\/talkpal.ai\/wp-content\/uploads\/2023\/06\/german-300x300.png 300w\" \/>\r\n    \r\n\r\n    <\/figure>\r\n\r\n            <a class=\"getStartedVisible\" href=\"https:\/\/app.talkpal.ai\/cs\/signup?lng=\">Za\u010dni<\/a>\r\n    \r\n<\/section>\r\n\r\n\r\n<!-- <section class=\"grammarSection\">\r\n    <div class=\"grammarLinks\">\r\n        <a href=\"https:\/\/talkpal.ai\/cs\/exercise_language\/casy-nemecka-gramatika\/\">\u010casy <\/a><a href=\"https:\/\/talkpal.ai\/cs\/exercise_language\/podstatna-jmena-a-cleny-nemecka-gramatika\/\">Podstatn\u00e1 jm\u00e9na a \u010dleny <\/a><a href=\"https:\/\/talkpal.ai\/cs\/exercise_language\/predlozky-nemecka-gramatika\/\">P\u0159edlo\u017eky <\/a><a href=\"https:\/\/talkpal.ai\/cs\/exercise_language\/pridavna-jmena-nemecka-gramatika\/\">P\u0159\u00eddavn\u00e1 jm\u00e9na <\/a><a href=\"https:\/\/talkpal.ai\/cs\/exercise_language\/prislovce-nemecka-gramatika\/\">P\u0159\u00edslovce <\/a><a href=\"https:\/\/talkpal.ai\/cs\/exercise_language\/sklonovani-nemecka-gramatika\/\">sklo\u0148ov\u00e1n\u00ed <\/a><a href=\"https:\/\/talkpal.ai\/cs\/exercise_language\/slovesa-nemecka-gramatika\/\">Slovesa <\/a><a href=\"https:\/\/talkpal.ai\/cs\/exercise_language\/vetna-stavba-nemecka-gramatika\/\">V\u011btn\u00e1 stavba <\/a><a href=\"https:\/\/talkpal.ai\/cs\/exercise_language\/zajmena-nemecka-gramatika\/\">Z\u00e1jmena <\/a>    <\/div>\r\n<\/section> -->\r\n\r\n\r\n\r\n\r\n        <section class=\"grammarSection\">\r\n            <div class=\"grammarLinks\">\r\n                <a href=\"https:\/\/talkpal.ai\/cs\/exercise_language\/casy-nemecka-gramatika\/\">\u010casy <\/a><a href=\"https:\/\/talkpal.ai\/cs\/exercise_language\/podstatna-jmena-a-cleny-nemecka-gramatika\/\">Podstatn\u00e1 jm\u00e9na a \u010dleny <\/a><a href=\"https:\/\/talkpal.ai\/cs\/exercise_language\/predlozky-nemecka-gramatika\/\">P\u0159edlo\u017eky <\/a><a href=\"https:\/\/talkpal.ai\/cs\/exercise_language\/pridavna-jmena-nemecka-gramatika\/\">P\u0159\u00eddavn\u00e1 jm\u00e9na <\/a><a href=\"https:\/\/talkpal.ai\/cs\/exercise_language\/prislovce-nemecka-gramatika\/\">P\u0159\u00edslovce <\/a><a href=\"https:\/\/talkpal.ai\/cs\/exercise_language\/sklonovani-nemecka-gramatika\/\">sklo\u0148ov\u00e1n\u00ed <\/a><a href=\"https:\/\/talkpal.ai\/cs\/exercise_language\/slovesa-nemecka-gramatika\/\">Slovesa <\/a><a href=\"https:\/\/talkpal.ai\/cs\/exercise_language\/vetna-stavba-nemecka-gramatika\/\">V\u011btn\u00e1 stavba <\/a><a href=\"https:\/\/talkpal.ai\/cs\/exercise_language\/zajmena-nemecka-gramatika\/\">Z\u00e1jmena <\/a>            <\/div>\r\n        <\/section>\r\n<section class=\"promotionalBanner\">\r\n    <p class=\"promotionalText\">Nejefektivn\u011bj\u0161\u00ed <a href=\"https:\/\/talkpal.ai\/best-way-to-learn\/\">zp\u016fsob<\/a>, jak se nau\u010dit jazyk<\/p>\r\n    <a class=\"promotionalLink\" href=\"https:\/\/app.talkpal.ai\/cs\/signup?lng=\">Vyzkou\u0161ejte Talkpal zdarma<\/a>\r\n<\/section>\n<div class=\"wp-block-group pageContainerStyle\"><div class=\"wp-block-group__inner-container is-layout-constrained wp-block-group-is-layout-constrained\">\n<h2 class=\"wp-block-heading\" id=\"h-german-grammar-topics\">T\u00e9mata n\u011bmeck\u00e9 gramatiky<\/h2>\n\n\n\n<p>Nau\u010dit se nov\u00fd jazyk m\u016f\u017ee b\u00fdt skli\u010duj\u00edc\u00ed \u00fakol, ale se spr\u00e1vn\u00fdm p\u0159\u00edstupem to m\u016f\u017ee b\u00fdt vzru\u0161uj\u00edc\u00ed a obohacuj\u00edc\u00ed zku\u0161enost. N\u011bm\u010dina je vysoce strukturovan\u00fd a logick\u00fd jazyk, co\u017e usnad\u0148uje u\u010den\u00ed, pokud jasn\u011b rozum\u00edte jej\u00edm gramatick\u00fdm pravidl\u016fm. Tato p\u0159\u00edru\u010dka v\u00e1m pom\u016f\u017ee porozum\u011bt kl\u00ed\u010dov\u00fdm aspekt\u016fm n\u011bmeck\u00e9 gramatiky, jako jsou \u010dasy, slovesa, podstatn\u00e1 jm\u00e9na a \u010dleny, z\u00e1jmena, p\u0159\u00eddavn\u00e1 jm\u00e9na, sklo\u0148ov\u00e1n\u00ed, p\u0159\u00edslovce, p\u0159edlo\u017eky a v\u011btn\u00e1 stavba. Dodr\u017eov\u00e1n\u00edm t\u00e9to sekvence budete moci efektivn\u011b a efektivn\u011b pokro\u010dit na sv\u00e9 cest\u011b za v\u00fdukou n\u011bm\u010diny.<\/p>\n\n\n\n<h3 class=\"wp-block-heading\" id=\"h-1-nouns-and-articles\">1. Podstatn\u00e1 jm\u00e9na a \u010dleny:<\/h3>\n\n\n\n<p>Za\u010dn\u011bte t\u00edm, \u017ee se nau\u010d\u00edte z\u00e1klady n\u011bmeck\u00fdch podstatn\u00fdch jmen a jejich doprovodn\u00fdch \u010dlen\u016f. N\u011bm\u010dina m\u00e1 t\u0159i rody (mu\u017esk\u00fd, \u017eensk\u00fd a st\u0159edn\u00ed) a \u010dty\u0159i p\u00e1dy (nominativ, akuzativ, dativ a genitiv). Pochopen\u00ed t\u011bchto pravidel v\u00e1m pom\u016f\u017ee ur\u010dit spr\u00e1vn\u00fd \u010dlen pro ka\u017ed\u00e9 podstatn\u00e9 jm\u00e9no a polo\u017e\u00ed z\u00e1klady va\u0161ich znalost\u00ed n\u011bmeck\u00e9 gramatiky.<\/p>\n\n\n\n<h3 class=\"wp-block-heading\" id=\"h-2-pronouns\">2. Z\u00e1jmena:<\/h3>\n\n\n\n<p>Z\u00e1jmena nahrazuj\u00ed podstatn\u00e1 jm\u00e9na ve v\u011bt\u011b a maj\u00ed r\u016fzn\u00e9 tvary v z\u00e1vislosti na jejich rodu, \u010d\u00edsle a p\u00e1du. Seznamte se s n\u011bmeck\u00fdmi z\u00e1jmeny, jako jsou osobn\u00ed, p\u0159ivlast\u0148ovac\u00ed, zvratn\u00e1 a <a href=\"https:\/\/talkpal.ai\/cs\/grammar_exercises\/cviceni-vztazna-zajmena-pro-anglickou-gramatiku\/\">vzta\u017en\u00e1 z\u00e1jmena<\/a>, abyste mohli vytv\u00e1\u0159et slo\u017eit\u011bj\u0161\u00ed v\u011bty a p\u0159esn\u011bji vyjad\u0159ovat sv\u00e9 my\u0161lenky.<\/p>\n\n\n\n<h3 class=\"wp-block-heading\" id=\"h-3-verbs\">3. Slovesa:<\/h3>\n\n\n\n<p>Slovesa jsou kl\u00ed\u010dov\u00e1 p\u0159i tvo\u0159en\u00ed v\u011bt, proto\u017ee vyjad\u0159uj\u00ed d\u011bje a stavy. Nau\u010dte se r\u016fzn\u00e9 typy n\u011bmeck\u00fdch sloves, jako jsou pravideln\u00e1, nepravideln\u00e1, mod\u00e1ln\u00ed a zvratn\u00e1 slovesa, spolu s jejich \u010dasov\u00e1n\u00edm v p\u0159\u00edtomn\u00e9m, minul\u00e9m a budouc\u00edm \u010dase. To v\u00e1m umo\u017en\u00ed efektivn\u011b komunikovat v r\u016fzn\u00fdch situac\u00edch.<\/p>\n\n\n\n<h3 class=\"wp-block-heading\" id=\"h-4-tenses\">4. \u010casy:<\/h3>\n\n\n\n<p>\u010casy ozna\u010duj\u00ed \u010das, kdy dojde k akci. V n\u011bm\u010din\u011b existuje \u0161est \u010das\u016f: p\u0159\u00edtomn\u00fd, minul\u00fd prost\u00fd, p\u0159edp\u0159\u00edtomn\u00fd, p\u0159edminul\u00fd \u010das, p\u0159edbudouc\u00ed a p\u0159edbudouc\u00ed \u010das. Pochopen\u00ed pravidel a pou\u017e\u00edv\u00e1n\u00ed t\u011bchto \u010das\u016f v\u00e1m pom\u016f\u017ee vyj\u00e1d\u0159it se jasn\u011b a p\u0159esn\u011b.<\/p>\n\n\n\n<h3 class=\"wp-block-heading\" id=\"h-5-adjectives\">5. P\u0159\u00eddavn\u00e1 jm\u00e9na:<\/h3>\n\n\n\n<p>P\u0159\u00eddavn\u00e1 jm\u00e9na popisuj\u00ed vlastnosti podstatn\u00fdch jmen a z\u00e1jmen a shoduj\u00ed se v rod\u011b, \u010d\u00edsle a p\u00e1d\u011b s podstatn\u00fdm jm\u00e9nem, kter\u00e9 modifikuj\u00ed. Nau\u010dte se pravidla pro sklo\u0148ov\u00e1n\u00ed p\u0159\u00eddavn\u00fdch jmen a tak\u00e9 srovn\u00e1vac\u00ed a superlativn\u00ed tvary, abyste vylep\u0161ili sv\u00e9 popisy a u\u010dinili svou \u0159e\u010d barevn\u011bj\u0161\u00ed.<\/p>\n\n\n\n<h3 class=\"wp-block-heading\" id=\"h-6-declension\">6. Sklo\u0148ov\u00e1n\u00ed:<\/h3>\n\n\n\n<p>Sklo\u0148ov\u00e1n\u00ed je proces zm\u011bny podstatn\u00fdch jmen, z\u00e1jmen a p\u0159\u00eddavn\u00fdch jmen za \u00fa\u010delem ozna\u010den\u00ed jejich gramatick\u00e9 funkce ve v\u011bt\u011b. Seznamte se se \u010dty\u0159mi n\u011bmeck\u00fdmi p\u00e1dy a s t\u00edm, jak ovliv\u0148uj\u00ed koncovky slov, co\u017e v\u00e1m umo\u017en\u00ed sestavit gramaticky spr\u00e1vn\u00e9 v\u011bty.<\/p>\n\n\n\n<h3 class=\"wp-block-heading\" id=\"h-7-adverbs\">7. P\u0159\u00edslovce:<\/h3>\n\n\n\n<p>P\u0159\u00edslovce poskytuj\u00ed dal\u0161\u00ed informace o slovesech, p\u0159\u00eddavn\u00fdch jm\u00e9nech nebo jin\u00fdch p\u0159\u00edslovc\u00edch. Nau\u010dte se r\u016fzn\u00e9 typy n\u011bmeck\u00fdch p\u0159\u00edslovc\u00ed, nap\u0159\u00edklad p\u0159\u00edslovce ozna\u010duj\u00edc\u00ed \u010das, zp\u016fsob a m\u00edsto, a jak je efektivn\u011b pou\u017e\u00edvat, abyste sv\u00e9 \u0159e\u010di dodali nuance a p\u0159esnost.<\/p>\n\n\n\n<h3 class=\"wp-block-heading\" id=\"h-8-prepositions\">8. P\u0159edlo\u017eky:<\/h3>\n\n\n\n<p>P\u0159edlo\u017eky se pou\u017e\u00edvaj\u00ed k ozna\u010den\u00ed vztahu mezi podstatn\u00fdmi jm\u00e9ny nebo z\u00e1jmeny a dal\u0161\u00edmi prvky ve v\u011bt\u011b. Prostudujte si r\u016fzn\u00e9 n\u011bmeck\u00e9 p\u0159edlo\u017eky a jejich pou\u017eit\u00ed v r\u016fzn\u00fdch p\u0159\u00edpadech, abyste l\u00e9pe porozum\u011bli tomu, jak se tvo\u0159\u00ed v\u011bty.<\/p>\n\n\n\n<h3 class=\"wp-block-heading\" id=\"h-9-sentence-structure\">9. V\u011btn\u00e1 stavba:<\/h3>\n\n\n\n<p>Nakonec se seznamte s n\u011bmeckou v\u011btnou strukturou, v\u010detn\u011b slovosledu, vedlej\u0161\u00edch v\u011bt a spojek. Pochopen\u00ed t\u011bchto pravidel v\u00e1m pom\u016f\u017ee vytvo\u0159it souvisl\u00e9 a dob\u0159e strukturovan\u00e9 v\u011bty, kter\u00e9 v\u00e1m umo\u017en\u00ed jasn\u011b a efektivn\u011b vyj\u00e1d\u0159it sv\u00e9 my\u0161lenky v n\u011bm\u010din\u011b.<\/p>\n<\/div><\/div>\n\r\n<section class=\"learnNavigationSection\">\r\n            \r\n        <a href=\"https:\/\/talkpal.ai\/cs\/ucte-se-nemecky\/\">\r\n            <div class=\"learnNavigationWrapper\">\r\n                <div class=\"learnNavigationContent\">\r\n                    <img decoding=\"async\" src=\"https:\/\/talkpal.ai\/wp-content\/uploads\/2024\/08\/German.jpg\" alt=\"German Flag\">\r\n                    <div>\r\n                        <h4>O v\u00fduce n\u011bm\u010diny<\/h4>\r\n                        <p>Zjist\u011bte v\u0161e o n\u011bmeck\u00e9 gramatice.<\/p>\r\n                    <\/div>\r\n                <\/div>\r\n            <\/div>\r\n        <\/a>\r\n\r\n        \r\n        <a href=\"https:\/\/talkpal.ai\/cs\/nemecka-gramatika\/\">\r\n            <div class=\"learnNavigationWrapper\">\r\n                <div class=\"learnNavigationContent\">\r\n                    <img decoding=\"async\" src=\"https:\/\/talkpal.ai\/wp-content\/uploads\/2024\/08\/German.jpg\" alt=\"German Flag\">\r\n                    <div>\r\n                        <h4>Lekce n\u011bmeck\u00e9 gramatiky<\/h4>\r\n                        <p>Procvi\u010dte si n\u011bmeckou gramatiku.<\/p>\r\n                    <\/div>\r\n                <\/div>\r\n            <\/div>\r\n        <\/a>\r\n\r\n        \r\n        <a href=\"https:\/\/talkpal.ai\/vocabulary_language\/german\/\">\r\n            <div class=\"learnNavigationWrapper\">\r\n                <div class=\"learnNavigationContent\">\r\n                    <img decoding=\"async\" src=\"https:\/\/talkpal.ai\/wp-content\/uploads\/2024\/08\/German.jpg\" alt=\"German Flag\">\r\n                    <div>\r\n                        <h4>N\u011bmeck\u00e1 slovn\u00ed z\u00e1soba<\/h4>\r\n                        <p>Roz\u0161i\u0159te si slovn\u00ed z\u00e1sobu n\u011bm\u010diny.<\/p>\r\n                    <\/div>\r\n                <\/div>\r\n            <\/div>\r\n        <\/a>\r\n\r\n            <\/section>","protected":false},"excerpt":{"rendered":"<p>T\u00e9mata n\u011bmeck\u00e9 gramatiky Nau\u010dit se nov\u00fd jazyk m\u016f\u017ee b\u00fdt skli\u010duj\u00edc\u00ed \u00fakol, ale se spr\u00e1vn\u00fdm p\u0159\u00edstupem to m\u016f\u017ee b\u00fdt vzru\u0161uj\u00edc\u00ed a obohacuj\u00edc\u00ed zku\u0161enost. N\u011bm\u010dina je vysoce strukturovan\u00fd a logick\u00fd jazyk, co\u017e usnad\u0148uje u\u010den\u00ed, pokud jasn\u011b rozum\u00edte jej\u00edm gramatick\u00fdm pravidl\u016fm. Tato p\u0159\u00edru\u010dka v\u00e1m pom\u016f\u017ee porozum\u011bt kl\u00ed\u010dov\u00fdm aspekt\u016fm n\u011bmeck\u00e9 gramatiky, jako jsou \u010dasy, slovesa, podstatn\u00e1 jm\u00e9na a \u010dleny, [&hellip;]<\/p>\n","protected":false},"author":6,"featured_media":75537,"parent":0,"menu_order":0,"comment_status":"closed","ping_status":"closed","template":"LearningContentPage.php","meta":{"_acf_changed":false,"footnotes":""},"class_list":["post-132042","page","type-page","status-publish","has-post-thumbnail","hentry"],"acf":[],"yoast_head":"<!-- This site is optimized with the Yoast SEO Premium plugin v27.2 (Yoast SEO v27.2) - https:\/\/yoast.com\/product\/yoast-seo-premium-wordpress\/ -->\n<title>Cvi\u010den\u00ed z n\u011bmeck\u00e9 gramatiky - Talkpal<\/title>\n<meta name=\"description\" content=\"Zlep\u0161ete si n\u011bmeckou gramatiku pomoc\u00ed praktick\u00fdch cvi\u010den\u00ed - rychle se zlep\u0161ete, interaktivn\u011b procvi\u010dujte a z\u00edskejte jazykovou jistotu pomoc\u00ed Talkpal AI.\" \/>\n<meta name=\"robots\" content=\"index, follow, max-snippet:-1, max-image-preview:large, max-video-preview:-1\" \/>\n<link rel=\"canonical\" href=\"https:\/\/talkpal.ai\/cs\/cviceni-z-nemecke-gramatiky\/\" \/>\n<meta property=\"og:locale\" content=\"cs_CZ\" \/>\n<meta property=\"og:type\" content=\"article\" \/>\n<meta property=\"og:title\" content=\"Cvi\u010den\u00ed z n\u011bmeck\u00e9 gramatiky\" \/>\n<meta property=\"og:description\" content=\"T\u00e9mata n\u011bmeck\u00e9 gramatiky Nau\u010dit se nov\u00fd jazyk m\u016f\u017ee b\u00fdt skli\u010duj\u00edc\u00ed \u00fakol, ale se spr\u00e1vn\u00fdm p\u0159\u00edstupem to m\u016f\u017ee b\u00fdt vzru\u0161uj\u00edc\u00ed a obohacuj\u00edc\u00ed zku\u0161enost. N\u011bm\u010dina\" \/>\n<meta property=\"og:url\" content=\"https:\/\/talkpal.ai\/cs\/cviceni-z-nemecke-gramatiky\/\" \/>\n<meta property=\"og:site_name\" content=\"Talkpal\" \/>\n<meta property=\"article:publisher\" content=\"https:\/\/www.facebook.com\/profile.php?id=100090733639311\" \/>\n<meta property=\"article:modified_time\" content=\"2025-12-17T16:12:49+00:00\" \/>\n<meta property=\"og:image\" content=\"https:\/\/talkpal.ai\/wp-content\/uploads\/2023\/03\/germany.png\" \/>\n\t<meta property=\"og:image:width\" content=\"512\" \/>\n\t<meta property=\"og:image:height\" content=\"512\" \/>\n\t<meta property=\"og:image:type\" content=\"image\/png\" \/>\n<meta name=\"twitter:card\" content=\"summary_large_image\" \/>\n<meta name=\"twitter:site\" content=\"@talkpalai\" \/>\n<meta name=\"twitter:label1\" content=\"Odhadovan\u00e1 doba \u010dten\u00ed\" \/>\n\t<meta name=\"twitter:data1\" content=\"3 minuty\" \/>\n<script type=\"application\/ld+json\" class=\"yoast-schema-graph\">{\"@context\":\"https:\/\/schema.org\",\"@graph\":[{\"@type\":\"WebPage\",\"@id\":\"https:\/\/talkpal.ai\/cs\/cviceni-z-nemecke-gramatiky\/\",\"url\":\"https:\/\/talkpal.ai\/cs\/cviceni-z-nemecke-gramatiky\/\",\"name\":\"Cvi\u010den\u00ed z n\u011bmeck\u00e9 gramatiky - Talkpal\",\"isPartOf\":{\"@id\":\"https:\/\/talkpal.ai\/cs\/#website\"},\"primaryImageOfPage\":{\"@id\":\"https:\/\/talkpal.ai\/cs\/cviceni-z-nemecke-gramatiky\/#primaryimage\"},\"image\":{\"@id\":\"https:\/\/talkpal.ai\/cs\/cviceni-z-nemecke-gramatiky\/#primaryimage\"},\"thumbnailUrl\":\"https:\/\/talkpal.ai\/wp-content\/uploads\/2023\/03\/germany.png\",\"datePublished\":\"2023-06-16T09:14:18+00:00\",\"dateModified\":\"2025-12-17T16:12:49+00:00\",\"description\":\"Zlep\u0161ete si n\u011bmeckou gramatiku pomoc\u00ed praktick\u00fdch cvi\u010den\u00ed - rychle se zlep\u0161ete, interaktivn\u011b procvi\u010dujte a z\u00edskejte jazykovou jistotu pomoc\u00ed Talkpal AI.\",\"breadcrumb\":{\"@id\":\"https:\/\/talkpal.ai\/cs\/cviceni-z-nemecke-gramatiky\/#breadcrumb\"},\"inLanguage\":\"cs\",\"potentialAction\":[{\"@type\":\"ReadAction\",\"target\":[\"https:\/\/talkpal.ai\/cs\/cviceni-z-nemecke-gramatiky\/\"]}]},{\"@type\":\"ImageObject\",\"inLanguage\":\"cs\",\"@id\":\"https:\/\/talkpal.ai\/cs\/cviceni-z-nemecke-gramatiky\/#primaryimage\",\"url\":\"https:\/\/talkpal.ai\/wp-content\/uploads\/2023\/03\/germany.png\",\"contentUrl\":\"https:\/\/talkpal.ai\/wp-content\/uploads\/2023\/03\/germany.png\",\"width\":512,\"height\":512,\"caption\":\"TalkPal AI learn German\"},{\"@type\":\"BreadcrumbList\",\"@id\":\"https:\/\/talkpal.ai\/cs\/cviceni-z-nemecke-gramatiky\/#breadcrumb\",\"itemListElement\":[{\"@type\":\"ListItem\",\"position\":1,\"name\":\"Homepage\",\"item\":\"https:\/\/talkpal.ai\/cs\/\"},{\"@type\":\"ListItem\",\"position\":2,\"name\":\"Cvi\u010den\u00ed z n\u011bmeck\u00e9 gramatiky\"}]},{\"@type\":\"WebSite\",\"@id\":\"https:\/\/talkpal.ai\/cs\/#website\",\"url\":\"https:\/\/talkpal.ai\/cs\/\",\"name\":\"Talkpal\",\"description\":\"AI Language Learning\",\"publisher\":{\"@id\":\"https:\/\/talkpal.ai\/cs\/#organization\"},\"alternateName\":\"Talkpal AI\",\"potentialAction\":[{\"@type\":\"SearchAction\",\"target\":{\"@type\":\"EntryPoint\",\"urlTemplate\":\"https:\/\/talkpal.ai\/cs\/?s={search_term_string}\"},\"query-input\":{\"@type\":\"PropertyValueSpecification\",\"valueRequired\":true,\"valueName\":\"search_term_string\"}}],\"inLanguage\":\"cs\"},{\"@type\":\"Organization\",\"@id\":\"https:\/\/talkpal.ai\/cs\/#organization\",\"name\":\"Talkpal, Inc.\",\"alternateName\":\"Talkpal AI\",\"url\":\"https:\/\/talkpal.ai\/cs\/\",\"logo\":{\"@type\":\"ImageObject\",\"inLanguage\":\"cs\",\"@id\":\"https:\/\/talkpal.ai\/cs\/#\/schema\/logo\/image\/\",\"url\":\"https:\/\/talkpal.ai\/wp-content\/uploads\/2024\/03\/Talkpal-Logo-Icon.png\",\"contentUrl\":\"https:\/\/talkpal.ai\/wp-content\/uploads\/2024\/03\/Talkpal-Logo-Icon.png\",\"width\":2880,\"height\":2880,\"caption\":\"Talkpal, Inc.\"},\"image\":{\"@id\":\"https:\/\/talkpal.ai\/cs\/#\/schema\/logo\/image\/\"},\"sameAs\":[\"https:\/\/www.facebook.com\/profile.php?id=100090733639311\",\"https:\/\/x.com\/talkpalai\",\"https:\/\/www.linkedin.com\/company\/talkpal\/\",\"https:\/\/www.youtube.com\/@TalkPal\/\",\"https:\/\/www.tiktok.com\/@talkpal\",\"https:\/\/www.instagram.com\/talkpal_ai\/\",\"https:\/\/www.crunchbase.com\/organization\/talkpal-9cde\",\"https:\/\/www.g2.com\/products\/talkpal-for-business\/\",\"https:\/\/www.trustpilot.com\/review\/talkpal.ai\",\"https:\/\/www.capterra.com\/p\/10006800\/TalkPal\/\"],\"description\":\"Talkpal is a language learning web and mobile education app, powered by the latest AI technologies, that provides engaging experiences to its customers in many different languages to help them improve their language skills. Users can chat about unlimited amount of topics with the app and use other modes to practice their language learning.\",\"email\":\"support@talkpal.ai\",\"legalName\":\"Talkpal, Inc.\",\"foundingDate\":\"2023-04-03\",\"duns\":\"118989042\",\"numberOfEmployees\":{\"@type\":\"QuantitativeValue\",\"minValue\":\"11\",\"maxValue\":\"50\"},\"publishingPrinciples\":\"https:\/\/talkpal.ai\/publishing-principles\/\",\"actionableFeedbackPolicy\":\"https:\/\/talkpal.ai\/actionable-feedback-policy\/\",\"correctionsPolicy\":\"https:\/\/talkpal.ai\/corrections-policy\/\",\"ethicsPolicy\":\"https:\/\/talkpal.ai\/ethics-policy\/\",\"diversityPolicy\":\"https:\/\/talkpal.ai\/diversity-policy\/\",\"diversityStaffingReport\":\"https:\/\/talkpal.ai\/diversity-policy\/\"}]}<\/script>\n<!-- \/ Yoast SEO Premium plugin. -->","yoast_head_json":{"title":"Cvi\u010den\u00ed z n\u011bmeck\u00e9 gramatiky - Talkpal","description":"Zlep\u0161ete si n\u011bmeckou gramatiku pomoc\u00ed praktick\u00fdch cvi\u010den\u00ed - rychle se zlep\u0161ete, interaktivn\u011b procvi\u010dujte a z\u00edskejte jazykovou jistotu pomoc\u00ed Talkpal AI.","robots":{"index":"index","follow":"follow","max-snippet":"max-snippet:-1","max-image-preview":"max-image-preview:large","max-video-preview":"max-video-preview:-1"},"canonical":"https:\/\/talkpal.ai\/cs\/cviceni-z-nemecke-gramatiky\/","og_locale":"cs_CZ","og_type":"article","og_title":"Cvi\u010den\u00ed z n\u011bmeck\u00e9 gramatiky","og_description":"T\u00e9mata n\u011bmeck\u00e9 gramatiky Nau\u010dit se nov\u00fd jazyk m\u016f\u017ee b\u00fdt skli\u010duj\u00edc\u00ed \u00fakol, ale se spr\u00e1vn\u00fdm p\u0159\u00edstupem to m\u016f\u017ee b\u00fdt vzru\u0161uj\u00edc\u00ed a obohacuj\u00edc\u00ed zku\u0161enost. N\u011bm\u010dina","og_url":"https:\/\/talkpal.ai\/cs\/cviceni-z-nemecke-gramatiky\/","og_site_name":"Talkpal","article_publisher":"https:\/\/www.facebook.com\/profile.php?id=100090733639311","article_modified_time":"2025-12-17T16:12:49+00:00","og_image":[{"width":512,"height":512,"url":"https:\/\/talkpal.ai\/wp-content\/uploads\/2023\/03\/germany.png","type":"image\/png"}],"twitter_card":"summary_large_image","twitter_site":"@talkpalai","twitter_misc":{"Odhadovan\u00e1 doba \u010dten\u00ed":"3 minuty"},"schema":{"@context":"https:\/\/schema.org","@graph":[{"@type":"WebPage","@id":"https:\/\/talkpal.ai\/cs\/cviceni-z-nemecke-gramatiky\/","url":"https:\/\/talkpal.ai\/cs\/cviceni-z-nemecke-gramatiky\/","name":"Cvi\u010den\u00ed z n\u011bmeck\u00e9 gramatiky - Talkpal","isPartOf":{"@id":"https:\/\/talkpal.ai\/cs\/#website"},"primaryImageOfPage":{"@id":"https:\/\/talkpal.ai\/cs\/cviceni-z-nemecke-gramatiky\/#primaryimage"},"image":{"@id":"https:\/\/talkpal.ai\/cs\/cviceni-z-nemecke-gramatiky\/#primaryimage"},"thumbnailUrl":"https:\/\/talkpal.ai\/wp-content\/uploads\/2023\/03\/germany.png","datePublished":"2023-06-16T09:14:18+00:00","dateModified":"2025-12-17T16:12:49+00:00","description":"Zlep\u0161ete si n\u011bmeckou gramatiku pomoc\u00ed praktick\u00fdch cvi\u010den\u00ed - rychle se zlep\u0161ete, interaktivn\u011b procvi\u010dujte a z\u00edskejte jazykovou jistotu pomoc\u00ed Talkpal AI.","breadcrumb":{"@id":"https:\/\/talkpal.ai\/cs\/cviceni-z-nemecke-gramatiky\/#breadcrumb"},"inLanguage":"cs","potentialAction":[{"@type":"ReadAction","target":["https:\/\/talkpal.ai\/cs\/cviceni-z-nemecke-gramatiky\/"]}]},{"@type":"ImageObject","inLanguage":"cs","@id":"https:\/\/talkpal.ai\/cs\/cviceni-z-nemecke-gramatiky\/#primaryimage","url":"https:\/\/talkpal.ai\/wp-content\/uploads\/2023\/03\/germany.png","contentUrl":"https:\/\/talkpal.ai\/wp-content\/uploads\/2023\/03\/germany.png","width":512,"height":512,"caption":"TalkPal AI learn German"},{"@type":"BreadcrumbList","@id":"https:\/\/talkpal.ai\/cs\/cviceni-z-nemecke-gramatiky\/#breadcrumb","itemListElement":[{"@type":"ListItem","position":1,"name":"Homepage","item":"https:\/\/talkpal.ai\/cs\/"},{"@type":"ListItem","position":2,"name":"Cvi\u010den\u00ed z n\u011bmeck\u00e9 gramatiky"}]},{"@type":"WebSite","@id":"https:\/\/talkpal.ai\/cs\/#website","url":"https:\/\/talkpal.ai\/cs\/","name":"Talkpal","description":"AI Language Learning","publisher":{"@id":"https:\/\/talkpal.ai\/cs\/#organization"},"alternateName":"Talkpal AI","potentialAction":[{"@type":"SearchAction","target":{"@type":"EntryPoint","urlTemplate":"https:\/\/talkpal.ai\/cs\/?s={search_term_string}"},"query-input":{"@type":"PropertyValueSpecification","valueRequired":true,"valueName":"search_term_string"}}],"inLanguage":"cs"},{"@type":"Organization","@id":"https:\/\/talkpal.ai\/cs\/#organization","name":"Talkpal, Inc.","alternateName":"Talkpal AI","url":"https:\/\/talkpal.ai\/cs\/","logo":{"@type":"ImageObject","inLanguage":"cs","@id":"https:\/\/talkpal.ai\/cs\/#\/schema\/logo\/image\/","url":"https:\/\/talkpal.ai\/wp-content\/uploads\/2024\/03\/Talkpal-Logo-Icon.png","contentUrl":"https:\/\/talkpal.ai\/wp-content\/uploads\/2024\/03\/Talkpal-Logo-Icon.png","width":2880,"height":2880,"caption":"Talkpal, Inc."},"image":{"@id":"https:\/\/talkpal.ai\/cs\/#\/schema\/logo\/image\/"},"sameAs":["https:\/\/www.facebook.com\/profile.php?id=100090733639311","https:\/\/x.com\/talkpalai","https:\/\/www.linkedin.com\/company\/talkpal\/","https:\/\/www.youtube.com\/@TalkPal\/","https:\/\/www.tiktok.com\/@talkpal","https:\/\/www.instagram.com\/talkpal_ai\/","https:\/\/www.crunchbase.com\/organization\/talkpal-9cde","https:\/\/www.g2.com\/products\/talkpal-for-business\/","https:\/\/www.trustpilot.com\/review\/talkpal.ai","https:\/\/www.capterra.com\/p\/10006800\/TalkPal\/"],"description":"Talkpal is a language learning web and mobile education app, powered by the latest AI technologies, that provides engaging experiences to its customers in many different languages to help them improve their language skills. Users can chat about unlimited amount of topics with the app and use other modes to practice their language learning.","email":"support@talkpal.ai","legalName":"Talkpal, Inc.","foundingDate":"2023-04-03","duns":"118989042","numberOfEmployees":{"@type":"QuantitativeValue","minValue":"11","maxValue":"50"},"publishingPrinciples":"https:\/\/talkpal.ai\/publishing-principles\/","actionableFeedbackPolicy":"https:\/\/talkpal.ai\/actionable-feedback-policy\/","correctionsPolicy":"https:\/\/talkpal.ai\/corrections-policy\/","ethicsPolicy":"https:\/\/talkpal.ai\/ethics-policy\/","diversityPolicy":"https:\/\/talkpal.ai\/diversity-policy\/","diversityStaffingReport":"https:\/\/talkpal.ai\/diversity-policy\/"}]}},"_links":{"self":[{"href":"https:\/\/talkpal.ai\/cs\/wp-json\/wp\/v2\/pages\/132042","targetHints":{"allow":["GET"]}}],"collection":[{"href":"https:\/\/talkpal.ai\/cs\/wp-json\/wp\/v2\/pages"}],"about":[{"href":"https:\/\/talkpal.ai\/cs\/wp-json\/wp\/v2\/types\/page"}],"author":[{"embeddable":true,"href":"https:\/\/talkpal.ai\/cs\/wp-json\/wp\/v2\/users\/6"}],"replies":[{"embeddable":true,"href":"https:\/\/talkpal.ai\/cs\/wp-json\/wp\/v2\/comments?post=132042"}],"version-history":[{"count":0,"href":"https:\/\/talkpal.ai\/cs\/wp-json\/wp\/v2\/pages\/132042\/revisions"}],"wp:featuredmedia":[{"embeddable":true,"href":"https:\/\/talkpal.ai\/cs\/wp-json\/wp\/v2\/media\/75537"}],"wp:attachment":[{"href":"https:\/\/talkpal.ai\/cs\/wp-json\/wp\/v2\/media?parent=132042"}],"curies":[{"name":"wp","href":"https:\/\/api.w.org\/{rel}","templated":true}]}}