{"id":131179,"date":"2023-05-14T13:53:24","date_gmt":"2023-05-14T13:53:24","guid":{"rendered":"http:\/\/talkpal.ai\/ukrajinska-gramatika\/"},"modified":"2025-12-11T16:38:11","modified_gmt":"2025-12-11T16:38:11","slug":"ukrajinska-gramatika","status":"publish","type":"page","link":"https:\/\/talkpal.ai\/cs\/ukrajinska-gramatika\/","title":{"rendered":"Ukrajinsk\u00e1 gramatika"},"content":{"rendered":"\r\n\r\n\r\n<section class=\"languageChallengeSection\">\r\n    <div class=\"languageInfoWrapper\">\r\n        \r\n        <h1>Ukrajinsk\u00e1 gramatika<\/h1>\r\n        <p>Prozkoumejte strukturu ukrajinsk\u00e9ho jazyka a nau\u010dte se jeho z\u00e1kladn\u00ed gramatick\u00e1 pravidla. Zvl\u00e1dnut\u00ed ukrajinsk\u00e9 gramatiky v\u00e1m pom\u016f\u017ee d\u016fv\u011brn\u011b komunikovat a l\u00e9pe se sbl\u00ed\u017eit s ukrajinskou kulturou a d\u011bdictv\u00edm. Za\u010dn\u011bte svou cestu k ukrajinsk\u00e9 gramatice je\u0161t\u011b dnes a ud\u011blejte prvn\u00ed krok k plynulosti!<\/p>\r\n\r\n                            <a class=\"getStartedHidden\" href=\"https:\/\/app.talkpal.ai\/cs\/signup?lng=\">Za\u010dni<\/a>\r\n        \r\n    <\/div>\r\n\r\n    <figure>\r\n    <img decoding=\"async\" width=\"768\" height=\"768\" src=\"https:\/\/talkpal.ai\/wp-content\/uploads\/2023\/06\/Ukrainian-768x768.png\" class=\"languageImage no-lazy\" alt=\"Language learning - Your doorway to the world\" fetchpriority=\"high\" sizes=\"(max-width: 768px) 150px, 768px\" srcset=\"https:\/\/talkpal.ai\/wp-content\/uploads\/2023\/06\/Ukrainian-768x768.png 768w, https:\/\/talkpal.ai\/wp-content\/uploads\/2023\/06\/Ukrainian-300x300.png 300w\" \/>\r\n    \r\n\r\n    <\/figure>\r\n\r\n            <a class=\"getStartedVisible\" href=\"https:\/\/app.talkpal.ai\/cs\/signup?lng=\">Za\u010dni<\/a>\r\n    \r\n<\/section>\r\n<section class=\"promotionalBanner\">\r\n    <p class=\"promotionalText\">Nejefektivn\u011bj\u0161\u00ed zp\u016fsob, jak se nau\u010dit jazyk<\/p>\r\n    <a class=\"promotionalLink\" href=\"https:\/\/app.talkpal.ai\/cs\/signup?lng=\">Vyzkou\u0161ejte Talkpal zdarma<\/a>\r\n<\/section>\n<div class=\"wp-block-group pageContainerStyle\"><div class=\"wp-block-group__inner-container is-layout-constrained wp-block-group-is-layout-constrained\">\n<h2 class=\"wp-block-heading\" id=\"h-a-comprehensive-guide-to-mastering-ukrainian-grammar\">Komplexn\u00ed pr\u016fvodce zvl\u00e1dnut\u00edm ukrajinsk\u00e9 gramatiky<\/h2>\n\n\n\n<p><a href=\"https:\/\/talkpal.ai\/learn-ukrainian\/\">Ukrajin\u0161tina<\/a>, kr\u00e1sn\u00fd a melodick\u00fd jazyk, si z\u00edsk\u00e1v\u00e1 st\u00e1le v\u011bt\u0161\u00ed z\u00e1jem jazykov\u00fdch nad\u0161enc\u016f po cel\u00e9m sv\u011bt\u011b. Studium ukrajin\u0161tiny v\u00e1m umo\u017en\u00ed p\u0159\u00edstup k bohat\u00e9mu kulturn\u00edmu d\u011bdictv\u00ed a umo\u017en\u00ed v\u00e1m komunikovat s miliony lid\u00ed na Ukrajin\u011b a v sousedn\u00edch zem\u00edch. I kdy\u017e se pono\u0159en\u00ed do ukrajinsk\u00e9 gramatiky m\u016f\u017ee zpo\u010d\u00e1tku zd\u00e1t skli\u010duj\u00edc\u00ed, m\u00edt v n\u00ed pevn\u00e9 z\u00e1klady v\u00e1m umo\u017en\u00ed prozkoumat nuance jazyka a pln\u011b ocenit jeho kr\u00e1su. Tento \u010dl\u00e1nek v\u00e1s krok za krokem provede z\u00e1klady ukrajinsk\u00e9 gramatiky a vybav\u00ed v\u00e1s, abyste mohli s jistotou <a href=\"https:\/\/talkpal.ai\/ko\/ai-%ec%96%b8%ec%96%b4-%ea%b5%90%ec%82%ac\/\">za\u010d\u00edt<\/a> svou jazykovou cestu.<\/p>\n\n\n\n<h3 class=\"wp-block-heading\" id=\"h-1-mastering-ukrainian-nouns-and-cases\">1. Zvl\u00e1dnut\u00ed ukrajinsk\u00fdch podstatn\u00fdch jmen a p\u00e1d\u016f<\/h3>\n\n\n\n<p>\u00dast\u0159edn\u00edm rysem ukrajinsk\u00e9 gramatiky je jej\u00ed p\u00e1dov\u00fd syst\u00e9m. P\u0159i pou\u017e\u00edv\u00e1n\u00ed podstatn\u00fdch jmen mus\u00edte zn\u00e1t jejich rod (mu\u017esk\u00fd, \u017eensk\u00fd nebo st\u0159edn\u00ed) a b\u00fdt si v\u011bdomi kontextu, kter\u00fd m\u016f\u017ee vy\u017eadovat zm\u011bnu jejich koncovek. Ukrajin\u0161tina m\u00e1 sedm p\u00e1d\u016f:<\/p>\n\n\n\n<p>&#8211; Nominativ: podm\u011bt v\u011bty<\/p>\n\n\n\n<p>&#8211; Genitiv: ozna\u010den\u00ed vlastnictv\u00ed, mno\u017estv\u00ed a negace<\/p>\n\n\n\n<p>&#8211; Dativ: nep\u0159\u00edm\u00fd p\u0159edm\u011bt nebo pohyb k c\u00edli<\/p>\n\n\n\n<p>&#8211; Akuzativ: p\u0159\u00edm\u00fd p\u0159edm\u011bt nebo pohyb nam\u00ed\u0159en\u00fd proti n\u011b\u010demu<\/p>\n\n\n\n<p>&#8211; Instrument\u00e1ln\u00ed: ozna\u010duje prost\u0159edek nebo n\u00e1stroj \u010dinnosti<\/p>\n\n\n\n<p>&#8211; Lokativ: ozna\u010duje polohu<\/p>\n\n\n\n<p>&#8211; Vokativ: pou\u017e\u00edv\u00e1 se pro osloven\u00ed nebo vol\u00e1n\u00ed k n\u011bkomu<\/p>\n\n\n\n<p>Je t\u0159eba v\u011bnovat pozornost koncovk\u00e1m a deklinaci podstatn\u00fdch jmen, proto\u017ee se m\u011bn\u00ed v z\u00e1vislosti na pou\u017eit\u00e9m p\u00e1du, rodu a \u010d\u00edsle podstatn\u00e9ho jm\u00e9na.<\/p>\n\n\n\n<h3 class=\"wp-block-heading\" id=\"h-2-navigating-the-ukrainian-verb-system\">2. Orientace v ukrajinsk\u00e9m slovesn\u00e9m syst\u00e9mu<\/h3>\n\n\n\n<p>Ukrajinsk\u00e1 slovesa se \u010dasuj\u00ed podle osoby, \u010d\u00edsla, \u010dasu, n\u00e1lady a hlasu. V ukrajin\u0161tin\u011b existuj\u00ed \u010dty\u0159i aspekty sloves \u2013 dokonav\u00e1, nedokonav\u00e1, iterativn\u00ed a po\u010d\u00e1te\u010dn\u00ed:<\/p>\n\n\n\n<p>&#8211; Perfektum: ozna\u010duje dokon\u010den\u00e9 \u010dinnosti<\/p>\n\n\n\n<p>&#8211; Imperfektivum: popisuje trval\u00e9, obvykl\u00e9 nebo opakovan\u00e9 \u010dinnosti.<\/p>\n\n\n\n<p>&#8211; Iterativn\u00ed: vyjad\u0159uje \u010dinnosti, kter\u00e9 se opakuj\u00ed v ur\u010dit\u00e9m intervalu.<\/p>\n\n\n\n<p>&#8211; Inceptivn\u00ed: ozna\u010duje za\u010d\u00e1tek d\u011bje<\/p>\n\n\n\n<p>Chcete-li se orientovat v ukrajinsk\u00e9m slovesn\u00e9m syst\u00e9mu, m\u011bli byste se sezn\u00e1mit se t\u0159emi z\u00e1kladn\u00edmi \u010dasov\u00e1n\u00edm sloves. Proces \u010dasov\u00e1n\u00ed zahrnuje zm\u011bnu koncovek ko\u0159ene slovesa podle \u010dasu, zp\u016fsobu a podm\u011btu.<\/p>\n\n\n\n<h3 class=\"wp-block-heading\" id=\"h-3-perfecting-ukrainian-adjectives-and-pronouns\">3. Zdokonalov\u00e1n\u00ed ukrajinsk\u00fdch p\u0159\u00eddavn\u00fdch jmen a z\u00e1jmen<\/h3>\n\n\n\n<p>P\u0159\u00eddavn\u00e1 jm\u00e9na v ukrajin\u0161tin\u011b mus\u00ed souhlasit s podstatn\u00fdm jm\u00e9nem, kter\u00e9 popisuj\u00ed, a to v rod\u011b, \u010d\u00edsle a p\u00e1du. To znamen\u00e1, \u017ee p\u0159i pou\u017eit\u00ed p\u0159\u00eddavn\u00e9ho jm\u00e9na mus\u00edte d\u00e1vat pozor na jeho koncovky, proto\u017ee se zm\u011bn\u00ed, aby byly v souladu s podstatn\u00fdm jm\u00e9nem. Krom\u011b toho mohou b\u00fdt p\u0159\u00eddavn\u00e1 jm\u00e9na v ukrajin\u0161tin\u011b bu\u010f dlouh\u00e9, nebo kr\u00e1tk\u00e9 formy, p\u0159i\u010dem\u017e ka\u017ed\u00e9 z nich m\u00e1 sv\u00e9 pou\u017eit\u00ed v z\u00e1vislosti na kontextu.<\/p>\n\n\n\n<p>Z\u00e1jmena se pou\u017e\u00edvaj\u00ed m\u00edsto podstatn\u00fdch jmen a mus\u00ed tak\u00e9 souhlasit s podstatn\u00fdm jm\u00e9nem, kter\u00e9 nahrazuj\u00ed, a to v rod\u011b, \u010d\u00edsle a p\u00e1du. Mezi osobn\u00ed z\u00e1jmena v ukrajin\u0161tin\u011b pat\u0159\u00ed &#8222;\u044f&#8220; (j\u00e1), &#8222;\u0442\u0438&#8220; (ty, jednotn\u00e9 \u010d\u00edslo), &#8222;\u0432\u0456\u043d\/\u0432\u043e\u043d\u0430\/\u0432\u043e\u043d\u043e&#8220; (on\/ona\/to), &#8222;\u043c\u0438&#8220; (my), &#8222;\u0432\u0438&#8220; (vy, mno\u017en\u00e9 \u010d\u00edslo nebo form\u00e1ln\u00ed) a &#8222;\u0432\u043e\u043d\u0438&#8220; (oni). V ukrajin\u0161tin\u011b existuj\u00ed tak\u00e9 p\u0159ivlast\u0148ovac\u00ed, ukazovac\u00ed a <a href=\"https:\/\/talkpal.ai\/cs\/grammar_exercises\/cviceni-vztazna-zajmena-pro-anglickou-gramatiku\/\">vzta\u017en\u00e1 z\u00e1jmena<\/a>.<\/p>\n\n\n\n<h3 class=\"wp-block-heading\" id=\"h-4-putting-it-all-together-sentence-structure\">4. D\u00e1t to v\u0161echno dohromady: Struktura v\u011bty<\/h3>\n\n\n\n<p>Ukrajin\u0161tina se \u0159\u00edd\u00ed v\u011btnou strukturou podm\u011bt-sloveso-p\u0159edm\u011bt (SVO), podobn\u011b jako <a href=\"https:\/\/talkpal.ai\/learn-english-with-ai\/\">angli\u010dtina<\/a>. Na rozd\u00edl od angli\u010dtiny m\u00e1 v\u0161ak ukrajin\u0161tina d\u00edky sv\u00e9mu syst\u00e9mu p\u00e1d\u016f v\u011bt\u0161\u00ed flexibilitu ve slovosledu. Tato flexibilita umo\u017e\u0148uje mluv\u010d\u00edm zd\u016fraznit konkr\u00e9tn\u00ed slova nebo my\u0161lenky t\u00edm, \u017ee je um\u00edst\u00ed na r\u016fzn\u00e1 m\u00edsta ve v\u011bt\u011b. I kdy\u017e zvl\u00e1dnut\u00ed t\u00e9to v\u0161estrannosti m\u016f\u017ee n\u011bjakou dobu trvat, umo\u017en\u00ed v\u00e1m to vyj\u00e1d\u0159it se um\u011ble\u010dt\u011bji a plynuleji v ukrajin\u0161tin\u011b.<\/p>\n\n\n\n<h3 class=\"wp-block-heading\" id=\"h-conclusion\">Z\u00e1v\u011br<\/h3>\n\n\n\n<p>A\u017e se vyd\u00e1te na cestu za ukrajin\u0161tinou, nezapome\u0148te, \u017ee plynul\u00e1 znalost gramatiky vy\u017eaduje praxi a vytrvalost. Seznamte se postupn\u011b s r\u016fzn\u00fdmi aspekty ukrajinsk\u00e9 gramatiky, od podstatn\u00fdch jmen a p\u00e1d\u016f a\u017e po slovesa a v\u011btnou stavbu. U\u017eijte si proces u\u010den\u00ed a vychutnejte si kr\u00e1su a expresivitu ukrajinsk\u00e9ho jazyka. \u0412\u0434\u0430\u0447\u0456! (Hodn\u011b \u0161t\u011bst\u00ed!)<\/p>\n<\/div><\/div>\n\r\n<section class=\"learnNavigationSection\">\r\n            \r\n        <a href=\"https:\/\/talkpal.ai\/cs\/naucte-se-ukrajinsky\/\">\r\n            <div class=\"learnNavigationWrapper\">\r\n                <div class=\"learnNavigationContent\">\r\n                    <img decoding=\"async\" src=\"https:\/\/talkpal.ai\/wp-content\/uploads\/2024\/08\/Ukrainian.jpg\" alt=\"Ukrainian Flag\">\r\n                    <div>\r\n                        <h4>O ukrajinsk\u00e9m vzd\u011bl\u00e1v\u00e1n\u00ed<\/h4>\r\n                        <p>Zjist\u011bte v\u0161e o ukrajinsk\u00e9 gramatice.<\/p>\r\n                    <\/div>\r\n                <\/div>\r\n            <\/div>\r\n        <\/a>\r\n\r\n        \r\n        <a href=\"https:\/\/talkpal.ai\/cs\/cviceni-z-ukrajinske-gramatiky\/\">\r\n            <div class=\"learnNavigationWrapper\">\r\n                <div class=\"learnNavigationContent\">\r\n                    <img decoding=\"async\" src=\"https:\/\/talkpal.ai\/wp-content\/uploads\/2024\/08\/Ukrainian.jpg\" alt=\"Ukrainian Flag\">\r\n                    <div>\r\n                        <h4>Cvi\u010den\u00ed z ukrajinsk\u00e9 gramatiky<\/h4>\r\n                        <p>Procvi\u010dte si ukrajinskou gramatiku.<\/p>\r\n                    <\/div>\r\n                <\/div>\r\n            <\/div>\r\n        <\/a>\r\n\r\n        \r\n        <a href=\"https:\/\/talkpal.ai\/vocabulary_language\/ukrainian\/\">\r\n            <div class=\"learnNavigationWrapper\">\r\n                <div class=\"learnNavigationContent\">\r\n                    <img decoding=\"async\" src=\"https:\/\/talkpal.ai\/wp-content\/uploads\/2024\/08\/Ukrainian.jpg\" alt=\"Ukrainian Flag\">\r\n                    <div>\r\n                        <h4>Ukrajinsk\u00e1 slovn\u00ed z\u00e1soba<\/h4>\r\n                        <p>Roz\u0161i\u0159te si slovn\u00ed z\u00e1sobu ukrajin\u0161tiny.<\/p>\r\n                    <\/div>\r\n                <\/div>\r\n            <\/div>\r\n        <\/a>\r\n\r\n            <\/section>","protected":false},"excerpt":{"rendered":"<p>Komplexn\u00ed pr\u016fvodce zvl\u00e1dnut\u00edm ukrajinsk\u00e9 gramatiky Ukrajin\u0161tina, kr\u00e1sn\u00fd a melodick\u00fd jazyk, si z\u00edsk\u00e1v\u00e1 st\u00e1le v\u011bt\u0161\u00ed z\u00e1jem jazykov\u00fdch nad\u0161enc\u016f po cel\u00e9m sv\u011bt\u011b. Studium ukrajin\u0161tiny v\u00e1m umo\u017en\u00ed p\u0159\u00edstup k bohat\u00e9mu kulturn\u00edmu d\u011bdictv\u00ed a umo\u017en\u00ed v\u00e1m komunikovat s miliony lid\u00ed na Ukrajin\u011b a v sousedn\u00edch zem\u00edch. I kdy\u017e se pono\u0159en\u00ed do ukrajinsk\u00e9 gramatiky m\u016f\u017ee zpo\u010d\u00e1tku zd\u00e1t skli\u010duj\u00edc\u00ed, m\u00edt v [&hellip;]<\/p>\n","protected":false},"author":1,"featured_media":108554,"parent":0,"menu_order":0,"comment_status":"closed","ping_status":"closed","template":"LearningContentPage.php","meta":{"_acf_changed":false,"footnotes":""},"class_list":["post-131179","page","type-page","status-publish","has-post-thumbnail","hentry"],"acf":[],"yoast_head":"<!-- This site is optimized with the Yoast SEO Premium plugin v27.2 (Yoast SEO v27.2) - https:\/\/yoast.com\/product\/yoast-seo-premium-wordpress\/ -->\n<title>Ukrajinsk\u00e1 gramatika - Talkpal<\/title>\n<meta name=\"description\" content=\"Odhalte kr\u00e1su ukrajinsk\u00e9 gramatiky pomoc\u00ed z\u00e1kladn\u00edch tip\u016f a post\u0159eh\u016f, kter\u00e9 v\u00e1m pomohou zlep\u0161it va\u0161e jazykov\u00e9 vzd\u011bl\u00e1v\u00e1n\u00ed.\" \/>\n<meta name=\"robots\" content=\"index, follow, max-snippet:-1, max-image-preview:large, max-video-preview:-1\" \/>\n<link rel=\"canonical\" href=\"https:\/\/talkpal.ai\/cs\/ukrajinska-gramatika\/\" \/>\n<meta property=\"og:locale\" content=\"cs_CZ\" \/>\n<meta property=\"og:type\" content=\"article\" \/>\n<meta property=\"og:title\" content=\"Ukrajinsk\u00e1 gramatika\" \/>\n<meta property=\"og:description\" content=\"Komplexn\u00ed pr\u016fvodce zvl\u00e1dnut\u00edm ukrajinsk\u00e9 gramatiky Ukrajin\u0161tina, kr\u00e1sn\u00fd a melodick\u00fd jazyk, si z\u00edsk\u00e1v\u00e1 st\u00e1le v\u011bt\u0161\u00ed z\u00e1jem jazykov\u00fdch nad\u0161enc\u016f po cel\u00e9m\" \/>\n<meta property=\"og:url\" content=\"https:\/\/talkpal.ai\/cs\/ukrajinska-gramatika\/\" \/>\n<meta property=\"og:site_name\" content=\"Talkpal\" \/>\n<meta property=\"article:publisher\" content=\"https:\/\/www.facebook.com\/profile.php?id=100090733639311\" \/>\n<meta property=\"article:modified_time\" content=\"2025-12-11T16:38:11+00:00\" \/>\n<meta property=\"og:image\" content=\"https:\/\/talkpal.ai\/wp-content\/uploads\/2023\/04\/ukraine.png\" \/>\n\t<meta property=\"og:image:width\" content=\"512\" \/>\n\t<meta property=\"og:image:height\" content=\"512\" \/>\n\t<meta property=\"og:image:type\" content=\"image\/png\" \/>\n<meta name=\"twitter:card\" content=\"summary_large_image\" \/>\n<meta name=\"twitter:site\" content=\"@talkpalai\" \/>\n<meta name=\"twitter:label1\" content=\"Odhadovan\u00e1 doba \u010dten\u00ed\" \/>\n\t<meta name=\"twitter:data1\" content=\"4 minuty\" \/>\n<script type=\"application\/ld+json\" class=\"yoast-schema-graph\">{\"@context\":\"https:\/\/schema.org\",\"@graph\":[{\"@type\":\"WebPage\",\"@id\":\"https:\/\/talkpal.ai\/cs\/ukrajinska-gramatika\/\",\"url\":\"https:\/\/talkpal.ai\/cs\/ukrajinska-gramatika\/\",\"name\":\"Ukrajinsk\u00e1 gramatika - Talkpal\",\"isPartOf\":{\"@id\":\"https:\/\/talkpal.ai\/cs\/#website\"},\"primaryImageOfPage\":{\"@id\":\"https:\/\/talkpal.ai\/cs\/ukrajinska-gramatika\/#primaryimage\"},\"image\":{\"@id\":\"https:\/\/talkpal.ai\/cs\/ukrajinska-gramatika\/#primaryimage\"},\"thumbnailUrl\":\"https:\/\/talkpal.ai\/wp-content\/uploads\/2023\/04\/ukraine.png\",\"datePublished\":\"2023-05-14T13:53:24+00:00\",\"dateModified\":\"2025-12-11T16:38:11+00:00\",\"description\":\"Odhalte kr\u00e1su ukrajinsk\u00e9 gramatiky pomoc\u00ed z\u00e1kladn\u00edch tip\u016f a post\u0159eh\u016f, kter\u00e9 v\u00e1m pomohou zlep\u0161it va\u0161e jazykov\u00e9 vzd\u011bl\u00e1v\u00e1n\u00ed.\",\"breadcrumb\":{\"@id\":\"https:\/\/talkpal.ai\/cs\/ukrajinska-gramatika\/#breadcrumb\"},\"inLanguage\":\"cs\",\"potentialAction\":[{\"@type\":\"ReadAction\",\"target\":[\"https:\/\/talkpal.ai\/cs\/ukrajinska-gramatika\/\"]}]},{\"@type\":\"ImageObject\",\"inLanguage\":\"cs\",\"@id\":\"https:\/\/talkpal.ai\/cs\/ukrajinska-gramatika\/#primaryimage\",\"url\":\"https:\/\/talkpal.ai\/wp-content\/uploads\/2023\/04\/ukraine.png\",\"contentUrl\":\"https:\/\/talkpal.ai\/wp-content\/uploads\/2023\/04\/ukraine.png\",\"width\":512,\"height\":512,\"caption\":\"TalkPal Ukrainian Flag\"},{\"@type\":\"BreadcrumbList\",\"@id\":\"https:\/\/talkpal.ai\/cs\/ukrajinska-gramatika\/#breadcrumb\",\"itemListElement\":[{\"@type\":\"ListItem\",\"position\":1,\"name\":\"Homepage\",\"item\":\"https:\/\/talkpal.ai\/cs\/\"},{\"@type\":\"ListItem\",\"position\":2,\"name\":\"Ukrajinsk\u00e1 gramatika\"}]},{\"@type\":\"WebSite\",\"@id\":\"https:\/\/talkpal.ai\/cs\/#website\",\"url\":\"https:\/\/talkpal.ai\/cs\/\",\"name\":\"Talkpal\",\"description\":\"AI Language Learning\",\"publisher\":{\"@id\":\"https:\/\/talkpal.ai\/cs\/#organization\"},\"alternateName\":\"Talkpal AI\",\"potentialAction\":[{\"@type\":\"SearchAction\",\"target\":{\"@type\":\"EntryPoint\",\"urlTemplate\":\"https:\/\/talkpal.ai\/cs\/?s={search_term_string}\"},\"query-input\":{\"@type\":\"PropertyValueSpecification\",\"valueRequired\":true,\"valueName\":\"search_term_string\"}}],\"inLanguage\":\"cs\"},{\"@type\":\"Organization\",\"@id\":\"https:\/\/talkpal.ai\/cs\/#organization\",\"name\":\"Talkpal, Inc.\",\"alternateName\":\"Talkpal AI\",\"url\":\"https:\/\/talkpal.ai\/cs\/\",\"logo\":{\"@type\":\"ImageObject\",\"inLanguage\":\"cs\",\"@id\":\"https:\/\/talkpal.ai\/cs\/#\/schema\/logo\/image\/\",\"url\":\"https:\/\/talkpal.ai\/wp-content\/uploads\/2024\/03\/Talkpal-Logo-Icon.png\",\"contentUrl\":\"https:\/\/talkpal.ai\/wp-content\/uploads\/2024\/03\/Talkpal-Logo-Icon.png\",\"width\":2880,\"height\":2880,\"caption\":\"Talkpal, Inc.\"},\"image\":{\"@id\":\"https:\/\/talkpal.ai\/cs\/#\/schema\/logo\/image\/\"},\"sameAs\":[\"https:\/\/www.facebook.com\/profile.php?id=100090733639311\",\"https:\/\/x.com\/talkpalai\",\"https:\/\/www.linkedin.com\/company\/talkpal\/\",\"https:\/\/www.youtube.com\/@TalkPal\/\",\"https:\/\/www.tiktok.com\/@talkpal\",\"https:\/\/www.instagram.com\/talkpal_ai\/\",\"https:\/\/www.crunchbase.com\/organization\/talkpal-9cde\",\"https:\/\/www.g2.com\/products\/talkpal-for-business\/\",\"https:\/\/www.trustpilot.com\/review\/talkpal.ai\",\"https:\/\/www.capterra.com\/p\/10006800\/TalkPal\/\"],\"description\":\"Talkpal is a language learning web and mobile education app, powered by the latest AI technologies, that provides engaging experiences to its customers in many different languages to help them improve their language skills. Users can chat about unlimited amount of topics with the app and use other modes to practice their language learning.\",\"email\":\"support@talkpal.ai\",\"legalName\":\"Talkpal, Inc.\",\"foundingDate\":\"2023-04-03\",\"duns\":\"118989042\",\"numberOfEmployees\":{\"@type\":\"QuantitativeValue\",\"minValue\":\"11\",\"maxValue\":\"50\"},\"publishingPrinciples\":\"https:\/\/talkpal.ai\/publishing-principles\/\",\"actionableFeedbackPolicy\":\"https:\/\/talkpal.ai\/actionable-feedback-policy\/\",\"correctionsPolicy\":\"https:\/\/talkpal.ai\/corrections-policy\/\",\"ethicsPolicy\":\"https:\/\/talkpal.ai\/ethics-policy\/\",\"diversityPolicy\":\"https:\/\/talkpal.ai\/diversity-policy\/\",\"diversityStaffingReport\":\"https:\/\/talkpal.ai\/diversity-policy\/\"}]}<\/script>\n<!-- \/ Yoast SEO Premium plugin. -->","yoast_head_json":{"title":"Ukrajinsk\u00e1 gramatika - Talkpal","description":"Odhalte kr\u00e1su ukrajinsk\u00e9 gramatiky pomoc\u00ed z\u00e1kladn\u00edch tip\u016f a post\u0159eh\u016f, kter\u00e9 v\u00e1m pomohou zlep\u0161it va\u0161e jazykov\u00e9 vzd\u011bl\u00e1v\u00e1n\u00ed.","robots":{"index":"index","follow":"follow","max-snippet":"max-snippet:-1","max-image-preview":"max-image-preview:large","max-video-preview":"max-video-preview:-1"},"canonical":"https:\/\/talkpal.ai\/cs\/ukrajinska-gramatika\/","og_locale":"cs_CZ","og_type":"article","og_title":"Ukrajinsk\u00e1 gramatika","og_description":"Komplexn\u00ed pr\u016fvodce zvl\u00e1dnut\u00edm ukrajinsk\u00e9 gramatiky Ukrajin\u0161tina, kr\u00e1sn\u00fd a melodick\u00fd jazyk, si z\u00edsk\u00e1v\u00e1 st\u00e1le v\u011bt\u0161\u00ed z\u00e1jem jazykov\u00fdch nad\u0161enc\u016f po cel\u00e9m","og_url":"https:\/\/talkpal.ai\/cs\/ukrajinska-gramatika\/","og_site_name":"Talkpal","article_publisher":"https:\/\/www.facebook.com\/profile.php?id=100090733639311","article_modified_time":"2025-12-11T16:38:11+00:00","og_image":[{"width":512,"height":512,"url":"https:\/\/talkpal.ai\/wp-content\/uploads\/2023\/04\/ukraine.png","type":"image\/png"}],"twitter_card":"summary_large_image","twitter_site":"@talkpalai","twitter_misc":{"Odhadovan\u00e1 doba \u010dten\u00ed":"4 minuty"},"schema":{"@context":"https:\/\/schema.org","@graph":[{"@type":"WebPage","@id":"https:\/\/talkpal.ai\/cs\/ukrajinska-gramatika\/","url":"https:\/\/talkpal.ai\/cs\/ukrajinska-gramatika\/","name":"Ukrajinsk\u00e1 gramatika - Talkpal","isPartOf":{"@id":"https:\/\/talkpal.ai\/cs\/#website"},"primaryImageOfPage":{"@id":"https:\/\/talkpal.ai\/cs\/ukrajinska-gramatika\/#primaryimage"},"image":{"@id":"https:\/\/talkpal.ai\/cs\/ukrajinska-gramatika\/#primaryimage"},"thumbnailUrl":"https:\/\/talkpal.ai\/wp-content\/uploads\/2023\/04\/ukraine.png","datePublished":"2023-05-14T13:53:24+00:00","dateModified":"2025-12-11T16:38:11+00:00","description":"Odhalte kr\u00e1su ukrajinsk\u00e9 gramatiky pomoc\u00ed z\u00e1kladn\u00edch tip\u016f a post\u0159eh\u016f, kter\u00e9 v\u00e1m pomohou zlep\u0161it va\u0161e jazykov\u00e9 vzd\u011bl\u00e1v\u00e1n\u00ed.","breadcrumb":{"@id":"https:\/\/talkpal.ai\/cs\/ukrajinska-gramatika\/#breadcrumb"},"inLanguage":"cs","potentialAction":[{"@type":"ReadAction","target":["https:\/\/talkpal.ai\/cs\/ukrajinska-gramatika\/"]}]},{"@type":"ImageObject","inLanguage":"cs","@id":"https:\/\/talkpal.ai\/cs\/ukrajinska-gramatika\/#primaryimage","url":"https:\/\/talkpal.ai\/wp-content\/uploads\/2023\/04\/ukraine.png","contentUrl":"https:\/\/talkpal.ai\/wp-content\/uploads\/2023\/04\/ukraine.png","width":512,"height":512,"caption":"TalkPal Ukrainian Flag"},{"@type":"BreadcrumbList","@id":"https:\/\/talkpal.ai\/cs\/ukrajinska-gramatika\/#breadcrumb","itemListElement":[{"@type":"ListItem","position":1,"name":"Homepage","item":"https:\/\/talkpal.ai\/cs\/"},{"@type":"ListItem","position":2,"name":"Ukrajinsk\u00e1 gramatika"}]},{"@type":"WebSite","@id":"https:\/\/talkpal.ai\/cs\/#website","url":"https:\/\/talkpal.ai\/cs\/","name":"Talkpal","description":"AI Language Learning","publisher":{"@id":"https:\/\/talkpal.ai\/cs\/#organization"},"alternateName":"Talkpal AI","potentialAction":[{"@type":"SearchAction","target":{"@type":"EntryPoint","urlTemplate":"https:\/\/talkpal.ai\/cs\/?s={search_term_string}"},"query-input":{"@type":"PropertyValueSpecification","valueRequired":true,"valueName":"search_term_string"}}],"inLanguage":"cs"},{"@type":"Organization","@id":"https:\/\/talkpal.ai\/cs\/#organization","name":"Talkpal, Inc.","alternateName":"Talkpal AI","url":"https:\/\/talkpal.ai\/cs\/","logo":{"@type":"ImageObject","inLanguage":"cs","@id":"https:\/\/talkpal.ai\/cs\/#\/schema\/logo\/image\/","url":"https:\/\/talkpal.ai\/wp-content\/uploads\/2024\/03\/Talkpal-Logo-Icon.png","contentUrl":"https:\/\/talkpal.ai\/wp-content\/uploads\/2024\/03\/Talkpal-Logo-Icon.png","width":2880,"height":2880,"caption":"Talkpal, Inc."},"image":{"@id":"https:\/\/talkpal.ai\/cs\/#\/schema\/logo\/image\/"},"sameAs":["https:\/\/www.facebook.com\/profile.php?id=100090733639311","https:\/\/x.com\/talkpalai","https:\/\/www.linkedin.com\/company\/talkpal\/","https:\/\/www.youtube.com\/@TalkPal\/","https:\/\/www.tiktok.com\/@talkpal","https:\/\/www.instagram.com\/talkpal_ai\/","https:\/\/www.crunchbase.com\/organization\/talkpal-9cde","https:\/\/www.g2.com\/products\/talkpal-for-business\/","https:\/\/www.trustpilot.com\/review\/talkpal.ai","https:\/\/www.capterra.com\/p\/10006800\/TalkPal\/"],"description":"Talkpal is a language learning web and mobile education app, powered by the latest AI technologies, that provides engaging experiences to its customers in many different languages to help them improve their language skills. Users can chat about unlimited amount of topics with the app and use other modes to practice their language learning.","email":"support@talkpal.ai","legalName":"Talkpal, Inc.","foundingDate":"2023-04-03","duns":"118989042","numberOfEmployees":{"@type":"QuantitativeValue","minValue":"11","maxValue":"50"},"publishingPrinciples":"https:\/\/talkpal.ai\/publishing-principles\/","actionableFeedbackPolicy":"https:\/\/talkpal.ai\/actionable-feedback-policy\/","correctionsPolicy":"https:\/\/talkpal.ai\/corrections-policy\/","ethicsPolicy":"https:\/\/talkpal.ai\/ethics-policy\/","diversityPolicy":"https:\/\/talkpal.ai\/diversity-policy\/","diversityStaffingReport":"https:\/\/talkpal.ai\/diversity-policy\/"}]}},"_links":{"self":[{"href":"https:\/\/talkpal.ai\/cs\/wp-json\/wp\/v2\/pages\/131179","targetHints":{"allow":["GET"]}}],"collection":[{"href":"https:\/\/talkpal.ai\/cs\/wp-json\/wp\/v2\/pages"}],"about":[{"href":"https:\/\/talkpal.ai\/cs\/wp-json\/wp\/v2\/types\/page"}],"author":[{"embeddable":true,"href":"https:\/\/talkpal.ai\/cs\/wp-json\/wp\/v2\/users\/1"}],"replies":[{"embeddable":true,"href":"https:\/\/talkpal.ai\/cs\/wp-json\/wp\/v2\/comments?post=131179"}],"version-history":[{"count":0,"href":"https:\/\/talkpal.ai\/cs\/wp-json\/wp\/v2\/pages\/131179\/revisions"}],"wp:featuredmedia":[{"embeddable":true,"href":"https:\/\/talkpal.ai\/cs\/wp-json\/wp\/v2\/media\/108554"}],"wp:attachment":[{"href":"https:\/\/talkpal.ai\/cs\/wp-json\/wp\/v2\/media?parent=131179"}],"curies":[{"name":"wp","href":"https:\/\/api.w.org\/{rel}","templated":true}]}}