{"id":130788,"date":"2023-05-14T13:53:07","date_gmt":"2023-05-14T13:53:07","guid":{"rendered":"http:\/\/talkpal.ai\/svedska-gramatika\/"},"modified":"2025-12-11T16:33:34","modified_gmt":"2025-12-11T16:33:34","slug":"svedska-gramatika","status":"publish","type":"page","link":"https:\/\/talkpal.ai\/cs\/svedska-gramatika\/","title":{"rendered":"\u0160v\u00e9dsk\u00e1 gramatika"},"content":{"rendered":"\r\n\r\n\r\n<section class=\"languageChallengeSection\">\r\n    <div class=\"languageInfoWrapper\">\r\n        \r\n        <h1>\u0160v\u00e9dsk\u00e1 gramatika<\/h1>\r\n        <p>Odhalte kr\u00e1su \u0161v\u00e9d\u0161tiny t\u00edm, \u017ee si osvoj\u00edte jej\u00ed z\u00e1kladn\u00ed gramatick\u00e1 pravidla. Dobr\u00e1 znalost \u0161v\u00e9dsk\u00e9 gramatiky v\u00e1m umo\u017en\u00ed sebejist\u011b komunikovat a nav\u00e1zat kontakt se \u0161v\u00e9dskou kulturou. Za\u010dn\u011bte se u\u010dit \u0161v\u00e9dskou gramatiku je\u0161t\u011b dnes a ud\u011blejte prvn\u00ed krok k plynulosti jazyka!<\/p>\r\n\r\n                            <a class=\"getStartedHidden\" href=\"https:\/\/app.talkpal.ai\/cs\/signup?lng=\">Za\u010dni<\/a>\r\n        \r\n    <\/div>\r\n\r\n    <figure>\r\n    <img decoding=\"async\" width=\"768\" height=\"768\" src=\"https:\/\/talkpal.ai\/wp-content\/uploads\/2023\/06\/swedish-768x768.png\" class=\"languageImage no-lazy\" alt=\"Language learning for improved concentration\" fetchpriority=\"high\" sizes=\"(max-width: 768px) 150px, 768px\" srcset=\"https:\/\/talkpal.ai\/wp-content\/uploads\/2023\/06\/swedish-768x768.png 768w, https:\/\/talkpal.ai\/wp-content\/uploads\/2023\/06\/swedish-300x300.png 300w\" \/>\r\n    \r\n\r\n    <\/figure>\r\n\r\n            <a class=\"getStartedVisible\" href=\"https:\/\/app.talkpal.ai\/cs\/signup?lng=\">Za\u010dni<\/a>\r\n    \r\n<\/section>\r\n<section class=\"promotionalBanner\">\r\n    <p class=\"promotionalText\">Nejefektivn\u011bj\u0161\u00ed zp\u016fsob, jak se nau\u010dit jazyk<\/p>\r\n    <a class=\"promotionalLink\" href=\"https:\/\/app.talkpal.ai\/cs\/signup?lng=\">Vyzkou\u0161ejte Talkpal zdarma<\/a>\r\n<\/section>\n<div class=\"wp-block-group pageContainerStyle\"><div class=\"wp-block-group__inner-container is-layout-constrained wp-block-group-is-layout-constrained\">\n<h2 class=\"wp-block-heading\" id=\"h-demystifying-swedish-grammar-a-comprehensive-guide-to-master-its-rules-and-nuances\">Demystifikace \u0161v\u00e9dsk\u00e9 gramatiky: Komplexn\u00ed pr\u016fvodce zvl\u00e1dnut\u00edm jej\u00edch pravidel a nuanc\u00ed<\/h2>\n\n\n\n<p>\u0160v\u00e9d\u0161tina, kterou mluv\u00ed p\u0159ibli\u017en\u011b 10 milion\u016f lid\u00ed, je bohat\u00fd a melodick\u00fd jazyk pat\u0159\u00edc\u00ed do severogerm\u00e1nsk\u00e9 rodiny. P\u0159esto\u017ee je <a href=\"https:\/\/talkpal.ai\/swedish-grammar\/\">\u0161v\u00e9dsk\u00e1 gramatika<\/a> ve srovn\u00e1n\u00ed s n\u011bkter\u00fdmi jin\u00fdmi <a href=\"https:\/\/talkpal.ai\/what-language-is-spoken-on-the-international-space-station\/\">jazyky<\/a> pom\u011brn\u011b p\u0159\u00edmo\u010dar\u00e1, pochopen\u00ed jej\u00edch pravidel a struktury je kl\u00ed\u010dem ke zlep\u0161en\u00ed va\u0161ich jazykov\u00fdch znalost\u00ed. V tomto \u010dl\u00e1nku v\u00e1s sezn\u00e1m\u00edme se z\u00e1kladn\u00edmi aspekty \u0161v\u00e9dsk\u00e9 gramatiky a poskytneme v\u00e1m u\u017eite\u010dn\u00e9 tipy, jak zlep\u0161it sv\u00e9 znalosti \u0161v\u00e9d\u0161tiny.<\/p>\n\n\n\n<h3 class=\"wp-block-heading\" id=\"h-essential-components-of-swedish-grammar\">Z\u00e1kladn\u00ed sou\u010d\u00e1sti \u0161v\u00e9dsk\u00e9 gramatiky:<\/h3>\n\n\n\n<p><a href=\"https:\/\/talkpal.ai\/swedish-grammar\/\">\u0160v\u00e9dsk\u00e1 gramatika<\/a> sd\u00edl\u00ed podobnosti s anglickou gramatikou, co\u017e anglick\u00fdm mluv\u010d\u00edm usnad\u0148uje osvojen\u00ed. Zde je n\u011bkolik kritick\u00fdch aspekt\u016f \u0161v\u00e9dsk\u00e9 gramatiky, se kter\u00fdmi stoj\u00ed za to se sezn\u00e1mit:<\/p>\n\n\n\n<p><strong>1. Podstatn\u00e1 jm\u00e9na<\/strong> : \u0160v\u00e9dsk\u00e1 podstatn\u00e1 jm\u00e9na se d\u011bl\u00ed na dva gramatick\u00e9 rody: b\u011b\u017en\u00fd (en) a st\u0159edn\u00ed (ett). Ka\u017ed\u00e9 podstatn\u00e9 jm\u00e9no pat\u0159\u00ed do jedn\u00e9 z t\u011bchto kategori\u00ed, co\u017e je d\u016fle\u017eit\u00e9 vz\u00edt v \u00favahu p\u0159i pou\u017e\u00edv\u00e1n\u00ed neur\u010dit\u00fdch a ur\u010dit\u00fdch \u010dlen\u016f. \u0160v\u00e9dsk\u00e1 podstatn\u00e1 jm\u00e9na maj\u00ed tak\u00e9 tvary mno\u017en\u00e9ho \u010d\u00edsla s n\u011bkolika odli\u0161n\u00fdmi vzory, kter\u00e9 je t\u0159eba si zapamatovat.<\/p>\n\n\n\n<p><strong>2. P\u0159\u00eddavn\u00e1 jm\u00e9na:<\/strong> P\u0159\u00eddavn\u00e1 jm\u00e9na se ve \u0161v\u00e9d\u0161tin\u011b shoduj\u00ed s rodem podstatn\u00e9ho jm\u00e9na. V z\u00e1vislosti na rodu podstatn\u00e9ho jm\u00e9na existuj\u00ed t\u0159i tvary p\u0159\u00eddavn\u00fdch jmen: positivn\u00ed, srovn\u00e1vac\u00ed a superlativ. P\u0159\u00eddavn\u00e1 jm\u00e9na se tak\u00e9 shoduj\u00ed v \u010d\u00edsle (jednotn\u00e9 nebo mno\u017en\u00e9 \u010d\u00edslo).<\/p>\n\n\n\n<p><strong>3. Slovesa: \u0160v\u00e9dsk\u00e1 slovesa<\/strong> jsou rozd\u011blena do \u010dty\u0159 skupin, z nich\u017e ka\u017ed\u00e1 m\u00e1 sv\u016fj vzor \u010dasov\u00e1n\u00ed. Slovesa se \u010dasuj\u00ed podle \u010dasu (p\u0159\u00edtomn\u00e9ho, minul\u00e9ho nebo budouc\u00edho), ale nesklo\u0148uj\u00ed se podle p\u0159edm\u011btu jako v angli\u010dtin\u011b. M\u00edsto toho z\u016fst\u00e1vaj\u00ed \u0161v\u00e9dsk\u00e9 slovesn\u00e9 tvary konzistentn\u00ed bez ohledu na podm\u011bt. \u0160v\u00e9dsk\u00e1 slovesa nav\u00edc nemaj\u00ed pr\u016fb\u011bhov\u00e9 tvary (tj. -ing) jako v angli\u010dtin\u011b.<\/p>\n\n\n\n<p><strong>4. V\u011btn\u00e1 struktura: \u0160v\u00e9dsk\u00e1 v\u011btn\u00e1<\/strong> struktura je obvykle podm\u011bt-sloveso-objekt (SVO), podobn\u011b jako <a href=\"https:\/\/talkpal.ai\/learn-english-with-ai\/\">angli\u010dtina<\/a>. \u0160v\u00e9d\u0161tina v\u0161ak \u010dasto pou\u017e\u00edv\u00e1 slovosledn\u00e9 pravidlo V2, kde se sloveso objevuje na druh\u00e9 pozici v oznamovac\u00edch v\u011bt\u00e1ch a ot\u00e1zk\u00e1ch.<\/p>\n\n\n\n<h3 class=\"wp-block-heading\" id=\"h-tips-for-learning-swedish-grammar\">Tipy pro v\u00fduku \u0161v\u00e9dsk\u00e9 gramatiky:<\/h3>\n\n\n\n<p>Aby byla va\u0161e cesta k u\u010den\u00ed \u0161v\u00e9dsk\u00e9 gramatiky snaz\u0161\u00ed, zde je n\u011bkolik praktick\u00fdch tip\u016f, kter\u00e9 je t\u0159eba dodr\u017eovat:<\/p>\n\n\n\n<p><strong>1. Pravideln\u011b cvi\u010dte:<\/strong> D\u016fslednost je kl\u00ed\u010dov\u00e1. Ka\u017ed\u00fd den nebo t\u00fdden si vyhra\u010fte \u010das na procvi\u010dov\u00e1n\u00ed gramatick\u00fdch cvi\u010den\u00ed, \u010dten\u00ed a psan\u00ed ve \u0161v\u00e9d\u0161tin\u011b.<\/p>\n\n\n\n<p><strong>2. Pou\u017e\u00edvejte nativn\u00ed zdroje:<\/strong> Pono\u0159te se do rodil\u00fdch \u0161v\u00e9dsk\u00fdch materi\u00e1l\u016f, jako je literatura, novinov\u00e9 \u010dl\u00e1nky a podcasty. To v\u00e1m pom\u016f\u017ee nejen pochopit \u0161v\u00e9dskou gramatiku v souvislostech, ale tak\u00e9 zlep\u0161it va\u0161e dovednosti \u010dten\u00ed a poslechu.<\/p>\n\n\n\n<p><strong>3. Nau\u010dte se rody a mno\u017en\u00e9 \u010d\u00edslo<\/strong> podstatn\u00fdch jmen: Zapamatov\u00e1n\u00ed rodu (en nebo ett) a mno\u017en\u00e9ho \u010d\u00edsla \u0161v\u00e9dsk\u00fdch podstatn\u00fdch jmen je z\u00e1sadn\u00ed. Postupn\u00e9 procvi\u010dov\u00e1n\u00ed v\u00e1m nakonec pom\u016f\u017ee tato pravidla internalizovat.<\/p>\n\n\n\n<p><strong>4. Spojte se s rodil\u00fdmi mluv\u010d\u00edmi: Zapojen\u00ed se do konverzace s rodil\u00fdmi mluv\u010d\u00edmi<\/strong> \u0161v\u00e9d\u0161tiny v\u00e1m umo\u017en\u00ed procvi\u010dit si gramatiku a z\u00edskat cennou zp\u011btnou vazbu. Zva\u017ete p\u0159ipojen\u00ed k jazykov\u00fdm v\u00fdm\u011bnn\u00fdm skupin\u00e1m nebo online f\u00f3r\u016fm, abyste se spojili se <a href=\"https:\/\/talkpal.ai\/learn-swedish\/\">\u0161v\u00e9dsky<\/a> mluv\u00edc\u00edmi jednotlivci.<\/p>\n\n\n\n<p><strong>5. Bu\u010fte trp\u011bliv\u00ed a vytrval\u00ed:<\/strong> Pamatujte, \u017ee u\u010den\u00ed gramatiky je proces. Z\u016fsta\u0148te oddan\u00ed, pokra\u010dujte ve cvi\u010den\u00ed a oslavujte pokrok na cest\u011b.<\/p>\n\n\n\n<h2 class=\"wp-block-heading\" id=\"h-conclusion\">Z\u00e1v\u011br:<\/h2>\n\n\n\n<p>\u0160v\u00e9dsk\u00e1 <a href=\"https:\/\/talkpal.ai\/sq\/gramatika\/\">gramatika<\/a>, i kdy\u017e se zd\u00e1 b\u00fdt slo\u017eit\u00e1, m\u016f\u017ee b\u00fdt zvl\u00e1dnuta s odhodl\u00e1n\u00edm a pochopen\u00edm jej\u00edch ned\u00edln\u00fdch slo\u017eek. Budete-li se \u0159\u00eddit na\u0161imi n\u00e1vrhy a pono\u0159\u00edte-li se do jazyka, budete sv\u011bdky neust\u00e1l\u00e9ho zlep\u0161ov\u00e1n\u00ed sv\u00fdch \u0161v\u00e9dsk\u00fdch jazykov\u00fdch dovednost\u00ed. P\u0159ijm\u011bte v\u00fdzvu a u\u017eijte si cestu ke \u0161v\u00e9dsk\u00e9mu gramatick\u00e9mu mistrovstv\u00ed!<\/p>\n<\/div><\/div>\n\r\n<section class=\"learnNavigationSection\">\r\n            \r\n        <a href=\"https:\/\/talkpal.ai\/cs\/naucte-se-svedsky\/\">\r\n            <div class=\"learnNavigationWrapper\">\r\n                <div class=\"learnNavigationContent\">\r\n                    <img decoding=\"async\" src=\"https:\/\/talkpal.ai\/wp-content\/uploads\/2024\/08\/Swedish.jpg\" alt=\"Swedish Flag\">\r\n                    <div>\r\n                        <h4>O \u0161v\u00e9dsk\u00e9m vzd\u011bl\u00e1v\u00e1n\u00ed<\/h4>\r\n                        <p>Zjist\u011bte v\u0161e o \u0161v\u00e9dsk\u00e9 gramatice.<\/p>\r\n                    <\/div>\r\n                <\/div>\r\n            <\/div>\r\n        <\/a>\r\n\r\n        \r\n        <a href=\"https:\/\/talkpal.ai\/cs\/cviceni-na-svedskou-gramatiku\/\">\r\n            <div class=\"learnNavigationWrapper\">\r\n                <div class=\"learnNavigationContent\">\r\n                    <img decoding=\"async\" src=\"https:\/\/talkpal.ai\/wp-content\/uploads\/2024\/08\/Swedish.jpg\" alt=\"Swedish Flag\">\r\n                    <div>\r\n                        <h4>Cvi\u010den\u00ed ze \u0161v\u00e9dsk\u00e9 gramatiky<\/h4>\r\n                        <p>Procvi\u010dte si \u0161v\u00e9dskou gramatiku.<\/p>\r\n                    <\/div>\r\n                <\/div>\r\n            <\/div>\r\n        <\/a>\r\n\r\n        \r\n        <a href=\"https:\/\/talkpal.ai\/vocabulary_language\/swedish\/\">\r\n            <div class=\"learnNavigationWrapper\">\r\n                <div class=\"learnNavigationContent\">\r\n                    <img decoding=\"async\" src=\"https:\/\/talkpal.ai\/wp-content\/uploads\/2024\/08\/Swedish.jpg\" alt=\"Swedish Flag\">\r\n                    <div>\r\n                        <h4>\u0160v\u00e9dsk\u00e1 slovn\u00ed z\u00e1soba<\/h4>\r\n                        <p>Roz\u0161i\u0159te si \u0161v\u00e9dskou slovn\u00ed z\u00e1sobu.<\/p>\r\n                    <\/div>\r\n                <\/div>\r\n            <\/div>\r\n        <\/a>\r\n\r\n            <\/section>","protected":false},"excerpt":{"rendered":"<p>Demystifikace \u0161v\u00e9dsk\u00e9 gramatiky: Komplexn\u00ed pr\u016fvodce zvl\u00e1dnut\u00edm jej\u00edch pravidel a nuanc\u00ed \u0160v\u00e9d\u0161tina, kterou mluv\u00ed p\u0159ibli\u017en\u011b 10 milion\u016f lid\u00ed, je bohat\u00fd a melodick\u00fd jazyk pat\u0159\u00edc\u00ed do severogerm\u00e1nsk\u00e9 rodiny. P\u0159esto\u017ee je \u0161v\u00e9dsk\u00e1 gramatika ve srovn\u00e1n\u00ed s n\u011bkter\u00fdmi jin\u00fdmi jazyky pom\u011brn\u011b p\u0159\u00edmo\u010dar\u00e1, pochopen\u00ed jej\u00edch pravidel a struktury je kl\u00ed\u010dem ke zlep\u0161en\u00ed va\u0161ich jazykov\u00fdch znalost\u00ed. V tomto \u010dl\u00e1nku v\u00e1s sezn\u00e1m\u00edme [&hellip;]<\/p>\n","protected":false},"author":1,"featured_media":108274,"parent":0,"menu_order":0,"comment_status":"closed","ping_status":"closed","template":"LearningContentPage.php","meta":{"_acf_changed":false,"footnotes":""},"class_list":["post-130788","page","type-page","status-publish","has-post-thumbnail","hentry"],"acf":[],"yoast_head":"<!-- This site is optimized with the Yoast SEO Premium plugin v27.2 (Yoast SEO v27.2) - https:\/\/yoast.com\/product\/yoast-seo-premium-wordpress\/ -->\n<title>\u0160v\u00e9dsk\u00e1 gramatika - Talkpal<\/title>\n<meta name=\"description\" content=\"Odhalte tajemstv\u00ed \u0161v\u00e9dsk\u00e9 gramatiky a zlep\u0161ete sv\u00e9 jazykov\u00e9 dovednosti pomoc\u00ed z\u00e1kladn\u00edch pravidel a u\u017eite\u010dn\u00fdch tip\u016f.\" \/>\n<meta name=\"robots\" content=\"index, follow, max-snippet:-1, max-image-preview:large, max-video-preview:-1\" \/>\n<link rel=\"canonical\" href=\"https:\/\/talkpal.ai\/cs\/svedska-gramatika\/\" \/>\n<meta property=\"og:locale\" content=\"cs_CZ\" \/>\n<meta property=\"og:type\" content=\"article\" \/>\n<meta property=\"og:title\" content=\"\u0160v\u00e9dsk\u00e1 gramatika\" \/>\n<meta property=\"og:description\" content=\"Demystifikace \u0161v\u00e9dsk\u00e9 gramatiky: Komplexn\u00ed pr\u016fvodce zvl\u00e1dnut\u00edm jej\u00edch pravidel a nuanc\u00ed \u0160v\u00e9d\u0161tina, kterou mluv\u00ed p\u0159ibli\u017en\u011b 10 milion\u016f lid\u00ed, je bohat\u00fd a\" \/>\n<meta property=\"og:url\" content=\"https:\/\/talkpal.ai\/cs\/svedska-gramatika\/\" \/>\n<meta property=\"og:site_name\" content=\"Talkpal\" \/>\n<meta property=\"article:publisher\" content=\"https:\/\/www.facebook.com\/profile.php?id=100090733639311\" \/>\n<meta property=\"article:modified_time\" content=\"2025-12-11T16:33:34+00:00\" \/>\n<meta property=\"og:image\" content=\"https:\/\/talkpal.ai\/wp-content\/uploads\/2023\/04\/sweden.png\" \/>\n\t<meta property=\"og:image:width\" content=\"512\" \/>\n\t<meta property=\"og:image:height\" content=\"512\" \/>\n\t<meta property=\"og:image:type\" content=\"image\/png\" \/>\n<meta name=\"twitter:card\" content=\"summary_large_image\" \/>\n<meta name=\"twitter:site\" content=\"@talkpalai\" \/>\n<meta name=\"twitter:label1\" content=\"Odhadovan\u00e1 doba \u010dten\u00ed\" \/>\n\t<meta name=\"twitter:data1\" content=\"4 minuty\" \/>\n<script type=\"application\/ld+json\" class=\"yoast-schema-graph\">{\"@context\":\"https:\/\/schema.org\",\"@graph\":[{\"@type\":\"WebPage\",\"@id\":\"https:\/\/talkpal.ai\/cs\/svedska-gramatika\/\",\"url\":\"https:\/\/talkpal.ai\/cs\/svedska-gramatika\/\",\"name\":\"\u0160v\u00e9dsk\u00e1 gramatika - Talkpal\",\"isPartOf\":{\"@id\":\"https:\/\/talkpal.ai\/cs\/#website\"},\"primaryImageOfPage\":{\"@id\":\"https:\/\/talkpal.ai\/cs\/svedska-gramatika\/#primaryimage\"},\"image\":{\"@id\":\"https:\/\/talkpal.ai\/cs\/svedska-gramatika\/#primaryimage\"},\"thumbnailUrl\":\"https:\/\/talkpal.ai\/wp-content\/uploads\/2023\/04\/sweden.png\",\"datePublished\":\"2023-05-14T13:53:07+00:00\",\"dateModified\":\"2025-12-11T16:33:34+00:00\",\"description\":\"Odhalte tajemstv\u00ed \u0161v\u00e9dsk\u00e9 gramatiky a zlep\u0161ete sv\u00e9 jazykov\u00e9 dovednosti pomoc\u00ed z\u00e1kladn\u00edch pravidel a u\u017eite\u010dn\u00fdch tip\u016f.\",\"breadcrumb\":{\"@id\":\"https:\/\/talkpal.ai\/cs\/svedska-gramatika\/#breadcrumb\"},\"inLanguage\":\"cs\",\"potentialAction\":[{\"@type\":\"ReadAction\",\"target\":[\"https:\/\/talkpal.ai\/cs\/svedska-gramatika\/\"]}]},{\"@type\":\"ImageObject\",\"inLanguage\":\"cs\",\"@id\":\"https:\/\/talkpal.ai\/cs\/svedska-gramatika\/#primaryimage\",\"url\":\"https:\/\/talkpal.ai\/wp-content\/uploads\/2023\/04\/sweden.png\",\"contentUrl\":\"https:\/\/talkpal.ai\/wp-content\/uploads\/2023\/04\/sweden.png\",\"width\":512,\"height\":512},{\"@type\":\"BreadcrumbList\",\"@id\":\"https:\/\/talkpal.ai\/cs\/svedska-gramatika\/#breadcrumb\",\"itemListElement\":[{\"@type\":\"ListItem\",\"position\":1,\"name\":\"Homepage\",\"item\":\"https:\/\/talkpal.ai\/cs\/\"},{\"@type\":\"ListItem\",\"position\":2,\"name\":\"\u0160v\u00e9dsk\u00e1 gramatika\"}]},{\"@type\":\"WebSite\",\"@id\":\"https:\/\/talkpal.ai\/cs\/#website\",\"url\":\"https:\/\/talkpal.ai\/cs\/\",\"name\":\"Talkpal\",\"description\":\"AI Language Learning\",\"publisher\":{\"@id\":\"https:\/\/talkpal.ai\/cs\/#organization\"},\"alternateName\":\"Talkpal AI\",\"potentialAction\":[{\"@type\":\"SearchAction\",\"target\":{\"@type\":\"EntryPoint\",\"urlTemplate\":\"https:\/\/talkpal.ai\/cs\/?s={search_term_string}\"},\"query-input\":{\"@type\":\"PropertyValueSpecification\",\"valueRequired\":true,\"valueName\":\"search_term_string\"}}],\"inLanguage\":\"cs\"},{\"@type\":\"Organization\",\"@id\":\"https:\/\/talkpal.ai\/cs\/#organization\",\"name\":\"Talkpal, Inc.\",\"alternateName\":\"Talkpal AI\",\"url\":\"https:\/\/talkpal.ai\/cs\/\",\"logo\":{\"@type\":\"ImageObject\",\"inLanguage\":\"cs\",\"@id\":\"https:\/\/talkpal.ai\/cs\/#\/schema\/logo\/image\/\",\"url\":\"https:\/\/talkpal.ai\/wp-content\/uploads\/2024\/03\/Talkpal-Logo-Icon.png\",\"contentUrl\":\"https:\/\/talkpal.ai\/wp-content\/uploads\/2024\/03\/Talkpal-Logo-Icon.png\",\"width\":2880,\"height\":2880,\"caption\":\"Talkpal, Inc.\"},\"image\":{\"@id\":\"https:\/\/talkpal.ai\/cs\/#\/schema\/logo\/image\/\"},\"sameAs\":[\"https:\/\/www.facebook.com\/profile.php?id=100090733639311\",\"https:\/\/x.com\/talkpalai\",\"https:\/\/www.linkedin.com\/company\/talkpal\/\",\"https:\/\/www.youtube.com\/@TalkPal\/\",\"https:\/\/www.tiktok.com\/@talkpal\",\"https:\/\/www.instagram.com\/talkpal_ai\/\",\"https:\/\/www.crunchbase.com\/organization\/talkpal-9cde\",\"https:\/\/www.g2.com\/products\/talkpal-for-business\/\",\"https:\/\/www.trustpilot.com\/review\/talkpal.ai\",\"https:\/\/www.capterra.com\/p\/10006800\/TalkPal\/\"],\"description\":\"Talkpal is a language learning web and mobile education app, powered by the latest AI technologies, that provides engaging experiences to its customers in many different languages to help them improve their language skills. Users can chat about unlimited amount of topics with the app and use other modes to practice their language learning.\",\"email\":\"support@talkpal.ai\",\"legalName\":\"Talkpal, Inc.\",\"foundingDate\":\"2023-04-03\",\"duns\":\"118989042\",\"numberOfEmployees\":{\"@type\":\"QuantitativeValue\",\"minValue\":\"11\",\"maxValue\":\"50\"},\"publishingPrinciples\":\"https:\/\/talkpal.ai\/publishing-principles\/\",\"actionableFeedbackPolicy\":\"https:\/\/talkpal.ai\/actionable-feedback-policy\/\",\"correctionsPolicy\":\"https:\/\/talkpal.ai\/corrections-policy\/\",\"ethicsPolicy\":\"https:\/\/talkpal.ai\/ethics-policy\/\",\"diversityPolicy\":\"https:\/\/talkpal.ai\/diversity-policy\/\",\"diversityStaffingReport\":\"https:\/\/talkpal.ai\/diversity-policy\/\"}]}<\/script>\n<!-- \/ Yoast SEO Premium plugin. -->","yoast_head_json":{"title":"\u0160v\u00e9dsk\u00e1 gramatika - Talkpal","description":"Odhalte tajemstv\u00ed \u0161v\u00e9dsk\u00e9 gramatiky a zlep\u0161ete sv\u00e9 jazykov\u00e9 dovednosti pomoc\u00ed z\u00e1kladn\u00edch pravidel a u\u017eite\u010dn\u00fdch tip\u016f.","robots":{"index":"index","follow":"follow","max-snippet":"max-snippet:-1","max-image-preview":"max-image-preview:large","max-video-preview":"max-video-preview:-1"},"canonical":"https:\/\/talkpal.ai\/cs\/svedska-gramatika\/","og_locale":"cs_CZ","og_type":"article","og_title":"\u0160v\u00e9dsk\u00e1 gramatika","og_description":"Demystifikace \u0161v\u00e9dsk\u00e9 gramatiky: Komplexn\u00ed pr\u016fvodce zvl\u00e1dnut\u00edm jej\u00edch pravidel a nuanc\u00ed \u0160v\u00e9d\u0161tina, kterou mluv\u00ed p\u0159ibli\u017en\u011b 10 milion\u016f lid\u00ed, je bohat\u00fd a","og_url":"https:\/\/talkpal.ai\/cs\/svedska-gramatika\/","og_site_name":"Talkpal","article_publisher":"https:\/\/www.facebook.com\/profile.php?id=100090733639311","article_modified_time":"2025-12-11T16:33:34+00:00","og_image":[{"width":512,"height":512,"url":"https:\/\/talkpal.ai\/wp-content\/uploads\/2023\/04\/sweden.png","type":"image\/png"}],"twitter_card":"summary_large_image","twitter_site":"@talkpalai","twitter_misc":{"Odhadovan\u00e1 doba \u010dten\u00ed":"4 minuty"},"schema":{"@context":"https:\/\/schema.org","@graph":[{"@type":"WebPage","@id":"https:\/\/talkpal.ai\/cs\/svedska-gramatika\/","url":"https:\/\/talkpal.ai\/cs\/svedska-gramatika\/","name":"\u0160v\u00e9dsk\u00e1 gramatika - Talkpal","isPartOf":{"@id":"https:\/\/talkpal.ai\/cs\/#website"},"primaryImageOfPage":{"@id":"https:\/\/talkpal.ai\/cs\/svedska-gramatika\/#primaryimage"},"image":{"@id":"https:\/\/talkpal.ai\/cs\/svedska-gramatika\/#primaryimage"},"thumbnailUrl":"https:\/\/talkpal.ai\/wp-content\/uploads\/2023\/04\/sweden.png","datePublished":"2023-05-14T13:53:07+00:00","dateModified":"2025-12-11T16:33:34+00:00","description":"Odhalte tajemstv\u00ed \u0161v\u00e9dsk\u00e9 gramatiky a zlep\u0161ete sv\u00e9 jazykov\u00e9 dovednosti pomoc\u00ed z\u00e1kladn\u00edch pravidel a u\u017eite\u010dn\u00fdch tip\u016f.","breadcrumb":{"@id":"https:\/\/talkpal.ai\/cs\/svedska-gramatika\/#breadcrumb"},"inLanguage":"cs","potentialAction":[{"@type":"ReadAction","target":["https:\/\/talkpal.ai\/cs\/svedska-gramatika\/"]}]},{"@type":"ImageObject","inLanguage":"cs","@id":"https:\/\/talkpal.ai\/cs\/svedska-gramatika\/#primaryimage","url":"https:\/\/talkpal.ai\/wp-content\/uploads\/2023\/04\/sweden.png","contentUrl":"https:\/\/talkpal.ai\/wp-content\/uploads\/2023\/04\/sweden.png","width":512,"height":512},{"@type":"BreadcrumbList","@id":"https:\/\/talkpal.ai\/cs\/svedska-gramatika\/#breadcrumb","itemListElement":[{"@type":"ListItem","position":1,"name":"Homepage","item":"https:\/\/talkpal.ai\/cs\/"},{"@type":"ListItem","position":2,"name":"\u0160v\u00e9dsk\u00e1 gramatika"}]},{"@type":"WebSite","@id":"https:\/\/talkpal.ai\/cs\/#website","url":"https:\/\/talkpal.ai\/cs\/","name":"Talkpal","description":"AI Language Learning","publisher":{"@id":"https:\/\/talkpal.ai\/cs\/#organization"},"alternateName":"Talkpal AI","potentialAction":[{"@type":"SearchAction","target":{"@type":"EntryPoint","urlTemplate":"https:\/\/talkpal.ai\/cs\/?s={search_term_string}"},"query-input":{"@type":"PropertyValueSpecification","valueRequired":true,"valueName":"search_term_string"}}],"inLanguage":"cs"},{"@type":"Organization","@id":"https:\/\/talkpal.ai\/cs\/#organization","name":"Talkpal, Inc.","alternateName":"Talkpal AI","url":"https:\/\/talkpal.ai\/cs\/","logo":{"@type":"ImageObject","inLanguage":"cs","@id":"https:\/\/talkpal.ai\/cs\/#\/schema\/logo\/image\/","url":"https:\/\/talkpal.ai\/wp-content\/uploads\/2024\/03\/Talkpal-Logo-Icon.png","contentUrl":"https:\/\/talkpal.ai\/wp-content\/uploads\/2024\/03\/Talkpal-Logo-Icon.png","width":2880,"height":2880,"caption":"Talkpal, Inc."},"image":{"@id":"https:\/\/talkpal.ai\/cs\/#\/schema\/logo\/image\/"},"sameAs":["https:\/\/www.facebook.com\/profile.php?id=100090733639311","https:\/\/x.com\/talkpalai","https:\/\/www.linkedin.com\/company\/talkpal\/","https:\/\/www.youtube.com\/@TalkPal\/","https:\/\/www.tiktok.com\/@talkpal","https:\/\/www.instagram.com\/talkpal_ai\/","https:\/\/www.crunchbase.com\/organization\/talkpal-9cde","https:\/\/www.g2.com\/products\/talkpal-for-business\/","https:\/\/www.trustpilot.com\/review\/talkpal.ai","https:\/\/www.capterra.com\/p\/10006800\/TalkPal\/"],"description":"Talkpal is a language learning web and mobile education app, powered by the latest AI technologies, that provides engaging experiences to its customers in many different languages to help them improve their language skills. Users can chat about unlimited amount of topics with the app and use other modes to practice their language learning.","email":"support@talkpal.ai","legalName":"Talkpal, Inc.","foundingDate":"2023-04-03","duns":"118989042","numberOfEmployees":{"@type":"QuantitativeValue","minValue":"11","maxValue":"50"},"publishingPrinciples":"https:\/\/talkpal.ai\/publishing-principles\/","actionableFeedbackPolicy":"https:\/\/talkpal.ai\/actionable-feedback-policy\/","correctionsPolicy":"https:\/\/talkpal.ai\/corrections-policy\/","ethicsPolicy":"https:\/\/talkpal.ai\/ethics-policy\/","diversityPolicy":"https:\/\/talkpal.ai\/diversity-policy\/","diversityStaffingReport":"https:\/\/talkpal.ai\/diversity-policy\/"}]}},"_links":{"self":[{"href":"https:\/\/talkpal.ai\/cs\/wp-json\/wp\/v2\/pages\/130788","targetHints":{"allow":["GET"]}}],"collection":[{"href":"https:\/\/talkpal.ai\/cs\/wp-json\/wp\/v2\/pages"}],"about":[{"href":"https:\/\/talkpal.ai\/cs\/wp-json\/wp\/v2\/types\/page"}],"author":[{"embeddable":true,"href":"https:\/\/talkpal.ai\/cs\/wp-json\/wp\/v2\/users\/1"}],"replies":[{"embeddable":true,"href":"https:\/\/talkpal.ai\/cs\/wp-json\/wp\/v2\/comments?post=130788"}],"version-history":[{"count":0,"href":"https:\/\/talkpal.ai\/cs\/wp-json\/wp\/v2\/pages\/130788\/revisions"}],"wp:featuredmedia":[{"embeddable":true,"href":"https:\/\/talkpal.ai\/cs\/wp-json\/wp\/v2\/media\/108274"}],"wp:attachment":[{"href":"https:\/\/talkpal.ai\/cs\/wp-json\/wp\/v2\/media?parent=130788"}],"curies":[{"name":"wp","href":"https:\/\/api.w.org\/{rel}","templated":true}]}}