{"id":130471,"date":"2023-05-14T13:52:27","date_gmt":"2023-05-14T13:52:27","guid":{"rendered":"http:\/\/talkpal.ai\/korejska-gramatika\/"},"modified":"2025-12-11T16:29:46","modified_gmt":"2025-12-11T16:29:46","slug":"korejska-gramatika","status":"publish","type":"page","link":"https:\/\/talkpal.ai\/cs\/korejska-gramatika\/","title":{"rendered":"Korejsk\u00e1 gramatika"},"content":{"rendered":"\r\n\r\n\r\n<section class=\"languageChallengeSection\">\r\n    <div class=\"languageInfoWrapper\">\r\n        \r\n        <h1>Korejsk\u00e1 gramatika<\/h1>\r\n        <p>Za\u010dn\u011bte ovl\u00e1dat korejskou gramatiku pomoc\u00ed p\u0159ehledn\u00fdch pr\u016fvodc\u016f a praktick\u00fdch p\u0159\u00edklad\u016f. Nau\u010dte se spr\u00e1vn\u011b tvo\u0159it v\u011bty, pou\u017e\u00edvat \u010d\u00e1stice a \u010dasovat slovesa. Procvi\u010dte si sv\u00e9 dovednosti pomoc\u00ed interaktivn\u00edch cvi\u010den\u00ed, kter\u00e1 v\u00e1m pomohou pos\u00edlit sebed\u016fv\u011bru. Ud\u011blejte dal\u0161\u00ed krok na sv\u00e9 cest\u011b ke korej\u0161tin\u011b a zlep\u0161ete svou plynulost je\u0161t\u011b dnes!<\/p>\r\n\r\n                            <a class=\"getStartedHidden\" href=\"https:\/\/app.talkpal.ai\/cs\/signup?lng=\">Za\u010dni<\/a>\r\n        \r\n    <\/div>\r\n\r\n    <figure>\r\n    <img decoding=\"async\" width=\"768\" height=\"768\" src=\"https:\/\/talkpal.ai\/wp-content\/uploads\/2023\/06\/korean-768x768.png\" class=\"languageImage no-lazy\" alt=\"Line-by-line learning for language acquisition\" fetchpriority=\"high\" sizes=\"(max-width: 768px) 150px, 768px\" srcset=\"https:\/\/talkpal.ai\/wp-content\/uploads\/2023\/06\/korean-768x768.png 768w, https:\/\/talkpal.ai\/wp-content\/uploads\/2023\/06\/korean-300x300.png 300w\" \/>\r\n    \r\n\r\n    <\/figure>\r\n\r\n            <a class=\"getStartedVisible\" href=\"https:\/\/app.talkpal.ai\/cs\/signup?lng=\">Za\u010dni<\/a>\r\n    \r\n<\/section>\r\n<section class=\"promotionalBanner\">\r\n    <p class=\"promotionalText\">Nejefektivn\u011bj\u0161\u00ed zp\u016fsob, jak se nau\u010dit jazyk<\/p>\r\n    <a class=\"promotionalLink\" href=\"https:\/\/app.talkpal.ai\/cs\/signup?lng=\">Vyzkou\u0161ejte Talkpal zdarma<\/a>\r\n<\/section>\n<div class=\"wp-block-group pageContainerStyle\"><div class=\"wp-block-group__inner-container is-layout-constrained wp-block-group-is-layout-constrained\">\n<h2 class=\"wp-block-heading\" id=\"h-demystifying-korean-grammar-a-beginner-s-guide\">Demystifikace korejsk\u00e9 gramatiky: Pr\u016fvodce pro za\u010d\u00e1te\u010dn\u00edky<\/h2>\n\n\n\n<p>U\u010den\u00ed korej\u0161tiny v\u00e1m m\u016f\u017ee otev\u0159\u00edt sv\u011bt p\u0159\u00edle\u017eitost\u00ed, a\u0165 u\u017e jde o pozn\u00e1v\u00e1n\u00ed korejsk\u00e9 kuchyn\u011b, sledov\u00e1n\u00ed nejnov\u011bj\u0161\u00edch korejsk\u00fdch dramat nebo pr\u00e1ci v jedn\u00e9 z mnoha jihokorejsk\u00fdch inovativn\u00edch spole\u010dnost\u00ed. Pro nerodil\u00e9ho mluv\u010d\u00edho, kter\u00fd se pono\u0159\u00ed do tohoto fascinuj\u00edc\u00edho jazyka, m\u016f\u017ee b\u00fdt jedn\u00edm z nejn\u00e1ro\u010dn\u011bj\u0161\u00edch aspekt\u016f zvl\u00e1dnut\u00ed jeho gramatiky. <a href=\"https:\/\/talkpal.ai\/korean-grammar\/\">Korejsk\u00e1 gramatika<\/a> se m\u016f\u017ee na prvn\u00ed pohled zd\u00e1t slo\u017eit\u00e1, ale m\u00e1 logiku a konzistenci, kter\u00e1 m\u016f\u017ee b\u00fdt p\u0159\u00edstupn\u011bj\u0161\u00ed, ne\u017e si mo\u017en\u00e1 mysl\u00edte. V tomto \u010dl\u00e1nku rozebereme kl\u00ed\u010dov\u00e9 prvky korejsk\u00e9 gramatiky a poskytneme v\u00e1m cenn\u00e9 informace, d\u00edky nim\u017e bude va\u0161e cesta k plynulosti jazyka hladk\u00e1 a p\u0159\u00edjemn\u00e1.<\/p>\n\n\n\n<h3 class=\"wp-block-heading\" id=\"h-1-word-nbsp-order-nbsp-get-in-the-flow\"><b>1. Slovosled<\/b><b> \u2013 Nechte se un\u00e1\u0161et!<\/b><\/h3>\n\n\n\n<p>Prvn\u00ed v\u011bc, kterou pot\u0159ebujete v\u011bd\u011bt o korejsk\u00e9 gramatice, je jej\u00ed z\u00e1kladn\u00ed slovosled: podm\u011bt-objekt-sloveso (SOV). To znamen\u00e1, \u017ee slovesa jsou na konci v\u011bty, na rozd\u00edl od anglick\u00e9ho po\u0159ad\u00ed subjekt-sloveso-objekt (SVO). M\u016f\u017ee chv\u00edli trvat, ne\u017e si na to zvyknete, ale kl\u00ed\u010dem k plynulosti je zvyknout si na tuto novou strukturu.<\/p>\n\n\n\n<p>Tip: Procvi\u010dte si tvo\u0159en\u00ed jednoduch\u00fdch korejsk\u00fdch v\u011bt p\u0159ekl\u00e1d\u00e1n\u00edm anglick\u00fdch fr\u00e1z\u00ed a p\u0159eskupov\u00e1n\u00edm po\u0159ad\u00ed slov. Zam\u011b\u0159te se na pochopen\u00ed logiky struktury SOV, abyste se s n\u00ed l\u00e9pe s\u017eili.<\/p>\n\n\n\n<h3 class=\"wp-block-heading\" id=\"h-2-particles-attach-and-connect\">2. \u010c\u00e1stice \u2013 P\u0159ipevn\u011bte a spojte!<\/h3>\n\n\n\n<p>Korejsk\u00e9 v\u011bty pou\u017e\u00edvaj\u00ed mal\u00e9 kousky gramatick\u00fdch informac\u00ed naz\u00fdvan\u00e9 \u010d\u00e1stice, kter\u00e9 pom\u00e1haj\u00ed ur\u010dit funkci slova ve v\u011bt\u011b. Nap\u0159\u00edklad \uc774\/\uac00 a \uc740\/\ub294 ozna\u010duj\u00ed subjekt, zat\u00edmco \uc744\/\ub97c ozna\u010duje objekt. \u010c\u00e1stice jsou nezbytnou sou\u010d\u00e1st\u00ed korejsk\u00e9 gramatiky, ale jejich pou\u017eit\u00ed se m\u016f\u017ee zpo\u010d\u00e1tku zd\u00e1t zdrcuj\u00edc\u00ed.<\/p>\n\n\n\n<p>Tip: Pracujte s jednou \u010d\u00e1stic\u00ed po druh\u00e9 a seznamte se s jej\u00edm pou\u017eit\u00edm a v\u00fdznamem. Vytvo\u0159te seznam p\u0159\u00edkladov\u00fdch v\u011bt s pou\u017eit\u00edm ka\u017ed\u00e9 \u010d\u00e1stice a vytvo\u0159te kolekci referen\u010dn\u00edho materi\u00e1lu.<\/p>\n\n\n\n<h3 class=\"wp-block-heading\" id=\"h-3-verb-conjugation-keep-it-simple\">3. \u010casov\u00e1n\u00ed sloves \u2013 V jednoduchosti je s\u00edla!<\/h3>\n\n\n\n<p>Korejsk\u00e1 slovesa jsou pozoruhodn\u011b konzistentn\u00ed, co\u017e m\u016f\u017ee usnadnit jejich nau\u010den\u00ed ne\u017e slovesa v jin\u00fdch jazyc\u00edch. V\u0161echna korejsk\u00e1 slovesa v z\u00e1kladn\u00edm tvaru kon\u010d\u00ed na \ub2e4 (da) a pro vytvo\u0159en\u00ed r\u016fzn\u00fdch \u010das\u016f nebo \u00farovn\u00ed zdvo\u0159ilosti sta\u010d\u00ed p\u0159idat r\u016fzn\u00e9 koncovky. Nejb\u011b\u017en\u011bj\u0161\u00ed jsou -\uc694 (yo) pro neform\u00e1ln\u00ed zdvo\u0159ilost a -\uc2b5\ub2c8\ub2e4 (seumnida) pro form\u00e1ln\u011bj\u0161\u00ed situace.<\/p>\n\n\n\n<p>Tip: Nau\u010dte se \u010dasovat n\u011bkolik z\u00e1kladn\u00edch sloves v r\u016fzn\u00fdch \u00farovn\u00edch zdvo\u0159ilosti, jako je \ud558\ub2e4 (d\u011blat), \uba39\ub2e4 (j\u00edst), \uc790\ub2e4 (sp\u00e1t) a \uac00\ub2e4 (j\u00edt). Pot\u00e9 je za\u010dn\u011bte za\u010dle\u0148ovat do v\u011bt, abyste se s pou\u017e\u00edv\u00e1n\u00edm r\u016fzn\u00fdch konjugac\u00ed l\u00e9pe sezn\u00e1mili a c\u00edtili se s nimi pohodln\u011b.<\/p>\n\n\n\n<h3 class=\"wp-block-heading\" id=\"h-4-adjectives-treat-them-like-verbs\">4. P\u0159\u00eddavn\u00e1 jm\u00e9na \u2013 Zach\u00e1zejte s nimi jako se slovesy!<\/h3>\n\n\n\n<p>V korejsk\u00e9 gramatice funguj\u00ed p\u0159\u00eddavn\u00e1 jm\u00e9na podobn\u011b jako slovesa a \u010dasuj\u00ed se pomoc\u00ed stejn\u00e9ho syst\u00e9mu. Mnoho p\u0159\u00eddavn\u00fdch jmen kon\u010d\u00ed na ~\ud558\ub2e4 (-hada) a lze je \u010dasovat stejn\u00fdm zp\u016fsobem jako slovesa.<\/p>\n\n\n\n<p>Tip: Procvi\u010dte si \u010dasov\u00e1n\u00ed b\u011b\u017en\u00fdch p\u0159\u00eddavn\u00fdch jmen jako \uc88b\ub2e4 (b\u00fdt dobr\u00fd), \uc608\uc058\ub2e4 (b\u00fdt hezk\u00fd), \ub192\ub2e4 (b\u00fdt vysok\u00fd), \ub0ae\ub2e4 (b\u00fdt n\u00edzk\u00fd) a \ud06c\ub2e4 (b\u00fdt velk\u00fd). Jejich za\u010dlen\u011bn\u00ed do v\u011bt v\u00e1m pom\u016f\u017ee upevnit va\u0161e porozum\u011bn\u00ed.<\/p>\n\n\n\n<h3 class=\"wp-block-heading\" id=\"h-5-honorifics-show-your-respect\">5. \u010cestn\u00e9 tituly \u2013 Uka\u017ete svou \u00factu!<\/h3>\n\n\n\n<p>Korejsk\u00e1 kultura klade d\u016fraz na projevov\u00e1n\u00ed \u00facty star\u0161\u00edm a t\u011bm, kte\u0159\u00ed jsou v autoritativn\u00edch pozic\u00edch. To se odr\u00e1\u017e\u00ed v jeho jazyce prost\u0159ednictv\u00edm \u010destn\u00fdch titul\u016f, co\u017e jsou zvl\u00e1\u0161tn\u00ed formy slov a gramatick\u00e9 struktury pou\u017e\u00edvan\u00e9 k vyj\u00e1d\u0159en\u00ed zdvo\u0159ilosti. Mezi hlavn\u00ed p\u0159\u00edklady pat\u0159\u00ed pou\u017e\u00edv\u00e1n\u00ed \u010d\u00e1stice -\uaed8\uc11c (-kkeseo) m\u00edsto -\uc774\/\uac00 p\u0159i uctiv\u00e9m osloven\u00ed nebo p\u0159ipojov\u00e1n\u00ed -\uc2dc (-si) ke sloves\u016fm jako zna\u010dky zdvo\u0159ilosti.<\/p>\n\n\n\n<p>Tip: Nau\u010dte se z\u00e1klady pou\u017e\u00edv\u00e1n\u00ed osloven\u00ed, ale ned\u011blejte si p\u0159\u00edli\u0161 velk\u00e9 starosti s t\u00edm, abyste se hned stali experty. Jako <a href=\"https:\/\/talkpal.ai\/english-speaking-course\/\">anglicky mluv\u00edc\u00ed<\/a> Korejci pravd\u011bpodobn\u011b pochop\u00ed, kdy\u017e ud\u011bl\u00e1te chybu, ale ocen\u00edte snahu b\u00fdt uctiv\u00ed.<\/p>\n\n\n\n<h3 class=\"wp-block-heading\" id=\"h-conclusion\">Z\u00e1v\u011br:<\/h3>\n\n\n\n<p>Korejsk\u00e1 gramatika se m\u016f\u017ee zpo\u010d\u00e1tku zd\u00e1t n\u00e1ro\u010dn\u00e1, ale jakmile z\u00edsk\u00e1te zku\u0161enosti a porozum\u011bn\u00ed, zjist\u00edte, \u017ee m\u00e1 logick\u00fd a konzistentn\u00ed r\u00e1mec. Zam\u011b\u0159\u00edte-li se na kl\u00ed\u010dov\u00e9 pojmy, jako je po\u0159\u00e1dek slov, \u010d\u00e1stice a \u010dasov\u00e1n\u00ed sloves, budete brzy tvo\u0159it v\u011bty jako profesion\u00e1l. Objevte l\u00e1sku k tomuto v\u00fdrazn\u00e9mu jazyku a sledujte, jak v\u00e1m zvl\u00e1dnut\u00ed korejsk\u00e9 gramatiky p\u0159inese sv\u011bt pln\u00fd mo\u017enost\u00ed. \ud654\uc774\ud305 (hwaiting) &#8211; let<\/p>\n<\/div><\/div>\n\r\n<section class=\"learnNavigationSection\">\r\n            \r\n        <a href=\"https:\/\/talkpal.ai\/cs\/naucte-se-korejsky\/\">\r\n            <div class=\"learnNavigationWrapper\">\r\n                <div class=\"learnNavigationContent\">\r\n                    <img decoding=\"async\" src=\"https:\/\/talkpal.ai\/wp-content\/uploads\/2024\/08\/Korean.jpg\" alt=\"Korean Flag\">\r\n                    <div>\r\n                        <h4>O v\u00fduce korej\u0161tiny<\/h4>\r\n                        <p>Zjist\u011bte v\u0161e o korejsk\u00e9 gramatice.<\/p>\r\n                    <\/div>\r\n                <\/div>\r\n            <\/div>\r\n        <\/a>\r\n\r\n        \r\n        <a href=\"https:\/\/talkpal.ai\/cs\/cviceni-na-korejskou-gramatiku\/\">\r\n            <div class=\"learnNavigationWrapper\">\r\n                <div class=\"learnNavigationContent\">\r\n                    <img decoding=\"async\" src=\"https:\/\/talkpal.ai\/wp-content\/uploads\/2024\/08\/Korean.jpg\" alt=\"Korean Flag\">\r\n                    <div>\r\n                        <h4>Cvi\u010den\u00ed z korejsk\u00e9 gramatiky<\/h4>\r\n                        <p>Procvi\u010dte si korejskou gramatiku.<\/p>\r\n                    <\/div>\r\n                <\/div>\r\n            <\/div>\r\n        <\/a>\r\n\r\n        \r\n        <a href=\"https:\/\/talkpal.ai\/vocabulary_language\/korean\/\">\r\n            <div class=\"learnNavigationWrapper\">\r\n                <div class=\"learnNavigationContent\">\r\n                    <img decoding=\"async\" src=\"https:\/\/talkpal.ai\/wp-content\/uploads\/2024\/08\/Korean.jpg\" alt=\"Korean Flag\">\r\n                    <div>\r\n                        <h4>Korejsk\u00e1 slovn\u00ed z\u00e1soba<\/h4>\r\n                        <p>Roz\u0161i\u0159te si korejskou slovn\u00ed z\u00e1sobu.<\/p>\r\n                    <\/div>\r\n                <\/div>\r\n            <\/div>\r\n        <\/a>\r\n\r\n            <\/section>","protected":false},"excerpt":{"rendered":"<p>Demystifikace korejsk\u00e9 gramatiky: Pr\u016fvodce pro za\u010d\u00e1te\u010dn\u00edky U\u010den\u00ed korej\u0161tiny v\u00e1m m\u016f\u017ee otev\u0159\u00edt sv\u011bt p\u0159\u00edle\u017eitost\u00ed, a\u0165 u\u017e jde o pozn\u00e1v\u00e1n\u00ed korejsk\u00e9 kuchyn\u011b, sledov\u00e1n\u00ed nejnov\u011bj\u0161\u00edch korejsk\u00fdch dramat nebo pr\u00e1ci v jedn\u00e9 z mnoha jihokorejsk\u00fdch inovativn\u00edch spole\u010dnost\u00ed. Pro nerodil\u00e9ho mluv\u010d\u00edho, kter\u00fd se pono\u0159\u00ed do tohoto fascinuj\u00edc\u00edho jazyka, m\u016f\u017ee b\u00fdt jedn\u00edm z nejn\u00e1ro\u010dn\u011bj\u0161\u00edch aspekt\u016f zvl\u00e1dnut\u00ed jeho gramatiky. Korejsk\u00e1 gramatika se [&hellip;]<\/p>\n","protected":false},"author":1,"featured_media":107533,"parent":0,"menu_order":0,"comment_status":"closed","ping_status":"closed","template":"LearningContentPage.php","meta":{"_acf_changed":false,"footnotes":""},"class_list":["post-130471","page","type-page","status-publish","has-post-thumbnail","hentry"],"acf":[],"yoast_head":"<!-- This site is optimized with the Yoast SEO Premium plugin v27.2 (Yoast SEO v27.2) - https:\/\/yoast.com\/product\/yoast-seo-premium-wordpress\/ -->\n<title>Korejsk\u00e1 gramatika - Talkpal<\/title>\n<meta name=\"description\" content=\"Ovl\u00e1dn\u011bte korejskou gramatiku s jistotou - posilte strukturu v\u011bt, objasn\u011bte pravidla a snadno zlep\u0161ete plynulost.\" \/>\n<meta name=\"robots\" content=\"index, follow, max-snippet:-1, max-image-preview:large, max-video-preview:-1\" \/>\n<link rel=\"canonical\" href=\"https:\/\/talkpal.ai\/cs\/korejska-gramatika\/\" \/>\n<meta property=\"og:locale\" content=\"cs_CZ\" \/>\n<meta property=\"og:type\" content=\"article\" \/>\n<meta property=\"og:title\" content=\"Korejsk\u00e1 gramatika\" \/>\n<meta property=\"og:description\" content=\"Demystifikace korejsk\u00e9 gramatiky: Pr\u016fvodce pro za\u010d\u00e1te\u010dn\u00edky U\u010den\u00ed korej\u0161tiny v\u00e1m m\u016f\u017ee otev\u0159\u00edt sv\u011bt p\u0159\u00edle\u017eitost\u00ed, a\u0165 u\u017e jde o pozn\u00e1v\u00e1n\u00ed korejsk\u00e9 kuchyn\u011b,\" \/>\n<meta property=\"og:url\" content=\"https:\/\/talkpal.ai\/cs\/korejska-gramatika\/\" \/>\n<meta property=\"og:site_name\" content=\"Talkpal\" \/>\n<meta property=\"article:publisher\" content=\"https:\/\/www.facebook.com\/profile.php?id=100090733639311\" \/>\n<meta property=\"article:modified_time\" content=\"2025-12-11T16:29:46+00:00\" \/>\n<meta property=\"og:image\" content=\"https:\/\/talkpal.ai\/wp-content\/uploads\/2023\/04\/south-korea.png\" \/>\n\t<meta property=\"og:image:width\" content=\"512\" \/>\n\t<meta property=\"og:image:height\" content=\"512\" \/>\n\t<meta property=\"og:image:type\" content=\"image\/png\" \/>\n<meta name=\"twitter:card\" content=\"summary_large_image\" \/>\n<meta name=\"twitter:site\" content=\"@talkpalai\" \/>\n<meta name=\"twitter:label1\" content=\"Odhadovan\u00e1 doba \u010dten\u00ed\" \/>\n\t<meta name=\"twitter:data1\" content=\"4 minuty\" \/>\n<script type=\"application\/ld+json\" class=\"yoast-schema-graph\">{\"@context\":\"https:\/\/schema.org\",\"@graph\":[{\"@type\":\"WebPage\",\"@id\":\"https:\/\/talkpal.ai\/cs\/korejska-gramatika\/\",\"url\":\"https:\/\/talkpal.ai\/cs\/korejska-gramatika\/\",\"name\":\"Korejsk\u00e1 gramatika - Talkpal\",\"isPartOf\":{\"@id\":\"https:\/\/talkpal.ai\/cs\/#website\"},\"primaryImageOfPage\":{\"@id\":\"https:\/\/talkpal.ai\/cs\/korejska-gramatika\/#primaryimage\"},\"image\":{\"@id\":\"https:\/\/talkpal.ai\/cs\/korejska-gramatika\/#primaryimage\"},\"thumbnailUrl\":\"https:\/\/talkpal.ai\/wp-content\/uploads\/2023\/04\/south-korea.png\",\"datePublished\":\"2023-05-14T13:52:27+00:00\",\"dateModified\":\"2025-12-11T16:29:46+00:00\",\"description\":\"Ovl\u00e1dn\u011bte korejskou gramatiku s jistotou - posilte strukturu v\u011bt, objasn\u011bte pravidla a snadno zlep\u0161ete plynulost.\",\"breadcrumb\":{\"@id\":\"https:\/\/talkpal.ai\/cs\/korejska-gramatika\/#breadcrumb\"},\"inLanguage\":\"cs\",\"potentialAction\":[{\"@type\":\"ReadAction\",\"target\":[\"https:\/\/talkpal.ai\/cs\/korejska-gramatika\/\"]}]},{\"@type\":\"ImageObject\",\"inLanguage\":\"cs\",\"@id\":\"https:\/\/talkpal.ai\/cs\/korejska-gramatika\/#primaryimage\",\"url\":\"https:\/\/talkpal.ai\/wp-content\/uploads\/2023\/04\/south-korea.png\",\"contentUrl\":\"https:\/\/talkpal.ai\/wp-content\/uploads\/2023\/04\/south-korea.png\",\"width\":512,\"height\":512},{\"@type\":\"BreadcrumbList\",\"@id\":\"https:\/\/talkpal.ai\/cs\/korejska-gramatika\/#breadcrumb\",\"itemListElement\":[{\"@type\":\"ListItem\",\"position\":1,\"name\":\"Homepage\",\"item\":\"https:\/\/talkpal.ai\/cs\/\"},{\"@type\":\"ListItem\",\"position\":2,\"name\":\"Korejsk\u00e1 gramatika\"}]},{\"@type\":\"WebSite\",\"@id\":\"https:\/\/talkpal.ai\/cs\/#website\",\"url\":\"https:\/\/talkpal.ai\/cs\/\",\"name\":\"Talkpal\",\"description\":\"AI Language Learning\",\"publisher\":{\"@id\":\"https:\/\/talkpal.ai\/cs\/#organization\"},\"alternateName\":\"Talkpal AI\",\"potentialAction\":[{\"@type\":\"SearchAction\",\"target\":{\"@type\":\"EntryPoint\",\"urlTemplate\":\"https:\/\/talkpal.ai\/cs\/?s={search_term_string}\"},\"query-input\":{\"@type\":\"PropertyValueSpecification\",\"valueRequired\":true,\"valueName\":\"search_term_string\"}}],\"inLanguage\":\"cs\"},{\"@type\":\"Organization\",\"@id\":\"https:\/\/talkpal.ai\/cs\/#organization\",\"name\":\"Talkpal, Inc.\",\"alternateName\":\"Talkpal AI\",\"url\":\"https:\/\/talkpal.ai\/cs\/\",\"logo\":{\"@type\":\"ImageObject\",\"inLanguage\":\"cs\",\"@id\":\"https:\/\/talkpal.ai\/cs\/#\/schema\/logo\/image\/\",\"url\":\"https:\/\/talkpal.ai\/wp-content\/uploads\/2024\/03\/Talkpal-Logo-Icon.png\",\"contentUrl\":\"https:\/\/talkpal.ai\/wp-content\/uploads\/2024\/03\/Talkpal-Logo-Icon.png\",\"width\":2880,\"height\":2880,\"caption\":\"Talkpal, Inc.\"},\"image\":{\"@id\":\"https:\/\/talkpal.ai\/cs\/#\/schema\/logo\/image\/\"},\"sameAs\":[\"https:\/\/www.facebook.com\/profile.php?id=100090733639311\",\"https:\/\/x.com\/talkpalai\",\"https:\/\/www.linkedin.com\/company\/talkpal\/\",\"https:\/\/www.youtube.com\/@TalkPal\/\",\"https:\/\/www.tiktok.com\/@talkpal\",\"https:\/\/www.instagram.com\/talkpal_ai\/\",\"https:\/\/www.crunchbase.com\/organization\/talkpal-9cde\",\"https:\/\/www.g2.com\/products\/talkpal-for-business\/\",\"https:\/\/www.trustpilot.com\/review\/talkpal.ai\",\"https:\/\/www.capterra.com\/p\/10006800\/TalkPal\/\"],\"description\":\"Talkpal is a language learning web and mobile education app, powered by the latest AI technologies, that provides engaging experiences to its customers in many different languages to help them improve their language skills. Users can chat about unlimited amount of topics with the app and use other modes to practice their language learning.\",\"email\":\"support@talkpal.ai\",\"legalName\":\"Talkpal, Inc.\",\"foundingDate\":\"2023-04-03\",\"duns\":\"118989042\",\"numberOfEmployees\":{\"@type\":\"QuantitativeValue\",\"minValue\":\"11\",\"maxValue\":\"50\"},\"publishingPrinciples\":\"https:\/\/talkpal.ai\/publishing-principles\/\",\"actionableFeedbackPolicy\":\"https:\/\/talkpal.ai\/actionable-feedback-policy\/\",\"correctionsPolicy\":\"https:\/\/talkpal.ai\/corrections-policy\/\",\"ethicsPolicy\":\"https:\/\/talkpal.ai\/ethics-policy\/\",\"diversityPolicy\":\"https:\/\/talkpal.ai\/diversity-policy\/\",\"diversityStaffingReport\":\"https:\/\/talkpal.ai\/diversity-policy\/\"}]}<\/script>\n<!-- \/ Yoast SEO Premium plugin. -->","yoast_head_json":{"title":"Korejsk\u00e1 gramatika - Talkpal","description":"Ovl\u00e1dn\u011bte korejskou gramatiku s jistotou - posilte strukturu v\u011bt, objasn\u011bte pravidla a snadno zlep\u0161ete plynulost.","robots":{"index":"index","follow":"follow","max-snippet":"max-snippet:-1","max-image-preview":"max-image-preview:large","max-video-preview":"max-video-preview:-1"},"canonical":"https:\/\/talkpal.ai\/cs\/korejska-gramatika\/","og_locale":"cs_CZ","og_type":"article","og_title":"Korejsk\u00e1 gramatika","og_description":"Demystifikace korejsk\u00e9 gramatiky: Pr\u016fvodce pro za\u010d\u00e1te\u010dn\u00edky U\u010den\u00ed korej\u0161tiny v\u00e1m m\u016f\u017ee otev\u0159\u00edt sv\u011bt p\u0159\u00edle\u017eitost\u00ed, a\u0165 u\u017e jde o pozn\u00e1v\u00e1n\u00ed korejsk\u00e9 kuchyn\u011b,","og_url":"https:\/\/talkpal.ai\/cs\/korejska-gramatika\/","og_site_name":"Talkpal","article_publisher":"https:\/\/www.facebook.com\/profile.php?id=100090733639311","article_modified_time":"2025-12-11T16:29:46+00:00","og_image":[{"width":512,"height":512,"url":"https:\/\/talkpal.ai\/wp-content\/uploads\/2023\/04\/south-korea.png","type":"image\/png"}],"twitter_card":"summary_large_image","twitter_site":"@talkpalai","twitter_misc":{"Odhadovan\u00e1 doba \u010dten\u00ed":"4 minuty"},"schema":{"@context":"https:\/\/schema.org","@graph":[{"@type":"WebPage","@id":"https:\/\/talkpal.ai\/cs\/korejska-gramatika\/","url":"https:\/\/talkpal.ai\/cs\/korejska-gramatika\/","name":"Korejsk\u00e1 gramatika - Talkpal","isPartOf":{"@id":"https:\/\/talkpal.ai\/cs\/#website"},"primaryImageOfPage":{"@id":"https:\/\/talkpal.ai\/cs\/korejska-gramatika\/#primaryimage"},"image":{"@id":"https:\/\/talkpal.ai\/cs\/korejska-gramatika\/#primaryimage"},"thumbnailUrl":"https:\/\/talkpal.ai\/wp-content\/uploads\/2023\/04\/south-korea.png","datePublished":"2023-05-14T13:52:27+00:00","dateModified":"2025-12-11T16:29:46+00:00","description":"Ovl\u00e1dn\u011bte korejskou gramatiku s jistotou - posilte strukturu v\u011bt, objasn\u011bte pravidla a snadno zlep\u0161ete plynulost.","breadcrumb":{"@id":"https:\/\/talkpal.ai\/cs\/korejska-gramatika\/#breadcrumb"},"inLanguage":"cs","potentialAction":[{"@type":"ReadAction","target":["https:\/\/talkpal.ai\/cs\/korejska-gramatika\/"]}]},{"@type":"ImageObject","inLanguage":"cs","@id":"https:\/\/talkpal.ai\/cs\/korejska-gramatika\/#primaryimage","url":"https:\/\/talkpal.ai\/wp-content\/uploads\/2023\/04\/south-korea.png","contentUrl":"https:\/\/talkpal.ai\/wp-content\/uploads\/2023\/04\/south-korea.png","width":512,"height":512},{"@type":"BreadcrumbList","@id":"https:\/\/talkpal.ai\/cs\/korejska-gramatika\/#breadcrumb","itemListElement":[{"@type":"ListItem","position":1,"name":"Homepage","item":"https:\/\/talkpal.ai\/cs\/"},{"@type":"ListItem","position":2,"name":"Korejsk\u00e1 gramatika"}]},{"@type":"WebSite","@id":"https:\/\/talkpal.ai\/cs\/#website","url":"https:\/\/talkpal.ai\/cs\/","name":"Talkpal","description":"AI Language Learning","publisher":{"@id":"https:\/\/talkpal.ai\/cs\/#organization"},"alternateName":"Talkpal AI","potentialAction":[{"@type":"SearchAction","target":{"@type":"EntryPoint","urlTemplate":"https:\/\/talkpal.ai\/cs\/?s={search_term_string}"},"query-input":{"@type":"PropertyValueSpecification","valueRequired":true,"valueName":"search_term_string"}}],"inLanguage":"cs"},{"@type":"Organization","@id":"https:\/\/talkpal.ai\/cs\/#organization","name":"Talkpal, Inc.","alternateName":"Talkpal AI","url":"https:\/\/talkpal.ai\/cs\/","logo":{"@type":"ImageObject","inLanguage":"cs","@id":"https:\/\/talkpal.ai\/cs\/#\/schema\/logo\/image\/","url":"https:\/\/talkpal.ai\/wp-content\/uploads\/2024\/03\/Talkpal-Logo-Icon.png","contentUrl":"https:\/\/talkpal.ai\/wp-content\/uploads\/2024\/03\/Talkpal-Logo-Icon.png","width":2880,"height":2880,"caption":"Talkpal, Inc."},"image":{"@id":"https:\/\/talkpal.ai\/cs\/#\/schema\/logo\/image\/"},"sameAs":["https:\/\/www.facebook.com\/profile.php?id=100090733639311","https:\/\/x.com\/talkpalai","https:\/\/www.linkedin.com\/company\/talkpal\/","https:\/\/www.youtube.com\/@TalkPal\/","https:\/\/www.tiktok.com\/@talkpal","https:\/\/www.instagram.com\/talkpal_ai\/","https:\/\/www.crunchbase.com\/organization\/talkpal-9cde","https:\/\/www.g2.com\/products\/talkpal-for-business\/","https:\/\/www.trustpilot.com\/review\/talkpal.ai","https:\/\/www.capterra.com\/p\/10006800\/TalkPal\/"],"description":"Talkpal is a language learning web and mobile education app, powered by the latest AI technologies, that provides engaging experiences to its customers in many different languages to help them improve their language skills. Users can chat about unlimited amount of topics with the app and use other modes to practice their language learning.","email":"support@talkpal.ai","legalName":"Talkpal, Inc.","foundingDate":"2023-04-03","duns":"118989042","numberOfEmployees":{"@type":"QuantitativeValue","minValue":"11","maxValue":"50"},"publishingPrinciples":"https:\/\/talkpal.ai\/publishing-principles\/","actionableFeedbackPolicy":"https:\/\/talkpal.ai\/actionable-feedback-policy\/","correctionsPolicy":"https:\/\/talkpal.ai\/corrections-policy\/","ethicsPolicy":"https:\/\/talkpal.ai\/ethics-policy\/","diversityPolicy":"https:\/\/talkpal.ai\/diversity-policy\/","diversityStaffingReport":"https:\/\/talkpal.ai\/diversity-policy\/"}]}},"_links":{"self":[{"href":"https:\/\/talkpal.ai\/cs\/wp-json\/wp\/v2\/pages\/130471","targetHints":{"allow":["GET"]}}],"collection":[{"href":"https:\/\/talkpal.ai\/cs\/wp-json\/wp\/v2\/pages"}],"about":[{"href":"https:\/\/talkpal.ai\/cs\/wp-json\/wp\/v2\/types\/page"}],"author":[{"embeddable":true,"href":"https:\/\/talkpal.ai\/cs\/wp-json\/wp\/v2\/users\/1"}],"replies":[{"embeddable":true,"href":"https:\/\/talkpal.ai\/cs\/wp-json\/wp\/v2\/comments?post=130471"}],"version-history":[{"count":0,"href":"https:\/\/talkpal.ai\/cs\/wp-json\/wp\/v2\/pages\/130471\/revisions"}],"wp:featuredmedia":[{"embeddable":true,"href":"https:\/\/talkpal.ai\/cs\/wp-json\/wp\/v2\/media\/107533"}],"wp:attachment":[{"href":"https:\/\/talkpal.ai\/cs\/wp-json\/wp\/v2\/media?parent=130471"}],"curies":[{"name":"wp","href":"https:\/\/api.w.org\/{rel}","templated":true}]}}