{"id":130119,"date":"2023-05-14T13:51:46","date_gmt":"2023-05-14T13:51:46","guid":{"rendered":"http:\/\/talkpal.ai\/portugalska-gramatika\/"},"modified":"2025-12-11T16:48:47","modified_gmt":"2025-12-11T16:48:47","slug":"portugalska-gramatika","status":"publish","type":"page","link":"https:\/\/talkpal.ai\/cs\/portugalska-gramatika\/","title":{"rendered":"Portugalsk\u00e1 gramatika"},"content":{"rendered":"\r\n\r\n\r\n<section class=\"languageChallengeSection\">\r\n    <div class=\"languageInfoWrapper\">\r\n        \r\n        <h1>Portugalsk\u00e1 gramatika<\/h1>\r\n        <p>Prozkoumejte z\u00e1klady portugalsk\u00e9 gramatiky a odhalte sv\u011bt p\u0159\u00edle\u017eitost\u00ed, jak se spojit s miliony mluv\u010d\u00edch po cel\u00e9m sv\u011bt\u011b. Po zvl\u00e1dnut\u00ed kl\u00ed\u010dov\u00fdch pravidel a struktur budete p\u0159ipraveni komunikovat s jistotou a pln\u011b si u\u017e\u00edvat portugalskou kulturu. Za\u010dn\u011bte se u\u010dit portugalskou gramatiku je\u0161t\u011b dnes a ud\u011blejte prvn\u00ed krok k plynulosti!<\/p>\r\n\r\n                            <a class=\"getStartedHidden\" href=\"https:\/\/app.talkpal.ai\/cs\/signup?lng=\">Za\u010dni<\/a>\r\n        \r\n    <\/div>\r\n\r\n    <figure>\r\n    <img decoding=\"async\" width=\"768\" height=\"768\" src=\"https:\/\/talkpal.ai\/wp-content\/uploads\/2023\/06\/portuguese-768x768.png\" class=\"languageImage no-lazy\" alt=\"Language learning for broader world view\" fetchpriority=\"high\" sizes=\"(max-width: 768px) 150px, 768px\" srcset=\"https:\/\/talkpal.ai\/wp-content\/uploads\/2023\/06\/portuguese-768x768.png 768w, https:\/\/talkpal.ai\/wp-content\/uploads\/2023\/06\/portuguese-300x300.png 300w\" \/>\r\n    \r\n\r\n    <\/figure>\r\n\r\n            <a class=\"getStartedVisible\" href=\"https:\/\/app.talkpal.ai\/cs\/signup?lng=\">Za\u010dni<\/a>\r\n    \r\n<\/section>\r\n<section class=\"promotionalBanner\">\r\n    <p class=\"promotionalText\">Nejefektivn\u011bj\u0161\u00ed zp\u016fsob, jak se nau\u010dit jazyk<\/p>\r\n    <a class=\"promotionalLink\" href=\"https:\/\/app.talkpal.ai\/cs\/signup?lng=\">Vyzkou\u0161ejte Talkpal zdarma<\/a>\r\n<\/section>\n<div class=\"wp-block-group pageContainerStyle\"><div class=\"wp-block-group__inner-container is-layout-constrained wp-block-group-is-layout-constrained\">\n<h2 class=\"wp-block-heading\" id=\"h-a-beginner-s-guide-to-understanding-portuguese-grammar\">P\u0159\u00edru\u010dka pro za\u010d\u00e1te\u010dn\u00edky k pochopen\u00ed portugalsk\u00e9 gramatiky<\/h2>\n\n\n\n<p>A\u0165 u\u017e se chyst\u00e1te na cestu do Portugalska, nebo se jen chcete nau\u010dit nov\u00fd jazyk, u\u010den\u00ed portugal\u0161tiny pro v\u00e1s m\u016f\u017ee b\u00fdt vzru\u0161uj\u00edc\u00ed a p\u0159\u00ednosnou zku\u0161enost\u00ed. Jedn\u00edm ze z\u00e1kladn\u00edch aspekt\u016f v\u00fduky portugal\u0161tiny, stejn\u011b jako ka\u017ed\u00e9ho jin\u00e9ho, je porozum\u011bn\u00ed jej\u00ed gramatice. Tento \u010dl\u00e1nek v\u00e1s provede z\u00e1klady portugalsk\u00e9 gramatiky a poskytne v\u00e1m z\u00e1kladn\u00ed tipy a post\u0159ehy, kter\u00e9 v\u00e1m pomohou se bez n\u00e1mahy orientovat a komunikovat. Pokud tedy \u010dek\u00e1te, a\u017e se pono\u0159\u00edte do sv\u011bta portugal\u0161tiny, za\u010dneme!<\/p>\n\n\n\n<h3 class=\"wp-block-heading\" id=\"h-1-the-basics-nouns-pronouns-and-articles\">1. Z\u00e1klady: podstatn\u00e1 jm\u00e9na, z\u00e1jmena a \u010dleny<\/h3>\n\n\n\n<p>Stejn\u011b jako v angli\u010dtin\u011b je <a href=\"https:\/\/talkpal.ai\/portuguese-grammar\/\">portugalsk\u00e1 gramatika<\/a> postavena na podstatn\u00fdch jm\u00e9nech, z\u00e1jmenech a \u010dlenech. Podstatn\u00e1 jm\u00e9na v portugal\u0161tin\u011b mohou b\u00fdt mu\u017esk\u00e9ho nebo \u017eensk\u00e9ho rodu a pro spr\u00e1vn\u00e9 tvo\u0159en\u00ed v\u011bt je d\u016fle\u017eit\u00e9 ur\u010dit jejich rod. Nap\u0159\u00edklad &#8222;o menino&#8220; znamen\u00e1 &#8222;chlapec&#8220;, zat\u00edmco &#8222;a menina&#8220; znamen\u00e1 &#8222;d\u00edvka&#8220;.<\/p>\n\n\n\n<p>Z\u00e1jmena v portugal\u0161tin\u011b, stejn\u011b jako <a href=\"https:\/\/talkpal.ai\/learn-english-with-ai\/\">angli\u010dtina<\/a>, funguj\u00ed jako n\u00e1hrady za podstatn\u00e1 jm\u00e9na. I oni maj\u00ed pohlav\u00ed. Mezi osobn\u00ed z\u00e1jmena pat\u0159\u00ed eu (j\u00e1), voc\u00ea\/tu (ty), ele\/ela (on\/ona), n\u00f3s (my) a eles\/elas (oni).<\/p>\n\n\n\n<p>Ur\u010dit\u00e9 \u010dleny (the) a neur\u010dit\u00e9 \u010dleny (a\/an) jsou tak\u00e9 genderov\u011b specifick\u00e9 a jsou nezbytn\u00e9 pro spr\u00e1vnou stavbu v\u011bty. V portugal\u0161tin\u011b jsou \u010dleny ur\u010dit\u00e9 &#8222;o&#8220; (mu\u017esk\u00fd rod) a &#8222;a&#8220; (\u017eensk\u00fd rod) a \u010dleny neur\u010dit\u00e9 &#8222;um&#8220; (mu\u017esk\u00fd rod) a &#8222;uma&#8220; (\u017eensk\u00fd rod).<\/p>\n\n\n\n<h3 class=\"wp-block-heading\" id=\"h-2-adjectives-and-adverbs-add-spice-to-your-sentences\">2. P\u0159\u00eddavn\u00e1 jm\u00e9na a p\u0159\u00edslovce: Oko\u0159en\u00edte sv\u00e9 v\u011bty<\/h3>\n\n\n\n<p>P\u0159\u00eddavn\u00e1 jm\u00e9na jsou slova, kter\u00e1 popisuj\u00ed nebo modifikuj\u00ed podstatn\u00e1 jm\u00e9na, a stejn\u011b jako podstatn\u00e1 jm\u00e9na maj\u00ed rod. P\u0159\u00eddavn\u00e1 jm\u00e9na kon\u010d\u00edc\u00ed na &#8222;o&#8220; jsou obvykle rodu mu\u017esk\u00e9ho, zat\u00edmco p\u0159\u00eddavn\u00e1 jm\u00e9na kon\u010d\u00edc\u00ed na &#8222;a&#8220; jsou rodu \u017eensk\u00e9ho. Je d\u016fle\u017eit\u00e9, aby se rod p\u0159\u00eddavn\u00e9ho jm\u00e9na shodoval s podstatn\u00fdm jm\u00e9nem, kter\u00e9 popisuje. Nap\u0159\u00edklad &#8222;homem alto&#8220; znamen\u00e1 &#8222;vysok\u00fd mu\u017e&#8220;, zat\u00edmco &#8222;mulher alta&#8220; znamen\u00e1 &#8222;vysok\u00e1 \u017eena&#8220;.<\/p>\n\n\n\n<p>P\u0159\u00edslovce na druh\u00e9 stran\u011b modifikuj\u00ed slovesa, p\u0159\u00eddavn\u00e1 jm\u00e9na nebo jin\u00e1 p\u0159\u00edslovce. V portugal\u0161tin\u011b p\u0159\u00edslovce obvykle nemaj\u00ed tvary rozli\u0161uj\u00edc\u00ed pohlav\u00ed. Mezi b\u011b\u017en\u00e1 p\u0159\u00edslovce pat\u0159\u00ed &#8222;rapidamente&#8220; (rychle), &#8222;lentamente&#8220; (pomalu) a &#8222;sempre&#8220; (v\u017edy).<\/p>\n\n\n\n<h3 class=\"wp-block-heading\" id=\"h-3-verbs-the-action-words\">3. Slovesa: D\u011bjov\u00e1 slova<\/h3>\n\n\n\n<p>Portugalsk\u00e1 slovesa se d\u011bl\u00ed do t\u0159\u00ed skupin \u010dasov\u00e1n\u00ed (-ar, -er, -ir) a jejich tvary se m\u011bn\u00ed v z\u00e1vislosti na \u010dase a podm\u011btu. Toto je n\u011bkolik z\u00e1kladn\u00edch \u010das\u016f, kter\u00e9 byste m\u011bli zn\u00e1t:<\/p>\n\n\n\n<p>&#8211; P\u0159\u00edtomn\u00fd \u010das (<a href=\"https:\/\/talkpal.ai\/zh-hans\/grammar_exercises\/presente-%e8%a5%bf%e7%8f%ad%e7%89%99%e8%af%ad%e6%b3%95%e7%bb%83%e4%b9%a0\/\">Presente<\/a>): Popisuje \u010dinnosti, kter\u00e9 se d\u011bj\u00ed nyn\u00ed, nebo obvykl\u00e9 \u010dinnosti.<br\/>&#8211; Minul\u00fd \u010das (Pret\u00e9rito): Popisuje \u010dinnosti, kter\u00e9 se staly v minulosti. Existuj\u00ed dva typy: <a href=\"https:\/\/talkpal.ai\/grammar\/preterite-perfect-in-portuguese-grammar\/\">Pret\u00e9rito Perfeito<\/a> (prost\u00fd minul\u00fd \u010das) a <a href=\"https:\/\/talkpal.ai\/grammar\/preterito-imperfeito-in-portuguese-grammar\/\">Pret\u00e9rito Imperfeito<\/a> (minul\u00fd \u010das pr\u016fb\u011bhov\u00fd).<br\/>&#8211; Budouc\u00ed \u010das (<a href=\"https:\/\/talkpal.ai\/ja\/grammar_exercises\/futuro-%e3%82%b9%e3%83%9a%e3%82%a4%e3%83%b3%e8%aa%9e%e3%81%ae%e6%96%87%e6%b3%95%e3%81%ae%e6%bc%94%e7%bf%92\/\">Futuro<\/a>): Popisuje \u010dinnosti, kter\u00e9 se stanou v budoucnosti.<\/p>\n\n\n\n<p>Zvl\u00e1dnut\u00ed \u010dasov\u00e1n\u00ed sloves m\u016f\u017ee b\u00fdt v portugal\u0161tin\u011b n\u00e1ro\u010dn\u00e9, ale praxe a d\u016fslednost v\u00e1m pomohou ji uchopit efektivn\u011bji.<\/p>\n\n\n\n<h3 class=\"wp-block-heading\" id=\"h-4-word-order-building-understandable-sentences\">4. Slovosled: Vytv\u00e1\u0159en\u00ed srozumiteln\u00fdch v\u011bt<\/h3>\n\n\n\n<p>Typick\u00e1 portugalsk\u00e1 v\u011btn\u00e1 struktura se \u0159\u00edd\u00ed po\u0159ad\u00edm podm\u011bt-sloveso-objekt (SVO). Nap\u0159\u00edklad v\u011bta &#8222;Eu amo pizza&#8220; (&#8222;<a href=\"https:\/\/talkpal.ai\/culture\/how-to-say-i-like-in-slovak-using-mam-rad\/\">M\u00e1m r\u00e1d<\/a> pizzu&#8220;) se \u0159\u00edd\u00ed t\u00edmto vzorem. <a href=\"https:\/\/talkpal.ai\/portuguese-grammar\/\">Portugalsk\u00e1 gramatika<\/a> v\u0161ak m\u016f\u017ee b\u00fdt pom\u011brn\u011b flexibiln\u00ed a m\u016f\u017eete se setkat s odchylkami ve slovosledu, zejm\u00e9na v literatu\u0159e nebo neform\u00e1ln\u00edch konverzac\u00edch. Kontext a zdrav\u00fd rozum jsou pro pochopen\u00ed t\u011bchto variac\u00ed kl\u00ed\u010dov\u00e9.<\/p>\n\n\n\n<h3 class=\"wp-block-heading\" id=\"h-5-negation-and-interrogation-say-no-and-ask-questions\">5. Negace a v\u00fdslech: \u0158ekn\u011bte ne a ptejte se<\/h3>\n\n\n\n<p>Chcete-li v portugal\u0161tin\u011b v\u011btu negovat, sta\u010d\u00ed p\u0159ed sloveso um\u00edstit slovo &#8222;n\u00e3o&#8220;. Nap\u0159\u00edklad &#8222;Eu n\u00e3o falo <a href=\"https:\/\/talkpal.ai\/learn-portuguese\/\">portugu\u00eas<\/a>&#8220; znamen\u00e1 &#8222;Nemluv\u00edm portugalsky&#8220;.<\/p>\n\n\n\n<p>Chcete-li v portugal\u0161tin\u011b zm\u011bnit v\u00fdpov\u011b\u010f na ot\u00e1zku, m\u016f\u017eete bu\u010f zm\u011bnit slovosled, nebo pou\u017e\u00edt t\u00e1zac\u00ed slovo (nap\u0159\u00edklad &#8222;quem&#8220; pro &#8222;kdo&#8220;, &#8222;o que&#8220; pro &#8222;co&#8220; nebo &#8222;onde&#8220; pro &#8222;kde&#8220;). Nap\u0159\u00edklad &#8222;Voc\u00ea fala <a href=\"https:\/\/talkpal.ai\/pt-pt\/locations\/aprenda-ingles-em-passos\/\">ingl\u00eas<\/a>?&#8220; se p\u0159ekl\u00e1d\u00e1 jako &#8222;Mluv\u00edte anglicky?&#8220;.<\/p>\n\n\n\n<h3 class=\"wp-block-heading\" id=\"h-conclusion\">Z\u00e1v\u011br<\/h3>\n\n\n\n<p>U\u010den\u00ed portugalsk\u00e9 gramatiky se m\u016f\u017ee zd\u00e1t skli\u010duj\u00edc\u00ed, ale nenechte se odradit! Ka\u017ed\u00fd jazyk m\u00e1 sv\u00e9 slo\u017eitosti, ale s d\u016fslednost\u00ed, prax\u00ed a trochou trp\u011blivosti se nau\u010d\u00edte komunikovat s jistotou a efektivn\u011b. M\u011bjte na pam\u011bti, \u017ee u\u010den\u00ed gramatiky je jen jednou \u010d\u00e1st\u00ed osvojov\u00e1n\u00ed jazyka a m\u011bli byste si tak\u00e9 procvi\u010dovat poslech, mluven\u00ed a \u010dten\u00ed v portugal\u0161tin\u011b. Hrozn\u00fd\u0161 kr\u00e1lovsk\u00fd! (Hodn\u011b \u0161t\u011bst\u00ed!)<\/p>\n<\/div><\/div>\n\r\n<section class=\"learnNavigationSection\">\r\n            \r\n        <a href=\"https:\/\/talkpal.ai\/cs\/naucte-se-portugalsky\/\">\r\n            <div class=\"learnNavigationWrapper\">\r\n                <div class=\"learnNavigationContent\">\r\n                    <img decoding=\"async\" src=\"https:\/\/talkpal.ai\/wp-content\/uploads\/2024\/08\/Portuguese.jpg\" alt=\"Portuguese Flag\">\r\n                    <div>\r\n                        <h4>O vzd\u011bl\u00e1v\u00e1n\u00ed v Portugalsku<\/h4>\r\n                        <p>Zjist\u011bte v\u0161e o portugalsk\u00e9 gramatice.<\/p>\r\n                    <\/div>\r\n                <\/div>\r\n            <\/div>\r\n        <\/a>\r\n\r\n        \r\n        <a href=\"https:\/\/talkpal.ai\/cs\/cviceni-portugalske-gramatiky\/\">\r\n            <div class=\"learnNavigationWrapper\">\r\n                <div class=\"learnNavigationContent\">\r\n                    <img decoding=\"async\" src=\"https:\/\/talkpal.ai\/wp-content\/uploads\/2024\/08\/Portuguese.jpg\" alt=\"Portuguese Flag\">\r\n                    <div>\r\n                        <h4>Cvi\u010den\u00ed z portugalsk\u00e9 gramatiky<\/h4>\r\n                        <p>Procvi\u010dte si portugalskou gramatiku.<\/p>\r\n                    <\/div>\r\n                <\/div>\r\n            <\/div>\r\n        <\/a>\r\n\r\n        \r\n        <a href=\"https:\/\/talkpal.ai\/vocabulary_language\/portuguese\/\">\r\n            <div class=\"learnNavigationWrapper\">\r\n                <div class=\"learnNavigationContent\">\r\n                    <img decoding=\"async\" src=\"https:\/\/talkpal.ai\/wp-content\/uploads\/2024\/08\/Portuguese.jpg\" alt=\"Portuguese Flag\">\r\n                    <div>\r\n                        <h4>Portugalsk\u00e1 slovn\u00ed z\u00e1soba<\/h4>\r\n                        <p>Roz\u0161i\u0159te si slovn\u00ed z\u00e1sobu portugal\u0161tiny.<\/p>\r\n                    <\/div>\r\n                <\/div>\r\n            <\/div>\r\n        <\/a>\r\n\r\n            <\/section>","protected":false},"excerpt":{"rendered":"<p>P\u0159\u00edru\u010dka pro za\u010d\u00e1te\u010dn\u00edky k pochopen\u00ed portugalsk\u00e9 gramatiky A\u0165 u\u017e se chyst\u00e1te na cestu do Portugalska, nebo se jen chcete nau\u010dit nov\u00fd jazyk, u\u010den\u00ed portugal\u0161tiny pro v\u00e1s m\u016f\u017ee b\u00fdt vzru\u0161uj\u00edc\u00ed a p\u0159\u00ednosnou zku\u0161enost\u00ed. Jedn\u00edm ze z\u00e1kladn\u00edch aspekt\u016f v\u00fduky portugal\u0161tiny, stejn\u011b jako ka\u017ed\u00e9ho jin\u00e9ho, je porozum\u011bn\u00ed jej\u00ed gramatice. Tento \u010dl\u00e1nek v\u00e1s provede z\u00e1klady portugalsk\u00e9 gramatiky a poskytne [&hellip;]<\/p>\n","protected":false},"author":1,"featured_media":107765,"parent":0,"menu_order":0,"comment_status":"closed","ping_status":"closed","template":"LearningContentPage.php","meta":{"_acf_changed":false,"footnotes":""},"class_list":["post-130119","page","type-page","status-publish","has-post-thumbnail","hentry"],"acf":[],"yoast_head":"<!-- This site is optimized with the Yoast SEO Premium plugin v27.2 (Yoast SEO v27.2) - https:\/\/yoast.com\/product\/yoast-seo-premium-wordpress\/ -->\n<title>Portugalsk\u00e1 gramatika - Talkpal<\/title>\n<meta name=\"description\" content=\"Osvojte si portugalskou gramatiku pomoc\u00ed interaktivn\u00edch cvi\u010den\u00ed ur\u010den\u00fdch pro v\u0161echny \u00farovn\u011b znalost\u00ed. Zlep\u0161ete sv\u00e9 jazykov\u00e9 znalosti!\" \/>\n<meta name=\"robots\" content=\"index, follow, max-snippet:-1, max-image-preview:large, max-video-preview:-1\" \/>\n<link rel=\"canonical\" href=\"https:\/\/talkpal.ai\/cs\/portugalska-gramatika\/\" \/>\n<meta property=\"og:locale\" content=\"cs_CZ\" \/>\n<meta property=\"og:type\" content=\"article\" \/>\n<meta property=\"og:title\" content=\"Portugalsk\u00e1 gramatika\" \/>\n<meta property=\"og:description\" content=\"P\u0159\u00edru\u010dka pro za\u010d\u00e1te\u010dn\u00edky k pochopen\u00ed portugalsk\u00e9 gramatiky A\u0165 u\u017e se chyst\u00e1te na cestu do Portugalska, nebo se jen chcete nau\u010dit nov\u00fd jazyk, u\u010den\u00ed\" \/>\n<meta property=\"og:url\" content=\"https:\/\/talkpal.ai\/cs\/portugalska-gramatika\/\" \/>\n<meta property=\"og:site_name\" content=\"Talkpal\" \/>\n<meta property=\"article:publisher\" content=\"https:\/\/www.facebook.com\/profile.php?id=100090733639311\" \/>\n<meta property=\"article:modified_time\" content=\"2025-12-11T16:48:47+00:00\" \/>\n<meta property=\"og:image\" content=\"https:\/\/talkpal.ai\/wp-content\/uploads\/2023\/04\/portugal.png\" \/>\n\t<meta property=\"og:image:width\" content=\"512\" \/>\n\t<meta property=\"og:image:height\" content=\"512\" \/>\n\t<meta property=\"og:image:type\" content=\"image\/png\" \/>\n<meta name=\"twitter:card\" content=\"summary_large_image\" \/>\n<meta name=\"twitter:site\" content=\"@talkpalai\" \/>\n<meta name=\"twitter:label1\" content=\"Odhadovan\u00e1 doba \u010dten\u00ed\" \/>\n\t<meta name=\"twitter:data1\" content=\"4 minuty\" \/>\n<script type=\"application\/ld+json\" class=\"yoast-schema-graph\">{\"@context\":\"https:\/\/schema.org\",\"@graph\":[{\"@type\":\"WebPage\",\"@id\":\"https:\/\/talkpal.ai\/cs\/portugalska-gramatika\/\",\"url\":\"https:\/\/talkpal.ai\/cs\/portugalska-gramatika\/\",\"name\":\"Portugalsk\u00e1 gramatika - Talkpal\",\"isPartOf\":{\"@id\":\"https:\/\/talkpal.ai\/cs\/#website\"},\"primaryImageOfPage\":{\"@id\":\"https:\/\/talkpal.ai\/cs\/portugalska-gramatika\/#primaryimage\"},\"image\":{\"@id\":\"https:\/\/talkpal.ai\/cs\/portugalska-gramatika\/#primaryimage\"},\"thumbnailUrl\":\"https:\/\/talkpal.ai\/wp-content\/uploads\/2023\/04\/portugal.png\",\"datePublished\":\"2023-05-14T13:51:46+00:00\",\"dateModified\":\"2025-12-11T16:48:47+00:00\",\"description\":\"Osvojte si portugalskou gramatiku pomoc\u00ed interaktivn\u00edch cvi\u010den\u00ed ur\u010den\u00fdch pro v\u0161echny \u00farovn\u011b znalost\u00ed. Zlep\u0161ete sv\u00e9 jazykov\u00e9 znalosti!\",\"breadcrumb\":{\"@id\":\"https:\/\/talkpal.ai\/cs\/portugalska-gramatika\/#breadcrumb\"},\"inLanguage\":\"cs\",\"potentialAction\":[{\"@type\":\"ReadAction\",\"target\":[\"https:\/\/talkpal.ai\/cs\/portugalska-gramatika\/\"]}]},{\"@type\":\"ImageObject\",\"inLanguage\":\"cs\",\"@id\":\"https:\/\/talkpal.ai\/cs\/portugalska-gramatika\/#primaryimage\",\"url\":\"https:\/\/talkpal.ai\/wp-content\/uploads\/2023\/04\/portugal.png\",\"contentUrl\":\"https:\/\/talkpal.ai\/wp-content\/uploads\/2023\/04\/portugal.png\",\"width\":512,\"height\":512},{\"@type\":\"BreadcrumbList\",\"@id\":\"https:\/\/talkpal.ai\/cs\/portugalska-gramatika\/#breadcrumb\",\"itemListElement\":[{\"@type\":\"ListItem\",\"position\":1,\"name\":\"Homepage\",\"item\":\"https:\/\/talkpal.ai\/cs\/\"},{\"@type\":\"ListItem\",\"position\":2,\"name\":\"Portugalsk\u00e1 gramatika\"}]},{\"@type\":\"WebSite\",\"@id\":\"https:\/\/talkpal.ai\/cs\/#website\",\"url\":\"https:\/\/talkpal.ai\/cs\/\",\"name\":\"Talkpal\",\"description\":\"AI Language Learning\",\"publisher\":{\"@id\":\"https:\/\/talkpal.ai\/cs\/#organization\"},\"alternateName\":\"Talkpal AI\",\"potentialAction\":[{\"@type\":\"SearchAction\",\"target\":{\"@type\":\"EntryPoint\",\"urlTemplate\":\"https:\/\/talkpal.ai\/cs\/?s={search_term_string}\"},\"query-input\":{\"@type\":\"PropertyValueSpecification\",\"valueRequired\":true,\"valueName\":\"search_term_string\"}}],\"inLanguage\":\"cs\"},{\"@type\":\"Organization\",\"@id\":\"https:\/\/talkpal.ai\/cs\/#organization\",\"name\":\"Talkpal, Inc.\",\"alternateName\":\"Talkpal AI\",\"url\":\"https:\/\/talkpal.ai\/cs\/\",\"logo\":{\"@type\":\"ImageObject\",\"inLanguage\":\"cs\",\"@id\":\"https:\/\/talkpal.ai\/cs\/#\/schema\/logo\/image\/\",\"url\":\"https:\/\/talkpal.ai\/wp-content\/uploads\/2024\/03\/Talkpal-Logo-Icon.png\",\"contentUrl\":\"https:\/\/talkpal.ai\/wp-content\/uploads\/2024\/03\/Talkpal-Logo-Icon.png\",\"width\":2880,\"height\":2880,\"caption\":\"Talkpal, Inc.\"},\"image\":{\"@id\":\"https:\/\/talkpal.ai\/cs\/#\/schema\/logo\/image\/\"},\"sameAs\":[\"https:\/\/www.facebook.com\/profile.php?id=100090733639311\",\"https:\/\/x.com\/talkpalai\",\"https:\/\/www.linkedin.com\/company\/talkpal\/\",\"https:\/\/www.youtube.com\/@TalkPal\/\",\"https:\/\/www.tiktok.com\/@talkpal\",\"https:\/\/www.instagram.com\/talkpal_ai\/\",\"https:\/\/www.crunchbase.com\/organization\/talkpal-9cde\",\"https:\/\/www.g2.com\/products\/talkpal-for-business\/\",\"https:\/\/www.trustpilot.com\/review\/talkpal.ai\",\"https:\/\/www.capterra.com\/p\/10006800\/TalkPal\/\"],\"description\":\"Talkpal is a language learning web and mobile education app, powered by the latest AI technologies, that provides engaging experiences to its customers in many different languages to help them improve their language skills. Users can chat about unlimited amount of topics with the app and use other modes to practice their language learning.\",\"email\":\"support@talkpal.ai\",\"legalName\":\"Talkpal, Inc.\",\"foundingDate\":\"2023-04-03\",\"duns\":\"118989042\",\"numberOfEmployees\":{\"@type\":\"QuantitativeValue\",\"minValue\":\"11\",\"maxValue\":\"50\"},\"publishingPrinciples\":\"https:\/\/talkpal.ai\/publishing-principles\/\",\"actionableFeedbackPolicy\":\"https:\/\/talkpal.ai\/actionable-feedback-policy\/\",\"correctionsPolicy\":\"https:\/\/talkpal.ai\/corrections-policy\/\",\"ethicsPolicy\":\"https:\/\/talkpal.ai\/ethics-policy\/\",\"diversityPolicy\":\"https:\/\/talkpal.ai\/diversity-policy\/\",\"diversityStaffingReport\":\"https:\/\/talkpal.ai\/diversity-policy\/\"}]}<\/script>\n<!-- \/ Yoast SEO Premium plugin. -->","yoast_head_json":{"title":"Portugalsk\u00e1 gramatika - Talkpal","description":"Osvojte si portugalskou gramatiku pomoc\u00ed interaktivn\u00edch cvi\u010den\u00ed ur\u010den\u00fdch pro v\u0161echny \u00farovn\u011b znalost\u00ed. Zlep\u0161ete sv\u00e9 jazykov\u00e9 znalosti!","robots":{"index":"index","follow":"follow","max-snippet":"max-snippet:-1","max-image-preview":"max-image-preview:large","max-video-preview":"max-video-preview:-1"},"canonical":"https:\/\/talkpal.ai\/cs\/portugalska-gramatika\/","og_locale":"cs_CZ","og_type":"article","og_title":"Portugalsk\u00e1 gramatika","og_description":"P\u0159\u00edru\u010dka pro za\u010d\u00e1te\u010dn\u00edky k pochopen\u00ed portugalsk\u00e9 gramatiky A\u0165 u\u017e se chyst\u00e1te na cestu do Portugalska, nebo se jen chcete nau\u010dit nov\u00fd jazyk, u\u010den\u00ed","og_url":"https:\/\/talkpal.ai\/cs\/portugalska-gramatika\/","og_site_name":"Talkpal","article_publisher":"https:\/\/www.facebook.com\/profile.php?id=100090733639311","article_modified_time":"2025-12-11T16:48:47+00:00","og_image":[{"width":512,"height":512,"url":"https:\/\/talkpal.ai\/wp-content\/uploads\/2023\/04\/portugal.png","type":"image\/png"}],"twitter_card":"summary_large_image","twitter_site":"@talkpalai","twitter_misc":{"Odhadovan\u00e1 doba \u010dten\u00ed":"4 minuty"},"schema":{"@context":"https:\/\/schema.org","@graph":[{"@type":"WebPage","@id":"https:\/\/talkpal.ai\/cs\/portugalska-gramatika\/","url":"https:\/\/talkpal.ai\/cs\/portugalska-gramatika\/","name":"Portugalsk\u00e1 gramatika - Talkpal","isPartOf":{"@id":"https:\/\/talkpal.ai\/cs\/#website"},"primaryImageOfPage":{"@id":"https:\/\/talkpal.ai\/cs\/portugalska-gramatika\/#primaryimage"},"image":{"@id":"https:\/\/talkpal.ai\/cs\/portugalska-gramatika\/#primaryimage"},"thumbnailUrl":"https:\/\/talkpal.ai\/wp-content\/uploads\/2023\/04\/portugal.png","datePublished":"2023-05-14T13:51:46+00:00","dateModified":"2025-12-11T16:48:47+00:00","description":"Osvojte si portugalskou gramatiku pomoc\u00ed interaktivn\u00edch cvi\u010den\u00ed ur\u010den\u00fdch pro v\u0161echny \u00farovn\u011b znalost\u00ed. Zlep\u0161ete sv\u00e9 jazykov\u00e9 znalosti!","breadcrumb":{"@id":"https:\/\/talkpal.ai\/cs\/portugalska-gramatika\/#breadcrumb"},"inLanguage":"cs","potentialAction":[{"@type":"ReadAction","target":["https:\/\/talkpal.ai\/cs\/portugalska-gramatika\/"]}]},{"@type":"ImageObject","inLanguage":"cs","@id":"https:\/\/talkpal.ai\/cs\/portugalska-gramatika\/#primaryimage","url":"https:\/\/talkpal.ai\/wp-content\/uploads\/2023\/04\/portugal.png","contentUrl":"https:\/\/talkpal.ai\/wp-content\/uploads\/2023\/04\/portugal.png","width":512,"height":512},{"@type":"BreadcrumbList","@id":"https:\/\/talkpal.ai\/cs\/portugalska-gramatika\/#breadcrumb","itemListElement":[{"@type":"ListItem","position":1,"name":"Homepage","item":"https:\/\/talkpal.ai\/cs\/"},{"@type":"ListItem","position":2,"name":"Portugalsk\u00e1 gramatika"}]},{"@type":"WebSite","@id":"https:\/\/talkpal.ai\/cs\/#website","url":"https:\/\/talkpal.ai\/cs\/","name":"Talkpal","description":"AI Language Learning","publisher":{"@id":"https:\/\/talkpal.ai\/cs\/#organization"},"alternateName":"Talkpal AI","potentialAction":[{"@type":"SearchAction","target":{"@type":"EntryPoint","urlTemplate":"https:\/\/talkpal.ai\/cs\/?s={search_term_string}"},"query-input":{"@type":"PropertyValueSpecification","valueRequired":true,"valueName":"search_term_string"}}],"inLanguage":"cs"},{"@type":"Organization","@id":"https:\/\/talkpal.ai\/cs\/#organization","name":"Talkpal, Inc.","alternateName":"Talkpal AI","url":"https:\/\/talkpal.ai\/cs\/","logo":{"@type":"ImageObject","inLanguage":"cs","@id":"https:\/\/talkpal.ai\/cs\/#\/schema\/logo\/image\/","url":"https:\/\/talkpal.ai\/wp-content\/uploads\/2024\/03\/Talkpal-Logo-Icon.png","contentUrl":"https:\/\/talkpal.ai\/wp-content\/uploads\/2024\/03\/Talkpal-Logo-Icon.png","width":2880,"height":2880,"caption":"Talkpal, Inc."},"image":{"@id":"https:\/\/talkpal.ai\/cs\/#\/schema\/logo\/image\/"},"sameAs":["https:\/\/www.facebook.com\/profile.php?id=100090733639311","https:\/\/x.com\/talkpalai","https:\/\/www.linkedin.com\/company\/talkpal\/","https:\/\/www.youtube.com\/@TalkPal\/","https:\/\/www.tiktok.com\/@talkpal","https:\/\/www.instagram.com\/talkpal_ai\/","https:\/\/www.crunchbase.com\/organization\/talkpal-9cde","https:\/\/www.g2.com\/products\/talkpal-for-business\/","https:\/\/www.trustpilot.com\/review\/talkpal.ai","https:\/\/www.capterra.com\/p\/10006800\/TalkPal\/"],"description":"Talkpal is a language learning web and mobile education app, powered by the latest AI technologies, that provides engaging experiences to its customers in many different languages to help them improve their language skills. Users can chat about unlimited amount of topics with the app and use other modes to practice their language learning.","email":"support@talkpal.ai","legalName":"Talkpal, Inc.","foundingDate":"2023-04-03","duns":"118989042","numberOfEmployees":{"@type":"QuantitativeValue","minValue":"11","maxValue":"50"},"publishingPrinciples":"https:\/\/talkpal.ai\/publishing-principles\/","actionableFeedbackPolicy":"https:\/\/talkpal.ai\/actionable-feedback-policy\/","correctionsPolicy":"https:\/\/talkpal.ai\/corrections-policy\/","ethicsPolicy":"https:\/\/talkpal.ai\/ethics-policy\/","diversityPolicy":"https:\/\/talkpal.ai\/diversity-policy\/","diversityStaffingReport":"https:\/\/talkpal.ai\/diversity-policy\/"}]}},"_links":{"self":[{"href":"https:\/\/talkpal.ai\/cs\/wp-json\/wp\/v2\/pages\/130119","targetHints":{"allow":["GET"]}}],"collection":[{"href":"https:\/\/talkpal.ai\/cs\/wp-json\/wp\/v2\/pages"}],"about":[{"href":"https:\/\/talkpal.ai\/cs\/wp-json\/wp\/v2\/types\/page"}],"author":[{"embeddable":true,"href":"https:\/\/talkpal.ai\/cs\/wp-json\/wp\/v2\/users\/1"}],"replies":[{"embeddable":true,"href":"https:\/\/talkpal.ai\/cs\/wp-json\/wp\/v2\/comments?post=130119"}],"version-history":[{"count":0,"href":"https:\/\/talkpal.ai\/cs\/wp-json\/wp\/v2\/pages\/130119\/revisions"}],"wp:featuredmedia":[{"embeddable":true,"href":"https:\/\/talkpal.ai\/cs\/wp-json\/wp\/v2\/media\/107765"}],"wp:attachment":[{"href":"https:\/\/talkpal.ai\/cs\/wp-json\/wp\/v2\/media?parent=130119"}],"curies":[{"name":"wp","href":"https:\/\/api.w.org\/{rel}","templated":true}]}}