{"id":129734,"date":"2023-05-14T13:51:09","date_gmt":"2023-05-14T13:51:09","guid":{"rendered":"http:\/\/talkpal.ai\/japonska-gramatika\/"},"modified":"2025-12-11T16:44:51","modified_gmt":"2025-12-11T16:44:51","slug":"japonska-gramatika","status":"publish","type":"page","link":"https:\/\/talkpal.ai\/cs\/japonska-gramatika\/","title":{"rendered":"Japonsk\u00e1 gramatika"},"content":{"rendered":"\r\n\r\n\r\n<section class=\"languageChallengeSection\">\r\n    <div class=\"languageInfoWrapper\">\r\n        \r\n        <h1>Japonsk\u00e1 gramatika<\/h1>\r\n        <p>Zlep\u0161ete sv\u00e9 znalosti japon\u0161tiny t\u00edm, \u017ee si osvoj\u00edte z\u00e1kladn\u00ed gramatick\u00e9 body s jasn\u00fdmi vysv\u011btlen\u00edmi a p\u0159\u00edklady. Za\u010dn\u011bte svou cestu k plynulosti &#8211; pono\u0159te se do japonsk\u00e9 gramatiky je\u0161t\u011b dnes!<\/p>\r\n\r\n                            <a class=\"getStartedHidden\" href=\"https:\/\/app.talkpal.ai\/cs\/signup?lng=\">Za\u010dni<\/a>\r\n        \r\n    <\/div>\r\n\r\n    <figure>\r\n    <img decoding=\"async\" width=\"768\" height=\"768\" src=\"https:\/\/talkpal.ai\/wp-content\/uploads\/2023\/06\/japanese-768x768.png\" class=\"languageImage no-lazy\" alt=\"Language learning for world travelers\" fetchpriority=\"high\" sizes=\"(max-width: 768px) 150px, 768px\" srcset=\"https:\/\/talkpal.ai\/wp-content\/uploads\/2023\/06\/japanese-768x768.png 768w, https:\/\/talkpal.ai\/wp-content\/uploads\/2023\/06\/japanese-300x300.png 300w\" \/>\r\n    \r\n\r\n    <\/figure>\r\n\r\n            <a class=\"getStartedVisible\" href=\"https:\/\/app.talkpal.ai\/cs\/signup?lng=\">Za\u010dni<\/a>\r\n    \r\n<\/section>\r\n<section class=\"promotionalBanner\">\r\n    <p class=\"promotionalText\">Nejefektivn\u011bj\u0161\u00ed zp\u016fsob, jak se nau\u010dit jazyk<\/p>\r\n    <a class=\"promotionalLink\" href=\"https:\/\/app.talkpal.ai\/cs\/signup?lng=\">Vyzkou\u0161ejte Talkpal zdarma<\/a>\r\n<\/section>\n<div class=\"wp-block-group pageContainerStyle\"><div class=\"wp-block-group__inner-container is-layout-constrained wp-block-group-is-layout-constrained\">\n<h2 class=\"wp-block-heading\" id=\"h-mastering-the-intricacies-of-japanese-grammar\">Zvl\u00e1dnut\u00ed slo\u017eitost\u00ed japonsk\u00e9 gramatiky<\/h2>\n\n\n\n<p>Lingvisti\u010dt\u00ed nad\u0161enci \u010dasto pova\u017euj\u00ed japon\u0161tinu za fascinuj\u00edc\u00ed a n\u00e1ro\u010dn\u00fd jazyk na nau\u010den\u00ed, a to p\u0159edev\u0161\u00edm d\u00edky sv\u00e9mu jedine\u010dn\u00e9mu gramatick\u00e9mu syst\u00e9mu. Navzdory tomu m\u016f\u017ee porozum\u011bn\u00ed japonsk\u00e9 gramatice v\u00fdrazn\u011b zlep\u0161it va\u0161e komunika\u010dn\u00ed dovednosti a kulturn\u00ed porozum\u011bn\u00ed. V tomto \u010dl\u00e1nku se budeme zab\u00fdvat n\u011bkolika z\u00e1kladn\u00edmi aspekty japonsk\u00e9 gramatiky, kter\u00e9 v\u00e1m pomohou na va\u0161\u00ed cest\u011b za u\u010den\u00edm se jazyk\u016fm. P\u0159ipoutejte se a pono\u0159te se do podmaniv\u00e9ho sv\u011bta japonsk\u00e9 gramatiky.<\/p>\n\n\n\n<h3 class=\"wp-block-heading\" id=\"h-1-sentence-structure-sov\">1. V\u011btn\u00e1 stavba: SOV<\/h3>\n\n\n\n<p>Na rozd\u00edl od angli\u010dtiny (subjekt &#8211; sloveso &#8211; objekt nebo SVO) se v japon\u0161tin\u011b pou\u017e\u00edv\u00e1 struktura v\u011bty subjekt &#8211; objekt &#8211; sloveso (SOV). To znamen\u00e1, \u017ee sloveso je obvykle ve v\u011bt\u011b na posledn\u00edm m\u00edst\u011b. Osvojen\u00ed si tohoto jedine\u010dn\u00e9ho slovosledu je z\u00e1sadn\u00ed pro vytv\u00e1\u0159en\u00ed srozumiteln\u00fdch v\u011bt v japon\u0161tin\u011b.<\/p>\n\n\n\n<p>P\u0159\u00edklad:  <\/p>\n\n\n\n<p>&#8211; \u308f\u305f\u3057\u306f\u308a\u3093\u3054\u3092\u305f\u3079\u307e\u3059\u3002 (J\u00edm jablko)<\/p>\n\n\n\n<p>&#8211; Watashi wa ringo o tabemasu. (dosl. I jablko j\u00edst)<\/p>\n\n\n\n<h3 class=\"wp-block-heading\" id=\"h-2-particles-the-sentence-connectors\">2. \u010c\u00e1stice: V\u011btn\u00e9 spojnice<\/h3>\n\n\n\n<p>\u010c\u00e1stice hraj\u00ed v japonsk\u00e9 gramatice kl\u00ed\u010dovou roli, proto\u017ee ozna\u010duj\u00ed funkci slova ve v\u011bt\u011b. Mezi b\u011b\u017en\u00e9 \u010d\u00e1stice pat\u0159\u00ed \u306f (wa), \u3092 (o), \u304c (ga), \u3067 (de) a \u306b (ni). Kdy\u017e pochop\u00edte, jak tyto \u010d\u00e1stice funguj\u00ed, zjist\u00edte, \u017ee lu\u0161t\u011bn\u00ed a sestavov\u00e1n\u00ed japonsk\u00fdch v\u011bt je mnohem snaz\u0161\u00ed.<\/p>\n\n\n\n<h3 class=\"wp-block-heading\" id=\"h-3-verbs-an-introduction-to-conjugation\">3. Slovesa: \u00davod do \u010dasov\u00e1n\u00ed<\/h3>\n\n\n\n<p>Japonsk\u00e1 slovesa maj\u00ed t\u0159i hlavn\u00ed skupiny, kter\u00e9 se rozli\u0161uj\u00ed podle koncovky z\u00e1kladn\u00edho tvaru. Tyto skupiny se berou v \u00favahu p\u0159i \u010dasov\u00e1n\u00ed pro \u010das, zdvo\u0159ilost a n\u00e1ladu. Dobrou zpr\u00e1vou je, \u017ee japonsk\u00e1 slovesa se nem\u011bn\u00ed v z\u00e1vislosti na podm\u011btu, tak\u017ee jsou m\u00e9n\u011b slo\u017eit\u00e1 ne\u017e slovesa v n\u011bkter\u00fdch jin\u00fdch jazyc\u00edch.<\/p>\n\n\n\n<p>&#8211; Skupina 1: slovesa tvaru U<\/p>\n\n\n\n<p>&#8211; Skupina 2: Ru-verbs<\/p>\n\n\n\n<p>&#8211; Skupina 3: Nepravideln\u00e1 slovesa (pouze dv\u011b slovesa &#8211; \u3059\u308b (suru) a \u6765\u308b (kuru))<\/p>\n\n\n\n<h3 class=\"wp-block-heading\" id=\"h-4-politeness-levels\">4. \u00darovn\u011b zdvo\u0159ilosti<\/h3>\n\n\n\n<p>Japon\u0161tina je jazyk bohat\u00fd na zdvo\u0159ilost a tomu odpov\u00edd\u00e1 i jej\u00ed <a href=\"https:\/\/talkpal.ai\/sq\/gramatika\/\">gramatika<\/a>. Existuj\u00ed t\u0159i z\u00e1kladn\u00ed \u00farovn\u011b zdvo\u0159ilosti: neform\u00e1ln\u00ed, zdvo\u0159il\u00e1 a \u010destn\u00e1. Jejich spr\u00e1vn\u00e9 rozpozn\u00e1n\u00ed a pou\u017e\u00edv\u00e1n\u00ed je nezbytn\u00e9 pro p\u0159irozenou a respektuj\u00edc\u00ed komunikaci.<\/p>\n\n\n\n<p>&#8211; P\u0159\u00edle\u017eitostn\u00e9: jednoduch\u00e9 tvary sloves (nap\u0159. \u98df\u3079\u308b &#8211; taberu &#8211; j\u00edst)<\/p>\n\n\n\n<p>&#8211; Zdvo\u0159ilost: \u307e\u3059 (masu) konjugace (nap\u0159. \u98df\u3079\u307e\u3059 &#8211; tabemasu &#8211; j\u00edst (zdvo\u0159ile))<\/p>\n\n\n\n<p>&#8211; \u010cestn\u00e9: speci\u00e1ln\u00ed konjugace a p\u0159edpony (nap\u0159. \u304a\u53ec\u3057\u4e0a\u304c\u308a\u306b\u306a\u308b &#8211; omeshiagari ni naru &#8211; j\u00edst (\u010destn\u00e9)).<\/p>\n\n\n\n<h3 class=\"wp-block-heading\" id=\"h-5-japanese-adjectives\">5. Japonsk\u00e1 p\u0159\u00eddavn\u00e1 jm\u00e9na<\/h3>\n\n\n\n<p>Japonsk\u00e1 p\u0159\u00eddavn\u00e1 jm\u00e9na se vyskytuj\u00ed ve dvou typech: i-p\u0159\u00eddavn\u00e1 jm\u00e9na a na-p\u0159\u00eddavn\u00e1 jm\u00e9na. Oba typy maj\u00ed jedine\u010dn\u00e1 pravidla \u010dasov\u00e1n\u00ed a interaguj\u00ed s podstatn\u00fdmi jm\u00e9ny odli\u0161n\u011b. Zvl\u00e1dnut\u00ed pou\u017e\u00edv\u00e1n\u00ed t\u011bchto dvou typ\u016f p\u0159\u00eddavn\u00fdch jmen je z\u00e1sadn\u00ed pro efektivn\u00ed komunikaci v japon\u0161tin\u011b.<\/p>\n\n\n\n<h3 class=\"wp-block-heading\" id=\"h-6-engaging-with-the-language\">6. Zapojen\u00ed do jazyka<\/h3>\n\n\n\n<p>Jedn\u00edm z nej\u00fa\u010dinn\u011bj\u0161\u00edch zp\u016fsob\u016f, jak se nau\u010dit japonskou gramatiku, je d\u016fsledn\u011b se s jazykem zapojit. Od sledov\u00e1n\u00ed japonsk\u00fdch film\u016f a anime a\u017e po \u00fa\u010dast na konverza\u010dn\u00edch v\u00fdm\u011bn\u00e1ch s rodil\u00fdmi mluv\u010d\u00edmi, pono\u0159en\u00ed se do jazyka v\u00e1m pom\u016f\u017ee upevnit gramatick\u00e9 pojmy a roz\u0161\u00ed\u0159it si slovn\u00ed z\u00e1sobu.<\/p>\n\n\n\n<h3 class=\"wp-block-heading\" id=\"h-conclusion\">Z\u00e1v\u011br<\/h3>\n\n\n\n<p><a href=\"https:\/\/talkpal.ai\/cs\/japonstina-vyuka-naucte-se-japonsky-rychle-a-efektivne\/\">Japonsk\u00e1 gramatika<\/a> se m\u016f\u017ee zd\u00e1t zpo\u010d\u00e1tku zdrcuj\u00edc\u00ed, ale pokud se j\u00ed budete v\u011bnovat a v\u011bnovat \u010das, snadno se v n\u00ed zorientujete. Kl\u00ed\u010dem je z\u016fstat zv\u011bdav\u00fd a pravideln\u011b cvi\u010dit. Hodn\u011b \u0161t\u011bst\u00ed na cest\u011b za zvl\u00e1dnut\u00edm japonsk\u00e9 gramatiky a u\u017eijte si lingvistick\u00e9 dobrodru\u017estv\u00ed!<\/p>\n<\/div><\/div>\n\r\n<section class=\"learnNavigationSection\">\r\n            \r\n        <a href=\"https:\/\/talkpal.ai\/cs\/naucte-se-japonsky\/\">\r\n            <div class=\"learnNavigationWrapper\">\r\n                <div class=\"learnNavigationContent\">\r\n                    <img decoding=\"async\" src=\"https:\/\/talkpal.ai\/wp-content\/uploads\/2024\/08\/Japanese.jpg\" alt=\"Japanese Flag\">\r\n                    <div>\r\n                        <h4>O v\u00fduce japon\u0161tiny<\/h4>\r\n                        <p>Zjist\u011bte v\u0161e o japonsk\u00e9 gramatice.<\/p>\r\n                    <\/div>\r\n                <\/div>\r\n            <\/div>\r\n        <\/a>\r\n\r\n        \r\n        <a href=\"https:\/\/talkpal.ai\/cs\/cviceni-na-japonskou-gramatiku\/\">\r\n            <div class=\"learnNavigationWrapper\">\r\n                <div class=\"learnNavigationContent\">\r\n                    <img decoding=\"async\" src=\"https:\/\/talkpal.ai\/wp-content\/uploads\/2024\/08\/Japanese.jpg\" alt=\"Japanese Flag\">\r\n                    <div>\r\n                        <h4>Cvi\u010den\u00ed z japonsk\u00e9 gramatiky<\/h4>\r\n                        <p>Procvi\u010dte si japonskou gramatiku.<\/p>\r\n                    <\/div>\r\n                <\/div>\r\n            <\/div>\r\n        <\/a>\r\n\r\n        \r\n        <a href=\"https:\/\/talkpal.ai\/vocabulary_language\/japanese\/\">\r\n            <div class=\"learnNavigationWrapper\">\r\n                <div class=\"learnNavigationContent\">\r\n                    <img decoding=\"async\" src=\"https:\/\/talkpal.ai\/wp-content\/uploads\/2024\/08\/Japanese.jpg\" alt=\"Japanese Flag\">\r\n                    <div>\r\n                        <h4>Japonsk\u00e1 slovn\u00ed z\u00e1soba<\/h4>\r\n                        <p>Roz\u0161i\u0159te si japonskou slovn\u00ed z\u00e1sobu.<\/p>\r\n                    <\/div>\r\n                <\/div>\r\n            <\/div>\r\n        <\/a>\r\n\r\n            <\/section>","protected":false},"excerpt":{"rendered":"<p>Zvl\u00e1dnut\u00ed slo\u017eitost\u00ed japonsk\u00e9 gramatiky Lingvisti\u010dt\u00ed nad\u0161enci \u010dasto pova\u017euj\u00ed japon\u0161tinu za fascinuj\u00edc\u00ed a n\u00e1ro\u010dn\u00fd jazyk na nau\u010den\u00ed, a to p\u0159edev\u0161\u00edm d\u00edky sv\u00e9mu jedine\u010dn\u00e9mu gramatick\u00e9mu syst\u00e9mu. Navzdory tomu m\u016f\u017ee porozum\u011bn\u00ed japonsk\u00e9 gramatice v\u00fdrazn\u011b zlep\u0161it va\u0161e komunika\u010dn\u00ed dovednosti a kulturn\u00ed porozum\u011bn\u00ed. V tomto \u010dl\u00e1nku se budeme zab\u00fdvat n\u011bkolika z\u00e1kladn\u00edmi aspekty japonsk\u00e9 gramatiky, kter\u00e9 v\u00e1m pomohou na va\u0161\u00ed cest\u011b [&hellip;]<\/p>\n","protected":false},"author":1,"featured_media":107222,"parent":0,"menu_order":0,"comment_status":"closed","ping_status":"closed","template":"LearningContentPage.php","meta":{"_acf_changed":false,"footnotes":""},"class_list":["post-129734","page","type-page","status-publish","has-post-thumbnail","hentry"],"acf":[],"yoast_head":"<!-- This site is optimized with the Yoast SEO Premium plugin v27.2 (Yoast SEO v27.2) - https:\/\/yoast.com\/product\/yoast-seo-premium-wordpress\/ -->\n<title>Japonsk\u00e1 gramatika - Talkpal<\/title>\n<meta name=\"description\" content=\"Zvl\u00e1dn\u011bte japonskou gramatiku pomoc\u00ed na\u0161\u00ed aplikace pro v\u00fduku jazyk\u016f s um\u011blou inteligenc\u00ed. Zlep\u0161ete sv\u00e9 jazykov\u00e9 dovednosti snadno prost\u0159ednictv\u00edm Talkpals podporou um\u011bl\u00e9 inteligence.\" \/>\n<meta name=\"robots\" content=\"index, follow, max-snippet:-1, max-image-preview:large, max-video-preview:-1\" \/>\n<link rel=\"canonical\" href=\"https:\/\/talkpal.ai\/cs\/japonska-gramatika\/\" \/>\n<meta property=\"og:locale\" content=\"cs_CZ\" \/>\n<meta property=\"og:type\" content=\"article\" \/>\n<meta property=\"og:title\" content=\"Japonsk\u00e1 gramatika\" \/>\n<meta property=\"og:description\" content=\"Zvl\u00e1dnut\u00ed slo\u017eitost\u00ed japonsk\u00e9 gramatiky Lingvisti\u010dt\u00ed nad\u0161enci \u010dasto pova\u017euj\u00ed japon\u0161tinu za fascinuj\u00edc\u00ed a n\u00e1ro\u010dn\u00fd jazyk na nau\u010den\u00ed, a to p\u0159edev\u0161\u00edm d\u00edky\" \/>\n<meta property=\"og:url\" content=\"https:\/\/talkpal.ai\/cs\/japonska-gramatika\/\" \/>\n<meta property=\"og:site_name\" content=\"Talkpal\" \/>\n<meta property=\"article:publisher\" content=\"https:\/\/www.facebook.com\/profile.php?id=100090733639311\" \/>\n<meta property=\"article:modified_time\" content=\"2025-12-11T16:44:51+00:00\" \/>\n<meta property=\"og:image\" content=\"https:\/\/talkpal.ai\/wp-content\/uploads\/2023\/04\/japan.png\" \/>\n\t<meta property=\"og:image:width\" content=\"512\" \/>\n\t<meta property=\"og:image:height\" content=\"512\" \/>\n\t<meta property=\"og:image:type\" content=\"image\/png\" \/>\n<meta name=\"twitter:card\" content=\"summary_large_image\" \/>\n<meta name=\"twitter:site\" content=\"@talkpalai\" \/>\n<meta name=\"twitter:label1\" content=\"Odhadovan\u00e1 doba \u010dten\u00ed\" \/>\n\t<meta name=\"twitter:data1\" content=\"3 minuty\" \/>\n<script type=\"application\/ld+json\" class=\"yoast-schema-graph\">{\"@context\":\"https:\/\/schema.org\",\"@graph\":[{\"@type\":\"WebPage\",\"@id\":\"https:\/\/talkpal.ai\/cs\/japonska-gramatika\/\",\"url\":\"https:\/\/talkpal.ai\/cs\/japonska-gramatika\/\",\"name\":\"Japonsk\u00e1 gramatika - Talkpal\",\"isPartOf\":{\"@id\":\"https:\/\/talkpal.ai\/cs\/#website\"},\"primaryImageOfPage\":{\"@id\":\"https:\/\/talkpal.ai\/cs\/japonska-gramatika\/#primaryimage\"},\"image\":{\"@id\":\"https:\/\/talkpal.ai\/cs\/japonska-gramatika\/#primaryimage\"},\"thumbnailUrl\":\"https:\/\/talkpal.ai\/wp-content\/uploads\/2023\/04\/japan.png\",\"datePublished\":\"2023-05-14T13:51:09+00:00\",\"dateModified\":\"2025-12-11T16:44:51+00:00\",\"description\":\"Zvl\u00e1dn\u011bte japonskou gramatiku pomoc\u00ed na\u0161\u00ed aplikace pro v\u00fduku jazyk\u016f s um\u011blou inteligenc\u00ed. Zlep\u0161ete sv\u00e9 jazykov\u00e9 dovednosti snadno prost\u0159ednictv\u00edm Talkpals podporou um\u011bl\u00e9 inteligence.\",\"breadcrumb\":{\"@id\":\"https:\/\/talkpal.ai\/cs\/japonska-gramatika\/#breadcrumb\"},\"inLanguage\":\"cs\",\"potentialAction\":[{\"@type\":\"ReadAction\",\"target\":[\"https:\/\/talkpal.ai\/cs\/japonska-gramatika\/\"]}]},{\"@type\":\"ImageObject\",\"inLanguage\":\"cs\",\"@id\":\"https:\/\/talkpal.ai\/cs\/japonska-gramatika\/#primaryimage\",\"url\":\"https:\/\/talkpal.ai\/wp-content\/uploads\/2023\/04\/japan.png\",\"contentUrl\":\"https:\/\/talkpal.ai\/wp-content\/uploads\/2023\/04\/japan.png\",\"width\":512,\"height\":512},{\"@type\":\"BreadcrumbList\",\"@id\":\"https:\/\/talkpal.ai\/cs\/japonska-gramatika\/#breadcrumb\",\"itemListElement\":[{\"@type\":\"ListItem\",\"position\":1,\"name\":\"Homepage\",\"item\":\"https:\/\/talkpal.ai\/cs\/\"},{\"@type\":\"ListItem\",\"position\":2,\"name\":\"Japonsk\u00e1 gramatika\"}]},{\"@type\":\"WebSite\",\"@id\":\"https:\/\/talkpal.ai\/cs\/#website\",\"url\":\"https:\/\/talkpal.ai\/cs\/\",\"name\":\"Talkpal\",\"description\":\"AI Language Learning\",\"publisher\":{\"@id\":\"https:\/\/talkpal.ai\/cs\/#organization\"},\"alternateName\":\"Talkpal AI\",\"potentialAction\":[{\"@type\":\"SearchAction\",\"target\":{\"@type\":\"EntryPoint\",\"urlTemplate\":\"https:\/\/talkpal.ai\/cs\/?s={search_term_string}\"},\"query-input\":{\"@type\":\"PropertyValueSpecification\",\"valueRequired\":true,\"valueName\":\"search_term_string\"}}],\"inLanguage\":\"cs\"},{\"@type\":\"Organization\",\"@id\":\"https:\/\/talkpal.ai\/cs\/#organization\",\"name\":\"Talkpal, Inc.\",\"alternateName\":\"Talkpal AI\",\"url\":\"https:\/\/talkpal.ai\/cs\/\",\"logo\":{\"@type\":\"ImageObject\",\"inLanguage\":\"cs\",\"@id\":\"https:\/\/talkpal.ai\/cs\/#\/schema\/logo\/image\/\",\"url\":\"https:\/\/talkpal.ai\/wp-content\/uploads\/2024\/03\/Talkpal-Logo-Icon.png\",\"contentUrl\":\"https:\/\/talkpal.ai\/wp-content\/uploads\/2024\/03\/Talkpal-Logo-Icon.png\",\"width\":2880,\"height\":2880,\"caption\":\"Talkpal, Inc.\"},\"image\":{\"@id\":\"https:\/\/talkpal.ai\/cs\/#\/schema\/logo\/image\/\"},\"sameAs\":[\"https:\/\/www.facebook.com\/profile.php?id=100090733639311\",\"https:\/\/x.com\/talkpalai\",\"https:\/\/www.linkedin.com\/company\/talkpal\/\",\"https:\/\/www.youtube.com\/@TalkPal\/\",\"https:\/\/www.tiktok.com\/@talkpal\",\"https:\/\/www.instagram.com\/talkpal_ai\/\",\"https:\/\/www.crunchbase.com\/organization\/talkpal-9cde\",\"https:\/\/www.g2.com\/products\/talkpal-for-business\/\",\"https:\/\/www.trustpilot.com\/review\/talkpal.ai\",\"https:\/\/www.capterra.com\/p\/10006800\/TalkPal\/\"],\"description\":\"Talkpal is a language learning web and mobile education app, powered by the latest AI technologies, that provides engaging experiences to its customers in many different languages to help them improve their language skills. Users can chat about unlimited amount of topics with the app and use other modes to practice their language learning.\",\"email\":\"support@talkpal.ai\",\"legalName\":\"Talkpal, Inc.\",\"foundingDate\":\"2023-04-03\",\"duns\":\"118989042\",\"numberOfEmployees\":{\"@type\":\"QuantitativeValue\",\"minValue\":\"11\",\"maxValue\":\"50\"},\"publishingPrinciples\":\"https:\/\/talkpal.ai\/publishing-principles\/\",\"actionableFeedbackPolicy\":\"https:\/\/talkpal.ai\/actionable-feedback-policy\/\",\"correctionsPolicy\":\"https:\/\/talkpal.ai\/corrections-policy\/\",\"ethicsPolicy\":\"https:\/\/talkpal.ai\/ethics-policy\/\",\"diversityPolicy\":\"https:\/\/talkpal.ai\/diversity-policy\/\",\"diversityStaffingReport\":\"https:\/\/talkpal.ai\/diversity-policy\/\"}]}<\/script>\n<!-- \/ Yoast SEO Premium plugin. -->","yoast_head_json":{"title":"Japonsk\u00e1 gramatika - Talkpal","description":"Zvl\u00e1dn\u011bte japonskou gramatiku pomoc\u00ed na\u0161\u00ed aplikace pro v\u00fduku jazyk\u016f s um\u011blou inteligenc\u00ed. Zlep\u0161ete sv\u00e9 jazykov\u00e9 dovednosti snadno prost\u0159ednictv\u00edm Talkpals podporou um\u011bl\u00e9 inteligence.","robots":{"index":"index","follow":"follow","max-snippet":"max-snippet:-1","max-image-preview":"max-image-preview:large","max-video-preview":"max-video-preview:-1"},"canonical":"https:\/\/talkpal.ai\/cs\/japonska-gramatika\/","og_locale":"cs_CZ","og_type":"article","og_title":"Japonsk\u00e1 gramatika","og_description":"Zvl\u00e1dnut\u00ed slo\u017eitost\u00ed japonsk\u00e9 gramatiky Lingvisti\u010dt\u00ed nad\u0161enci \u010dasto pova\u017euj\u00ed japon\u0161tinu za fascinuj\u00edc\u00ed a n\u00e1ro\u010dn\u00fd jazyk na nau\u010den\u00ed, a to p\u0159edev\u0161\u00edm d\u00edky","og_url":"https:\/\/talkpal.ai\/cs\/japonska-gramatika\/","og_site_name":"Talkpal","article_publisher":"https:\/\/www.facebook.com\/profile.php?id=100090733639311","article_modified_time":"2025-12-11T16:44:51+00:00","og_image":[{"width":512,"height":512,"url":"https:\/\/talkpal.ai\/wp-content\/uploads\/2023\/04\/japan.png","type":"image\/png"}],"twitter_card":"summary_large_image","twitter_site":"@talkpalai","twitter_misc":{"Odhadovan\u00e1 doba \u010dten\u00ed":"3 minuty"},"schema":{"@context":"https:\/\/schema.org","@graph":[{"@type":"WebPage","@id":"https:\/\/talkpal.ai\/cs\/japonska-gramatika\/","url":"https:\/\/talkpal.ai\/cs\/japonska-gramatika\/","name":"Japonsk\u00e1 gramatika - Talkpal","isPartOf":{"@id":"https:\/\/talkpal.ai\/cs\/#website"},"primaryImageOfPage":{"@id":"https:\/\/talkpal.ai\/cs\/japonska-gramatika\/#primaryimage"},"image":{"@id":"https:\/\/talkpal.ai\/cs\/japonska-gramatika\/#primaryimage"},"thumbnailUrl":"https:\/\/talkpal.ai\/wp-content\/uploads\/2023\/04\/japan.png","datePublished":"2023-05-14T13:51:09+00:00","dateModified":"2025-12-11T16:44:51+00:00","description":"Zvl\u00e1dn\u011bte japonskou gramatiku pomoc\u00ed na\u0161\u00ed aplikace pro v\u00fduku jazyk\u016f s um\u011blou inteligenc\u00ed. Zlep\u0161ete sv\u00e9 jazykov\u00e9 dovednosti snadno prost\u0159ednictv\u00edm Talkpals podporou um\u011bl\u00e9 inteligence.","breadcrumb":{"@id":"https:\/\/talkpal.ai\/cs\/japonska-gramatika\/#breadcrumb"},"inLanguage":"cs","potentialAction":[{"@type":"ReadAction","target":["https:\/\/talkpal.ai\/cs\/japonska-gramatika\/"]}]},{"@type":"ImageObject","inLanguage":"cs","@id":"https:\/\/talkpal.ai\/cs\/japonska-gramatika\/#primaryimage","url":"https:\/\/talkpal.ai\/wp-content\/uploads\/2023\/04\/japan.png","contentUrl":"https:\/\/talkpal.ai\/wp-content\/uploads\/2023\/04\/japan.png","width":512,"height":512},{"@type":"BreadcrumbList","@id":"https:\/\/talkpal.ai\/cs\/japonska-gramatika\/#breadcrumb","itemListElement":[{"@type":"ListItem","position":1,"name":"Homepage","item":"https:\/\/talkpal.ai\/cs\/"},{"@type":"ListItem","position":2,"name":"Japonsk\u00e1 gramatika"}]},{"@type":"WebSite","@id":"https:\/\/talkpal.ai\/cs\/#website","url":"https:\/\/talkpal.ai\/cs\/","name":"Talkpal","description":"AI Language Learning","publisher":{"@id":"https:\/\/talkpal.ai\/cs\/#organization"},"alternateName":"Talkpal AI","potentialAction":[{"@type":"SearchAction","target":{"@type":"EntryPoint","urlTemplate":"https:\/\/talkpal.ai\/cs\/?s={search_term_string}"},"query-input":{"@type":"PropertyValueSpecification","valueRequired":true,"valueName":"search_term_string"}}],"inLanguage":"cs"},{"@type":"Organization","@id":"https:\/\/talkpal.ai\/cs\/#organization","name":"Talkpal, Inc.","alternateName":"Talkpal AI","url":"https:\/\/talkpal.ai\/cs\/","logo":{"@type":"ImageObject","inLanguage":"cs","@id":"https:\/\/talkpal.ai\/cs\/#\/schema\/logo\/image\/","url":"https:\/\/talkpal.ai\/wp-content\/uploads\/2024\/03\/Talkpal-Logo-Icon.png","contentUrl":"https:\/\/talkpal.ai\/wp-content\/uploads\/2024\/03\/Talkpal-Logo-Icon.png","width":2880,"height":2880,"caption":"Talkpal, Inc."},"image":{"@id":"https:\/\/talkpal.ai\/cs\/#\/schema\/logo\/image\/"},"sameAs":["https:\/\/www.facebook.com\/profile.php?id=100090733639311","https:\/\/x.com\/talkpalai","https:\/\/www.linkedin.com\/company\/talkpal\/","https:\/\/www.youtube.com\/@TalkPal\/","https:\/\/www.tiktok.com\/@talkpal","https:\/\/www.instagram.com\/talkpal_ai\/","https:\/\/www.crunchbase.com\/organization\/talkpal-9cde","https:\/\/www.g2.com\/products\/talkpal-for-business\/","https:\/\/www.trustpilot.com\/review\/talkpal.ai","https:\/\/www.capterra.com\/p\/10006800\/TalkPal\/"],"description":"Talkpal is a language learning web and mobile education app, powered by the latest AI technologies, that provides engaging experiences to its customers in many different languages to help them improve their language skills. Users can chat about unlimited amount of topics with the app and use other modes to practice their language learning.","email":"support@talkpal.ai","legalName":"Talkpal, Inc.","foundingDate":"2023-04-03","duns":"118989042","numberOfEmployees":{"@type":"QuantitativeValue","minValue":"11","maxValue":"50"},"publishingPrinciples":"https:\/\/talkpal.ai\/publishing-principles\/","actionableFeedbackPolicy":"https:\/\/talkpal.ai\/actionable-feedback-policy\/","correctionsPolicy":"https:\/\/talkpal.ai\/corrections-policy\/","ethicsPolicy":"https:\/\/talkpal.ai\/ethics-policy\/","diversityPolicy":"https:\/\/talkpal.ai\/diversity-policy\/","diversityStaffingReport":"https:\/\/talkpal.ai\/diversity-policy\/"}]}},"_links":{"self":[{"href":"https:\/\/talkpal.ai\/cs\/wp-json\/wp\/v2\/pages\/129734","targetHints":{"allow":["GET"]}}],"collection":[{"href":"https:\/\/talkpal.ai\/cs\/wp-json\/wp\/v2\/pages"}],"about":[{"href":"https:\/\/talkpal.ai\/cs\/wp-json\/wp\/v2\/types\/page"}],"author":[{"embeddable":true,"href":"https:\/\/talkpal.ai\/cs\/wp-json\/wp\/v2\/users\/1"}],"replies":[{"embeddable":true,"href":"https:\/\/talkpal.ai\/cs\/wp-json\/wp\/v2\/comments?post=129734"}],"version-history":[{"count":0,"href":"https:\/\/talkpal.ai\/cs\/wp-json\/wp\/v2\/pages\/129734\/revisions"}],"wp:featuredmedia":[{"embeddable":true,"href":"https:\/\/talkpal.ai\/cs\/wp-json\/wp\/v2\/media\/107222"}],"wp:attachment":[{"href":"https:\/\/talkpal.ai\/cs\/wp-json\/wp\/v2\/media?parent=129734"}],"curies":[{"name":"wp","href":"https:\/\/api.w.org\/{rel}","templated":true}]}}