{"id":129487,"date":"2023-05-14T13:50:44","date_gmt":"2023-05-14T13:50:44","guid":{"rendered":"http:\/\/talkpal.ai\/hindska-gramatika\/"},"modified":"2025-12-13T15:00:30","modified_gmt":"2025-12-13T15:00:30","slug":"hindska-gramatika","status":"publish","type":"page","link":"https:\/\/talkpal.ai\/cs\/hindska-gramatika\/","title":{"rendered":"Hindsk\u00e1 gramatika"},"content":{"rendered":"\r\n\r\n\r\n<section class=\"languageChallengeSection\">\r\n    <div class=\"languageInfoWrapper\">\r\n        \r\n        <h1>Hindsk\u00e1 gramatika<\/h1>\r\n        <p>Jste p\u0159ipraveni u\u010dit se hind\u0161tinu? Pono\u0159te se do hindsk\u00e9 gramatiky, kde jazyk o\u017e\u00edv\u00e1 d\u00edky podstatn\u00fdm jm\u00e9n\u016fm rodu, v\u011btn\u00e9 struktu\u0159e s podm\u011btem a p\u0159\u00edsudkem a expresivn\u00edm slovesn\u00fdm vazb\u00e1m. Za\u010dn\u011bte svou cestu k hind\u0161tin\u011b je\u0161t\u011b dnes &#8211; zvl\u00e1dnut\u00ed jej\u00ed gramatiky v\u00e1m umo\u017en\u00ed sebev\u011bdom\u011b komunikovat a nav\u00e1zat kontakt s \u017eivou kulturou a tradicemi Indie!<\/p>\r\n\r\n                            <a class=\"getStartedHidden\" href=\"https:\/\/app.talkpal.ai\/cs\/signup?lng=\">Za\u010dni<\/a>\r\n        \r\n    <\/div>\r\n\r\n    <figure>\r\n    <img decoding=\"async\" width=\"768\" height=\"768\" src=\"https:\/\/talkpal.ai\/wp-content\/uploads\/2023\/06\/hindi-768x768.png\" class=\"languageImage no-lazy\" alt=\"Language learning for mental agility\" fetchpriority=\"high\" sizes=\"(max-width: 768px) 150px, 768px\" srcset=\"https:\/\/talkpal.ai\/wp-content\/uploads\/2023\/06\/hindi-768x768.png 768w, https:\/\/talkpal.ai\/wp-content\/uploads\/2023\/06\/hindi-300x300.png 300w\" \/>\r\n    \r\n\r\n    <\/figure>\r\n\r\n            <a class=\"getStartedVisible\" href=\"https:\/\/app.talkpal.ai\/cs\/signup?lng=\">Za\u010dni<\/a>\r\n    \r\n<\/section>\r\n<section class=\"promotionalBanner\">\r\n    <p class=\"promotionalText\">Nejefektivn\u011bj\u0161\u00ed zp\u016fsob, jak se nau\u010dit jazyk<\/p>\r\n    <a class=\"promotionalLink\" href=\"https:\/\/app.talkpal.ai\/cs\/signup?lng=\">Vyzkou\u0161ejte Talkpal zdarma<\/a>\r\n<\/section>\n<div class=\"wp-block-group pageContainerStyle\"><div class=\"wp-block-group__inner-container is-layout-constrained wp-block-group-is-layout-constrained\">\n<h2 class=\"wp-block-heading\" id=\"h-mastering-hindi-grammar-your-ultimate-guide\">Zvl\u00e1dnut\u00ed hindsk\u00e9 gramatiky: V\u00e1\u0161 dokonal\u00fd pr\u016fvodce<\/h2>\n\n\n\n<p>Namaste, <a href=\"https:\/\/talkpal.ai\/talkpal-discount-for-language-enthusiasts\/\">jazykov\u00ed nad\u0161enci<\/a>! Jste p\u0159ipraveni prozkoumat sv\u011bt hindsk\u00e9 gramatiky? Jste na spr\u00e1vn\u00e9m m\u00edst\u011b. Tento \u010dl\u00e1nek pln\u00fd snadno srozumiteln\u00fdch informac\u00ed a konverza\u010dn\u00edho t\u00f3nu v\u00e1s provede fascinuj\u00edc\u00ed \u0159\u00ed\u0161\u00ed hindsk\u00e9 gramatiky. Brzy budete schopni sestavovat v\u011bty a v\u00e9st smysluplnou konverzaci s rodil\u00fdmi mluv\u010d\u00edmi. Tak se do toho poj\u010fme rovnou pustit!<\/p>\n\n\n\n<p><strong>Ale nejprve, pro\u010d hindsk\u00e1 gramatika?<\/strong><\/p>\n\n\n\n<p>Pokud se u\u010d\u00edte hindsky, je pro plynul\u00e9 mluven\u00ed, \u010dten\u00ed a psan\u00ed kl\u00ed\u010dov\u00e1 siln\u00e1 <a href=\"https:\/\/talkpal.ai\/sq\/gramatika\/\">gramatika<\/a>. I kdy\u017e se <a href=\"https:\/\/talkpal.ai\/hindi-grammar\/\">hindsk\u00e1 gramatika<\/a> m\u016f\u017ee zpo\u010d\u00e1tku zd\u00e1t slo\u017eit\u00e1, st\u00e1v\u00e1 se p\u0159\u00edstupn\u011bj\u0161\u00ed, kdy\u017e se rozd\u011bl\u00ed na men\u0161\u00ed, zvl\u00e1dnuteln\u00e9 segmenty. Tento \u010dl\u00e1nek bude ide\u00e1ln\u00edm m\u00edstem, kde <a href=\"https:\/\/talkpal.ai\/ko\/ai-%ec%96%b8%ec%96%b4-%ea%b5%90%ec%82%ac\/\">za\u010d\u00edt<\/a> svou cestu ke zvl\u00e1dnut\u00ed hindsk\u00e9 gramatiky!<\/p>\n\n\n\n<h3 class=\"wp-block-heading\" id=\"h-1-nouns-gender-and-cases\">1. Podstatn\u00e1 jm\u00e9na, rod a p\u00e1dy<\/h3>\n\n\n\n<p>Hindsk\u00e1 podstatn\u00e1 jm\u00e9na se vyskytuj\u00ed ve dvou rodech: mu\u017esk\u00e9m a \u017eensk\u00e9m. Je d\u016fle\u017eit\u00e9 ur\u010dit rod podstatn\u00fdch jmen, proto\u017ee ten ovliv\u0148uje dal\u0161\u00ed \u010d\u00e1sti \u0159e\u010di, jako jsou p\u0159\u00eddavn\u00e1 jm\u00e9na a slovesa.  <\/p>\n\n\n\n<p>Jednoduch\u00e9 pravidlo: pokud podstatn\u00e9 jm\u00e9no kon\u010d\u00ed na \u201e-aa\u201c (\u201e\u0906\u201c), je obvykle rodu mu\u017esk\u00e9ho, zat\u00edmco podstatn\u00e9 jm\u00e9no kon\u010d\u00edc\u00ed na \u201e-ii\u201c (\u201e\u0908\u201c) je obvykle rodu \u017eensk\u00e9ho. Ale pamatujte &#8211; jako v\u017edy existuj\u00ed v\u00fdjimky!  <\/p>\n\n\n\n<p>Hindsk\u00e1 podstatn\u00e1 jm\u00e9na maj\u00ed r\u016fzn\u00e9 tvary v z\u00e1vislosti na jejich roli ve v\u011bt\u011b (podm\u011bt, p\u0159edm\u011bt, p\u0159ivlast\u0148ovac\u00ed atd.). Tyto formul\u00e1\u0159e se naz\u00fdvaj\u00ed p\u0159\u00edpady. Z\u00e1kladn\u00ed p\u00e1dy v hind\u0161tin\u011b jsou p\u0159\u00edm\u00fd (\u201e\u0906\u092e \u0915\u094d\u0930\u092e\u201c), p\u0159\u00edklonn\u00fd (\u201e\u0909\u092a \u0935\u093f\u0932\u094b\u092e\u201c) a vokativ (\u201e\u0938\u0902\u092c\u094b\u0927\u0928\u201c).<\/p>\n\n\n\n<h3 class=\"wp-block-heading\" id=\"h-2-pronouns-and-agreement\">2. Z\u00e1jmena a shoda<\/h3>\n\n\n\n<p>Hindsk\u00e1 z\u00e1jmena (j\u00e1, ty, on, ona atd.) se m\u011bn\u00ed podle pohlav\u00ed a hierarchie. Nap\u0159\u00edklad: \u092e\u0948\u0902 (main &#8211; j\u00e1), \u0924\u0941\u092e (tum &#8211; ty, neform\u00e1ln\u00ed), \u0906\u092a (aap &#8211; ty, form\u00e1ln\u00ed), \u0935\u0939 (vah &#8211; on\/ona), \u0939\u092e (hum &#8211; my) a \u0935\u0947 (ve &#8211; oni).  <\/p>\n\n\n\n<p>P\u0159i pou\u017e\u00edv\u00e1n\u00ed z\u00e1jmen je nutn\u00e9 db\u00e1t na hierarchii. Zat\u00edmco nap\u0159\u00edklad \u201e\u0924\u0941\u092e\u201c m\u016f\u017ee b\u00fdt vhodn\u00e9 mezi p\u0159\u00e1teli, \u201e\u0906\u092a\u201c je projevem \u00facty p\u0159i oslovov\u00e1n\u00ed star\u0161\u00edch nebo ciz\u00edch lid\u00ed.<\/p>\n\n\n\n<h3 class=\"wp-block-heading\" id=\"h-3-verbs-tense-and-conjugation\">3. Slovesa, \u010dasov\u00e1n\u00ed a \u010dasov\u00e1n\u00ed<\/h3>\n\n\n\n<p>Slovesa tvo\u0159\u00ed p\u00e1te\u0159 hindsk\u00e9 gramatiky a jejich pochopen\u00ed je z\u00e1sadn\u00ed pro stavbu v\u011bt. Hindsk\u00e1 slovesa se obecn\u011b d\u011bl\u00ed na p\u0159echodn\u00e1 (\u201e\u0938\u0915\u0930\u094d\u092e\u0915\u201c) a nep\u0159echodn\u00e1 (\u201e\u0905\u0915\u0930\u094d\u092e\u0915\u201c), p\u0159i\u010dem\u017e pro ka\u017ed\u00e9 z nich plat\u00ed jin\u00e1 pravidla \u010dasov\u00e1n\u00ed.  <\/p>\n\n\n\n<p>Pro stru\u010dn\u00fd p\u0159ehled si probereme \u010dasov\u00e1n\u00ed pravideln\u00fdch sloves v p\u0159\u00edtomn\u00e9m \u010dase:<\/p>\n\n\n\n<p>&#8211; \u092e\u0948\u0902 \u092a\u0922\u093c\u0924\u093e \u0939\u0942\u0901 (main padhta hoon &#8211; \u010dtu, mu\u017esk\u00fd rod)<\/p>\n\n\n\n<p>&#8211; \u092e\u0948\u0902 \u092a\u0922\u093c\u0924\u0940 \u0939\u0942\u0901 (main padhti hoon &#8211; \u010dtu, \u017eensk\u00fd rod)<\/p>\n\n\n\n<p>&#8211; \u0924\u0941\u092e \u092a\u0922\u093c\u0924\u0947 \u0939\u094b (tum padhte ho &#8211; \u010dtete, neform\u00e1ln\u00ed, mu\u017esk\u00fd rod)<\/p>\n\n\n\n<p>&#8211; \u0924\u0941\u092e \u092a\u0922\u093c\u0924\u0940 \u0939\u094b (tum padhti ho &#8211; \u010dtete, neform\u00e1ln\u00ed, \u017eensk\u00fd rod)<\/p>\n\n\n\n<p>Pamatujte, \u017ee toto je jen za\u010d\u00e1tek! Existuje mnoho \u010das\u016f a nepravideln\u00fdch sloves, kter\u00e9 je t\u0159eba zvl\u00e1dnout, ale ka\u017ed\u00fd nov\u00fd krok v\u00e1s p\u0159ibli\u017euje plynulosti.<\/p>\n\n\n\n<h3 class=\"wp-block-heading\" id=\"h-4-adjectives-adverbs-and-more\">4. P\u0159\u00eddavn\u00e1 jm\u00e9na, p\u0159\u00edslovce a dal\u0161\u00ed!<\/h3>\n\n\n\n<p>Hindsk\u00e1 gramatika zahrnuje dal\u0161\u00ed slo\u017eky, jako jsou p\u0159\u00eddavn\u00e1 jm\u00e9na (kter\u00e1 se mus\u00ed shodovat s podstatn\u00fdmi jm\u00e9ny v rod\u011b a \u010d\u00edsle), p\u0159\u00edslovce, p\u0159edlo\u017eky a idiomatick\u00e9 v\u00fdrazy. Ka\u017ed\u00fd prvek je kl\u00ed\u010dem k tomu, abyste se nau\u010dili plynn\u011b mluvit hindsky, tak\u017ee se k nim postavte krok za krokem.<\/p>\n\n\n\n<p>Z\u00e1v\u011brem lze \u0159\u00edci, \u017ee ke zvl\u00e1dnut\u00ed hindsk\u00e9 gramatiky neexistuje \u017e\u00e1dn\u00e1 zkratka. Vy\u017eaduje vytrvalost, praxi a trp\u011blivost. Jakmile ji v\u0161ak pochop\u00edte, budete schopni ocenit nuance <a href=\"https:\/\/talkpal.ai\/cs\/nemcina-konverzace-naucte-se-plynule-mluvit-rychle-a-snadno\/\">konverzace<\/a> v hind\u0161tin\u011b, odhalit bohatou kulturu a historii a prohloubit svou l\u00e1sku k tomuto jazyku. \u0936\u0941\u092d\u0915\u093e\u092e\u0928\u093e\u090f\u0901 (shubhkaamnaayein &#8211; nejlep\u0161\u00ed p\u0159\u00e1n\u00ed)!<\/p>\n<\/div><\/div>\n\r\n<section class=\"learnNavigationSection\">\r\n            \r\n        <a href=\"https:\/\/talkpal.ai\/cs\/naucte-se-hindsky\/\">\r\n            <div class=\"learnNavigationWrapper\">\r\n                <div class=\"learnNavigationContent\">\r\n                    <img decoding=\"async\" src=\"https:\/\/talkpal.ai\/wp-content\/uploads\/2024\/08\/Hindi.jpg\" alt=\"Indian Flag\">\r\n                    <div>\r\n                        <h4>O u\u010den\u00ed hind\u0161tiny<\/h4>\r\n                        <p>Zjist\u011bte v\u0161e o hindsk\u00e9 gramatice.<\/p>\r\n                    <\/div>\r\n                <\/div>\r\n            <\/div>\r\n        <\/a>\r\n\r\n        \r\n        <a href=\"https:\/\/talkpal.ai\/cs\/cviceni-hindske-gramatiky\/\">\r\n            <div class=\"learnNavigationWrapper\">\r\n                <div class=\"learnNavigationContent\">\r\n                    <img decoding=\"async\" src=\"https:\/\/talkpal.ai\/wp-content\/uploads\/2024\/08\/Hindi.jpg\" alt=\"Indian Flag\">\r\n                    <div>\r\n                        <h4>Cvi\u010den\u00ed z hindsk\u00e9 gramatiky<\/h4>\r\n                        <p>Procvi\u010dte si hindskou gramatiku.<\/p>\r\n                    <\/div>\r\n                <\/div>\r\n            <\/div>\r\n        <\/a>\r\n\r\n        \r\n        <a href=\"https:\/\/talkpal.ai\/vocabulary_language\/hindi\/\">\r\n            <div class=\"learnNavigationWrapper\">\r\n                <div class=\"learnNavigationContent\">\r\n                    <img decoding=\"async\" src=\"https:\/\/talkpal.ai\/wp-content\/uploads\/2024\/08\/Hindi.jpg\" alt=\"Indian Flag\">\r\n                    <div>\r\n                        <h4>Hindsk\u00e1 slovn\u00ed z\u00e1soba<\/h4>\r\n                        <p>Roz\u0161i\u0159te si slovn\u00ed z\u00e1sobu hind\u0161tiny.<\/p>\r\n                    <\/div>\r\n                <\/div>\r\n            <\/div>\r\n        <\/a>\r\n\r\n            <\/section>","protected":false},"excerpt":{"rendered":"<p>Zvl\u00e1dnut\u00ed hindsk\u00e9 gramatiky: V\u00e1\u0161 dokonal\u00fd pr\u016fvodce Namaste, jazykov\u00ed nad\u0161enci! Jste p\u0159ipraveni prozkoumat sv\u011bt hindsk\u00e9 gramatiky? Jste na spr\u00e1vn\u00e9m m\u00edst\u011b. Tento \u010dl\u00e1nek pln\u00fd snadno srozumiteln\u00fdch informac\u00ed a konverza\u010dn\u00edho t\u00f3nu v\u00e1s provede fascinuj\u00edc\u00ed \u0159\u00ed\u0161\u00ed hindsk\u00e9 gramatiky. Brzy budete schopni sestavovat v\u011bty a v\u00e9st smysluplnou konverzaci s rodil\u00fdmi mluv\u010d\u00edmi. Tak se do toho poj\u010fme rovnou pustit! Ale nejprve, [&hellip;]<\/p>\n","protected":false},"author":1,"featured_media":188200,"parent":0,"menu_order":0,"comment_status":"closed","ping_status":"closed","template":"LearningContentPage.php","meta":{"_acf_changed":false,"footnotes":""},"class_list":["post-129487","page","type-page","status-publish","has-post-thumbnail","hentry"],"acf":[],"yoast_head":"<!-- This site is optimized with the Yoast SEO Premium plugin v27.2 (Yoast SEO v27.2) - https:\/\/yoast.com\/product\/yoast-seo-premium-wordpress\/ -->\n<title>Hindsk\u00e1 gramatika - Talkpal<\/title>\n<meta name=\"description\" content=\"Ovl\u00e1dn\u011bte hindskou gramatiku s jistotou - nau\u010dte se jasn\u00e1 pravidla, tvo\u0159te spr\u00e1vn\u00e9 v\u011bty a mluvte l\u00e9pe pomoc\u00ed snadn\u00fdch pokyn\u016f od Talkpal AI.\" \/>\n<meta name=\"robots\" content=\"index, follow, max-snippet:-1, max-image-preview:large, max-video-preview:-1\" \/>\n<link rel=\"canonical\" href=\"https:\/\/talkpal.ai\/cs\/hindska-gramatika\/\" \/>\n<meta property=\"og:locale\" content=\"cs_CZ\" \/>\n<meta property=\"og:type\" content=\"article\" \/>\n<meta property=\"og:title\" content=\"Hindsk\u00e1 gramatika\" \/>\n<meta property=\"og:description\" content=\"Zvl\u00e1dnut\u00ed hindsk\u00e9 gramatiky: V\u00e1\u0161 dokonal\u00fd pr\u016fvodce Namaste, jazykov\u00ed nad\u0161enci! Jste p\u0159ipraveni prozkoumat sv\u011bt hindsk\u00e9 gramatiky? Jste na spr\u00e1vn\u00e9m m\u00edst\u011b.\" \/>\n<meta property=\"og:url\" content=\"https:\/\/talkpal.ai\/cs\/hindska-gramatika\/\" \/>\n<meta property=\"og:site_name\" content=\"Talkpal\" \/>\n<meta property=\"article:publisher\" content=\"https:\/\/www.facebook.com\/profile.php?id=100090733639311\" \/>\n<meta property=\"article:modified_time\" content=\"2025-12-13T15:00:30+00:00\" \/>\n<meta property=\"og:image\" content=\"https:\/\/talkpal.ai\/wp-content\/uploads\/2024\/02\/india.png\" \/>\n\t<meta property=\"og:image:width\" content=\"517\" \/>\n\t<meta property=\"og:image:height\" content=\"517\" \/>\n\t<meta property=\"og:image:type\" content=\"image\/png\" \/>\n<meta name=\"twitter:card\" content=\"summary_large_image\" \/>\n<meta name=\"twitter:site\" content=\"@talkpalai\" \/>\n<meta name=\"twitter:label1\" content=\"Odhadovan\u00e1 doba \u010dten\u00ed\" \/>\n\t<meta name=\"twitter:data1\" content=\"3 minuty\" \/>\n<script type=\"application\/ld+json\" class=\"yoast-schema-graph\">{\"@context\":\"https:\/\/schema.org\",\"@graph\":[{\"@type\":\"WebPage\",\"@id\":\"https:\/\/talkpal.ai\/cs\/hindska-gramatika\/\",\"url\":\"https:\/\/talkpal.ai\/cs\/hindska-gramatika\/\",\"name\":\"Hindsk\u00e1 gramatika - Talkpal\",\"isPartOf\":{\"@id\":\"https:\/\/talkpal.ai\/cs\/#website\"},\"primaryImageOfPage\":{\"@id\":\"https:\/\/talkpal.ai\/cs\/hindska-gramatika\/#primaryimage\"},\"image\":{\"@id\":\"https:\/\/talkpal.ai\/cs\/hindska-gramatika\/#primaryimage\"},\"thumbnailUrl\":\"https:\/\/talkpal.ai\/wp-content\/uploads\/2024\/02\/india.png\",\"datePublished\":\"2023-05-14T13:50:44+00:00\",\"dateModified\":\"2025-12-13T15:00:30+00:00\",\"description\":\"Ovl\u00e1dn\u011bte hindskou gramatiku s jistotou - nau\u010dte se jasn\u00e1 pravidla, tvo\u0159te spr\u00e1vn\u00e9 v\u011bty a mluvte l\u00e9pe pomoc\u00ed snadn\u00fdch pokyn\u016f od Talkpal AI.\",\"breadcrumb\":{\"@id\":\"https:\/\/talkpal.ai\/cs\/hindska-gramatika\/#breadcrumb\"},\"inLanguage\":\"cs\",\"potentialAction\":[{\"@type\":\"ReadAction\",\"target\":[\"https:\/\/talkpal.ai\/cs\/hindska-gramatika\/\"]}]},{\"@type\":\"ImageObject\",\"inLanguage\":\"cs\",\"@id\":\"https:\/\/talkpal.ai\/cs\/hindska-gramatika\/#primaryimage\",\"url\":\"https:\/\/talkpal.ai\/wp-content\/uploads\/2024\/02\/india.png\",\"contentUrl\":\"https:\/\/talkpal.ai\/wp-content\/uploads\/2024\/02\/india.png\",\"width\":517,\"height\":517,\"caption\":\"TalkPal Indian Flag\"},{\"@type\":\"BreadcrumbList\",\"@id\":\"https:\/\/talkpal.ai\/cs\/hindska-gramatika\/#breadcrumb\",\"itemListElement\":[{\"@type\":\"ListItem\",\"position\":1,\"name\":\"Homepage\",\"item\":\"https:\/\/talkpal.ai\/cs\/\"},{\"@type\":\"ListItem\",\"position\":2,\"name\":\"Hindsk\u00e1 gramatika\"}]},{\"@type\":\"WebSite\",\"@id\":\"https:\/\/talkpal.ai\/cs\/#website\",\"url\":\"https:\/\/talkpal.ai\/cs\/\",\"name\":\"Talkpal\",\"description\":\"AI Language Learning\",\"publisher\":{\"@id\":\"https:\/\/talkpal.ai\/cs\/#organization\"},\"alternateName\":\"Talkpal AI\",\"potentialAction\":[{\"@type\":\"SearchAction\",\"target\":{\"@type\":\"EntryPoint\",\"urlTemplate\":\"https:\/\/talkpal.ai\/cs\/?s={search_term_string}\"},\"query-input\":{\"@type\":\"PropertyValueSpecification\",\"valueRequired\":true,\"valueName\":\"search_term_string\"}}],\"inLanguage\":\"cs\"},{\"@type\":\"Organization\",\"@id\":\"https:\/\/talkpal.ai\/cs\/#organization\",\"name\":\"Talkpal, Inc.\",\"alternateName\":\"Talkpal AI\",\"url\":\"https:\/\/talkpal.ai\/cs\/\",\"logo\":{\"@type\":\"ImageObject\",\"inLanguage\":\"cs\",\"@id\":\"https:\/\/talkpal.ai\/cs\/#\/schema\/logo\/image\/\",\"url\":\"https:\/\/talkpal.ai\/wp-content\/uploads\/2024\/03\/Talkpal-Logo-Icon.png\",\"contentUrl\":\"https:\/\/talkpal.ai\/wp-content\/uploads\/2024\/03\/Talkpal-Logo-Icon.png\",\"width\":2880,\"height\":2880,\"caption\":\"Talkpal, Inc.\"},\"image\":{\"@id\":\"https:\/\/talkpal.ai\/cs\/#\/schema\/logo\/image\/\"},\"sameAs\":[\"https:\/\/www.facebook.com\/profile.php?id=100090733639311\",\"https:\/\/x.com\/talkpalai\",\"https:\/\/www.linkedin.com\/company\/talkpal\/\",\"https:\/\/www.youtube.com\/@TalkPal\/\",\"https:\/\/www.tiktok.com\/@talkpal\",\"https:\/\/www.instagram.com\/talkpal_ai\/\",\"https:\/\/www.crunchbase.com\/organization\/talkpal-9cde\",\"https:\/\/www.g2.com\/products\/talkpal-for-business\/\",\"https:\/\/www.trustpilot.com\/review\/talkpal.ai\",\"https:\/\/www.capterra.com\/p\/10006800\/TalkPal\/\"],\"description\":\"Talkpal is a language learning web and mobile education app, powered by the latest AI technologies, that provides engaging experiences to its customers in many different languages to help them improve their language skills. Users can chat about unlimited amount of topics with the app and use other modes to practice their language learning.\",\"email\":\"support@talkpal.ai\",\"legalName\":\"Talkpal, Inc.\",\"foundingDate\":\"2023-04-03\",\"duns\":\"118989042\",\"numberOfEmployees\":{\"@type\":\"QuantitativeValue\",\"minValue\":\"11\",\"maxValue\":\"50\"},\"publishingPrinciples\":\"https:\/\/talkpal.ai\/publishing-principles\/\",\"actionableFeedbackPolicy\":\"https:\/\/talkpal.ai\/actionable-feedback-policy\/\",\"correctionsPolicy\":\"https:\/\/talkpal.ai\/corrections-policy\/\",\"ethicsPolicy\":\"https:\/\/talkpal.ai\/ethics-policy\/\",\"diversityPolicy\":\"https:\/\/talkpal.ai\/diversity-policy\/\",\"diversityStaffingReport\":\"https:\/\/talkpal.ai\/diversity-policy\/\"}]}<\/script>\n<!-- \/ Yoast SEO Premium plugin. -->","yoast_head_json":{"title":"Hindsk\u00e1 gramatika - Talkpal","description":"Ovl\u00e1dn\u011bte hindskou gramatiku s jistotou - nau\u010dte se jasn\u00e1 pravidla, tvo\u0159te spr\u00e1vn\u00e9 v\u011bty a mluvte l\u00e9pe pomoc\u00ed snadn\u00fdch pokyn\u016f od Talkpal AI.","robots":{"index":"index","follow":"follow","max-snippet":"max-snippet:-1","max-image-preview":"max-image-preview:large","max-video-preview":"max-video-preview:-1"},"canonical":"https:\/\/talkpal.ai\/cs\/hindska-gramatika\/","og_locale":"cs_CZ","og_type":"article","og_title":"Hindsk\u00e1 gramatika","og_description":"Zvl\u00e1dnut\u00ed hindsk\u00e9 gramatiky: V\u00e1\u0161 dokonal\u00fd pr\u016fvodce Namaste, jazykov\u00ed nad\u0161enci! Jste p\u0159ipraveni prozkoumat sv\u011bt hindsk\u00e9 gramatiky? Jste na spr\u00e1vn\u00e9m m\u00edst\u011b.","og_url":"https:\/\/talkpal.ai\/cs\/hindska-gramatika\/","og_site_name":"Talkpal","article_publisher":"https:\/\/www.facebook.com\/profile.php?id=100090733639311","article_modified_time":"2025-12-13T15:00:30+00:00","og_image":[{"width":517,"height":517,"url":"https:\/\/talkpal.ai\/wp-content\/uploads\/2024\/02\/india.png","type":"image\/png"}],"twitter_card":"summary_large_image","twitter_site":"@talkpalai","twitter_misc":{"Odhadovan\u00e1 doba \u010dten\u00ed":"3 minuty"},"schema":{"@context":"https:\/\/schema.org","@graph":[{"@type":"WebPage","@id":"https:\/\/talkpal.ai\/cs\/hindska-gramatika\/","url":"https:\/\/talkpal.ai\/cs\/hindska-gramatika\/","name":"Hindsk\u00e1 gramatika - Talkpal","isPartOf":{"@id":"https:\/\/talkpal.ai\/cs\/#website"},"primaryImageOfPage":{"@id":"https:\/\/talkpal.ai\/cs\/hindska-gramatika\/#primaryimage"},"image":{"@id":"https:\/\/talkpal.ai\/cs\/hindska-gramatika\/#primaryimage"},"thumbnailUrl":"https:\/\/talkpal.ai\/wp-content\/uploads\/2024\/02\/india.png","datePublished":"2023-05-14T13:50:44+00:00","dateModified":"2025-12-13T15:00:30+00:00","description":"Ovl\u00e1dn\u011bte hindskou gramatiku s jistotou - nau\u010dte se jasn\u00e1 pravidla, tvo\u0159te spr\u00e1vn\u00e9 v\u011bty a mluvte l\u00e9pe pomoc\u00ed snadn\u00fdch pokyn\u016f od Talkpal AI.","breadcrumb":{"@id":"https:\/\/talkpal.ai\/cs\/hindska-gramatika\/#breadcrumb"},"inLanguage":"cs","potentialAction":[{"@type":"ReadAction","target":["https:\/\/talkpal.ai\/cs\/hindska-gramatika\/"]}]},{"@type":"ImageObject","inLanguage":"cs","@id":"https:\/\/talkpal.ai\/cs\/hindska-gramatika\/#primaryimage","url":"https:\/\/talkpal.ai\/wp-content\/uploads\/2024\/02\/india.png","contentUrl":"https:\/\/talkpal.ai\/wp-content\/uploads\/2024\/02\/india.png","width":517,"height":517,"caption":"TalkPal Indian Flag"},{"@type":"BreadcrumbList","@id":"https:\/\/talkpal.ai\/cs\/hindska-gramatika\/#breadcrumb","itemListElement":[{"@type":"ListItem","position":1,"name":"Homepage","item":"https:\/\/talkpal.ai\/cs\/"},{"@type":"ListItem","position":2,"name":"Hindsk\u00e1 gramatika"}]},{"@type":"WebSite","@id":"https:\/\/talkpal.ai\/cs\/#website","url":"https:\/\/talkpal.ai\/cs\/","name":"Talkpal","description":"AI Language Learning","publisher":{"@id":"https:\/\/talkpal.ai\/cs\/#organization"},"alternateName":"Talkpal AI","potentialAction":[{"@type":"SearchAction","target":{"@type":"EntryPoint","urlTemplate":"https:\/\/talkpal.ai\/cs\/?s={search_term_string}"},"query-input":{"@type":"PropertyValueSpecification","valueRequired":true,"valueName":"search_term_string"}}],"inLanguage":"cs"},{"@type":"Organization","@id":"https:\/\/talkpal.ai\/cs\/#organization","name":"Talkpal, Inc.","alternateName":"Talkpal AI","url":"https:\/\/talkpal.ai\/cs\/","logo":{"@type":"ImageObject","inLanguage":"cs","@id":"https:\/\/talkpal.ai\/cs\/#\/schema\/logo\/image\/","url":"https:\/\/talkpal.ai\/wp-content\/uploads\/2024\/03\/Talkpal-Logo-Icon.png","contentUrl":"https:\/\/talkpal.ai\/wp-content\/uploads\/2024\/03\/Talkpal-Logo-Icon.png","width":2880,"height":2880,"caption":"Talkpal, Inc."},"image":{"@id":"https:\/\/talkpal.ai\/cs\/#\/schema\/logo\/image\/"},"sameAs":["https:\/\/www.facebook.com\/profile.php?id=100090733639311","https:\/\/x.com\/talkpalai","https:\/\/www.linkedin.com\/company\/talkpal\/","https:\/\/www.youtube.com\/@TalkPal\/","https:\/\/www.tiktok.com\/@talkpal","https:\/\/www.instagram.com\/talkpal_ai\/","https:\/\/www.crunchbase.com\/organization\/talkpal-9cde","https:\/\/www.g2.com\/products\/talkpal-for-business\/","https:\/\/www.trustpilot.com\/review\/talkpal.ai","https:\/\/www.capterra.com\/p\/10006800\/TalkPal\/"],"description":"Talkpal is a language learning web and mobile education app, powered by the latest AI technologies, that provides engaging experiences to its customers in many different languages to help them improve their language skills. Users can chat about unlimited amount of topics with the app and use other modes to practice their language learning.","email":"support@talkpal.ai","legalName":"Talkpal, Inc.","foundingDate":"2023-04-03","duns":"118989042","numberOfEmployees":{"@type":"QuantitativeValue","minValue":"11","maxValue":"50"},"publishingPrinciples":"https:\/\/talkpal.ai\/publishing-principles\/","actionableFeedbackPolicy":"https:\/\/talkpal.ai\/actionable-feedback-policy\/","correctionsPolicy":"https:\/\/talkpal.ai\/corrections-policy\/","ethicsPolicy":"https:\/\/talkpal.ai\/ethics-policy\/","diversityPolicy":"https:\/\/talkpal.ai\/diversity-policy\/","diversityStaffingReport":"https:\/\/talkpal.ai\/diversity-policy\/"}]}},"_links":{"self":[{"href":"https:\/\/talkpal.ai\/cs\/wp-json\/wp\/v2\/pages\/129487","targetHints":{"allow":["GET"]}}],"collection":[{"href":"https:\/\/talkpal.ai\/cs\/wp-json\/wp\/v2\/pages"}],"about":[{"href":"https:\/\/talkpal.ai\/cs\/wp-json\/wp\/v2\/types\/page"}],"author":[{"embeddable":true,"href":"https:\/\/talkpal.ai\/cs\/wp-json\/wp\/v2\/users\/1"}],"replies":[{"embeddable":true,"href":"https:\/\/talkpal.ai\/cs\/wp-json\/wp\/v2\/comments?post=129487"}],"version-history":[{"count":0,"href":"https:\/\/talkpal.ai\/cs\/wp-json\/wp\/v2\/pages\/129487\/revisions"}],"wp:featuredmedia":[{"embeddable":true,"href":"https:\/\/talkpal.ai\/cs\/wp-json\/wp\/v2\/media\/188200"}],"wp:attachment":[{"href":"https:\/\/talkpal.ai\/cs\/wp-json\/wp\/v2\/media?parent=129487"}],"curies":[{"name":"wp","href":"https:\/\/api.w.org\/{rel}","templated":true}]}}