{"id":129150,"date":"2023-05-14T13:50:21","date_gmt":"2023-05-14T13:50:21","guid":{"rendered":"http:\/\/talkpal.ai\/finska-gramatika\/"},"modified":"2025-12-11T17:07:30","modified_gmt":"2025-12-11T17:07:30","slug":"finska-gramatika","status":"publish","type":"page","link":"https:\/\/talkpal.ai\/cs\/finska-gramatika\/","title":{"rendered":"Finsk\u00e1 gramatika"},"content":{"rendered":"\r\n\r\n\r\n<section class=\"languageChallengeSection\">\r\n    <div class=\"languageInfoWrapper\">\r\n        \r\n        <h1>Finsk\u00e1 gramatika<\/h1>\r\n        <p>Jste p\u0159ipraveni odhalit tajemstv\u00ed fin\u0161tiny? Pono\u0159te se do finsk\u00e9 gramatiky, kter\u00e1 je zn\u00e1m\u00e1 svou logickou strukturou, harmoni\u00ed samohl\u00e1sek a p\u016fsobivou \u0159adou p\u00e1d\u016f. Za\u010dn\u011bte se u\u010dit je\u0161t\u011b dnes &#8211; zvl\u00e1dnut\u00ed finsk\u00e9 gramatiky v\u00e1m dod\u00e1 sebed\u016fv\u011bru p\u0159i mluven\u00ed a komunikaci a z\u00e1rove\u0148 v\u00e1m otev\u0159e dve\u0159e k bohat\u00e9 finsk\u00e9 kultu\u0159e a tradic\u00edm!<\/p>\r\n\r\n                            <a class=\"getStartedHidden\" href=\"https:\/\/app.talkpal.ai\/cs\/signup?lng=\">Za\u010dni<\/a>\r\n        \r\n    <\/div>\r\n\r\n    <figure>\r\n    <img decoding=\"async\" width=\"768\" height=\"768\" src=\"https:\/\/talkpal.ai\/wp-content\/uploads\/2023\/06\/Finnish-768x768.png\" class=\"languageImage no-lazy\" alt=\"Develop your language aptitude learning\" fetchpriority=\"high\" sizes=\"(max-width: 768px) 150px, 768px\" srcset=\"https:\/\/talkpal.ai\/wp-content\/uploads\/2023\/06\/Finnish-768x768.png 768w, https:\/\/talkpal.ai\/wp-content\/uploads\/2023\/06\/Finnish-300x300.png 300w\" \/>\r\n    \r\n\r\n    <\/figure>\r\n\r\n            <a class=\"getStartedVisible\" href=\"https:\/\/app.talkpal.ai\/cs\/signup?lng=\">Za\u010dni<\/a>\r\n    \r\n<\/section>\r\n<section class=\"promotionalBanner\">\r\n    <p class=\"promotionalText\">Nejefektivn\u011bj\u0161\u00ed <a href=\"https:\/\/talkpal.ai\/best-way-to-learn\/\">zp\u016fsob<\/a>, jak se nau\u010dit jazyk<\/p>\r\n    <a class=\"promotionalLink\" href=\"https:\/\/app.talkpal.ai\/cs\/signup?lng=\">Vyzkou\u0161ejte Talkpal zdarma<\/a>\r\n<\/section>\n<div class=\"wp-block-group pageContainerStyle\"><div class=\"wp-block-group__inner-container is-layout-constrained wp-block-group-is-layout-constrained\">\n<h2 class=\"wp-block-heading\" id=\"h-finnish-grammar-a-guide-to-mastering-the-complexities-of-the-finnish-language\">Finsk\u00e1 gramatika: Pr\u016fvodce zvl\u00e1dnut\u00edm slo\u017eitosti finsk\u00e9ho jazyka<\/h2>\n\n\n\n<p><a href=\"https:\/\/talkpal.ai\/learn-finnish\/\">Fin\u0161tina<\/a>, jedine\u010dn\u00fd a fascinuj\u00edc\u00ed jazyk, kter\u00fdm mluv\u00ed p\u0159ibli\u017en\u011b 5 milion\u016f lid\u00ed, je zn\u00e1m\u00e1 svou slo\u017eitost\u00ed a v\u00fdrazn\u00fdm gramatick\u00fdm syst\u00e9mem. Na prvn\u00ed pohled se pravidla a struktury finsk\u00e9 gramatiky mohou zd\u00e1t skli\u010duj\u00edc\u00ed, ale nebojte se! S trp\u011blivost\u00ed, prax\u00ed a veden\u00edm m\u016f\u017eete odhalit tajemstv\u00ed finsk\u00e9 gramatiky a zlep\u0161it sv\u00e9 <a href=\"https:\/\/talkpal.ai\/cs\/procvicovani-cestiny-nejlepsi-zpusoby-jak-zlepsit-sve-jazykove-dovednosti\/\">jazykov\u00e9 dovednosti<\/a>. V tomto \u010dl\u00e1nku v\u00e1m poskytneme p\u0159ehled finsk\u00e9 gramatiky a pod\u011bl\u00edme se o n\u011bkolik tip\u016f, kter\u00e9 v\u00e1m usnadn\u00ed u\u010den\u00ed.<\/p>\n\n\n\n<h3 class=\"wp-block-heading\" id=\"h-the-basics-of-finnish-grammar\">Z\u00e1klady finsk\u00e9 gramatiky:<\/h3>\n\n\n\n<p><a href=\"https:\/\/talkpal.ai\/finnish-grammar\/\">Finsk\u00e1 gramatika<\/a>, zcela odli\u0161n\u00e1 od anglick\u00e9 gramatiky, se vyzna\u010duje bohat\u00fdm pou\u017e\u00edv\u00e1n\u00edm p\u00e1d\u016f, absenc\u00ed gramatick\u00e9ho rodu a jedine\u010dn\u00fdm syst\u00e9mem \u010dasov\u00e1n\u00ed sloves. Zde je n\u011bkolik z\u00e1kladn\u00edch aspekt\u016f finsk\u00e9 gramatiky, kter\u00e9 byste m\u011bli zn\u00e1t:<\/p>\n\n\n\n<p><strong>1. P\u00e1dy podstatn\u00fdch jmen:<\/strong> Fin\u0161tina m\u00e1 15 p\u00e1d\u016f podstatn\u00fdch jmen, co\u017e ozna\u010duje vztah mezi podstatn\u00fdm jm\u00e9nem a ostatn\u00edmi slo\u017ekami v\u011bty. Ka\u017ed\u00fd p\u00e1d podstatn\u00e9ho jm\u00e9na m\u00e1 specifickou koncovku, kter\u00e1 se p\u0159ipojuje ke kmeni podstatn\u00e9ho jm\u00e9na. N\u011bkolik p\u0159\u00edklad\u016f p\u00e1d\u016f podstatn\u00fdch jmen zahrnuje nominativ, genitiv, akuzativ a partitiv.<\/p>\n\n\n\n<p><strong>2. \u017d\u00e1dn\u00fd gramatick\u00fd rod:<\/strong> Na rozd\u00edl od mnoha jazyk\u016f fin\u0161tina nep\u0159i\u0159azuje podstatn\u00fdm jm\u00e9n\u016fm rod. M\u00edsto toho se v jazyce pou\u017e\u00edv\u00e1 jedno slovo &#8211; h\u00e4n &#8211; pro ozna\u010den\u00ed &#8222;on&#8220; i &#8222;ona&#8220;. Tato vlastnost zjednodu\u0161uje proces u\u010den\u00ed fin\u0161tiny a odstra\u0148uje nutnost pamatovat si rodov\u00e9 \u010dleny nebo tvary z\u00e1jmen.<\/p>\n\n\n\n<p><strong>3. \u010casov\u00e1n\u00ed sloves:<\/strong> Finsk\u00e1 slovesa se \u010dasuj\u00ed na z\u00e1klad\u011b \u010dasu, n\u00e1lady a hlasu. Ve fin\u0161tin\u011b existuj\u00ed \u010dty\u0159i slovesn\u00e9 \u010dasy: p\u0159\u00edtomn\u00fd, minul\u00fd, p\u0159edminul\u00fd a p\u0159educha. Krom\u011b toho maj\u00ed finsk\u00e1 slovesa p\u011bt zp\u016fsob\u016f: indikativn\u00ed, podmi\u0148ovac\u00ed, potenci\u00e1ln\u00ed, rozkazovac\u00ed a ud\u00e1lostn\u00ed.<\/p>\n\n\n\n<p><strong>4. Harmonie samohl\u00e1sek<\/strong> : Ve fin\u0161tin\u011b se samohl\u00e1sky d\u011bl\u00ed do t\u0159\u00ed skupin: p\u0159edn\u00ed (\u00e4, \u00f6, y), zadn\u00ed (a, o, u) a neutr\u00e1ln\u00ed (i, e). Kv\u016fli harmonii samohl\u00e1sek se p\u0159edn\u00ed a zadn\u00ed samohl\u00e1sky obvykle nemohou vyskytovat ve stejn\u00e9m slov\u011b, s v\u00fdjimkou slo\u017een\u00fdch slov a n\u011bkter\u00fdch p\u0159ejat\u00fdch slov.<\/p>\n\n\n\n<h3 class=\"wp-block-heading\" id=\"h-strategies-for-learning-finnish-grammar\">Strategie pro v\u00fduku finsk\u00e9 gramatiky:<\/h3>\n\n\n\n<p>Porozum\u011bn\u00ed finsk\u00e9 gramatice se m\u016f\u017ee zd\u00e1t ohromuj\u00edc\u00ed, ale se spr\u00e1vn\u00fdm my\u0161len\u00edm a strategiemi u\u010den\u00ed ji zvl\u00e1dnete. Zde je n\u011bkolik u\u017eite\u010dn\u00fdch tip\u016f, kter\u00e9 v\u00e1m pomohou p\u0159i studiu:<\/p>\n\n\n\n<p><strong>1. D\u011blejte d\u011btsk\u00e9 kr\u016f\u010dky:<\/strong> Za\u010dn\u011bte se z\u00e1klady finsk\u00e9 gramatiky, jako jsou p\u00e1dy podstatn\u00fdch jmen a \u010dasov\u00e1n\u00ed sloves. Rozlo\u017een\u00edm slo\u017eit\u00fdch pravidel na men\u0161\u00ed, straviteln\u00e9 \u010d\u00e1sti budete moci postupn\u011b postupovat a budovat si pevn\u00e9 z\u00e1klady.<\/p>\n\n\n\n<p><strong>2. Pravideln\u011b cvi\u010dte:<\/strong> P\u0159i u\u010den\u00ed jazyka je kl\u00ed\u010dov\u00e1 d\u016fslednost. Vyhra\u010fte si ka\u017ed\u00fd den nebo t\u00fdden \u010das na <a href=\"https:\/\/talkpal.ai\/grammar\/\">procvi\u010dov\u00e1n\u00ed gramatiky<\/a> prost\u0159ednictv\u00edm cvi\u010den\u00ed, \u010dten\u00ed a psan\u00ed ve fin\u0161tin\u011b.<\/p>\n\n\n\n<p><strong>3. Pou\u017e\u00edvejte nativn\u00ed zdroje:<\/strong> Chcete-li l\u00e9pe porozum\u011bt finsk\u00e9 gramatice v kontextu, pono\u0159te se do rodil\u00fdch materi\u00e1l\u016f, jako je literatura, novinov\u00e9 \u010dl\u00e1nky a podcasty. To v\u00e1m pom\u016f\u017ee osvojit si pravidla a zlep\u0161it sv\u00e9 poslechov\u00e9 a \u010dten\u00e1\u0159sk\u00e9 dovednosti.<\/p>\n\n\n\n<p><strong>4. Spojte se s rodil\u00fdmi mluv\u010d\u00edmi: Konverzace s rodil\u00fdmi mluv\u010d\u00edmi<\/strong> fin\u0161tiny je vynikaj\u00edc\u00ed zp\u016fsob, jak si procvi\u010dit gramatiku a z\u00edskat cennou zp\u011btnou vazbu. Zva\u017ete p\u0159ipojen\u00ed k jazykov\u00fdm v\u00fdm\u011bnn\u00fdm skupin\u00e1m nebo online f\u00f3r\u016fm, kde se m\u016f\u017eete spojit s lidmi, kte\u0159\u00ed mluv\u00ed finsky.<\/p>\n\n\n\n<p><strong>5. Bu\u010fte trp\u011bliv\u00ed a vytrval\u00ed:<\/strong> S trp\u011blivost\u00ed a odhodl\u00e1n\u00edm odhal\u00edte jej\u00ed slo\u017eitosti a stanete se zku\u0161en\u00fdmi znalci jazyka.<\/p>\n\n\n\n<h3 class=\"wp-block-heading\" id=\"h-conclusion\">Z\u00e1v\u011br:<\/h3>\n\n\n\n<p>Sv\u011bt finsk\u00e9 gramatiky, i kdy\u017e je slo\u017eit\u00fd, je fascinuj\u00edc\u00ed a lze jej rozlu\u0161tit odhodl\u00e1n\u00edm a prax\u00ed. Sezn\u00e1m\u00edte-li se se z\u00e1kladn\u00edmi prvky finsk\u00e9 gramatiky a budete-li se \u0159\u00eddit na\u0161imi u\u010debn\u00edmi strategiemi, p\u0159iprav\u00edte si cestu k plynulosti a hlub\u0161\u00edmu porozum\u011bn\u00ed tomuto podmaniv\u00e9mu jazyku. Pono\u0159te se tedy do slo\u017eitost\u00ed finsk\u00e9 gramatiky s pozitivn\u00edm p\u0159\u00edstupem, a ne\u017e se nad\u011bjete, budete se s jistotou pohybovat v jazykov\u00e9 krajin\u011b suomi!<\/p>\n<\/div><\/div>\n\r\n<section class=\"learnNavigationSection\">\r\n            \r\n        <a href=\"https:\/\/talkpal.ai\/cs\/naucte-se-finsky\/\">\r\n            <div class=\"learnNavigationWrapper\">\r\n                <div class=\"learnNavigationContent\">\r\n                    <img decoding=\"async\" src=\"https:\/\/talkpal.ai\/wp-content\/uploads\/2024\/08\/Finnish.jpg\" alt=\"Finnish Flag\">\r\n                    <div>\r\n                        <h4>O finsk\u00e9m vzd\u011bl\u00e1v\u00e1n\u00ed<\/h4>\r\n                        <p>Zjist\u011bte v\u0161e o finsk\u00e9 gramatice.<\/p>\r\n                    <\/div>\r\n                <\/div>\r\n            <\/div>\r\n        <\/a>\r\n\r\n        \r\n        <a href=\"https:\/\/talkpal.ai\/cs\/cviceni-z-finske-gramatiky\/\">\r\n            <div class=\"learnNavigationWrapper\">\r\n                <div class=\"learnNavigationContent\">\r\n                    <img decoding=\"async\" src=\"https:\/\/talkpal.ai\/wp-content\/uploads\/2024\/08\/Finnish.jpg\" alt=\"Finnish Flag\">\r\n                    <div>\r\n                        <h4>Cvi\u010den\u00ed z finsk\u00e9 gramatiky<\/h4>\r\n                        <p>Procvi\u010dte si finskou gramatiku.<\/p>\r\n                    <\/div>\r\n                <\/div>\r\n            <\/div>\r\n        <\/a>\r\n\r\n        \r\n        <a href=\"https:\/\/talkpal.ai\/vocabulary_language\/finnish\/\">\r\n            <div class=\"learnNavigationWrapper\">\r\n                <div class=\"learnNavigationContent\">\r\n                    <img decoding=\"async\" src=\"https:\/\/talkpal.ai\/wp-content\/uploads\/2024\/08\/Finnish.jpg\" alt=\"Finnish Flag\">\r\n                    <div>\r\n                        <h4>Finsk\u00e1 slovn\u00ed z\u00e1soba<\/h4>\r\n                        <p>Roz\u0161i\u0159te si slovn\u00ed z\u00e1sobu fin\u0161tiny.<\/p>\r\n                    <\/div>\r\n                <\/div>\r\n            <\/div>\r\n        <\/a>\r\n\r\n            <\/section>","protected":false},"excerpt":{"rendered":"<p>Finsk\u00e1 gramatika: Pr\u016fvodce zvl\u00e1dnut\u00edm slo\u017eitosti finsk\u00e9ho jazyka Fin\u0161tina, jedine\u010dn\u00fd a fascinuj\u00edc\u00ed jazyk, kter\u00fdm mluv\u00ed p\u0159ibli\u017en\u011b 5 milion\u016f lid\u00ed, je zn\u00e1m\u00e1 svou slo\u017eitost\u00ed a v\u00fdrazn\u00fdm gramatick\u00fdm syst\u00e9mem. Na prvn\u00ed pohled se pravidla a struktury finsk\u00e9 gramatiky mohou zd\u00e1t skli\u010duj\u00edc\u00ed, ale nebojte se! S trp\u011blivost\u00ed, prax\u00ed a veden\u00edm m\u016f\u017eete odhalit tajemstv\u00ed finsk\u00e9 gramatiky a zlep\u0161it sv\u00e9 jazykov\u00e9 [&hellip;]<\/p>\n","protected":false},"author":1,"featured_media":106620,"parent":0,"menu_order":0,"comment_status":"closed","ping_status":"closed","template":"LearningContentPage.php","meta":{"_acf_changed":false,"footnotes":""},"class_list":["post-129150","page","type-page","status-publish","has-post-thumbnail","hentry"],"acf":[],"yoast_head":"<!-- This site is optimized with the Yoast SEO Premium plugin v27.2 (Yoast SEO v27.2) - https:\/\/yoast.com\/product\/yoast-seo-premium-wordpress\/ -->\n<title>Finsk\u00e1 gramatika - Talkpal<\/title>\n<meta name=\"description\" content=\"Nau\u010dte se z\u00e1kladn\u00ed aspekty finsk\u00e9 gramatiky, v\u010detn\u011b p\u00e1d\u016f, sloves, struktury v\u011bt a tip\u016f pro v\u00fdslovnost, kter\u00e9 v\u00e1m pomohou zvl\u00e1dnout finsk\u00fd jazyk.\" \/>\n<meta name=\"robots\" content=\"index, follow, max-snippet:-1, max-image-preview:large, max-video-preview:-1\" \/>\n<link rel=\"canonical\" href=\"https:\/\/talkpal.ai\/cs\/finska-gramatika\/\" \/>\n<meta property=\"og:locale\" content=\"cs_CZ\" \/>\n<meta property=\"og:type\" content=\"article\" \/>\n<meta property=\"og:title\" content=\"Finsk\u00e1 gramatika\" \/>\n<meta property=\"og:description\" content=\"Finsk\u00e1 gramatika: Pr\u016fvodce zvl\u00e1dnut\u00edm slo\u017eitosti finsk\u00e9ho jazyka Fin\u0161tina, jedine\u010dn\u00fd a fascinuj\u00edc\u00ed jazyk, kter\u00fdm mluv\u00ed p\u0159ibli\u017en\u011b 5 milion\u016f lid\u00ed, je zn\u00e1m\u00e1\" \/>\n<meta property=\"og:url\" content=\"https:\/\/talkpal.ai\/cs\/finska-gramatika\/\" \/>\n<meta property=\"og:site_name\" content=\"Talkpal\" \/>\n<meta property=\"article:publisher\" content=\"https:\/\/www.facebook.com\/profile.php?id=100090733639311\" \/>\n<meta property=\"article:modified_time\" content=\"2025-12-11T17:07:30+00:00\" \/>\n<meta property=\"og:image\" content=\"https:\/\/talkpal.ai\/wp-content\/uploads\/2023\/04\/finland.png\" \/>\n\t<meta property=\"og:image:width\" content=\"512\" \/>\n\t<meta property=\"og:image:height\" content=\"512\" \/>\n\t<meta property=\"og:image:type\" content=\"image\/png\" \/>\n<meta name=\"twitter:card\" content=\"summary_large_image\" \/>\n<meta name=\"twitter:site\" content=\"@talkpalai\" \/>\n<meta name=\"twitter:label1\" content=\"Odhadovan\u00e1 doba \u010dten\u00ed\" \/>\n\t<meta name=\"twitter:data1\" content=\"4 minuty\" \/>\n<script type=\"application\/ld+json\" class=\"yoast-schema-graph\">{\"@context\":\"https:\/\/schema.org\",\"@graph\":[{\"@type\":\"WebPage\",\"@id\":\"https:\/\/talkpal.ai\/cs\/finska-gramatika\/\",\"url\":\"https:\/\/talkpal.ai\/cs\/finska-gramatika\/\",\"name\":\"Finsk\u00e1 gramatika - Talkpal\",\"isPartOf\":{\"@id\":\"https:\/\/talkpal.ai\/cs\/#website\"},\"primaryImageOfPage\":{\"@id\":\"https:\/\/talkpal.ai\/cs\/finska-gramatika\/#primaryimage\"},\"image\":{\"@id\":\"https:\/\/talkpal.ai\/cs\/finska-gramatika\/#primaryimage\"},\"thumbnailUrl\":\"https:\/\/talkpal.ai\/wp-content\/uploads\/2023\/04\/finland.png\",\"datePublished\":\"2023-05-14T13:50:21+00:00\",\"dateModified\":\"2025-12-11T17:07:30+00:00\",\"description\":\"Nau\u010dte se z\u00e1kladn\u00ed aspekty finsk\u00e9 gramatiky, v\u010detn\u011b p\u00e1d\u016f, sloves, struktury v\u011bt a tip\u016f pro v\u00fdslovnost, kter\u00e9 v\u00e1m pomohou zvl\u00e1dnout finsk\u00fd jazyk.\",\"breadcrumb\":{\"@id\":\"https:\/\/talkpal.ai\/cs\/finska-gramatika\/#breadcrumb\"},\"inLanguage\":\"cs\",\"potentialAction\":[{\"@type\":\"ReadAction\",\"target\":[\"https:\/\/talkpal.ai\/cs\/finska-gramatika\/\"]}]},{\"@type\":\"ImageObject\",\"inLanguage\":\"cs\",\"@id\":\"https:\/\/talkpal.ai\/cs\/finska-gramatika\/#primaryimage\",\"url\":\"https:\/\/talkpal.ai\/wp-content\/uploads\/2023\/04\/finland.png\",\"contentUrl\":\"https:\/\/talkpal.ai\/wp-content\/uploads\/2023\/04\/finland.png\",\"width\":512,\"height\":512,\"caption\":\"TalkPal finland Flag\"},{\"@type\":\"BreadcrumbList\",\"@id\":\"https:\/\/talkpal.ai\/cs\/finska-gramatika\/#breadcrumb\",\"itemListElement\":[{\"@type\":\"ListItem\",\"position\":1,\"name\":\"Homepage\",\"item\":\"https:\/\/talkpal.ai\/cs\/\"},{\"@type\":\"ListItem\",\"position\":2,\"name\":\"Finsk\u00e1 gramatika\"}]},{\"@type\":\"WebSite\",\"@id\":\"https:\/\/talkpal.ai\/cs\/#website\",\"url\":\"https:\/\/talkpal.ai\/cs\/\",\"name\":\"Talkpal\",\"description\":\"AI Language Learning\",\"publisher\":{\"@id\":\"https:\/\/talkpal.ai\/cs\/#organization\"},\"alternateName\":\"Talkpal AI\",\"potentialAction\":[{\"@type\":\"SearchAction\",\"target\":{\"@type\":\"EntryPoint\",\"urlTemplate\":\"https:\/\/talkpal.ai\/cs\/?s={search_term_string}\"},\"query-input\":{\"@type\":\"PropertyValueSpecification\",\"valueRequired\":true,\"valueName\":\"search_term_string\"}}],\"inLanguage\":\"cs\"},{\"@type\":\"Organization\",\"@id\":\"https:\/\/talkpal.ai\/cs\/#organization\",\"name\":\"Talkpal, Inc.\",\"alternateName\":\"Talkpal AI\",\"url\":\"https:\/\/talkpal.ai\/cs\/\",\"logo\":{\"@type\":\"ImageObject\",\"inLanguage\":\"cs\",\"@id\":\"https:\/\/talkpal.ai\/cs\/#\/schema\/logo\/image\/\",\"url\":\"https:\/\/talkpal.ai\/wp-content\/uploads\/2024\/03\/Talkpal-Logo-Icon.png\",\"contentUrl\":\"https:\/\/talkpal.ai\/wp-content\/uploads\/2024\/03\/Talkpal-Logo-Icon.png\",\"width\":2880,\"height\":2880,\"caption\":\"Talkpal, Inc.\"},\"image\":{\"@id\":\"https:\/\/talkpal.ai\/cs\/#\/schema\/logo\/image\/\"},\"sameAs\":[\"https:\/\/www.facebook.com\/profile.php?id=100090733639311\",\"https:\/\/x.com\/talkpalai\",\"https:\/\/www.linkedin.com\/company\/talkpal\/\",\"https:\/\/www.youtube.com\/@TalkPal\/\",\"https:\/\/www.tiktok.com\/@talkpal\",\"https:\/\/www.instagram.com\/talkpal_ai\/\",\"https:\/\/www.crunchbase.com\/organization\/talkpal-9cde\",\"https:\/\/www.g2.com\/products\/talkpal-for-business\/\",\"https:\/\/www.trustpilot.com\/review\/talkpal.ai\",\"https:\/\/www.capterra.com\/p\/10006800\/TalkPal\/\"],\"description\":\"Talkpal is a language learning web and mobile education app, powered by the latest AI technologies, that provides engaging experiences to its customers in many different languages to help them improve their language skills. Users can chat about unlimited amount of topics with the app and use other modes to practice their language learning.\",\"email\":\"support@talkpal.ai\",\"legalName\":\"Talkpal, Inc.\",\"foundingDate\":\"2023-04-03\",\"duns\":\"118989042\",\"numberOfEmployees\":{\"@type\":\"QuantitativeValue\",\"minValue\":\"11\",\"maxValue\":\"50\"},\"publishingPrinciples\":\"https:\/\/talkpal.ai\/publishing-principles\/\",\"actionableFeedbackPolicy\":\"https:\/\/talkpal.ai\/actionable-feedback-policy\/\",\"correctionsPolicy\":\"https:\/\/talkpal.ai\/corrections-policy\/\",\"ethicsPolicy\":\"https:\/\/talkpal.ai\/ethics-policy\/\",\"diversityPolicy\":\"https:\/\/talkpal.ai\/diversity-policy\/\",\"diversityStaffingReport\":\"https:\/\/talkpal.ai\/diversity-policy\/\"}]}<\/script>\n<!-- \/ Yoast SEO Premium plugin. -->","yoast_head_json":{"title":"Finsk\u00e1 gramatika - Talkpal","description":"Nau\u010dte se z\u00e1kladn\u00ed aspekty finsk\u00e9 gramatiky, v\u010detn\u011b p\u00e1d\u016f, sloves, struktury v\u011bt a tip\u016f pro v\u00fdslovnost, kter\u00e9 v\u00e1m pomohou zvl\u00e1dnout finsk\u00fd jazyk.","robots":{"index":"index","follow":"follow","max-snippet":"max-snippet:-1","max-image-preview":"max-image-preview:large","max-video-preview":"max-video-preview:-1"},"canonical":"https:\/\/talkpal.ai\/cs\/finska-gramatika\/","og_locale":"cs_CZ","og_type":"article","og_title":"Finsk\u00e1 gramatika","og_description":"Finsk\u00e1 gramatika: Pr\u016fvodce zvl\u00e1dnut\u00edm slo\u017eitosti finsk\u00e9ho jazyka Fin\u0161tina, jedine\u010dn\u00fd a fascinuj\u00edc\u00ed jazyk, kter\u00fdm mluv\u00ed p\u0159ibli\u017en\u011b 5 milion\u016f lid\u00ed, je zn\u00e1m\u00e1","og_url":"https:\/\/talkpal.ai\/cs\/finska-gramatika\/","og_site_name":"Talkpal","article_publisher":"https:\/\/www.facebook.com\/profile.php?id=100090733639311","article_modified_time":"2025-12-11T17:07:30+00:00","og_image":[{"width":512,"height":512,"url":"https:\/\/talkpal.ai\/wp-content\/uploads\/2023\/04\/finland.png","type":"image\/png"}],"twitter_card":"summary_large_image","twitter_site":"@talkpalai","twitter_misc":{"Odhadovan\u00e1 doba \u010dten\u00ed":"4 minuty"},"schema":{"@context":"https:\/\/schema.org","@graph":[{"@type":"WebPage","@id":"https:\/\/talkpal.ai\/cs\/finska-gramatika\/","url":"https:\/\/talkpal.ai\/cs\/finska-gramatika\/","name":"Finsk\u00e1 gramatika - Talkpal","isPartOf":{"@id":"https:\/\/talkpal.ai\/cs\/#website"},"primaryImageOfPage":{"@id":"https:\/\/talkpal.ai\/cs\/finska-gramatika\/#primaryimage"},"image":{"@id":"https:\/\/talkpal.ai\/cs\/finska-gramatika\/#primaryimage"},"thumbnailUrl":"https:\/\/talkpal.ai\/wp-content\/uploads\/2023\/04\/finland.png","datePublished":"2023-05-14T13:50:21+00:00","dateModified":"2025-12-11T17:07:30+00:00","description":"Nau\u010dte se z\u00e1kladn\u00ed aspekty finsk\u00e9 gramatiky, v\u010detn\u011b p\u00e1d\u016f, sloves, struktury v\u011bt a tip\u016f pro v\u00fdslovnost, kter\u00e9 v\u00e1m pomohou zvl\u00e1dnout finsk\u00fd jazyk.","breadcrumb":{"@id":"https:\/\/talkpal.ai\/cs\/finska-gramatika\/#breadcrumb"},"inLanguage":"cs","potentialAction":[{"@type":"ReadAction","target":["https:\/\/talkpal.ai\/cs\/finska-gramatika\/"]}]},{"@type":"ImageObject","inLanguage":"cs","@id":"https:\/\/talkpal.ai\/cs\/finska-gramatika\/#primaryimage","url":"https:\/\/talkpal.ai\/wp-content\/uploads\/2023\/04\/finland.png","contentUrl":"https:\/\/talkpal.ai\/wp-content\/uploads\/2023\/04\/finland.png","width":512,"height":512,"caption":"TalkPal finland Flag"},{"@type":"BreadcrumbList","@id":"https:\/\/talkpal.ai\/cs\/finska-gramatika\/#breadcrumb","itemListElement":[{"@type":"ListItem","position":1,"name":"Homepage","item":"https:\/\/talkpal.ai\/cs\/"},{"@type":"ListItem","position":2,"name":"Finsk\u00e1 gramatika"}]},{"@type":"WebSite","@id":"https:\/\/talkpal.ai\/cs\/#website","url":"https:\/\/talkpal.ai\/cs\/","name":"Talkpal","description":"AI Language Learning","publisher":{"@id":"https:\/\/talkpal.ai\/cs\/#organization"},"alternateName":"Talkpal AI","potentialAction":[{"@type":"SearchAction","target":{"@type":"EntryPoint","urlTemplate":"https:\/\/talkpal.ai\/cs\/?s={search_term_string}"},"query-input":{"@type":"PropertyValueSpecification","valueRequired":true,"valueName":"search_term_string"}}],"inLanguage":"cs"},{"@type":"Organization","@id":"https:\/\/talkpal.ai\/cs\/#organization","name":"Talkpal, Inc.","alternateName":"Talkpal AI","url":"https:\/\/talkpal.ai\/cs\/","logo":{"@type":"ImageObject","inLanguage":"cs","@id":"https:\/\/talkpal.ai\/cs\/#\/schema\/logo\/image\/","url":"https:\/\/talkpal.ai\/wp-content\/uploads\/2024\/03\/Talkpal-Logo-Icon.png","contentUrl":"https:\/\/talkpal.ai\/wp-content\/uploads\/2024\/03\/Talkpal-Logo-Icon.png","width":2880,"height":2880,"caption":"Talkpal, Inc."},"image":{"@id":"https:\/\/talkpal.ai\/cs\/#\/schema\/logo\/image\/"},"sameAs":["https:\/\/www.facebook.com\/profile.php?id=100090733639311","https:\/\/x.com\/talkpalai","https:\/\/www.linkedin.com\/company\/talkpal\/","https:\/\/www.youtube.com\/@TalkPal\/","https:\/\/www.tiktok.com\/@talkpal","https:\/\/www.instagram.com\/talkpal_ai\/","https:\/\/www.crunchbase.com\/organization\/talkpal-9cde","https:\/\/www.g2.com\/products\/talkpal-for-business\/","https:\/\/www.trustpilot.com\/review\/talkpal.ai","https:\/\/www.capterra.com\/p\/10006800\/TalkPal\/"],"description":"Talkpal is a language learning web and mobile education app, powered by the latest AI technologies, that provides engaging experiences to its customers in many different languages to help them improve their language skills. Users can chat about unlimited amount of topics with the app and use other modes to practice their language learning.","email":"support@talkpal.ai","legalName":"Talkpal, Inc.","foundingDate":"2023-04-03","duns":"118989042","numberOfEmployees":{"@type":"QuantitativeValue","minValue":"11","maxValue":"50"},"publishingPrinciples":"https:\/\/talkpal.ai\/publishing-principles\/","actionableFeedbackPolicy":"https:\/\/talkpal.ai\/actionable-feedback-policy\/","correctionsPolicy":"https:\/\/talkpal.ai\/corrections-policy\/","ethicsPolicy":"https:\/\/talkpal.ai\/ethics-policy\/","diversityPolicy":"https:\/\/talkpal.ai\/diversity-policy\/","diversityStaffingReport":"https:\/\/talkpal.ai\/diversity-policy\/"}]}},"_links":{"self":[{"href":"https:\/\/talkpal.ai\/cs\/wp-json\/wp\/v2\/pages\/129150","targetHints":{"allow":["GET"]}}],"collection":[{"href":"https:\/\/talkpal.ai\/cs\/wp-json\/wp\/v2\/pages"}],"about":[{"href":"https:\/\/talkpal.ai\/cs\/wp-json\/wp\/v2\/types\/page"}],"author":[{"embeddable":true,"href":"https:\/\/talkpal.ai\/cs\/wp-json\/wp\/v2\/users\/1"}],"replies":[{"embeddable":true,"href":"https:\/\/talkpal.ai\/cs\/wp-json\/wp\/v2\/comments?post=129150"}],"version-history":[{"count":0,"href":"https:\/\/talkpal.ai\/cs\/wp-json\/wp\/v2\/pages\/129150\/revisions"}],"wp:featuredmedia":[{"embeddable":true,"href":"https:\/\/talkpal.ai\/cs\/wp-json\/wp\/v2\/media\/106620"}],"wp:attachment":[{"href":"https:\/\/talkpal.ai\/cs\/wp-json\/wp\/v2\/media?parent=129150"}],"curies":[{"name":"wp","href":"https:\/\/api.w.org\/{rel}","templated":true}]}}