{"id":128818,"date":"2023-05-14T13:49:38","date_gmt":"2023-05-14T13:49:38","guid":{"rendered":"http:\/\/talkpal.ai\/holandska-gramatika\/"},"modified":"2025-12-11T17:04:17","modified_gmt":"2025-12-11T17:04:17","slug":"holandska-gramatika","status":"publish","type":"page","link":"https:\/\/talkpal.ai\/cs\/holandska-gramatika\/","title":{"rendered":"Holandsk\u00e1 gramatika"},"content":{"rendered":"\r\n\r\n\r\n<section class=\"languageChallengeSection\">\r\n    <div class=\"languageInfoWrapper\">\r\n        \r\n        <h1>Holandsk\u00e1 gramatika<\/h1>\r\n        <p>Prozkoumejte z\u00e1klady nizozemsk\u00e9ho jazyka a nau\u010dte se jeho z\u00e1kladn\u00ed gramatick\u00e1 pravidla. Zvl\u00e1dnut\u00ed nizozemsk\u00e9 gramatiky v\u00e1m pom\u016f\u017ee efektivn\u011b komunikovat a z\u00edskat hlub\u0161\u00ed vhled do nizozemsk\u00e9 kultury. Za\u010dn\u011bte se u\u010dit nizozemskou gramatiku je\u0161t\u011b dnes a ud\u011blejte prvn\u00ed krok k plynulosti!\n<\/p>\r\n\r\n                            <a class=\"getStartedHidden\" href=\"https:\/\/app.talkpal.ai\/cs\/signup?lng=\">Za\u010dni<\/a>\r\n        \r\n    <\/div>\r\n\r\n    <figure>\r\n    <img decoding=\"async\" width=\"768\" height=\"768\" src=\"https:\/\/talkpal.ai\/wp-content\/uploads\/2023\/06\/Dutch-768x768.png\" class=\"languageImage no-lazy\" alt=\"Developing skills through language learning\" fetchpriority=\"high\" sizes=\"(max-width: 768px) 150px, 768px\" srcset=\"https:\/\/talkpal.ai\/wp-content\/uploads\/2023\/06\/Dutch-768x768.png 768w, https:\/\/talkpal.ai\/wp-content\/uploads\/2023\/06\/Dutch-300x300.png 300w\" \/>\r\n    \r\n\r\n    <\/figure>\r\n\r\n            <a class=\"getStartedVisible\" href=\"https:\/\/app.talkpal.ai\/cs\/signup?lng=\">Za\u010dni<\/a>\r\n    \r\n<\/section>\r\n<section class=\"promotionalBanner\">\r\n    <p class=\"promotionalText\">Nejefektivn\u011bj\u0161\u00ed zp\u016fsob, jak se nau\u010dit jazyk<\/p>\r\n    <a class=\"promotionalLink\" href=\"https:\/\/app.talkpal.ai\/cs\/signup?lng=\">Vyzkou\u0161ejte Talkpal zdarma<\/a>\r\n<\/section>\n<div class=\"wp-block-group pageContainerStyle\"><div class=\"wp-block-group__inner-container is-layout-constrained wp-block-group-is-layout-constrained\">\n<h2 class=\"wp-block-heading\" id=\"h-dutch-grammar-master-the-mechanics-of-the-dutch-language\">Holandsk\u00e1 gramatika: Ovl\u00e1dn\u011bte mechaniku holandsk\u00e9ho jazyka<\/h2>\n\n\n\n<p>Pokud jste se rozhodli nau\u010dit se nizozemsky, \u010dek\u00e1 v\u00e1s vzru\u0161uj\u00edc\u00ed j\u00edzda! Nizozem\u0161tina s v\u00edce ne\u017e 23 miliony mluv\u010d\u00edch po cel\u00e9m sv\u011bt\u011b je fantastick\u00fdm jazykem, kter\u00fd pos\u00edl\u00ed va\u0161i jazykovou zdatnost a roz\u0161\u00ed\u0159\u00ed va\u0161e obzory. Mo\u017en\u00e1 jste sly\u0161eli \u0161eptandu o slo\u017eitosti holandsk\u00e9 gramatiky, ale nebojte se! Tento \u010dl\u00e1nek slou\u017e\u00ed jako p\u0159\u00e1telsk\u00fd pr\u016fvodce pro za\u010d\u00e1te\u010dn\u00edky, kter\u00fd z\u00e1bavn\u00fdm a z\u00e1rove\u0148 srozumiteln\u00fdm zp\u016fsobem rozebere nizozemskou gramatiku.<\/p>\n\n\n\n<h3 class=\"wp-block-heading\" id=\"h-1-the-pillar-of-dutch-grammar-word-order\">1. Pil\u00ed\u0159 nizozemsk\u00e9 gramatiky: slovosled<\/h3>\n\n\n\n<p>Nizozemsk\u00e1 <a href=\"https:\/\/talkpal.ai\/sq\/gramatika\/\">gramatika<\/a> se do zna\u010dn\u00e9 m\u00edry op\u00edr\u00e1 o slovosled. Obecn\u011b m\u00e1 strukturu &#8222;subjekt-sloveso-objekt&#8220; podobn\u011b jako <a href=\"https:\/\/talkpal.ai\/learn-english-with-ai\/\">angli\u010dtina<\/a>. Nizozem\u0161tina m\u00e1 v\u0161ak jedine\u010dnou vlastnost: slovosled Verb Second (V2). Ve v\u011bt\u011b s v\u00edce ne\u017e jedn\u00edm slovesem se druh\u00e9 sloveso posune na konec. Nap\u0159\u00edklad:<\/p>\n\n\n\n<p><a href=\"https:\/\/talkpal.ai\/locations\/learn-english-in-reading-2\/\">English<\/a>: Dneska mus\u00edm do pr\u00e1ce.<\/p>\n\n\n\n<p>Holandsky: Ik moet vandaag werken. (doslova: &#8222;Dnes mus\u00edm pracovat.&#8220;)<\/p>\n\n\n\n<p>Zvl\u00e1dnut\u00ed slovosledu V2 je p\u0159i v\u00fduce nizozemsk\u00e9 gramatiky z\u00e1sadn\u00ed.<\/p>\n\n\n\n<h3 class=\"wp-block-heading\" id=\"h-2-get-to-know-your-articles\">2. Seznamte se se sv\u00fdmi \u010dl\u00e1nky<\/h3>\n\n\n\n<p>Nizozem\u0161tina m\u00e1 dva ur\u010dit\u00e9 \u010dleny (&#8222;de&#8220; a &#8222;het&#8220;) a neur\u010dit\u00fd \u010dlen (&#8222;een&#8220;). Volba mezi dv\u011bma ur\u010dit\u00fdmi \u010dleny m\u016f\u017ee b\u00fdt slo\u017eit\u00e1, proto\u017ee neexistuje \u017e\u00e1dn\u00e9 konkr\u00e9tn\u00ed pravidlo, kter\u00e9 by bylo t\u0159eba dodr\u017eovat. Jako za\u010d\u00e1te\u010dn\u00edk se je nejl\u00e9pe nau\u010d\u00edte prax\u00ed a kontextem. Nap\u0159\u00edklad:<\/p>\n\n\n\n<p>De man &#8211; Mu\u017e<\/p>\n\n\n\n<p>Het meisje &#8211; D\u00edvka<\/p>\n\n\n\n<p>Een hond &#8211; Pes<\/p>\n\n\n\n<h3 class=\"wp-block-heading\" id=\"h-3-the-dance-of-dutch-conjugations\">3. Tanec holandsk\u00fdch \u010dasov\u00e1n\u00ed<\/h3>\n\n\n\n<p>Stejn\u011b jako angli\u010dtina i nizozemsk\u00e1 slovesa m\u011bn\u00ed tvar, aby vyj\u00e1d\u0159ila \u010das a n\u00e1ladu. V nizozem\u0161tin\u011b existuj\u00ed t\u0159i z\u00e1kladn\u00ed skupiny \u010dasov\u00e1n\u00ed sloves: slab\u00e1 slovesa, siln\u00e1 slovesa a nepravideln\u00e1 slovesa.<\/p>\n\n\n\n<p>Slab\u00e1 slovesa se \u0159\u00edd\u00ed pevn\u011b dan\u00fdmi pravidly \u010dasov\u00e1n\u00ed, tak\u017ee je pom\u011brn\u011b snadn\u00e9 se je nau\u010dit.  <\/p>\n\n\n\n<p>P\u0159\u00edklad (p\u0159\u00edtomn\u00fd \u010das): Ik werk, jij werkt, hij\/zij\/u werkt, wij\/jullie\/zij werken<\/p>\n\n\n\n<p>Siln\u00e1 slovesa zahrnuj\u00ed zm\u011bny samohl\u00e1sek, co\u017e \u010dasto vede studenty k tomu, aby si je zapamatovali jednotliv\u011b.<\/p>\n\n\n\n<p>P\u0159\u00edklad (p\u0159\u00edtomn\u00fd \u010das): Ik zing, jij zingt, hij\/zij\/u zingt, wij\/jullie\/zij zingen<\/p>\n\n\n\n<p>Nepravideln\u00e1 slovesa, jak u\u017e jejich n\u00e1zev napov\u00edd\u00e1, se ne\u0159\u00edd\u00ed \u017e\u00e1dn\u00fdm ust\u00e1len\u00fdm vzorcem \u010dasov\u00e1n\u00ed a je t\u0159eba se je nau\u010dit samostatn\u011b.<\/p>\n\n\n\n<p>P\u0159\u00edklad (p\u0159\u00edtomn\u00fd \u010das): Ik ben, jij bent, hij\/zij\/u is, wij\/jullie\/zij zijn<\/p>\n\n\n\n<h3 class=\"wp-block-heading\" id=\"h-4-a-flair-for-pronouns\">4. Cit pro z\u00e1jmena<\/h3>\n\n\n\n<p>Z\u00e1jmena v nizozemsk\u00e9 gramatice nahrazuj\u00ed podstatn\u00e1 jm\u00e9na a jsou nezbytn\u00e1 pro to, aby byla va\u0161e \u0159e\u010d dynami\u010dt\u011bj\u0161\u00ed a plynulej\u0161\u00ed. Existuj\u00ed osobn\u00ed z\u00e1jmena, p\u0159ivlast\u0148ovac\u00ed z\u00e1jmena, ukazovac\u00ed z\u00e1jmena a zvratn\u00e1 z\u00e1jmena. Pro za\u010d\u00e1te\u010dn\u00edka je z\u00e1sadn\u00ed porozum\u011bt osobn\u00edm a p\u0159ivlast\u0148ovac\u00edm z\u00e1jmen\u016fm.<\/p>\n\n\n\n<p>Osobn\u00ed z\u00e1jmena: ik (j\u00e1), jij\/je (ty), hij\/zij\/ze (on\/ona), wij\/we (my), jullie (vy v\u0161ichni), zij\/ze (oni)<\/p>\n\n\n\n<p>P\u0159ivlast\u0148ovac\u00ed z\u00e1jmena: mijn (m\u016fj), jouw\/je (tv\u016fj), zijn\/haar (jeho\/jej\u00ed), ons\/onze (n\u00e1\u0161), jullie (tv\u016fj), hun\/hen (jejich)<\/p>\n\n\n\n<h3 class=\"wp-block-heading\" id=\"h-5-cases-no-more-mostly\">5. P\u0159\u00edpady ji\u017e \u017e\u00e1dn\u00e9 (v\u011bt\u0161inou)<\/h3>\n\n\n\n<p>Na rozd\u00edl od n\u011bm\u010diny ji\u017e nizozem\u0161tina nepou\u017e\u00edv\u00e1 p\u00e1dov\u00fd syst\u00e9m v ka\u017edodenn\u00edm \u017eivot\u011b, co\u017e poskytuje ur\u010ditou \u00falevu od jazykov\u00fdch p\u0159ek\u00e1\u017eek. Jedinou v\u00fdjimkou jsou nizozemsk\u00e9 varianty slov \u201ewho\u201c a \u201ewhom\u201c (wie a wie) a n\u011bkolik ust\u00e1len\u00fdch v\u00fdraz\u016f (nap\u0159. te <a href=\"https:\/\/talkpal.ai\/locations\/learn-english-in-allen\/\">allen<\/a> tijde, co\u017e znamen\u00e1 \u201epo celou dobu\u201c).  <\/p>\n\n\n\n<p>Blahop\u0159ejeme! U\u010dinili jste prvn\u00ed kroky ke zvl\u00e1dnut\u00ed nizozemsk\u00e9 gramatiky. Nezapome\u0148te, \u017ee kl\u00ed\u010dem k \u00fasp\u011bchu je praxe, a proto nev\u00e1hejte prohlubovat znalosti, komunikovat s rodil\u00fdmi mluv\u010d\u00edmi a budovat si pevn\u00e9 z\u00e1klady. Veel saccces! (Hodn\u011b \u0161t\u011bst\u00ed!)<\/p>\n<\/div><\/div>\n\r\n<section class=\"learnNavigationSection\">\r\n            \r\n        <a href=\"https:\/\/talkpal.ai\/cs\/naucte-se-holandsky\/\">\r\n            <div class=\"learnNavigationWrapper\">\r\n                <div class=\"learnNavigationContent\">\r\n                    <img decoding=\"async\" src=\"https:\/\/talkpal.ai\/wp-content\/uploads\/2024\/08\/Dutch.jpg\" alt=\"Netherlands Flag\">\r\n                    <div>\r\n                        <h4>O nizozemsk\u00e9m vzd\u011bl\u00e1v\u00e1n\u00ed<\/h4>\r\n                        <p>Zjist\u011bte v\u0161e o holandsk\u00e9 gramatice.<\/p>\r\n                    <\/div>\r\n                <\/div>\r\n            <\/div>\r\n        <\/a>\r\n\r\n        \r\n        <a href=\"https:\/\/talkpal.ai\/cs\/cviceni-z-nizozemske-gramatiky\/\">\r\n            <div class=\"learnNavigationWrapper\">\r\n                <div class=\"learnNavigationContent\">\r\n                    <img decoding=\"async\" src=\"https:\/\/talkpal.ai\/wp-content\/uploads\/2024\/08\/Dutch.jpg\" alt=\"Netherlands Flag\">\r\n                    <div>\r\n                        <h4>Cvi\u010den\u00ed z nizozemsk\u00e9 gramatiky<\/h4>\r\n                        <p>Procvi\u010dte si nizozemskou gramatiku.<\/p>\r\n                    <\/div>\r\n                <\/div>\r\n            <\/div>\r\n        <\/a>\r\n\r\n        \r\n        <a href=\"https:\/\/talkpal.ai\/vocabulary_language\/dutch\/\">\r\n            <div class=\"learnNavigationWrapper\">\r\n                <div class=\"learnNavigationContent\">\r\n                    <img decoding=\"async\" src=\"https:\/\/talkpal.ai\/wp-content\/uploads\/2024\/08\/Dutch.jpg\" alt=\"Netherlands Flag\">\r\n                    <div>\r\n                        <h4>Nizozemsk\u00e1 slovn\u00ed z\u00e1soba<\/h4>\r\n                        <p>Roz\u0161i\u0159te si slovn\u00ed z\u00e1sobu nizozem\u0161tiny.<\/p>\r\n                    <\/div>\r\n                <\/div>\r\n            <\/div>\r\n        <\/a>\r\n\r\n            <\/section>","protected":false},"excerpt":{"rendered":"<p>Holandsk\u00e1 gramatika: Ovl\u00e1dn\u011bte mechaniku holandsk\u00e9ho jazyka Pokud jste se rozhodli nau\u010dit se nizozemsky, \u010dek\u00e1 v\u00e1s vzru\u0161uj\u00edc\u00ed j\u00edzda! Nizozem\u0161tina s v\u00edce ne\u017e 23 miliony mluv\u010d\u00edch po cel\u00e9m sv\u011bt\u011b je fantastick\u00fdm jazykem, kter\u00fd pos\u00edl\u00ed va\u0161i jazykovou zdatnost a roz\u0161\u00ed\u0159\u00ed va\u0161e obzory. Mo\u017en\u00e1 jste sly\u0161eli \u0161eptandu o slo\u017eitosti holandsk\u00e9 gramatiky, ale nebojte se! Tento \u010dl\u00e1nek slou\u017e\u00ed jako p\u0159\u00e1telsk\u00fd [&hellip;]<\/p>\n","protected":false},"author":1,"featured_media":106303,"parent":0,"menu_order":0,"comment_status":"closed","ping_status":"closed","template":"LearningContentPage.php","meta":{"_acf_changed":false,"footnotes":""},"class_list":["post-128818","page","type-page","status-publish","has-post-thumbnail","hentry"],"acf":[],"yoast_head":"<!-- This site is optimized with the Yoast SEO Premium plugin v27.2 (Yoast SEO v27.2) - https:\/\/yoast.com\/product\/yoast-seo-premium-wordpress\/ -->\n<title>Holandsk\u00e1 gramatika - Talkpal<\/title>\n<meta name=\"description\" content=\"Zvl\u00e1dn\u011bte nizozemskou gramatiku s Talkpal, v\u00e1\u0161 jazykov\u00fd tutor s um\u011blou inteligenc\u00ed. Z\u00edskejte p\u0159\u00edstup k jasn\u00fdm vysv\u011btlen\u00edm, praktick\u00fdm p\u0159\u00edklad\u016fm a interaktivn\u00edm cvi\u010den\u00edm!\" \/>\n<meta name=\"robots\" content=\"index, follow, max-snippet:-1, max-image-preview:large, max-video-preview:-1\" \/>\n<link rel=\"canonical\" href=\"https:\/\/talkpal.ai\/cs\/holandska-gramatika\/\" \/>\n<meta property=\"og:locale\" content=\"cs_CZ\" \/>\n<meta property=\"og:type\" content=\"article\" \/>\n<meta property=\"og:title\" content=\"Holandsk\u00e1 gramatika\" \/>\n<meta property=\"og:description\" content=\"Holandsk\u00e1 gramatika: Ovl\u00e1dn\u011bte mechaniku holandsk\u00e9ho jazyka Pokud jste se rozhodli nau\u010dit se nizozemsky, \u010dek\u00e1 v\u00e1s vzru\u0161uj\u00edc\u00ed j\u00edzda! Nizozem\u0161tina s v\u00edce\" \/>\n<meta property=\"og:url\" content=\"https:\/\/talkpal.ai\/cs\/holandska-gramatika\/\" \/>\n<meta property=\"og:site_name\" content=\"Talkpal\" \/>\n<meta property=\"article:publisher\" content=\"https:\/\/www.facebook.com\/profile.php?id=100090733639311\" \/>\n<meta property=\"article:modified_time\" content=\"2025-12-11T17:04:17+00:00\" \/>\n<meta property=\"og:image\" content=\"https:\/\/talkpal.ai\/wp-content\/uploads\/2023\/04\/netherlands-dutch.png\" \/>\n\t<meta property=\"og:image:width\" content=\"512\" \/>\n\t<meta property=\"og:image:height\" content=\"512\" \/>\n\t<meta property=\"og:image:type\" content=\"image\/png\" \/>\n<meta name=\"twitter:card\" content=\"summary_large_image\" \/>\n<meta name=\"twitter:site\" content=\"@talkpalai\" \/>\n<meta name=\"twitter:label1\" content=\"Odhadovan\u00e1 doba \u010dten\u00ed\" \/>\n\t<meta name=\"twitter:data1\" content=\"3 minuty\" \/>\n<script type=\"application\/ld+json\" class=\"yoast-schema-graph\">{\"@context\":\"https:\/\/schema.org\",\"@graph\":[{\"@type\":\"WebPage\",\"@id\":\"https:\/\/talkpal.ai\/cs\/holandska-gramatika\/\",\"url\":\"https:\/\/talkpal.ai\/cs\/holandska-gramatika\/\",\"name\":\"Holandsk\u00e1 gramatika - Talkpal\",\"isPartOf\":{\"@id\":\"https:\/\/talkpal.ai\/cs\/#website\"},\"primaryImageOfPage\":{\"@id\":\"https:\/\/talkpal.ai\/cs\/holandska-gramatika\/#primaryimage\"},\"image\":{\"@id\":\"https:\/\/talkpal.ai\/cs\/holandska-gramatika\/#primaryimage\"},\"thumbnailUrl\":\"https:\/\/talkpal.ai\/wp-content\/uploads\/2023\/04\/netherlands-dutch.png\",\"datePublished\":\"2023-05-14T13:49:38+00:00\",\"dateModified\":\"2025-12-11T17:04:17+00:00\",\"description\":\"Zvl\u00e1dn\u011bte nizozemskou gramatiku s Talkpal, v\u00e1\u0161 jazykov\u00fd tutor s um\u011blou inteligenc\u00ed. Z\u00edskejte p\u0159\u00edstup k jasn\u00fdm vysv\u011btlen\u00edm, praktick\u00fdm p\u0159\u00edklad\u016fm a interaktivn\u00edm cvi\u010den\u00edm!\",\"breadcrumb\":{\"@id\":\"https:\/\/talkpal.ai\/cs\/holandska-gramatika\/#breadcrumb\"},\"inLanguage\":\"cs\",\"potentialAction\":[{\"@type\":\"ReadAction\",\"target\":[\"https:\/\/talkpal.ai\/cs\/holandska-gramatika\/\"]}]},{\"@type\":\"ImageObject\",\"inLanguage\":\"cs\",\"@id\":\"https:\/\/talkpal.ai\/cs\/holandska-gramatika\/#primaryimage\",\"url\":\"https:\/\/talkpal.ai\/wp-content\/uploads\/2023\/04\/netherlands-dutch.png\",\"contentUrl\":\"https:\/\/talkpal.ai\/wp-content\/uploads\/2023\/04\/netherlands-dutch.png\",\"width\":512,\"height\":512},{\"@type\":\"BreadcrumbList\",\"@id\":\"https:\/\/talkpal.ai\/cs\/holandska-gramatika\/#breadcrumb\",\"itemListElement\":[{\"@type\":\"ListItem\",\"position\":1,\"name\":\"Homepage\",\"item\":\"https:\/\/talkpal.ai\/cs\/\"},{\"@type\":\"ListItem\",\"position\":2,\"name\":\"Holandsk\u00e1 gramatika\"}]},{\"@type\":\"WebSite\",\"@id\":\"https:\/\/talkpal.ai\/cs\/#website\",\"url\":\"https:\/\/talkpal.ai\/cs\/\",\"name\":\"Talkpal\",\"description\":\"AI Language Learning\",\"publisher\":{\"@id\":\"https:\/\/talkpal.ai\/cs\/#organization\"},\"alternateName\":\"Talkpal AI\",\"potentialAction\":[{\"@type\":\"SearchAction\",\"target\":{\"@type\":\"EntryPoint\",\"urlTemplate\":\"https:\/\/talkpal.ai\/cs\/?s={search_term_string}\"},\"query-input\":{\"@type\":\"PropertyValueSpecification\",\"valueRequired\":true,\"valueName\":\"search_term_string\"}}],\"inLanguage\":\"cs\"},{\"@type\":\"Organization\",\"@id\":\"https:\/\/talkpal.ai\/cs\/#organization\",\"name\":\"Talkpal, Inc.\",\"alternateName\":\"Talkpal AI\",\"url\":\"https:\/\/talkpal.ai\/cs\/\",\"logo\":{\"@type\":\"ImageObject\",\"inLanguage\":\"cs\",\"@id\":\"https:\/\/talkpal.ai\/cs\/#\/schema\/logo\/image\/\",\"url\":\"https:\/\/talkpal.ai\/wp-content\/uploads\/2024\/03\/Talkpal-Logo-Icon.png\",\"contentUrl\":\"https:\/\/talkpal.ai\/wp-content\/uploads\/2024\/03\/Talkpal-Logo-Icon.png\",\"width\":2880,\"height\":2880,\"caption\":\"Talkpal, Inc.\"},\"image\":{\"@id\":\"https:\/\/talkpal.ai\/cs\/#\/schema\/logo\/image\/\"},\"sameAs\":[\"https:\/\/www.facebook.com\/profile.php?id=100090733639311\",\"https:\/\/x.com\/talkpalai\",\"https:\/\/www.linkedin.com\/company\/talkpal\/\",\"https:\/\/www.youtube.com\/@TalkPal\/\",\"https:\/\/www.tiktok.com\/@talkpal\",\"https:\/\/www.instagram.com\/talkpal_ai\/\",\"https:\/\/www.crunchbase.com\/organization\/talkpal-9cde\",\"https:\/\/www.g2.com\/products\/talkpal-for-business\/\",\"https:\/\/www.trustpilot.com\/review\/talkpal.ai\",\"https:\/\/www.capterra.com\/p\/10006800\/TalkPal\/\"],\"description\":\"Talkpal is a language learning web and mobile education app, powered by the latest AI technologies, that provides engaging experiences to its customers in many different languages to help them improve their language skills. Users can chat about unlimited amount of topics with the app and use other modes to practice their language learning.\",\"email\":\"support@talkpal.ai\",\"legalName\":\"Talkpal, Inc.\",\"foundingDate\":\"2023-04-03\",\"duns\":\"118989042\",\"numberOfEmployees\":{\"@type\":\"QuantitativeValue\",\"minValue\":\"11\",\"maxValue\":\"50\"},\"publishingPrinciples\":\"https:\/\/talkpal.ai\/publishing-principles\/\",\"actionableFeedbackPolicy\":\"https:\/\/talkpal.ai\/actionable-feedback-policy\/\",\"correctionsPolicy\":\"https:\/\/talkpal.ai\/corrections-policy\/\",\"ethicsPolicy\":\"https:\/\/talkpal.ai\/ethics-policy\/\",\"diversityPolicy\":\"https:\/\/talkpal.ai\/diversity-policy\/\",\"diversityStaffingReport\":\"https:\/\/talkpal.ai\/diversity-policy\/\"}]}<\/script>\n<!-- \/ Yoast SEO Premium plugin. -->","yoast_head_json":{"title":"Holandsk\u00e1 gramatika - Talkpal","description":"Zvl\u00e1dn\u011bte nizozemskou gramatiku s Talkpal, v\u00e1\u0161 jazykov\u00fd tutor s um\u011blou inteligenc\u00ed. Z\u00edskejte p\u0159\u00edstup k jasn\u00fdm vysv\u011btlen\u00edm, praktick\u00fdm p\u0159\u00edklad\u016fm a interaktivn\u00edm cvi\u010den\u00edm!","robots":{"index":"index","follow":"follow","max-snippet":"max-snippet:-1","max-image-preview":"max-image-preview:large","max-video-preview":"max-video-preview:-1"},"canonical":"https:\/\/talkpal.ai\/cs\/holandska-gramatika\/","og_locale":"cs_CZ","og_type":"article","og_title":"Holandsk\u00e1 gramatika","og_description":"Holandsk\u00e1 gramatika: Ovl\u00e1dn\u011bte mechaniku holandsk\u00e9ho jazyka Pokud jste se rozhodli nau\u010dit se nizozemsky, \u010dek\u00e1 v\u00e1s vzru\u0161uj\u00edc\u00ed j\u00edzda! Nizozem\u0161tina s v\u00edce","og_url":"https:\/\/talkpal.ai\/cs\/holandska-gramatika\/","og_site_name":"Talkpal","article_publisher":"https:\/\/www.facebook.com\/profile.php?id=100090733639311","article_modified_time":"2025-12-11T17:04:17+00:00","og_image":[{"width":512,"height":512,"url":"https:\/\/talkpal.ai\/wp-content\/uploads\/2023\/04\/netherlands-dutch.png","type":"image\/png"}],"twitter_card":"summary_large_image","twitter_site":"@talkpalai","twitter_misc":{"Odhadovan\u00e1 doba \u010dten\u00ed":"3 minuty"},"schema":{"@context":"https:\/\/schema.org","@graph":[{"@type":"WebPage","@id":"https:\/\/talkpal.ai\/cs\/holandska-gramatika\/","url":"https:\/\/talkpal.ai\/cs\/holandska-gramatika\/","name":"Holandsk\u00e1 gramatika - Talkpal","isPartOf":{"@id":"https:\/\/talkpal.ai\/cs\/#website"},"primaryImageOfPage":{"@id":"https:\/\/talkpal.ai\/cs\/holandska-gramatika\/#primaryimage"},"image":{"@id":"https:\/\/talkpal.ai\/cs\/holandska-gramatika\/#primaryimage"},"thumbnailUrl":"https:\/\/talkpal.ai\/wp-content\/uploads\/2023\/04\/netherlands-dutch.png","datePublished":"2023-05-14T13:49:38+00:00","dateModified":"2025-12-11T17:04:17+00:00","description":"Zvl\u00e1dn\u011bte nizozemskou gramatiku s Talkpal, v\u00e1\u0161 jazykov\u00fd tutor s um\u011blou inteligenc\u00ed. Z\u00edskejte p\u0159\u00edstup k jasn\u00fdm vysv\u011btlen\u00edm, praktick\u00fdm p\u0159\u00edklad\u016fm a interaktivn\u00edm cvi\u010den\u00edm!","breadcrumb":{"@id":"https:\/\/talkpal.ai\/cs\/holandska-gramatika\/#breadcrumb"},"inLanguage":"cs","potentialAction":[{"@type":"ReadAction","target":["https:\/\/talkpal.ai\/cs\/holandska-gramatika\/"]}]},{"@type":"ImageObject","inLanguage":"cs","@id":"https:\/\/talkpal.ai\/cs\/holandska-gramatika\/#primaryimage","url":"https:\/\/talkpal.ai\/wp-content\/uploads\/2023\/04\/netherlands-dutch.png","contentUrl":"https:\/\/talkpal.ai\/wp-content\/uploads\/2023\/04\/netherlands-dutch.png","width":512,"height":512},{"@type":"BreadcrumbList","@id":"https:\/\/talkpal.ai\/cs\/holandska-gramatika\/#breadcrumb","itemListElement":[{"@type":"ListItem","position":1,"name":"Homepage","item":"https:\/\/talkpal.ai\/cs\/"},{"@type":"ListItem","position":2,"name":"Holandsk\u00e1 gramatika"}]},{"@type":"WebSite","@id":"https:\/\/talkpal.ai\/cs\/#website","url":"https:\/\/talkpal.ai\/cs\/","name":"Talkpal","description":"AI Language Learning","publisher":{"@id":"https:\/\/talkpal.ai\/cs\/#organization"},"alternateName":"Talkpal AI","potentialAction":[{"@type":"SearchAction","target":{"@type":"EntryPoint","urlTemplate":"https:\/\/talkpal.ai\/cs\/?s={search_term_string}"},"query-input":{"@type":"PropertyValueSpecification","valueRequired":true,"valueName":"search_term_string"}}],"inLanguage":"cs"},{"@type":"Organization","@id":"https:\/\/talkpal.ai\/cs\/#organization","name":"Talkpal, Inc.","alternateName":"Talkpal AI","url":"https:\/\/talkpal.ai\/cs\/","logo":{"@type":"ImageObject","inLanguage":"cs","@id":"https:\/\/talkpal.ai\/cs\/#\/schema\/logo\/image\/","url":"https:\/\/talkpal.ai\/wp-content\/uploads\/2024\/03\/Talkpal-Logo-Icon.png","contentUrl":"https:\/\/talkpal.ai\/wp-content\/uploads\/2024\/03\/Talkpal-Logo-Icon.png","width":2880,"height":2880,"caption":"Talkpal, Inc."},"image":{"@id":"https:\/\/talkpal.ai\/cs\/#\/schema\/logo\/image\/"},"sameAs":["https:\/\/www.facebook.com\/profile.php?id=100090733639311","https:\/\/x.com\/talkpalai","https:\/\/www.linkedin.com\/company\/talkpal\/","https:\/\/www.youtube.com\/@TalkPal\/","https:\/\/www.tiktok.com\/@talkpal","https:\/\/www.instagram.com\/talkpal_ai\/","https:\/\/www.crunchbase.com\/organization\/talkpal-9cde","https:\/\/www.g2.com\/products\/talkpal-for-business\/","https:\/\/www.trustpilot.com\/review\/talkpal.ai","https:\/\/www.capterra.com\/p\/10006800\/TalkPal\/"],"description":"Talkpal is a language learning web and mobile education app, powered by the latest AI technologies, that provides engaging experiences to its customers in many different languages to help them improve their language skills. Users can chat about unlimited amount of topics with the app and use other modes to practice their language learning.","email":"support@talkpal.ai","legalName":"Talkpal, Inc.","foundingDate":"2023-04-03","duns":"118989042","numberOfEmployees":{"@type":"QuantitativeValue","minValue":"11","maxValue":"50"},"publishingPrinciples":"https:\/\/talkpal.ai\/publishing-principles\/","actionableFeedbackPolicy":"https:\/\/talkpal.ai\/actionable-feedback-policy\/","correctionsPolicy":"https:\/\/talkpal.ai\/corrections-policy\/","ethicsPolicy":"https:\/\/talkpal.ai\/ethics-policy\/","diversityPolicy":"https:\/\/talkpal.ai\/diversity-policy\/","diversityStaffingReport":"https:\/\/talkpal.ai\/diversity-policy\/"}]}},"_links":{"self":[{"href":"https:\/\/talkpal.ai\/cs\/wp-json\/wp\/v2\/pages\/128818","targetHints":{"allow":["GET"]}}],"collection":[{"href":"https:\/\/talkpal.ai\/cs\/wp-json\/wp\/v2\/pages"}],"about":[{"href":"https:\/\/talkpal.ai\/cs\/wp-json\/wp\/v2\/types\/page"}],"author":[{"embeddable":true,"href":"https:\/\/talkpal.ai\/cs\/wp-json\/wp\/v2\/users\/1"}],"replies":[{"embeddable":true,"href":"https:\/\/talkpal.ai\/cs\/wp-json\/wp\/v2\/comments?post=128818"}],"version-history":[{"count":0,"href":"https:\/\/talkpal.ai\/cs\/wp-json\/wp\/v2\/pages\/128818\/revisions"}],"wp:featuredmedia":[{"embeddable":true,"href":"https:\/\/talkpal.ai\/cs\/wp-json\/wp\/v2\/media\/106303"}],"wp:attachment":[{"href":"https:\/\/talkpal.ai\/cs\/wp-json\/wp\/v2\/media?parent=128818"}],"curies":[{"name":"wp","href":"https:\/\/api.w.org\/{rel}","templated":true}]}}