{"id":128347,"date":"2023-05-14T13:48:36","date_gmt":"2023-05-14T13:48:36","guid":{"rendered":"http:\/\/talkpal.ai\/cinska-gramatika\/"},"modified":"2025-06-17T16:40:28","modified_gmt":"2025-06-17T16:40:28","slug":"cinska-gramatika","status":"publish","type":"page","link":"https:\/\/talkpal.ai\/cs\/cinska-gramatika\/","title":{"rendered":"\u010c\u00ednsk\u00e1 gramatika"},"content":{"rendered":"\r\n\r\n\r\n<section class=\"languageChallengeSection\">\r\n    <div class=\"languageInfoWrapper\">\r\n        \r\n        <h1>\u010c\u00ednsk\u00e1 gramatika<\/h1>\r\n        <p>Posiln\u011bte sv\u00e9 znalosti \u010d\u00edn\u0161tiny t\u00edm, \u017ee se nau\u010d\u00edte kl\u00ed\u010dov\u00e9 gramatick\u00e9 struktury a zp\u016fsoby pou\u017eit\u00ed. Za\u010dn\u011bte zlep\u0161ovat svou \u010d\u00ednskou gramatiku je\u0161t\u011b dnes a komunikujte s jistotou!<\/p>\r\n\r\n                            <a class=\"getStartedHidden\" href=\"https:\/\/app.talkpal.ai\/cs\/signup?lng=\">Za\u010dni<\/a>\r\n        \r\n    <\/div>\r\n\r\n    <figure>\r\n    <img decoding=\"async\" width=\"768\" height=\"768\" src=\"https:\/\/talkpal.ai\/wp-content\/uploads\/2023\/06\/chinese-768x768.png\" class=\"languageImage no-lazy\" alt=\"Language learning for flexible communication\" fetchpriority=\"high\" sizes=\"(max-width: 768px) 150px, 768px\" srcset=\"https:\/\/talkpal.ai\/wp-content\/uploads\/2023\/06\/chinese-768x768.png 768w, https:\/\/talkpal.ai\/wp-content\/uploads\/2023\/06\/chinese-300x300.png 300w\" \/>\r\n    \r\n\r\n    <\/figure>\r\n\r\n            <a class=\"getStartedVisible\" href=\"https:\/\/app.talkpal.ai\/cs\/signup?lng=\">Za\u010dni<\/a>\r\n    \r\n<\/section>\r\n<section class=\"promotionalBanner\">\r\n    <p class=\"promotionalText\">Nejefektivn\u011bj\u0161\u00ed <a href=\"https:\/\/talkpal.ai\/best-way-to-learn\/\">zp\u016fsob<\/a>, jak se nau\u010dit jazyk<\/p>\r\n    <a class=\"promotionalLink\" href=\"https:\/\/app.talkpal.ai\/cs\/signup?lng=\">Vyzkou\u0161ejte Talkpal zdarma<\/a>\r\n<\/section>\n<div class=\"wp-block-group pageContainerStyle\"><div class=\"wp-block-group__inner-container is-layout-constrained wp-block-group-is-layout-constrained\">\n<h2 class=\"wp-block-heading\" id=\"h-chinese-grammar-the-key-to-mastering-mandarin\">\u010c\u00ednsk\u00e1 gramatika: Kl\u00ed\u010d ke zvl\u00e1dnut\u00ed mandar\u00edn\u0161tiny<\/h2>\n\n\n\n<p>Jste ambici\u00f3zn\u00ed student jazyk\u016f, kter\u00fd se zam\u011b\u0159il na zvl\u00e1dnut\u00ed mandar\u00edn\u0161tiny? Pokud ano, gratulujeme! Zvl\u00e1dnut\u00ed \u010d\u00edn\u0161tiny je fantastick\u00fd zp\u016fsob, jak roz\u0161\u00ed\u0159it sv\u00e9 glob\u00e1ln\u00ed my\u0161len\u00ed, spojit se s \u0161irokou \u0161k\u00e1lou \u0159e\u010dn\u00edk\u016f a intelektu\u00e1ln\u011b se vyzvat. S 1,2 miliardami rodil\u00fdch mluv\u010d\u00edch a jazykov\u00fdm syst\u00e9mem, kter\u00fd se v\u00fdrazn\u011b li\u0161\u00ed od z\u00e1padn\u00edch jazyk\u016f, se v\u0161ak <a href=\"https:\/\/talkpal.ai\/chinese-grammar\/\">\u010d\u00ednsk\u00e1 gramatika<\/a> m\u016f\u017ee zd\u00e1t docela skli\u010duj\u00edc\u00ed. Nebojte se! P\u0159e\u010dt\u011bte si rychlokurz \u010d\u00ednsk\u00e9 gramatiky pro za\u010d\u00e1te\u010dn\u00edky, kter\u00fd je poutav\u00fd a pou\u010dn\u00fd.<\/p>\n\n\n\n<p><strong>Za prv\u00e9: zapome\u0148te na to, co v\u00edte o evropsk\u00fdch jazyc\u00edch!<\/strong><\/p>\n\n\n\n<p>Jedn\u00edm z hlavn\u00edch d\u016fvod\u016f, pro\u010d se <a href=\"https:\/\/talkpal.ai\/talkpal-discount-for-students\/\">studenti<\/a> jazyk\u016f boj\u00ed \u010d\u00ednsk\u00e9 gramatiky, je to, \u017ee se radik\u00e1ln\u011b li\u0161\u00ed od struktury &#8222;subjekt-sloveso-objekt&#8220;, na kterou jsme zvykl\u00ed v jazyc\u00edch, jako je <a href=\"https:\/\/talkpal.ai\/learn-english-with-ai\/\">angli\u010dtina<\/a>, <a href=\"https:\/\/talkpal.ai\/learn-spanish\/\">\u0161pan\u011bl\u0161tina<\/a> nebo <a href=\"https:\/\/talkpal.ai\/learn-french\/\">francouz\u0161tina<\/a>. Tak se zhluboka nadechn\u011bte a pono\u0159te se do zcela nov\u00e9ho vesm\u00edru jazykov\u00fdch pravidel a pojm\u016f!<\/p>\n\n\n\n<h3 class=\"wp-block-heading\" id=\"h-1-word-order-is-king\">1. Slovosled je kr\u00e1l<\/h3>\n\n\n\n<p>I kdy\u017e v \u010d\u00ednsk\u00e9 gramatice neexistuj\u00ed \u010dasy, \u010dasov\u00e1n\u00ed sloves ani mno\u017en\u00e9 \u010d\u00edslo, spr\u00e1vn\u00e1 struktura v\u011bt je prvo\u0159ad\u00e1. Jak je tedy dosa\u017eeno spr\u00e1vn\u00e9ho slovosledu? Ve v\u011bt\u0161in\u011b p\u0159\u00edpad\u016f jednodu\u0161e postupujte podle vzoru &#8222;podm\u011bt-sloveso-objekt&#8220; (podobn\u011b jako v angli\u010dtin\u011b). Nap\u0159\u00edklad:<\/p>\n\n\n\n<p><a href=\"https:\/\/talkpal.ai\/locations\/learn-english-in-reading-2\/\">English<\/a>: Miluju t\u011b.<br\/><a href=\"https:\/\/talkpal.ai\/learn-chinese\/\">\u010c\u00edn\u0161tina<\/a>: \u6211\u7231\u4f60\u3002 W\u01d2 \u00e0i n\u01d0.<\/p>\n\n\n\n<p>Existuj\u00ed slo\u017eit\u011bj\u0161\u00ed struktury, ale kdy\u017e si vytvo\u0159\u00edte pevn\u00e9 z\u00e1klady, bude snaz\u0161\u00ed je pochopit, kdy\u017e budete postupovat.<\/p>\n\n\n\n<h3 class=\"wp-block-heading\" id=\"h-2-particles-particles-everywhere\">2. \u010c\u00e1stice, \u010d\u00e1stice v\u0161ude!<\/h3>\n\n\n\n<p>V \u010d\u00ednsk\u00e9 gramatice hraj\u00ed \u010d\u00e1stice z\u00e1sadn\u00ed roli p\u0159i p\u0159ed\u00e1v\u00e1n\u00ed v\u00fdznamu. Jednou z nej\u010dast\u011bj\u0161\u00edch \u010d\u00e1stic je &#8222;\u4e86 (le)&#8220;, kter\u00e1 signalizuje dokon\u010denou \u010dinnost. Nap\u0159\u00edklad:<\/p>\n\n\n\n<p>\u6211\u5403\u4e86\u3002W\u01d2 ch\u012b le. &#8211; &#8222;Jedl jsem.&#8220;<\/p>\n\n\n\n<p>Dal\u0161\u00ed \u010dastou \u010d\u00e1stic\u00ed je &#8222;\u5427 (ba)&#8220;, kter\u00e1 m\u011bn\u00ed v\u00fdrok v n\u00e1vrh nebo ot\u00e1zku:<\/p>\n\n\n\n<p>\u8d70\u5427\uff01Z\u01d2u ba! &#8211; &#8222;Jdeme!&#8220;<\/p>\n\n\n\n<p>Pochopen\u00ed funkc\u00ed r\u016fzn\u00fdch \u010d\u00e1stic je kl\u00ed\u010dem ke zvl\u00e1dnut\u00ed nuanc\u00ed \u010d\u00ednsk\u00e9 gramatiky.<\/p>\n\n\n\n<h3 class=\"wp-block-heading\" id=\"h-3-measure-words-quality-not-quantity\">3. M\u011b\u0159te slova: kvalita, ne kvantita<\/h3>\n\n\n\n<p>V \u010d\u00edn\u0161tin\u011b nemaj\u00ed podstatn\u00e1 jm\u00e9na mno\u017en\u00e9 \u010d\u00edslo. M\u00edsto toho pou\u017e\u00edvaj\u00ed slova m\u00edry (tak\u00e9 zn\u00e1m\u00e1 jako klasifik\u00e1tory) k vyj\u00e1d\u0159en\u00ed mno\u017estv\u00ed. Taktick\u00e1 slova se p\u0159id\u00e1vaj\u00ed mezi \u010d\u00edslo a podstatn\u00e9 jm\u00e9no. Nap\u0159\u00edklad:<\/p>\n\n\n\n<p>\u4e00\u672c\u4e66 &#8211; Y\u012b b\u011bn <a href=\"https:\/\/talkpal.ai\/locations\/language-courses-in-shu\/\">sh\u016b<\/a> &#8211; &#8222;jedna kniha&#8220;<\/p>\n\n\n\n<p>V\u0161imn\u011bte si, \u017ee se pou\u017e\u00edv\u00e1 \u672c (b\u011bn) jako m\u00edrov\u00e9 slovo pro knihy. R\u016fzn\u00e1 podstatn\u00e1 jm\u00e9na vy\u017eaduj\u00ed r\u016fzn\u00e1 m\u011brov\u00e1 slova, a i kdy\u017e se to m\u016f\u017ee zd\u00e1t zpo\u010d\u00e1tku matouc\u00ed, s prax\u00ed se to stane druhou p\u0159irozenost\u00ed.<\/p>\n\n\n\n<h3 class=\"wp-block-heading\" id=\"h-4-the-magic-of-compound-words\">4. Kouzlo slo\u017een\u00fdch slov<\/h3>\n\n\n\n<p>\u010c\u00edn\u0161tina je pln\u00e1 slo\u017een\u00fdch slov, kter\u00e1 vznikaj\u00ed spojen\u00edm dvou nebo v\u00edce znak\u016f. Nejen, \u017ee to zjednodu\u0161uje u\u010den\u00ed slovn\u00ed z\u00e1soby, ale tak\u00e9 umo\u017e\u0148uje \u017eiv\u00e9 p\u0159edstavy a kontext. Nap\u0159\u00edklad:<\/p>\n\n\n\n<p>\u706b\u8f66 &#8211; Hu\u01d2ch\u0113 &#8211; &#8222;vlak&#8220; (doslova: &#8222;ohniv\u00e9 vozidlo&#8220;)<br\/>\u7535\u8bdd &#8211; Di\u00e0nhu\u00e0 &#8211; &#8222;telefon&#8220; (doslova: &#8222;elektrick\u00e1 \u0159e\u010d&#8220;)<\/p>\n\n\n\n<p>Pochopen\u00edm v\u00fdznamu jednotliv\u00fdch znak\u016f m\u016f\u017eete snadno odvodit v\u00fdznam slo\u017een\u00fdch slov, se kter\u00fdmi jste se dosud nesetkali.<\/p>\n\n\n\n<h3 class=\"wp-block-heading\" id=\"h-5-no-tenses-no-problem\">5. \u017d\u00e1dn\u00e9 \u010dasy? \u017d\u00e1dn\u00fd probl\u00e9m!<\/h3>\n\n\n\n<p>Jedn\u00edm z nejv\u00edce osv\u011b\u017euj\u00edc\u00edch aspekt\u016f \u010d\u00edn\u0161tiny je absence \u010dasov\u00e1n\u00ed sloves pro r\u016fzn\u00e9 \u010dasy. Jak ale vyj\u00e1d\u0159it \u010das? Jednoduch\u00fd! Sta\u010d\u00ed uv\u00e9st slova, kter\u00e1 ozna\u010duj\u00ed \u010dasov\u00fd r\u00e1mec, nap\u0159\u00edklad:<\/p>\n\n\n\n<p>\u6628\u5929 &#8211; Zu\u00f3ti\u0101n &#8211; &#8222;v\u010dera&#8220;<br\/>\u660e\u5929 &#8211; M\u00edngti\u0101n &#8211; &#8222;z\u00edtra&#8220;<\/p>\n\n\n\n<p><strong>Nap\u0159\u00edklad:<\/strong><\/p>\n\n\n\n<p>\u6211\u6628\u5929\u5403\u4e86\u996d\u3002W\u01d2 zu\u00f3ti\u0101n ch\u012b le f\u00e0n. &#8211; &#8222;V\u010dera jsem jedl j\u00eddlo.&#8220;<br\/>\u6211\u660e\u5929\u5403\u996d\u3002W\u01d2 m\u00edngti\u0101n ch\u012b f\u00e0n. &#8211; &#8222;Z\u00edtra budu j\u00edst j\u00eddlo.&#8220;<\/p>\n\n\n\n<p>Blahop\u0159ejeme! Ud\u011blali jste prvn\u00ed kroky ke zvl\u00e1dnut\u00ed \u010d\u00ednsk\u00e9 gramatiky. Pamatujte: cvi\u010den\u00ed d\u011bl\u00e1 mistra. Nevyh\u00fdbejte se proto zkoum\u00e1n\u00ed nov\u00fdch gramatick\u00fdch struktur, konverzaci s rodil\u00fdmi mluv\u010d\u00edmi a upev\u0148ov\u00e1n\u00ed sv\u00fdch z\u00e1klad\u016f. Sv\u011bt mandar\u00edn\u0161tiny na v\u00e1s \u010dek\u00e1 &#8211; \u0161\u0165astn\u00e9 u\u010den\u00ed!<\/p>\n<\/div><\/div>\n\r\n<section class=\"learnNavigationSection\">\r\n            \r\n        <a href=\"https:\/\/talkpal.ai\/cs\/naucte-se-cinsky\/\">\r\n            <div class=\"learnNavigationWrapper\">\r\n                <div class=\"learnNavigationContent\">\r\n                    <img decoding=\"async\" src=\"https:\/\/talkpal.ai\/wp-content\/uploads\/2024\/08\/Chinese.jpg\" alt=\"Chinese Flag\u00a0\">\r\n                    <div>\r\n                        <h4>O u\u010den\u00ed \u010d\u00edn\u0161tiny<\/h4>\r\n                        <p>Zjist\u011bte v\u0161e o \u010d\u00ednsk\u00e9 gramatice.<\/p>\r\n                    <\/div>\r\n                <\/div>\r\n            <\/div>\r\n        <\/a>\r\n\r\n        \r\n        <a href=\"https:\/\/talkpal.ai\/cs\/cviceni-cinske-gramatiky\/\">\r\n            <div class=\"learnNavigationWrapper\">\r\n                <div class=\"learnNavigationContent\">\r\n                    <img decoding=\"async\" src=\"https:\/\/talkpal.ai\/wp-content\/uploads\/2024\/08\/Chinese.jpg\" alt=\"Chinese Flag\u00a0\">\r\n                    <div>\r\n                        <h4>Cvi\u010den\u00ed z \u010d\u00ednsk\u00e9 gramatiky<\/h4>\r\n                        <p>Procvi\u010dte si \u010d\u00ednskou gramatiku.<\/p>\r\n                    <\/div>\r\n                <\/div>\r\n            <\/div>\r\n        <\/a>\r\n\r\n        \r\n        <a href=\"https:\/\/talkpal.ai\/vocabulary_language\/chinese\/\">\r\n            <div class=\"learnNavigationWrapper\">\r\n                <div class=\"learnNavigationContent\">\r\n                    <img decoding=\"async\" src=\"https:\/\/talkpal.ai\/wp-content\/uploads\/2024\/08\/Chinese.jpg\" alt=\"Chinese Flag\u00a0\">\r\n                    <div>\r\n                        <h4>\u010c\u00ednsk\u00e1 slovn\u00ed z\u00e1soba<\/h4>\r\n                        <p>Roz\u0161i\u0159te si slovn\u00ed z\u00e1sobu \u010d\u00edn\u0161tiny.<\/p>\r\n                    <\/div>\r\n                <\/div>\r\n            <\/div>\r\n        <\/a>\r\n\r\n            <\/section>","protected":false},"excerpt":{"rendered":"<p>\u010c\u00ednsk\u00e1 gramatika: Kl\u00ed\u010d ke zvl\u00e1dnut\u00ed mandar\u00edn\u0161tiny Jste ambici\u00f3zn\u00ed student jazyk\u016f, kter\u00fd se zam\u011b\u0159il na zvl\u00e1dnut\u00ed mandar\u00edn\u0161tiny? Pokud ano, gratulujeme! Zvl\u00e1dnut\u00ed \u010d\u00edn\u0161tiny je fantastick\u00fd zp\u016fsob, jak roz\u0161\u00ed\u0159it sv\u00e9 glob\u00e1ln\u00ed my\u0161len\u00ed, spojit se s \u0161irokou \u0161k\u00e1lou \u0159e\u010dn\u00edk\u016f a intelektu\u00e1ln\u011b se vyzvat. S 1,2 miliardami rodil\u00fdch mluv\u010d\u00edch a jazykov\u00fdm syst\u00e9mem, kter\u00fd se v\u00fdrazn\u011b li\u0161\u00ed od z\u00e1padn\u00edch jazyk\u016f, se [&hellip;]<\/p>\n","protected":false},"author":1,"featured_media":106033,"parent":0,"menu_order":0,"comment_status":"closed","ping_status":"closed","template":"LearningContentPage.php","meta":{"_acf_changed":false,"footnotes":""},"class_list":["post-128347","page","type-page","status-publish","has-post-thumbnail","hentry"],"acf":[],"yoast_head":"<!-- This site is optimized with the Yoast SEO Premium plugin v27.2 (Yoast SEO v27.2) - https:\/\/yoast.com\/product\/yoast-seo-premium-wordpress\/ -->\n<title>\u010c\u00ednsk\u00e1 gramatika - Talkpal<\/title>\n<meta name=\"description\" content=\"Odhalte tajemstv\u00ed \u010d\u00ednsk\u00e9 gramatiky a l\u00e9pe pochopte \u010d\u00ednsk\u00fd jazyk a kulturu.\" \/>\n<meta name=\"robots\" content=\"index, follow, max-snippet:-1, max-image-preview:large, max-video-preview:-1\" \/>\n<link rel=\"canonical\" href=\"https:\/\/talkpal.ai\/cs\/cinska-gramatika\/\" \/>\n<meta property=\"og:locale\" content=\"cs_CZ\" \/>\n<meta property=\"og:type\" content=\"article\" \/>\n<meta property=\"og:title\" content=\"\u010c\u00ednsk\u00e1 gramatika\" \/>\n<meta property=\"og:description\" content=\"\u010c\u00ednsk\u00e1 gramatika: Kl\u00ed\u010d ke zvl\u00e1dnut\u00ed mandar\u00edn\u0161tiny Jste ambici\u00f3zn\u00ed student jazyk\u016f, kter\u00fd se zam\u011b\u0159il na zvl\u00e1dnut\u00ed mandar\u00edn\u0161tiny? Pokud ano, gratulujeme!\" \/>\n<meta property=\"og:url\" content=\"https:\/\/talkpal.ai\/cs\/cinska-gramatika\/\" \/>\n<meta property=\"og:site_name\" content=\"Talkpal\" \/>\n<meta property=\"article:publisher\" content=\"https:\/\/www.facebook.com\/profile.php?id=100090733639311\" \/>\n<meta property=\"article:modified_time\" content=\"2025-06-17T16:40:28+00:00\" \/>\n<meta property=\"og:image\" content=\"https:\/\/talkpal.ai\/wp-content\/uploads\/2023\/04\/china.png\" \/>\n\t<meta property=\"og:image:width\" content=\"512\" \/>\n\t<meta property=\"og:image:height\" content=\"512\" \/>\n\t<meta property=\"og:image:type\" content=\"image\/png\" \/>\n<meta name=\"twitter:card\" content=\"summary_large_image\" \/>\n<meta name=\"twitter:site\" content=\"@talkpalai\" \/>\n<meta name=\"twitter:label1\" content=\"Odhadovan\u00e1 doba \u010dten\u00ed\" \/>\n\t<meta name=\"twitter:data1\" content=\"3 minuty\" \/>\n<script type=\"application\/ld+json\" class=\"yoast-schema-graph\">{\"@context\":\"https:\/\/schema.org\",\"@graph\":[{\"@type\":\"WebPage\",\"@id\":\"https:\/\/talkpal.ai\/cs\/cinska-gramatika\/\",\"url\":\"https:\/\/talkpal.ai\/cs\/cinska-gramatika\/\",\"name\":\"\u010c\u00ednsk\u00e1 gramatika - Talkpal\",\"isPartOf\":{\"@id\":\"https:\/\/talkpal.ai\/cs\/#website\"},\"primaryImageOfPage\":{\"@id\":\"https:\/\/talkpal.ai\/cs\/cinska-gramatika\/#primaryimage\"},\"image\":{\"@id\":\"https:\/\/talkpal.ai\/cs\/cinska-gramatika\/#primaryimage\"},\"thumbnailUrl\":\"https:\/\/talkpal.ai\/wp-content\/uploads\/2023\/04\/china.png\",\"datePublished\":\"2023-05-14T13:48:36+00:00\",\"dateModified\":\"2025-06-17T16:40:28+00:00\",\"description\":\"Odhalte tajemstv\u00ed \u010d\u00ednsk\u00e9 gramatiky a l\u00e9pe pochopte \u010d\u00ednsk\u00fd jazyk a kulturu.\",\"breadcrumb\":{\"@id\":\"https:\/\/talkpal.ai\/cs\/cinska-gramatika\/#breadcrumb\"},\"inLanguage\":\"cs\",\"potentialAction\":[{\"@type\":\"ReadAction\",\"target\":[\"https:\/\/talkpal.ai\/cs\/cinska-gramatika\/\"]}]},{\"@type\":\"ImageObject\",\"inLanguage\":\"cs\",\"@id\":\"https:\/\/talkpal.ai\/cs\/cinska-gramatika\/#primaryimage\",\"url\":\"https:\/\/talkpal.ai\/wp-content\/uploads\/2023\/04\/china.png\",\"contentUrl\":\"https:\/\/talkpal.ai\/wp-content\/uploads\/2023\/04\/china.png\",\"width\":512,\"height\":512},{\"@type\":\"BreadcrumbList\",\"@id\":\"https:\/\/talkpal.ai\/cs\/cinska-gramatika\/#breadcrumb\",\"itemListElement\":[{\"@type\":\"ListItem\",\"position\":1,\"name\":\"Homepage\",\"item\":\"https:\/\/talkpal.ai\/cs\/\"},{\"@type\":\"ListItem\",\"position\":2,\"name\":\"\u010c\u00ednsk\u00e1 gramatika\"}]},{\"@type\":\"WebSite\",\"@id\":\"https:\/\/talkpal.ai\/cs\/#website\",\"url\":\"https:\/\/talkpal.ai\/cs\/\",\"name\":\"Talkpal\",\"description\":\"AI Language Learning\",\"publisher\":{\"@id\":\"https:\/\/talkpal.ai\/cs\/#organization\"},\"alternateName\":\"Talkpal AI\",\"potentialAction\":[{\"@type\":\"SearchAction\",\"target\":{\"@type\":\"EntryPoint\",\"urlTemplate\":\"https:\/\/talkpal.ai\/cs\/?s={search_term_string}\"},\"query-input\":{\"@type\":\"PropertyValueSpecification\",\"valueRequired\":true,\"valueName\":\"search_term_string\"}}],\"inLanguage\":\"cs\"},{\"@type\":\"Organization\",\"@id\":\"https:\/\/talkpal.ai\/cs\/#organization\",\"name\":\"Talkpal, Inc.\",\"alternateName\":\"Talkpal AI\",\"url\":\"https:\/\/talkpal.ai\/cs\/\",\"logo\":{\"@type\":\"ImageObject\",\"inLanguage\":\"cs\",\"@id\":\"https:\/\/talkpal.ai\/cs\/#\/schema\/logo\/image\/\",\"url\":\"https:\/\/talkpal.ai\/wp-content\/uploads\/2024\/03\/Talkpal-Logo-Icon.png\",\"contentUrl\":\"https:\/\/talkpal.ai\/wp-content\/uploads\/2024\/03\/Talkpal-Logo-Icon.png\",\"width\":2880,\"height\":2880,\"caption\":\"Talkpal, Inc.\"},\"image\":{\"@id\":\"https:\/\/talkpal.ai\/cs\/#\/schema\/logo\/image\/\"},\"sameAs\":[\"https:\/\/www.facebook.com\/profile.php?id=100090733639311\",\"https:\/\/x.com\/talkpalai\",\"https:\/\/www.linkedin.com\/company\/talkpal\/\",\"https:\/\/www.youtube.com\/@TalkPal\/\",\"https:\/\/www.tiktok.com\/@talkpal\",\"https:\/\/www.instagram.com\/talkpal_ai\/\",\"https:\/\/www.crunchbase.com\/organization\/talkpal-9cde\",\"https:\/\/www.g2.com\/products\/talkpal-for-business\/\",\"https:\/\/www.trustpilot.com\/review\/talkpal.ai\",\"https:\/\/www.capterra.com\/p\/10006800\/TalkPal\/\"],\"description\":\"Talkpal is a language learning web and mobile education app, powered by the latest AI technologies, that provides engaging experiences to its customers in many different languages to help them improve their language skills. Users can chat about unlimited amount of topics with the app and use other modes to practice their language learning.\",\"email\":\"support@talkpal.ai\",\"legalName\":\"Talkpal, Inc.\",\"foundingDate\":\"2023-04-03\",\"duns\":\"118989042\",\"numberOfEmployees\":{\"@type\":\"QuantitativeValue\",\"minValue\":\"11\",\"maxValue\":\"50\"},\"publishingPrinciples\":\"https:\/\/talkpal.ai\/publishing-principles\/\",\"actionableFeedbackPolicy\":\"https:\/\/talkpal.ai\/actionable-feedback-policy\/\",\"correctionsPolicy\":\"https:\/\/talkpal.ai\/corrections-policy\/\",\"ethicsPolicy\":\"https:\/\/talkpal.ai\/ethics-policy\/\",\"diversityPolicy\":\"https:\/\/talkpal.ai\/diversity-policy\/\",\"diversityStaffingReport\":\"https:\/\/talkpal.ai\/diversity-policy\/\"}]}<\/script>\n<!-- \/ Yoast SEO Premium plugin. -->","yoast_head_json":{"title":"\u010c\u00ednsk\u00e1 gramatika - Talkpal","description":"Odhalte tajemstv\u00ed \u010d\u00ednsk\u00e9 gramatiky a l\u00e9pe pochopte \u010d\u00ednsk\u00fd jazyk a kulturu.","robots":{"index":"index","follow":"follow","max-snippet":"max-snippet:-1","max-image-preview":"max-image-preview:large","max-video-preview":"max-video-preview:-1"},"canonical":"https:\/\/talkpal.ai\/cs\/cinska-gramatika\/","og_locale":"cs_CZ","og_type":"article","og_title":"\u010c\u00ednsk\u00e1 gramatika","og_description":"\u010c\u00ednsk\u00e1 gramatika: Kl\u00ed\u010d ke zvl\u00e1dnut\u00ed mandar\u00edn\u0161tiny Jste ambici\u00f3zn\u00ed student jazyk\u016f, kter\u00fd se zam\u011b\u0159il na zvl\u00e1dnut\u00ed mandar\u00edn\u0161tiny? Pokud ano, gratulujeme!","og_url":"https:\/\/talkpal.ai\/cs\/cinska-gramatika\/","og_site_name":"Talkpal","article_publisher":"https:\/\/www.facebook.com\/profile.php?id=100090733639311","article_modified_time":"2025-06-17T16:40:28+00:00","og_image":[{"width":512,"height":512,"url":"https:\/\/talkpal.ai\/wp-content\/uploads\/2023\/04\/china.png","type":"image\/png"}],"twitter_card":"summary_large_image","twitter_site":"@talkpalai","twitter_misc":{"Odhadovan\u00e1 doba \u010dten\u00ed":"3 minuty"},"schema":{"@context":"https:\/\/schema.org","@graph":[{"@type":"WebPage","@id":"https:\/\/talkpal.ai\/cs\/cinska-gramatika\/","url":"https:\/\/talkpal.ai\/cs\/cinska-gramatika\/","name":"\u010c\u00ednsk\u00e1 gramatika - Talkpal","isPartOf":{"@id":"https:\/\/talkpal.ai\/cs\/#website"},"primaryImageOfPage":{"@id":"https:\/\/talkpal.ai\/cs\/cinska-gramatika\/#primaryimage"},"image":{"@id":"https:\/\/talkpal.ai\/cs\/cinska-gramatika\/#primaryimage"},"thumbnailUrl":"https:\/\/talkpal.ai\/wp-content\/uploads\/2023\/04\/china.png","datePublished":"2023-05-14T13:48:36+00:00","dateModified":"2025-06-17T16:40:28+00:00","description":"Odhalte tajemstv\u00ed \u010d\u00ednsk\u00e9 gramatiky a l\u00e9pe pochopte \u010d\u00ednsk\u00fd jazyk a kulturu.","breadcrumb":{"@id":"https:\/\/talkpal.ai\/cs\/cinska-gramatika\/#breadcrumb"},"inLanguage":"cs","potentialAction":[{"@type":"ReadAction","target":["https:\/\/talkpal.ai\/cs\/cinska-gramatika\/"]}]},{"@type":"ImageObject","inLanguage":"cs","@id":"https:\/\/talkpal.ai\/cs\/cinska-gramatika\/#primaryimage","url":"https:\/\/talkpal.ai\/wp-content\/uploads\/2023\/04\/china.png","contentUrl":"https:\/\/talkpal.ai\/wp-content\/uploads\/2023\/04\/china.png","width":512,"height":512},{"@type":"BreadcrumbList","@id":"https:\/\/talkpal.ai\/cs\/cinska-gramatika\/#breadcrumb","itemListElement":[{"@type":"ListItem","position":1,"name":"Homepage","item":"https:\/\/talkpal.ai\/cs\/"},{"@type":"ListItem","position":2,"name":"\u010c\u00ednsk\u00e1 gramatika"}]},{"@type":"WebSite","@id":"https:\/\/talkpal.ai\/cs\/#website","url":"https:\/\/talkpal.ai\/cs\/","name":"Talkpal","description":"AI Language Learning","publisher":{"@id":"https:\/\/talkpal.ai\/cs\/#organization"},"alternateName":"Talkpal AI","potentialAction":[{"@type":"SearchAction","target":{"@type":"EntryPoint","urlTemplate":"https:\/\/talkpal.ai\/cs\/?s={search_term_string}"},"query-input":{"@type":"PropertyValueSpecification","valueRequired":true,"valueName":"search_term_string"}}],"inLanguage":"cs"},{"@type":"Organization","@id":"https:\/\/talkpal.ai\/cs\/#organization","name":"Talkpal, Inc.","alternateName":"Talkpal AI","url":"https:\/\/talkpal.ai\/cs\/","logo":{"@type":"ImageObject","inLanguage":"cs","@id":"https:\/\/talkpal.ai\/cs\/#\/schema\/logo\/image\/","url":"https:\/\/talkpal.ai\/wp-content\/uploads\/2024\/03\/Talkpal-Logo-Icon.png","contentUrl":"https:\/\/talkpal.ai\/wp-content\/uploads\/2024\/03\/Talkpal-Logo-Icon.png","width":2880,"height":2880,"caption":"Talkpal, Inc."},"image":{"@id":"https:\/\/talkpal.ai\/cs\/#\/schema\/logo\/image\/"},"sameAs":["https:\/\/www.facebook.com\/profile.php?id=100090733639311","https:\/\/x.com\/talkpalai","https:\/\/www.linkedin.com\/company\/talkpal\/","https:\/\/www.youtube.com\/@TalkPal\/","https:\/\/www.tiktok.com\/@talkpal","https:\/\/www.instagram.com\/talkpal_ai\/","https:\/\/www.crunchbase.com\/organization\/talkpal-9cde","https:\/\/www.g2.com\/products\/talkpal-for-business\/","https:\/\/www.trustpilot.com\/review\/talkpal.ai","https:\/\/www.capterra.com\/p\/10006800\/TalkPal\/"],"description":"Talkpal is a language learning web and mobile education app, powered by the latest AI technologies, that provides engaging experiences to its customers in many different languages to help them improve their language skills. Users can chat about unlimited amount of topics with the app and use other modes to practice their language learning.","email":"support@talkpal.ai","legalName":"Talkpal, Inc.","foundingDate":"2023-04-03","duns":"118989042","numberOfEmployees":{"@type":"QuantitativeValue","minValue":"11","maxValue":"50"},"publishingPrinciples":"https:\/\/talkpal.ai\/publishing-principles\/","actionableFeedbackPolicy":"https:\/\/talkpal.ai\/actionable-feedback-policy\/","correctionsPolicy":"https:\/\/talkpal.ai\/corrections-policy\/","ethicsPolicy":"https:\/\/talkpal.ai\/ethics-policy\/","diversityPolicy":"https:\/\/talkpal.ai\/diversity-policy\/","diversityStaffingReport":"https:\/\/talkpal.ai\/diversity-policy\/"}]}},"_links":{"self":[{"href":"https:\/\/talkpal.ai\/cs\/wp-json\/wp\/v2\/pages\/128347","targetHints":{"allow":["GET"]}}],"collection":[{"href":"https:\/\/talkpal.ai\/cs\/wp-json\/wp\/v2\/pages"}],"about":[{"href":"https:\/\/talkpal.ai\/cs\/wp-json\/wp\/v2\/types\/page"}],"author":[{"embeddable":true,"href":"https:\/\/talkpal.ai\/cs\/wp-json\/wp\/v2\/users\/1"}],"replies":[{"embeddable":true,"href":"https:\/\/talkpal.ai\/cs\/wp-json\/wp\/v2\/comments?post=128347"}],"version-history":[{"count":0,"href":"https:\/\/talkpal.ai\/cs\/wp-json\/wp\/v2\/pages\/128347\/revisions"}],"wp:featuredmedia":[{"embeddable":true,"href":"https:\/\/talkpal.ai\/cs\/wp-json\/wp\/v2\/media\/106033"}],"wp:attachment":[{"href":"https:\/\/talkpal.ai\/cs\/wp-json\/wp\/v2\/media?parent=128347"}],"curies":[{"name":"wp","href":"https:\/\/api.w.org\/{rel}","templated":true}]}}