{"id":127901,"date":"2023-05-14T13:43:38","date_gmt":"2023-05-14T13:43:38","guid":{"rendered":"http:\/\/talkpal.ai\/arabska-gramatika\/"},"modified":"2025-05-21T11:49:08","modified_gmt":"2025-05-21T11:49:08","slug":"arabska-gramatika","status":"publish","type":"page","link":"https:\/\/talkpal.ai\/cs\/arabska-gramatika\/","title":{"rendered":"Arabsk\u00e1 gramatika"},"content":{"rendered":"\r\n\r\n\r\n<section class=\"languageChallengeSection\">\r\n    <div class=\"languageInfoWrapper\">\r\n        \r\n        <h1>Arabsk\u00e1 gramatika<\/h1>\r\n        <p>Zlep\u0161ete sv\u00e9 znalosti arab\u0161tiny prozkoum\u00e1n\u00edm z\u00e1kladn\u00edch gramatick\u00fdch pojm\u016f a jasn\u00fdch vysv\u011btlen\u00ed krok za krokem. Za\u010dn\u011bte nyn\u00ed ovl\u00e1dat arabskou gramatiku a komunikujte s v\u011bt\u0161\u00ed plynulost\u00ed a jistotou!<\/p>\r\n\r\n                            <a class=\"getStartedHidden\" href=\"https:\/\/app.talkpal.ai\/cs\/signup?lng=\">Za\u010dni<\/a>\r\n        \r\n    <\/div>\r\n\r\n    <figure>\r\n    <img decoding=\"async\" width=\"768\" height=\"768\" src=\"https:\/\/talkpal.ai\/wp-content\/uploads\/2023\/06\/arabic-768x768.png\" class=\"languageImage no-lazy\" alt=\"Language learning for linguistic diversity\" fetchpriority=\"high\" sizes=\"(max-width: 768px) 150px, 768px\" srcset=\"https:\/\/talkpal.ai\/wp-content\/uploads\/2023\/06\/arabic-768x768.png 768w, https:\/\/talkpal.ai\/wp-content\/uploads\/2023\/06\/arabic-300x300.png 300w\" \/>\r\n    \r\n\r\n    <\/figure>\r\n\r\n            <a class=\"getStartedVisible\" href=\"https:\/\/app.talkpal.ai\/cs\/signup?lng=\">Za\u010dni<\/a>\r\n    \r\n<\/section>\r\n<section class=\"promotionalBanner\">\r\n    <p class=\"promotionalText\">Nejefektivn\u011bj\u0161\u00ed zp\u016fsob, jak se nau\u010dit jazyk<\/p>\r\n    <a class=\"promotionalLink\" href=\"https:\/\/app.talkpal.ai\/cs\/signup?lng=\">Vyzkou\u0161ejte Talkpal zdarma<\/a>\r\n<\/section>\n<div class=\"wp-block-group pageContainerStyle\"><div class=\"wp-block-group__inner-container is-layout-constrained wp-block-group-is-layout-constrained\">\n<h2 class=\"wp-block-heading\" id=\"h-the-intricacies-of-arabic-grammar-a-journey-through-its-roots-and-beauty\">Slo\u017eitosti arabsk\u00e9 gramatiky: Cesta za jej\u00edmi ko\u0159eny a kr\u00e1sou<\/h2>\n\n\n\n<p><strong>Pamatujete si, kdy jste se poprv\u00e9 za\u010dali u\u010dit anglickou gramatiku?<\/strong>  Zd\u00e1nliv\u011b nekone\u010dn\u00e1 pravidla, v\u00fdjimky a terminologie v\u00e1s mo\u017en\u00e1 ob\u010das zahlt\u00ed. Pokud uva\u017eujete o v\u00fduce arab\u0161tiny, bu\u010fte si jisti, \u017ee m\u00e1 tak\u00e9 jedine\u010dn\u00fd a slo\u017eit\u00fd gramatick\u00fd syst\u00e9m. Vydejme se tedy na kr\u00e1tkou, ale pou\u010dnou cestu po ko\u0159enech a kr\u00e1se arabsk\u00e9 gramatiky.<\/p>\n\n\n\n<p>Na za\u010d\u00e1tek si uve\u010fme n\u011bkter\u00e9 <strong>kl\u00ed\u010dov\u00e9 rozd\u00edly mezi arabskou a anglickou gramatikou.<\/strong> V arab\u0161tin\u011b se slova d\u011bl\u00ed do t\u0159\u00ed kategori\u00ed: podstatn\u00e1 jm\u00e9na, slovesa a \u010d\u00e1stice. Na rozd\u00edl od angli\u010dtiny se arabsk\u00e1 slova \u0159\u00edd\u00ed ko\u0159enov\u00fdm syst\u00e9mem, co\u017e znamen\u00e1, \u017ee m\u016f\u017eete vysledovat z\u00e1kladn\u00ed v\u00fdznam slova identifikac\u00ed jeho ko\u0159ene. Tento ko\u0159enov\u00fd syst\u00e9m d\u00e1v\u00e1 arab\u0161tin\u011b v\u00fdjime\u010dnou \u00farove\u0148 hloubky a bohatosti. Neuv\u011b\u0159iteln\u00e1 v\u011bc na arabsk\u00e9 gramatice je jej\u00ed z\u00e1vislost na vzorech, kter\u00e9 \u010dasto umo\u017e\u0148uj\u00ed mluv\u010d\u00edm vytv\u00e1\u0159et nov\u00e1 slova dodr\u017eov\u00e1n\u00edm ur\u010dit\u00fdch struktur.<\/p>\n\n\n\n<p>Dal\u0161\u00edm d\u016fle\u017eit\u00fdm aspektem <strong>arabsk\u00e9 gramatiky je skute\u010dnost, \u017ee se jedn\u00e1 o rodov\u00fd jazyk<\/strong>, co\u017e znamen\u00e1, \u017ee podstatn\u00e1 a p\u0159\u00eddavn\u00e1 jm\u00e9na maj\u00ed tvary specifick\u00e9 pro dan\u00fd rod. V\u011bd\u011bli jste, \u017ee arab\u0161tina m\u00e1 krom\u011b jednotn\u00e9ho a mno\u017en\u00e9ho \u010d\u00edsla dokonce i dvoj\u00ed formu? Je to pravda! Arabsk\u00e1 du\u00e1ln\u00ed forma se pou\u017e\u00edv\u00e1 k ozna\u010den\u00ed p\u00e1r\u016f, jako jsou o\u010di, ruce nebo rodi\u010de. P\u0159id\u00e1v\u00e1 dal\u0161\u00ed vrstvu specifi\u010dnosti, kterou anglick\u00fd jazyk postr\u00e1d\u00e1.<\/p>\n\n\n\n<p>Nyn\u00ed si probereme <strong>konjugaci sloves v arab\u0161tin\u011b<\/strong>, kter\u00e1 je <a href=\"https:\/\/talkpal.ai\/locations\/language-courses-in-sama\/\">sama<\/a> o sob\u011b zcela nov\u00fdm sv\u011btem. Arabsk\u00e1 slovesa jsou zalo\u017eena na syst\u00e9mu ko\u0159en\u016f, kter\u00e9 se obvykle skl\u00e1daj\u00ed ze t\u0159\u00ed z\u00e1kladn\u00edch souhl\u00e1sek. Ko\u0159en ur\u010duje z\u00e1kladn\u00ed v\u00fdznam slovesa a p\u0159id\u00e1n\u00edm samohl\u00e1skov\u00fdch vzor\u016f vytv\u00e1\u0159\u00edte r\u016fzn\u00e9 tvary slovesa vyjad\u0159uj\u00edc\u00ed r\u016fzn\u00e9 v\u00fdznamy a \u010dasy. Nap\u0159\u00edklad zm\u011bna samohl\u00e1sek v ko\u0159eni m\u016f\u017ee zm\u011bnit \u010das z minul\u00e9ho na p\u0159\u00edtomn\u00fd nebo zm\u011bnit aktivn\u00ed sloveso na pasivn\u00ed. Docela \u00fa\u017easn\u00e9, \u017ee?<\/p>\n\n\n\n<p>Dal\u0161\u00edm fascinuj\u00edc\u00edm aspektem arabsk\u00e9 gramatiky, o kter\u00e9m mus\u00edme mluvit, je <strong>ur\u010ditost<\/strong>. V angli\u010dtin\u011b pou\u017e\u00edv\u00e1me slovo &#8222;the&#8220; k ozna\u010den\u00ed ur\u010ditosti podstatn\u00e9ho jm\u00e9na. V arab\u0161tin\u011b je tento pojem zakotven v jazyce prost\u0159ednictv\u00edm mal\u00e9 \u010d\u00e1stice zvan\u00e9 &#8222;Al-&#8222;, kter\u00e1 se p\u0159id\u00e1v\u00e1 na za\u010d\u00e1tek slova. Pokud p\u0159ed podstatn\u00fdm jm\u00e9nem stoj\u00ed &#8222;Al-&#8222;, st\u00e1v\u00e1 se ur\u010dit\u00fdm bez dal\u0161\u00edch p\u0159\u00edvlastk\u016f. Tak\u017ee m\u00edsto &#8222;d\u016fm je velk\u00fd&#8220; byste v arab\u0161tin\u011b \u0159ekli &#8222;Al-baytu kabir&#8220;, kde &#8222;Al-baytu&#8220; znamen\u00e1 &#8222;d\u016fm&#8220;.<\/p>\n\n\n\n<p><strong>Konverza\u010dn\u00ed<\/strong> arab\u0161tina je dynami\u010dt\u011bj\u0161\u00ed a plynulej\u0161\u00ed ne\u017e form\u00e1ln\u00ed arab\u0161tina, stejn\u011b jako u ka\u017ed\u00e9ho jazyka. Zvl\u00e1dnut\u00ed z\u00e1kladn\u00edch princip\u016f arabsk\u00e9 gramatiky v\u0161ak z\u016fst\u00e1v\u00e1 z\u00e1sadn\u00ed pro skute\u010dn\u00e9 pochopen\u00ed a ocen\u011bn\u00ed jazyka. Jakmile se sezn\u00e1m\u00edte s ko\u0159enov\u00fdmi vzory, tvary rodu a \u010dasov\u00e1n\u00edm sloves, bude mnohem snaz\u0161\u00ed rozpozn\u00e1vat a u\u010dit se nov\u00e1 slova.<\/p>\n\n\n\n<p><strong>U\u010den\u00ed arabsk\u00e9 gramatiky<\/strong> se m\u016f\u017ee zpo\u010d\u00e1tku zd\u00e1t n\u00e1ro\u010dn\u00e9, ale s vytrvalost\u00ed a odhodl\u00e1n\u00edm budete schopni ocenit kr\u00e1su tohoto slo\u017eit\u00e9ho jazyka. Stejn\u011b jako p\u0159i \u0159e\u0161en\u00ed slo\u017eit\u00e9 h\u00e1danky nebo rozlu\u0161t\u011bn\u00ed za\u0161ifrovan\u00e9ho k\u00f3du spo\u010d\u00edv\u00e1 odm\u011bna v uspokojen\u00ed z odhalov\u00e1n\u00ed tajemstv\u00ed arabsk\u00e9ho jazyka a pono\u0159en\u00ed se do jeho bohat\u00e9 kultury, historie a literatury. Tak na co je\u0161t\u011b \u010dek\u00e1te? Pono\u0159te se do okouzluj\u00edc\u00edho sv\u011bta arabsk\u00e9 gramatiky a objevte jej\u00ed pravou podstatu na vlastn\u00ed k\u016f\u017ei.<\/p>\n<\/div><\/div>\n\r\n<section class=\"learnNavigationSection\">\r\n            \r\n        <a href=\"https:\/\/talkpal.ai\/cs\/naucte-se-arabsky\/\">\r\n            <div class=\"learnNavigationWrapper\">\r\n                <div class=\"learnNavigationContent\">\r\n                    <img decoding=\"async\" src=\"https:\/\/talkpal.ai\/wp-content\/uploads\/2024\/08\/Arabic.jpg\" alt=\"Arabic Flag\">\r\n                    <div>\r\n                        <h4>O studiu arab\u0161tiny<\/h4>\r\n                        <p>Zjist\u011bte v\u0161e o arabsk\u00e9 gramatice.<\/p>\r\n                    <\/div>\r\n                <\/div>\r\n            <\/div>\r\n        <\/a>\r\n\r\n        \r\n        <a href=\"https:\/\/talkpal.ai\/cs\/cviceni-na-arabskou-gramatiku\/\">\r\n            <div class=\"learnNavigationWrapper\">\r\n                <div class=\"learnNavigationContent\">\r\n                    <img decoding=\"async\" src=\"https:\/\/talkpal.ai\/wp-content\/uploads\/2024\/08\/Arabic.jpg\" alt=\"Arabic Flag\">\r\n                    <div>\r\n                        <h4>Cvi\u010den\u00ed z arabsk\u00e9 gramatiky<\/h4>\r\n                        <p>Procvi\u010dte si arabskou gramatiku.<\/p>\r\n                    <\/div>\r\n                <\/div>\r\n            <\/div>\r\n        <\/a>\r\n\r\n        \r\n        <a href=\"https:\/\/talkpal.ai\/vocabulary_language\/arabic\/\">\r\n            <div class=\"learnNavigationWrapper\">\r\n                <div class=\"learnNavigationContent\">\r\n                    <img decoding=\"async\" src=\"https:\/\/talkpal.ai\/wp-content\/uploads\/2024\/08\/Arabic.jpg\" alt=\"Arabic Flag\">\r\n                    <div>\r\n                        <h4>Arabsk\u00e1 slovn\u00ed z\u00e1soba<\/h4>\r\n                        <p>Roz\u0161i\u0159te si arabskou slovn\u00ed z\u00e1sobu.<\/p>\r\n                    <\/div>\r\n                <\/div>\r\n            <\/div>\r\n        <\/a>\r\n\r\n            <\/section>","protected":false},"excerpt":{"rendered":"<p>Slo\u017eitosti arabsk\u00e9 gramatiky: Cesta za jej\u00edmi ko\u0159eny a kr\u00e1sou Pamatujete si, kdy jste se poprv\u00e9 za\u010dali u\u010dit anglickou gramatiku? Zd\u00e1nliv\u011b nekone\u010dn\u00e1 pravidla, v\u00fdjimky a terminologie v\u00e1s mo\u017en\u00e1 ob\u010das zahlt\u00ed. Pokud uva\u017eujete o v\u00fduce arab\u0161tiny, bu\u010fte si jisti, \u017ee m\u00e1 tak\u00e9 jedine\u010dn\u00fd a slo\u017eit\u00fd gramatick\u00fd syst\u00e9m. Vydejme se tedy na kr\u00e1tkou, ale pou\u010dnou cestu po ko\u0159enech [&hellip;]<\/p>\n","protected":false},"author":1,"featured_media":105821,"parent":0,"menu_order":0,"comment_status":"closed","ping_status":"closed","template":"LearningContentPage.php","meta":{"_acf_changed":false,"footnotes":""},"class_list":["post-127901","page","type-page","status-publish","has-post-thumbnail","hentry"],"acf":[],"yoast_head":"<!-- This site is optimized with the Yoast SEO Premium plugin v27.2 (Yoast SEO v27.2) - https:\/\/yoast.com\/product\/yoast-seo-premium-wordpress\/ -->\n<title>Arabsk\u00e1 gramatika - Talkpal<\/title>\n<meta name=\"description\" content=\"Prozkoumejte slo\u017eitosti arabsk\u00e9 gramatiky a objevte jej\u00ed jedine\u010dnou strukturu ve srovn\u00e1n\u00ed s anglickou gramatikou.\" \/>\n<meta name=\"robots\" content=\"index, follow, max-snippet:-1, max-image-preview:large, max-video-preview:-1\" \/>\n<link rel=\"canonical\" href=\"https:\/\/talkpal.ai\/cs\/arabska-gramatika\/\" \/>\n<meta property=\"og:locale\" content=\"cs_CZ\" \/>\n<meta property=\"og:type\" content=\"article\" \/>\n<meta property=\"og:title\" content=\"Arabsk\u00e1 gramatika\" \/>\n<meta property=\"og:description\" content=\"Slo\u017eitosti arabsk\u00e9 gramatiky: Cesta za jej\u00edmi ko\u0159eny a kr\u00e1sou Pamatujete si, kdy jste se poprv\u00e9 za\u010dali u\u010dit anglickou gramatiku? Zd\u00e1nliv\u011b nekone\u010dn\u00e1\" \/>\n<meta property=\"og:url\" content=\"https:\/\/talkpal.ai\/cs\/arabska-gramatika\/\" \/>\n<meta property=\"og:site_name\" content=\"Talkpal\" \/>\n<meta property=\"article:publisher\" content=\"https:\/\/www.facebook.com\/profile.php?id=100090733639311\" \/>\n<meta property=\"article:modified_time\" content=\"2025-05-21T11:49:08+00:00\" \/>\n<meta property=\"og:image\" content=\"https:\/\/talkpal.ai\/wp-content\/uploads\/2023\/04\/arabic-united-arab-emirates.png\" \/>\n\t<meta property=\"og:image:width\" content=\"512\" \/>\n\t<meta property=\"og:image:height\" content=\"512\" \/>\n\t<meta property=\"og:image:type\" content=\"image\/png\" \/>\n<meta name=\"twitter:card\" content=\"summary_large_image\" \/>\n<meta name=\"twitter:site\" content=\"@talkpalai\" \/>\n<meta name=\"twitter:label1\" content=\"Odhadovan\u00e1 doba \u010dten\u00ed\" \/>\n\t<meta name=\"twitter:data1\" content=\"3 minuty\" \/>\n<script type=\"application\/ld+json\" class=\"yoast-schema-graph\">{\"@context\":\"https:\/\/schema.org\",\"@graph\":[{\"@type\":\"WebPage\",\"@id\":\"https:\/\/talkpal.ai\/cs\/arabska-gramatika\/\",\"url\":\"https:\/\/talkpal.ai\/cs\/arabska-gramatika\/\",\"name\":\"Arabsk\u00e1 gramatika - Talkpal\",\"isPartOf\":{\"@id\":\"https:\/\/talkpal.ai\/cs\/#website\"},\"primaryImageOfPage\":{\"@id\":\"https:\/\/talkpal.ai\/cs\/arabska-gramatika\/#primaryimage\"},\"image\":{\"@id\":\"https:\/\/talkpal.ai\/cs\/arabska-gramatika\/#primaryimage\"},\"thumbnailUrl\":\"https:\/\/talkpal.ai\/wp-content\/uploads\/2023\/04\/arabic-united-arab-emirates.png\",\"datePublished\":\"2023-05-14T13:43:38+00:00\",\"dateModified\":\"2025-05-21T11:49:08+00:00\",\"description\":\"Prozkoumejte slo\u017eitosti arabsk\u00e9 gramatiky a objevte jej\u00ed jedine\u010dnou strukturu ve srovn\u00e1n\u00ed s anglickou gramatikou.\",\"breadcrumb\":{\"@id\":\"https:\/\/talkpal.ai\/cs\/arabska-gramatika\/#breadcrumb\"},\"inLanguage\":\"cs\",\"potentialAction\":[{\"@type\":\"ReadAction\",\"target\":[\"https:\/\/talkpal.ai\/cs\/arabska-gramatika\/\"]}]},{\"@type\":\"ImageObject\",\"inLanguage\":\"cs\",\"@id\":\"https:\/\/talkpal.ai\/cs\/arabska-gramatika\/#primaryimage\",\"url\":\"https:\/\/talkpal.ai\/wp-content\/uploads\/2023\/04\/arabic-united-arab-emirates.png\",\"contentUrl\":\"https:\/\/talkpal.ai\/wp-content\/uploads\/2023\/04\/arabic-united-arab-emirates.png\",\"width\":512,\"height\":512},{\"@type\":\"BreadcrumbList\",\"@id\":\"https:\/\/talkpal.ai\/cs\/arabska-gramatika\/#breadcrumb\",\"itemListElement\":[{\"@type\":\"ListItem\",\"position\":1,\"name\":\"Homepage\",\"item\":\"https:\/\/talkpal.ai\/cs\/\"},{\"@type\":\"ListItem\",\"position\":2,\"name\":\"Arabsk\u00e1 gramatika\"}]},{\"@type\":\"WebSite\",\"@id\":\"https:\/\/talkpal.ai\/cs\/#website\",\"url\":\"https:\/\/talkpal.ai\/cs\/\",\"name\":\"Talkpal\",\"description\":\"AI Language Learning\",\"publisher\":{\"@id\":\"https:\/\/talkpal.ai\/cs\/#organization\"},\"alternateName\":\"Talkpal AI\",\"potentialAction\":[{\"@type\":\"SearchAction\",\"target\":{\"@type\":\"EntryPoint\",\"urlTemplate\":\"https:\/\/talkpal.ai\/cs\/?s={search_term_string}\"},\"query-input\":{\"@type\":\"PropertyValueSpecification\",\"valueRequired\":true,\"valueName\":\"search_term_string\"}}],\"inLanguage\":\"cs\"},{\"@type\":\"Organization\",\"@id\":\"https:\/\/talkpal.ai\/cs\/#organization\",\"name\":\"Talkpal, Inc.\",\"alternateName\":\"Talkpal AI\",\"url\":\"https:\/\/talkpal.ai\/cs\/\",\"logo\":{\"@type\":\"ImageObject\",\"inLanguage\":\"cs\",\"@id\":\"https:\/\/talkpal.ai\/cs\/#\/schema\/logo\/image\/\",\"url\":\"https:\/\/talkpal.ai\/wp-content\/uploads\/2024\/03\/Talkpal-Logo-Icon.png\",\"contentUrl\":\"https:\/\/talkpal.ai\/wp-content\/uploads\/2024\/03\/Talkpal-Logo-Icon.png\",\"width\":2880,\"height\":2880,\"caption\":\"Talkpal, Inc.\"},\"image\":{\"@id\":\"https:\/\/talkpal.ai\/cs\/#\/schema\/logo\/image\/\"},\"sameAs\":[\"https:\/\/www.facebook.com\/profile.php?id=100090733639311\",\"https:\/\/x.com\/talkpalai\",\"https:\/\/www.linkedin.com\/company\/talkpal\/\",\"https:\/\/www.youtube.com\/@TalkPal\/\",\"https:\/\/www.tiktok.com\/@talkpal\",\"https:\/\/www.instagram.com\/talkpal_ai\/\",\"https:\/\/www.crunchbase.com\/organization\/talkpal-9cde\",\"https:\/\/www.g2.com\/products\/talkpal-for-business\/\",\"https:\/\/www.trustpilot.com\/review\/talkpal.ai\",\"https:\/\/www.capterra.com\/p\/10006800\/TalkPal\/\"],\"description\":\"Talkpal is a language learning web and mobile education app, powered by the latest AI technologies, that provides engaging experiences to its customers in many different languages to help them improve their language skills. Users can chat about unlimited amount of topics with the app and use other modes to practice their language learning.\",\"email\":\"support@talkpal.ai\",\"legalName\":\"Talkpal, Inc.\",\"foundingDate\":\"2023-04-03\",\"duns\":\"118989042\",\"numberOfEmployees\":{\"@type\":\"QuantitativeValue\",\"minValue\":\"11\",\"maxValue\":\"50\"},\"publishingPrinciples\":\"https:\/\/talkpal.ai\/publishing-principles\/\",\"actionableFeedbackPolicy\":\"https:\/\/talkpal.ai\/actionable-feedback-policy\/\",\"correctionsPolicy\":\"https:\/\/talkpal.ai\/corrections-policy\/\",\"ethicsPolicy\":\"https:\/\/talkpal.ai\/ethics-policy\/\",\"diversityPolicy\":\"https:\/\/talkpal.ai\/diversity-policy\/\",\"diversityStaffingReport\":\"https:\/\/talkpal.ai\/diversity-policy\/\"}]}<\/script>\n<!-- \/ Yoast SEO Premium plugin. -->","yoast_head_json":{"title":"Arabsk\u00e1 gramatika - Talkpal","description":"Prozkoumejte slo\u017eitosti arabsk\u00e9 gramatiky a objevte jej\u00ed jedine\u010dnou strukturu ve srovn\u00e1n\u00ed s anglickou gramatikou.","robots":{"index":"index","follow":"follow","max-snippet":"max-snippet:-1","max-image-preview":"max-image-preview:large","max-video-preview":"max-video-preview:-1"},"canonical":"https:\/\/talkpal.ai\/cs\/arabska-gramatika\/","og_locale":"cs_CZ","og_type":"article","og_title":"Arabsk\u00e1 gramatika","og_description":"Slo\u017eitosti arabsk\u00e9 gramatiky: Cesta za jej\u00edmi ko\u0159eny a kr\u00e1sou Pamatujete si, kdy jste se poprv\u00e9 za\u010dali u\u010dit anglickou gramatiku? Zd\u00e1nliv\u011b nekone\u010dn\u00e1","og_url":"https:\/\/talkpal.ai\/cs\/arabska-gramatika\/","og_site_name":"Talkpal","article_publisher":"https:\/\/www.facebook.com\/profile.php?id=100090733639311","article_modified_time":"2025-05-21T11:49:08+00:00","og_image":[{"width":512,"height":512,"url":"https:\/\/talkpal.ai\/wp-content\/uploads\/2023\/04\/arabic-united-arab-emirates.png","type":"image\/png"}],"twitter_card":"summary_large_image","twitter_site":"@talkpalai","twitter_misc":{"Odhadovan\u00e1 doba \u010dten\u00ed":"3 minuty"},"schema":{"@context":"https:\/\/schema.org","@graph":[{"@type":"WebPage","@id":"https:\/\/talkpal.ai\/cs\/arabska-gramatika\/","url":"https:\/\/talkpal.ai\/cs\/arabska-gramatika\/","name":"Arabsk\u00e1 gramatika - Talkpal","isPartOf":{"@id":"https:\/\/talkpal.ai\/cs\/#website"},"primaryImageOfPage":{"@id":"https:\/\/talkpal.ai\/cs\/arabska-gramatika\/#primaryimage"},"image":{"@id":"https:\/\/talkpal.ai\/cs\/arabska-gramatika\/#primaryimage"},"thumbnailUrl":"https:\/\/talkpal.ai\/wp-content\/uploads\/2023\/04\/arabic-united-arab-emirates.png","datePublished":"2023-05-14T13:43:38+00:00","dateModified":"2025-05-21T11:49:08+00:00","description":"Prozkoumejte slo\u017eitosti arabsk\u00e9 gramatiky a objevte jej\u00ed jedine\u010dnou strukturu ve srovn\u00e1n\u00ed s anglickou gramatikou.","breadcrumb":{"@id":"https:\/\/talkpal.ai\/cs\/arabska-gramatika\/#breadcrumb"},"inLanguage":"cs","potentialAction":[{"@type":"ReadAction","target":["https:\/\/talkpal.ai\/cs\/arabska-gramatika\/"]}]},{"@type":"ImageObject","inLanguage":"cs","@id":"https:\/\/talkpal.ai\/cs\/arabska-gramatika\/#primaryimage","url":"https:\/\/talkpal.ai\/wp-content\/uploads\/2023\/04\/arabic-united-arab-emirates.png","contentUrl":"https:\/\/talkpal.ai\/wp-content\/uploads\/2023\/04\/arabic-united-arab-emirates.png","width":512,"height":512},{"@type":"BreadcrumbList","@id":"https:\/\/talkpal.ai\/cs\/arabska-gramatika\/#breadcrumb","itemListElement":[{"@type":"ListItem","position":1,"name":"Homepage","item":"https:\/\/talkpal.ai\/cs\/"},{"@type":"ListItem","position":2,"name":"Arabsk\u00e1 gramatika"}]},{"@type":"WebSite","@id":"https:\/\/talkpal.ai\/cs\/#website","url":"https:\/\/talkpal.ai\/cs\/","name":"Talkpal","description":"AI Language Learning","publisher":{"@id":"https:\/\/talkpal.ai\/cs\/#organization"},"alternateName":"Talkpal AI","potentialAction":[{"@type":"SearchAction","target":{"@type":"EntryPoint","urlTemplate":"https:\/\/talkpal.ai\/cs\/?s={search_term_string}"},"query-input":{"@type":"PropertyValueSpecification","valueRequired":true,"valueName":"search_term_string"}}],"inLanguage":"cs"},{"@type":"Organization","@id":"https:\/\/talkpal.ai\/cs\/#organization","name":"Talkpal, Inc.","alternateName":"Talkpal AI","url":"https:\/\/talkpal.ai\/cs\/","logo":{"@type":"ImageObject","inLanguage":"cs","@id":"https:\/\/talkpal.ai\/cs\/#\/schema\/logo\/image\/","url":"https:\/\/talkpal.ai\/wp-content\/uploads\/2024\/03\/Talkpal-Logo-Icon.png","contentUrl":"https:\/\/talkpal.ai\/wp-content\/uploads\/2024\/03\/Talkpal-Logo-Icon.png","width":2880,"height":2880,"caption":"Talkpal, Inc."},"image":{"@id":"https:\/\/talkpal.ai\/cs\/#\/schema\/logo\/image\/"},"sameAs":["https:\/\/www.facebook.com\/profile.php?id=100090733639311","https:\/\/x.com\/talkpalai","https:\/\/www.linkedin.com\/company\/talkpal\/","https:\/\/www.youtube.com\/@TalkPal\/","https:\/\/www.tiktok.com\/@talkpal","https:\/\/www.instagram.com\/talkpal_ai\/","https:\/\/www.crunchbase.com\/organization\/talkpal-9cde","https:\/\/www.g2.com\/products\/talkpal-for-business\/","https:\/\/www.trustpilot.com\/review\/talkpal.ai","https:\/\/www.capterra.com\/p\/10006800\/TalkPal\/"],"description":"Talkpal is a language learning web and mobile education app, powered by the latest AI technologies, that provides engaging experiences to its customers in many different languages to help them improve their language skills. Users can chat about unlimited amount of topics with the app and use other modes to practice their language learning.","email":"support@talkpal.ai","legalName":"Talkpal, Inc.","foundingDate":"2023-04-03","duns":"118989042","numberOfEmployees":{"@type":"QuantitativeValue","minValue":"11","maxValue":"50"},"publishingPrinciples":"https:\/\/talkpal.ai\/publishing-principles\/","actionableFeedbackPolicy":"https:\/\/talkpal.ai\/actionable-feedback-policy\/","correctionsPolicy":"https:\/\/talkpal.ai\/corrections-policy\/","ethicsPolicy":"https:\/\/talkpal.ai\/ethics-policy\/","diversityPolicy":"https:\/\/talkpal.ai\/diversity-policy\/","diversityStaffingReport":"https:\/\/talkpal.ai\/diversity-policy\/"}]}},"_links":{"self":[{"href":"https:\/\/talkpal.ai\/cs\/wp-json\/wp\/v2\/pages\/127901","targetHints":{"allow":["GET"]}}],"collection":[{"href":"https:\/\/talkpal.ai\/cs\/wp-json\/wp\/v2\/pages"}],"about":[{"href":"https:\/\/talkpal.ai\/cs\/wp-json\/wp\/v2\/types\/page"}],"author":[{"embeddable":true,"href":"https:\/\/talkpal.ai\/cs\/wp-json\/wp\/v2\/users\/1"}],"replies":[{"embeddable":true,"href":"https:\/\/talkpal.ai\/cs\/wp-json\/wp\/v2\/comments?post=127901"}],"version-history":[{"count":0,"href":"https:\/\/talkpal.ai\/cs\/wp-json\/wp\/v2\/pages\/127901\/revisions"}],"wp:featuredmedia":[{"embeddable":true,"href":"https:\/\/talkpal.ai\/cs\/wp-json\/wp\/v2\/media\/105821"}],"wp:attachment":[{"href":"https:\/\/talkpal.ai\/cs\/wp-json\/wp\/v2\/media?parent=127901"}],"curies":[{"name":"wp","href":"https:\/\/api.w.org\/{rel}","templated":true}]}}